{"id":23151,"date":"2024-01-09T15:51:55","date_gmt":"2024-01-09T15:51:55","guid":{"rendered":"http:\/\/rucashk.com\/?post_type=product&#038;p=23151"},"modified":"2024-03-11T07:41:07","modified_gmt":"2024-03-11T07:41:07","slug":"huawei-p30-pro","status":"publish","type":"product","link":"https:\/\/www.rucashk.com\/pt\/produto\/huawei-p30-pro\/","title":{"rendered":"Huawei P30 Pro"},"content":{"rendered":"<h3 style=\"text-align: center\">Huawei P30 Pro<\/h3>\n<p><img fetchpriority=\"high\" decoding=\"async\" class=\"aligncenter\" src=\"\/wp-content\/uploads\/replace\/a5e1e26dc8d739fa0eeb9e5f2e9f205b.jpeg\" alt=\"Huawei\u00a0P30 Pro\" width=\"930\" height=\"660\" \/><\/p>\n<p><img decoding=\"async\" class=\"aligncenter\" src=\"\/wp-content\/uploads\/replace\/78789573b83e31f7fdf0749122ebcdf9.jpeg\" alt=\"Huawei\u00a0P30 Pro\" width=\"930\" height=\"441\" \/><img decoding=\"async\" class=\"aligncenter\" src=\"\/wp-content\/uploads\/replace\/539247abaed59c7186891c216235b6df.jpeg\" alt=\"Huawei\u00a0P30 Pro\" width=\"930\" height=\"442\" \/><img loading=\"lazy\" decoding=\"async\" class=\"aligncenter\" src=\"\/wp-content\/uploads\/replace\/257a44bd7b9a9e2f33eedda903331979.jpeg\" alt=\"Huawei\u00a0P30 Pro\" width=\"930\" height=\"440\" \/><img loading=\"lazy\" decoding=\"async\" class=\"aligncenter\" src=\"\/wp-content\/uploads\/replace\/1373f70b37b7ba67994bde406c02df36.jpeg\" alt=\"Huawei\u00a0P30 Pro\" width=\"930\" height=\"437\" \/><img loading=\"lazy\" decoding=\"async\" class=\"aligncenter\" src=\"\/wp-content\/uploads\/replace\/d65e2212113e9a0d9371be6b97ed6e88.jpeg\" alt=\"Huawei\u00a0P30 Pro\" width=\"930\" height=\"436\" \/><img loading=\"lazy\" decoding=\"async\" class=\"aligncenter\" src=\"\/wp-content\/uploads\/replace\/f1571ca24a4479d770e20761e8888364.jpeg\" alt=\"Huawei\u00a0P30 Pro\" width=\"930\" height=\"456\" \/><img loading=\"lazy\" decoding=\"async\" class=\"aligncenter\" src=\"\/wp-content\/uploads\/replace\/d1016be943bb0b78a8275a81a50cf120.jpeg\" alt=\"Huawei\u00a0P30 Pro\" width=\"930\" height=\"439\" \/><\/p>\n<p><img loading=\"lazy\" decoding=\"async\" class=\"aligncenter\" src=\"\/wp-content\/uploads\/replace\/a72647b84027026a6628e43d5fb5ff2e.jpeg\" alt=\"Huawei\u00a0P30 Pro\" width=\"930\" height=\"439\" \/><img decoding=\"async\" class=\"aligncenter\" src=\"\/wp-content\/uploads\/replace\/2b8374725166a20bd5fd53a850a80426.jpeg\" alt=\"TIM20190411125657_\" \/><img loading=\"lazy\" decoding=\"async\" class=\"aligncenter\" src=\"\/wp-content\/uploads\/replace\/57d54f9a9036b6d09cc4489a8ddb98c6.jpeg\" alt=\"Huawei\u00a0P30 Pro\" width=\"930\" height=\"599\" \/><img loading=\"lazy\" decoding=\"async\" class=\"aligncenter\" src=\"\/wp-content\/uploads\/replace\/c6ede38a411f027a25f3297ec488e788.jpeg\" alt=\"Huawei\u00a0P30 Pro\" width=\"930\" height=\"440\" \/><img loading=\"lazy\" decoding=\"async\" class=\"aligncenter\" src=\"\/wp-content\/uploads\/replace\/ad84d2b5cadc96b2c2f7eb678a4b17cc.jpeg\" alt=\"Huawei\u00a0P30 Pro\" width=\"930\" height=\"418\" \/><img loading=\"lazy\" decoding=\"async\" class=\"aligncenter\" src=\"\/wp-content\/uploads\/replace\/b55fe64e8d18fbb0a9f603c74fe059d3.jpeg\" alt=\"Huawei\u00a0P30 Pro\" width=\"930\" height=\"408\" \/><img loading=\"lazy\" decoding=\"async\" class=\"aligncenter\" src=\"\/wp-content\/uploads\/replace\/3934275d0b4c29f9016de6468be6954e.jpeg\" alt=\"Huawei\u00a0P30 Pro\" width=\"930\" height=\"820\" \/><img loading=\"lazy\" decoding=\"async\" class=\"aligncenter\" src=\"\/wp-content\/uploads\/replace\/0e75036107b7e26692b306c1648b57b3.jpeg\" alt=\"Huawei\u00a0P30 Pro\" width=\"930\" height=\"439\" \/><img loading=\"lazy\" decoding=\"async\" class=\"aligncenter\" src=\"\/wp-content\/uploads\/replace\/6bf1ad80e24f035c837e10e6b98fd234.jpeg\" alt=\"Huawei\u00a0P30 Pro\" width=\"933\" height=\"618\" \/><img loading=\"lazy\" decoding=\"async\" class=\"aligncenter\" src=\"\/wp-content\/uploads\/replace\/66e4b8638247ebbbd46775a1f2cf81f2.jpeg\" alt=\"Huawei\u00a0P30 Pro\" width=\"930\" height=\"620\" \/><img loading=\"lazy\" decoding=\"async\" class=\"aligncenter\" src=\"\/wp-content\/uploads\/replace\/32e72d6444db41db975088151b4cb203.jpeg\" alt=\"Huawei\u00a0P30 Pro\" width=\"930\" height=\"616\" \/><img loading=\"lazy\" decoding=\"async\" class=\"aligncenter\" src=\"\/wp-content\/uploads\/replace\/99129f4e690240fad8252b76cd5bfd0a.jpeg\" alt=\"Huawei\u00a0P30 Pro\" width=\"930\" height=\"618\" \/><img loading=\"lazy\" decoding=\"async\" class=\"aligncenter\" src=\"\/wp-content\/uploads\/replace\/ef0b82fe102a079aa3ee372e58b991ac.jpeg\" alt=\"Huawei\u00a0P30 Pro\" width=\"930\" height=\"754\" \/><\/p>\n<p>&nbsp;<\/p>\n<p><img alt=\"Huawei\u00a0P30 Pro\" \/><\/p>\n<p>&nbsp;<\/p>\n<p>&nbsp;<\/p>\n<p><strong>Descri\u00e7\u00e3o do produto<\/strong><\/p>\n<p>&nbsp;<\/p>\n<p>&nbsp;<\/p>\n<table>\n<tbody>\n<tr>\n<td>Modelo<\/td>\n<td><span style=\"color: #ff0000\"><a class=\"\" style=\"width: auto !important\" href=\"https:\/\/www.rucashk.com\/pt\/produto\/huawei-p40-pro\/\" data-wpil-post-to-id=\"5675\">Huawei P30 pr\u00f3<\/a><\/span><\/td>\n<\/tr>\n<tr>\n<td rowspan=\"3\">Banda (Rede)<\/td>\n<td>2G GSM:B2\/B3\/B5\/B8(850\/900\/1800\/1900 MHz) CDMA:BC0<\/td>\n<\/tr>\n<tr>\n<td>3G:UMTS(WCDMA)\/HSPA+\/DC-HSDPA:B1\/B2\/B4\/B5\/B6\/B8\/B19<\/p>\n<p>TD-SCDMA:B34\/B39<\/td>\n<\/tr>\n<tr>\n<td>4G:FDD-LTE:B1\/B2\/B3\/B4\/B5\/B6\/B7\/B8\/B9\/B12\/B17\/B18\/B19\/B20\/B26MHz<\/p>\n<p>TD-LTE:B34\/B38\/B39\/B40\/B41(2535-2655MHz)<\/td>\n<\/tr>\n<tr>\n<td><\/td>\n<td><\/td>\n<\/tr>\n<tr>\n<td>Cor<\/td>\n<td>Salar de Uyuni (espelho do c\u00e9u), preto, laranja, crep\u00fasculo, branco p\u00e9rola<\/td>\n<\/tr>\n<tr>\n<td>cart\u00e3o SIM<\/td>\n<td>Slot duplo para cart\u00e3o duplo<\/td>\n<\/tr>\n<tr>\n<td>SO<\/td>\n<td>Android 9.0<\/td>\n<\/tr>\n<tr>\n<td>CPU<\/td>\n<td>Kirin980 <a class=\"\" style=\"width: auto !important\" href=\"https:\/\/www.rucashk.com\/pt\/produto\/mi-mix-3-snapdragon-855-octa-core-5g-smartphone\/\" data-wpil-post-to-id=\"1703\">N\u00facleo octa<\/a><\/td>\n<\/tr>\n<tr>\n<td>GPU<\/td>\n<td><span style=\"color: #000000\">Mali G76 720 MHz<\/span><\/td>\n<\/tr>\n<tr>\n<td>BATER<\/td>\n<td>8GB<\/td>\n<\/tr>\n<tr>\n<td>ROM<\/td>\n<td>128\/256\/512 GB (Observa\u00e7\u00e3o: a capacidade de mem\u00f3ria dispon\u00edvel \u00e9 menor devido ao espa\u00e7o ocupado pelo software do telefone)<\/td>\n<\/tr>\n<tr>\n<td>Extens\u00e3o do cart\u00e3o<\/td>\n<td>At\u00e9 256 GB<\/td>\n<\/tr>\n<tr>\n<td>C\u00e2mera<\/td>\n<td>C\u00e2meras: C\u00e2mera frontal: 32,0 MP C\u00e2mera traseira: 40,0 MP + 20,0 MP + 8,0 MP + ToF e foco autom\u00e1tico<\/td>\n<\/tr>\n<tr>\n<td>Tamanho de exibi\u00e7\u00e3o<\/td>\n<td>6,47 polegadas<\/td>\n<\/tr>\n<tr>\n<td>Tipo<\/td>\n<td>OLED, tela capacitiva, toque multiponto<\/td>\n<\/tr>\n<tr>\n<td>Resolu\u00e7\u00e3o<\/td>\n<td>2340*1080 pixelsFHD<\/td>\n<\/tr>\n<tr>\n<td colspan=\"2\">Formato de suporte<\/td>\n<\/tr>\n<tr>\n<td>Formato de arquivo de \u00e1udio<\/td>\n<td>MP3\/AAC etc.<\/td>\n<\/tr>\n<tr>\n<td>Formato de arquivo de v\u00eddeo<\/td>\n<td>MOV\/MP4 etc.<\/td>\n<\/tr>\n<tr>\n<td>Formato de arquivo de imagem<\/td>\n<td>JPEG etc<\/td>\n<\/tr>\n<tr>\n<td><\/td>\n<td><\/td>\n<\/tr>\n<tr>\n<td>Radio FM<\/td>\n<td><span style=\"color: #000000\">Somente FM on-line<\/span><\/td>\n<\/tr>\n<tr>\n<td>Porta de fone de ouvido<\/td>\n<td>3,5 mm<\/td>\n<\/tr>\n<tr>\n<td>Transfer\u00eancia de dados<\/td>\n<td>Tipo C\/BT5.0<\/td>\n<\/tr>\n<tr>\n<td>Mensagem<\/td>\n<td>SMS\/MMS<\/td>\n<\/tr>\n<tr>\n<td>Entrada<\/td>\n<td>Escrita manual\/teclado<\/td>\n<\/tr>\n<tr>\n<td>televis\u00e3o<\/td>\n<td>N0<\/td>\n<\/tr>\n<tr>\n<td>GPS<\/td>\n<td>Sim, embutido.<\/td>\n<\/tr>\n<tr>\n<td>WI-FI<\/td>\n<td>Sim, 802.11 a\/b\/g\/n\/ac 2,4 GHz\/5 GHz<\/td>\n<\/tr>\n<tr>\n<td>Dimens\u00f5es<\/td>\n<td>158,00 mm \u00d7 73,40 mm \u00d7 8,41 mm<\/td>\n<\/tr>\n<tr>\n<td>Peso l\u00edquido<\/td>\n<td>192g<\/td>\n<\/tr>\n<tr>\n<td>Bateria<\/td>\n<td>4200mAh (Mini 4100mAh)<\/td>\n<\/tr>\n<tr>\n<td>Tempo de espera<\/td>\n<td>acumulando para usar o tempo<\/td>\n<\/tr>\n<tr>\n<td rowspan=\"2\">Outro recurso<\/td>\n<td>4G, WIFI, Bluetooth, e-mail, mensagens, sensor G, OTG, carregador r\u00e1pido, NFC, etc.<\/td>\n<\/tr>\n<tr>\n<td>Pap\u00e9is de parede, calend\u00e1rio, calculadora, rel\u00f3gio, c\u00e2mera, Play-store, etc.<\/td>\n<\/tr>\n<tr>\n<td>Linguagem<\/td>\n<td>Suporte a v\u00e1rios idiomas<\/td>\n<\/tr>\n<tr>\n<td>conte\u00fado do pacote<\/td>\n<td>1 x cabo USB<\/p>\n<p>1 x carregador (plugue dos EUA e adaptadores UE\/Reino Unido\/AU dispon\u00edveis)<\/p>\n<p>1 x telefone<\/p>\n<p>1 x manual do usu\u00e1rio (chin\u00eas)<\/td>\n<\/tr>\n<\/tbody>\n<\/table>","protected":false},"excerpt":{"rendered":"<p><span data-spm-anchor-id=\"a2g0o.detail.1000023.i0.3b2b5115hILX7y\">100% Garantia Original Huawei Celular<\/span><\/p>\n<p>Kirin 980\u00a0Octa Core, Android 9.1<br \/>\n8GB RAM\u00a0128GB ROM, \u00a0Support extra NM\u00a0memory card to 256GB<\/p>\n<p>6.47 inch FHD 2310&#215;1080<br \/>\nBattery: 4200mAh\u00a0\u00a0\u00a0lithium-ion<br \/>\nCameras Front 32.0MP\u00a0Back 40.0MP+20.0MP+8.0MP+TOF Camera<\/p>","protected":false},"featured_media":23239,"template":"","meta":[],"product_brand":[],"product_cat":[1345,1295,1322],"product_tag":[588,477],"class_list":{"0":"post-23151","1":"product","2":"type-product","3":"status-publish","4":"has-post-thumbnail","6":"product_cat-huawei-other-a-brands","7":"product_cat-mobile-phone","8":"product_cat-other-a-brands","9":"product_tag-huawei","10":"product_tag-phone","12":"first","13":"instock","14":"shipping-taxable","15":"product-type-external"},"aioseo_notices":[],"aioseo_head":"\n\t\t<!-- All in One SEO Pro 4.5.9.2 - aioseo.com -->\n\t\t<meta name=\"description\" content=\"100% Guarantee Original HuaWei Mobile Phone Kirin 980 Octa Core, Android 9.1 8GB RAM 128GB ROM, Support extra NM memory card to 256GB 6.47 inch FHD 2310x1080 Battery: 4200mAh lithium-ion Cameras Front 32.0MP Back 40.0MP+20.0MP+8.0MP+TOF Camera\" \/>\n\t\t<meta name=\"robots\" content=\"max-image-preview:large\" \/>\n\t\t<link rel=\"canonical\" href=\"https:\/\/www.rucashk.com\/pt\/produto\/huawei-p30-pro\/\" \/>\n\t\t<meta name=\"generator\" content=\"All in One SEO Pro (AIOSEO) 4.5.9.2\" \/>\n\t\t<meta property=\"og:locale\" content=\"pt_PT\" \/>\n\t\t<meta property=\"og:site_name\" content=\"Rucas - One-stop AIoT Distribution Worldwide\" \/>\n\t\t<meta property=\"og:type\" content=\"article\" \/>\n\t\t<meta property=\"og:title\" content=\"Huawei P30 Pro - Rucas - Wholesale and Distribution\" \/>\n\t\t<meta property=\"og:description\" content=\"100% Guarantee Original HuaWei Mobile Phone Kirin 980 Octa Core, Android 9.1 8GB RAM 128GB ROM, Support extra NM memory card to 256GB 6.47 inch FHD 2310x1080 Battery: 4200mAh lithium-ion Cameras Front 32.0MP Back 40.0MP+20.0MP+8.0MP+TOF Camera\" \/>\n\t\t<meta property=\"og:url\" content=\"https:\/\/www.rucashk.com\/pt\/produto\/huawei-p30-pro\/\" \/>\n\t\t<meta property=\"og:image\" content=\"https:\/\/www.rucashk.com\/wp-content\/uploads\/replace\/503b8e645f128a97ccde2b6290747646.jpeg\" \/>\n\t\t<meta property=\"og:image:secure_url\" content=\"https:\/\/www.rucashk.com\/wp-content\/uploads\/replace\/503b8e645f128a97ccde2b6290747646.jpeg\" \/>\n\t\t<meta property=\"og:image:width\" content=\"1456\" \/>\n\t\t<meta property=\"og:image:height\" content=\"816\" \/>\n\t\t<meta property=\"article:published_time\" content=\"2024-01-09T15:51:55+00:00\" \/>\n\t\t<meta property=\"article:modified_time\" content=\"2024-03-11T07:41:07+00:00\" \/>\n\t\t<meta name=\"twitter:card\" content=\"summary_large_image\" \/>\n\t\t<meta name=\"twitter:title\" content=\"Huawei P30 Pro - Rucas - Wholesale and Distribution\" \/>\n\t\t<meta name=\"twitter:description\" content=\"100% Guarantee Original HuaWei Mobile Phone Kirin 980 Octa Core, Android 9.1 8GB RAM 128GB ROM, Support extra NM memory card to 256GB 6.47 inch FHD 2310x1080 Battery: 4200mAh lithium-ion Cameras Front 32.0MP Back 40.0MP+20.0MP+8.0MP+TOF Camera\" \/>\n\t\t<meta name=\"twitter:image\" content=\"https:\/\/www.rucashk.com\/wp-content\/uploads\/replace\/503b8e645f128a97ccde2b6290747646.jpeg\" \/>\n\t\t<script type=\"application\/ld+json\" class=\"aioseo-schema\">\n\t\t\t{\"@context\":\"https:\\\/\\\/schema.org\",\"@graph\":[{\"@type\":\"BreadcrumbList\",\"@id\":\"https:\\\/\\\/www.rucashk.com\\\/pt\\\/produto\\\/huawei-p30-pro\\\/#breadcrumblist\",\"itemListElement\":[{\"@type\":\"ListItem\",\"@id\":\"https:\\\/\\\/www.rucashk.com\\\/pt\\\/#listItem\",\"position\":1,\"name\":\"Home\",\"item\":\"https:\\\/\\\/www.rucashk.com\\\/pt\\\/\",\"nextItem\":\"https:\\\/\\\/www.rucashk.com\\\/pt\\\/produto\\\/huawei-p30-pro\\\/#listItem\"},{\"@type\":\"ListItem\",\"@id\":\"https:\\\/\\\/www.rucashk.com\\\/pt\\\/produto\\\/huawei-p30-pro\\\/#listItem\",\"position\":2,\"name\":\"Huawei\\u00a0P30 Pro\",\"previousItem\":\"https:\\\/\\\/www.rucashk.com\\\/pt\\\/#listItem\"}]},{\"@type\":\"Organization\",\"@id\":\"https:\\\/\\\/www.rucashk.com\\\/pt\\\/#organization\",\"name\":\"Rucas\",\"url\":\"https:\\\/\\\/www.rucashk.com\\\/pt\\\/\",\"logo\":{\"@type\":\"ImageObject\",\"url\":\"https:\\\/\\\/www.rucashk.com\\\/wp-content\\\/uploads\\\/2023\\\/12\\\/Rucas_campany_logo.png\",\"@id\":\"https:\\\/\\\/www.rucashk.com\\\/pt\\\/produto\\\/huawei-p30-pro\\\/#organizationLogo\",\"width\":221,\"height\":65},\"image\":{\"@id\":\"https:\\\/\\\/www.rucashk.com\\\/pt\\\/#organizationLogo\"}},{\"@type\":\"Person\",\"@id\":\"https:\\\/\\\/www.rucashk.com\\\/pt\\\/author\\\/admin\\\/#author\",\"url\":\"https:\\\/\\\/www.rucashk.com\\\/pt\\\/author\\\/admin\\\/\",\"name\":\"admin\",\"image\":{\"@type\":\"ImageObject\",\"@id\":\"https:\\\/\\\/www.rucashk.com\\\/pt\\\/produto\\\/huawei-p30-pro\\\/#authorImage\",\"url\":\"https:\\\/\\\/secure.gravatar.com\\\/avatar\\\/b7c8925b09a27e72b30232f8ecaadbd5af0f70a38c78096863fe51b64f031c24?s=96&d=mm&r=g\",\"width\":96,\"height\":96,\"caption\":\"admin\"}},{\"@type\":\"WebPage\",\"@id\":\"https:\\\/\\\/www.rucashk.com\\\/pt\\\/produto\\\/huawei-p30-pro\\\/#webpage\",\"url\":\"https:\\\/\\\/www.rucashk.com\\\/pt\\\/produto\\\/huawei-p30-pro\\\/\",\"name\":\"Huawei P30 Pro - Rucas - Wholesale and Distribution\",\"description\":\"100% Guarantee Original HuaWei Mobile Phone Kirin 980 Octa Core, Android 9.1 8GB RAM 128GB ROM, Support extra NM memory card to 256GB 6.47 inch FHD 2310x1080 Battery: 4200mAh lithium-ion Cameras Front 32.0MP Back 40.0MP+20.0MP+8.0MP+TOF Camera\",\"inLanguage\":\"pt-PT\",\"isPartOf\":{\"@id\":\"https:\\\/\\\/www.rucashk.com\\\/pt\\\/#website\"},\"breadcrumb\":{\"@id\":\"https:\\\/\\\/www.rucashk.com\\\/pt\\\/produto\\\/huawei-p30-pro\\\/#breadcrumblist\"},\"author\":{\"@id\":\"https:\\\/\\\/www.rucashk.com\\\/pt\\\/author\\\/admin\\\/#author\"},\"creator\":{\"@id\":\"https:\\\/\\\/www.rucashk.com\\\/pt\\\/author\\\/admin\\\/#author\"},\"image\":{\"@type\":\"ImageObject\",\"url\":\"https:\\\/\\\/www.rucashk.com\\\/wp-content\\\/uploads\\\/2024\\\/01\\\/huawei-p30-pro.jpg\",\"@id\":\"https:\\\/\\\/www.rucashk.com\\\/pt\\\/produto\\\/huawei-p30-pro\\\/#mainImage\",\"width\":800,\"height\":800},\"primaryImageOfPage\":{\"@id\":\"https:\\\/\\\/www.rucashk.com\\\/pt\\\/produto\\\/huawei-p30-pro\\\/#mainImage\"},\"datePublished\":\"2024-01-09T15:51:55+00:00\",\"dateModified\":\"2024-03-11T07:41:07+00:00\"},{\"@type\":\"WebSite\",\"@id\":\"https:\\\/\\\/www.rucashk.com\\\/pt\\\/#website\",\"url\":\"https:\\\/\\\/www.rucashk.com\\\/pt\\\/\",\"name\":\"Rucas - Wholesale and distribution worldwide\",\"alternateName\":\"Rucas - One-stop AIoT Distribution Worldwide\",\"description\":\"One-stop AIoT Distribution Worldwide\",\"inLanguage\":\"pt-PT\",\"publisher\":{\"@id\":\"https:\\\/\\\/www.rucashk.com\\\/pt\\\/#organization\"}}]}\n\t\t<\/script>\n\t\t<!-- All in One SEO Pro -->\r\n\t\t<title>Huawei P30 Pro - Rucas - Wholesale and Distribution<\/title>\n\n","aioseo_head_json":{"title":"Huawei P30 Pro - Rucas - Wholesale and Distribution","description":"100% Guarantee Original HuaWei Mobile Phone Kirin 980 Octa Core, Android 9.1 8GB RAM 128GB ROM, Support extra NM memory card to 256GB 6.47 inch FHD 2310x1080 Battery: 4200mAh lithium-ion Cameras Front 32.0MP Back 40.0MP+20.0MP+8.0MP+TOF Camera","canonical_url":"https:\/\/www.rucashk.com\/pt\/produto\/huawei-p30-pro\/","robots":"max-image-preview:large","keywords":"","webmasterTools":{"miscellaneous":""},"og:locale":"pt_PT","og:site_name":"Rucas - One-stop AIoT Distribution Worldwide","og:type":"article","og:title":"Huawei P30 Pro - Rucas - Wholesale and Distribution","og:description":"100% Guarantee Original HuaWei Mobile Phone Kirin 980 Octa Core, Android 9.1 8GB RAM 128GB ROM, Support extra NM memory card to 256GB 6.47 inch FHD 2310x1080 Battery: 4200mAh lithium-ion Cameras Front 32.0MP Back 40.0MP+20.0MP+8.0MP+TOF Camera","og:url":"https:\/\/www.rucashk.com\/pt\/produto\/huawei-p30-pro\/","og:image":"https:\/\/www.rucashk.com\/wp-content\/uploads\/replace\/503b8e645f128a97ccde2b6290747646.jpeg","og:image:secure_url":"https:\/\/www.rucashk.com\/wp-content\/uploads\/replace\/503b8e645f128a97ccde2b6290747646.jpeg","og:image:width":1456,"og:image:height":816,"article:published_time":"2024-01-09T15:51:55+00:00","article:modified_time":"2024-03-11T07:41:07+00:00","twitter:card":"summary_large_image","twitter:title":"Huawei P30 Pro - Rucas - Wholesale and Distribution","twitter:description":"100% Guarantee Original HuaWei Mobile Phone Kirin 980 Octa Core, Android 9.1 8GB RAM 128GB ROM, Support extra NM memory card to 256GB 6.47 inch FHD 2310x1080 Battery: 4200mAh lithium-ion Cameras Front 32.0MP Back 40.0MP+20.0MP+8.0MP+TOF Camera","twitter:image":"https:\/\/www.rucashk.com\/wp-content\/uploads\/replace\/503b8e645f128a97ccde2b6290747646.jpeg","schema":{"@context":"https:\/\/schema.org","@graph":[{"@type":"BreadcrumbList","@id":"https:\/\/www.rucashk.com\/pt\/produto\/huawei-p30-pro\/#breadcrumblist","itemListElement":[{"@type":"ListItem","@id":"https:\/\/www.rucashk.com\/pt\/#listItem","position":1,"name":"Home","item":"https:\/\/www.rucashk.com\/pt\/","nextItem":"https:\/\/www.rucashk.com\/pt\/produto\/huawei-p30-pro\/#listItem"},{"@type":"ListItem","@id":"https:\/\/www.rucashk.com\/pt\/produto\/huawei-p30-pro\/#listItem","position":2,"name":"Huawei\u00a0P30 Pro","previousItem":"https:\/\/www.rucashk.com\/pt\/#listItem"}]},{"@type":"Organization","@id":"https:\/\/www.rucashk.com\/pt\/#organization","name":"Rucas","url":"https:\/\/www.rucashk.com\/pt\/","logo":{"@type":"ImageObject","url":"https:\/\/www.rucashk.com\/wp-content\/uploads\/2023\/12\/Rucas_campany_logo.png","@id":"https:\/\/www.rucashk.com\/pt\/produto\/huawei-p30-pro\/#organizationLogo","width":221,"height":65},"image":{"@id":"https:\/\/www.rucashk.com\/pt\/#organizationLogo"}},{"@type":"Person","@id":"https:\/\/www.rucashk.com\/pt\/author\/admin\/#author","url":"https:\/\/www.rucashk.com\/pt\/author\/admin\/","name":"admin","image":{"@type":"ImageObject","@id":"https:\/\/www.rucashk.com\/pt\/produto\/huawei-p30-pro\/#authorImage","url":"https:\/\/secure.gravatar.com\/avatar\/b7c8925b09a27e72b30232f8ecaadbd5af0f70a38c78096863fe51b64f031c24?s=96&d=mm&r=g","width":96,"height":96,"caption":"admin"}},{"@type":"WebPage","@id":"https:\/\/www.rucashk.com\/pt\/produto\/huawei-p30-pro\/#webpage","url":"https:\/\/www.rucashk.com\/pt\/produto\/huawei-p30-pro\/","name":"Huawei P30 Pro - Rucas - Wholesale and Distribution","description":"100% Guarantee Original HuaWei Mobile Phone Kirin 980 Octa Core, Android 9.1 8GB RAM 128GB ROM, Support extra NM memory card to 256GB 6.47 inch FHD 2310x1080 Battery: 4200mAh lithium-ion Cameras Front 32.0MP Back 40.0MP+20.0MP+8.0MP+TOF Camera","inLanguage":"pt-PT","isPartOf":{"@id":"https:\/\/www.rucashk.com\/pt\/#website"},"breadcrumb":{"@id":"https:\/\/www.rucashk.com\/pt\/produto\/huawei-p30-pro\/#breadcrumblist"},"author":{"@id":"https:\/\/www.rucashk.com\/pt\/author\/admin\/#author"},"creator":{"@id":"https:\/\/www.rucashk.com\/pt\/author\/admin\/#author"},"image":{"@type":"ImageObject","url":"https:\/\/www.rucashk.com\/wp-content\/uploads\/2024\/01\/huawei-p30-pro.jpg","@id":"https:\/\/www.rucashk.com\/pt\/produto\/huawei-p30-pro\/#mainImage","width":800,"height":800},"primaryImageOfPage":{"@id":"https:\/\/www.rucashk.com\/pt\/produto\/huawei-p30-pro\/#mainImage"},"datePublished":"2024-01-09T15:51:55+00:00","dateModified":"2024-03-11T07:41:07+00:00"},{"@type":"WebSite","@id":"https:\/\/www.rucashk.com\/pt\/#website","url":"https:\/\/www.rucashk.com\/pt\/","name":"Rucas - Wholesale and distribution worldwide","alternateName":"Rucas - One-stop AIoT Distribution Worldwide","description":"One-stop AIoT Distribution Worldwide","inLanguage":"pt-PT","publisher":{"@id":"https:\/\/www.rucashk.com\/pt\/#organization"}}]}},"aioseo_meta_data":{"post_id":"23151","title":null,"description":null,"keywords":null,"keyphrases":null,"primary_term":null,"canonical_url":null,"og_title":null,"og_description":null,"og_object_type":"default","og_image_type":"default","og_image_url":null,"og_image_width":null,"og_image_height":null,"og_image_custom_url":null,"og_image_custom_fields":null,"og_video":null,"og_custom_url":null,"og_article_section":null,"og_article_tags":null,"twitter_use_og":false,"twitter_card":"default","twitter_image_type":"default","twitter_image_url":null,"twitter_image_custom_url":null,"twitter_image_custom_fields":null,"twitter_title":null,"twitter_description":null,"schema":{"blockGraphs":[],"customGraphs":[],"default":{"data":{"Article":[],"Course":[],"Dataset":[],"FAQPage":[],"Movie":[],"Person":[],"Product":[],"Recipe":[],"Service":[],"SoftwareApplication":[],"WebPage":[]},"graphName":"","isEnabled":true},"graphs":[]},"schema_type":"default","schema_type_options":null,"pillar_content":false,"robots_default":true,"robots_noindex":false,"robots_noarchive":false,"robots_nosnippet":false,"robots_nofollow":false,"robots_noimageindex":false,"robots_noodp":false,"robots_notranslate":false,"robots_max_snippet":null,"robots_max_videopreview":null,"robots_max_imagepreview":"large","priority":null,"frequency":null,"local_seo":null,"breadcrumb_settings":null,"limit_modified_date":false,"created":"2024-04-11 01:55:28","updated":"2025-06-22 16:59:59"},"aioseo_breadcrumb":"<div class=\"aioseo-breadcrumbs\"><span class=\"aioseo-breadcrumb\">\n\t<a href=\"https:\/\/www.rucashk.com\/pt\" title=\"Home\">Home<\/a>\n<\/span><span class=\"aioseo-breadcrumb-separator\">&raquo;<\/span><span class=\"aioseo-breadcrumb\">\n\t<a href=\"https:\/\/www.rucashk.com\/pt\/products\/\" title=\"Produtos\">Produtos<\/a>\n<\/span><span class=\"aioseo-breadcrumb-separator\">&raquo;<\/span><span class=\"aioseo-breadcrumb\">\n\t<a href=\"https:\/\/www.rucashk.com\/pt\/categoria-produto\/other-a-brands\/\" title=\"Other A-Brands\">Other A-Brands<\/a>\n<\/span><span class=\"aioseo-breadcrumb-separator\">&raquo;<\/span><span class=\"aioseo-breadcrumb\">\n\t<a href=\"https:\/\/www.rucashk.com\/pt\/categoria-produto\/other-a-brands\/huawei-other-a-brands\/\" title=\"Huawei\">Huawei<\/a>\n<\/span><span class=\"aioseo-breadcrumb-separator\">&raquo;<\/span><span class=\"aioseo-breadcrumb\">\n\tHuawei\u00a0P30 Pro\n<\/span><\/div>","aioseo_breadcrumb_json":[{"label":"Home","link":"https:\/\/www.rucashk.com\/pt"},{"label":"Produtos","link":"https:\/\/www.rucashk.com\/pt\/products\/"},{"label":"Other A-Brands","link":"https:\/\/www.rucashk.com\/pt\/categoria-produto\/other-a-brands\/"},{"label":"Huawei","link":"https:\/\/www.rucashk.com\/pt\/categoria-produto\/other-a-brands\/huawei-other-a-brands\/"},{"label":"Huawei\u00a0P30 Pro","link":"https:\/\/www.rucashk.com\/pt\/produto\/huawei-p30-pro\/"}],"_links":{"self":[{"href":"https:\/\/www.rucashk.com\/pt\/wp-json\/wp\/v2\/product\/23151","targetHints":{"allow":["GET"]}}],"collection":[{"href":"https:\/\/www.rucashk.com\/pt\/wp-json\/wp\/v2\/product"}],"about":[{"href":"https:\/\/www.rucashk.com\/pt\/wp-json\/wp\/v2\/types\/product"}],"wp:featuredmedia":[{"embeddable":true,"href":"https:\/\/www.rucashk.com\/pt\/wp-json\/wp\/v2\/media\/23239"}],"wp:attachment":[{"href":"https:\/\/www.rucashk.com\/pt\/wp-json\/wp\/v2\/media?parent=23151"}],"wp:term":[{"taxonomy":"product_brand","embeddable":true,"href":"https:\/\/www.rucashk.com\/pt\/wp-json\/wp\/v2\/product_brand?post=23151"},{"taxonomy":"product_cat","embeddable":true,"href":"https:\/\/www.rucashk.com\/pt\/wp-json\/wp\/v2\/product_cat?post=23151"},{"taxonomy":"product_tag","embeddable":true,"href":"https:\/\/www.rucashk.com\/pt\/wp-json\/wp\/v2\/product_tag?post=23151"}],"curies":[{"name":"wp","href":"https:\/\/api.w.org\/{rel}","templated":true}]}}