{"id":23145,"date":"2024-01-09T15:51:54","date_gmt":"2024-01-09T15:51:54","guid":{"rendered":"http:\/\/rucashk.com\/?post_type=product&#038;p=23145"},"modified":"2024-01-21T04:33:29","modified_gmt":"2024-01-21T04:33:29","slug":"mijia-junlin-jlm02-wired-digital-microphone","status":"publish","type":"product","link":"https:\/\/www.rucashk.com\/pt\/produto\/mijia-junlin-jlm02-wired-digital-microphone\/","title":{"rendered":"Microfone digital com fio Mijia JUNLIN JLM02"},"content":{"rendered":"<h3 style=\"text-align: center\">Microfone digital com fio Mijia JUNLIN JLM02<\/h3>\n<p><img fetchpriority=\"high\" decoding=\"async\" class=\"alignnone\" src=\"https:\/\/www.rucashk.com\/wp-content\/uploads\/2020\/06\/HTB1vJvpX2vsK1Rjy0Fiq6zwtXXax.jpg\" alt=\"Mijia JUNLIN JLM02 Wired Digital Microphone\" width=\"1000\" height=\"1559\" \/><\/p>\n<p><img decoding=\"async\" class=\"alignnone\" src=\"https:\/\/www.rucashk.com\/wp-content\/uploads\/2020\/06\/HTB1dOLkX0fvK1RjSspoq6zfNpXaT.jpg\" alt=\"Mijia JUNLIN JLM02 Wired Digital Microphone\" width=\"1000\" height=\"1105\" \/><img decoding=\"async\" class=\"alignnone\" src=\"https:\/\/www.rucashk.com\/wp-content\/uploads\/2020\/06\/HTB1P1LnX5DxK1Rjy1zcq6yGeXXaN.jpg\" alt=\"Mijia JUNLIN JLM02 Wired Digital Microphone\" width=\"1000\" height=\"1161\" \/><\/p>\n<p>Volume de ajuste de som personalizado, ajuste de personalidade de reverbera\u00e7\u00e3o de cinco velocidades feito sob medida, atmosfera multi-cena para criar, agudo e transl\u00facido, tom m\u00e9dio delicado e suave, cheio de graves e experi\u00eancia de n\u00edvel de concerto completa, a qualquer hora e em qualquer lugar.<\/p>\n<p><img loading=\"lazy\" decoding=\"async\" class=\"alignnone\" src=\"https:\/\/www.rucashk.com\/wp-content\/uploads\/2020\/06\/HTB1MmPmX6zuK1Rjy0Fpq6yEpFXa6.jpg\" alt=\"Mijia JUNLIN JLM02 Wired Digital Microphone\" width=\"1000\" height=\"664\" \/><\/p>\n<p>O capacitor profissional n\u00e3o deixa de lado todos os detalhes do som O microfone digital JUNLIN tem sensibilidade ultra-alta, cabe\u00e7a condensadora banhada a ouro de 16 mm, excelente resposta transit\u00f3ria, curva de resposta de frequ\u00eancia suave, sa\u00edda clara e precisa.<\/p>\n<p><img loading=\"lazy\" decoding=\"async\" class=\"alignnone\" src=\"https:\/\/www.rucashk.com\/wp-content\/uploads\/2020\/06\/HTB1OYrpX5zxK1RjSspjq6AS.pXaG_.jpg\" alt=\"Mijia JUNLIN JLM02 Wired Digital Microphone\" width=\"1000\" height=\"675\" \/><\/p>\n<p>Monitoramento de alta qualidade O amplificador digital de classe HiFi est\u00e1 imerso no oceano da m\u00fasica, proporcionando uma experi\u00eancia sonora impressionante. O chip de \u00e1udio profissional AK4962 \u00e9 altamente eficiente, permitindo que o som demonstre qualidade profissional. Compensa inteligentemente o ganho do microfone, combinado com uma cavidade ac\u00fastica exclusiva e um design de estrutura ac\u00fastica, o som \u00e9 t\u00e3o detalhado quanto a vida.<\/p>\n<p><img loading=\"lazy\" decoding=\"async\" class=\"alignnone\" src=\"https:\/\/www.rucashk.com\/wp-content\/uploads\/2020\/06\/HTB1SKznXZ_vK1Rjy0Foq6xIxVXar.jpg\" alt=\"Mijia JUNLIN JLM02 Wired Digital Microphone\" width=\"1000\" height=\"791\" \/><img loading=\"lazy\" decoding=\"async\" class=\"alignnone\" src=\"https:\/\/www.rucashk.com\/wp-content\/uploads\/2020\/06\/HTB1G.nsXZrrK1Rjy1zeq6xalFXat.jpg\" alt=\"Mijia JUNLIN JLM02 Wired Digital Microphone\" width=\"1000\" height=\"1225\" \/><\/p>\n<p>Bateria forte, quero cantar happy hours, n\u00e3o me preocupo mais com a bateria. O microfone digital JUNLIN possui um \u00edon de l\u00edtio de 600mAh integrado <a class=\"\" style=\"width: auto !important\" href=\"https:\/\/www.rucashk.com\/pt\/xiaomi-scooter-1s-released-30km-battery-life\/\" data-wpil-post-to-id=\"6898\">bateria, que alcan\u00e7a longa vida \u00fatil da bateria<\/a> com baixo consumo de energia. A m\u00fasica K n\u00e3o para e curte m\u00fasica.<\/p>\n<p><img loading=\"lazy\" decoding=\"async\" class=\"alignnone\" src=\"https:\/\/www.rucashk.com\/wp-content\/uploads\/2020\/06\/HTB1etzsX.LrK1Rjy0Fjq6zYXFXaU.jpg\" alt=\"Mijia JUNLIN JLM02 Wired Digital Microphone\" width=\"1000\" height=\"1154\" \/><img loading=\"lazy\" decoding=\"async\" class=\"alignnone\" src=\"https:\/\/www.rucashk.com\/wp-content\/uploads\/2020\/06\/HTB1dmznX5nrK1RjSsziq6xptpXaj.jpg\" alt=\"Mijia JUNLIN JLM02 Wired Digital Microphone\" width=\"1000\" height=\"825\" \/><img loading=\"lazy\" decoding=\"async\" class=\"alignnone\" src=\"https:\/\/www.rucashk.com\/wp-content\/uploads\/2020\/06\/HTB1J1TnXZ_vK1Rjy0Foq6xIxVXaw.jpg\" alt=\"Mijia JUNLIN JLM02 Wired Digital Microphone\" width=\"1000\" height=\"1000\" \/><\/p>\n<p><img loading=\"lazy\" decoding=\"async\" class=\"alignnone\" src=\"https:\/\/www.rucashk.com\/wp-content\/uploads\/2020\/06\/HTB1ZY_sX.rrK1RkSne1q6ArVVXaI.jpg\" alt=\"Mijia JUNLIN JLM02 Wired Digital Microphone\" width=\"1000\" height=\"797\" \/><\/p>\n<p>&nbsp;<\/p>\n<p><img loading=\"lazy\" decoding=\"async\" class=\"alignnone\" src=\"https:\/\/www.rucashk.com\/wp-content\/uploads\/2020\/06\/HTB1fY6rX2fsK1RjSszgq6yXzpXav.jpg\" alt=\"Mijia JUNLIN JLM02 Wired Digital Microphone\" width=\"1000\" height=\"867\" data-spm-anchor-id=\"a2g0o.detail.1000023.i1.783467ffCrmF6p\" \/><img decoding=\"async\" src=\"https:\/\/www.rucashk.com\/wp-content\/uploads\/2020\/06\/HTB1bS_oX6zuK1RjSspeq6ziHVXag.jpg\" alt=\"JUNLIN (2)\" \/><\/p>\n<p>Microfone digital JUNLIN<br \/>\nSinta-se \u00e0 vontade para cantar sua m\u00fasica<br \/>\n*HD <a href=\"https:\/\/www.rucashk.com\/pt\/the-active-noise-reduction-function-of-freebuds-3\/\" class=\"\" style=\"width: auto !important\" data-wpil-post-to-id=\"8363\">redu\u00e7\u00e3o de ru\u00eddo<\/a><br \/>\n* Retorno auditivo em tempo real<br \/>\n*HIFI Profissional<br \/>\n*Forte <a href=\"https:\/\/www.rucashk.com\/pt\/xiaomi-scooter-1s-released-30km-battery-life\/\" class=\"\" style=\"width: auto !important\" data-wpil-post-to-id=\"6898\">vida \u00fatil da bateria<\/a><br \/>\n*Amplamente compat\u00edvel<\/p>","protected":false},"excerpt":{"rendered":"<p><b>Principais caracter\u00edsticas<\/b><br \/>\n\u25cf Sensitivity: 44dB<br \/>\n\u25cf Maximum sound pressure level: 120dB<br \/>\n\u25cf Frequency response: 20 &#8211; 20kHz<br \/>\n\u25cf Signal to noise ratio: 68dB<br \/>\n\u25cf Directivity: heart-shaped pointing<br \/>\n\u25cf Battery: Built-in Li-ion battery 600mAh<br \/>\n\u25cf Reference time: 8 hours<br \/>\n\u25cf Intelligent noise reduction: 32-bit professional DSP chip<br \/>\n\u25cf Soundhead: 16mm pure gold diaphragm condenser head<br \/>\n\u25cf Reference charging time 2 hours<\/p>","protected":false},"featured_media":23213,"template":"","meta":[],"product_brand":[],"product_cat":[1341,1305],"product_tag":[820,420],"class_list":{"0":"post-23145","1":"product","2":"type-product","3":"status-publish","4":"has-post-thumbnail","6":"product_cat-others","7":"product_cat-xiaomi-eco","8":"product_tag-microphone","9":"product_tag-xiaomi","11":"first","12":"instock","13":"shipping-taxable","14":"product-type-external"},"aioseo_notices":[],"aioseo_head":"\n\t\t<!-- All in One SEO Pro 4.5.9.2 - aioseo.com -->\n\t\t<meta name=\"description\" content=\"Main Features \u25cf Sensitivity: 44dB \u25cf Maximum sound pressure level: 120dB \u25cf Frequency response: 20 - 20kHz \u25cf Signal to noise ratio: 68dB \u25cf Directivity: heart-shaped pointing \u25cf Battery: Built-in Li-ion battery 600mAh \u25cf Reference time: 8 hours \u25cf Intelligent noise reduction: 32-bit professional DSP chip \u25cf Soundhead: 16mm pure gold diaphragm condenser head \u25cf Reference charging time 2 hours\" \/>\n\t\t<meta name=\"robots\" content=\"max-image-preview:large\" \/>\n\t\t<link rel=\"canonical\" href=\"https:\/\/www.rucashk.com\/pt\/produto\/mijia-junlin-jlm02-wired-digital-microphone\/\" \/>\n\t\t<meta name=\"generator\" content=\"All in One SEO Pro (AIOSEO) 4.5.9.2\" \/>\n\t\t<meta property=\"og:locale\" content=\"pt_PT\" \/>\n\t\t<meta property=\"og:site_name\" content=\"Rucas - One-stop AIoT Distribution Worldwide\" \/>\n\t\t<meta property=\"og:type\" content=\"article\" \/>\n\t\t<meta property=\"og:title\" content=\"Mijia JUNLIN JLM02 Wired Digital Microphone - Rucas - Wholesale and Distribution\" \/>\n\t\t<meta property=\"og:description\" content=\"Main Features \u25cf Sensitivity: 44dB \u25cf Maximum sound pressure level: 120dB \u25cf Frequency response: 20 - 20kHz \u25cf Signal to noise ratio: 68dB \u25cf Directivity: heart-shaped pointing \u25cf Battery: Built-in Li-ion battery 600mAh \u25cf Reference time: 8 hours \u25cf Intelligent noise reduction: 32-bit professional DSP chip \u25cf Soundhead: 16mm pure gold diaphragm condenser head \u25cf Reference charging time 2 hours\" \/>\n\t\t<meta property=\"og:url\" content=\"https:\/\/www.rucashk.com\/pt\/produto\/mijia-junlin-jlm02-wired-digital-microphone\/\" \/>\n\t\t<meta property=\"og:image\" content=\"https:\/\/www.rucashk.com\/wp-content\/uploads\/replace\/503b8e645f128a97ccde2b6290747646.jpeg\" \/>\n\t\t<meta property=\"og:image:secure_url\" content=\"https:\/\/www.rucashk.com\/wp-content\/uploads\/replace\/503b8e645f128a97ccde2b6290747646.jpeg\" \/>\n\t\t<meta property=\"og:image:width\" content=\"1456\" \/>\n\t\t<meta property=\"og:image:height\" content=\"816\" \/>\n\t\t<meta property=\"article:published_time\" content=\"2024-01-09T15:51:54+00:00\" \/>\n\t\t<meta property=\"article:modified_time\" content=\"2024-01-21T04:33:29+00:00\" \/>\n\t\t<meta name=\"twitter:card\" content=\"summary_large_image\" \/>\n\t\t<meta name=\"twitter:title\" content=\"Mijia JUNLIN JLM02 Wired Digital Microphone - Rucas - Wholesale and Distribution\" \/>\n\t\t<meta name=\"twitter:description\" content=\"Main Features \u25cf Sensitivity: 44dB \u25cf Maximum sound pressure level: 120dB \u25cf Frequency response: 20 - 20kHz \u25cf Signal to noise ratio: 68dB \u25cf Directivity: heart-shaped pointing \u25cf Battery: Built-in Li-ion battery 600mAh \u25cf Reference time: 8 hours \u25cf Intelligent noise reduction: 32-bit professional DSP chip \u25cf Soundhead: 16mm pure gold diaphragm condenser head \u25cf Reference charging time 2 hours\" \/>\n\t\t<meta name=\"twitter:image\" content=\"https:\/\/www.rucashk.com\/wp-content\/uploads\/replace\/503b8e645f128a97ccde2b6290747646.jpeg\" \/>\n\t\t<script type=\"application\/ld+json\" class=\"aioseo-schema\">\n\t\t\t{\"@context\":\"https:\\\/\\\/schema.org\",\"@graph\":[{\"@type\":\"BreadcrumbList\",\"@id\":\"https:\\\/\\\/www.rucashk.com\\\/pt\\\/produto\\\/mijia-junlin-jlm02-wired-digital-microphone\\\/#breadcrumblist\",\"itemListElement\":[{\"@type\":\"ListItem\",\"@id\":\"https:\\\/\\\/www.rucashk.com\\\/pt\\\/#listItem\",\"position\":1,\"name\":\"Home\",\"item\":\"https:\\\/\\\/www.rucashk.com\\\/pt\\\/\",\"nextItem\":\"https:\\\/\\\/www.rucashk.com\\\/pt\\\/produto\\\/mijia-junlin-jlm02-wired-digital-microphone\\\/#listItem\"},{\"@type\":\"ListItem\",\"@id\":\"https:\\\/\\\/www.rucashk.com\\\/pt\\\/produto\\\/mijia-junlin-jlm02-wired-digital-microphone\\\/#listItem\",\"position\":2,\"name\":\"Mijia JUNLIN JLM02 Wired Digital Microphone\",\"previousItem\":\"https:\\\/\\\/www.rucashk.com\\\/pt\\\/#listItem\"}]},{\"@type\":\"Organization\",\"@id\":\"https:\\\/\\\/www.rucashk.com\\\/pt\\\/#organization\",\"name\":\"Rucas\",\"url\":\"https:\\\/\\\/www.rucashk.com\\\/pt\\\/\",\"logo\":{\"@type\":\"ImageObject\",\"url\":\"https:\\\/\\\/www.rucashk.com\\\/wp-content\\\/uploads\\\/2023\\\/12\\\/Rucas_campany_logo.png\",\"@id\":\"https:\\\/\\\/www.rucashk.com\\\/pt\\\/produto\\\/mijia-junlin-jlm02-wired-digital-microphone\\\/#organizationLogo\",\"width\":221,\"height\":65},\"image\":{\"@id\":\"https:\\\/\\\/www.rucashk.com\\\/pt\\\/#organizationLogo\"}},{\"@type\":\"Person\",\"@id\":\"https:\\\/\\\/www.rucashk.com\\\/pt\\\/author\\\/admin\\\/#author\",\"url\":\"https:\\\/\\\/www.rucashk.com\\\/pt\\\/author\\\/admin\\\/\",\"name\":\"admin\",\"image\":{\"@type\":\"ImageObject\",\"@id\":\"https:\\\/\\\/www.rucashk.com\\\/pt\\\/produto\\\/mijia-junlin-jlm02-wired-digital-microphone\\\/#authorImage\",\"url\":\"https:\\\/\\\/secure.gravatar.com\\\/avatar\\\/b7c8925b09a27e72b30232f8ecaadbd5af0f70a38c78096863fe51b64f031c24?s=96&d=mm&r=g\",\"width\":96,\"height\":96,\"caption\":\"admin\"}},{\"@type\":\"WebPage\",\"@id\":\"https:\\\/\\\/www.rucashk.com\\\/pt\\\/produto\\\/mijia-junlin-jlm02-wired-digital-microphone\\\/#webpage\",\"url\":\"https:\\\/\\\/www.rucashk.com\\\/pt\\\/produto\\\/mijia-junlin-jlm02-wired-digital-microphone\\\/\",\"name\":\"Mijia JUNLIN JLM02 Wired Digital Microphone - Rucas - Wholesale and Distribution\",\"description\":\"Main Features \\u25cf Sensitivity: 44dB \\u25cf Maximum sound pressure level: 120dB \\u25cf Frequency response: 20 - 20kHz \\u25cf Signal to noise ratio: 68dB \\u25cf Directivity: heart-shaped pointing \\u25cf Battery: Built-in Li-ion battery 600mAh \\u25cf Reference time: 8 hours \\u25cf Intelligent noise reduction: 32-bit professional DSP chip \\u25cf Soundhead: 16mm pure gold diaphragm condenser head \\u25cf Reference charging time 2 hours\",\"inLanguage\":\"pt-PT\",\"isPartOf\":{\"@id\":\"https:\\\/\\\/www.rucashk.com\\\/pt\\\/#website\"},\"breadcrumb\":{\"@id\":\"https:\\\/\\\/www.rucashk.com\\\/pt\\\/produto\\\/mijia-junlin-jlm02-wired-digital-microphone\\\/#breadcrumblist\"},\"author\":{\"@id\":\"https:\\\/\\\/www.rucashk.com\\\/pt\\\/author\\\/admin\\\/#author\"},\"creator\":{\"@id\":\"https:\\\/\\\/www.rucashk.com\\\/pt\\\/author\\\/admin\\\/#author\"},\"image\":{\"@type\":\"ImageObject\",\"url\":\"https:\\\/\\\/www.rucashk.com\\\/wp-content\\\/uploads\\\/2024\\\/01\\\/Mijia-JUNLIN-JLM02-Wired-Digital-Microphone.jpg\",\"@id\":\"https:\\\/\\\/www.rucashk.com\\\/pt\\\/produto\\\/mijia-junlin-jlm02-wired-digital-microphone\\\/#mainImage\",\"width\":800,\"height\":800},\"primaryImageOfPage\":{\"@id\":\"https:\\\/\\\/www.rucashk.com\\\/pt\\\/produto\\\/mijia-junlin-jlm02-wired-digital-microphone\\\/#mainImage\"},\"datePublished\":\"2024-01-09T15:51:54+00:00\",\"dateModified\":\"2024-01-21T04:33:29+00:00\"},{\"@type\":\"WebSite\",\"@id\":\"https:\\\/\\\/www.rucashk.com\\\/pt\\\/#website\",\"url\":\"https:\\\/\\\/www.rucashk.com\\\/pt\\\/\",\"name\":\"Rucas - Wholesale and distribution worldwide\",\"alternateName\":\"Rucas - One-stop AIoT Distribution Worldwide\",\"description\":\"One-stop AIoT Distribution Worldwide\",\"inLanguage\":\"pt-PT\",\"publisher\":{\"@id\":\"https:\\\/\\\/www.rucashk.com\\\/pt\\\/#organization\"}}]}\n\t\t<\/script>\n\t\t<!-- All in One SEO Pro -->\r\n\t\t<title>Mijia JUNLIN JLM02 Wired Digital Microphone - Rucas - Wholesale and Distribution<\/title>\n\n","aioseo_head_json":{"title":"Mijia JUNLIN JLM02 Wired Digital Microphone - Rucas - Wholesale and Distribution","description":"Main Features \u25cf Sensitivity: 44dB \u25cf Maximum sound pressure level: 120dB \u25cf Frequency response: 20 - 20kHz \u25cf Signal to noise ratio: 68dB \u25cf Directivity: heart-shaped pointing \u25cf Battery: Built-in Li-ion battery 600mAh \u25cf Reference time: 8 hours \u25cf Intelligent noise reduction: 32-bit professional DSP chip \u25cf Soundhead: 16mm pure gold diaphragm condenser head \u25cf Reference charging time 2 hours","canonical_url":"https:\/\/www.rucashk.com\/pt\/produto\/mijia-junlin-jlm02-wired-digital-microphone\/","robots":"max-image-preview:large","keywords":"","webmasterTools":{"miscellaneous":""},"og:locale":"pt_PT","og:site_name":"Rucas - One-stop AIoT Distribution Worldwide","og:type":"article","og:title":"Mijia JUNLIN JLM02 Wired Digital Microphone - Rucas - Wholesale and Distribution","og:description":"Main Features \u25cf Sensitivity: 44dB \u25cf Maximum sound pressure level: 120dB \u25cf Frequency response: 20 - 20kHz \u25cf Signal to noise ratio: 68dB \u25cf Directivity: heart-shaped pointing \u25cf Battery: Built-in Li-ion battery 600mAh \u25cf Reference time: 8 hours \u25cf Intelligent noise reduction: 32-bit professional DSP chip \u25cf Soundhead: 16mm pure gold diaphragm condenser head \u25cf Reference charging time 2 hours","og:url":"https:\/\/www.rucashk.com\/pt\/produto\/mijia-junlin-jlm02-wired-digital-microphone\/","og:image":"https:\/\/www.rucashk.com\/wp-content\/uploads\/replace\/503b8e645f128a97ccde2b6290747646.jpeg","og:image:secure_url":"https:\/\/www.rucashk.com\/wp-content\/uploads\/replace\/503b8e645f128a97ccde2b6290747646.jpeg","og:image:width":1456,"og:image:height":816,"article:published_time":"2024-01-09T15:51:54+00:00","article:modified_time":"2024-01-21T04:33:29+00:00","twitter:card":"summary_large_image","twitter:title":"Mijia JUNLIN JLM02 Wired Digital Microphone - Rucas - Wholesale and Distribution","twitter:description":"Main Features \u25cf Sensitivity: 44dB \u25cf Maximum sound pressure level: 120dB \u25cf Frequency response: 20 - 20kHz \u25cf Signal to noise ratio: 68dB \u25cf Directivity: heart-shaped pointing \u25cf Battery: Built-in Li-ion battery 600mAh \u25cf Reference time: 8 hours \u25cf Intelligent noise reduction: 32-bit professional DSP chip \u25cf Soundhead: 16mm pure gold diaphragm condenser head \u25cf Reference charging time 2 hours","twitter:image":"https:\/\/www.rucashk.com\/wp-content\/uploads\/replace\/503b8e645f128a97ccde2b6290747646.jpeg","schema":{"@context":"https:\/\/schema.org","@graph":[{"@type":"BreadcrumbList","@id":"https:\/\/www.rucashk.com\/pt\/produto\/mijia-junlin-jlm02-wired-digital-microphone\/#breadcrumblist","itemListElement":[{"@type":"ListItem","@id":"https:\/\/www.rucashk.com\/pt\/#listItem","position":1,"name":"Home","item":"https:\/\/www.rucashk.com\/pt\/","nextItem":"https:\/\/www.rucashk.com\/pt\/produto\/mijia-junlin-jlm02-wired-digital-microphone\/#listItem"},{"@type":"ListItem","@id":"https:\/\/www.rucashk.com\/pt\/produto\/mijia-junlin-jlm02-wired-digital-microphone\/#listItem","position":2,"name":"Mijia JUNLIN JLM02 Wired Digital Microphone","previousItem":"https:\/\/www.rucashk.com\/pt\/#listItem"}]},{"@type":"Organization","@id":"https:\/\/www.rucashk.com\/pt\/#organization","name":"Rucas","url":"https:\/\/www.rucashk.com\/pt\/","logo":{"@type":"ImageObject","url":"https:\/\/www.rucashk.com\/wp-content\/uploads\/2023\/12\/Rucas_campany_logo.png","@id":"https:\/\/www.rucashk.com\/pt\/produto\/mijia-junlin-jlm02-wired-digital-microphone\/#organizationLogo","width":221,"height":65},"image":{"@id":"https:\/\/www.rucashk.com\/pt\/#organizationLogo"}},{"@type":"Person","@id":"https:\/\/www.rucashk.com\/pt\/author\/admin\/#author","url":"https:\/\/www.rucashk.com\/pt\/author\/admin\/","name":"admin","image":{"@type":"ImageObject","@id":"https:\/\/www.rucashk.com\/pt\/produto\/mijia-junlin-jlm02-wired-digital-microphone\/#authorImage","url":"https:\/\/secure.gravatar.com\/avatar\/b7c8925b09a27e72b30232f8ecaadbd5af0f70a38c78096863fe51b64f031c24?s=96&d=mm&r=g","width":96,"height":96,"caption":"admin"}},{"@type":"WebPage","@id":"https:\/\/www.rucashk.com\/pt\/produto\/mijia-junlin-jlm02-wired-digital-microphone\/#webpage","url":"https:\/\/www.rucashk.com\/pt\/produto\/mijia-junlin-jlm02-wired-digital-microphone\/","name":"Mijia JUNLIN JLM02 Wired Digital Microphone - Rucas - Wholesale and Distribution","description":"Main Features \u25cf Sensitivity: 44dB \u25cf Maximum sound pressure level: 120dB \u25cf Frequency response: 20 - 20kHz \u25cf Signal to noise ratio: 68dB \u25cf Directivity: heart-shaped pointing \u25cf Battery: Built-in Li-ion battery 600mAh \u25cf Reference time: 8 hours \u25cf Intelligent noise reduction: 32-bit professional DSP chip \u25cf Soundhead: 16mm pure gold diaphragm condenser head \u25cf Reference charging time 2 hours","inLanguage":"pt-PT","isPartOf":{"@id":"https:\/\/www.rucashk.com\/pt\/#website"},"breadcrumb":{"@id":"https:\/\/www.rucashk.com\/pt\/produto\/mijia-junlin-jlm02-wired-digital-microphone\/#breadcrumblist"},"author":{"@id":"https:\/\/www.rucashk.com\/pt\/author\/admin\/#author"},"creator":{"@id":"https:\/\/www.rucashk.com\/pt\/author\/admin\/#author"},"image":{"@type":"ImageObject","url":"https:\/\/www.rucashk.com\/wp-content\/uploads\/2024\/01\/Mijia-JUNLIN-JLM02-Wired-Digital-Microphone.jpg","@id":"https:\/\/www.rucashk.com\/pt\/produto\/mijia-junlin-jlm02-wired-digital-microphone\/#mainImage","width":800,"height":800},"primaryImageOfPage":{"@id":"https:\/\/www.rucashk.com\/pt\/produto\/mijia-junlin-jlm02-wired-digital-microphone\/#mainImage"},"datePublished":"2024-01-09T15:51:54+00:00","dateModified":"2024-01-21T04:33:29+00:00"},{"@type":"WebSite","@id":"https:\/\/www.rucashk.com\/pt\/#website","url":"https:\/\/www.rucashk.com\/pt\/","name":"Rucas - Wholesale and distribution worldwide","alternateName":"Rucas - One-stop AIoT Distribution Worldwide","description":"One-stop AIoT Distribution Worldwide","inLanguage":"pt-PT","publisher":{"@id":"https:\/\/www.rucashk.com\/pt\/#organization"}}]}},"aioseo_meta_data":{"post_id":"23145","title":null,"description":null,"keywords":null,"keyphrases":null,"primary_term":null,"canonical_url":null,"og_title":null,"og_description":null,"og_object_type":"default","og_image_type":"default","og_image_url":null,"og_image_width":null,"og_image_height":null,"og_image_custom_url":null,"og_image_custom_fields":null,"og_video":null,"og_custom_url":null,"og_article_section":null,"og_article_tags":null,"twitter_use_og":false,"twitter_card":"default","twitter_image_type":"default","twitter_image_url":null,"twitter_image_custom_url":null,"twitter_image_custom_fields":null,"twitter_title":null,"twitter_description":null,"schema":{"blockGraphs":[],"customGraphs":[],"default":{"data":{"Article":[],"Course":[],"Dataset":[],"FAQPage":[],"Movie":[],"Person":[],"Product":[],"Recipe":[],"Service":[],"SoftwareApplication":[],"WebPage":[]},"graphName":"","isEnabled":true},"graphs":[]},"schema_type":"default","schema_type_options":null,"pillar_content":false,"robots_default":true,"robots_noindex":false,"robots_noarchive":false,"robots_nosnippet":false,"robots_nofollow":false,"robots_noimageindex":false,"robots_noodp":false,"robots_notranslate":false,"robots_max_snippet":null,"robots_max_videopreview":null,"robots_max_imagepreview":"large","priority":null,"frequency":null,"local_seo":null,"breadcrumb_settings":null,"limit_modified_date":false,"created":"2024-04-11 01:55:27","updated":"2025-06-22 16:59:06"},"aioseo_breadcrumb":"<div class=\"aioseo-breadcrumbs\"><span class=\"aioseo-breadcrumb\">\n\t<a href=\"https:\/\/www.rucashk.com\/pt\" title=\"Home\">Home<\/a>\n<\/span><span class=\"aioseo-breadcrumb-separator\">&raquo;<\/span><span class=\"aioseo-breadcrumb\">\n\t<a href=\"https:\/\/www.rucashk.com\/pt\/products\/\" title=\"Produtos\">Produtos<\/a>\n<\/span><span class=\"aioseo-breadcrumb-separator\">&raquo;<\/span><span class=\"aioseo-breadcrumb\">\n\t<a href=\"https:\/\/www.rucashk.com\/pt\/categoria-produto\/xiaomi-eco\/\" title=\"Xiaomi Eco\">Xiaomi Eco<\/a>\n<\/span><span class=\"aioseo-breadcrumb-separator\">&raquo;<\/span><span class=\"aioseo-breadcrumb\">\n\t<a href=\"https:\/\/www.rucashk.com\/pt\/categoria-produto\/xiaomi-eco\/others\/\" title=\"Others\">Others<\/a>\n<\/span><span class=\"aioseo-breadcrumb-separator\">&raquo;<\/span><span class=\"aioseo-breadcrumb\">\n\tMijia JUNLIN JLM02 Wired Digital Microphone\n<\/span><\/div>","aioseo_breadcrumb_json":[{"label":"Home","link":"https:\/\/www.rucashk.com\/pt"},{"label":"Produtos","link":"https:\/\/www.rucashk.com\/pt\/products\/"},{"label":"Xiaomi Eco","link":"https:\/\/www.rucashk.com\/pt\/categoria-produto\/xiaomi-eco\/"},{"label":"Others","link":"https:\/\/www.rucashk.com\/pt\/categoria-produto\/xiaomi-eco\/others\/"},{"label":"Mijia JUNLIN JLM02 Wired Digital Microphone","link":"https:\/\/www.rucashk.com\/pt\/produto\/mijia-junlin-jlm02-wired-digital-microphone\/"}],"_links":{"self":[{"href":"https:\/\/www.rucashk.com\/pt\/wp-json\/wp\/v2\/product\/23145","targetHints":{"allow":["GET"]}}],"collection":[{"href":"https:\/\/www.rucashk.com\/pt\/wp-json\/wp\/v2\/product"}],"about":[{"href":"https:\/\/www.rucashk.com\/pt\/wp-json\/wp\/v2\/types\/product"}],"wp:featuredmedia":[{"embeddable":true,"href":"https:\/\/www.rucashk.com\/pt\/wp-json\/wp\/v2\/media\/23213"}],"wp:attachment":[{"href":"https:\/\/www.rucashk.com\/pt\/wp-json\/wp\/v2\/media?parent=23145"}],"wp:term":[{"taxonomy":"product_brand","embeddable":true,"href":"https:\/\/www.rucashk.com\/pt\/wp-json\/wp\/v2\/product_brand?post=23145"},{"taxonomy":"product_cat","embeddable":true,"href":"https:\/\/www.rucashk.com\/pt\/wp-json\/wp\/v2\/product_cat?post=23145"},{"taxonomy":"product_tag","embeddable":true,"href":"https:\/\/www.rucashk.com\/pt\/wp-json\/wp\/v2\/product_tag?post=23145"}],"curies":[{"name":"wp","href":"https:\/\/api.w.org\/{rel}","templated":true}]}}