{"id":23139,"date":"2024-01-09T15:51:50","date_gmt":"2024-01-09T15:51:50","guid":{"rendered":"http:\/\/rucashk.com\/?post_type=product&#038;p=23139"},"modified":"2024-03-12T04:14:53","modified_gmt":"2024-03-12T04:14:53","slug":"amazfit-gtr-marvel-iron-man-edition-outlook","status":"publish","type":"product","link":"https:\/\/www.rucashk.com\/pt\/produto\/amazfit-gtr-marvel-iron-man-edition-outlook\/","title":{"rendered":"Perspectivas da edi\u00e7\u00e3o do Homem de Ferro da Marvel GTR da Amazfit"},"content":{"rendered":"<h2 style=\"text-align: center\"><b id=\"unit_price\">Perspectivas da edi\u00e7\u00e3o do Homem de Ferro da Marvel GTR da Amazfit<\/b><\/h2>\n<p><img fetchpriority=\"high\" decoding=\"async\" class=\"aligncenter\" src=\"\/wp-content\/uploads\/replace\/62fcf4abff72b53e51f59b5d67821f75.jpeg\" alt=\"Amazfit GTR Marvel Iron Man Edition\u00a0Outlook\" width=\"700\" height=\"320\" \/><\/p>\n<p style=\"text-align: center\">Como o her\u00f3i mais representativo dos Vingadores, a imagem do Homem de Ferro Red Metal Armor est\u00e1 profundamente enraizada no cora\u00e7\u00e3o das pessoas. A edi\u00e7\u00e3o limitada do <a href=\"https:\/\/www.rucashk.com\/pt\/produto\/amazfit-gtr-lite\/\" class=\"\" style=\"width: auto !important\" data-wpil-post-to-id=\"15426\">Amazfit GTR 47mm<\/a> A s\u00e9rie Iron Man usa um corpo de a\u00e7o inoxid\u00e1vel dourado, complementado por uma moldura de cer\u00e2mica preta e uma pulseira de silicone vermelha. A restaura\u00e7\u00e3o da combina\u00e7\u00e3o de cores mais cl\u00e1ssica do Homem de Ferro, textura distinta, para alcan\u00e7ar a perfeita integra\u00e7\u00e3o da ci\u00eancia, tecnologia e est\u00e9tica, mas tamb\u00e9m uma homenagem ao Homem de Ferro.<\/p>\n<p><img decoding=\"async\" class=\"aligncenter\" src=\"\/wp-content\/uploads\/replace\/2170e886b35b8fe4859394f88558c711.jpeg\" alt=\"Amazfit GTR Marvel Iron Man Edition\u00a0Outlook\" width=\"659\" height=\"439\" \/><\/p>\n<p style=\"text-align: center\">A edi\u00e7\u00e3o limitada do <a href=\"https:\/\/www.rucashk.com\/pt\/produto\/amazfit-gtr-amoled-smart-watch-gpsglonass\/\" class=\"\" style=\"width: auto !important\" data-wpil-post-to-id=\"1807\">Amazfit GTR<\/a> A s\u00e9rie Iron Man de 47 mm apresenta um display de 1,39 polegadas <a class=\"\" style=\"width: auto !important\" href=\"https:\/\/www.rucashk.com\/pt\/produto\/amazfit-verge-lite-amoled-color-screen-smart-watch\/\" data-wpil-post-to-id=\"1877\">Tela colorida deslumbrante AMOLED de alta defini\u00e7\u00e3o<\/a> e adiciona exibi\u00e7\u00e3o 24 horas por dia para exibir informa\u00e7\u00f5es de discagem a qualquer hora, em qualquer lugar, sem precisar levantar o pulso para iluminar a tela.<\/p>\n<p><img decoding=\"async\" class=\"aligncenter\" src=\"\/wp-content\/uploads\/replace\/d79b245b68bf7d988f39b706e2ad61b5.jpeg\" alt=\"Amazfit GTR Marvel Iron Man Edition\u00a0Outlook\" width=\"698\" height=\"376\" \/><\/p>\n<h2 style=\"text-align: center\"><b id=\"unit_price\">Fun\u00e7\u00f5es do Amazfit GTR Marvel Iron Man Edition<\/b><\/h2>\n<p style=\"text-align: center\">Al\u00e9m disso, a s\u00e9rie Amazfit GTR Iron Man possui um grau \u00e0 prova d\u2019\u00e1gua de\u00a0<strong>5 ATM<\/strong>, sistema de posicionamento GPS de alta precis\u00e3o integrado, suporta\u00a0<strong>12 modos esportivos profissionais<\/strong>, incluindo caminhada, nata\u00e7\u00e3o, montanhismo e esqui, e fornece dados esportivos abrangentes e ricos. Atravesse a montanha e o mar, amplie o uso do cen\u00e1rio.<\/p>\n<p><img loading=\"lazy\" decoding=\"async\" class=\"aligncenter\" src=\"\/wp-content\/uploads\/replace\/b1ada290da328db62fe1d6a1ac64a543.jpeg\" alt=\"Amazfit GTR Marvel Iron Man Edition\u00a0Outlook\" width=\"692\" height=\"329\" \/><\/p>\n<p style=\"text-align: center\">Vale ressaltar que <a class=\"\" style=\"width: auto !important\" href=\"https:\/\/www.rucashk.com\/pt\/produto\/amazfit-bip-lite-smart-watch\/\" data-wpil-post-to-id=\"2833\">A s\u00e9rie Amazfit GTR 47mm Iron Man continua a vantagem consistente de resist\u00eancia do produto, permitindo que o rel\u00f3gio<\/a> para durar\u00a0<strong>24 dias no modo de uso di\u00e1rio<\/strong>\u00a0atrav\u00e9s do uso de chips avan\u00e7ados de baixo consumo de energia e profundamente no gerenciamento e otimiza\u00e7\u00e3o de energia subjacentes. Possui 74 dias em standby no modo de rel\u00f3gio b\u00e1sico. Mesmo no cen\u00e1rio de trabalho cont\u00ednuo do GPS, o <a href=\"https:\/\/www.rucashk.com\/pt\/produto\/amazfit-gtr\/\" class=\"\" style=\"width: auto !important\" data-wpil-post-to-id=\"4429\">Amazfit GTR<\/a> A s\u00e9rie Iron Man de 47 mm pode ser usada por 40 horas.<\/p>","protected":false},"excerpt":{"rendered":"<p>The Amazfit GTR Iron Man Limited Edition\u00a0 sports<\/p>\n<p>a 1.39-inch AMOLED color screen with a resolution of 454 \u00d7 454.<\/p>\n<p>Support 12 kinds of sports.<\/p>\n<p>Support notification reminders, such as incoming calls,<\/p>\n<p>SMS, social application messages, email.<\/p>","protected":false},"featured_media":23197,"template":"","meta":[],"product_brand":[],"product_cat":[1339,1305],"product_tag":[816,597],"class_list":{"0":"post-23139","1":"product","2":"type-product","3":"status-publish","4":"has-post-thumbnail","6":"product_cat-amazfit-smartwatch","7":"product_cat-xiaomi-eco","8":"product_tag-gtr","9":"product_tag-huami","11":"first","12":"instock","13":"shipping-taxable","14":"product-type-external"},"aioseo_notices":[],"aioseo_head":"\n\t\t<!-- All in One SEO Pro 4.5.9.2 - aioseo.com -->\n\t\t<meta name=\"description\" content=\"The Amazfit GTR Iron Man Limited Edition sports a 1.39-inch AMOLED color screen with a resolution of 454 \u00d7 454. Support 12 kinds of sports. Support notification reminders, such as incoming calls, SMS, social application messages, email.\" \/>\n\t\t<meta name=\"robots\" content=\"max-image-preview:large\" \/>\n\t\t<link rel=\"canonical\" href=\"https:\/\/www.rucashk.com\/pt\/produto\/amazfit-gtr-marvel-iron-man-edition-outlook\/\" \/>\n\t\t<meta name=\"generator\" content=\"All in One SEO Pro (AIOSEO) 4.5.9.2\" \/>\n\t\t<meta property=\"og:locale\" content=\"pt_PT\" \/>\n\t\t<meta property=\"og:site_name\" content=\"Rucas - One-stop AIoT Distribution Worldwide\" \/>\n\t\t<meta property=\"og:type\" content=\"article\" \/>\n\t\t<meta property=\"og:title\" content=\"Amazfit GTR Marvel Iron Man Edition Outlook - Rucas - Wholesale and Distribution\" \/>\n\t\t<meta property=\"og:description\" content=\"The Amazfit GTR Iron Man Limited Edition sports a 1.39-inch AMOLED color screen with a resolution of 454 \u00d7 454. Support 12 kinds of sports. Support notification reminders, such as incoming calls, SMS, social application messages, email.\" \/>\n\t\t<meta property=\"og:url\" content=\"https:\/\/www.rucashk.com\/pt\/produto\/amazfit-gtr-marvel-iron-man-edition-outlook\/\" \/>\n\t\t<meta property=\"og:image\" content=\"https:\/\/www.rucashk.com\/wp-content\/uploads\/replace\/503b8e645f128a97ccde2b6290747646.jpeg\" \/>\n\t\t<meta property=\"og:image:secure_url\" content=\"https:\/\/www.rucashk.com\/wp-content\/uploads\/replace\/503b8e645f128a97ccde2b6290747646.jpeg\" \/>\n\t\t<meta property=\"og:image:width\" content=\"1456\" \/>\n\t\t<meta property=\"og:image:height\" content=\"816\" \/>\n\t\t<meta property=\"article:published_time\" content=\"2024-01-09T15:51:50+00:00\" \/>\n\t\t<meta property=\"article:modified_time\" content=\"2024-03-12T04:14:53+00:00\" \/>\n\t\t<meta name=\"twitter:card\" content=\"summary_large_image\" \/>\n\t\t<meta name=\"twitter:title\" content=\"Amazfit GTR Marvel Iron Man Edition Outlook - Rucas - Wholesale and Distribution\" \/>\n\t\t<meta name=\"twitter:description\" content=\"The Amazfit GTR Iron Man Limited Edition sports a 1.39-inch AMOLED color screen with a resolution of 454 \u00d7 454. Support 12 kinds of sports. Support notification reminders, such as incoming calls, SMS, social application messages, email.\" \/>\n\t\t<meta name=\"twitter:image\" content=\"https:\/\/www.rucashk.com\/wp-content\/uploads\/replace\/503b8e645f128a97ccde2b6290747646.jpeg\" \/>\n\t\t<script type=\"application\/ld+json\" class=\"aioseo-schema\">\n\t\t\t{\"@context\":\"https:\\\/\\\/schema.org\",\"@graph\":[{\"@type\":\"BreadcrumbList\",\"@id\":\"https:\\\/\\\/www.rucashk.com\\\/pt\\\/produto\\\/amazfit-gtr-marvel-iron-man-edition-outlook\\\/#breadcrumblist\",\"itemListElement\":[{\"@type\":\"ListItem\",\"@id\":\"https:\\\/\\\/www.rucashk.com\\\/pt\\\/#listItem\",\"position\":1,\"name\":\"Home\",\"item\":\"https:\\\/\\\/www.rucashk.com\\\/pt\\\/\",\"nextItem\":\"https:\\\/\\\/www.rucashk.com\\\/pt\\\/produto\\\/amazfit-gtr-marvel-iron-man-edition-outlook\\\/#listItem\"},{\"@type\":\"ListItem\",\"@id\":\"https:\\\/\\\/www.rucashk.com\\\/pt\\\/produto\\\/amazfit-gtr-marvel-iron-man-edition-outlook\\\/#listItem\",\"position\":2,\"name\":\"Amazfit GTR Marvel Iron Man Edition\\u00a0Outlook\",\"previousItem\":\"https:\\\/\\\/www.rucashk.com\\\/pt\\\/#listItem\"}]},{\"@type\":\"Organization\",\"@id\":\"https:\\\/\\\/www.rucashk.com\\\/pt\\\/#organization\",\"name\":\"Rucas\",\"url\":\"https:\\\/\\\/www.rucashk.com\\\/pt\\\/\",\"logo\":{\"@type\":\"ImageObject\",\"url\":\"https:\\\/\\\/www.rucashk.com\\\/wp-content\\\/uploads\\\/2023\\\/12\\\/Rucas_campany_logo.png\",\"@id\":\"https:\\\/\\\/www.rucashk.com\\\/pt\\\/produto\\\/amazfit-gtr-marvel-iron-man-edition-outlook\\\/#organizationLogo\",\"width\":221,\"height\":65},\"image\":{\"@id\":\"https:\\\/\\\/www.rucashk.com\\\/pt\\\/#organizationLogo\"}},{\"@type\":\"Person\",\"@id\":\"https:\\\/\\\/www.rucashk.com\\\/pt\\\/author\\\/admin\\\/#author\",\"url\":\"https:\\\/\\\/www.rucashk.com\\\/pt\\\/author\\\/admin\\\/\",\"name\":\"admin\",\"image\":{\"@type\":\"ImageObject\",\"@id\":\"https:\\\/\\\/www.rucashk.com\\\/pt\\\/produto\\\/amazfit-gtr-marvel-iron-man-edition-outlook\\\/#authorImage\",\"url\":\"https:\\\/\\\/secure.gravatar.com\\\/avatar\\\/b7c8925b09a27e72b30232f8ecaadbd5af0f70a38c78096863fe51b64f031c24?s=96&d=mm&r=g\",\"width\":96,\"height\":96,\"caption\":\"admin\"}},{\"@type\":\"WebPage\",\"@id\":\"https:\\\/\\\/www.rucashk.com\\\/pt\\\/produto\\\/amazfit-gtr-marvel-iron-man-edition-outlook\\\/#webpage\",\"url\":\"https:\\\/\\\/www.rucashk.com\\\/pt\\\/produto\\\/amazfit-gtr-marvel-iron-man-edition-outlook\\\/\",\"name\":\"Amazfit GTR Marvel Iron Man Edition Outlook - Rucas - Wholesale and Distribution\",\"description\":\"The Amazfit GTR Iron Man Limited Edition sports a 1.39-inch AMOLED color screen with a resolution of 454 \\u00d7 454. Support 12 kinds of sports. Support notification reminders, such as incoming calls, SMS, social application messages, email.\",\"inLanguage\":\"pt-PT\",\"isPartOf\":{\"@id\":\"https:\\\/\\\/www.rucashk.com\\\/pt\\\/#website\"},\"breadcrumb\":{\"@id\":\"https:\\\/\\\/www.rucashk.com\\\/pt\\\/produto\\\/amazfit-gtr-marvel-iron-man-edition-outlook\\\/#breadcrumblist\"},\"author\":{\"@id\":\"https:\\\/\\\/www.rucashk.com\\\/pt\\\/author\\\/admin\\\/#author\"},\"creator\":{\"@id\":\"https:\\\/\\\/www.rucashk.com\\\/pt\\\/author\\\/admin\\\/#author\"},\"image\":{\"@type\":\"ImageObject\",\"url\":\"https:\\\/\\\/www.rucashk.com\\\/wp-content\\\/uploads\\\/2024\\\/01\\\/Amazfit-GTR-Marvel-Iron-Man-Edition-Outlook.jpg\",\"@id\":\"https:\\\/\\\/www.rucashk.com\\\/pt\\\/produto\\\/amazfit-gtr-marvel-iron-man-edition-outlook\\\/#mainImage\",\"width\":710,\"height\":577},\"primaryImageOfPage\":{\"@id\":\"https:\\\/\\\/www.rucashk.com\\\/pt\\\/produto\\\/amazfit-gtr-marvel-iron-man-edition-outlook\\\/#mainImage\"},\"datePublished\":\"2024-01-09T15:51:50+00:00\",\"dateModified\":\"2024-03-12T04:14:53+00:00\"},{\"@type\":\"WebSite\",\"@id\":\"https:\\\/\\\/www.rucashk.com\\\/pt\\\/#website\",\"url\":\"https:\\\/\\\/www.rucashk.com\\\/pt\\\/\",\"name\":\"Rucas - Wholesale and distribution worldwide\",\"alternateName\":\"Rucas - One-stop AIoT Distribution Worldwide\",\"description\":\"One-stop AIoT Distribution Worldwide\",\"inLanguage\":\"pt-PT\",\"publisher\":{\"@id\":\"https:\\\/\\\/www.rucashk.com\\\/pt\\\/#organization\"}}]}\n\t\t<\/script>\n\t\t<!-- All in One SEO Pro -->\r\n\t\t<title>Amazfit GTR Marvel Iron Man Edition Outlook - Rucas - Wholesale and Distribution<\/title>\n\n","aioseo_head_json":{"title":"Amazfit GTR Marvel Iron Man Edition Outlook - Rucas - Wholesale and Distribution","description":"The Amazfit GTR Iron Man Limited Edition sports a 1.39-inch AMOLED color screen with a resolution of 454 \u00d7 454. Support 12 kinds of sports. Support notification reminders, such as incoming calls, SMS, social application messages, email.","canonical_url":"https:\/\/www.rucashk.com\/pt\/produto\/amazfit-gtr-marvel-iron-man-edition-outlook\/","robots":"max-image-preview:large","keywords":"","webmasterTools":{"miscellaneous":""},"og:locale":"pt_PT","og:site_name":"Rucas - One-stop AIoT Distribution Worldwide","og:type":"article","og:title":"Amazfit GTR Marvel Iron Man Edition Outlook - Rucas - Wholesale and Distribution","og:description":"The Amazfit GTR Iron Man Limited Edition sports a 1.39-inch AMOLED color screen with a resolution of 454 \u00d7 454. Support 12 kinds of sports. Support notification reminders, such as incoming calls, SMS, social application messages, email.","og:url":"https:\/\/www.rucashk.com\/pt\/produto\/amazfit-gtr-marvel-iron-man-edition-outlook\/","og:image":"https:\/\/www.rucashk.com\/wp-content\/uploads\/replace\/503b8e645f128a97ccde2b6290747646.jpeg","og:image:secure_url":"https:\/\/www.rucashk.com\/wp-content\/uploads\/replace\/503b8e645f128a97ccde2b6290747646.jpeg","og:image:width":1456,"og:image:height":816,"article:published_time":"2024-01-09T15:51:50+00:00","article:modified_time":"2024-03-12T04:14:53+00:00","twitter:card":"summary_large_image","twitter:title":"Amazfit GTR Marvel Iron Man Edition Outlook - Rucas - Wholesale and Distribution","twitter:description":"The Amazfit GTR Iron Man Limited Edition sports a 1.39-inch AMOLED color screen with a resolution of 454 \u00d7 454. Support 12 kinds of sports. Support notification reminders, such as incoming calls, SMS, social application messages, email.","twitter:image":"https:\/\/www.rucashk.com\/wp-content\/uploads\/replace\/503b8e645f128a97ccde2b6290747646.jpeg","schema":{"@context":"https:\/\/schema.org","@graph":[{"@type":"BreadcrumbList","@id":"https:\/\/www.rucashk.com\/pt\/produto\/amazfit-gtr-marvel-iron-man-edition-outlook\/#breadcrumblist","itemListElement":[{"@type":"ListItem","@id":"https:\/\/www.rucashk.com\/pt\/#listItem","position":1,"name":"Home","item":"https:\/\/www.rucashk.com\/pt\/","nextItem":"https:\/\/www.rucashk.com\/pt\/produto\/amazfit-gtr-marvel-iron-man-edition-outlook\/#listItem"},{"@type":"ListItem","@id":"https:\/\/www.rucashk.com\/pt\/produto\/amazfit-gtr-marvel-iron-man-edition-outlook\/#listItem","position":2,"name":"Amazfit GTR Marvel Iron Man Edition\u00a0Outlook","previousItem":"https:\/\/www.rucashk.com\/pt\/#listItem"}]},{"@type":"Organization","@id":"https:\/\/www.rucashk.com\/pt\/#organization","name":"Rucas","url":"https:\/\/www.rucashk.com\/pt\/","logo":{"@type":"ImageObject","url":"https:\/\/www.rucashk.com\/wp-content\/uploads\/2023\/12\/Rucas_campany_logo.png","@id":"https:\/\/www.rucashk.com\/pt\/produto\/amazfit-gtr-marvel-iron-man-edition-outlook\/#organizationLogo","width":221,"height":65},"image":{"@id":"https:\/\/www.rucashk.com\/pt\/#organizationLogo"}},{"@type":"Person","@id":"https:\/\/www.rucashk.com\/pt\/author\/admin\/#author","url":"https:\/\/www.rucashk.com\/pt\/author\/admin\/","name":"admin","image":{"@type":"ImageObject","@id":"https:\/\/www.rucashk.com\/pt\/produto\/amazfit-gtr-marvel-iron-man-edition-outlook\/#authorImage","url":"https:\/\/secure.gravatar.com\/avatar\/b7c8925b09a27e72b30232f8ecaadbd5af0f70a38c78096863fe51b64f031c24?s=96&d=mm&r=g","width":96,"height":96,"caption":"admin"}},{"@type":"WebPage","@id":"https:\/\/www.rucashk.com\/pt\/produto\/amazfit-gtr-marvel-iron-man-edition-outlook\/#webpage","url":"https:\/\/www.rucashk.com\/pt\/produto\/amazfit-gtr-marvel-iron-man-edition-outlook\/","name":"Amazfit GTR Marvel Iron Man Edition Outlook - Rucas - Wholesale and Distribution","description":"The Amazfit GTR Iron Man Limited Edition sports a 1.39-inch AMOLED color screen with a resolution of 454 \u00d7 454. Support 12 kinds of sports. Support notification reminders, such as incoming calls, SMS, social application messages, email.","inLanguage":"pt-PT","isPartOf":{"@id":"https:\/\/www.rucashk.com\/pt\/#website"},"breadcrumb":{"@id":"https:\/\/www.rucashk.com\/pt\/produto\/amazfit-gtr-marvel-iron-man-edition-outlook\/#breadcrumblist"},"author":{"@id":"https:\/\/www.rucashk.com\/pt\/author\/admin\/#author"},"creator":{"@id":"https:\/\/www.rucashk.com\/pt\/author\/admin\/#author"},"image":{"@type":"ImageObject","url":"https:\/\/www.rucashk.com\/wp-content\/uploads\/2024\/01\/Amazfit-GTR-Marvel-Iron-Man-Edition-Outlook.jpg","@id":"https:\/\/www.rucashk.com\/pt\/produto\/amazfit-gtr-marvel-iron-man-edition-outlook\/#mainImage","width":710,"height":577},"primaryImageOfPage":{"@id":"https:\/\/www.rucashk.com\/pt\/produto\/amazfit-gtr-marvel-iron-man-edition-outlook\/#mainImage"},"datePublished":"2024-01-09T15:51:50+00:00","dateModified":"2024-03-12T04:14:53+00:00"},{"@type":"WebSite","@id":"https:\/\/www.rucashk.com\/pt\/#website","url":"https:\/\/www.rucashk.com\/pt\/","name":"Rucas - Wholesale and distribution worldwide","alternateName":"Rucas - One-stop AIoT Distribution Worldwide","description":"One-stop AIoT Distribution Worldwide","inLanguage":"pt-PT","publisher":{"@id":"https:\/\/www.rucashk.com\/pt\/#organization"}}]}},"aioseo_meta_data":{"post_id":"23139","title":null,"description":null,"keywords":null,"keyphrases":null,"primary_term":null,"canonical_url":null,"og_title":null,"og_description":null,"og_object_type":"default","og_image_type":"default","og_image_url":null,"og_image_width":null,"og_image_height":null,"og_image_custom_url":null,"og_image_custom_fields":null,"og_video":null,"og_custom_url":null,"og_article_section":null,"og_article_tags":null,"twitter_use_og":false,"twitter_card":"default","twitter_image_type":"default","twitter_image_url":null,"twitter_image_custom_url":null,"twitter_image_custom_fields":null,"twitter_title":null,"twitter_description":null,"schema":{"blockGraphs":[],"customGraphs":[],"default":{"data":{"Article":[],"Course":[],"Dataset":[],"FAQPage":[],"Movie":[],"Person":[],"Product":[],"Recipe":[],"Service":[],"SoftwareApplication":[],"WebPage":[]},"graphName":"","isEnabled":true},"graphs":[]},"schema_type":"default","schema_type_options":null,"pillar_content":false,"robots_default":true,"robots_noindex":false,"robots_noarchive":false,"robots_nosnippet":false,"robots_nofollow":false,"robots_noimageindex":false,"robots_noodp":false,"robots_notranslate":false,"robots_max_snippet":null,"robots_max_videopreview":null,"robots_max_imagepreview":"large","priority":null,"frequency":null,"local_seo":null,"breadcrumb_settings":null,"limit_modified_date":false,"created":"2024-04-11 01:55:27","updated":"2025-06-22 16:59:03"},"aioseo_breadcrumb":"<div class=\"aioseo-breadcrumbs\"><span class=\"aioseo-breadcrumb\">\n\t<a href=\"https:\/\/www.rucashk.com\/pt\" title=\"Home\">Home<\/a>\n<\/span><span class=\"aioseo-breadcrumb-separator\">&raquo;<\/span><span class=\"aioseo-breadcrumb\">\n\t<a href=\"https:\/\/www.rucashk.com\/pt\/products\/\" title=\"Produtos\">Produtos<\/a>\n<\/span><span class=\"aioseo-breadcrumb-separator\">&raquo;<\/span><span class=\"aioseo-breadcrumb\">\n\t<a href=\"https:\/\/www.rucashk.com\/pt\/categoria-produto\/xiaomi-eco\/\" title=\"Xiaomi Eco\">Xiaomi Eco<\/a>\n<\/span><span class=\"aioseo-breadcrumb-separator\">&raquo;<\/span><span class=\"aioseo-breadcrumb\">\n\t<a href=\"https:\/\/www.rucashk.com\/pt\/categoria-produto\/xiaomi-eco\/amazfit-smartwatch\/\" title=\"Amazfit Smartwatch\">Amazfit Smartwatch<\/a>\n<\/span><span class=\"aioseo-breadcrumb-separator\">&raquo;<\/span><span class=\"aioseo-breadcrumb\">\n\tAmazfit GTR Marvel Iron Man Edition\u00a0Outlook\n<\/span><\/div>","aioseo_breadcrumb_json":[{"label":"Home","link":"https:\/\/www.rucashk.com\/pt"},{"label":"Produtos","link":"https:\/\/www.rucashk.com\/pt\/products\/"},{"label":"Xiaomi Eco","link":"https:\/\/www.rucashk.com\/pt\/categoria-produto\/xiaomi-eco\/"},{"label":"Amazfit Smartwatch","link":"https:\/\/www.rucashk.com\/pt\/categoria-produto\/xiaomi-eco\/amazfit-smartwatch\/"},{"label":"Amazfit GTR Marvel Iron Man Edition\u00a0Outlook","link":"https:\/\/www.rucashk.com\/pt\/produto\/amazfit-gtr-marvel-iron-man-edition-outlook\/"}],"_links":{"self":[{"href":"https:\/\/www.rucashk.com\/pt\/wp-json\/wp\/v2\/product\/23139","targetHints":{"allow":["GET"]}}],"collection":[{"href":"https:\/\/www.rucashk.com\/pt\/wp-json\/wp\/v2\/product"}],"about":[{"href":"https:\/\/www.rucashk.com\/pt\/wp-json\/wp\/v2\/types\/product"}],"wp:featuredmedia":[{"embeddable":true,"href":"https:\/\/www.rucashk.com\/pt\/wp-json\/wp\/v2\/media\/23197"}],"wp:attachment":[{"href":"https:\/\/www.rucashk.com\/pt\/wp-json\/wp\/v2\/media?parent=23139"}],"wp:term":[{"taxonomy":"product_brand","embeddable":true,"href":"https:\/\/www.rucashk.com\/pt\/wp-json\/wp\/v2\/product_brand?post=23139"},{"taxonomy":"product_cat","embeddable":true,"href":"https:\/\/www.rucashk.com\/pt\/wp-json\/wp\/v2\/product_cat?post=23139"},{"taxonomy":"product_tag","embeddable":true,"href":"https:\/\/www.rucashk.com\/pt\/wp-json\/wp\/v2\/product_tag?post=23139"}],"curies":[{"name":"wp","href":"https:\/\/api.w.org\/{rel}","templated":true}]}}