{"id":23138,"date":"2024-01-09T15:51:49","date_gmt":"2024-01-09T15:51:49","guid":{"rendered":"http:\/\/rucashk.com\/?post_type=product&#038;p=23138"},"modified":"2024-03-13T07:28:49","modified_gmt":"2024-03-13T07:28:49","slug":"amazfit-gtr-lite-47mm-smartwatch","status":"publish","type":"product","link":"https:\/\/www.rucashk.com\/pt\/produto\/amazfit-gtr-lite-47mm-smartwatch\/","title":{"rendered":"Smartwatch Amazfit GTR Lite 47mm"},"content":{"rendered":"<div id=\"description\" class=\"session jb_reviews2\">\n<div id=\"DESCRIPTION_HTML\">\n<div id=\"Description\" class=\"decription_cont\">\n<h3 id=\"title\" class=\"a-size-large a-spacing-none\"><span id=\"productTitle\" class=\"a-size-large\"><a class=\"\" style=\"width: auto !important\" href=\"https:\/\/www.rucashk.com\/pt\/produto\/amazfit-gtr-amoled-smart-watch-gpsglonass\/\" data-wpil-post-to-id=\"1807\">Amazfit GTR<\/a> Smartwatch Lite 47mm\u00a0<\/span><\/h3>\n<p><img decoding=\"async\" class=\"product_lazy\" src=\"\/wp-content\/uploads\/replace\/00558f16156fbf23f5da9ecc266e21de.jpeg\" alt=\"Amazfit GTR Lite 47mm Smartwatch AMOLED Screen 24 Days Battery Life 5ATM Waterproof - International Version\" data-original=\"\/\/img.gkbcdn.com\/s3\/d\/202005\/geekbuying-Amazfit-GTR-Lite-47mm-Smartwatch-853882-.jpg\" \/><img decoding=\"async\" class=\"product_lazy\" src=\"\/wp-content\/uploads\/replace\/b4bde79bd35a351145c043433546b2fc.jpeg\" alt=\"Amazfit GTR Lite 47mm Smartwatch AMOLED Screen 24 Days Battery Life 5ATM Waterproof - International Version\" data-original=\"\/\/img.gkbcdn.com\/s3\/d\/202005\/geekbuying-Amazfit-GTR-Lite-47mm-Smartwatch-853881-.jpg\" \/><img decoding=\"async\" class=\"product_lazy\" src=\"\/wp-content\/uploads\/replace\/148c44949be44dde7893f72507e0749a.jpeg\" alt=\"Amazfit GTR Lite 47mm Smartwatch AMOLED Screen 24 Days Battery Life 5ATM Waterproof - International Version\" data-original=\"\/\/img.gkbcdn.com\/s3\/d\/202005\/geekbuying-Amazfit-GTR-Lite-47mm-Smartwatch-853883-.jpg\" \/><img decoding=\"async\" class=\"product_lazy\" src=\"\/wp-content\/uploads\/replace\/0d272b60255c7348fec1bbee07b9811f.jpeg\" alt=\"Amazfit GTR Lite 47mm Smartwatch AMOLED Screen 24 Days Battery Life 5ATM Waterproof - International Version\" data-original=\"\/\/img.gkbcdn.com\/s3\/d\/202005\/geekbuying-Amazfit-GTR-Lite-47mm-Smartwatch-853884-.jpg\" \/><img decoding=\"async\" class=\"product_lazy\" src=\"\/wp-content\/uploads\/replace\/6acd12e9cadb1dec081c96d685e91c66.jpeg\" alt=\"Amazfit GTR Lite 47mm Smartwatch AMOLED Screen 24 Days Battery Life 5ATM Waterproof - International Version\" data-original=\"\/\/img.gkbcdn.com\/s3\/d\/202005\/geekbuying-Amazfit-GTR-Lite-47mm-Smartwatch-853885-.jpg\" \/><img decoding=\"async\" class=\"product_lazy\" src=\"\/wp-content\/uploads\/replace\/f0b411c5791086ab8a6b0080548fe1f4.jpeg\" alt=\"Amazfit GTR Lite 47mm Smartwatch AMOLED Screen 24 Days Battery Life 5ATM Waterproof - International Version\" data-original=\"\/\/img.gkbcdn.com\/s3\/d\/202005\/geekbuying-Amazfit-GTR-Lite-47mm-Smartwatch-853880-.jpg\" \/><\/p>\n<h2>Destaques<\/h2>\n<p><strong>Design elegante<\/strong><\/p>\n<p>Elegante e elegante <a class=\"\" style=\"width: auto !important\" href=\"https:\/\/www.rucashk.com\/pt\/xiaomi-has-a-1-28-inch-smart-watch-with-round-design-on-its-shelves\/\" data-wpil-post-to-id=\"8623\">design dando-lhe um rel\u00f3gio tradicional<\/a> olhar. Grande variedade de <a class=\"\" style=\"width: auto !important\" href=\"https:\/\/www.rucashk.com\/pt\/galaxy-watch-3-exposure-built-in-blood-pressure-monitoring-sensor\/\" data-wpil-post-to-id=\"15073\">rel\u00f3gio embutido<\/a> rostos para se adequar a qualquer ocasi\u00e3o, desde as esportivas at\u00e9 as mais elegantes e tradicionais.<\/p>\n<p><strong>Artesanato Premium<\/strong><\/p>\n<p>Tela AMOLED de 1,39 polegadas com alta resolu\u00e7\u00e3o de 326PPI (n\u00edvel retina). Vidro Corning Gorilla 3 e revestimento anti-impress\u00e3o digital. Resolu\u00e7\u00e3o 454x454.<\/p>\n<p><strong>5 ATM de resist\u00eancia \u00e0 \u00e1gua<\/strong><\/p>\n<p>Resist\u00eancia \u00e0 \u00e1gua de 5 ATM para garantir um uso normal at\u00e9 50 metros de press\u00e3o de \u00e1gua.<\/p>\n<p><b>24 dias <a class=\"\" style=\"width: auto !important\" href=\"https:\/\/www.rucashk.com\/pt\/xiaomi-scooter-1s-released-30km-battery-life\/\" data-wpil-post-to-id=\"6898\">Vida \u00fatil da bateria<\/a><\/b><\/p>\n<p>24 dias <a class=\"\" style=\"width: auto !important\" href=\"https:\/\/www.rucashk.com\/pt\/xiaomi-scooter-1s-released-30km-battery-life\/\" data-wpil-post-to-id=\"6898\">vida \u00fatil da bateria<\/a> para evitar cobran\u00e7as frequentes e concentrar-se em suas atividades di\u00e1rias sem pensar.<\/p>\n<p><strong>Medi\u00e7\u00e3o da frequ\u00eancia card\u00edaca\u00a0<\/strong><\/p>\n<p>Cora\u00e7\u00e3o \u00d3ptico BioTracker\u2122 PPG <a class=\"\" style=\"width: auto !important\" href=\"https:\/\/www.rucashk.com\/pt\/produto\/xiaomi-mi-usb-c-charger-65w-output-rate-socket-power-adapter\/\" data-wpil-post-to-id=\"2611\">Sensor de frequ\u00eancia, sensor de acelera\u00e7\u00e3o de 6 eixos, sensor de luz ambiente, para obter medi\u00e7\u00e3o de frequ\u00eancia card\u00edaca ininterrupta 24 horas por dia, 7 dias por semana, com mais efici\u00eancia e menor consumo de energia<\/a> consumo<\/p>\n<p><strong>8 <a class=\"\" style=\"width: auto !important\" href=\"https:\/\/www.rucashk.com\/pt\/5-sport-modes-are-added-in-mi-bracelet-5-control-phones-to-shoot-pictures\/\" data-wpil-post-to-id=\"9254\">Modos esportivos<\/a><\/strong><\/p>\n<p>8 modalidades esportivas: corrida ao ar livre, esteira, caminhada, ciclismo ao ar livre, ciclismo indoor, aparelho el\u00edptico, nata\u00e7\u00e3o na piscina, exerc\u00edcios.<\/p>\n<p><strong>Assistente pessoal e de sa\u00fade<\/strong><\/p>\n<p>Levante o pulso para iluminar a tela e desbloquear, e verifique a hora e as mensagens em tempo real. Monitoramento do sono para entender melhor seu padr\u00e3o de sono. Notifica\u00e7\u00f5es inteligentes para receber todas as chamadas recebidas importantes, SMS, envio de aplicativos, etc., em tempo h\u00e1bil no seu pulso.<\/p>\n<h2>Especifica\u00e7\u00e3o<\/h2>\n<table border=\"1\" cellspacing=\"0\" cellpadding=\"0\">\n<tbody>\n<tr>\n<td><strong>Em geral<\/strong><\/td>\n<td>Marca: Amazonfit<br \/>\nN\u00famero do modelo: GTR Lite<br \/>\nTela: AMOLED<br \/>\nVers\u00e3o Bluetooth: Bluetooth 5.0<br \/>\n<a class=\"\" style=\"width: auto !important\" href=\"https:\/\/www.rucashk.com\/pt\/new-product-launch-powerful-function-oclean-x-smart-touch-screen-electric-toothbrush\/\" data-wpil-post-to-id=\"15466\">Resolu\u00e7\u00e3o da tela: 454x<\/a> 454<br \/>\nTamanho da tela: 1,39 polegadas<br \/>\nMem\u00f3ria Externa: N\u00e3o Suportada<br \/>\nModo operacional: <a href=\"https:\/\/www.rucashk.com\/pt\/new-product-launch-powerful-function-oclean-x-smart-touch-screen-electric-toothbrush\/\" class=\"\" style=\"width: auto !important\" data-wpil-post-to-id=\"15466\">Tela sens\u00edvel ao toque<\/a><br \/>\nRAM: 16 MB<br \/>\nROM: 40 MB<br \/>\n\u00c0 prova d&#039;\u00e1gua\/resistente \u00e0 \u00e1gua: sim<br \/>\nClassifica\u00e7\u00e3o IP: 5ATM<\/td>\n<\/tr>\n<tr>\n<td><strong>Fun\u00e7\u00f5es<\/strong><\/td>\n<td>Tipo de alerta: Vibra\u00e7\u00e3o<br \/>\nAnti-perdido: Sim<br \/>\nChamada Bluetooth: lembrete de chamada telef\u00f4nica, rejeitar atender o telefone<br \/>\nDist\u00e2ncia do Bluetooth: Sem obst\u00e1culos 10m \u2013 15m<br \/>\nEncontrar telefone: Sim<br \/>\nRastreador de sa\u00fade: monitor de frequ\u00eancia card\u00edaca, ped\u00f4metro, lembrete sedent\u00e1rio, monitor de sono<br \/>\nMensagens: verifica\u00e7\u00e3o de mensagens<br \/>\nNotifica\u00e7\u00e3o: Sim<br \/>\nOutras fun\u00e7\u00f5es: Alarme, Bar\u00f4metro, Bluetooth, Ajuste de brilho, Calend\u00e1rio, B\u00fassola, Contagem regressiva, Lembrete de bateria fraca, Cron\u00f4metro, \u00c0 prova d&#039;\u00e1gua, Previs\u00e3o do tempo<br \/>\nTipo de notifica\u00e7\u00e3o: Facebook,G-mail,Instagram,Mensagem,QQ,Skype,Twitter,Wechat,Weibo,WhatsApp<br \/>\n<a class=\"\" style=\"width: auto !important\" href=\"https:\/\/www.rucashk.com\/pt\/update-your-air-conditioning-xiaomi-releases-a-smart-ai-universal-remote-control\/\" data-wpil-post-to-id=\"9669\">Controle remoto<\/a> fun\u00e7\u00e3o: C\u00e2mera Remota<br \/>\nCompat\u00edvel <a class=\"\" style=\"width: auto !important\" href=\"https:\/\/www.rucashk.com\/pt\/ebay-launches-its-dark-theme-on-android-system\/\" data-wpil-post-to-id=\"10579\">Vers\u00e3o do sistema: Android<\/a> 5.0 e superior, iOS 10.0 e superior<\/td>\n<\/tr>\n<tr>\n<td><strong>Bateria<\/strong><\/td>\n<td>Capacidade da bateria: 410mAh<br \/>\nTempo de carregamento: cerca de 2 horas<br \/>\nTempo de espera: 24 dias no modo de vida di\u00e1ria, a vida \u00fatil do rel\u00f3gio b\u00e1sico \u00e9 de 74 dias<\/td>\n<\/tr>\n<tr>\n<td><strong>Discagem e banda<\/strong><\/td>\n<td>Material da pulseira: Silicone<br \/>\nMaterial da caixa: Cer\u00e2mica, Metal<br \/>\nFormato do mostrador: Redondo<br \/>\nTamanho do mostrador: 1,39 polegadas<br \/>\nTamanho da banda: 22mm<\/td>\n<\/tr>\n<tr>\n<td><strong>Caracter\u00edsticas<\/strong><\/td>\n<td>SO compat\u00edvel: Android, IOS<br \/>\nVers\u00e3o do sistema operacional compat\u00edvel: Android5.0 e superior, iOS10.0 e superior<br \/>\nIdioma: \u00e1rabe, ingl\u00eas, franc\u00eas, alem\u00e3o, italiano, portugu\u00eas (Brasil), russo, espanhol, chin\u00eas tradicional, turco<br \/>\nCor dispon\u00edvel: Preto<\/td>\n<\/tr>\n<tr>\n<td><strong>Dimens\u00f5es e peso<\/strong><\/td>\n<td>Peso do produto: 0,0360 kg<br \/>\nPeso da embalagem: 0,2872 kg<br \/>\nTamanho do produto (C x L x A): 4,72 x 4,72 x 1,08 cm \/ 1,86 x 1,86 x 0,43 polegadas<br \/>\nTamanho do pacote (C x L x A): 11,50 x 11,30 x 5,50 cm \/ 4,53 x 4,45 x 2,17 polegadas<\/td>\n<\/tr>\n<tr>\n<td><strong>conte\u00fado do pacote<\/strong><\/td>\n<td>Conte\u00fado do pacote: 1 x rel\u00f3gio inteligente, 1 x carregador, 1 x manual do usu\u00e1rio (ingl\u00eas, espanhol, russo, italiano, franc\u00eas, chin\u00eas tradicional, portugu\u00eas, alem\u00e3o, turco, polon\u00eas, \u00e1rabe)<\/td>\n<\/tr>\n<\/tbody>\n<\/table>\n<\/div>\n<\/div>\n<\/div>\n<div class=\"jb_reviews\"><\/div>","protected":false},"excerpt":{"rendered":"<p><strong>Design elegante<\/strong><\/p>\n<p><strong>5 ATM de resist\u00eancia \u00e0 \u00e1gua<\/strong><\/p>\n<p><b>24 dias de vida \u00fatil da bateria<\/b><\/p>\n<p><strong>Medi\u00e7\u00e3o da frequ\u00eancia card\u00edaca<\/strong><\/p>\n<p><strong>8 modos esportivos<\/strong><\/p>\n<p><strong>Assistente pessoal e de sa\u00fade<\/strong><\/p>","protected":false},"featured_media":23196,"template":"","meta":[],"product_brand":[],"product_cat":[1339,1305],"product_tag":[],"class_list":{"0":"post-23138","1":"product","2":"type-product","3":"status-publish","4":"has-post-thumbnail","6":"product_cat-amazfit-smartwatch","7":"product_cat-xiaomi-eco","9":"first","10":"instock","11":"shipping-taxable","12":"product-type-external"},"aioseo_notices":[],"aioseo_head":"\n\t\t<!-- All in One SEO Pro 4.5.9.2 - aioseo.com -->\n\t\t<meta name=\"description\" content=\"Elegant Design 5 ATM Water-resistance 24 Days Battery Life Heart Rate Measurement 8 Sports Modes Personal &amp; Health Assistant\" \/>\n\t\t<meta name=\"robots\" content=\"max-image-preview:large\" \/>\n\t\t<link rel=\"canonical\" href=\"https:\/\/www.rucashk.com\/pt\/produto\/amazfit-gtr-lite-47mm-smartwatch\/\" \/>\n\t\t<meta name=\"generator\" content=\"All in One SEO Pro (AIOSEO) 4.5.9.2\" \/>\n\t\t<meta property=\"og:locale\" content=\"pt_PT\" \/>\n\t\t<meta property=\"og:site_name\" content=\"Rucas - One-stop AIoT Distribution Worldwide\" \/>\n\t\t<meta property=\"og:type\" content=\"article\" \/>\n\t\t<meta property=\"og:title\" content=\"Amazfit GTR Lite 47mm Smartwatch - Rucas - Wholesale and Distribution\" \/>\n\t\t<meta property=\"og:description\" content=\"Elegant Design 5 ATM Water-resistance 24 Days Battery Life Heart Rate Measurement 8 Sports Modes Personal &amp; Health Assistant\" \/>\n\t\t<meta property=\"og:url\" content=\"https:\/\/www.rucashk.com\/pt\/produto\/amazfit-gtr-lite-47mm-smartwatch\/\" \/>\n\t\t<meta property=\"og:image\" content=\"https:\/\/www.rucashk.com\/wp-content\/uploads\/replace\/503b8e645f128a97ccde2b6290747646.jpeg\" \/>\n\t\t<meta property=\"og:image:secure_url\" content=\"https:\/\/www.rucashk.com\/wp-content\/uploads\/replace\/503b8e645f128a97ccde2b6290747646.jpeg\" \/>\n\t\t<meta property=\"og:image:width\" content=\"1456\" \/>\n\t\t<meta property=\"og:image:height\" content=\"816\" \/>\n\t\t<meta property=\"article:published_time\" content=\"2024-01-09T15:51:49+00:00\" \/>\n\t\t<meta property=\"article:modified_time\" content=\"2024-03-13T07:28:49+00:00\" \/>\n\t\t<meta name=\"twitter:card\" content=\"summary_large_image\" \/>\n\t\t<meta name=\"twitter:title\" content=\"Amazfit GTR Lite 47mm Smartwatch - Rucas - Wholesale and Distribution\" \/>\n\t\t<meta name=\"twitter:description\" content=\"Elegant Design 5 ATM Water-resistance 24 Days Battery Life Heart Rate Measurement 8 Sports Modes Personal &amp; Health Assistant\" \/>\n\t\t<meta name=\"twitter:image\" content=\"https:\/\/www.rucashk.com\/wp-content\/uploads\/replace\/503b8e645f128a97ccde2b6290747646.jpeg\" \/>\n\t\t<script type=\"application\/ld+json\" class=\"aioseo-schema\">\n\t\t\t{\"@context\":\"https:\\\/\\\/schema.org\",\"@graph\":[{\"@type\":\"BreadcrumbList\",\"@id\":\"https:\\\/\\\/www.rucashk.com\\\/pt\\\/produto\\\/amazfit-gtr-lite-47mm-smartwatch\\\/#breadcrumblist\",\"itemListElement\":[{\"@type\":\"ListItem\",\"@id\":\"https:\\\/\\\/www.rucashk.com\\\/pt\\\/#listItem\",\"position\":1,\"name\":\"Home\",\"item\":\"https:\\\/\\\/www.rucashk.com\\\/pt\\\/\",\"nextItem\":\"https:\\\/\\\/www.rucashk.com\\\/pt\\\/produto\\\/amazfit-gtr-lite-47mm-smartwatch\\\/#listItem\"},{\"@type\":\"ListItem\",\"@id\":\"https:\\\/\\\/www.rucashk.com\\\/pt\\\/produto\\\/amazfit-gtr-lite-47mm-smartwatch\\\/#listItem\",\"position\":2,\"name\":\"Amazfit GTR Lite 47mm Smartwatch\",\"previousItem\":\"https:\\\/\\\/www.rucashk.com\\\/pt\\\/#listItem\"}]},{\"@type\":\"Organization\",\"@id\":\"https:\\\/\\\/www.rucashk.com\\\/pt\\\/#organization\",\"name\":\"Rucas\",\"url\":\"https:\\\/\\\/www.rucashk.com\\\/pt\\\/\",\"logo\":{\"@type\":\"ImageObject\",\"url\":\"https:\\\/\\\/www.rucashk.com\\\/wp-content\\\/uploads\\\/2023\\\/12\\\/Rucas_campany_logo.png\",\"@id\":\"https:\\\/\\\/www.rucashk.com\\\/pt\\\/produto\\\/amazfit-gtr-lite-47mm-smartwatch\\\/#organizationLogo\",\"width\":221,\"height\":65},\"image\":{\"@id\":\"https:\\\/\\\/www.rucashk.com\\\/pt\\\/#organizationLogo\"}},{\"@type\":\"Person\",\"@id\":\"https:\\\/\\\/www.rucashk.com\\\/pt\\\/author\\\/admin\\\/#author\",\"url\":\"https:\\\/\\\/www.rucashk.com\\\/pt\\\/author\\\/admin\\\/\",\"name\":\"admin\",\"image\":{\"@type\":\"ImageObject\",\"@id\":\"https:\\\/\\\/www.rucashk.com\\\/pt\\\/produto\\\/amazfit-gtr-lite-47mm-smartwatch\\\/#authorImage\",\"url\":\"https:\\\/\\\/secure.gravatar.com\\\/avatar\\\/b7c8925b09a27e72b30232f8ecaadbd5af0f70a38c78096863fe51b64f031c24?s=96&d=mm&r=g\",\"width\":96,\"height\":96,\"caption\":\"admin\"}},{\"@type\":\"WebPage\",\"@id\":\"https:\\\/\\\/www.rucashk.com\\\/pt\\\/produto\\\/amazfit-gtr-lite-47mm-smartwatch\\\/#webpage\",\"url\":\"https:\\\/\\\/www.rucashk.com\\\/pt\\\/produto\\\/amazfit-gtr-lite-47mm-smartwatch\\\/\",\"name\":\"Amazfit GTR Lite 47mm Smartwatch - Rucas - Wholesale and Distribution\",\"description\":\"Elegant Design 5 ATM Water-resistance 24 Days Battery Life Heart Rate Measurement 8 Sports Modes Personal & Health Assistant\",\"inLanguage\":\"pt-PT\",\"isPartOf\":{\"@id\":\"https:\\\/\\\/www.rucashk.com\\\/pt\\\/#website\"},\"breadcrumb\":{\"@id\":\"https:\\\/\\\/www.rucashk.com\\\/pt\\\/produto\\\/amazfit-gtr-lite-47mm-smartwatch\\\/#breadcrumblist\"},\"author\":{\"@id\":\"https:\\\/\\\/www.rucashk.com\\\/pt\\\/author\\\/admin\\\/#author\"},\"creator\":{\"@id\":\"https:\\\/\\\/www.rucashk.com\\\/pt\\\/author\\\/admin\\\/#author\"},\"image\":{\"@type\":\"ImageObject\",\"url\":\"https:\\\/\\\/www.rucashk.com\\\/wp-content\\\/uploads\\\/2024\\\/01\\\/Amazfit-GTR-Lite-47mm-Smartwatch.jpg\",\"@id\":\"https:\\\/\\\/www.rucashk.com\\\/pt\\\/produto\\\/amazfit-gtr-lite-47mm-smartwatch\\\/#mainImage\",\"width\":800,\"height\":800},\"primaryImageOfPage\":{\"@id\":\"https:\\\/\\\/www.rucashk.com\\\/pt\\\/produto\\\/amazfit-gtr-lite-47mm-smartwatch\\\/#mainImage\"},\"datePublished\":\"2024-01-09T15:51:49+00:00\",\"dateModified\":\"2024-03-13T07:28:49+00:00\"},{\"@type\":\"WebSite\",\"@id\":\"https:\\\/\\\/www.rucashk.com\\\/pt\\\/#website\",\"url\":\"https:\\\/\\\/www.rucashk.com\\\/pt\\\/\",\"name\":\"Rucas - Wholesale and distribution worldwide\",\"alternateName\":\"Rucas - One-stop AIoT Distribution Worldwide\",\"description\":\"One-stop AIoT Distribution Worldwide\",\"inLanguage\":\"pt-PT\",\"publisher\":{\"@id\":\"https:\\\/\\\/www.rucashk.com\\\/pt\\\/#organization\"}}]}\n\t\t<\/script>\n\t\t<!-- All in One SEO Pro -->\r\n\t\t<title>Amazfit GTR Lite 47mm Smartwatch - Rucas - Wholesale and Distribution<\/title>\n\n","aioseo_head_json":{"title":"Amazfit GTR Lite 47mm Smartwatch - Rucas - Wholesale and Distribution","description":"Elegant Design 5 ATM Water-resistance 24 Days Battery Life Heart Rate Measurement 8 Sports Modes Personal & Health Assistant","canonical_url":"https:\/\/www.rucashk.com\/pt\/produto\/amazfit-gtr-lite-47mm-smartwatch\/","robots":"max-image-preview:large","keywords":"","webmasterTools":{"miscellaneous":""},"og:locale":"pt_PT","og:site_name":"Rucas - One-stop AIoT Distribution Worldwide","og:type":"article","og:title":"Amazfit GTR Lite 47mm Smartwatch - Rucas - Wholesale and Distribution","og:description":"Elegant Design 5 ATM Water-resistance 24 Days Battery Life Heart Rate Measurement 8 Sports Modes Personal &amp; Health Assistant","og:url":"https:\/\/www.rucashk.com\/pt\/produto\/amazfit-gtr-lite-47mm-smartwatch\/","og:image":"https:\/\/www.rucashk.com\/wp-content\/uploads\/replace\/503b8e645f128a97ccde2b6290747646.jpeg","og:image:secure_url":"https:\/\/www.rucashk.com\/wp-content\/uploads\/replace\/503b8e645f128a97ccde2b6290747646.jpeg","og:image:width":1456,"og:image:height":816,"article:published_time":"2024-01-09T15:51:49+00:00","article:modified_time":"2024-03-13T07:28:49+00:00","twitter:card":"summary_large_image","twitter:title":"Amazfit GTR Lite 47mm Smartwatch - Rucas - Wholesale and Distribution","twitter:description":"Elegant Design 5 ATM Water-resistance 24 Days Battery Life Heart Rate Measurement 8 Sports Modes Personal &amp; Health Assistant","twitter:image":"https:\/\/www.rucashk.com\/wp-content\/uploads\/replace\/503b8e645f128a97ccde2b6290747646.jpeg","schema":{"@context":"https:\/\/schema.org","@graph":[{"@type":"BreadcrumbList","@id":"https:\/\/www.rucashk.com\/pt\/produto\/amazfit-gtr-lite-47mm-smartwatch\/#breadcrumblist","itemListElement":[{"@type":"ListItem","@id":"https:\/\/www.rucashk.com\/pt\/#listItem","position":1,"name":"Home","item":"https:\/\/www.rucashk.com\/pt\/","nextItem":"https:\/\/www.rucashk.com\/pt\/produto\/amazfit-gtr-lite-47mm-smartwatch\/#listItem"},{"@type":"ListItem","@id":"https:\/\/www.rucashk.com\/pt\/produto\/amazfit-gtr-lite-47mm-smartwatch\/#listItem","position":2,"name":"Amazfit GTR Lite 47mm Smartwatch","previousItem":"https:\/\/www.rucashk.com\/pt\/#listItem"}]},{"@type":"Organization","@id":"https:\/\/www.rucashk.com\/pt\/#organization","name":"Rucas","url":"https:\/\/www.rucashk.com\/pt\/","logo":{"@type":"ImageObject","url":"https:\/\/www.rucashk.com\/wp-content\/uploads\/2023\/12\/Rucas_campany_logo.png","@id":"https:\/\/www.rucashk.com\/pt\/produto\/amazfit-gtr-lite-47mm-smartwatch\/#organizationLogo","width":221,"height":65},"image":{"@id":"https:\/\/www.rucashk.com\/pt\/#organizationLogo"}},{"@type":"Person","@id":"https:\/\/www.rucashk.com\/pt\/author\/admin\/#author","url":"https:\/\/www.rucashk.com\/pt\/author\/admin\/","name":"admin","image":{"@type":"ImageObject","@id":"https:\/\/www.rucashk.com\/pt\/produto\/amazfit-gtr-lite-47mm-smartwatch\/#authorImage","url":"https:\/\/secure.gravatar.com\/avatar\/b7c8925b09a27e72b30232f8ecaadbd5af0f70a38c78096863fe51b64f031c24?s=96&d=mm&r=g","width":96,"height":96,"caption":"admin"}},{"@type":"WebPage","@id":"https:\/\/www.rucashk.com\/pt\/produto\/amazfit-gtr-lite-47mm-smartwatch\/#webpage","url":"https:\/\/www.rucashk.com\/pt\/produto\/amazfit-gtr-lite-47mm-smartwatch\/","name":"Amazfit GTR Lite 47mm Smartwatch - Rucas - Wholesale and Distribution","description":"Elegant Design 5 ATM Water-resistance 24 Days Battery Life Heart Rate Measurement 8 Sports Modes Personal & Health Assistant","inLanguage":"pt-PT","isPartOf":{"@id":"https:\/\/www.rucashk.com\/pt\/#website"},"breadcrumb":{"@id":"https:\/\/www.rucashk.com\/pt\/produto\/amazfit-gtr-lite-47mm-smartwatch\/#breadcrumblist"},"author":{"@id":"https:\/\/www.rucashk.com\/pt\/author\/admin\/#author"},"creator":{"@id":"https:\/\/www.rucashk.com\/pt\/author\/admin\/#author"},"image":{"@type":"ImageObject","url":"https:\/\/www.rucashk.com\/wp-content\/uploads\/2024\/01\/Amazfit-GTR-Lite-47mm-Smartwatch.jpg","@id":"https:\/\/www.rucashk.com\/pt\/produto\/amazfit-gtr-lite-47mm-smartwatch\/#mainImage","width":800,"height":800},"primaryImageOfPage":{"@id":"https:\/\/www.rucashk.com\/pt\/produto\/amazfit-gtr-lite-47mm-smartwatch\/#mainImage"},"datePublished":"2024-01-09T15:51:49+00:00","dateModified":"2024-03-13T07:28:49+00:00"},{"@type":"WebSite","@id":"https:\/\/www.rucashk.com\/pt\/#website","url":"https:\/\/www.rucashk.com\/pt\/","name":"Rucas - Wholesale and distribution worldwide","alternateName":"Rucas - One-stop AIoT Distribution Worldwide","description":"One-stop AIoT Distribution Worldwide","inLanguage":"pt-PT","publisher":{"@id":"https:\/\/www.rucashk.com\/pt\/#organization"}}]}},"aioseo_meta_data":{"post_id":"23138","title":null,"description":null,"keywords":null,"keyphrases":null,"primary_term":null,"canonical_url":null,"og_title":null,"og_description":null,"og_object_type":"default","og_image_type":"default","og_image_url":null,"og_image_width":null,"og_image_height":null,"og_image_custom_url":null,"og_image_custom_fields":null,"og_video":null,"og_custom_url":null,"og_article_section":null,"og_article_tags":null,"twitter_use_og":false,"twitter_card":"default","twitter_image_type":"default","twitter_image_url":null,"twitter_image_custom_url":null,"twitter_image_custom_fields":null,"twitter_title":null,"twitter_description":null,"schema":{"blockGraphs":[],"customGraphs":[],"default":{"data":{"Article":[],"Course":[],"Dataset":[],"FAQPage":[],"Movie":[],"Person":[],"Product":[],"Recipe":[],"Service":[],"SoftwareApplication":[],"WebPage":[]},"graphName":"","isEnabled":true},"graphs":[]},"schema_type":"default","schema_type_options":null,"pillar_content":false,"robots_default":true,"robots_noindex":false,"robots_noarchive":false,"robots_nosnippet":false,"robots_nofollow":false,"robots_noimageindex":false,"robots_noodp":false,"robots_notranslate":false,"robots_max_snippet":null,"robots_max_videopreview":null,"robots_max_imagepreview":"large","priority":null,"frequency":null,"local_seo":null,"breadcrumb_settings":null,"limit_modified_date":false,"created":"2024-04-11 01:55:26","updated":"2025-06-22 16:59:03"},"aioseo_breadcrumb":"<div class=\"aioseo-breadcrumbs\"><span class=\"aioseo-breadcrumb\">\n\t<a href=\"https:\/\/www.rucashk.com\/pt\" title=\"Home\">Home<\/a>\n<\/span><span class=\"aioseo-breadcrumb-separator\">&raquo;<\/span><span class=\"aioseo-breadcrumb\">\n\t<a href=\"https:\/\/www.rucashk.com\/pt\/products\/\" title=\"Produtos\">Produtos<\/a>\n<\/span><span class=\"aioseo-breadcrumb-separator\">&raquo;<\/span><span class=\"aioseo-breadcrumb\">\n\t<a href=\"https:\/\/www.rucashk.com\/pt\/categoria-produto\/xiaomi-eco\/\" title=\"Xiaomi Eco\">Xiaomi Eco<\/a>\n<\/span><span class=\"aioseo-breadcrumb-separator\">&raquo;<\/span><span class=\"aioseo-breadcrumb\">\n\t<a href=\"https:\/\/www.rucashk.com\/pt\/categoria-produto\/xiaomi-eco\/amazfit-smartwatch\/\" title=\"Amazfit Smartwatch\">Amazfit Smartwatch<\/a>\n<\/span><span class=\"aioseo-breadcrumb-separator\">&raquo;<\/span><span class=\"aioseo-breadcrumb\">\n\tAmazfit GTR Lite 47mm Smartwatch\n<\/span><\/div>","aioseo_breadcrumb_json":[{"label":"Home","link":"https:\/\/www.rucashk.com\/pt"},{"label":"Produtos","link":"https:\/\/www.rucashk.com\/pt\/products\/"},{"label":"Xiaomi Eco","link":"https:\/\/www.rucashk.com\/pt\/categoria-produto\/xiaomi-eco\/"},{"label":"Amazfit Smartwatch","link":"https:\/\/www.rucashk.com\/pt\/categoria-produto\/xiaomi-eco\/amazfit-smartwatch\/"},{"label":"Amazfit GTR Lite 47mm Smartwatch","link":"https:\/\/www.rucashk.com\/pt\/produto\/amazfit-gtr-lite-47mm-smartwatch\/"}],"_links":{"self":[{"href":"https:\/\/www.rucashk.com\/pt\/wp-json\/wp\/v2\/product\/23138","targetHints":{"allow":["GET"]}}],"collection":[{"href":"https:\/\/www.rucashk.com\/pt\/wp-json\/wp\/v2\/product"}],"about":[{"href":"https:\/\/www.rucashk.com\/pt\/wp-json\/wp\/v2\/types\/product"}],"wp:featuredmedia":[{"embeddable":true,"href":"https:\/\/www.rucashk.com\/pt\/wp-json\/wp\/v2\/media\/23196"}],"wp:attachment":[{"href":"https:\/\/www.rucashk.com\/pt\/wp-json\/wp\/v2\/media?parent=23138"}],"wp:term":[{"taxonomy":"product_brand","embeddable":true,"href":"https:\/\/www.rucashk.com\/pt\/wp-json\/wp\/v2\/product_brand?post=23138"},{"taxonomy":"product_cat","embeddable":true,"href":"https:\/\/www.rucashk.com\/pt\/wp-json\/wp\/v2\/product_cat?post=23138"},{"taxonomy":"product_tag","embeddable":true,"href":"https:\/\/www.rucashk.com\/pt\/wp-json\/wp\/v2\/product_tag?post=23138"}],"curies":[{"name":"wp","href":"https:\/\/api.w.org\/{rel}","templated":true}]}}