{"id":23106,"date":"2024-01-09T15:51:27","date_gmt":"2024-01-09T15:51:27","guid":{"rendered":"http:\/\/rucashk.com\/?post_type=product&#038;p=23106"},"modified":"2024-03-12T04:16:29","modified_gmt":"2024-03-12T04:16:29","slug":"amazfit-gtr-47mm-smartwatch-wholesale","status":"publish","type":"product","link":"https:\/\/www.rucashk.com\/pt\/produto\/amazfit-gtr-47mm-smartwatch-wholesale\/","title":{"rendered":"Amazfit GTR 47mm Smartwatch atacado"},"content":{"rendered":"<h3 style=\"text-align: center\">Smartwatch Amazfit Gtr 47mm<\/h3>\n<h2><img fetchpriority=\"high\" decoding=\"async\" class=\"a-spacing-base aligncenter\" style=\"font-size: 16px\" src=\"\/wp-content\/uploads\/replace\/60f6a81fcb7d1b8408de2cfa9ebf2b2f.jpeg\" alt=\"Amazfit\u00a0GTR 47mm Smartwatch Wholesale\" width=\"680\" height=\"420\" data-src=\"\/wp-content\/uploads\/replace\/60f6a81fcb7d1b8408de2cfa9ebf2b2f.jpeg\" \/><\/h2>\n<div class=\"aplus-v2 desktop celwidget\" data-cel-widget=\"aplus\">\n<div class=\"celwidget aplus-module 3p-module-b\" data-cel-widget=\"aplus-3p-module-b\">\n<div class=\"aplus-3p-fixed-width\">\n<p class=\"a-spacing-base\" style=\"text-align: center\">O <a class=\"\" style=\"width: auto !important\" href=\"https:\/\/www.rucashk.com\/pt\/produto\/amazfit-gtr-amoled-smart-watch-gpsglonass\/\" data-wpil-post-to-id=\"1807\">Amazfit GTR<\/a> \u00e9 um smartwatch completo, perfeito para todas as ocasi\u00f5es. Com sua apar\u00eancia cl\u00e1ssica, recursos avan\u00e7ados e mostradores de rel\u00f3gio personaliz\u00e1veis para voc\u00ea escolher, este smartwatch sempre combinar\u00e1 com seu estilo pessoal.<\/p>\n<\/div>\n<\/div>\n<div class=\"celwidget aplus-module module-11\" data-cel-widget=\"aplus-module-11\">\n<div class=\"a-expander-collapsed-height a-row a-expander-container a-expander-partial-collapse-container\" data-a-expander-name=\"aplus-module-expander\" data-a-expander-collapsed-height=\"360\">\n<div class=\"a-expander-content a-expander-partial-collapse-content\">\n<div class=\"aplus-module-wrapper apm-spacing apm-floatnone\">\n<div class=\"apm-sidemodule aplus-module-content\">\n<div class=\"apm-hero-image\"><img decoding=\"async\" class=\"alignnone\" src=\"\/wp-content\/uploads\/replace\/f7c15f3be2fa4185560744c69e9b98ef.jpeg\" alt=\"Amazfit\u00a0GTR 47mm Smartwatch Wholesale\" width=\"970\" height=\"300\" data-src=\"\/wp-content\/uploads\/replace\/f7c15f3be2fa4185560744c69e9b98ef.jpeg\" \/><\/div>\n<\/div>\n<div><\/div>\n<\/div>\n<\/div>\n<\/div>\n<\/div>\n<div class=\"celwidget aplus-module module-9\" data-cel-widget=\"aplus-module-9\">\n<div class=\"a-expander-collapsed-height a-row a-expander-container a-expander-partial-collapse-container\" data-a-expander-name=\"aplus-module-expander\" data-a-expander-collapsed-height=\"700\">\n<div class=\"a-expander-content a-expander-partial-collapse-content\">\n<div class=\"aplus-module-wrapper\">\n<div class=\"apm-spacing apm-fixed-width\">\n<table class=\"apm-fixed-width apm-eventhirdcol-table\">\n<tbody>\n<tr>\n<th class=\"apm-center\">\n<div class=\"apm-eventhirdcol apm-floatleft\">\n<p><img decoding=\"async\" class=\"a-spacing-mini alignnone\" src=\"\/wp-content\/uploads\/replace\/e355774ab01ec498ba201ca12ddefdaf.jpeg\" alt=\"Amazfit\u00a0GTR 47mm Smartwatch Wholesale\" width=\"300\" height=\"300\" data-src=\"\/wp-content\/uploads\/replace\/e355774ab01ec498ba201ca12ddefdaf.jpeg\" \/><\/p>\n<\/div>\n<\/th>\n<th class=\"apm-center\">\n<div class=\"apm-eventhirdcol apm-floatleft\">\n<p><img decoding=\"async\" class=\"a-spacing-mini\" src=\"\/wp-content\/uploads\/replace\/da017107306b8713b5faf5b142b2b03e.jpeg\" alt=\"1\" data-src=\"\/wp-content\/uploads\/replace\/da017107306b8713b5faf5b142b2b03e.jpeg\" \/><\/p>\n<\/div>\n<\/th>\n<th class=\"apm-center\">\n<div class=\"apm-eventhirdcol apm-floatleft\">\n<p><img loading=\"lazy\" decoding=\"async\" class=\"a-spacing-mini alignnone\" src=\"\/wp-content\/uploads\/replace\/3aa6e54a4b46220207b4f1974a67a5ca.jpeg\" alt=\"Amazfit\u00a0GTR 47mm Smartwatch Wholesale\" width=\"300\" height=\"300\" data-src=\"\/wp-content\/uploads\/replace\/3aa6e54a4b46220207b4f1974a67a5ca.jpeg\" \/><\/p>\n<\/div>\n<\/th>\n<\/tr>\n<tr>\n<td class=\"apm-top\">\n<div class=\"apm-eventhirdcol apm-floatleft\">\n<h4 class=\"a-spacing-mini\">Tenha uma boa apar\u00eancia, sinta-se bem<\/h4>\n<p>1.39&#8243; <a class=\"\" style=\"width: auto !important\" href=\"https:\/\/www.rucashk.com\/pt\/produto\/amazfit-verge-lite-amoled-color-screen-smart-watch\/\" data-wpil-post-to-id=\"1877\">AMOLED com tela retina de alta resolu\u00e7\u00e3o, vidro Corning e revestimento anti-dedo para que seu rel\u00f3gio<\/a> parece t\u00e3o bom como sempre.<\/p>\n<\/div>\n<\/td>\n<td class=\"apm-top\">\n<div class=\"apm-eventhirdcol apm-floatleft\">\n<h4 class=\"a-spacing-mini\">Pr\u00eamio IFA de Inova\u00e7\u00e3o T\u00e9cnica de Produto 2019<\/h4>\n<\/div>\n<\/td>\n<td class=\"apm-top\">\n<div class=\"apm-eventhirdcol apm-floatleft\">\n<h4 class=\"a-spacing-mini\">Acompanhamento esportivo detalhado<\/h4>\n<p>Acompanhe 12 esportes diferentes, como corrida ao ar livre\/indoor, caminhada, ciclismo ao ar livre e indoor, aparelho el\u00edptico, nata\u00e7\u00e3o em piscina\/\u00e1guas abertas, montanhismo, corrida em trilha, esqui e exerc\u00edcios.<\/p>\n<\/div>\n<\/td>\n<\/tr>\n<\/tbody>\n<\/table>\n<\/div>\n<\/div>\n<div><\/div>\n<\/div>\n<\/div>\n<\/div>\n<div class=\"celwidget aplus-module module-4\" data-cel-widget=\"aplus-module-4\">\n<div class=\"a-expander-collapsed-height a-row a-expander-container a-expander-partial-collapse-container\" data-a-expander-name=\"aplus-module-expander\" data-a-expander-collapsed-height=\"700\">\n<div class=\"a-expander-content a-expander-partial-collapse-content\">\n<div class=\"aplus-module-wrapper\">\n<div class=\"apm-spacing\">\n<div class=\"apm-floatleft apm-fixed-width\">\n<div class=\"apm-spacing\">\n<table class=\"apm-fixed-width apm-fourthcol-table\">\n<tbody>\n<tr>\n<th class=\"apm-center\">\n<div class=\"apm-fourthcol\">\n<p><img loading=\"lazy\" decoding=\"async\" class=\"alignnone\" src=\"\/wp-content\/uploads\/replace\/8bc527b756cc120ff3c7001dcd7f798c.jpeg\" alt=\"Amazfit\u00a0GTR 47mm Smartwatch Wholesale\" width=\"220\" height=\"220\" data-src=\"\/wp-content\/uploads\/replace\/8bc527b756cc120ff3c7001dcd7f798c.jpeg\" \/><\/p>\n<\/div>\n<\/th>\n<th class=\"apm-center\">\n<div class=\"apm-fourthcol\">\n<p><img loading=\"lazy\" decoding=\"async\" class=\"alignnone\" src=\"\/wp-content\/uploads\/replace\/3241c47a8305e39fd27363c7392ad934.jpeg\" alt=\"Amazfit\u00a0GTR 47mm Smartwatch Wholesale\" width=\"220\" height=\"220\" data-src=\"\/wp-content\/uploads\/replace\/3241c47a8305e39fd27363c7392ad934.jpeg\" \/><\/p>\n<\/div>\n<\/th>\n<th class=\"apm-center\">\n<div class=\"apm-fourthcol\">\n<p><img loading=\"lazy\" decoding=\"async\" class=\"alignnone\" src=\"\/wp-content\/uploads\/replace\/6272cc6f9471fc3e3e557db2dcf54e1e.jpeg\" alt=\"Amazfit\u00a0GTR 47mm Smartwatch Wholesale\" width=\"220\" height=\"220\" data-src=\"\/wp-content\/uploads\/replace\/6272cc6f9471fc3e3e557db2dcf54e1e.jpeg\" \/><\/p>\n<\/div>\n<\/th>\n<th class=\"apm-center\">\n<div class=\"apm-fourthcol\">\n<p><img loading=\"lazy\" decoding=\"async\" class=\"alignnone\" src=\"\/wp-content\/uploads\/replace\/4bf37215b3cf40524fb8721720b5f0f9.jpeg\" alt=\"Amazfit\u00a0GTR 47mm Smartwatch Wholesale\" width=\"220\" height=\"220\" data-src=\"\/wp-content\/uploads\/replace\/4bf37215b3cf40524fb8721720b5f0f9.jpeg\" \/><\/p>\n<\/div>\n<\/th>\n<\/tr>\n<tr>\n<td class=\"apm-top\">\n<div class=\"apm-fourthcol\">\n<h4 class=\"a-spacing-mini\">Leve-o para nadar<\/h4>\n<p class=\"a-size-small\">Resist\u00eancia \u00e0 \u00e1gua de 5 ATM para que voc\u00ea possa us\u00e1-lo enquanto nada em uma piscina ou em \u00e1guas abertas at\u00e9 50 metros de profundidade<\/p>\n<\/div>\n<\/td>\n<td class=\"apm-top\">\n<div class=\"apm-fourthcol\">\n<h4 class=\"a-spacing-mini\">Nunca perca uma batida<\/h4>\n<p class=\"a-size-small\">O GTR vem com o inovador BioTracker PPG <a class=\"\" style=\"width: auto !important\" href=\"https:\/\/www.rucashk.com\/pt\/galaxy-watch-3-exposure-built-in-blood-pressure-monitoring-sensor\/\" data-wpil-post-to-id=\"15073\">sensor para monitoramento preciso da frequ\u00eancia card\u00edaca<\/a> para que voc\u00ea possa ficar de olho na sa\u00fade do seu cora\u00e7\u00e3o 24 horas por dia, 7 dias por semana.<\/p>\n<\/div>\n<\/td>\n<td class=\"apm-top\">\n<div class=\"apm-fourthcol\">\n<h4 class=\"a-spacing-mini\">Controle de m\u00fasica Bluetooth<\/h4>\n<p class=\"a-size-small\"><a class=\"\" style=\"width: auto !important\" href=\"https:\/\/www.rucashk.com\/pt\/5-sport-modes-are-added-in-mi-bracelet-5-control-phones-to-shoot-pictures\/\" data-wpil-post-to-id=\"9254\">Controle a m\u00fasica diretamente do seu rel\u00f3gio enquanto se exercita sem retirar o telefone<\/a> do seu bolso.<\/p>\n<\/div>\n<\/td>\n<td class=\"apm-top\">\n<div class=\"apm-fourthcol\">\n<h4 class=\"a-spacing-mini\">Conectado ao vivo<\/h4>\n<p class=\"a-size-small\">Mantenha-se informado o dia todo com notifica\u00e7\u00f5es inteligentes e vibra\u00e7\u00f5es personalizadas para seus aplicativos favoritos, como e-mail, texto, Facebook, etc.<\/p>\n<\/div>\n<\/td>\n<\/tr>\n<\/tbody>\n<\/table>\n<\/div>\n<\/div>\n<\/div>\n<\/div>\n<\/div>\n<\/div>\n<\/div>\n<\/div>","protected":false},"excerpt":{"rendered":"<p><strong>Destaques:<\/strong><\/p>\n<p>Amazfit\u00a0GTR has an excellent 1.39-inch AMOLED display,<\/p>\n<p>and there are many dials for you to choose to suit any style.<br \/>\nIntelligent Sports Tracking-Including intelligent sports tracking technology,<\/p>\n<p>which allows you to record 12 different sports and fitness activities, including running, cycling, swimming, climbing, etc.<\/p>","protected":false},"featured_media":23195,"template":"","meta":[],"product_brand":[],"product_cat":[1339,1305],"product_tag":[425,523],"class_list":{"0":"post-23106","1":"product","2":"type-product","3":"status-publish","4":"has-post-thumbnail","6":"product_cat-amazfit-smartwatch","7":"product_cat-xiaomi-eco","8":"product_tag-amazfit","9":"product_tag-smartwatch","11":"first","12":"instock","13":"shipping-taxable","14":"product-type-external"},"aioseo_notices":[],"aioseo_head":"\n\t\t<!-- All in One SEO Pro 4.5.9.2 - aioseo.com -->\n\t\t<meta name=\"description\" content=\"Highlights: Amazfit GTR has an excellent 1.39-inch AMOLED display, and there are many dials for you to choose to suit any style. Intelligent Sports Tracking-Including intelligent sports tracking technology, which allows you to record 12 different sports and fitness activities, including running, cycling, swimming, climbing, etc.\" \/>\n\t\t<meta name=\"robots\" content=\"max-image-preview:large\" \/>\n\t\t<link rel=\"canonical\" href=\"https:\/\/www.rucashk.com\/pt\/produto\/amazfit-gtr-47mm-smartwatch-wholesale\/\" \/>\n\t\t<meta name=\"generator\" content=\"All in One SEO Pro (AIOSEO) 4.5.9.2\" \/>\n\t\t<meta property=\"og:locale\" content=\"pt_PT\" \/>\n\t\t<meta property=\"og:site_name\" content=\"Rucas - One-stop AIoT Distribution Worldwide\" \/>\n\t\t<meta property=\"og:type\" content=\"article\" \/>\n\t\t<meta property=\"og:title\" content=\"Amazfit GTR 47mm Smartwatch Wholesale - Rucas - Wholesale and Distribution\" \/>\n\t\t<meta property=\"og:description\" content=\"Highlights: Amazfit GTR has an excellent 1.39-inch AMOLED display, and there are many dials for you to choose to suit any style. Intelligent Sports Tracking-Including intelligent sports tracking technology, which allows you to record 12 different sports and fitness activities, including running, cycling, swimming, climbing, etc.\" \/>\n\t\t<meta property=\"og:url\" content=\"https:\/\/www.rucashk.com\/pt\/produto\/amazfit-gtr-47mm-smartwatch-wholesale\/\" \/>\n\t\t<meta property=\"og:image\" content=\"https:\/\/www.rucashk.com\/wp-content\/uploads\/replace\/503b8e645f128a97ccde2b6290747646.jpeg\" \/>\n\t\t<meta property=\"og:image:secure_url\" content=\"https:\/\/www.rucashk.com\/wp-content\/uploads\/replace\/503b8e645f128a97ccde2b6290747646.jpeg\" \/>\n\t\t<meta property=\"og:image:width\" content=\"1456\" \/>\n\t\t<meta property=\"og:image:height\" content=\"816\" \/>\n\t\t<meta property=\"article:published_time\" content=\"2024-01-09T15:51:27+00:00\" \/>\n\t\t<meta property=\"article:modified_time\" content=\"2024-03-12T04:16:29+00:00\" \/>\n\t\t<meta name=\"twitter:card\" content=\"summary_large_image\" \/>\n\t\t<meta name=\"twitter:title\" content=\"Amazfit GTR 47mm Smartwatch Wholesale - Rucas - Wholesale and Distribution\" \/>\n\t\t<meta name=\"twitter:description\" content=\"Highlights: Amazfit GTR has an excellent 1.39-inch AMOLED display, and there are many dials for you to choose to suit any style. Intelligent Sports Tracking-Including intelligent sports tracking technology, which allows you to record 12 different sports and fitness activities, including running, cycling, swimming, climbing, etc.\" \/>\n\t\t<meta name=\"twitter:image\" content=\"https:\/\/www.rucashk.com\/wp-content\/uploads\/replace\/503b8e645f128a97ccde2b6290747646.jpeg\" \/>\n\t\t<script type=\"application\/ld+json\" class=\"aioseo-schema\">\n\t\t\t{\"@context\":\"https:\\\/\\\/schema.org\",\"@graph\":[{\"@type\":\"BreadcrumbList\",\"@id\":\"https:\\\/\\\/www.rucashk.com\\\/pt\\\/produto\\\/amazfit-gtr-47mm-smartwatch-wholesale\\\/#breadcrumblist\",\"itemListElement\":[{\"@type\":\"ListItem\",\"@id\":\"https:\\\/\\\/www.rucashk.com\\\/pt\\\/#listItem\",\"position\":1,\"name\":\"Home\",\"item\":\"https:\\\/\\\/www.rucashk.com\\\/pt\\\/\",\"nextItem\":\"https:\\\/\\\/www.rucashk.com\\\/pt\\\/produto\\\/amazfit-gtr-47mm-smartwatch-wholesale\\\/#listItem\"},{\"@type\":\"ListItem\",\"@id\":\"https:\\\/\\\/www.rucashk.com\\\/pt\\\/produto\\\/amazfit-gtr-47mm-smartwatch-wholesale\\\/#listItem\",\"position\":2,\"name\":\"Amazfit\\u00a0GTR 47mm Smartwatch Wholesale\",\"previousItem\":\"https:\\\/\\\/www.rucashk.com\\\/pt\\\/#listItem\"}]},{\"@type\":\"Organization\",\"@id\":\"https:\\\/\\\/www.rucashk.com\\\/pt\\\/#organization\",\"name\":\"Rucas\",\"url\":\"https:\\\/\\\/www.rucashk.com\\\/pt\\\/\",\"logo\":{\"@type\":\"ImageObject\",\"url\":\"https:\\\/\\\/www.rucashk.com\\\/wp-content\\\/uploads\\\/2023\\\/12\\\/Rucas_campany_logo.png\",\"@id\":\"https:\\\/\\\/www.rucashk.com\\\/pt\\\/produto\\\/amazfit-gtr-47mm-smartwatch-wholesale\\\/#organizationLogo\",\"width\":221,\"height\":65},\"image\":{\"@id\":\"https:\\\/\\\/www.rucashk.com\\\/pt\\\/#organizationLogo\"}},{\"@type\":\"Person\",\"@id\":\"https:\\\/\\\/www.rucashk.com\\\/pt\\\/author\\\/admin\\\/#author\",\"url\":\"https:\\\/\\\/www.rucashk.com\\\/pt\\\/author\\\/admin\\\/\",\"name\":\"admin\",\"image\":{\"@type\":\"ImageObject\",\"@id\":\"https:\\\/\\\/www.rucashk.com\\\/pt\\\/produto\\\/amazfit-gtr-47mm-smartwatch-wholesale\\\/#authorImage\",\"url\":\"https:\\\/\\\/secure.gravatar.com\\\/avatar\\\/b7c8925b09a27e72b30232f8ecaadbd5af0f70a38c78096863fe51b64f031c24?s=96&d=mm&r=g\",\"width\":96,\"height\":96,\"caption\":\"admin\"}},{\"@type\":\"WebPage\",\"@id\":\"https:\\\/\\\/www.rucashk.com\\\/pt\\\/produto\\\/amazfit-gtr-47mm-smartwatch-wholesale\\\/#webpage\",\"url\":\"https:\\\/\\\/www.rucashk.com\\\/pt\\\/produto\\\/amazfit-gtr-47mm-smartwatch-wholesale\\\/\",\"name\":\"Amazfit GTR 47mm Smartwatch Wholesale - Rucas - Wholesale and Distribution\",\"description\":\"Highlights: Amazfit GTR has an excellent 1.39-inch AMOLED display, and there are many dials for you to choose to suit any style. Intelligent Sports Tracking-Including intelligent sports tracking technology, which allows you to record 12 different sports and fitness activities, including running, cycling, swimming, climbing, etc.\",\"inLanguage\":\"pt-PT\",\"isPartOf\":{\"@id\":\"https:\\\/\\\/www.rucashk.com\\\/pt\\\/#website\"},\"breadcrumb\":{\"@id\":\"https:\\\/\\\/www.rucashk.com\\\/pt\\\/produto\\\/amazfit-gtr-47mm-smartwatch-wholesale\\\/#breadcrumblist\"},\"author\":{\"@id\":\"https:\\\/\\\/www.rucashk.com\\\/pt\\\/author\\\/admin\\\/#author\"},\"creator\":{\"@id\":\"https:\\\/\\\/www.rucashk.com\\\/pt\\\/author\\\/admin\\\/#author\"},\"image\":{\"@type\":\"ImageObject\",\"url\":\"https:\\\/\\\/www.rucashk.com\\\/wp-content\\\/uploads\\\/2024\\\/01\\\/amazfit-gtr-47mm.jpg\",\"@id\":\"https:\\\/\\\/www.rucashk.com\\\/pt\\\/produto\\\/amazfit-gtr-47mm-smartwatch-wholesale\\\/#mainImage\",\"width\":800,\"height\":800},\"primaryImageOfPage\":{\"@id\":\"https:\\\/\\\/www.rucashk.com\\\/pt\\\/produto\\\/amazfit-gtr-47mm-smartwatch-wholesale\\\/#mainImage\"},\"datePublished\":\"2024-01-09T15:51:27+00:00\",\"dateModified\":\"2024-03-12T04:16:29+00:00\"},{\"@type\":\"WebSite\",\"@id\":\"https:\\\/\\\/www.rucashk.com\\\/pt\\\/#website\",\"url\":\"https:\\\/\\\/www.rucashk.com\\\/pt\\\/\",\"name\":\"Rucas - Wholesale and distribution worldwide\",\"alternateName\":\"Rucas - One-stop AIoT Distribution Worldwide\",\"description\":\"One-stop AIoT Distribution Worldwide\",\"inLanguage\":\"pt-PT\",\"publisher\":{\"@id\":\"https:\\\/\\\/www.rucashk.com\\\/pt\\\/#organization\"}}]}\n\t\t<\/script>\n\t\t<!-- All in One SEO Pro -->\r\n\t\t<title>Amazfit GTR 47mm Smartwatch Wholesale - Rucas - Wholesale and Distribution<\/title>\n\n","aioseo_head_json":{"title":"Amazfit GTR 47mm Smartwatch Wholesale - Rucas - Wholesale and Distribution","description":"Highlights: Amazfit GTR has an excellent 1.39-inch AMOLED display, and there are many dials for you to choose to suit any style. Intelligent Sports Tracking-Including intelligent sports tracking technology, which allows you to record 12 different sports and fitness activities, including running, cycling, swimming, climbing, etc.","canonical_url":"https:\/\/www.rucashk.com\/pt\/produto\/amazfit-gtr-47mm-smartwatch-wholesale\/","robots":"max-image-preview:large","keywords":"","webmasterTools":{"miscellaneous":""},"og:locale":"pt_PT","og:site_name":"Rucas - One-stop AIoT Distribution Worldwide","og:type":"article","og:title":"Amazfit GTR 47mm Smartwatch Wholesale - Rucas - Wholesale and Distribution","og:description":"Highlights: Amazfit GTR has an excellent 1.39-inch AMOLED display, and there are many dials for you to choose to suit any style. Intelligent Sports Tracking-Including intelligent sports tracking technology, which allows you to record 12 different sports and fitness activities, including running, cycling, swimming, climbing, etc.","og:url":"https:\/\/www.rucashk.com\/pt\/produto\/amazfit-gtr-47mm-smartwatch-wholesale\/","og:image":"https:\/\/www.rucashk.com\/wp-content\/uploads\/replace\/503b8e645f128a97ccde2b6290747646.jpeg","og:image:secure_url":"https:\/\/www.rucashk.com\/wp-content\/uploads\/replace\/503b8e645f128a97ccde2b6290747646.jpeg","og:image:width":1456,"og:image:height":816,"article:published_time":"2024-01-09T15:51:27+00:00","article:modified_time":"2024-03-12T04:16:29+00:00","twitter:card":"summary_large_image","twitter:title":"Amazfit GTR 47mm Smartwatch Wholesale - Rucas - Wholesale and Distribution","twitter:description":"Highlights: Amazfit GTR has an excellent 1.39-inch AMOLED display, and there are many dials for you to choose to suit any style. Intelligent Sports Tracking-Including intelligent sports tracking technology, which allows you to record 12 different sports and fitness activities, including running, cycling, swimming, climbing, etc.","twitter:image":"https:\/\/www.rucashk.com\/wp-content\/uploads\/replace\/503b8e645f128a97ccde2b6290747646.jpeg","schema":{"@context":"https:\/\/schema.org","@graph":[{"@type":"BreadcrumbList","@id":"https:\/\/www.rucashk.com\/pt\/produto\/amazfit-gtr-47mm-smartwatch-wholesale\/#breadcrumblist","itemListElement":[{"@type":"ListItem","@id":"https:\/\/www.rucashk.com\/pt\/#listItem","position":1,"name":"Home","item":"https:\/\/www.rucashk.com\/pt\/","nextItem":"https:\/\/www.rucashk.com\/pt\/produto\/amazfit-gtr-47mm-smartwatch-wholesale\/#listItem"},{"@type":"ListItem","@id":"https:\/\/www.rucashk.com\/pt\/produto\/amazfit-gtr-47mm-smartwatch-wholesale\/#listItem","position":2,"name":"Amazfit\u00a0GTR 47mm Smartwatch Wholesale","previousItem":"https:\/\/www.rucashk.com\/pt\/#listItem"}]},{"@type":"Organization","@id":"https:\/\/www.rucashk.com\/pt\/#organization","name":"Rucas","url":"https:\/\/www.rucashk.com\/pt\/","logo":{"@type":"ImageObject","url":"https:\/\/www.rucashk.com\/wp-content\/uploads\/2023\/12\/Rucas_campany_logo.png","@id":"https:\/\/www.rucashk.com\/pt\/produto\/amazfit-gtr-47mm-smartwatch-wholesale\/#organizationLogo","width":221,"height":65},"image":{"@id":"https:\/\/www.rucashk.com\/pt\/#organizationLogo"}},{"@type":"Person","@id":"https:\/\/www.rucashk.com\/pt\/author\/admin\/#author","url":"https:\/\/www.rucashk.com\/pt\/author\/admin\/","name":"admin","image":{"@type":"ImageObject","@id":"https:\/\/www.rucashk.com\/pt\/produto\/amazfit-gtr-47mm-smartwatch-wholesale\/#authorImage","url":"https:\/\/secure.gravatar.com\/avatar\/b7c8925b09a27e72b30232f8ecaadbd5af0f70a38c78096863fe51b64f031c24?s=96&d=mm&r=g","width":96,"height":96,"caption":"admin"}},{"@type":"WebPage","@id":"https:\/\/www.rucashk.com\/pt\/produto\/amazfit-gtr-47mm-smartwatch-wholesale\/#webpage","url":"https:\/\/www.rucashk.com\/pt\/produto\/amazfit-gtr-47mm-smartwatch-wholesale\/","name":"Amazfit GTR 47mm Smartwatch Wholesale - Rucas - Wholesale and Distribution","description":"Highlights: Amazfit GTR has an excellent 1.39-inch AMOLED display, and there are many dials for you to choose to suit any style. Intelligent Sports Tracking-Including intelligent sports tracking technology, which allows you to record 12 different sports and fitness activities, including running, cycling, swimming, climbing, etc.","inLanguage":"pt-PT","isPartOf":{"@id":"https:\/\/www.rucashk.com\/pt\/#website"},"breadcrumb":{"@id":"https:\/\/www.rucashk.com\/pt\/produto\/amazfit-gtr-47mm-smartwatch-wholesale\/#breadcrumblist"},"author":{"@id":"https:\/\/www.rucashk.com\/pt\/author\/admin\/#author"},"creator":{"@id":"https:\/\/www.rucashk.com\/pt\/author\/admin\/#author"},"image":{"@type":"ImageObject","url":"https:\/\/www.rucashk.com\/wp-content\/uploads\/2024\/01\/amazfit-gtr-47mm.jpg","@id":"https:\/\/www.rucashk.com\/pt\/produto\/amazfit-gtr-47mm-smartwatch-wholesale\/#mainImage","width":800,"height":800},"primaryImageOfPage":{"@id":"https:\/\/www.rucashk.com\/pt\/produto\/amazfit-gtr-47mm-smartwatch-wholesale\/#mainImage"},"datePublished":"2024-01-09T15:51:27+00:00","dateModified":"2024-03-12T04:16:29+00:00"},{"@type":"WebSite","@id":"https:\/\/www.rucashk.com\/pt\/#website","url":"https:\/\/www.rucashk.com\/pt\/","name":"Rucas - Wholesale and distribution worldwide","alternateName":"Rucas - One-stop AIoT Distribution Worldwide","description":"One-stop AIoT Distribution Worldwide","inLanguage":"pt-PT","publisher":{"@id":"https:\/\/www.rucashk.com\/pt\/#organization"}}]}},"aioseo_meta_data":{"post_id":"23106","title":null,"description":null,"keywords":null,"keyphrases":null,"primary_term":null,"canonical_url":null,"og_title":null,"og_description":null,"og_object_type":"default","og_image_type":"default","og_image_url":null,"og_image_width":null,"og_image_height":null,"og_image_custom_url":null,"og_image_custom_fields":null,"og_video":null,"og_custom_url":null,"og_article_section":null,"og_article_tags":null,"twitter_use_og":false,"twitter_card":"default","twitter_image_type":"default","twitter_image_url":null,"twitter_image_custom_url":null,"twitter_image_custom_fields":null,"twitter_title":null,"twitter_description":null,"schema":{"blockGraphs":[],"customGraphs":[],"default":{"data":{"Article":[],"Course":[],"Dataset":[],"FAQPage":[],"Movie":[],"Person":[],"Product":[],"Recipe":[],"Service":[],"SoftwareApplication":[],"WebPage":[]},"graphName":"","isEnabled":true},"graphs":[]},"schema_type":"default","schema_type_options":null,"pillar_content":false,"robots_default":true,"robots_noindex":false,"robots_noarchive":false,"robots_nosnippet":false,"robots_nofollow":false,"robots_noimageindex":false,"robots_noodp":false,"robots_notranslate":false,"robots_max_snippet":null,"robots_max_videopreview":null,"robots_max_imagepreview":"large","priority":null,"frequency":null,"local_seo":null,"breadcrumb_settings":null,"limit_modified_date":false,"created":"2024-04-11 01:55:26","updated":"2025-06-22 16:59:03"},"aioseo_breadcrumb":"<div class=\"aioseo-breadcrumbs\"><span class=\"aioseo-breadcrumb\">\n\t<a href=\"https:\/\/www.rucashk.com\/pt\" title=\"Home\">Home<\/a>\n<\/span><span class=\"aioseo-breadcrumb-separator\">&raquo;<\/span><span class=\"aioseo-breadcrumb\">\n\t<a href=\"https:\/\/www.rucashk.com\/pt\/products\/\" title=\"Produtos\">Produtos<\/a>\n<\/span><span class=\"aioseo-breadcrumb-separator\">&raquo;<\/span><span class=\"aioseo-breadcrumb\">\n\t<a href=\"https:\/\/www.rucashk.com\/pt\/categoria-produto\/xiaomi-eco\/\" title=\"Xiaomi Eco\">Xiaomi Eco<\/a>\n<\/span><span class=\"aioseo-breadcrumb-separator\">&raquo;<\/span><span class=\"aioseo-breadcrumb\">\n\t<a href=\"https:\/\/www.rucashk.com\/pt\/categoria-produto\/xiaomi-eco\/amazfit-smartwatch\/\" title=\"Amazfit Smartwatch\">Amazfit Smartwatch<\/a>\n<\/span><span class=\"aioseo-breadcrumb-separator\">&raquo;<\/span><span class=\"aioseo-breadcrumb\">\n\tAmazfit\u00a0GTR 47mm Smartwatch Wholesale\n<\/span><\/div>","aioseo_breadcrumb_json":[{"label":"Home","link":"https:\/\/www.rucashk.com\/pt"},{"label":"Produtos","link":"https:\/\/www.rucashk.com\/pt\/products\/"},{"label":"Xiaomi Eco","link":"https:\/\/www.rucashk.com\/pt\/categoria-produto\/xiaomi-eco\/"},{"label":"Amazfit Smartwatch","link":"https:\/\/www.rucashk.com\/pt\/categoria-produto\/xiaomi-eco\/amazfit-smartwatch\/"},{"label":"Amazfit\u00a0GTR 47mm Smartwatch Wholesale","link":"https:\/\/www.rucashk.com\/pt\/produto\/amazfit-gtr-47mm-smartwatch-wholesale\/"}],"_links":{"self":[{"href":"https:\/\/www.rucashk.com\/pt\/wp-json\/wp\/v2\/product\/23106","targetHints":{"allow":["GET"]}}],"collection":[{"href":"https:\/\/www.rucashk.com\/pt\/wp-json\/wp\/v2\/product"}],"about":[{"href":"https:\/\/www.rucashk.com\/pt\/wp-json\/wp\/v2\/types\/product"}],"wp:featuredmedia":[{"embeddable":true,"href":"https:\/\/www.rucashk.com\/pt\/wp-json\/wp\/v2\/media\/23195"}],"wp:attachment":[{"href":"https:\/\/www.rucashk.com\/pt\/wp-json\/wp\/v2\/media?parent=23106"}],"wp:term":[{"taxonomy":"product_brand","embeddable":true,"href":"https:\/\/www.rucashk.com\/pt\/wp-json\/wp\/v2\/product_brand?post=23106"},{"taxonomy":"product_cat","embeddable":true,"href":"https:\/\/www.rucashk.com\/pt\/wp-json\/wp\/v2\/product_cat?post=23106"},{"taxonomy":"product_tag","embeddable":true,"href":"https:\/\/www.rucashk.com\/pt\/wp-json\/wp\/v2\/product_tag?post=23106"}],"curies":[{"name":"wp","href":"https:\/\/api.w.org\/{rel}","templated":true}]}}