{"id":23105,"date":"2024-01-09T15:51:27","date_gmt":"2024-01-09T15:51:27","guid":{"rendered":"http:\/\/rucashk.com\/?post_type=product&#038;p=23105"},"modified":"2024-03-12T04:16:12","modified_gmt":"2024-03-12T04:16:12","slug":"amazfit-gtr-42mm-smartwatch","status":"publish","type":"product","link":"https:\/\/www.rucashk.com\/pt\/produto\/amazfit-gtr-42mm-smartwatch\/","title":{"rendered":"Smartwatch Amazfit Gtr 42mm"},"content":{"rendered":"<div id=\"imgBox\">\n<h2 class=\"des-images\" style=\"text-align: center\">Smartwatch Amazfit Gtr 42mm<img decoding=\"async\" title=\"Vers\u00e3o global do rel\u00f3gio inteligente AMAZFIT GTR 42 mm (produto do ecossistema Xiaomi) - caixa preta em liga de alum\u00ednio de 42 mm\u00a0\" src=\"\/wp-content\/uploads\/replace\/412840097af54656ab4c2fa997c2022f.jpeg\" alt=\"AMAZFIT GTR 42mm Smart Watch Global Version (Xiaomi Ecosystem Product) - Black\u00a042mm Aluminum Alloy Case\u00a0\" \/><img decoding=\"async\" title=\"Vers\u00e3o global do rel\u00f3gio inteligente AMAZFIT GTR 42 mm (produto do ecossistema Xiaomi) - caixa preta em liga de alum\u00ednio de 42 mm\u00a0\" src=\"\/wp-content\/uploads\/replace\/6718b44eb63e73549e55a9f18760e250.jpeg\" alt=\"AMAZFIT GTR 42mm Smart Watch Global Version (Xiaomi Ecosystem Product) - Black\u00a042mm Aluminum Alloy Case\u00a0\" \/><img decoding=\"async\" title=\"Vers\u00e3o global do rel\u00f3gio inteligente AMAZFIT GTR 42 mm (produto do ecossistema Xiaomi) - caixa preta em liga de alum\u00ednio de 42 mm\u00a0\" src=\"\/wp-content\/uploads\/replace\/d2cfc58379f711bd728388ec4f62045f.jpeg\" alt=\"AMAZFIT GTR 42mm Smart Watch Global Version (Xiaomi Ecosystem Product) - Black\u00a042mm Aluminum Alloy Case\u00a0\" \/><img decoding=\"async\" title=\"Vers\u00e3o global do rel\u00f3gio inteligente AMAZFIT GTR 42 mm (produto do ecossistema Xiaomi) - caixa preta em liga de alum\u00ednio de 42 mm\u00a0\" src=\"\/wp-content\/uploads\/replace\/586264dbe87e78dd3a2f10c7f2621e50.jpeg\" alt=\"AMAZFIT GTR 42mm Smart Watch Global Version (Xiaomi Ecosystem Product) - Black\u00a042mm Aluminum Alloy Case\u00a0\" \/><img decoding=\"async\" title=\"Vers\u00e3o global do rel\u00f3gio inteligente AMAZFIT GTR 42 mm (produto do ecossistema Xiaomi) - caixa preta em liga de alum\u00ednio de 42 mm\u00a0\" src=\"\/wp-content\/uploads\/replace\/b748ad44cc44288ef90297293d5709a4.jpeg\" alt=\"AMAZFIT GTR 42mm Smart Watch Global Version (Xiaomi Ecosystem Product) - Black\u00a042mm Aluminum Alloy Case\u00a0\" \/><img decoding=\"async\" title=\"Vers\u00e3o global do rel\u00f3gio inteligente AMAZFIT GTR 42 mm (produto do ecossistema Xiaomi) - caixa preta em liga de alum\u00ednio de 42 mm\u00a0\" src=\"\/wp-content\/uploads\/replace\/69050aed0a29ecb3a5fd23d9d5fc25bb.jpeg\" alt=\"AMAZFIT GTR 42mm Smart Watch Global Version (Xiaomi Ecosystem Product) - Black\u00a042mm Aluminum Alloy Case\u00a0\" \/><img decoding=\"async\" title=\"Vers\u00e3o global do rel\u00f3gio inteligente AMAZFIT GTR 42 mm (produto do ecossistema Xiaomi) - caixa preta em liga de alum\u00ednio de 42 mm\u00a0\" src=\"\/wp-content\/uploads\/replace\/8c3e52a8e646d3baf7345f2768f15d47.jpeg\" alt=\"AMAZFIT GTR 42mm Smart Watch Global Version (Xiaomi Ecosystem Product) - Black\u00a042mm Aluminum Alloy Case\u00a0\" \/><img decoding=\"async\" title=\"Vers\u00e3o global do rel\u00f3gio inteligente AMAZFIT GTR 42 mm (produto do ecossistema Xiaomi) - caixa preta em liga de alum\u00ednio de 42 mm\u00a0\" src=\"\/wp-content\/uploads\/replace\/f6ef4c421d6a19141dd99f87b5037292.jpeg\" alt=\"AMAZFIT GTR 42mm Smart Watch Global Version (Xiaomi Ecosystem Product) - Black\u00a042mm Aluminum Alloy Case\u00a0\" \/><img decoding=\"async\" title=\"Vers\u00e3o global do rel\u00f3gio inteligente AMAZFIT GTR 42 mm (produto do ecossistema Xiaomi) - caixa preta em liga de alum\u00ednio de 42 mm\u00a0\" src=\"\/wp-content\/uploads\/replace\/8258101b3e2cb846404fdf1e511728fc.jpeg\" alt=\"AMAZFIT GTR 42mm Smart Watch Global Version (Xiaomi Ecosystem Product) - Black\u00a042mm Aluminum Alloy Case\u00a0\" \/><img decoding=\"async\" title=\"Vers\u00e3o global do rel\u00f3gio inteligente AMAZFIT GTR 42 mm (produto do ecossistema Xiaomi) - caixa preta em liga de alum\u00ednio de 42 mm\u00a0\" src=\"\/wp-content\/uploads\/replace\/534e6e40efbe33549c4d739c511ea0fb.jpeg\" alt=\"AMAZFIT GTR 42mm Smart Watch Global Version (Xiaomi Ecosystem Product) - Black\u00a042mm Aluminum Alloy Case\u00a0\" \/><img decoding=\"async\" title=\"Vers\u00e3o global do rel\u00f3gio inteligente AMAZFIT GTR 42 mm (produto do ecossistema Xiaomi) - caixa preta em liga de alum\u00ednio de 42 mm\u00a0\" src=\"\/wp-content\/uploads\/replace\/0f713451ed40e89a8bf10756ee424fdb.jpeg\" alt=\"AMAZFIT GTR 42mm Smart Watch Global Version (Xiaomi Ecosystem Product) - Black\u00a042mm Aluminum Alloy Case\u00a0\" \/><img decoding=\"async\" title=\"Vers\u00e3o global do rel\u00f3gio inteligente AMAZFIT GTR 42 mm (produto do ecossistema Xiaomi) - caixa preta em liga de alum\u00ednio de 42 mm\u00a0\" src=\"\/wp-content\/uploads\/replace\/72bdfabd628b60dd2573b08ead7f3f99.jpeg\" alt=\"AMAZFIT GTR 42mm Smart Watch Global Version (Xiaomi Ecosystem Product) - Black\u00a042mm Aluminum Alloy Case\u00a0\" \/><img decoding=\"async\" title=\"Vers\u00e3o global do rel\u00f3gio inteligente AMAZFIT GTR 42 mm (produto do ecossistema Xiaomi) - caixa preta em liga de alum\u00ednio de 42 mm\u00a0\" src=\"\/wp-content\/uploads\/replace\/46d32e508ca92ece46bfabe0ab384af5.jpeg\" alt=\"AMAZFIT GTR 42mm Smart Watch Global Version (Xiaomi Ecosystem Product) - Black\u00a042mm Aluminum Alloy Case\u00a0\" \/><\/h2>\n<\/div>\n<div id=\"specification\">\n<table border=\"1\" cellpadding=\"5\">\n<tbody>\n<tr>\n<td colspan=\"5\">Especifica\u00e7\u00e3o<\/td>\n<\/tr>\n<tr>\n<td>\u00a0Marca<\/td>\n<td colspan=\"3\">\u00a0Amazfit<\/td>\n<\/tr>\n<tr>\n<td>\u00a0Modelo<\/td>\n<td colspan=\"3\">\u00a0GTR 42mm (vers\u00e3o global)<\/td>\n<\/tr>\n<tr>\n<td>\u00a0Vers\u00e3o Bluetooth<\/td>\n<td colspan=\"3\">\u00a0BT 5.0<\/td>\n<\/tr>\n<tr>\n<td>\u00a0SO compat\u00edvel<\/td>\n<td colspan=\"3\">\u00a0Android 5.0 ou superior, iOS 10.0 ou superior<\/td>\n<\/tr>\n<tr>\n<td>\u00a0Modo operacional<\/td>\n<td colspan=\"3\">\u00a0Tela sens\u00edvel ao toque + bot\u00e3o de press\u00e3o<\/td>\n<\/tr>\n<tr>\n<td>\u00a0Sistema operacional<\/td>\n<td colspan=\"3\">\u00a0SO Amazfit<\/td>\n<\/tr>\n<tr>\n<td>\u00a0Nome do aplicativo<\/td>\n<td colspan=\"3\">\u00a0Amazfit<\/td>\n<\/tr>\n<tr>\n<td colspan=\"5\">Caracter\u00edsticas especiais<\/td>\n<\/tr>\n<tr>\n<td>\u00a0\u00c0 prova d&#039;\u00e1gua<\/td>\n<td colspan=\"3\">\u00a05 ATM<\/td>\n<\/tr>\n<tr>\n<td>\u00a0Monitor de frequ\u00eancia card\u00edaca<\/td>\n<td colspan=\"3\">\u00a0Apoiar<\/td>\n<\/tr>\n<tr>\n<td>\u00a0Sangue <a class=\"\" style=\"width: auto !important\" href=\"https:\/\/www.rucashk.com\/pt\/galaxy-watch-3-exposure-built-in-blood-pressure-monitoring-sensor\/\" data-wpil-post-to-id=\"15073\">Monitor de press\u00e3o<\/a><\/td>\n<td colspan=\"3\">\u00a0\/<\/td>\n<\/tr>\n<tr>\n<td>\u00a0Monitor de oxig\u00eanio no sangue<\/td>\n<td colspan=\"3\">\u00a0\/<\/td>\n<\/tr>\n<tr>\n<td>\u00a0Monitor de sono<\/td>\n<td colspan=\"3\">\u00a0Apoiar<\/td>\n<\/tr>\n<tr>\n<td>\u00a0Modos multiesportivos<\/td>\n<td colspan=\"3\">\u00a0Suporte(12 <a class=\"\" style=\"width: auto !important\" href=\"https:\/\/www.rucashk.com\/pt\/5-sport-modes-are-added-in-mi-bracelet-5-control-phones-to-shoot-pictures\/\" data-wpil-post-to-id=\"9254\">Modos esportivos<\/a>)<\/td>\n<\/tr>\n<tr>\n<td>\u00a0Lembrete de chamada ou mensagem<\/td>\n<td colspan=\"3\">\u00a0Apoiar<\/td>\n<\/tr>\n<tr>\n<td>\u00a0Rejeitar chamada<\/td>\n<td colspan=\"3\">\u00a0Apoiar<\/td>\n<\/tr>\n<tr>\n<td>\u00a0Notifica\u00e7\u00e3o<\/td>\n<td colspan=\"3\">\u00a0Suporte Facebook, Twitter, Wechat, WhatsApp etc.<\/td>\n<\/tr>\n<tr>\n<td>\u00a0Controle de m\u00fasica Bluetooth<\/td>\n<td colspan=\"3\">\u00a0Apoiar<\/td>\n<\/tr>\n<tr>\n<td>\u00a0GPS+GLONASS<\/td>\n<td colspan=\"3\">\u00a0Apoiar<\/td>\n<\/tr>\n<tr>\n<td>\u00a0Tipo de alerta<\/td>\n<td colspan=\"3\">\u00a0Vibra\u00e7\u00e3o<\/td>\n<\/tr>\n<tr>\n<td>\u00a0Tela de ilumina\u00e7\u00e3o autom\u00e1tica<\/td>\n<td colspan=\"3\">\u00a0Apoiar<\/td>\n<\/tr>\n<tr>\n<td>\u00a0Cron\u00f4metro<\/td>\n<td colspan=\"3\">\u00a0Apoiar<\/td>\n<\/tr>\n<tr>\n<td>\u00a0Outras fun\u00e7\u00f5es<\/td>\n<td colspan=\"3\">\u00a0Suporte ped\u00f4metro, alarme, calend\u00e1rio, lembrete sedent\u00e1rio, controle remoto da c\u00e2mera, anti-perdido,<\/td>\n<\/tr>\n<tr>\n<td colspan=\"5\">Par\u00e2metros t\u00e9cnicos<\/td>\n<\/tr>\n<tr>\n<td>\u00a0Sensor<\/td>\n<td colspan=\"3\">\u00a0Sensor G, sensor de frequ\u00eancia card\u00edaca<\/td>\n<\/tr>\n<tr>\n<td>\u00a0Tela<\/td>\n<td colspan=\"3\">\u00a0Tamanho: 1,2 polegadas<br \/>\nTipo: AMOLED<span style=\"color: #656d78\">\u00a0 \u00a0 \u00a0 \u00a0 \u00a0 \u00a0<\/span><br \/>\n<span style=\"color: #656d78\">\u00a0Resolu\u00e7\u00e3o: 390*390 pixels\/326ppi<\/span><\/td>\n<\/tr>\n<tr>\n<td>\u00a0Bateria<\/td>\n<td colspan=\"3\">\u00a0Capacidade da bateria: 410mAh<br \/>\nTempo de espera: Cerca de 12 dias (modo de uso di\u00e1rio)<br \/>\nCerca de 34 dias (modo de rel\u00f3gio b\u00e1sico)<br \/>\nCerca de 22 horas (tempo de trabalho cont\u00ednuo do GPS)<br \/>\nTempo de carregamento: cerca de 2 horas<br \/>\nTipo de carregamento: carregamento magn\u00e9tico<\/td>\n<\/tr>\n<tr>\n<td colspan=\"3\">Apar\u00eancia e detalhes<\/td>\n<\/tr>\n<tr>\n<td>\u00a0Banda<\/td>\n<td colspan=\"2\">\u00a0Material: Silicone<br \/>\nLargura: cerca de 20mm<\/td>\n<\/tr>\n<tr>\n<td>\u00a0Peso e tamanho<\/td>\n<td colspan=\"2\">\u00a0Peso do produto: 25,5g (sem al\u00e7a)<\/td>\n<\/tr>\n<tr>\n<td colspan=\"2\" rowspan=\"3\"><img class=\"bg_lazy\" title=\"Amazfit stratos 3 original, tela de 1,34 &#039;&#039;, GPS + GLONASS, bluetooth, reprodu\u00e7\u00e3o de m\u00fasica, bateria de 14 dias, rel\u00f3gio inteligente, vers\u00e3o global da Xiaomi Eco-System\" alt=\"Amazfit stratos 3 1.34' Screen GPS+GLONASS bluetooth Music Play 14 Days Battery Smart Watch from xiaomi Eco-System\" data-original=\"https:\/\/imgaz.staticbg.com\/images\/oaupload\/banggood\/images\/6E\/9B\/ad329491-5e6d-48f3-9bab-9a2090cb7c77.jpg\" \/><\/td>\n<td>\u00a01 * pulseira inteligente Amazfit GTR 42 mm (vers\u00e3o global)<\/td>\n<\/tr>\n<tr>\n<td>\u00a01 * cabo de carregamento<\/td>\n<\/tr>\n<tr>\n<td>\u00a01 * Manual do usu\u00e1rio (vers\u00e3o em ingl\u00eas)<\/td>\n<\/tr>\n<tr>\n<td colspan=\"3\">\u00a0Pontas:<br \/>\n1.Display e luz de <a class=\"\" style=\"width: auto !important\" href=\"https:\/\/www.rucashk.com\/pt\/5-sport-modes-are-added-in-mi-bracelet-5-control-phones-to-shoot-pictures\/\" data-wpil-post-to-id=\"9254\">atirar afetar\u00e1 a cor dos produtos, fotos<\/a> apenas para refer\u00eancia, sujeito aos nossos produtos dispon\u00edveis.<br \/>\n2. Baixe o aplicativo antes de usar para ser perfeitamente compat\u00edvel com o seu telefone.<\/td>\n<\/tr>\n<\/tbody>\n<\/table>\n<\/div>","protected":false},"excerpt":{"rendered":"<p>&#8216;- 1.2 inch AMOLED screen<br \/>\n&#8211; 390 x 390, 326 ppi<br \/>\n&#8211; GPS+GLONASS<br \/>\n&#8211; BioTracker PPG biological tracking optical sensor<br \/>\n&#8211; 6-axis acceleration sensor<br \/>\n&#8211; 3-axis geomagnetic sensor<br \/>\n&#8211; Air-pressure sensor<br \/>\n&#8211; Capacity sensor<br \/>\n&#8211; Ambient light sensor<\/p>","protected":false},"featured_media":23194,"template":"","meta":[],"product_brand":[],"product_cat":[1339,1305],"product_tag":[425,523],"class_list":{"0":"post-23105","1":"product","2":"type-product","3":"status-publish","4":"has-post-thumbnail","6":"product_cat-amazfit-smartwatch","7":"product_cat-xiaomi-eco","8":"product_tag-amazfit","9":"product_tag-smartwatch","11":"first","12":"instock","13":"shipping-taxable","14":"product-type-external"},"aioseo_notices":[],"aioseo_head":"\n\t\t<!-- All in One SEO Pro 4.5.9.2 - aioseo.com -->\n\t\t<meta name=\"description\" content=\"&#039;- 1.2 inch AMOLED screen - 390 x 390, 326 ppi - GPS+GLONASS - BioTracker PPG biological tracking optical sensor - 6-axis acceleration sensor - 3-axis geomagnetic sensor - Air-pressure sensor - Capacity sensor - Ambient light sensor\" \/>\n\t\t<meta name=\"robots\" content=\"max-image-preview:large\" \/>\n\t\t<link rel=\"canonical\" href=\"https:\/\/www.rucashk.com\/pt\/produto\/amazfit-gtr-42mm-smartwatch\/\" \/>\n\t\t<meta name=\"generator\" content=\"All in One SEO Pro (AIOSEO) 4.5.9.2\" \/>\n\t\t<meta property=\"og:locale\" content=\"pt_PT\" \/>\n\t\t<meta property=\"og:site_name\" content=\"Rucas - One-stop AIoT Distribution Worldwide\" \/>\n\t\t<meta property=\"og:type\" content=\"article\" \/>\n\t\t<meta property=\"og:title\" content=\"Amazfit Gtr 42mm Smartwatch - Rucas - Wholesale and Distribution\" \/>\n\t\t<meta property=\"og:description\" content=\"&#039;- 1.2 inch AMOLED screen - 390 x 390, 326 ppi - GPS+GLONASS - BioTracker PPG biological tracking optical sensor - 6-axis acceleration sensor - 3-axis geomagnetic sensor - Air-pressure sensor - Capacity sensor - Ambient light sensor\" \/>\n\t\t<meta property=\"og:url\" content=\"https:\/\/www.rucashk.com\/pt\/produto\/amazfit-gtr-42mm-smartwatch\/\" \/>\n\t\t<meta property=\"og:image\" content=\"https:\/\/www.rucashk.com\/wp-content\/uploads\/replace\/503b8e645f128a97ccde2b6290747646.jpeg\" \/>\n\t\t<meta property=\"og:image:secure_url\" content=\"https:\/\/www.rucashk.com\/wp-content\/uploads\/replace\/503b8e645f128a97ccde2b6290747646.jpeg\" \/>\n\t\t<meta property=\"og:image:width\" content=\"1456\" \/>\n\t\t<meta property=\"og:image:height\" content=\"816\" \/>\n\t\t<meta property=\"article:published_time\" content=\"2024-01-09T15:51:27+00:00\" \/>\n\t\t<meta property=\"article:modified_time\" content=\"2024-03-12T04:16:12+00:00\" \/>\n\t\t<meta name=\"twitter:card\" content=\"summary_large_image\" \/>\n\t\t<meta name=\"twitter:title\" content=\"Amazfit Gtr 42mm Smartwatch - Rucas - Wholesale and Distribution\" \/>\n\t\t<meta name=\"twitter:description\" content=\"&#039;- 1.2 inch AMOLED screen - 390 x 390, 326 ppi - GPS+GLONASS - BioTracker PPG biological tracking optical sensor - 6-axis acceleration sensor - 3-axis geomagnetic sensor - Air-pressure sensor - Capacity sensor - Ambient light sensor\" \/>\n\t\t<meta name=\"twitter:image\" content=\"https:\/\/www.rucashk.com\/wp-content\/uploads\/replace\/503b8e645f128a97ccde2b6290747646.jpeg\" \/>\n\t\t<script type=\"application\/ld+json\" class=\"aioseo-schema\">\n\t\t\t{\"@context\":\"https:\\\/\\\/schema.org\",\"@graph\":[{\"@type\":\"BreadcrumbList\",\"@id\":\"https:\\\/\\\/www.rucashk.com\\\/pt\\\/produto\\\/amazfit-gtr-42mm-smartwatch\\\/#breadcrumblist\",\"itemListElement\":[{\"@type\":\"ListItem\",\"@id\":\"https:\\\/\\\/www.rucashk.com\\\/pt\\\/#listItem\",\"position\":1,\"name\":\"Home\",\"item\":\"https:\\\/\\\/www.rucashk.com\\\/pt\\\/\",\"nextItem\":\"https:\\\/\\\/www.rucashk.com\\\/pt\\\/produto\\\/amazfit-gtr-42mm-smartwatch\\\/#listItem\"},{\"@type\":\"ListItem\",\"@id\":\"https:\\\/\\\/www.rucashk.com\\\/pt\\\/produto\\\/amazfit-gtr-42mm-smartwatch\\\/#listItem\",\"position\":2,\"name\":\"Amazfit\\u00a0Gtr 42mm Smartwatch\",\"previousItem\":\"https:\\\/\\\/www.rucashk.com\\\/pt\\\/#listItem\"}]},{\"@type\":\"Organization\",\"@id\":\"https:\\\/\\\/www.rucashk.com\\\/pt\\\/#organization\",\"name\":\"Rucas\",\"url\":\"https:\\\/\\\/www.rucashk.com\\\/pt\\\/\",\"logo\":{\"@type\":\"ImageObject\",\"url\":\"https:\\\/\\\/www.rucashk.com\\\/wp-content\\\/uploads\\\/2023\\\/12\\\/Rucas_campany_logo.png\",\"@id\":\"https:\\\/\\\/www.rucashk.com\\\/pt\\\/produto\\\/amazfit-gtr-42mm-smartwatch\\\/#organizationLogo\",\"width\":221,\"height\":65},\"image\":{\"@id\":\"https:\\\/\\\/www.rucashk.com\\\/pt\\\/#organizationLogo\"}},{\"@type\":\"Person\",\"@id\":\"https:\\\/\\\/www.rucashk.com\\\/pt\\\/author\\\/admin\\\/#author\",\"url\":\"https:\\\/\\\/www.rucashk.com\\\/pt\\\/author\\\/admin\\\/\",\"name\":\"admin\",\"image\":{\"@type\":\"ImageObject\",\"@id\":\"https:\\\/\\\/www.rucashk.com\\\/pt\\\/produto\\\/amazfit-gtr-42mm-smartwatch\\\/#authorImage\",\"url\":\"https:\\\/\\\/secure.gravatar.com\\\/avatar\\\/b7c8925b09a27e72b30232f8ecaadbd5af0f70a38c78096863fe51b64f031c24?s=96&d=mm&r=g\",\"width\":96,\"height\":96,\"caption\":\"admin\"}},{\"@type\":\"WebPage\",\"@id\":\"https:\\\/\\\/www.rucashk.com\\\/pt\\\/produto\\\/amazfit-gtr-42mm-smartwatch\\\/#webpage\",\"url\":\"https:\\\/\\\/www.rucashk.com\\\/pt\\\/produto\\\/amazfit-gtr-42mm-smartwatch\\\/\",\"name\":\"Amazfit Gtr 42mm Smartwatch - Rucas - Wholesale and Distribution\",\"description\":\"'- 1.2 inch AMOLED screen - 390 x 390, 326 ppi - GPS+GLONASS - BioTracker PPG biological tracking optical sensor - 6-axis acceleration sensor - 3-axis geomagnetic sensor - Air-pressure sensor - Capacity sensor - Ambient light sensor\",\"inLanguage\":\"pt-PT\",\"isPartOf\":{\"@id\":\"https:\\\/\\\/www.rucashk.com\\\/pt\\\/#website\"},\"breadcrumb\":{\"@id\":\"https:\\\/\\\/www.rucashk.com\\\/pt\\\/produto\\\/amazfit-gtr-42mm-smartwatch\\\/#breadcrumblist\"},\"author\":{\"@id\":\"https:\\\/\\\/www.rucashk.com\\\/pt\\\/author\\\/admin\\\/#author\"},\"creator\":{\"@id\":\"https:\\\/\\\/www.rucashk.com\\\/pt\\\/author\\\/admin\\\/#author\"},\"image\":{\"@type\":\"ImageObject\",\"url\":\"https:\\\/\\\/www.rucashk.com\\\/wp-content\\\/uploads\\\/2024\\\/01\\\/Amazfit-Gtr-42mm.jpg\",\"@id\":\"https:\\\/\\\/www.rucashk.com\\\/pt\\\/produto\\\/amazfit-gtr-42mm-smartwatch\\\/#mainImage\",\"width\":800,\"height\":800},\"primaryImageOfPage\":{\"@id\":\"https:\\\/\\\/www.rucashk.com\\\/pt\\\/produto\\\/amazfit-gtr-42mm-smartwatch\\\/#mainImage\"},\"datePublished\":\"2024-01-09T15:51:27+00:00\",\"dateModified\":\"2024-03-12T04:16:12+00:00\"},{\"@type\":\"WebSite\",\"@id\":\"https:\\\/\\\/www.rucashk.com\\\/pt\\\/#website\",\"url\":\"https:\\\/\\\/www.rucashk.com\\\/pt\\\/\",\"name\":\"Rucas - Wholesale and distribution worldwide\",\"alternateName\":\"Rucas - One-stop AIoT Distribution Worldwide\",\"description\":\"One-stop AIoT Distribution Worldwide\",\"inLanguage\":\"pt-PT\",\"publisher\":{\"@id\":\"https:\\\/\\\/www.rucashk.com\\\/pt\\\/#organization\"}}]}\n\t\t<\/script>\n\t\t<!-- All in One SEO Pro -->\r\n\t\t<title>Amazfit Gtr 42mm Smartwatch - Rucas - Wholesale and Distribution<\/title>\n\n","aioseo_head_json":{"title":"Amazfit Gtr 42mm Smartwatch - Rucas - Wholesale and Distribution","description":"'- 1.2 inch AMOLED screen - 390 x 390, 326 ppi - GPS+GLONASS - BioTracker PPG biological tracking optical sensor - 6-axis acceleration sensor - 3-axis geomagnetic sensor - Air-pressure sensor - Capacity sensor - Ambient light sensor","canonical_url":"https:\/\/www.rucashk.com\/pt\/produto\/amazfit-gtr-42mm-smartwatch\/","robots":"max-image-preview:large","keywords":"","webmasterTools":{"miscellaneous":""},"og:locale":"pt_PT","og:site_name":"Rucas - One-stop AIoT Distribution Worldwide","og:type":"article","og:title":"Amazfit Gtr 42mm Smartwatch - Rucas - Wholesale and Distribution","og:description":"'- 1.2 inch AMOLED screen - 390 x 390, 326 ppi - GPS+GLONASS - BioTracker PPG biological tracking optical sensor - 6-axis acceleration sensor - 3-axis geomagnetic sensor - Air-pressure sensor - Capacity sensor - Ambient light sensor","og:url":"https:\/\/www.rucashk.com\/pt\/produto\/amazfit-gtr-42mm-smartwatch\/","og:image":"https:\/\/www.rucashk.com\/wp-content\/uploads\/replace\/503b8e645f128a97ccde2b6290747646.jpeg","og:image:secure_url":"https:\/\/www.rucashk.com\/wp-content\/uploads\/replace\/503b8e645f128a97ccde2b6290747646.jpeg","og:image:width":1456,"og:image:height":816,"article:published_time":"2024-01-09T15:51:27+00:00","article:modified_time":"2024-03-12T04:16:12+00:00","twitter:card":"summary_large_image","twitter:title":"Amazfit Gtr 42mm Smartwatch - Rucas - Wholesale and Distribution","twitter:description":"'- 1.2 inch AMOLED screen - 390 x 390, 326 ppi - GPS+GLONASS - BioTracker PPG biological tracking optical sensor - 6-axis acceleration sensor - 3-axis geomagnetic sensor - Air-pressure sensor - Capacity sensor - Ambient light sensor","twitter:image":"https:\/\/www.rucashk.com\/wp-content\/uploads\/replace\/503b8e645f128a97ccde2b6290747646.jpeg","schema":{"@context":"https:\/\/schema.org","@graph":[{"@type":"BreadcrumbList","@id":"https:\/\/www.rucashk.com\/pt\/produto\/amazfit-gtr-42mm-smartwatch\/#breadcrumblist","itemListElement":[{"@type":"ListItem","@id":"https:\/\/www.rucashk.com\/pt\/#listItem","position":1,"name":"Home","item":"https:\/\/www.rucashk.com\/pt\/","nextItem":"https:\/\/www.rucashk.com\/pt\/produto\/amazfit-gtr-42mm-smartwatch\/#listItem"},{"@type":"ListItem","@id":"https:\/\/www.rucashk.com\/pt\/produto\/amazfit-gtr-42mm-smartwatch\/#listItem","position":2,"name":"Amazfit\u00a0Gtr 42mm Smartwatch","previousItem":"https:\/\/www.rucashk.com\/pt\/#listItem"}]},{"@type":"Organization","@id":"https:\/\/www.rucashk.com\/pt\/#organization","name":"Rucas","url":"https:\/\/www.rucashk.com\/pt\/","logo":{"@type":"ImageObject","url":"https:\/\/www.rucashk.com\/wp-content\/uploads\/2023\/12\/Rucas_campany_logo.png","@id":"https:\/\/www.rucashk.com\/pt\/produto\/amazfit-gtr-42mm-smartwatch\/#organizationLogo","width":221,"height":65},"image":{"@id":"https:\/\/www.rucashk.com\/pt\/#organizationLogo"}},{"@type":"Person","@id":"https:\/\/www.rucashk.com\/pt\/author\/admin\/#author","url":"https:\/\/www.rucashk.com\/pt\/author\/admin\/","name":"admin","image":{"@type":"ImageObject","@id":"https:\/\/www.rucashk.com\/pt\/produto\/amazfit-gtr-42mm-smartwatch\/#authorImage","url":"https:\/\/secure.gravatar.com\/avatar\/b7c8925b09a27e72b30232f8ecaadbd5af0f70a38c78096863fe51b64f031c24?s=96&d=mm&r=g","width":96,"height":96,"caption":"admin"}},{"@type":"WebPage","@id":"https:\/\/www.rucashk.com\/pt\/produto\/amazfit-gtr-42mm-smartwatch\/#webpage","url":"https:\/\/www.rucashk.com\/pt\/produto\/amazfit-gtr-42mm-smartwatch\/","name":"Amazfit Gtr 42mm Smartwatch - Rucas - Wholesale and Distribution","description":"'- 1.2 inch AMOLED screen - 390 x 390, 326 ppi - GPS+GLONASS - BioTracker PPG biological tracking optical sensor - 6-axis acceleration sensor - 3-axis geomagnetic sensor - Air-pressure sensor - Capacity sensor - Ambient light sensor","inLanguage":"pt-PT","isPartOf":{"@id":"https:\/\/www.rucashk.com\/pt\/#website"},"breadcrumb":{"@id":"https:\/\/www.rucashk.com\/pt\/produto\/amazfit-gtr-42mm-smartwatch\/#breadcrumblist"},"author":{"@id":"https:\/\/www.rucashk.com\/pt\/author\/admin\/#author"},"creator":{"@id":"https:\/\/www.rucashk.com\/pt\/author\/admin\/#author"},"image":{"@type":"ImageObject","url":"https:\/\/www.rucashk.com\/wp-content\/uploads\/2024\/01\/Amazfit-Gtr-42mm.jpg","@id":"https:\/\/www.rucashk.com\/pt\/produto\/amazfit-gtr-42mm-smartwatch\/#mainImage","width":800,"height":800},"primaryImageOfPage":{"@id":"https:\/\/www.rucashk.com\/pt\/produto\/amazfit-gtr-42mm-smartwatch\/#mainImage"},"datePublished":"2024-01-09T15:51:27+00:00","dateModified":"2024-03-12T04:16:12+00:00"},{"@type":"WebSite","@id":"https:\/\/www.rucashk.com\/pt\/#website","url":"https:\/\/www.rucashk.com\/pt\/","name":"Rucas - Wholesale and distribution worldwide","alternateName":"Rucas - One-stop AIoT Distribution Worldwide","description":"One-stop AIoT Distribution Worldwide","inLanguage":"pt-PT","publisher":{"@id":"https:\/\/www.rucashk.com\/pt\/#organization"}}]}},"aioseo_meta_data":{"post_id":"23105","title":null,"description":null,"keywords":null,"keyphrases":null,"primary_term":null,"canonical_url":null,"og_title":null,"og_description":null,"og_object_type":"default","og_image_type":"default","og_image_url":null,"og_image_width":null,"og_image_height":null,"og_image_custom_url":null,"og_image_custom_fields":null,"og_video":null,"og_custom_url":null,"og_article_section":null,"og_article_tags":null,"twitter_use_og":false,"twitter_card":"default","twitter_image_type":"default","twitter_image_url":null,"twitter_image_custom_url":null,"twitter_image_custom_fields":null,"twitter_title":null,"twitter_description":null,"schema":{"blockGraphs":[],"customGraphs":[],"default":{"data":{"Article":[],"Course":[],"Dataset":[],"FAQPage":[],"Movie":[],"Person":[],"Product":[],"Recipe":[],"Service":[],"SoftwareApplication":[],"WebPage":[]},"graphName":"","isEnabled":true},"graphs":[]},"schema_type":"default","schema_type_options":null,"pillar_content":false,"robots_default":true,"robots_noindex":false,"robots_noarchive":false,"robots_nosnippet":false,"robots_nofollow":false,"robots_noimageindex":false,"robots_noodp":false,"robots_notranslate":false,"robots_max_snippet":null,"robots_max_videopreview":null,"robots_max_imagepreview":"large","priority":null,"frequency":null,"local_seo":null,"breadcrumb_settings":null,"limit_modified_date":false,"created":"2024-04-11 01:55:26","updated":"2025-06-22 16:59:02"},"aioseo_breadcrumb":"<div class=\"aioseo-breadcrumbs\"><span class=\"aioseo-breadcrumb\">\n\t<a href=\"https:\/\/www.rucashk.com\/pt\" title=\"Home\">Home<\/a>\n<\/span><span class=\"aioseo-breadcrumb-separator\">&raquo;<\/span><span class=\"aioseo-breadcrumb\">\n\t<a href=\"https:\/\/www.rucashk.com\/pt\/products\/\" title=\"Produtos\">Produtos<\/a>\n<\/span><span class=\"aioseo-breadcrumb-separator\">&raquo;<\/span><span class=\"aioseo-breadcrumb\">\n\t<a href=\"https:\/\/www.rucashk.com\/pt\/categoria-produto\/xiaomi-eco\/\" title=\"Xiaomi Eco\">Xiaomi Eco<\/a>\n<\/span><span class=\"aioseo-breadcrumb-separator\">&raquo;<\/span><span class=\"aioseo-breadcrumb\">\n\t<a href=\"https:\/\/www.rucashk.com\/pt\/categoria-produto\/xiaomi-eco\/amazfit-smartwatch\/\" title=\"Amazfit Smartwatch\">Amazfit Smartwatch<\/a>\n<\/span><span class=\"aioseo-breadcrumb-separator\">&raquo;<\/span><span class=\"aioseo-breadcrumb\">\n\tAmazfit\u00a0Gtr 42mm Smartwatch\n<\/span><\/div>","aioseo_breadcrumb_json":[{"label":"Home","link":"https:\/\/www.rucashk.com\/pt"},{"label":"Produtos","link":"https:\/\/www.rucashk.com\/pt\/products\/"},{"label":"Xiaomi Eco","link":"https:\/\/www.rucashk.com\/pt\/categoria-produto\/xiaomi-eco\/"},{"label":"Amazfit Smartwatch","link":"https:\/\/www.rucashk.com\/pt\/categoria-produto\/xiaomi-eco\/amazfit-smartwatch\/"},{"label":"Amazfit\u00a0Gtr 42mm Smartwatch","link":"https:\/\/www.rucashk.com\/pt\/produto\/amazfit-gtr-42mm-smartwatch\/"}],"_links":{"self":[{"href":"https:\/\/www.rucashk.com\/pt\/wp-json\/wp\/v2\/product\/23105","targetHints":{"allow":["GET"]}}],"collection":[{"href":"https:\/\/www.rucashk.com\/pt\/wp-json\/wp\/v2\/product"}],"about":[{"href":"https:\/\/www.rucashk.com\/pt\/wp-json\/wp\/v2\/types\/product"}],"wp:featuredmedia":[{"embeddable":true,"href":"https:\/\/www.rucashk.com\/pt\/wp-json\/wp\/v2\/media\/23194"}],"wp:attachment":[{"href":"https:\/\/www.rucashk.com\/pt\/wp-json\/wp\/v2\/media?parent=23105"}],"wp:term":[{"taxonomy":"product_brand","embeddable":true,"href":"https:\/\/www.rucashk.com\/pt\/wp-json\/wp\/v2\/product_brand?post=23105"},{"taxonomy":"product_cat","embeddable":true,"href":"https:\/\/www.rucashk.com\/pt\/wp-json\/wp\/v2\/product_cat?post=23105"},{"taxonomy":"product_tag","embeddable":true,"href":"https:\/\/www.rucashk.com\/pt\/wp-json\/wp\/v2\/product_tag?post=23105"}],"curies":[{"name":"wp","href":"https:\/\/api.w.org\/{rel}","templated":true}]}}