{"id":23104,"date":"2024-01-09T15:51:27","date_gmt":"2024-01-09T15:51:27","guid":{"rendered":"http:\/\/rucashk.com\/?post_type=product&#038;p=23104"},"modified":"2024-03-12T04:15:51","modified_gmt":"2024-03-12T04:15:51","slug":"amazfit-cor-2-smart-bracelet","status":"publish","type":"product","link":"https:\/\/www.rucashk.com\/pt\/produto\/amazfit-cor-2-smart-bracelet\/","title":{"rendered":"Pulseira inteligente Amazfit Cor 2"},"content":{"rendered":"<h3 style=\"text-align: center\">Pulseira inteligente Amazfit Cor 2<\/h3>\n<p><img decoding=\"async\" src=\"\/wp-content\/uploads\/replace\/c39576113cb03107ae87efc17625142c.jpeg\" alt=\"xiaomi huami AMAZFIT Band Cor 2 1\" \/><\/p>\n<div>\n<p style=\"text-align: center\">IPS de 1,23 polegadas <a class=\"\" style=\"width: auto !important\" href=\"https:\/\/www.rucashk.com\/pt\/produto\/amazfit-verge-lite-amoled-color-screen-smart-watch\/\" data-wpil-post-to-id=\"1877\">tela colorida<\/a><\/p>\n<p style=\"text-align: center\">O LCD colorido IPS tem muitos efeitos visuais<\/p>\n<p style=\"text-align: center\">O grande <a class=\"\" style=\"width: auto !important\" href=\"https:\/\/www.rucashk.com\/pt\/xiaomi-full-screen-tv-pro65-inch-evaluation-tv-is-big-and-thin-massive-resources-are-exhausted\/\" data-wpil-post-to-id=\"7045\">tela fornece uma vis\u00e3o completa<\/a> e exibi\u00e7\u00e3o de informa\u00e7\u00f5es ricas, entre o aumento do pulso, a efic\u00e1cia \u00e9 \u00f3bvia.<\/p>\n<\/div>\n<p><img decoding=\"async\" src=\"\/wp-content\/uploads\/replace\/960c2bfb291c634bb4e555b1b40d978d.jpeg\" alt=\"xiaomi huami AMAZFIT Band Cor 2 2\" \/><\/p>\n<div>\n<p style=\"text-align: center\">Superf\u00edcie de arco 2,5D com \u00e2ngulo R<\/p>\n<p style=\"text-align: center\">Uma linha suave torna a tela transparente, como um lago, sem sobrecarga,<\/p>\n<p style=\"text-align: center\">E o multi\u00e2ngulo reflete um brilho mais atraente.<\/p>\n<p style=\"text-align: center\">Pulseira flex\u00edvel<\/p>\n<p style=\"text-align: center\">Feito de material mais flex\u00edvel para uso di\u00e1rio.<\/p>\n<\/div>\n<p><img decoding=\"async\" src=\"\/wp-content\/uploads\/replace\/ffb0102717f733890b83093d92326980.jpeg\" alt=\"xiaomi huami AMAZFIT Band Cor 2 3\" \/><\/p>\n<div>\n<p style=\"text-align: center\">Voc\u00ea pode us\u00e1-lo para correr e nadar.<\/p>\n<p style=\"text-align: center\">Resistente \u00e0 \u00e1gua 5 ATM, banho ap\u00f3s suar ou nadar normalmente,<\/p>\n<p style=\"text-align: center\">Voc\u00ea n\u00e3o precisa tirar a pulseira nem se preocupar em pegar \u00e1gua.<\/p>\n<\/div>\n<p><img decoding=\"async\" src=\"\/wp-content\/uploads\/replace\/53bc210d44d6a610b7bafd4e45db8557.jpeg\" alt=\"xiaomi huami AMAZFIT Band Cor 2 4\" \/><\/p>\n<div>\n<p style=\"text-align: center\">V\u00e1rios independentes <a class=\"\" style=\"width: auto !important\" href=\"https:\/\/www.rucashk.com\/pt\/5-sport-modes-are-added-in-mi-bracelet-5-control-phones-to-shoot-pictures\/\" data-wpil-post-to-id=\"9254\">modos esportivos<\/a><\/p>\n<p style=\"text-align: center\">No <a class=\"\" style=\"width: auto !important\" href=\"https:\/\/www.rucashk.com\/pt\/xiaomi-bracelet5-is-ready-to-be-released-with-5-stunning-new-sport-modes\/\" data-wpil-post-to-id=\"10400\">modo esportivo<\/a> do aplicativo MiFit, voc\u00ea pode usar os modos de corrida ao ar livre, corrida interna, passeios a cavalo ou caminhada.<\/p>\n<p style=\"text-align: center\">Voc\u00ea mesmo pode visualizar o tempo de exerc\u00edcio, o consumo e a data da frequ\u00eancia card\u00edaca na pulseira a qualquer momento no modo de exerc\u00edcio.<\/p>\n<\/div>\n<p><img decoding=\"async\" src=\"\/wp-content\/uploads\/replace\/bbc8abaee085bd836d0d28700be09f16.jpeg\" alt=\"xiaomi huami AMAZFIT Band Cor 2 5\" \/><\/p>\n<div>\n<p style=\"text-align: center\">Gerenciamento musical<\/p>\n<p style=\"text-align: center\">A pulseira suporta a exibi\u00e7\u00e3o do nome da m\u00fasica e do progresso do reprodutor de m\u00fasica m\u00f3vel,<\/p>\n<p style=\"text-align: center\">E tamb\u00e9m pode ser realizado diretamente na pulseira: pausar\/reproduzir, opera\u00e7\u00e3o anterior\/pr\u00f3xima.<\/p>\n<\/div>\n<p><img decoding=\"async\" src=\"\/wp-content\/uploads\/replace\/e0c561ab357f26eb49122a50b967f0d0.jpeg\" alt=\"xiaomi huami AMAZFIT Band Cor 2 6\" \/><\/p>\n<div>\n<p style=\"text-align: center\">Monitor de frequ\u00eancia card\u00edaca e monitor de sono mais precisos<\/p>\n<p style=\"text-align: center\">Usando uma frequ\u00eancia card\u00edaca fotoel\u00e9trica cont\u00ednua <a class=\"\" style=\"width: auto !important\" href=\"https:\/\/www.rucashk.com\/pt\/galaxy-watch-3-exposure-built-in-blood-pressure-monitoring-sensor\/\" data-wpil-post-to-id=\"15073\">sensor e monitoramento de frequ\u00eancia card\u00edaca<\/a> algoritmo torna a decis\u00e3o mais precisa.<\/p>\n<p style=\"text-align: center\">Voc\u00ea pode registrar etapas do exerc\u00edcio, gasto cal\u00f3rico, altera\u00e7\u00f5es na frequ\u00eancia card\u00edaca, frequ\u00eancia card\u00edaca, ao longo do dia; pode registrar automaticamente o estado do sono \u00e0 noite e analisar a qualidade do sono.<\/p>\n<\/div>\n<p><img decoding=\"async\" src=\"\/wp-content\/uploads\/replace\/a58fe25d784892183b878a75ad714b28.jpeg\" alt=\"xiaomi huami AMAZFIT Band Cor 2 7\" \/><\/p>\n<div>\n<p style=\"text-align: center\">Longo tempo de espera<\/p>\n<p style=\"text-align: center\">A capacidade da bateria de 160 mAh fornece at\u00e9 15 a 20 dias em standby.<\/p>\n<\/div>\n<p><img decoding=\"async\" src=\"\/wp-content\/uploads\/replace\/4da87f04e9c8045d11dbbcaf288d3518.jpeg\" alt=\"xiaomi huami AMAZFIT Band Cor 2 8\" \/><\/p>\n<div>\n<p style=\"text-align: center\">Aplicativo Mi Fit<\/p>\n<p style=\"text-align: center\"><a class=\"\" style=\"width: auto !important\" href=\"https:\/\/www.rucashk.com\/pt\/ebay-launches-its-dark-theme-on-android-system\/\" data-wpil-post-to-id=\"10579\">Requisitos do sistema: Android<\/a> 4.4 e superior ou iOS9 e superior (iPhone 5S e superior)<\/p>\n<\/div>\n<p><img decoding=\"async\" src=\"\/wp-content\/uploads\/replace\/ae81067109f096a05b28c9ce45dcadc8.jpeg\" alt=\"xiaomi huami AMAZFIT Band Cor 2 9\" \/><img decoding=\"async\" src=\"\/wp-content\/uploads\/replace\/5923a69d9819f5e45aa6166331fc0110.jpeg\" alt=\"xiaomi huami AMAZFIT Band Cor 2 10\" \/><img decoding=\"async\" src=\"\/wp-content\/uploads\/replace\/a21d331790b24d388a40b0b0632cef76.jpeg\" alt=\"xiaomi huami AMAZFIT Band Cor 2 11\" \/><img decoding=\"async\" src=\"\/wp-content\/uploads\/replace\/7138dfeed13f915f281757686e9d955e.jpeg\" alt=\"xiaomi huami AMAZFIT Band Cor 2 12\" \/><img decoding=\"async\" src=\"\/wp-content\/uploads\/replace\/2e200d46170fb533fb297ae967b7c0d4.jpeg\" alt=\"xiaomi huami AMAZFIT Band 2 2487359\" \/><img decoding=\"async\" src=\"\/wp-content\/uploads\/replace\/9f53b7d1fbefe95c7641c387966b2cad.jpeg\" alt=\"xiaomi huami AMAZFIT Band 2 2487360\" \/><img decoding=\"async\" src=\"\/wp-content\/uploads\/replace\/99336f6c27ab0dbe408e731aa764af28.jpeg\" alt=\"xiaomi huami AMAZFIT Band 2 2487361\" \/><img decoding=\"async\" src=\"\/wp-content\/uploads\/replace\/2276f28f317ad7e41b71af4df8542edc.jpeg\" alt=\"xiaomi huami AMAZFIT Band 2 2487362\" \/><img decoding=\"async\" src=\"\/wp-content\/uploads\/replace\/459c29d4ea13bc1b5b13338dea43af8e.jpeg\" alt=\"xiaomi huami AMAZFIT Band 2 2487358\" \/><img decoding=\"async\" src=\"\/wp-content\/uploads\/replace\/58e8b2f91f208c479e04cb6776c10ba5.jpeg\" alt=\"xiaomi huami AMAZFIT Band 2 2487357\" \/><\/p>\n<h2>Especifica\u00e7\u00f5es do produto:<\/h2>\n<table border=\"0\">\n<tbody>\n<tr>\n<td>Hardware<\/td>\n<td>Marca: <a class=\"\" style=\"width: auto !important\" href=\"https:\/\/www.rucashk.com\/pt\/produto\/amazfit-airrun\/\" data-wpil-post-to-id=\"5580\">Huami Amazfit<\/a> \u00a0Cor 2<\/p>\n<p>Cor preta<\/p>\n<p>Compatibilidade: Android4.4, iOS8 e superior com BT4.2<\/p>\n<p>Classifica\u00e7\u00e3o \u00e0 prova d&#039;\u00e1gua: 5ATM<\/td>\n<\/tr>\n<tr>\n<td>Fun\u00e7\u00f5es<\/td>\n<td>Rastreador de sa\u00fade: monitor de frequ\u00eancia card\u00edaca<\/p>\n<p>Outras fun\u00e7\u00f5es: lembrete de chamada, envio de informa\u00e7\u00f5es, hora, clima, controle remoto de m\u00fasica<\/p>\n<p>Sensor: Sensor de acelera\u00e7\u00e3o triaxial, sensor de frequ\u00eancia card\u00edaca PPG<\/p>\n<p>Motor: Suporte<\/p>\n<p>Tipo de alerta: Vibra\u00e7\u00e3o<\/td>\n<\/tr>\n<tr>\n<td>Conex\u00e3o<\/td>\n<td>Vers\u00e3o Bluetooth: V4.2BLE<\/p>\n<p>Wi-Fi: n\u00e3o \u00e9 compat\u00edvel<\/p>\n<p><a class=\"\" style=\"width: auto !important\" href=\"https:\/\/www.rucashk.com\/pt\/really-fragrant-lenovo-notebook-xiaoxin-15-update-performance-soars-the-screen-display-is-dazzling\/\" data-wpil-post-to-id=\"7164\">Tela de exibi\u00e7\u00e3o<\/a> tipo: LCD IPS colorido grande angular de 1,23 polegadas<\/p>\n<p>Resolu\u00e7\u00e3o: 80*160 RGB<\/p>\n<p>M\u00e9todo operacional: <a class=\"\" style=\"width: auto !important\" href=\"https:\/\/www.rucashk.com\/pt\/new-product-launch-powerful-function-oclean-x-smart-touch-screen-electric-toothbrush\/\" data-wpil-post-to-id=\"15466\">Tela sens\u00edvel ao toque<\/a><\/td>\n<\/tr>\n<tr>\n<td>Bateria<\/td>\n<td>Tipo de bateria: Pol\u00edmero de l\u00edtio<\/p>\n<p>Capacidade da bateria: 160mAh<\/p>\n<p>Tempo de espera: 15 dias<\/td>\n<\/tr>\n<tr>\n<td>Apar\u00eancia<\/td>\n<td>Material do mostrador: 2.5D Corning Gorilla 3\u00ba vidro<\/p>\n<p>Peso do produto: 31g<\/td>\n<\/tr>\n<\/tbody>\n<\/table>\n<p>&nbsp;<\/p>\n<h2>Conte\u00fado do pacote:<\/h2>\n<p>1 <a class=\"\" style=\"width: auto !important\" href=\"https:\/\/www.rucashk.com\/pt\/produto\/huami-amazfit-x-concept-watch\/\" data-wpil-post-to-id=\"6805\">xAmazfit<\/a> Smartband Cor 2 Fitness<\/p>\n<p>1 x <a class=\"\" style=\"width: auto !important\" href=\"https:\/\/www.rucashk.com\/pt\/produto\/mi-braided-usb-type-c-cable-black\/\" data-wpil-post-to-id=\"15553\">Cabo USB<\/a><\/p>\n<p>1 x Manual do Usu\u00e1rio<\/p>\n<p>&nbsp;<\/p>\n<h2>Detalhes de embalagem:<\/h2>\n<p>Tamanho do pacote (C x L x A): 12,00 x 9,50 x 1,00 cm \/ 4,72 x 3,74 x 0,39 polegadas<\/p>\n<p>Peso da embalagem: 0,20 kg<\/p>\n<p>&nbsp;<\/p>\n<h2>Produtos relacionados:<\/h2>\n<p><a href=\"https:\/\/gearvita.com\/xiaomi-amazfit-verge-smartwatch.html\">Rel\u00f3gio inteligente Huami Amazfit Verge<\/a><\/p>\n<p><a href=\"https:\/\/gearvita.com\/huawei-honor-band-4-smart-wristband-running-version.html\">Vers\u00e3o de execu\u00e7\u00e3o da pulseira inteligente Honor Band 4<\/a><\/p>","protected":false},"excerpt":{"rendered":"<p><strong>Caracter\u00edstica principal:<\/strong><br \/>\n\u25cf 1.23 Inch Capacitive Color \u00a0IPS Touch Screen.<br \/>\n\u25cf Reflective Display Technology.<br \/>\n\u25cf Heart Rate Monitor.<br \/>\n\u25cf Call Reminder.<br \/>\n\u25cf Information Push.<br \/>\n\u25cf Long Standby.<br \/>\n\u25cf 5ATM Waterproof.<\/p>","protected":false},"featured_media":23193,"template":"","meta":[],"product_brand":[],"product_cat":[1339,1305],"product_tag":[425,523],"class_list":{"0":"post-23104","1":"product","2":"type-product","3":"status-publish","4":"has-post-thumbnail","6":"product_cat-amazfit-smartwatch","7":"product_cat-xiaomi-eco","8":"product_tag-amazfit","9":"product_tag-smartwatch","11":"first","12":"instock","13":"shipping-taxable","14":"product-type-external"},"aioseo_notices":[],"aioseo_head":"\n\t\t<!-- All in One SEO Pro 4.5.9.2 - aioseo.com -->\n\t\t<meta name=\"description\" content=\"Main feature: \u25cf 1.23 Inch Capacitive Color IPS Touch Screen. \u25cf Reflective Display Technology. \u25cf Heart Rate Monitor. \u25cf Call Reminder. \u25cf Information Push. \u25cf Long Standby. \u25cf 5ATM Waterproof.\" \/>\n\t\t<meta name=\"robots\" content=\"max-image-preview:large\" \/>\n\t\t<link rel=\"canonical\" href=\"https:\/\/www.rucashk.com\/pt\/produto\/amazfit-cor-2-smart-bracelet\/\" \/>\n\t\t<meta name=\"generator\" content=\"All in One SEO Pro (AIOSEO) 4.5.9.2\" \/>\n\t\t<meta property=\"og:locale\" content=\"pt_PT\" \/>\n\t\t<meta property=\"og:site_name\" content=\"Rucas - One-stop AIoT Distribution Worldwide\" \/>\n\t\t<meta property=\"og:type\" content=\"article\" \/>\n\t\t<meta property=\"og:title\" content=\"Amazfit Cor 2 Smart Bracelet - Rucas - Wholesale and Distribution\" \/>\n\t\t<meta property=\"og:description\" content=\"Main feature: \u25cf 1.23 Inch Capacitive Color IPS Touch Screen. \u25cf Reflective Display Technology. \u25cf Heart Rate Monitor. \u25cf Call Reminder. \u25cf Information Push. \u25cf Long Standby. \u25cf 5ATM Waterproof.\" \/>\n\t\t<meta property=\"og:url\" content=\"https:\/\/www.rucashk.com\/pt\/produto\/amazfit-cor-2-smart-bracelet\/\" \/>\n\t\t<meta property=\"og:image\" content=\"https:\/\/www.rucashk.com\/wp-content\/uploads\/replace\/503b8e645f128a97ccde2b6290747646.jpeg\" \/>\n\t\t<meta property=\"og:image:secure_url\" content=\"https:\/\/www.rucashk.com\/wp-content\/uploads\/replace\/503b8e645f128a97ccde2b6290747646.jpeg\" \/>\n\t\t<meta property=\"og:image:width\" content=\"1456\" \/>\n\t\t<meta property=\"og:image:height\" content=\"816\" \/>\n\t\t<meta property=\"article:published_time\" content=\"2024-01-09T15:51:27+00:00\" \/>\n\t\t<meta property=\"article:modified_time\" content=\"2024-03-12T04:15:51+00:00\" \/>\n\t\t<meta name=\"twitter:card\" content=\"summary_large_image\" \/>\n\t\t<meta name=\"twitter:title\" content=\"Amazfit Cor 2 Smart Bracelet - Rucas - Wholesale and Distribution\" \/>\n\t\t<meta name=\"twitter:description\" content=\"Main feature: \u25cf 1.23 Inch Capacitive Color IPS Touch Screen. \u25cf Reflective Display Technology. \u25cf Heart Rate Monitor. \u25cf Call Reminder. \u25cf Information Push. \u25cf Long Standby. \u25cf 5ATM Waterproof.\" \/>\n\t\t<meta name=\"twitter:image\" content=\"https:\/\/www.rucashk.com\/wp-content\/uploads\/replace\/503b8e645f128a97ccde2b6290747646.jpeg\" \/>\n\t\t<script type=\"application\/ld+json\" class=\"aioseo-schema\">\n\t\t\t{\"@context\":\"https:\\\/\\\/schema.org\",\"@graph\":[{\"@type\":\"BreadcrumbList\",\"@id\":\"https:\\\/\\\/www.rucashk.com\\\/pt\\\/produto\\\/amazfit-cor-2-smart-bracelet\\\/#breadcrumblist\",\"itemListElement\":[{\"@type\":\"ListItem\",\"@id\":\"https:\\\/\\\/www.rucashk.com\\\/pt\\\/#listItem\",\"position\":1,\"name\":\"Home\",\"item\":\"https:\\\/\\\/www.rucashk.com\\\/pt\\\/\",\"nextItem\":\"https:\\\/\\\/www.rucashk.com\\\/pt\\\/produto\\\/amazfit-cor-2-smart-bracelet\\\/#listItem\"},{\"@type\":\"ListItem\",\"@id\":\"https:\\\/\\\/www.rucashk.com\\\/pt\\\/produto\\\/amazfit-cor-2-smart-bracelet\\\/#listItem\",\"position\":2,\"name\":\"Amazfit\\u00a0Cor 2 Smart Bracelet\",\"previousItem\":\"https:\\\/\\\/www.rucashk.com\\\/pt\\\/#listItem\"}]},{\"@type\":\"Organization\",\"@id\":\"https:\\\/\\\/www.rucashk.com\\\/pt\\\/#organization\",\"name\":\"Rucas\",\"url\":\"https:\\\/\\\/www.rucashk.com\\\/pt\\\/\",\"logo\":{\"@type\":\"ImageObject\",\"url\":\"https:\\\/\\\/www.rucashk.com\\\/wp-content\\\/uploads\\\/2023\\\/12\\\/Rucas_campany_logo.png\",\"@id\":\"https:\\\/\\\/www.rucashk.com\\\/pt\\\/produto\\\/amazfit-cor-2-smart-bracelet\\\/#organizationLogo\",\"width\":221,\"height\":65},\"image\":{\"@id\":\"https:\\\/\\\/www.rucashk.com\\\/pt\\\/#organizationLogo\"}},{\"@type\":\"Person\",\"@id\":\"https:\\\/\\\/www.rucashk.com\\\/pt\\\/author\\\/admin\\\/#author\",\"url\":\"https:\\\/\\\/www.rucashk.com\\\/pt\\\/author\\\/admin\\\/\",\"name\":\"admin\",\"image\":{\"@type\":\"ImageObject\",\"@id\":\"https:\\\/\\\/www.rucashk.com\\\/pt\\\/produto\\\/amazfit-cor-2-smart-bracelet\\\/#authorImage\",\"url\":\"https:\\\/\\\/secure.gravatar.com\\\/avatar\\\/b7c8925b09a27e72b30232f8ecaadbd5af0f70a38c78096863fe51b64f031c24?s=96&d=mm&r=g\",\"width\":96,\"height\":96,\"caption\":\"admin\"}},{\"@type\":\"WebPage\",\"@id\":\"https:\\\/\\\/www.rucashk.com\\\/pt\\\/produto\\\/amazfit-cor-2-smart-bracelet\\\/#webpage\",\"url\":\"https:\\\/\\\/www.rucashk.com\\\/pt\\\/produto\\\/amazfit-cor-2-smart-bracelet\\\/\",\"name\":\"Amazfit Cor 2 Smart Bracelet - Rucas - Wholesale and Distribution\",\"description\":\"Main feature: \\u25cf 1.23 Inch Capacitive Color IPS Touch Screen. \\u25cf Reflective Display Technology. \\u25cf Heart Rate Monitor. \\u25cf Call Reminder. \\u25cf Information Push. \\u25cf Long Standby. \\u25cf 5ATM Waterproof.\",\"inLanguage\":\"pt-PT\",\"isPartOf\":{\"@id\":\"https:\\\/\\\/www.rucashk.com\\\/pt\\\/#website\"},\"breadcrumb\":{\"@id\":\"https:\\\/\\\/www.rucashk.com\\\/pt\\\/produto\\\/amazfit-cor-2-smart-bracelet\\\/#breadcrumblist\"},\"author\":{\"@id\":\"https:\\\/\\\/www.rucashk.com\\\/pt\\\/author\\\/admin\\\/#author\"},\"creator\":{\"@id\":\"https:\\\/\\\/www.rucashk.com\\\/pt\\\/author\\\/admin\\\/#author\"},\"image\":{\"@type\":\"ImageObject\",\"url\":\"https:\\\/\\\/www.rucashk.com\\\/wp-content\\\/uploads\\\/2024\\\/01\\\/Amazfit-Cor-2.jpg\",\"@id\":\"https:\\\/\\\/www.rucashk.com\\\/pt\\\/produto\\\/amazfit-cor-2-smart-bracelet\\\/#mainImage\",\"width\":800,\"height\":800},\"primaryImageOfPage\":{\"@id\":\"https:\\\/\\\/www.rucashk.com\\\/pt\\\/produto\\\/amazfit-cor-2-smart-bracelet\\\/#mainImage\"},\"datePublished\":\"2024-01-09T15:51:27+00:00\",\"dateModified\":\"2024-03-12T04:15:51+00:00\"},{\"@type\":\"WebSite\",\"@id\":\"https:\\\/\\\/www.rucashk.com\\\/pt\\\/#website\",\"url\":\"https:\\\/\\\/www.rucashk.com\\\/pt\\\/\",\"name\":\"Rucas - Wholesale and distribution worldwide\",\"alternateName\":\"Rucas - One-stop AIoT Distribution Worldwide\",\"description\":\"One-stop AIoT Distribution Worldwide\",\"inLanguage\":\"pt-PT\",\"publisher\":{\"@id\":\"https:\\\/\\\/www.rucashk.com\\\/pt\\\/#organization\"}}]}\n\t\t<\/script>\n\t\t<!-- All in One SEO Pro -->\r\n\t\t<title>Amazfit Cor 2 Smart Bracelet - Rucas - Wholesale and Distribution<\/title>\n\n","aioseo_head_json":{"title":"Amazfit Cor 2 Smart Bracelet - Rucas - Wholesale and Distribution","description":"Main feature: \u25cf 1.23 Inch Capacitive Color IPS Touch Screen. \u25cf Reflective Display Technology. \u25cf Heart Rate Monitor. \u25cf Call Reminder. \u25cf Information Push. \u25cf Long Standby. \u25cf 5ATM Waterproof.","canonical_url":"https:\/\/www.rucashk.com\/pt\/produto\/amazfit-cor-2-smart-bracelet\/","robots":"max-image-preview:large","keywords":"","webmasterTools":{"miscellaneous":""},"og:locale":"pt_PT","og:site_name":"Rucas - One-stop AIoT Distribution Worldwide","og:type":"article","og:title":"Amazfit Cor 2 Smart Bracelet - Rucas - Wholesale and Distribution","og:description":"Main feature: \u25cf 1.23 Inch Capacitive Color IPS Touch Screen. \u25cf Reflective Display Technology. \u25cf Heart Rate Monitor. \u25cf Call Reminder. \u25cf Information Push. \u25cf Long Standby. \u25cf 5ATM Waterproof.","og:url":"https:\/\/www.rucashk.com\/pt\/produto\/amazfit-cor-2-smart-bracelet\/","og:image":"https:\/\/www.rucashk.com\/wp-content\/uploads\/replace\/503b8e645f128a97ccde2b6290747646.jpeg","og:image:secure_url":"https:\/\/www.rucashk.com\/wp-content\/uploads\/replace\/503b8e645f128a97ccde2b6290747646.jpeg","og:image:width":1456,"og:image:height":816,"article:published_time":"2024-01-09T15:51:27+00:00","article:modified_time":"2024-03-12T04:15:51+00:00","twitter:card":"summary_large_image","twitter:title":"Amazfit Cor 2 Smart Bracelet - Rucas - Wholesale and Distribution","twitter:description":"Main feature: \u25cf 1.23 Inch Capacitive Color IPS Touch Screen. \u25cf Reflective Display Technology. \u25cf Heart Rate Monitor. \u25cf Call Reminder. \u25cf Information Push. \u25cf Long Standby. \u25cf 5ATM Waterproof.","twitter:image":"https:\/\/www.rucashk.com\/wp-content\/uploads\/replace\/503b8e645f128a97ccde2b6290747646.jpeg","schema":{"@context":"https:\/\/schema.org","@graph":[{"@type":"BreadcrumbList","@id":"https:\/\/www.rucashk.com\/pt\/produto\/amazfit-cor-2-smart-bracelet\/#breadcrumblist","itemListElement":[{"@type":"ListItem","@id":"https:\/\/www.rucashk.com\/pt\/#listItem","position":1,"name":"Home","item":"https:\/\/www.rucashk.com\/pt\/","nextItem":"https:\/\/www.rucashk.com\/pt\/produto\/amazfit-cor-2-smart-bracelet\/#listItem"},{"@type":"ListItem","@id":"https:\/\/www.rucashk.com\/pt\/produto\/amazfit-cor-2-smart-bracelet\/#listItem","position":2,"name":"Amazfit\u00a0Cor 2 Smart Bracelet","previousItem":"https:\/\/www.rucashk.com\/pt\/#listItem"}]},{"@type":"Organization","@id":"https:\/\/www.rucashk.com\/pt\/#organization","name":"Rucas","url":"https:\/\/www.rucashk.com\/pt\/","logo":{"@type":"ImageObject","url":"https:\/\/www.rucashk.com\/wp-content\/uploads\/2023\/12\/Rucas_campany_logo.png","@id":"https:\/\/www.rucashk.com\/pt\/produto\/amazfit-cor-2-smart-bracelet\/#organizationLogo","width":221,"height":65},"image":{"@id":"https:\/\/www.rucashk.com\/pt\/#organizationLogo"}},{"@type":"Person","@id":"https:\/\/www.rucashk.com\/pt\/author\/admin\/#author","url":"https:\/\/www.rucashk.com\/pt\/author\/admin\/","name":"admin","image":{"@type":"ImageObject","@id":"https:\/\/www.rucashk.com\/pt\/produto\/amazfit-cor-2-smart-bracelet\/#authorImage","url":"https:\/\/secure.gravatar.com\/avatar\/b7c8925b09a27e72b30232f8ecaadbd5af0f70a38c78096863fe51b64f031c24?s=96&d=mm&r=g","width":96,"height":96,"caption":"admin"}},{"@type":"WebPage","@id":"https:\/\/www.rucashk.com\/pt\/produto\/amazfit-cor-2-smart-bracelet\/#webpage","url":"https:\/\/www.rucashk.com\/pt\/produto\/amazfit-cor-2-smart-bracelet\/","name":"Amazfit Cor 2 Smart Bracelet - Rucas - Wholesale and Distribution","description":"Main feature: \u25cf 1.23 Inch Capacitive Color IPS Touch Screen. \u25cf Reflective Display Technology. \u25cf Heart Rate Monitor. \u25cf Call Reminder. \u25cf Information Push. \u25cf Long Standby. \u25cf 5ATM Waterproof.","inLanguage":"pt-PT","isPartOf":{"@id":"https:\/\/www.rucashk.com\/pt\/#website"},"breadcrumb":{"@id":"https:\/\/www.rucashk.com\/pt\/produto\/amazfit-cor-2-smart-bracelet\/#breadcrumblist"},"author":{"@id":"https:\/\/www.rucashk.com\/pt\/author\/admin\/#author"},"creator":{"@id":"https:\/\/www.rucashk.com\/pt\/author\/admin\/#author"},"image":{"@type":"ImageObject","url":"https:\/\/www.rucashk.com\/wp-content\/uploads\/2024\/01\/Amazfit-Cor-2.jpg","@id":"https:\/\/www.rucashk.com\/pt\/produto\/amazfit-cor-2-smart-bracelet\/#mainImage","width":800,"height":800},"primaryImageOfPage":{"@id":"https:\/\/www.rucashk.com\/pt\/produto\/amazfit-cor-2-smart-bracelet\/#mainImage"},"datePublished":"2024-01-09T15:51:27+00:00","dateModified":"2024-03-12T04:15:51+00:00"},{"@type":"WebSite","@id":"https:\/\/www.rucashk.com\/pt\/#website","url":"https:\/\/www.rucashk.com\/pt\/","name":"Rucas - Wholesale and distribution worldwide","alternateName":"Rucas - One-stop AIoT Distribution Worldwide","description":"One-stop AIoT Distribution Worldwide","inLanguage":"pt-PT","publisher":{"@id":"https:\/\/www.rucashk.com\/pt\/#organization"}}]}},"aioseo_meta_data":{"post_id":"23104","title":null,"description":null,"keywords":null,"keyphrases":null,"primary_term":null,"canonical_url":null,"og_title":null,"og_description":null,"og_object_type":"default","og_image_type":"default","og_image_url":null,"og_image_width":null,"og_image_height":null,"og_image_custom_url":null,"og_image_custom_fields":null,"og_video":null,"og_custom_url":null,"og_article_section":null,"og_article_tags":null,"twitter_use_og":false,"twitter_card":"default","twitter_image_type":"default","twitter_image_url":null,"twitter_image_custom_url":null,"twitter_image_custom_fields":null,"twitter_title":null,"twitter_description":null,"schema":{"blockGraphs":[],"customGraphs":[],"default":{"data":{"Article":[],"Course":[],"Dataset":[],"FAQPage":[],"Movie":[],"Person":[],"Product":[],"Recipe":[],"Service":[],"SoftwareApplication":[],"WebPage":[]},"graphName":"","isEnabled":true},"graphs":[]},"schema_type":"default","schema_type_options":null,"pillar_content":false,"robots_default":true,"robots_noindex":false,"robots_noarchive":false,"robots_nosnippet":false,"robots_nofollow":false,"robots_noimageindex":false,"robots_noodp":false,"robots_notranslate":false,"robots_max_snippet":null,"robots_max_videopreview":null,"robots_max_imagepreview":"large","priority":null,"frequency":null,"local_seo":null,"breadcrumb_settings":null,"limit_modified_date":false,"created":"2024-04-11 01:55:26","updated":"2025-06-22 16:57:57"},"aioseo_breadcrumb":"<div class=\"aioseo-breadcrumbs\"><span class=\"aioseo-breadcrumb\">\n\t<a href=\"https:\/\/www.rucashk.com\/pt\" title=\"Home\">Home<\/a>\n<\/span><span class=\"aioseo-breadcrumb-separator\">&raquo;<\/span><span class=\"aioseo-breadcrumb\">\n\t<a href=\"https:\/\/www.rucashk.com\/pt\/products\/\" title=\"Produtos\">Produtos<\/a>\n<\/span><span class=\"aioseo-breadcrumb-separator\">&raquo;<\/span><span class=\"aioseo-breadcrumb\">\n\t<a href=\"https:\/\/www.rucashk.com\/pt\/categoria-produto\/xiaomi-eco\/\" title=\"Xiaomi Eco\">Xiaomi Eco<\/a>\n<\/span><span class=\"aioseo-breadcrumb-separator\">&raquo;<\/span><span class=\"aioseo-breadcrumb\">\n\t<a href=\"https:\/\/www.rucashk.com\/pt\/categoria-produto\/xiaomi-eco\/amazfit-smartwatch\/\" title=\"Amazfit Smartwatch\">Amazfit Smartwatch<\/a>\n<\/span><span class=\"aioseo-breadcrumb-separator\">&raquo;<\/span><span class=\"aioseo-breadcrumb\">\n\tAmazfit\u00a0Cor 2 Smart Bracelet\n<\/span><\/div>","aioseo_breadcrumb_json":[{"label":"Home","link":"https:\/\/www.rucashk.com\/pt"},{"label":"Produtos","link":"https:\/\/www.rucashk.com\/pt\/products\/"},{"label":"Xiaomi Eco","link":"https:\/\/www.rucashk.com\/pt\/categoria-produto\/xiaomi-eco\/"},{"label":"Amazfit Smartwatch","link":"https:\/\/www.rucashk.com\/pt\/categoria-produto\/xiaomi-eco\/amazfit-smartwatch\/"},{"label":"Amazfit\u00a0Cor 2 Smart Bracelet","link":"https:\/\/www.rucashk.com\/pt\/produto\/amazfit-cor-2-smart-bracelet\/"}],"_links":{"self":[{"href":"https:\/\/www.rucashk.com\/pt\/wp-json\/wp\/v2\/product\/23104","targetHints":{"allow":["GET"]}}],"collection":[{"href":"https:\/\/www.rucashk.com\/pt\/wp-json\/wp\/v2\/product"}],"about":[{"href":"https:\/\/www.rucashk.com\/pt\/wp-json\/wp\/v2\/types\/product"}],"wp:featuredmedia":[{"embeddable":true,"href":"https:\/\/www.rucashk.com\/pt\/wp-json\/wp\/v2\/media\/23193"}],"wp:attachment":[{"href":"https:\/\/www.rucashk.com\/pt\/wp-json\/wp\/v2\/media?parent=23104"}],"wp:term":[{"taxonomy":"product_brand","embeddable":true,"href":"https:\/\/www.rucashk.com\/pt\/wp-json\/wp\/v2\/product_brand?post=23104"},{"taxonomy":"product_cat","embeddable":true,"href":"https:\/\/www.rucashk.com\/pt\/wp-json\/wp\/v2\/product_cat?post=23104"},{"taxonomy":"product_tag","embeddable":true,"href":"https:\/\/www.rucashk.com\/pt\/wp-json\/wp\/v2\/product_tag?post=23104"}],"curies":[{"name":"wp","href":"https:\/\/api.w.org\/{rel}","templated":true}]}}