{"id":23103,"date":"2024-01-09T15:51:27","date_gmt":"2024-01-09T15:51:27","guid":{"rendered":"http:\/\/rucashk.com\/?post_type=product&#038;p=23103"},"modified":"2024-03-12T04:15:30","modified_gmt":"2024-03-12T04:15:30","slug":"amazfit-fitness-tracker-cor-smart-bracelet","status":"publish","type":"product","link":"https:\/\/www.rucashk.com\/pt\/produto\/amazfit-fitness-tracker-cor-smart-bracelet\/","title":{"rendered":"Pulseira inteligente Amazfit Fitness Tracker Cor"},"content":{"rendered":"<div id=\"aplus3p_feature_div\" class=\"celwidget\" data-feature-name=\"aplus3p\" data-cel-widget=\"aplus3p_feature_div\">\n<div id=\"aplus\" class=\"a-section a-spacing-large bucket\">\n<div class=\"aplus-v2 desktop celwidget\" data-cel-widget=\"aplus\">\n<div class=\"celwidget aplus-module launchpad-company-logo\" data-cel-widget=\"aplus-launchpad-company-logo\">\n<h3 class=\"a-section a-text-center launchpad-module launchpad-module-company-logo\" style=\"text-align: center\">Pulseira inteligente Amazfit Fitness Tracker Cor<\/h3>\n<\/div>\n<div class=\"celwidget aplus-module launchpad-brand-description-left\" data-cel-widget=\"aplus-launchpad-brand-description-left\">\n<div class=\"a-section launchpad-module launchpad-module-brand-description-left\">\n<div class=\"a-section launchpad-text-left-justify\">\n<p>Amazfit \u00e9 uma marca pr\u00f3pria da Huami. A Huami \u00e9 uma empresa biom\u00e9trica e orientada por dados de atividades, com experi\u00eancia significativa em tecnologia vest\u00edvel inteligente. Al\u00e9m disso, a Huami \u00e9 fornecedora de tecnologia vest\u00edvel para Xiaomi e fabricante exclusiva da Mi Band. Desde a sua cria\u00e7\u00e3o em 2013, a Huami estabeleceu rapidamente a sua lideran\u00e7a e reconhecimento no mercado global, enviando milh\u00f5es de unidades de dispositivos vest\u00edveis inteligentes. Em 2018, a Huami vendeu 27,5 milh\u00f5es de unidades de dispositivos vest\u00edveis inteligentes.<\/p>\n<\/div>\n<\/div>\n<\/div>\n<div class=\"celwidget aplus-module 3p-module-b\" data-cel-widget=\"aplus-3p-module-b\">\n<div class=\"aplus-3p-fixed-width\"><img decoding=\"async\" class=\"a-spacing-base aligncenter\" src=\"\/wp-content\/uploads\/replace\/61ff5eebb0fe1e1fac7e63561dca977b.jpeg\" alt=\"Amazfit\u00a0Fitness Tracker Cor Smart Bracelet\" data-src=\"\/wp-content\/uploads\/replace\/61ff5eebb0fe1e1fac7e63561dca977b.jpeg\" \/><\/div>\n<\/div>\n<div class=\"celwidget aplus-module 3p-module-b\" data-cel-widget=\"aplus-3p-module-b\">\n<div class=\"aplus-3p-fixed-width\"><img decoding=\"async\" class=\"a-spacing-base aligncenter\" src=\"\/wp-content\/uploads\/replace\/024ffc01767d588d9f59fc0d2e3ed323.jpeg\" alt=\"Amazfit\u00a0Fitness Tracker Cor Smart Bracelet\" data-src=\"\/wp-content\/uploads\/replace\/024ffc01767d588d9f59fc0d2e3ed323.jpeg\" \/><\/div>\n<\/div>\n<div class=\"celwidget aplus-module module-9\" data-cel-widget=\"aplus-module-9\">\n<div class=\"a-expander-collapsed-height a-row a-expander-container a-expander-partial-collapse-container\" data-a-expander-name=\"aplus-module-expander\" data-a-expander-collapsed-height=\"700\">\n<div class=\"a-expander-content a-expander-partial-collapse-content\">\n<div class=\"aplus-module-wrapper\">\n<div class=\"apm-spacing apm-fixed-width\">\n<h3 class=\"a-spacing-small\" style=\"text-align: center\">N\u00e3o perca o ritmo<\/h3>\n<table class=\"apm-fixed-width apm-eventhirdcol-table\">\n<tbody>\n<tr>\n<th class=\"apm-center\">\n<div class=\"apm-eventhirdcol apm-floatleft\">\n<p><img decoding=\"async\" class=\"a-spacing-mini\" src=\"\/wp-content\/uploads\/replace\/7c2272a263d06715fe6b9c9a08b6f1e3.jpeg\" alt=\"Amazfit\u00a0Fitness Tracker Cor Smart Bracelet\" data-src=\"\/wp-content\/uploads\/replace\/7c2272a263d06715fe6b9c9a08b6f1e3.jpeg\" \/><\/p>\n<\/div>\n<\/th>\n<th class=\"apm-center\">\n<div class=\"apm-eventhirdcol apm-floatleft\">\n<p><img decoding=\"async\" class=\"a-spacing-mini\" src=\"\/wp-content\/uploads\/replace\/b296f396d15e8db142cf9a1adb70e379.jpeg\" alt=\"Amazfit\u00a0Fitness Tracker Cor Smart Bracelet\" data-src=\"\/wp-content\/uploads\/replace\/b296f396d15e8db142cf9a1adb70e379.jpeg\" \/><\/p>\n<\/div>\n<\/th>\n<th class=\"apm-center\">\n<div class=\"apm-eventhirdcol apm-floatleft\">\n<p><img decoding=\"async\" class=\"a-spacing-mini\" src=\"\/wp-content\/uploads\/replace\/cdcd4f7ee98d6930e5ed5f5752f1aeb1.jpeg\" alt=\"Amazfit\u00a0Fitness Tracker Cor Smart Bracelet\" data-src=\"\/wp-content\/uploads\/replace\/cdcd4f7ee98d6930e5ed5f5752f1aeb1.jpeg\" \/><\/p>\n<\/div>\n<\/th>\n<\/tr>\n<tr>\n<td class=\"apm-top\">\n<div class=\"apm-eventhirdcol apm-floatleft\">\n<ul class=\"a-unordered-list a-vertical\">\n<li><span class=\"a-list-item\">Correndo<\/span><\/li>\n<li><span class=\"a-list-item\">Esteira<\/span><\/li>\n<li><span class=\"a-list-item\">Ciclismo<\/span><\/li>\n<li><span class=\"a-list-item\">Andando<\/span><\/li>\n<li><span class=\"a-list-item\">Exerc\u00edcio Gratuito<\/span><\/li>\n<\/ul>\n<\/div>\n<\/td>\n<td class=\"apm-top\">\n<div class=\"apm-eventhirdcol apm-floatleft\">\n<ul class=\"a-unordered-list a-vertical\">\n<li><span class=\"a-list-item\">Monitoramento de frequ\u00eancia card\u00edaca<\/span><\/li>\n<li><span class=\"a-list-item\">Rastreamento do sono<\/span><\/li>\n<li><span class=\"a-list-item\">Acompanhamento de atividades (passos, calorias, dist\u00e2ncia\u2026)<\/span><\/li>\n<li><span class=\"a-list-item\">Lembrete de movimento<\/span><\/li>\n<\/ul>\n<\/div>\n<\/td>\n<td class=\"apm-top\">\n<div class=\"apm-eventhirdcol apm-floatleft\">\n<ul class=\"a-unordered-list a-vertical\">\n<li><span class=\"a-list-item\"><a class=\"\" style=\"width: auto !important\" href=\"https:\/\/www.rucashk.com\/pt\/39-9rmb-xiaomi-grocery-store-new-life-experience-high-quality-stainless-steel-create-a-xiaomi-ecological-chain-explosive\/\" data-wpil-post-to-id=\"7150\">A\u00e7o inoxid\u00e1vel<\/a> Moldura<\/span><\/li>\n<li><span class=\"a-list-item\">LCD IPS vibrante de 1,23\u2033<\/span><\/li>\n<li><span class=\"a-list-item\">Vidro Corning Gorilla 3<\/span><\/li>\n<li><span class=\"a-list-item\">Resist\u00eancia \u00e0 \u00e1gua 50M (5ATM)<\/span><\/li>\n<li><span class=\"a-list-item\">12 dias de vida \u00fatil da bateria com carga \u00fanica de 2 horas<\/span><\/li>\n<\/ul>\n<\/div>\n<\/td>\n<\/tr>\n<\/tbody>\n<\/table>\n<\/div>\n<\/div>\n<\/div>\n<\/div>\n<\/div>\n<div class=\"celwidget aplus-module module-11\" data-cel-widget=\"aplus-module-11\">\n<div class=\"a-expander-collapsed-height a-row a-expander-container a-expander-partial-collapse-container\" data-a-expander-name=\"aplus-module-expander\" data-a-expander-collapsed-height=\"360\">\n<div class=\"a-expander-content a-expander-partial-collapse-content\">\n<div class=\"aplus-module-wrapper apm-spacing apm-floatnone\">\n<div class=\"apm-sidemodule aplus-module-content\">\n<div class=\"apm-hero-image\"><img decoding=\"async\" class=\"aligncenter\" src=\"\/wp-content\/uploads\/replace\/f0fcd00cbf7a17a36d30b1a61666b4d9.jpeg\" alt=\"Amazfit\u00a0Fitness Tracker Cor Smart Bracelet\" data-src=\"\/wp-content\/uploads\/replace\/f0fcd00cbf7a17a36d30b1a61666b4d9.jpeg\" \/><\/div>\n<\/div>\n<div><\/div>\n<\/div>\n<\/div>\n<\/div>\n<\/div>\n<div class=\"celwidget aplus-module module-11\" data-cel-widget=\"aplus-module-11\">\n<div class=\"a-expander-collapsed-height a-row a-expander-container a-expander-partial-collapse-container\" data-a-expander-name=\"aplus-module-expander\" data-a-expander-collapsed-height=\"360\">\n<div class=\"a-expander-content a-expander-partial-collapse-content\">\n<div class=\"aplus-module-wrapper apm-spacing apm-floatnone\">\n<div class=\"apm-sidemodule aplus-module-content\">\n<div class=\"apm-hero-image\"><img decoding=\"async\" class=\"aligncenter\" src=\"\/wp-content\/uploads\/replace\/100d23952439ec6b9ce62597cf1e722e.jpeg\" alt=\"Amazfit\u00a0Fitness Tracker Cor Smart Bracelet\" data-src=\"\/wp-content\/uploads\/replace\/100d23952439ec6b9ce62597cf1e722e.jpeg\" \/><\/div>\n<\/div>\n<div><\/div>\n<\/div>\n<\/div>\n<\/div>\n<\/div>\n<\/div>\n<\/div>\n<\/div>\n<div id=\"legal_feature_div\" class=\"celwidget\" data-feature-name=\"legal\" data-cel-widget=\"legal_feature_div\"><\/div>\n<div id=\"HLCXComparisonWidget_feature_div\" class=\"celwidget\" data-feature-name=\"HLCXComparisonWidget\" data-cel-widget=\"HLCXComparisonWidget_feature_div\">\n<h2>Informa\u00e7\u00e3o do produto<\/h2>\n<div class=\"a-row a-spacing-top-base\">\n<div class=\"a-column a-span6\">\n<div class=\"a-row a-spacing-base\">\n<div class=\"a-section table-padding\">\n<table id=\"productDetails_detailBullets_sections1\" class=\"a-keyvalue prodDetTable\" role=\"presentation\">\n<tbody>\n<tr>\n<th class=\"a-color-secondary a-size-base prodDetSectionEntry\">Dimens\u00f5es do produto<\/th>\n<td class=\"a-size-base\">10 x 2,01 x 0,59 polegadas<\/td>\n<\/tr>\n<tr>\n<th class=\"a-color-secondary a-size-base prodDetSectionEntry\">Peso do Item<\/th>\n<td class=\"a-size-base\">1,13 on\u00e7as<\/td>\n<\/tr>\n<tr>\n<th class=\"a-color-secondary a-size-base prodDetSectionEntry\">Fabricante<\/th>\n<td class=\"a-size-base\">Amazfit<\/td>\n<\/tr>\n<tr>\n<th class=\"a-color-secondary a-size-base prodDetSectionEntry\">COMO EM<\/th>\n<td class=\"a-size-base\">B07CYKP5B7<\/td>\n<\/tr>\n<tr>\n<th class=\"a-color-secondary a-size-base prodDetSectionEntry\">N\u00famero do modelo do item<\/th>\n<td class=\"a-size-base\">A1702<\/td>\n<\/tr>\n<tr>\n<th class=\"a-color-secondary a-size-base prodDetSectionEntry\">Baterias<\/th>\n<td class=\"a-size-base\">1 S\u00e3o necess\u00e1rias baterias de \u00edon de l\u00edtio. (inclu\u00eddo)<\/td>\n<\/tr>\n<\/tbody>\n<\/table>\n<\/div>\n<\/div>\n<\/div>\n<\/div>\n<\/div>\n<div id=\"renewedProgramDescriptionBtf_feature_div\" class=\"celwidget\" data-feature-name=\"renewedProgramDescriptionBtf\" data-cel-widget=\"renewedProgramDescriptionBtf_feature_div\"><\/div>\n<p><a id=\"productDetails\" name=\"productDetails\"><\/a><\/p>\n<div id=\"productDetails_feature_div\" class=\"celwidget\" data-feature-name=\"productDetails\" data-cel-widget=\"productDetails_feature_div\"><\/div>","protected":false},"excerpt":{"rendered":"<p>Display: IPS, 1.23 inches, 80&#215;160 pixels<\/p>\n<p>Battery: 170mAh, up to 12 days<\/p>\n<p>Sensors: accelerometer, HR, step<\/p>\n<p>Waterproof: yes, fifty meters<\/p>\n<p>Operating system: Proprietary operating system<\/p>\n<p>Smartphone compatibility: Android 4.4+ and iOS 8.0+<\/p>","protected":false},"featured_media":23192,"template":"","meta":[],"product_brand":[],"product_cat":[1339,1305],"product_tag":[425,523],"class_list":{"0":"post-23103","1":"product","2":"type-product","3":"status-publish","4":"has-post-thumbnail","6":"product_cat-amazfit-smartwatch","7":"product_cat-xiaomi-eco","8":"product_tag-amazfit","9":"product_tag-smartwatch","11":"first","12":"instock","13":"shipping-taxable","14":"product-type-external"},"aioseo_notices":[],"aioseo_head":"\n\t\t<!-- All in One SEO Pro 4.5.9.2 - aioseo.com -->\n\t\t<meta name=\"description\" content=\"Display: IPS, 1.23 inches, 80x160 pixels Battery: 170mAh, up to 12 days Sensors: accelerometer, HR, step Waterproof: yes, fifty meters Operating system: Proprietary operating system Smartphone compatibility: Android 4.4+ and iOS 8.0+\" \/>\n\t\t<meta name=\"robots\" content=\"max-image-preview:large\" \/>\n\t\t<link rel=\"canonical\" href=\"https:\/\/www.rucashk.com\/pt\/produto\/amazfit-fitness-tracker-cor-smart-bracelet\/\" \/>\n\t\t<meta name=\"generator\" content=\"All in One SEO Pro (AIOSEO) 4.5.9.2\" \/>\n\t\t<meta property=\"og:locale\" content=\"pt_PT\" \/>\n\t\t<meta property=\"og:site_name\" content=\"Rucas - One-stop AIoT Distribution Worldwide\" \/>\n\t\t<meta property=\"og:type\" content=\"article\" \/>\n\t\t<meta property=\"og:title\" content=\"Amazfit Fitness Tracker Cor Smart Bracelet - Rucas - Wholesale and Distribution\" \/>\n\t\t<meta property=\"og:description\" content=\"Display: IPS, 1.23 inches, 80x160 pixels Battery: 170mAh, up to 12 days Sensors: accelerometer, HR, step Waterproof: yes, fifty meters Operating system: Proprietary operating system Smartphone compatibility: Android 4.4+ and iOS 8.0+\" \/>\n\t\t<meta property=\"og:url\" content=\"https:\/\/www.rucashk.com\/pt\/produto\/amazfit-fitness-tracker-cor-smart-bracelet\/\" \/>\n\t\t<meta property=\"og:image\" content=\"https:\/\/www.rucashk.com\/wp-content\/uploads\/replace\/503b8e645f128a97ccde2b6290747646.jpeg\" \/>\n\t\t<meta property=\"og:image:secure_url\" content=\"https:\/\/www.rucashk.com\/wp-content\/uploads\/replace\/503b8e645f128a97ccde2b6290747646.jpeg\" \/>\n\t\t<meta property=\"og:image:width\" content=\"1456\" \/>\n\t\t<meta property=\"og:image:height\" content=\"816\" \/>\n\t\t<meta property=\"article:published_time\" content=\"2024-01-09T15:51:27+00:00\" \/>\n\t\t<meta property=\"article:modified_time\" content=\"2024-03-12T04:15:30+00:00\" \/>\n\t\t<meta name=\"twitter:card\" content=\"summary_large_image\" \/>\n\t\t<meta name=\"twitter:title\" content=\"Amazfit Fitness Tracker Cor Smart Bracelet - Rucas - Wholesale and Distribution\" \/>\n\t\t<meta name=\"twitter:description\" content=\"Display: IPS, 1.23 inches, 80x160 pixels Battery: 170mAh, up to 12 days Sensors: accelerometer, HR, step Waterproof: yes, fifty meters Operating system: Proprietary operating system Smartphone compatibility: Android 4.4+ and iOS 8.0+\" \/>\n\t\t<meta name=\"twitter:image\" content=\"https:\/\/www.rucashk.com\/wp-content\/uploads\/replace\/503b8e645f128a97ccde2b6290747646.jpeg\" \/>\n\t\t<script type=\"application\/ld+json\" class=\"aioseo-schema\">\n\t\t\t{\"@context\":\"https:\\\/\\\/schema.org\",\"@graph\":[{\"@type\":\"BreadcrumbList\",\"@id\":\"https:\\\/\\\/www.rucashk.com\\\/pt\\\/produto\\\/amazfit-fitness-tracker-cor-smart-bracelet\\\/#breadcrumblist\",\"itemListElement\":[{\"@type\":\"ListItem\",\"@id\":\"https:\\\/\\\/www.rucashk.com\\\/pt\\\/#listItem\",\"position\":1,\"name\":\"Home\",\"item\":\"https:\\\/\\\/www.rucashk.com\\\/pt\\\/\",\"nextItem\":\"https:\\\/\\\/www.rucashk.com\\\/pt\\\/produto\\\/amazfit-fitness-tracker-cor-smart-bracelet\\\/#listItem\"},{\"@type\":\"ListItem\",\"@id\":\"https:\\\/\\\/www.rucashk.com\\\/pt\\\/produto\\\/amazfit-fitness-tracker-cor-smart-bracelet\\\/#listItem\",\"position\":2,\"name\":\"Amazfit\\u00a0Fitness Tracker Cor Smart Bracelet\",\"previousItem\":\"https:\\\/\\\/www.rucashk.com\\\/pt\\\/#listItem\"}]},{\"@type\":\"Organization\",\"@id\":\"https:\\\/\\\/www.rucashk.com\\\/pt\\\/#organization\",\"name\":\"Rucas\",\"url\":\"https:\\\/\\\/www.rucashk.com\\\/pt\\\/\",\"logo\":{\"@type\":\"ImageObject\",\"url\":\"https:\\\/\\\/www.rucashk.com\\\/wp-content\\\/uploads\\\/2023\\\/12\\\/Rucas_campany_logo.png\",\"@id\":\"https:\\\/\\\/www.rucashk.com\\\/pt\\\/produto\\\/amazfit-fitness-tracker-cor-smart-bracelet\\\/#organizationLogo\",\"width\":221,\"height\":65},\"image\":{\"@id\":\"https:\\\/\\\/www.rucashk.com\\\/pt\\\/#organizationLogo\"}},{\"@type\":\"Person\",\"@id\":\"https:\\\/\\\/www.rucashk.com\\\/pt\\\/author\\\/admin\\\/#author\",\"url\":\"https:\\\/\\\/www.rucashk.com\\\/pt\\\/author\\\/admin\\\/\",\"name\":\"admin\",\"image\":{\"@type\":\"ImageObject\",\"@id\":\"https:\\\/\\\/www.rucashk.com\\\/pt\\\/produto\\\/amazfit-fitness-tracker-cor-smart-bracelet\\\/#authorImage\",\"url\":\"https:\\\/\\\/secure.gravatar.com\\\/avatar\\\/b7c8925b09a27e72b30232f8ecaadbd5af0f70a38c78096863fe51b64f031c24?s=96&d=mm&r=g\",\"width\":96,\"height\":96,\"caption\":\"admin\"}},{\"@type\":\"WebPage\",\"@id\":\"https:\\\/\\\/www.rucashk.com\\\/pt\\\/produto\\\/amazfit-fitness-tracker-cor-smart-bracelet\\\/#webpage\",\"url\":\"https:\\\/\\\/www.rucashk.com\\\/pt\\\/produto\\\/amazfit-fitness-tracker-cor-smart-bracelet\\\/\",\"name\":\"Amazfit Fitness Tracker Cor Smart Bracelet - Rucas - Wholesale and Distribution\",\"description\":\"Display: IPS, 1.23 inches, 80x160 pixels Battery: 170mAh, up to 12 days Sensors: accelerometer, HR, step Waterproof: yes, fifty meters Operating system: Proprietary operating system Smartphone compatibility: Android 4.4+ and iOS 8.0+\",\"inLanguage\":\"pt-PT\",\"isPartOf\":{\"@id\":\"https:\\\/\\\/www.rucashk.com\\\/pt\\\/#website\"},\"breadcrumb\":{\"@id\":\"https:\\\/\\\/www.rucashk.com\\\/pt\\\/produto\\\/amazfit-fitness-tracker-cor-smart-bracelet\\\/#breadcrumblist\"},\"author\":{\"@id\":\"https:\\\/\\\/www.rucashk.com\\\/pt\\\/author\\\/admin\\\/#author\"},\"creator\":{\"@id\":\"https:\\\/\\\/www.rucashk.com\\\/pt\\\/author\\\/admin\\\/#author\"},\"image\":{\"@type\":\"ImageObject\",\"url\":\"https:\\\/\\\/www.rucashk.com\\\/wp-content\\\/uploads\\\/2024\\\/01\\\/amazfit-fitness-tracker-cor.jpg\",\"@id\":\"https:\\\/\\\/www.rucashk.com\\\/pt\\\/produto\\\/amazfit-fitness-tracker-cor-smart-bracelet\\\/#mainImage\",\"width\":800,\"height\":800},\"primaryImageOfPage\":{\"@id\":\"https:\\\/\\\/www.rucashk.com\\\/pt\\\/produto\\\/amazfit-fitness-tracker-cor-smart-bracelet\\\/#mainImage\"},\"datePublished\":\"2024-01-09T15:51:27+00:00\",\"dateModified\":\"2024-03-12T04:15:30+00:00\"},{\"@type\":\"WebSite\",\"@id\":\"https:\\\/\\\/www.rucashk.com\\\/pt\\\/#website\",\"url\":\"https:\\\/\\\/www.rucashk.com\\\/pt\\\/\",\"name\":\"Rucas - Wholesale and distribution worldwide\",\"alternateName\":\"Rucas - One-stop AIoT Distribution Worldwide\",\"description\":\"One-stop AIoT Distribution Worldwide\",\"inLanguage\":\"pt-PT\",\"publisher\":{\"@id\":\"https:\\\/\\\/www.rucashk.com\\\/pt\\\/#organization\"}}]}\n\t\t<\/script>\n\t\t<!-- All in One SEO Pro -->\r\n\t\t<title>Amazfit Fitness Tracker Cor Smart Bracelet - Rucas - Wholesale and Distribution<\/title>\n\n","aioseo_head_json":{"title":"Amazfit Fitness Tracker Cor Smart Bracelet - Rucas - Wholesale and Distribution","description":"Display: IPS, 1.23 inches, 80x160 pixels Battery: 170mAh, up to 12 days Sensors: accelerometer, HR, step Waterproof: yes, fifty meters Operating system: Proprietary operating system Smartphone compatibility: Android 4.4+ and iOS 8.0+","canonical_url":"https:\/\/www.rucashk.com\/pt\/produto\/amazfit-fitness-tracker-cor-smart-bracelet\/","robots":"max-image-preview:large","keywords":"","webmasterTools":{"miscellaneous":""},"og:locale":"pt_PT","og:site_name":"Rucas - One-stop AIoT Distribution Worldwide","og:type":"article","og:title":"Amazfit Fitness Tracker Cor Smart Bracelet - Rucas - Wholesale and Distribution","og:description":"Display: IPS, 1.23 inches, 80x160 pixels Battery: 170mAh, up to 12 days Sensors: accelerometer, HR, step Waterproof: yes, fifty meters Operating system: Proprietary operating system Smartphone compatibility: Android 4.4+ and iOS 8.0+","og:url":"https:\/\/www.rucashk.com\/pt\/produto\/amazfit-fitness-tracker-cor-smart-bracelet\/","og:image":"https:\/\/www.rucashk.com\/wp-content\/uploads\/replace\/503b8e645f128a97ccde2b6290747646.jpeg","og:image:secure_url":"https:\/\/www.rucashk.com\/wp-content\/uploads\/replace\/503b8e645f128a97ccde2b6290747646.jpeg","og:image:width":1456,"og:image:height":816,"article:published_time":"2024-01-09T15:51:27+00:00","article:modified_time":"2024-03-12T04:15:30+00:00","twitter:card":"summary_large_image","twitter:title":"Amazfit Fitness Tracker Cor Smart Bracelet - Rucas - Wholesale and Distribution","twitter:description":"Display: IPS, 1.23 inches, 80x160 pixels Battery: 170mAh, up to 12 days Sensors: accelerometer, HR, step Waterproof: yes, fifty meters Operating system: Proprietary operating system Smartphone compatibility: Android 4.4+ and iOS 8.0+","twitter:image":"https:\/\/www.rucashk.com\/wp-content\/uploads\/replace\/503b8e645f128a97ccde2b6290747646.jpeg","schema":{"@context":"https:\/\/schema.org","@graph":[{"@type":"BreadcrumbList","@id":"https:\/\/www.rucashk.com\/pt\/produto\/amazfit-fitness-tracker-cor-smart-bracelet\/#breadcrumblist","itemListElement":[{"@type":"ListItem","@id":"https:\/\/www.rucashk.com\/pt\/#listItem","position":1,"name":"Home","item":"https:\/\/www.rucashk.com\/pt\/","nextItem":"https:\/\/www.rucashk.com\/pt\/produto\/amazfit-fitness-tracker-cor-smart-bracelet\/#listItem"},{"@type":"ListItem","@id":"https:\/\/www.rucashk.com\/pt\/produto\/amazfit-fitness-tracker-cor-smart-bracelet\/#listItem","position":2,"name":"Amazfit\u00a0Fitness Tracker Cor Smart Bracelet","previousItem":"https:\/\/www.rucashk.com\/pt\/#listItem"}]},{"@type":"Organization","@id":"https:\/\/www.rucashk.com\/pt\/#organization","name":"Rucas","url":"https:\/\/www.rucashk.com\/pt\/","logo":{"@type":"ImageObject","url":"https:\/\/www.rucashk.com\/wp-content\/uploads\/2023\/12\/Rucas_campany_logo.png","@id":"https:\/\/www.rucashk.com\/pt\/produto\/amazfit-fitness-tracker-cor-smart-bracelet\/#organizationLogo","width":221,"height":65},"image":{"@id":"https:\/\/www.rucashk.com\/pt\/#organizationLogo"}},{"@type":"Person","@id":"https:\/\/www.rucashk.com\/pt\/author\/admin\/#author","url":"https:\/\/www.rucashk.com\/pt\/author\/admin\/","name":"admin","image":{"@type":"ImageObject","@id":"https:\/\/www.rucashk.com\/pt\/produto\/amazfit-fitness-tracker-cor-smart-bracelet\/#authorImage","url":"https:\/\/secure.gravatar.com\/avatar\/b7c8925b09a27e72b30232f8ecaadbd5af0f70a38c78096863fe51b64f031c24?s=96&d=mm&r=g","width":96,"height":96,"caption":"admin"}},{"@type":"WebPage","@id":"https:\/\/www.rucashk.com\/pt\/produto\/amazfit-fitness-tracker-cor-smart-bracelet\/#webpage","url":"https:\/\/www.rucashk.com\/pt\/produto\/amazfit-fitness-tracker-cor-smart-bracelet\/","name":"Amazfit Fitness Tracker Cor Smart Bracelet - Rucas - Wholesale and Distribution","description":"Display: IPS, 1.23 inches, 80x160 pixels Battery: 170mAh, up to 12 days Sensors: accelerometer, HR, step Waterproof: yes, fifty meters Operating system: Proprietary operating system Smartphone compatibility: Android 4.4+ and iOS 8.0+","inLanguage":"pt-PT","isPartOf":{"@id":"https:\/\/www.rucashk.com\/pt\/#website"},"breadcrumb":{"@id":"https:\/\/www.rucashk.com\/pt\/produto\/amazfit-fitness-tracker-cor-smart-bracelet\/#breadcrumblist"},"author":{"@id":"https:\/\/www.rucashk.com\/pt\/author\/admin\/#author"},"creator":{"@id":"https:\/\/www.rucashk.com\/pt\/author\/admin\/#author"},"image":{"@type":"ImageObject","url":"https:\/\/www.rucashk.com\/wp-content\/uploads\/2024\/01\/amazfit-fitness-tracker-cor.jpg","@id":"https:\/\/www.rucashk.com\/pt\/produto\/amazfit-fitness-tracker-cor-smart-bracelet\/#mainImage","width":800,"height":800},"primaryImageOfPage":{"@id":"https:\/\/www.rucashk.com\/pt\/produto\/amazfit-fitness-tracker-cor-smart-bracelet\/#mainImage"},"datePublished":"2024-01-09T15:51:27+00:00","dateModified":"2024-03-12T04:15:30+00:00"},{"@type":"WebSite","@id":"https:\/\/www.rucashk.com\/pt\/#website","url":"https:\/\/www.rucashk.com\/pt\/","name":"Rucas - Wholesale and distribution worldwide","alternateName":"Rucas - One-stop AIoT Distribution Worldwide","description":"One-stop AIoT Distribution Worldwide","inLanguage":"pt-PT","publisher":{"@id":"https:\/\/www.rucashk.com\/pt\/#organization"}}]}},"aioseo_meta_data":{"post_id":"23103","title":null,"description":null,"keywords":null,"keyphrases":null,"primary_term":null,"canonical_url":null,"og_title":null,"og_description":null,"og_object_type":"default","og_image_type":"default","og_image_url":null,"og_image_width":null,"og_image_height":null,"og_image_custom_url":null,"og_image_custom_fields":null,"og_video":null,"og_custom_url":null,"og_article_section":null,"og_article_tags":null,"twitter_use_og":false,"twitter_card":"default","twitter_image_type":"default","twitter_image_url":null,"twitter_image_custom_url":null,"twitter_image_custom_fields":null,"twitter_title":null,"twitter_description":null,"schema":{"blockGraphs":[],"customGraphs":[],"default":{"data":{"Article":[],"Course":[],"Dataset":[],"FAQPage":[],"Movie":[],"Person":[],"Product":[],"Recipe":[],"Service":[],"SoftwareApplication":[],"WebPage":[]},"graphName":"","isEnabled":true},"graphs":[]},"schema_type":"default","schema_type_options":null,"pillar_content":false,"robots_default":true,"robots_noindex":false,"robots_noarchive":false,"robots_nosnippet":false,"robots_nofollow":false,"robots_noimageindex":false,"robots_noodp":false,"robots_notranslate":false,"robots_max_snippet":null,"robots_max_videopreview":null,"robots_max_imagepreview":"large","priority":null,"frequency":null,"local_seo":null,"breadcrumb_settings":null,"limit_modified_date":false,"created":"2024-04-11 01:55:26","updated":"2025-06-22 16:57:57"},"aioseo_breadcrumb":"<div class=\"aioseo-breadcrumbs\"><span class=\"aioseo-breadcrumb\">\n\t<a href=\"https:\/\/www.rucashk.com\/pt\" title=\"Home\">Home<\/a>\n<\/span><span class=\"aioseo-breadcrumb-separator\">&raquo;<\/span><span class=\"aioseo-breadcrumb\">\n\t<a href=\"https:\/\/www.rucashk.com\/pt\/products\/\" title=\"Produtos\">Produtos<\/a>\n<\/span><span class=\"aioseo-breadcrumb-separator\">&raquo;<\/span><span class=\"aioseo-breadcrumb\">\n\t<a href=\"https:\/\/www.rucashk.com\/pt\/categoria-produto\/xiaomi-eco\/\" title=\"Xiaomi Eco\">Xiaomi Eco<\/a>\n<\/span><span class=\"aioseo-breadcrumb-separator\">&raquo;<\/span><span class=\"aioseo-breadcrumb\">\n\t<a href=\"https:\/\/www.rucashk.com\/pt\/categoria-produto\/xiaomi-eco\/amazfit-smartwatch\/\" title=\"Amazfit Smartwatch\">Amazfit Smartwatch<\/a>\n<\/span><span class=\"aioseo-breadcrumb-separator\">&raquo;<\/span><span class=\"aioseo-breadcrumb\">\n\tAmazfit\u00a0Fitness Tracker Cor Smart Bracelet\n<\/span><\/div>","aioseo_breadcrumb_json":[{"label":"Home","link":"https:\/\/www.rucashk.com\/pt"},{"label":"Produtos","link":"https:\/\/www.rucashk.com\/pt\/products\/"},{"label":"Xiaomi Eco","link":"https:\/\/www.rucashk.com\/pt\/categoria-produto\/xiaomi-eco\/"},{"label":"Amazfit Smartwatch","link":"https:\/\/www.rucashk.com\/pt\/categoria-produto\/xiaomi-eco\/amazfit-smartwatch\/"},{"label":"Amazfit\u00a0Fitness Tracker Cor Smart Bracelet","link":"https:\/\/www.rucashk.com\/pt\/produto\/amazfit-fitness-tracker-cor-smart-bracelet\/"}],"_links":{"self":[{"href":"https:\/\/www.rucashk.com\/pt\/wp-json\/wp\/v2\/product\/23103","targetHints":{"allow":["GET"]}}],"collection":[{"href":"https:\/\/www.rucashk.com\/pt\/wp-json\/wp\/v2\/product"}],"about":[{"href":"https:\/\/www.rucashk.com\/pt\/wp-json\/wp\/v2\/types\/product"}],"wp:featuredmedia":[{"embeddable":true,"href":"https:\/\/www.rucashk.com\/pt\/wp-json\/wp\/v2\/media\/23192"}],"wp:attachment":[{"href":"https:\/\/www.rucashk.com\/pt\/wp-json\/wp\/v2\/media?parent=23103"}],"wp:term":[{"taxonomy":"product_brand","embeddable":true,"href":"https:\/\/www.rucashk.com\/pt\/wp-json\/wp\/v2\/product_brand?post=23103"},{"taxonomy":"product_cat","embeddable":true,"href":"https:\/\/www.rucashk.com\/pt\/wp-json\/wp\/v2\/product_cat?post=23103"},{"taxonomy":"product_tag","embeddable":true,"href":"https:\/\/www.rucashk.com\/pt\/wp-json\/wp\/v2\/product_tag?post=23103"}],"curies":[{"name":"wp","href":"https:\/\/api.w.org\/{rel}","templated":true}]}}