{"id":23102,"date":"2024-01-09T15:51:27","date_gmt":"2024-01-09T15:51:27","guid":{"rendered":"http:\/\/rucashk.com\/?post_type=product&#038;p=23102"},"modified":"2024-03-13T07:29:10","modified_gmt":"2024-03-13T07:29:10","slug":"amazfit-arc-smart-band","status":"publish","type":"product","link":"https:\/\/www.rucashk.com\/pt\/produto\/amazfit-arc-smart-band\/","title":{"rendered":"Banda inteligente Amazfit Arc"},"content":{"rendered":"<h3 style=\"text-align: center\">Banda inteligente Amazfit Arc<\/h3>\n<p><img decoding=\"async\" title=\"arco xiaomi amazfit\" src=\"\/wp-content\/uploads\/replace\/d4f4e8d30af6512feafcdc539008bcf8.jpeg\" alt=\"xiaomi amazfit arc\" \/><\/p>\n<p><img decoding=\"async\" title=\"arco huami amazfit\" src=\"\/wp-content\/uploads\/replace\/0636345922fa3c172a683b3d242301b8.jpeg\" alt=\"huami amazfit arc\" \/><\/p>\n<p><img decoding=\"async\" title=\"pulseira inteligente de arco\" src=\"\/wp-content\/uploads\/replace\/702b685e6bab1f5baf1884a880177adc.jpeg\" alt=\"arc smart bracelet\" \/><\/p>\n<p><img decoding=\"async\" title=\"pre\u00e7o do smartwatch huami arc\" src=\"\/wp-content\/uploads\/replace\/66800d6a23a91e3c5e013a7e88a900f3.jpeg\" alt=\"huami arc smartwatch price\" \/><\/p>\n<p><img decoding=\"async\" title=\"arco xiaomi huami amazfit\" src=\"\/wp-content\/uploads\/replace\/ca4e3561560a76b6e3110b86da25a050.jpeg\" alt=\"xiaomi huami amazfit arc\" \/>Arco Amazfit <a href=\"https:\/\/www.rucashk.com\/pt\/produto\/xiaomi-mi-band-4-smart-bracelet\/\" class=\"\" style=\"width: auto !important\" data-wpil-post-to-id=\"1828\">Banda InteligenteAmazfit Arc Smart BandAmazfit Arc Smart BandAmazfit Arc Smart Band<\/a><\/p>\n<p><img decoding=\"async\" title=\"nova pulseira inteligente huami\" src=\"\/wp-content\/uploads\/replace\/00d66383d58f0267b3003ce17c01e8a6.jpeg\" alt=\"new huami smart bracelet\" \/><\/p>\n<p><img decoding=\"async\" title=\"smartwatch arco amazfit\" src=\"\/wp-content\/uploads\/replace\/fc3d726c774bf5fceb4660d735244bf2.jpeg\" alt=\"amazfit arc smartwatch\" \/><\/p>\n<p><img decoding=\"async\" title=\"comprar smartwatch huami arc online\" src=\"\/wp-content\/uploads\/replace\/d903f7ac6c2d0cc83f8d8846d1086af5.jpeg\" alt=\"buy huami arc smartwatch online\" \/><\/p>\n<p>&nbsp;<\/p>\n<h2>Especifica\u00e7\u00f5es do produto:<\/h2>\n<table border=\"0\">\n<tbody>\n<tr>\n<td>Marca:<\/td>\n<td><a href=\"https:\/\/gearvita.com\/brands\/xiaomi\">Xiaomi<\/a>\u00a0Amazfit<\/td>\n<\/tr>\n<tr>\n<td>Modelo:<\/td>\n<td>ARCO<\/td>\n<\/tr>\n<tr>\n<td>Cor:<\/td>\n<td>Preto<\/td>\n<\/tr>\n<tr>\n<td>Peso do Item:<\/td>\n<td>4 on\u00e7as<\/td>\n<\/tr>\n<tr>\n<td>Dimens\u00f5es do produto:<\/td>\n<td>9,9 x 0,8 x 0,2 polegadas<\/td>\n<\/tr>\n<tr>\n<td>N\u00famero do modelo do item:<\/td>\n<td>A1603<\/td>\n<\/tr>\n<tr>\n<td>Tipo de Bateria:<\/td>\n<td>Bateria de pol\u00edmero de \u00edon de l\u00edtio<\/td>\n<\/tr>\n<tr>\n<td>Capacidade de carga:<\/td>\n<td>70mAh<\/td>\n<\/tr>\n<tr>\n<td>Vida \u00fatil da bateria:<\/td>\n<td>20 dias (depende do uso)<\/td>\n<\/tr>\n<tr>\n<td>Material da caixa:<\/td>\n<td>Policarbonato, liga de alum\u00ednio, a\u00e7o inoxid\u00e1vel 316L<\/td>\n<\/tr>\n<tr>\n<td>Material de banda:<\/td>\n<td>TPE<\/td>\n<\/tr>\n<tr>\n<td>Tipo de chip integrado:<\/td>\n<td>Di\u00e1logo DA14681<\/td>\n<\/tr>\n<tr>\n<td>Mem\u00f3ria:<\/td>\n<td>128 KB + 8 MB<\/td>\n<\/tr>\n<tr>\n<td>Vers\u00e3o Bluetooth:<\/td>\n<td>V4.0<\/td>\n<\/tr>\n<tr>\n<td>Classifica\u00e7\u00e3o \u00e0 prova d&#039;\u00e1gua:<\/td>\n<td>IP67<\/td>\n<\/tr>\n<tr>\n<td>Rastreador de sa\u00fade:<\/td>\n<td>Passos, frequ\u00eancia card\u00edaca, dist\u00e2ncia, tempo, calorias queimadas<\/td>\n<\/tr>\n<tr>\n<td>Caracter\u00edsticas especiais:<\/td>\n<td>Frequ\u00eancia card\u00edaca<\/td>\n<\/tr>\n<tr>\n<td>Tipo de alerta:<\/td>\n<td>Vibra\u00e7\u00e3o<\/td>\n<\/tr>\n<tr>\n<td>Tipo de tela:<\/td>\n<td>0,42&#039;&#039;72\u00d740 pontos OLED branco<\/td>\n<\/tr>\n<tr>\n<td>M\u00e9todo operacional:<\/td>\n<td><a href=\"https:\/\/www.rucashk.com\/pt\/new-product-launch-powerful-function-oclean-x-smart-touch-screen-electric-toothbrush\/\" class=\"\" style=\"width: auto !important\" data-wpil-post-to-id=\"15466\">Tela sens\u00edvel ao toque<\/a><\/td>\n<\/tr>\n<tr>\n<td>Nome do APLICATIVO\/APK:<\/td>\n<td>Amazfit<\/td>\n<\/tr>\n<tr>\n<td>Idioma APP\/APK:<\/td>\n<td>Ingl\u00eas<\/td>\n<\/tr>\n<tr>\n<td>Idioma do smartwatch:<\/td>\n<td>Ingl\u00eas<\/td>\n<\/tr>\n<tr>\n<td>Idioma de suporte para textos Pus:<\/td>\n<td>Ingl\u00eas<\/td>\n<\/tr>\n<tr>\n<td>SO compat\u00edvel:<\/td>\n<td>Android, iOS<\/td>\n<\/tr>\n<tr>\n<td>Compatibilidade:<\/td>\n<td>Android 4.4 <a href=\"https:\/\/www.rucashk.com\/pt\/publish-ios-ipados-13-5-oficial-version-apple-and-google-rarely-cooperative\/\" class=\"\" style=\"width: auto !important\" data-wpil-post-to-id=\"8995\">\/iOS<\/a> Sistemas 8.0 e superiores<\/td>\n<\/tr>\n<\/tbody>\n<\/table>\n<p>&nbsp;<\/p>\n<h2>Conte\u00fado do pacote:<\/h2>\n<p>1 x rel\u00f3gio inteligente Xiaomi Amazfit Arc<\/p>\n<p>1 x <a href=\"https:\/\/www.rucashk.com\/pt\/produto\/roidmi-c1-quick-and-intelligent-car-charger-metal-dual-usb\/\" class=\"\" style=\"width: auto !important\" data-wpil-post-to-id=\"2628\">Carregador USB<\/a><\/p>\n<p>1 x manual do usu\u00e1rio em ingl\u00eas<\/p>\n<p>&nbsp;<\/p>\n<h2>Detalhes de embalagem:<\/h2>\n<p>Peso da embalagem: 0,20 kg<\/p>\n<p>Tamanho do pacote (C x L x A) 13,50\u00d77,30\u00d75,50 cm \/ 5,31\u00d72,87\u00d72,17 polegadas<\/p>","protected":false},"excerpt":{"rendered":"<h2>\u00a0Caracter\u00edsticas:<\/h2>\n<p>\u25cf Automatically tracks heart rate, steps, distance, calories, and sleep quality<\/p>\n<p>\u25cf 20 days of battery life on a single charge<\/p>\n<p>\u25cf Easy access to time, date, battery life and all stats via touch screen display<\/p>\n<p>\u25cf Boasts a water and dust resistance rating of IP67<\/p>\n<p>\u25cf Features silent vibrating alerts for incoming calls and alarms<\/p>","protected":false},"featured_media":23191,"template":"","meta":[],"product_brand":[],"product_cat":[1339,1305],"product_tag":[425],"class_list":{"0":"post-23102","1":"product","2":"type-product","3":"status-publish","4":"has-post-thumbnail","6":"product_cat-amazfit-smartwatch","7":"product_cat-xiaomi-eco","8":"product_tag-amazfit","10":"first","11":"instock","12":"shipping-taxable","13":"product-type-external"},"aioseo_notices":[],"aioseo_head":"\n\t\t<!-- All in One SEO Pro 4.5.9.2 - aioseo.com -->\n\t\t<meta name=\"description\" content=\"Features: \u25cf Automatically tracks heart rate, steps, distance, calories, and sleep quality \u25cf 20 days of battery life on a single charge \u25cf Easy access to time, date, battery life and all stats via touch screen display \u25cf Boasts a water and dust resistance rating of IP67 \u25cf Features silent vibrating alerts for incoming calls and alarms\" \/>\n\t\t<meta name=\"robots\" content=\"max-image-preview:large\" \/>\n\t\t<link rel=\"canonical\" href=\"https:\/\/www.rucashk.com\/pt\/produto\/amazfit-arc-smart-band\/\" \/>\n\t\t<meta name=\"generator\" content=\"All in One SEO Pro (AIOSEO) 4.5.9.2\" \/>\n\t\t<meta property=\"og:locale\" content=\"pt_PT\" \/>\n\t\t<meta property=\"og:site_name\" content=\"Rucas - One-stop AIoT Distribution Worldwide\" \/>\n\t\t<meta property=\"og:type\" content=\"article\" \/>\n\t\t<meta property=\"og:title\" content=\"Amazfit Arc Smart Band - Rucas - Wholesale and Distribution\" \/>\n\t\t<meta property=\"og:description\" content=\"Features: \u25cf Automatically tracks heart rate, steps, distance, calories, and sleep quality \u25cf 20 days of battery life on a single charge \u25cf Easy access to time, date, battery life and all stats via touch screen display \u25cf Boasts a water and dust resistance rating of IP67 \u25cf Features silent vibrating alerts for incoming calls and alarms\" \/>\n\t\t<meta property=\"og:url\" content=\"https:\/\/www.rucashk.com\/pt\/produto\/amazfit-arc-smart-band\/\" \/>\n\t\t<meta property=\"og:image\" content=\"https:\/\/www.rucashk.com\/wp-content\/uploads\/replace\/503b8e645f128a97ccde2b6290747646.jpeg\" \/>\n\t\t<meta property=\"og:image:secure_url\" content=\"https:\/\/www.rucashk.com\/wp-content\/uploads\/replace\/503b8e645f128a97ccde2b6290747646.jpeg\" \/>\n\t\t<meta property=\"og:image:width\" content=\"1456\" \/>\n\t\t<meta property=\"og:image:height\" content=\"816\" \/>\n\t\t<meta property=\"article:published_time\" content=\"2024-01-09T15:51:27+00:00\" \/>\n\t\t<meta property=\"article:modified_time\" content=\"2024-03-13T07:29:10+00:00\" \/>\n\t\t<meta name=\"twitter:card\" content=\"summary_large_image\" \/>\n\t\t<meta name=\"twitter:title\" content=\"Amazfit Arc Smart Band - Rucas - Wholesale and Distribution\" \/>\n\t\t<meta name=\"twitter:description\" content=\"Features: \u25cf Automatically tracks heart rate, steps, distance, calories, and sleep quality \u25cf 20 days of battery life on a single charge \u25cf Easy access to time, date, battery life and all stats via touch screen display \u25cf Boasts a water and dust resistance rating of IP67 \u25cf Features silent vibrating alerts for incoming calls and alarms\" \/>\n\t\t<meta name=\"twitter:image\" content=\"https:\/\/www.rucashk.com\/wp-content\/uploads\/replace\/503b8e645f128a97ccde2b6290747646.jpeg\" \/>\n\t\t<script type=\"application\/ld+json\" class=\"aioseo-schema\">\n\t\t\t{\"@context\":\"https:\\\/\\\/schema.org\",\"@graph\":[{\"@type\":\"BreadcrumbList\",\"@id\":\"https:\\\/\\\/www.rucashk.com\\\/pt\\\/produto\\\/amazfit-arc-smart-band\\\/#breadcrumblist\",\"itemListElement\":[{\"@type\":\"ListItem\",\"@id\":\"https:\\\/\\\/www.rucashk.com\\\/pt\\\/#listItem\",\"position\":1,\"name\":\"Home\",\"item\":\"https:\\\/\\\/www.rucashk.com\\\/pt\\\/\",\"nextItem\":\"https:\\\/\\\/www.rucashk.com\\\/pt\\\/produto\\\/amazfit-arc-smart-band\\\/#listItem\"},{\"@type\":\"ListItem\",\"@id\":\"https:\\\/\\\/www.rucashk.com\\\/pt\\\/produto\\\/amazfit-arc-smart-band\\\/#listItem\",\"position\":2,\"name\":\"Amazfit\\u00a0Arc Smart Band\",\"previousItem\":\"https:\\\/\\\/www.rucashk.com\\\/pt\\\/#listItem\"}]},{\"@type\":\"Organization\",\"@id\":\"https:\\\/\\\/www.rucashk.com\\\/pt\\\/#organization\",\"name\":\"Rucas\",\"url\":\"https:\\\/\\\/www.rucashk.com\\\/pt\\\/\",\"logo\":{\"@type\":\"ImageObject\",\"url\":\"https:\\\/\\\/www.rucashk.com\\\/wp-content\\\/uploads\\\/2023\\\/12\\\/Rucas_campany_logo.png\",\"@id\":\"https:\\\/\\\/www.rucashk.com\\\/pt\\\/produto\\\/amazfit-arc-smart-band\\\/#organizationLogo\",\"width\":221,\"height\":65},\"image\":{\"@id\":\"https:\\\/\\\/www.rucashk.com\\\/pt\\\/#organizationLogo\"}},{\"@type\":\"Person\",\"@id\":\"https:\\\/\\\/www.rucashk.com\\\/pt\\\/author\\\/admin\\\/#author\",\"url\":\"https:\\\/\\\/www.rucashk.com\\\/pt\\\/author\\\/admin\\\/\",\"name\":\"admin\",\"image\":{\"@type\":\"ImageObject\",\"@id\":\"https:\\\/\\\/www.rucashk.com\\\/pt\\\/produto\\\/amazfit-arc-smart-band\\\/#authorImage\",\"url\":\"https:\\\/\\\/secure.gravatar.com\\\/avatar\\\/b7c8925b09a27e72b30232f8ecaadbd5af0f70a38c78096863fe51b64f031c24?s=96&d=mm&r=g\",\"width\":96,\"height\":96,\"caption\":\"admin\"}},{\"@type\":\"WebPage\",\"@id\":\"https:\\\/\\\/www.rucashk.com\\\/pt\\\/produto\\\/amazfit-arc-smart-band\\\/#webpage\",\"url\":\"https:\\\/\\\/www.rucashk.com\\\/pt\\\/produto\\\/amazfit-arc-smart-band\\\/\",\"name\":\"Amazfit Arc Smart Band - Rucas - Wholesale and Distribution\",\"description\":\"Features: \\u25cf Automatically tracks heart rate, steps, distance, calories, and sleep quality \\u25cf 20 days of battery life on a single charge \\u25cf Easy access to time, date, battery life and all stats via touch screen display \\u25cf Boasts a water and dust resistance rating of IP67 \\u25cf Features silent vibrating alerts for incoming calls and alarms\",\"inLanguage\":\"pt-PT\",\"isPartOf\":{\"@id\":\"https:\\\/\\\/www.rucashk.com\\\/pt\\\/#website\"},\"breadcrumb\":{\"@id\":\"https:\\\/\\\/www.rucashk.com\\\/pt\\\/produto\\\/amazfit-arc-smart-band\\\/#breadcrumblist\"},\"author\":{\"@id\":\"https:\\\/\\\/www.rucashk.com\\\/pt\\\/author\\\/admin\\\/#author\"},\"creator\":{\"@id\":\"https:\\\/\\\/www.rucashk.com\\\/pt\\\/author\\\/admin\\\/#author\"},\"image\":{\"@type\":\"ImageObject\",\"url\":\"https:\\\/\\\/www.rucashk.com\\\/wp-content\\\/uploads\\\/2024\\\/01\\\/Amazfit-Arc-Smart-Band.jpg\",\"@id\":\"https:\\\/\\\/www.rucashk.com\\\/pt\\\/produto\\\/amazfit-arc-smart-band\\\/#mainImage\",\"width\":800,\"height\":800},\"primaryImageOfPage\":{\"@id\":\"https:\\\/\\\/www.rucashk.com\\\/pt\\\/produto\\\/amazfit-arc-smart-band\\\/#mainImage\"},\"datePublished\":\"2024-01-09T15:51:27+00:00\",\"dateModified\":\"2024-03-13T07:29:10+00:00\"},{\"@type\":\"WebSite\",\"@id\":\"https:\\\/\\\/www.rucashk.com\\\/pt\\\/#website\",\"url\":\"https:\\\/\\\/www.rucashk.com\\\/pt\\\/\",\"name\":\"Rucas - Wholesale and distribution worldwide\",\"alternateName\":\"Rucas - One-stop AIoT Distribution Worldwide\",\"description\":\"One-stop AIoT Distribution Worldwide\",\"inLanguage\":\"pt-PT\",\"publisher\":{\"@id\":\"https:\\\/\\\/www.rucashk.com\\\/pt\\\/#organization\"}}]}\n\t\t<\/script>\n\t\t<!-- All in One SEO Pro -->\r\n\t\t<title>Amazfit Arc Smart Band - Rucas - Wholesale and Distribution<\/title>\n\n","aioseo_head_json":{"title":"Amazfit Arc Smart Band - Rucas - Wholesale and Distribution","description":"Features: \u25cf Automatically tracks heart rate, steps, distance, calories, and sleep quality \u25cf 20 days of battery life on a single charge \u25cf Easy access to time, date, battery life and all stats via touch screen display \u25cf Boasts a water and dust resistance rating of IP67 \u25cf Features silent vibrating alerts for incoming calls and alarms","canonical_url":"https:\/\/www.rucashk.com\/pt\/produto\/amazfit-arc-smart-band\/","robots":"max-image-preview:large","keywords":"","webmasterTools":{"miscellaneous":""},"og:locale":"pt_PT","og:site_name":"Rucas - One-stop AIoT Distribution Worldwide","og:type":"article","og:title":"Amazfit Arc Smart Band - Rucas - Wholesale and Distribution","og:description":"Features: \u25cf Automatically tracks heart rate, steps, distance, calories, and sleep quality \u25cf 20 days of battery life on a single charge \u25cf Easy access to time, date, battery life and all stats via touch screen display \u25cf Boasts a water and dust resistance rating of IP67 \u25cf Features silent vibrating alerts for incoming calls and alarms","og:url":"https:\/\/www.rucashk.com\/pt\/produto\/amazfit-arc-smart-band\/","og:image":"https:\/\/www.rucashk.com\/wp-content\/uploads\/replace\/503b8e645f128a97ccde2b6290747646.jpeg","og:image:secure_url":"https:\/\/www.rucashk.com\/wp-content\/uploads\/replace\/503b8e645f128a97ccde2b6290747646.jpeg","og:image:width":1456,"og:image:height":816,"article:published_time":"2024-01-09T15:51:27+00:00","article:modified_time":"2024-03-13T07:29:10+00:00","twitter:card":"summary_large_image","twitter:title":"Amazfit Arc Smart Band - Rucas - Wholesale and Distribution","twitter:description":"Features: \u25cf Automatically tracks heart rate, steps, distance, calories, and sleep quality \u25cf 20 days of battery life on a single charge \u25cf Easy access to time, date, battery life and all stats via touch screen display \u25cf Boasts a water and dust resistance rating of IP67 \u25cf Features silent vibrating alerts for incoming calls and alarms","twitter:image":"https:\/\/www.rucashk.com\/wp-content\/uploads\/replace\/503b8e645f128a97ccde2b6290747646.jpeg","schema":{"@context":"https:\/\/schema.org","@graph":[{"@type":"BreadcrumbList","@id":"https:\/\/www.rucashk.com\/pt\/produto\/amazfit-arc-smart-band\/#breadcrumblist","itemListElement":[{"@type":"ListItem","@id":"https:\/\/www.rucashk.com\/pt\/#listItem","position":1,"name":"Home","item":"https:\/\/www.rucashk.com\/pt\/","nextItem":"https:\/\/www.rucashk.com\/pt\/produto\/amazfit-arc-smart-band\/#listItem"},{"@type":"ListItem","@id":"https:\/\/www.rucashk.com\/pt\/produto\/amazfit-arc-smart-band\/#listItem","position":2,"name":"Amazfit\u00a0Arc Smart Band","previousItem":"https:\/\/www.rucashk.com\/pt\/#listItem"}]},{"@type":"Organization","@id":"https:\/\/www.rucashk.com\/pt\/#organization","name":"Rucas","url":"https:\/\/www.rucashk.com\/pt\/","logo":{"@type":"ImageObject","url":"https:\/\/www.rucashk.com\/wp-content\/uploads\/2023\/12\/Rucas_campany_logo.png","@id":"https:\/\/www.rucashk.com\/pt\/produto\/amazfit-arc-smart-band\/#organizationLogo","width":221,"height":65},"image":{"@id":"https:\/\/www.rucashk.com\/pt\/#organizationLogo"}},{"@type":"Person","@id":"https:\/\/www.rucashk.com\/pt\/author\/admin\/#author","url":"https:\/\/www.rucashk.com\/pt\/author\/admin\/","name":"admin","image":{"@type":"ImageObject","@id":"https:\/\/www.rucashk.com\/pt\/produto\/amazfit-arc-smart-band\/#authorImage","url":"https:\/\/secure.gravatar.com\/avatar\/b7c8925b09a27e72b30232f8ecaadbd5af0f70a38c78096863fe51b64f031c24?s=96&d=mm&r=g","width":96,"height":96,"caption":"admin"}},{"@type":"WebPage","@id":"https:\/\/www.rucashk.com\/pt\/produto\/amazfit-arc-smart-band\/#webpage","url":"https:\/\/www.rucashk.com\/pt\/produto\/amazfit-arc-smart-band\/","name":"Amazfit Arc Smart Band - Rucas - Wholesale and Distribution","description":"Features: \u25cf Automatically tracks heart rate, steps, distance, calories, and sleep quality \u25cf 20 days of battery life on a single charge \u25cf Easy access to time, date, battery life and all stats via touch screen display \u25cf Boasts a water and dust resistance rating of IP67 \u25cf Features silent vibrating alerts for incoming calls and alarms","inLanguage":"pt-PT","isPartOf":{"@id":"https:\/\/www.rucashk.com\/pt\/#website"},"breadcrumb":{"@id":"https:\/\/www.rucashk.com\/pt\/produto\/amazfit-arc-smart-band\/#breadcrumblist"},"author":{"@id":"https:\/\/www.rucashk.com\/pt\/author\/admin\/#author"},"creator":{"@id":"https:\/\/www.rucashk.com\/pt\/author\/admin\/#author"},"image":{"@type":"ImageObject","url":"https:\/\/www.rucashk.com\/wp-content\/uploads\/2024\/01\/Amazfit-Arc-Smart-Band.jpg","@id":"https:\/\/www.rucashk.com\/pt\/produto\/amazfit-arc-smart-band\/#mainImage","width":800,"height":800},"primaryImageOfPage":{"@id":"https:\/\/www.rucashk.com\/pt\/produto\/amazfit-arc-smart-band\/#mainImage"},"datePublished":"2024-01-09T15:51:27+00:00","dateModified":"2024-03-13T07:29:10+00:00"},{"@type":"WebSite","@id":"https:\/\/www.rucashk.com\/pt\/#website","url":"https:\/\/www.rucashk.com\/pt\/","name":"Rucas - Wholesale and distribution worldwide","alternateName":"Rucas - One-stop AIoT Distribution Worldwide","description":"One-stop AIoT Distribution Worldwide","inLanguage":"pt-PT","publisher":{"@id":"https:\/\/www.rucashk.com\/pt\/#organization"}}]}},"aioseo_meta_data":{"post_id":"23102","title":null,"description":null,"keywords":null,"keyphrases":null,"primary_term":null,"canonical_url":null,"og_title":null,"og_description":null,"og_object_type":"default","og_image_type":"default","og_image_url":null,"og_image_width":null,"og_image_height":null,"og_image_custom_url":null,"og_image_custom_fields":null,"og_video":null,"og_custom_url":null,"og_article_section":null,"og_article_tags":null,"twitter_use_og":false,"twitter_card":"default","twitter_image_type":"default","twitter_image_url":null,"twitter_image_custom_url":null,"twitter_image_custom_fields":null,"twitter_title":null,"twitter_description":null,"schema":{"blockGraphs":[],"customGraphs":[],"default":{"data":{"Article":[],"Course":[],"Dataset":[],"FAQPage":[],"Movie":[],"Person":[],"Product":[],"Recipe":[],"Service":[],"SoftwareApplication":[],"WebPage":[]},"graphName":"","isEnabled":true},"graphs":[]},"schema_type":"default","schema_type_options":null,"pillar_content":false,"robots_default":true,"robots_noindex":false,"robots_noarchive":false,"robots_nosnippet":false,"robots_nofollow":false,"robots_noimageindex":false,"robots_noodp":false,"robots_notranslate":false,"robots_max_snippet":null,"robots_max_videopreview":null,"robots_max_imagepreview":"large","priority":null,"frequency":null,"local_seo":null,"breadcrumb_settings":null,"limit_modified_date":false,"created":"2024-04-11 01:55:26","updated":"2025-06-22 16:57:57"},"aioseo_breadcrumb":"<div class=\"aioseo-breadcrumbs\"><span class=\"aioseo-breadcrumb\">\n\t<a href=\"https:\/\/www.rucashk.com\/pt\" title=\"Home\">Home<\/a>\n<\/span><span class=\"aioseo-breadcrumb-separator\">&raquo;<\/span><span class=\"aioseo-breadcrumb\">\n\t<a href=\"https:\/\/www.rucashk.com\/pt\/products\/\" title=\"Produtos\">Produtos<\/a>\n<\/span><span class=\"aioseo-breadcrumb-separator\">&raquo;<\/span><span class=\"aioseo-breadcrumb\">\n\t<a href=\"https:\/\/www.rucashk.com\/pt\/categoria-produto\/xiaomi-eco\/\" title=\"Xiaomi Eco\">Xiaomi Eco<\/a>\n<\/span><span class=\"aioseo-breadcrumb-separator\">&raquo;<\/span><span class=\"aioseo-breadcrumb\">\n\t<a href=\"https:\/\/www.rucashk.com\/pt\/categoria-produto\/xiaomi-eco\/amazfit-smartwatch\/\" title=\"Amazfit Smartwatch\">Amazfit Smartwatch<\/a>\n<\/span><span class=\"aioseo-breadcrumb-separator\">&raquo;<\/span><span class=\"aioseo-breadcrumb\">\n\tAmazfit\u00a0Arc Smart Band\n<\/span><\/div>","aioseo_breadcrumb_json":[{"label":"Home","link":"https:\/\/www.rucashk.com\/pt"},{"label":"Produtos","link":"https:\/\/www.rucashk.com\/pt\/products\/"},{"label":"Xiaomi Eco","link":"https:\/\/www.rucashk.com\/pt\/categoria-produto\/xiaomi-eco\/"},{"label":"Amazfit Smartwatch","link":"https:\/\/www.rucashk.com\/pt\/categoria-produto\/xiaomi-eco\/amazfit-smartwatch\/"},{"label":"Amazfit\u00a0Arc Smart Band","link":"https:\/\/www.rucashk.com\/pt\/produto\/amazfit-arc-smart-band\/"}],"_links":{"self":[{"href":"https:\/\/www.rucashk.com\/pt\/wp-json\/wp\/v2\/product\/23102","targetHints":{"allow":["GET"]}}],"collection":[{"href":"https:\/\/www.rucashk.com\/pt\/wp-json\/wp\/v2\/product"}],"about":[{"href":"https:\/\/www.rucashk.com\/pt\/wp-json\/wp\/v2\/types\/product"}],"wp:featuredmedia":[{"embeddable":true,"href":"https:\/\/www.rucashk.com\/pt\/wp-json\/wp\/v2\/media\/23191"}],"wp:attachment":[{"href":"https:\/\/www.rucashk.com\/pt\/wp-json\/wp\/v2\/media?parent=23102"}],"wp:term":[{"taxonomy":"product_brand","embeddable":true,"href":"https:\/\/www.rucashk.com\/pt\/wp-json\/wp\/v2\/product_brand?post=23102"},{"taxonomy":"product_cat","embeddable":true,"href":"https:\/\/www.rucashk.com\/pt\/wp-json\/wp\/v2\/product_cat?post=23102"},{"taxonomy":"product_tag","embeddable":true,"href":"https:\/\/www.rucashk.com\/pt\/wp-json\/wp\/v2\/product_tag?post=23102"}],"curies":[{"name":"wp","href":"https:\/\/api.w.org\/{rel}","templated":true}]}}