{"id":23098,"date":"2024-01-09T15:51:26","date_gmt":"2024-01-09T15:51:26","guid":{"rendered":"http:\/\/rucashk.com\/?post_type=product&#038;p=23098"},"modified":"2024-03-13T07:33:28","modified_gmt":"2024-03-13T07:33:28","slug":"soocas-et2-multi-purposed-electric-shaver","status":"publish","type":"product","link":"https:\/\/www.rucashk.com\/pt\/produto\/soocas-et2-multi-purposed-electric-shaver\/","title":{"rendered":"Barbeador el\u00e9trico multifuncional Soocas ET2"},"content":{"rendered":"<h3 style=\"text-align: center\">Barbeador el\u00e9trico multifuncional Soocas ET2<\/h3>\n<p><img decoding=\"async\" src=\"\/wp-content\/uploads\/replace\/6b6e542e2bc3dcdd09b72fc18750e7f1.jpeg\" alt=\"Soocas ET2 Multi-Purposed Electric Shaver\" \/><\/p>\n<div>\n<p><img decoding=\"async\" src=\"\/wp-content\/uploads\/replace\/228fd42f09fc74a364cdd92a3cc549dd.jpeg\" alt=\"Soocas ET2 Multi-Purposed Electric Shaver\" \/><\/p>\n<div>\n<p><img decoding=\"async\" src=\"\/wp-content\/uploads\/replace\/c81a3587ff3a63dd7d6c202dbee5ff3f.jpeg\" alt=\"Soocas ET2 Multi-Purposed Electric Shaver\" \/><\/p>\n<div>\n<p><img decoding=\"async\" src=\"\/wp-content\/uploads\/replace\/d8a7396ecb06eeb9170b66dc6c30e499.jpeg\" alt=\"Soocas ET2 Multi-Purposed Electric Shaver\" \/><\/p>\n<div>\n<p><img decoding=\"async\" src=\"\/wp-content\/uploads\/replace\/b8fa89e65fe4e68feef7834f4783fba1.jpeg\" alt=\"Soocas ET2 Multi-Purposed Electric Shaver\" \/><\/p>\n<div>\n<p><img decoding=\"async\" src=\"\/wp-content\/uploads\/replace\/af5495f622108f2181d86c1672e14721.jpeg\" alt=\"Soocas ET2 Multi-Purposed Electric Shaver\" \/><\/p>\n<div><img decoding=\"async\" src=\"\/wp-content\/uploads\/replace\/c1ee289983aaa65aa903d7938abdc16c.jpeg\" alt=\"Soocas ET2 Multi-Purposed Electric Shaver\" \/><\/div>\n<\/div>\n<\/div>\n<\/div>\n<\/div>\n<\/div>\n<p>Especifica\u00e7\u00e3o:<br \/>\n<a class=\"\" style=\"width: auto !important\" href=\"https:\/\/www.rucashk.com\/pt\/produto\/soocas-electric-hair-dryer-h3s\/\" data-wpil-post-to-id=\"5046\">Soocas ET2 Barbeador el\u00e9trico multifuncional Aparador de sobrancelhas para cabelos Tipo-C recarreg\u00e1vel IPX7 \u00e0 prova d&#039;\u00e1gua de 3 l\u00e2minas 40 \u00b0 M\u00e1quina de aparar para remo\u00e7\u00e3o de pelos \u00famidos e secos da marca Xiaomi You Pin<\/a> SOOCAS<br \/>\nModelo ET2<br \/>\nTamanho do produto 146 mm * 33,2 mm * 23,2 mm<br \/>\nClassifica\u00e7\u00e3o \u00e0 prova d&#039;\u00e1gua IPX7<br \/>\nPot\u00eancia nominal 1W<br \/>\nTempo de carregamento 120 minutos<br \/>\nM\u00e9todo de carregamento Carregamento de interface TYPE-C<br \/>\nTempo de vida 60 minutos<br \/>\nPar\u00e2metros de entrada 5V == 1A<\/p>\n<p>Caracter\u00edsticas:<br \/>\n- L\u00e2mina de 3 vias, uma gama completa de p\u00ealos de barbear, independentemente do comprimento, espessura e curvatura do cabelo. O cabelo pode ser raspado rapidamente na hora.<\/p>\n<p>\u2013 A rede da l\u00e2mina totalmente enrolada separa a pele da borda afiada. Barbear sem machucar a pele.<\/p>\n<p>\u2013 Ferramenta de estilo multifuncional. Al\u00e9m de fazer a barba, mas tamb\u00e9m aparar as costeletas, sobrancelhas e outros p\u00ealos faciais, bem como p\u00ealos nas axilas, p\u00ealos no peito, p\u00ealos nas pernas, linha do biqu\u00edni e outros p\u00ealos no corpo.<\/p>\n<p>\u2013 A cabe\u00e7a da l\u00e2mina oscilante de 40\u00b0 em ambas as dire\u00e7\u00f5es se ajusta totalmente ao contorno do rosto. Ele pode raspar com precis\u00e3o todos os cabelos.<\/p>\n<p>\u2013 Interface universal tipo C. <a href=\"https:\/\/www.rucashk.com\/pt\/produto\/xiaomi-70mai-dual-usb-car-quick-charge-adapter-for-smart-phone\/\" class=\"\" style=\"width: auto !important\" data-wpil-post-to-id=\"2526\">Carregamento direto USB, uma vez carregado<\/a> pode usar por 2 meses.<\/p>\n<p>\u2013IPX7 <a href=\"https:\/\/www.rucashk.com\/pt\/cervical-spondylosis-hurts-the-whole-body-xiaomi-youpin-and-has-sold-more-than-500000-massage-machines\/\" class=\"\" style=\"width: auto !important\" data-wpil-post-to-id=\"8642\">todo o corpo<\/a> \u00e0 prova d&#039;\u00e1gua. Barbear duplo seco e \u00famido, enx\u00e1gue diretamente ap\u00f3s o barbear.<\/p>\n<p>\u2013 Design mudo, <a href=\"https:\/\/www.rucashk.com\/pt\/xiaomi-releases-harry-potter-toys-lego-gameplay-led-display-with-67db-low-noise-children-like-it-very-much\/\" class=\"\" style=\"width: auto !important\" data-wpil-post-to-id=\"6937\">barulho baixo<\/a> acess\u00f3rios de escova el\u00e9trica.<\/p>\n<p>\u2013 Pequeno e port\u00e1til e leve.<\/p>\n<p>\u2013 A trava de viagem evita que ele comece mal na mala ou bolsa.<\/p>\n<p>\u2013 10 minutos de prote\u00e7\u00e3o contra desligamento, <a href=\"https:\/\/www.rucashk.com\/pt\/produto\/mi-smartda-automatic-water-saver-tap\/\" class=\"\" style=\"width: auto !important\" data-wpil-post-to-id=\"6619\">desligamento autom\u00e1tico ap\u00f3s 10 minutos, seguran\u00e7a e economia de energia<\/a><\/p>\n<p>M\u00e9todo de uso:<br \/>\n1. Coloque o produto sobre a pele de forma que a cabe\u00e7a da l\u00e2mina fique em contato total com a pele<br \/>\n2. Tente apertar a pele com as m\u00e3os e apertar a \u00e1rea de barbear para facilitar o barbear<br \/>\n3. Mova a l\u00e2mina lentamente na dire\u00e7\u00e3o inversa <a href=\"https:\/\/www.rucashk.com\/pt\/produto\/xiaomi-cosbeauty-cordless-ipl-permanent-hair-growth-cap\/\" class=\"\" style=\"width: auto !important\" data-wpil-post-to-id=\"15907\">Crescimento capilar<\/a> para remover o excesso de pelos<\/p>\n<p>Inclu\u00eddo no Pacote:<br \/>\n1x <a class=\"\" style=\"width: auto !important\" href=\"https:\/\/www.rucashk.com\/pt\/produto\/soocas-so-white-pinjing-ex3-sonic-electric-toothbrush\/\" data-wpil-post-to-id=\"9362\">Eletro Soocas<\/a> Barbeador<br \/>\n1x Cabo de Carregamento<br \/>\n1x saco de armazenamento<br \/>\n1x escova de limpeza<br \/>\n1x Introdu\u00e7\u00e3o<\/p>","protected":false},"excerpt":{"rendered":"<p><strong>Par\u00e2metros do produto:<\/strong><\/p>\n<p>Brand: Soocas<\/p>\n<p>Product Model: Et2<\/p>\n<p>Product Size: 146mm * 33.2mm * 23.2mm<\/p>\n<p>Waterproof Grade: Ipx7<\/p>\n<p>Rated Power: 1w<\/p>\n<p>Charging Time: 120<\/p>\n<p>Minutes Charging<\/p>\n<p>Method :Type-C Interface<\/p>\n<p>Charging Life Time :60 Minutes<\/p>\n<p>Input Parameter :5v&#8211;1a<\/p>","protected":false},"featured_media":23169,"template":"","meta":[],"product_brand":[],"product_cat":[1320,1305],"product_tag":[814],"class_list":{"0":"post-23098","1":"product","2":"type-product","3":"status-publish","4":"has-post-thumbnail","6":"product_cat-personal-care","7":"product_cat-xiaomi-eco","8":"product_tag-soocas-et2-multi-purposed-electric-shaver","10":"first","11":"instock","12":"shipping-taxable","13":"product-type-external"},"aioseo_notices":[],"aioseo_head":"\n\t\t<!-- All in One SEO Pro 4.5.9.2 - aioseo.com -->\n\t\t<meta name=\"description\" content=\"Product Parameters: Brand: Soocas Product Model: Et2 Product Size: 146mm * 33.2mm * 23.2mm Waterproof Grade: Ipx7 Rated Power: 1w Charging Time: 120 Minutes Charging Method :Type-C Interface Charging Life Time :60 Minutes Input Parameter :5v--1a\" \/>\n\t\t<meta name=\"robots\" content=\"max-image-preview:large\" \/>\n\t\t<link rel=\"canonical\" href=\"https:\/\/www.rucashk.com\/pt\/produto\/soocas-et2-multi-purposed-electric-shaver\/\" \/>\n\t\t<meta name=\"generator\" content=\"All in One SEO Pro (AIOSEO) 4.5.9.2\" \/>\n\t\t<meta property=\"og:locale\" content=\"pt_PT\" \/>\n\t\t<meta property=\"og:site_name\" content=\"Rucas - One-stop AIoT Distribution Worldwide\" \/>\n\t\t<meta property=\"og:type\" content=\"article\" \/>\n\t\t<meta property=\"og:title\" content=\"Soocas ET2 Multi-Purposed Electric Shaver - Rucas - Wholesale and Distribution\" \/>\n\t\t<meta property=\"og:description\" content=\"Product Parameters: Brand: Soocas Product Model: Et2 Product Size: 146mm * 33.2mm * 23.2mm Waterproof Grade: Ipx7 Rated Power: 1w Charging Time: 120 Minutes Charging Method :Type-C Interface Charging Life Time :60 Minutes Input Parameter :5v--1a\" \/>\n\t\t<meta property=\"og:url\" content=\"https:\/\/www.rucashk.com\/pt\/produto\/soocas-et2-multi-purposed-electric-shaver\/\" \/>\n\t\t<meta property=\"og:image\" content=\"https:\/\/www.rucashk.com\/wp-content\/uploads\/replace\/503b8e645f128a97ccde2b6290747646.jpeg\" \/>\n\t\t<meta property=\"og:image:secure_url\" content=\"https:\/\/www.rucashk.com\/wp-content\/uploads\/replace\/503b8e645f128a97ccde2b6290747646.jpeg\" \/>\n\t\t<meta property=\"og:image:width\" content=\"1456\" \/>\n\t\t<meta property=\"og:image:height\" content=\"816\" \/>\n\t\t<meta property=\"article:published_time\" content=\"2024-01-09T15:51:26+00:00\" \/>\n\t\t<meta property=\"article:modified_time\" content=\"2024-03-13T07:33:28+00:00\" \/>\n\t\t<meta name=\"twitter:card\" content=\"summary_large_image\" \/>\n\t\t<meta name=\"twitter:title\" content=\"Soocas ET2 Multi-Purposed Electric Shaver - Rucas - Wholesale and Distribution\" \/>\n\t\t<meta name=\"twitter:description\" content=\"Product Parameters: Brand: Soocas Product Model: Et2 Product Size: 146mm * 33.2mm * 23.2mm Waterproof Grade: Ipx7 Rated Power: 1w Charging Time: 120 Minutes Charging Method :Type-C Interface Charging Life Time :60 Minutes Input Parameter :5v--1a\" \/>\n\t\t<meta name=\"twitter:image\" content=\"https:\/\/www.rucashk.com\/wp-content\/uploads\/replace\/503b8e645f128a97ccde2b6290747646.jpeg\" \/>\n\t\t<script type=\"application\/ld+json\" class=\"aioseo-schema\">\n\t\t\t{\"@context\":\"https:\\\/\\\/schema.org\",\"@graph\":[{\"@type\":\"BreadcrumbList\",\"@id\":\"https:\\\/\\\/www.rucashk.com\\\/pt\\\/produto\\\/soocas-et2-multi-purposed-electric-shaver\\\/#breadcrumblist\",\"itemListElement\":[{\"@type\":\"ListItem\",\"@id\":\"https:\\\/\\\/www.rucashk.com\\\/pt\\\/#listItem\",\"position\":1,\"name\":\"Home\",\"item\":\"https:\\\/\\\/www.rucashk.com\\\/pt\\\/\",\"nextItem\":\"https:\\\/\\\/www.rucashk.com\\\/pt\\\/produto\\\/soocas-et2-multi-purposed-electric-shaver\\\/#listItem\"},{\"@type\":\"ListItem\",\"@id\":\"https:\\\/\\\/www.rucashk.com\\\/pt\\\/produto\\\/soocas-et2-multi-purposed-electric-shaver\\\/#listItem\",\"position\":2,\"name\":\"Soocas ET2 Multi-Purposed Electric Shaver\",\"previousItem\":\"https:\\\/\\\/www.rucashk.com\\\/pt\\\/#listItem\"}]},{\"@type\":\"Organization\",\"@id\":\"https:\\\/\\\/www.rucashk.com\\\/pt\\\/#organization\",\"name\":\"Rucas\",\"url\":\"https:\\\/\\\/www.rucashk.com\\\/pt\\\/\",\"logo\":{\"@type\":\"ImageObject\",\"url\":\"https:\\\/\\\/www.rucashk.com\\\/wp-content\\\/uploads\\\/2023\\\/12\\\/Rucas_campany_logo.png\",\"@id\":\"https:\\\/\\\/www.rucashk.com\\\/pt\\\/produto\\\/soocas-et2-multi-purposed-electric-shaver\\\/#organizationLogo\",\"width\":221,\"height\":65},\"image\":{\"@id\":\"https:\\\/\\\/www.rucashk.com\\\/pt\\\/#organizationLogo\"}},{\"@type\":\"Person\",\"@id\":\"https:\\\/\\\/www.rucashk.com\\\/pt\\\/author\\\/admin\\\/#author\",\"url\":\"https:\\\/\\\/www.rucashk.com\\\/pt\\\/author\\\/admin\\\/\",\"name\":\"admin\",\"image\":{\"@type\":\"ImageObject\",\"@id\":\"https:\\\/\\\/www.rucashk.com\\\/pt\\\/produto\\\/soocas-et2-multi-purposed-electric-shaver\\\/#authorImage\",\"url\":\"https:\\\/\\\/secure.gravatar.com\\\/avatar\\\/b7c8925b09a27e72b30232f8ecaadbd5af0f70a38c78096863fe51b64f031c24?s=96&d=mm&r=g\",\"width\":96,\"height\":96,\"caption\":\"admin\"}},{\"@type\":\"WebPage\",\"@id\":\"https:\\\/\\\/www.rucashk.com\\\/pt\\\/produto\\\/soocas-et2-multi-purposed-electric-shaver\\\/#webpage\",\"url\":\"https:\\\/\\\/www.rucashk.com\\\/pt\\\/produto\\\/soocas-et2-multi-purposed-electric-shaver\\\/\",\"name\":\"Soocas ET2 Multi-Purposed Electric Shaver - Rucas - Wholesale and Distribution\",\"description\":\"Product Parameters: Brand: Soocas Product Model: Et2 Product Size: 146mm * 33.2mm * 23.2mm Waterproof Grade: Ipx7 Rated Power: 1w Charging Time: 120 Minutes Charging Method :Type-C Interface Charging Life Time :60 Minutes Input Parameter :5v--1a\",\"inLanguage\":\"pt-PT\",\"isPartOf\":{\"@id\":\"https:\\\/\\\/www.rucashk.com\\\/pt\\\/#website\"},\"breadcrumb\":{\"@id\":\"https:\\\/\\\/www.rucashk.com\\\/pt\\\/produto\\\/soocas-et2-multi-purposed-electric-shaver\\\/#breadcrumblist\"},\"author\":{\"@id\":\"https:\\\/\\\/www.rucashk.com\\\/pt\\\/author\\\/admin\\\/#author\"},\"creator\":{\"@id\":\"https:\\\/\\\/www.rucashk.com\\\/pt\\\/author\\\/admin\\\/#author\"},\"image\":{\"@type\":\"ImageObject\",\"url\":\"https:\\\/\\\/www.rucashk.com\\\/wp-content\\\/uploads\\\/2024\\\/01\\\/2_\\u526f\\u672c-16.jpg\",\"@id\":\"https:\\\/\\\/www.rucashk.com\\\/pt\\\/produto\\\/soocas-et2-multi-purposed-electric-shaver\\\/#mainImage\",\"width\":800,\"height\":800},\"primaryImageOfPage\":{\"@id\":\"https:\\\/\\\/www.rucashk.com\\\/pt\\\/produto\\\/soocas-et2-multi-purposed-electric-shaver\\\/#mainImage\"},\"datePublished\":\"2024-01-09T15:51:26+00:00\",\"dateModified\":\"2024-03-13T07:33:28+00:00\"},{\"@type\":\"WebSite\",\"@id\":\"https:\\\/\\\/www.rucashk.com\\\/pt\\\/#website\",\"url\":\"https:\\\/\\\/www.rucashk.com\\\/pt\\\/\",\"name\":\"Rucas - Wholesale and distribution worldwide\",\"alternateName\":\"Rucas - One-stop AIoT Distribution Worldwide\",\"description\":\"One-stop AIoT Distribution Worldwide\",\"inLanguage\":\"pt-PT\",\"publisher\":{\"@id\":\"https:\\\/\\\/www.rucashk.com\\\/pt\\\/#organization\"}}]}\n\t\t<\/script>\n\t\t<!-- All in One SEO Pro -->\r\n\t\t<title>Soocas ET2 Multi-Purposed Electric Shaver - Rucas - Wholesale and Distribution<\/title>\n\n","aioseo_head_json":{"title":"Soocas ET2 Multi-Purposed Electric Shaver - Rucas - Wholesale and Distribution","description":"Product Parameters: Brand: Soocas Product Model: Et2 Product Size: 146mm * 33.2mm * 23.2mm Waterproof Grade: Ipx7 Rated Power: 1w Charging Time: 120 Minutes Charging Method :Type-C Interface Charging Life Time :60 Minutes Input Parameter :5v--1a","canonical_url":"https:\/\/www.rucashk.com\/pt\/produto\/soocas-et2-multi-purposed-electric-shaver\/","robots":"max-image-preview:large","keywords":"","webmasterTools":{"miscellaneous":""},"og:locale":"pt_PT","og:site_name":"Rucas - One-stop AIoT Distribution Worldwide","og:type":"article","og:title":"Soocas ET2 Multi-Purposed Electric Shaver - Rucas - Wholesale and Distribution","og:description":"Product Parameters: Brand: Soocas Product Model: Et2 Product Size: 146mm * 33.2mm * 23.2mm Waterproof Grade: Ipx7 Rated Power: 1w Charging Time: 120 Minutes Charging Method :Type-C Interface Charging Life Time :60 Minutes Input Parameter :5v--1a","og:url":"https:\/\/www.rucashk.com\/pt\/produto\/soocas-et2-multi-purposed-electric-shaver\/","og:image":"https:\/\/www.rucashk.com\/wp-content\/uploads\/replace\/503b8e645f128a97ccde2b6290747646.jpeg","og:image:secure_url":"https:\/\/www.rucashk.com\/wp-content\/uploads\/replace\/503b8e645f128a97ccde2b6290747646.jpeg","og:image:width":1456,"og:image:height":816,"article:published_time":"2024-01-09T15:51:26+00:00","article:modified_time":"2024-03-13T07:33:28+00:00","twitter:card":"summary_large_image","twitter:title":"Soocas ET2 Multi-Purposed Electric Shaver - Rucas - Wholesale and Distribution","twitter:description":"Product Parameters: Brand: Soocas Product Model: Et2 Product Size: 146mm * 33.2mm * 23.2mm Waterproof Grade: Ipx7 Rated Power: 1w Charging Time: 120 Minutes Charging Method :Type-C Interface Charging Life Time :60 Minutes Input Parameter :5v--1a","twitter:image":"https:\/\/www.rucashk.com\/wp-content\/uploads\/replace\/503b8e645f128a97ccde2b6290747646.jpeg","schema":{"@context":"https:\/\/schema.org","@graph":[{"@type":"BreadcrumbList","@id":"https:\/\/www.rucashk.com\/pt\/produto\/soocas-et2-multi-purposed-electric-shaver\/#breadcrumblist","itemListElement":[{"@type":"ListItem","@id":"https:\/\/www.rucashk.com\/pt\/#listItem","position":1,"name":"Home","item":"https:\/\/www.rucashk.com\/pt\/","nextItem":"https:\/\/www.rucashk.com\/pt\/produto\/soocas-et2-multi-purposed-electric-shaver\/#listItem"},{"@type":"ListItem","@id":"https:\/\/www.rucashk.com\/pt\/produto\/soocas-et2-multi-purposed-electric-shaver\/#listItem","position":2,"name":"Soocas ET2 Multi-Purposed Electric Shaver","previousItem":"https:\/\/www.rucashk.com\/pt\/#listItem"}]},{"@type":"Organization","@id":"https:\/\/www.rucashk.com\/pt\/#organization","name":"Rucas","url":"https:\/\/www.rucashk.com\/pt\/","logo":{"@type":"ImageObject","url":"https:\/\/www.rucashk.com\/wp-content\/uploads\/2023\/12\/Rucas_campany_logo.png","@id":"https:\/\/www.rucashk.com\/pt\/produto\/soocas-et2-multi-purposed-electric-shaver\/#organizationLogo","width":221,"height":65},"image":{"@id":"https:\/\/www.rucashk.com\/pt\/#organizationLogo"}},{"@type":"Person","@id":"https:\/\/www.rucashk.com\/pt\/author\/admin\/#author","url":"https:\/\/www.rucashk.com\/pt\/author\/admin\/","name":"admin","image":{"@type":"ImageObject","@id":"https:\/\/www.rucashk.com\/pt\/produto\/soocas-et2-multi-purposed-electric-shaver\/#authorImage","url":"https:\/\/secure.gravatar.com\/avatar\/b7c8925b09a27e72b30232f8ecaadbd5af0f70a38c78096863fe51b64f031c24?s=96&d=mm&r=g","width":96,"height":96,"caption":"admin"}},{"@type":"WebPage","@id":"https:\/\/www.rucashk.com\/pt\/produto\/soocas-et2-multi-purposed-electric-shaver\/#webpage","url":"https:\/\/www.rucashk.com\/pt\/produto\/soocas-et2-multi-purposed-electric-shaver\/","name":"Soocas ET2 Multi-Purposed Electric Shaver - Rucas - Wholesale and Distribution","description":"Product Parameters: Brand: Soocas Product Model: Et2 Product Size: 146mm * 33.2mm * 23.2mm Waterproof Grade: Ipx7 Rated Power: 1w Charging Time: 120 Minutes Charging Method :Type-C Interface Charging Life Time :60 Minutes Input Parameter :5v--1a","inLanguage":"pt-PT","isPartOf":{"@id":"https:\/\/www.rucashk.com\/pt\/#website"},"breadcrumb":{"@id":"https:\/\/www.rucashk.com\/pt\/produto\/soocas-et2-multi-purposed-electric-shaver\/#breadcrumblist"},"author":{"@id":"https:\/\/www.rucashk.com\/pt\/author\/admin\/#author"},"creator":{"@id":"https:\/\/www.rucashk.com\/pt\/author\/admin\/#author"},"image":{"@type":"ImageObject","url":"https:\/\/www.rucashk.com\/wp-content\/uploads\/2024\/01\/2_\u526f\u672c-16.jpg","@id":"https:\/\/www.rucashk.com\/pt\/produto\/soocas-et2-multi-purposed-electric-shaver\/#mainImage","width":800,"height":800},"primaryImageOfPage":{"@id":"https:\/\/www.rucashk.com\/pt\/produto\/soocas-et2-multi-purposed-electric-shaver\/#mainImage"},"datePublished":"2024-01-09T15:51:26+00:00","dateModified":"2024-03-13T07:33:28+00:00"},{"@type":"WebSite","@id":"https:\/\/www.rucashk.com\/pt\/#website","url":"https:\/\/www.rucashk.com\/pt\/","name":"Rucas - Wholesale and distribution worldwide","alternateName":"Rucas - One-stop AIoT Distribution Worldwide","description":"One-stop AIoT Distribution Worldwide","inLanguage":"pt-PT","publisher":{"@id":"https:\/\/www.rucashk.com\/pt\/#organization"}}]}},"aioseo_meta_data":{"post_id":"23098","title":null,"description":null,"keywords":null,"keyphrases":null,"primary_term":null,"canonical_url":null,"og_title":null,"og_description":null,"og_object_type":"default","og_image_type":"default","og_image_url":null,"og_image_width":null,"og_image_height":null,"og_image_custom_url":null,"og_image_custom_fields":null,"og_video":null,"og_custom_url":null,"og_article_section":null,"og_article_tags":null,"twitter_use_og":false,"twitter_card":"default","twitter_image_type":"default","twitter_image_url":null,"twitter_image_custom_url":null,"twitter_image_custom_fields":null,"twitter_title":null,"twitter_description":null,"schema":{"blockGraphs":[],"customGraphs":[],"default":{"data":{"Article":[],"Course":[],"Dataset":[],"FAQPage":[],"Movie":[],"Person":[],"Product":[],"Recipe":[],"Service":[],"SoftwareApplication":[],"WebPage":[]},"graphName":"","isEnabled":true},"graphs":[]},"schema_type":"default","schema_type_options":null,"pillar_content":false,"robots_default":true,"robots_noindex":false,"robots_noarchive":false,"robots_nosnippet":false,"robots_nofollow":false,"robots_noimageindex":false,"robots_noodp":false,"robots_notranslate":false,"robots_max_snippet":null,"robots_max_videopreview":null,"robots_max_imagepreview":"large","priority":null,"frequency":null,"local_seo":null,"breadcrumb_settings":null,"limit_modified_date":false,"created":"2024-04-11 01:55:26","updated":"2025-06-22 16:57:56"},"aioseo_breadcrumb":"<div class=\"aioseo-breadcrumbs\"><span class=\"aioseo-breadcrumb\">\n\t<a href=\"https:\/\/www.rucashk.com\/pt\" title=\"Home\">Home<\/a>\n<\/span><span class=\"aioseo-breadcrumb-separator\">&raquo;<\/span><span class=\"aioseo-breadcrumb\">\n\t<a href=\"https:\/\/www.rucashk.com\/pt\/products\/\" title=\"Produtos\">Produtos<\/a>\n<\/span><span class=\"aioseo-breadcrumb-separator\">&raquo;<\/span><span class=\"aioseo-breadcrumb\">\n\t<a href=\"https:\/\/www.rucashk.com\/pt\/categoria-produto\/xiaomi-eco\/\" title=\"Xiaomi Eco\">Xiaomi Eco<\/a>\n<\/span><span class=\"aioseo-breadcrumb-separator\">&raquo;<\/span><span class=\"aioseo-breadcrumb\">\n\t<a href=\"https:\/\/www.rucashk.com\/pt\/categoria-produto\/xiaomi-eco\/personal-care\/\" title=\"Personal Care\">Personal Care<\/a>\n<\/span><span class=\"aioseo-breadcrumb-separator\">&raquo;<\/span><span class=\"aioseo-breadcrumb\">\n\tSoocas ET2 Multi-Purposed Electric Shaver\n<\/span><\/div>","aioseo_breadcrumb_json":[{"label":"Home","link":"https:\/\/www.rucashk.com\/pt"},{"label":"Produtos","link":"https:\/\/www.rucashk.com\/pt\/products\/"},{"label":"Xiaomi Eco","link":"https:\/\/www.rucashk.com\/pt\/categoria-produto\/xiaomi-eco\/"},{"label":"Personal Care","link":"https:\/\/www.rucashk.com\/pt\/categoria-produto\/xiaomi-eco\/personal-care\/"},{"label":"Soocas ET2 Multi-Purposed Electric Shaver","link":"https:\/\/www.rucashk.com\/pt\/produto\/soocas-et2-multi-purposed-electric-shaver\/"}],"_links":{"self":[{"href":"https:\/\/www.rucashk.com\/pt\/wp-json\/wp\/v2\/product\/23098","targetHints":{"allow":["GET"]}}],"collection":[{"href":"https:\/\/www.rucashk.com\/pt\/wp-json\/wp\/v2\/product"}],"about":[{"href":"https:\/\/www.rucashk.com\/pt\/wp-json\/wp\/v2\/types\/product"}],"wp:featuredmedia":[{"embeddable":true,"href":"https:\/\/www.rucashk.com\/pt\/wp-json\/wp\/v2\/media\/23169"}],"wp:attachment":[{"href":"https:\/\/www.rucashk.com\/pt\/wp-json\/wp\/v2\/media?parent=23098"}],"wp:term":[{"taxonomy":"product_brand","embeddable":true,"href":"https:\/\/www.rucashk.com\/pt\/wp-json\/wp\/v2\/product_brand?post=23098"},{"taxonomy":"product_cat","embeddable":true,"href":"https:\/\/www.rucashk.com\/pt\/wp-json\/wp\/v2\/product_cat?post=23098"},{"taxonomy":"product_tag","embeddable":true,"href":"https:\/\/www.rucashk.com\/pt\/wp-json\/wp\/v2\/product_tag?post=23098"}],"curies":[{"name":"wp","href":"https:\/\/api.w.org\/{rel}","templated":true}]}}