{"id":23065,"date":"2024-01-09T15:51:04","date_gmt":"2024-01-09T15:51:04","guid":{"rendered":"http:\/\/rucashk.com\/?post_type=product&#038;p=23065"},"modified":"2024-01-21T10:36:04","modified_gmt":"2024-01-21T10:36:04","slug":"xiaomi-fimi-x8-se-rc-quadcopter","status":"publish","type":"product","link":"https:\/\/www.rucashk.com\/pt\/produto\/xiaomi-fimi-x8-se-rc-quadcopter\/","title":{"rendered":"Xiaomi Fimi X8 Se Quadric\u00f3ptero RC"},"content":{"rendered":"<h2 style=\"text-align: center\">Xiaomi Fimi X8 Se Quadric\u00f3ptero RC<\/h2>\n<div id=\"descriptionImg\" style=\"text-align: center\"><img fetchpriority=\"high\" decoding=\"async\" class=\"lazy alignnone\" src=\"https:\/\/www.rucashk.com\/wp-content\/uploads\/2020\/06\/RM12837EU-1-fd1b-ngi5.jpg\" alt=\"Xiaomi\u00a0Fimi X8 Se RC Quadcopter\" width=\"1000\" height=\"1000\" data-original=\"\/\/img.tttcdn.com\/product\/xy\/2000\/2000\/p\/gu1\/R\/U\/RM12837EU\/RM12837EU-1-fd1b-ngi5.jpg\" \/><img decoding=\"async\" class=\"lazy alignnone\" src=\"https:\/\/www.rucashk.com\/wp-content\/uploads\/2020\/06\/RM12837EU-1-fd1b-ngiy.jpg\" alt=\"Xiaomi\u00a0Fimi X8 Se RC Quadcopter\" width=\"1000\" height=\"1000\" data-original=\"\/\/img.tttcdn.com\/product\/xy\/2000\/2000\/p\/gu1\/R\/U\/RM12837EU\/RM12837EU-1-fd1b-ngiy.jpg\" \/><img decoding=\"async\" class=\"lazy alignnone\" src=\"https:\/\/www.rucashk.com\/wp-content\/uploads\/2020\/06\/RM12837EU-1-fd1b-upgW.jpg\" alt=\"Xiaomi\u00a0Fimi X8 Se RC Quadcopter\" width=\"1000\" height=\"1000\" data-original=\"\/\/img.tttcdn.com\/product\/xy\/2000\/2000\/p\/gu1\/R\/U\/RM12837EU\/RM12837EU-1-fd1b-upgW.jpg\" \/><img loading=\"lazy\" decoding=\"async\" class=\"lazy alignnone\" src=\"https:\/\/www.rucashk.com\/wp-content\/uploads\/2020\/06\/RM12837EU-1-fd1b-w1he.jpg\" alt=\"Xiaomi\u00a0Fimi X8 Se RC Quadcopter\" width=\"1000\" height=\"1000\" data-original=\"\/\/img.tttcdn.com\/product\/xy\/2000\/2000\/p\/gu1\/R\/U\/RM12837EU\/RM12837EU-1-fd1b-w1he.jpg\" \/><img loading=\"lazy\" decoding=\"async\" class=\"lazy alignnone\" src=\"https:\/\/www.rucashk.com\/wp-content\/uploads\/2020\/06\/RM12837EU-1-fd1b-7KEJ.jpg\" alt=\"Xiaomi\u00a0Fimi X8 Se RC Quadcopter\" width=\"1000\" height=\"1000\" data-original=\"\/\/img.tttcdn.com\/product\/xy\/2000\/2000\/p\/gu1\/R\/U\/RM12837EU\/RM12837EU-1-fd1b-7KEJ.jpg\" \/><img loading=\"lazy\" decoding=\"async\" class=\"lazy alignnone\" src=\"https:\/\/www.rucashk.com\/wp-content\/uploads\/2020\/06\/RM12837EU-1-fd1b-UteP.jpg\" alt=\"Xiaomi\u00a0Fimi X8 Se RC Quadcopter\" width=\"1000\" height=\"1000\" data-original=\"\/\/img.tttcdn.com\/product\/xy\/2000\/2000\/p\/gu1\/R\/U\/RM12837EU\/RM12837EU-1-fd1b-UteP.jpg\" \/><img loading=\"lazy\" decoding=\"async\" class=\"lazy alignnone\" src=\"https:\/\/www.rucashk.com\/wp-content\/uploads\/2020\/06\/RM12837EU-1-fd1b-oAhp.jpg\" alt=\"Xiaomi\u00a0Fimi X8 Se RC Quadcopter\" width=\"1000\" height=\"1000\" data-original=\"\/\/img.tttcdn.com\/product\/xy\/2000\/2000\/p\/gu1\/R\/U\/RM12837EU\/RM12837EU-1-fd1b-oAhp.jpg\" \/><img loading=\"lazy\" decoding=\"async\" class=\"lazy alignnone\" src=\"https:\/\/www.rucashk.com\/wp-content\/uploads\/2020\/06\/RM12837EU-1-fd1b-kuRg.jpg\" alt=\"Xiaomi\u00a0Fimi X8 Se RC Quadcopter\" width=\"1000\" height=\"1000\" data-original=\"\/\/img.tttcdn.com\/product\/xy\/2000\/2000\/p\/gu1\/R\/U\/RM12837EU\/RM12837EU-1-fd1b-kuRg.jpg\" \/><img loading=\"lazy\" decoding=\"async\" class=\"lazy alignnone\" src=\"https:\/\/www.rucashk.com\/wp-content\/uploads\/2020\/06\/RM12837EU-1-fd1b-mdDP.jpg\" alt=\"Xiaomi\u00a0Fimi X8 Se RC Quadcopter\" width=\"1000\" height=\"1000\" data-original=\"\/\/img.tttcdn.com\/product\/xy\/2000\/2000\/p\/gu1\/R\/U\/RM12837EU\/RM12837EU-1-fd1b-mdDP.jpg\" \/><img loading=\"lazy\" decoding=\"async\" class=\"lazy alignnone\" src=\"https:\/\/www.rucashk.com\/wp-content\/uploads\/2020\/06\/RM12837EU-1-fd1b-mHsV.jpg\" alt=\"Xiaomi\u00a0Fimi X8 Se RC Quadcopter\" width=\"1000\" height=\"1000\" data-original=\"\/\/img.tttcdn.com\/product\/xy\/2000\/2000\/p\/gu1\/R\/U\/RM12837EU\/RM12837EU-1-fd1b-mHsV.jpg\" \/><img loading=\"lazy\" decoding=\"async\" class=\"lazy alignnone\" src=\"https:\/\/www.rucashk.com\/wp-content\/uploads\/2020\/06\/RM12837EU-1-fd1b-mo3J.jpg\" alt=\"Xiaomi\u00a0Fimi X8 Se RC Quadcopter\" width=\"1000\" height=\"1000\" data-original=\"\/\/img.tttcdn.com\/product\/xy\/2000\/2000\/p\/gu1\/R\/U\/RM12837EU\/RM12837EU-1-fd1b-mo3J.jpg\" \/><img loading=\"lazy\" decoding=\"async\" class=\"lazy alignnone\" src=\"https:\/\/www.rucashk.com\/wp-content\/uploads\/2020\/06\/RM12837EU-1-fd1b-Nt2L.jpg\" alt=\"Xiaomi\u00a0Fimi X8 Se RC Quadcopter\" width=\"1000\" height=\"1000\" data-original=\"\/\/img.tttcdn.com\/product\/xy\/2000\/2000\/p\/gu1\/R\/U\/RM12837EU\/RM12837EU-1-fd1b-Nt2L.jpg\" \/><\/div>\n<div><strong>Especifica\u00e7\u00e3o:<\/strong><br \/>\n<strong><a class=\"\" style=\"width: auto !important\" href=\"https:\/\/www.rucashk.com\/pt\/produto\/original-fimi-x8-se-drone-5km-fpv-3-axis-gimbal-hd4k-camera\/\" data-wpil-post-to-id=\"2724\">FIMI X8 SE<\/a> Quadric\u00f3ptero RC (vers\u00e3o 2020)<\/strong><br \/>\nTamanho dobr\u00e1vel: 204*106*72,6mm<br \/>\nTamanho de desdobramento: 349*257,6*72mm<br \/>\nTamanho diagonal: 372 mm<br \/>\nPeso do item: 765g<br \/>\nPrecis\u00e3o de foco vertical: \u00b10,1m (dentro da faixa de detec\u00e7\u00e3o ultrass\u00f4nica) \u00b15m (quando o posicionamento GPS est\u00e1 ativo)<br \/>\nPrecis\u00e3o de foco horizontal: \u00b1 1,5 m<br \/>\nVelocidade ascendente m\u00e1xima: 5m\/s<br \/>\nVelocidade descendente m\u00e1xima: 4m\/s<br \/>\nVelocidade m\u00e1xima de cruzeiro: 18m\/s<br \/>\nAltitude limite de v\u00f4o: 500m<br \/>\nTempo m\u00e1ximo de voo (sem vento): cerca de 35 minutos (a uma velocidade constante de 8m\/s)<br \/>\nTempo de carregamento: 2h<br \/>\nTempo de trabalho: 35min<br \/>\nResist\u00eancia ao vento: \u226450kph<br \/>\nSistemas de posicionamento por sat\u00e9lite: GPS+GLONASS+BEIDUO<br \/>\nFrequ\u00eancia operacional: 5,725-5,850 GHz<\/p>\n<p style=\"text-align: left\"><strong>Controle remoto<\/strong><br \/>\nDimens\u00f5es: 203,8\u00d791 x 46,6 mm<br \/>\nPeso: 370g<br \/>\nFrequ\u00eancia de opera\u00e7\u00e3o: 5.725-5.850 GHz<br \/>\nDist\u00e2ncia control\u00e1vel m\u00e1xima: cerca de 8000m<br \/>\nBateria: bateria de l\u00edtio 3900mAh<br \/>\nTens\u00e3o nominal: 3,7 V<br \/>\nTempo de carregamento: 4h<br \/>\nTipo de porta de carregamento: Micro USB<br \/>\nEntrada: 5V -2A<\/p>\n<p style=\"text-align: left\"><strong>Gimbal<\/strong><br \/>\nEscopo de rota\u00e7\u00e3o controlada: \u00e2ngulo de inclina\u00e7\u00e3o de 0\u00b0~-90\u00b0<br \/>\nPrecis\u00e3o de controle de \u00e2ngulo: \u00b10,005\u00b0<br \/>\nEstabiliza\u00e7\u00e3o: cardan de 3 eixos<\/p>\n<p style=\"text-align: left\"><strong>C\u00e2mera<\/strong><br \/>\nLente: FOV 80\u00b0<br \/>\nAbertura: f2.0<br \/>\nDist\u00e2ncia focal: 3,54 mm<br \/>\nDist\u00e2ncia focal equivalente: 26mm<br \/>\nSensor: 1\/2,6 pol. SONY CMOS<br \/>\nPixels efetivos: 12M<br \/>\nFaixa ISO: 100 \u2013 3200<br \/>\nVelocidade do obturador: 32 ~ 1\/8000S<br \/>\nResolu\u00e7\u00e3o de v\u00eddeo: 4K UHD: 3840\u00d72160 30\/25\/24fps<br \/>\n2,7k: 2716\u00d71524 60\/50\/30\/25\/24 fps<br \/>\n1080P: 1980\u00d71080 90\/60\/50\/30\/25\/24fps<br \/>\n720P: 1280\u00d7720 120\/100fps<br \/>\nSistema de arquivos: FAT32(\u226432GB)\/exFAT(&gt;32GB)<br \/>\nFormato de imagem: JPG; JPG+DNG<br \/>\nFormato de v\u00eddeo: MP4<br \/>\nTipo de cart\u00e3o de mem\u00f3ria: Micro SD (U3 ou superior) 8 \u2013 256 GB (recomendado Sandisk\/Kingston U3)<br \/>\nTaxa de bits m\u00e1xima: 100 Mbps<\/p>\n<p style=\"text-align: left\"><strong>Carregador<\/strong><br \/>\nSa\u00edda nominal: 13,05 V -3A<br \/>\nPot\u00eancia nominal: 39,15W<br \/>\nEntrada nominal: 100-240V~50\/60Hz1.5A<\/p>\n<p style=\"text-align: left\"><strong>Bateria\u00a0<\/strong><br \/>\nTens\u00e3o limite de carregamento: 13,05 V<br \/>\nCapacidade: 4500mAh\/51,3Wh<br \/>\nTens\u00e3o: 11,4V<br \/>\nPeso: Cerca de 270g<\/p>\n<p style=\"text-align: left\"><strong>H\u00e9lice<\/strong><br \/>\nComprimento: 8,5 polegadas<br \/>\nPasso: 3,3 polegadas<\/p>\n<p style=\"text-align: left\"><strong>Outros par\u00e2metros\u00a0<\/strong><br \/>\nCor branca<br \/>\nTemperatura operacional: 0-40 \u2103<br \/>\nAltitude adequada: \u22645000m<br \/>\nPadr\u00f5es de implementa\u00e7\u00e3o: Q\/BJFMK0001-2016<br \/>\nTens\u00e3o: 100-240V<\/p>\n<p style=\"text-align: left\"><strong>PERGUNTAS FREQUENTES:<\/strong><br \/>\n* O <a class=\"\" style=\"width: auto !important\" href=\"https:\/\/www.rucashk.com\/pt\/produto\/fimi-a3-drone-with-5-8g-gps-2axis-gimbal-1080p-camera-rc\/\" data-wpil-post-to-id=\"2741\">Drone tem GPS<\/a> fun\u00e7\u00e3o. Por favor, voe com o drone para fora em locais abertos e certifique-se de que haja pelo menos 8 sat\u00e9lites recebidos.<br \/>\n* Por favor, n\u00e3o use na situa\u00e7\u00e3o de muitas op\u00e7\u00f5es de WiFi, pode haver interfer\u00eancia de sinal. Se voc\u00ea tiver problemas para conectar o wifi do drone, tente deslig\u00e1-lo e lig\u00e1-lo novamente v\u00e1rias vezes.<br \/>\n* O telefone e o ipad na imagem n\u00e3o est\u00e3o inclu\u00eddos. Pode haver alguns desvios devido \u00e0 medi\u00e7\u00e3o manual ou ligeira diferen\u00e7a de cor devido \u00e0 condi\u00e7\u00e3o fotogr\u00e1fica.<br \/>\n* N\u00e3o carregue ou descarregue demais as baterias. N\u00e3o o coloque ao lado da condi\u00e7\u00e3o de alta temperatura. N\u00e3o jogue no fogo. N\u00e3o jogue na \u00e1gua.<\/p>\n<p style=\"text-align: left\"><strong>Informa\u00e7\u00f5es do pacote:<\/strong><br \/>\nTamanho do pacote: 29*25*9,5 cm<br \/>\nPeso do pacote: 1900g<br \/>\nPacote de caixa de presente<\/p>\n<p style=\"text-align: left\"><strong>Lista de embalagem:<\/strong><br \/>\n1 *FIMI <a class=\"\" style=\"width: auto !important\" href=\"https:\/\/www.rucashk.com\/pt\/produto\/xiaomi-fimi-x8-se-2020\/\" data-wpil-post-to-id=\"15601\">Drone X8 SE 2020 RC<\/a>( Com c\u00e2mera)<br \/>\n1 * Transmissor<br \/>\n1*11.4v 4500mah bateria lipo<br \/>\n6 * H\u00e9lice<br \/>\n1 * cabo CA<br \/>\n1 * Carregador<br \/>\n2 * manuais<\/p>\n<\/div>","protected":false},"excerpt":{"rendered":"<p><strong>Caracter\u00edsticas:<\/strong><br \/>\n<strong>V\u00eddeo e foto 4k HDR<\/strong><\/p>\n<p><strong>Gimbal mec\u00e2nico de 3 eixos<\/strong><\/p>\n<p><strong>Alcance de 8 km<\/strong><\/p>\n<p><strong>Design dobr\u00e1vel e port\u00e1til<\/strong><\/p>\n<p><strong>Sistema de posicionamento de precis\u00e3o<\/strong><\/p>\n<p><strong>V\u00e1rios modos de voo<\/strong><\/p>\n<p>&nbsp;<\/p>","protected":false},"featured_media":23167,"template":"","meta":[],"product_brand":[],"product_cat":[1318,1305],"product_tag":[420],"class_list":{"0":"post-23065","1":"product","2":"type-product","3":"status-publish","4":"has-post-thumbnail","6":"product_cat-gadgets","7":"product_cat-xiaomi-eco","8":"product_tag-xiaomi","10":"first","11":"instock","12":"shipping-taxable","13":"product-type-external"},"aioseo_notices":[],"aioseo_head":"\n\t\t<!-- All in One SEO Pro 4.5.9.2 - aioseo.com -->\n\t\t<meta name=\"description\" content=\"Features: 4k HDR Video and Photo 3-axis Mechanical Gimbal 8KM Range Foldable and Portable Design Precision Positioning System Multiple Flight Modes\" \/>\n\t\t<meta name=\"robots\" content=\"max-image-preview:large\" \/>\n\t\t<link rel=\"canonical\" href=\"https:\/\/www.rucashk.com\/pt\/produto\/xiaomi-fimi-x8-se-rc-quadcopter\/\" \/>\n\t\t<meta name=\"generator\" content=\"All in One SEO Pro (AIOSEO) 4.5.9.2\" \/>\n\t\t<meta property=\"og:locale\" content=\"pt_PT\" \/>\n\t\t<meta property=\"og:site_name\" content=\"Rucas - One-stop AIoT Distribution Worldwide\" \/>\n\t\t<meta property=\"og:type\" content=\"article\" \/>\n\t\t<meta property=\"og:title\" content=\"Xiaomi Fimi X8 Se RC Quadcopter - Rucas - Wholesale and Distribution\" \/>\n\t\t<meta property=\"og:description\" content=\"Features: 4k HDR Video and Photo 3-axis Mechanical Gimbal 8KM Range Foldable and Portable Design Precision Positioning System Multiple Flight Modes\" \/>\n\t\t<meta property=\"og:url\" content=\"https:\/\/www.rucashk.com\/pt\/produto\/xiaomi-fimi-x8-se-rc-quadcopter\/\" \/>\n\t\t<meta property=\"og:image\" content=\"https:\/\/www.rucashk.com\/wp-content\/uploads\/replace\/503b8e645f128a97ccde2b6290747646.jpeg\" \/>\n\t\t<meta property=\"og:image:secure_url\" content=\"https:\/\/www.rucashk.com\/wp-content\/uploads\/replace\/503b8e645f128a97ccde2b6290747646.jpeg\" \/>\n\t\t<meta property=\"og:image:width\" content=\"1456\" \/>\n\t\t<meta property=\"og:image:height\" content=\"816\" \/>\n\t\t<meta property=\"article:published_time\" content=\"2024-01-09T15:51:04+00:00\" \/>\n\t\t<meta property=\"article:modified_time\" content=\"2024-01-21T10:36:04+00:00\" \/>\n\t\t<meta name=\"twitter:card\" content=\"summary_large_image\" \/>\n\t\t<meta name=\"twitter:title\" content=\"Xiaomi Fimi X8 Se RC Quadcopter - Rucas - Wholesale and Distribution\" \/>\n\t\t<meta name=\"twitter:description\" content=\"Features: 4k HDR Video and Photo 3-axis Mechanical Gimbal 8KM Range Foldable and Portable Design Precision Positioning System Multiple Flight Modes\" \/>\n\t\t<meta name=\"twitter:image\" content=\"https:\/\/www.rucashk.com\/wp-content\/uploads\/replace\/503b8e645f128a97ccde2b6290747646.jpeg\" \/>\n\t\t<script type=\"application\/ld+json\" class=\"aioseo-schema\">\n\t\t\t{\"@context\":\"https:\\\/\\\/schema.org\",\"@graph\":[{\"@type\":\"BreadcrumbList\",\"@id\":\"https:\\\/\\\/www.rucashk.com\\\/pt\\\/produto\\\/xiaomi-fimi-x8-se-rc-quadcopter\\\/#breadcrumblist\",\"itemListElement\":[{\"@type\":\"ListItem\",\"@id\":\"https:\\\/\\\/www.rucashk.com\\\/pt\\\/#listItem\",\"position\":1,\"name\":\"Home\",\"item\":\"https:\\\/\\\/www.rucashk.com\\\/pt\\\/\",\"nextItem\":\"https:\\\/\\\/www.rucashk.com\\\/pt\\\/produto\\\/xiaomi-fimi-x8-se-rc-quadcopter\\\/#listItem\"},{\"@type\":\"ListItem\",\"@id\":\"https:\\\/\\\/www.rucashk.com\\\/pt\\\/produto\\\/xiaomi-fimi-x8-se-rc-quadcopter\\\/#listItem\",\"position\":2,\"name\":\"Xiaomi\\u00a0Fimi X8 Se RC Quadcopter\",\"previousItem\":\"https:\\\/\\\/www.rucashk.com\\\/pt\\\/#listItem\"}]},{\"@type\":\"Organization\",\"@id\":\"https:\\\/\\\/www.rucashk.com\\\/pt\\\/#organization\",\"name\":\"Rucas\",\"url\":\"https:\\\/\\\/www.rucashk.com\\\/pt\\\/\",\"logo\":{\"@type\":\"ImageObject\",\"url\":\"https:\\\/\\\/www.rucashk.com\\\/wp-content\\\/uploads\\\/2023\\\/12\\\/Rucas_campany_logo.png\",\"@id\":\"https:\\\/\\\/www.rucashk.com\\\/pt\\\/produto\\\/xiaomi-fimi-x8-se-rc-quadcopter\\\/#organizationLogo\",\"width\":221,\"height\":65},\"image\":{\"@id\":\"https:\\\/\\\/www.rucashk.com\\\/pt\\\/#organizationLogo\"}},{\"@type\":\"Person\",\"@id\":\"https:\\\/\\\/www.rucashk.com\\\/pt\\\/author\\\/admin\\\/#author\",\"url\":\"https:\\\/\\\/www.rucashk.com\\\/pt\\\/author\\\/admin\\\/\",\"name\":\"admin\",\"image\":{\"@type\":\"ImageObject\",\"@id\":\"https:\\\/\\\/www.rucashk.com\\\/pt\\\/produto\\\/xiaomi-fimi-x8-se-rc-quadcopter\\\/#authorImage\",\"url\":\"https:\\\/\\\/secure.gravatar.com\\\/avatar\\\/b7c8925b09a27e72b30232f8ecaadbd5af0f70a38c78096863fe51b64f031c24?s=96&d=mm&r=g\",\"width\":96,\"height\":96,\"caption\":\"admin\"}},{\"@type\":\"WebPage\",\"@id\":\"https:\\\/\\\/www.rucashk.com\\\/pt\\\/produto\\\/xiaomi-fimi-x8-se-rc-quadcopter\\\/#webpage\",\"url\":\"https:\\\/\\\/www.rucashk.com\\\/pt\\\/produto\\\/xiaomi-fimi-x8-se-rc-quadcopter\\\/\",\"name\":\"Xiaomi Fimi X8 Se RC Quadcopter - Rucas - Wholesale and Distribution\",\"description\":\"Features: 4k HDR Video and Photo 3-axis Mechanical Gimbal 8KM Range Foldable and Portable Design Precision Positioning System Multiple Flight Modes\",\"inLanguage\":\"pt-PT\",\"isPartOf\":{\"@id\":\"https:\\\/\\\/www.rucashk.com\\\/pt\\\/#website\"},\"breadcrumb\":{\"@id\":\"https:\\\/\\\/www.rucashk.com\\\/pt\\\/produto\\\/xiaomi-fimi-x8-se-rc-quadcopter\\\/#breadcrumblist\"},\"author\":{\"@id\":\"https:\\\/\\\/www.rucashk.com\\\/pt\\\/author\\\/admin\\\/#author\"},\"creator\":{\"@id\":\"https:\\\/\\\/www.rucashk.com\\\/pt\\\/author\\\/admin\\\/#author\"},\"image\":{\"@type\":\"ImageObject\",\"url\":\"https:\\\/\\\/www.rucashk.com\\\/wp-content\\\/uploads\\\/2024\\\/01\\\/Xiaomi-Fimi-X8-Se-RC-Quadcopter.jpg\",\"@id\":\"https:\\\/\\\/www.rucashk.com\\\/pt\\\/produto\\\/xiaomi-fimi-x8-se-rc-quadcopter\\\/#mainImage\",\"width\":800,\"height\":800},\"primaryImageOfPage\":{\"@id\":\"https:\\\/\\\/www.rucashk.com\\\/pt\\\/produto\\\/xiaomi-fimi-x8-se-rc-quadcopter\\\/#mainImage\"},\"datePublished\":\"2024-01-09T15:51:04+00:00\",\"dateModified\":\"2024-01-21T10:36:04+00:00\"},{\"@type\":\"WebSite\",\"@id\":\"https:\\\/\\\/www.rucashk.com\\\/pt\\\/#website\",\"url\":\"https:\\\/\\\/www.rucashk.com\\\/pt\\\/\",\"name\":\"Rucas - Wholesale and distribution worldwide\",\"alternateName\":\"Rucas - One-stop AIoT Distribution Worldwide\",\"description\":\"One-stop AIoT Distribution Worldwide\",\"inLanguage\":\"pt-PT\",\"publisher\":{\"@id\":\"https:\\\/\\\/www.rucashk.com\\\/pt\\\/#organization\"}}]}\n\t\t<\/script>\n\t\t<!-- All in One SEO Pro -->\r\n\t\t<title>Xiaomi Fimi X8 Se RC Quadcopter - Rucas - Wholesale and Distribution<\/title>\n\n","aioseo_head_json":{"title":"Xiaomi Fimi X8 Se RC Quadcopter - Rucas - Wholesale and Distribution","description":"Features: 4k HDR Video and Photo 3-axis Mechanical Gimbal 8KM Range Foldable and Portable Design Precision Positioning System Multiple Flight Modes","canonical_url":"https:\/\/www.rucashk.com\/pt\/produto\/xiaomi-fimi-x8-se-rc-quadcopter\/","robots":"max-image-preview:large","keywords":"","webmasterTools":{"miscellaneous":""},"og:locale":"pt_PT","og:site_name":"Rucas - One-stop AIoT Distribution Worldwide","og:type":"article","og:title":"Xiaomi Fimi X8 Se RC Quadcopter - Rucas - Wholesale and Distribution","og:description":"Features: 4k HDR Video and Photo 3-axis Mechanical Gimbal 8KM Range Foldable and Portable Design Precision Positioning System Multiple Flight Modes","og:url":"https:\/\/www.rucashk.com\/pt\/produto\/xiaomi-fimi-x8-se-rc-quadcopter\/","og:image":"https:\/\/www.rucashk.com\/wp-content\/uploads\/replace\/503b8e645f128a97ccde2b6290747646.jpeg","og:image:secure_url":"https:\/\/www.rucashk.com\/wp-content\/uploads\/replace\/503b8e645f128a97ccde2b6290747646.jpeg","og:image:width":1456,"og:image:height":816,"article:published_time":"2024-01-09T15:51:04+00:00","article:modified_time":"2024-01-21T10:36:04+00:00","twitter:card":"summary_large_image","twitter:title":"Xiaomi Fimi X8 Se RC Quadcopter - Rucas - Wholesale and Distribution","twitter:description":"Features: 4k HDR Video and Photo 3-axis Mechanical Gimbal 8KM Range Foldable and Portable Design Precision Positioning System Multiple Flight Modes","twitter:image":"https:\/\/www.rucashk.com\/wp-content\/uploads\/replace\/503b8e645f128a97ccde2b6290747646.jpeg","schema":{"@context":"https:\/\/schema.org","@graph":[{"@type":"BreadcrumbList","@id":"https:\/\/www.rucashk.com\/pt\/produto\/xiaomi-fimi-x8-se-rc-quadcopter\/#breadcrumblist","itemListElement":[{"@type":"ListItem","@id":"https:\/\/www.rucashk.com\/pt\/#listItem","position":1,"name":"Home","item":"https:\/\/www.rucashk.com\/pt\/","nextItem":"https:\/\/www.rucashk.com\/pt\/produto\/xiaomi-fimi-x8-se-rc-quadcopter\/#listItem"},{"@type":"ListItem","@id":"https:\/\/www.rucashk.com\/pt\/produto\/xiaomi-fimi-x8-se-rc-quadcopter\/#listItem","position":2,"name":"Xiaomi\u00a0Fimi X8 Se RC Quadcopter","previousItem":"https:\/\/www.rucashk.com\/pt\/#listItem"}]},{"@type":"Organization","@id":"https:\/\/www.rucashk.com\/pt\/#organization","name":"Rucas","url":"https:\/\/www.rucashk.com\/pt\/","logo":{"@type":"ImageObject","url":"https:\/\/www.rucashk.com\/wp-content\/uploads\/2023\/12\/Rucas_campany_logo.png","@id":"https:\/\/www.rucashk.com\/pt\/produto\/xiaomi-fimi-x8-se-rc-quadcopter\/#organizationLogo","width":221,"height":65},"image":{"@id":"https:\/\/www.rucashk.com\/pt\/#organizationLogo"}},{"@type":"Person","@id":"https:\/\/www.rucashk.com\/pt\/author\/admin\/#author","url":"https:\/\/www.rucashk.com\/pt\/author\/admin\/","name":"admin","image":{"@type":"ImageObject","@id":"https:\/\/www.rucashk.com\/pt\/produto\/xiaomi-fimi-x8-se-rc-quadcopter\/#authorImage","url":"https:\/\/secure.gravatar.com\/avatar\/b7c8925b09a27e72b30232f8ecaadbd5af0f70a38c78096863fe51b64f031c24?s=96&d=mm&r=g","width":96,"height":96,"caption":"admin"}},{"@type":"WebPage","@id":"https:\/\/www.rucashk.com\/pt\/produto\/xiaomi-fimi-x8-se-rc-quadcopter\/#webpage","url":"https:\/\/www.rucashk.com\/pt\/produto\/xiaomi-fimi-x8-se-rc-quadcopter\/","name":"Xiaomi Fimi X8 Se RC Quadcopter - Rucas - Wholesale and Distribution","description":"Features: 4k HDR Video and Photo 3-axis Mechanical Gimbal 8KM Range Foldable and Portable Design Precision Positioning System Multiple Flight Modes","inLanguage":"pt-PT","isPartOf":{"@id":"https:\/\/www.rucashk.com\/pt\/#website"},"breadcrumb":{"@id":"https:\/\/www.rucashk.com\/pt\/produto\/xiaomi-fimi-x8-se-rc-quadcopter\/#breadcrumblist"},"author":{"@id":"https:\/\/www.rucashk.com\/pt\/author\/admin\/#author"},"creator":{"@id":"https:\/\/www.rucashk.com\/pt\/author\/admin\/#author"},"image":{"@type":"ImageObject","url":"https:\/\/www.rucashk.com\/wp-content\/uploads\/2024\/01\/Xiaomi-Fimi-X8-Se-RC-Quadcopter.jpg","@id":"https:\/\/www.rucashk.com\/pt\/produto\/xiaomi-fimi-x8-se-rc-quadcopter\/#mainImage","width":800,"height":800},"primaryImageOfPage":{"@id":"https:\/\/www.rucashk.com\/pt\/produto\/xiaomi-fimi-x8-se-rc-quadcopter\/#mainImage"},"datePublished":"2024-01-09T15:51:04+00:00","dateModified":"2024-01-21T10:36:04+00:00"},{"@type":"WebSite","@id":"https:\/\/www.rucashk.com\/pt\/#website","url":"https:\/\/www.rucashk.com\/pt\/","name":"Rucas - Wholesale and distribution worldwide","alternateName":"Rucas - One-stop AIoT Distribution Worldwide","description":"One-stop AIoT Distribution Worldwide","inLanguage":"pt-PT","publisher":{"@id":"https:\/\/www.rucashk.com\/pt\/#organization"}}]}},"aioseo_meta_data":{"post_id":"23065","title":null,"description":null,"keywords":null,"keyphrases":null,"primary_term":null,"canonical_url":null,"og_title":null,"og_description":null,"og_object_type":"default","og_image_type":"default","og_image_url":null,"og_image_width":null,"og_image_height":null,"og_image_custom_url":null,"og_image_custom_fields":null,"og_video":null,"og_custom_url":null,"og_article_section":null,"og_article_tags":null,"twitter_use_og":false,"twitter_card":"default","twitter_image_type":"default","twitter_image_url":null,"twitter_image_custom_url":null,"twitter_image_custom_fields":null,"twitter_title":null,"twitter_description":null,"schema":{"blockGraphs":[],"customGraphs":[],"default":{"data":{"Article":[],"Course":[],"Dataset":[],"FAQPage":[],"Movie":[],"Person":[],"Product":[],"Recipe":[],"Service":[],"SoftwareApplication":[],"WebPage":[]},"graphName":"","isEnabled":true},"graphs":[]},"schema_type":"default","schema_type_options":null,"pillar_content":false,"robots_default":true,"robots_noindex":false,"robots_noarchive":false,"robots_nosnippet":false,"robots_nofollow":false,"robots_noimageindex":false,"robots_noodp":false,"robots_notranslate":false,"robots_max_snippet":null,"robots_max_videopreview":null,"robots_max_imagepreview":"large","priority":null,"frequency":null,"local_seo":null,"breadcrumb_settings":null,"limit_modified_date":false,"created":"2024-04-11 01:55:26","updated":"2025-06-22 16:57:55"},"aioseo_breadcrumb":"<div class=\"aioseo-breadcrumbs\"><span class=\"aioseo-breadcrumb\">\n\t<a href=\"https:\/\/www.rucashk.com\/pt\" title=\"Home\">Home<\/a>\n<\/span><span class=\"aioseo-breadcrumb-separator\">&raquo;<\/span><span class=\"aioseo-breadcrumb\">\n\t<a href=\"https:\/\/www.rucashk.com\/pt\/products\/\" title=\"Produtos\">Produtos<\/a>\n<\/span><span class=\"aioseo-breadcrumb-separator\">&raquo;<\/span><span class=\"aioseo-breadcrumb\">\n\t<a href=\"https:\/\/www.rucashk.com\/pt\/categoria-produto\/xiaomi-eco\/\" title=\"Xiaomi Eco\">Xiaomi Eco<\/a>\n<\/span><span class=\"aioseo-breadcrumb-separator\">&raquo;<\/span><span class=\"aioseo-breadcrumb\">\n\t<a href=\"https:\/\/www.rucashk.com\/pt\/categoria-produto\/xiaomi-eco\/gadgets\/\" title=\"Gadgets\">Gadgets<\/a>\n<\/span><span class=\"aioseo-breadcrumb-separator\">&raquo;<\/span><span class=\"aioseo-breadcrumb\">\n\tXiaomi\u00a0Fimi X8 Se RC Quadcopter\n<\/span><\/div>","aioseo_breadcrumb_json":[{"label":"Home","link":"https:\/\/www.rucashk.com\/pt"},{"label":"Produtos","link":"https:\/\/www.rucashk.com\/pt\/products\/"},{"label":"Xiaomi Eco","link":"https:\/\/www.rucashk.com\/pt\/categoria-produto\/xiaomi-eco\/"},{"label":"Gadgets","link":"https:\/\/www.rucashk.com\/pt\/categoria-produto\/xiaomi-eco\/gadgets\/"},{"label":"Xiaomi\u00a0Fimi X8 Se RC Quadcopter","link":"https:\/\/www.rucashk.com\/pt\/produto\/xiaomi-fimi-x8-se-rc-quadcopter\/"}],"_links":{"self":[{"href":"https:\/\/www.rucashk.com\/pt\/wp-json\/wp\/v2\/product\/23065","targetHints":{"allow":["GET"]}}],"collection":[{"href":"https:\/\/www.rucashk.com\/pt\/wp-json\/wp\/v2\/product"}],"about":[{"href":"https:\/\/www.rucashk.com\/pt\/wp-json\/wp\/v2\/types\/product"}],"wp:featuredmedia":[{"embeddable":true,"href":"https:\/\/www.rucashk.com\/pt\/wp-json\/wp\/v2\/media\/23167"}],"wp:attachment":[{"href":"https:\/\/www.rucashk.com\/pt\/wp-json\/wp\/v2\/media?parent=23065"}],"wp:term":[{"taxonomy":"product_brand","embeddable":true,"href":"https:\/\/www.rucashk.com\/pt\/wp-json\/wp\/v2\/product_brand?post=23065"},{"taxonomy":"product_cat","embeddable":true,"href":"https:\/\/www.rucashk.com\/pt\/wp-json\/wp\/v2\/product_cat?post=23065"},{"taxonomy":"product_tag","embeddable":true,"href":"https:\/\/www.rucashk.com\/pt\/wp-json\/wp\/v2\/product_tag?post=23065"}],"curies":[{"name":"wp","href":"https:\/\/api.w.org\/{rel}","templated":true}]}}