{"id":23061,"date":"2024-01-09T15:51:03","date_gmt":"2024-01-09T15:51:03","guid":{"rendered":"http:\/\/rucashk.com\/?post_type=product&#038;p=23061"},"modified":"2024-03-13T07:35:06","modified_gmt":"2024-03-13T07:35:06","slug":"mijia-mini-electric-pump-tire-inflator","status":"publish","type":"product","link":"https:\/\/www.rucashk.com\/pt\/produto\/mijia-mini-electric-pump-tire-inflator\/","title":{"rendered":"Mini bomba el\u00e9trica MIJIA, inflador de pneus"},"content":{"rendered":"<h2 style=\"text-align: center\">MIJIA Mini inflador el\u00e9trico de pneus<\/h2>\n<p><img fetchpriority=\"high\" decoding=\"async\" class=\"aligncenter\" src=\"\/wp-content\/uploads\/replace\/be7c1c3b0a9c7e0233c599af1f607796.jpeg\" alt=\"MIJIA Mini\u00a0Electric Tire Inflator\" width=\"1000\" height=\"619\" \/><img decoding=\"async\" class=\"aligncenter\" src=\"\/wp-content\/uploads\/replace\/c0ae1993f1582c45e5fdefded5e2b9c5.jpeg\" alt=\"MIJIA Mini\u00a0Electric Tire Inflator\" width=\"1000\" height=\"760\" \/><img decoding=\"async\" class=\"aligncenter\" src=\"\/wp-content\/uploads\/replace\/5646beae0990eb17e7a01b80641974c3.jpeg\" alt=\"MIJIA Mini\u00a0Electric Tire Inflator\" width=\"1000\" height=\"586\" \/><img loading=\"lazy\" decoding=\"async\" class=\"aligncenter\" src=\"\/wp-content\/uploads\/replace\/461a992d1b14f25f850504c7ace32b82.jpeg\" alt=\"MIJIA Mini\u00a0Electric Tire Inflator\" width=\"1000\" height=\"635\" \/><img loading=\"lazy\" decoding=\"async\" class=\"aligncenter\" src=\"\/wp-content\/uploads\/replace\/707f6678d50eb3ddee88b9395fc643ce.jpeg\" alt=\"MIJIA Mini\u00a0Electric Tire Inflator\" width=\"1000\" height=\"579\" \/><img loading=\"lazy\" decoding=\"async\" class=\"aligncenter\" src=\"\/wp-content\/uploads\/replace\/cb5429956cc97322cd831a792f32d15a.jpeg\" alt=\"MIJIA Mini\u00a0Electric Tire Inflator\" width=\"1000\" height=\"328\" \/><img loading=\"lazy\" decoding=\"async\" class=\"aligncenter\" src=\"\/wp-content\/uploads\/replace\/1c67cc87984d982728530b1f4de8439a.jpeg\" alt=\"MIJIA Mini\u00a0Electric Tire Inflator\" width=\"1000\" height=\"448\" \/><img loading=\"lazy\" decoding=\"async\" class=\"aligncenter\" src=\"\/wp-content\/uploads\/replace\/691b05e2672a5ad4908c530f4584988c.jpeg\" alt=\"MIJIA Mini\u00a0Electric Tire Inflator\" width=\"1000\" height=\"393\" \/><img loading=\"lazy\" decoding=\"async\" class=\"aligncenter\" src=\"\/wp-content\/uploads\/replace\/0bf27bfb406c7a77def8daecb9f3627c.jpeg\" alt=\"MIJIA Mini\u00a0Electric Tire Inflator\" width=\"1000\" height=\"397\" \/><img loading=\"lazy\" decoding=\"async\" class=\"aligncenter\" src=\"\/wp-content\/uploads\/replace\/b5252a85fd69785aa012394a911f2dbd.jpeg\" alt=\"MIJIA Mini\u00a0Electric Tire Inflator\" width=\"1000\" height=\"388\" \/><img loading=\"lazy\" decoding=\"async\" class=\"aligncenter\" src=\"\/wp-content\/uploads\/replace\/1658de4906fd5b23da986f9dfed67906.jpeg\" alt=\"MIJIA Mini\u00a0Electric Tire Inflator\" width=\"1000\" height=\"482\" \/><img decoding=\"async\" alt=\"MIJIA Mini\u00a0Electric Pump, Tire Inflator\" class=\"aligncenter\" src=\"\/wp-content\/uploads\/replace\/8e13bad2616ac9679ffef3b7d16a1652.jpeg\" \/><img loading=\"lazy\" decoding=\"async\" class=\"aligncenter\" src=\"\/wp-content\/uploads\/replace\/2fbbffe765f5089e6e6398d86c7b616e.jpeg\" alt=\"MIJIA Mini\u00a0Electric Tire Inflator\" width=\"1000\" height=\"600\" \/><\/p>\n<p>Caracter\u00edsticas:<\/p>\n<ul class=\"a-unordered-list a-vertical a-spacing-mini list-paddingleft-2\">\n<li><span class=\"a-list-item\">Carregado com a press\u00e3o predefinida e parado: Inflando a bola, n\u00e3o h\u00e1 necessidade de verificar repetidamente pressionando. Infle com precis\u00e3o e uma vez para atingir a press\u00e3o certa para ajud\u00e1-lo a desfrutar da paix\u00e3o sem preocupa\u00e7\u00f5es.<\/span><\/li>\n<li><span class=\"a-list-item\">Display digital para detectar a press\u00e3o dos pneus e testar a press\u00e3o dos pneus a qualquer momento para evitar emerg\u00eancias: A diferen\u00e7a de temperatura entre as quatro esta\u00e7\u00f5es \u00e9 grande e \u00e9 necess\u00e1rio verificar e ajustar regularmente a press\u00e3o dos pneus. A press\u00e3o dos pneus muito baixa ou muito alta pode criar um risco \u00e0 seguran\u00e7a. Por exemplo, a press\u00e3o dos pneus causada por uma corrida acidental dos pneus \u00e9 insuficiente e a infla\u00e7\u00e3o de emerg\u00eancia pode ajud\u00e1-lo a evitar problemas.<\/span><\/li>\n<li><span class=\"a-list-item\">Poderoso, compat\u00edvel com uma variedade de bicos: o cilindro de fundi\u00e7\u00e3o sob press\u00e3o de liga de alta precis\u00e3o pode ser facilmente pressurizado a 150 psi para atender \u00e0 for\u00e7a de aera\u00e7\u00e3o necess\u00e1ria para bicicletas de estrada, bem como para inflar pneus comuns de bicicleta, futebol, pneu de carro, motocicleta pneu, etc<\/span><\/li>\n<li><span class=\"a-list-item\">Pequeno e conveniente para realizar. Poderoso, compat\u00edvel com uma variedade de bicos: pode ser carregado por um banco de energia. Uma viagem maravilhosa est\u00e1 totalmente preparada, ent\u00e3o andar e dirigir ficou f\u00e1cil e pronto para come\u00e7ar. Tesouros infl\u00e1veis n\u00e3o requerem fonte de alimenta\u00e7\u00e3o externa durante o trabalho. Pequeno o suficiente para transportar no carro, \u00e9 f\u00e1cil de colocar no porta-malas ou na mochila. Caminhadas de motocicleta s\u00e3o mais livres.<\/span><\/li>\n<li><span class=\"a-list-item\">Bateria de l\u00edtio embutida. Carregamento USB, ilumina\u00e7\u00e3o LED.<\/span><\/li>\n<\/ul>","protected":false},"excerpt":{"rendered":"<p><strong>Caracter\u00edsticas:<\/strong><br \/>\nDisplay digital da press\u00e3o dos pneus.<br \/>\nPress\u00e3o predefinida, pare quando carregada.<br \/>\nPequeno e port\u00e1til, f\u00e1cil de transportar.<br \/>\nPot\u00eancia poderosa, m\u00e1quina multifuncional.<br \/>\nPode satisfazer a for\u00e7a de enchimento exigida pela bicicleta de estrada e encher pneus de bicicletas comuns.<br \/>\nN\u00e3o h\u00e1 necessidade de conectar uma fonte de alimenta\u00e7\u00e3o externa quando o banco de pot\u00eancia funciona.<br \/>\nInfle a bola sem pressionar repetidamente para verificar.<br \/>\nIlumina\u00e7\u00e3o LEDs, para ajud\u00e1-lo a operar durante a noite.<br \/>\nInterface de carregamento micro-USB, compat\u00edvel com a maioria dos cabos de carregamento de smartphones.<br \/>\n8 pneus de bicicleta de estrada totalmente carregados, a velocidade de reinicializa\u00e7\u00e3o pode ser abastecida com um pneu em cerca de 3 minutos.<br \/>\nA pot\u00eancia total pode ser de cerca de 5 pneus de carro.<br \/>\nVelocidade de enchimento cerca de 6 minutos para encher um pneu.<\/p>","protected":false},"featured_media":23157,"template":"","meta":[],"product_brand":[],"product_cat":[1288,1293],"product_tag":[812],"class_list":{"0":"post-23061","1":"product","2":"type-product","3":"status-publish","4":"has-post-thumbnail","6":"product_cat-e-vehicle-accessories","7":"product_cat-tire-pressure-monitoring","8":"product_tag-mijia-mini-electric-tire-inflator","10":"first","11":"instock","12":"shipping-taxable","13":"product-type-external"},"aioseo_notices":[],"aioseo_head":"\n\t\t<!-- All in One SEO Pro 4.5.9.2 - aioseo.com -->\n\t\t<meta name=\"description\" content=\"Features: Digital display of tire pressure. Preset pressure, stop when charged. Small and portable, easy to carry. Powerful power, multi-purpose machine. It can satisfy the inflating force required by road bicycle and inflate common bicycle tires. There is no need to connect external power-supply when power-bank works. Inflate the ball without repeatedly pressing to check. LEDs lighting, to help you operate under the night. Micro-USB charging interface, compatible with most smartphone charging cables. Fully charged 8 road bike tires, restart speed can be filled with a tire in about 3 minutes. Full power can make up about 5 car tires. Filling speed about 6 minutes to fill a tire.\" \/>\n\t\t<meta name=\"robots\" content=\"max-image-preview:large\" \/>\n\t\t<link rel=\"canonical\" href=\"https:\/\/www.rucashk.com\/pt\/produto\/mijia-mini-electric-pump-tire-inflator\/\" \/>\n\t\t<meta name=\"generator\" content=\"All in One SEO Pro (AIOSEO) 4.5.9.2\" \/>\n\t\t<meta property=\"og:locale\" content=\"pt_PT\" \/>\n\t\t<meta property=\"og:site_name\" content=\"Rucas - One-stop AIoT Distribution Worldwide\" \/>\n\t\t<meta property=\"og:type\" content=\"article\" \/>\n\t\t<meta property=\"og:title\" content=\"MIJIA Mini Electric Pump, Tire Inflator - Rucas - Wholesale and Distribution\" \/>\n\t\t<meta property=\"og:description\" content=\"Features: Digital display of tire pressure. Preset pressure, stop when charged. Small and portable, easy to carry. Powerful power, multi-purpose machine. It can satisfy the inflating force required by road bicycle and inflate common bicycle tires. There is no need to connect external power-supply when power-bank works. Inflate the ball without repeatedly pressing to check. LEDs lighting, to help you operate under the night. Micro-USB charging interface, compatible with most smartphone charging cables. Fully charged 8 road bike tires, restart speed can be filled with a tire in about 3 minutes. Full power can make up about 5 car tires. Filling speed about 6 minutes to fill a tire.\" \/>\n\t\t<meta property=\"og:url\" content=\"https:\/\/www.rucashk.com\/pt\/produto\/mijia-mini-electric-pump-tire-inflator\/\" \/>\n\t\t<meta property=\"og:image\" content=\"https:\/\/www.rucashk.com\/wp-content\/uploads\/replace\/503b8e645f128a97ccde2b6290747646.jpeg\" \/>\n\t\t<meta property=\"og:image:secure_url\" content=\"https:\/\/www.rucashk.com\/wp-content\/uploads\/replace\/503b8e645f128a97ccde2b6290747646.jpeg\" \/>\n\t\t<meta property=\"og:image:width\" content=\"1456\" \/>\n\t\t<meta property=\"og:image:height\" content=\"816\" \/>\n\t\t<meta property=\"article:published_time\" content=\"2024-01-09T15:51:03+00:00\" \/>\n\t\t<meta property=\"article:modified_time\" content=\"2024-03-13T07:35:06+00:00\" \/>\n\t\t<meta name=\"twitter:card\" content=\"summary_large_image\" \/>\n\t\t<meta name=\"twitter:title\" content=\"MIJIA Mini Electric Pump, Tire Inflator - Rucas - Wholesale and Distribution\" \/>\n\t\t<meta name=\"twitter:description\" content=\"Features: Digital display of tire pressure. Preset pressure, stop when charged. Small and portable, easy to carry. Powerful power, multi-purpose machine. It can satisfy the inflating force required by road bicycle and inflate common bicycle tires. There is no need to connect external power-supply when power-bank works. Inflate the ball without repeatedly pressing to check. LEDs lighting, to help you operate under the night. Micro-USB charging interface, compatible with most smartphone charging cables. Fully charged 8 road bike tires, restart speed can be filled with a tire in about 3 minutes. Full power can make up about 5 car tires. Filling speed about 6 minutes to fill a tire.\" \/>\n\t\t<meta name=\"twitter:image\" content=\"https:\/\/www.rucashk.com\/wp-content\/uploads\/replace\/503b8e645f128a97ccde2b6290747646.jpeg\" \/>\n\t\t<script type=\"application\/ld+json\" class=\"aioseo-schema\">\n\t\t\t{\"@context\":\"https:\\\/\\\/schema.org\",\"@graph\":[{\"@type\":\"BreadcrumbList\",\"@id\":\"https:\\\/\\\/www.rucashk.com\\\/pt\\\/produto\\\/mijia-mini-electric-pump-tire-inflator\\\/#breadcrumblist\",\"itemListElement\":[{\"@type\":\"ListItem\",\"@id\":\"https:\\\/\\\/www.rucashk.com\\\/pt\\\/#listItem\",\"position\":1,\"name\":\"Home\",\"item\":\"https:\\\/\\\/www.rucashk.com\\\/pt\\\/\",\"nextItem\":\"https:\\\/\\\/www.rucashk.com\\\/pt\\\/produto\\\/mijia-mini-electric-pump-tire-inflator\\\/#listItem\"},{\"@type\":\"ListItem\",\"@id\":\"https:\\\/\\\/www.rucashk.com\\\/pt\\\/produto\\\/mijia-mini-electric-pump-tire-inflator\\\/#listItem\",\"position\":2,\"name\":\"MIJIA Mini\\u00a0Electric Pump, Tire Inflator\",\"previousItem\":\"https:\\\/\\\/www.rucashk.com\\\/pt\\\/#listItem\"}]},{\"@type\":\"Organization\",\"@id\":\"https:\\\/\\\/www.rucashk.com\\\/pt\\\/#organization\",\"name\":\"Rucas\",\"url\":\"https:\\\/\\\/www.rucashk.com\\\/pt\\\/\",\"logo\":{\"@type\":\"ImageObject\",\"url\":\"https:\\\/\\\/www.rucashk.com\\\/wp-content\\\/uploads\\\/2023\\\/12\\\/Rucas_campany_logo.png\",\"@id\":\"https:\\\/\\\/www.rucashk.com\\\/pt\\\/produto\\\/mijia-mini-electric-pump-tire-inflator\\\/#organizationLogo\",\"width\":221,\"height\":65},\"image\":{\"@id\":\"https:\\\/\\\/www.rucashk.com\\\/pt\\\/#organizationLogo\"}},{\"@type\":\"Person\",\"@id\":\"https:\\\/\\\/www.rucashk.com\\\/pt\\\/author\\\/admin\\\/#author\",\"url\":\"https:\\\/\\\/www.rucashk.com\\\/pt\\\/author\\\/admin\\\/\",\"name\":\"admin\",\"image\":{\"@type\":\"ImageObject\",\"@id\":\"https:\\\/\\\/www.rucashk.com\\\/pt\\\/produto\\\/mijia-mini-electric-pump-tire-inflator\\\/#authorImage\",\"url\":\"https:\\\/\\\/secure.gravatar.com\\\/avatar\\\/b7c8925b09a27e72b30232f8ecaadbd5af0f70a38c78096863fe51b64f031c24?s=96&d=mm&r=g\",\"width\":96,\"height\":96,\"caption\":\"admin\"}},{\"@type\":\"WebPage\",\"@id\":\"https:\\\/\\\/www.rucashk.com\\\/pt\\\/produto\\\/mijia-mini-electric-pump-tire-inflator\\\/#webpage\",\"url\":\"https:\\\/\\\/www.rucashk.com\\\/pt\\\/produto\\\/mijia-mini-electric-pump-tire-inflator\\\/\",\"name\":\"MIJIA Mini Electric Pump, Tire Inflator - Rucas - Wholesale and Distribution\",\"description\":\"Features: Digital display of tire pressure. Preset pressure, stop when charged. Small and portable, easy to carry. Powerful power, multi-purpose machine. It can satisfy the inflating force required by road bicycle and inflate common bicycle tires. There is no need to connect external power-supply when power-bank works. Inflate the ball without repeatedly pressing to check. LEDs lighting, to help you operate under the night. Micro-USB charging interface, compatible with most smartphone charging cables. Fully charged 8 road bike tires, restart speed can be filled with a tire in about 3 minutes. Full power can make up about 5 car tires. Filling speed about 6 minutes to fill a tire.\",\"inLanguage\":\"pt-PT\",\"isPartOf\":{\"@id\":\"https:\\\/\\\/www.rucashk.com\\\/pt\\\/#website\"},\"breadcrumb\":{\"@id\":\"https:\\\/\\\/www.rucashk.com\\\/pt\\\/produto\\\/mijia-mini-electric-pump-tire-inflator\\\/#breadcrumblist\"},\"author\":{\"@id\":\"https:\\\/\\\/www.rucashk.com\\\/pt\\\/author\\\/admin\\\/#author\"},\"creator\":{\"@id\":\"https:\\\/\\\/www.rucashk.com\\\/pt\\\/author\\\/admin\\\/#author\"},\"image\":{\"@type\":\"ImageObject\",\"url\":\"https:\\\/\\\/www.rucashk.com\\\/wp-content\\\/uploads\\\/2024\\\/01\\\/4-7.jpg\",\"@id\":\"https:\\\/\\\/www.rucashk.com\\\/pt\\\/produto\\\/mijia-mini-electric-pump-tire-inflator\\\/#mainImage\",\"width\":800,\"height\":800},\"primaryImageOfPage\":{\"@id\":\"https:\\\/\\\/www.rucashk.com\\\/pt\\\/produto\\\/mijia-mini-electric-pump-tire-inflator\\\/#mainImage\"},\"datePublished\":\"2024-01-09T15:51:03+00:00\",\"dateModified\":\"2024-03-13T07:35:06+00:00\"},{\"@type\":\"WebSite\",\"@id\":\"https:\\\/\\\/www.rucashk.com\\\/pt\\\/#website\",\"url\":\"https:\\\/\\\/www.rucashk.com\\\/pt\\\/\",\"name\":\"Rucas - Wholesale and distribution worldwide\",\"alternateName\":\"Rucas - One-stop AIoT Distribution Worldwide\",\"description\":\"One-stop AIoT Distribution Worldwide\",\"inLanguage\":\"pt-PT\",\"publisher\":{\"@id\":\"https:\\\/\\\/www.rucashk.com\\\/pt\\\/#organization\"}}]}\n\t\t<\/script>\n\t\t<!-- All in One SEO Pro -->\r\n\t\t<title>MIJIA Mini Electric Pump, Tire Inflator - Rucas - Wholesale and Distribution<\/title>\n\n","aioseo_head_json":{"title":"MIJIA Mini Electric Pump, Tire Inflator - Rucas - Wholesale and Distribution","description":"Features: Digital display of tire pressure. Preset pressure, stop when charged. Small and portable, easy to carry. Powerful power, multi-purpose machine. It can satisfy the inflating force required by road bicycle and inflate common bicycle tires. There is no need to connect external power-supply when power-bank works. Inflate the ball without repeatedly pressing to check. LEDs lighting, to help you operate under the night. Micro-USB charging interface, compatible with most smartphone charging cables. Fully charged 8 road bike tires, restart speed can be filled with a tire in about 3 minutes. Full power can make up about 5 car tires. Filling speed about 6 minutes to fill a tire.","canonical_url":"https:\/\/www.rucashk.com\/pt\/produto\/mijia-mini-electric-pump-tire-inflator\/","robots":"max-image-preview:large","keywords":"","webmasterTools":{"miscellaneous":""},"og:locale":"pt_PT","og:site_name":"Rucas - One-stop AIoT Distribution Worldwide","og:type":"article","og:title":"MIJIA Mini Electric Pump, Tire Inflator - Rucas - Wholesale and Distribution","og:description":"Features: Digital display of tire pressure. Preset pressure, stop when charged. Small and portable, easy to carry. Powerful power, multi-purpose machine. It can satisfy the inflating force required by road bicycle and inflate common bicycle tires. There is no need to connect external power-supply when power-bank works. Inflate the ball without repeatedly pressing to check. LEDs lighting, to help you operate under the night. Micro-USB charging interface, compatible with most smartphone charging cables. Fully charged 8 road bike tires, restart speed can be filled with a tire in about 3 minutes. Full power can make up about 5 car tires. Filling speed about 6 minutes to fill a tire.","og:url":"https:\/\/www.rucashk.com\/pt\/produto\/mijia-mini-electric-pump-tire-inflator\/","og:image":"https:\/\/www.rucashk.com\/wp-content\/uploads\/replace\/503b8e645f128a97ccde2b6290747646.jpeg","og:image:secure_url":"https:\/\/www.rucashk.com\/wp-content\/uploads\/replace\/503b8e645f128a97ccde2b6290747646.jpeg","og:image:width":1456,"og:image:height":816,"article:published_time":"2024-01-09T15:51:03+00:00","article:modified_time":"2024-03-13T07:35:06+00:00","twitter:card":"summary_large_image","twitter:title":"MIJIA Mini Electric Pump, Tire Inflator - Rucas - Wholesale and Distribution","twitter:description":"Features: Digital display of tire pressure. Preset pressure, stop when charged. Small and portable, easy to carry. Powerful power, multi-purpose machine. It can satisfy the inflating force required by road bicycle and inflate common bicycle tires. There is no need to connect external power-supply when power-bank works. Inflate the ball without repeatedly pressing to check. LEDs lighting, to help you operate under the night. Micro-USB charging interface, compatible with most smartphone charging cables. Fully charged 8 road bike tires, restart speed can be filled with a tire in about 3 minutes. Full power can make up about 5 car tires. Filling speed about 6 minutes to fill a tire.","twitter:image":"https:\/\/www.rucashk.com\/wp-content\/uploads\/replace\/503b8e645f128a97ccde2b6290747646.jpeg","schema":{"@context":"https:\/\/schema.org","@graph":[{"@type":"BreadcrumbList","@id":"https:\/\/www.rucashk.com\/pt\/produto\/mijia-mini-electric-pump-tire-inflator\/#breadcrumblist","itemListElement":[{"@type":"ListItem","@id":"https:\/\/www.rucashk.com\/pt\/#listItem","position":1,"name":"Home","item":"https:\/\/www.rucashk.com\/pt\/","nextItem":"https:\/\/www.rucashk.com\/pt\/produto\/mijia-mini-electric-pump-tire-inflator\/#listItem"},{"@type":"ListItem","@id":"https:\/\/www.rucashk.com\/pt\/produto\/mijia-mini-electric-pump-tire-inflator\/#listItem","position":2,"name":"MIJIA Mini\u00a0Electric Pump, Tire Inflator","previousItem":"https:\/\/www.rucashk.com\/pt\/#listItem"}]},{"@type":"Organization","@id":"https:\/\/www.rucashk.com\/pt\/#organization","name":"Rucas","url":"https:\/\/www.rucashk.com\/pt\/","logo":{"@type":"ImageObject","url":"https:\/\/www.rucashk.com\/wp-content\/uploads\/2023\/12\/Rucas_campany_logo.png","@id":"https:\/\/www.rucashk.com\/pt\/produto\/mijia-mini-electric-pump-tire-inflator\/#organizationLogo","width":221,"height":65},"image":{"@id":"https:\/\/www.rucashk.com\/pt\/#organizationLogo"}},{"@type":"Person","@id":"https:\/\/www.rucashk.com\/pt\/author\/admin\/#author","url":"https:\/\/www.rucashk.com\/pt\/author\/admin\/","name":"admin","image":{"@type":"ImageObject","@id":"https:\/\/www.rucashk.com\/pt\/produto\/mijia-mini-electric-pump-tire-inflator\/#authorImage","url":"https:\/\/secure.gravatar.com\/avatar\/b7c8925b09a27e72b30232f8ecaadbd5af0f70a38c78096863fe51b64f031c24?s=96&d=mm&r=g","width":96,"height":96,"caption":"admin"}},{"@type":"WebPage","@id":"https:\/\/www.rucashk.com\/pt\/produto\/mijia-mini-electric-pump-tire-inflator\/#webpage","url":"https:\/\/www.rucashk.com\/pt\/produto\/mijia-mini-electric-pump-tire-inflator\/","name":"MIJIA Mini Electric Pump, Tire Inflator - Rucas - Wholesale and Distribution","description":"Features: Digital display of tire pressure. Preset pressure, stop when charged. Small and portable, easy to carry. Powerful power, multi-purpose machine. It can satisfy the inflating force required by road bicycle and inflate common bicycle tires. There is no need to connect external power-supply when power-bank works. Inflate the ball without repeatedly pressing to check. LEDs lighting, to help you operate under the night. Micro-USB charging interface, compatible with most smartphone charging cables. Fully charged 8 road bike tires, restart speed can be filled with a tire in about 3 minutes. Full power can make up about 5 car tires. Filling speed about 6 minutes to fill a tire.","inLanguage":"pt-PT","isPartOf":{"@id":"https:\/\/www.rucashk.com\/pt\/#website"},"breadcrumb":{"@id":"https:\/\/www.rucashk.com\/pt\/produto\/mijia-mini-electric-pump-tire-inflator\/#breadcrumblist"},"author":{"@id":"https:\/\/www.rucashk.com\/pt\/author\/admin\/#author"},"creator":{"@id":"https:\/\/www.rucashk.com\/pt\/author\/admin\/#author"},"image":{"@type":"ImageObject","url":"https:\/\/www.rucashk.com\/wp-content\/uploads\/2024\/01\/4-7.jpg","@id":"https:\/\/www.rucashk.com\/pt\/produto\/mijia-mini-electric-pump-tire-inflator\/#mainImage","width":800,"height":800},"primaryImageOfPage":{"@id":"https:\/\/www.rucashk.com\/pt\/produto\/mijia-mini-electric-pump-tire-inflator\/#mainImage"},"datePublished":"2024-01-09T15:51:03+00:00","dateModified":"2024-03-13T07:35:06+00:00"},{"@type":"WebSite","@id":"https:\/\/www.rucashk.com\/pt\/#website","url":"https:\/\/www.rucashk.com\/pt\/","name":"Rucas - Wholesale and distribution worldwide","alternateName":"Rucas - One-stop AIoT Distribution Worldwide","description":"One-stop AIoT Distribution Worldwide","inLanguage":"pt-PT","publisher":{"@id":"https:\/\/www.rucashk.com\/pt\/#organization"}}]}},"aioseo_meta_data":{"post_id":"23061","title":null,"description":null,"keywords":null,"keyphrases":null,"primary_term":null,"canonical_url":null,"og_title":null,"og_description":null,"og_object_type":"default","og_image_type":"default","og_image_url":null,"og_image_width":null,"og_image_height":null,"og_image_custom_url":null,"og_image_custom_fields":null,"og_video":null,"og_custom_url":null,"og_article_section":null,"og_article_tags":null,"twitter_use_og":false,"twitter_card":"default","twitter_image_type":"default","twitter_image_url":null,"twitter_image_custom_url":null,"twitter_image_custom_fields":null,"twitter_title":null,"twitter_description":null,"schema":{"blockGraphs":[],"customGraphs":[],"default":{"data":{"Article":[],"Course":[],"Dataset":[],"FAQPage":[],"Movie":[],"Person":[],"Product":[],"Recipe":[],"Service":[],"SoftwareApplication":[],"WebPage":[]},"graphName":"","isEnabled":true},"graphs":[]},"schema_type":"default","schema_type_options":null,"pillar_content":false,"robots_default":true,"robots_noindex":false,"robots_noarchive":false,"robots_nosnippet":false,"robots_nofollow":false,"robots_noimageindex":false,"robots_noodp":false,"robots_notranslate":false,"robots_max_snippet":null,"robots_max_videopreview":null,"robots_max_imagepreview":"large","priority":null,"frequency":null,"local_seo":null,"breadcrumb_settings":null,"limit_modified_date":false,"created":"2024-04-11 01:55:26","updated":"2025-06-22 16:57:16"},"aioseo_breadcrumb":"<div class=\"aioseo-breadcrumbs\"><span class=\"aioseo-breadcrumb\">\n\t<a href=\"https:\/\/www.rucashk.com\/pt\" title=\"Home\">Home<\/a>\n<\/span><span class=\"aioseo-breadcrumb-separator\">&raquo;<\/span><span class=\"aioseo-breadcrumb\">\n\t<a href=\"https:\/\/www.rucashk.com\/pt\/products\/\" title=\"Produtos\">Produtos<\/a>\n<\/span><span class=\"aioseo-breadcrumb-separator\">&raquo;<\/span><span class=\"aioseo-breadcrumb\">\n\t<a href=\"https:\/\/www.rucashk.com\/pt\/categoria-produto\/e-vehicle-accessories\/\" title=\"E-Vehicle Accessories\">E-Vehicle Accessories<\/a>\n<\/span><span class=\"aioseo-breadcrumb-separator\">&raquo;<\/span><span class=\"aioseo-breadcrumb\">\n\t<a href=\"https:\/\/www.rucashk.com\/pt\/categoria-produto\/e-vehicle-accessories\/tire-pressure-monitoring\/\" title=\"Tire Pressure Monitoring\">Tire Pressure Monitoring<\/a>\n<\/span><span class=\"aioseo-breadcrumb-separator\">&raquo;<\/span><span class=\"aioseo-breadcrumb\">\n\tMIJIA Mini\u00a0Electric Pump, Tire Inflator\n<\/span><\/div>","aioseo_breadcrumb_json":[{"label":"Home","link":"https:\/\/www.rucashk.com\/pt"},{"label":"Produtos","link":"https:\/\/www.rucashk.com\/pt\/products\/"},{"label":"E-Vehicle Accessories","link":"https:\/\/www.rucashk.com\/pt\/categoria-produto\/e-vehicle-accessories\/"},{"label":"Tire Pressure Monitoring","link":"https:\/\/www.rucashk.com\/pt\/categoria-produto\/e-vehicle-accessories\/tire-pressure-monitoring\/"},{"label":"MIJIA Mini\u00a0Electric Pump, Tire Inflator","link":"https:\/\/www.rucashk.com\/pt\/produto\/mijia-mini-electric-pump-tire-inflator\/"}],"_links":{"self":[{"href":"https:\/\/www.rucashk.com\/pt\/wp-json\/wp\/v2\/product\/23061","targetHints":{"allow":["GET"]}}],"collection":[{"href":"https:\/\/www.rucashk.com\/pt\/wp-json\/wp\/v2\/product"}],"about":[{"href":"https:\/\/www.rucashk.com\/pt\/wp-json\/wp\/v2\/types\/product"}],"wp:featuredmedia":[{"embeddable":true,"href":"https:\/\/www.rucashk.com\/pt\/wp-json\/wp\/v2\/media\/23157"}],"wp:attachment":[{"href":"https:\/\/www.rucashk.com\/pt\/wp-json\/wp\/v2\/media?parent=23061"}],"wp:term":[{"taxonomy":"product_brand","embeddable":true,"href":"https:\/\/www.rucashk.com\/pt\/wp-json\/wp\/v2\/product_brand?post=23061"},{"taxonomy":"product_cat","embeddable":true,"href":"https:\/\/www.rucashk.com\/pt\/wp-json\/wp\/v2\/product_cat?post=23061"},{"taxonomy":"product_tag","embeddable":true,"href":"https:\/\/www.rucashk.com\/pt\/wp-json\/wp\/v2\/product_tag?post=23061"}],"curies":[{"name":"wp","href":"https:\/\/api.w.org\/{rel}","templated":true}]}}