{"id":23058,"date":"2024-01-09T15:51:03","date_gmt":"2024-01-09T15:51:03","guid":{"rendered":"http:\/\/rucashk.com\/?post_type=product&#038;p=23058"},"modified":"2024-03-11T07:41:31","modified_gmt":"2024-03-11T07:41:31","slug":"xiaomi-9t-mobile-phone","status":"publish","type":"product","link":"https:\/\/www.rucashk.com\/pt\/produto\/xiaomi-9t-mobile-phone\/","title":{"rendered":"Celular Xiaomi 9t"},"content":{"rendered":"<p><img decoding=\"async\" class=\"aligncenter\" src=\"\/wp-content\/uploads\/replace\/5c694bd01b06e1be1a97fabd299bb110.jpeg\" alt=\"Xiaomi Mi 9T 64GB 6GB Ram (FACTORY UNLOCKED) 6.39&quot; 48MP - International Model - Glacier blue 0\" \/><\/p>\n<p><img decoding=\"async\" class=\"aligncenter\" src=\"\/wp-content\/uploads\/replace\/f74acce2e7e0e1c500b2a1d3f32732e9.jpeg\" alt=\"Xiaomi Mi 9T 64GB 6GB Ram (FACTORY UNLOCKED) 6.39&quot; 48MP - International Model - Glacier blue 4\" \/><\/p>\n<p><img decoding=\"async\" class=\"aligncenter\" src=\"\/wp-content\/uploads\/replace\/e80756e2b492a589082ab60da5c7e567.jpeg\" alt=\"Xiaomi Mi 9T 64GB 6GB Ram (FACTORY UNLOCKED) 6.39&quot; 48MP - International Model - Glacier blue 5\" \/><\/p>\n<div class=\"r-accordion is-mobile-only\">\n<div class=\"r-accordion__child r-shop__merchant-content\">\n<p><strong>Caracter\u00edsticas<\/strong><\/p>\n<ul>\n<li>EXIBI\u00c7\u00c3O: AMOLED<\/li>\n<li>Tamanho: 6,39 polegadas<\/li>\n<li>Resolu\u00e7\u00e3o: 1080 x 2340 pixels<\/li>\n<li>Prote\u00e7\u00e3o: Corning Gorilla Glass 5<\/li>\n<li>SO: Android 9.0 (Torta); MIUI 10<\/li>\n<li>Chipset: Qualcomm Snapdragon 730<\/li>\n<li>MEM\u00d3RIA: 64 GB, <a class=\"\" style=\"width: auto !important\" href=\"https:\/\/www.rucashk.com\/pt\/produto\/xiaomi-pocophone-f1-64gb-6gb-ram-dual-camera\/\" data-wpil-post-to-id=\"11721\">6 GB de RAM<\/a><\/li>\n<li>C\u00c2MERA PRINCIPAL: 48 MP, f\/1.8, 26mm (grande angular)<\/li>\n<li>8 MP, f\/2.4, 53mm (telefoto), 1\/4\u2033, 1,12\u00b5m, PDAF, 2x <a class=\"\" style=\"width: auto !important\" href=\"https:\/\/www.rucashk.com\/pt\/highly-recommendation-xiaomi-cc10-supports-an-amazing-120-times-optical-zoom\/\" data-wpil-post-to-id=\"11279\">zoom \u00f3tico<\/a><\/li>\n<li>13 MP, f\/2.4, 12mm (ultra amplo)<\/li>\n<li>V\u00eddeo: 2160p a 30fps, 1080p a 30\/120\/240fps 4k<\/li>\n<li>C\u00c2MERA SELFIE: pop-up motorizada de 20 MP<\/li>\n<li>BATERIA: 4000mAh<\/li>\n<li><a class=\"\" style=\"width: auto !important\" href=\"https:\/\/www.rucashk.com\/pt\/produto\/wiko-view4-lite\/\" data-wpil-post-to-id=\"5614\">Sim duplo<\/a><\/li>\n<li>Modelo Internacional<\/li>\n<\/ul>\n<p><strong>Rede<\/strong><\/p>\n<ul>\n<li>Este telefone \u00e9 compat\u00edvel com todas as redes GSM, como T-mobile, ATT, Metro Pcs e todas as outras redes GSM.<\/li>\n<li>N\u00c3O Compat\u00edvel com: Redes CDMA (Verizon, Sprint, etc.)<\/li>\n<li>TecnologiaGSM\/HSPA\/LTE<\/li>\n<li>Bandas 2GGSM 850\/900\/1800\/1900 \u2013 SIM 1 e SIM 2<\/li>\n<li>Bandas 3GHSDPA 850\/900\/1700(AWS)\/1900\/2100<\/li>\n<li>Bandas 4GBanda LTE 1(2100), 2(1900), 3(1800), 4(1700\/2100), 5(850), 7(2600), 8(900), 20(800), 28(700), 38(2600), 40(2300)<\/li>\n<li>VelocidadeHSPA 42,2\/5,76 Mbps, LTE-A<\/li>\n<\/ul>\n<\/div>\n<\/div>\n<div class=\"r-accordion is-mobile-only\">\n<h2 id=\"\" class=\"r-accordion__title\">Especifica\u00e7\u00f5es<\/h2>\n<div class=\"r-accordion__child\">\n<table class=\"r-product-page__table\">\n<tbody>\n<tr>\n<th>Fabricante<\/th>\n<td>Xiaomi<\/td>\n<\/tr>\n<tr>\n<th>MPN<\/th>\n<td><a class=\"\" style=\"width: auto !important\" href=\"https:\/\/www.rucashk.com\/pt\/xiaomi-mi-9t-pro-officially-coming-to-europe-on-august-20\/\" data-wpil-post-to-id=\"1751\">Meu 9T<\/a><\/td>\n<\/tr>\n<tr>\n<th>SKU base<\/th>\n<td>bzf3eidm7<\/td>\n<\/tr>\n<tr>\n<th>EAN<\/th>\n<td>6941059619420<\/td>\n<\/tr>\n<\/tbody>\n<\/table>\n<\/div>\n<\/div>","protected":false},"excerpt":{"rendered":"<p><strong>Processador<\/strong>: Qualcomm SDM730 Snapdragon<\/p>\n<p><strong>BATER<\/strong>: 6GB<\/p>\n<p><strong>Armazenar<\/strong>: 64 GB e 128 GB<\/p>\n<p><strong>Mostrar<\/strong>: 6,39 polegadas<\/p>\n<p><strong>C\u00e2mera<\/strong>: 48 MP, f\/1.8, 26mm (wide), 1\/2&#8243;<\/p>\n<p><strong>Bateria<\/strong>: L\u00edtio n\u00e3o remov\u00edvel de 4000 mAh<\/p>","protected":false},"featured_media":23136,"template":"","meta":[],"product_brand":[],"product_cat":[1295,1296],"product_tag":[],"class_list":{"0":"post-23058","1":"product","2":"type-product","3":"status-publish","4":"has-post-thumbnail","6":"product_cat-mobile-phone","7":"product_cat-xiaomi-mobile-phone","9":"first","10":"instock","11":"shipping-taxable","12":"product-type-external"},"aioseo_notices":[],"aioseo_head":"\n\t\t<!-- All in One SEO Pro 4.5.9.2 - aioseo.com -->\n\t\t<meta name=\"description\" content=\"Processor: Qualcomm SDM730 Snapdragon RAM: 6 GB Storage: 64 GB and 128 GB Display: 6.39 inches Camera: 48 MP, f\/1.8, 26mm (wide), 1\/2&quot; Battery: Non-Removable 4000 mAh Lithium-\" \/>\n\t\t<meta name=\"robots\" content=\"max-image-preview:large\" \/>\n\t\t<link rel=\"canonical\" href=\"https:\/\/www.rucashk.com\/pt\/produto\/xiaomi-9t-mobile-phone\/\" \/>\n\t\t<meta name=\"generator\" content=\"All in One SEO Pro (AIOSEO) 4.5.9.2\" \/>\n\t\t<meta property=\"og:locale\" content=\"pt_PT\" \/>\n\t\t<meta property=\"og:site_name\" content=\"Rucas - One-stop AIoT Distribution Worldwide\" \/>\n\t\t<meta property=\"og:type\" content=\"article\" \/>\n\t\t<meta property=\"og:title\" content=\"Xiaomi 9t Mobile Phone - Rucas - Wholesale and Distribution\" \/>\n\t\t<meta property=\"og:description\" content=\"Processor: Qualcomm SDM730 Snapdragon RAM: 6 GB Storage: 64 GB and 128 GB Display: 6.39 inches Camera: 48 MP, f\/1.8, 26mm (wide), 1\/2&quot; Battery: Non-Removable 4000 mAh Lithium-\" \/>\n\t\t<meta property=\"og:url\" content=\"https:\/\/www.rucashk.com\/pt\/produto\/xiaomi-9t-mobile-phone\/\" \/>\n\t\t<meta property=\"og:image\" content=\"https:\/\/www.rucashk.com\/wp-content\/uploads\/replace\/503b8e645f128a97ccde2b6290747646.jpeg\" \/>\n\t\t<meta property=\"og:image:secure_url\" content=\"https:\/\/www.rucashk.com\/wp-content\/uploads\/replace\/503b8e645f128a97ccde2b6290747646.jpeg\" \/>\n\t\t<meta property=\"og:image:width\" content=\"1456\" \/>\n\t\t<meta property=\"og:image:height\" content=\"816\" \/>\n\t\t<meta property=\"article:published_time\" content=\"2024-01-09T15:51:03+00:00\" \/>\n\t\t<meta property=\"article:modified_time\" content=\"2024-03-11T07:41:31+00:00\" \/>\n\t\t<meta name=\"twitter:card\" content=\"summary_large_image\" \/>\n\t\t<meta name=\"twitter:title\" content=\"Xiaomi 9t Mobile Phone - Rucas - Wholesale and Distribution\" \/>\n\t\t<meta name=\"twitter:description\" content=\"Processor: Qualcomm SDM730 Snapdragon RAM: 6 GB Storage: 64 GB and 128 GB Display: 6.39 inches Camera: 48 MP, f\/1.8, 26mm (wide), 1\/2&quot; Battery: Non-Removable 4000 mAh Lithium-\" \/>\n\t\t<meta name=\"twitter:image\" content=\"https:\/\/www.rucashk.com\/wp-content\/uploads\/replace\/503b8e645f128a97ccde2b6290747646.jpeg\" \/>\n\t\t<script type=\"application\/ld+json\" class=\"aioseo-schema\">\n\t\t\t{\"@context\":\"https:\\\/\\\/schema.org\",\"@graph\":[{\"@type\":\"BreadcrumbList\",\"@id\":\"https:\\\/\\\/www.rucashk.com\\\/pt\\\/produto\\\/xiaomi-9t-mobile-phone\\\/#breadcrumblist\",\"itemListElement\":[{\"@type\":\"ListItem\",\"@id\":\"https:\\\/\\\/www.rucashk.com\\\/pt\\\/#listItem\",\"position\":1,\"name\":\"Home\",\"item\":\"https:\\\/\\\/www.rucashk.com\\\/pt\\\/\",\"nextItem\":\"https:\\\/\\\/www.rucashk.com\\\/pt\\\/produto\\\/xiaomi-9t-mobile-phone\\\/#listItem\"},{\"@type\":\"ListItem\",\"@id\":\"https:\\\/\\\/www.rucashk.com\\\/pt\\\/produto\\\/xiaomi-9t-mobile-phone\\\/#listItem\",\"position\":2,\"name\":\"Xiaomi 9t Mobile Phone\",\"previousItem\":\"https:\\\/\\\/www.rucashk.com\\\/pt\\\/#listItem\"}]},{\"@type\":\"Organization\",\"@id\":\"https:\\\/\\\/www.rucashk.com\\\/pt\\\/#organization\",\"name\":\"Rucas\",\"url\":\"https:\\\/\\\/www.rucashk.com\\\/pt\\\/\",\"logo\":{\"@type\":\"ImageObject\",\"url\":\"https:\\\/\\\/www.rucashk.com\\\/wp-content\\\/uploads\\\/2023\\\/12\\\/Rucas_campany_logo.png\",\"@id\":\"https:\\\/\\\/www.rucashk.com\\\/pt\\\/produto\\\/xiaomi-9t-mobile-phone\\\/#organizationLogo\",\"width\":221,\"height\":65},\"image\":{\"@id\":\"https:\\\/\\\/www.rucashk.com\\\/pt\\\/#organizationLogo\"}},{\"@type\":\"Person\",\"@id\":\"https:\\\/\\\/www.rucashk.com\\\/pt\\\/author\\\/admin\\\/#author\",\"url\":\"https:\\\/\\\/www.rucashk.com\\\/pt\\\/author\\\/admin\\\/\",\"name\":\"admin\",\"image\":{\"@type\":\"ImageObject\",\"@id\":\"https:\\\/\\\/www.rucashk.com\\\/pt\\\/produto\\\/xiaomi-9t-mobile-phone\\\/#authorImage\",\"url\":\"https:\\\/\\\/secure.gravatar.com\\\/avatar\\\/b7c8925b09a27e72b30232f8ecaadbd5af0f70a38c78096863fe51b64f031c24?s=96&d=mm&r=g\",\"width\":96,\"height\":96,\"caption\":\"admin\"}},{\"@type\":\"WebPage\",\"@id\":\"https:\\\/\\\/www.rucashk.com\\\/pt\\\/produto\\\/xiaomi-9t-mobile-phone\\\/#webpage\",\"url\":\"https:\\\/\\\/www.rucashk.com\\\/pt\\\/produto\\\/xiaomi-9t-mobile-phone\\\/\",\"name\":\"Xiaomi 9t Mobile Phone - Rucas - Wholesale and Distribution\",\"description\":\"Processor: Qualcomm SDM730 Snapdragon RAM: 6 GB Storage: 64 GB and 128 GB Display: 6.39 inches Camera: 48 MP, f\\\/1.8, 26mm (wide), 1\\\/2\\\" Battery: Non-Removable 4000 mAh Lithium-\",\"inLanguage\":\"pt-PT\",\"isPartOf\":{\"@id\":\"https:\\\/\\\/www.rucashk.com\\\/pt\\\/#website\"},\"breadcrumb\":{\"@id\":\"https:\\\/\\\/www.rucashk.com\\\/pt\\\/produto\\\/xiaomi-9t-mobile-phone\\\/#breadcrumblist\"},\"author\":{\"@id\":\"https:\\\/\\\/www.rucashk.com\\\/pt\\\/author\\\/admin\\\/#author\"},\"creator\":{\"@id\":\"https:\\\/\\\/www.rucashk.com\\\/pt\\\/author\\\/admin\\\/#author\"},\"image\":{\"@type\":\"ImageObject\",\"url\":\"https:\\\/\\\/www.rucashk.com\\\/wp-content\\\/uploads\\\/2024\\\/01\\\/xiaomi-9t.jpg\",\"@id\":\"https:\\\/\\\/www.rucashk.com\\\/pt\\\/produto\\\/xiaomi-9t-mobile-phone\\\/#mainImage\",\"width\":506,\"height\":469},\"primaryImageOfPage\":{\"@id\":\"https:\\\/\\\/www.rucashk.com\\\/pt\\\/produto\\\/xiaomi-9t-mobile-phone\\\/#mainImage\"},\"datePublished\":\"2024-01-09T15:51:03+00:00\",\"dateModified\":\"2024-03-11T07:41:31+00:00\"},{\"@type\":\"WebSite\",\"@id\":\"https:\\\/\\\/www.rucashk.com\\\/pt\\\/#website\",\"url\":\"https:\\\/\\\/www.rucashk.com\\\/pt\\\/\",\"name\":\"Rucas - Wholesale and distribution worldwide\",\"alternateName\":\"Rucas - One-stop AIoT Distribution Worldwide\",\"description\":\"One-stop AIoT Distribution Worldwide\",\"inLanguage\":\"pt-PT\",\"publisher\":{\"@id\":\"https:\\\/\\\/www.rucashk.com\\\/pt\\\/#organization\"}}]}\n\t\t<\/script>\n\t\t<!-- All in One SEO Pro -->\r\n\t\t<title>Xiaomi 9t Mobile Phone - Rucas - Wholesale and Distribution<\/title>\n\n","aioseo_head_json":{"title":"Xiaomi 9t Mobile Phone - Rucas - Wholesale and Distribution","description":"Processor: Qualcomm SDM730 Snapdragon RAM: 6 GB Storage: 64 GB and 128 GB Display: 6.39 inches Camera: 48 MP, f\/1.8, 26mm (wide), 1\/2\" Battery: Non-Removable 4000 mAh Lithium-","canonical_url":"https:\/\/www.rucashk.com\/pt\/produto\/xiaomi-9t-mobile-phone\/","robots":"max-image-preview:large","keywords":"","webmasterTools":{"miscellaneous":""},"og:locale":"pt_PT","og:site_name":"Rucas - One-stop AIoT Distribution Worldwide","og:type":"article","og:title":"Xiaomi 9t Mobile Phone - Rucas - Wholesale and Distribution","og:description":"Processor: Qualcomm SDM730 Snapdragon RAM: 6 GB Storage: 64 GB and 128 GB Display: 6.39 inches Camera: 48 MP, f\/1.8, 26mm (wide), 1\/2&quot; Battery: Non-Removable 4000 mAh Lithium-","og:url":"https:\/\/www.rucashk.com\/pt\/produto\/xiaomi-9t-mobile-phone\/","og:image":"https:\/\/www.rucashk.com\/wp-content\/uploads\/replace\/503b8e645f128a97ccde2b6290747646.jpeg","og:image:secure_url":"https:\/\/www.rucashk.com\/wp-content\/uploads\/replace\/503b8e645f128a97ccde2b6290747646.jpeg","og:image:width":1456,"og:image:height":816,"article:published_time":"2024-01-09T15:51:03+00:00","article:modified_time":"2024-03-11T07:41:31+00:00","twitter:card":"summary_large_image","twitter:title":"Xiaomi 9t Mobile Phone - Rucas - Wholesale and Distribution","twitter:description":"Processor: Qualcomm SDM730 Snapdragon RAM: 6 GB Storage: 64 GB and 128 GB Display: 6.39 inches Camera: 48 MP, f\/1.8, 26mm (wide), 1\/2&quot; Battery: Non-Removable 4000 mAh Lithium-","twitter:image":"https:\/\/www.rucashk.com\/wp-content\/uploads\/replace\/503b8e645f128a97ccde2b6290747646.jpeg","schema":{"@context":"https:\/\/schema.org","@graph":[{"@type":"BreadcrumbList","@id":"https:\/\/www.rucashk.com\/pt\/produto\/xiaomi-9t-mobile-phone\/#breadcrumblist","itemListElement":[{"@type":"ListItem","@id":"https:\/\/www.rucashk.com\/pt\/#listItem","position":1,"name":"Home","item":"https:\/\/www.rucashk.com\/pt\/","nextItem":"https:\/\/www.rucashk.com\/pt\/produto\/xiaomi-9t-mobile-phone\/#listItem"},{"@type":"ListItem","@id":"https:\/\/www.rucashk.com\/pt\/produto\/xiaomi-9t-mobile-phone\/#listItem","position":2,"name":"Xiaomi 9t Mobile Phone","previousItem":"https:\/\/www.rucashk.com\/pt\/#listItem"}]},{"@type":"Organization","@id":"https:\/\/www.rucashk.com\/pt\/#organization","name":"Rucas","url":"https:\/\/www.rucashk.com\/pt\/","logo":{"@type":"ImageObject","url":"https:\/\/www.rucashk.com\/wp-content\/uploads\/2023\/12\/Rucas_campany_logo.png","@id":"https:\/\/www.rucashk.com\/pt\/produto\/xiaomi-9t-mobile-phone\/#organizationLogo","width":221,"height":65},"image":{"@id":"https:\/\/www.rucashk.com\/pt\/#organizationLogo"}},{"@type":"Person","@id":"https:\/\/www.rucashk.com\/pt\/author\/admin\/#author","url":"https:\/\/www.rucashk.com\/pt\/author\/admin\/","name":"admin","image":{"@type":"ImageObject","@id":"https:\/\/www.rucashk.com\/pt\/produto\/xiaomi-9t-mobile-phone\/#authorImage","url":"https:\/\/secure.gravatar.com\/avatar\/b7c8925b09a27e72b30232f8ecaadbd5af0f70a38c78096863fe51b64f031c24?s=96&d=mm&r=g","width":96,"height":96,"caption":"admin"}},{"@type":"WebPage","@id":"https:\/\/www.rucashk.com\/pt\/produto\/xiaomi-9t-mobile-phone\/#webpage","url":"https:\/\/www.rucashk.com\/pt\/produto\/xiaomi-9t-mobile-phone\/","name":"Xiaomi 9t Mobile Phone - Rucas - Wholesale and Distribution","description":"Processor: Qualcomm SDM730 Snapdragon RAM: 6 GB Storage: 64 GB and 128 GB Display: 6.39 inches Camera: 48 MP, f\/1.8, 26mm (wide), 1\/2\" Battery: Non-Removable 4000 mAh Lithium-","inLanguage":"pt-PT","isPartOf":{"@id":"https:\/\/www.rucashk.com\/pt\/#website"},"breadcrumb":{"@id":"https:\/\/www.rucashk.com\/pt\/produto\/xiaomi-9t-mobile-phone\/#breadcrumblist"},"author":{"@id":"https:\/\/www.rucashk.com\/pt\/author\/admin\/#author"},"creator":{"@id":"https:\/\/www.rucashk.com\/pt\/author\/admin\/#author"},"image":{"@type":"ImageObject","url":"https:\/\/www.rucashk.com\/wp-content\/uploads\/2024\/01\/xiaomi-9t.jpg","@id":"https:\/\/www.rucashk.com\/pt\/produto\/xiaomi-9t-mobile-phone\/#mainImage","width":506,"height":469},"primaryImageOfPage":{"@id":"https:\/\/www.rucashk.com\/pt\/produto\/xiaomi-9t-mobile-phone\/#mainImage"},"datePublished":"2024-01-09T15:51:03+00:00","dateModified":"2024-03-11T07:41:31+00:00"},{"@type":"WebSite","@id":"https:\/\/www.rucashk.com\/pt\/#website","url":"https:\/\/www.rucashk.com\/pt\/","name":"Rucas - Wholesale and distribution worldwide","alternateName":"Rucas - One-stop AIoT Distribution Worldwide","description":"One-stop AIoT Distribution Worldwide","inLanguage":"pt-PT","publisher":{"@id":"https:\/\/www.rucashk.com\/pt\/#organization"}}]}},"aioseo_meta_data":{"post_id":"23058","title":null,"description":null,"keywords":null,"keyphrases":null,"primary_term":null,"canonical_url":null,"og_title":null,"og_description":null,"og_object_type":"default","og_image_type":"default","og_image_url":null,"og_image_width":null,"og_image_height":null,"og_image_custom_url":null,"og_image_custom_fields":null,"og_video":null,"og_custom_url":null,"og_article_section":null,"og_article_tags":null,"twitter_use_og":false,"twitter_card":"default","twitter_image_type":"default","twitter_image_url":null,"twitter_image_custom_url":null,"twitter_image_custom_fields":null,"twitter_title":null,"twitter_description":null,"schema":{"blockGraphs":[],"customGraphs":[],"default":{"data":{"Article":[],"Course":[],"Dataset":[],"FAQPage":[],"Movie":[],"Person":[],"Product":[],"Recipe":[],"Service":[],"SoftwareApplication":[],"WebPage":[]},"graphName":"","isEnabled":true},"graphs":[]},"schema_type":"default","schema_type_options":null,"pillar_content":false,"robots_default":true,"robots_noindex":false,"robots_noarchive":false,"robots_nosnippet":false,"robots_nofollow":false,"robots_noimageindex":false,"robots_noodp":false,"robots_notranslate":false,"robots_max_snippet":null,"robots_max_videopreview":null,"robots_max_imagepreview":"large","priority":null,"frequency":null,"local_seo":null,"breadcrumb_settings":null,"limit_modified_date":false,"created":"2024-04-11 01:55:26","updated":"2025-06-22 16:57:15"},"aioseo_breadcrumb":"<div class=\"aioseo-breadcrumbs\"><span class=\"aioseo-breadcrumb\">\n\t<a href=\"https:\/\/www.rucashk.com\/pt\" title=\"Home\">Home<\/a>\n<\/span><span class=\"aioseo-breadcrumb-separator\">&raquo;<\/span><span class=\"aioseo-breadcrumb\">\n\t<a href=\"https:\/\/www.rucashk.com\/pt\/products\/\" title=\"Produtos\">Produtos<\/a>\n<\/span><span class=\"aioseo-breadcrumb-separator\">&raquo;<\/span><span class=\"aioseo-breadcrumb\">\n\t<a href=\"https:\/\/www.rucashk.com\/pt\/categoria-produto\/mobile-phone\/\" title=\"Mobile Phone\">Mobile Phone<\/a>\n<\/span><span class=\"aioseo-breadcrumb-separator\">&raquo;<\/span><span class=\"aioseo-breadcrumb\">\n\t<a href=\"https:\/\/www.rucashk.com\/pt\/categoria-produto\/mobile-phone\/xiaomi-mobile-phone\/\" title=\"Xiaomi\">Xiaomi<\/a>\n<\/span><span class=\"aioseo-breadcrumb-separator\">&raquo;<\/span><span class=\"aioseo-breadcrumb\">\n\tXiaomi 9t Mobile Phone\n<\/span><\/div>","aioseo_breadcrumb_json":[{"label":"Home","link":"https:\/\/www.rucashk.com\/pt"},{"label":"Produtos","link":"https:\/\/www.rucashk.com\/pt\/products\/"},{"label":"Mobile Phone","link":"https:\/\/www.rucashk.com\/pt\/categoria-produto\/mobile-phone\/"},{"label":"Xiaomi","link":"https:\/\/www.rucashk.com\/pt\/categoria-produto\/mobile-phone\/xiaomi-mobile-phone\/"},{"label":"Xiaomi 9t Mobile Phone","link":"https:\/\/www.rucashk.com\/pt\/produto\/xiaomi-9t-mobile-phone\/"}],"_links":{"self":[{"href":"https:\/\/www.rucashk.com\/pt\/wp-json\/wp\/v2\/product\/23058","targetHints":{"allow":["GET"]}}],"collection":[{"href":"https:\/\/www.rucashk.com\/pt\/wp-json\/wp\/v2\/product"}],"about":[{"href":"https:\/\/www.rucashk.com\/pt\/wp-json\/wp\/v2\/types\/product"}],"wp:featuredmedia":[{"embeddable":true,"href":"https:\/\/www.rucashk.com\/pt\/wp-json\/wp\/v2\/media\/23136"}],"wp:attachment":[{"href":"https:\/\/www.rucashk.com\/pt\/wp-json\/wp\/v2\/media?parent=23058"}],"wp:term":[{"taxonomy":"product_brand","embeddable":true,"href":"https:\/\/www.rucashk.com\/pt\/wp-json\/wp\/v2\/product_brand?post=23058"},{"taxonomy":"product_cat","embeddable":true,"href":"https:\/\/www.rucashk.com\/pt\/wp-json\/wp\/v2\/product_cat?post=23058"},{"taxonomy":"product_tag","embeddable":true,"href":"https:\/\/www.rucashk.com\/pt\/wp-json\/wp\/v2\/product_tag?post=23058"}],"curies":[{"name":"wp","href":"https:\/\/api.w.org\/{rel}","templated":true}]}}