{"id":23057,"date":"2024-01-09T15:51:02","date_gmt":"2024-01-09T15:51:02","guid":{"rendered":"http:\/\/rucashk.com\/?post_type=product&#038;p=23057"},"modified":"2024-03-13T07:38:20","modified_gmt":"2024-03-13T07:38:20","slug":"xiaomi-doctor-b-toothbrush","status":"publish","type":"product","link":"https:\/\/www.rucashk.com\/pt\/produto\/xiaomi-doctor-b-toothbrush\/","title":{"rendered":"Escova de dentes Xiaomi Doctor B"},"content":{"rendered":"<h2 style=\"text-align: center\">Escova de dentes Xiaomi Doctor B<\/h2>\n<p><img decoding=\"async\" alt=\"Xiaomi\u00a0Doctor B Toothbrush\" class=\"aligncenter\" src=\"\/wp-content\/uploads\/replace\/7f79487fe53f1c889c17533f406030d5.jpeg\" \/><img decoding=\"async\" alt=\"Xiaomi\u00a0Doctor B Toothbrush\" class=\"aligncenter\" src=\"\/wp-content\/uploads\/replace\/61ea1f808b6d6c69c588c151773801ef.jpeg\" \/><img decoding=\"async\" alt=\"Xiaomi\u00a0Doctor B Toothbrush\" class=\"aligncenter\" src=\"\/wp-content\/uploads\/replace\/f6b1af54b1843be876cab69a3a381627.jpeg\" \/><img decoding=\"async\" alt=\"Xiaomi\u00a0Doctor B Toothbrush\" class=\"aligncenter\" src=\"\/wp-content\/uploads\/replace\/9640f3dad8a99bb5764f7cc811c141d9.jpeg\" \/><img decoding=\"async\" alt=\"Xiaomi\u00a0Doctor B Toothbrush\" class=\"aligncenter\" src=\"\/wp-content\/uploads\/replace\/16825fcda5829a40f049c436761133a5.jpeg\" \/><img decoding=\"async\" alt=\"Xiaomi\u00a0Doctor B Toothbrush\" class=\"aligncenter\" src=\"\/wp-content\/uploads\/replace\/8cb6147cd2bbb362967dfc47539f0335.jpeg\" \/><img decoding=\"async\" alt=\"Xiaomi\u00a0Doctor B Toothbrush\" class=\"aligncenter\" src=\"\/wp-content\/uploads\/replace\/46631f0cb70a54c2d4a0fc93ad79119d.jpeg\" \/><img decoding=\"async\" alt=\"Xiaomi\u00a0Doctor B Toothbrush\" class=\"aligncenter\" src=\"\/wp-content\/uploads\/replace\/4a39f5acaecb47349f5fc7482273f2f8.jpeg\" \/><img decoding=\"async\" alt=\"Xiaomi\u00a0Doctor B Toothbrush\" class=\"aligncenter\" src=\"\/wp-content\/uploads\/replace\/84657dfae05f149429590b166a8919ab.jpeg\" \/><img decoding=\"async\" alt=\"Xiaomi\u00a0Doctor B Toothbrush\" class=\"aligncenter\" src=\"\/wp-content\/uploads\/replace\/161b1d2e9f1dbc6d07c0c88868381d1c.jpeg\" \/><img decoding=\"async\" alt=\"Xiaomi\u00a0Doctor B Toothbrush\" class=\"aligncenter\" src=\"\/wp-content\/uploads\/replace\/7cf519acd7c8ce03114b27422a38db02.jpeg\" \/><img decoding=\"async\" alt=\"Xiaomi\u00a0Doctor B Toothbrush\" class=\"aligncenter\" src=\"\/wp-content\/uploads\/replace\/f5c38143fe6ab79682cd7160a66b57b3.jpeg\" \/><img decoding=\"async\" alt=\"Xiaomi\u00a0Doctor B Toothbrush\" class=\"aligncenter\" src=\"\/wp-content\/uploads\/replace\/62b77d3dce9f64a97a978b300c193b89.jpeg\" \/><img decoding=\"async\" alt=\"Xiaomi\u00a0Doctor B Toothbrush\" class=\"aligncenter\" src=\"\/wp-content\/uploads\/replace\/89a6778c97455cac56cb40b1c0c8b666.jpeg\" \/><img decoding=\"async\" alt=\"Xiaomi\u00a0Doctor B Toothbrush\" class=\"aligncenter\" src=\"\/wp-content\/uploads\/replace\/e9933e98b213415555c9015a4fc08393.jpeg\" \/><img decoding=\"async\" alt=\"Xiaomi\u00a0Doctor B Toothbrush\" class=\"aligncenter\" src=\"\/wp-content\/uploads\/replace\/9e965d80ab5613b333ba39432907a301.jpeg\" \/><img decoding=\"async\" alt=\"Xiaomi\u00a0Doctor B Toothbrush\" class=\"aligncenter\" src=\"\/wp-content\/uploads\/replace\/96d09b5f3081f50fecee333bbe7967c3.jpeg\" \/><\/p>\n<p>Descri\u00e7\u00e3o:<\/p>\n<p>Ol\u00e1, amantes naturais da casa. A\u00ed vem nosso novo pacote de 1 unidade <a href=\"https:\/\/www.rucashk.com\/pt\/produto\/xiaomi-jimmy-jv51-cordless-stick-vacuum-cleaner\/\" class=\"\" style=\"width: auto !important\" data-wpil-post-to-id=\"1915\">Limpeza profunda Xiaomi DOCTOR-B<\/a> Escova de dentes, feita de cerdas de alta densidade e material de ader\u00eancia de qualidade alimentar, oferece uma maneira simples, mas pr\u00e1tica de escovar os dentes para voc\u00ea. N\u00e3o se preocupe mais com a queda das cerdas, esta escova de dentes adota uma fatia de n\u00edquel-prata para fixar as cerdas.<\/p>\n<p>Principais caracter\u00edsticas:<br \/>\nCerdas premium de alta densidade<br \/>\nCerdas macias de alto-baixo, antibacterianas e dur\u00e1veis, v\u00e3o <a href=\"https:\/\/www.rucashk.com\/pt\/produto\/inface-ultrasonic-facial-skin-scrubber-ion-deep-face-cleaning\/\" class=\"\" style=\"width: auto !important\" data-wpil-post-to-id=\"9600\">profundamente nos dentes do siso, lacunas nas gengivas e limpe rapidamente<\/a> placas dent\u00e1rias<br \/>\nFatia de n\u00edquel-prata fixa as cerdas<br \/>\nAlta qualidade e resistente \u00e0 corros\u00e3o, n\u00e3o \u00e9 f\u00e1cil de cultivar bact\u00e9rias, evitando a perda de cerdas<br \/>\nCorpo completo de materiais de qualidade alimentar<br \/>\nAl\u00e9m das cerdas, o pesco\u00e7o, a empunhadura e <a href=\"https:\/\/www.rucashk.com\/pt\/cervical-spondylosis-hurts-the-whole-body-xiaomi-youpin-and-has-sold-more-than-500000-massage-machines\/\" class=\"\" style=\"width: auto !important\" data-wpil-post-to-id=\"8642\">O corpo desta escova de dentes \u00e9 todo feito de material PP de qualidade alimentar para garantir sua seguran\u00e7a, suave e limpo, n\u00e3o vai doer<\/a> sua cavidade oral<br \/>\nSuave <a class=\"\" style=\"width: auto !important\" href=\"https:\/\/www.rucashk.com\/pt\/produto\/xiaomi-so-white-ex3-toothbrush-heads-soocas-electric-sonic-ultrasonic-automatic-tooth-brush\/\" data-wpil-post-to-id=\"10256\">cabe\u00e7a de escova de dentes<\/a><br \/>\nCabe\u00e7a redonda e lisa, tamanho mini \u00e9 f\u00e1cil de limpar as \u00e1reas dent\u00e1rias de dif\u00edcil acesso, bordas lisas reduzem a sensa\u00e7\u00e3o desconfort\u00e1vel comum de <a href=\"https:\/\/www.rucashk.com\/pt\/produto\/xiaomi-mijia-sonic-brush-teeth-child-kid-automatic-toothbrush\/\" class=\"\" style=\"width: auto !important\" data-wpil-post-to-id=\"9748\">escovando os dentes<\/a><br \/>\nDesign port\u00e1til cient\u00edfico<br \/>\nLeve e compacto, simples e pr\u00e1tico, f\u00e1cil de realizar<\/p>","protected":false},"excerpt":{"rendered":"<p><strong>Especifica\u00e7\u00f5es:<\/strong><\/p>\n<ul class=\"product-specs-list util-clearfix\">\n<li class=\"product-prop line-limit-length\"><span class=\"property-title\" data-spm-anchor-id=\"a2g0o.detail.0.i8.1bf9410a3WJP7N\">Marca: <\/span><span class=\"property-desc line-limit-length\" title=\"Xiaomi\">Xiaomi<\/span><\/li>\n<li class=\"product-prop line-limit-length\"><span class=\"property-title\">Certifica\u00e7\u00e3o de Qualidade de Mercadorias:\u00a0<\/span><span class=\"property-desc line-limit-length\" title=\"3C\">3C<\/span><\/li>\n<li class=\"product-prop line-limit-length\"><span class=\"property-title\">Grupo de idade:\u00a0<\/span><span class=\"property-desc line-limit-length\" title=\"Adultos\">Adultos<\/span><\/li>\n<li class=\"product-prop line-limit-length\"><span class=\"property-title\">Tamanho:\u00a0<\/span><span class=\"property-desc line-limit-length\" title=\"Peso 11g\">Peso 11g<\/span><\/li>\n<li class=\"product-prop line-limit-length\"><span class=\"property-title\">Tipo de item:\u00a0<\/span><span class=\"property-desc line-limit-length\" title=\"Escova de dentes el\u00e9trica\">Escova de dentes el\u00e9trica<\/span><\/li>\n<li class=\"product-prop line-limit-length\"><span class=\"property-title\">Tipo:\u00a0<\/span><span class=\"property-desc line-limit-length\" title=\"Tipo de rota\u00e7\u00e3o\">Tipo de rota\u00e7\u00e3o<\/span><\/li>\n<li class=\"product-prop line-limit-length\"><span class=\"property-title\">N\u00famero do modelo:\u00a0<\/span><span class=\"property-desc line-limit-length\" title=\"Xiaomi M\u00c9DICO B\">Xiaomi M\u00c9DICO B<\/span><\/li>\n<li class=\"product-prop line-limit-length\"><span class=\"property-title\">Material:\u00a0<\/span><span class=\"property-desc line-limit-length\" title=\"Pl\u00e1stico\">Pl\u00e1stico<\/span><\/li>\n<li class=\"product-prop line-limit-length\"><span class=\"property-title\">Quantidade:\u00a0<\/span><span class=\"property-desc line-limit-length\" title=\"2-4 unidades\">2-4 unidades<\/span><\/li>\n<\/ul>","protected":false},"featured_media":23131,"template":"","meta":[],"product_brand":[],"product_cat":[1320,1305],"product_tag":[420,810],"class_list":{"0":"post-23057","1":"product","2":"type-product","3":"status-publish","4":"has-post-thumbnail","6":"product_cat-personal-care","7":"product_cat-xiaomi-eco","8":"product_tag-xiaomi","9":"product_tag-xiaomi-doctor-b-toothbrush","11":"first","12":"instock","13":"shipping-taxable","14":"product-type-external"},"aioseo_notices":[],"aioseo_head":"\n\t\t<!-- All in One SEO Pro 4.5.9.2 - aioseo.com -->\n\t\t<meta name=\"description\" content=\"Specifications: Brand Name: Xiaomi Commodity Quality Certification: 3C Age Group: Adults Size: Weight 11g Item Type: Electric Toothbrush Type: Rotation Type Model Number: Xiaomi DOCTOR B Material: Plastic Quantity: 2-4Pcs\" \/>\n\t\t<meta name=\"robots\" content=\"max-image-preview:large\" \/>\n\t\t<link rel=\"canonical\" href=\"https:\/\/www.rucashk.com\/pt\/produto\/xiaomi-doctor-b-toothbrush\/\" \/>\n\t\t<meta name=\"generator\" content=\"All in One SEO Pro (AIOSEO) 4.5.9.2\" \/>\n\t\t<meta property=\"og:locale\" content=\"pt_PT\" \/>\n\t\t<meta property=\"og:site_name\" content=\"Rucas - One-stop AIoT Distribution Worldwide\" \/>\n\t\t<meta property=\"og:type\" content=\"article\" \/>\n\t\t<meta property=\"og:title\" content=\"Xiaomi Doctor B Toothbrush - Rucas - Wholesale and Distribution\" \/>\n\t\t<meta property=\"og:description\" content=\"Specifications: Brand Name: Xiaomi Commodity Quality Certification: 3C Age Group: Adults Size: Weight 11g Item Type: Electric Toothbrush Type: Rotation Type Model Number: Xiaomi DOCTOR B Material: Plastic Quantity: 2-4Pcs\" \/>\n\t\t<meta property=\"og:url\" content=\"https:\/\/www.rucashk.com\/pt\/produto\/xiaomi-doctor-b-toothbrush\/\" \/>\n\t\t<meta property=\"og:image\" content=\"https:\/\/www.rucashk.com\/wp-content\/uploads\/replace\/503b8e645f128a97ccde2b6290747646.jpeg\" \/>\n\t\t<meta property=\"og:image:secure_url\" content=\"https:\/\/www.rucashk.com\/wp-content\/uploads\/replace\/503b8e645f128a97ccde2b6290747646.jpeg\" \/>\n\t\t<meta property=\"og:image:width\" content=\"1456\" \/>\n\t\t<meta property=\"og:image:height\" content=\"816\" \/>\n\t\t<meta property=\"article:published_time\" content=\"2024-01-09T15:51:02+00:00\" \/>\n\t\t<meta property=\"article:modified_time\" content=\"2024-03-13T07:38:20+00:00\" \/>\n\t\t<meta name=\"twitter:card\" content=\"summary_large_image\" \/>\n\t\t<meta name=\"twitter:title\" content=\"Xiaomi Doctor B Toothbrush - Rucas - Wholesale and Distribution\" \/>\n\t\t<meta name=\"twitter:description\" content=\"Specifications: Brand Name: Xiaomi Commodity Quality Certification: 3C Age Group: Adults Size: Weight 11g Item Type: Electric Toothbrush Type: Rotation Type Model Number: Xiaomi DOCTOR B Material: Plastic Quantity: 2-4Pcs\" \/>\n\t\t<meta name=\"twitter:image\" content=\"https:\/\/www.rucashk.com\/wp-content\/uploads\/replace\/503b8e645f128a97ccde2b6290747646.jpeg\" \/>\n\t\t<script type=\"application\/ld+json\" class=\"aioseo-schema\">\n\t\t\t{\"@context\":\"https:\\\/\\\/schema.org\",\"@graph\":[{\"@type\":\"BreadcrumbList\",\"@id\":\"https:\\\/\\\/www.rucashk.com\\\/pt\\\/produto\\\/xiaomi-doctor-b-toothbrush\\\/#breadcrumblist\",\"itemListElement\":[{\"@type\":\"ListItem\",\"@id\":\"https:\\\/\\\/www.rucashk.com\\\/pt\\\/#listItem\",\"position\":1,\"name\":\"Home\",\"item\":\"https:\\\/\\\/www.rucashk.com\\\/pt\\\/\",\"nextItem\":\"https:\\\/\\\/www.rucashk.com\\\/pt\\\/produto\\\/xiaomi-doctor-b-toothbrush\\\/#listItem\"},{\"@type\":\"ListItem\",\"@id\":\"https:\\\/\\\/www.rucashk.com\\\/pt\\\/produto\\\/xiaomi-doctor-b-toothbrush\\\/#listItem\",\"position\":2,\"name\":\"Xiaomi\\u00a0Doctor B Toothbrush\",\"previousItem\":\"https:\\\/\\\/www.rucashk.com\\\/pt\\\/#listItem\"}]},{\"@type\":\"Organization\",\"@id\":\"https:\\\/\\\/www.rucashk.com\\\/pt\\\/#organization\",\"name\":\"Rucas\",\"url\":\"https:\\\/\\\/www.rucashk.com\\\/pt\\\/\",\"logo\":{\"@type\":\"ImageObject\",\"url\":\"https:\\\/\\\/www.rucashk.com\\\/wp-content\\\/uploads\\\/2023\\\/12\\\/Rucas_campany_logo.png\",\"@id\":\"https:\\\/\\\/www.rucashk.com\\\/pt\\\/produto\\\/xiaomi-doctor-b-toothbrush\\\/#organizationLogo\",\"width\":221,\"height\":65},\"image\":{\"@id\":\"https:\\\/\\\/www.rucashk.com\\\/pt\\\/#organizationLogo\"}},{\"@type\":\"Person\",\"@id\":\"https:\\\/\\\/www.rucashk.com\\\/pt\\\/author\\\/admin\\\/#author\",\"url\":\"https:\\\/\\\/www.rucashk.com\\\/pt\\\/author\\\/admin\\\/\",\"name\":\"admin\",\"image\":{\"@type\":\"ImageObject\",\"@id\":\"https:\\\/\\\/www.rucashk.com\\\/pt\\\/produto\\\/xiaomi-doctor-b-toothbrush\\\/#authorImage\",\"url\":\"https:\\\/\\\/secure.gravatar.com\\\/avatar\\\/b7c8925b09a27e72b30232f8ecaadbd5af0f70a38c78096863fe51b64f031c24?s=96&d=mm&r=g\",\"width\":96,\"height\":96,\"caption\":\"admin\"}},{\"@type\":\"WebPage\",\"@id\":\"https:\\\/\\\/www.rucashk.com\\\/pt\\\/produto\\\/xiaomi-doctor-b-toothbrush\\\/#webpage\",\"url\":\"https:\\\/\\\/www.rucashk.com\\\/pt\\\/produto\\\/xiaomi-doctor-b-toothbrush\\\/\",\"name\":\"Xiaomi Doctor B Toothbrush - Rucas - Wholesale and Distribution\",\"description\":\"Specifications: Brand Name: Xiaomi Commodity Quality Certification: 3C Age Group: Adults Size: Weight 11g Item Type: Electric Toothbrush Type: Rotation Type Model Number: Xiaomi DOCTOR B Material: Plastic Quantity: 2-4Pcs\",\"inLanguage\":\"pt-PT\",\"isPartOf\":{\"@id\":\"https:\\\/\\\/www.rucashk.com\\\/pt\\\/#website\"},\"breadcrumb\":{\"@id\":\"https:\\\/\\\/www.rucashk.com\\\/pt\\\/produto\\\/xiaomi-doctor-b-toothbrush\\\/#breadcrumblist\"},\"author\":{\"@id\":\"https:\\\/\\\/www.rucashk.com\\\/pt\\\/author\\\/admin\\\/#author\"},\"creator\":{\"@id\":\"https:\\\/\\\/www.rucashk.com\\\/pt\\\/author\\\/admin\\\/#author\"},\"image\":{\"@type\":\"ImageObject\",\"url\":\"https:\\\/\\\/www.rucashk.com\\\/wp-content\\\/uploads\\\/2024\\\/01\\\/2-9.jpg\",\"@id\":\"https:\\\/\\\/www.rucashk.com\\\/pt\\\/produto\\\/xiaomi-doctor-b-toothbrush\\\/#mainImage\",\"width\":800,\"height\":800},\"primaryImageOfPage\":{\"@id\":\"https:\\\/\\\/www.rucashk.com\\\/pt\\\/produto\\\/xiaomi-doctor-b-toothbrush\\\/#mainImage\"},\"datePublished\":\"2024-01-09T15:51:02+00:00\",\"dateModified\":\"2024-03-13T07:38:20+00:00\"},{\"@type\":\"WebSite\",\"@id\":\"https:\\\/\\\/www.rucashk.com\\\/pt\\\/#website\",\"url\":\"https:\\\/\\\/www.rucashk.com\\\/pt\\\/\",\"name\":\"Rucas - Wholesale and distribution worldwide\",\"alternateName\":\"Rucas - One-stop AIoT Distribution Worldwide\",\"description\":\"One-stop AIoT Distribution Worldwide\",\"inLanguage\":\"pt-PT\",\"publisher\":{\"@id\":\"https:\\\/\\\/www.rucashk.com\\\/pt\\\/#organization\"}}]}\n\t\t<\/script>\n\t\t<!-- All in One SEO Pro -->\r\n\t\t<title>Xiaomi Doctor B Toothbrush - Rucas - Wholesale and Distribution<\/title>\n\n","aioseo_head_json":{"title":"Xiaomi Doctor B Toothbrush - Rucas - Wholesale and Distribution","description":"Specifications: Brand Name: Xiaomi Commodity Quality Certification: 3C Age Group: Adults Size: Weight 11g Item Type: Electric Toothbrush Type: Rotation Type Model Number: Xiaomi DOCTOR B Material: Plastic Quantity: 2-4Pcs","canonical_url":"https:\/\/www.rucashk.com\/pt\/produto\/xiaomi-doctor-b-toothbrush\/","robots":"max-image-preview:large","keywords":"","webmasterTools":{"miscellaneous":""},"og:locale":"pt_PT","og:site_name":"Rucas - One-stop AIoT Distribution Worldwide","og:type":"article","og:title":"Xiaomi Doctor B Toothbrush - Rucas - Wholesale and Distribution","og:description":"Specifications: Brand Name: Xiaomi Commodity Quality Certification: 3C Age Group: Adults Size: Weight 11g Item Type: Electric Toothbrush Type: Rotation Type Model Number: Xiaomi DOCTOR B Material: Plastic Quantity: 2-4Pcs","og:url":"https:\/\/www.rucashk.com\/pt\/produto\/xiaomi-doctor-b-toothbrush\/","og:image":"https:\/\/www.rucashk.com\/wp-content\/uploads\/replace\/503b8e645f128a97ccde2b6290747646.jpeg","og:image:secure_url":"https:\/\/www.rucashk.com\/wp-content\/uploads\/replace\/503b8e645f128a97ccde2b6290747646.jpeg","og:image:width":1456,"og:image:height":816,"article:published_time":"2024-01-09T15:51:02+00:00","article:modified_time":"2024-03-13T07:38:20+00:00","twitter:card":"summary_large_image","twitter:title":"Xiaomi Doctor B Toothbrush - Rucas - Wholesale and Distribution","twitter:description":"Specifications: Brand Name: Xiaomi Commodity Quality Certification: 3C Age Group: Adults Size: Weight 11g Item Type: Electric Toothbrush Type: Rotation Type Model Number: Xiaomi DOCTOR B Material: Plastic Quantity: 2-4Pcs","twitter:image":"https:\/\/www.rucashk.com\/wp-content\/uploads\/replace\/503b8e645f128a97ccde2b6290747646.jpeg","schema":{"@context":"https:\/\/schema.org","@graph":[{"@type":"BreadcrumbList","@id":"https:\/\/www.rucashk.com\/pt\/produto\/xiaomi-doctor-b-toothbrush\/#breadcrumblist","itemListElement":[{"@type":"ListItem","@id":"https:\/\/www.rucashk.com\/pt\/#listItem","position":1,"name":"Home","item":"https:\/\/www.rucashk.com\/pt\/","nextItem":"https:\/\/www.rucashk.com\/pt\/produto\/xiaomi-doctor-b-toothbrush\/#listItem"},{"@type":"ListItem","@id":"https:\/\/www.rucashk.com\/pt\/produto\/xiaomi-doctor-b-toothbrush\/#listItem","position":2,"name":"Xiaomi\u00a0Doctor B Toothbrush","previousItem":"https:\/\/www.rucashk.com\/pt\/#listItem"}]},{"@type":"Organization","@id":"https:\/\/www.rucashk.com\/pt\/#organization","name":"Rucas","url":"https:\/\/www.rucashk.com\/pt\/","logo":{"@type":"ImageObject","url":"https:\/\/www.rucashk.com\/wp-content\/uploads\/2023\/12\/Rucas_campany_logo.png","@id":"https:\/\/www.rucashk.com\/pt\/produto\/xiaomi-doctor-b-toothbrush\/#organizationLogo","width":221,"height":65},"image":{"@id":"https:\/\/www.rucashk.com\/pt\/#organizationLogo"}},{"@type":"Person","@id":"https:\/\/www.rucashk.com\/pt\/author\/admin\/#author","url":"https:\/\/www.rucashk.com\/pt\/author\/admin\/","name":"admin","image":{"@type":"ImageObject","@id":"https:\/\/www.rucashk.com\/pt\/produto\/xiaomi-doctor-b-toothbrush\/#authorImage","url":"https:\/\/secure.gravatar.com\/avatar\/b7c8925b09a27e72b30232f8ecaadbd5af0f70a38c78096863fe51b64f031c24?s=96&d=mm&r=g","width":96,"height":96,"caption":"admin"}},{"@type":"WebPage","@id":"https:\/\/www.rucashk.com\/pt\/produto\/xiaomi-doctor-b-toothbrush\/#webpage","url":"https:\/\/www.rucashk.com\/pt\/produto\/xiaomi-doctor-b-toothbrush\/","name":"Xiaomi Doctor B Toothbrush - Rucas - Wholesale and Distribution","description":"Specifications: Brand Name: Xiaomi Commodity Quality Certification: 3C Age Group: Adults Size: Weight 11g Item Type: Electric Toothbrush Type: Rotation Type Model Number: Xiaomi DOCTOR B Material: Plastic Quantity: 2-4Pcs","inLanguage":"pt-PT","isPartOf":{"@id":"https:\/\/www.rucashk.com\/pt\/#website"},"breadcrumb":{"@id":"https:\/\/www.rucashk.com\/pt\/produto\/xiaomi-doctor-b-toothbrush\/#breadcrumblist"},"author":{"@id":"https:\/\/www.rucashk.com\/pt\/author\/admin\/#author"},"creator":{"@id":"https:\/\/www.rucashk.com\/pt\/author\/admin\/#author"},"image":{"@type":"ImageObject","url":"https:\/\/www.rucashk.com\/wp-content\/uploads\/2024\/01\/2-9.jpg","@id":"https:\/\/www.rucashk.com\/pt\/produto\/xiaomi-doctor-b-toothbrush\/#mainImage","width":800,"height":800},"primaryImageOfPage":{"@id":"https:\/\/www.rucashk.com\/pt\/produto\/xiaomi-doctor-b-toothbrush\/#mainImage"},"datePublished":"2024-01-09T15:51:02+00:00","dateModified":"2024-03-13T07:38:20+00:00"},{"@type":"WebSite","@id":"https:\/\/www.rucashk.com\/pt\/#website","url":"https:\/\/www.rucashk.com\/pt\/","name":"Rucas - Wholesale and distribution worldwide","alternateName":"Rucas - One-stop AIoT Distribution Worldwide","description":"One-stop AIoT Distribution Worldwide","inLanguage":"pt-PT","publisher":{"@id":"https:\/\/www.rucashk.com\/pt\/#organization"}}]}},"aioseo_meta_data":{"post_id":"23057","title":null,"description":null,"keywords":null,"keyphrases":null,"primary_term":null,"canonical_url":null,"og_title":null,"og_description":null,"og_object_type":"default","og_image_type":"default","og_image_url":null,"og_image_width":null,"og_image_height":null,"og_image_custom_url":null,"og_image_custom_fields":null,"og_video":null,"og_custom_url":null,"og_article_section":null,"og_article_tags":null,"twitter_use_og":false,"twitter_card":"default","twitter_image_type":"default","twitter_image_url":null,"twitter_image_custom_url":null,"twitter_image_custom_fields":null,"twitter_title":null,"twitter_description":null,"schema":{"blockGraphs":[],"customGraphs":[],"default":{"data":{"Article":[],"Course":[],"Dataset":[],"FAQPage":[],"Movie":[],"Person":[],"Product":[],"Recipe":[],"Service":[],"SoftwareApplication":[],"WebPage":[]},"graphName":"","isEnabled":true},"graphs":[]},"schema_type":"default","schema_type_options":null,"pillar_content":false,"robots_default":true,"robots_noindex":false,"robots_noarchive":false,"robots_nosnippet":false,"robots_nofollow":false,"robots_noimageindex":false,"robots_noodp":false,"robots_notranslate":false,"robots_max_snippet":null,"robots_max_videopreview":null,"robots_max_imagepreview":"large","priority":null,"frequency":null,"local_seo":null,"breadcrumb_settings":null,"limit_modified_date":false,"created":"2024-04-11 01:55:26","updated":"2025-06-22 16:57:15"},"aioseo_breadcrumb":"<div class=\"aioseo-breadcrumbs\"><span class=\"aioseo-breadcrumb\">\n\t<a href=\"https:\/\/www.rucashk.com\/pt\" title=\"Home\">Home<\/a>\n<\/span><span class=\"aioseo-breadcrumb-separator\">&raquo;<\/span><span class=\"aioseo-breadcrumb\">\n\t<a href=\"https:\/\/www.rucashk.com\/pt\/products\/\" title=\"Produtos\">Produtos<\/a>\n<\/span><span class=\"aioseo-breadcrumb-separator\">&raquo;<\/span><span class=\"aioseo-breadcrumb\">\n\t<a href=\"https:\/\/www.rucashk.com\/pt\/categoria-produto\/xiaomi-eco\/\" title=\"Xiaomi Eco\">Xiaomi Eco<\/a>\n<\/span><span class=\"aioseo-breadcrumb-separator\">&raquo;<\/span><span class=\"aioseo-breadcrumb\">\n\t<a href=\"https:\/\/www.rucashk.com\/pt\/categoria-produto\/xiaomi-eco\/personal-care\/\" title=\"Personal Care\">Personal Care<\/a>\n<\/span><span class=\"aioseo-breadcrumb-separator\">&raquo;<\/span><span class=\"aioseo-breadcrumb\">\n\tXiaomi\u00a0Doctor B Toothbrush\n<\/span><\/div>","aioseo_breadcrumb_json":[{"label":"Home","link":"https:\/\/www.rucashk.com\/pt"},{"label":"Produtos","link":"https:\/\/www.rucashk.com\/pt\/products\/"},{"label":"Xiaomi Eco","link":"https:\/\/www.rucashk.com\/pt\/categoria-produto\/xiaomi-eco\/"},{"label":"Personal Care","link":"https:\/\/www.rucashk.com\/pt\/categoria-produto\/xiaomi-eco\/personal-care\/"},{"label":"Xiaomi\u00a0Doctor B Toothbrush","link":"https:\/\/www.rucashk.com\/pt\/produto\/xiaomi-doctor-b-toothbrush\/"}],"_links":{"self":[{"href":"https:\/\/www.rucashk.com\/pt\/wp-json\/wp\/v2\/product\/23057","targetHints":{"allow":["GET"]}}],"collection":[{"href":"https:\/\/www.rucashk.com\/pt\/wp-json\/wp\/v2\/product"}],"about":[{"href":"https:\/\/www.rucashk.com\/pt\/wp-json\/wp\/v2\/types\/product"}],"wp:featuredmedia":[{"embeddable":true,"href":"https:\/\/www.rucashk.com\/pt\/wp-json\/wp\/v2\/media\/23131"}],"wp:attachment":[{"href":"https:\/\/www.rucashk.com\/pt\/wp-json\/wp\/v2\/media?parent=23057"}],"wp:term":[{"taxonomy":"product_brand","embeddable":true,"href":"https:\/\/www.rucashk.com\/pt\/wp-json\/wp\/v2\/product_brand?post=23057"},{"taxonomy":"product_cat","embeddable":true,"href":"https:\/\/www.rucashk.com\/pt\/wp-json\/wp\/v2\/product_cat?post=23057"},{"taxonomy":"product_tag","embeddable":true,"href":"https:\/\/www.rucashk.com\/pt\/wp-json\/wp\/v2\/product_tag?post=23057"}],"curies":[{"name":"wp","href":"https:\/\/api.w.org\/{rel}","templated":true}]}}