{"id":23056,"date":"2024-01-09T15:51:02","date_gmt":"2024-01-09T15:51:02","guid":{"rendered":"http:\/\/rucashk.com\/?post_type=product&#038;p=23056"},"modified":"2024-03-13T07:36:52","modified_gmt":"2024-03-13T07:36:52","slug":"xiaomi-mijia-jordan-judy-led-mirror","status":"publish","type":"product","link":"https:\/\/www.rucashk.com\/pt\/produto\/xiaomi-mijia-jordan-judy-led-mirror\/","title":{"rendered":"Espelho LED Xiaomi Mijia Jordan Judy"},"content":{"rendered":"<p><img alt=\"Xiaomi Mijia Jordan Judy LED Mirror\" \/><img alt=\"Xiaomi Mijia Jordan Judy LED Mirror\" \/><img alt=\"Xiaomi Mijia Jordan Judy LED Mirror\" \/><img alt=\"Xiaomi Mijia Jordan Judy LED Mirror\" \/><img alt=\"Xiaomi Mijia Jordan Judy LED Mirror\" \/><img alt=\"Xiaomi Mijia Jordan Judy LED Mirror\" \/><img fetchpriority=\"high\" decoding=\"async\" class=\"alignnone size-full wp-image-15146\" src=\"\/wp-content\/uploads\/replace\/7b4580ae657907c7cbd0e157f86b3a69.jpeg\" alt=\"Xiaomi Mijia Jordan Judy LED Mirror\" width=\"1000\" height=\"436\" \/><img decoding=\"async\" class=\"alignnone size-full wp-image-15147\" src=\"\/wp-content\/uploads\/replace\/72fb0f9334a86f9804796e07b8670d22.jpeg\" alt=\"Xiaomi Mijia Jordan Judy LED Mirror\" width=\"1000\" height=\"912\" \/><img decoding=\"async\" class=\"alignnone size-full wp-image-15148\" src=\"\/wp-content\/uploads\/replace\/2d59f0add2c2656030d2f9e3244a114e.jpeg\" alt=\"Xiaomi Mijia Jordan Judy LED Mirror\" width=\"1000\" height=\"473\" \/><img loading=\"lazy\" decoding=\"async\" class=\"alignnone size-full wp-image-15149\" src=\"\/wp-content\/uploads\/replace\/8accc19886f6223ce5c8ba6e573e6e94.jpeg\" alt=\"Xiaomi Mijia Jordan Judy LED Mirror\" width=\"1000\" height=\"518\" \/><img loading=\"lazy\" decoding=\"async\" class=\"alignnone size-full wp-image-15150\" src=\"\/wp-content\/uploads\/replace\/26f39807d0da77017c798e05d0f7b6b5.jpeg\" alt=\"Xiaomi Mijia Jordan Judy LED Mirror\" width=\"1000\" height=\"870\" \/><img loading=\"lazy\" decoding=\"async\" class=\"alignnone size-full wp-image-15151\" src=\"\/wp-content\/uploads\/replace\/95a11a10e25b66b443de51fcd6c44f15.jpeg\" alt=\"Xiaomi Mijia Jordan Judy LED Mirror\" width=\"1080\" height=\"1047\" \/><\/p>","protected":false},"excerpt":{"rendered":"<div><strong>Principais caracter\u00edsticas:<\/strong><\/div>\n<div><span data-spm-anchor-id=\"a2g0o.detail.1000023.i7.3c3230c0L2wKY7\">1. espelho LED de alta defini\u00e7\u00e3o, a luz de preenchimento n\u00e3o brilha, \u00e9 adequada para uso de maquiagem, a fibra \u00e9 transparente e macia, proporcionando uma boa sensa\u00e7\u00e3o de uso<\/span><\/div>\n<div>2. espelho de alta qualidade, limpo sem aberra\u00e7\u00e3o crom\u00e1tica, sem deforma\u00e7\u00e3o, realmente restaura a condi\u00e7\u00e3o da pele<\/div>\n<div><span data-spm-anchor-id=\"a2g0o.detail.1000023.i8.3c3230c0L2wKY7\">3. Bateria de l\u00edtio de 1200mAh integrada, pode ser recarregada, economia de energia e prote\u00e7\u00e3o ambiental, bateria de longa dura\u00e7\u00e3o, sem restri\u00e7\u00f5es de fio, luz m\u00ednima por 17 horas<\/span><\/div>\n<div>4. suporte dobr\u00e1vel, n\u00e3o \u00e9 f\u00e1cil de despejar, ajuste o \u00e2ngulo de acordo com a demanda, sem \u00e2ngulo morto de cuidados com a pele<\/div>\n<div data-spm-anchor-id=\"a2g0o.detail.1000023.i9.3c3230c0L2wKY7\">5.33 luzes s\u00e3o cercadas uniformemente<\/div>","protected":false},"featured_media":23127,"template":"","meta":[],"product_brand":[],"product_cat":[1320,1305],"product_tag":[809],"class_list":{"0":"post-23056","1":"product","2":"type-product","3":"status-publish","4":"has-post-thumbnail","6":"product_cat-personal-care","7":"product_cat-xiaomi-eco","8":"product_tag-xiaomi-mijia-jordan-judy-led-mirror","10":"first","11":"instock","12":"shipping-taxable","13":"product-type-external"},"aioseo_notices":[],"aioseo_head":"\n\t\t<!-- All in One SEO Pro 4.5.9.2 - aioseo.com -->\n\t\t<meta name=\"description\" content=\"Main Features: 1.LED high-definition mirror, fill light is not glare, it is suitable for make-up use, the fiber is clear and soft, giving you a good feeling of use 2.High-quality mirror, clean without chromatic aberration, no deformation, truly restore skin condition 3. Built-in 1200mAh lithium battery, can be recharged, energy saving and environmental protection, long-lasting battery life, no wire restrictions, minimum light for 17 hours 4.Folding bracket, not easy to dump, adjust the angle according to demand, no dead angle skin care 5.33 lights are evenly surrounded\" \/>\n\t\t<meta name=\"robots\" content=\"max-image-preview:large\" \/>\n\t\t<link rel=\"canonical\" href=\"https:\/\/www.rucashk.com\/pt\/produto\/xiaomi-mijia-jordan-judy-led-mirror\/\" \/>\n\t\t<meta name=\"generator\" content=\"All in One SEO Pro (AIOSEO) 4.5.9.2\" \/>\n\t\t<meta property=\"og:locale\" content=\"pt_PT\" \/>\n\t\t<meta property=\"og:site_name\" content=\"Rucas - One-stop AIoT Distribution Worldwide\" \/>\n\t\t<meta property=\"og:type\" content=\"article\" \/>\n\t\t<meta property=\"og:title\" content=\"Xiaomi Mijia Jordan Judy LED Mirror - Rucas - Wholesale and Distribution\" \/>\n\t\t<meta property=\"og:description\" content=\"Main Features: 1.LED high-definition mirror, fill light is not glare, it is suitable for make-up use, the fiber is clear and soft, giving you a good feeling of use 2.High-quality mirror, clean without chromatic aberration, no deformation, truly restore skin condition 3. Built-in 1200mAh lithium battery, can be recharged, energy saving and environmental protection, long-lasting battery life, no wire restrictions, minimum light for 17 hours 4.Folding bracket, not easy to dump, adjust the angle according to demand, no dead angle skin care 5.33 lights are evenly surrounded\" \/>\n\t\t<meta property=\"og:url\" content=\"https:\/\/www.rucashk.com\/pt\/produto\/xiaomi-mijia-jordan-judy-led-mirror\/\" \/>\n\t\t<meta property=\"og:image\" content=\"https:\/\/www.rucashk.com\/wp-content\/uploads\/replace\/503b8e645f128a97ccde2b6290747646.jpeg\" \/>\n\t\t<meta property=\"og:image:secure_url\" content=\"https:\/\/www.rucashk.com\/wp-content\/uploads\/replace\/503b8e645f128a97ccde2b6290747646.jpeg\" \/>\n\t\t<meta property=\"og:image:width\" content=\"1456\" \/>\n\t\t<meta property=\"og:image:height\" content=\"816\" \/>\n\t\t<meta property=\"article:published_time\" content=\"2024-01-09T15:51:02+00:00\" \/>\n\t\t<meta property=\"article:modified_time\" content=\"2024-03-13T07:36:52+00:00\" \/>\n\t\t<meta name=\"twitter:card\" content=\"summary_large_image\" \/>\n\t\t<meta name=\"twitter:title\" content=\"Xiaomi Mijia Jordan Judy LED Mirror - Rucas - Wholesale and Distribution\" \/>\n\t\t<meta name=\"twitter:description\" content=\"Main Features: 1.LED high-definition mirror, fill light is not glare, it is suitable for make-up use, the fiber is clear and soft, giving you a good feeling of use 2.High-quality mirror, clean without chromatic aberration, no deformation, truly restore skin condition 3. Built-in 1200mAh lithium battery, can be recharged, energy saving and environmental protection, long-lasting battery life, no wire restrictions, minimum light for 17 hours 4.Folding bracket, not easy to dump, adjust the angle according to demand, no dead angle skin care 5.33 lights are evenly surrounded\" \/>\n\t\t<meta name=\"twitter:image\" content=\"https:\/\/www.rucashk.com\/wp-content\/uploads\/replace\/503b8e645f128a97ccde2b6290747646.jpeg\" \/>\n\t\t<script type=\"application\/ld+json\" class=\"aioseo-schema\">\n\t\t\t{\"@context\":\"https:\\\/\\\/schema.org\",\"@graph\":[{\"@type\":\"BreadcrumbList\",\"@id\":\"https:\\\/\\\/www.rucashk.com\\\/pt\\\/produto\\\/xiaomi-mijia-jordan-judy-led-mirror\\\/#breadcrumblist\",\"itemListElement\":[{\"@type\":\"ListItem\",\"@id\":\"https:\\\/\\\/www.rucashk.com\\\/pt\\\/#listItem\",\"position\":1,\"name\":\"Home\",\"item\":\"https:\\\/\\\/www.rucashk.com\\\/pt\\\/\",\"nextItem\":\"https:\\\/\\\/www.rucashk.com\\\/pt\\\/produto\\\/xiaomi-mijia-jordan-judy-led-mirror\\\/#listItem\"},{\"@type\":\"ListItem\",\"@id\":\"https:\\\/\\\/www.rucashk.com\\\/pt\\\/produto\\\/xiaomi-mijia-jordan-judy-led-mirror\\\/#listItem\",\"position\":2,\"name\":\"Xiaomi Mijia Jordan Judy LED Mirror\",\"previousItem\":\"https:\\\/\\\/www.rucashk.com\\\/pt\\\/#listItem\"}]},{\"@type\":\"Organization\",\"@id\":\"https:\\\/\\\/www.rucashk.com\\\/pt\\\/#organization\",\"name\":\"Rucas\",\"url\":\"https:\\\/\\\/www.rucashk.com\\\/pt\\\/\",\"logo\":{\"@type\":\"ImageObject\",\"url\":\"https:\\\/\\\/www.rucashk.com\\\/wp-content\\\/uploads\\\/2023\\\/12\\\/Rucas_campany_logo.png\",\"@id\":\"https:\\\/\\\/www.rucashk.com\\\/pt\\\/produto\\\/xiaomi-mijia-jordan-judy-led-mirror\\\/#organizationLogo\",\"width\":221,\"height\":65},\"image\":{\"@id\":\"https:\\\/\\\/www.rucashk.com\\\/pt\\\/#organizationLogo\"}},{\"@type\":\"Person\",\"@id\":\"https:\\\/\\\/www.rucashk.com\\\/pt\\\/author\\\/admin\\\/#author\",\"url\":\"https:\\\/\\\/www.rucashk.com\\\/pt\\\/author\\\/admin\\\/\",\"name\":\"admin\",\"image\":{\"@type\":\"ImageObject\",\"@id\":\"https:\\\/\\\/www.rucashk.com\\\/pt\\\/produto\\\/xiaomi-mijia-jordan-judy-led-mirror\\\/#authorImage\",\"url\":\"https:\\\/\\\/secure.gravatar.com\\\/avatar\\\/b7c8925b09a27e72b30232f8ecaadbd5af0f70a38c78096863fe51b64f031c24?s=96&d=mm&r=g\",\"width\":96,\"height\":96,\"caption\":\"admin\"}},{\"@type\":\"WebPage\",\"@id\":\"https:\\\/\\\/www.rucashk.com\\\/pt\\\/produto\\\/xiaomi-mijia-jordan-judy-led-mirror\\\/#webpage\",\"url\":\"https:\\\/\\\/www.rucashk.com\\\/pt\\\/produto\\\/xiaomi-mijia-jordan-judy-led-mirror\\\/\",\"name\":\"Xiaomi Mijia Jordan Judy LED Mirror - Rucas - Wholesale and Distribution\",\"description\":\"Main Features: 1.LED high-definition mirror, fill light is not glare, it is suitable for make-up use, the fiber is clear and soft, giving you a good feeling of use 2.High-quality mirror, clean without chromatic aberration, no deformation, truly restore skin condition 3. Built-in 1200mAh lithium battery, can be recharged, energy saving and environmental protection, long-lasting battery life, no wire restrictions, minimum light for 17 hours 4.Folding bracket, not easy to dump, adjust the angle according to demand, no dead angle skin care 5.33 lights are evenly surrounded\",\"inLanguage\":\"pt-PT\",\"isPartOf\":{\"@id\":\"https:\\\/\\\/www.rucashk.com\\\/pt\\\/#website\"},\"breadcrumb\":{\"@id\":\"https:\\\/\\\/www.rucashk.com\\\/pt\\\/produto\\\/xiaomi-mijia-jordan-judy-led-mirror\\\/#breadcrumblist\"},\"author\":{\"@id\":\"https:\\\/\\\/www.rucashk.com\\\/pt\\\/author\\\/admin\\\/#author\"},\"creator\":{\"@id\":\"https:\\\/\\\/www.rucashk.com\\\/pt\\\/author\\\/admin\\\/#author\"},\"image\":{\"@type\":\"ImageObject\",\"url\":\"https:\\\/\\\/www.rucashk.com\\\/wp-content\\\/uploads\\\/2024\\\/01\\\/1-12.jpg\",\"@id\":\"https:\\\/\\\/www.rucashk.com\\\/pt\\\/produto\\\/xiaomi-mijia-jordan-judy-led-mirror\\\/#mainImage\",\"width\":800,\"height\":800},\"primaryImageOfPage\":{\"@id\":\"https:\\\/\\\/www.rucashk.com\\\/pt\\\/produto\\\/xiaomi-mijia-jordan-judy-led-mirror\\\/#mainImage\"},\"datePublished\":\"2024-01-09T15:51:02+00:00\",\"dateModified\":\"2024-03-13T07:36:52+00:00\"},{\"@type\":\"WebSite\",\"@id\":\"https:\\\/\\\/www.rucashk.com\\\/pt\\\/#website\",\"url\":\"https:\\\/\\\/www.rucashk.com\\\/pt\\\/\",\"name\":\"Rucas - Wholesale and distribution worldwide\",\"alternateName\":\"Rucas - One-stop AIoT Distribution Worldwide\",\"description\":\"One-stop AIoT Distribution Worldwide\",\"inLanguage\":\"pt-PT\",\"publisher\":{\"@id\":\"https:\\\/\\\/www.rucashk.com\\\/pt\\\/#organization\"}}]}\n\t\t<\/script>\n\t\t<!-- All in One SEO Pro -->\r\n\t\t<title>Xiaomi Mijia Jordan Judy LED Mirror - Rucas - Wholesale and Distribution<\/title>\n\n","aioseo_head_json":{"title":"Xiaomi Mijia Jordan Judy LED Mirror - Rucas - Wholesale and Distribution","description":"Main Features: 1.LED high-definition mirror, fill light is not glare, it is suitable for make-up use, the fiber is clear and soft, giving you a good feeling of use 2.High-quality mirror, clean without chromatic aberration, no deformation, truly restore skin condition 3. Built-in 1200mAh lithium battery, can be recharged, energy saving and environmental protection, long-lasting battery life, no wire restrictions, minimum light for 17 hours 4.Folding bracket, not easy to dump, adjust the angle according to demand, no dead angle skin care 5.33 lights are evenly surrounded","canonical_url":"https:\/\/www.rucashk.com\/pt\/produto\/xiaomi-mijia-jordan-judy-led-mirror\/","robots":"max-image-preview:large","keywords":"","webmasterTools":{"miscellaneous":""},"og:locale":"pt_PT","og:site_name":"Rucas - One-stop AIoT Distribution Worldwide","og:type":"article","og:title":"Xiaomi Mijia Jordan Judy LED Mirror - Rucas - Wholesale and Distribution","og:description":"Main Features: 1.LED high-definition mirror, fill light is not glare, it is suitable for make-up use, the fiber is clear and soft, giving you a good feeling of use 2.High-quality mirror, clean without chromatic aberration, no deformation, truly restore skin condition 3. Built-in 1200mAh lithium battery, can be recharged, energy saving and environmental protection, long-lasting battery life, no wire restrictions, minimum light for 17 hours 4.Folding bracket, not easy to dump, adjust the angle according to demand, no dead angle skin care 5.33 lights are evenly surrounded","og:url":"https:\/\/www.rucashk.com\/pt\/produto\/xiaomi-mijia-jordan-judy-led-mirror\/","og:image":"https:\/\/www.rucashk.com\/wp-content\/uploads\/replace\/503b8e645f128a97ccde2b6290747646.jpeg","og:image:secure_url":"https:\/\/www.rucashk.com\/wp-content\/uploads\/replace\/503b8e645f128a97ccde2b6290747646.jpeg","og:image:width":1456,"og:image:height":816,"article:published_time":"2024-01-09T15:51:02+00:00","article:modified_time":"2024-03-13T07:36:52+00:00","twitter:card":"summary_large_image","twitter:title":"Xiaomi Mijia Jordan Judy LED Mirror - Rucas - Wholesale and Distribution","twitter:description":"Main Features: 1.LED high-definition mirror, fill light is not glare, it is suitable for make-up use, the fiber is clear and soft, giving you a good feeling of use 2.High-quality mirror, clean without chromatic aberration, no deformation, truly restore skin condition 3. Built-in 1200mAh lithium battery, can be recharged, energy saving and environmental protection, long-lasting battery life, no wire restrictions, minimum light for 17 hours 4.Folding bracket, not easy to dump, adjust the angle according to demand, no dead angle skin care 5.33 lights are evenly surrounded","twitter:image":"https:\/\/www.rucashk.com\/wp-content\/uploads\/replace\/503b8e645f128a97ccde2b6290747646.jpeg","schema":{"@context":"https:\/\/schema.org","@graph":[{"@type":"BreadcrumbList","@id":"https:\/\/www.rucashk.com\/pt\/produto\/xiaomi-mijia-jordan-judy-led-mirror\/#breadcrumblist","itemListElement":[{"@type":"ListItem","@id":"https:\/\/www.rucashk.com\/pt\/#listItem","position":1,"name":"Home","item":"https:\/\/www.rucashk.com\/pt\/","nextItem":"https:\/\/www.rucashk.com\/pt\/produto\/xiaomi-mijia-jordan-judy-led-mirror\/#listItem"},{"@type":"ListItem","@id":"https:\/\/www.rucashk.com\/pt\/produto\/xiaomi-mijia-jordan-judy-led-mirror\/#listItem","position":2,"name":"Xiaomi Mijia Jordan Judy LED Mirror","previousItem":"https:\/\/www.rucashk.com\/pt\/#listItem"}]},{"@type":"Organization","@id":"https:\/\/www.rucashk.com\/pt\/#organization","name":"Rucas","url":"https:\/\/www.rucashk.com\/pt\/","logo":{"@type":"ImageObject","url":"https:\/\/www.rucashk.com\/wp-content\/uploads\/2023\/12\/Rucas_campany_logo.png","@id":"https:\/\/www.rucashk.com\/pt\/produto\/xiaomi-mijia-jordan-judy-led-mirror\/#organizationLogo","width":221,"height":65},"image":{"@id":"https:\/\/www.rucashk.com\/pt\/#organizationLogo"}},{"@type":"Person","@id":"https:\/\/www.rucashk.com\/pt\/author\/admin\/#author","url":"https:\/\/www.rucashk.com\/pt\/author\/admin\/","name":"admin","image":{"@type":"ImageObject","@id":"https:\/\/www.rucashk.com\/pt\/produto\/xiaomi-mijia-jordan-judy-led-mirror\/#authorImage","url":"https:\/\/secure.gravatar.com\/avatar\/b7c8925b09a27e72b30232f8ecaadbd5af0f70a38c78096863fe51b64f031c24?s=96&d=mm&r=g","width":96,"height":96,"caption":"admin"}},{"@type":"WebPage","@id":"https:\/\/www.rucashk.com\/pt\/produto\/xiaomi-mijia-jordan-judy-led-mirror\/#webpage","url":"https:\/\/www.rucashk.com\/pt\/produto\/xiaomi-mijia-jordan-judy-led-mirror\/","name":"Xiaomi Mijia Jordan Judy LED Mirror - Rucas - Wholesale and Distribution","description":"Main Features: 1.LED high-definition mirror, fill light is not glare, it is suitable for make-up use, the fiber is clear and soft, giving you a good feeling of use 2.High-quality mirror, clean without chromatic aberration, no deformation, truly restore skin condition 3. Built-in 1200mAh lithium battery, can be recharged, energy saving and environmental protection, long-lasting battery life, no wire restrictions, minimum light for 17 hours 4.Folding bracket, not easy to dump, adjust the angle according to demand, no dead angle skin care 5.33 lights are evenly surrounded","inLanguage":"pt-PT","isPartOf":{"@id":"https:\/\/www.rucashk.com\/pt\/#website"},"breadcrumb":{"@id":"https:\/\/www.rucashk.com\/pt\/produto\/xiaomi-mijia-jordan-judy-led-mirror\/#breadcrumblist"},"author":{"@id":"https:\/\/www.rucashk.com\/pt\/author\/admin\/#author"},"creator":{"@id":"https:\/\/www.rucashk.com\/pt\/author\/admin\/#author"},"image":{"@type":"ImageObject","url":"https:\/\/www.rucashk.com\/wp-content\/uploads\/2024\/01\/1-12.jpg","@id":"https:\/\/www.rucashk.com\/pt\/produto\/xiaomi-mijia-jordan-judy-led-mirror\/#mainImage","width":800,"height":800},"primaryImageOfPage":{"@id":"https:\/\/www.rucashk.com\/pt\/produto\/xiaomi-mijia-jordan-judy-led-mirror\/#mainImage"},"datePublished":"2024-01-09T15:51:02+00:00","dateModified":"2024-03-13T07:36:52+00:00"},{"@type":"WebSite","@id":"https:\/\/www.rucashk.com\/pt\/#website","url":"https:\/\/www.rucashk.com\/pt\/","name":"Rucas - Wholesale and distribution worldwide","alternateName":"Rucas - One-stop AIoT Distribution Worldwide","description":"One-stop AIoT Distribution Worldwide","inLanguage":"pt-PT","publisher":{"@id":"https:\/\/www.rucashk.com\/pt\/#organization"}}]}},"aioseo_meta_data":{"post_id":"23056","title":null,"description":null,"keywords":null,"keyphrases":null,"primary_term":null,"canonical_url":null,"og_title":null,"og_description":null,"og_object_type":"default","og_image_type":"default","og_image_url":null,"og_image_width":null,"og_image_height":null,"og_image_custom_url":null,"og_image_custom_fields":null,"og_video":null,"og_custom_url":null,"og_article_section":null,"og_article_tags":null,"twitter_use_og":false,"twitter_card":"default","twitter_image_type":"default","twitter_image_url":null,"twitter_image_custom_url":null,"twitter_image_custom_fields":null,"twitter_title":null,"twitter_description":null,"schema":{"blockGraphs":[],"customGraphs":[],"default":{"data":{"Article":[],"Course":[],"Dataset":[],"FAQPage":[],"Movie":[],"Person":[],"Product":[],"Recipe":[],"Service":[],"SoftwareApplication":[],"WebPage":[]},"graphName":"","isEnabled":true},"graphs":[]},"schema_type":"default","schema_type_options":null,"pillar_content":false,"robots_default":true,"robots_noindex":false,"robots_noarchive":false,"robots_nosnippet":false,"robots_nofollow":false,"robots_noimageindex":false,"robots_noodp":false,"robots_notranslate":false,"robots_max_snippet":null,"robots_max_videopreview":null,"robots_max_imagepreview":"large","priority":null,"frequency":null,"local_seo":null,"breadcrumb_settings":null,"limit_modified_date":false,"created":"2024-04-11 01:55:26","updated":"2025-06-22 16:57:15"},"aioseo_breadcrumb":"<div class=\"aioseo-breadcrumbs\"><span class=\"aioseo-breadcrumb\">\n\t<a href=\"https:\/\/www.rucashk.com\/pt\" title=\"Home\">Home<\/a>\n<\/span><span class=\"aioseo-breadcrumb-separator\">&raquo;<\/span><span class=\"aioseo-breadcrumb\">\n\t<a href=\"https:\/\/www.rucashk.com\/pt\/products\/\" title=\"Produtos\">Produtos<\/a>\n<\/span><span class=\"aioseo-breadcrumb-separator\">&raquo;<\/span><span class=\"aioseo-breadcrumb\">\n\t<a href=\"https:\/\/www.rucashk.com\/pt\/categoria-produto\/xiaomi-eco\/\" title=\"Xiaomi Eco\">Xiaomi Eco<\/a>\n<\/span><span class=\"aioseo-breadcrumb-separator\">&raquo;<\/span><span class=\"aioseo-breadcrumb\">\n\t<a href=\"https:\/\/www.rucashk.com\/pt\/categoria-produto\/xiaomi-eco\/personal-care\/\" title=\"Personal Care\">Personal Care<\/a>\n<\/span><span class=\"aioseo-breadcrumb-separator\">&raquo;<\/span><span class=\"aioseo-breadcrumb\">\n\tXiaomi Mijia Jordan Judy LED Mirror\n<\/span><\/div>","aioseo_breadcrumb_json":[{"label":"Home","link":"https:\/\/www.rucashk.com\/pt"},{"label":"Produtos","link":"https:\/\/www.rucashk.com\/pt\/products\/"},{"label":"Xiaomi Eco","link":"https:\/\/www.rucashk.com\/pt\/categoria-produto\/xiaomi-eco\/"},{"label":"Personal Care","link":"https:\/\/www.rucashk.com\/pt\/categoria-produto\/xiaomi-eco\/personal-care\/"},{"label":"Xiaomi Mijia Jordan Judy LED Mirror","link":"https:\/\/www.rucashk.com\/pt\/produto\/xiaomi-mijia-jordan-judy-led-mirror\/"}],"_links":{"self":[{"href":"https:\/\/www.rucashk.com\/pt\/wp-json\/wp\/v2\/product\/23056","targetHints":{"allow":["GET"]}}],"collection":[{"href":"https:\/\/www.rucashk.com\/pt\/wp-json\/wp\/v2\/product"}],"about":[{"href":"https:\/\/www.rucashk.com\/pt\/wp-json\/wp\/v2\/types\/product"}],"wp:featuredmedia":[{"embeddable":true,"href":"https:\/\/www.rucashk.com\/pt\/wp-json\/wp\/v2\/media\/23127"}],"wp:attachment":[{"href":"https:\/\/www.rucashk.com\/pt\/wp-json\/wp\/v2\/media?parent=23056"}],"wp:term":[{"taxonomy":"product_brand","embeddable":true,"href":"https:\/\/www.rucashk.com\/pt\/wp-json\/wp\/v2\/product_brand?post=23056"},{"taxonomy":"product_cat","embeddable":true,"href":"https:\/\/www.rucashk.com\/pt\/wp-json\/wp\/v2\/product_cat?post=23056"},{"taxonomy":"product_tag","embeddable":true,"href":"https:\/\/www.rucashk.com\/pt\/wp-json\/wp\/v2\/product_tag?post=23056"}],"curies":[{"name":"wp","href":"https:\/\/api.w.org\/{rel}","templated":true}]}}