{"id":23053,"date":"2024-01-09T15:51:02","date_gmt":"2024-01-09T15:51:02","guid":{"rendered":"http:\/\/rucashk.com\/?post_type=product&#038;p=23053"},"modified":"2024-01-21T10:36:54","modified_gmt":"2024-01-21T10:36:54","slug":"xiaomi-70mai-d06-1s-smart-dash-cam","status":"publish","type":"product","link":"https:\/\/www.rucashk.com\/pt\/produto\/xiaomi-70mai-d06-1s-smart-dash-cam\/","title":{"rendered":"C\u00e2mera inteligente Xiaomi 70mai D06 1S"},"content":{"rendered":"<h3 style=\"text-align: left\">C\u00e2mera inteligente Xiaomi 70mai 1S<\/h3>\n<p style=\"text-align: left\"><img decoding=\"async\" title=\"c\u00e2mera inteligente xiaomi 70mai 1s\" src=\"https:\/\/www.rucashk.com\/wp-content\/uploads\/2020\/06\/Xiaomi-70mai-Dash-Cam-1S-Car-DVR-1.jpg\" alt=\"xiaomi 70mai smart dash cam 1s\" \/><\/p>\n<p style=\"text-align: left\"><img decoding=\"async\" title=\"compre xiaomi 70mai smart dash cam 1s\" src=\"https:\/\/www.rucashk.com\/wp-content\/uploads\/2020\/06\/Xiaomi-70mai-Dash-Cam-1S-Car-DVR-2.jpg\" alt=\"buy xiaomi 70mai smart dash cam 1s\" \/><\/p>\n<p style=\"text-align: left\"><img decoding=\"async\" title=\"Xiaomi 70mai smart dash cam 1s \u00e0 venda\" src=\"https:\/\/www.rucashk.com\/wp-content\/uploads\/2020\/06\/Xiaomi-70mai-Dash-Cam-1S-Car-DVR-3.jpg\" alt=\"xiaomi 70mai smart dash cam 1s for sale\" \/><\/p>\n<p style=\"text-align: left\"><img decoding=\"async\" title=\"2019 xiaomi 70mai c\u00e2mera inteligente 1s\" src=\"https:\/\/www.rucashk.com\/wp-content\/uploads\/2020\/06\/Xiaomi-70mai-Dash-Cam-1S-Car-DVR-4.jpg\" alt=\"2019 xiaomi 70mai smart dash cam 1s\" \/><\/p>\n<p style=\"text-align: left\"><img decoding=\"async\" title=\"nova c\u00e2mera inteligente xiaomi 70mai 1s\" src=\"https:\/\/www.rucashk.com\/wp-content\/uploads\/2020\/06\/Xiaomi-70mai-Dash-Cam-1S-Car-DVR-5.jpg\" alt=\"new xiaomi 70mai smart dash cam 1s\" \/><\/p>\n<p style=\"text-align: left\"><img decoding=\"async\" title=\"c\u00e2mera inteligente barata xiaomi 70mai 1s\" src=\"https:\/\/www.rucashk.com\/wp-content\/uploads\/2020\/06\/Xiaomi-70mai-Dash-Cam-1S-Car-DVR-6.jpg\" alt=\"cheap xiaomi 70mai smart dash cam 1s\" \/><\/p>\n<p style=\"text-align: left\"><img decoding=\"async\" title=\"venda quente xiaomi 70mai smart dash cam 1s\" src=\"https:\/\/www.rucashk.com\/wp-content\/uploads\/2020\/06\/Xiaomi-70mai-Dash-Cam-1S-Car-DVR-7.jpg\" alt=\"hotsale xiaomi 70mai smart dash cam 1s\" \/><\/p>\n<p style=\"text-align: left\"><img decoding=\"async\" title=\"DVR de carro xiaomi 70mai 1s\" src=\"https:\/\/www.rucashk.com\/wp-content\/uploads\/2020\/06\/Xiaomi-70mai-Dash-Cam-1S-Car-DVR-8.jpg\" alt=\"xiaomi 70mai 1s car dvr\" \/><\/p>\n<p style=\"text-align: left\"><img decoding=\"async\" title=\"comprar dvr de carro xiaomi 70mai 1s\" src=\"https:\/\/www.rucashk.com\/wp-content\/uploads\/2020\/06\/Xiaomi-70mai-Dash-Cam-1S-Car-DVR-9.jpg\" alt=\"buy xiaomi 70mai 1s car dvr\" \/><\/p>\n<p style=\"text-align: left\"><img decoding=\"async\" title=\"Vendo dvr automotivo xiaomi 70mai 1s\" src=\"https:\/\/www.rucashk.com\/wp-content\/uploads\/2020\/06\/Xiaomi-70mai-Dash-Cam-1S-Car-DVR-10.jpg\" alt=\"xiaomi 70mai 1s car dvr for sale\" \/><\/p>\n<p style=\"text-align: left\"><img decoding=\"async\" title=\"novo dvr de carro xiaomi 70mai 1s\" src=\"https:\/\/www.rucashk.com\/wp-content\/uploads\/2020\/06\/Xiaomi-70mai-Dash-Cam-1S-Car-DVR-11.jpg\" alt=\"new xiaomi 70mai 1s car dvr\" \/><\/p>\n<p style=\"text-align: left\"><img decoding=\"async\" title=\"2019 xiaomi 70mai 1s carro dvr\" src=\"https:\/\/www.rucashk.com\/wp-content\/uploads\/2020\/06\/Xiaomi-70mai-Dash-Cam-1S-Car-DVR-12.jpg\" alt=\"2019 xiaomi 70mai 1s car dvr\" \/><\/p>\n<p style=\"text-align: left\"><img decoding=\"async\" title=\"c\u00e2mera de painel xiaomi 70mai 1s\" src=\"https:\/\/www.rucashk.com\/wp-content\/uploads\/2020\/06\/Xiaomi-70mai-Dash-Cam-1S-Car-DVR-13.jpg\" alt=\"xiaomi 70mai 1s dash camera\" \/><\/p>\n<h3 style=\"text-align: left\">Descri\u00e7\u00e3o do produto<\/h3>\n<p style=\"text-align: left\">\u25cf Idioma: ingl\u00eas\/russo\/japon\u00eas\/coreano<\/p>\n<p style=\"text-align: left\">\u25cf <a class=\"\" style=\"width: auto !important\" href=\"https:\/\/www.rucashk.com\/pt\/produto\/funsnap-idol-fpv-rc-drone-4k-gps-quadrupter-professional-camera-hd-1080p\/\" data-wpil-post-to-id=\"2802\">1080P 30FPS FullHD<\/a><\/p>\n<p style=\"text-align: left\">\u25cf Abertura:F2.2<\/p>\n<p style=\"text-align: left\">\u25cf Lente SONY IMX307. <a class=\"\" style=\"width: auto !important\" href=\"https:\/\/www.rucashk.com\/pt\/sony-and-microsoft-will-introduce-new-sensors-into-artificial-intelligence-technology\/\" data-wpil-post-to-id=\"8401\">Sensor de imagem de alta sensibilidade Sony IMX307<\/a><\/p>\n<p style=\"text-align: left\">\u25cf Anjo de vis\u00e3o ampla de 130 graus<\/p>\n<p style=\"text-align: left\">\u25cf Sensor G integrado para grava\u00e7\u00e3o autom\u00e1tica de emerg\u00eancia<\/p>\n<p style=\"text-align: left\">\u25cf Controle do Mobile 70mai APP (Andriod 6.0 acima \/iOS)<\/p>\n<p style=\"text-align: left\">\u25cf Free WiFi Connect suporta reprodu\u00e7\u00e3o e download de v\u00eddeo<\/p>\n<p style=\"text-align: left\">\u25cf Cabo de micro carregamento de 3,5 m de comprimento<\/p>\n<p style=\"text-align: left\">\u25cf Entre automaticamente no estado de monitoramento de estacionamento ap\u00f3s estacionar. Nota: Ative esta fun\u00e7\u00e3o e utilize-a com a linha de monitoramento de estacionamento.<\/p>\n<p style=\"text-align: left\">\u25cf Grava\u00e7\u00e3o de v\u00eddeo com lapso de tempo de 1 segundo e 1 quadro. Nota: Ative esta fun\u00e7\u00e3o e utilize-a com a linha de monitoramento de estacionamento.<\/p>\n<h3 style=\"text-align: left\">especifica\u00e7\u00f5es do produto<\/h3>\n<table class=\"alignleft\" border=\"0\">\n<tbody>\n<tr>\n<td>Em geral<\/td>\n<td>Marca:\u00a0<a href=\"https:\/\/gearvita.com\/xiaomi\/70mai\">Xiaomi 70mai<\/a><\/p>\n<p>Modelo: vers\u00e3o de atualiza\u00e7\u00e3o 70mai 1S, Midrive D06<\/p>\n<p>Tipo: <a class=\"\" style=\"width: auto !important\" href=\"https:\/\/www.rucashk.com\/pt\/produto\/xiaomi-70mai-1s-car-dvr-dash-cam-1080p-hd-wholesale\/\" data-wpil-post-to-id=\"3089\">Carro DVR<\/a><\/p>\n<p>CPU: MSC8336D<\/p>\n<p>Bateria: 240mAh<\/p>\n<p>Idioma: ingl\u00eas\/russo\/japon\u00eas\/coreano<\/p>\n<p>Suporte para conex\u00e3o WiFi: Sim<\/td>\n<\/tr>\n<tr>\n<td>Detalhes<\/td>\n<td>View Angel: anjo de vis\u00e3o ampla de 130 graus<\/p>\n<p>Sensor de imagem: SONY IMX307<\/p>\n<p>Resolu\u00e7\u00e3o: 1080p<\/p>\n<p>Taxa de quadros: 30FPS<\/p>\n<p>Abertura: F2.2<\/p>\n<p>FOV: 130<\/td>\n<\/tr>\n<\/tbody>\n<\/table>\n<h3 style=\"text-align: left\">conte\u00fado do pacote<\/h3>\n<p style=\"text-align: left\">1xXiaomi <a class=\"\" style=\"width: auto !important\" href=\"https:\/\/www.rucashk.com\/pt\/produto\/mi-70mai-smart-dash-cam-1s\/\" data-wpil-post-to-id=\"4687\">C\u00e2mera inteligente 70mai Dash 1S<\/a> Vers\u00e3o de atualiza\u00e7\u00e3o<\/p>\n<p style=\"text-align: left\">1 X <a class=\"\" style=\"width: auto !important\" href=\"https:\/\/www.rucashk.com\/pt\/produto\/mi-braided-usb-type-c-cable-black\/\" data-wpil-post-to-id=\"15553\">Cabo USB<\/a><\/p>\n<p style=\"text-align: left\">1 X <a class=\"\" style=\"width: auto !important\" href=\"https:\/\/www.rucashk.com\/pt\/produto\/70mai-wireless-car-charger-mount\/\" data-wpil-post-to-id=\"2507\">Carregador de carro<\/a><\/p>\n<p style=\"text-align: left\">1 manual do usu\u00e1rio<\/p>\n<h3 style=\"text-align: left\">Detalhes de embalagem<\/h3>\n<p style=\"text-align: left\">Peso do pacote: 0,33 kg<\/p>\n<p style=\"text-align: left\">Tamanho do pacote: 17,5*9,5*11,5cm<\/p>","protected":false},"excerpt":{"rendered":"<p><b>Caracter\u00edsticas:<\/b><br \/>\n<b>1080P Full HD, grande angular de 130\u00b0:<\/b><br \/>\nEquipado com o novo sensor IMX 307 atualizado, abertura F2.2, grande angular de 130 \u00b0, registre todos os detalhes, seja de dia ou de noite.<br \/>\n<b>Vis\u00e3o Noturna Starvis:<\/b><br \/>\nAdota a tecnologia de vis\u00e3o noturna STARVIS, trazendo excelente efeito de fotografia em baixa ilumina\u00e7\u00e3o \u00e0 noite.<br \/>\n<b>Monitoramento em tempo real do APP:<\/b><br \/>\nConectei o APP com Wi-Fi para visualizar as fotos e conferir os v\u00eddeos gravados.<br \/>\n<b>Monitor de estacionamento 24 horas:<\/b><br \/>\nNo modo de monitoramento de estacionamento, a 1S Dash Cam grava v\u00eddeo automaticamente ao detectar a vibra\u00e7\u00e3o do carro.<\/p>","protected":false},"featured_media":23121,"template":"","meta":[],"product_brand":[],"product_cat":[1289,1288],"product_tag":[649],"class_list":{"0":"post-23053","1":"product","2":"type-product","3":"status-publish","4":"has-post-thumbnail","6":"product_cat-dash-camera","7":"product_cat-e-vehicle-accessories","8":"product_tag-camera","10":"first","11":"instock","12":"shipping-taxable","13":"product-type-external"},"aioseo_notices":[],"aioseo_head":"\n\t\t<!-- All in One SEO Pro 4.5.9.2 - aioseo.com -->\n\t\t<meta name=\"description\" content=\"Features: 1080P Full HD, 130\u00b0 Wide Angle: Equipped with all-new upgraded IMX 307 sensor, F2.2 Aperture, 130\u00b0wide angle, record every detail whether day or night. Starvis Night Vision: Adopts STARVIS night vision technology bringing outstanding shooting effect on the low illumination at night. APP Real-time Monitoring: Connected the APP with Wi-Fi to view the photos and check the recorded videos. 24Hrs Parking Monitor: In the parking monitoring mode, the 1S Dash Cam automatically records video when detecting the car\u2019s vibration.\" \/>\n\t\t<meta name=\"robots\" content=\"max-image-preview:large\" \/>\n\t\t<link rel=\"canonical\" href=\"https:\/\/www.rucashk.com\/pt\/produto\/xiaomi-70mai-d06-1s-smart-dash-cam\/\" \/>\n\t\t<meta name=\"generator\" content=\"All in One SEO Pro (AIOSEO) 4.5.9.2\" \/>\n\t\t<meta property=\"og:locale\" content=\"pt_PT\" \/>\n\t\t<meta property=\"og:site_name\" content=\"Rucas - One-stop AIoT Distribution Worldwide\" \/>\n\t\t<meta property=\"og:type\" content=\"article\" \/>\n\t\t<meta property=\"og:title\" content=\"Xiaomi 70mai D06 1S Smart Dash Cam - Rucas - Wholesale and Distribution\" \/>\n\t\t<meta property=\"og:description\" content=\"Features: 1080P Full HD, 130\u00b0 Wide Angle: Equipped with all-new upgraded IMX 307 sensor, F2.2 Aperture, 130\u00b0wide angle, record every detail whether day or night. Starvis Night Vision: Adopts STARVIS night vision technology bringing outstanding shooting effect on the low illumination at night. APP Real-time Monitoring: Connected the APP with Wi-Fi to view the photos and check the recorded videos. 24Hrs Parking Monitor: In the parking monitoring mode, the 1S Dash Cam automatically records video when detecting the car\u2019s vibration.\" \/>\n\t\t<meta property=\"og:url\" content=\"https:\/\/www.rucashk.com\/pt\/produto\/xiaomi-70mai-d06-1s-smart-dash-cam\/\" \/>\n\t\t<meta property=\"og:image\" content=\"https:\/\/www.rucashk.com\/wp-content\/uploads\/replace\/503b8e645f128a97ccde2b6290747646.jpeg\" \/>\n\t\t<meta property=\"og:image:secure_url\" content=\"https:\/\/www.rucashk.com\/wp-content\/uploads\/replace\/503b8e645f128a97ccde2b6290747646.jpeg\" \/>\n\t\t<meta property=\"og:image:width\" content=\"1456\" \/>\n\t\t<meta property=\"og:image:height\" content=\"816\" \/>\n\t\t<meta property=\"article:published_time\" content=\"2024-01-09T15:51:02+00:00\" \/>\n\t\t<meta property=\"article:modified_time\" content=\"2024-01-21T10:36:54+00:00\" \/>\n\t\t<meta name=\"twitter:card\" content=\"summary_large_image\" \/>\n\t\t<meta name=\"twitter:title\" content=\"Xiaomi 70mai D06 1S Smart Dash Cam - Rucas - Wholesale and Distribution\" \/>\n\t\t<meta name=\"twitter:description\" content=\"Features: 1080P Full HD, 130\u00b0 Wide Angle: Equipped with all-new upgraded IMX 307 sensor, F2.2 Aperture, 130\u00b0wide angle, record every detail whether day or night. Starvis Night Vision: Adopts STARVIS night vision technology bringing outstanding shooting effect on the low illumination at night. APP Real-time Monitoring: Connected the APP with Wi-Fi to view the photos and check the recorded videos. 24Hrs Parking Monitor: In the parking monitoring mode, the 1S Dash Cam automatically records video when detecting the car\u2019s vibration.\" \/>\n\t\t<meta name=\"twitter:image\" content=\"https:\/\/www.rucashk.com\/wp-content\/uploads\/replace\/503b8e645f128a97ccde2b6290747646.jpeg\" \/>\n\t\t<script type=\"application\/ld+json\" class=\"aioseo-schema\">\n\t\t\t{\"@context\":\"https:\\\/\\\/schema.org\",\"@graph\":[{\"@type\":\"BreadcrumbList\",\"@id\":\"https:\\\/\\\/www.rucashk.com\\\/pt\\\/produto\\\/xiaomi-70mai-d06-1s-smart-dash-cam\\\/#breadcrumblist\",\"itemListElement\":[{\"@type\":\"ListItem\",\"@id\":\"https:\\\/\\\/www.rucashk.com\\\/pt\\\/#listItem\",\"position\":1,\"name\":\"Home\",\"item\":\"https:\\\/\\\/www.rucashk.com\\\/pt\\\/\",\"nextItem\":\"https:\\\/\\\/www.rucashk.com\\\/pt\\\/produto\\\/xiaomi-70mai-d06-1s-smart-dash-cam\\\/#listItem\"},{\"@type\":\"ListItem\",\"@id\":\"https:\\\/\\\/www.rucashk.com\\\/pt\\\/produto\\\/xiaomi-70mai-d06-1s-smart-dash-cam\\\/#listItem\",\"position\":2,\"name\":\"Xiaomi 70mai D06 1S Smart Dash Cam\",\"previousItem\":\"https:\\\/\\\/www.rucashk.com\\\/pt\\\/#listItem\"}]},{\"@type\":\"Organization\",\"@id\":\"https:\\\/\\\/www.rucashk.com\\\/pt\\\/#organization\",\"name\":\"Rucas\",\"url\":\"https:\\\/\\\/www.rucashk.com\\\/pt\\\/\",\"logo\":{\"@type\":\"ImageObject\",\"url\":\"https:\\\/\\\/www.rucashk.com\\\/wp-content\\\/uploads\\\/2023\\\/12\\\/Rucas_campany_logo.png\",\"@id\":\"https:\\\/\\\/www.rucashk.com\\\/pt\\\/produto\\\/xiaomi-70mai-d06-1s-smart-dash-cam\\\/#organizationLogo\",\"width\":221,\"height\":65},\"image\":{\"@id\":\"https:\\\/\\\/www.rucashk.com\\\/pt\\\/#organizationLogo\"}},{\"@type\":\"Person\",\"@id\":\"https:\\\/\\\/www.rucashk.com\\\/pt\\\/author\\\/admin\\\/#author\",\"url\":\"https:\\\/\\\/www.rucashk.com\\\/pt\\\/author\\\/admin\\\/\",\"name\":\"admin\",\"image\":{\"@type\":\"ImageObject\",\"@id\":\"https:\\\/\\\/www.rucashk.com\\\/pt\\\/produto\\\/xiaomi-70mai-d06-1s-smart-dash-cam\\\/#authorImage\",\"url\":\"https:\\\/\\\/secure.gravatar.com\\\/avatar\\\/b7c8925b09a27e72b30232f8ecaadbd5af0f70a38c78096863fe51b64f031c24?s=96&d=mm&r=g\",\"width\":96,\"height\":96,\"caption\":\"admin\"}},{\"@type\":\"WebPage\",\"@id\":\"https:\\\/\\\/www.rucashk.com\\\/pt\\\/produto\\\/xiaomi-70mai-d06-1s-smart-dash-cam\\\/#webpage\",\"url\":\"https:\\\/\\\/www.rucashk.com\\\/pt\\\/produto\\\/xiaomi-70mai-d06-1s-smart-dash-cam\\\/\",\"name\":\"Xiaomi 70mai D06 1S Smart Dash Cam - Rucas - Wholesale and Distribution\",\"description\":\"Features: 1080P Full HD, 130\\u00b0 Wide Angle: Equipped with all-new upgraded IMX 307 sensor, F2.2 Aperture, 130\\u00b0wide angle, record every detail whether day or night. Starvis Night Vision: Adopts STARVIS night vision technology bringing outstanding shooting effect on the low illumination at night. APP Real-time Monitoring: Connected the APP with Wi-Fi to view the photos and check the recorded videos. 24Hrs Parking Monitor: In the parking monitoring mode, the 1S Dash Cam automatically records video when detecting the car\\u2019s vibration.\",\"inLanguage\":\"pt-PT\",\"isPartOf\":{\"@id\":\"https:\\\/\\\/www.rucashk.com\\\/pt\\\/#website\"},\"breadcrumb\":{\"@id\":\"https:\\\/\\\/www.rucashk.com\\\/pt\\\/produto\\\/xiaomi-70mai-d06-1s-smart-dash-cam\\\/#breadcrumblist\"},\"author\":{\"@id\":\"https:\\\/\\\/www.rucashk.com\\\/pt\\\/author\\\/admin\\\/#author\"},\"creator\":{\"@id\":\"https:\\\/\\\/www.rucashk.com\\\/pt\\\/author\\\/admin\\\/#author\"},\"image\":{\"@type\":\"ImageObject\",\"url\":\"https:\\\/\\\/www.rucashk.com\\\/wp-content\\\/uploads\\\/2024\\\/01\\\/Xiaomi-Imilab-A1-Camera-1.jpg\",\"@id\":\"https:\\\/\\\/www.rucashk.com\\\/pt\\\/produto\\\/xiaomi-70mai-d06-1s-smart-dash-cam\\\/#mainImage\",\"width\":800,\"height\":800},\"primaryImageOfPage\":{\"@id\":\"https:\\\/\\\/www.rucashk.com\\\/pt\\\/produto\\\/xiaomi-70mai-d06-1s-smart-dash-cam\\\/#mainImage\"},\"datePublished\":\"2024-01-09T15:51:02+00:00\",\"dateModified\":\"2024-01-21T10:36:54+00:00\"},{\"@type\":\"WebSite\",\"@id\":\"https:\\\/\\\/www.rucashk.com\\\/pt\\\/#website\",\"url\":\"https:\\\/\\\/www.rucashk.com\\\/pt\\\/\",\"name\":\"Rucas - Wholesale and distribution worldwide\",\"alternateName\":\"Rucas - One-stop AIoT Distribution Worldwide\",\"description\":\"One-stop AIoT Distribution Worldwide\",\"inLanguage\":\"pt-PT\",\"publisher\":{\"@id\":\"https:\\\/\\\/www.rucashk.com\\\/pt\\\/#organization\"}}]}\n\t\t<\/script>\n\t\t<!-- All in One SEO Pro -->\r\n\t\t<title>Xiaomi 70mai D06 1S Smart Dash Cam - Rucas - Wholesale and Distribution<\/title>\n\n","aioseo_head_json":{"title":"Xiaomi 70mai D06 1S Smart Dash Cam - Rucas - Wholesale and Distribution","description":"Features: 1080P Full HD, 130\u00b0 Wide Angle: Equipped with all-new upgraded IMX 307 sensor, F2.2 Aperture, 130\u00b0wide angle, record every detail whether day or night. Starvis Night Vision: Adopts STARVIS night vision technology bringing outstanding shooting effect on the low illumination at night. APP Real-time Monitoring: Connected the APP with Wi-Fi to view the photos and check the recorded videos. 24Hrs Parking Monitor: In the parking monitoring mode, the 1S Dash Cam automatically records video when detecting the car\u2019s vibration.","canonical_url":"https:\/\/www.rucashk.com\/pt\/produto\/xiaomi-70mai-d06-1s-smart-dash-cam\/","robots":"max-image-preview:large","keywords":"","webmasterTools":{"miscellaneous":""},"og:locale":"pt_PT","og:site_name":"Rucas - One-stop AIoT Distribution Worldwide","og:type":"article","og:title":"Xiaomi 70mai D06 1S Smart Dash Cam - Rucas - Wholesale and Distribution","og:description":"Features: 1080P Full HD, 130\u00b0 Wide Angle: Equipped with all-new upgraded IMX 307 sensor, F2.2 Aperture, 130\u00b0wide angle, record every detail whether day or night. Starvis Night Vision: Adopts STARVIS night vision technology bringing outstanding shooting effect on the low illumination at night. APP Real-time Monitoring: Connected the APP with Wi-Fi to view the photos and check the recorded videos. 24Hrs Parking Monitor: In the parking monitoring mode, the 1S Dash Cam automatically records video when detecting the car\u2019s vibration.","og:url":"https:\/\/www.rucashk.com\/pt\/produto\/xiaomi-70mai-d06-1s-smart-dash-cam\/","og:image":"https:\/\/www.rucashk.com\/wp-content\/uploads\/replace\/503b8e645f128a97ccde2b6290747646.jpeg","og:image:secure_url":"https:\/\/www.rucashk.com\/wp-content\/uploads\/replace\/503b8e645f128a97ccde2b6290747646.jpeg","og:image:width":1456,"og:image:height":816,"article:published_time":"2024-01-09T15:51:02+00:00","article:modified_time":"2024-01-21T10:36:54+00:00","twitter:card":"summary_large_image","twitter:title":"Xiaomi 70mai D06 1S Smart Dash Cam - Rucas - Wholesale and Distribution","twitter:description":"Features: 1080P Full HD, 130\u00b0 Wide Angle: Equipped with all-new upgraded IMX 307 sensor, F2.2 Aperture, 130\u00b0wide angle, record every detail whether day or night. Starvis Night Vision: Adopts STARVIS night vision technology bringing outstanding shooting effect on the low illumination at night. APP Real-time Monitoring: Connected the APP with Wi-Fi to view the photos and check the recorded videos. 24Hrs Parking Monitor: In the parking monitoring mode, the 1S Dash Cam automatically records video when detecting the car\u2019s vibration.","twitter:image":"https:\/\/www.rucashk.com\/wp-content\/uploads\/replace\/503b8e645f128a97ccde2b6290747646.jpeg","schema":{"@context":"https:\/\/schema.org","@graph":[{"@type":"BreadcrumbList","@id":"https:\/\/www.rucashk.com\/pt\/produto\/xiaomi-70mai-d06-1s-smart-dash-cam\/#breadcrumblist","itemListElement":[{"@type":"ListItem","@id":"https:\/\/www.rucashk.com\/pt\/#listItem","position":1,"name":"Home","item":"https:\/\/www.rucashk.com\/pt\/","nextItem":"https:\/\/www.rucashk.com\/pt\/produto\/xiaomi-70mai-d06-1s-smart-dash-cam\/#listItem"},{"@type":"ListItem","@id":"https:\/\/www.rucashk.com\/pt\/produto\/xiaomi-70mai-d06-1s-smart-dash-cam\/#listItem","position":2,"name":"Xiaomi 70mai D06 1S Smart Dash Cam","previousItem":"https:\/\/www.rucashk.com\/pt\/#listItem"}]},{"@type":"Organization","@id":"https:\/\/www.rucashk.com\/pt\/#organization","name":"Rucas","url":"https:\/\/www.rucashk.com\/pt\/","logo":{"@type":"ImageObject","url":"https:\/\/www.rucashk.com\/wp-content\/uploads\/2023\/12\/Rucas_campany_logo.png","@id":"https:\/\/www.rucashk.com\/pt\/produto\/xiaomi-70mai-d06-1s-smart-dash-cam\/#organizationLogo","width":221,"height":65},"image":{"@id":"https:\/\/www.rucashk.com\/pt\/#organizationLogo"}},{"@type":"Person","@id":"https:\/\/www.rucashk.com\/pt\/author\/admin\/#author","url":"https:\/\/www.rucashk.com\/pt\/author\/admin\/","name":"admin","image":{"@type":"ImageObject","@id":"https:\/\/www.rucashk.com\/pt\/produto\/xiaomi-70mai-d06-1s-smart-dash-cam\/#authorImage","url":"https:\/\/secure.gravatar.com\/avatar\/b7c8925b09a27e72b30232f8ecaadbd5af0f70a38c78096863fe51b64f031c24?s=96&d=mm&r=g","width":96,"height":96,"caption":"admin"}},{"@type":"WebPage","@id":"https:\/\/www.rucashk.com\/pt\/produto\/xiaomi-70mai-d06-1s-smart-dash-cam\/#webpage","url":"https:\/\/www.rucashk.com\/pt\/produto\/xiaomi-70mai-d06-1s-smart-dash-cam\/","name":"Xiaomi 70mai D06 1S Smart Dash Cam - Rucas - Wholesale and Distribution","description":"Features: 1080P Full HD, 130\u00b0 Wide Angle: Equipped with all-new upgraded IMX 307 sensor, F2.2 Aperture, 130\u00b0wide angle, record every detail whether day or night. Starvis Night Vision: Adopts STARVIS night vision technology bringing outstanding shooting effect on the low illumination at night. APP Real-time Monitoring: Connected the APP with Wi-Fi to view the photos and check the recorded videos. 24Hrs Parking Monitor: In the parking monitoring mode, the 1S Dash Cam automatically records video when detecting the car\u2019s vibration.","inLanguage":"pt-PT","isPartOf":{"@id":"https:\/\/www.rucashk.com\/pt\/#website"},"breadcrumb":{"@id":"https:\/\/www.rucashk.com\/pt\/produto\/xiaomi-70mai-d06-1s-smart-dash-cam\/#breadcrumblist"},"author":{"@id":"https:\/\/www.rucashk.com\/pt\/author\/admin\/#author"},"creator":{"@id":"https:\/\/www.rucashk.com\/pt\/author\/admin\/#author"},"image":{"@type":"ImageObject","url":"https:\/\/www.rucashk.com\/wp-content\/uploads\/2024\/01\/Xiaomi-Imilab-A1-Camera-1.jpg","@id":"https:\/\/www.rucashk.com\/pt\/produto\/xiaomi-70mai-d06-1s-smart-dash-cam\/#mainImage","width":800,"height":800},"primaryImageOfPage":{"@id":"https:\/\/www.rucashk.com\/pt\/produto\/xiaomi-70mai-d06-1s-smart-dash-cam\/#mainImage"},"datePublished":"2024-01-09T15:51:02+00:00","dateModified":"2024-01-21T10:36:54+00:00"},{"@type":"WebSite","@id":"https:\/\/www.rucashk.com\/pt\/#website","url":"https:\/\/www.rucashk.com\/pt\/","name":"Rucas - Wholesale and distribution worldwide","alternateName":"Rucas - One-stop AIoT Distribution Worldwide","description":"One-stop AIoT Distribution Worldwide","inLanguage":"pt-PT","publisher":{"@id":"https:\/\/www.rucashk.com\/pt\/#organization"}}]}},"aioseo_meta_data":{"post_id":"23053","title":null,"description":null,"keywords":null,"keyphrases":null,"primary_term":null,"canonical_url":null,"og_title":null,"og_description":null,"og_object_type":"default","og_image_type":"default","og_image_url":null,"og_image_width":null,"og_image_height":null,"og_image_custom_url":null,"og_image_custom_fields":null,"og_video":null,"og_custom_url":null,"og_article_section":null,"og_article_tags":null,"twitter_use_og":false,"twitter_card":"default","twitter_image_type":"default","twitter_image_url":null,"twitter_image_custom_url":null,"twitter_image_custom_fields":null,"twitter_title":null,"twitter_description":null,"schema":{"blockGraphs":[],"customGraphs":[],"default":{"data":{"Article":[],"Course":[],"Dataset":[],"FAQPage":[],"Movie":[],"Person":[],"Product":[],"Recipe":[],"Service":[],"SoftwareApplication":[],"WebPage":[]},"graphName":"","isEnabled":true},"graphs":[]},"schema_type":"default","schema_type_options":null,"pillar_content":false,"robots_default":true,"robots_noindex":false,"robots_noarchive":false,"robots_nosnippet":false,"robots_nofollow":false,"robots_noimageindex":false,"robots_noodp":false,"robots_notranslate":false,"robots_max_snippet":null,"robots_max_videopreview":null,"robots_max_imagepreview":"large","priority":null,"frequency":null,"local_seo":null,"breadcrumb_settings":null,"limit_modified_date":false,"created":"2024-04-11 01:55:26","updated":"2025-06-22 16:56:27"},"aioseo_breadcrumb":"<div class=\"aioseo-breadcrumbs\"><span class=\"aioseo-breadcrumb\">\n\t<a href=\"https:\/\/www.rucashk.com\/pt\" title=\"Home\">Home<\/a>\n<\/span><span class=\"aioseo-breadcrumb-separator\">&raquo;<\/span><span class=\"aioseo-breadcrumb\">\n\t<a href=\"https:\/\/www.rucashk.com\/pt\/products\/\" title=\"Produtos\">Produtos<\/a>\n<\/span><span class=\"aioseo-breadcrumb-separator\">&raquo;<\/span><span class=\"aioseo-breadcrumb\">\n\t<a href=\"https:\/\/www.rucashk.com\/pt\/categoria-produto\/e-vehicle-accessories\/\" title=\"E-Vehicle Accessories\">E-Vehicle Accessories<\/a>\n<\/span><span class=\"aioseo-breadcrumb-separator\">&raquo;<\/span><span class=\"aioseo-breadcrumb\">\n\t<a href=\"https:\/\/www.rucashk.com\/pt\/categoria-produto\/e-vehicle-accessories\/dash-camera\/\" title=\"Dash Camera\">Dash Camera<\/a>\n<\/span><span class=\"aioseo-breadcrumb-separator\">&raquo;<\/span><span class=\"aioseo-breadcrumb\">\n\tXiaomi 70mai D06 1S Smart Dash Cam\n<\/span><\/div>","aioseo_breadcrumb_json":[{"label":"Home","link":"https:\/\/www.rucashk.com\/pt"},{"label":"Produtos","link":"https:\/\/www.rucashk.com\/pt\/products\/"},{"label":"E-Vehicle Accessories","link":"https:\/\/www.rucashk.com\/pt\/categoria-produto\/e-vehicle-accessories\/"},{"label":"Dash Camera","link":"https:\/\/www.rucashk.com\/pt\/categoria-produto\/e-vehicle-accessories\/dash-camera\/"},{"label":"Xiaomi 70mai D06 1S Smart Dash Cam","link":"https:\/\/www.rucashk.com\/pt\/produto\/xiaomi-70mai-d06-1s-smart-dash-cam\/"}],"_links":{"self":[{"href":"https:\/\/www.rucashk.com\/pt\/wp-json\/wp\/v2\/product\/23053","targetHints":{"allow":["GET"]}}],"collection":[{"href":"https:\/\/www.rucashk.com\/pt\/wp-json\/wp\/v2\/product"}],"about":[{"href":"https:\/\/www.rucashk.com\/pt\/wp-json\/wp\/v2\/types\/product"}],"wp:featuredmedia":[{"embeddable":true,"href":"https:\/\/www.rucashk.com\/pt\/wp-json\/wp\/v2\/media\/23121"}],"wp:attachment":[{"href":"https:\/\/www.rucashk.com\/pt\/wp-json\/wp\/v2\/media?parent=23053"}],"wp:term":[{"taxonomy":"product_brand","embeddable":true,"href":"https:\/\/www.rucashk.com\/pt\/wp-json\/wp\/v2\/product_brand?post=23053"},{"taxonomy":"product_cat","embeddable":true,"href":"https:\/\/www.rucashk.com\/pt\/wp-json\/wp\/v2\/product_cat?post=23053"},{"taxonomy":"product_tag","embeddable":true,"href":"https:\/\/www.rucashk.com\/pt\/wp-json\/wp\/v2\/product_tag?post=23053"}],"curies":[{"name":"wp","href":"https:\/\/api.w.org\/{rel}","templated":true}]}}