{"id":23007,"date":"2024-01-09T15:50:40","date_gmt":"2024-01-09T15:50:40","guid":{"rendered":"http:\/\/rucashk.com\/?post_type=product&#038;p=23007"},"modified":"2024-03-11T07:47:00","modified_gmt":"2024-03-11T07:47:00","slug":"xiaomi-8a-smartphone","status":"publish","type":"product","link":"https:\/\/www.rucashk.com\/pt\/produto\/xiaomi-8a-smartphone\/","title":{"rendered":"Smartphone Xiaomi 8A"},"content":{"rendered":"<div class=\"tip\">\n<h2 style=\"text-align: center\">Smartphone Xiaomi 8A<\/h2>\n<p style=\"text-align: center\"><img decoding=\"async\" class=\"product_lazy\" src=\"\/wp-content\/uploads\/replace\/4d4fb5a5a464ee2e8876c5cc2a3b308d.jpeg\" alt=\"Xiaomi Redmi 8A 6.22 Inch 4G LTE Smartphone Snapdragon 439 2GB 32GB 12.0MP+8.0MP Dual Cameras Fingerprint ID Dual SIM MIUI 10 Global Version - Blue\" data-original=\"\/\/img.gkbcdn.com\/s3\/d\/201910\/d8a98e93-069d-49be-b432-f8b109d3ea85.jpg\" \/><img decoding=\"async\" class=\"product_lazy\" src=\"\/wp-content\/uploads\/replace\/f9c2c0716689c811bdd9da765694265c.jpeg\" alt=\"Xiaomi Redmi 8A 6.22 Inch 4G LTE Smartphone Snapdragon 439 2GB 32GB 12.0MP+8.0MP Dual Cameras Fingerprint ID Dual SIM MIUI 10 Global Version - Blue\" data-original=\"\/\/img.gkbcdn.com\/s3\/d\/201910\/d8b0c7f8-1c38-4395-ae5a-801078b58c9c.jpg\" \/><img decoding=\"async\" class=\"product_lazy\" src=\"\/wp-content\/uploads\/replace\/56fc762b486827525d8c95fcf3b036ee.jpeg\" alt=\"Xiaomi Redmi 8A 6.22 Inch 4G LTE Smartphone Snapdragon 439 2GB 32GB 12.0MP+8.0MP Dual Cameras Fingerprint ID Dual SIM MIUI 10 Global Version - Blue\" data-original=\"\/\/img.gkbcdn.com\/s3\/d\/201910\/a1d57e5e-d58e-4ed5-968f-9c1847517cec.jpg\" \/><img decoding=\"async\" class=\"product_lazy\" src=\"\/wp-content\/uploads\/replace\/4c2d5765053cf2fecc8e14e6eee15273.jpeg\" alt=\"Xiaomi Redmi 8A 6.22 Inch 4G LTE Smartphone Snapdragon 439 2GB 32GB 12.0MP+8.0MP Dual Cameras Fingerprint ID Dual SIM MIUI 10 Global Version - Blue\" data-original=\"\/\/img.gkbcdn.com\/s3\/d\/201910\/26c5485b-16e5-4f5d-a16b-b1b069339548.jpg\" \/><img decoding=\"async\" class=\"product_lazy\" src=\"\/wp-content\/uploads\/replace\/91a81c1e4c0bfa70ebb4d7698b568838.jpeg\" alt=\"Xiaomi Redmi 8A 6.22 Inch 4G LTE Smartphone Snapdragon 439 2GB 32GB 12.0MP+8.0MP Dual Cameras Fingerprint ID Dual SIM MIUI 10 Global Version - Blue\" data-original=\"\/\/img.gkbcdn.com\/s3\/d\/201910\/2807aff8-ac97-48b5-94cc-8f6283a8ccfa.jpg\" \/><img decoding=\"async\" class=\"product_lazy\" src=\"\/wp-content\/uploads\/replace\/49ffb13b36bd48d20f25c91a9d4673ea.jpeg\" alt=\"Xiaomi Redmi 8A 6.22 Inch 4G LTE Smartphone Snapdragon 439 2GB 32GB 12.0MP+8.0MP Dual Cameras Fingerprint ID Dual SIM MIUI 10 Global Version - Blue\" data-original=\"\/\/img.gkbcdn.com\/s3\/d\/201910\/62350e7a-9603-4f6b-b383-f1b3b93b6c2e.jpg\" \/><img decoding=\"async\" class=\"product_lazy\" src=\"\/wp-content\/uploads\/replace\/a4d61e8a6e93e545fffe6e962a4899e8.jpeg\" alt=\"Xiaomi Redmi 8A 6.22 Inch 4G LTE Smartphone Snapdragon 439 2GB 32GB 12.0MP+8.0MP Dual Cameras Fingerprint ID Dual SIM MIUI 10 Global Version - Blue\" data-original=\"\/\/img.gkbcdn.com\/s3\/d\/201910\/5211e857-be5e-4ed9-98b6-c99442961f80.jpg\" \/><img decoding=\"async\" class=\"product_lazy\" src=\"\/wp-content\/uploads\/replace\/2210c048d5e07509f94f0933cececdef.jpeg\" alt=\"Xiaomi Redmi 8A 6.22 Inch 4G LTE Smartphone Snapdragon 439 2GB 32GB 12.0MP+8.0MP Dual Cameras Fingerprint ID Dual SIM MIUI 10 Global Version - Blue\" data-original=\"\/\/img.gkbcdn.com\/s3\/d\/201910\/f74d6e7b-08f8-44bb-acba-c2770b875b87.jpg\" \/><img decoding=\"async\" class=\"product_lazy\" src=\"\/wp-content\/uploads\/replace\/cbcfc21855c546315e339d20e0a97f01.jpeg\" alt=\"Xiaomi Redmi 8A 6.22 Inch 4G LTE Smartphone Snapdragon 439 2GB 32GB 12.0MP+8.0MP Dual Cameras Fingerprint ID Dual SIM MIUI 10 Global Version - Blue\" data-original=\"\/\/img.gkbcdn.com\/s3\/d\/201910\/9e1b802c-a7ee-4270-aba6-e907425f7f7a.jpg\" \/><img decoding=\"async\" class=\"product_lazy\" src=\"\/wp-content\/uploads\/replace\/c3652cdddaf3a50676f690dbd5c5b837.jpeg\" alt=\"Xiaomi Redmi 8A 6.22 Inch 4G LTE Smartphone Snapdragon 439 2GB 32GB 12.0MP+8.0MP Dual Cameras Fingerprint ID Dual SIM MIUI 10 Global Version - Blue\" data-original=\"\/\/img.gkbcdn.com\/s3\/d\/201910\/0ded354c-1b7c-4dbd-891c-80c40e6fff2a.jpg\" \/><\/p>\n<ul class=\"a-unordered-list a-vertical a-spacing-mini\">\n<li><span class=\"a-list-item\">Tela: Tela sens\u00edvel ao toque capacitiva IPS LCD de 6,22 polegadas com Corning Gorilla Glass 5 \u2013 Resolu\u00e7\u00e3o: 720 x 1520 pixels<\/span><\/li>\n<li><span class=\"a-list-item\">Mem\u00f3ria: 32 GB 2 GB de RAM \u2013 microSD, at\u00e9 512 GB (slot dedicado)<\/span><\/li>\n<li><span class=\"a-list-item\">C\u00e2mera principal: 12 MP, f\/1.8, 1\/2,55\u2033, 1,4\u00b5m, PDAF dual pixel com flash LED, HDR \u2013 C\u00e2mera Selfie: 8 MP, f\/2.0, 1,12\u00b5m com HDR<\/span><\/li>\n<li><span class=\"a-list-item\">SO: Android 9.0 (Torta); MIUI 9 \u2013 Chipset: Qualcomm Snapdragon 439 \u2013 CPU: Octa-core Cortex A53 \u2013 GPU: Adreno 505<\/span><\/li>\n<li><span class=\"a-list-item\">WLAN: Wi-Fi 802.11 b\/g\/n, Wi-Fi Direct, hotspot \u2013 Bluetooth: 4.2, A2DP, LE \u2013 GPS: Sim, com A-GPS, GLONASS, GALILEO, BDS<\/span><\/li>\n<\/ul>\n<\/div>\n<h2 style=\"text-align: center\">Especifica\u00e7\u00e3o<\/h2>\n<table class=\"jbEidtTable aligncenter\" border=\"1\" cellspacing=\"0\" cellpadding=\"5\">\n<tbody>\n<tr>\n<td>Em geral<\/td>\n<td>Marca: Xiaomi<br \/>\nModelo: Redmi 8A<br \/>\nCor azul<\/td>\n<\/tr>\n<tr>\n<td>Sistema<\/td>\n<td>Sistema operacional: MIUI 10<br \/>\nProcessador: Qualcomm <a class=\"\" style=\"width: auto !important\" href=\"https:\/\/www.rucashk.com\/pt\/produto\/mi-mix-3-snapdragon-855-octa-core-5g-smartphone\/\" data-wpil-post-to-id=\"1703\">N\u00facleo Snapdragon 439 Octa<\/a> 1,95 GHz, GPU: Adreno 505<br \/>\nRAM: 2 GB<br \/>\nROM: 32 GB<br \/>\nArmazenamento expans\u00edvel: 256 GB<\/td>\n<\/tr>\n<tr>\n<td>Mostrar<\/td>\n<td>Tipo de tela: tela capacitiva<br \/>\nTamanho da tela: 6,22 polegadas<br \/>\nResolu\u00e7\u00e3o da tela: HD (1520\u00d7720 pixels) <a class=\"\" style=\"width: auto !important\" href=\"https:\/\/www.rucashk.com\/pt\/really-fragrant-lenovo-notebook-xiaoxin-15-update-performance-soars-the-screen-display-is-dazzling\/\" data-wpil-post-to-id=\"7164\">Tela de exibi\u00e7\u00e3o<\/a><\/td>\n<\/tr>\n<tr>\n<td>Rede<\/td>\n<td>Conectividade sem fio: GSM, 3G, 4G, GPS, Wi-Fi, Bluetooth<br \/>\nFrequ\u00eancia:<br \/>\n2G: G\/M B2\/B3\/B5\/B8,<br \/>\n3G: WCDMA B1\/B2\/B5\/B8,<br \/>\n4G: FDD-LTE B1\/B3\/B4\/B5\/B7\/B8\/B20, TD-LTE B38\/B40<br \/>\nBluetooth: Sim<br \/>\nWi-Fi: Sim<br \/>\nGPS: Sim<\/td>\n<\/tr>\n<tr>\n<td>C\u00e2mera<\/td>\n<td>Tipo de c\u00e2mera: C\u00e2meras duplas (uma frontal e outra traseira)<br \/>\nC\u00e2mera traseira: 12,0 MP<br \/>\nC\u00e2mera frontal: 8,0 MP<br \/>\nGrava\u00e7\u00e3o de v\u00eddeo: Sim<\/td>\n<\/tr>\n<tr>\n<td>Conectividade<\/td>\n<td><a class=\"\" style=\"width: auto !important\" href=\"https:\/\/www.rucashk.com\/pt\/produto\/wiko-view4-lite\/\" data-wpil-post-to-id=\"5614\">Slot para cart\u00e3o SIM: Cart\u00e3o Nano SIM duplo duplo<\/a> espera (2 cart\u00f5es Nano Sim + cart\u00e3o 1TF)<br \/>\nSlot para cart\u00e3o TF: Sim<br \/>\nSlot USB: USB tipo C<br \/>\nSa\u00edda de \u00e1udio: Sim (interoperabilidade da boca de carregamento)<br \/>\nMicrofone: Suportado<br \/>\nPalestrante: Suportado<\/td>\n<\/tr>\n<tr>\n<td>meios de comunica\u00e7\u00e3o<\/td>\n<td>Formato de v\u00eddeo: 3GP, MP4, RMVB<br \/>\nFormato de \u00e1udio: WAV, AMR, MP3<br \/>\nFormato de imagem: GIF, JPEG, BMP, PNG<br \/>\nR\u00e1dio FM: suporte de software<\/td>\n<\/tr>\n<tr>\n<td>Linguagem<\/td>\n<td>Bahasa Indon\u00e9sia, Bahasa Melayu, Deutsch, Ingl\u00eas (\u00cdndia), Ingl\u00eas (Reino Unido), Ingl\u00eas (Estados Unidos), Espanol (Espanhol), Espanol (Am\u00e9rica), Franc\u00eas, Italiano, Magyar, Uzbequist\u00e3o, Polon\u00eas, Portugu\u00eas (Brasil), Romana, Esloveno, Vietnamita, Turco, Tcheco, Russo, Ucraniano, B\u00falgaro, Grego, Hindi, Bengali, Gujarati, Assam\u00eas, Tamil, Telugu, Nepal\u00eas, Tailand\u00eas, \u00c1rabe, Persa, Hebraico, Coreano, Chin\u00eas Tradicional\/Simplificado<\/td>\n<\/tr>\n<tr>\n<td>Sensor<\/td>\n<td>Sensor de luz ambiente<br \/>\nSensor de proximidade<br \/>\nB\u00fassola Eletr\u00f4nica<br \/>\nAceler\u00f4metro<\/td>\n<\/tr>\n<tr>\n<td>Caracter\u00edsticas adicionais<\/td>\n<td>4G, 3G, GPS, MP3, MP4, calculadora, gerenciamento de arquivos ES, cron\u00f4metro, calend\u00e1rio, despertador, Miracast, E-mail, G-mail, Identifica\u00e7\u00e3o facial, <a class=\"\" style=\"width: auto !important\" href=\"https:\/\/www.rucashk.com\/pt\/produto\/google-chromecast-latest-model-streaming-media-player\/\" data-wpil-post-to-id=\"13596\">Google Play<\/a> Loja, OTA, etc.<\/td>\n<\/tr>\n<tr>\n<td>Bateria<\/td>\n<td>Tipo de bateria: L\u00edtio<br \/>\nCapacidade: 5000mAh embutido<br \/>\nTempo de espera: cerca de 2 a 3 dias<br \/>\nCarregador: USB<\/td>\n<\/tr>\n<tr>\n<td>Dimens\u00e3o e Peso (Produto Principal)<\/td>\n<td>Dimens\u00e3o: 156,48 x 75,41 x 9,4 mm<br \/>\nPeso: 188g<\/td>\n<\/tr>\n<tr>\n<td>conte\u00fado do pacote<\/td>\n<td>1 \u00d7 telefone<br \/>\n1 \u00d7 bateria embutida<br \/>\n1 \u00d7 <a class=\"\" style=\"width: auto !important\" href=\"https:\/\/www.rucashk.com\/pt\/produto\/mi-braided-usb-type-c-cable-black\/\" data-wpil-post-to-id=\"15553\">Cabo USB<\/a><br \/>\n1 \u00d7 pino de eje\u00e7\u00e3o<br \/>\n1 \u00d7 UE <a class=\"\" style=\"width: auto !important\" href=\"https:\/\/www.rucashk.com\/pt\/produto\/xiaomi-mi-usb-c-charger-65w-output-rate-socket-power-adapter\/\" data-wpil-post-to-id=\"2611\">Adaptador de energia<\/a> (Um adaptador AC correto ser\u00e1 enviado como seu pa\u00eds de envio)<\/td>\n<\/tr>\n<\/tbody>\n<\/table>","protected":false},"excerpt":{"rendered":"<p><strong>Tela:<\/strong>\u00a06.22 inch capacitive screen, HD 1520&#215;720 pixels, 270ppi<\/p>\n<p><strong>CPU:\u00a0<\/strong>Qualcomm Snapdragon 439 Octa-core 1,95 GHz<\/p>\n<p><strong>GPU:\u00a0<\/strong>Adreno 505<\/p>\n<p><strong>Sistema:\u00a0<\/strong>MIUI 10<\/p>\n<p>2GB RAM + 32GB ROM<\/p>\n<p><strong>Cart\u00e3o SIM:<\/strong><\/p>\n<p>Cart\u00e3o Nano SIM duplo em espera dupla<\/p>\n<p><strong>Tipo de c\u00e2mera:<\/strong><\/p>\n<p>Front camera:\u00a08.0 MP<\/p>\n<p>Back camera:\u00a012.0MP<\/p>\n<p><strong>Apoiar:<\/strong><\/p>\n<p>Suporta 4G LTE, Wi-Fi 802.11 b\/g\/n, Bluetooth, GPS + GLONASS, Identifica\u00e7\u00e3o facial<\/p>","protected":false},"featured_media":23084,"template":"","meta":[],"product_brand":[],"product_cat":[1295,1296],"product_tag":[],"class_list":{"0":"post-23007","1":"product","2":"type-product","3":"status-publish","4":"has-post-thumbnail","6":"product_cat-mobile-phone","7":"product_cat-xiaomi-mobile-phone","9":"first","10":"instock","11":"shipping-taxable","12":"product-type-external"},"aioseo_notices":[],"aioseo_head":"\n\t\t<!-- All in One SEO Pro 4.5.9.2 - aioseo.com -->\n\t\t<meta name=\"description\" content=\"Screen: 6.22 inch capacitive screen, HD 1520x720 pixels, 270ppi CPU: Qualcomm Snapdragon 439 Octa core 1.95GHz GPU: Adreno 505 System: MIUI 10 2GB RAM + 32GB ROM SIM Card: Dual Nano SIM Card dual standby Camera Type: Front camera: 8.0 MP Back camera: 12.0MP Support: Support 4G LTE, Wi-Fi 802.11 b\/g\/n, Bluetooth, GPS + GLONASS, Face Identification\" \/>\n\t\t<meta name=\"robots\" content=\"max-image-preview:large\" \/>\n\t\t<link rel=\"canonical\" href=\"https:\/\/www.rucashk.com\/pt\/produto\/xiaomi-8a-smartphone\/\" \/>\n\t\t<meta name=\"generator\" content=\"All in One SEO Pro (AIOSEO) 4.5.9.2\" \/>\n\t\t<meta property=\"og:locale\" content=\"pt_PT\" \/>\n\t\t<meta property=\"og:site_name\" content=\"Rucas - One-stop AIoT Distribution Worldwide\" \/>\n\t\t<meta property=\"og:type\" content=\"article\" \/>\n\t\t<meta property=\"og:title\" content=\"Xiaomi 8A Smartphone - Rucas - Wholesale and Distribution\" \/>\n\t\t<meta property=\"og:description\" content=\"Screen: 6.22 inch capacitive screen, HD 1520x720 pixels, 270ppi CPU: Qualcomm Snapdragon 439 Octa core 1.95GHz GPU: Adreno 505 System: MIUI 10 2GB RAM + 32GB ROM SIM Card: Dual Nano SIM Card dual standby Camera Type: Front camera: 8.0 MP Back camera: 12.0MP Support: Support 4G LTE, Wi-Fi 802.11 b\/g\/n, Bluetooth, GPS + GLONASS, Face Identification\" \/>\n\t\t<meta property=\"og:url\" content=\"https:\/\/www.rucashk.com\/pt\/produto\/xiaomi-8a-smartphone\/\" \/>\n\t\t<meta property=\"og:image\" content=\"https:\/\/www.rucashk.com\/wp-content\/uploads\/replace\/503b8e645f128a97ccde2b6290747646.jpeg\" \/>\n\t\t<meta property=\"og:image:secure_url\" content=\"https:\/\/www.rucashk.com\/wp-content\/uploads\/replace\/503b8e645f128a97ccde2b6290747646.jpeg\" \/>\n\t\t<meta property=\"og:image:width\" content=\"1456\" \/>\n\t\t<meta property=\"og:image:height\" content=\"816\" \/>\n\t\t<meta property=\"article:published_time\" content=\"2024-01-09T15:50:40+00:00\" \/>\n\t\t<meta property=\"article:modified_time\" content=\"2024-03-11T07:47:00+00:00\" \/>\n\t\t<meta name=\"twitter:card\" content=\"summary_large_image\" \/>\n\t\t<meta name=\"twitter:title\" content=\"Xiaomi 8A Smartphone - Rucas - Wholesale and Distribution\" \/>\n\t\t<meta name=\"twitter:description\" content=\"Screen: 6.22 inch capacitive screen, HD 1520x720 pixels, 270ppi CPU: Qualcomm Snapdragon 439 Octa core 1.95GHz GPU: Adreno 505 System: MIUI 10 2GB RAM + 32GB ROM SIM Card: Dual Nano SIM Card dual standby Camera Type: Front camera: 8.0 MP Back camera: 12.0MP Support: Support 4G LTE, Wi-Fi 802.11 b\/g\/n, Bluetooth, GPS + GLONASS, Face Identification\" \/>\n\t\t<meta name=\"twitter:image\" content=\"https:\/\/www.rucashk.com\/wp-content\/uploads\/replace\/503b8e645f128a97ccde2b6290747646.jpeg\" \/>\n\t\t<script type=\"application\/ld+json\" class=\"aioseo-schema\">\n\t\t\t{\"@context\":\"https:\\\/\\\/schema.org\",\"@graph\":[{\"@type\":\"BreadcrumbList\",\"@id\":\"https:\\\/\\\/www.rucashk.com\\\/pt\\\/produto\\\/xiaomi-8a-smartphone\\\/#breadcrumblist\",\"itemListElement\":[{\"@type\":\"ListItem\",\"@id\":\"https:\\\/\\\/www.rucashk.com\\\/pt\\\/#listItem\",\"position\":1,\"name\":\"Home\",\"item\":\"https:\\\/\\\/www.rucashk.com\\\/pt\\\/\",\"nextItem\":\"https:\\\/\\\/www.rucashk.com\\\/pt\\\/produto\\\/xiaomi-8a-smartphone\\\/#listItem\"},{\"@type\":\"ListItem\",\"@id\":\"https:\\\/\\\/www.rucashk.com\\\/pt\\\/produto\\\/xiaomi-8a-smartphone\\\/#listItem\",\"position\":2,\"name\":\"Xiaomi 8A Smartphone\",\"previousItem\":\"https:\\\/\\\/www.rucashk.com\\\/pt\\\/#listItem\"}]},{\"@type\":\"Organization\",\"@id\":\"https:\\\/\\\/www.rucashk.com\\\/pt\\\/#organization\",\"name\":\"Rucas\",\"url\":\"https:\\\/\\\/www.rucashk.com\\\/pt\\\/\",\"logo\":{\"@type\":\"ImageObject\",\"url\":\"https:\\\/\\\/www.rucashk.com\\\/wp-content\\\/uploads\\\/2023\\\/12\\\/Rucas_campany_logo.png\",\"@id\":\"https:\\\/\\\/www.rucashk.com\\\/pt\\\/produto\\\/xiaomi-8a-smartphone\\\/#organizationLogo\",\"width\":221,\"height\":65},\"image\":{\"@id\":\"https:\\\/\\\/www.rucashk.com\\\/pt\\\/#organizationLogo\"}},{\"@type\":\"Person\",\"@id\":\"https:\\\/\\\/www.rucashk.com\\\/pt\\\/author\\\/admin\\\/#author\",\"url\":\"https:\\\/\\\/www.rucashk.com\\\/pt\\\/author\\\/admin\\\/\",\"name\":\"admin\",\"image\":{\"@type\":\"ImageObject\",\"@id\":\"https:\\\/\\\/www.rucashk.com\\\/pt\\\/produto\\\/xiaomi-8a-smartphone\\\/#authorImage\",\"url\":\"https:\\\/\\\/secure.gravatar.com\\\/avatar\\\/b7c8925b09a27e72b30232f8ecaadbd5af0f70a38c78096863fe51b64f031c24?s=96&d=mm&r=g\",\"width\":96,\"height\":96,\"caption\":\"admin\"}},{\"@type\":\"WebPage\",\"@id\":\"https:\\\/\\\/www.rucashk.com\\\/pt\\\/produto\\\/xiaomi-8a-smartphone\\\/#webpage\",\"url\":\"https:\\\/\\\/www.rucashk.com\\\/pt\\\/produto\\\/xiaomi-8a-smartphone\\\/\",\"name\":\"Xiaomi 8A Smartphone - Rucas - Wholesale and Distribution\",\"description\":\"Screen: 6.22 inch capacitive screen, HD 1520x720 pixels, 270ppi CPU: Qualcomm Snapdragon 439 Octa core 1.95GHz GPU: Adreno 505 System: MIUI 10 2GB RAM + 32GB ROM SIM Card: Dual Nano SIM Card dual standby Camera Type: Front camera: 8.0 MP Back camera: 12.0MP Support: Support 4G LTE, Wi-Fi 802.11 b\\\/g\\\/n, Bluetooth, GPS + GLONASS, Face Identification\",\"inLanguage\":\"pt-PT\",\"isPartOf\":{\"@id\":\"https:\\\/\\\/www.rucashk.com\\\/pt\\\/#website\"},\"breadcrumb\":{\"@id\":\"https:\\\/\\\/www.rucashk.com\\\/pt\\\/produto\\\/xiaomi-8a-smartphone\\\/#breadcrumblist\"},\"author\":{\"@id\":\"https:\\\/\\\/www.rucashk.com\\\/pt\\\/author\\\/admin\\\/#author\"},\"creator\":{\"@id\":\"https:\\\/\\\/www.rucashk.com\\\/pt\\\/author\\\/admin\\\/#author\"},\"image\":{\"@type\":\"ImageObject\",\"url\":\"https:\\\/\\\/www.rucashk.com\\\/wp-content\\\/uploads\\\/2024\\\/01\\\/800-800.jpg\",\"@id\":\"https:\\\/\\\/www.rucashk.com\\\/pt\\\/produto\\\/xiaomi-8a-smartphone\\\/#mainImage\",\"width\":800,\"height\":800},\"primaryImageOfPage\":{\"@id\":\"https:\\\/\\\/www.rucashk.com\\\/pt\\\/produto\\\/xiaomi-8a-smartphone\\\/#mainImage\"},\"datePublished\":\"2024-01-09T15:50:40+00:00\",\"dateModified\":\"2024-03-11T07:47:00+00:00\"},{\"@type\":\"WebSite\",\"@id\":\"https:\\\/\\\/www.rucashk.com\\\/pt\\\/#website\",\"url\":\"https:\\\/\\\/www.rucashk.com\\\/pt\\\/\",\"name\":\"Rucas - Wholesale and distribution worldwide\",\"alternateName\":\"Rucas - One-stop AIoT Distribution Worldwide\",\"description\":\"One-stop AIoT Distribution Worldwide\",\"inLanguage\":\"pt-PT\",\"publisher\":{\"@id\":\"https:\\\/\\\/www.rucashk.com\\\/pt\\\/#organization\"}}]}\n\t\t<\/script>\n\t\t<!-- All in One SEO Pro -->\r\n\t\t<title>Xiaomi 8A Smartphone - Rucas - Wholesale and Distribution<\/title>\n\n","aioseo_head_json":{"title":"Xiaomi 8A Smartphone - Rucas - Wholesale and Distribution","description":"Screen: 6.22 inch capacitive screen, HD 1520x720 pixels, 270ppi CPU: Qualcomm Snapdragon 439 Octa core 1.95GHz GPU: Adreno 505 System: MIUI 10 2GB RAM + 32GB ROM SIM Card: Dual Nano SIM Card dual standby Camera Type: Front camera: 8.0 MP Back camera: 12.0MP Support: Support 4G LTE, Wi-Fi 802.11 b\/g\/n, Bluetooth, GPS + GLONASS, Face Identification","canonical_url":"https:\/\/www.rucashk.com\/pt\/produto\/xiaomi-8a-smartphone\/","robots":"max-image-preview:large","keywords":"","webmasterTools":{"miscellaneous":""},"og:locale":"pt_PT","og:site_name":"Rucas - One-stop AIoT Distribution Worldwide","og:type":"article","og:title":"Xiaomi 8A Smartphone - Rucas - Wholesale and Distribution","og:description":"Screen: 6.22 inch capacitive screen, HD 1520x720 pixels, 270ppi CPU: Qualcomm Snapdragon 439 Octa core 1.95GHz GPU: Adreno 505 System: MIUI 10 2GB RAM + 32GB ROM SIM Card: Dual Nano SIM Card dual standby Camera Type: Front camera: 8.0 MP Back camera: 12.0MP Support: Support 4G LTE, Wi-Fi 802.11 b\/g\/n, Bluetooth, GPS + GLONASS, Face Identification","og:url":"https:\/\/www.rucashk.com\/pt\/produto\/xiaomi-8a-smartphone\/","og:image":"https:\/\/www.rucashk.com\/wp-content\/uploads\/replace\/503b8e645f128a97ccde2b6290747646.jpeg","og:image:secure_url":"https:\/\/www.rucashk.com\/wp-content\/uploads\/replace\/503b8e645f128a97ccde2b6290747646.jpeg","og:image:width":1456,"og:image:height":816,"article:published_time":"2024-01-09T15:50:40+00:00","article:modified_time":"2024-03-11T07:47:00+00:00","twitter:card":"summary_large_image","twitter:title":"Xiaomi 8A Smartphone - Rucas - Wholesale and Distribution","twitter:description":"Screen: 6.22 inch capacitive screen, HD 1520x720 pixels, 270ppi CPU: Qualcomm Snapdragon 439 Octa core 1.95GHz GPU: Adreno 505 System: MIUI 10 2GB RAM + 32GB ROM SIM Card: Dual Nano SIM Card dual standby Camera Type: Front camera: 8.0 MP Back camera: 12.0MP Support: Support 4G LTE, Wi-Fi 802.11 b\/g\/n, Bluetooth, GPS + GLONASS, Face Identification","twitter:image":"https:\/\/www.rucashk.com\/wp-content\/uploads\/replace\/503b8e645f128a97ccde2b6290747646.jpeg","schema":{"@context":"https:\/\/schema.org","@graph":[{"@type":"BreadcrumbList","@id":"https:\/\/www.rucashk.com\/pt\/produto\/xiaomi-8a-smartphone\/#breadcrumblist","itemListElement":[{"@type":"ListItem","@id":"https:\/\/www.rucashk.com\/pt\/#listItem","position":1,"name":"Home","item":"https:\/\/www.rucashk.com\/pt\/","nextItem":"https:\/\/www.rucashk.com\/pt\/produto\/xiaomi-8a-smartphone\/#listItem"},{"@type":"ListItem","@id":"https:\/\/www.rucashk.com\/pt\/produto\/xiaomi-8a-smartphone\/#listItem","position":2,"name":"Xiaomi 8A Smartphone","previousItem":"https:\/\/www.rucashk.com\/pt\/#listItem"}]},{"@type":"Organization","@id":"https:\/\/www.rucashk.com\/pt\/#organization","name":"Rucas","url":"https:\/\/www.rucashk.com\/pt\/","logo":{"@type":"ImageObject","url":"https:\/\/www.rucashk.com\/wp-content\/uploads\/2023\/12\/Rucas_campany_logo.png","@id":"https:\/\/www.rucashk.com\/pt\/produto\/xiaomi-8a-smartphone\/#organizationLogo","width":221,"height":65},"image":{"@id":"https:\/\/www.rucashk.com\/pt\/#organizationLogo"}},{"@type":"Person","@id":"https:\/\/www.rucashk.com\/pt\/author\/admin\/#author","url":"https:\/\/www.rucashk.com\/pt\/author\/admin\/","name":"admin","image":{"@type":"ImageObject","@id":"https:\/\/www.rucashk.com\/pt\/produto\/xiaomi-8a-smartphone\/#authorImage","url":"https:\/\/secure.gravatar.com\/avatar\/b7c8925b09a27e72b30232f8ecaadbd5af0f70a38c78096863fe51b64f031c24?s=96&d=mm&r=g","width":96,"height":96,"caption":"admin"}},{"@type":"WebPage","@id":"https:\/\/www.rucashk.com\/pt\/produto\/xiaomi-8a-smartphone\/#webpage","url":"https:\/\/www.rucashk.com\/pt\/produto\/xiaomi-8a-smartphone\/","name":"Xiaomi 8A Smartphone - Rucas - Wholesale and Distribution","description":"Screen: 6.22 inch capacitive screen, HD 1520x720 pixels, 270ppi CPU: Qualcomm Snapdragon 439 Octa core 1.95GHz GPU: Adreno 505 System: MIUI 10 2GB RAM + 32GB ROM SIM Card: Dual Nano SIM Card dual standby Camera Type: Front camera: 8.0 MP Back camera: 12.0MP Support: Support 4G LTE, Wi-Fi 802.11 b\/g\/n, Bluetooth, GPS + GLONASS, Face Identification","inLanguage":"pt-PT","isPartOf":{"@id":"https:\/\/www.rucashk.com\/pt\/#website"},"breadcrumb":{"@id":"https:\/\/www.rucashk.com\/pt\/produto\/xiaomi-8a-smartphone\/#breadcrumblist"},"author":{"@id":"https:\/\/www.rucashk.com\/pt\/author\/admin\/#author"},"creator":{"@id":"https:\/\/www.rucashk.com\/pt\/author\/admin\/#author"},"image":{"@type":"ImageObject","url":"https:\/\/www.rucashk.com\/wp-content\/uploads\/2024\/01\/800-800.jpg","@id":"https:\/\/www.rucashk.com\/pt\/produto\/xiaomi-8a-smartphone\/#mainImage","width":800,"height":800},"primaryImageOfPage":{"@id":"https:\/\/www.rucashk.com\/pt\/produto\/xiaomi-8a-smartphone\/#mainImage"},"datePublished":"2024-01-09T15:50:40+00:00","dateModified":"2024-03-11T07:47:00+00:00"},{"@type":"WebSite","@id":"https:\/\/www.rucashk.com\/pt\/#website","url":"https:\/\/www.rucashk.com\/pt\/","name":"Rucas - Wholesale and distribution worldwide","alternateName":"Rucas - One-stop AIoT Distribution Worldwide","description":"One-stop AIoT Distribution Worldwide","inLanguage":"pt-PT","publisher":{"@id":"https:\/\/www.rucashk.com\/pt\/#organization"}}]}},"aioseo_meta_data":{"post_id":"23007","title":null,"description":null,"keywords":null,"keyphrases":null,"primary_term":null,"canonical_url":null,"og_title":null,"og_description":null,"og_object_type":"default","og_image_type":"default","og_image_url":null,"og_image_width":null,"og_image_height":null,"og_image_custom_url":null,"og_image_custom_fields":null,"og_video":null,"og_custom_url":null,"og_article_section":null,"og_article_tags":null,"twitter_use_og":false,"twitter_card":"default","twitter_image_type":"default","twitter_image_url":null,"twitter_image_custom_url":null,"twitter_image_custom_fields":null,"twitter_title":null,"twitter_description":null,"schema":{"blockGraphs":[],"customGraphs":[],"default":{"data":{"Article":[],"Course":[],"Dataset":[],"FAQPage":[],"Movie":[],"Person":[],"Product":[],"Recipe":[],"Service":[],"SoftwareApplication":[],"WebPage":[]},"graphName":"","isEnabled":true},"graphs":[]},"schema_type":"default","schema_type_options":null,"pillar_content":false,"robots_default":true,"robots_noindex":false,"robots_noarchive":false,"robots_nosnippet":false,"robots_nofollow":false,"robots_noimageindex":false,"robots_noodp":false,"robots_notranslate":false,"robots_max_snippet":null,"robots_max_videopreview":null,"robots_max_imagepreview":"large","priority":null,"frequency":null,"local_seo":null,"breadcrumb_settings":null,"limit_modified_date":false,"created":"2024-04-11 01:55:25","updated":"2025-06-22 16:55:04"},"aioseo_breadcrumb":"<div class=\"aioseo-breadcrumbs\"><span class=\"aioseo-breadcrumb\">\n\t<a href=\"https:\/\/www.rucashk.com\/pt\" title=\"Home\">Home<\/a>\n<\/span><span class=\"aioseo-breadcrumb-separator\">&raquo;<\/span><span class=\"aioseo-breadcrumb\">\n\t<a href=\"https:\/\/www.rucashk.com\/pt\/products\/\" title=\"Produtos\">Produtos<\/a>\n<\/span><span class=\"aioseo-breadcrumb-separator\">&raquo;<\/span><span class=\"aioseo-breadcrumb\">\n\t<a href=\"https:\/\/www.rucashk.com\/pt\/categoria-produto\/mobile-phone\/\" title=\"Mobile Phone\">Mobile Phone<\/a>\n<\/span><span class=\"aioseo-breadcrumb-separator\">&raquo;<\/span><span class=\"aioseo-breadcrumb\">\n\t<a href=\"https:\/\/www.rucashk.com\/pt\/categoria-produto\/mobile-phone\/xiaomi-mobile-phone\/\" title=\"Xiaomi\">Xiaomi<\/a>\n<\/span><span class=\"aioseo-breadcrumb-separator\">&raquo;<\/span><span class=\"aioseo-breadcrumb\">\n\tXiaomi 8A Smartphone\n<\/span><\/div>","aioseo_breadcrumb_json":[{"label":"Home","link":"https:\/\/www.rucashk.com\/pt"},{"label":"Produtos","link":"https:\/\/www.rucashk.com\/pt\/products\/"},{"label":"Mobile Phone","link":"https:\/\/www.rucashk.com\/pt\/categoria-produto\/mobile-phone\/"},{"label":"Xiaomi","link":"https:\/\/www.rucashk.com\/pt\/categoria-produto\/mobile-phone\/xiaomi-mobile-phone\/"},{"label":"Xiaomi 8A Smartphone","link":"https:\/\/www.rucashk.com\/pt\/produto\/xiaomi-8a-smartphone\/"}],"_links":{"self":[{"href":"https:\/\/www.rucashk.com\/pt\/wp-json\/wp\/v2\/product\/23007","targetHints":{"allow":["GET"]}}],"collection":[{"href":"https:\/\/www.rucashk.com\/pt\/wp-json\/wp\/v2\/product"}],"about":[{"href":"https:\/\/www.rucashk.com\/pt\/wp-json\/wp\/v2\/types\/product"}],"wp:featuredmedia":[{"embeddable":true,"href":"https:\/\/www.rucashk.com\/pt\/wp-json\/wp\/v2\/media\/23084"}],"wp:attachment":[{"href":"https:\/\/www.rucashk.com\/pt\/wp-json\/wp\/v2\/media?parent=23007"}],"wp:term":[{"taxonomy":"product_brand","embeddable":true,"href":"https:\/\/www.rucashk.com\/pt\/wp-json\/wp\/v2\/product_brand?post=23007"},{"taxonomy":"product_cat","embeddable":true,"href":"https:\/\/www.rucashk.com\/pt\/wp-json\/wp\/v2\/product_cat?post=23007"},{"taxonomy":"product_tag","embeddable":true,"href":"https:\/\/www.rucashk.com\/pt\/wp-json\/wp\/v2\/product_tag?post=23007"}],"curies":[{"name":"wp","href":"https:\/\/api.w.org\/{rel}","templated":true}]}}