{"id":23004,"date":"2024-01-09T15:50:39","date_gmt":"2024-01-09T15:50:39","guid":{"rendered":"http:\/\/rucashk.com\/?post_type=product&#038;p=23004"},"modified":"2024-03-11T07:50:04","modified_gmt":"2024-03-11T07:50:04","slug":"xiaomi-8-lite-smartphone","status":"publish","type":"product","link":"https:\/\/www.rucashk.com\/pt\/produto\/xiaomi-8-lite-smartphone\/","title":{"rendered":"Smartphone Xiaomi 8 Lite"},"content":{"rendered":"<div id=\"imgBox\">\n<p><img class=\"bg_lazy aligncenter\" title=\"Xiaomi Mi8 Mi 8 Lite Vers\u00e3o Global 6,26 polegadas 6GB 128GB Snapdragon 660 Octa core 4G Smartphone\" alt=\"Xiaomi 8 Lite Smartphone\" data-original=\"https:\/\/imgaz.staticbg.com\/images\/oaupload\/banggood\/images\/69\/30\/f90fbb10-9c2f-400e-895d-3b463f324965.jpg\" \/><\/p>\n<h2 style=\"text-align: center\">Smartphone Xiaomi 8 Lite<img fetchpriority=\"high\" decoding=\"async\" class=\"product_lazy aligncenter\" src=\"\/wp-content\/uploads\/replace\/8f8004200fe6e9c71ff8c5178b999b8e.jpeg\" alt=\"Xiaomi 8 Lite\" width=\"1000\" height=\"750\" data-original=\"\/\/img.gkbcdn.com\/s3\/d\/201809\/0762796f-2ca5-46da-b712-9ea789b3b635.jpg\" \/><img decoding=\"async\" class=\"product_lazy aligncenter\" src=\"\/wp-content\/uploads\/replace\/4b7dacadc01f323ecfec73d8d616e9d6.jpeg\" alt=\"Xiaomi 8 Lite\" width=\"1000\" height=\"260\" data-original=\"\/\/img.gkbcdn.com\/s3\/d\/201809\/aee2cc7c-a448-4869-8785-b8336c2f0695.jpg\" \/><img decoding=\"async\" class=\"product_lazy aligncenter\" src=\"\/wp-content\/uploads\/replace\/17b87b432105bc85c11bf2c4e021f953.jpeg\" alt=\"Xiaomi 8 Lite\" width=\"1000\" height=\"1022\" data-original=\"\/\/img.gkbcdn.com\/s3\/d\/201809\/d6d80a29-a696-475b-8ac1-57cd55d76c1d.jpg\" \/><img loading=\"lazy\" decoding=\"async\" class=\"product_lazy aligncenter\" src=\"\/wp-content\/uploads\/replace\/305a6a9f85bcadc2b1d1e6377e25dae5.jpeg\" alt=\"Xiaomi 8 Lite\" width=\"1000\" height=\"552\" data-original=\"\/\/img.gkbcdn.com\/s3\/d\/201809\/5962ea61-ba5b-4dd7-86e8-b9a0f7a420df.jpg\" \/><img loading=\"lazy\" decoding=\"async\" class=\"product_lazy aligncenter\" src=\"\/wp-content\/uploads\/replace\/9ed04fcf5d986f0cf23618e535a10052.jpeg\" alt=\"Xiaomi 8 Lite\" width=\"1000\" height=\"812\" data-original=\"\/\/img.gkbcdn.com\/s3\/d\/201809\/3812c883-2ad9-4b35-a356-c59e9f1daf3b.jpg\" \/><img loading=\"lazy\" decoding=\"async\" class=\"product_lazy aligncenter\" src=\"\/wp-content\/uploads\/replace\/e07ffe32cd68b5a61c2c2dd64f7d30a2.jpeg\" alt=\"Xiaomi 8 Lite\" width=\"1000\" height=\"680\" data-original=\"\/\/img.gkbcdn.com\/s3\/d\/201809\/24131778-fbb5-4a14-97c9-d38b6522e64f.jpg\" \/><img loading=\"lazy\" decoding=\"async\" class=\"product_lazy aligncenter\" src=\"\/wp-content\/uploads\/replace\/f6f80fa60173fa3e8e821f535786a3d7.jpeg\" alt=\"Xiaomi 8 Lite\" width=\"1000\" height=\"631\" data-original=\"\/\/img.gkbcdn.com\/s3\/d\/201809\/22fb3837-e41c-4ac7-b41d-6422e2e07f24.jpg\" \/><img decoding=\"async\" class=\"product_lazy\" src=\"\/wp-content\/uploads\/replace\/6afdcb25e319af275a05a30dcacd850d.jpeg\" alt=\"Xiaomi Mi 8 Lite 6.26 Inch 4G LTE Smartphone Snapdragon 660 6GB 64GB 12.0MP+5.0MP Dual Rear Cameras MIUI 9 Touch ID Type-C Fast Charge English and Chinese Version - Twilight Gold\" data-original=\"\/\/img.gkbcdn.com\/s3\/d\/201809\/0c5c6adf-b74f-4647-b3b9-943037d8f319.jpg\" \/><img loading=\"lazy\" decoding=\"async\" class=\"product_lazy aligncenter\" src=\"\/wp-content\/uploads\/replace\/ff93da9370f03553adf2331d12cc190c.jpeg\" alt=\"Xiaomi 8 Lite\" width=\"1000\" height=\"785\" data-original=\"\/\/img.gkbcdn.com\/s3\/d\/201809\/5dc78af4-4c74-4a47-8a15-525fe55001df.jpg\" \/><img loading=\"lazy\" decoding=\"async\" class=\"product_lazy aligncenter\" src=\"\/wp-content\/uploads\/replace\/347d3a3383b02939695ee9eea28cddf2.jpeg\" alt=\"Xiaomi 8 Lite\" width=\"1000\" height=\"877\" data-original=\"\/\/img.gkbcdn.com\/s3\/d\/201809\/44c37be6-702f-45f6-a271-e9126f6dc86e.jpg\" \/><img loading=\"lazy\" decoding=\"async\" class=\"product_lazy aligncenter\" src=\"\/wp-content\/uploads\/replace\/ba51479aecb88042276165a8ef61e59f.jpeg\" alt=\"Xiaomi 8 Lite\" width=\"1000\" height=\"544\" data-original=\"\/\/img.gkbcdn.com\/s3\/d\/201809\/644c529d-3e59-4815-8f0c-fcaf8c8d8693.jpg\" \/><img loading=\"lazy\" decoding=\"async\" class=\"product_lazy aligncenter\" src=\"\/wp-content\/uploads\/replace\/faa750bc89d1bedeb3742d2184ebae86.jpeg\" alt=\"Xiaomi 8 Lite\" width=\"1000\" height=\"764\" data-original=\"\/\/img.gkbcdn.com\/s3\/d\/201809\/6d80ddda-a431-42b0-bc52-4ae42b1b9424.jpg\" \/><img loading=\"lazy\" decoding=\"async\" class=\"product_lazy aligncenter\" src=\"\/wp-content\/uploads\/replace\/bdb05378a6c4960487be23f570a59cf3.jpeg\" alt=\"Xiaomi 8 Lite\" width=\"1000\" height=\"882\" data-original=\"\/\/img.gkbcdn.com\/s3\/d\/201809\/68169cb3-ab2d-4873-974c-f87ed389a727.jpg\" \/><img loading=\"lazy\" decoding=\"async\" class=\"product_lazy aligncenter\" src=\"\/wp-content\/uploads\/replace\/7181dc78b763695ca0b7c76750037448.jpeg\" alt=\"Xiaomi 8 Lite\" width=\"1000\" height=\"478\" data-original=\"\/\/img.gkbcdn.com\/s3\/d\/201809\/c94acb5f-3152-4f9b-9069-a7a83c3ebce5.jpg\" \/><img loading=\"lazy\" decoding=\"async\" class=\"product_lazy aligncenter\" src=\"\/wp-content\/uploads\/replace\/19aec41bfff1259d9ead2212efd66c1a.jpeg\" alt=\"Xiaomi 8 Lite\" width=\"1000\" height=\"507\" data-original=\"\/\/img.gkbcdn.com\/s3\/d\/201809\/05135e60-963a-44c5-8531-516dddcbe28c.jpg\" \/><img loading=\"lazy\" decoding=\"async\" class=\"product_lazy aligncenter\" src=\"\/wp-content\/uploads\/replace\/e132e6d57cf220ba48c91da6127526e1.jpeg\" alt=\"Xiaomi 8 Lite\" width=\"1000\" height=\"506\" data-original=\"\/\/img.gkbcdn.com\/s3\/d\/201809\/67f2ea8a-85c7-4ac6-8498-d783a9823cc2.jpg\" \/><img decoding=\"async\" class=\"product_lazy\" src=\"\/wp-content\/uploads\/replace\/51ef659acc99d673b06a06f2107e1755.jpeg\" alt=\"Xiaomi Mi 8 Lite 6.26 Inch 4G LTE Smartphone Snapdragon 660 6GB 64GB 12.0MP+5.0MP Dual Rear Cameras MIUI 9 Touch ID Type-C Fast Charge English and Chinese Version - Twilight Gold\" data-original=\"\/\/img.gkbcdn.com\/s3\/d\/201809\/9e74b00d-8d1d-4de3-a6c3-b6e380411819.jpg\" \/><img loading=\"lazy\" decoding=\"async\" class=\"product_lazy aligncenter\" src=\"\/wp-content\/uploads\/replace\/274c4ae421867d3e568b7ff5dc368b41.jpeg\" alt=\"Xiaomi 8 Lite\" width=\"1000\" height=\"503\" data-original=\"\/\/img.gkbcdn.com\/s3\/d\/201809\/41ff72ba-5d51-4ec7-acf9-8b4bddd341bc.jpg\" \/><\/h2>\n<p><img class=\"bg_lazy\" title=\"Xiaomi Mi8 Mi 8 Lite Vers\u00e3o Global 6,26 polegadas 6GB 128GB Snapdragon 660 Octa core 4G Smartphone\" alt=\"Xiaomi 8 Lite Smartphone\" data-original=\"https:\/\/imgaz.staticbg.com\/images\/oaupload\/banggood\/images\/4F\/96\/3e2da682-36f5-4cbe-93c2-5f34ec898ec8.jpg\" \/><br \/>\n<img class=\"bg_lazy\" title=\"Xiaomi Mi8 Mi 8 Lite Vers\u00e3o Global 6,26 polegadas 6GB 128GB Snapdragon 660 Octa core 4G Smartphone\" alt=\"Xiaomi 8 Lite Smartphone\" data-original=\"https:\/\/imgaz.staticbg.com\/images\/oaupload\/banggood\/images\/01\/BA\/0c2a4070-4156-4ccc-ae6f-5022c32405c7.jpg\" \/><\/p>\n<ul class=\"a-unordered-list a-vertical a-spacing-mini\">\n<li><span class=\"a-list-item\">Bandas 3G HSDPA 850\/900\/1700 (AWS) \/ 1900\/2100 - Bandas 4G globais Banda LTE 1(2100), 2(1900), 3(1800), 4(1700\/2100), 5(850), 7( 2600), 8(900), 20(800), 28(700), 38(2600), 40(2300) \u2013 Global \u2013 APENAS PORTADORAS GSM, N\u00c3O PORTADORAS CDMA COMO VERIZON\/SPRINT<\/span><\/li>\n<li><span class=\"a-list-item\">6,26 polegadas 2280 x 1080 FHD+, 403 PP 19:9 Tela cheia \u2013 Acabamento traseiro gradiente semelhante a um espelho -Porta de carregamento USB tipo C<\/span><\/li>\n<li><span class=\"a-list-item\"><a href=\"https:\/\/www.rucashk.com\/pt\/produto\/xiaomi-mi-a3-4g-smartphone-4gb-ram-128gb-rom\/\" class=\"\" style=\"width: auto !important\" data-wpil-post-to-id=\"2352\">ROM de 128 GB + 6 GB de RAM<\/a> \u2013 Processador Qualcomm Snapdragon 660 14nm Octa-core \u2013 Bateria Li-Po 3350 mAh n\u00e3o remov\u00edvel<\/span><\/li>\n<li><span class=\"a-list-item\">C\u00e2mera traseira (PRINCIPAL): 12MP <a href=\"https:\/\/www.rucashk.com\/pt\/produto\/xiaomi-pocophone-f1-64gb-6gb-ram-dual-camera\/\" class=\"\" style=\"width: auto !important\" data-wpil-post-to-id=\"11721\">+ 5 MP AI duplo<\/a> c\u00e2mera, foco autom\u00e1tico Dual Pixel, pixels de 1,4\u03bcm \u2013 <a href=\"https:\/\/www.rucashk.com\/pt\/produto\/xiaomi-mi-6x\/\" class=\"\" style=\"width: auto !important\" data-wpil-post-to-id=\"14334\">C\u00e2mera frontal: c\u00e2mera selfie de 24 MP<\/a><\/span><\/li>\n<li><span class=\"a-list-item\">Telefone modelo internacional, funcionar\u00e1 com a maioria dos cart\u00f5es SIM GSM nos EUA e no mundo, incluindo AT&amp;T, T-Mobile, MetroPCS, etc. N\u00c3O funcionar\u00e1 com operadoras CDMA, como Verizon, Sprint, Boost. ID FCC: 2AFZZ-XMD2TG<\/span><\/li>\n<\/ul>\n<\/div>\n<div>Especifica\u00e7\u00f5es: Modelo: <a class=\"\" style=\"width: auto !important\" href=\"https:\/\/www.rucashk.com\/pt\/produto\/mi-mix-3-snapdragon-855-octa-core-5g-smartphone\/\" data-wpil-post-to-id=\"1703\">Xiaomi Mi<\/a> 8 leve<\/div>\n<div>Cor: cinza escuro, azul<\/div>\n<div>Tamanho: 156*75*7,5mm Tela: 6,26<\/div>\n<div>polegadas 19:9 <a class=\"\" style=\"width: auto !important\" href=\"https:\/\/www.rucashk.com\/pt\/xiaomi-full-screen-tv-pro65-inch-evaluation-tv-is-big-and-thin-massive-resources-are-exhausted\/\" data-wpil-post-to-id=\"7045\">tela cheia<\/a><\/div>\n<div>Bateria: 3350mAh<\/div>\n<div>RAM: 6G\/4G ROM: 128G\/64G<\/div>\n<div>C\u00e2mera: Opera\u00e7\u00e3o de 24 MP (frontal)<\/div>\n<div>Sistema: para Android<\/div>\n<div>Tipo de plugue: EUA, UE<\/div>\n<div>Rede: 4G+\/4G\/3G\/2G<\/div>\n<div>Contrato de suporte 802.11a\/b\/g\/n\/ac<\/div>\n<div>Suporte 2.<a class=\"\" style=\"width: auto !important\" href=\"https:\/\/www.rucashk.com\/pt\/oracle-plans-to-sell-4g-5g-core-network-services-to-mobile-operators\/\" data-wpil-post-to-id=\"11060\">4G Wi-Fi\/Suporte 5G<\/a> Wi-fi \/<\/div>\n<div>Suporte WiFi direto<\/div>\n<div>Suporte para exibi\u00e7\u00e3o WiFi<\/div>\n<div>Suporte Bluetooth 5.0<\/div>\n<div>Tipo:Plugue EUA 4 + 64G \u00a3\u00afPlugue UE 4 + 64G \u00a3\u00afPlugue EUA 6 + 64G \u00a3\u00afPlugue UE 6 + 64G \u00a3\u00afPlugue EUA 4 + 128G \u00a3\u00afPlugue UE 4 + 128G \u00a3\u00afPlugue EUA 6 + 128G\u00a3 \u00afPlugue UE 6+128G<\/div>\n<div><\/div>\n<div>Pacote inclu\u00eddo: 1 x <a class=\"\" style=\"width: auto !important\" href=\"https:\/\/www.rucashk.com\/pt\/top-10-mobile-phone-manufacturers-again-refresh-xiaomi-4th-huawei-2nd-one-black-horse-come-out\/\" data-wpil-post-to-id=\"2937\">Celular<\/a><\/div>\n<div>1 x <a class=\"\" style=\"width: auto !important\" href=\"https:\/\/www.rucashk.com\/pt\/produto\/roidmi-c1-quick-and-intelligent-car-charger-metal-dual-usb\/\" data-wpil-post-to-id=\"2628\">Carregador 1 x USB<\/a> Cabo<\/div>\n<div>1 x Manual do Usu\u00e1rio<\/div>\n<div><\/div>\n<div><\/div>","protected":false},"excerpt":{"rendered":"<p>Caracter\u00edsticas:<\/p>\n<p>for Android system.<\/p>\n<p>Multi Function: Alarm, Calendar,<\/p>\n<p>Calculator, Audio recorder, Video recorder, GPRS\/WAP\/WIFI.<\/p>\n<p>Best gifts for your loved one.<\/p>\n<p>The phone is the symbol for your fashion.<\/p>\n<p>The smart phone has 6.26 inch full screen display.<\/p>","protected":false},"featured_media":23074,"template":"","meta":[],"product_brand":[],"product_cat":[1295,1296],"product_tag":[],"class_list":{"0":"post-23004","1":"product","2":"type-product","3":"status-publish","4":"has-post-thumbnail","6":"product_cat-mobile-phone","7":"product_cat-xiaomi-mobile-phone","9":"first","10":"instock","11":"shipping-taxable","12":"product-type-external"},"aioseo_notices":[],"aioseo_head":"\n\t\t<!-- All in One SEO Pro 4.5.9.2 - aioseo.com -->\n\t\t<meta name=\"description\" content=\"Features: for Android system. Multi Function: Alarm, Calendar, Calculator, Audio recorder, Video recorder, GPRS\/WAP\/WIFI. Best gifts for your loved one. The phone is the symbol for your fashion. The smart phone has 6.26 inch full screen display.\" \/>\n\t\t<meta name=\"robots\" content=\"max-image-preview:large\" \/>\n\t\t<link rel=\"canonical\" href=\"https:\/\/www.rucashk.com\/pt\/produto\/xiaomi-8-lite-smartphone\/\" \/>\n\t\t<meta name=\"generator\" content=\"All in One SEO Pro (AIOSEO) 4.5.9.2\" \/>\n\t\t<meta property=\"og:locale\" content=\"pt_PT\" \/>\n\t\t<meta property=\"og:site_name\" content=\"Rucas - One-stop AIoT Distribution Worldwide\" \/>\n\t\t<meta property=\"og:type\" content=\"article\" \/>\n\t\t<meta property=\"og:title\" content=\"Xiaomi 8 Lite Smartphone - Rucas - Wholesale and Distribution\" \/>\n\t\t<meta property=\"og:description\" content=\"Features: for Android system. Multi Function: Alarm, Calendar, Calculator, Audio recorder, Video recorder, GPRS\/WAP\/WIFI. Best gifts for your loved one. The phone is the symbol for your fashion. The smart phone has 6.26 inch full screen display.\" \/>\n\t\t<meta property=\"og:url\" content=\"https:\/\/www.rucashk.com\/pt\/produto\/xiaomi-8-lite-smartphone\/\" \/>\n\t\t<meta property=\"og:image\" content=\"https:\/\/www.rucashk.com\/wp-content\/uploads\/replace\/503b8e645f128a97ccde2b6290747646.jpeg\" \/>\n\t\t<meta property=\"og:image:secure_url\" content=\"https:\/\/www.rucashk.com\/wp-content\/uploads\/replace\/503b8e645f128a97ccde2b6290747646.jpeg\" \/>\n\t\t<meta property=\"og:image:width\" content=\"1456\" \/>\n\t\t<meta property=\"og:image:height\" content=\"816\" \/>\n\t\t<meta property=\"article:published_time\" content=\"2024-01-09T15:50:39+00:00\" \/>\n\t\t<meta property=\"article:modified_time\" content=\"2024-03-11T07:50:04+00:00\" \/>\n\t\t<meta name=\"twitter:card\" content=\"summary_large_image\" \/>\n\t\t<meta name=\"twitter:title\" content=\"Xiaomi 8 Lite Smartphone - Rucas - Wholesale and Distribution\" \/>\n\t\t<meta name=\"twitter:description\" content=\"Features: for Android system. Multi Function: Alarm, Calendar, Calculator, Audio recorder, Video recorder, GPRS\/WAP\/WIFI. Best gifts for your loved one. The phone is the symbol for your fashion. The smart phone has 6.26 inch full screen display.\" \/>\n\t\t<meta name=\"twitter:image\" content=\"https:\/\/www.rucashk.com\/wp-content\/uploads\/replace\/503b8e645f128a97ccde2b6290747646.jpeg\" \/>\n\t\t<script type=\"application\/ld+json\" class=\"aioseo-schema\">\n\t\t\t{\"@context\":\"https:\\\/\\\/schema.org\",\"@graph\":[{\"@type\":\"BreadcrumbList\",\"@id\":\"https:\\\/\\\/www.rucashk.com\\\/pt\\\/produto\\\/xiaomi-8-lite-smartphone\\\/#breadcrumblist\",\"itemListElement\":[{\"@type\":\"ListItem\",\"@id\":\"https:\\\/\\\/www.rucashk.com\\\/pt\\\/#listItem\",\"position\":1,\"name\":\"Home\",\"item\":\"https:\\\/\\\/www.rucashk.com\\\/pt\\\/\",\"nextItem\":\"https:\\\/\\\/www.rucashk.com\\\/pt\\\/produto\\\/xiaomi-8-lite-smartphone\\\/#listItem\"},{\"@type\":\"ListItem\",\"@id\":\"https:\\\/\\\/www.rucashk.com\\\/pt\\\/produto\\\/xiaomi-8-lite-smartphone\\\/#listItem\",\"position\":2,\"name\":\"Xiaomi 8 Lite Smartphone\",\"previousItem\":\"https:\\\/\\\/www.rucashk.com\\\/pt\\\/#listItem\"}]},{\"@type\":\"Organization\",\"@id\":\"https:\\\/\\\/www.rucashk.com\\\/pt\\\/#organization\",\"name\":\"Rucas\",\"url\":\"https:\\\/\\\/www.rucashk.com\\\/pt\\\/\",\"logo\":{\"@type\":\"ImageObject\",\"url\":\"https:\\\/\\\/www.rucashk.com\\\/wp-content\\\/uploads\\\/2023\\\/12\\\/Rucas_campany_logo.png\",\"@id\":\"https:\\\/\\\/www.rucashk.com\\\/pt\\\/produto\\\/xiaomi-8-lite-smartphone\\\/#organizationLogo\",\"width\":221,\"height\":65},\"image\":{\"@id\":\"https:\\\/\\\/www.rucashk.com\\\/pt\\\/#organizationLogo\"}},{\"@type\":\"Person\",\"@id\":\"https:\\\/\\\/www.rucashk.com\\\/pt\\\/author\\\/admin\\\/#author\",\"url\":\"https:\\\/\\\/www.rucashk.com\\\/pt\\\/author\\\/admin\\\/\",\"name\":\"admin\",\"image\":{\"@type\":\"ImageObject\",\"@id\":\"https:\\\/\\\/www.rucashk.com\\\/pt\\\/produto\\\/xiaomi-8-lite-smartphone\\\/#authorImage\",\"url\":\"https:\\\/\\\/secure.gravatar.com\\\/avatar\\\/b7c8925b09a27e72b30232f8ecaadbd5af0f70a38c78096863fe51b64f031c24?s=96&d=mm&r=g\",\"width\":96,\"height\":96,\"caption\":\"admin\"}},{\"@type\":\"WebPage\",\"@id\":\"https:\\\/\\\/www.rucashk.com\\\/pt\\\/produto\\\/xiaomi-8-lite-smartphone\\\/#webpage\",\"url\":\"https:\\\/\\\/www.rucashk.com\\\/pt\\\/produto\\\/xiaomi-8-lite-smartphone\\\/\",\"name\":\"Xiaomi 8 Lite Smartphone - Rucas - Wholesale and Distribution\",\"description\":\"Features: for Android system. Multi Function: Alarm, Calendar, Calculator, Audio recorder, Video recorder, GPRS\\\/WAP\\\/WIFI. Best gifts for your loved one. The phone is the symbol for your fashion. The smart phone has 6.26 inch full screen display.\",\"inLanguage\":\"pt-PT\",\"isPartOf\":{\"@id\":\"https:\\\/\\\/www.rucashk.com\\\/pt\\\/#website\"},\"breadcrumb\":{\"@id\":\"https:\\\/\\\/www.rucashk.com\\\/pt\\\/produto\\\/xiaomi-8-lite-smartphone\\\/#breadcrumblist\"},\"author\":{\"@id\":\"https:\\\/\\\/www.rucashk.com\\\/pt\\\/author\\\/admin\\\/#author\"},\"creator\":{\"@id\":\"https:\\\/\\\/www.rucashk.com\\\/pt\\\/author\\\/admin\\\/#author\"},\"image\":{\"@type\":\"ImageObject\",\"url\":\"https:\\\/\\\/www.rucashk.com\\\/wp-content\\\/uploads\\\/2024\\\/01\\\/xiaomi-8lite.jpg\",\"@id\":\"https:\\\/\\\/www.rucashk.com\\\/pt\\\/produto\\\/xiaomi-8-lite-smartphone\\\/#mainImage\",\"width\":491,\"height\":512},\"primaryImageOfPage\":{\"@id\":\"https:\\\/\\\/www.rucashk.com\\\/pt\\\/produto\\\/xiaomi-8-lite-smartphone\\\/#mainImage\"},\"datePublished\":\"2024-01-09T15:50:39+00:00\",\"dateModified\":\"2024-03-11T07:50:04+00:00\"},{\"@type\":\"WebSite\",\"@id\":\"https:\\\/\\\/www.rucashk.com\\\/pt\\\/#website\",\"url\":\"https:\\\/\\\/www.rucashk.com\\\/pt\\\/\",\"name\":\"Rucas - Wholesale and distribution worldwide\",\"alternateName\":\"Rucas - One-stop AIoT Distribution Worldwide\",\"description\":\"One-stop AIoT Distribution Worldwide\",\"inLanguage\":\"pt-PT\",\"publisher\":{\"@id\":\"https:\\\/\\\/www.rucashk.com\\\/pt\\\/#organization\"}}]}\n\t\t<\/script>\n\t\t<!-- All in One SEO Pro -->\r\n\t\t<title>Xiaomi 8 Lite Smartphone - Rucas - Wholesale and Distribution<\/title>\n\n","aioseo_head_json":{"title":"Xiaomi 8 Lite Smartphone - Rucas - Wholesale and Distribution","description":"Features: for Android system. Multi Function: Alarm, Calendar, Calculator, Audio recorder, Video recorder, GPRS\/WAP\/WIFI. Best gifts for your loved one. The phone is the symbol for your fashion. The smart phone has 6.26 inch full screen display.","canonical_url":"https:\/\/www.rucashk.com\/pt\/produto\/xiaomi-8-lite-smartphone\/","robots":"max-image-preview:large","keywords":"","webmasterTools":{"miscellaneous":""},"og:locale":"pt_PT","og:site_name":"Rucas - One-stop AIoT Distribution Worldwide","og:type":"article","og:title":"Xiaomi 8 Lite Smartphone - Rucas - Wholesale and Distribution","og:description":"Features: for Android system. Multi Function: Alarm, Calendar, Calculator, Audio recorder, Video recorder, GPRS\/WAP\/WIFI. Best gifts for your loved one. The phone is the symbol for your fashion. The smart phone has 6.26 inch full screen display.","og:url":"https:\/\/www.rucashk.com\/pt\/produto\/xiaomi-8-lite-smartphone\/","og:image":"https:\/\/www.rucashk.com\/wp-content\/uploads\/replace\/503b8e645f128a97ccde2b6290747646.jpeg","og:image:secure_url":"https:\/\/www.rucashk.com\/wp-content\/uploads\/replace\/503b8e645f128a97ccde2b6290747646.jpeg","og:image:width":1456,"og:image:height":816,"article:published_time":"2024-01-09T15:50:39+00:00","article:modified_time":"2024-03-11T07:50:04+00:00","twitter:card":"summary_large_image","twitter:title":"Xiaomi 8 Lite Smartphone - Rucas - Wholesale and Distribution","twitter:description":"Features: for Android system. Multi Function: Alarm, Calendar, Calculator, Audio recorder, Video recorder, GPRS\/WAP\/WIFI. Best gifts for your loved one. The phone is the symbol for your fashion. The smart phone has 6.26 inch full screen display.","twitter:image":"https:\/\/www.rucashk.com\/wp-content\/uploads\/replace\/503b8e645f128a97ccde2b6290747646.jpeg","schema":{"@context":"https:\/\/schema.org","@graph":[{"@type":"BreadcrumbList","@id":"https:\/\/www.rucashk.com\/pt\/produto\/xiaomi-8-lite-smartphone\/#breadcrumblist","itemListElement":[{"@type":"ListItem","@id":"https:\/\/www.rucashk.com\/pt\/#listItem","position":1,"name":"Home","item":"https:\/\/www.rucashk.com\/pt\/","nextItem":"https:\/\/www.rucashk.com\/pt\/produto\/xiaomi-8-lite-smartphone\/#listItem"},{"@type":"ListItem","@id":"https:\/\/www.rucashk.com\/pt\/produto\/xiaomi-8-lite-smartphone\/#listItem","position":2,"name":"Xiaomi 8 Lite Smartphone","previousItem":"https:\/\/www.rucashk.com\/pt\/#listItem"}]},{"@type":"Organization","@id":"https:\/\/www.rucashk.com\/pt\/#organization","name":"Rucas","url":"https:\/\/www.rucashk.com\/pt\/","logo":{"@type":"ImageObject","url":"https:\/\/www.rucashk.com\/wp-content\/uploads\/2023\/12\/Rucas_campany_logo.png","@id":"https:\/\/www.rucashk.com\/pt\/produto\/xiaomi-8-lite-smartphone\/#organizationLogo","width":221,"height":65},"image":{"@id":"https:\/\/www.rucashk.com\/pt\/#organizationLogo"}},{"@type":"Person","@id":"https:\/\/www.rucashk.com\/pt\/author\/admin\/#author","url":"https:\/\/www.rucashk.com\/pt\/author\/admin\/","name":"admin","image":{"@type":"ImageObject","@id":"https:\/\/www.rucashk.com\/pt\/produto\/xiaomi-8-lite-smartphone\/#authorImage","url":"https:\/\/secure.gravatar.com\/avatar\/b7c8925b09a27e72b30232f8ecaadbd5af0f70a38c78096863fe51b64f031c24?s=96&d=mm&r=g","width":96,"height":96,"caption":"admin"}},{"@type":"WebPage","@id":"https:\/\/www.rucashk.com\/pt\/produto\/xiaomi-8-lite-smartphone\/#webpage","url":"https:\/\/www.rucashk.com\/pt\/produto\/xiaomi-8-lite-smartphone\/","name":"Xiaomi 8 Lite Smartphone - Rucas - Wholesale and Distribution","description":"Features: for Android system. Multi Function: Alarm, Calendar, Calculator, Audio recorder, Video recorder, GPRS\/WAP\/WIFI. Best gifts for your loved one. The phone is the symbol for your fashion. The smart phone has 6.26 inch full screen display.","inLanguage":"pt-PT","isPartOf":{"@id":"https:\/\/www.rucashk.com\/pt\/#website"},"breadcrumb":{"@id":"https:\/\/www.rucashk.com\/pt\/produto\/xiaomi-8-lite-smartphone\/#breadcrumblist"},"author":{"@id":"https:\/\/www.rucashk.com\/pt\/author\/admin\/#author"},"creator":{"@id":"https:\/\/www.rucashk.com\/pt\/author\/admin\/#author"},"image":{"@type":"ImageObject","url":"https:\/\/www.rucashk.com\/wp-content\/uploads\/2024\/01\/xiaomi-8lite.jpg","@id":"https:\/\/www.rucashk.com\/pt\/produto\/xiaomi-8-lite-smartphone\/#mainImage","width":491,"height":512},"primaryImageOfPage":{"@id":"https:\/\/www.rucashk.com\/pt\/produto\/xiaomi-8-lite-smartphone\/#mainImage"},"datePublished":"2024-01-09T15:50:39+00:00","dateModified":"2024-03-11T07:50:04+00:00"},{"@type":"WebSite","@id":"https:\/\/www.rucashk.com\/pt\/#website","url":"https:\/\/www.rucashk.com\/pt\/","name":"Rucas - Wholesale and distribution worldwide","alternateName":"Rucas - One-stop AIoT Distribution Worldwide","description":"One-stop AIoT Distribution Worldwide","inLanguage":"pt-PT","publisher":{"@id":"https:\/\/www.rucashk.com\/pt\/#organization"}}]}},"aioseo_meta_data":{"post_id":"23004","title":null,"description":null,"keywords":null,"keyphrases":null,"primary_term":null,"canonical_url":null,"og_title":null,"og_description":null,"og_object_type":"default","og_image_type":"default","og_image_url":null,"og_image_width":null,"og_image_height":null,"og_image_custom_url":null,"og_image_custom_fields":null,"og_video":null,"og_custom_url":null,"og_article_section":null,"og_article_tags":null,"twitter_use_og":false,"twitter_card":"default","twitter_image_type":"default","twitter_image_url":null,"twitter_image_custom_url":null,"twitter_image_custom_fields":null,"twitter_title":null,"twitter_description":null,"schema":{"blockGraphs":[],"customGraphs":[],"default":{"data":{"Article":[],"Course":[],"Dataset":[],"FAQPage":[],"Movie":[],"Person":[],"Product":[],"Recipe":[],"Service":[],"SoftwareApplication":[],"WebPage":[]},"graphName":"","isEnabled":true},"graphs":[]},"schema_type":"default","schema_type_options":null,"pillar_content":false,"robots_default":true,"robots_noindex":false,"robots_noarchive":false,"robots_nosnippet":false,"robots_nofollow":false,"robots_noimageindex":false,"robots_noodp":false,"robots_notranslate":false,"robots_max_snippet":null,"robots_max_videopreview":null,"robots_max_imagepreview":"large","priority":null,"frequency":null,"local_seo":null,"breadcrumb_settings":null,"limit_modified_date":false,"created":"2024-04-11 01:55:25","updated":"2025-06-22 16:55:04"},"aioseo_breadcrumb":"<div class=\"aioseo-breadcrumbs\"><span class=\"aioseo-breadcrumb\">\n\t<a href=\"https:\/\/www.rucashk.com\/pt\" title=\"Home\">Home<\/a>\n<\/span><span class=\"aioseo-breadcrumb-separator\">&raquo;<\/span><span class=\"aioseo-breadcrumb\">\n\t<a href=\"https:\/\/www.rucashk.com\/pt\/products\/\" title=\"Produtos\">Produtos<\/a>\n<\/span><span class=\"aioseo-breadcrumb-separator\">&raquo;<\/span><span class=\"aioseo-breadcrumb\">\n\t<a href=\"https:\/\/www.rucashk.com\/pt\/categoria-produto\/mobile-phone\/\" title=\"Mobile Phone\">Mobile Phone<\/a>\n<\/span><span class=\"aioseo-breadcrumb-separator\">&raquo;<\/span><span class=\"aioseo-breadcrumb\">\n\t<a href=\"https:\/\/www.rucashk.com\/pt\/categoria-produto\/mobile-phone\/xiaomi-mobile-phone\/\" title=\"Xiaomi\">Xiaomi<\/a>\n<\/span><span class=\"aioseo-breadcrumb-separator\">&raquo;<\/span><span class=\"aioseo-breadcrumb\">\n\tXiaomi 8 Lite Smartphone\n<\/span><\/div>","aioseo_breadcrumb_json":[{"label":"Home","link":"https:\/\/www.rucashk.com\/pt"},{"label":"Produtos","link":"https:\/\/www.rucashk.com\/pt\/products\/"},{"label":"Mobile Phone","link":"https:\/\/www.rucashk.com\/pt\/categoria-produto\/mobile-phone\/"},{"label":"Xiaomi","link":"https:\/\/www.rucashk.com\/pt\/categoria-produto\/mobile-phone\/xiaomi-mobile-phone\/"},{"label":"Xiaomi 8 Lite Smartphone","link":"https:\/\/www.rucashk.com\/pt\/produto\/xiaomi-8-lite-smartphone\/"}],"_links":{"self":[{"href":"https:\/\/www.rucashk.com\/pt\/wp-json\/wp\/v2\/product\/23004","targetHints":{"allow":["GET"]}}],"collection":[{"href":"https:\/\/www.rucashk.com\/pt\/wp-json\/wp\/v2\/product"}],"about":[{"href":"https:\/\/www.rucashk.com\/pt\/wp-json\/wp\/v2\/types\/product"}],"wp:featuredmedia":[{"embeddable":true,"href":"https:\/\/www.rucashk.com\/pt\/wp-json\/wp\/v2\/media\/23074"}],"wp:attachment":[{"href":"https:\/\/www.rucashk.com\/pt\/wp-json\/wp\/v2\/media?parent=23004"}],"wp:term":[{"taxonomy":"product_brand","embeddable":true,"href":"https:\/\/www.rucashk.com\/pt\/wp-json\/wp\/v2\/product_brand?post=23004"},{"taxonomy":"product_cat","embeddable":true,"href":"https:\/\/www.rucashk.com\/pt\/wp-json\/wp\/v2\/product_cat?post=23004"},{"taxonomy":"product_tag","embeddable":true,"href":"https:\/\/www.rucashk.com\/pt\/wp-json\/wp\/v2\/product_tag?post=23004"}],"curies":[{"name":"wp","href":"https:\/\/api.w.org\/{rel}","templated":true}]}}