{"id":22968,"date":"2024-01-09T15:50:15","date_gmt":"2024-01-09T15:50:15","guid":{"rendered":"http:\/\/rucashk.com\/?post_type=product&#038;p=22968"},"modified":"2024-03-13T08:40:39","modified_gmt":"2024-03-13T08:40:39","slug":"ninebot-kids-bike-18-inch","status":"publish","type":"product","link":"https:\/\/www.rucashk.com\/pt\/produto\/ninebot-kids-bike-18-inch\/","title":{"rendered":"Bicicleta infantil Ninebot de 18 polegadas"},"content":{"rendered":"<p><img decoding=\"async\" alt=\"Ninebot Kids Bike 18 Inch\" src=\"\/wp-content\/uploads\/replace\/f6434ce308708cebb67a47ae386a72b7.jpeg\" \/><img decoding=\"async\" alt=\"Ninebot Kids Bike 18 Inch\" src=\"\/wp-content\/uploads\/replace\/84ba99662f6a4b1364d3306b20edf855.jpeg\" \/><img decoding=\"async\" alt=\"Ninebot Kids Bike 18 Inch\" src=\"\/wp-content\/uploads\/replace\/8bba3f4544fc8dadfddf45a5cc1d14b5.jpeg\" \/><img decoding=\"async\" alt=\"Ninebot Kids Bike 18 Inch\" src=\"\/wp-content\/uploads\/replace\/e6d3689a285adb02ba9d989fb1347ea8.jpeg\" \/><\/p>\n<h2>Passeio suave<\/h2>\n<p>A suspens\u00e3o na roda dianteira maximiza a estabilidade de condu\u00e7\u00e3o. Ele amortece os solavancos e absorve o choque para tornar o passeio divertido e suave.<img decoding=\"async\" alt=\"Ninebot Kids Bike 18 Inch\" src=\"\/wp-content\/uploads\/replace\/4145b95c9e4cb017169c36297b712574.jpeg\" \/><\/p>\n<h2>Freio Seguro<\/h2>\n<p>O freio de contrapedal funciona na roda traseira e o freio de m\u00e3o na roda dianteira. Al\u00e9m disso, os freios de aro s\u00e3o ajust\u00e1veis para caber nas m\u00e3os dos seus filhos.<img decoding=\"async\" alt=\"Ninebot Kids Bike 18 Inch\" src=\"\/wp-content\/uploads\/replace\/c69b126baf0576c233efdd725eba644b.jpeg\" \/><\/p>\n<h2>Assento ergon\u00f4mico<\/h2>\n<h4>Ajust\u00e1vel<\/h4>\n<p>As almofadas s\u00e3o confort\u00e1veis e projetadas pensando nas crian\u00e7as.<\/p>\n<p><img decoding=\"async\" alt=\"Ninebot Kids Bike 18 Inch\" src=\"\/wp-content\/uploads\/replace\/af06793b1b4c1152a2d6933a33a7a156.jpeg\" \/><\/p>\n<h2>Corrente totalmente fechada<\/h2>\n<h4>Seguran\u00e7a Suprema<\/h4>\n<p>A corrente de bicicleta totalmente fechada pode efetivamente reduzir o atrito e minimizar o risco de quebra da corrente.<\/p>\n<p><img decoding=\"async\" alt=\"Ninebot Kids Bike 18 Inch\" src=\"\/wp-content\/uploads\/replace\/a1e9aebeabf261c7162bb96028b6b9fc.jpeg\" \/><\/p>\n<h2>Pneus absorventes de choque<\/h2>\n<h4>Suave e nivelado<\/h4>\n<p>Os padr\u00f5es de rosca nos pneus s\u00e3o projetados para amortecer o passeio.<\/p>\n<p><img decoding=\"async\" alt=\"Ninebot Kids Bike 18 Inch\" src=\"\/wp-content\/uploads\/replace\/9968394730b9584cde5ba14c67e9d403.jpeg\" \/><\/p>\n<h2>Guiador esportivo TRR<\/h2>\n<h4>Ecol\u00f3gico<\/h4>\n<p>Guiador feito de materiais verdes que protegem a pele das crian\u00e7as.<\/p>\n<p><img decoding=\"async\" alt=\"Ninebot Kids Bike 18 Inch\" src=\"\/wp-content\/uploads\/replace\/e820f83369219b84a6db83613d95c9b7.jpeg\" \/><\/p>\n<h2>Posi\u00e7\u00e3o firme<\/h2>\n<h4>Desligar e estacionar<\/h4>\n<p>O suporte est\u00e1vel padronizado permite parar e estacionar sem esfor\u00e7o.<\/p>\n<p><img decoding=\"async\" alt=\"Ninebot Kids Bike 18 Inch\" src=\"\/wp-content\/uploads\/replace\/0e48e082e6e7bc784eb132aa85e886cf.jpeg\" \/><\/p>\n<h2>Cobertura total com silicone macio<\/h2>\n<h4>Prote\u00e7\u00e3o M\u00e1xima<\/h4>\n<p>Avan\u00e7o da bicicleta, tubo superior, tubo superior, cubo e cassete da roda dentada, todos cobertos para oferecer prote\u00e7\u00e3o extra.<\/p>\n<p><img decoding=\"async\" alt=\"Ninebot Kids Bike 18 Inch\" src=\"\/wp-content\/uploads\/replace\/403dc1a6ad2159be4d2677fa3224e420.jpeg\" \/><\/p>\n<h2>Alum\u00ednio de grau aeroespacial<\/h2>\n<h4>Leve e dur\u00e1vel<\/h4>\n<p>A estrutura leve em liga de alum\u00ednio com formato discreto de PU torna a Ninebot Kids Bike resistente, leve e port\u00e1til.<\/p>\n<p><img decoding=\"async\" alt=\"Ninebot Kids Bike 18 Inch\" src=\"\/wp-content\/uploads\/replace\/3a85fdb326efc5ad1879a4e52b5b1809.jpeg\" \/><\/p>\n<h2>Sistema de rolamento de redu\u00e7\u00e3o de atrito<\/h2>\n<h4>Passeio sem esfor\u00e7o<\/h4>\n<p>O design refinado do sistema de rolamento reduz notavelmente o atrito para uma opera\u00e7\u00e3o sem esfor\u00e7o.<\/p>","protected":false},"excerpt":{"rendered":"<div class=\"collapsible active\"><strong>Caracter\u00edsticas:<\/strong><\/div>\n<div class=\"content\">\n<div class=\"feature-item\">\n<div class=\"feature-text\">1.Pneus com absor\u00e7\u00e3o de choque<\/div>\n<\/div>\n<div class=\"feature-item\">\n<div class=\"feature-text\">2. Assento de sela ergon\u00f4mico e ajust\u00e1vel<\/div>\n<\/div>\n<div class=\"feature-item\">\n<div class=\"feature-text\">3. Alum\u00ednio com classifica\u00e7\u00e3o aeroespacial<\/div>\n<\/div>\n<div class=\"feature-item\">\n<div class=\"feature-text\">4. Cobertura total com silicone macio para seguran\u00e7a infantil<\/div>\n<\/div>\n<div class=\"feature-item\">\n<div class=\"feature-text\">5. freios dianteiros e traseiros duplos<\/div>\n<\/div>\n<div class=\"feature-item\">\n<div class=\"feature-text\">6. Rela\u00e7\u00e3o de engrenagem otimizada<\/div>\n<\/div>\n<div class=\"feature-item\">\n<div class=\"feature-text\">7.Height Range: 3&#8217;9&#8243; to 4&#8217;9&#8243;<\/div>\n<\/div>\n<\/div>","protected":false},"featured_media":23046,"template":"","meta":[],"product_brand":[],"product_cat":[1321,1305],"product_tag":[798],"class_list":{"0":"post-22968","1":"product","2":"type-product","3":"status-publish","4":"has-post-thumbnail","6":"product_cat-sports","7":"product_cat-xiaomi-eco","8":"product_tag-ninebot-kids-bike-18-inch","10":"first","11":"instock","12":"shipping-taxable","13":"product-type-external"},"aioseo_notices":[],"aioseo_head":"\n\t\t<!-- All in One SEO Pro 4.5.9.2 - aioseo.com -->\n\t\t<meta name=\"description\" content=\"Features: 1.Shock Absorbing Tires 2.Ergonomic and Adjustable Saddle Seat 3.Aerospace-graded Aluminum 4.Full Coverage with Soft Silicone for Child Safety 5.Dual Front and Rear Brakes 6.Optimized Gear Ratio 7.Height Range: 3&#039;9&quot; to 4&#039;9&quot;\" \/>\n\t\t<meta name=\"robots\" content=\"max-image-preview:large\" \/>\n\t\t<link rel=\"canonical\" href=\"https:\/\/www.rucashk.com\/pt\/produto\/ninebot-kids-bike-18-inch\/\" \/>\n\t\t<meta name=\"generator\" content=\"All in One SEO Pro (AIOSEO) 4.5.9.2\" \/>\n\t\t<meta property=\"og:locale\" content=\"pt_PT\" \/>\n\t\t<meta property=\"og:site_name\" content=\"Rucas - One-stop AIoT Distribution Worldwide\" \/>\n\t\t<meta property=\"og:type\" content=\"article\" \/>\n\t\t<meta property=\"og:title\" content=\"Ninebot Kids Bike 18 Inch - Rucas - Wholesale and Distribution\" \/>\n\t\t<meta property=\"og:description\" content=\"Features: 1.Shock Absorbing Tires 2.Ergonomic and Adjustable Saddle Seat 3.Aerospace-graded Aluminum 4.Full Coverage with Soft Silicone for Child Safety 5.Dual Front and Rear Brakes 6.Optimized Gear Ratio 7.Height Range: 3&#039;9&quot; to 4&#039;9&quot;\" \/>\n\t\t<meta property=\"og:url\" content=\"https:\/\/www.rucashk.com\/pt\/produto\/ninebot-kids-bike-18-inch\/\" \/>\n\t\t<meta property=\"og:image\" content=\"https:\/\/www.rucashk.com\/wp-content\/uploads\/replace\/503b8e645f128a97ccde2b6290747646.jpeg\" \/>\n\t\t<meta property=\"og:image:secure_url\" content=\"https:\/\/www.rucashk.com\/wp-content\/uploads\/replace\/503b8e645f128a97ccde2b6290747646.jpeg\" \/>\n\t\t<meta property=\"og:image:width\" content=\"1456\" \/>\n\t\t<meta property=\"og:image:height\" content=\"816\" \/>\n\t\t<meta property=\"article:published_time\" content=\"2024-01-09T15:50:15+00:00\" \/>\n\t\t<meta property=\"article:modified_time\" content=\"2024-03-13T08:40:39+00:00\" \/>\n\t\t<meta name=\"twitter:card\" content=\"summary_large_image\" \/>\n\t\t<meta name=\"twitter:title\" content=\"Ninebot Kids Bike 18 Inch - Rucas - Wholesale and Distribution\" \/>\n\t\t<meta name=\"twitter:description\" content=\"Features: 1.Shock Absorbing Tires 2.Ergonomic and Adjustable Saddle Seat 3.Aerospace-graded Aluminum 4.Full Coverage with Soft Silicone for Child Safety 5.Dual Front and Rear Brakes 6.Optimized Gear Ratio 7.Height Range: 3&#039;9&quot; to 4&#039;9&quot;\" \/>\n\t\t<meta name=\"twitter:image\" content=\"https:\/\/www.rucashk.com\/wp-content\/uploads\/replace\/503b8e645f128a97ccde2b6290747646.jpeg\" \/>\n\t\t<script type=\"application\/ld+json\" class=\"aioseo-schema\">\n\t\t\t{\"@context\":\"https:\\\/\\\/schema.org\",\"@graph\":[{\"@type\":\"BreadcrumbList\",\"@id\":\"https:\\\/\\\/www.rucashk.com\\\/pt\\\/produto\\\/ninebot-kids-bike-18-inch\\\/#breadcrumblist\",\"itemListElement\":[{\"@type\":\"ListItem\",\"@id\":\"https:\\\/\\\/www.rucashk.com\\\/pt\\\/#listItem\",\"position\":1,\"name\":\"Home\",\"item\":\"https:\\\/\\\/www.rucashk.com\\\/pt\\\/\",\"nextItem\":\"https:\\\/\\\/www.rucashk.com\\\/pt\\\/produto\\\/ninebot-kids-bike-18-inch\\\/#listItem\"},{\"@type\":\"ListItem\",\"@id\":\"https:\\\/\\\/www.rucashk.com\\\/pt\\\/produto\\\/ninebot-kids-bike-18-inch\\\/#listItem\",\"position\":2,\"name\":\"Ninebot Kids Bike 18 Inch\",\"previousItem\":\"https:\\\/\\\/www.rucashk.com\\\/pt\\\/#listItem\"}]},{\"@type\":\"Organization\",\"@id\":\"https:\\\/\\\/www.rucashk.com\\\/pt\\\/#organization\",\"name\":\"Rucas\",\"url\":\"https:\\\/\\\/www.rucashk.com\\\/pt\\\/\",\"logo\":{\"@type\":\"ImageObject\",\"url\":\"https:\\\/\\\/www.rucashk.com\\\/wp-content\\\/uploads\\\/2023\\\/12\\\/Rucas_campany_logo.png\",\"@id\":\"https:\\\/\\\/www.rucashk.com\\\/pt\\\/produto\\\/ninebot-kids-bike-18-inch\\\/#organizationLogo\",\"width\":221,\"height\":65},\"image\":{\"@id\":\"https:\\\/\\\/www.rucashk.com\\\/pt\\\/#organizationLogo\"}},{\"@type\":\"Person\",\"@id\":\"https:\\\/\\\/www.rucashk.com\\\/pt\\\/author\\\/admin\\\/#author\",\"url\":\"https:\\\/\\\/www.rucashk.com\\\/pt\\\/author\\\/admin\\\/\",\"name\":\"admin\",\"image\":{\"@type\":\"ImageObject\",\"@id\":\"https:\\\/\\\/www.rucashk.com\\\/pt\\\/produto\\\/ninebot-kids-bike-18-inch\\\/#authorImage\",\"url\":\"https:\\\/\\\/secure.gravatar.com\\\/avatar\\\/b7c8925b09a27e72b30232f8ecaadbd5af0f70a38c78096863fe51b64f031c24?s=96&d=mm&r=g\",\"width\":96,\"height\":96,\"caption\":\"admin\"}},{\"@type\":\"WebPage\",\"@id\":\"https:\\\/\\\/www.rucashk.com\\\/pt\\\/produto\\\/ninebot-kids-bike-18-inch\\\/#webpage\",\"url\":\"https:\\\/\\\/www.rucashk.com\\\/pt\\\/produto\\\/ninebot-kids-bike-18-inch\\\/\",\"name\":\"Ninebot Kids Bike 18 Inch - Rucas - Wholesale and Distribution\",\"description\":\"Features: 1.Shock Absorbing Tires 2.Ergonomic and Adjustable Saddle Seat 3.Aerospace-graded Aluminum 4.Full Coverage with Soft Silicone for Child Safety 5.Dual Front and Rear Brakes 6.Optimized Gear Ratio 7.Height Range: 3'9\\\" to 4'9\\\"\",\"inLanguage\":\"pt-PT\",\"isPartOf\":{\"@id\":\"https:\\\/\\\/www.rucashk.com\\\/pt\\\/#website\"},\"breadcrumb\":{\"@id\":\"https:\\\/\\\/www.rucashk.com\\\/pt\\\/produto\\\/ninebot-kids-bike-18-inch\\\/#breadcrumblist\"},\"author\":{\"@id\":\"https:\\\/\\\/www.rucashk.com\\\/pt\\\/author\\\/admin\\\/#author\"},\"creator\":{\"@id\":\"https:\\\/\\\/www.rucashk.com\\\/pt\\\/author\\\/admin\\\/#author\"},\"image\":{\"@type\":\"ImageObject\",\"url\":\"https:\\\/\\\/www.rucashk.com\\\/wp-content\\\/uploads\\\/2024\\\/01\\\/2_\\u526f\\u672c-14-1.jpg\",\"@id\":\"https:\\\/\\\/www.rucashk.com\\\/pt\\\/produto\\\/ninebot-kids-bike-18-inch\\\/#mainImage\",\"width\":800,\"height\":800},\"primaryImageOfPage\":{\"@id\":\"https:\\\/\\\/www.rucashk.com\\\/pt\\\/produto\\\/ninebot-kids-bike-18-inch\\\/#mainImage\"},\"datePublished\":\"2024-01-09T15:50:15+00:00\",\"dateModified\":\"2024-03-13T08:40:39+00:00\"},{\"@type\":\"WebSite\",\"@id\":\"https:\\\/\\\/www.rucashk.com\\\/pt\\\/#website\",\"url\":\"https:\\\/\\\/www.rucashk.com\\\/pt\\\/\",\"name\":\"Rucas - Wholesale and distribution worldwide\",\"alternateName\":\"Rucas - One-stop AIoT Distribution Worldwide\",\"description\":\"One-stop AIoT Distribution Worldwide\",\"inLanguage\":\"pt-PT\",\"publisher\":{\"@id\":\"https:\\\/\\\/www.rucashk.com\\\/pt\\\/#organization\"}}]}\n\t\t<\/script>\n\t\t<!-- All in One SEO Pro -->\r\n\t\t<title>Ninebot Kids Bike 18 Inch - Rucas - Wholesale and Distribution<\/title>\n\n","aioseo_head_json":{"title":"Ninebot Kids Bike 18 Inch - Rucas - Wholesale and Distribution","description":"Features: 1.Shock Absorbing Tires 2.Ergonomic and Adjustable Saddle Seat 3.Aerospace-graded Aluminum 4.Full Coverage with Soft Silicone for Child Safety 5.Dual Front and Rear Brakes 6.Optimized Gear Ratio 7.Height Range: 3'9\" to 4'9\"","canonical_url":"https:\/\/www.rucashk.com\/pt\/produto\/ninebot-kids-bike-18-inch\/","robots":"max-image-preview:large","keywords":"","webmasterTools":{"miscellaneous":""},"og:locale":"pt_PT","og:site_name":"Rucas - One-stop AIoT Distribution Worldwide","og:type":"article","og:title":"Ninebot Kids Bike 18 Inch - Rucas - Wholesale and Distribution","og:description":"Features: 1.Shock Absorbing Tires 2.Ergonomic and Adjustable Saddle Seat 3.Aerospace-graded Aluminum 4.Full Coverage with Soft Silicone for Child Safety 5.Dual Front and Rear Brakes 6.Optimized Gear Ratio 7.Height Range: 3'9&quot; to 4'9&quot;","og:url":"https:\/\/www.rucashk.com\/pt\/produto\/ninebot-kids-bike-18-inch\/","og:image":"https:\/\/www.rucashk.com\/wp-content\/uploads\/replace\/503b8e645f128a97ccde2b6290747646.jpeg","og:image:secure_url":"https:\/\/www.rucashk.com\/wp-content\/uploads\/replace\/503b8e645f128a97ccde2b6290747646.jpeg","og:image:width":1456,"og:image:height":816,"article:published_time":"2024-01-09T15:50:15+00:00","article:modified_time":"2024-03-13T08:40:39+00:00","twitter:card":"summary_large_image","twitter:title":"Ninebot Kids Bike 18 Inch - Rucas - Wholesale and Distribution","twitter:description":"Features: 1.Shock Absorbing Tires 2.Ergonomic and Adjustable Saddle Seat 3.Aerospace-graded Aluminum 4.Full Coverage with Soft Silicone for Child Safety 5.Dual Front and Rear Brakes 6.Optimized Gear Ratio 7.Height Range: 3'9&quot; to 4'9&quot;","twitter:image":"https:\/\/www.rucashk.com\/wp-content\/uploads\/replace\/503b8e645f128a97ccde2b6290747646.jpeg","schema":{"@context":"https:\/\/schema.org","@graph":[{"@type":"BreadcrumbList","@id":"https:\/\/www.rucashk.com\/pt\/produto\/ninebot-kids-bike-18-inch\/#breadcrumblist","itemListElement":[{"@type":"ListItem","@id":"https:\/\/www.rucashk.com\/pt\/#listItem","position":1,"name":"Home","item":"https:\/\/www.rucashk.com\/pt\/","nextItem":"https:\/\/www.rucashk.com\/pt\/produto\/ninebot-kids-bike-18-inch\/#listItem"},{"@type":"ListItem","@id":"https:\/\/www.rucashk.com\/pt\/produto\/ninebot-kids-bike-18-inch\/#listItem","position":2,"name":"Ninebot Kids Bike 18 Inch","previousItem":"https:\/\/www.rucashk.com\/pt\/#listItem"}]},{"@type":"Organization","@id":"https:\/\/www.rucashk.com\/pt\/#organization","name":"Rucas","url":"https:\/\/www.rucashk.com\/pt\/","logo":{"@type":"ImageObject","url":"https:\/\/www.rucashk.com\/wp-content\/uploads\/2023\/12\/Rucas_campany_logo.png","@id":"https:\/\/www.rucashk.com\/pt\/produto\/ninebot-kids-bike-18-inch\/#organizationLogo","width":221,"height":65},"image":{"@id":"https:\/\/www.rucashk.com\/pt\/#organizationLogo"}},{"@type":"Person","@id":"https:\/\/www.rucashk.com\/pt\/author\/admin\/#author","url":"https:\/\/www.rucashk.com\/pt\/author\/admin\/","name":"admin","image":{"@type":"ImageObject","@id":"https:\/\/www.rucashk.com\/pt\/produto\/ninebot-kids-bike-18-inch\/#authorImage","url":"https:\/\/secure.gravatar.com\/avatar\/b7c8925b09a27e72b30232f8ecaadbd5af0f70a38c78096863fe51b64f031c24?s=96&d=mm&r=g","width":96,"height":96,"caption":"admin"}},{"@type":"WebPage","@id":"https:\/\/www.rucashk.com\/pt\/produto\/ninebot-kids-bike-18-inch\/#webpage","url":"https:\/\/www.rucashk.com\/pt\/produto\/ninebot-kids-bike-18-inch\/","name":"Ninebot Kids Bike 18 Inch - Rucas - Wholesale and Distribution","description":"Features: 1.Shock Absorbing Tires 2.Ergonomic and Adjustable Saddle Seat 3.Aerospace-graded Aluminum 4.Full Coverage with Soft Silicone for Child Safety 5.Dual Front and Rear Brakes 6.Optimized Gear Ratio 7.Height Range: 3'9\" to 4'9\"","inLanguage":"pt-PT","isPartOf":{"@id":"https:\/\/www.rucashk.com\/pt\/#website"},"breadcrumb":{"@id":"https:\/\/www.rucashk.com\/pt\/produto\/ninebot-kids-bike-18-inch\/#breadcrumblist"},"author":{"@id":"https:\/\/www.rucashk.com\/pt\/author\/admin\/#author"},"creator":{"@id":"https:\/\/www.rucashk.com\/pt\/author\/admin\/#author"},"image":{"@type":"ImageObject","url":"https:\/\/www.rucashk.com\/wp-content\/uploads\/2024\/01\/2_\u526f\u672c-14-1.jpg","@id":"https:\/\/www.rucashk.com\/pt\/produto\/ninebot-kids-bike-18-inch\/#mainImage","width":800,"height":800},"primaryImageOfPage":{"@id":"https:\/\/www.rucashk.com\/pt\/produto\/ninebot-kids-bike-18-inch\/#mainImage"},"datePublished":"2024-01-09T15:50:15+00:00","dateModified":"2024-03-13T08:40:39+00:00"},{"@type":"WebSite","@id":"https:\/\/www.rucashk.com\/pt\/#website","url":"https:\/\/www.rucashk.com\/pt\/","name":"Rucas - Wholesale and distribution worldwide","alternateName":"Rucas - One-stop AIoT Distribution Worldwide","description":"One-stop AIoT Distribution Worldwide","inLanguage":"pt-PT","publisher":{"@id":"https:\/\/www.rucashk.com\/pt\/#organization"}}]}},"aioseo_meta_data":{"post_id":"22968","title":null,"description":null,"keywords":null,"keyphrases":null,"primary_term":null,"canonical_url":null,"og_title":null,"og_description":null,"og_object_type":"default","og_image_type":"default","og_image_url":null,"og_image_width":null,"og_image_height":null,"og_image_custom_url":null,"og_image_custom_fields":null,"og_video":null,"og_custom_url":null,"og_article_section":null,"og_article_tags":null,"twitter_use_og":false,"twitter_card":"default","twitter_image_type":"default","twitter_image_url":null,"twitter_image_custom_url":null,"twitter_image_custom_fields":null,"twitter_title":null,"twitter_description":null,"schema":{"blockGraphs":[],"customGraphs":[],"default":{"data":{"Article":[],"Course":[],"Dataset":[],"FAQPage":[],"Movie":[],"Person":[],"Product":[],"Recipe":[],"Service":[],"SoftwareApplication":[],"WebPage":[]},"graphName":"","isEnabled":true},"graphs":[]},"schema_type":"default","schema_type_options":null,"pillar_content":false,"robots_default":true,"robots_noindex":false,"robots_noarchive":false,"robots_nosnippet":false,"robots_nofollow":false,"robots_noimageindex":false,"robots_noodp":false,"robots_notranslate":false,"robots_max_snippet":null,"robots_max_videopreview":null,"robots_max_imagepreview":"large","priority":null,"frequency":null,"local_seo":null,"breadcrumb_settings":null,"limit_modified_date":false,"created":"2024-04-11 01:55:25","updated":"2025-06-22 16:55:03"},"aioseo_breadcrumb":"<div class=\"aioseo-breadcrumbs\"><span class=\"aioseo-breadcrumb\">\n\t<a href=\"https:\/\/www.rucashk.com\/pt\" title=\"Home\">Home<\/a>\n<\/span><span class=\"aioseo-breadcrumb-separator\">&raquo;<\/span><span class=\"aioseo-breadcrumb\">\n\t<a href=\"https:\/\/www.rucashk.com\/pt\/products\/\" title=\"Produtos\">Produtos<\/a>\n<\/span><span class=\"aioseo-breadcrumb-separator\">&raquo;<\/span><span class=\"aioseo-breadcrumb\">\n\t<a href=\"https:\/\/www.rucashk.com\/pt\/categoria-produto\/xiaomi-eco\/\" title=\"Xiaomi Eco\">Xiaomi Eco<\/a>\n<\/span><span class=\"aioseo-breadcrumb-separator\">&raquo;<\/span><span class=\"aioseo-breadcrumb\">\n\t<a href=\"https:\/\/www.rucashk.com\/pt\/categoria-produto\/xiaomi-eco\/sports\/\" title=\"Sports\">Sports<\/a>\n<\/span><span class=\"aioseo-breadcrumb-separator\">&raquo;<\/span><span class=\"aioseo-breadcrumb\">\n\tNinebot Kids Bike 18 Inch\n<\/span><\/div>","aioseo_breadcrumb_json":[{"label":"Home","link":"https:\/\/www.rucashk.com\/pt"},{"label":"Produtos","link":"https:\/\/www.rucashk.com\/pt\/products\/"},{"label":"Xiaomi Eco","link":"https:\/\/www.rucashk.com\/pt\/categoria-produto\/xiaomi-eco\/"},{"label":"Sports","link":"https:\/\/www.rucashk.com\/pt\/categoria-produto\/xiaomi-eco\/sports\/"},{"label":"Ninebot Kids Bike 18 Inch","link":"https:\/\/www.rucashk.com\/pt\/produto\/ninebot-kids-bike-18-inch\/"}],"_links":{"self":[{"href":"https:\/\/www.rucashk.com\/pt\/wp-json\/wp\/v2\/product\/22968","targetHints":{"allow":["GET"]}}],"collection":[{"href":"https:\/\/www.rucashk.com\/pt\/wp-json\/wp\/v2\/product"}],"about":[{"href":"https:\/\/www.rucashk.com\/pt\/wp-json\/wp\/v2\/types\/product"}],"wp:featuredmedia":[{"embeddable":true,"href":"https:\/\/www.rucashk.com\/pt\/wp-json\/wp\/v2\/media\/23046"}],"wp:attachment":[{"href":"https:\/\/www.rucashk.com\/pt\/wp-json\/wp\/v2\/media?parent=22968"}],"wp:term":[{"taxonomy":"product_brand","embeddable":true,"href":"https:\/\/www.rucashk.com\/pt\/wp-json\/wp\/v2\/product_brand?post=22968"},{"taxonomy":"product_cat","embeddable":true,"href":"https:\/\/www.rucashk.com\/pt\/wp-json\/wp\/v2\/product_cat?post=22968"},{"taxonomy":"product_tag","embeddable":true,"href":"https:\/\/www.rucashk.com\/pt\/wp-json\/wp\/v2\/product_tag?post=22968"}],"curies":[{"name":"wp","href":"https:\/\/api.w.org\/{rel}","templated":true}]}}