{"id":22967,"date":"2024-01-09T15:50:15","date_gmt":"2024-01-09T15:50:15","guid":{"rendered":"http:\/\/rucashk.com\/?post_type=product&#038;p=22967"},"modified":"2024-03-12T04:17:54","modified_gmt":"2024-03-12T04:17:54","slug":"amazfit-bip-lite-smartwatch-with-45-day-battery-life","status":"publish","type":"product","link":"https:\/\/www.rucashk.com\/pt\/produto\/amazfit-bip-lite-smartwatch-with-45-day-battery-life\/","title":{"rendered":"Smartwatch Amazfit Bip Lite com bateria de 45 dias"},"content":{"rendered":"<p><img fetchpriority=\"high\" decoding=\"async\" class=\"product_lazy aligncenter\" src=\"\/wp-content\/uploads\/replace\/d3c4a0f64c53af8cf5e0ebbbfc112a9c.jpeg\" alt=\"Amazfit\u00a0Bip Lite\" width=\"1000\" height=\"916\" data-original=\"\/\/img.gkbcdn.com\/s3\/d\/201908\/886d241a-a09b-4f9f-ad2f-8bb22c925642.gif\" \/><img decoding=\"async\" class=\"product_lazy aligncenter\" src=\"\/wp-content\/uploads\/replace\/610443c03134a3d73676fdb1cd91cd73.jpeg\" alt=\"Amazfit\u00a0Bip Lite\" width=\"1000\" height=\"469\" data-original=\"\/\/img.gkbcdn.com\/s3\/d\/201908\/259d849c-d9d4-4038-9f40-3e1756d44d38.gif\" \/><img decoding=\"async\" class=\"product_lazy aligncenter\" src=\"\/wp-content\/uploads\/replace\/c9fbc0bccf9e3657926cf27b257a5a9c.jpeg\" alt=\"Amazfit\u00a0Bip Lite\" width=\"1000\" height=\"924\" data-original=\"\/\/img.gkbcdn.com\/s3\/d\/201908\/01ebc770-7024-4529-8920-55e43be2970b.gif\" \/><img loading=\"lazy\" decoding=\"async\" class=\"product_lazy aligncenter\" src=\"\/wp-content\/uploads\/replace\/dffca3e847084307b3a5ebda4b6ce270.jpeg\" alt=\"Amazfit\u00a0Bip Lite\" width=\"1000\" height=\"634\" data-original=\"\/\/img.gkbcdn.com\/s3\/d\/201908\/d9e9256b-bf0d-4d89-a578-b88522520c48.gif\" \/><img loading=\"lazy\" decoding=\"async\" class=\"product_lazy aligncenter\" src=\"\/wp-content\/uploads\/replace\/6a79dc692ad20c94c8a09696eaafa5ea.jpeg\" alt=\"Amazfit\u00a0Bip Lite\" width=\"1000\" height=\"648\" data-original=\"\/\/img.gkbcdn.com\/s3\/d\/201908\/a52778a0-5861-4025-830e-feacce25c1d7.gif\" \/><img loading=\"lazy\" decoding=\"async\" class=\"product_lazy aligncenter\" src=\"\/wp-content\/uploads\/replace\/0c2b618c1f5619190392580ef3d44e89.jpeg\" alt=\"Amazfit\u00a0Bip Lite\" width=\"1000\" height=\"918\" data-original=\"\/\/img.gkbcdn.com\/s3\/d\/201908\/52bade39-e85b-4c95-94e5-811a64723e46.gif\" \/><img loading=\"lazy\" decoding=\"async\" class=\"product_lazy aligncenter\" src=\"\/wp-content\/uploads\/replace\/d8365033daf3984d9b03c5d69904299b.jpeg\" alt=\"Amazfit\u00a0Bip Lite\" width=\"1000\" height=\"468\" data-original=\"\/\/img.gkbcdn.com\/s3\/d\/201908\/4ee24a48-0333-48c5-8bc6-cb8381c96d6b.gif\" \/><\/p>\n<h2>Especifica\u00e7\u00e3o<\/h2>\n<table class=\"jbEidtTable\" border=\"1\" cellspacing=\"0\" cellpadding=\"5\">\n<tbody>\n<tr>\n<td width=\"215\"><strong>Em geral<\/strong><\/td>\n<td width=\"705\">Marca: Amazonfit<br \/>\nVers\u00e3o Bluetooth: Bluetooth 4.1<br \/>\nResistente \u00e0 \u00e1gua: 3ATM<br \/>\n<a class=\"\" style=\"width: auto !important\" href=\"https:\/\/www.rucashk.com\/pt\/produto\/amazfit-verge-lite-amoled-color-screen-smart-watch\/\" data-wpil-post-to-id=\"1877\">Tipo de tela: cor reflexiva<\/a> tela de exibi\u00e7\u00e3o<br \/>\nModo de opera\u00e7\u00e3o: Tela sens\u00edvel ao toque<br \/>\nSO compat\u00edvel: Android4.4, IOS9 e superior<\/td>\n<\/tr>\n<tr>\n<td><strong>Detalhes do produto<\/strong><\/td>\n<td>Capacidade da bateria: 200mAh Li-Po<br \/>\nTempo de espera: 45 dias<br \/>\nTempo de carregamento: 2,5 horas<br \/>\nFun\u00e7\u00f5es: Despertador, Medi\u00e7\u00e3o da frequ\u00eancia card\u00edaca, Ped\u00f4metro, Gerenciamento do sono<br \/>\nTipo de alerta: Vibra\u00e7\u00e3o<br \/>\nAPLICATIVO: APLICATIVO Amazfit<br \/>\nIdioma do aplicativo: chin\u00eas, ingl\u00eas<br \/>\nFormato do mostrador: Ret\u00e2ngulo<br \/>\nMaterial da pulseira: Silicone<br \/>\nTamanho da pulseira: 195 mm x 20 mm<br \/>\nTamanho do mostrador: 39,9 x 34 x 10,2 mm<br \/>\nComprimento vest\u00edvel: 110 + 85 mm<\/td>\n<\/tr>\n<tr>\n<td><strong>Dimens\u00e3o<\/strong><\/td>\n<td>Peso do produto: 0,0320 kg<\/td>\n<\/tr>\n<tr>\n<td><strong>conte\u00fado do pacote<\/strong><\/td>\n<td>1 x rel\u00f3gio inteligente, 1 x cabo USB, 1 x manual do usu\u00e1rio<\/td>\n<\/tr>\n<\/tbody>\n<\/table>","protected":false},"excerpt":{"rendered":"<p>1.Use the Amazfit Bip Lite smartwatch for up to 45 days on a single 2.5-hour charge.<\/p>\n<p>2.Get detailed insights into frequent activities with daily fitness tracking, sedentary reminders, and 4 sport-modes.<\/p>\n<p>3.Receive notifications for email, text, and other notifications from your favorite mobile apps.<\/p>\n<p>4.Keep an eye on your health &#8211; With PPG sensors, monitor your heart rate 24\/7 as well as get detailed insights into your sleep pattern.<\/p>","protected":false},"featured_media":23045,"template":"","meta":[],"product_brand":[],"product_cat":[1339,1305],"product_tag":[],"class_list":{"0":"post-22967","1":"product","2":"type-product","3":"status-publish","4":"has-post-thumbnail","6":"product_cat-amazfit-smartwatch","7":"product_cat-xiaomi-eco","9":"first","10":"instock","11":"shipping-taxable","12":"product-type-external"},"aioseo_notices":[],"aioseo_head":"\n\t\t<!-- All in One SEO Pro 4.5.9.2 - aioseo.com -->\n\t\t<meta name=\"description\" content=\"1.Use the Amazfit Bip Lite smartwatch for up to 45 days on a single 2.5-hour charge. 2.Get detailed insights into frequent activities with daily fitness tracking, sedentary reminders, and 4 sport-modes. 3.Receive notifications for email, text, and other notifications from your favorite mobile apps. 4.Keep an eye on your health - With PPG sensors, monitor your heart rate 24\/7 as well as get detailed insights into your sleep pattern.\" \/>\n\t\t<meta name=\"robots\" content=\"max-image-preview:large\" \/>\n\t\t<link rel=\"canonical\" href=\"https:\/\/www.rucashk.com\/pt\/produto\/amazfit-bip-lite-smartwatch-with-45-day-battery-life\/\" \/>\n\t\t<meta name=\"generator\" content=\"All in One SEO Pro (AIOSEO) 4.5.9.2\" \/>\n\t\t<meta property=\"og:locale\" content=\"pt_PT\" \/>\n\t\t<meta property=\"og:site_name\" content=\"Rucas - One-stop AIoT Distribution Worldwide\" \/>\n\t\t<meta property=\"og:type\" content=\"article\" \/>\n\t\t<meta property=\"og:title\" content=\"Amazfit Bip Lite Smartwatch with 45-day battery life - Rucas - Wholesale and Distribution\" \/>\n\t\t<meta property=\"og:description\" content=\"1.Use the Amazfit Bip Lite smartwatch for up to 45 days on a single 2.5-hour charge. 2.Get detailed insights into frequent activities with daily fitness tracking, sedentary reminders, and 4 sport-modes. 3.Receive notifications for email, text, and other notifications from your favorite mobile apps. 4.Keep an eye on your health - With PPG sensors, monitor your heart rate 24\/7 as well as get detailed insights into your sleep pattern.\" \/>\n\t\t<meta property=\"og:url\" content=\"https:\/\/www.rucashk.com\/pt\/produto\/amazfit-bip-lite-smartwatch-with-45-day-battery-life\/\" \/>\n\t\t<meta property=\"og:image\" content=\"https:\/\/www.rucashk.com\/wp-content\/uploads\/replace\/503b8e645f128a97ccde2b6290747646.jpeg\" \/>\n\t\t<meta property=\"og:image:secure_url\" content=\"https:\/\/www.rucashk.com\/wp-content\/uploads\/replace\/503b8e645f128a97ccde2b6290747646.jpeg\" \/>\n\t\t<meta property=\"og:image:width\" content=\"1456\" \/>\n\t\t<meta property=\"og:image:height\" content=\"816\" \/>\n\t\t<meta property=\"article:published_time\" content=\"2024-01-09T15:50:15+00:00\" \/>\n\t\t<meta property=\"article:modified_time\" content=\"2024-03-12T04:17:54+00:00\" \/>\n\t\t<meta name=\"twitter:card\" content=\"summary_large_image\" \/>\n\t\t<meta name=\"twitter:title\" content=\"Amazfit Bip Lite Smartwatch with 45-day battery life - Rucas - Wholesale and Distribution\" \/>\n\t\t<meta name=\"twitter:description\" content=\"1.Use the Amazfit Bip Lite smartwatch for up to 45 days on a single 2.5-hour charge. 2.Get detailed insights into frequent activities with daily fitness tracking, sedentary reminders, and 4 sport-modes. 3.Receive notifications for email, text, and other notifications from your favorite mobile apps. 4.Keep an eye on your health - With PPG sensors, monitor your heart rate 24\/7 as well as get detailed insights into your sleep pattern.\" \/>\n\t\t<meta name=\"twitter:image\" content=\"https:\/\/www.rucashk.com\/wp-content\/uploads\/replace\/503b8e645f128a97ccde2b6290747646.jpeg\" \/>\n\t\t<script type=\"application\/ld+json\" class=\"aioseo-schema\">\n\t\t\t{\"@context\":\"https:\\\/\\\/schema.org\",\"@graph\":[{\"@type\":\"BreadcrumbList\",\"@id\":\"https:\\\/\\\/www.rucashk.com\\\/pt\\\/produto\\\/amazfit-bip-lite-smartwatch-with-45-day-battery-life\\\/#breadcrumblist\",\"itemListElement\":[{\"@type\":\"ListItem\",\"@id\":\"https:\\\/\\\/www.rucashk.com\\\/pt\\\/#listItem\",\"position\":1,\"name\":\"Home\",\"item\":\"https:\\\/\\\/www.rucashk.com\\\/pt\\\/\",\"nextItem\":\"https:\\\/\\\/www.rucashk.com\\\/pt\\\/produto\\\/amazfit-bip-lite-smartwatch-with-45-day-battery-life\\\/#listItem\"},{\"@type\":\"ListItem\",\"@id\":\"https:\\\/\\\/www.rucashk.com\\\/pt\\\/produto\\\/amazfit-bip-lite-smartwatch-with-45-day-battery-life\\\/#listItem\",\"position\":2,\"name\":\"Amazfit\\u00a0Bip Lite Smartwatch with 45-day battery life\",\"previousItem\":\"https:\\\/\\\/www.rucashk.com\\\/pt\\\/#listItem\"}]},{\"@type\":\"Organization\",\"@id\":\"https:\\\/\\\/www.rucashk.com\\\/pt\\\/#organization\",\"name\":\"Rucas\",\"url\":\"https:\\\/\\\/www.rucashk.com\\\/pt\\\/\",\"logo\":{\"@type\":\"ImageObject\",\"url\":\"https:\\\/\\\/www.rucashk.com\\\/wp-content\\\/uploads\\\/2023\\\/12\\\/Rucas_campany_logo.png\",\"@id\":\"https:\\\/\\\/www.rucashk.com\\\/pt\\\/produto\\\/amazfit-bip-lite-smartwatch-with-45-day-battery-life\\\/#organizationLogo\",\"width\":221,\"height\":65},\"image\":{\"@id\":\"https:\\\/\\\/www.rucashk.com\\\/pt\\\/#organizationLogo\"}},{\"@type\":\"Person\",\"@id\":\"https:\\\/\\\/www.rucashk.com\\\/pt\\\/author\\\/admin\\\/#author\",\"url\":\"https:\\\/\\\/www.rucashk.com\\\/pt\\\/author\\\/admin\\\/\",\"name\":\"admin\",\"image\":{\"@type\":\"ImageObject\",\"@id\":\"https:\\\/\\\/www.rucashk.com\\\/pt\\\/produto\\\/amazfit-bip-lite-smartwatch-with-45-day-battery-life\\\/#authorImage\",\"url\":\"https:\\\/\\\/secure.gravatar.com\\\/avatar\\\/b7c8925b09a27e72b30232f8ecaadbd5af0f70a38c78096863fe51b64f031c24?s=96&d=mm&r=g\",\"width\":96,\"height\":96,\"caption\":\"admin\"}},{\"@type\":\"WebPage\",\"@id\":\"https:\\\/\\\/www.rucashk.com\\\/pt\\\/produto\\\/amazfit-bip-lite-smartwatch-with-45-day-battery-life\\\/#webpage\",\"url\":\"https:\\\/\\\/www.rucashk.com\\\/pt\\\/produto\\\/amazfit-bip-lite-smartwatch-with-45-day-battery-life\\\/\",\"name\":\"Amazfit Bip Lite Smartwatch with 45-day battery life - Rucas - Wholesale and Distribution\",\"description\":\"1.Use the Amazfit Bip Lite smartwatch for up to 45 days on a single 2.5-hour charge. 2.Get detailed insights into frequent activities with daily fitness tracking, sedentary reminders, and 4 sport-modes. 3.Receive notifications for email, text, and other notifications from your favorite mobile apps. 4.Keep an eye on your health - With PPG sensors, monitor your heart rate 24\\\/7 as well as get detailed insights into your sleep pattern.\",\"inLanguage\":\"pt-PT\",\"isPartOf\":{\"@id\":\"https:\\\/\\\/www.rucashk.com\\\/pt\\\/#website\"},\"breadcrumb\":{\"@id\":\"https:\\\/\\\/www.rucashk.com\\\/pt\\\/produto\\\/amazfit-bip-lite-smartwatch-with-45-day-battery-life\\\/#breadcrumblist\"},\"author\":{\"@id\":\"https:\\\/\\\/www.rucashk.com\\\/pt\\\/author\\\/admin\\\/#author\"},\"creator\":{\"@id\":\"https:\\\/\\\/www.rucashk.com\\\/pt\\\/author\\\/admin\\\/#author\"},\"image\":{\"@type\":\"ImageObject\",\"url\":\"https:\\\/\\\/www.rucashk.com\\\/wp-content\\\/uploads\\\/2024\\\/01\\\/amazfit-bip-lite_\\u526f\\u672c.jpg\",\"@id\":\"https:\\\/\\\/www.rucashk.com\\\/pt\\\/produto\\\/amazfit-bip-lite-smartwatch-with-45-day-battery-life\\\/#mainImage\",\"width\":520,\"height\":471},\"primaryImageOfPage\":{\"@id\":\"https:\\\/\\\/www.rucashk.com\\\/pt\\\/produto\\\/amazfit-bip-lite-smartwatch-with-45-day-battery-life\\\/#mainImage\"},\"datePublished\":\"2024-01-09T15:50:15+00:00\",\"dateModified\":\"2024-03-12T04:17:54+00:00\"},{\"@type\":\"WebSite\",\"@id\":\"https:\\\/\\\/www.rucashk.com\\\/pt\\\/#website\",\"url\":\"https:\\\/\\\/www.rucashk.com\\\/pt\\\/\",\"name\":\"Rucas - Wholesale and distribution worldwide\",\"alternateName\":\"Rucas - One-stop AIoT Distribution Worldwide\",\"description\":\"One-stop AIoT Distribution Worldwide\",\"inLanguage\":\"pt-PT\",\"publisher\":{\"@id\":\"https:\\\/\\\/www.rucashk.com\\\/pt\\\/#organization\"}}]}\n\t\t<\/script>\n\t\t<!-- All in One SEO Pro -->\r\n\t\t<title>Amazfit Bip Lite Smartwatch with 45-day battery life - Rucas - Wholesale and Distribution<\/title>\n\n","aioseo_head_json":{"title":"Amazfit Bip Lite Smartwatch with 45-day battery life - Rucas - Wholesale and Distribution","description":"1.Use the Amazfit Bip Lite smartwatch for up to 45 days on a single 2.5-hour charge. 2.Get detailed insights into frequent activities with daily fitness tracking, sedentary reminders, and 4 sport-modes. 3.Receive notifications for email, text, and other notifications from your favorite mobile apps. 4.Keep an eye on your health - With PPG sensors, monitor your heart rate 24\/7 as well as get detailed insights into your sleep pattern.","canonical_url":"https:\/\/www.rucashk.com\/pt\/produto\/amazfit-bip-lite-smartwatch-with-45-day-battery-life\/","robots":"max-image-preview:large","keywords":"","webmasterTools":{"miscellaneous":""},"og:locale":"pt_PT","og:site_name":"Rucas - One-stop AIoT Distribution Worldwide","og:type":"article","og:title":"Amazfit Bip Lite Smartwatch with 45-day battery life - Rucas - Wholesale and Distribution","og:description":"1.Use the Amazfit Bip Lite smartwatch for up to 45 days on a single 2.5-hour charge. 2.Get detailed insights into frequent activities with daily fitness tracking, sedentary reminders, and 4 sport-modes. 3.Receive notifications for email, text, and other notifications from your favorite mobile apps. 4.Keep an eye on your health - With PPG sensors, monitor your heart rate 24\/7 as well as get detailed insights into your sleep pattern.","og:url":"https:\/\/www.rucashk.com\/pt\/produto\/amazfit-bip-lite-smartwatch-with-45-day-battery-life\/","og:image":"https:\/\/www.rucashk.com\/wp-content\/uploads\/replace\/503b8e645f128a97ccde2b6290747646.jpeg","og:image:secure_url":"https:\/\/www.rucashk.com\/wp-content\/uploads\/replace\/503b8e645f128a97ccde2b6290747646.jpeg","og:image:width":1456,"og:image:height":816,"article:published_time":"2024-01-09T15:50:15+00:00","article:modified_time":"2024-03-12T04:17:54+00:00","twitter:card":"summary_large_image","twitter:title":"Amazfit Bip Lite Smartwatch with 45-day battery life - Rucas - Wholesale and Distribution","twitter:description":"1.Use the Amazfit Bip Lite smartwatch for up to 45 days on a single 2.5-hour charge. 2.Get detailed insights into frequent activities with daily fitness tracking, sedentary reminders, and 4 sport-modes. 3.Receive notifications for email, text, and other notifications from your favorite mobile apps. 4.Keep an eye on your health - With PPG sensors, monitor your heart rate 24\/7 as well as get detailed insights into your sleep pattern.","twitter:image":"https:\/\/www.rucashk.com\/wp-content\/uploads\/replace\/503b8e645f128a97ccde2b6290747646.jpeg","schema":{"@context":"https:\/\/schema.org","@graph":[{"@type":"BreadcrumbList","@id":"https:\/\/www.rucashk.com\/pt\/produto\/amazfit-bip-lite-smartwatch-with-45-day-battery-life\/#breadcrumblist","itemListElement":[{"@type":"ListItem","@id":"https:\/\/www.rucashk.com\/pt\/#listItem","position":1,"name":"Home","item":"https:\/\/www.rucashk.com\/pt\/","nextItem":"https:\/\/www.rucashk.com\/pt\/produto\/amazfit-bip-lite-smartwatch-with-45-day-battery-life\/#listItem"},{"@type":"ListItem","@id":"https:\/\/www.rucashk.com\/pt\/produto\/amazfit-bip-lite-smartwatch-with-45-day-battery-life\/#listItem","position":2,"name":"Amazfit\u00a0Bip Lite Smartwatch with 45-day battery life","previousItem":"https:\/\/www.rucashk.com\/pt\/#listItem"}]},{"@type":"Organization","@id":"https:\/\/www.rucashk.com\/pt\/#organization","name":"Rucas","url":"https:\/\/www.rucashk.com\/pt\/","logo":{"@type":"ImageObject","url":"https:\/\/www.rucashk.com\/wp-content\/uploads\/2023\/12\/Rucas_campany_logo.png","@id":"https:\/\/www.rucashk.com\/pt\/produto\/amazfit-bip-lite-smartwatch-with-45-day-battery-life\/#organizationLogo","width":221,"height":65},"image":{"@id":"https:\/\/www.rucashk.com\/pt\/#organizationLogo"}},{"@type":"Person","@id":"https:\/\/www.rucashk.com\/pt\/author\/admin\/#author","url":"https:\/\/www.rucashk.com\/pt\/author\/admin\/","name":"admin","image":{"@type":"ImageObject","@id":"https:\/\/www.rucashk.com\/pt\/produto\/amazfit-bip-lite-smartwatch-with-45-day-battery-life\/#authorImage","url":"https:\/\/secure.gravatar.com\/avatar\/b7c8925b09a27e72b30232f8ecaadbd5af0f70a38c78096863fe51b64f031c24?s=96&d=mm&r=g","width":96,"height":96,"caption":"admin"}},{"@type":"WebPage","@id":"https:\/\/www.rucashk.com\/pt\/produto\/amazfit-bip-lite-smartwatch-with-45-day-battery-life\/#webpage","url":"https:\/\/www.rucashk.com\/pt\/produto\/amazfit-bip-lite-smartwatch-with-45-day-battery-life\/","name":"Amazfit Bip Lite Smartwatch with 45-day battery life - Rucas - Wholesale and Distribution","description":"1.Use the Amazfit Bip Lite smartwatch for up to 45 days on a single 2.5-hour charge. 2.Get detailed insights into frequent activities with daily fitness tracking, sedentary reminders, and 4 sport-modes. 3.Receive notifications for email, text, and other notifications from your favorite mobile apps. 4.Keep an eye on your health - With PPG sensors, monitor your heart rate 24\/7 as well as get detailed insights into your sleep pattern.","inLanguage":"pt-PT","isPartOf":{"@id":"https:\/\/www.rucashk.com\/pt\/#website"},"breadcrumb":{"@id":"https:\/\/www.rucashk.com\/pt\/produto\/amazfit-bip-lite-smartwatch-with-45-day-battery-life\/#breadcrumblist"},"author":{"@id":"https:\/\/www.rucashk.com\/pt\/author\/admin\/#author"},"creator":{"@id":"https:\/\/www.rucashk.com\/pt\/author\/admin\/#author"},"image":{"@type":"ImageObject","url":"https:\/\/www.rucashk.com\/wp-content\/uploads\/2024\/01\/amazfit-bip-lite_\u526f\u672c.jpg","@id":"https:\/\/www.rucashk.com\/pt\/produto\/amazfit-bip-lite-smartwatch-with-45-day-battery-life\/#mainImage","width":520,"height":471},"primaryImageOfPage":{"@id":"https:\/\/www.rucashk.com\/pt\/produto\/amazfit-bip-lite-smartwatch-with-45-day-battery-life\/#mainImage"},"datePublished":"2024-01-09T15:50:15+00:00","dateModified":"2024-03-12T04:17:54+00:00"},{"@type":"WebSite","@id":"https:\/\/www.rucashk.com\/pt\/#website","url":"https:\/\/www.rucashk.com\/pt\/","name":"Rucas - Wholesale and distribution worldwide","alternateName":"Rucas - One-stop AIoT Distribution Worldwide","description":"One-stop AIoT Distribution Worldwide","inLanguage":"pt-PT","publisher":{"@id":"https:\/\/www.rucashk.com\/pt\/#organization"}}]}},"aioseo_meta_data":{"post_id":"22967","title":null,"description":null,"keywords":null,"keyphrases":null,"primary_term":null,"canonical_url":null,"og_title":null,"og_description":null,"og_object_type":"default","og_image_type":"default","og_image_url":null,"og_image_width":null,"og_image_height":null,"og_image_custom_url":null,"og_image_custom_fields":null,"og_video":null,"og_custom_url":null,"og_article_section":null,"og_article_tags":null,"twitter_use_og":false,"twitter_card":"default","twitter_image_type":"default","twitter_image_url":null,"twitter_image_custom_url":null,"twitter_image_custom_fields":null,"twitter_title":null,"twitter_description":null,"schema":{"blockGraphs":[],"customGraphs":[],"default":{"data":{"Article":[],"Course":[],"Dataset":[],"FAQPage":[],"Movie":[],"Person":[],"Product":[],"Recipe":[],"Service":[],"SoftwareApplication":[],"WebPage":[]},"graphName":"","isEnabled":true},"graphs":[]},"schema_type":"default","schema_type_options":null,"pillar_content":false,"robots_default":true,"robots_noindex":false,"robots_noarchive":false,"robots_nosnippet":false,"robots_nofollow":false,"robots_noimageindex":false,"robots_noodp":false,"robots_notranslate":false,"robots_max_snippet":null,"robots_max_videopreview":null,"robots_max_imagepreview":"large","priority":null,"frequency":null,"local_seo":null,"breadcrumb_settings":null,"limit_modified_date":false,"created":"2024-04-11 01:55:25","updated":"2025-06-22 16:53:57"},"aioseo_breadcrumb":"<div class=\"aioseo-breadcrumbs\"><span class=\"aioseo-breadcrumb\">\n\t<a href=\"https:\/\/www.rucashk.com\/pt\" title=\"Home\">Home<\/a>\n<\/span><span class=\"aioseo-breadcrumb-separator\">&raquo;<\/span><span class=\"aioseo-breadcrumb\">\n\t<a href=\"https:\/\/www.rucashk.com\/pt\/products\/\" title=\"Produtos\">Produtos<\/a>\n<\/span><span class=\"aioseo-breadcrumb-separator\">&raquo;<\/span><span class=\"aioseo-breadcrumb\">\n\t<a href=\"https:\/\/www.rucashk.com\/pt\/categoria-produto\/xiaomi-eco\/\" title=\"Xiaomi Eco\">Xiaomi Eco<\/a>\n<\/span><span class=\"aioseo-breadcrumb-separator\">&raquo;<\/span><span class=\"aioseo-breadcrumb\">\n\t<a href=\"https:\/\/www.rucashk.com\/pt\/categoria-produto\/xiaomi-eco\/amazfit-smartwatch\/\" title=\"Amazfit Smartwatch\">Amazfit Smartwatch<\/a>\n<\/span><span class=\"aioseo-breadcrumb-separator\">&raquo;<\/span><span class=\"aioseo-breadcrumb\">\n\tAmazfit\u00a0Bip Lite Smartwatch with 45-day battery life\n<\/span><\/div>","aioseo_breadcrumb_json":[{"label":"Home","link":"https:\/\/www.rucashk.com\/pt"},{"label":"Produtos","link":"https:\/\/www.rucashk.com\/pt\/products\/"},{"label":"Xiaomi Eco","link":"https:\/\/www.rucashk.com\/pt\/categoria-produto\/xiaomi-eco\/"},{"label":"Amazfit Smartwatch","link":"https:\/\/www.rucashk.com\/pt\/categoria-produto\/xiaomi-eco\/amazfit-smartwatch\/"},{"label":"Amazfit\u00a0Bip Lite Smartwatch with 45-day battery life","link":"https:\/\/www.rucashk.com\/pt\/produto\/amazfit-bip-lite-smartwatch-with-45-day-battery-life\/"}],"_links":{"self":[{"href":"https:\/\/www.rucashk.com\/pt\/wp-json\/wp\/v2\/product\/22967","targetHints":{"allow":["GET"]}}],"collection":[{"href":"https:\/\/www.rucashk.com\/pt\/wp-json\/wp\/v2\/product"}],"about":[{"href":"https:\/\/www.rucashk.com\/pt\/wp-json\/wp\/v2\/types\/product"}],"wp:featuredmedia":[{"embeddable":true,"href":"https:\/\/www.rucashk.com\/pt\/wp-json\/wp\/v2\/media\/23045"}],"wp:attachment":[{"href":"https:\/\/www.rucashk.com\/pt\/wp-json\/wp\/v2\/media?parent=22967"}],"wp:term":[{"taxonomy":"product_brand","embeddable":true,"href":"https:\/\/www.rucashk.com\/pt\/wp-json\/wp\/v2\/product_brand?post=22967"},{"taxonomy":"product_cat","embeddable":true,"href":"https:\/\/www.rucashk.com\/pt\/wp-json\/wp\/v2\/product_cat?post=22967"},{"taxonomy":"product_tag","embeddable":true,"href":"https:\/\/www.rucashk.com\/pt\/wp-json\/wp\/v2\/product_tag?post=22967"}],"curies":[{"name":"wp","href":"https:\/\/api.w.org\/{rel}","templated":true}]}}