{"id":22966,"date":"2024-01-09T15:50:15","date_gmt":"2024-01-09T15:50:15","guid":{"rendered":"http:\/\/rucashk.com\/?post_type=product&#038;p=22966"},"modified":"2024-03-13T08:40:12","modified_gmt":"2024-03-13T08:40:12","slug":"ninebot-one-z10-one-wheel-wholesale","status":"publish","type":"product","link":"https:\/\/www.rucashk.com\/pt\/produto\/ninebot-one-z10-one-wheel-wholesale\/","title":{"rendered":"Ninebot One Z10 Uma Roda Atacado"},"content":{"rendered":"<p><img decoding=\"async\" alt=\"Ninebot One Z10 One Wheel Wholesale\" src=\"\/wp-content\/uploads\/replace\/c4bac6ee15ad8fe18bc2c97da9049085.jpeg\" \/><img decoding=\"async\" alt=\"Ninebot One Z10 One Wheel Wholesale\" src=\"\/wp-content\/uploads\/replace\/01d5c96cd0c29c3251c5640b197509f0.jpeg\" \/><img decoding=\"async\" alt=\"Ninebot One Z10 One Wheel Wholesale\" src=\"\/wp-content\/uploads\/replace\/7a8ff7cc2b31d4cb3798855b73fd5a23.jpeg\" \/><img decoding=\"async\" alt=\"Ninebot One Z10 One Wheel Wholesale\" src=\"\/wp-content\/uploads\/replace\/81fffea2ff252279291db2f5671df1fe.jpeg\" \/><img decoding=\"async\" alt=\"Ninebot One Z10 One Wheel Wholesale\" src=\"\/wp-content\/uploads\/replace\/7954eca6e8c09400afc2dc400e95ceff.jpeg\" \/><img decoding=\"async\" alt=\"Ninebot One Z10 One Wheel Wholesale\" src=\"\/wp-content\/uploads\/replace\/2675d0f53cfdc0a92e5e731098a543f8.jpeg\" \/><img decoding=\"async\" alt=\"Ninebot One Z10 One Wheel Wholesale\" src=\"\/wp-content\/uploads\/replace\/1c5a842d5028add50e44ed2afe7a9dfb.jpeg\" \/><\/p>\n<p><strong>Principais caracter\u00edsticas:<\/strong><br \/>\n\u25cf Monociclo de roda \u00fanica para o novo futuro da scooter de equil\u00edbrio<br \/>\n\u25cf A luz traseira para alertar pessoas e carros \u00e0 noite<br \/>\n\u25cf O motor de 1800 W fornece velocidade m\u00e1xima de 45 km\/h (velocidade segura de 20 km\/h) e inclina\u00e7\u00e3o m\u00e1xima de 25 graus<br \/>\n\u25cf Bateria de \u00edons de l\u00edtio de 995Wh (inclu\u00edda no produto) para 90 km de quilometragem e 9 horas de carregamento<br \/>\n\u25cf Pneu de v\u00e1cuo de borracha de 18 polegadas para diferentes terrenos<br \/>\n\u25cf Estrutura em liga de alum\u00ednio e carca\u00e7a de pl\u00e1stico para carga \u00fatil m\u00e1xima de 150 kg<br \/>\n\u25cf Adequado para adultos e adolescentes brincarem em estradas largas, pastagens, encostas, etc.<br \/>\n\u25cf Tens\u00e3o de entrada: 100 \u2013 240V<\/p>","protected":false},"excerpt":{"rendered":"<p><strong>Principais caracter\u00edsticas:<\/strong><br \/>\n\u25cf Monociclo de roda \u00fanica para o novo futuro da scooter de equil\u00edbrio<br \/>\n\u25cf A luz traseira para alertar pessoas e carros \u00e0 noite<br \/>\n\u25cf O motor de 1800 W fornece velocidade m\u00e1xima de 45 km\/h (velocidade segura de 20 km\/h) e inclina\u00e7\u00e3o m\u00e1xima de 25 graus<br \/>\n\u25cf Bateria de \u00edons de l\u00edtio de 995Wh (inclu\u00edda no produto) para 90 km de quilometragem e 9 horas de carregamento<br \/>\n\u25cf Pneu de v\u00e1cuo de borracha de 18 polegadas para diferentes terrenos<br \/>\n\u25cf Estrutura em liga de alum\u00ednio e carca\u00e7a de pl\u00e1stico para carga \u00fatil m\u00e1xima de 150 kg<br \/>\n\u25cf Adequado para adultos e adolescentes brincarem em estradas largas, pastagens, encostas, etc.<br \/>\n\u25cf Tens\u00e3o de entrada: 100 \u2013 240V<\/p>","protected":false},"featured_media":23041,"template":"","meta":[],"product_brand":[],"product_cat":[1321,1305],"product_tag":[797],"class_list":{"0":"post-22966","1":"product","2":"type-product","3":"status-publish","4":"has-post-thumbnail","6":"product_cat-sports","7":"product_cat-xiaomi-eco","8":"product_tag-ninebot-one","10":"first","11":"instock","12":"shipping-taxable","13":"product-type-external"},"aioseo_notices":[],"aioseo_head":"\n\t\t<!-- All in One SEO Pro 4.5.9.2 - aioseo.com -->\n\t\t<meta name=\"description\" content=\"Main Features: \u25cf Single wheel unicycle for the new future of balance scooter \u25cf The tail light for warning people and cars at night \u25cf The 1800W motor provides the max 45km\/h speed ( 20km\/h safe speed ) and max 25-degree gradient \u25cf 995Wh Li-ion battery ( included in product ) for 90km mileage and 9 hours charging time \u25cf 18 inch rubber vacuum tire for different grounds \u25cf Aluminum alloy frame and plastic shell for max 150kg payload \u25cf Suitable for the adult and teenagers play in the wide road, grassland, slope, etc. \u25cf Input voltage: 100 - 240V\" \/>\n\t\t<meta name=\"robots\" content=\"max-image-preview:large\" \/>\n\t\t<link rel=\"canonical\" href=\"https:\/\/www.rucashk.com\/pt\/produto\/ninebot-one-z10-one-wheel-wholesale\/\" \/>\n\t\t<meta name=\"generator\" content=\"All in One SEO Pro (AIOSEO) 4.5.9.2\" \/>\n\t\t<meta property=\"og:locale\" content=\"pt_PT\" \/>\n\t\t<meta property=\"og:site_name\" content=\"Rucas - One-stop AIoT Distribution Worldwide\" \/>\n\t\t<meta property=\"og:type\" content=\"article\" \/>\n\t\t<meta property=\"og:title\" content=\"Ninebot One Z10 One Wheel Wholesale - Rucas - Wholesale and Distribution\" \/>\n\t\t<meta property=\"og:description\" content=\"Main Features: \u25cf Single wheel unicycle for the new future of balance scooter \u25cf The tail light for warning people and cars at night \u25cf The 1800W motor provides the max 45km\/h speed ( 20km\/h safe speed ) and max 25-degree gradient \u25cf 995Wh Li-ion battery ( included in product ) for 90km mileage and 9 hours charging time \u25cf 18 inch rubber vacuum tire for different grounds \u25cf Aluminum alloy frame and plastic shell for max 150kg payload \u25cf Suitable for the adult and teenagers play in the wide road, grassland, slope, etc. \u25cf Input voltage: 100 - 240V\" \/>\n\t\t<meta property=\"og:url\" content=\"https:\/\/www.rucashk.com\/pt\/produto\/ninebot-one-z10-one-wheel-wholesale\/\" \/>\n\t\t<meta property=\"og:image\" content=\"https:\/\/www.rucashk.com\/wp-content\/uploads\/replace\/503b8e645f128a97ccde2b6290747646.jpeg\" \/>\n\t\t<meta property=\"og:image:secure_url\" content=\"https:\/\/www.rucashk.com\/wp-content\/uploads\/replace\/503b8e645f128a97ccde2b6290747646.jpeg\" \/>\n\t\t<meta property=\"og:image:width\" content=\"1456\" \/>\n\t\t<meta property=\"og:image:height\" content=\"816\" \/>\n\t\t<meta property=\"article:published_time\" content=\"2024-01-09T15:50:15+00:00\" \/>\n\t\t<meta property=\"article:modified_time\" content=\"2024-03-13T08:40:12+00:00\" \/>\n\t\t<meta name=\"twitter:card\" content=\"summary_large_image\" \/>\n\t\t<meta name=\"twitter:title\" content=\"Ninebot One Z10 One Wheel Wholesale - Rucas - Wholesale and Distribution\" \/>\n\t\t<meta name=\"twitter:description\" content=\"Main Features: \u25cf Single wheel unicycle for the new future of balance scooter \u25cf The tail light for warning people and cars at night \u25cf The 1800W motor provides the max 45km\/h speed ( 20km\/h safe speed ) and max 25-degree gradient \u25cf 995Wh Li-ion battery ( included in product ) for 90km mileage and 9 hours charging time \u25cf 18 inch rubber vacuum tire for different grounds \u25cf Aluminum alloy frame and plastic shell for max 150kg payload \u25cf Suitable for the adult and teenagers play in the wide road, grassland, slope, etc. \u25cf Input voltage: 100 - 240V\" \/>\n\t\t<meta name=\"twitter:image\" content=\"https:\/\/www.rucashk.com\/wp-content\/uploads\/replace\/503b8e645f128a97ccde2b6290747646.jpeg\" \/>\n\t\t<script type=\"application\/ld+json\" class=\"aioseo-schema\">\n\t\t\t{\"@context\":\"https:\\\/\\\/schema.org\",\"@graph\":[{\"@type\":\"BreadcrumbList\",\"@id\":\"https:\\\/\\\/www.rucashk.com\\\/pt\\\/produto\\\/ninebot-one-z10-one-wheel-wholesale\\\/#breadcrumblist\",\"itemListElement\":[{\"@type\":\"ListItem\",\"@id\":\"https:\\\/\\\/www.rucashk.com\\\/pt\\\/#listItem\",\"position\":1,\"name\":\"Home\",\"item\":\"https:\\\/\\\/www.rucashk.com\\\/pt\\\/\",\"nextItem\":\"https:\\\/\\\/www.rucashk.com\\\/pt\\\/produto\\\/ninebot-one-z10-one-wheel-wholesale\\\/#listItem\"},{\"@type\":\"ListItem\",\"@id\":\"https:\\\/\\\/www.rucashk.com\\\/pt\\\/produto\\\/ninebot-one-z10-one-wheel-wholesale\\\/#listItem\",\"position\":2,\"name\":\"Ninebot One Z10 One Wheel Wholesale\",\"previousItem\":\"https:\\\/\\\/www.rucashk.com\\\/pt\\\/#listItem\"}]},{\"@type\":\"Organization\",\"@id\":\"https:\\\/\\\/www.rucashk.com\\\/pt\\\/#organization\",\"name\":\"Rucas\",\"url\":\"https:\\\/\\\/www.rucashk.com\\\/pt\\\/\",\"logo\":{\"@type\":\"ImageObject\",\"url\":\"https:\\\/\\\/www.rucashk.com\\\/wp-content\\\/uploads\\\/2023\\\/12\\\/Rucas_campany_logo.png\",\"@id\":\"https:\\\/\\\/www.rucashk.com\\\/pt\\\/produto\\\/ninebot-one-z10-one-wheel-wholesale\\\/#organizationLogo\",\"width\":221,\"height\":65},\"image\":{\"@id\":\"https:\\\/\\\/www.rucashk.com\\\/pt\\\/#organizationLogo\"}},{\"@type\":\"Person\",\"@id\":\"https:\\\/\\\/www.rucashk.com\\\/pt\\\/author\\\/admin\\\/#author\",\"url\":\"https:\\\/\\\/www.rucashk.com\\\/pt\\\/author\\\/admin\\\/\",\"name\":\"admin\",\"image\":{\"@type\":\"ImageObject\",\"@id\":\"https:\\\/\\\/www.rucashk.com\\\/pt\\\/produto\\\/ninebot-one-z10-one-wheel-wholesale\\\/#authorImage\",\"url\":\"https:\\\/\\\/secure.gravatar.com\\\/avatar\\\/b7c8925b09a27e72b30232f8ecaadbd5af0f70a38c78096863fe51b64f031c24?s=96&d=mm&r=g\",\"width\":96,\"height\":96,\"caption\":\"admin\"}},{\"@type\":\"WebPage\",\"@id\":\"https:\\\/\\\/www.rucashk.com\\\/pt\\\/produto\\\/ninebot-one-z10-one-wheel-wholesale\\\/#webpage\",\"url\":\"https:\\\/\\\/www.rucashk.com\\\/pt\\\/produto\\\/ninebot-one-z10-one-wheel-wholesale\\\/\",\"name\":\"Ninebot One Z10 One Wheel Wholesale - Rucas - Wholesale and Distribution\",\"description\":\"Main Features: \\u25cf Single wheel unicycle for the new future of balance scooter \\u25cf The tail light for warning people and cars at night \\u25cf The 1800W motor provides the max 45km\\\/h speed ( 20km\\\/h safe speed ) and max 25-degree gradient \\u25cf 995Wh Li-ion battery ( included in product ) for 90km mileage and 9 hours charging time \\u25cf 18 inch rubber vacuum tire for different grounds \\u25cf Aluminum alloy frame and plastic shell for max 150kg payload \\u25cf Suitable for the adult and teenagers play in the wide road, grassland, slope, etc. \\u25cf Input voltage: 100 - 240V\",\"inLanguage\":\"pt-PT\",\"isPartOf\":{\"@id\":\"https:\\\/\\\/www.rucashk.com\\\/pt\\\/#website\"},\"breadcrumb\":{\"@id\":\"https:\\\/\\\/www.rucashk.com\\\/pt\\\/produto\\\/ninebot-one-z10-one-wheel-wholesale\\\/#breadcrumblist\"},\"author\":{\"@id\":\"https:\\\/\\\/www.rucashk.com\\\/pt\\\/author\\\/admin\\\/#author\"},\"creator\":{\"@id\":\"https:\\\/\\\/www.rucashk.com\\\/pt\\\/author\\\/admin\\\/#author\"},\"image\":{\"@type\":\"ImageObject\",\"url\":\"https:\\\/\\\/www.rucashk.com\\\/wp-content\\\/uploads\\\/2024\\\/01\\\/1_\\u526f\\u672c-17.jpg\",\"@id\":\"https:\\\/\\\/www.rucashk.com\\\/pt\\\/produto\\\/ninebot-one-z10-one-wheel-wholesale\\\/#mainImage\",\"width\":800,\"height\":800},\"primaryImageOfPage\":{\"@id\":\"https:\\\/\\\/www.rucashk.com\\\/pt\\\/produto\\\/ninebot-one-z10-one-wheel-wholesale\\\/#mainImage\"},\"datePublished\":\"2024-01-09T15:50:15+00:00\",\"dateModified\":\"2024-03-13T08:40:12+00:00\"},{\"@type\":\"WebSite\",\"@id\":\"https:\\\/\\\/www.rucashk.com\\\/pt\\\/#website\",\"url\":\"https:\\\/\\\/www.rucashk.com\\\/pt\\\/\",\"name\":\"Rucas - Wholesale and distribution worldwide\",\"alternateName\":\"Rucas - One-stop AIoT Distribution Worldwide\",\"description\":\"One-stop AIoT Distribution Worldwide\",\"inLanguage\":\"pt-PT\",\"publisher\":{\"@id\":\"https:\\\/\\\/www.rucashk.com\\\/pt\\\/#organization\"}}]}\n\t\t<\/script>\n\t\t<!-- All in One SEO Pro -->\r\n\t\t<title>Ninebot One Z10 One Wheel Wholesale - Rucas - Wholesale and Distribution<\/title>\n\n","aioseo_head_json":{"title":"Ninebot One Z10 One Wheel Wholesale - Rucas - Wholesale and Distribution","description":"Main Features: \u25cf Single wheel unicycle for the new future of balance scooter \u25cf The tail light for warning people and cars at night \u25cf The 1800W motor provides the max 45km\/h speed ( 20km\/h safe speed ) and max 25-degree gradient \u25cf 995Wh Li-ion battery ( included in product ) for 90km mileage and 9 hours charging time \u25cf 18 inch rubber vacuum tire for different grounds \u25cf Aluminum alloy frame and plastic shell for max 150kg payload \u25cf Suitable for the adult and teenagers play in the wide road, grassland, slope, etc. \u25cf Input voltage: 100 - 240V","canonical_url":"https:\/\/www.rucashk.com\/pt\/produto\/ninebot-one-z10-one-wheel-wholesale\/","robots":"max-image-preview:large","keywords":"","webmasterTools":{"miscellaneous":""},"og:locale":"pt_PT","og:site_name":"Rucas - One-stop AIoT Distribution Worldwide","og:type":"article","og:title":"Ninebot One Z10 One Wheel Wholesale - Rucas - Wholesale and Distribution","og:description":"Main Features: \u25cf Single wheel unicycle for the new future of balance scooter \u25cf The tail light for warning people and cars at night \u25cf The 1800W motor provides the max 45km\/h speed ( 20km\/h safe speed ) and max 25-degree gradient \u25cf 995Wh Li-ion battery ( included in product ) for 90km mileage and 9 hours charging time \u25cf 18 inch rubber vacuum tire for different grounds \u25cf Aluminum alloy frame and plastic shell for max 150kg payload \u25cf Suitable for the adult and teenagers play in the wide road, grassland, slope, etc. \u25cf Input voltage: 100 - 240V","og:url":"https:\/\/www.rucashk.com\/pt\/produto\/ninebot-one-z10-one-wheel-wholesale\/","og:image":"https:\/\/www.rucashk.com\/wp-content\/uploads\/replace\/503b8e645f128a97ccde2b6290747646.jpeg","og:image:secure_url":"https:\/\/www.rucashk.com\/wp-content\/uploads\/replace\/503b8e645f128a97ccde2b6290747646.jpeg","og:image:width":1456,"og:image:height":816,"article:published_time":"2024-01-09T15:50:15+00:00","article:modified_time":"2024-03-13T08:40:12+00:00","twitter:card":"summary_large_image","twitter:title":"Ninebot One Z10 One Wheel Wholesale - Rucas - Wholesale and Distribution","twitter:description":"Main Features: \u25cf Single wheel unicycle for the new future of balance scooter \u25cf The tail light for warning people and cars at night \u25cf The 1800W motor provides the max 45km\/h speed ( 20km\/h safe speed ) and max 25-degree gradient \u25cf 995Wh Li-ion battery ( included in product ) for 90km mileage and 9 hours charging time \u25cf 18 inch rubber vacuum tire for different grounds \u25cf Aluminum alloy frame and plastic shell for max 150kg payload \u25cf Suitable for the adult and teenagers play in the wide road, grassland, slope, etc. \u25cf Input voltage: 100 - 240V","twitter:image":"https:\/\/www.rucashk.com\/wp-content\/uploads\/replace\/503b8e645f128a97ccde2b6290747646.jpeg","schema":{"@context":"https:\/\/schema.org","@graph":[{"@type":"BreadcrumbList","@id":"https:\/\/www.rucashk.com\/pt\/produto\/ninebot-one-z10-one-wheel-wholesale\/#breadcrumblist","itemListElement":[{"@type":"ListItem","@id":"https:\/\/www.rucashk.com\/pt\/#listItem","position":1,"name":"Home","item":"https:\/\/www.rucashk.com\/pt\/","nextItem":"https:\/\/www.rucashk.com\/pt\/produto\/ninebot-one-z10-one-wheel-wholesale\/#listItem"},{"@type":"ListItem","@id":"https:\/\/www.rucashk.com\/pt\/produto\/ninebot-one-z10-one-wheel-wholesale\/#listItem","position":2,"name":"Ninebot One Z10 One Wheel Wholesale","previousItem":"https:\/\/www.rucashk.com\/pt\/#listItem"}]},{"@type":"Organization","@id":"https:\/\/www.rucashk.com\/pt\/#organization","name":"Rucas","url":"https:\/\/www.rucashk.com\/pt\/","logo":{"@type":"ImageObject","url":"https:\/\/www.rucashk.com\/wp-content\/uploads\/2023\/12\/Rucas_campany_logo.png","@id":"https:\/\/www.rucashk.com\/pt\/produto\/ninebot-one-z10-one-wheel-wholesale\/#organizationLogo","width":221,"height":65},"image":{"@id":"https:\/\/www.rucashk.com\/pt\/#organizationLogo"}},{"@type":"Person","@id":"https:\/\/www.rucashk.com\/pt\/author\/admin\/#author","url":"https:\/\/www.rucashk.com\/pt\/author\/admin\/","name":"admin","image":{"@type":"ImageObject","@id":"https:\/\/www.rucashk.com\/pt\/produto\/ninebot-one-z10-one-wheel-wholesale\/#authorImage","url":"https:\/\/secure.gravatar.com\/avatar\/b7c8925b09a27e72b30232f8ecaadbd5af0f70a38c78096863fe51b64f031c24?s=96&d=mm&r=g","width":96,"height":96,"caption":"admin"}},{"@type":"WebPage","@id":"https:\/\/www.rucashk.com\/pt\/produto\/ninebot-one-z10-one-wheel-wholesale\/#webpage","url":"https:\/\/www.rucashk.com\/pt\/produto\/ninebot-one-z10-one-wheel-wholesale\/","name":"Ninebot One Z10 One Wheel Wholesale - Rucas - Wholesale and Distribution","description":"Main Features: \u25cf Single wheel unicycle for the new future of balance scooter \u25cf The tail light for warning people and cars at night \u25cf The 1800W motor provides the max 45km\/h speed ( 20km\/h safe speed ) and max 25-degree gradient \u25cf 995Wh Li-ion battery ( included in product ) for 90km mileage and 9 hours charging time \u25cf 18 inch rubber vacuum tire for different grounds \u25cf Aluminum alloy frame and plastic shell for max 150kg payload \u25cf Suitable for the adult and teenagers play in the wide road, grassland, slope, etc. \u25cf Input voltage: 100 - 240V","inLanguage":"pt-PT","isPartOf":{"@id":"https:\/\/www.rucashk.com\/pt\/#website"},"breadcrumb":{"@id":"https:\/\/www.rucashk.com\/pt\/produto\/ninebot-one-z10-one-wheel-wholesale\/#breadcrumblist"},"author":{"@id":"https:\/\/www.rucashk.com\/pt\/author\/admin\/#author"},"creator":{"@id":"https:\/\/www.rucashk.com\/pt\/author\/admin\/#author"},"image":{"@type":"ImageObject","url":"https:\/\/www.rucashk.com\/wp-content\/uploads\/2024\/01\/1_\u526f\u672c-17.jpg","@id":"https:\/\/www.rucashk.com\/pt\/produto\/ninebot-one-z10-one-wheel-wholesale\/#mainImage","width":800,"height":800},"primaryImageOfPage":{"@id":"https:\/\/www.rucashk.com\/pt\/produto\/ninebot-one-z10-one-wheel-wholesale\/#mainImage"},"datePublished":"2024-01-09T15:50:15+00:00","dateModified":"2024-03-13T08:40:12+00:00"},{"@type":"WebSite","@id":"https:\/\/www.rucashk.com\/pt\/#website","url":"https:\/\/www.rucashk.com\/pt\/","name":"Rucas - Wholesale and distribution worldwide","alternateName":"Rucas - One-stop AIoT Distribution Worldwide","description":"One-stop AIoT Distribution Worldwide","inLanguage":"pt-PT","publisher":{"@id":"https:\/\/www.rucashk.com\/pt\/#organization"}}]}},"aioseo_meta_data":{"post_id":"22966","title":null,"description":null,"keywords":null,"keyphrases":null,"primary_term":null,"canonical_url":null,"og_title":null,"og_description":null,"og_object_type":"default","og_image_type":"default","og_image_url":null,"og_image_width":null,"og_image_height":null,"og_image_custom_url":null,"og_image_custom_fields":null,"og_video":null,"og_custom_url":null,"og_article_section":null,"og_article_tags":null,"twitter_use_og":false,"twitter_card":"default","twitter_image_type":"default","twitter_image_url":null,"twitter_image_custom_url":null,"twitter_image_custom_fields":null,"twitter_title":null,"twitter_description":null,"schema":{"blockGraphs":[],"customGraphs":[],"default":{"data":{"Article":[],"Course":[],"Dataset":[],"FAQPage":[],"Movie":[],"Person":[],"Product":[],"Recipe":[],"Service":[],"SoftwareApplication":[],"WebPage":[]},"graphName":"","isEnabled":true},"graphs":[]},"schema_type":"default","schema_type_options":null,"pillar_content":false,"robots_default":true,"robots_noindex":false,"robots_noarchive":false,"robots_nosnippet":false,"robots_nofollow":false,"robots_noimageindex":false,"robots_noodp":false,"robots_notranslate":false,"robots_max_snippet":null,"robots_max_videopreview":null,"robots_max_imagepreview":"large","priority":null,"frequency":null,"local_seo":null,"breadcrumb_settings":null,"limit_modified_date":false,"created":"2024-04-11 01:55:25","updated":"2025-06-22 16:53:57"},"aioseo_breadcrumb":"<div class=\"aioseo-breadcrumbs\"><span class=\"aioseo-breadcrumb\">\n\t<a href=\"https:\/\/www.rucashk.com\/pt\" title=\"Home\">Home<\/a>\n<\/span><span class=\"aioseo-breadcrumb-separator\">&raquo;<\/span><span class=\"aioseo-breadcrumb\">\n\t<a href=\"https:\/\/www.rucashk.com\/pt\/products\/\" title=\"Produtos\">Produtos<\/a>\n<\/span><span class=\"aioseo-breadcrumb-separator\">&raquo;<\/span><span class=\"aioseo-breadcrumb\">\n\t<a href=\"https:\/\/www.rucashk.com\/pt\/categoria-produto\/xiaomi-eco\/\" title=\"Xiaomi Eco\">Xiaomi Eco<\/a>\n<\/span><span class=\"aioseo-breadcrumb-separator\">&raquo;<\/span><span class=\"aioseo-breadcrumb\">\n\t<a href=\"https:\/\/www.rucashk.com\/pt\/categoria-produto\/xiaomi-eco\/sports\/\" title=\"Sports\">Sports<\/a>\n<\/span><span class=\"aioseo-breadcrumb-separator\">&raquo;<\/span><span class=\"aioseo-breadcrumb\">\n\tNinebot One Z10 One Wheel Wholesale\n<\/span><\/div>","aioseo_breadcrumb_json":[{"label":"Home","link":"https:\/\/www.rucashk.com\/pt"},{"label":"Produtos","link":"https:\/\/www.rucashk.com\/pt\/products\/"},{"label":"Xiaomi Eco","link":"https:\/\/www.rucashk.com\/pt\/categoria-produto\/xiaomi-eco\/"},{"label":"Sports","link":"https:\/\/www.rucashk.com\/pt\/categoria-produto\/xiaomi-eco\/sports\/"},{"label":"Ninebot One Z10 One Wheel Wholesale","link":"https:\/\/www.rucashk.com\/pt\/produto\/ninebot-one-z10-one-wheel-wholesale\/"}],"_links":{"self":[{"href":"https:\/\/www.rucashk.com\/pt\/wp-json\/wp\/v2\/product\/22966","targetHints":{"allow":["GET"]}}],"collection":[{"href":"https:\/\/www.rucashk.com\/pt\/wp-json\/wp\/v2\/product"}],"about":[{"href":"https:\/\/www.rucashk.com\/pt\/wp-json\/wp\/v2\/types\/product"}],"wp:featuredmedia":[{"embeddable":true,"href":"https:\/\/www.rucashk.com\/pt\/wp-json\/wp\/v2\/media\/23041"}],"wp:attachment":[{"href":"https:\/\/www.rucashk.com\/pt\/wp-json\/wp\/v2\/media?parent=22966"}],"wp:term":[{"taxonomy":"product_brand","embeddable":true,"href":"https:\/\/www.rucashk.com\/pt\/wp-json\/wp\/v2\/product_brand?post=22966"},{"taxonomy":"product_cat","embeddable":true,"href":"https:\/\/www.rucashk.com\/pt\/wp-json\/wp\/v2\/product_cat?post=22966"},{"taxonomy":"product_tag","embeddable":true,"href":"https:\/\/www.rucashk.com\/pt\/wp-json\/wp\/v2\/product_tag?post=22966"}],"curies":[{"name":"wp","href":"https:\/\/api.w.org\/{rel}","templated":true}]}}