{"id":22961,"date":"2024-01-09T15:50:14","date_gmt":"2024-01-09T15:50:14","guid":{"rendered":"http:\/\/rucashk.com\/?post_type=product&#038;p=22961"},"modified":"2024-03-13T08:42:24","modified_gmt":"2024-03-13T08:42:24","slug":"xiaomi-anc-earphones-hybrid-usb-type-c-headphones","status":"publish","type":"product","link":"https:\/\/www.rucashk.com\/pt\/produto\/xiaomi-anc-earphones-hybrid-usb-type-c-headphones\/","title":{"rendered":"Fones de ouvido Xiaomi ANC Fones de ouvido h\u00edbridos USB tipo C"},"content":{"rendered":"<p><img alt=\"Xiaomi ANC Earphones Hybrid USB Type-C Headphones\" \/><img fetchpriority=\"high\" decoding=\"async\" class=\"alignnone size-full wp-image-14471\" src=\"\/wp-content\/uploads\/replace\/fbe2c48d97b504a06435c6530ffb45e8.jpeg\" alt=\"Xiaomi ANC Earphones Hybrid USB Type-C Headphones\" width=\"790\" height=\"967\" \/><img decoding=\"async\" class=\"alignnone size-full wp-image-14472\" src=\"\/wp-content\/uploads\/replace\/5cd8dfff78beb3eda2ee9c5d6b8ea499.jpeg\" alt=\"Xiaomi ANC Earphones Hybrid USB Type-C Headphones\" width=\"790\" height=\"685\" \/><img decoding=\"async\" class=\"alignnone size-full wp-image-14473\" src=\"\/wp-content\/uploads\/replace\/8fa55d3bba90892b926a5392e5d2712f.jpeg\" alt=\"Xiaomi ANC Earphones Hybrid USB Type-C Headphones\" width=\"790\" height=\"668\" \/><img loading=\"lazy\" decoding=\"async\" class=\"alignnone size-full wp-image-14474\" src=\"\/wp-content\/uploads\/replace\/36ab9ee24208e5728b3089c75571e774.jpeg\" alt=\"Xiaomi ANC Earphones Hybrid USB Type-C Headphones\" width=\"790\" height=\"690\" \/><img loading=\"lazy\" decoding=\"async\" class=\"alignnone size-full wp-image-14475\" src=\"\/wp-content\/uploads\/replace\/eb696a3069cfaa8a2157317c0892717c.jpeg\" alt=\"Xiaomi ANC Earphones Hybrid USB Type-C Headphones\" width=\"790\" height=\"666\" \/><img loading=\"lazy\" decoding=\"async\" class=\"alignnone size-full wp-image-14476\" src=\"\/wp-content\/uploads\/replace\/4ecabe3a98b7c39045e3815d997d5913.jpeg\" alt=\"Xiaomi ANC Earphones Hybrid USB Type-C Headphones\" width=\"790\" height=\"669\" \/><img loading=\"lazy\" decoding=\"async\" class=\"alignnone size-full wp-image-14477\" src=\"\/wp-content\/uploads\/replace\/0e66151e6611b76cce401b3a064f5b5e.jpeg\" alt=\"Xiaomi ANC Earphones Hybrid USB Type-C Headphones\" width=\"790\" height=\"667\" \/><img loading=\"lazy\" decoding=\"async\" class=\"alignnone size-full wp-image-14478\" src=\"\/wp-content\/uploads\/replace\/9bbdd7e9e801f2a588233dcbec52c8b5.jpeg\" alt=\"Xiaomi ANC Earphones Hybrid USB Type-C Headphones\" width=\"790\" height=\"666\" \/><img loading=\"lazy\" decoding=\"async\" class=\"alignnone size-full wp-image-14479\" src=\"\/wp-content\/uploads\/replace\/4dabdd71fe517b82a223174d72c9b5ee.jpeg\" alt=\"Xiaomi ANC Earphones Hybrid USB Type-C Headphones\" width=\"790\" height=\"669\" \/><img loading=\"lazy\" decoding=\"async\" class=\"alignnone size-full wp-image-14480\" src=\"\/wp-content\/uploads\/replace\/7af30322cea7e7e51e1403021900150c.jpeg\" alt=\"Xiaomi ANC Earphones Hybrid USB Type-C Headphones\" width=\"560\" height=\"560\" \/><\/p>","protected":false},"excerpt":{"rendered":"<p><strong>Especifica\u00e7\u00e3o:<\/strong><\/p>\n<ul class=\"product-specs-list util-clearfix\" data-spm-anchor-id=\"a2g0o.detail.0.i9.7aa02d11qteVkN\">\n<li class=\"product-prop line-limit-length\"><span class=\"property-title\">Com microfone:\u00a0<\/span><span class=\"property-desc line-limit-length\" title=\"Sim\">Sim<\/span><\/li>\n<li class=\"product-prop line-limit-length\"><span class=\"property-title\">Sensibilidade:\u00a0<\/span><span class=\"property-desc line-limit-length\" title=\"113dB\">113dB<\/span><\/li>\n<li class=\"product-prop line-limit-length\"><span class=\"property-title\">Resist\u00eancia:\u00a0<\/span><span class=\"property-desc line-limit-length\" title=\"32\u03a9\">32\u03a9<\/span><\/li>\n<li class=\"product-prop line-limit-length\"><span class=\"property-title\">Fun\u00e7\u00e3o:\u00a0<\/span><span class=\"property-desc line-limit-length\" title=\"Para celular\">Para celular<\/span><\/li>\n<li class=\"product-prop line-limit-length\"><span class=\"property-title\">Fun\u00e7\u00e3o:\u00a0<\/span><span class=\"property-desc line-limit-length\" title=\"Fone de ouvido comum\">Fone de ouvido comum<\/span><\/li>\n<li class=\"product-prop line-limit-length\"><span class=\"property-title\">Suporte Apt-x:\u00a0<\/span><span class=\"property-desc line-limit-length\" title=\"N\u00e3o\">N\u00e3o<\/span><\/li>\n<li class=\"product-prop line-limit-length\"><span class=\"property-title\">Estilo:\u00a0<\/span><span class=\"property-desc line-limit-length\" title=\"No ouvido\">No ouvido<\/span><\/li>\n<li class=\"product-prop line-limit-length\"><span class=\"property-title\">\u00c0 prova d&#039;\u00e1gua:\u00a0<\/span><span class=\"property-desc line-limit-length\" title=\"N\u00e3o\">N\u00e3o<\/span><\/li>\n<li class=\"product-prop line-limit-length\"><span class=\"property-title\">Cart\u00e3o de mem\u00f3ria de suporte:\u00a0<\/span><span class=\"property-desc line-limit-length\" title=\"N\u00e3o\">N\u00e3o<\/span><\/li>\n<li class=\"product-prop line-limit-length\"><span class=\"property-title\">Marca:\u00a0<\/span><span class=\"property-desc line-limit-length\" title=\"Xiaomi\">Xiaomi<\/span><\/li>\n<li class=\"product-prop line-limit-length\"><span class=\"property-title\">Conectores:\u00a0<\/span><span class=\"property-desc line-limit-length\" title=\"Tipo c\">Tipo c<\/span><\/li>\n<li class=\"product-prop line-limit-length\"><span class=\"property-title\">Controle de volume:\u00a0<\/span><span class=\"property-desc line-limit-length\" title=\"Sim\">Sim<\/span><\/li>\n<li class=\"product-prop line-limit-length\"><span class=\"property-title\">Comunica\u00e7\u00e3o:\u00a0<\/span><span class=\"property-desc line-limit-length\" title=\"Com fio\">Com fio<\/span><\/li>\n<li class=\"product-prop line-limit-length\"><span class=\"property-title\">Tipo de plugue:\u00a0<\/span><span class=\"property-desc line-limit-length\" title=\"Tipo de linha\">Tipo de linha<\/span><\/li>\n<li class=\"product-prop line-limit-length\"><span class=\"property-title\">Faixa de resposta de frequ\u00eancia:\u00a0<\/span><span class=\"property-desc line-limit-length\" title=\"20-40000Hz\">20-40000Hz<\/span><\/li>\n<li class=\"product-prop line-limit-length\"><span class=\"property-title\">Cancelamento de ru\u00eddo ativo:\u00a0<\/span><span class=\"property-desc line-limit-length\" title=\"N\u00e3o\">N\u00e3o<\/span><\/li>\n<li class=\"product-prop line-limit-length\"><span class=\"property-title\">Tipo sem fio:\u00a0<\/span><span class=\"property-desc line-limit-length\" title=\"Nenhum\">Nenhum<\/span><\/li>\n<li class=\"product-prop line-limit-length\"><span class=\"property-title\">N\u00famero do modelo:\u00a0<\/span><span class=\"property-desc line-limit-length\" title=\"Fones de ouvido com redu\u00e7\u00e3o de ru\u00eddo Xiaomi\">Fones de ouvido com redu\u00e7\u00e3o de ru\u00eddo Xiaomi<\/span><\/li>\n<li class=\"product-prop line-limit-length\"><span class=\"property-title\">Princ\u00edpio do Vocalismo:\u00a0<\/span><span class=\"property-desc line-limit-length\" title=\"Din\u00e2mico\">Din\u00e2mico<\/span><\/li>\n<li class=\"product-prop line-limit-length\"><span class=\"property-title\">APLICATIVO de suporte:\u00a0<\/span><span class=\"property-desc line-limit-length\" title=\"N\u00e3o\">N\u00e3o<\/span><\/li>\n<li class=\"product-prop line-limit-length\"><span class=\"property-title\">\u00c9 sem fio:\u00a0<\/span><span class=\"property-desc line-limit-length\" title=\"N\u00e3o\">N\u00e3o<\/span><\/li>\n<li class=\"product-prop line-limit-length\"><span class=\"property-title\">Bot\u00e3o de controle:\u00a0<\/span><span class=\"property-desc line-limit-length\" title=\"Sim\">Sim<\/span><\/li>\n<li class=\"product-prop line-limit-length\"><span class=\"property-title\">Comprimento da linha:\u00a0<\/span><span class=\"property-desc line-limit-length\" title=\"1,25m\">1,25m<\/span><\/li>\n<\/ul>","protected":false},"featured_media":23023,"template":"","meta":[],"product_brand":[],"product_cat":[1306,1305],"product_tag":[794],"class_list":{"0":"post-22961","1":"product","2":"type-product","3":"status-publish","4":"has-post-thumbnail","6":"product_cat-mi-redmi-earphone","7":"product_cat-xiaomi-eco","8":"product_tag-xiaomi-anc-earphones-hybrid-usb-type-c-headphones","10":"first","11":"instock","12":"shipping-taxable","13":"product-type-external"},"aioseo_notices":[],"aioseo_head":"\n\t\t<!-- All in One SEO Pro 4.5.9.2 - aioseo.com -->\n\t\t<meta name=\"description\" content=\"Specification: With Microphone: Yes Sensitivity: 113dB Resistance: 32\u03a9 Function: For Mobile Phone Function: Common Headphone Support Apt-x: No Style: In-Ear Waterproof: No Support Memory Card: No Brand Name: Xiaomi Connectors: Type c Volume Control: Yes Communication: Wired Plug Type: Line Type Frequency Response Range: 20-40000Hz Active Noise-Cancellation: No Wireless Type: None Model Number: Xiaomi noise reduction headphones Vocalism Principle: Dynamic Support APP: No Is wireless: No Control Button: Yes Line Length: 1.25m\" \/>\n\t\t<meta name=\"robots\" content=\"max-image-preview:large\" \/>\n\t\t<link rel=\"canonical\" href=\"https:\/\/www.rucashk.com\/pt\/produto\/xiaomi-anc-earphones-hybrid-usb-type-c-headphones\/\" \/>\n\t\t<meta name=\"generator\" content=\"All in One SEO Pro (AIOSEO) 4.5.9.2\" \/>\n\t\t<meta property=\"og:locale\" content=\"pt_PT\" \/>\n\t\t<meta property=\"og:site_name\" content=\"Rucas - One-stop AIoT Distribution Worldwide\" \/>\n\t\t<meta property=\"og:type\" content=\"article\" \/>\n\t\t<meta property=\"og:title\" content=\"Xiaomi ANC Earphones Hybrid USB Type-C Headphones - Rucas - Wholesale and Distribution\" \/>\n\t\t<meta property=\"og:description\" content=\"Specification: With Microphone: Yes Sensitivity: 113dB Resistance: 32\u03a9 Function: For Mobile Phone Function: Common Headphone Support Apt-x: No Style: In-Ear Waterproof: No Support Memory Card: No Brand Name: Xiaomi Connectors: Type c Volume Control: Yes Communication: Wired Plug Type: Line Type Frequency Response Range: 20-40000Hz Active Noise-Cancellation: No Wireless Type: None Model Number: Xiaomi noise reduction headphones Vocalism Principle: Dynamic Support APP: No Is wireless: No Control Button: Yes Line Length: 1.25m\" \/>\n\t\t<meta property=\"og:url\" content=\"https:\/\/www.rucashk.com\/pt\/produto\/xiaomi-anc-earphones-hybrid-usb-type-c-headphones\/\" \/>\n\t\t<meta property=\"og:image\" content=\"https:\/\/www.rucashk.com\/wp-content\/uploads\/replace\/503b8e645f128a97ccde2b6290747646.jpeg\" \/>\n\t\t<meta property=\"og:image:secure_url\" content=\"https:\/\/www.rucashk.com\/wp-content\/uploads\/replace\/503b8e645f128a97ccde2b6290747646.jpeg\" \/>\n\t\t<meta property=\"og:image:width\" content=\"1456\" \/>\n\t\t<meta property=\"og:image:height\" content=\"816\" \/>\n\t\t<meta property=\"article:published_time\" content=\"2024-01-09T15:50:14+00:00\" \/>\n\t\t<meta property=\"article:modified_time\" content=\"2024-03-13T08:42:24+00:00\" \/>\n\t\t<meta name=\"twitter:card\" content=\"summary_large_image\" \/>\n\t\t<meta name=\"twitter:title\" content=\"Xiaomi ANC Earphones Hybrid USB Type-C Headphones - Rucas - Wholesale and Distribution\" \/>\n\t\t<meta name=\"twitter:description\" content=\"Specification: With Microphone: Yes Sensitivity: 113dB Resistance: 32\u03a9 Function: For Mobile Phone Function: Common Headphone Support Apt-x: No Style: In-Ear Waterproof: No Support Memory Card: No Brand Name: Xiaomi Connectors: Type c Volume Control: Yes Communication: Wired Plug Type: Line Type Frequency Response Range: 20-40000Hz Active Noise-Cancellation: No Wireless Type: None Model Number: Xiaomi noise reduction headphones Vocalism Principle: Dynamic Support APP: No Is wireless: No Control Button: Yes Line Length: 1.25m\" \/>\n\t\t<meta name=\"twitter:image\" content=\"https:\/\/www.rucashk.com\/wp-content\/uploads\/replace\/503b8e645f128a97ccde2b6290747646.jpeg\" \/>\n\t\t<script type=\"application\/ld+json\" class=\"aioseo-schema\">\n\t\t\t{\"@context\":\"https:\\\/\\\/schema.org\",\"@graph\":[{\"@type\":\"BreadcrumbList\",\"@id\":\"https:\\\/\\\/www.rucashk.com\\\/pt\\\/produto\\\/xiaomi-anc-earphones-hybrid-usb-type-c-headphones\\\/#breadcrumblist\",\"itemListElement\":[{\"@type\":\"ListItem\",\"@id\":\"https:\\\/\\\/www.rucashk.com\\\/pt\\\/#listItem\",\"position\":1,\"name\":\"Home\",\"item\":\"https:\\\/\\\/www.rucashk.com\\\/pt\\\/\",\"nextItem\":\"https:\\\/\\\/www.rucashk.com\\\/pt\\\/produto\\\/xiaomi-anc-earphones-hybrid-usb-type-c-headphones\\\/#listItem\"},{\"@type\":\"ListItem\",\"@id\":\"https:\\\/\\\/www.rucashk.com\\\/pt\\\/produto\\\/xiaomi-anc-earphones-hybrid-usb-type-c-headphones\\\/#listItem\",\"position\":2,\"name\":\"Xiaomi ANC Earphones Hybrid USB Type-C Headphones\",\"previousItem\":\"https:\\\/\\\/www.rucashk.com\\\/pt\\\/#listItem\"}]},{\"@type\":\"Organization\",\"@id\":\"https:\\\/\\\/www.rucashk.com\\\/pt\\\/#organization\",\"name\":\"Rucas\",\"url\":\"https:\\\/\\\/www.rucashk.com\\\/pt\\\/\",\"logo\":{\"@type\":\"ImageObject\",\"url\":\"https:\\\/\\\/www.rucashk.com\\\/wp-content\\\/uploads\\\/2023\\\/12\\\/Rucas_campany_logo.png\",\"@id\":\"https:\\\/\\\/www.rucashk.com\\\/pt\\\/produto\\\/xiaomi-anc-earphones-hybrid-usb-type-c-headphones\\\/#organizationLogo\",\"width\":221,\"height\":65},\"image\":{\"@id\":\"https:\\\/\\\/www.rucashk.com\\\/pt\\\/#organizationLogo\"}},{\"@type\":\"Person\",\"@id\":\"https:\\\/\\\/www.rucashk.com\\\/pt\\\/author\\\/admin\\\/#author\",\"url\":\"https:\\\/\\\/www.rucashk.com\\\/pt\\\/author\\\/admin\\\/\",\"name\":\"admin\",\"image\":{\"@type\":\"ImageObject\",\"@id\":\"https:\\\/\\\/www.rucashk.com\\\/pt\\\/produto\\\/xiaomi-anc-earphones-hybrid-usb-type-c-headphones\\\/#authorImage\",\"url\":\"https:\\\/\\\/secure.gravatar.com\\\/avatar\\\/b7c8925b09a27e72b30232f8ecaadbd5af0f70a38c78096863fe51b64f031c24?s=96&d=mm&r=g\",\"width\":96,\"height\":96,\"caption\":\"admin\"}},{\"@type\":\"WebPage\",\"@id\":\"https:\\\/\\\/www.rucashk.com\\\/pt\\\/produto\\\/xiaomi-anc-earphones-hybrid-usb-type-c-headphones\\\/#webpage\",\"url\":\"https:\\\/\\\/www.rucashk.com\\\/pt\\\/produto\\\/xiaomi-anc-earphones-hybrid-usb-type-c-headphones\\\/\",\"name\":\"Xiaomi ANC Earphones Hybrid USB Type-C Headphones - Rucas - Wholesale and Distribution\",\"description\":\"Specification: With Microphone: Yes Sensitivity: 113dB Resistance: 32\\u03a9 Function: For Mobile Phone Function: Common Headphone Support Apt-x: No Style: In-Ear Waterproof: No Support Memory Card: No Brand Name: Xiaomi Connectors: Type c Volume Control: Yes Communication: Wired Plug Type: Line Type Frequency Response Range: 20-40000Hz Active Noise-Cancellation: No Wireless Type: None Model Number: Xiaomi noise reduction headphones Vocalism Principle: Dynamic Support APP: No Is wireless: No Control Button: Yes Line Length: 1.25m\",\"inLanguage\":\"pt-PT\",\"isPartOf\":{\"@id\":\"https:\\\/\\\/www.rucashk.com\\\/pt\\\/#website\"},\"breadcrumb\":{\"@id\":\"https:\\\/\\\/www.rucashk.com\\\/pt\\\/produto\\\/xiaomi-anc-earphones-hybrid-usb-type-c-headphones\\\/#breadcrumblist\"},\"author\":{\"@id\":\"https:\\\/\\\/www.rucashk.com\\\/pt\\\/author\\\/admin\\\/#author\"},\"creator\":{\"@id\":\"https:\\\/\\\/www.rucashk.com\\\/pt\\\/author\\\/admin\\\/#author\"},\"image\":{\"@type\":\"ImageObject\",\"url\":\"https:\\\/\\\/www.rucashk.com\\\/wp-content\\\/uploads\\\/2024\\\/01\\\/2-6.jpg\",\"@id\":\"https:\\\/\\\/www.rucashk.com\\\/pt\\\/produto\\\/xiaomi-anc-earphones-hybrid-usb-type-c-headphones\\\/#mainImage\",\"width\":800,\"height\":800},\"primaryImageOfPage\":{\"@id\":\"https:\\\/\\\/www.rucashk.com\\\/pt\\\/produto\\\/xiaomi-anc-earphones-hybrid-usb-type-c-headphones\\\/#mainImage\"},\"datePublished\":\"2024-01-09T15:50:14+00:00\",\"dateModified\":\"2024-03-13T08:42:24+00:00\"},{\"@type\":\"WebSite\",\"@id\":\"https:\\\/\\\/www.rucashk.com\\\/pt\\\/#website\",\"url\":\"https:\\\/\\\/www.rucashk.com\\\/pt\\\/\",\"name\":\"Rucas - Wholesale and distribution worldwide\",\"alternateName\":\"Rucas - One-stop AIoT Distribution Worldwide\",\"description\":\"One-stop AIoT Distribution Worldwide\",\"inLanguage\":\"pt-PT\",\"publisher\":{\"@id\":\"https:\\\/\\\/www.rucashk.com\\\/pt\\\/#organization\"}}]}\n\t\t<\/script>\n\t\t<!-- All in One SEO Pro -->\r\n\t\t<title>Xiaomi ANC Earphones Hybrid USB Type-C Headphones - Rucas - Wholesale and Distribution<\/title>\n\n","aioseo_head_json":{"title":"Xiaomi ANC Earphones Hybrid USB Type-C Headphones - Rucas - Wholesale and Distribution","description":"Specification: With Microphone: Yes Sensitivity: 113dB Resistance: 32\u03a9 Function: For Mobile Phone Function: Common Headphone Support Apt-x: No Style: In-Ear Waterproof: No Support Memory Card: No Brand Name: Xiaomi Connectors: Type c Volume Control: Yes Communication: Wired Plug Type: Line Type Frequency Response Range: 20-40000Hz Active Noise-Cancellation: No Wireless Type: None Model Number: Xiaomi noise reduction headphones Vocalism Principle: Dynamic Support APP: No Is wireless: No Control Button: Yes Line Length: 1.25m","canonical_url":"https:\/\/www.rucashk.com\/pt\/produto\/xiaomi-anc-earphones-hybrid-usb-type-c-headphones\/","robots":"max-image-preview:large","keywords":"","webmasterTools":{"miscellaneous":""},"og:locale":"pt_PT","og:site_name":"Rucas - One-stop AIoT Distribution Worldwide","og:type":"article","og:title":"Xiaomi ANC Earphones Hybrid USB Type-C Headphones - Rucas - Wholesale and Distribution","og:description":"Specification: With Microphone: Yes Sensitivity: 113dB Resistance: 32\u03a9 Function: For Mobile Phone Function: Common Headphone Support Apt-x: No Style: In-Ear Waterproof: No Support Memory Card: No Brand Name: Xiaomi Connectors: Type c Volume Control: Yes Communication: Wired Plug Type: Line Type Frequency Response Range: 20-40000Hz Active Noise-Cancellation: No Wireless Type: None Model Number: Xiaomi noise reduction headphones Vocalism Principle: Dynamic Support APP: No Is wireless: No Control Button: Yes Line Length: 1.25m","og:url":"https:\/\/www.rucashk.com\/pt\/produto\/xiaomi-anc-earphones-hybrid-usb-type-c-headphones\/","og:image":"https:\/\/www.rucashk.com\/wp-content\/uploads\/replace\/503b8e645f128a97ccde2b6290747646.jpeg","og:image:secure_url":"https:\/\/www.rucashk.com\/wp-content\/uploads\/replace\/503b8e645f128a97ccde2b6290747646.jpeg","og:image:width":1456,"og:image:height":816,"article:published_time":"2024-01-09T15:50:14+00:00","article:modified_time":"2024-03-13T08:42:24+00:00","twitter:card":"summary_large_image","twitter:title":"Xiaomi ANC Earphones Hybrid USB Type-C Headphones - Rucas - Wholesale and Distribution","twitter:description":"Specification: With Microphone: Yes Sensitivity: 113dB Resistance: 32\u03a9 Function: For Mobile Phone Function: Common Headphone Support Apt-x: No Style: In-Ear Waterproof: No Support Memory Card: No Brand Name: Xiaomi Connectors: Type c Volume Control: Yes Communication: Wired Plug Type: Line Type Frequency Response Range: 20-40000Hz Active Noise-Cancellation: No Wireless Type: None Model Number: Xiaomi noise reduction headphones Vocalism Principle: Dynamic Support APP: No Is wireless: No Control Button: Yes Line Length: 1.25m","twitter:image":"https:\/\/www.rucashk.com\/wp-content\/uploads\/replace\/503b8e645f128a97ccde2b6290747646.jpeg","schema":{"@context":"https:\/\/schema.org","@graph":[{"@type":"BreadcrumbList","@id":"https:\/\/www.rucashk.com\/pt\/produto\/xiaomi-anc-earphones-hybrid-usb-type-c-headphones\/#breadcrumblist","itemListElement":[{"@type":"ListItem","@id":"https:\/\/www.rucashk.com\/pt\/#listItem","position":1,"name":"Home","item":"https:\/\/www.rucashk.com\/pt\/","nextItem":"https:\/\/www.rucashk.com\/pt\/produto\/xiaomi-anc-earphones-hybrid-usb-type-c-headphones\/#listItem"},{"@type":"ListItem","@id":"https:\/\/www.rucashk.com\/pt\/produto\/xiaomi-anc-earphones-hybrid-usb-type-c-headphones\/#listItem","position":2,"name":"Xiaomi ANC Earphones Hybrid USB Type-C Headphones","previousItem":"https:\/\/www.rucashk.com\/pt\/#listItem"}]},{"@type":"Organization","@id":"https:\/\/www.rucashk.com\/pt\/#organization","name":"Rucas","url":"https:\/\/www.rucashk.com\/pt\/","logo":{"@type":"ImageObject","url":"https:\/\/www.rucashk.com\/wp-content\/uploads\/2023\/12\/Rucas_campany_logo.png","@id":"https:\/\/www.rucashk.com\/pt\/produto\/xiaomi-anc-earphones-hybrid-usb-type-c-headphones\/#organizationLogo","width":221,"height":65},"image":{"@id":"https:\/\/www.rucashk.com\/pt\/#organizationLogo"}},{"@type":"Person","@id":"https:\/\/www.rucashk.com\/pt\/author\/admin\/#author","url":"https:\/\/www.rucashk.com\/pt\/author\/admin\/","name":"admin","image":{"@type":"ImageObject","@id":"https:\/\/www.rucashk.com\/pt\/produto\/xiaomi-anc-earphones-hybrid-usb-type-c-headphones\/#authorImage","url":"https:\/\/secure.gravatar.com\/avatar\/b7c8925b09a27e72b30232f8ecaadbd5af0f70a38c78096863fe51b64f031c24?s=96&d=mm&r=g","width":96,"height":96,"caption":"admin"}},{"@type":"WebPage","@id":"https:\/\/www.rucashk.com\/pt\/produto\/xiaomi-anc-earphones-hybrid-usb-type-c-headphones\/#webpage","url":"https:\/\/www.rucashk.com\/pt\/produto\/xiaomi-anc-earphones-hybrid-usb-type-c-headphones\/","name":"Xiaomi ANC Earphones Hybrid USB Type-C Headphones - Rucas - Wholesale and Distribution","description":"Specification: With Microphone: Yes Sensitivity: 113dB Resistance: 32\u03a9 Function: For Mobile Phone Function: Common Headphone Support Apt-x: No Style: In-Ear Waterproof: No Support Memory Card: No Brand Name: Xiaomi Connectors: Type c Volume Control: Yes Communication: Wired Plug Type: Line Type Frequency Response Range: 20-40000Hz Active Noise-Cancellation: No Wireless Type: None Model Number: Xiaomi noise reduction headphones Vocalism Principle: Dynamic Support APP: No Is wireless: No Control Button: Yes Line Length: 1.25m","inLanguage":"pt-PT","isPartOf":{"@id":"https:\/\/www.rucashk.com\/pt\/#website"},"breadcrumb":{"@id":"https:\/\/www.rucashk.com\/pt\/produto\/xiaomi-anc-earphones-hybrid-usb-type-c-headphones\/#breadcrumblist"},"author":{"@id":"https:\/\/www.rucashk.com\/pt\/author\/admin\/#author"},"creator":{"@id":"https:\/\/www.rucashk.com\/pt\/author\/admin\/#author"},"image":{"@type":"ImageObject","url":"https:\/\/www.rucashk.com\/wp-content\/uploads\/2024\/01\/2-6.jpg","@id":"https:\/\/www.rucashk.com\/pt\/produto\/xiaomi-anc-earphones-hybrid-usb-type-c-headphones\/#mainImage","width":800,"height":800},"primaryImageOfPage":{"@id":"https:\/\/www.rucashk.com\/pt\/produto\/xiaomi-anc-earphones-hybrid-usb-type-c-headphones\/#mainImage"},"datePublished":"2024-01-09T15:50:14+00:00","dateModified":"2024-03-13T08:42:24+00:00"},{"@type":"WebSite","@id":"https:\/\/www.rucashk.com\/pt\/#website","url":"https:\/\/www.rucashk.com\/pt\/","name":"Rucas - Wholesale and distribution worldwide","alternateName":"Rucas - One-stop AIoT Distribution Worldwide","description":"One-stop AIoT Distribution Worldwide","inLanguage":"pt-PT","publisher":{"@id":"https:\/\/www.rucashk.com\/pt\/#organization"}}]}},"aioseo_meta_data":{"post_id":"22961","title":null,"description":null,"keywords":null,"keyphrases":null,"primary_term":null,"canonical_url":null,"og_title":null,"og_description":null,"og_object_type":"default","og_image_type":"default","og_image_url":null,"og_image_width":null,"og_image_height":null,"og_image_custom_url":null,"og_image_custom_fields":null,"og_video":null,"og_custom_url":null,"og_article_section":null,"og_article_tags":null,"twitter_use_og":false,"twitter_card":"default","twitter_image_type":"default","twitter_image_url":null,"twitter_image_custom_url":null,"twitter_image_custom_fields":null,"twitter_title":null,"twitter_description":null,"schema":{"blockGraphs":[],"customGraphs":[],"default":{"data":{"Article":[],"Course":[],"Dataset":[],"FAQPage":[],"Movie":[],"Person":[],"Product":[],"Recipe":[],"Service":[],"SoftwareApplication":[],"WebPage":[]},"graphName":"","isEnabled":true},"graphs":[]},"schema_type":"default","schema_type_options":null,"pillar_content":false,"robots_default":true,"robots_noindex":false,"robots_noarchive":false,"robots_nosnippet":false,"robots_nofollow":false,"robots_noimageindex":false,"robots_noodp":false,"robots_notranslate":false,"robots_max_snippet":null,"robots_max_videopreview":null,"robots_max_imagepreview":"large","priority":null,"frequency":null,"local_seo":null,"breadcrumb_settings":null,"limit_modified_date":false,"created":"2024-04-11 01:55:25","updated":"2025-06-22 16:53:55"},"aioseo_breadcrumb":"<div class=\"aioseo-breadcrumbs\"><span class=\"aioseo-breadcrumb\">\n\t<a href=\"https:\/\/www.rucashk.com\/pt\" title=\"Home\">Home<\/a>\n<\/span><span class=\"aioseo-breadcrumb-separator\">&raquo;<\/span><span class=\"aioseo-breadcrumb\">\n\t<a href=\"https:\/\/www.rucashk.com\/pt\/products\/\" title=\"Produtos\">Produtos<\/a>\n<\/span><span class=\"aioseo-breadcrumb-separator\">&raquo;<\/span><span class=\"aioseo-breadcrumb\">\n\t<a href=\"https:\/\/www.rucashk.com\/pt\/categoria-produto\/xiaomi-eco\/\" title=\"Xiaomi Eco\">Xiaomi Eco<\/a>\n<\/span><span class=\"aioseo-breadcrumb-separator\">&raquo;<\/span><span class=\"aioseo-breadcrumb\">\n\t<a href=\"https:\/\/www.rucashk.com\/pt\/categoria-produto\/xiaomi-eco\/mi-redmi-earphone\/\" title=\"Mi Redmi Earphone\">Mi Redmi Earphone<\/a>\n<\/span><span class=\"aioseo-breadcrumb-separator\">&raquo;<\/span><span class=\"aioseo-breadcrumb\">\n\tXiaomi ANC Earphones Hybrid USB Type-C Headphones\n<\/span><\/div>","aioseo_breadcrumb_json":[{"label":"Home","link":"https:\/\/www.rucashk.com\/pt"},{"label":"Produtos","link":"https:\/\/www.rucashk.com\/pt\/products\/"},{"label":"Xiaomi Eco","link":"https:\/\/www.rucashk.com\/pt\/categoria-produto\/xiaomi-eco\/"},{"label":"Mi Redmi Earphone","link":"https:\/\/www.rucashk.com\/pt\/categoria-produto\/xiaomi-eco\/mi-redmi-earphone\/"},{"label":"Xiaomi ANC Earphones Hybrid USB Type-C Headphones","link":"https:\/\/www.rucashk.com\/pt\/produto\/xiaomi-anc-earphones-hybrid-usb-type-c-headphones\/"}],"_links":{"self":[{"href":"https:\/\/www.rucashk.com\/pt\/wp-json\/wp\/v2\/product\/22961","targetHints":{"allow":["GET"]}}],"collection":[{"href":"https:\/\/www.rucashk.com\/pt\/wp-json\/wp\/v2\/product"}],"about":[{"href":"https:\/\/www.rucashk.com\/pt\/wp-json\/wp\/v2\/types\/product"}],"wp:featuredmedia":[{"embeddable":true,"href":"https:\/\/www.rucashk.com\/pt\/wp-json\/wp\/v2\/media\/23023"}],"wp:attachment":[{"href":"https:\/\/www.rucashk.com\/pt\/wp-json\/wp\/v2\/media?parent=22961"}],"wp:term":[{"taxonomy":"product_brand","embeddable":true,"href":"https:\/\/www.rucashk.com\/pt\/wp-json\/wp\/v2\/product_brand?post=22961"},{"taxonomy":"product_cat","embeddable":true,"href":"https:\/\/www.rucashk.com\/pt\/wp-json\/wp\/v2\/product_cat?post=22961"},{"taxonomy":"product_tag","embeddable":true,"href":"https:\/\/www.rucashk.com\/pt\/wp-json\/wp\/v2\/product_tag?post=22961"}],"curies":[{"name":"wp","href":"https:\/\/api.w.org\/{rel}","templated":true}]}}