{"id":22959,"date":"2024-01-09T15:50:14","date_gmt":"2024-01-09T15:50:14","guid":{"rendered":"http:\/\/rucashk.com\/?post_type=product&#038;p=22959"},"modified":"2024-01-21T10:39:53","modified_gmt":"2024-01-21T10:39:53","slug":"xiaomi-70mai-dash-cam-1s-smart-car-dvr-camera","status":"publish","type":"product","link":"https:\/\/www.rucashk.com\/pt\/produto\/xiaomi-70mai-dash-cam-1s-smart-car-dvr-camera\/","title":{"rendered":"C\u00e2mera DVR para carro inteligente Xiaomi 70mai Dash Cam 1S"},"content":{"rendered":"<p style=\"text-align: center\" data-spm-anchor-id=\"a2g0o.detail.1000023.i0.587d4d50mMw0gm\">C\u00e2mera DVR para carro inteligente Xiaomi 70mai Dash Cam 1S<\/p>\n<p data-spm-anchor-id=\"a2g0o.detail.1000023.i0.587d4d50mMw0gm\"><img fetchpriority=\"high\" decoding=\"async\" class=\"aligncenter\" src=\"https:\/\/www.rucashk.com\/wp-content\/uploads\/2020\/06\/H71a39cc970ea4807b428a24210fa8ec7c.jpg\" alt=\"Xiaomi 70mai\" width=\"800\" height=\"800\" \/><\/p>\n<p style=\"text-align: center\">70mai tac\u00f3grafo inteligente 1s<\/p>\n<p style=\"text-align: center\">Atualiza\u00e7\u00e3o abrangente de vis\u00e3o noturna e maior defini\u00e7\u00e3o<\/p>\n<p style=\"text-align: center\"><a class=\"\" style=\"width: auto !important\" href=\"https:\/\/www.rucashk.com\/pt\/produto\/xiaomi-mijia-imilab-h-265-1080p-360-night-version\/\" data-wpil-post-to-id=\"11861\">1080p Full HD, noite estrelada<\/a> vis\u00e3o, controle de voz, monitoramento de estacionamento<\/p>\n<p><img decoding=\"async\" class=\"aligncenter\" src=\"https:\/\/www.rucashk.com\/wp-content\/uploads\/2020\/06\/H3990bf6342484aacb44d6fdea6369395q.jpg\" alt=\"Xiaomi 70mai\" width=\"800\" height=\"800\" \/><\/p>\n<p style=\"text-align: center\"><a class=\"\" style=\"width: auto !important\" href=\"https:\/\/www.rucashk.com\/pt\/sony-and-microsoft-will-introduce-new-sensors-into-artificial-intelligence-technology\/\" data-wpil-post-to-id=\"8401\">Sensor de imagem Sony imx307<\/a><\/p>\n<p style=\"text-align: center\">Detalhes claros<\/p>\n<p style=\"text-align: center\">Usando o sensor de imagem Sony imx307, em compara\u00e7\u00e3o com a gera\u00e7\u00e3o anterior imx323, a qualidade da sensibilidade do pixel \u00e9 bastante melhorada.<\/p>\n<p style=\"text-align: center\">Em ambientes com pouca luz, como dia ou noite nublados, os detalhes da imagem s\u00e3o mais n\u00edtidos.<\/p>\n<p><img decoding=\"async\" class=\"aligncenter\" src=\"https:\/\/www.rucashk.com\/wp-content\/uploads\/2020\/06\/Hbc4b0c8337d04db1b84b04623647944bv.jpg\" alt=\"Xiaomi 70mai\" width=\"800\" height=\"800\" \/><\/p>\n<p style=\"text-align: center\">Monitoramento de estacionamento<\/p>\n<p style=\"text-align: center\">Prote\u00e7\u00e3o 24 horas<\/p>\n<p style=\"text-align: center\">Depois de entrar no modo de monitoramento de estacionamento *, se o ve\u00edculo encontrar uma colis\u00e3o anormal, o gravador ir\u00e1 automaticamente<\/p>\n<p style=\"text-align: center\">iniciar e gravar o v\u00eddeo de monitoramento de estacionamento. O mecanismo de prote\u00e7\u00e3o da bateria BSP garante que a bateria n\u00e3o perca<\/p>\n<p style=\"text-align: center\">energia no modo de monitoramento de estacionamento.<\/p>\n<p style=\"text-align: center\">*A linha de monitoramento de estacionamento deve ser adquirida separadamente e usada em conjunto.<\/p>\n<p><img loading=\"lazy\" decoding=\"async\" class=\"aligncenter\" src=\"https:\/\/www.rucashk.com\/wp-content\/uploads\/2020\/06\/Ha2a4bfecb6ff481faaeecc8a305d2af5f.jpg\" alt=\"Xiaomi 70mai\" width=\"800\" height=\"800\" \/><\/p>\n<p style=\"text-align: center\">Bateria mais segura<\/p>\n<p style=\"text-align: center\">Proteja o seu <a class=\"\" style=\"width: auto !important\" href=\"https:\/\/www.rucashk.com\/pt\/nfc-car-key-is-launched-under-collaboration-of-byd-dilink-and-xiaomi\/\" data-wpil-post-to-id=\"9638\">carro embaixo<\/a> temperatura extremamente alta<\/p>\n<p style=\"text-align: center\">\u00c9 equipado com bateria de pol\u00edmero de l\u00edtio profissional e m\u00faltiplas garantias de seguran\u00e7a, como algod\u00e3o \u00e0 prova de fogo e bateria<\/p>\n<p style=\"text-align: center\">detec\u00e7\u00e3o de temperatura excessiva s\u00e3o adicionados. Passou no teste de seguran\u00e7a de alta temperatura a 80 \u00b0 C por 100 horas<\/p>\n<p style=\"text-align: center\">Verifique a seguran\u00e7a da bateria sob temperaturas extremamente altas no ver\u00e3o.<\/p>\n<p style=\"text-align: center\">*Os dados s\u00e3o provenientes do laborat\u00f3rio de 70 milhas e podem haver desvios na pr\u00e1tica.<\/p>\n<p><img loading=\"lazy\" decoding=\"async\" class=\"aligncenter\" src=\"https:\/\/www.rucashk.com\/wp-content\/uploads\/2020\/06\/H58c9aca5ff6a41c4a328280be4fd191ar.jpg\" alt=\"Xiaomi 70mai\" width=\"800\" height=\"800\" \/><\/p>\n<p style=\"text-align: center\">Conex\u00e3o de aplicativo<\/p>\n<p style=\"text-align: center\">Abra possibilidades mais emocionantes<\/p>\n<p style=\"text-align: center\">Ligue o ponto de acesso Wi-Fi do gravador conectado ao aplicativo m\u00f3vel e voc\u00ea poder\u00e1 visualizar o <a class=\"\" style=\"width: auto !important\" href=\"https:\/\/www.rucashk.com\/pt\/5-sport-modes-are-added-in-mi-bracelet-5-control-phones-to-shoot-pictures\/\" data-wpil-post-to-id=\"9254\">foto de tiro<\/a> e hist\u00f3rico<\/p>\n<p style=\"text-align: center\">imagem em tempo real. Tamb\u00e9m pode baixar o v\u00eddeo para o celular local, edit\u00e1-lo e compartilh\u00e1-lo no aplicativo.<\/p>\n<p><img loading=\"lazy\" decoding=\"async\" class=\"aligncenter\" src=\"https:\/\/www.rucashk.com\/wp-content\/uploads\/2020\/06\/Hc4329dfb510349b49a4f5b10e1118d8aj.jpg\" alt=\"Xiaomi 70mai\" width=\"800\" height=\"800\" data-spm-anchor-id=\"a2g0o.detail.1000023.i3.587d4d50mMw0gm\" \/><\/p>\n<p><span data-spm-anchor-id=\"a2g0o.detail.1000023.i0.73bf1d73ZrJ5PN\">Recursos e especifica\u00e7\u00f5es<\/span><\/p>\n<p data-spm-anchor-id=\"a2g0o.detail.1000023.i1.587d4d50mMw0gm\">Par\u00e2metros b\u00e1sicos<br \/>\nTamanho do produto: 91 mm x 31,5 mm x 52 mm<br \/>\nSensor: Sony imx307 CMOS de 1\/2,8 polegadas<br \/>\nPixel de tiro: 2 milh\u00f5es<br \/>\nAbertura: f2.2<br \/>\n\u00c2ngulo de vis\u00e3o: 130 \u00b0<br \/>\nResolu\u00e7\u00e3o de imagem: 30fps a 1080p<br \/>\nFormato de v\u00eddeo: mp4<br \/>\nProcessador: msc8336d<br \/>\nModo de armazenamento: cart\u00e3o tfcard de armazenamento expandido 16g-64g, classe 10 e superior<br \/>\nWi Fi: transmiss\u00e3o sem fio Wi Fi suporta ieee802b \/ g \/ n<br \/>\n\u00c1udio: microfone<br \/>\nModo de transmiss\u00e3o: transmiss\u00e3o sem fio Wi Fi<br \/>\nM\u00e9todo de fixa\u00e7\u00e3o: pasta est\u00e1tica e adesivo de fixa\u00e7\u00e3o 3M<br \/>\nTemperatura de trabalho: Recomendada \u2013 10\u00b0C ~ 60\u00b0C<br \/>\n<span data-spm-anchor-id=\"a2g0o.detail.1000023.i4.587d4d50mMw0gm\">Bateria: bateria de l\u00edtio resistente a altas temperaturas de 240mAh integrada<\/span><br \/>\n<a class=\"\" style=\"width: auto !important\" href=\"https:\/\/www.rucashk.com\/pt\/produto\/xiaomi-zmi-power-bank-2-20000mah-27w-charger-qc-3-0-power-supp\/\" data-wpil-post-to-id=\"2701\">Fonte de energia<\/a> modo: ve\u00edculo mais leve 5v1.5a<br \/>\n<a class=\"\" style=\"width: auto !important\" href=\"https:\/\/www.rucashk.com\/pt\/produto\/xiaomi-redmi-power-bank-20000mah-qc3-0-usb-type-c-portable-charging\/\" data-wpil-post-to-id=\"2685\">Interface de alimenta\u00e7\u00e3o: 5V DC micro USB<\/a><br \/>\n<span data-spm-anchor-id=\"a2g0o.detail.1000023.i2.587d4d50mMw0gm\">Cabo de alimenta\u00e7\u00e3o: 3,5 m<\/span><\/p>","protected":false},"excerpt":{"rendered":"<p><b>Caracter\u00edsticas:<\/b><br \/>\n<b>Monitoramento em tempo real do APP:<\/b><br \/>\nConectei o APP com Wi-Fi para visualizar as fotos e conferir os v\u00eddeos gravados.<br \/>\n<b>Monitor de estacionamento 24 horas:<\/b><br \/>\nNo modo de monitoramento de estacionamento, a 1S Dash Cam grava v\u00eddeo automaticamente ao detectar a vibra\u00e7\u00e3o do carro.<br \/>\n<b>Luz de status:<\/b><br \/>\nLuz Azul \u2013 Ligado, Luz Verde \u2013 Grava normalmente, Luz Vermelha \u2013 erro na grava\u00e7\u00e3o<br \/>\n<b>Instala\u00e7\u00e3o f\u00e1cil:<\/b><br \/>\nSuporte para rota\u00e7\u00e3o, alimentado por isqueiro de carro, adesivo est\u00e1tico<\/p>","protected":false},"featured_media":23021,"template":"","meta":[],"product_brand":[],"product_cat":[1289,1288],"product_tag":[],"class_list":{"0":"post-22959","1":"product","2":"type-product","3":"status-publish","4":"has-post-thumbnail","6":"product_cat-dash-camera","7":"product_cat-e-vehicle-accessories","9":"first","10":"instock","11":"shipping-taxable","12":"product-type-external"},"aioseo_notices":[],"aioseo_head":"\n\t\t<!-- All in One SEO Pro 4.5.9.2 - aioseo.com -->\n\t\t<meta name=\"description\" content=\"Features: APP Real-time Monitoring: Connected the APP with Wi-Fi to view the photos and check the recorded videos. 24Hrs Parking Monitor: In the parking monitoring mode, the 1S Dash Cam automatically records video when detecting the car\u2019s vibration. Status Light: Blue Light-Power on, Green Light- Normally Record, Red Light- error in record Easy Installation: Bracket for rotating, powered by car cigarette lighter, static sticker\" \/>\n\t\t<meta name=\"robots\" content=\"max-image-preview:large\" \/>\n\t\t<link rel=\"canonical\" href=\"https:\/\/www.rucashk.com\/pt\/produto\/xiaomi-70mai-dash-cam-1s-smart-car-dvr-camera\/\" \/>\n\t\t<meta name=\"generator\" content=\"All in One SEO Pro (AIOSEO) 4.5.9.2\" \/>\n\t\t<meta property=\"og:locale\" content=\"pt_PT\" \/>\n\t\t<meta property=\"og:site_name\" content=\"Rucas - One-stop AIoT Distribution Worldwide\" \/>\n\t\t<meta property=\"og:type\" content=\"article\" \/>\n\t\t<meta property=\"og:title\" content=\"Xiaomi 70mai Dash Cam 1S Smart Car DVR Camera - Rucas - Wholesale and Distribution\" \/>\n\t\t<meta property=\"og:description\" content=\"Features: APP Real-time Monitoring: Connected the APP with Wi-Fi to view the photos and check the recorded videos. 24Hrs Parking Monitor: In the parking monitoring mode, the 1S Dash Cam automatically records video when detecting the car\u2019s vibration. Status Light: Blue Light-Power on, Green Light- Normally Record, Red Light- error in record Easy Installation: Bracket for rotating, powered by car cigarette lighter, static sticker\" \/>\n\t\t<meta property=\"og:url\" content=\"https:\/\/www.rucashk.com\/pt\/produto\/xiaomi-70mai-dash-cam-1s-smart-car-dvr-camera\/\" \/>\n\t\t<meta property=\"og:image\" content=\"https:\/\/www.rucashk.com\/wp-content\/uploads\/replace\/503b8e645f128a97ccde2b6290747646.jpeg\" \/>\n\t\t<meta property=\"og:image:secure_url\" content=\"https:\/\/www.rucashk.com\/wp-content\/uploads\/replace\/503b8e645f128a97ccde2b6290747646.jpeg\" \/>\n\t\t<meta property=\"og:image:width\" content=\"1456\" \/>\n\t\t<meta property=\"og:image:height\" content=\"816\" \/>\n\t\t<meta property=\"article:published_time\" content=\"2024-01-09T15:50:14+00:00\" \/>\n\t\t<meta property=\"article:modified_time\" content=\"2024-01-21T10:39:53+00:00\" \/>\n\t\t<meta name=\"twitter:card\" content=\"summary_large_image\" \/>\n\t\t<meta name=\"twitter:title\" content=\"Xiaomi 70mai Dash Cam 1S Smart Car DVR Camera - Rucas - Wholesale and Distribution\" \/>\n\t\t<meta name=\"twitter:description\" content=\"Features: APP Real-time Monitoring: Connected the APP with Wi-Fi to view the photos and check the recorded videos. 24Hrs Parking Monitor: In the parking monitoring mode, the 1S Dash Cam automatically records video when detecting the car\u2019s vibration. Status Light: Blue Light-Power on, Green Light- Normally Record, Red Light- error in record Easy Installation: Bracket for rotating, powered by car cigarette lighter, static sticker\" \/>\n\t\t<meta name=\"twitter:image\" content=\"https:\/\/www.rucashk.com\/wp-content\/uploads\/replace\/503b8e645f128a97ccde2b6290747646.jpeg\" \/>\n\t\t<script type=\"application\/ld+json\" class=\"aioseo-schema\">\n\t\t\t{\"@context\":\"https:\\\/\\\/schema.org\",\"@graph\":[{\"@type\":\"BreadcrumbList\",\"@id\":\"https:\\\/\\\/www.rucashk.com\\\/pt\\\/produto\\\/xiaomi-70mai-dash-cam-1s-smart-car-dvr-camera\\\/#breadcrumblist\",\"itemListElement\":[{\"@type\":\"ListItem\",\"@id\":\"https:\\\/\\\/www.rucashk.com\\\/pt\\\/#listItem\",\"position\":1,\"name\":\"Home\",\"item\":\"https:\\\/\\\/www.rucashk.com\\\/pt\\\/\",\"nextItem\":\"https:\\\/\\\/www.rucashk.com\\\/pt\\\/produto\\\/xiaomi-70mai-dash-cam-1s-smart-car-dvr-camera\\\/#listItem\"},{\"@type\":\"ListItem\",\"@id\":\"https:\\\/\\\/www.rucashk.com\\\/pt\\\/produto\\\/xiaomi-70mai-dash-cam-1s-smart-car-dvr-camera\\\/#listItem\",\"position\":2,\"name\":\"Xiaomi 70mai Dash Cam 1S Smart Car DVR Camera\",\"previousItem\":\"https:\\\/\\\/www.rucashk.com\\\/pt\\\/#listItem\"}]},{\"@type\":\"Organization\",\"@id\":\"https:\\\/\\\/www.rucashk.com\\\/pt\\\/#organization\",\"name\":\"Rucas\",\"url\":\"https:\\\/\\\/www.rucashk.com\\\/pt\\\/\",\"logo\":{\"@type\":\"ImageObject\",\"url\":\"https:\\\/\\\/www.rucashk.com\\\/wp-content\\\/uploads\\\/2023\\\/12\\\/Rucas_campany_logo.png\",\"@id\":\"https:\\\/\\\/www.rucashk.com\\\/pt\\\/produto\\\/xiaomi-70mai-dash-cam-1s-smart-car-dvr-camera\\\/#organizationLogo\",\"width\":221,\"height\":65},\"image\":{\"@id\":\"https:\\\/\\\/www.rucashk.com\\\/pt\\\/#organizationLogo\"}},{\"@type\":\"Person\",\"@id\":\"https:\\\/\\\/www.rucashk.com\\\/pt\\\/author\\\/admin\\\/#author\",\"url\":\"https:\\\/\\\/www.rucashk.com\\\/pt\\\/author\\\/admin\\\/\",\"name\":\"admin\",\"image\":{\"@type\":\"ImageObject\",\"@id\":\"https:\\\/\\\/www.rucashk.com\\\/pt\\\/produto\\\/xiaomi-70mai-dash-cam-1s-smart-car-dvr-camera\\\/#authorImage\",\"url\":\"https:\\\/\\\/secure.gravatar.com\\\/avatar\\\/b7c8925b09a27e72b30232f8ecaadbd5af0f70a38c78096863fe51b64f031c24?s=96&d=mm&r=g\",\"width\":96,\"height\":96,\"caption\":\"admin\"}},{\"@type\":\"WebPage\",\"@id\":\"https:\\\/\\\/www.rucashk.com\\\/pt\\\/produto\\\/xiaomi-70mai-dash-cam-1s-smart-car-dvr-camera\\\/#webpage\",\"url\":\"https:\\\/\\\/www.rucashk.com\\\/pt\\\/produto\\\/xiaomi-70mai-dash-cam-1s-smart-car-dvr-camera\\\/\",\"name\":\"Xiaomi 70mai Dash Cam 1S Smart Car DVR Camera - Rucas - Wholesale and Distribution\",\"description\":\"Features: APP Real-time Monitoring: Connected the APP with Wi-Fi to view the photos and check the recorded videos. 24Hrs Parking Monitor: In the parking monitoring mode, the 1S Dash Cam automatically records video when detecting the car\\u2019s vibration. Status Light: Blue Light-Power on, Green Light- Normally Record, Red Light- error in record Easy Installation: Bracket for rotating, powered by car cigarette lighter, static sticker\",\"inLanguage\":\"pt-PT\",\"isPartOf\":{\"@id\":\"https:\\\/\\\/www.rucashk.com\\\/pt\\\/#website\"},\"breadcrumb\":{\"@id\":\"https:\\\/\\\/www.rucashk.com\\\/pt\\\/produto\\\/xiaomi-70mai-dash-cam-1s-smart-car-dvr-camera\\\/#breadcrumblist\"},\"author\":{\"@id\":\"https:\\\/\\\/www.rucashk.com\\\/pt\\\/author\\\/admin\\\/#author\"},\"creator\":{\"@id\":\"https:\\\/\\\/www.rucashk.com\\\/pt\\\/author\\\/admin\\\/#author\"},\"image\":{\"@type\":\"ImageObject\",\"url\":\"https:\\\/\\\/www.rucashk.com\\\/wp-content\\\/uploads\\\/2024\\\/01\\\/xiaomi-70mai.jpg\",\"@id\":\"https:\\\/\\\/www.rucashk.com\\\/pt\\\/produto\\\/xiaomi-70mai-dash-cam-1s-smart-car-dvr-camera\\\/#mainImage\",\"width\":494,\"height\":456},\"primaryImageOfPage\":{\"@id\":\"https:\\\/\\\/www.rucashk.com\\\/pt\\\/produto\\\/xiaomi-70mai-dash-cam-1s-smart-car-dvr-camera\\\/#mainImage\"},\"datePublished\":\"2024-01-09T15:50:14+00:00\",\"dateModified\":\"2024-01-21T10:39:53+00:00\"},{\"@type\":\"WebSite\",\"@id\":\"https:\\\/\\\/www.rucashk.com\\\/pt\\\/#website\",\"url\":\"https:\\\/\\\/www.rucashk.com\\\/pt\\\/\",\"name\":\"Rucas - Wholesale and distribution worldwide\",\"alternateName\":\"Rucas - One-stop AIoT Distribution Worldwide\",\"description\":\"One-stop AIoT Distribution Worldwide\",\"inLanguage\":\"pt-PT\",\"publisher\":{\"@id\":\"https:\\\/\\\/www.rucashk.com\\\/pt\\\/#organization\"}}]}\n\t\t<\/script>\n\t\t<!-- All in One SEO Pro -->\r\n\t\t<title>Xiaomi 70mai Dash Cam 1S Smart Car DVR Camera - Rucas - Wholesale and Distribution<\/title>\n\n","aioseo_head_json":{"title":"Xiaomi 70mai Dash Cam 1S Smart Car DVR Camera - Rucas - Wholesale and Distribution","description":"Features: APP Real-time Monitoring: Connected the APP with Wi-Fi to view the photos and check the recorded videos. 24Hrs Parking Monitor: In the parking monitoring mode, the 1S Dash Cam automatically records video when detecting the car\u2019s vibration. Status Light: Blue Light-Power on, Green Light- Normally Record, Red Light- error in record Easy Installation: Bracket for rotating, powered by car cigarette lighter, static sticker","canonical_url":"https:\/\/www.rucashk.com\/pt\/produto\/xiaomi-70mai-dash-cam-1s-smart-car-dvr-camera\/","robots":"max-image-preview:large","keywords":"","webmasterTools":{"miscellaneous":""},"og:locale":"pt_PT","og:site_name":"Rucas - One-stop AIoT Distribution Worldwide","og:type":"article","og:title":"Xiaomi 70mai Dash Cam 1S Smart Car DVR Camera - Rucas - Wholesale and Distribution","og:description":"Features: APP Real-time Monitoring: Connected the APP with Wi-Fi to view the photos and check the recorded videos. 24Hrs Parking Monitor: In the parking monitoring mode, the 1S Dash Cam automatically records video when detecting the car\u2019s vibration. Status Light: Blue Light-Power on, Green Light- Normally Record, Red Light- error in record Easy Installation: Bracket for rotating, powered by car cigarette lighter, static sticker","og:url":"https:\/\/www.rucashk.com\/pt\/produto\/xiaomi-70mai-dash-cam-1s-smart-car-dvr-camera\/","og:image":"https:\/\/www.rucashk.com\/wp-content\/uploads\/replace\/503b8e645f128a97ccde2b6290747646.jpeg","og:image:secure_url":"https:\/\/www.rucashk.com\/wp-content\/uploads\/replace\/503b8e645f128a97ccde2b6290747646.jpeg","og:image:width":1456,"og:image:height":816,"article:published_time":"2024-01-09T15:50:14+00:00","article:modified_time":"2024-01-21T10:39:53+00:00","twitter:card":"summary_large_image","twitter:title":"Xiaomi 70mai Dash Cam 1S Smart Car DVR Camera - Rucas - Wholesale and Distribution","twitter:description":"Features: APP Real-time Monitoring: Connected the APP with Wi-Fi to view the photos and check the recorded videos. 24Hrs Parking Monitor: In the parking monitoring mode, the 1S Dash Cam automatically records video when detecting the car\u2019s vibration. Status Light: Blue Light-Power on, Green Light- Normally Record, Red Light- error in record Easy Installation: Bracket for rotating, powered by car cigarette lighter, static sticker","twitter:image":"https:\/\/www.rucashk.com\/wp-content\/uploads\/replace\/503b8e645f128a97ccde2b6290747646.jpeg","schema":{"@context":"https:\/\/schema.org","@graph":[{"@type":"BreadcrumbList","@id":"https:\/\/www.rucashk.com\/pt\/produto\/xiaomi-70mai-dash-cam-1s-smart-car-dvr-camera\/#breadcrumblist","itemListElement":[{"@type":"ListItem","@id":"https:\/\/www.rucashk.com\/pt\/#listItem","position":1,"name":"Home","item":"https:\/\/www.rucashk.com\/pt\/","nextItem":"https:\/\/www.rucashk.com\/pt\/produto\/xiaomi-70mai-dash-cam-1s-smart-car-dvr-camera\/#listItem"},{"@type":"ListItem","@id":"https:\/\/www.rucashk.com\/pt\/produto\/xiaomi-70mai-dash-cam-1s-smart-car-dvr-camera\/#listItem","position":2,"name":"Xiaomi 70mai Dash Cam 1S Smart Car DVR Camera","previousItem":"https:\/\/www.rucashk.com\/pt\/#listItem"}]},{"@type":"Organization","@id":"https:\/\/www.rucashk.com\/pt\/#organization","name":"Rucas","url":"https:\/\/www.rucashk.com\/pt\/","logo":{"@type":"ImageObject","url":"https:\/\/www.rucashk.com\/wp-content\/uploads\/2023\/12\/Rucas_campany_logo.png","@id":"https:\/\/www.rucashk.com\/pt\/produto\/xiaomi-70mai-dash-cam-1s-smart-car-dvr-camera\/#organizationLogo","width":221,"height":65},"image":{"@id":"https:\/\/www.rucashk.com\/pt\/#organizationLogo"}},{"@type":"Person","@id":"https:\/\/www.rucashk.com\/pt\/author\/admin\/#author","url":"https:\/\/www.rucashk.com\/pt\/author\/admin\/","name":"admin","image":{"@type":"ImageObject","@id":"https:\/\/www.rucashk.com\/pt\/produto\/xiaomi-70mai-dash-cam-1s-smart-car-dvr-camera\/#authorImage","url":"https:\/\/secure.gravatar.com\/avatar\/b7c8925b09a27e72b30232f8ecaadbd5af0f70a38c78096863fe51b64f031c24?s=96&d=mm&r=g","width":96,"height":96,"caption":"admin"}},{"@type":"WebPage","@id":"https:\/\/www.rucashk.com\/pt\/produto\/xiaomi-70mai-dash-cam-1s-smart-car-dvr-camera\/#webpage","url":"https:\/\/www.rucashk.com\/pt\/produto\/xiaomi-70mai-dash-cam-1s-smart-car-dvr-camera\/","name":"Xiaomi 70mai Dash Cam 1S Smart Car DVR Camera - Rucas - Wholesale and Distribution","description":"Features: APP Real-time Monitoring: Connected the APP with Wi-Fi to view the photos and check the recorded videos. 24Hrs Parking Monitor: In the parking monitoring mode, the 1S Dash Cam automatically records video when detecting the car\u2019s vibration. Status Light: Blue Light-Power on, Green Light- Normally Record, Red Light- error in record Easy Installation: Bracket for rotating, powered by car cigarette lighter, static sticker","inLanguage":"pt-PT","isPartOf":{"@id":"https:\/\/www.rucashk.com\/pt\/#website"},"breadcrumb":{"@id":"https:\/\/www.rucashk.com\/pt\/produto\/xiaomi-70mai-dash-cam-1s-smart-car-dvr-camera\/#breadcrumblist"},"author":{"@id":"https:\/\/www.rucashk.com\/pt\/author\/admin\/#author"},"creator":{"@id":"https:\/\/www.rucashk.com\/pt\/author\/admin\/#author"},"image":{"@type":"ImageObject","url":"https:\/\/www.rucashk.com\/wp-content\/uploads\/2024\/01\/xiaomi-70mai.jpg","@id":"https:\/\/www.rucashk.com\/pt\/produto\/xiaomi-70mai-dash-cam-1s-smart-car-dvr-camera\/#mainImage","width":494,"height":456},"primaryImageOfPage":{"@id":"https:\/\/www.rucashk.com\/pt\/produto\/xiaomi-70mai-dash-cam-1s-smart-car-dvr-camera\/#mainImage"},"datePublished":"2024-01-09T15:50:14+00:00","dateModified":"2024-01-21T10:39:53+00:00"},{"@type":"WebSite","@id":"https:\/\/www.rucashk.com\/pt\/#website","url":"https:\/\/www.rucashk.com\/pt\/","name":"Rucas - Wholesale and distribution worldwide","alternateName":"Rucas - One-stop AIoT Distribution Worldwide","description":"One-stop AIoT Distribution Worldwide","inLanguage":"pt-PT","publisher":{"@id":"https:\/\/www.rucashk.com\/pt\/#organization"}}]}},"aioseo_meta_data":{"post_id":"22959","title":null,"description":null,"keywords":null,"keyphrases":null,"primary_term":null,"canonical_url":null,"og_title":null,"og_description":null,"og_object_type":"default","og_image_type":"default","og_image_url":null,"og_image_width":null,"og_image_height":null,"og_image_custom_url":null,"og_image_custom_fields":null,"og_video":null,"og_custom_url":null,"og_article_section":null,"og_article_tags":null,"twitter_use_og":false,"twitter_card":"default","twitter_image_type":"default","twitter_image_url":null,"twitter_image_custom_url":null,"twitter_image_custom_fields":null,"twitter_title":null,"twitter_description":null,"schema":{"blockGraphs":[],"customGraphs":[],"default":{"data":{"Article":[],"Course":[],"Dataset":[],"FAQPage":[],"Movie":[],"Person":[],"Product":[],"Recipe":[],"Service":[],"SoftwareApplication":[],"WebPage":[]},"graphName":"","isEnabled":true},"graphs":[]},"schema_type":"default","schema_type_options":null,"pillar_content":false,"robots_default":true,"robots_noindex":false,"robots_noarchive":false,"robots_nosnippet":false,"robots_nofollow":false,"robots_noimageindex":false,"robots_noodp":false,"robots_notranslate":false,"robots_max_snippet":null,"robots_max_videopreview":null,"robots_max_imagepreview":"large","priority":null,"frequency":null,"local_seo":null,"breadcrumb_settings":null,"limit_modified_date":false,"created":"2024-04-11 01:55:24","updated":"2025-06-22 16:53:54"},"aioseo_breadcrumb":"<div class=\"aioseo-breadcrumbs\"><span class=\"aioseo-breadcrumb\">\n\t<a href=\"https:\/\/www.rucashk.com\/pt\" title=\"Home\">Home<\/a>\n<\/span><span class=\"aioseo-breadcrumb-separator\">&raquo;<\/span><span class=\"aioseo-breadcrumb\">\n\t<a href=\"https:\/\/www.rucashk.com\/pt\/products\/\" title=\"Produtos\">Produtos<\/a>\n<\/span><span class=\"aioseo-breadcrumb-separator\">&raquo;<\/span><span class=\"aioseo-breadcrumb\">\n\t<a href=\"https:\/\/www.rucashk.com\/pt\/categoria-produto\/e-vehicle-accessories\/\" title=\"E-Vehicle Accessories\">E-Vehicle Accessories<\/a>\n<\/span><span class=\"aioseo-breadcrumb-separator\">&raquo;<\/span><span class=\"aioseo-breadcrumb\">\n\t<a href=\"https:\/\/www.rucashk.com\/pt\/categoria-produto\/e-vehicle-accessories\/dash-camera\/\" title=\"Dash Camera\">Dash Camera<\/a>\n<\/span><span class=\"aioseo-breadcrumb-separator\">&raquo;<\/span><span class=\"aioseo-breadcrumb\">\n\tXiaomi 70mai Dash Cam 1S Smart Car DVR Camera\n<\/span><\/div>","aioseo_breadcrumb_json":[{"label":"Home","link":"https:\/\/www.rucashk.com\/pt"},{"label":"Produtos","link":"https:\/\/www.rucashk.com\/pt\/products\/"},{"label":"E-Vehicle Accessories","link":"https:\/\/www.rucashk.com\/pt\/categoria-produto\/e-vehicle-accessories\/"},{"label":"Dash Camera","link":"https:\/\/www.rucashk.com\/pt\/categoria-produto\/e-vehicle-accessories\/dash-camera\/"},{"label":"Xiaomi 70mai Dash Cam 1S Smart Car DVR Camera","link":"https:\/\/www.rucashk.com\/pt\/produto\/xiaomi-70mai-dash-cam-1s-smart-car-dvr-camera\/"}],"_links":{"self":[{"href":"https:\/\/www.rucashk.com\/pt\/wp-json\/wp\/v2\/product\/22959","targetHints":{"allow":["GET"]}}],"collection":[{"href":"https:\/\/www.rucashk.com\/pt\/wp-json\/wp\/v2\/product"}],"about":[{"href":"https:\/\/www.rucashk.com\/pt\/wp-json\/wp\/v2\/types\/product"}],"wp:featuredmedia":[{"embeddable":true,"href":"https:\/\/www.rucashk.com\/pt\/wp-json\/wp\/v2\/media\/23021"}],"wp:attachment":[{"href":"https:\/\/www.rucashk.com\/pt\/wp-json\/wp\/v2\/media?parent=22959"}],"wp:term":[{"taxonomy":"product_brand","embeddable":true,"href":"https:\/\/www.rucashk.com\/pt\/wp-json\/wp\/v2\/product_brand?post=22959"},{"taxonomy":"product_cat","embeddable":true,"href":"https:\/\/www.rucashk.com\/pt\/wp-json\/wp\/v2\/product_cat?post=22959"},{"taxonomy":"product_tag","embeddable":true,"href":"https:\/\/www.rucashk.com\/pt\/wp-json\/wp\/v2\/product_tag?post=22959"}],"curies":[{"name":"wp","href":"https:\/\/api.w.org\/{rel}","templated":true}]}}