{"id":22924,"date":"2024-01-09T15:49:50","date_gmt":"2024-01-09T15:49:50","guid":{"rendered":"http:\/\/rucashk.com\/?post_type=product&#038;p=22924"},"modified":"2024-03-11T07:52:27","modified_gmt":"2024-03-11T07:52:27","slug":"xiaomi-redmi-6-pro-smartphone","status":"publish","type":"product","link":"https:\/\/www.rucashk.com\/pt\/produto\/xiaomi-redmi-6-pro-smartphone\/","title":{"rendered":"Smartphone Xiaomi Redmi 6 Pro"},"content":{"rendered":"<div class=\"pd-titlebox\"><\/div>\n<div class=\"pd-content\">\n<p><img fetchpriority=\"high\" decoding=\"async\" class=\"aligncenter\" src=\"\/wp-content\/uploads\/replace\/e375cdce3c4f9afd59336f9786ff56ff.jpeg\" alt=\"Xiaomi Redmi 6 Pro\" width=\"960\" height=\"664\" \/><img decoding=\"async\" class=\"aligncenter\" src=\"\/wp-content\/uploads\/replace\/32d3e8a641cfd33028577c2a354fc676.jpeg\" alt=\"Xiaomi Redmi 6 Pro\" width=\"960\" height=\"341\" \/><img decoding=\"async\" class=\"aligncenter\" src=\"\/wp-content\/uploads\/replace\/296caa2e277d7caa23b4790c452585dc.jpeg\" alt=\"Xiaomi Redmi 6 Pro\" width=\"960\" height=\"616\" \/><img loading=\"lazy\" decoding=\"async\" class=\"aligncenter\" src=\"\/wp-content\/uploads\/replace\/0fe0881a66d63ff3b27d144093d30764.jpeg\" alt=\"Xiaomi Redmi 6 Pro\" width=\"960\" height=\"587\" \/><img loading=\"lazy\" decoding=\"async\" class=\"aligncenter\" src=\"\/wp-content\/uploads\/replace\/c71442a7f5404ee142bd35fa45a6f22f.jpeg\" alt=\"Xiaomi Redmi 6 Pro\" width=\"960\" height=\"856\" \/><img loading=\"lazy\" decoding=\"async\" class=\"aligncenter\" src=\"\/wp-content\/uploads\/replace\/7d6da51822f67f1694c1d4c092fa5304.jpeg\" alt=\"Xiaomi Redmi 6 Pro\" width=\"960\" height=\"679\" \/><img loading=\"lazy\" decoding=\"async\" class=\"aligncenter\" src=\"\/wp-content\/uploads\/replace\/f00b8eded6c7c65e29d9619d837259d4.jpeg\" alt=\"Xiaomi Redmi 6 Pro\" width=\"960\" height=\"721\" \/><img loading=\"lazy\" decoding=\"async\" class=\"aligncenter\" src=\"\/wp-content\/uploads\/replace\/25765af95e32894e5dea4fc5173e63d4.jpeg\" alt=\"Xiaomi Redmi 6 Pro\" width=\"960\" height=\"663\" \/><img decoding=\"async\" alt=\"Xiaomi Redmi 6 Pro Smartphone\" class=\"aligncenter\" src=\"\/wp-content\/uploads\/replace\/e863e717cc4e277afee0816d50c362b6.jpeg\" \/><img loading=\"lazy\" decoding=\"async\" class=\"aligncenter\" src=\"\/wp-content\/uploads\/replace\/017ea9e8f3e6627a630ed994d53d9e7b.jpeg\" alt=\"Xiaomi Redmi 6 Pro\" width=\"960\" height=\"717\" \/><img loading=\"lazy\" decoding=\"async\" class=\"aligncenter\" src=\"\/wp-content\/uploads\/replace\/7dade61f4b8f69782c0db8a92cd9f9e9.jpeg\" alt=\"Xiaomi Redmi 6 Pro\" width=\"960\" height=\"660\" \/><\/p>\n<p>O pacote est\u00e1 inclu\u00eddo:<\/p>\n<p>1*Xiaomi <a class=\"\" style=\"width: auto !important\" href=\"https:\/\/www.rucashk.com\/pt\/redmi-redmi-cell-phone-and-jd-com-released-redmi-k30-5g-extreme-edition\/\" data-wpil-post-to-id=\"8380\">Celular Redmi Pro 6<\/a><\/p>\n<p>1 * cabo USB<\/p>\n<p>1 * Carregador<\/p>\n<p>1 * capa de silicone como presente gratuito.<\/p>\n<p>1 * vidro temperado como presente gratuito<\/p>\n<p>1 * fone de ouvido como presente gratuito<\/p>\n<p>1 * pino de cart\u00e3o como presente gratuito<\/p>\n<p>Observa\u00e7\u00e3o: o pacote n\u00e3o cont\u00e9m a caixa original e n\u00e3o cont\u00e9m a fatura de IVA\/GST do comprador. Portanto, o comprador n\u00e3o precisa pagar nenhuma taxa alfandeg\u00e1ria quando o pacote chegar \u00e0 alf\u00e2ndega do seu pa\u00eds.<\/p>\n<\/div>","protected":false},"excerpt":{"rendered":"<p><strong>Processador<\/strong>: Processador (Rel\u00f3gio): Octa-Core 2.0<\/p>\n<p><strong>BATER<\/strong>: Mem\u00f3ria: 3GB\/4GB, 933 MHz<\/p>\n<p><strong>Armazenar<\/strong>: Armazenamento interno: 32 GB\/64 GB<\/p>\n<p><strong>Mostrar<\/strong>: Tela (tamanho e tipo): 5,84 polegadas IPS<\/p>\n<p><strong>C\u00e2mera<\/strong>: Vis\u00e3o geral da c\u00e2mera: 12 MP + 5 MP \/ 5 MP<\/p>\n<p><strong>Bateria<\/strong>: L\u00edtio n\u00e3o remov\u00edvel de 4.000mAh<\/p>","protected":false},"featured_media":22995,"template":"","meta":[],"product_brand":[],"product_cat":[1295,1296],"product_tag":[],"class_list":{"0":"post-22924","1":"product","2":"type-product","3":"status-publish","4":"has-post-thumbnail","6":"product_cat-mobile-phone","7":"product_cat-xiaomi-mobile-phone","9":"first","10":"instock","11":"shipping-taxable","12":"product-type-external"},"aioseo_notices":[],"aioseo_head":"\n\t\t<!-- All in One SEO Pro 4.5.9.2 - aioseo.com -->\n\t\t<meta name=\"description\" content=\"Processor: Processor (Clock): Octa-Core 2.0 RAM: Memory: 3GB\/4GB, 933 MHz Storage: Internal Storage: 32GB\/64GB Display: Screen (Size &amp; Type): 5.84 inches IPS Camera: Camera Overview: 12MP+5MP \/ 5MP Battery: Non-Removable 4,000mAh Lithium-\" \/>\n\t\t<meta name=\"robots\" content=\"max-image-preview:large\" \/>\n\t\t<link rel=\"canonical\" href=\"https:\/\/www.rucashk.com\/pt\/produto\/xiaomi-redmi-6-pro-smartphone\/\" \/>\n\t\t<meta name=\"generator\" content=\"All in One SEO Pro (AIOSEO) 4.5.9.2\" \/>\n\t\t<meta property=\"og:locale\" content=\"pt_PT\" \/>\n\t\t<meta property=\"og:site_name\" content=\"Rucas - One-stop AIoT Distribution Worldwide\" \/>\n\t\t<meta property=\"og:type\" content=\"article\" \/>\n\t\t<meta property=\"og:title\" content=\"Xiaomi Redmi 6 Pro Smartphone - Rucas - Wholesale and Distribution\" \/>\n\t\t<meta property=\"og:description\" content=\"Processor: Processor (Clock): Octa-Core 2.0 RAM: Memory: 3GB\/4GB, 933 MHz Storage: Internal Storage: 32GB\/64GB Display: Screen (Size &amp; Type): 5.84 inches IPS Camera: Camera Overview: 12MP+5MP \/ 5MP Battery: Non-Removable 4,000mAh Lithium-\" \/>\n\t\t<meta property=\"og:url\" content=\"https:\/\/www.rucashk.com\/pt\/produto\/xiaomi-redmi-6-pro-smartphone\/\" \/>\n\t\t<meta property=\"og:image\" content=\"https:\/\/www.rucashk.com\/wp-content\/uploads\/replace\/503b8e645f128a97ccde2b6290747646.jpeg\" \/>\n\t\t<meta property=\"og:image:secure_url\" content=\"https:\/\/www.rucashk.com\/wp-content\/uploads\/replace\/503b8e645f128a97ccde2b6290747646.jpeg\" \/>\n\t\t<meta property=\"og:image:width\" content=\"1456\" \/>\n\t\t<meta property=\"og:image:height\" content=\"816\" \/>\n\t\t<meta property=\"article:published_time\" content=\"2024-01-09T15:49:50+00:00\" \/>\n\t\t<meta property=\"article:modified_time\" content=\"2024-03-11T07:52:27+00:00\" \/>\n\t\t<meta name=\"twitter:card\" content=\"summary_large_image\" \/>\n\t\t<meta name=\"twitter:title\" content=\"Xiaomi Redmi 6 Pro Smartphone - Rucas - Wholesale and Distribution\" \/>\n\t\t<meta name=\"twitter:description\" content=\"Processor: Processor (Clock): Octa-Core 2.0 RAM: Memory: 3GB\/4GB, 933 MHz Storage: Internal Storage: 32GB\/64GB Display: Screen (Size &amp; Type): 5.84 inches IPS Camera: Camera Overview: 12MP+5MP \/ 5MP Battery: Non-Removable 4,000mAh Lithium-\" \/>\n\t\t<meta name=\"twitter:image\" content=\"https:\/\/www.rucashk.com\/wp-content\/uploads\/replace\/503b8e645f128a97ccde2b6290747646.jpeg\" \/>\n\t\t<script type=\"application\/ld+json\" class=\"aioseo-schema\">\n\t\t\t{\"@context\":\"https:\\\/\\\/schema.org\",\"@graph\":[{\"@type\":\"BreadcrumbList\",\"@id\":\"https:\\\/\\\/www.rucashk.com\\\/pt\\\/produto\\\/xiaomi-redmi-6-pro-smartphone\\\/#breadcrumblist\",\"itemListElement\":[{\"@type\":\"ListItem\",\"@id\":\"https:\\\/\\\/www.rucashk.com\\\/pt\\\/#listItem\",\"position\":1,\"name\":\"Home\",\"item\":\"https:\\\/\\\/www.rucashk.com\\\/pt\\\/\",\"nextItem\":\"https:\\\/\\\/www.rucashk.com\\\/pt\\\/produto\\\/xiaomi-redmi-6-pro-smartphone\\\/#listItem\"},{\"@type\":\"ListItem\",\"@id\":\"https:\\\/\\\/www.rucashk.com\\\/pt\\\/produto\\\/xiaomi-redmi-6-pro-smartphone\\\/#listItem\",\"position\":2,\"name\":\"Xiaomi Redmi 6 Pro Smartphone\",\"previousItem\":\"https:\\\/\\\/www.rucashk.com\\\/pt\\\/#listItem\"}]},{\"@type\":\"Organization\",\"@id\":\"https:\\\/\\\/www.rucashk.com\\\/pt\\\/#organization\",\"name\":\"Rucas\",\"url\":\"https:\\\/\\\/www.rucashk.com\\\/pt\\\/\",\"logo\":{\"@type\":\"ImageObject\",\"url\":\"https:\\\/\\\/www.rucashk.com\\\/wp-content\\\/uploads\\\/2023\\\/12\\\/Rucas_campany_logo.png\",\"@id\":\"https:\\\/\\\/www.rucashk.com\\\/pt\\\/produto\\\/xiaomi-redmi-6-pro-smartphone\\\/#organizationLogo\",\"width\":221,\"height\":65},\"image\":{\"@id\":\"https:\\\/\\\/www.rucashk.com\\\/pt\\\/#organizationLogo\"}},{\"@type\":\"Person\",\"@id\":\"https:\\\/\\\/www.rucashk.com\\\/pt\\\/author\\\/admin\\\/#author\",\"url\":\"https:\\\/\\\/www.rucashk.com\\\/pt\\\/author\\\/admin\\\/\",\"name\":\"admin\",\"image\":{\"@type\":\"ImageObject\",\"@id\":\"https:\\\/\\\/www.rucashk.com\\\/pt\\\/produto\\\/xiaomi-redmi-6-pro-smartphone\\\/#authorImage\",\"url\":\"https:\\\/\\\/secure.gravatar.com\\\/avatar\\\/b7c8925b09a27e72b30232f8ecaadbd5af0f70a38c78096863fe51b64f031c24?s=96&d=mm&r=g\",\"width\":96,\"height\":96,\"caption\":\"admin\"}},{\"@type\":\"WebPage\",\"@id\":\"https:\\\/\\\/www.rucashk.com\\\/pt\\\/produto\\\/xiaomi-redmi-6-pro-smartphone\\\/#webpage\",\"url\":\"https:\\\/\\\/www.rucashk.com\\\/pt\\\/produto\\\/xiaomi-redmi-6-pro-smartphone\\\/\",\"name\":\"Xiaomi Redmi 6 Pro Smartphone - Rucas - Wholesale and Distribution\",\"description\":\"Processor: Processor (Clock): Octa-Core 2.0 RAM: Memory: 3GB\\\/4GB, 933 MHz Storage: Internal Storage: 32GB\\\/64GB Display: Screen (Size & Type): 5.84 inches IPS Camera: Camera Overview: 12MP+5MP \\\/ 5MP Battery: Non-Removable 4,000mAh Lithium-\",\"inLanguage\":\"pt-PT\",\"isPartOf\":{\"@id\":\"https:\\\/\\\/www.rucashk.com\\\/pt\\\/#website\"},\"breadcrumb\":{\"@id\":\"https:\\\/\\\/www.rucashk.com\\\/pt\\\/produto\\\/xiaomi-redmi-6-pro-smartphone\\\/#breadcrumblist\"},\"author\":{\"@id\":\"https:\\\/\\\/www.rucashk.com\\\/pt\\\/author\\\/admin\\\/#author\"},\"creator\":{\"@id\":\"https:\\\/\\\/www.rucashk.com\\\/pt\\\/author\\\/admin\\\/#author\"},\"image\":{\"@type\":\"ImageObject\",\"url\":\"https:\\\/\\\/www.rucashk.com\\\/wp-content\\\/uploads\\\/2024\\\/01\\\/xiaomi-redmi-6-pro.jpg\",\"@id\":\"https:\\\/\\\/www.rucashk.com\\\/pt\\\/produto\\\/xiaomi-redmi-6-pro-smartphone\\\/#mainImage\",\"width\":560,\"height\":420},\"primaryImageOfPage\":{\"@id\":\"https:\\\/\\\/www.rucashk.com\\\/pt\\\/produto\\\/xiaomi-redmi-6-pro-smartphone\\\/#mainImage\"},\"datePublished\":\"2024-01-09T15:49:50+00:00\",\"dateModified\":\"2024-03-11T07:52:27+00:00\"},{\"@type\":\"WebSite\",\"@id\":\"https:\\\/\\\/www.rucashk.com\\\/pt\\\/#website\",\"url\":\"https:\\\/\\\/www.rucashk.com\\\/pt\\\/\",\"name\":\"Rucas - Wholesale and distribution worldwide\",\"alternateName\":\"Rucas - One-stop AIoT Distribution Worldwide\",\"description\":\"One-stop AIoT Distribution Worldwide\",\"inLanguage\":\"pt-PT\",\"publisher\":{\"@id\":\"https:\\\/\\\/www.rucashk.com\\\/pt\\\/#organization\"}}]}\n\t\t<\/script>\n\t\t<!-- All in One SEO Pro -->\r\n\t\t<title>Xiaomi Redmi 6 Pro Smartphone - Rucas - Wholesale and Distribution<\/title>\n\n","aioseo_head_json":{"title":"Xiaomi Redmi 6 Pro Smartphone - Rucas - Wholesale and Distribution","description":"Processor: Processor (Clock): Octa-Core 2.0 RAM: Memory: 3GB\/4GB, 933 MHz Storage: Internal Storage: 32GB\/64GB Display: Screen (Size & Type): 5.84 inches IPS Camera: Camera Overview: 12MP+5MP \/ 5MP Battery: Non-Removable 4,000mAh Lithium-","canonical_url":"https:\/\/www.rucashk.com\/pt\/produto\/xiaomi-redmi-6-pro-smartphone\/","robots":"max-image-preview:large","keywords":"","webmasterTools":{"miscellaneous":""},"og:locale":"pt_PT","og:site_name":"Rucas - One-stop AIoT Distribution Worldwide","og:type":"article","og:title":"Xiaomi Redmi 6 Pro Smartphone - Rucas - Wholesale and Distribution","og:description":"Processor: Processor (Clock): Octa-Core 2.0 RAM: Memory: 3GB\/4GB, 933 MHz Storage: Internal Storage: 32GB\/64GB Display: Screen (Size &amp; Type): 5.84 inches IPS Camera: Camera Overview: 12MP+5MP \/ 5MP Battery: Non-Removable 4,000mAh Lithium-","og:url":"https:\/\/www.rucashk.com\/pt\/produto\/xiaomi-redmi-6-pro-smartphone\/","og:image":"https:\/\/www.rucashk.com\/wp-content\/uploads\/replace\/503b8e645f128a97ccde2b6290747646.jpeg","og:image:secure_url":"https:\/\/www.rucashk.com\/wp-content\/uploads\/replace\/503b8e645f128a97ccde2b6290747646.jpeg","og:image:width":1456,"og:image:height":816,"article:published_time":"2024-01-09T15:49:50+00:00","article:modified_time":"2024-03-11T07:52:27+00:00","twitter:card":"summary_large_image","twitter:title":"Xiaomi Redmi 6 Pro Smartphone - Rucas - Wholesale and Distribution","twitter:description":"Processor: Processor (Clock): Octa-Core 2.0 RAM: Memory: 3GB\/4GB, 933 MHz Storage: Internal Storage: 32GB\/64GB Display: Screen (Size &amp; Type): 5.84 inches IPS Camera: Camera Overview: 12MP+5MP \/ 5MP Battery: Non-Removable 4,000mAh Lithium-","twitter:image":"https:\/\/www.rucashk.com\/wp-content\/uploads\/replace\/503b8e645f128a97ccde2b6290747646.jpeg","schema":{"@context":"https:\/\/schema.org","@graph":[{"@type":"BreadcrumbList","@id":"https:\/\/www.rucashk.com\/pt\/produto\/xiaomi-redmi-6-pro-smartphone\/#breadcrumblist","itemListElement":[{"@type":"ListItem","@id":"https:\/\/www.rucashk.com\/pt\/#listItem","position":1,"name":"Home","item":"https:\/\/www.rucashk.com\/pt\/","nextItem":"https:\/\/www.rucashk.com\/pt\/produto\/xiaomi-redmi-6-pro-smartphone\/#listItem"},{"@type":"ListItem","@id":"https:\/\/www.rucashk.com\/pt\/produto\/xiaomi-redmi-6-pro-smartphone\/#listItem","position":2,"name":"Xiaomi Redmi 6 Pro Smartphone","previousItem":"https:\/\/www.rucashk.com\/pt\/#listItem"}]},{"@type":"Organization","@id":"https:\/\/www.rucashk.com\/pt\/#organization","name":"Rucas","url":"https:\/\/www.rucashk.com\/pt\/","logo":{"@type":"ImageObject","url":"https:\/\/www.rucashk.com\/wp-content\/uploads\/2023\/12\/Rucas_campany_logo.png","@id":"https:\/\/www.rucashk.com\/pt\/produto\/xiaomi-redmi-6-pro-smartphone\/#organizationLogo","width":221,"height":65},"image":{"@id":"https:\/\/www.rucashk.com\/pt\/#organizationLogo"}},{"@type":"Person","@id":"https:\/\/www.rucashk.com\/pt\/author\/admin\/#author","url":"https:\/\/www.rucashk.com\/pt\/author\/admin\/","name":"admin","image":{"@type":"ImageObject","@id":"https:\/\/www.rucashk.com\/pt\/produto\/xiaomi-redmi-6-pro-smartphone\/#authorImage","url":"https:\/\/secure.gravatar.com\/avatar\/b7c8925b09a27e72b30232f8ecaadbd5af0f70a38c78096863fe51b64f031c24?s=96&d=mm&r=g","width":96,"height":96,"caption":"admin"}},{"@type":"WebPage","@id":"https:\/\/www.rucashk.com\/pt\/produto\/xiaomi-redmi-6-pro-smartphone\/#webpage","url":"https:\/\/www.rucashk.com\/pt\/produto\/xiaomi-redmi-6-pro-smartphone\/","name":"Xiaomi Redmi 6 Pro Smartphone - Rucas - Wholesale and Distribution","description":"Processor: Processor (Clock): Octa-Core 2.0 RAM: Memory: 3GB\/4GB, 933 MHz Storage: Internal Storage: 32GB\/64GB Display: Screen (Size & Type): 5.84 inches IPS Camera: Camera Overview: 12MP+5MP \/ 5MP Battery: Non-Removable 4,000mAh Lithium-","inLanguage":"pt-PT","isPartOf":{"@id":"https:\/\/www.rucashk.com\/pt\/#website"},"breadcrumb":{"@id":"https:\/\/www.rucashk.com\/pt\/produto\/xiaomi-redmi-6-pro-smartphone\/#breadcrumblist"},"author":{"@id":"https:\/\/www.rucashk.com\/pt\/author\/admin\/#author"},"creator":{"@id":"https:\/\/www.rucashk.com\/pt\/author\/admin\/#author"},"image":{"@type":"ImageObject","url":"https:\/\/www.rucashk.com\/wp-content\/uploads\/2024\/01\/xiaomi-redmi-6-pro.jpg","@id":"https:\/\/www.rucashk.com\/pt\/produto\/xiaomi-redmi-6-pro-smartphone\/#mainImage","width":560,"height":420},"primaryImageOfPage":{"@id":"https:\/\/www.rucashk.com\/pt\/produto\/xiaomi-redmi-6-pro-smartphone\/#mainImage"},"datePublished":"2024-01-09T15:49:50+00:00","dateModified":"2024-03-11T07:52:27+00:00"},{"@type":"WebSite","@id":"https:\/\/www.rucashk.com\/pt\/#website","url":"https:\/\/www.rucashk.com\/pt\/","name":"Rucas - Wholesale and distribution worldwide","alternateName":"Rucas - One-stop AIoT Distribution Worldwide","description":"One-stop AIoT Distribution Worldwide","inLanguage":"pt-PT","publisher":{"@id":"https:\/\/www.rucashk.com\/pt\/#organization"}}]}},"aioseo_meta_data":{"post_id":"22924","title":null,"description":null,"keywords":null,"keyphrases":null,"primary_term":null,"canonical_url":null,"og_title":null,"og_description":null,"og_object_type":"default","og_image_type":"default","og_image_url":null,"og_image_width":null,"og_image_height":null,"og_image_custom_url":null,"og_image_custom_fields":null,"og_video":null,"og_custom_url":null,"og_article_section":null,"og_article_tags":null,"twitter_use_og":false,"twitter_card":"default","twitter_image_type":"default","twitter_image_url":null,"twitter_image_custom_url":null,"twitter_image_custom_fields":null,"twitter_title":null,"twitter_description":null,"schema":{"blockGraphs":[],"customGraphs":[],"default":{"data":{"Article":[],"Course":[],"Dataset":[],"FAQPage":[],"Movie":[],"Person":[],"Product":[],"Recipe":[],"Service":[],"SoftwareApplication":[],"WebPage":[]},"graphName":"","isEnabled":true},"graphs":[]},"schema_type":"default","schema_type_options":null,"pillar_content":false,"robots_default":true,"robots_noindex":false,"robots_noarchive":false,"robots_nosnippet":false,"robots_nofollow":false,"robots_noimageindex":false,"robots_noodp":false,"robots_notranslate":false,"robots_max_snippet":null,"robots_max_videopreview":null,"robots_max_imagepreview":"large","priority":null,"frequency":null,"local_seo":null,"breadcrumb_settings":null,"limit_modified_date":false,"created":"2024-04-11 01:55:24","updated":"2025-06-22 16:52:57"},"aioseo_breadcrumb":"<div class=\"aioseo-breadcrumbs\"><span class=\"aioseo-breadcrumb\">\n\t<a href=\"https:\/\/www.rucashk.com\/pt\" title=\"Home\">Home<\/a>\n<\/span><span class=\"aioseo-breadcrumb-separator\">&raquo;<\/span><span class=\"aioseo-breadcrumb\">\n\t<a href=\"https:\/\/www.rucashk.com\/pt\/products\/\" title=\"Produtos\">Produtos<\/a>\n<\/span><span class=\"aioseo-breadcrumb-separator\">&raquo;<\/span><span class=\"aioseo-breadcrumb\">\n\t<a href=\"https:\/\/www.rucashk.com\/pt\/categoria-produto\/mobile-phone\/\" title=\"Mobile Phone\">Mobile Phone<\/a>\n<\/span><span class=\"aioseo-breadcrumb-separator\">&raquo;<\/span><span class=\"aioseo-breadcrumb\">\n\t<a href=\"https:\/\/www.rucashk.com\/pt\/categoria-produto\/mobile-phone\/xiaomi-mobile-phone\/\" title=\"Xiaomi\">Xiaomi<\/a>\n<\/span><span class=\"aioseo-breadcrumb-separator\">&raquo;<\/span><span class=\"aioseo-breadcrumb\">\n\tXiaomi Redmi 6 Pro Smartphone\n<\/span><\/div>","aioseo_breadcrumb_json":[{"label":"Home","link":"https:\/\/www.rucashk.com\/pt"},{"label":"Produtos","link":"https:\/\/www.rucashk.com\/pt\/products\/"},{"label":"Mobile Phone","link":"https:\/\/www.rucashk.com\/pt\/categoria-produto\/mobile-phone\/"},{"label":"Xiaomi","link":"https:\/\/www.rucashk.com\/pt\/categoria-produto\/mobile-phone\/xiaomi-mobile-phone\/"},{"label":"Xiaomi Redmi 6 Pro Smartphone","link":"https:\/\/www.rucashk.com\/pt\/produto\/xiaomi-redmi-6-pro-smartphone\/"}],"_links":{"self":[{"href":"https:\/\/www.rucashk.com\/pt\/wp-json\/wp\/v2\/product\/22924","targetHints":{"allow":["GET"]}}],"collection":[{"href":"https:\/\/www.rucashk.com\/pt\/wp-json\/wp\/v2\/product"}],"about":[{"href":"https:\/\/www.rucashk.com\/pt\/wp-json\/wp\/v2\/types\/product"}],"wp:featuredmedia":[{"embeddable":true,"href":"https:\/\/www.rucashk.com\/pt\/wp-json\/wp\/v2\/media\/22995"}],"wp:attachment":[{"href":"https:\/\/www.rucashk.com\/pt\/wp-json\/wp\/v2\/media?parent=22924"}],"wp:term":[{"taxonomy":"product_brand","embeddable":true,"href":"https:\/\/www.rucashk.com\/pt\/wp-json\/wp\/v2\/product_brand?post=22924"},{"taxonomy":"product_cat","embeddable":true,"href":"https:\/\/www.rucashk.com\/pt\/wp-json\/wp\/v2\/product_cat?post=22924"},{"taxonomy":"product_tag","embeddable":true,"href":"https:\/\/www.rucashk.com\/pt\/wp-json\/wp\/v2\/product_tag?post=22924"}],"curies":[{"name":"wp","href":"https:\/\/api.w.org\/{rel}","templated":true}]}}