{"id":22923,"date":"2024-01-09T15:49:50","date_gmt":"2024-01-09T15:49:50","guid":{"rendered":"http:\/\/rucashk.com\/?post_type=product&#038;p=22923"},"modified":"2024-03-11T07:52:01","modified_gmt":"2024-03-11T07:52:01","slug":"xiaomi-redmi-6a-mobile-phone-with-ai-face-unlock","status":"publish","type":"product","link":"https:\/\/www.rucashk.com\/pt\/produto\/xiaomi-redmi-6a-mobile-phone-with-ai-face-unlock\/","title":{"rendered":"Celular Xiaomi Redmi 6A com desbloqueio facial AI"},"content":{"rendered":"<p><img fetchpriority=\"high\" decoding=\"async\" class=\"product_lazy aligncenter\" src=\"\/wp-content\/uploads\/replace\/dcdc2058fae4d88b149fcf3d41d0217a.jpeg\" alt=\"Xiaomi Redmi 6A\" width=\"1000\" height=\"869\" data-original=\"\/\/img.gkbcdn.com\/s3\/d\/201806\/3828fdeb-92c9-4b6b-9f02-73650548b71e.jpg\" \/><img decoding=\"async\" class=\"product_lazy aligncenter\" src=\"\/wp-content\/uploads\/replace\/9ec6856b834db5d38c56d3f4311bcbcd.jpeg\" alt=\"Xiaomi Redmi 6A\" width=\"1000\" height=\"261\" data-original=\"\/\/img.gkbcdn.com\/s3\/d\/201806\/08d50a53-2fc1-4544-9340-6ce45a1f29fb.jpg\" \/><img decoding=\"async\" class=\"product_lazy aligncenter\" src=\"\/wp-content\/uploads\/replace\/a9a362b1581aaf14cceb418408d6bb2f.jpeg\" alt=\"Xiaomi Redmi 6A\" width=\"1000\" height=\"604\" data-original=\"\/\/img.gkbcdn.com\/s3\/d\/201806\/4528c490-0379-4091-a9de-96ca25ad6ed7.jpg\" \/><img loading=\"lazy\" decoding=\"async\" class=\"product_lazy aligncenter\" src=\"\/wp-content\/uploads\/replace\/2b7373e36b32a5bc9ddf6dab7c8c5dbe.jpeg\" alt=\"Xiaomi Redmi 6A\" width=\"1000\" height=\"520\" data-original=\"\/\/img.gkbcdn.com\/s3\/d\/201806\/6635ebde-8e33-4d15-a225-ace5f91fc62d.jpg\" \/><img loading=\"lazy\" decoding=\"async\" class=\"product_lazy aligncenter\" src=\"\/wp-content\/uploads\/replace\/59e5f12dcd79450fddb230af358f2d24.jpeg\" alt=\"Xiaomi Redmi 6A\" width=\"1000\" height=\"415\" data-original=\"\/\/img.gkbcdn.com\/s3\/d\/201806\/2e0d70dd-c825-4273-9736-1a8e6677006d.jpg\" \/><img loading=\"lazy\" decoding=\"async\" class=\"product_lazy aligncenter\" src=\"\/wp-content\/uploads\/replace\/a6e0fc5505bb8f41c132317418092abc.jpeg\" alt=\"Xiaomi Redmi 6A\" width=\"1000\" height=\"920\" data-original=\"\/\/img.gkbcdn.com\/s3\/d\/201806\/a3d2d1a6-eec5-4d33-a5a6-ac198061512b.jpg\" \/><img loading=\"lazy\" decoding=\"async\" class=\"product_lazy aligncenter\" src=\"\/wp-content\/uploads\/replace\/494e3d86de571fe20347ef09bc528f3d.jpeg\" alt=\"Xiaomi Redmi 6A\" width=\"1000\" height=\"561\" data-original=\"\/\/img.gkbcdn.com\/s3\/d\/201806\/d8a7d0e6-cf9c-4949-89a6-f500f8c45fbb.jpg\" \/><img loading=\"lazy\" decoding=\"async\" class=\"product_lazy aligncenter\" src=\"\/wp-content\/uploads\/replace\/95019e969961076cb607af61908a1675.jpeg\" alt=\"Xiaomi Redmi 6A\" width=\"1000\" height=\"265\" data-original=\"\/\/img.gkbcdn.com\/s3\/d\/201806\/d4bce198-deaa-4570-9093-e12f3cce09e9.jpg\" \/><img loading=\"lazy\" decoding=\"async\" class=\"product_lazy aligncenter\" src=\"\/wp-content\/uploads\/replace\/678b524c978ecf4b8e048943ed541b47.jpeg\" alt=\"Xiaomi Redmi 6A\" width=\"1000\" height=\"822\" data-original=\"\/\/img.gkbcdn.com\/s3\/d\/201806\/90162fa6-fa23-4ad8-bfd3-6e2ffd91d8fb.jpg\" \/><img loading=\"lazy\" decoding=\"async\" class=\"product_lazy aligncenter\" src=\"\/wp-content\/uploads\/replace\/8b22e5bd040ebf2fcdc45df17e3c4b97.jpeg\" alt=\"Xiaomi Redmi 6A\" width=\"1000\" height=\"989\" data-original=\"\/\/img.gkbcdn.com\/s3\/d\/201806\/9f6e9f6e-1bc4-4da2-aa18-3df75bb7a3ba.jpg\" \/><\/p>\n<h2>Especifica\u00e7\u00e3o<\/h2>\n<table class=\"jbEidtTable\" border=\"1\" cellspacing=\"0\" cellpadding=\"5\">\n<tbody>\n<tr>\n<td>Em geral<\/td>\n<td>Marca:Xiaomi<br \/>\nModelo:Redmi 6A<br \/>\nCor: Cinza Prateado<\/td>\n<\/tr>\n<tr>\n<td>Sistema<\/td>\n<td>Sistema operacional: MIUI 9 baseado no sistema operacional Android 8.1<br \/>\nProcessador: MTK Helio A22, Quad-core 2.0GHz<br \/>\nRAM: 2 GB<br \/>\nROM: 16 GB<br \/>\nArmazenamento estendido: 256 GB<\/td>\n<\/tr>\n<tr>\n<td>Mostrar<\/td>\n<td>Tipo de tela: tela capacitiva<br \/>\nTamanho da tela: 5,45 polegadas<br \/>\nResolu\u00e7\u00e3o da tela: HD (1440\u00d7720 pixels) <a class=\"\" style=\"width: auto !important\" href=\"https:\/\/www.rucashk.com\/pt\/really-fragrant-lenovo-notebook-xiaoxin-15-update-performance-soars-the-screen-display-is-dazzling\/\" data-wpil-post-to-id=\"7164\">Tela de exibi\u00e7\u00e3o<\/a><\/td>\n<\/tr>\n<tr>\n<td>Rede<\/td>\n<td>Conectividade sem fio: GSM, 3G, 4G, GPS, WiFi, Bluetooth<br \/>\nFrequ\u00eancia:<br \/>\n2G: G\/M B2\/B3\/B5\/B8,<br \/>\n3G: WCDMA B1\/B2\/B5\/B8,<br \/>\n4G: FDD-LTE B1\/B3\/B4\/B5\/B7\/B8\/B20, TD-LTE B38\/B40<br \/>\nBluetooth: Sim<br \/>\nWi-Fi: Sim<br \/>\nGPS: Sim<\/td>\n<\/tr>\n<tr>\n<td>C\u00e2mera<\/td>\n<td>Tipo de c\u00e2mera: C\u00e2meras duplas (uma frontal e outra traseira)<br \/>\nC\u00e2mera traseira: 13,0 MP<br \/>\nC\u00e2mera frontal: 5,0 MP<br \/>\nGrava\u00e7\u00e3o de v\u00eddeo: Sim<\/td>\n<\/tr>\n<tr>\n<td>Conectividade<\/td>\n<td><a class=\"\" style=\"width: auto !important\" href=\"https:\/\/www.rucashk.com\/pt\/produto\/wiko-view4-lite\/\" data-wpil-post-to-id=\"5614\">Slot para cart\u00e3o SIM: Cart\u00e3o Nano SIM duplo duplo<\/a> modo de espera (2 cart\u00f5es Nano Sim ou 1 cart\u00e3o Nano Sim + 1TF)<br \/>\nSlot para cart\u00e3o TF: Sim<br \/>\nEntrada USB:Micro USB<br \/>\nSa\u00edda de \u00e1udio: Sim (interoperabilidade da boca de carregamento)<br \/>\nMicrofone: Suportado<br \/>\nAlto-falante: Suportado<\/td>\n<\/tr>\n<tr>\n<td>meios de comunica\u00e7\u00e3o<\/td>\n<td>Formato de v\u00eddeo: 3GP, MP4, RMVB<br \/>\nFormato de \u00e1udio: WAV, AMR, MP3<br \/>\nFormato de imagem: GIF, JPEG, BMP, PNG<br \/>\nR\u00e1dio FM: suporte de software<\/td>\n<\/tr>\n<tr>\n<td>Linguagem<\/td>\n<td>Bahasa Indon\u00e9sia, Bahasa Melayu, Deutsch, Ingl\u00eas (\u00cdndia), Ingl\u00eas (Reino Unido), Ingl\u00eas (Estados Unidos), Espanol (Espanhol), Espanol (Am\u00e9rica), Franc\u00eas, Italiano, Magyar, Uzbequist\u00e3o, Polon\u00eas, Portugu\u00eas (Brasil), Romana, Esloveno, Vietnamita, Turco, Tcheco, Russo, Ucraniano, B\u00falgaro, Grego, Hindi, Bengali, Gujarati, Assam\u00eas, Tamil, Telugu, Nepal\u00eas, Tailand\u00eas, \u00c1rabe, Persa, Hebraico, Coreano, Chin\u00eas Tradicional\/Simplificado<\/td>\n<\/tr>\n<tr>\n<td>Sensor<\/td>\n<td>Sensor de gravidade, sensor de luz, sensor de proximidade, sensor infravermelho, sensor girosc\u00f3pio,<\/td>\n<\/tr>\n<tr>\n<td>Caracter\u00edsticas adicionais<\/td>\n<td>4G, 3G, GPS, OTG, MP3, MP4, calculadora, gerenciamento de arquivos ES, cron\u00f4metro, calend\u00e1rio, despertador, Miracast, e-mail, Google Play Store, G-mail, identifica\u00e7\u00e3o facial, etc.<\/td>\n<\/tr>\n<tr>\n<td>Bateria<\/td>\n<td>Tipo de bateria: L\u00edtio<br \/>\nCapacidade: 3000mAh integrado (tipo)\/2900mAh (min)<br \/>\nTempo de espera: Cerca de 2 a 3 dias<br \/>\nCarregador: USB<\/td>\n<\/tr>\n<tr>\n<td>Dimens\u00e3o e Peso (Produto Principal)<\/td>\n<td>Dimens\u00e3o: 147,5*71,5*8,3mm<br \/>\nPeso: 145g<\/td>\n<\/tr>\n<tr>\n<td>conte\u00fado do pacote<\/td>\n<td>1 \u00d7 telefone<br \/>\n1 \u00d7 bateria embutida<br \/>\n1 \u00d7 Cabo USB<br \/>\n1 \u00d7 pino de eje\u00e7\u00e3o<br \/>\n1 \u00d7 UE <a class=\"\" style=\"width: auto !important\" href=\"https:\/\/www.rucashk.com\/pt\/produto\/xiaomi-mi-usb-c-charger-65w-output-rate-socket-power-adapter\/\" data-wpil-post-to-id=\"2611\">Adaptador de energia<\/a> (Um adaptador AC correto ser\u00e1 enviado como seu pa\u00eds de envio)<\/td>\n<\/tr>\n<\/tbody>\n<\/table>","protected":false},"excerpt":{"rendered":"<p>5.45 inch capacitive screen, HD 1440&#215;720 pixels<\/p>\n<p>Processador: MTK Helio A22, Quad-core 2.0GHz<\/p>\n<p>MIUI 9 based on Android 8.1 OS<\/p>\n<p>2GB RAM, 16GB ROM, expandable memory up to 256GB with microSD<\/p>\n<p>Cart\u00e3o Nano SIM duplo em espera dupla<\/p>\n<p>C\u00e2mera traseira de 13,0 MP, c\u00e2mera frontal de 5,0 MP<\/p>\n<p>Suporta 4G LTE, Wi-Fi 802.11 b\/g\/n, Bluetooth, GPS + GLONASS, Identifica\u00e7\u00e3o facial<\/p>","protected":false},"featured_media":22994,"template":"","meta":[],"product_brand":[],"product_cat":[1295,1297],"product_tag":[],"class_list":{"0":"post-22923","1":"product","2":"type-product","3":"status-publish","4":"has-post-thumbnail","6":"product_cat-mobile-phone","7":"product_cat-redmi-mobile-phone","9":"first","10":"instock","11":"shipping-taxable","12":"product-type-external"},"aioseo_notices":[],"aioseo_head":"\n\t\t<!-- All in One SEO Pro 4.5.9.2 - aioseo.com -->\n\t\t<meta name=\"description\" content=\"5.45 inch capacitive screen, HD 1440x720 pixels CPU:MTK Helio A22, Quad-core 2.0GHz MIUI 9 based on Android 8.1 OS 2GB RAM, 16GB ROM, expandable memory up to 256GB with microSD Dual Nano SIM Card dual standby 13.0MP rear camera, 5.0 MP front-facing camera Support 4G LTE, Wi-Fi 802.11 b\/g\/n, Bluetooth, GPS + GLONASS, Face Identification\" \/>\n\t\t<meta name=\"robots\" content=\"max-image-preview:large\" \/>\n\t\t<link rel=\"canonical\" href=\"https:\/\/www.rucashk.com\/pt\/produto\/xiaomi-redmi-6a-mobile-phone-with-ai-face-unlock\/\" \/>\n\t\t<meta name=\"generator\" content=\"All in One SEO Pro (AIOSEO) 4.5.9.2\" \/>\n\t\t<meta property=\"og:locale\" content=\"pt_PT\" \/>\n\t\t<meta property=\"og:site_name\" content=\"Rucas - One-stop AIoT Distribution Worldwide\" \/>\n\t\t<meta property=\"og:type\" content=\"article\" \/>\n\t\t<meta property=\"og:title\" content=\"Xiaomi Redmi 6A Mobile Phone with AI Face Unlock - Rucas - Wholesale and Distribution\" \/>\n\t\t<meta property=\"og:description\" content=\"5.45 inch capacitive screen, HD 1440x720 pixels CPU:MTK Helio A22, Quad-core 2.0GHz MIUI 9 based on Android 8.1 OS 2GB RAM, 16GB ROM, expandable memory up to 256GB with microSD Dual Nano SIM Card dual standby 13.0MP rear camera, 5.0 MP front-facing camera Support 4G LTE, Wi-Fi 802.11 b\/g\/n, Bluetooth, GPS + GLONASS, Face Identification\" \/>\n\t\t<meta property=\"og:url\" content=\"https:\/\/www.rucashk.com\/pt\/produto\/xiaomi-redmi-6a-mobile-phone-with-ai-face-unlock\/\" \/>\n\t\t<meta property=\"og:image\" content=\"https:\/\/www.rucashk.com\/wp-content\/uploads\/replace\/503b8e645f128a97ccde2b6290747646.jpeg\" \/>\n\t\t<meta property=\"og:image:secure_url\" content=\"https:\/\/www.rucashk.com\/wp-content\/uploads\/replace\/503b8e645f128a97ccde2b6290747646.jpeg\" \/>\n\t\t<meta property=\"og:image:width\" content=\"1456\" \/>\n\t\t<meta property=\"og:image:height\" content=\"816\" \/>\n\t\t<meta property=\"article:published_time\" content=\"2024-01-09T15:49:50+00:00\" \/>\n\t\t<meta property=\"article:modified_time\" content=\"2024-03-11T07:52:01+00:00\" \/>\n\t\t<meta name=\"twitter:card\" content=\"summary_large_image\" \/>\n\t\t<meta name=\"twitter:title\" content=\"Xiaomi Redmi 6A Mobile Phone with AI Face Unlock - Rucas - Wholesale and Distribution\" \/>\n\t\t<meta name=\"twitter:description\" content=\"5.45 inch capacitive screen, HD 1440x720 pixels CPU:MTK Helio A22, Quad-core 2.0GHz MIUI 9 based on Android 8.1 OS 2GB RAM, 16GB ROM, expandable memory up to 256GB with microSD Dual Nano SIM Card dual standby 13.0MP rear camera, 5.0 MP front-facing camera Support 4G LTE, Wi-Fi 802.11 b\/g\/n, Bluetooth, GPS + GLONASS, Face Identification\" \/>\n\t\t<meta name=\"twitter:image\" content=\"https:\/\/www.rucashk.com\/wp-content\/uploads\/replace\/503b8e645f128a97ccde2b6290747646.jpeg\" \/>\n\t\t<script type=\"application\/ld+json\" class=\"aioseo-schema\">\n\t\t\t{\"@context\":\"https:\\\/\\\/schema.org\",\"@graph\":[{\"@type\":\"BreadcrumbList\",\"@id\":\"https:\\\/\\\/www.rucashk.com\\\/pt\\\/produto\\\/xiaomi-redmi-6a-mobile-phone-with-ai-face-unlock\\\/#breadcrumblist\",\"itemListElement\":[{\"@type\":\"ListItem\",\"@id\":\"https:\\\/\\\/www.rucashk.com\\\/pt\\\/#listItem\",\"position\":1,\"name\":\"Home\",\"item\":\"https:\\\/\\\/www.rucashk.com\\\/pt\\\/\",\"nextItem\":\"https:\\\/\\\/www.rucashk.com\\\/pt\\\/produto\\\/xiaomi-redmi-6a-mobile-phone-with-ai-face-unlock\\\/#listItem\"},{\"@type\":\"ListItem\",\"@id\":\"https:\\\/\\\/www.rucashk.com\\\/pt\\\/produto\\\/xiaomi-redmi-6a-mobile-phone-with-ai-face-unlock\\\/#listItem\",\"position\":2,\"name\":\"Xiaomi Redmi 6A Mobile Phone with AI Face Unlock\",\"previousItem\":\"https:\\\/\\\/www.rucashk.com\\\/pt\\\/#listItem\"}]},{\"@type\":\"Organization\",\"@id\":\"https:\\\/\\\/www.rucashk.com\\\/pt\\\/#organization\",\"name\":\"Rucas\",\"url\":\"https:\\\/\\\/www.rucashk.com\\\/pt\\\/\",\"logo\":{\"@type\":\"ImageObject\",\"url\":\"https:\\\/\\\/www.rucashk.com\\\/wp-content\\\/uploads\\\/2023\\\/12\\\/Rucas_campany_logo.png\",\"@id\":\"https:\\\/\\\/www.rucashk.com\\\/pt\\\/produto\\\/xiaomi-redmi-6a-mobile-phone-with-ai-face-unlock\\\/#organizationLogo\",\"width\":221,\"height\":65},\"image\":{\"@id\":\"https:\\\/\\\/www.rucashk.com\\\/pt\\\/#organizationLogo\"}},{\"@type\":\"Person\",\"@id\":\"https:\\\/\\\/www.rucashk.com\\\/pt\\\/author\\\/admin\\\/#author\",\"url\":\"https:\\\/\\\/www.rucashk.com\\\/pt\\\/author\\\/admin\\\/\",\"name\":\"admin\",\"image\":{\"@type\":\"ImageObject\",\"@id\":\"https:\\\/\\\/www.rucashk.com\\\/pt\\\/produto\\\/xiaomi-redmi-6a-mobile-phone-with-ai-face-unlock\\\/#authorImage\",\"url\":\"https:\\\/\\\/secure.gravatar.com\\\/avatar\\\/b7c8925b09a27e72b30232f8ecaadbd5af0f70a38c78096863fe51b64f031c24?s=96&d=mm&r=g\",\"width\":96,\"height\":96,\"caption\":\"admin\"}},{\"@type\":\"WebPage\",\"@id\":\"https:\\\/\\\/www.rucashk.com\\\/pt\\\/produto\\\/xiaomi-redmi-6a-mobile-phone-with-ai-face-unlock\\\/#webpage\",\"url\":\"https:\\\/\\\/www.rucashk.com\\\/pt\\\/produto\\\/xiaomi-redmi-6a-mobile-phone-with-ai-face-unlock\\\/\",\"name\":\"Xiaomi Redmi 6A Mobile Phone with AI Face Unlock - Rucas - Wholesale and Distribution\",\"description\":\"5.45 inch capacitive screen, HD 1440x720 pixels CPU:MTK Helio A22, Quad-core 2.0GHz MIUI 9 based on Android 8.1 OS 2GB RAM, 16GB ROM, expandable memory up to 256GB with microSD Dual Nano SIM Card dual standby 13.0MP rear camera, 5.0 MP front-facing camera Support 4G LTE, Wi-Fi 802.11 b\\\/g\\\/n, Bluetooth, GPS + GLONASS, Face Identification\",\"inLanguage\":\"pt-PT\",\"isPartOf\":{\"@id\":\"https:\\\/\\\/www.rucashk.com\\\/pt\\\/#website\"},\"breadcrumb\":{\"@id\":\"https:\\\/\\\/www.rucashk.com\\\/pt\\\/produto\\\/xiaomi-redmi-6a-mobile-phone-with-ai-face-unlock\\\/#breadcrumblist\"},\"author\":{\"@id\":\"https:\\\/\\\/www.rucashk.com\\\/pt\\\/author\\\/admin\\\/#author\"},\"creator\":{\"@id\":\"https:\\\/\\\/www.rucashk.com\\\/pt\\\/author\\\/admin\\\/#author\"},\"image\":{\"@type\":\"ImageObject\",\"url\":\"https:\\\/\\\/www.rucashk.com\\\/wp-content\\\/uploads\\\/2024\\\/01\\\/xiaomi_redmi-6A.jpg\",\"@id\":\"https:\\\/\\\/www.rucashk.com\\\/pt\\\/produto\\\/xiaomi-redmi-6a-mobile-phone-with-ai-face-unlock\\\/#mainImage\",\"width\":540,\"height\":531},\"primaryImageOfPage\":{\"@id\":\"https:\\\/\\\/www.rucashk.com\\\/pt\\\/produto\\\/xiaomi-redmi-6a-mobile-phone-with-ai-face-unlock\\\/#mainImage\"},\"datePublished\":\"2024-01-09T15:49:50+00:00\",\"dateModified\":\"2024-03-11T07:52:01+00:00\"},{\"@type\":\"WebSite\",\"@id\":\"https:\\\/\\\/www.rucashk.com\\\/pt\\\/#website\",\"url\":\"https:\\\/\\\/www.rucashk.com\\\/pt\\\/\",\"name\":\"Rucas - Wholesale and distribution worldwide\",\"alternateName\":\"Rucas - One-stop AIoT Distribution Worldwide\",\"description\":\"One-stop AIoT Distribution Worldwide\",\"inLanguage\":\"pt-PT\",\"publisher\":{\"@id\":\"https:\\\/\\\/www.rucashk.com\\\/pt\\\/#organization\"}}]}\n\t\t<\/script>\n\t\t<!-- All in One SEO Pro -->\r\n\t\t<title>Xiaomi Redmi 6A Mobile Phone with AI Face Unlock - Rucas - Wholesale and Distribution<\/title>\n\n","aioseo_head_json":{"title":"Xiaomi Redmi 6A Mobile Phone with AI Face Unlock - Rucas - Wholesale and Distribution","description":"5.45 inch capacitive screen, HD 1440x720 pixels CPU:MTK Helio A22, Quad-core 2.0GHz MIUI 9 based on Android 8.1 OS 2GB RAM, 16GB ROM, expandable memory up to 256GB with microSD Dual Nano SIM Card dual standby 13.0MP rear camera, 5.0 MP front-facing camera Support 4G LTE, Wi-Fi 802.11 b\/g\/n, Bluetooth, GPS + GLONASS, Face Identification","canonical_url":"https:\/\/www.rucashk.com\/pt\/produto\/xiaomi-redmi-6a-mobile-phone-with-ai-face-unlock\/","robots":"max-image-preview:large","keywords":"","webmasterTools":{"miscellaneous":""},"og:locale":"pt_PT","og:site_name":"Rucas - One-stop AIoT Distribution Worldwide","og:type":"article","og:title":"Xiaomi Redmi 6A Mobile Phone with AI Face Unlock - Rucas - Wholesale and Distribution","og:description":"5.45 inch capacitive screen, HD 1440x720 pixels CPU:MTK Helio A22, Quad-core 2.0GHz MIUI 9 based on Android 8.1 OS 2GB RAM, 16GB ROM, expandable memory up to 256GB with microSD Dual Nano SIM Card dual standby 13.0MP rear camera, 5.0 MP front-facing camera Support 4G LTE, Wi-Fi 802.11 b\/g\/n, Bluetooth, GPS + GLONASS, Face Identification","og:url":"https:\/\/www.rucashk.com\/pt\/produto\/xiaomi-redmi-6a-mobile-phone-with-ai-face-unlock\/","og:image":"https:\/\/www.rucashk.com\/wp-content\/uploads\/replace\/503b8e645f128a97ccde2b6290747646.jpeg","og:image:secure_url":"https:\/\/www.rucashk.com\/wp-content\/uploads\/replace\/503b8e645f128a97ccde2b6290747646.jpeg","og:image:width":1456,"og:image:height":816,"article:published_time":"2024-01-09T15:49:50+00:00","article:modified_time":"2024-03-11T07:52:01+00:00","twitter:card":"summary_large_image","twitter:title":"Xiaomi Redmi 6A Mobile Phone with AI Face Unlock - Rucas - Wholesale and Distribution","twitter:description":"5.45 inch capacitive screen, HD 1440x720 pixels CPU:MTK Helio A22, Quad-core 2.0GHz MIUI 9 based on Android 8.1 OS 2GB RAM, 16GB ROM, expandable memory up to 256GB with microSD Dual Nano SIM Card dual standby 13.0MP rear camera, 5.0 MP front-facing camera Support 4G LTE, Wi-Fi 802.11 b\/g\/n, Bluetooth, GPS + GLONASS, Face Identification","twitter:image":"https:\/\/www.rucashk.com\/wp-content\/uploads\/replace\/503b8e645f128a97ccde2b6290747646.jpeg","schema":{"@context":"https:\/\/schema.org","@graph":[{"@type":"BreadcrumbList","@id":"https:\/\/www.rucashk.com\/pt\/produto\/xiaomi-redmi-6a-mobile-phone-with-ai-face-unlock\/#breadcrumblist","itemListElement":[{"@type":"ListItem","@id":"https:\/\/www.rucashk.com\/pt\/#listItem","position":1,"name":"Home","item":"https:\/\/www.rucashk.com\/pt\/","nextItem":"https:\/\/www.rucashk.com\/pt\/produto\/xiaomi-redmi-6a-mobile-phone-with-ai-face-unlock\/#listItem"},{"@type":"ListItem","@id":"https:\/\/www.rucashk.com\/pt\/produto\/xiaomi-redmi-6a-mobile-phone-with-ai-face-unlock\/#listItem","position":2,"name":"Xiaomi Redmi 6A Mobile Phone with AI Face Unlock","previousItem":"https:\/\/www.rucashk.com\/pt\/#listItem"}]},{"@type":"Organization","@id":"https:\/\/www.rucashk.com\/pt\/#organization","name":"Rucas","url":"https:\/\/www.rucashk.com\/pt\/","logo":{"@type":"ImageObject","url":"https:\/\/www.rucashk.com\/wp-content\/uploads\/2023\/12\/Rucas_campany_logo.png","@id":"https:\/\/www.rucashk.com\/pt\/produto\/xiaomi-redmi-6a-mobile-phone-with-ai-face-unlock\/#organizationLogo","width":221,"height":65},"image":{"@id":"https:\/\/www.rucashk.com\/pt\/#organizationLogo"}},{"@type":"Person","@id":"https:\/\/www.rucashk.com\/pt\/author\/admin\/#author","url":"https:\/\/www.rucashk.com\/pt\/author\/admin\/","name":"admin","image":{"@type":"ImageObject","@id":"https:\/\/www.rucashk.com\/pt\/produto\/xiaomi-redmi-6a-mobile-phone-with-ai-face-unlock\/#authorImage","url":"https:\/\/secure.gravatar.com\/avatar\/b7c8925b09a27e72b30232f8ecaadbd5af0f70a38c78096863fe51b64f031c24?s=96&d=mm&r=g","width":96,"height":96,"caption":"admin"}},{"@type":"WebPage","@id":"https:\/\/www.rucashk.com\/pt\/produto\/xiaomi-redmi-6a-mobile-phone-with-ai-face-unlock\/#webpage","url":"https:\/\/www.rucashk.com\/pt\/produto\/xiaomi-redmi-6a-mobile-phone-with-ai-face-unlock\/","name":"Xiaomi Redmi 6A Mobile Phone with AI Face Unlock - Rucas - Wholesale and Distribution","description":"5.45 inch capacitive screen, HD 1440x720 pixels CPU:MTK Helio A22, Quad-core 2.0GHz MIUI 9 based on Android 8.1 OS 2GB RAM, 16GB ROM, expandable memory up to 256GB with microSD Dual Nano SIM Card dual standby 13.0MP rear camera, 5.0 MP front-facing camera Support 4G LTE, Wi-Fi 802.11 b\/g\/n, Bluetooth, GPS + GLONASS, Face Identification","inLanguage":"pt-PT","isPartOf":{"@id":"https:\/\/www.rucashk.com\/pt\/#website"},"breadcrumb":{"@id":"https:\/\/www.rucashk.com\/pt\/produto\/xiaomi-redmi-6a-mobile-phone-with-ai-face-unlock\/#breadcrumblist"},"author":{"@id":"https:\/\/www.rucashk.com\/pt\/author\/admin\/#author"},"creator":{"@id":"https:\/\/www.rucashk.com\/pt\/author\/admin\/#author"},"image":{"@type":"ImageObject","url":"https:\/\/www.rucashk.com\/wp-content\/uploads\/2024\/01\/xiaomi_redmi-6A.jpg","@id":"https:\/\/www.rucashk.com\/pt\/produto\/xiaomi-redmi-6a-mobile-phone-with-ai-face-unlock\/#mainImage","width":540,"height":531},"primaryImageOfPage":{"@id":"https:\/\/www.rucashk.com\/pt\/produto\/xiaomi-redmi-6a-mobile-phone-with-ai-face-unlock\/#mainImage"},"datePublished":"2024-01-09T15:49:50+00:00","dateModified":"2024-03-11T07:52:01+00:00"},{"@type":"WebSite","@id":"https:\/\/www.rucashk.com\/pt\/#website","url":"https:\/\/www.rucashk.com\/pt\/","name":"Rucas - Wholesale and distribution worldwide","alternateName":"Rucas - One-stop AIoT Distribution Worldwide","description":"One-stop AIoT Distribution Worldwide","inLanguage":"pt-PT","publisher":{"@id":"https:\/\/www.rucashk.com\/pt\/#organization"}}]}},"aioseo_meta_data":{"post_id":"22923","title":null,"description":null,"keywords":null,"keyphrases":null,"primary_term":null,"canonical_url":null,"og_title":null,"og_description":null,"og_object_type":"default","og_image_type":"default","og_image_url":null,"og_image_width":null,"og_image_height":null,"og_image_custom_url":null,"og_image_custom_fields":null,"og_video":null,"og_custom_url":null,"og_article_section":null,"og_article_tags":null,"twitter_use_og":false,"twitter_card":"default","twitter_image_type":"default","twitter_image_url":null,"twitter_image_custom_url":null,"twitter_image_custom_fields":null,"twitter_title":null,"twitter_description":null,"schema":{"blockGraphs":[],"customGraphs":[],"default":{"data":{"Article":[],"Course":[],"Dataset":[],"FAQPage":[],"Movie":[],"Person":[],"Product":[],"Recipe":[],"Service":[],"SoftwareApplication":[],"WebPage":[]},"graphName":"","isEnabled":true},"graphs":[]},"schema_type":"default","schema_type_options":null,"pillar_content":false,"robots_default":true,"robots_noindex":false,"robots_noarchive":false,"robots_nosnippet":false,"robots_nofollow":false,"robots_noimageindex":false,"robots_noodp":false,"robots_notranslate":false,"robots_max_snippet":null,"robots_max_videopreview":null,"robots_max_imagepreview":"large","priority":null,"frequency":null,"local_seo":null,"breadcrumb_settings":null,"limit_modified_date":false,"created":"2024-04-11 01:55:24","updated":"2025-06-22 16:52:57"},"aioseo_breadcrumb":"<div class=\"aioseo-breadcrumbs\"><span class=\"aioseo-breadcrumb\">\n\t<a href=\"https:\/\/www.rucashk.com\/pt\" title=\"Home\">Home<\/a>\n<\/span><span class=\"aioseo-breadcrumb-separator\">&raquo;<\/span><span class=\"aioseo-breadcrumb\">\n\t<a href=\"https:\/\/www.rucashk.com\/pt\/products\/\" title=\"Produtos\">Produtos<\/a>\n<\/span><span class=\"aioseo-breadcrumb-separator\">&raquo;<\/span><span class=\"aioseo-breadcrumb\">\n\t<a href=\"https:\/\/www.rucashk.com\/pt\/categoria-produto\/mobile-phone\/\" title=\"Mobile Phone\">Mobile Phone<\/a>\n<\/span><span class=\"aioseo-breadcrumb-separator\">&raquo;<\/span><span class=\"aioseo-breadcrumb\">\n\t<a href=\"https:\/\/www.rucashk.com\/pt\/categoria-produto\/mobile-phone\/redmi-mobile-phone\/\" title=\"Redmi\">Redmi<\/a>\n<\/span><span class=\"aioseo-breadcrumb-separator\">&raquo;<\/span><span class=\"aioseo-breadcrumb\">\n\tXiaomi Redmi 6A Mobile Phone with AI Face Unlock\n<\/span><\/div>","aioseo_breadcrumb_json":[{"label":"Home","link":"https:\/\/www.rucashk.com\/pt"},{"label":"Produtos","link":"https:\/\/www.rucashk.com\/pt\/products\/"},{"label":"Mobile Phone","link":"https:\/\/www.rucashk.com\/pt\/categoria-produto\/mobile-phone\/"},{"label":"Redmi","link":"https:\/\/www.rucashk.com\/pt\/categoria-produto\/mobile-phone\/redmi-mobile-phone\/"},{"label":"Xiaomi Redmi 6A Mobile Phone with AI Face Unlock","link":"https:\/\/www.rucashk.com\/pt\/produto\/xiaomi-redmi-6a-mobile-phone-with-ai-face-unlock\/"}],"_links":{"self":[{"href":"https:\/\/www.rucashk.com\/pt\/wp-json\/wp\/v2\/product\/22923","targetHints":{"allow":["GET"]}}],"collection":[{"href":"https:\/\/www.rucashk.com\/pt\/wp-json\/wp\/v2\/product"}],"about":[{"href":"https:\/\/www.rucashk.com\/pt\/wp-json\/wp\/v2\/types\/product"}],"wp:featuredmedia":[{"embeddable":true,"href":"https:\/\/www.rucashk.com\/pt\/wp-json\/wp\/v2\/media\/22994"}],"wp:attachment":[{"href":"https:\/\/www.rucashk.com\/pt\/wp-json\/wp\/v2\/media?parent=22923"}],"wp:term":[{"taxonomy":"product_brand","embeddable":true,"href":"https:\/\/www.rucashk.com\/pt\/wp-json\/wp\/v2\/product_brand?post=22923"},{"taxonomy":"product_cat","embeddable":true,"href":"https:\/\/www.rucashk.com\/pt\/wp-json\/wp\/v2\/product_cat?post=22923"},{"taxonomy":"product_tag","embeddable":true,"href":"https:\/\/www.rucashk.com\/pt\/wp-json\/wp\/v2\/product_tag?post=22923"}],"curies":[{"name":"wp","href":"https:\/\/api.w.org\/{rel}","templated":true}]}}