{"id":22798,"date":"2024-01-09T15:48:21","date_gmt":"2024-01-09T15:48:21","guid":{"rendered":"http:\/\/rucashk.com\/?post_type=product&#038;p=22798"},"modified":"2024-03-13T08:50:10","modified_gmt":"2024-03-13T08:50:10","slug":"google-chromecast-latest-model-streaming-media-player","status":"publish","type":"product","link":"https:\/\/www.rucashk.com\/pt\/produto\/google-chromecast-latest-model-streaming-media-player\/","title":{"rendered":"Google \u2013 Chromecast (modelo mais recente) Streaming Media Player"},"content":{"rendered":"<p><img decoding=\"async\" alt=\"Google - Chromecast (Latest Model) Streaming Media Player\" src=\"\/wp-content\/uploads\/replace\/3ec45483b8cad13a376971d7f22e69a1.jpeg\" \/><\/p>","protected":false},"excerpt":{"rendered":"<div><strong>Vis\u00e3o geral:<\/strong><\/div>\n<div class=\"romance\">Assista a filmes, programas, TV ao vivo, YouTube e streaming de fotos na sua TV a partir de todos os dispositivos da sua fam\u00edlia. Conecte o Chromecast \u00e0 porta HDMI da sua TV para alimentar e transmitir seu entretenimento favorito diretamente do seu telefone com apenas um toque. Assista a programas, ou\u00e7a playlists e muito mais. E durante a transmiss\u00e3o, voc\u00ea ainda pode usar seu telefone normalmente.<\/div>\n<div class=\"specs\">\n<ul class=\"bullets\">\n<li>Assista a filmes, programas de TV ao vivo no YouTube e streaming de fotos na sua TV a partir de todos os dispositivos da sua fam\u00edlia<\/li>\n<li>Stream From your phone To TV &#8211; just like that plug Chromecast into the HDMI port on your TV and To power and stream your favorite entertainment right From your phone with just a tap &#8211; watch shows listen to playlists and more<\/li>\n<li>Desfrute de programas de TV, filmes, v\u00eddeos, m\u00fasicas, jogos, esportes e muito mais em mais de 2.000 aplicativos, como Netflix, YouTube, YouTube TV e HBO NOW<\/li>\n<li>Start streaming with just your voice &#8211; just say what you want to watch from compatible apps and control your TV hands-free with Chromecast and Google home working seamlessly together<\/li>\n<li>Upgrade your TV for less &#8211; expand your home entertainment without buying a new TV it\u2019s so affordable you can get one for every TV in the house<\/li>\n<\/ul>\n<\/div>","protected":false},"featured_media":22896,"template":"","meta":[],"product_brand":[],"product_cat":[1315,1305],"product_tag":[779,780],"class_list":{"0":"post-22798","1":"product","2":"type-product","3":"status-publish","4":"has-post-thumbnail","6":"product_cat-tv-accessories","7":"product_cat-xiaomi-eco","8":"product_tag-google","9":"product_tag-media-player","11":"first","12":"instock","13":"shipping-taxable","14":"product-type-external"},"aioseo_notices":[],"aioseo_head":"\n\t\t<!-- All in One SEO Pro 4.5.9.2 - aioseo.com -->\n\t\t<meta name=\"description\" content=\"Overview: Watch movies, shows, live TV, YouTube and photos streaming on your TV from all your family\u2019s devices. Plug Chromecast into the HDMI port on your TV and to power and stream your favorite entertainment right from your phone with just a tap. Watch shows, listen to playlists and more. And while streaming, you can still use your phone as you normally do. Watch movies shows live TV YouTube and photos streaming on your TV from all your family\u2019s devices Stream From your phone To TV - just like that plug Chromecast into the HDMI port on your TV and To power and stream your favorite entertainment right From your phone with just a tap - watch shows listen to playlists and more Enjoy TV shows movies videos songs games sports and more from over 2000 apps like Netflix YouTube YouTube TV and HBO NOW Start streaming with just your voice - just say what you want to watch from compatible apps and control your TV hands-free with Chromecast and Google home working seamlessly together Upgrade your TV for less - expand your home entertainment without buying a new TV it\u2019s so affordable you can get one for every TV in the house\" \/>\n\t\t<meta name=\"robots\" content=\"max-image-preview:large\" \/>\n\t\t<link rel=\"canonical\" href=\"https:\/\/www.rucashk.com\/pt\/produto\/google-chromecast-latest-model-streaming-media-player\/\" \/>\n\t\t<meta name=\"generator\" content=\"All in One SEO Pro (AIOSEO) 4.5.9.2\" \/>\n\t\t<meta property=\"og:locale\" content=\"pt_PT\" \/>\n\t\t<meta property=\"og:site_name\" content=\"Rucas - One-stop AIoT Distribution Worldwide\" \/>\n\t\t<meta property=\"og:type\" content=\"article\" \/>\n\t\t<meta property=\"og:title\" content=\"Google \u2013 Chromecast (Latest Model) Streaming Media Player - Rucas - Wholesale and Distribution\" \/>\n\t\t<meta property=\"og:description\" content=\"Overview: Watch movies, shows, live TV, YouTube and photos streaming on your TV from all your family\u2019s devices. Plug Chromecast into the HDMI port on your TV and to power and stream your favorite entertainment right from your phone with just a tap. Watch shows, listen to playlists and more. And while streaming, you can still use your phone as you normally do. Watch movies shows live TV YouTube and photos streaming on your TV from all your family\u2019s devices Stream From your phone To TV - just like that plug Chromecast into the HDMI port on your TV and To power and stream your favorite entertainment right From your phone with just a tap - watch shows listen to playlists and more Enjoy TV shows movies videos songs games sports and more from over 2000 apps like Netflix YouTube YouTube TV and HBO NOW Start streaming with just your voice - just say what you want to watch from compatible apps and control your TV hands-free with Chromecast and Google home working seamlessly together Upgrade your TV for less - expand your home entertainment without buying a new TV it\u2019s so affordable you can get one for every TV in the house\" \/>\n\t\t<meta property=\"og:url\" content=\"https:\/\/www.rucashk.com\/pt\/produto\/google-chromecast-latest-model-streaming-media-player\/\" \/>\n\t\t<meta property=\"og:image\" content=\"https:\/\/www.rucashk.com\/wp-content\/uploads\/replace\/503b8e645f128a97ccde2b6290747646.jpeg\" \/>\n\t\t<meta property=\"og:image:secure_url\" content=\"https:\/\/www.rucashk.com\/wp-content\/uploads\/replace\/503b8e645f128a97ccde2b6290747646.jpeg\" \/>\n\t\t<meta property=\"og:image:width\" content=\"1456\" \/>\n\t\t<meta property=\"og:image:height\" content=\"816\" \/>\n\t\t<meta property=\"article:published_time\" content=\"2024-01-09T15:48:21+00:00\" \/>\n\t\t<meta property=\"article:modified_time\" content=\"2024-03-13T08:50:10+00:00\" \/>\n\t\t<meta name=\"twitter:card\" content=\"summary_large_image\" \/>\n\t\t<meta name=\"twitter:title\" content=\"Google \u2013 Chromecast (Latest Model) Streaming Media Player - Rucas - Wholesale and Distribution\" \/>\n\t\t<meta name=\"twitter:description\" content=\"Overview: Watch movies, shows, live TV, YouTube and photos streaming on your TV from all your family\u2019s devices. Plug Chromecast into the HDMI port on your TV and to power and stream your favorite entertainment right from your phone with just a tap. Watch shows, listen to playlists and more. And while streaming, you can still use your phone as you normally do. Watch movies shows live TV YouTube and photos streaming on your TV from all your family\u2019s devices Stream From your phone To TV - just like that plug Chromecast into the HDMI port on your TV and To power and stream your favorite entertainment right From your phone with just a tap - watch shows listen to playlists and more Enjoy TV shows movies videos songs games sports and more from over 2000 apps like Netflix YouTube YouTube TV and HBO NOW Start streaming with just your voice - just say what you want to watch from compatible apps and control your TV hands-free with Chromecast and Google home working seamlessly together Upgrade your TV for less - expand your home entertainment without buying a new TV it\u2019s so affordable you can get one for every TV in the house\" \/>\n\t\t<meta name=\"twitter:image\" content=\"https:\/\/www.rucashk.com\/wp-content\/uploads\/replace\/503b8e645f128a97ccde2b6290747646.jpeg\" \/>\n\t\t<script type=\"application\/ld+json\" class=\"aioseo-schema\">\n\t\t\t{\"@context\":\"https:\\\/\\\/schema.org\",\"@graph\":[{\"@type\":\"BreadcrumbList\",\"@id\":\"https:\\\/\\\/www.rucashk.com\\\/pt\\\/produto\\\/google-chromecast-latest-model-streaming-media-player\\\/#breadcrumblist\",\"itemListElement\":[{\"@type\":\"ListItem\",\"@id\":\"https:\\\/\\\/www.rucashk.com\\\/pt\\\/#listItem\",\"position\":1,\"name\":\"Home\",\"item\":\"https:\\\/\\\/www.rucashk.com\\\/pt\\\/\",\"nextItem\":\"https:\\\/\\\/www.rucashk.com\\\/pt\\\/produto\\\/google-chromecast-latest-model-streaming-media-player\\\/#listItem\"},{\"@type\":\"ListItem\",\"@id\":\"https:\\\/\\\/www.rucashk.com\\\/pt\\\/produto\\\/google-chromecast-latest-model-streaming-media-player\\\/#listItem\",\"position\":2,\"name\":\"Google - Chromecast (Latest Model) Streaming Media Player\",\"previousItem\":\"https:\\\/\\\/www.rucashk.com\\\/pt\\\/#listItem\"}]},{\"@type\":\"Organization\",\"@id\":\"https:\\\/\\\/www.rucashk.com\\\/pt\\\/#organization\",\"name\":\"Rucas\",\"url\":\"https:\\\/\\\/www.rucashk.com\\\/pt\\\/\",\"logo\":{\"@type\":\"ImageObject\",\"url\":\"https:\\\/\\\/www.rucashk.com\\\/wp-content\\\/uploads\\\/2023\\\/12\\\/Rucas_campany_logo.png\",\"@id\":\"https:\\\/\\\/www.rucashk.com\\\/pt\\\/produto\\\/google-chromecast-latest-model-streaming-media-player\\\/#organizationLogo\",\"width\":221,\"height\":65},\"image\":{\"@id\":\"https:\\\/\\\/www.rucashk.com\\\/pt\\\/#organizationLogo\"}},{\"@type\":\"Person\",\"@id\":\"https:\\\/\\\/www.rucashk.com\\\/pt\\\/author\\\/admin\\\/#author\",\"url\":\"https:\\\/\\\/www.rucashk.com\\\/pt\\\/author\\\/admin\\\/\",\"name\":\"admin\",\"image\":{\"@type\":\"ImageObject\",\"@id\":\"https:\\\/\\\/www.rucashk.com\\\/pt\\\/produto\\\/google-chromecast-latest-model-streaming-media-player\\\/#authorImage\",\"url\":\"https:\\\/\\\/secure.gravatar.com\\\/avatar\\\/b7c8925b09a27e72b30232f8ecaadbd5af0f70a38c78096863fe51b64f031c24?s=96&d=mm&r=g\",\"width\":96,\"height\":96,\"caption\":\"admin\"}},{\"@type\":\"WebPage\",\"@id\":\"https:\\\/\\\/www.rucashk.com\\\/pt\\\/produto\\\/google-chromecast-latest-model-streaming-media-player\\\/#webpage\",\"url\":\"https:\\\/\\\/www.rucashk.com\\\/pt\\\/produto\\\/google-chromecast-latest-model-streaming-media-player\\\/\",\"name\":\"Google \\u2013 Chromecast (Latest Model) Streaming Media Player - Rucas - Wholesale and Distribution\",\"description\":\"Overview: Watch movies, shows, live TV, YouTube and photos streaming on your TV from all your family\\u2019s devices. Plug Chromecast into the HDMI port on your TV and to power and stream your favorite entertainment right from your phone with just a tap. Watch shows, listen to playlists and more. And while streaming, you can still use your phone as you normally do. Watch movies shows live TV YouTube and photos streaming on your TV from all your family\\u2019s devices Stream From your phone To TV - just like that plug Chromecast into the HDMI port on your TV and To power and stream your favorite entertainment right From your phone with just a tap - watch shows listen to playlists and more Enjoy TV shows movies videos songs games sports and more from over 2000 apps like Netflix YouTube YouTube TV and HBO NOW Start streaming with just your voice - just say what you want to watch from compatible apps and control your TV hands-free with Chromecast and Google home working seamlessly together Upgrade your TV for less - expand your home entertainment without buying a new TV it\\u2019s so affordable you can get one for every TV in the house\",\"inLanguage\":\"pt-PT\",\"isPartOf\":{\"@id\":\"https:\\\/\\\/www.rucashk.com\\\/pt\\\/#website\"},\"breadcrumb\":{\"@id\":\"https:\\\/\\\/www.rucashk.com\\\/pt\\\/produto\\\/google-chromecast-latest-model-streaming-media-player\\\/#breadcrumblist\"},\"author\":{\"@id\":\"https:\\\/\\\/www.rucashk.com\\\/pt\\\/author\\\/admin\\\/#author\"},\"creator\":{\"@id\":\"https:\\\/\\\/www.rucashk.com\\\/pt\\\/author\\\/admin\\\/#author\"},\"image\":{\"@type\":\"ImageObject\",\"url\":\"https:\\\/\\\/www.rucashk.com\\\/wp-content\\\/uploads\\\/2024\\\/01\\\/3_\\u526f\\u672c-10.jpg\",\"@id\":\"https:\\\/\\\/www.rucashk.com\\\/pt\\\/produto\\\/google-chromecast-latest-model-streaming-media-player\\\/#mainImage\",\"width\":800,\"height\":800},\"primaryImageOfPage\":{\"@id\":\"https:\\\/\\\/www.rucashk.com\\\/pt\\\/produto\\\/google-chromecast-latest-model-streaming-media-player\\\/#mainImage\"},\"datePublished\":\"2024-01-09T15:48:21+00:00\",\"dateModified\":\"2024-03-13T08:50:10+00:00\"},{\"@type\":\"WebSite\",\"@id\":\"https:\\\/\\\/www.rucashk.com\\\/pt\\\/#website\",\"url\":\"https:\\\/\\\/www.rucashk.com\\\/pt\\\/\",\"name\":\"Rucas - Wholesale and distribution worldwide\",\"alternateName\":\"Rucas - One-stop AIoT Distribution Worldwide\",\"description\":\"One-stop AIoT Distribution Worldwide\",\"inLanguage\":\"pt-PT\",\"publisher\":{\"@id\":\"https:\\\/\\\/www.rucashk.com\\\/pt\\\/#organization\"}}]}\n\t\t<\/script>\n\t\t<!-- All in One SEO Pro -->\r\n\t\t<title>Google \u2013 Chromecast (Latest Model) Streaming Media Player - Rucas - Wholesale and Distribution<\/title>\n\n","aioseo_head_json":{"title":"Google \u2013 Chromecast (Latest Model) Streaming Media Player - Rucas - Wholesale and Distribution","description":"Overview: Watch movies, shows, live TV, YouTube and photos streaming on your TV from all your family\u2019s devices. Plug Chromecast into the HDMI port on your TV and to power and stream your favorite entertainment right from your phone with just a tap. Watch shows, listen to playlists and more. And while streaming, you can still use your phone as you normally do. Watch movies shows live TV YouTube and photos streaming on your TV from all your family\u2019s devices Stream From your phone To TV - just like that plug Chromecast into the HDMI port on your TV and To power and stream your favorite entertainment right From your phone with just a tap - watch shows listen to playlists and more Enjoy TV shows movies videos songs games sports and more from over 2000 apps like Netflix YouTube YouTube TV and HBO NOW Start streaming with just your voice - just say what you want to watch from compatible apps and control your TV hands-free with Chromecast and Google home working seamlessly together Upgrade your TV for less - expand your home entertainment without buying a new TV it\u2019s so affordable you can get one for every TV in the house","canonical_url":"https:\/\/www.rucashk.com\/pt\/produto\/google-chromecast-latest-model-streaming-media-player\/","robots":"max-image-preview:large","keywords":"","webmasterTools":{"miscellaneous":""},"og:locale":"pt_PT","og:site_name":"Rucas - One-stop AIoT Distribution Worldwide","og:type":"article","og:title":"Google \u2013 Chromecast (Latest Model) Streaming Media Player - Rucas - Wholesale and Distribution","og:description":"Overview: Watch movies, shows, live TV, YouTube and photos streaming on your TV from all your family\u2019s devices. Plug Chromecast into the HDMI port on your TV and to power and stream your favorite entertainment right from your phone with just a tap. Watch shows, listen to playlists and more. And while streaming, you can still use your phone as you normally do. Watch movies shows live TV YouTube and photos streaming on your TV from all your family\u2019s devices Stream From your phone To TV - just like that plug Chromecast into the HDMI port on your TV and To power and stream your favorite entertainment right From your phone with just a tap - watch shows listen to playlists and more Enjoy TV shows movies videos songs games sports and more from over 2000 apps like Netflix YouTube YouTube TV and HBO NOW Start streaming with just your voice - just say what you want to watch from compatible apps and control your TV hands-free with Chromecast and Google home working seamlessly together Upgrade your TV for less - expand your home entertainment without buying a new TV it\u2019s so affordable you can get one for every TV in the house","og:url":"https:\/\/www.rucashk.com\/pt\/produto\/google-chromecast-latest-model-streaming-media-player\/","og:image":"https:\/\/www.rucashk.com\/wp-content\/uploads\/replace\/503b8e645f128a97ccde2b6290747646.jpeg","og:image:secure_url":"https:\/\/www.rucashk.com\/wp-content\/uploads\/replace\/503b8e645f128a97ccde2b6290747646.jpeg","og:image:width":1456,"og:image:height":816,"article:published_time":"2024-01-09T15:48:21+00:00","article:modified_time":"2024-03-13T08:50:10+00:00","twitter:card":"summary_large_image","twitter:title":"Google \u2013 Chromecast (Latest Model) Streaming Media Player - Rucas - Wholesale and Distribution","twitter:description":"Overview: Watch movies, shows, live TV, YouTube and photos streaming on your TV from all your family\u2019s devices. Plug Chromecast into the HDMI port on your TV and to power and stream your favorite entertainment right from your phone with just a tap. Watch shows, listen to playlists and more. And while streaming, you can still use your phone as you normally do. Watch movies shows live TV YouTube and photos streaming on your TV from all your family\u2019s devices Stream From your phone To TV - just like that plug Chromecast into the HDMI port on your TV and To power and stream your favorite entertainment right From your phone with just a tap - watch shows listen to playlists and more Enjoy TV shows movies videos songs games sports and more from over 2000 apps like Netflix YouTube YouTube TV and HBO NOW Start streaming with just your voice - just say what you want to watch from compatible apps and control your TV hands-free with Chromecast and Google home working seamlessly together Upgrade your TV for less - expand your home entertainment without buying a new TV it\u2019s so affordable you can get one for every TV in the house","twitter:image":"https:\/\/www.rucashk.com\/wp-content\/uploads\/replace\/503b8e645f128a97ccde2b6290747646.jpeg","schema":{"@context":"https:\/\/schema.org","@graph":[{"@type":"BreadcrumbList","@id":"https:\/\/www.rucashk.com\/pt\/produto\/google-chromecast-latest-model-streaming-media-player\/#breadcrumblist","itemListElement":[{"@type":"ListItem","@id":"https:\/\/www.rucashk.com\/pt\/#listItem","position":1,"name":"Home","item":"https:\/\/www.rucashk.com\/pt\/","nextItem":"https:\/\/www.rucashk.com\/pt\/produto\/google-chromecast-latest-model-streaming-media-player\/#listItem"},{"@type":"ListItem","@id":"https:\/\/www.rucashk.com\/pt\/produto\/google-chromecast-latest-model-streaming-media-player\/#listItem","position":2,"name":"Google - Chromecast (Latest Model) Streaming Media Player","previousItem":"https:\/\/www.rucashk.com\/pt\/#listItem"}]},{"@type":"Organization","@id":"https:\/\/www.rucashk.com\/pt\/#organization","name":"Rucas","url":"https:\/\/www.rucashk.com\/pt\/","logo":{"@type":"ImageObject","url":"https:\/\/www.rucashk.com\/wp-content\/uploads\/2023\/12\/Rucas_campany_logo.png","@id":"https:\/\/www.rucashk.com\/pt\/produto\/google-chromecast-latest-model-streaming-media-player\/#organizationLogo","width":221,"height":65},"image":{"@id":"https:\/\/www.rucashk.com\/pt\/#organizationLogo"}},{"@type":"Person","@id":"https:\/\/www.rucashk.com\/pt\/author\/admin\/#author","url":"https:\/\/www.rucashk.com\/pt\/author\/admin\/","name":"admin","image":{"@type":"ImageObject","@id":"https:\/\/www.rucashk.com\/pt\/produto\/google-chromecast-latest-model-streaming-media-player\/#authorImage","url":"https:\/\/secure.gravatar.com\/avatar\/b7c8925b09a27e72b30232f8ecaadbd5af0f70a38c78096863fe51b64f031c24?s=96&d=mm&r=g","width":96,"height":96,"caption":"admin"}},{"@type":"WebPage","@id":"https:\/\/www.rucashk.com\/pt\/produto\/google-chromecast-latest-model-streaming-media-player\/#webpage","url":"https:\/\/www.rucashk.com\/pt\/produto\/google-chromecast-latest-model-streaming-media-player\/","name":"Google \u2013 Chromecast (Latest Model) Streaming Media Player - Rucas - Wholesale and Distribution","description":"Overview: Watch movies, shows, live TV, YouTube and photos streaming on your TV from all your family\u2019s devices. Plug Chromecast into the HDMI port on your TV and to power and stream your favorite entertainment right from your phone with just a tap. Watch shows, listen to playlists and more. And while streaming, you can still use your phone as you normally do. Watch movies shows live TV YouTube and photos streaming on your TV from all your family\u2019s devices Stream From your phone To TV - just like that plug Chromecast into the HDMI port on your TV and To power and stream your favorite entertainment right From your phone with just a tap - watch shows listen to playlists and more Enjoy TV shows movies videos songs games sports and more from over 2000 apps like Netflix YouTube YouTube TV and HBO NOW Start streaming with just your voice - just say what you want to watch from compatible apps and control your TV hands-free with Chromecast and Google home working seamlessly together Upgrade your TV for less - expand your home entertainment without buying a new TV it\u2019s so affordable you can get one for every TV in the house","inLanguage":"pt-PT","isPartOf":{"@id":"https:\/\/www.rucashk.com\/pt\/#website"},"breadcrumb":{"@id":"https:\/\/www.rucashk.com\/pt\/produto\/google-chromecast-latest-model-streaming-media-player\/#breadcrumblist"},"author":{"@id":"https:\/\/www.rucashk.com\/pt\/author\/admin\/#author"},"creator":{"@id":"https:\/\/www.rucashk.com\/pt\/author\/admin\/#author"},"image":{"@type":"ImageObject","url":"https:\/\/www.rucashk.com\/wp-content\/uploads\/2024\/01\/3_\u526f\u672c-10.jpg","@id":"https:\/\/www.rucashk.com\/pt\/produto\/google-chromecast-latest-model-streaming-media-player\/#mainImage","width":800,"height":800},"primaryImageOfPage":{"@id":"https:\/\/www.rucashk.com\/pt\/produto\/google-chromecast-latest-model-streaming-media-player\/#mainImage"},"datePublished":"2024-01-09T15:48:21+00:00","dateModified":"2024-03-13T08:50:10+00:00"},{"@type":"WebSite","@id":"https:\/\/www.rucashk.com\/pt\/#website","url":"https:\/\/www.rucashk.com\/pt\/","name":"Rucas - Wholesale and distribution worldwide","alternateName":"Rucas - One-stop AIoT Distribution Worldwide","description":"One-stop AIoT Distribution Worldwide","inLanguage":"pt-PT","publisher":{"@id":"https:\/\/www.rucashk.com\/pt\/#organization"}}]}},"aioseo_meta_data":{"post_id":"22798","title":null,"description":null,"keywords":null,"keyphrases":null,"primary_term":null,"canonical_url":null,"og_title":null,"og_description":null,"og_object_type":"default","og_image_type":"default","og_image_url":null,"og_image_width":null,"og_image_height":null,"og_image_custom_url":null,"og_image_custom_fields":null,"og_video":null,"og_custom_url":null,"og_article_section":null,"og_article_tags":null,"twitter_use_og":false,"twitter_card":"default","twitter_image_type":"default","twitter_image_url":null,"twitter_image_custom_url":null,"twitter_image_custom_fields":null,"twitter_title":null,"twitter_description":null,"schema":{"blockGraphs":[],"customGraphs":[],"default":{"data":{"Article":[],"Course":[],"Dataset":[],"FAQPage":[],"Movie":[],"Person":[],"Product":[],"Recipe":[],"Service":[],"SoftwareApplication":[],"WebPage":[]},"graphName":"","isEnabled":true},"graphs":[]},"schema_type":"default","schema_type_options":null,"pillar_content":false,"robots_default":true,"robots_noindex":false,"robots_noarchive":false,"robots_nosnippet":false,"robots_nofollow":false,"robots_noimageindex":false,"robots_noodp":false,"robots_notranslate":false,"robots_max_snippet":null,"robots_max_videopreview":null,"robots_max_imagepreview":"large","priority":null,"frequency":null,"local_seo":null,"breadcrumb_settings":null,"limit_modified_date":false,"created":"2024-04-11 01:55:24","updated":"2025-06-22 16:51:01"},"aioseo_breadcrumb":"<div class=\"aioseo-breadcrumbs\"><span class=\"aioseo-breadcrumb\">\n\t<a href=\"https:\/\/www.rucashk.com\/pt\" title=\"Home\">Home<\/a>\n<\/span><span class=\"aioseo-breadcrumb-separator\">&raquo;<\/span><span class=\"aioseo-breadcrumb\">\n\t<a href=\"https:\/\/www.rucashk.com\/pt\/products\/\" title=\"Produtos\">Produtos<\/a>\n<\/span><span class=\"aioseo-breadcrumb-separator\">&raquo;<\/span><span class=\"aioseo-breadcrumb\">\n\t<a href=\"https:\/\/www.rucashk.com\/pt\/categoria-produto\/xiaomi-eco\/\" title=\"Xiaomi Eco\">Xiaomi Eco<\/a>\n<\/span><span class=\"aioseo-breadcrumb-separator\">&raquo;<\/span><span class=\"aioseo-breadcrumb\">\n\t<a href=\"https:\/\/www.rucashk.com\/pt\/categoria-produto\/xiaomi-eco\/tv-accessories\/\" title=\"TV Accessories\">TV Accessories<\/a>\n<\/span><span class=\"aioseo-breadcrumb-separator\">&raquo;<\/span><span class=\"aioseo-breadcrumb\">\n\tGoogle \u2013 Chromecast (Latest Model) Streaming Media Player\n<\/span><\/div>","aioseo_breadcrumb_json":[{"label":"Home","link":"https:\/\/www.rucashk.com\/pt"},{"label":"Produtos","link":"https:\/\/www.rucashk.com\/pt\/products\/"},{"label":"Xiaomi Eco","link":"https:\/\/www.rucashk.com\/pt\/categoria-produto\/xiaomi-eco\/"},{"label":"TV Accessories","link":"https:\/\/www.rucashk.com\/pt\/categoria-produto\/xiaomi-eco\/tv-accessories\/"},{"label":"Google &#8211; Chromecast (Latest Model) Streaming Media Player","link":"https:\/\/www.rucashk.com\/pt\/produto\/google-chromecast-latest-model-streaming-media-player\/"}],"_links":{"self":[{"href":"https:\/\/www.rucashk.com\/pt\/wp-json\/wp\/v2\/product\/22798","targetHints":{"allow":["GET"]}}],"collection":[{"href":"https:\/\/www.rucashk.com\/pt\/wp-json\/wp\/v2\/product"}],"about":[{"href":"https:\/\/www.rucashk.com\/pt\/wp-json\/wp\/v2\/types\/product"}],"wp:featuredmedia":[{"embeddable":true,"href":"https:\/\/www.rucashk.com\/pt\/wp-json\/wp\/v2\/media\/22896"}],"wp:attachment":[{"href":"https:\/\/www.rucashk.com\/pt\/wp-json\/wp\/v2\/media?parent=22798"}],"wp:term":[{"taxonomy":"product_brand","embeddable":true,"href":"https:\/\/www.rucashk.com\/pt\/wp-json\/wp\/v2\/product_brand?post=22798"},{"taxonomy":"product_cat","embeddable":true,"href":"https:\/\/www.rucashk.com\/pt\/wp-json\/wp\/v2\/product_cat?post=22798"},{"taxonomy":"product_tag","embeddable":true,"href":"https:\/\/www.rucashk.com\/pt\/wp-json\/wp\/v2\/product_tag?post=22798"}],"curies":[{"name":"wp","href":"https:\/\/api.w.org\/{rel}","templated":true}]}}