{"id":22707,"date":"2024-01-09T15:47:08","date_gmt":"2024-01-09T15:47:08","guid":{"rendered":"http:\/\/rucashk.com\/?post_type=product&#038;p=22707"},"modified":"2024-03-11T07:54:06","modified_gmt":"2024-03-11T07:54:06","slug":"xiaomi-redmi-note4x","status":"publish","type":"product","link":"https:\/\/www.rucashk.com\/pt\/produto\/xiaomi-redmi-note4x\/","title":{"rendered":"Xiaomi Redmi Note4x"},"content":{"rendered":"<div id=\"imgBox\">\n<p><img fetchpriority=\"high\" decoding=\"async\" class=\"product_lazy aligncenter\" src=\"\/wp-content\/uploads\/replace\/5436ce45b5bb108ef9247efc1fced7a7.jpeg\" alt=\"Xiaomi Redmi Note4x\" width=\"1000\" height=\"735\" data-original=\"\/\/img.gkbcdn.com\/s3\/d\/201705\/4043abd6-ff66-424e-aa0b-bfa06a44d48c.jpg\" \/><img decoding=\"async\" class=\"product_lazy aligncenter\" src=\"\/wp-content\/uploads\/replace\/b2739ce6376968b5bc0be4e95baa5b54.jpeg\" alt=\"Xiaomi Redmi Note4x\" width=\"1000\" height=\"675\" data-original=\"\/\/img.gkbcdn.com\/s3\/d\/201705\/15fe8713-9d22-4c0f-bb1c-f10f9bc5d39c.jpg\" \/><img decoding=\"async\" class=\"product_lazy aligncenter\" src=\"\/wp-content\/uploads\/replace\/346a6adda777ac4206ef64235ba4cd35.jpeg\" alt=\"Xiaomi Redmi Note4x\" width=\"1000\" height=\"651\" data-original=\"\/\/img.gkbcdn.com\/s3\/d\/201705\/efdd5fed-29ac-44ac-a0f3-d4a760619cac.jpg\" \/><img loading=\"lazy\" decoding=\"async\" class=\"product_lazy aligncenter\" src=\"\/wp-content\/uploads\/replace\/80143a680e0226d54f34e559bbee6f46.jpeg\" alt=\"Xiaomi Redmi Note4x\" width=\"1000\" height=\"1011\" data-original=\"\/\/img.gkbcdn.com\/s3\/d\/201705\/4e353471-3683-43b7-862b-9caa1dd78a8d.jpg\" \/><img loading=\"lazy\" decoding=\"async\" class=\"product_lazy aligncenter\" src=\"\/wp-content\/uploads\/replace\/34ea64efbf978bb0251ba8c87fe11b24.jpeg\" alt=\"Xiaomi Redmi Note4x\" width=\"1000\" height=\"1038\" data-original=\"\/\/img.gkbcdn.com\/s3\/d\/201705\/6658782a-53de-4625-9725-0c230010060c.jpg\" \/><img loading=\"lazy\" decoding=\"async\" class=\"product_lazy aligncenter\" src=\"\/wp-content\/uploads\/replace\/3e6d7e54f67e821f87639e972ccd32a9.jpeg\" alt=\"Xiaomi Redmi Note4x\" width=\"1000\" height=\"1101\" data-original=\"\/\/img.gkbcdn.com\/s3\/d\/201705\/584a6671-8a07-4869-99e3-2671998665c3.jpg\" \/><img loading=\"lazy\" decoding=\"async\" class=\"product_lazy aligncenter\" src=\"\/wp-content\/uploads\/replace\/b2f623bf94c6bc22061562872311cd93.jpeg\" alt=\"Xiaomi Redmi Note4x\" width=\"1000\" height=\"717\" data-original=\"\/\/img.gkbcdn.com\/s3\/d\/201705\/ad173f52-492f-41cf-974d-501489bbe54a.jpg\" \/><\/p>\n<\/div>\n<p>&nbsp;<\/p>\n<table border=\"1\" cellpadding=\"5\">\n<tbody>\n<tr>\n<td colspan=\"2\">Informa\u00e7\u00e3o b\u00e1sica<\/td>\n<\/tr>\n<tr>\n<td>\u00a0Modelo<\/td>\n<td>\u00a0Xiaomi Redmi Note 4X (3 GB + 16 GB) ROM global<\/td>\n<\/tr>\n<tr>\n<td>\u00a0Estilo<\/td>\n<td>\u00a0Bar<\/td>\n<\/tr>\n<tr>\n<td>\u00a0Cor<\/td>\n<td>\u00a0Preto, cinza, rosa, dourado, azul verde<\/td>\n<\/tr>\n<tr>\n<td>\u00a0Banda de rede<\/td>\n<td>\u00a02G: GSM 850\/900\/1800\/1900 MHz<br \/>\n3G: WCDMA 850\/900\/1900\/2100 MHz<br \/>\nTD-SCDMA B34\/B39<br \/>\n4G: FDD-LTE B1\/B3\/B5\/B7<br \/>\nTDD-LTE B38\/B39\/B40\/B41: 2555-2655MHz<\/td>\n<\/tr>\n<tr>\n<td colspan=\"2\"><\/td>\n<\/tr>\n<tr>\n<td>\u00a0Cart\u00e3o SIM<\/td>\n<td>\u00a0Dual <a href=\"https:\/\/www.rucashk.com\/pt\/produto\/wiko-view4-lite\/\" class=\"\" style=\"width: auto !important\" data-wpil-post-to-id=\"5614\">Cart\u00e3o SIM Duplo<\/a> Espera (Nano SIM, Micro SIM)<br \/>\nSlot de cart\u00e3o 2 suporta cart\u00e3o SIM\/cart\u00e3o TF<\/td>\n<\/tr>\n<tr>\n<td>\u00a0Material da casca<\/td>\n<td>\u00a0Metal<\/td>\n<\/tr>\n<tr>\n<td colspan=\"2\"><\/td>\n<\/tr>\n<tr>\n<td colspan=\"2\">Sistema<\/td>\n<\/tr>\n<tr>\n<td>\u00a0SO<\/td>\n<td>\u00a0MIUI V8<\/td>\n<\/tr>\n<tr>\n<td>\u00a0CPU<\/td>\n<td>\u00a0Snapdragon 625 Octa-core, at\u00e9 2,0 GHz<\/td>\n<\/tr>\n<tr>\n<td>\u00a0GPU<\/td>\n<td>\u00a0Adreno 506, 650 MHz<\/td>\n<\/tr>\n<tr>\n<td>\u00a0ROM<\/td>\n<td>\u00a016 GB<\/td>\n<\/tr>\n<tr>\n<td>\u00a0BATER<\/td>\n<td>\u00a03GB<\/td>\n<\/tr>\n<tr>\n<td>\u00a0Extens\u00e3o do cart\u00e3o<\/td>\n<td>\u00a0Suporta um cart\u00e3o TF externo de at\u00e9 128 GB (VFAT)<\/td>\n<\/tr>\n<tr>\n<td colspan=\"2\"><\/td>\n<\/tr>\n<tr>\n<td colspan=\"2\">Tela<\/td>\n<\/tr>\n<tr>\n<td>\u00a0Tamanho de exibi\u00e7\u00e3o<\/td>\n<td>\u00a05,5 polegadas<\/td>\n<\/tr>\n<tr>\n<td>\u00a0Tipo<\/td>\n<td>\u00a0Tela de toque capacitiva, 72% NTSC<\/td>\n<\/tr>\n<tr>\n<td>\u00a0Resolu\u00e7\u00e3o<\/td>\n<td>\u00a01080*1920 pixels<\/td>\n<\/tr>\n<tr>\n<td>\u00a0PPI<\/td>\n<td>\u00a0403<\/td>\n<\/tr>\n<tr>\n<td>\u00a0Multitoque<\/td>\n<td>\u00a0Sim<\/td>\n<\/tr>\n<tr>\n<td colspan=\"2\"><\/td>\n<\/tr>\n<tr>\n<td colspan=\"2\">Formato de suporte<\/td>\n<\/tr>\n<tr>\n<td>\u00a0Tipo de toque<\/td>\n<td>\u00a0Polif\u00f4nico\/MP3<\/td>\n<\/tr>\n<tr>\n<td>\u00a0Formato de \u00e1udio<\/td>\n<td>\u00a0PCM, AAC\/AAC+\/eAAC+, MP3, AMR-NB\/AMR-WB, FLAC, APE, WAV<\/td>\n<\/tr>\n<tr>\n<td>\u00a0Formato de arquivo de v\u00eddeo<\/td>\n<td>\u00a0H.265 \/HEVC (perfil principal), H.264 (perfil de linha de base\/principal\/alto), MPEG4 (perfil simples\/ASP), VC-1 (perfil simples\/principal\/avan\u00e7ado)<\/td>\n<\/tr>\n<tr>\n<td>\u00a0Formato Gr\u00e1fico<\/td>\n<td>\u00a0JPEG\/PNG\/GIF\/BMP<\/td>\n<\/tr>\n<tr>\n<td>\u00a0Porta de fone de ouvido<\/td>\n<td>\u00a03,5 mm<\/td>\n<\/tr>\n<tr>\n<td colspan=\"2\"><\/td>\n<\/tr>\n<tr>\n<td colspan=\"2\">Transfer\u00eancia de dados e conectividade<\/td>\n<\/tr>\n<tr>\n<td>\u00a0Transfer\u00eancia de dados<\/td>\n<td>\u00a0USB\/Bluetooth<\/td>\n<\/tr>\n<tr>\n<td>\u00a0Internet m\u00f3vel<\/td>\n<td>\u00a0WAP\/WiFi<\/td>\n<\/tr>\n<tr>\n<td colspan=\"2\"><\/td>\n<\/tr>\n<tr>\n<td colspan=\"2\">Em geral<\/td>\n<\/tr>\n<tr>\n<td>\u00a0C\u00e2mera\/Imagem<br \/>\nResolu\u00e7\u00e3o<\/td>\n<td>C\u00e2meras duplas:<br \/>\nC\u00e2mera frontal 5.0MP<br \/>\nf2.0, beleza facial, detec\u00e7\u00e3o de rosto<br \/>\nC\u00e2mera traseira 13.0MP<br \/>\nf2.0, flash de dois tons<br \/>\nSuporte PDAF<br \/>\nLente de 5 elementos<br \/>\nSuporta grava\u00e7\u00e3o de v\u00eddeo 1080p\/720p<br \/>\nGrava\u00e7\u00e3o de v\u00eddeo em c\u00e2mera lenta 720p, 120fps<\/td>\n<\/tr>\n<tr>\n<td>\u00a0Linguagem<\/td>\n<td>\u00a0Este telefone oferece suporte a v\u00e1rios idiomas.<br \/>\n(Mais detalhes, consulte as imagens)<\/td>\n<\/tr>\n<tr>\n<td>\u00a0Mensagem<\/td>\n<td>\u00a0SMS\/MMS<\/td>\n<\/tr>\n<tr>\n<td>\u00a0Teclado<\/td>\n<td>\u00a0QWERTY virtual<\/td>\n<\/tr>\n<tr>\n<td>\u00a0Entrada<\/td>\n<td>\u00a0Escrita \u00e0 m\u00e3o\/teclado<\/td>\n<\/tr>\n<tr>\n<td>\u00a0GPS<\/td>\n<td>\u00a0GPS+AGPS+GLONASS+BeiDou<\/td>\n<\/tr>\n<tr>\n<td>\u00a0WI-FI<\/td>\n<td>\u00a0802.11 a\/b\/g\/n, tela WIFI, WiFi Direct<\/td>\n<\/tr>\n<tr>\n<td>\u00a0Bluetooth<\/td>\n<td>\u00a0BT4.2, ESCONDIDO<\/td>\n<\/tr>\n<tr>\n<td colspan=\"2\"><\/td>\n<\/tr>\n<tr>\n<td colspan=\"2\">Sensor<\/td>\n<\/tr>\n<tr>\n<td>\u00a0Sensor de luz<\/td>\n<td>\u00a0Apoiar<\/td>\n<\/tr>\n<tr>\n<td>\u00a0Girosc\u00f3pio<\/td>\n<td>\u00a0Apoiar<\/td>\n<\/tr>\n<tr>\n<td>\u00a0Sensor de proximidade<\/td>\n<td>\u00a0Apoiar<\/td>\n<\/tr>\n<tr>\n<td>\u00a0Aceler\u00f4metro<\/td>\n<td>\u00a0Apoiar<\/td>\n<\/tr>\n<tr>\n<td>\u00a0Infravermelho infravermelho<\/td>\n<td>\u00a0Apoiar<\/td>\n<\/tr>\n<tr>\n<td>\u00a0Sensor Hall<\/td>\n<td>\u00a0Apoiar<\/td>\n<\/tr>\n<tr>\n<td>\u00a0Impress\u00e3o digital<\/td>\n<td>\u00a0Apoiar<\/td>\n<\/tr>\n<tr>\n<td colspan=\"2\"><\/td>\n<\/tr>\n<tr>\n<td>\u00a0Outro recurso<\/td>\n<td>\u00a0WIFI, GPS, 4G, 3G, bluetooth, Jogos, calend\u00e1rio, calculadora, rel\u00f3gio, c\u00e2mera, etc.<\/td>\n<\/tr>\n<tr>\n<td>\u00a0Bateria (embutida)<\/td>\n<td>\u00a04100mAh(tipo) \/ 4000mAh(min)<\/td>\n<\/tr>\n<tr>\n<td>\u00a0Conector USB<\/td>\n<td>\u00a0Micro USB<\/td>\n<\/tr>\n<tr>\n<td>\u00a0Dimens\u00f5es<\/td>\n<td>\u00a0151*76*8,45mm<\/td>\n<\/tr>\n<tr>\n<td>\u00a0Peso<\/td>\n<td>\u00a0165g<\/td>\n<\/tr>\n<tr>\n<td colspan=\"2\"><\/td>\n<\/tr>\n<tr>\n<td rowspan=\"3\">Inclu\u00eddo no Pacote<\/td>\n<td>\u00a01 smartphone Xiaomi Redmi Note 4X<\/td>\n<\/tr>\n<tr>\n<td>\u00a01 x cabo USB<\/td>\n<\/tr>\n<tr>\n<td>\u00a01 x carregador americano<\/td>\n<\/tr>\n<\/tbody>\n<\/table>","protected":false},"excerpt":{"rendered":"<p>151 x 76 x 8.5 mm (5.94 x 2.99 x 0.33 in)<\/p>\n<p>165 g (5.82 oz)<\/p>\n<p>Hybrid Dual SIM (Micro-SIM\/Nano-SIM, dual stand-by)<\/p>\n<p>5.5 inches, 83.4 cm<sup>2<\/sup>\u00a0(~72.7% screen-to-body ratio)<\/p>\n<p>1080 x 1920 pixels, 16:9 ratio (~401 ppi density)<\/p>","protected":false},"featured_media":22822,"template":"","meta":[],"product_brand":[],"product_cat":[1295,1297],"product_tag":[],"class_list":{"0":"post-22707","1":"product","2":"type-product","3":"status-publish","4":"has-post-thumbnail","6":"product_cat-mobile-phone","7":"product_cat-redmi-mobile-phone","9":"first","10":"instock","11":"shipping-taxable","12":"product-type-external"},"aioseo_notices":[],"aioseo_head":"\n\t\t<!-- All in One SEO Pro 4.5.9.2 - aioseo.com -->\n\t\t<meta name=\"description\" content=\"151 x 76 x 8.5 mm (5.94 x 2.99 x 0.33 in) 165 g (5.82 oz) Hybrid Dual SIM (Micro-SIM\/Nano-SIM, dual stand-by) 5.5 inches, 83.4 cm2 (~72.7% screen-to-body ratio) 1080 x 1920 pixels, 16:9 ratio (~401 ppi density)\" \/>\n\t\t<meta name=\"robots\" content=\"max-image-preview:large\" \/>\n\t\t<link rel=\"canonical\" href=\"https:\/\/www.rucashk.com\/pt\/produto\/xiaomi-redmi-note4x\/\" \/>\n\t\t<meta name=\"generator\" content=\"All in One SEO Pro (AIOSEO) 4.5.9.2\" \/>\n\t\t<meta property=\"og:locale\" content=\"pt_PT\" \/>\n\t\t<meta property=\"og:site_name\" content=\"Rucas - One-stop AIoT Distribution Worldwide\" \/>\n\t\t<meta property=\"og:type\" content=\"article\" \/>\n\t\t<meta property=\"og:title\" content=\"Xiaomi Redmi Note4x - Rucas - Wholesale and Distribution\" \/>\n\t\t<meta property=\"og:description\" content=\"151 x 76 x 8.5 mm (5.94 x 2.99 x 0.33 in) 165 g (5.82 oz) Hybrid Dual SIM (Micro-SIM\/Nano-SIM, dual stand-by) 5.5 inches, 83.4 cm2 (~72.7% screen-to-body ratio) 1080 x 1920 pixels, 16:9 ratio (~401 ppi density)\" \/>\n\t\t<meta property=\"og:url\" content=\"https:\/\/www.rucashk.com\/pt\/produto\/xiaomi-redmi-note4x\/\" \/>\n\t\t<meta property=\"og:image\" content=\"https:\/\/www.rucashk.com\/wp-content\/uploads\/replace\/503b8e645f128a97ccde2b6290747646.jpeg\" \/>\n\t\t<meta property=\"og:image:secure_url\" content=\"https:\/\/www.rucashk.com\/wp-content\/uploads\/replace\/503b8e645f128a97ccde2b6290747646.jpeg\" \/>\n\t\t<meta property=\"og:image:width\" content=\"1456\" \/>\n\t\t<meta property=\"og:image:height\" content=\"816\" \/>\n\t\t<meta property=\"article:published_time\" content=\"2024-01-09T15:47:08+00:00\" \/>\n\t\t<meta property=\"article:modified_time\" content=\"2024-03-11T07:54:06+00:00\" \/>\n\t\t<meta name=\"twitter:card\" content=\"summary_large_image\" \/>\n\t\t<meta name=\"twitter:title\" content=\"Xiaomi Redmi Note4x - Rucas - Wholesale and Distribution\" \/>\n\t\t<meta name=\"twitter:description\" content=\"151 x 76 x 8.5 mm (5.94 x 2.99 x 0.33 in) 165 g (5.82 oz) Hybrid Dual SIM (Micro-SIM\/Nano-SIM, dual stand-by) 5.5 inches, 83.4 cm2 (~72.7% screen-to-body ratio) 1080 x 1920 pixels, 16:9 ratio (~401 ppi density)\" \/>\n\t\t<meta name=\"twitter:image\" content=\"https:\/\/www.rucashk.com\/wp-content\/uploads\/replace\/503b8e645f128a97ccde2b6290747646.jpeg\" \/>\n\t\t<script type=\"application\/ld+json\" class=\"aioseo-schema\">\n\t\t\t{\"@context\":\"https:\\\/\\\/schema.org\",\"@graph\":[{\"@type\":\"BreadcrumbList\",\"@id\":\"https:\\\/\\\/www.rucashk.com\\\/pt\\\/produto\\\/xiaomi-redmi-note4x\\\/#breadcrumblist\",\"itemListElement\":[{\"@type\":\"ListItem\",\"@id\":\"https:\\\/\\\/www.rucashk.com\\\/pt\\\/#listItem\",\"position\":1,\"name\":\"Home\",\"item\":\"https:\\\/\\\/www.rucashk.com\\\/pt\\\/\",\"nextItem\":\"https:\\\/\\\/www.rucashk.com\\\/pt\\\/produto\\\/xiaomi-redmi-note4x\\\/#listItem\"},{\"@type\":\"ListItem\",\"@id\":\"https:\\\/\\\/www.rucashk.com\\\/pt\\\/produto\\\/xiaomi-redmi-note4x\\\/#listItem\",\"position\":2,\"name\":\"Xiaomi Redmi Note4x\",\"previousItem\":\"https:\\\/\\\/www.rucashk.com\\\/pt\\\/#listItem\"}]},{\"@type\":\"Organization\",\"@id\":\"https:\\\/\\\/www.rucashk.com\\\/pt\\\/#organization\",\"name\":\"Rucas\",\"url\":\"https:\\\/\\\/www.rucashk.com\\\/pt\\\/\",\"logo\":{\"@type\":\"ImageObject\",\"url\":\"https:\\\/\\\/www.rucashk.com\\\/wp-content\\\/uploads\\\/2023\\\/12\\\/Rucas_campany_logo.png\",\"@id\":\"https:\\\/\\\/www.rucashk.com\\\/pt\\\/produto\\\/xiaomi-redmi-note4x\\\/#organizationLogo\",\"width\":221,\"height\":65},\"image\":{\"@id\":\"https:\\\/\\\/www.rucashk.com\\\/pt\\\/#organizationLogo\"}},{\"@type\":\"Person\",\"@id\":\"https:\\\/\\\/www.rucashk.com\\\/pt\\\/author\\\/admin\\\/#author\",\"url\":\"https:\\\/\\\/www.rucashk.com\\\/pt\\\/author\\\/admin\\\/\",\"name\":\"admin\",\"image\":{\"@type\":\"ImageObject\",\"@id\":\"https:\\\/\\\/www.rucashk.com\\\/pt\\\/produto\\\/xiaomi-redmi-note4x\\\/#authorImage\",\"url\":\"https:\\\/\\\/secure.gravatar.com\\\/avatar\\\/b7c8925b09a27e72b30232f8ecaadbd5af0f70a38c78096863fe51b64f031c24?s=96&d=mm&r=g\",\"width\":96,\"height\":96,\"caption\":\"admin\"}},{\"@type\":\"WebPage\",\"@id\":\"https:\\\/\\\/www.rucashk.com\\\/pt\\\/produto\\\/xiaomi-redmi-note4x\\\/#webpage\",\"url\":\"https:\\\/\\\/www.rucashk.com\\\/pt\\\/produto\\\/xiaomi-redmi-note4x\\\/\",\"name\":\"Xiaomi Redmi Note4x - Rucas - Wholesale and Distribution\",\"description\":\"151 x 76 x 8.5 mm (5.94 x 2.99 x 0.33 in) 165 g (5.82 oz) Hybrid Dual SIM (Micro-SIM\\\/Nano-SIM, dual stand-by) 5.5 inches, 83.4 cm2 (~72.7% screen-to-body ratio) 1080 x 1920 pixels, 16:9 ratio (~401 ppi density)\",\"inLanguage\":\"pt-PT\",\"isPartOf\":{\"@id\":\"https:\\\/\\\/www.rucashk.com\\\/pt\\\/#website\"},\"breadcrumb\":{\"@id\":\"https:\\\/\\\/www.rucashk.com\\\/pt\\\/produto\\\/xiaomi-redmi-note4x\\\/#breadcrumblist\"},\"author\":{\"@id\":\"https:\\\/\\\/www.rucashk.com\\\/pt\\\/author\\\/admin\\\/#author\"},\"creator\":{\"@id\":\"https:\\\/\\\/www.rucashk.com\\\/pt\\\/author\\\/admin\\\/#author\"},\"image\":{\"@type\":\"ImageObject\",\"url\":\"https:\\\/\\\/www.rucashk.com\\\/wp-content\\\/uploads\\\/2024\\\/01\\\/xiao-mi-note4x.jpg\",\"@id\":\"https:\\\/\\\/www.rucashk.com\\\/pt\\\/produto\\\/xiaomi-redmi-note4x\\\/#mainImage\",\"width\":497,\"height\":502},\"primaryImageOfPage\":{\"@id\":\"https:\\\/\\\/www.rucashk.com\\\/pt\\\/produto\\\/xiaomi-redmi-note4x\\\/#mainImage\"},\"datePublished\":\"2024-01-09T15:47:08+00:00\",\"dateModified\":\"2024-03-11T07:54:06+00:00\"},{\"@type\":\"WebSite\",\"@id\":\"https:\\\/\\\/www.rucashk.com\\\/pt\\\/#website\",\"url\":\"https:\\\/\\\/www.rucashk.com\\\/pt\\\/\",\"name\":\"Rucas - Wholesale and distribution worldwide\",\"alternateName\":\"Rucas - One-stop AIoT Distribution Worldwide\",\"description\":\"One-stop AIoT Distribution Worldwide\",\"inLanguage\":\"pt-PT\",\"publisher\":{\"@id\":\"https:\\\/\\\/www.rucashk.com\\\/pt\\\/#organization\"}}]}\n\t\t<\/script>\n\t\t<!-- All in One SEO Pro -->\r\n\t\t<title>Xiaomi Redmi Note4x - Rucas - Wholesale and Distribution<\/title>\n\n","aioseo_head_json":{"title":"Xiaomi Redmi Note4x - Rucas - Wholesale and Distribution","description":"151 x 76 x 8.5 mm (5.94 x 2.99 x 0.33 in) 165 g (5.82 oz) Hybrid Dual SIM (Micro-SIM\/Nano-SIM, dual stand-by) 5.5 inches, 83.4 cm2 (~72.7% screen-to-body ratio) 1080 x 1920 pixels, 16:9 ratio (~401 ppi density)","canonical_url":"https:\/\/www.rucashk.com\/pt\/produto\/xiaomi-redmi-note4x\/","robots":"max-image-preview:large","keywords":"","webmasterTools":{"miscellaneous":""},"og:locale":"pt_PT","og:site_name":"Rucas - One-stop AIoT Distribution Worldwide","og:type":"article","og:title":"Xiaomi Redmi Note4x - Rucas - Wholesale and Distribution","og:description":"151 x 76 x 8.5 mm (5.94 x 2.99 x 0.33 in) 165 g (5.82 oz) Hybrid Dual SIM (Micro-SIM\/Nano-SIM, dual stand-by) 5.5 inches, 83.4 cm2 (~72.7% screen-to-body ratio) 1080 x 1920 pixels, 16:9 ratio (~401 ppi density)","og:url":"https:\/\/www.rucashk.com\/pt\/produto\/xiaomi-redmi-note4x\/","og:image":"https:\/\/www.rucashk.com\/wp-content\/uploads\/replace\/503b8e645f128a97ccde2b6290747646.jpeg","og:image:secure_url":"https:\/\/www.rucashk.com\/wp-content\/uploads\/replace\/503b8e645f128a97ccde2b6290747646.jpeg","og:image:width":1456,"og:image:height":816,"article:published_time":"2024-01-09T15:47:08+00:00","article:modified_time":"2024-03-11T07:54:06+00:00","twitter:card":"summary_large_image","twitter:title":"Xiaomi Redmi Note4x - Rucas - Wholesale and Distribution","twitter:description":"151 x 76 x 8.5 mm (5.94 x 2.99 x 0.33 in) 165 g (5.82 oz) Hybrid Dual SIM (Micro-SIM\/Nano-SIM, dual stand-by) 5.5 inches, 83.4 cm2 (~72.7% screen-to-body ratio) 1080 x 1920 pixels, 16:9 ratio (~401 ppi density)","twitter:image":"https:\/\/www.rucashk.com\/wp-content\/uploads\/replace\/503b8e645f128a97ccde2b6290747646.jpeg","schema":{"@context":"https:\/\/schema.org","@graph":[{"@type":"BreadcrumbList","@id":"https:\/\/www.rucashk.com\/pt\/produto\/xiaomi-redmi-note4x\/#breadcrumblist","itemListElement":[{"@type":"ListItem","@id":"https:\/\/www.rucashk.com\/pt\/#listItem","position":1,"name":"Home","item":"https:\/\/www.rucashk.com\/pt\/","nextItem":"https:\/\/www.rucashk.com\/pt\/produto\/xiaomi-redmi-note4x\/#listItem"},{"@type":"ListItem","@id":"https:\/\/www.rucashk.com\/pt\/produto\/xiaomi-redmi-note4x\/#listItem","position":2,"name":"Xiaomi Redmi Note4x","previousItem":"https:\/\/www.rucashk.com\/pt\/#listItem"}]},{"@type":"Organization","@id":"https:\/\/www.rucashk.com\/pt\/#organization","name":"Rucas","url":"https:\/\/www.rucashk.com\/pt\/","logo":{"@type":"ImageObject","url":"https:\/\/www.rucashk.com\/wp-content\/uploads\/2023\/12\/Rucas_campany_logo.png","@id":"https:\/\/www.rucashk.com\/pt\/produto\/xiaomi-redmi-note4x\/#organizationLogo","width":221,"height":65},"image":{"@id":"https:\/\/www.rucashk.com\/pt\/#organizationLogo"}},{"@type":"Person","@id":"https:\/\/www.rucashk.com\/pt\/author\/admin\/#author","url":"https:\/\/www.rucashk.com\/pt\/author\/admin\/","name":"admin","image":{"@type":"ImageObject","@id":"https:\/\/www.rucashk.com\/pt\/produto\/xiaomi-redmi-note4x\/#authorImage","url":"https:\/\/secure.gravatar.com\/avatar\/b7c8925b09a27e72b30232f8ecaadbd5af0f70a38c78096863fe51b64f031c24?s=96&d=mm&r=g","width":96,"height":96,"caption":"admin"}},{"@type":"WebPage","@id":"https:\/\/www.rucashk.com\/pt\/produto\/xiaomi-redmi-note4x\/#webpage","url":"https:\/\/www.rucashk.com\/pt\/produto\/xiaomi-redmi-note4x\/","name":"Xiaomi Redmi Note4x - Rucas - Wholesale and Distribution","description":"151 x 76 x 8.5 mm (5.94 x 2.99 x 0.33 in) 165 g (5.82 oz) Hybrid Dual SIM (Micro-SIM\/Nano-SIM, dual stand-by) 5.5 inches, 83.4 cm2 (~72.7% screen-to-body ratio) 1080 x 1920 pixels, 16:9 ratio (~401 ppi density)","inLanguage":"pt-PT","isPartOf":{"@id":"https:\/\/www.rucashk.com\/pt\/#website"},"breadcrumb":{"@id":"https:\/\/www.rucashk.com\/pt\/produto\/xiaomi-redmi-note4x\/#breadcrumblist"},"author":{"@id":"https:\/\/www.rucashk.com\/pt\/author\/admin\/#author"},"creator":{"@id":"https:\/\/www.rucashk.com\/pt\/author\/admin\/#author"},"image":{"@type":"ImageObject","url":"https:\/\/www.rucashk.com\/wp-content\/uploads\/2024\/01\/xiao-mi-note4x.jpg","@id":"https:\/\/www.rucashk.com\/pt\/produto\/xiaomi-redmi-note4x\/#mainImage","width":497,"height":502},"primaryImageOfPage":{"@id":"https:\/\/www.rucashk.com\/pt\/produto\/xiaomi-redmi-note4x\/#mainImage"},"datePublished":"2024-01-09T15:47:08+00:00","dateModified":"2024-03-11T07:54:06+00:00"},{"@type":"WebSite","@id":"https:\/\/www.rucashk.com\/pt\/#website","url":"https:\/\/www.rucashk.com\/pt\/","name":"Rucas - Wholesale and distribution worldwide","alternateName":"Rucas - One-stop AIoT Distribution Worldwide","description":"One-stop AIoT Distribution Worldwide","inLanguage":"pt-PT","publisher":{"@id":"https:\/\/www.rucashk.com\/pt\/#organization"}}]}},"aioseo_meta_data":{"post_id":"22707","title":null,"description":null,"keywords":null,"keyphrases":null,"primary_term":null,"canonical_url":null,"og_title":null,"og_description":null,"og_object_type":"default","og_image_type":"default","og_image_url":null,"og_image_width":null,"og_image_height":null,"og_image_custom_url":null,"og_image_custom_fields":null,"og_video":null,"og_custom_url":null,"og_article_section":null,"og_article_tags":null,"twitter_use_og":false,"twitter_card":"default","twitter_image_type":"default","twitter_image_url":null,"twitter_image_custom_url":null,"twitter_image_custom_fields":null,"twitter_title":null,"twitter_description":null,"schema":{"blockGraphs":[],"customGraphs":[],"default":{"data":{"Article":[],"Course":[],"Dataset":[],"FAQPage":[],"Movie":[],"Person":[],"Product":[],"Recipe":[],"Service":[],"SoftwareApplication":[],"WebPage":[]},"graphName":"","isEnabled":true},"graphs":[]},"schema_type":"default","schema_type_options":null,"pillar_content":false,"robots_default":true,"robots_noindex":false,"robots_noarchive":false,"robots_nosnippet":false,"robots_nofollow":false,"robots_noimageindex":false,"robots_noodp":false,"robots_notranslate":false,"robots_max_snippet":null,"robots_max_videopreview":null,"robots_max_imagepreview":"large","priority":null,"frequency":null,"local_seo":null,"breadcrumb_settings":null,"limit_modified_date":false,"created":"2024-04-11 01:55:24","updated":"2025-06-22 16:49:54"},"aioseo_breadcrumb":"<div class=\"aioseo-breadcrumbs\"><span class=\"aioseo-breadcrumb\">\n\t<a href=\"https:\/\/www.rucashk.com\/pt\" title=\"Home\">Home<\/a>\n<\/span><span class=\"aioseo-breadcrumb-separator\">&raquo;<\/span><span class=\"aioseo-breadcrumb\">\n\t<a href=\"https:\/\/www.rucashk.com\/pt\/products\/\" title=\"Produtos\">Produtos<\/a>\n<\/span><span class=\"aioseo-breadcrumb-separator\">&raquo;<\/span><span class=\"aioseo-breadcrumb\">\n\t<a href=\"https:\/\/www.rucashk.com\/pt\/categoria-produto\/mobile-phone\/\" title=\"Mobile Phone\">Mobile Phone<\/a>\n<\/span><span class=\"aioseo-breadcrumb-separator\">&raquo;<\/span><span class=\"aioseo-breadcrumb\">\n\t<a href=\"https:\/\/www.rucashk.com\/pt\/categoria-produto\/mobile-phone\/redmi-mobile-phone\/\" title=\"Redmi\">Redmi<\/a>\n<\/span><span class=\"aioseo-breadcrumb-separator\">&raquo;<\/span><span class=\"aioseo-breadcrumb\">\n\tXiaomi Redmi Note4x\n<\/span><\/div>","aioseo_breadcrumb_json":[{"label":"Home","link":"https:\/\/www.rucashk.com\/pt"},{"label":"Produtos","link":"https:\/\/www.rucashk.com\/pt\/products\/"},{"label":"Mobile Phone","link":"https:\/\/www.rucashk.com\/pt\/categoria-produto\/mobile-phone\/"},{"label":"Redmi","link":"https:\/\/www.rucashk.com\/pt\/categoria-produto\/mobile-phone\/redmi-mobile-phone\/"},{"label":"Xiaomi Redmi Note4x","link":"https:\/\/www.rucashk.com\/pt\/produto\/xiaomi-redmi-note4x\/"}],"_links":{"self":[{"href":"https:\/\/www.rucashk.com\/pt\/wp-json\/wp\/v2\/product\/22707","targetHints":{"allow":["GET"]}}],"collection":[{"href":"https:\/\/www.rucashk.com\/pt\/wp-json\/wp\/v2\/product"}],"about":[{"href":"https:\/\/www.rucashk.com\/pt\/wp-json\/wp\/v2\/types\/product"}],"wp:featuredmedia":[{"embeddable":true,"href":"https:\/\/www.rucashk.com\/pt\/wp-json\/wp\/v2\/media\/22822"}],"wp:attachment":[{"href":"https:\/\/www.rucashk.com\/pt\/wp-json\/wp\/v2\/media?parent=22707"}],"wp:term":[{"taxonomy":"product_brand","embeddable":true,"href":"https:\/\/www.rucashk.com\/pt\/wp-json\/wp\/v2\/product_brand?post=22707"},{"taxonomy":"product_cat","embeddable":true,"href":"https:\/\/www.rucashk.com\/pt\/wp-json\/wp\/v2\/product_cat?post=22707"},{"taxonomy":"product_tag","embeddable":true,"href":"https:\/\/www.rucashk.com\/pt\/wp-json\/wp\/v2\/product_tag?post=22707"}],"curies":[{"name":"wp","href":"https:\/\/api.w.org\/{rel}","templated":true}]}}