{"id":22705,"date":"2024-01-09T15:47:07","date_gmt":"2024-01-09T15:47:07","guid":{"rendered":"http:\/\/rucashk.com\/?post_type=product&#038;p=22705"},"modified":"2024-03-11T07:55:17","modified_gmt":"2024-03-11T07:55:17","slug":"xiaomi-qin1","status":"publish","type":"product","link":"https:\/\/www.rucashk.com\/pt\/produto\/xiaomi-qin1\/","title":{"rendered":"Xiaomi Qin1"},"content":{"rendered":"<p><img fetchpriority=\"high\" decoding=\"async\" alt=\"Xiaomi Qin1\" class=\"inline-image aligncenter\" src=\"\/wp-content\/uploads\/replace\/3cade5d6bb97292887d07bf584b2887e.jpeg\" width=\"728\" height=\"728\" \/><\/p>\n<p style=\"text-align: center\"><a href=\"https:\/\/www.gsmarena.com\/xiaomi_qin_feature_phone_official-news-32576.php#\">O telefone vem com tela sens\u00edvel ao toque de 2,80 polegadas com resolu\u00e7\u00e3o de 240\u00d7320 pixels. Xiaomi Qin1 \u00e9 alimentado por um processador MediaTek MT6260A dual-core. Ele vem com 8 MB de RAM. O Xiaomi Qin1 \u00e9 alimentado por uma bateria n\u00e3o remov\u00edvel de 1480mAh.<img decoding=\"async\" class=\"aligncenter\" src=\"\/wp-content\/uploads\/replace\/5f343a67e369e6bd0848f21f9774f76a.jpeg\" alt=\"Official Xiaomi Qin slides\" width=\"706\" height=\"439\" \/><\/a><a href=\"https:\/\/www.gsmarena.com\/xiaomi_qin_feature_phone_official-news-32576.php#\"><br \/>\n<img decoding=\"async\" class=\"aligncenter\" src=\"\/wp-content\/uploads\/replace\/900b63a634d8bd239d091d276698e2d5.jpeg\" alt=\"Official Xiaomi Qin slides\" width=\"706\" height=\"440\" \/>Xiaomi Qin1 cont\u00e9m 16 MB de armazenamento embutido. O Xiaomi Qin1 \u00e9 um celular dual-SIM (GSM e GSM) que aceita cart\u00f5es Nano-SIM e Nano-SIM. O Xiaomi Qin1 mede 132,00 x 53,80 x 8,50 mm (altura x largura x espessura). Era <a href=\"https:\/\/www.rucashk.com\/pt\/no-more-white-apple-plans-to-launch-its-apple-pencil-for-black-version\/\" class=\"\" style=\"width: auto !important\" data-wpil-post-to-id=\"10770\">lan\u00e7ado em preto e branco<\/a> cores.<\/a><\/p>\n<p class=\"image-row clearfix\">\u00a0\u00a0<a href=\"https:\/\/www.gsmarena.com\/xiaomi_qin_feature_phone_official-news-32576.php#\"><img loading=\"lazy\" decoding=\"async\" class=\"aligncenter\" src=\"\/wp-content\/uploads\/replace\/97e7771ef4d3efe13d4ff99c6caf0f47.jpeg\" alt=\"More official images of the Xiaomi Qin phone\" width=\"714\" height=\"714\" \/><\/a><\/p>\n<p style=\"text-align: center\">Op\u00e7\u00f5es de conectividade no <a href=\"https:\/\/www.rucashk.com\/pt\/produto\/xiaomi-redmi-airdots-wireless-earphone-bluetooth-5-0-wholesale\/\" class=\"\" style=\"width: auto !important\" data-wpil-post-to-id=\"3205\">Xiaomi Qin1 inclui Wi-Fi, Bluetooth<\/a> v4.20 e USB tipo C.<\/p>\n<h2 class=\"inc _hd\">Especifica\u00e7\u00f5es completas do Xiaomi Qin1<\/h2>\n<div class=\"_gry-bg _spctbl _ovfhide\">\n<div class=\"_flx\">\n<div class=\"_hd\">Em geral<\/div>\n<\/div>\n<table>\n<tbody>\n<tr>\n<td>Marca<\/td>\n<td>Xiaomi<\/td>\n<\/tr>\n<tr>\n<td>Modelo<\/td>\n<td>Qin1<\/td>\n<\/tr>\n<tr>\n<td>Data de lan\u00e7amento<\/td>\n<td>Agosto de 2018<\/td>\n<\/tr>\n<tr>\n<td>Fator de forma<\/td>\n<td>Bar<\/td>\n<\/tr>\n<tr>\n<td>Dimens\u00f5es (mm)<\/td>\n<td>132,00 x 53,80 x 8,50<\/td>\n<\/tr>\n<tr>\n<td>Capacidade da bateria (mAh)<\/td>\n<td>1480<\/td>\n<\/tr>\n<tr>\n<td>Bateria remov\u00edvel<\/td>\n<td>N\u00e3o<\/td>\n<\/tr>\n<tr>\n<td>Cores<\/td>\n<td>Preto branco<\/td>\n<\/tr>\n<\/tbody>\n<\/table>\n<\/div>\n<div class=\"_gry-bg _spctbl _ovfhide\">\n<div class=\"_flx\">\n<div class=\"_hd\">Mostrar<\/div>\n<\/div>\n<table>\n<tbody>\n<tr>\n<td>Tamanho da tela (polegadas)<\/td>\n<td>2.80<\/td>\n<\/tr>\n<tr>\n<td>Tela sens\u00edvel ao toque<\/td>\n<td>Sim<\/td>\n<\/tr>\n<tr>\n<td>Resolu\u00e7\u00e3o<\/td>\n<td>240\u00d7320 pixels<\/td>\n<\/tr>\n<\/tbody>\n<\/table>\n<\/div>\n<div class=\"_gry-bg _spctbl _ovfhide\">\n<div class=\"_flx\">\n<div class=\"_hd\">Hardware<\/div>\n<\/div>\n<table>\n<tbody>\n<tr>\n<td>Processador<\/td>\n<td>n\u00facleo duplo<\/td>\n<\/tr>\n<tr>\n<td>Marca do processador<\/td>\n<td>MediaTek MT6260A<\/td>\n<\/tr>\n<tr>\n<td>BATER<\/td>\n<td>8 MB<\/td>\n<\/tr>\n<tr>\n<td>Armazenamento interno<\/td>\n<td>16MB<\/td>\n<\/tr>\n<tr>\n<td>Armazenamento expans\u00edvel<\/td>\n<td>N\u00e3o<\/td>\n<\/tr>\n<\/tbody>\n<\/table>\n<\/div>\n<div class=\"_gry-bg _spctbl _ovfhide\">\n<div class=\"_flx\">\n<div class=\"_hd\">Conectividade<\/div>\n<\/div>\n<table>\n<tbody>\n<tr>\n<td>Wi-fi<\/td>\n<td>Sim<\/td>\n<\/tr>\n<tr>\n<td>GPS<\/td>\n<td>N\u00e3o<\/td>\n<\/tr>\n<tr>\n<td>Bluetooth<\/td>\n<td>Sim, vers\u00e3o 4.20<\/td>\n<\/tr>\n<tr>\n<td><a href=\"https:\/\/www.rucashk.com\/pt\/produto\/xiaomi-anc-earphones-hybrid-usb-type-c-headphones\/\" class=\"\" style=\"width: auto !important\" data-wpil-post-to-id=\"14393\">USB tipo C<\/a><\/td>\n<td>Sim<\/td>\n<\/tr>\n<tr>\n<td>N\u00famero de SIM<\/td>\n<td>2<\/td>\n<\/tr>\n<tr>\n<td class=\"_sim\" colspan=\"2\">SIM 1<\/td>\n<\/tr>\n<tr>\n<td>Tipo de SIM<\/td>\n<td>Nano SIM<\/td>\n<\/tr>\n<tr>\n<td>GSM\/CDMA<\/td>\n<td>GSM<\/td>\n<\/tr>\n<tr>\n<td class=\"_sim\" colspan=\"2\">SIM 2<\/td>\n<\/tr>\n<tr>\n<td>Tipo de SIM<\/td>\n<td>Nano SIM<\/td>\n<\/tr>\n<tr>\n<td>GSM\/CDMA<\/td>\n<td>GSM<\/td>\n<\/tr>\n<\/tbody>\n<\/table>\n<\/div>","protected":false},"excerpt":{"rendered":"<p>Xiaomi Qin1 comes with a 2.8 inches No display with a screen resolution of 240 x 320 pixels. Display type IPS.<br \/>\nThe smartphone makes use of an Dual Core, MediaTek MT6260A 8 MB RAM and 16 MB Storage default memory capacity.<\/p>\n<p>This storage can be expanded up to another Yes with the help of a microSD Card.<\/p>","protected":false},"featured_media":22820,"template":"","meta":[],"product_brand":[],"product_cat":[1295,1296],"product_tag":[],"class_list":{"0":"post-22705","1":"product","2":"type-product","3":"status-publish","4":"has-post-thumbnail","6":"product_cat-mobile-phone","7":"product_cat-xiaomi-mobile-phone","9":"first","10":"instock","11":"shipping-taxable","12":"product-type-external"},"aioseo_notices":[],"aioseo_head":"\n\t\t<!-- All in One SEO Pro 4.5.9.2 - aioseo.com -->\n\t\t<meta name=\"description\" content=\"Xiaomi Qin1 comes with a 2.8 inches No display with a screen resolution of 240 x 320 pixels. Display type IPS. The smartphone makes use of an Dual Core, MediaTek MT6260A 8 MB RAM and 16 MB Storage default memory capacity. This storage can be expanded up to another Yes with the help of a microSD Card.\" \/>\n\t\t<meta name=\"robots\" content=\"max-image-preview:large\" \/>\n\t\t<link rel=\"canonical\" href=\"https:\/\/www.rucashk.com\/pt\/produto\/xiaomi-qin1\/\" \/>\n\t\t<meta name=\"generator\" content=\"All in One SEO Pro (AIOSEO) 4.5.9.2\" \/>\n\t\t<meta property=\"og:locale\" content=\"pt_PT\" \/>\n\t\t<meta property=\"og:site_name\" content=\"Rucas - One-stop AIoT Distribution Worldwide\" \/>\n\t\t<meta property=\"og:type\" content=\"article\" \/>\n\t\t<meta property=\"og:title\" content=\"Xiaomi Qin1 - Rucas - Wholesale and Distribution\" \/>\n\t\t<meta property=\"og:description\" content=\"Xiaomi Qin1 comes with a 2.8 inches No display with a screen resolution of 240 x 320 pixels. Display type IPS. The smartphone makes use of an Dual Core, MediaTek MT6260A 8 MB RAM and 16 MB Storage default memory capacity. This storage can be expanded up to another Yes with the help of a microSD Card.\" \/>\n\t\t<meta property=\"og:url\" content=\"https:\/\/www.rucashk.com\/pt\/produto\/xiaomi-qin1\/\" \/>\n\t\t<meta property=\"og:image\" content=\"https:\/\/www.rucashk.com\/wp-content\/uploads\/replace\/503b8e645f128a97ccde2b6290747646.jpeg\" \/>\n\t\t<meta property=\"og:image:secure_url\" content=\"https:\/\/www.rucashk.com\/wp-content\/uploads\/replace\/503b8e645f128a97ccde2b6290747646.jpeg\" \/>\n\t\t<meta property=\"og:image:width\" content=\"1456\" \/>\n\t\t<meta property=\"og:image:height\" content=\"816\" \/>\n\t\t<meta property=\"article:published_time\" content=\"2024-01-09T15:47:07+00:00\" \/>\n\t\t<meta property=\"article:modified_time\" content=\"2024-03-11T07:55:17+00:00\" \/>\n\t\t<meta name=\"twitter:card\" content=\"summary_large_image\" \/>\n\t\t<meta name=\"twitter:title\" content=\"Xiaomi Qin1 - Rucas - Wholesale and Distribution\" \/>\n\t\t<meta name=\"twitter:description\" content=\"Xiaomi Qin1 comes with a 2.8 inches No display with a screen resolution of 240 x 320 pixels. Display type IPS. The smartphone makes use of an Dual Core, MediaTek MT6260A 8 MB RAM and 16 MB Storage default memory capacity. This storage can be expanded up to another Yes with the help of a microSD Card.\" \/>\n\t\t<meta name=\"twitter:image\" content=\"https:\/\/www.rucashk.com\/wp-content\/uploads\/replace\/503b8e645f128a97ccde2b6290747646.jpeg\" \/>\n\t\t<script type=\"application\/ld+json\" class=\"aioseo-schema\">\n\t\t\t{\"@context\":\"https:\\\/\\\/schema.org\",\"@graph\":[{\"@type\":\"BreadcrumbList\",\"@id\":\"https:\\\/\\\/www.rucashk.com\\\/pt\\\/produto\\\/xiaomi-qin1\\\/#breadcrumblist\",\"itemListElement\":[{\"@type\":\"ListItem\",\"@id\":\"https:\\\/\\\/www.rucashk.com\\\/pt\\\/#listItem\",\"position\":1,\"name\":\"Home\",\"item\":\"https:\\\/\\\/www.rucashk.com\\\/pt\\\/\",\"nextItem\":\"https:\\\/\\\/www.rucashk.com\\\/pt\\\/produto\\\/xiaomi-qin1\\\/#listItem\"},{\"@type\":\"ListItem\",\"@id\":\"https:\\\/\\\/www.rucashk.com\\\/pt\\\/produto\\\/xiaomi-qin1\\\/#listItem\",\"position\":2,\"name\":\"Xiaomi Qin1\",\"previousItem\":\"https:\\\/\\\/www.rucashk.com\\\/pt\\\/#listItem\"}]},{\"@type\":\"Organization\",\"@id\":\"https:\\\/\\\/www.rucashk.com\\\/pt\\\/#organization\",\"name\":\"Rucas\",\"url\":\"https:\\\/\\\/www.rucashk.com\\\/pt\\\/\",\"logo\":{\"@type\":\"ImageObject\",\"url\":\"https:\\\/\\\/www.rucashk.com\\\/wp-content\\\/uploads\\\/2023\\\/12\\\/Rucas_campany_logo.png\",\"@id\":\"https:\\\/\\\/www.rucashk.com\\\/pt\\\/produto\\\/xiaomi-qin1\\\/#organizationLogo\",\"width\":221,\"height\":65},\"image\":{\"@id\":\"https:\\\/\\\/www.rucashk.com\\\/pt\\\/#organizationLogo\"}},{\"@type\":\"Person\",\"@id\":\"https:\\\/\\\/www.rucashk.com\\\/pt\\\/author\\\/admin\\\/#author\",\"url\":\"https:\\\/\\\/www.rucashk.com\\\/pt\\\/author\\\/admin\\\/\",\"name\":\"admin\",\"image\":{\"@type\":\"ImageObject\",\"@id\":\"https:\\\/\\\/www.rucashk.com\\\/pt\\\/produto\\\/xiaomi-qin1\\\/#authorImage\",\"url\":\"https:\\\/\\\/secure.gravatar.com\\\/avatar\\\/b7c8925b09a27e72b30232f8ecaadbd5af0f70a38c78096863fe51b64f031c24?s=96&d=mm&r=g\",\"width\":96,\"height\":96,\"caption\":\"admin\"}},{\"@type\":\"WebPage\",\"@id\":\"https:\\\/\\\/www.rucashk.com\\\/pt\\\/produto\\\/xiaomi-qin1\\\/#webpage\",\"url\":\"https:\\\/\\\/www.rucashk.com\\\/pt\\\/produto\\\/xiaomi-qin1\\\/\",\"name\":\"Xiaomi Qin1 - Rucas - Wholesale and Distribution\",\"description\":\"Xiaomi Qin1 comes with a 2.8 inches No display with a screen resolution of 240 x 320 pixels. Display type IPS. The smartphone makes use of an Dual Core, MediaTek MT6260A 8 MB RAM and 16 MB Storage default memory capacity. This storage can be expanded up to another Yes with the help of a microSD Card.\",\"inLanguage\":\"pt-PT\",\"isPartOf\":{\"@id\":\"https:\\\/\\\/www.rucashk.com\\\/pt\\\/#website\"},\"breadcrumb\":{\"@id\":\"https:\\\/\\\/www.rucashk.com\\\/pt\\\/produto\\\/xiaomi-qin1\\\/#breadcrumblist\"},\"author\":{\"@id\":\"https:\\\/\\\/www.rucashk.com\\\/pt\\\/author\\\/admin\\\/#author\"},\"creator\":{\"@id\":\"https:\\\/\\\/www.rucashk.com\\\/pt\\\/author\\\/admin\\\/#author\"},\"image\":{\"@type\":\"ImageObject\",\"url\":\"https:\\\/\\\/www.rucashk.com\\\/wp-content\\\/uploads\\\/2024\\\/01\\\/xiaomi-qin1.jpg\",\"@id\":\"https:\\\/\\\/www.rucashk.com\\\/pt\\\/produto\\\/xiaomi-qin1\\\/#mainImage\",\"width\":549,\"height\":546},\"primaryImageOfPage\":{\"@id\":\"https:\\\/\\\/www.rucashk.com\\\/pt\\\/produto\\\/xiaomi-qin1\\\/#mainImage\"},\"datePublished\":\"2024-01-09T15:47:07+00:00\",\"dateModified\":\"2024-03-11T07:55:17+00:00\"},{\"@type\":\"WebSite\",\"@id\":\"https:\\\/\\\/www.rucashk.com\\\/pt\\\/#website\",\"url\":\"https:\\\/\\\/www.rucashk.com\\\/pt\\\/\",\"name\":\"Rucas - Wholesale and distribution worldwide\",\"alternateName\":\"Rucas - One-stop AIoT Distribution Worldwide\",\"description\":\"One-stop AIoT Distribution Worldwide\",\"inLanguage\":\"pt-PT\",\"publisher\":{\"@id\":\"https:\\\/\\\/www.rucashk.com\\\/pt\\\/#organization\"}}]}\n\t\t<\/script>\n\t\t<!-- All in One SEO Pro -->\r\n\t\t<title>Xiaomi Qin1 - Rucas - Wholesale and Distribution<\/title>\n\n","aioseo_head_json":{"title":"Xiaomi Qin1 - Rucas - Wholesale and Distribution","description":"Xiaomi Qin1 comes with a 2.8 inches No display with a screen resolution of 240 x 320 pixels. Display type IPS. The smartphone makes use of an Dual Core, MediaTek MT6260A 8 MB RAM and 16 MB Storage default memory capacity. This storage can be expanded up to another Yes with the help of a microSD Card.","canonical_url":"https:\/\/www.rucashk.com\/pt\/produto\/xiaomi-qin1\/","robots":"max-image-preview:large","keywords":"","webmasterTools":{"miscellaneous":""},"og:locale":"pt_PT","og:site_name":"Rucas - One-stop AIoT Distribution Worldwide","og:type":"article","og:title":"Xiaomi Qin1 - Rucas - Wholesale and Distribution","og:description":"Xiaomi Qin1 comes with a 2.8 inches No display with a screen resolution of 240 x 320 pixels. Display type IPS. The smartphone makes use of an Dual Core, MediaTek MT6260A 8 MB RAM and 16 MB Storage default memory capacity. This storage can be expanded up to another Yes with the help of a microSD Card.","og:url":"https:\/\/www.rucashk.com\/pt\/produto\/xiaomi-qin1\/","og:image":"https:\/\/www.rucashk.com\/wp-content\/uploads\/replace\/503b8e645f128a97ccde2b6290747646.jpeg","og:image:secure_url":"https:\/\/www.rucashk.com\/wp-content\/uploads\/replace\/503b8e645f128a97ccde2b6290747646.jpeg","og:image:width":1456,"og:image:height":816,"article:published_time":"2024-01-09T15:47:07+00:00","article:modified_time":"2024-03-11T07:55:17+00:00","twitter:card":"summary_large_image","twitter:title":"Xiaomi Qin1 - Rucas - Wholesale and Distribution","twitter:description":"Xiaomi Qin1 comes with a 2.8 inches No display with a screen resolution of 240 x 320 pixels. Display type IPS. The smartphone makes use of an Dual Core, MediaTek MT6260A 8 MB RAM and 16 MB Storage default memory capacity. This storage can be expanded up to another Yes with the help of a microSD Card.","twitter:image":"https:\/\/www.rucashk.com\/wp-content\/uploads\/replace\/503b8e645f128a97ccde2b6290747646.jpeg","schema":{"@context":"https:\/\/schema.org","@graph":[{"@type":"BreadcrumbList","@id":"https:\/\/www.rucashk.com\/pt\/produto\/xiaomi-qin1\/#breadcrumblist","itemListElement":[{"@type":"ListItem","@id":"https:\/\/www.rucashk.com\/pt\/#listItem","position":1,"name":"Home","item":"https:\/\/www.rucashk.com\/pt\/","nextItem":"https:\/\/www.rucashk.com\/pt\/produto\/xiaomi-qin1\/#listItem"},{"@type":"ListItem","@id":"https:\/\/www.rucashk.com\/pt\/produto\/xiaomi-qin1\/#listItem","position":2,"name":"Xiaomi Qin1","previousItem":"https:\/\/www.rucashk.com\/pt\/#listItem"}]},{"@type":"Organization","@id":"https:\/\/www.rucashk.com\/pt\/#organization","name":"Rucas","url":"https:\/\/www.rucashk.com\/pt\/","logo":{"@type":"ImageObject","url":"https:\/\/www.rucashk.com\/wp-content\/uploads\/2023\/12\/Rucas_campany_logo.png","@id":"https:\/\/www.rucashk.com\/pt\/produto\/xiaomi-qin1\/#organizationLogo","width":221,"height":65},"image":{"@id":"https:\/\/www.rucashk.com\/pt\/#organizationLogo"}},{"@type":"Person","@id":"https:\/\/www.rucashk.com\/pt\/author\/admin\/#author","url":"https:\/\/www.rucashk.com\/pt\/author\/admin\/","name":"admin","image":{"@type":"ImageObject","@id":"https:\/\/www.rucashk.com\/pt\/produto\/xiaomi-qin1\/#authorImage","url":"https:\/\/secure.gravatar.com\/avatar\/b7c8925b09a27e72b30232f8ecaadbd5af0f70a38c78096863fe51b64f031c24?s=96&d=mm&r=g","width":96,"height":96,"caption":"admin"}},{"@type":"WebPage","@id":"https:\/\/www.rucashk.com\/pt\/produto\/xiaomi-qin1\/#webpage","url":"https:\/\/www.rucashk.com\/pt\/produto\/xiaomi-qin1\/","name":"Xiaomi Qin1 - Rucas - Wholesale and Distribution","description":"Xiaomi Qin1 comes with a 2.8 inches No display with a screen resolution of 240 x 320 pixels. Display type IPS. The smartphone makes use of an Dual Core, MediaTek MT6260A 8 MB RAM and 16 MB Storage default memory capacity. This storage can be expanded up to another Yes with the help of a microSD Card.","inLanguage":"pt-PT","isPartOf":{"@id":"https:\/\/www.rucashk.com\/pt\/#website"},"breadcrumb":{"@id":"https:\/\/www.rucashk.com\/pt\/produto\/xiaomi-qin1\/#breadcrumblist"},"author":{"@id":"https:\/\/www.rucashk.com\/pt\/author\/admin\/#author"},"creator":{"@id":"https:\/\/www.rucashk.com\/pt\/author\/admin\/#author"},"image":{"@type":"ImageObject","url":"https:\/\/www.rucashk.com\/wp-content\/uploads\/2024\/01\/xiaomi-qin1.jpg","@id":"https:\/\/www.rucashk.com\/pt\/produto\/xiaomi-qin1\/#mainImage","width":549,"height":546},"primaryImageOfPage":{"@id":"https:\/\/www.rucashk.com\/pt\/produto\/xiaomi-qin1\/#mainImage"},"datePublished":"2024-01-09T15:47:07+00:00","dateModified":"2024-03-11T07:55:17+00:00"},{"@type":"WebSite","@id":"https:\/\/www.rucashk.com\/pt\/#website","url":"https:\/\/www.rucashk.com\/pt\/","name":"Rucas - Wholesale and distribution worldwide","alternateName":"Rucas - One-stop AIoT Distribution Worldwide","description":"One-stop AIoT Distribution Worldwide","inLanguage":"pt-PT","publisher":{"@id":"https:\/\/www.rucashk.com\/pt\/#organization"}}]}},"aioseo_meta_data":{"post_id":"22705","title":null,"description":null,"keywords":null,"keyphrases":null,"primary_term":null,"canonical_url":null,"og_title":null,"og_description":null,"og_object_type":"default","og_image_type":"default","og_image_url":null,"og_image_width":null,"og_image_height":null,"og_image_custom_url":null,"og_image_custom_fields":null,"og_video":null,"og_custom_url":null,"og_article_section":null,"og_article_tags":null,"twitter_use_og":false,"twitter_card":"default","twitter_image_type":"default","twitter_image_url":null,"twitter_image_custom_url":null,"twitter_image_custom_fields":null,"twitter_title":null,"twitter_description":null,"schema":{"blockGraphs":[],"customGraphs":[],"default":{"data":{"Article":[],"Course":[],"Dataset":[],"FAQPage":[],"Movie":[],"Person":[],"Product":[],"Recipe":[],"Service":[],"SoftwareApplication":[],"WebPage":[]},"graphName":"","isEnabled":true},"graphs":[]},"schema_type":"default","schema_type_options":null,"pillar_content":false,"robots_default":true,"robots_noindex":false,"robots_noarchive":false,"robots_nosnippet":false,"robots_nofollow":false,"robots_noimageindex":false,"robots_noodp":false,"robots_notranslate":false,"robots_max_snippet":null,"robots_max_videopreview":null,"robots_max_imagepreview":"large","priority":null,"frequency":null,"local_seo":null,"breadcrumb_settings":null,"limit_modified_date":false,"created":"2024-04-11 01:55:24","updated":"2025-06-22 16:49:03"},"aioseo_breadcrumb":"<div class=\"aioseo-breadcrumbs\"><span class=\"aioseo-breadcrumb\">\n\t<a href=\"https:\/\/www.rucashk.com\/pt\" title=\"Home\">Home<\/a>\n<\/span><span class=\"aioseo-breadcrumb-separator\">&raquo;<\/span><span class=\"aioseo-breadcrumb\">\n\t<a href=\"https:\/\/www.rucashk.com\/pt\/products\/\" title=\"Produtos\">Produtos<\/a>\n<\/span><span class=\"aioseo-breadcrumb-separator\">&raquo;<\/span><span class=\"aioseo-breadcrumb\">\n\t<a href=\"https:\/\/www.rucashk.com\/pt\/categoria-produto\/mobile-phone\/\" title=\"Mobile Phone\">Mobile Phone<\/a>\n<\/span><span class=\"aioseo-breadcrumb-separator\">&raquo;<\/span><span class=\"aioseo-breadcrumb\">\n\t<a href=\"https:\/\/www.rucashk.com\/pt\/categoria-produto\/mobile-phone\/xiaomi-mobile-phone\/\" title=\"Xiaomi\">Xiaomi<\/a>\n<\/span><span class=\"aioseo-breadcrumb-separator\">&raquo;<\/span><span class=\"aioseo-breadcrumb\">\n\tXiaomi Qin1\n<\/span><\/div>","aioseo_breadcrumb_json":[{"label":"Home","link":"https:\/\/www.rucashk.com\/pt"},{"label":"Produtos","link":"https:\/\/www.rucashk.com\/pt\/products\/"},{"label":"Mobile Phone","link":"https:\/\/www.rucashk.com\/pt\/categoria-produto\/mobile-phone\/"},{"label":"Xiaomi","link":"https:\/\/www.rucashk.com\/pt\/categoria-produto\/mobile-phone\/xiaomi-mobile-phone\/"},{"label":"Xiaomi Qin1","link":"https:\/\/www.rucashk.com\/pt\/produto\/xiaomi-qin1\/"}],"_links":{"self":[{"href":"https:\/\/www.rucashk.com\/pt\/wp-json\/wp\/v2\/product\/22705","targetHints":{"allow":["GET"]}}],"collection":[{"href":"https:\/\/www.rucashk.com\/pt\/wp-json\/wp\/v2\/product"}],"about":[{"href":"https:\/\/www.rucashk.com\/pt\/wp-json\/wp\/v2\/types\/product"}],"wp:featuredmedia":[{"embeddable":true,"href":"https:\/\/www.rucashk.com\/pt\/wp-json\/wp\/v2\/media\/22820"}],"wp:attachment":[{"href":"https:\/\/www.rucashk.com\/pt\/wp-json\/wp\/v2\/media?parent=22705"}],"wp:term":[{"taxonomy":"product_brand","embeddable":true,"href":"https:\/\/www.rucashk.com\/pt\/wp-json\/wp\/v2\/product_brand?post=22705"},{"taxonomy":"product_cat","embeddable":true,"href":"https:\/\/www.rucashk.com\/pt\/wp-json\/wp\/v2\/product_cat?post=22705"},{"taxonomy":"product_tag","embeddable":true,"href":"https:\/\/www.rucashk.com\/pt\/wp-json\/wp\/v2\/product_tag?post=22705"}],"curies":[{"name":"wp","href":"https:\/\/api.w.org\/{rel}","templated":true}]}}