{"id":22670,"date":"2024-01-09T15:46:42","date_gmt":"2024-01-09T15:46:42","guid":{"rendered":"http:\/\/rucashk.com\/?post_type=product&#038;p=22670"},"modified":"2024-03-13T10:16:35","modified_gmt":"2024-03-13T10:16:35","slug":"ninebot-kickscooter-g30-max-wholesale","status":"publish","type":"product","link":"https:\/\/www.rucashk.com\/pt\/produto\/ninebot-kickscooter-g30-max-wholesale\/","title":{"rendered":"Ninebot Kickscooter G30 Max atacado"},"content":{"rendered":"<p><img fetchpriority=\"high\" decoding=\"async\" class=\"alignnone\" src=\"\/wp-content\/uploads\/replace\/6d3cb869c170a042a46329b525971afd.jpeg\" alt=\"Ninebot\u00a0Kickscooter G30 Max Wholesale\" width=\"1357\" height=\"784\" \/><img decoding=\"async\" class=\"alignnone\" src=\"\/wp-content\/uploads\/replace\/81432c88661c679dbaf1e0112f24fd09.jpeg\" alt=\"Ninebot\u00a0Kickscooter G30 Max Wholesale\" width=\"1357\" height=\"534\" \/><img decoding=\"async\" class=\"alignnone\" src=\"\/wp-content\/uploads\/replace\/d1631aa831b66b885b5a19c7b5e1b616.jpeg\" alt=\"Ninebot\u00a0Kickscooter G30 Max Wholesale\" width=\"671\" height=\"441\" \/><\/p>\n<h2>V\u00e1 em busca de milhas extras com pneus cheios de ar suaves e autocur\u00e1veis<\/h2>\n<p><img loading=\"lazy\" decoding=\"async\" class=\"alignnone\" src=\"\/wp-content\/uploads\/replace\/32128bfa281d9195c995833198991629.jpeg\" alt=\"Ninebot\u00a0Kickscooter G30 Max Wholesale\" width=\"671\" height=\"441\" \/><\/p>\n<h2>Tr\u00eas modos de pilotagem para atender aos seus estilos de pilotagem<\/h2>\n<p><img loading=\"lazy\" decoding=\"async\" class=\"alignnone\" src=\"\/wp-content\/uploads\/replace\/52921eb0913c5991ab6346ed7f430c37.jpeg\" alt=\"Ninebot\u00a0Kickscooter G30 Max Wholesale\" width=\"1357\" height=\"819\" \/><\/p>\n<p><img loading=\"lazy\" decoding=\"async\" class=\"alignnone\" src=\"\/wp-content\/uploads\/replace\/fa4a756317f9b74e7b16ca020c4800fd.jpeg\" alt=\"Ninebot\u00a0Kickscooter G30 Max Wholesale\" width=\"671\" height=\"441\" \/><\/p>\n<h2>Sistema inteligente de gerenciamento de bateria (Smart-BMS)<\/h2>\n<p><img loading=\"lazy\" decoding=\"async\" class=\"alignnone\" src=\"\/wp-content\/uploads\/replace\/7af7f162f5f957c37d4e3af017e55e2a.jpeg\" alt=\"Ninebot\u00a0Kickscooter G30 Max Wholesale\" width=\"671\" height=\"441\" \/><\/p>\n<h2>Freio regenerativo para reciclagem de energia<\/h2>\n<p><img loading=\"lazy\" decoding=\"async\" class=\"alignnone\" src=\"\/wp-content\/uploads\/replace\/b6998f8fa6232c1c95894b49d3797ad3.jpeg\" alt=\"Ninebot\u00a0Kickscooter G30 Max Wholesale\" width=\"1357\" height=\"534\" \/><img loading=\"lazy\" decoding=\"async\" class=\"alignnone\" src=\"\/wp-content\/uploads\/replace\/6495092cf1b8b0519f404ed13bf9aea4.jpeg\" alt=\"Ninebot\u00a0Kickscooter G30 Max Wholesale\" width=\"671\" height=\"441\" \/><img loading=\"lazy\" decoding=\"async\" class=\"alignnone\" src=\"\/wp-content\/uploads\/replace\/e23cb2b82d8d46f4dde83f54455bd85c.jpeg\" alt=\"Ninebot\u00a0Kickscooter G30 Max Wholesale\" width=\"671\" height=\"441\" \/><img loading=\"lazy\" decoding=\"async\" class=\"alignnone\" src=\"\/wp-content\/uploads\/replace\/cf0fd30bfc744eed109194d811f01199.jpeg\" alt=\"Ninebot\u00a0Kickscooter G30 Max Wholesale\" width=\"1357\" height=\"819\" \/><img loading=\"lazy\" decoding=\"async\" class=\"alignnone\" src=\"\/wp-content\/uploads\/replace\/005c549eab37a6b0b31d5f730ce967cb.jpeg\" alt=\"Ninebot\u00a0Kickscooter G30 Max Wholesale\" width=\"440\" height=\"412\" \/><img loading=\"lazy\" decoding=\"async\" class=\"alignnone\" src=\"\/wp-content\/uploads\/replace\/d6f93ecdffff06b75879304f81ee123e.jpeg\" alt=\"Ninebot\u00a0Kickscooter G30 Max Wholesale\" width=\"440\" height=\"412\" \/><img loading=\"lazy\" decoding=\"async\" class=\"alignnone\" src=\"\/wp-content\/uploads\/replace\/192000cfbf71fde2a9198ac29db95681.jpeg\" alt=\"Ninebot\u00a0Kickscooter G30 Max Wholesale\" width=\"440\" height=\"412\" \/><\/p>\n<p>Produto: Ninebot Kickscooter MAX G30<br \/>\nIdade adequada: mais de 14 anos de idade<br \/>\nM\u00e1x. Velocidade: 18,6 mph\/30 km\/h<br \/>\nPeso l\u00edquido: 19,1kg<br \/>\nM\u00e1x. Quilometragem: At\u00e9 65 km<br \/>\nDimens\u00f5es: Dobrado: 1167x472x1203 (mm)<br \/>\nDobrado: 1167x472x534 (mm)<br \/>\nBateria: 551Wh<br \/>\nExibi\u00e7\u00e3o de informa\u00e7\u00f5es: exibi\u00e7\u00e3o de informa\u00e7\u00f5es do painel totalmente colorido<br \/>\nFreio: Freio eletr\u00f4nico e regenerativo (traseiro) e freio a tambor (dianteiro)<br \/>\nLuzes: dianteira e traseira e luz de freio e refletores laterais\/traseiros<br \/>\nLuzes traseiras luzes de freio: Sim (piscando)<br \/>\nTamanho do pneu: 25,4 cm \/ 10 polegadas<br \/>\nM\u00e1x. Canto de subida: At\u00e9 20\u00b0<br \/>\nPeso m\u00e1ximo do motorista: 100kg<br \/>\nResist\u00eancia \u00e0 \u00e1gua: IPX5<br \/>\nPot\u00eancia de sa\u00edda: 350W<br \/>\nMecanismo de dobramento: dobramento f\u00e1cil (precisa de m\u00e3os)<br \/>\nCampainha: Integrada (tor\u00e7\u00e3o)<br \/>\nModo de condu\u00e7\u00e3o: 3 (Eco, Drive, Sport) do ve\u00edculo; 1 modo pedestre<br \/>\nM\u00e1x. Tempo de carregamento: 6 horas<br \/>\nDimens\u00f5es da caixa: 120,2\u00d722,2\u00d760,5 (cm)<\/p>","protected":false},"excerpt":{"rendered":"<div class=\"collapsible active\">Principais caracter\u00edsticas:<\/div>\n<div><\/div>\n<div class=\"content\">\n<div class=\"feature-item\">\n<div class=\"feature-text\">-Pneus pneum\u00e1ticos de 10 polegadas<\/div>\n<\/div>\n<div class=\"feature-item\">\n<div class=\"feature-text\">-Luzes LED frontais integradas<\/div>\n<\/div>\n<div class=\"feature-item\">\n<div class=\"feature-text\">-18,6 mph Velocidade m\u00e1xima *A velocidade m\u00e1xima pode ser afetada pelo n\u00edvel da bateria, temperatura ambiente e tra\u00e7\u00e3o dispon\u00edvel.\u201d<\/div>\n<\/div>\n<div class=\"feature-item\">\n<div class=\"feature-text\">-40,4 milhas de alcance<\/div>\n<\/div>\n<div class=\"feature-item\">\n<div class=\"feature-text\">-20% Grau de colina<\/div>\n<\/div>\n<div class=\"feature-item\">\n<div class=\"feature-text\">-IPX5 resistente \u00e0 \u00e1gua<\/div>\n<\/div>\n<div class=\"feature-item\">\n<div class=\"feature-text\">-6H de carregamento r\u00e1pido<\/div>\n<\/div>\n<div class=\"feature-item\">\n<div class=\"feature-text\">-Bateria de 551Wh<\/div>\n<\/div>\n<div class=\"feature-item\">\n<div class=\"feature-text\">Carga de peso de -220 libras<\/div>\n<\/div>\n<\/div>","protected":false},"featured_media":22808,"template":"","meta":[],"product_brand":[],"product_cat":[1321,1305],"product_tag":[766],"class_list":{"0":"post-22670","1":"product","2":"type-product","3":"status-publish","4":"has-post-thumbnail","6":"product_cat-sports","7":"product_cat-xiaomi-eco","8":"product_tag-ninebot-kickscooter-max","10":"first","11":"instock","12":"shipping-taxable","13":"product-type-external"},"aioseo_notices":[],"aioseo_head":"\n\t\t<!-- All in One SEO Pro 4.5.9.2 - aioseo.com -->\n\t\t<meta name=\"description\" content=\"Main Features: -10-inch Pneumatic Tires -Built-In Front LED Lights -18.6 mph Top Speed *Top speed may be impacted by battery level, environmental temperature and available -traction.\u201d -40.4 Miles Range -20% Hill Grade -IPX5 Water-Resistant -6H Fast Charging -551Wh Battery -220Lbs Weight Load\" \/>\n\t\t<meta name=\"robots\" content=\"max-image-preview:large\" \/>\n\t\t<link rel=\"canonical\" href=\"https:\/\/www.rucashk.com\/pt\/produto\/ninebot-kickscooter-g30-max-wholesale\/\" \/>\n\t\t<meta name=\"generator\" content=\"All in One SEO Pro (AIOSEO) 4.5.9.2\" \/>\n\t\t<meta property=\"og:locale\" content=\"pt_PT\" \/>\n\t\t<meta property=\"og:site_name\" content=\"Rucas - One-stop AIoT Distribution Worldwide\" \/>\n\t\t<meta property=\"og:type\" content=\"article\" \/>\n\t\t<meta property=\"og:title\" content=\"Ninebot Kickscooter G30 Max Wholesale - Rucas - Wholesale and Distribution\" \/>\n\t\t<meta property=\"og:description\" content=\"Main Features: -10-inch Pneumatic Tires -Built-In Front LED Lights -18.6 mph Top Speed *Top speed may be impacted by battery level, environmental temperature and available -traction.\u201d -40.4 Miles Range -20% Hill Grade -IPX5 Water-Resistant -6H Fast Charging -551Wh Battery -220Lbs Weight Load\" \/>\n\t\t<meta property=\"og:url\" content=\"https:\/\/www.rucashk.com\/pt\/produto\/ninebot-kickscooter-g30-max-wholesale\/\" \/>\n\t\t<meta property=\"og:image\" content=\"https:\/\/www.rucashk.com\/wp-content\/uploads\/replace\/503b8e645f128a97ccde2b6290747646.jpeg\" \/>\n\t\t<meta property=\"og:image:secure_url\" content=\"https:\/\/www.rucashk.com\/wp-content\/uploads\/replace\/503b8e645f128a97ccde2b6290747646.jpeg\" \/>\n\t\t<meta property=\"og:image:width\" content=\"1456\" \/>\n\t\t<meta property=\"og:image:height\" content=\"816\" \/>\n\t\t<meta property=\"article:published_time\" content=\"2024-01-09T15:46:42+00:00\" \/>\n\t\t<meta property=\"article:modified_time\" content=\"2024-03-13T10:16:35+00:00\" \/>\n\t\t<meta name=\"twitter:card\" content=\"summary_large_image\" \/>\n\t\t<meta name=\"twitter:title\" content=\"Ninebot Kickscooter G30 Max Wholesale - Rucas - Wholesale and Distribution\" \/>\n\t\t<meta name=\"twitter:description\" content=\"Main Features: -10-inch Pneumatic Tires -Built-In Front LED Lights -18.6 mph Top Speed *Top speed may be impacted by battery level, environmental temperature and available -traction.\u201d -40.4 Miles Range -20% Hill Grade -IPX5 Water-Resistant -6H Fast Charging -551Wh Battery -220Lbs Weight Load\" \/>\n\t\t<meta name=\"twitter:image\" content=\"https:\/\/www.rucashk.com\/wp-content\/uploads\/replace\/503b8e645f128a97ccde2b6290747646.jpeg\" \/>\n\t\t<script type=\"application\/ld+json\" class=\"aioseo-schema\">\n\t\t\t{\"@context\":\"https:\\\/\\\/schema.org\",\"@graph\":[{\"@type\":\"BreadcrumbList\",\"@id\":\"https:\\\/\\\/www.rucashk.com\\\/pt\\\/produto\\\/ninebot-kickscooter-g30-max-wholesale\\\/#breadcrumblist\",\"itemListElement\":[{\"@type\":\"ListItem\",\"@id\":\"https:\\\/\\\/www.rucashk.com\\\/pt\\\/#listItem\",\"position\":1,\"name\":\"Home\",\"item\":\"https:\\\/\\\/www.rucashk.com\\\/pt\\\/\",\"nextItem\":\"https:\\\/\\\/www.rucashk.com\\\/pt\\\/produto\\\/ninebot-kickscooter-g30-max-wholesale\\\/#listItem\"},{\"@type\":\"ListItem\",\"@id\":\"https:\\\/\\\/www.rucashk.com\\\/pt\\\/produto\\\/ninebot-kickscooter-g30-max-wholesale\\\/#listItem\",\"position\":2,\"name\":\"Ninebot Kickscooter G30 Max Wholesale\",\"previousItem\":\"https:\\\/\\\/www.rucashk.com\\\/pt\\\/#listItem\"}]},{\"@type\":\"Organization\",\"@id\":\"https:\\\/\\\/www.rucashk.com\\\/pt\\\/#organization\",\"name\":\"Rucas\",\"url\":\"https:\\\/\\\/www.rucashk.com\\\/pt\\\/\",\"logo\":{\"@type\":\"ImageObject\",\"url\":\"https:\\\/\\\/www.rucashk.com\\\/wp-content\\\/uploads\\\/2023\\\/12\\\/Rucas_campany_logo.png\",\"@id\":\"https:\\\/\\\/www.rucashk.com\\\/pt\\\/produto\\\/ninebot-kickscooter-g30-max-wholesale\\\/#organizationLogo\",\"width\":221,\"height\":65},\"image\":{\"@id\":\"https:\\\/\\\/www.rucashk.com\\\/pt\\\/#organizationLogo\"}},{\"@type\":\"Person\",\"@id\":\"https:\\\/\\\/www.rucashk.com\\\/pt\\\/author\\\/admin\\\/#author\",\"url\":\"https:\\\/\\\/www.rucashk.com\\\/pt\\\/author\\\/admin\\\/\",\"name\":\"admin\",\"image\":{\"@type\":\"ImageObject\",\"@id\":\"https:\\\/\\\/www.rucashk.com\\\/pt\\\/produto\\\/ninebot-kickscooter-g30-max-wholesale\\\/#authorImage\",\"url\":\"https:\\\/\\\/secure.gravatar.com\\\/avatar\\\/b7c8925b09a27e72b30232f8ecaadbd5af0f70a38c78096863fe51b64f031c24?s=96&d=mm&r=g\",\"width\":96,\"height\":96,\"caption\":\"admin\"}},{\"@type\":\"WebPage\",\"@id\":\"https:\\\/\\\/www.rucashk.com\\\/pt\\\/produto\\\/ninebot-kickscooter-g30-max-wholesale\\\/#webpage\",\"url\":\"https:\\\/\\\/www.rucashk.com\\\/pt\\\/produto\\\/ninebot-kickscooter-g30-max-wholesale\\\/\",\"name\":\"Ninebot Kickscooter G30 Max Wholesale - Rucas - Wholesale and Distribution\",\"description\":\"Main Features: -10-inch Pneumatic Tires -Built-In Front LED Lights -18.6 mph Top Speed *Top speed may be impacted by battery level, environmental temperature and available -traction.\\u201d -40.4 Miles Range -20% Hill Grade -IPX5 Water-Resistant -6H Fast Charging -551Wh Battery -220Lbs Weight Load\",\"inLanguage\":\"pt-PT\",\"isPartOf\":{\"@id\":\"https:\\\/\\\/www.rucashk.com\\\/pt\\\/#website\"},\"breadcrumb\":{\"@id\":\"https:\\\/\\\/www.rucashk.com\\\/pt\\\/produto\\\/ninebot-kickscooter-g30-max-wholesale\\\/#breadcrumblist\"},\"author\":{\"@id\":\"https:\\\/\\\/www.rucashk.com\\\/pt\\\/author\\\/admin\\\/#author\"},\"creator\":{\"@id\":\"https:\\\/\\\/www.rucashk.com\\\/pt\\\/author\\\/admin\\\/#author\"},\"image\":{\"@type\":\"ImageObject\",\"url\":\"https:\\\/\\\/www.rucashk.com\\\/wp-content\\\/uploads\\\/2024\\\/01\\\/5_\\u526f\\u672c-3.jpg\",\"@id\":\"https:\\\/\\\/www.rucashk.com\\\/pt\\\/produto\\\/ninebot-kickscooter-g30-max-wholesale\\\/#mainImage\",\"width\":800,\"height\":800},\"primaryImageOfPage\":{\"@id\":\"https:\\\/\\\/www.rucashk.com\\\/pt\\\/produto\\\/ninebot-kickscooter-g30-max-wholesale\\\/#mainImage\"},\"datePublished\":\"2024-01-09T15:46:42+00:00\",\"dateModified\":\"2024-03-13T10:16:35+00:00\"},{\"@type\":\"WebSite\",\"@id\":\"https:\\\/\\\/www.rucashk.com\\\/pt\\\/#website\",\"url\":\"https:\\\/\\\/www.rucashk.com\\\/pt\\\/\",\"name\":\"Rucas - Wholesale and distribution worldwide\",\"alternateName\":\"Rucas - One-stop AIoT Distribution Worldwide\",\"description\":\"One-stop AIoT Distribution Worldwide\",\"inLanguage\":\"pt-PT\",\"publisher\":{\"@id\":\"https:\\\/\\\/www.rucashk.com\\\/pt\\\/#organization\"}}]}\n\t\t<\/script>\n\t\t<!-- All in One SEO Pro -->\r\n\t\t<title>Ninebot Kickscooter G30 Max Wholesale - Rucas - Wholesale and Distribution<\/title>\n\n","aioseo_head_json":{"title":"Ninebot Kickscooter G30 Max Wholesale - Rucas - Wholesale and Distribution","description":"Main Features: -10-inch Pneumatic Tires -Built-In Front LED Lights -18.6 mph Top Speed *Top speed may be impacted by battery level, environmental temperature and available -traction.\u201d -40.4 Miles Range -20% Hill Grade -IPX5 Water-Resistant -6H Fast Charging -551Wh Battery -220Lbs Weight Load","canonical_url":"https:\/\/www.rucashk.com\/pt\/produto\/ninebot-kickscooter-g30-max-wholesale\/","robots":"max-image-preview:large","keywords":"","webmasterTools":{"miscellaneous":""},"og:locale":"pt_PT","og:site_name":"Rucas - One-stop AIoT Distribution Worldwide","og:type":"article","og:title":"Ninebot Kickscooter G30 Max Wholesale - Rucas - Wholesale and Distribution","og:description":"Main Features: -10-inch Pneumatic Tires -Built-In Front LED Lights -18.6 mph Top Speed *Top speed may be impacted by battery level, environmental temperature and available -traction.\u201d -40.4 Miles Range -20% Hill Grade -IPX5 Water-Resistant -6H Fast Charging -551Wh Battery -220Lbs Weight Load","og:url":"https:\/\/www.rucashk.com\/pt\/produto\/ninebot-kickscooter-g30-max-wholesale\/","og:image":"https:\/\/www.rucashk.com\/wp-content\/uploads\/replace\/503b8e645f128a97ccde2b6290747646.jpeg","og:image:secure_url":"https:\/\/www.rucashk.com\/wp-content\/uploads\/replace\/503b8e645f128a97ccde2b6290747646.jpeg","og:image:width":1456,"og:image:height":816,"article:published_time":"2024-01-09T15:46:42+00:00","article:modified_time":"2024-03-13T10:16:35+00:00","twitter:card":"summary_large_image","twitter:title":"Ninebot Kickscooter G30 Max Wholesale - Rucas - Wholesale and Distribution","twitter:description":"Main Features: -10-inch Pneumatic Tires -Built-In Front LED Lights -18.6 mph Top Speed *Top speed may be impacted by battery level, environmental temperature and available -traction.\u201d -40.4 Miles Range -20% Hill Grade -IPX5 Water-Resistant -6H Fast Charging -551Wh Battery -220Lbs Weight Load","twitter:image":"https:\/\/www.rucashk.com\/wp-content\/uploads\/replace\/503b8e645f128a97ccde2b6290747646.jpeg","schema":{"@context":"https:\/\/schema.org","@graph":[{"@type":"BreadcrumbList","@id":"https:\/\/www.rucashk.com\/pt\/produto\/ninebot-kickscooter-g30-max-wholesale\/#breadcrumblist","itemListElement":[{"@type":"ListItem","@id":"https:\/\/www.rucashk.com\/pt\/#listItem","position":1,"name":"Home","item":"https:\/\/www.rucashk.com\/pt\/","nextItem":"https:\/\/www.rucashk.com\/pt\/produto\/ninebot-kickscooter-g30-max-wholesale\/#listItem"},{"@type":"ListItem","@id":"https:\/\/www.rucashk.com\/pt\/produto\/ninebot-kickscooter-g30-max-wholesale\/#listItem","position":2,"name":"Ninebot Kickscooter G30 Max Wholesale","previousItem":"https:\/\/www.rucashk.com\/pt\/#listItem"}]},{"@type":"Organization","@id":"https:\/\/www.rucashk.com\/pt\/#organization","name":"Rucas","url":"https:\/\/www.rucashk.com\/pt\/","logo":{"@type":"ImageObject","url":"https:\/\/www.rucashk.com\/wp-content\/uploads\/2023\/12\/Rucas_campany_logo.png","@id":"https:\/\/www.rucashk.com\/pt\/produto\/ninebot-kickscooter-g30-max-wholesale\/#organizationLogo","width":221,"height":65},"image":{"@id":"https:\/\/www.rucashk.com\/pt\/#organizationLogo"}},{"@type":"Person","@id":"https:\/\/www.rucashk.com\/pt\/author\/admin\/#author","url":"https:\/\/www.rucashk.com\/pt\/author\/admin\/","name":"admin","image":{"@type":"ImageObject","@id":"https:\/\/www.rucashk.com\/pt\/produto\/ninebot-kickscooter-g30-max-wholesale\/#authorImage","url":"https:\/\/secure.gravatar.com\/avatar\/b7c8925b09a27e72b30232f8ecaadbd5af0f70a38c78096863fe51b64f031c24?s=96&d=mm&r=g","width":96,"height":96,"caption":"admin"}},{"@type":"WebPage","@id":"https:\/\/www.rucashk.com\/pt\/produto\/ninebot-kickscooter-g30-max-wholesale\/#webpage","url":"https:\/\/www.rucashk.com\/pt\/produto\/ninebot-kickscooter-g30-max-wholesale\/","name":"Ninebot Kickscooter G30 Max Wholesale - Rucas - Wholesale and Distribution","description":"Main Features: -10-inch Pneumatic Tires -Built-In Front LED Lights -18.6 mph Top Speed *Top speed may be impacted by battery level, environmental temperature and available -traction.\u201d -40.4 Miles Range -20% Hill Grade -IPX5 Water-Resistant -6H Fast Charging -551Wh Battery -220Lbs Weight Load","inLanguage":"pt-PT","isPartOf":{"@id":"https:\/\/www.rucashk.com\/pt\/#website"},"breadcrumb":{"@id":"https:\/\/www.rucashk.com\/pt\/produto\/ninebot-kickscooter-g30-max-wholesale\/#breadcrumblist"},"author":{"@id":"https:\/\/www.rucashk.com\/pt\/author\/admin\/#author"},"creator":{"@id":"https:\/\/www.rucashk.com\/pt\/author\/admin\/#author"},"image":{"@type":"ImageObject","url":"https:\/\/www.rucashk.com\/wp-content\/uploads\/2024\/01\/5_\u526f\u672c-3.jpg","@id":"https:\/\/www.rucashk.com\/pt\/produto\/ninebot-kickscooter-g30-max-wholesale\/#mainImage","width":800,"height":800},"primaryImageOfPage":{"@id":"https:\/\/www.rucashk.com\/pt\/produto\/ninebot-kickscooter-g30-max-wholesale\/#mainImage"},"datePublished":"2024-01-09T15:46:42+00:00","dateModified":"2024-03-13T10:16:35+00:00"},{"@type":"WebSite","@id":"https:\/\/www.rucashk.com\/pt\/#website","url":"https:\/\/www.rucashk.com\/pt\/","name":"Rucas - Wholesale and distribution worldwide","alternateName":"Rucas - One-stop AIoT Distribution Worldwide","description":"One-stop AIoT Distribution Worldwide","inLanguage":"pt-PT","publisher":{"@id":"https:\/\/www.rucashk.com\/pt\/#organization"}}]}},"aioseo_meta_data":{"post_id":"22670","title":null,"description":null,"keywords":null,"keyphrases":null,"primary_term":null,"canonical_url":null,"og_title":null,"og_description":null,"og_object_type":"default","og_image_type":"default","og_image_url":null,"og_image_width":null,"og_image_height":null,"og_image_custom_url":null,"og_image_custom_fields":null,"og_video":null,"og_custom_url":null,"og_article_section":null,"og_article_tags":null,"twitter_use_og":false,"twitter_card":"default","twitter_image_type":"default","twitter_image_url":null,"twitter_image_custom_url":null,"twitter_image_custom_fields":null,"twitter_title":null,"twitter_description":null,"schema":{"blockGraphs":[],"customGraphs":[],"default":{"data":{"Article":[],"Course":[],"Dataset":[],"FAQPage":[],"Movie":[],"Person":[],"Product":[],"Recipe":[],"Service":[],"SoftwareApplication":[],"WebPage":[]},"graphName":"","isEnabled":true},"graphs":[]},"schema_type":"default","schema_type_options":null,"pillar_content":false,"robots_default":true,"robots_noindex":false,"robots_noarchive":false,"robots_nosnippet":false,"robots_nofollow":false,"robots_noimageindex":false,"robots_noodp":false,"robots_notranslate":false,"robots_max_snippet":null,"robots_max_videopreview":null,"robots_max_imagepreview":"large","priority":null,"frequency":null,"local_seo":null,"breadcrumb_settings":null,"limit_modified_date":false,"created":"2024-04-11 01:55:24","updated":"2025-06-22 16:49:02"},"aioseo_breadcrumb":"<div class=\"aioseo-breadcrumbs\"><span class=\"aioseo-breadcrumb\">\n\t<a href=\"https:\/\/www.rucashk.com\/pt\" title=\"Home\">Home<\/a>\n<\/span><span class=\"aioseo-breadcrumb-separator\">&raquo;<\/span><span class=\"aioseo-breadcrumb\">\n\t<a href=\"https:\/\/www.rucashk.com\/pt\/products\/\" title=\"Produtos\">Produtos<\/a>\n<\/span><span class=\"aioseo-breadcrumb-separator\">&raquo;<\/span><span class=\"aioseo-breadcrumb\">\n\t<a href=\"https:\/\/www.rucashk.com\/pt\/categoria-produto\/xiaomi-eco\/\" title=\"Xiaomi Eco\">Xiaomi Eco<\/a>\n<\/span><span class=\"aioseo-breadcrumb-separator\">&raquo;<\/span><span class=\"aioseo-breadcrumb\">\n\t<a href=\"https:\/\/www.rucashk.com\/pt\/categoria-produto\/xiaomi-eco\/sports\/\" title=\"Sports\">Sports<\/a>\n<\/span><span class=\"aioseo-breadcrumb-separator\">&raquo;<\/span><span class=\"aioseo-breadcrumb\">\n\tNinebot Kickscooter G30 Max Wholesale\n<\/span><\/div>","aioseo_breadcrumb_json":[{"label":"Home","link":"https:\/\/www.rucashk.com\/pt"},{"label":"Produtos","link":"https:\/\/www.rucashk.com\/pt\/products\/"},{"label":"Xiaomi Eco","link":"https:\/\/www.rucashk.com\/pt\/categoria-produto\/xiaomi-eco\/"},{"label":"Sports","link":"https:\/\/www.rucashk.com\/pt\/categoria-produto\/xiaomi-eco\/sports\/"},{"label":"Ninebot Kickscooter G30 Max Wholesale","link":"https:\/\/www.rucashk.com\/pt\/produto\/ninebot-kickscooter-g30-max-wholesale\/"}],"_links":{"self":[{"href":"https:\/\/www.rucashk.com\/pt\/wp-json\/wp\/v2\/product\/22670","targetHints":{"allow":["GET"]}}],"collection":[{"href":"https:\/\/www.rucashk.com\/pt\/wp-json\/wp\/v2\/product"}],"about":[{"href":"https:\/\/www.rucashk.com\/pt\/wp-json\/wp\/v2\/types\/product"}],"wp:featuredmedia":[{"embeddable":true,"href":"https:\/\/www.rucashk.com\/pt\/wp-json\/wp\/v2\/media\/22808"}],"wp:attachment":[{"href":"https:\/\/www.rucashk.com\/pt\/wp-json\/wp\/v2\/media?parent=22670"}],"wp:term":[{"taxonomy":"product_brand","embeddable":true,"href":"https:\/\/www.rucashk.com\/pt\/wp-json\/wp\/v2\/product_brand?post=22670"},{"taxonomy":"product_cat","embeddable":true,"href":"https:\/\/www.rucashk.com\/pt\/wp-json\/wp\/v2\/product_cat?post=22670"},{"taxonomy":"product_tag","embeddable":true,"href":"https:\/\/www.rucashk.com\/pt\/wp-json\/wp\/v2\/product_tag?post=22670"}],"curies":[{"name":"wp","href":"https:\/\/api.w.org\/{rel}","templated":true}]}}