{"id":22667,"date":"2024-01-09T15:46:41","date_gmt":"2024-01-09T15:46:41","guid":{"rendered":"http:\/\/rucashk.com\/?post_type=product&#038;p=22667"},"modified":"2024-03-13T08:52:28","modified_gmt":"2024-03-13T08:52:28","slug":"mijia-handheld-vacuum-cleaner-1c-wholesale","status":"publish","type":"product","link":"https:\/\/www.rucashk.com\/pt\/produto\/mijia-handheld-vacuum-cleaner-1c-wholesale\/","title":{"rendered":"Aspirador de p\u00f3 port\u00e1til Mijia 1C atacado"},"content":{"rendered":"<h2 style=\"text-align: center\"><strong>Aspirador de p\u00f3 port\u00e1til Imilab 1C\u00a0<\/strong><\/h2>\n<p><img fetchpriority=\"high\" decoding=\"async\" class=\"alignnone\" src=\"\/wp-content\/uploads\/replace\/b5a89caeac54c39f032bbab7640873a7.jpeg\" alt=\"Mijia Handheld Vacuum Cleaner 1C Wholesale\" width=\"1000\" height=\"697\" \/><img decoding=\"async\" class=\"alignnone\" src=\"\/wp-content\/uploads\/replace\/b1b0ad9de60ab904952e1c6e10d76f16.jpeg\" alt=\"Imilab Handheld Vacuum Cleaner 1C Wholesale\" width=\"1000\" height=\"470\" \/><img decoding=\"async\" class=\"alignnone\" src=\"\/wp-content\/uploads\/replace\/4ff68fec6423fe4d7ad9c37b847b92d9.jpeg\" alt=\"Mijia Handheld Vacuum Cleaner 1C Wholesale\" width=\"1000\" height=\"669\" \/><img loading=\"lazy\" decoding=\"async\" class=\"alignnone\" src=\"\/wp-content\/uploads\/replace\/fc06500db363e9b78b58852fd5d3d836.jpeg\" alt=\"Imilab Handheld Vacuum Cleaner 1C Wholesale\" width=\"1000\" height=\"598\" \/><img loading=\"lazy\" decoding=\"async\" class=\"alignnone\" src=\"\/wp-content\/uploads\/replace\/a25d3adce6e23975241e0b7b1b9b24aa.jpeg\" alt=\"Mijia Handheld Vacuum Cleaner 1C Wholesale\" width=\"1000\" height=\"658\" \/><img loading=\"lazy\" decoding=\"async\" class=\"alignnone\" src=\"\/wp-content\/uploads\/replace\/b27e5c8d7a831596df2c5b9155efb2fc.jpeg\" alt=\"Mijia Handheld Vacuum Cleaner 1C Wholesale\" width=\"1000\" height=\"698\" \/><img loading=\"lazy\" decoding=\"async\" class=\"alignnone\" src=\"\/wp-content\/uploads\/replace\/cfb999dc974de927f79414903b2e0e3b.jpeg\" alt=\"Imilab Handheld Vacuum Cleaner 1C Wholesale\" width=\"1000\" height=\"571\" \/><img loading=\"lazy\" decoding=\"async\" class=\"alignnone\" src=\"\/wp-content\/uploads\/replace\/af392af618630f0488fa7807567d051a.jpeg\" alt=\"Imilab Handheld Vacuum Cleaner 1C Wholesale\" width=\"1000\" height=\"604\" \/><img loading=\"lazy\" decoding=\"async\" class=\"alignnone\" src=\"\/wp-content\/uploads\/replace\/c0c6f60a101ad56666a472687495fdff.jpeg\" alt=\"Imilab Handheld Vacuum Cleaner 1C Wholesale\" width=\"1000\" height=\"550\" \/><img loading=\"lazy\" decoding=\"async\" class=\"alignnone\" src=\"\/wp-content\/uploads\/replace\/056066823f268ef29755a6e6179bb03f.jpeg\" alt=\"Imilab Handheld Vacuum Cleaner 1C Wholesale\" width=\"1000\" height=\"398\" \/><img loading=\"lazy\" decoding=\"async\" class=\"alignnone\" src=\"\/wp-content\/uploads\/replace\/741e92a868eba267ade65e71c60ab1cf.jpeg\" alt=\"Mijia Handheld Vacuum Cleaner 1C Wholesale\" width=\"1000\" height=\"401\" \/><\/p>\n<h4 class=\"expand_en_name\">Especifica\u00e7\u00e3o<\/h4>\n<div class=\"product_pz_info product_pz_style2\">\n<table>\n<tbody>\n<tr>\n<th>Em geral<\/th>\n<td>Tipos de acess\u00f3rios: outros acess\u00f3rios<br \/>\nMaterial: ABS, metal<br \/>\nCaracter\u00edstica: Autom\u00e1tico, Leve<br \/>\nPot\u00eancia (W): 400W<\/td>\n<\/tr>\n<tr>\n<th>Dimens\u00f5es e peso<\/th>\n<td>Peso do produto: 3,3000 kg<br \/>\nPeso da embalagem: 5,1000 kg<br \/>\nTamanho do produto (C x L x A): 120,80 x 25,60 x 20,45 cm \/ 47,56 x 10,08 x 8,05 polegadas<br \/>\nTamanho do pacote (C x L x A): 78,70 x 34,80 x 16,40 cm \/ 30,98 x 13,7 x 6,46 polegadas<\/td>\n<\/tr>\n<tr>\n<th>conte\u00fado do pacote<\/th>\n<td>Conte\u00fado do pacote: 1 x aspirador de p\u00f3, 1 x haste de extens\u00e3o, 1 x escova de rolo de veludo macio, 1 x escova el\u00e9trica para \u00e1caros, 1 x escova de cabelo longo 2 em 1, 1 x suc\u00e7\u00e3o plana 2 em 1, 1 x 2 Suporte de armazenamento de carregamento -em-1, 2 x parafuso, 2 x tubo de expans\u00e3o, 1 x adaptador de energia<\/td>\n<\/tr>\n<\/tbody>\n<\/table>\n<\/div>","protected":false},"excerpt":{"rendered":"<p><b>Principais caracter\u00edsticas:<\/b><\/p>\n<p><b>\u25cf Remo\u00e7\u00e3o eficaz de poeira com alta suc\u00e7\u00e3o<\/b><br \/>\nMotor sem escova de alta velocidade de 10W rpm, pot\u00eancia de suc\u00e7\u00e3o de at\u00e9 120AW, com suc\u00e7\u00e3o forte de 20KPa, adequado para todos os tipos de solo.<br \/>\n<b>\u25cf Tecnologia de resfriamento de ar do sistema de acionamento<\/b><br \/>\nDissipa o calor de trabalho dos componentes principais para garantir uma suc\u00e7\u00e3o est\u00e1vel e duradoura.<br \/>\n<b>\u25cf Filtragem Multi-cone<\/b><br \/>\nMantenha o duto de ar sem bloquear, a suc\u00e7\u00e3o por mais tempo<br \/>\n<b>\u25cf Sistema de filtragem de 5 vezes<\/b><br \/>\nIntercepte com precis\u00e3o part\u00edculas t\u00e3o pequenas quanto 0,3 \u03bcum, alta efici\u00eancia de purifica\u00e7\u00e3o e evite polui\u00e7\u00e3o secund\u00e1ria.<br \/>\n<b>\u25cf Bateria de longa dura\u00e7\u00e3o de 60 minutos<\/b><br \/>\nAdequado para casas de grandes dimens\u00f5es.<br \/>\n<b>\u25cf Escova de suc\u00e7\u00e3o de grande di\u00e2metro<\/b><br \/>\nAbsor\u00e7\u00e3o profunda e eficaz de sujeira, \u00e1caros em roupas de cama, sof\u00e1s, assentos de tecido.<br \/>\n<b>\u25cf Combina\u00e7\u00e3o gratuita para limpar todos os cantos<\/b><\/p>","protected":false},"featured_media":22790,"template":"","meta":[],"product_brand":[],"product_cat":[1344,1305],"product_tag":[763,498,524],"class_list":{"0":"post-22667","1":"product","2":"type-product","3":"status-publish","4":"has-post-thumbnail","6":"product_cat-mi-vacuum-cleaner","7":"product_cat-xiaomi-eco","8":"product_tag-handheld","9":"product_tag-mijia","10":"product_tag-vacuum","12":"first","13":"instock","14":"shipping-taxable","15":"product-type-external"},"aioseo_notices":[],"aioseo_head":"\n\t\t<!-- All in One SEO Pro 4.5.9.2 - aioseo.com -->\n\t\t<meta name=\"description\" content=\"Main Features: \u25cf High Suction Effective Dust Removal 10W rpm high-speed brushless motor, suction power up to 120AW, with 20KPa strong suction, suitable for all kinds of ground. \u25cf Drive System Air Cooling Technology Dissipates the working heat of the core components to ensure long-lasting stable suction. \u25cf Multi-cone Filtration Keep the air duct not blocking, the suction for longer lasting \u25cf 5-fold Filtration System Accurately intercept particles as small as 0.3\u03bcum, high purification efficiency and avoid secondary pollution. \u25cf 60min Long Battery Life Suitable for large-sized houses. \u25cf Large Diameter Suction Brush Deep and effective absorption of dirt, dust mites on beddings, sofas, fabric seats. \u25cf Free Combination to Clean Every Corner\" \/>\n\t\t<meta name=\"robots\" content=\"max-image-preview:large\" \/>\n\t\t<link rel=\"canonical\" href=\"https:\/\/www.rucashk.com\/pt\/produto\/mijia-handheld-vacuum-cleaner-1c-wholesale\/\" \/>\n\t\t<meta name=\"generator\" content=\"All in One SEO Pro (AIOSEO) 4.5.9.2\" \/>\n\t\t<meta property=\"og:locale\" content=\"pt_PT\" \/>\n\t\t<meta property=\"og:site_name\" content=\"Rucas - One-stop AIoT Distribution Worldwide\" \/>\n\t\t<meta property=\"og:type\" content=\"article\" \/>\n\t\t<meta property=\"og:title\" content=\"Mijia Handheld Vacuum Cleaner 1C Wholesale - Rucas - Wholesale and Distribution\" \/>\n\t\t<meta property=\"og:description\" content=\"Main Features: \u25cf High Suction Effective Dust Removal 10W rpm high-speed brushless motor, suction power up to 120AW, with 20KPa strong suction, suitable for all kinds of ground. \u25cf Drive System Air Cooling Technology Dissipates the working heat of the core components to ensure long-lasting stable suction. \u25cf Multi-cone Filtration Keep the air duct not blocking, the suction for longer lasting \u25cf 5-fold Filtration System Accurately intercept particles as small as 0.3\u03bcum, high purification efficiency and avoid secondary pollution. \u25cf 60min Long Battery Life Suitable for large-sized houses. \u25cf Large Diameter Suction Brush Deep and effective absorption of dirt, dust mites on beddings, sofas, fabric seats. \u25cf Free Combination to Clean Every Corner\" \/>\n\t\t<meta property=\"og:url\" content=\"https:\/\/www.rucashk.com\/pt\/produto\/mijia-handheld-vacuum-cleaner-1c-wholesale\/\" \/>\n\t\t<meta property=\"og:image\" content=\"https:\/\/www.rucashk.com\/wp-content\/uploads\/replace\/503b8e645f128a97ccde2b6290747646.jpeg\" \/>\n\t\t<meta property=\"og:image:secure_url\" content=\"https:\/\/www.rucashk.com\/wp-content\/uploads\/replace\/503b8e645f128a97ccde2b6290747646.jpeg\" \/>\n\t\t<meta property=\"og:image:width\" content=\"1456\" \/>\n\t\t<meta property=\"og:image:height\" content=\"816\" \/>\n\t\t<meta property=\"article:published_time\" content=\"2024-01-09T15:46:41+00:00\" \/>\n\t\t<meta property=\"article:modified_time\" content=\"2024-03-13T08:52:28+00:00\" \/>\n\t\t<meta name=\"twitter:card\" content=\"summary_large_image\" \/>\n\t\t<meta name=\"twitter:title\" content=\"Mijia Handheld Vacuum Cleaner 1C Wholesale - Rucas - Wholesale and Distribution\" \/>\n\t\t<meta name=\"twitter:description\" content=\"Main Features: \u25cf High Suction Effective Dust Removal 10W rpm high-speed brushless motor, suction power up to 120AW, with 20KPa strong suction, suitable for all kinds of ground. \u25cf Drive System Air Cooling Technology Dissipates the working heat of the core components to ensure long-lasting stable suction. \u25cf Multi-cone Filtration Keep the air duct not blocking, the suction for longer lasting \u25cf 5-fold Filtration System Accurately intercept particles as small as 0.3\u03bcum, high purification efficiency and avoid secondary pollution. \u25cf 60min Long Battery Life Suitable for large-sized houses. \u25cf Large Diameter Suction Brush Deep and effective absorption of dirt, dust mites on beddings, sofas, fabric seats. \u25cf Free Combination to Clean Every Corner\" \/>\n\t\t<meta name=\"twitter:image\" content=\"https:\/\/www.rucashk.com\/wp-content\/uploads\/replace\/503b8e645f128a97ccde2b6290747646.jpeg\" \/>\n\t\t<script type=\"application\/ld+json\" class=\"aioseo-schema\">\n\t\t\t{\"@context\":\"https:\\\/\\\/schema.org\",\"@graph\":[{\"@type\":\"BreadcrumbList\",\"@id\":\"https:\\\/\\\/www.rucashk.com\\\/pt\\\/produto\\\/mijia-handheld-vacuum-cleaner-1c-wholesale\\\/#breadcrumblist\",\"itemListElement\":[{\"@type\":\"ListItem\",\"@id\":\"https:\\\/\\\/www.rucashk.com\\\/pt\\\/#listItem\",\"position\":1,\"name\":\"Home\",\"item\":\"https:\\\/\\\/www.rucashk.com\\\/pt\\\/\",\"nextItem\":\"https:\\\/\\\/www.rucashk.com\\\/pt\\\/produto\\\/mijia-handheld-vacuum-cleaner-1c-wholesale\\\/#listItem\"},{\"@type\":\"ListItem\",\"@id\":\"https:\\\/\\\/www.rucashk.com\\\/pt\\\/produto\\\/mijia-handheld-vacuum-cleaner-1c-wholesale\\\/#listItem\",\"position\":2,\"name\":\"Mijia Handheld Vacuum Cleaner 1C Wholesale\",\"previousItem\":\"https:\\\/\\\/www.rucashk.com\\\/pt\\\/#listItem\"}]},{\"@type\":\"Organization\",\"@id\":\"https:\\\/\\\/www.rucashk.com\\\/pt\\\/#organization\",\"name\":\"Rucas\",\"url\":\"https:\\\/\\\/www.rucashk.com\\\/pt\\\/\",\"logo\":{\"@type\":\"ImageObject\",\"url\":\"https:\\\/\\\/www.rucashk.com\\\/wp-content\\\/uploads\\\/2023\\\/12\\\/Rucas_campany_logo.png\",\"@id\":\"https:\\\/\\\/www.rucashk.com\\\/pt\\\/produto\\\/mijia-handheld-vacuum-cleaner-1c-wholesale\\\/#organizationLogo\",\"width\":221,\"height\":65},\"image\":{\"@id\":\"https:\\\/\\\/www.rucashk.com\\\/pt\\\/#organizationLogo\"}},{\"@type\":\"Person\",\"@id\":\"https:\\\/\\\/www.rucashk.com\\\/pt\\\/author\\\/admin\\\/#author\",\"url\":\"https:\\\/\\\/www.rucashk.com\\\/pt\\\/author\\\/admin\\\/\",\"name\":\"admin\",\"image\":{\"@type\":\"ImageObject\",\"@id\":\"https:\\\/\\\/www.rucashk.com\\\/pt\\\/produto\\\/mijia-handheld-vacuum-cleaner-1c-wholesale\\\/#authorImage\",\"url\":\"https:\\\/\\\/secure.gravatar.com\\\/avatar\\\/b7c8925b09a27e72b30232f8ecaadbd5af0f70a38c78096863fe51b64f031c24?s=96&d=mm&r=g\",\"width\":96,\"height\":96,\"caption\":\"admin\"}},{\"@type\":\"WebPage\",\"@id\":\"https:\\\/\\\/www.rucashk.com\\\/pt\\\/produto\\\/mijia-handheld-vacuum-cleaner-1c-wholesale\\\/#webpage\",\"url\":\"https:\\\/\\\/www.rucashk.com\\\/pt\\\/produto\\\/mijia-handheld-vacuum-cleaner-1c-wholesale\\\/\",\"name\":\"Mijia Handheld Vacuum Cleaner 1C Wholesale - Rucas - Wholesale and Distribution\",\"description\":\"Main Features: \\u25cf High Suction Effective Dust Removal 10W rpm high-speed brushless motor, suction power up to 120AW, with 20KPa strong suction, suitable for all kinds of ground. \\u25cf Drive System Air Cooling Technology Dissipates the working heat of the core components to ensure long-lasting stable suction. \\u25cf Multi-cone Filtration Keep the air duct not blocking, the suction for longer lasting \\u25cf 5-fold Filtration System Accurately intercept particles as small as 0.3\\u03bcum, high purification efficiency and avoid secondary pollution. \\u25cf 60min Long Battery Life Suitable for large-sized houses. \\u25cf Large Diameter Suction Brush Deep and effective absorption of dirt, dust mites on beddings, sofas, fabric seats. \\u25cf Free Combination to Clean Every Corner\",\"inLanguage\":\"pt-PT\",\"isPartOf\":{\"@id\":\"https:\\\/\\\/www.rucashk.com\\\/pt\\\/#website\"},\"breadcrumb\":{\"@id\":\"https:\\\/\\\/www.rucashk.com\\\/pt\\\/produto\\\/mijia-handheld-vacuum-cleaner-1c-wholesale\\\/#breadcrumblist\"},\"author\":{\"@id\":\"https:\\\/\\\/www.rucashk.com\\\/pt\\\/author\\\/admin\\\/#author\"},\"creator\":{\"@id\":\"https:\\\/\\\/www.rucashk.com\\\/pt\\\/author\\\/admin\\\/#author\"},\"image\":{\"@type\":\"ImageObject\",\"url\":\"https:\\\/\\\/www.rucashk.com\\\/wp-content\\\/uploads\\\/2024\\\/01\\\/2_\\u526f\\u672c-11.jpg\",\"@id\":\"https:\\\/\\\/www.rucashk.com\\\/pt\\\/produto\\\/mijia-handheld-vacuum-cleaner-1c-wholesale\\\/#mainImage\",\"width\":800,\"height\":800},\"primaryImageOfPage\":{\"@id\":\"https:\\\/\\\/www.rucashk.com\\\/pt\\\/produto\\\/mijia-handheld-vacuum-cleaner-1c-wholesale\\\/#mainImage\"},\"datePublished\":\"2024-01-09T15:46:41+00:00\",\"dateModified\":\"2024-03-13T08:52:28+00:00\"},{\"@type\":\"WebSite\",\"@id\":\"https:\\\/\\\/www.rucashk.com\\\/pt\\\/#website\",\"url\":\"https:\\\/\\\/www.rucashk.com\\\/pt\\\/\",\"name\":\"Rucas - Wholesale and distribution worldwide\",\"alternateName\":\"Rucas - One-stop AIoT Distribution Worldwide\",\"description\":\"One-stop AIoT Distribution Worldwide\",\"inLanguage\":\"pt-PT\",\"publisher\":{\"@id\":\"https:\\\/\\\/www.rucashk.com\\\/pt\\\/#organization\"}}]}\n\t\t<\/script>\n\t\t<!-- All in One SEO Pro -->\r\n\t\t<title>Mijia Handheld Vacuum Cleaner 1C Wholesale - Rucas - Wholesale and Distribution<\/title>\n\n","aioseo_head_json":{"title":"Mijia Handheld Vacuum Cleaner 1C Wholesale - Rucas - Wholesale and Distribution","description":"Main Features: \u25cf High Suction Effective Dust Removal 10W rpm high-speed brushless motor, suction power up to 120AW, with 20KPa strong suction, suitable for all kinds of ground. \u25cf Drive System Air Cooling Technology Dissipates the working heat of the core components to ensure long-lasting stable suction. \u25cf Multi-cone Filtration Keep the air duct not blocking, the suction for longer lasting \u25cf 5-fold Filtration System Accurately intercept particles as small as 0.3\u03bcum, high purification efficiency and avoid secondary pollution. \u25cf 60min Long Battery Life Suitable for large-sized houses. \u25cf Large Diameter Suction Brush Deep and effective absorption of dirt, dust mites on beddings, sofas, fabric seats. \u25cf Free Combination to Clean Every Corner","canonical_url":"https:\/\/www.rucashk.com\/pt\/produto\/mijia-handheld-vacuum-cleaner-1c-wholesale\/","robots":"max-image-preview:large","keywords":"","webmasterTools":{"miscellaneous":""},"og:locale":"pt_PT","og:site_name":"Rucas - One-stop AIoT Distribution Worldwide","og:type":"article","og:title":"Mijia Handheld Vacuum Cleaner 1C Wholesale - Rucas - Wholesale and Distribution","og:description":"Main Features: \u25cf High Suction Effective Dust Removal 10W rpm high-speed brushless motor, suction power up to 120AW, with 20KPa strong suction, suitable for all kinds of ground. \u25cf Drive System Air Cooling Technology Dissipates the working heat of the core components to ensure long-lasting stable suction. \u25cf Multi-cone Filtration Keep the air duct not blocking, the suction for longer lasting \u25cf 5-fold Filtration System Accurately intercept particles as small as 0.3\u03bcum, high purification efficiency and avoid secondary pollution. \u25cf 60min Long Battery Life Suitable for large-sized houses. \u25cf Large Diameter Suction Brush Deep and effective absorption of dirt, dust mites on beddings, sofas, fabric seats. \u25cf Free Combination to Clean Every Corner","og:url":"https:\/\/www.rucashk.com\/pt\/produto\/mijia-handheld-vacuum-cleaner-1c-wholesale\/","og:image":"https:\/\/www.rucashk.com\/wp-content\/uploads\/replace\/503b8e645f128a97ccde2b6290747646.jpeg","og:image:secure_url":"https:\/\/www.rucashk.com\/wp-content\/uploads\/replace\/503b8e645f128a97ccde2b6290747646.jpeg","og:image:width":1456,"og:image:height":816,"article:published_time":"2024-01-09T15:46:41+00:00","article:modified_time":"2024-03-13T08:52:28+00:00","twitter:card":"summary_large_image","twitter:title":"Mijia Handheld Vacuum Cleaner 1C Wholesale - Rucas - Wholesale and Distribution","twitter:description":"Main Features: \u25cf High Suction Effective Dust Removal 10W rpm high-speed brushless motor, suction power up to 120AW, with 20KPa strong suction, suitable for all kinds of ground. \u25cf Drive System Air Cooling Technology Dissipates the working heat of the core components to ensure long-lasting stable suction. \u25cf Multi-cone Filtration Keep the air duct not blocking, the suction for longer lasting \u25cf 5-fold Filtration System Accurately intercept particles as small as 0.3\u03bcum, high purification efficiency and avoid secondary pollution. \u25cf 60min Long Battery Life Suitable for large-sized houses. \u25cf Large Diameter Suction Brush Deep and effective absorption of dirt, dust mites on beddings, sofas, fabric seats. \u25cf Free Combination to Clean Every Corner","twitter:image":"https:\/\/www.rucashk.com\/wp-content\/uploads\/replace\/503b8e645f128a97ccde2b6290747646.jpeg","schema":{"@context":"https:\/\/schema.org","@graph":[{"@type":"BreadcrumbList","@id":"https:\/\/www.rucashk.com\/pt\/produto\/mijia-handheld-vacuum-cleaner-1c-wholesale\/#breadcrumblist","itemListElement":[{"@type":"ListItem","@id":"https:\/\/www.rucashk.com\/pt\/#listItem","position":1,"name":"Home","item":"https:\/\/www.rucashk.com\/pt\/","nextItem":"https:\/\/www.rucashk.com\/pt\/produto\/mijia-handheld-vacuum-cleaner-1c-wholesale\/#listItem"},{"@type":"ListItem","@id":"https:\/\/www.rucashk.com\/pt\/produto\/mijia-handheld-vacuum-cleaner-1c-wholesale\/#listItem","position":2,"name":"Mijia Handheld Vacuum Cleaner 1C Wholesale","previousItem":"https:\/\/www.rucashk.com\/pt\/#listItem"}]},{"@type":"Organization","@id":"https:\/\/www.rucashk.com\/pt\/#organization","name":"Rucas","url":"https:\/\/www.rucashk.com\/pt\/","logo":{"@type":"ImageObject","url":"https:\/\/www.rucashk.com\/wp-content\/uploads\/2023\/12\/Rucas_campany_logo.png","@id":"https:\/\/www.rucashk.com\/pt\/produto\/mijia-handheld-vacuum-cleaner-1c-wholesale\/#organizationLogo","width":221,"height":65},"image":{"@id":"https:\/\/www.rucashk.com\/pt\/#organizationLogo"}},{"@type":"Person","@id":"https:\/\/www.rucashk.com\/pt\/author\/admin\/#author","url":"https:\/\/www.rucashk.com\/pt\/author\/admin\/","name":"admin","image":{"@type":"ImageObject","@id":"https:\/\/www.rucashk.com\/pt\/produto\/mijia-handheld-vacuum-cleaner-1c-wholesale\/#authorImage","url":"https:\/\/secure.gravatar.com\/avatar\/b7c8925b09a27e72b30232f8ecaadbd5af0f70a38c78096863fe51b64f031c24?s=96&d=mm&r=g","width":96,"height":96,"caption":"admin"}},{"@type":"WebPage","@id":"https:\/\/www.rucashk.com\/pt\/produto\/mijia-handheld-vacuum-cleaner-1c-wholesale\/#webpage","url":"https:\/\/www.rucashk.com\/pt\/produto\/mijia-handheld-vacuum-cleaner-1c-wholesale\/","name":"Mijia Handheld Vacuum Cleaner 1C Wholesale - Rucas - Wholesale and Distribution","description":"Main Features: \u25cf High Suction Effective Dust Removal 10W rpm high-speed brushless motor, suction power up to 120AW, with 20KPa strong suction, suitable for all kinds of ground. \u25cf Drive System Air Cooling Technology Dissipates the working heat of the core components to ensure long-lasting stable suction. \u25cf Multi-cone Filtration Keep the air duct not blocking, the suction for longer lasting \u25cf 5-fold Filtration System Accurately intercept particles as small as 0.3\u03bcum, high purification efficiency and avoid secondary pollution. \u25cf 60min Long Battery Life Suitable for large-sized houses. \u25cf Large Diameter Suction Brush Deep and effective absorption of dirt, dust mites on beddings, sofas, fabric seats. \u25cf Free Combination to Clean Every Corner","inLanguage":"pt-PT","isPartOf":{"@id":"https:\/\/www.rucashk.com\/pt\/#website"},"breadcrumb":{"@id":"https:\/\/www.rucashk.com\/pt\/produto\/mijia-handheld-vacuum-cleaner-1c-wholesale\/#breadcrumblist"},"author":{"@id":"https:\/\/www.rucashk.com\/pt\/author\/admin\/#author"},"creator":{"@id":"https:\/\/www.rucashk.com\/pt\/author\/admin\/#author"},"image":{"@type":"ImageObject","url":"https:\/\/www.rucashk.com\/wp-content\/uploads\/2024\/01\/2_\u526f\u672c-11.jpg","@id":"https:\/\/www.rucashk.com\/pt\/produto\/mijia-handheld-vacuum-cleaner-1c-wholesale\/#mainImage","width":800,"height":800},"primaryImageOfPage":{"@id":"https:\/\/www.rucashk.com\/pt\/produto\/mijia-handheld-vacuum-cleaner-1c-wholesale\/#mainImage"},"datePublished":"2024-01-09T15:46:41+00:00","dateModified":"2024-03-13T08:52:28+00:00"},{"@type":"WebSite","@id":"https:\/\/www.rucashk.com\/pt\/#website","url":"https:\/\/www.rucashk.com\/pt\/","name":"Rucas - Wholesale and distribution worldwide","alternateName":"Rucas - One-stop AIoT Distribution Worldwide","description":"One-stop AIoT Distribution Worldwide","inLanguage":"pt-PT","publisher":{"@id":"https:\/\/www.rucashk.com\/pt\/#organization"}}]}},"aioseo_meta_data":{"post_id":"22667","title":null,"description":null,"keywords":null,"keyphrases":null,"primary_term":null,"canonical_url":null,"og_title":null,"og_description":null,"og_object_type":"default","og_image_type":"default","og_image_url":null,"og_image_width":null,"og_image_height":null,"og_image_custom_url":null,"og_image_custom_fields":null,"og_video":null,"og_custom_url":null,"og_article_section":null,"og_article_tags":null,"twitter_use_og":false,"twitter_card":"default","twitter_image_type":"default","twitter_image_url":null,"twitter_image_custom_url":null,"twitter_image_custom_fields":null,"twitter_title":null,"twitter_description":null,"schema":{"blockGraphs":[],"customGraphs":[],"default":{"data":{"Article":[],"Course":[],"Dataset":[],"FAQPage":[],"Movie":[],"Person":[],"Product":[],"Recipe":[],"Service":[],"SoftwareApplication":[],"WebPage":[]},"graphName":"","isEnabled":true},"graphs":[]},"schema_type":"default","schema_type_options":null,"pillar_content":false,"robots_default":true,"robots_noindex":false,"robots_noarchive":false,"robots_nosnippet":false,"robots_nofollow":false,"robots_noimageindex":false,"robots_noodp":false,"robots_notranslate":false,"robots_max_snippet":null,"robots_max_videopreview":null,"robots_max_imagepreview":"large","priority":null,"frequency":null,"local_seo":null,"breadcrumb_settings":null,"limit_modified_date":false,"created":"2024-04-11 01:55:24","updated":"2025-06-22 16:49:01"},"aioseo_breadcrumb":"<div class=\"aioseo-breadcrumbs\"><span class=\"aioseo-breadcrumb\">\n\t<a href=\"https:\/\/www.rucashk.com\/pt\" title=\"Home\">Home<\/a>\n<\/span><span class=\"aioseo-breadcrumb-separator\">&raquo;<\/span><span class=\"aioseo-breadcrumb\">\n\t<a href=\"https:\/\/www.rucashk.com\/pt\/products\/\" title=\"Produtos\">Produtos<\/a>\n<\/span><span class=\"aioseo-breadcrumb-separator\">&raquo;<\/span><span class=\"aioseo-breadcrumb\">\n\t<a href=\"https:\/\/www.rucashk.com\/pt\/categoria-produto\/xiaomi-eco\/\" title=\"Xiaomi Eco\">Xiaomi Eco<\/a>\n<\/span><span class=\"aioseo-breadcrumb-separator\">&raquo;<\/span><span class=\"aioseo-breadcrumb\">\n\t<a href=\"https:\/\/www.rucashk.com\/pt\/categoria-produto\/xiaomi-eco\/mi-vacuum-cleaner\/\" title=\"Mi Vacuum Cleaner\">Mi Vacuum Cleaner<\/a>\n<\/span><span class=\"aioseo-breadcrumb-separator\">&raquo;<\/span><span class=\"aioseo-breadcrumb\">\n\tMijia Handheld Vacuum Cleaner 1C Wholesale\n<\/span><\/div>","aioseo_breadcrumb_json":[{"label":"Home","link":"https:\/\/www.rucashk.com\/pt"},{"label":"Produtos","link":"https:\/\/www.rucashk.com\/pt\/products\/"},{"label":"Xiaomi Eco","link":"https:\/\/www.rucashk.com\/pt\/categoria-produto\/xiaomi-eco\/"},{"label":"Mi Vacuum Cleaner","link":"https:\/\/www.rucashk.com\/pt\/categoria-produto\/xiaomi-eco\/mi-vacuum-cleaner\/"},{"label":"Mijia Handheld Vacuum Cleaner 1C Wholesale","link":"https:\/\/www.rucashk.com\/pt\/produto\/mijia-handheld-vacuum-cleaner-1c-wholesale\/"}],"_links":{"self":[{"href":"https:\/\/www.rucashk.com\/pt\/wp-json\/wp\/v2\/product\/22667","targetHints":{"allow":["GET"]}}],"collection":[{"href":"https:\/\/www.rucashk.com\/pt\/wp-json\/wp\/v2\/product"}],"about":[{"href":"https:\/\/www.rucashk.com\/pt\/wp-json\/wp\/v2\/types\/product"}],"wp:featuredmedia":[{"embeddable":true,"href":"https:\/\/www.rucashk.com\/pt\/wp-json\/wp\/v2\/media\/22790"}],"wp:attachment":[{"href":"https:\/\/www.rucashk.com\/pt\/wp-json\/wp\/v2\/media?parent=22667"}],"wp:term":[{"taxonomy":"product_brand","embeddable":true,"href":"https:\/\/www.rucashk.com\/pt\/wp-json\/wp\/v2\/product_brand?post=22667"},{"taxonomy":"product_cat","embeddable":true,"href":"https:\/\/www.rucashk.com\/pt\/wp-json\/wp\/v2\/product_cat?post=22667"},{"taxonomy":"product_tag","embeddable":true,"href":"https:\/\/www.rucashk.com\/pt\/wp-json\/wp\/v2\/product_tag?post=22667"}],"curies":[{"name":"wp","href":"https:\/\/api.w.org\/{rel}","templated":true}]}}