{"id":22638,"date":"2024-01-09T15:46:20","date_gmt":"2024-01-09T15:46:20","guid":{"rendered":"http:\/\/rucashk.com\/?post_type=product&#038;p=22638"},"modified":"2024-03-13T08:55:27","modified_gmt":"2024-03-13T08:55:27","slug":"xiaomi-jimmy-f6","status":"publish","type":"product","link":"https:\/\/www.rucashk.com\/pt\/produto\/xiaomi-jimmy-f6\/","title":{"rendered":"Xiaomi JIMMY F6"},"content":{"rendered":"<p><img decoding=\"async\" alt=\"Xiaomi JIMMY F6\" src=\"\/wp-content\/uploads\/replace\/965fc43863c8ab6396e4280cda1b466c.jpeg\" \/><img decoding=\"async\" alt=\"Xiaomi JIMMY F6\" src=\"\/wp-content\/uploads\/replace\/c909c4b69ad18e5beb06afb103502cda.jpeg\" \/><img decoding=\"async\" alt=\"Xiaomi JIMMY F6\" src=\"\/wp-content\/uploads\/replace\/1cd1cb891e877d42d4d46ab575d185a2.jpeg\" \/><img decoding=\"async\" alt=\"Xiaomi JIMMY F6\" src=\"\/wp-content\/uploads\/replace\/5abf75eaee2f08b79ec61e1cf467c6de.jpeg\" \/><img decoding=\"async\" alt=\"Xiaomi JIMMY F6\" src=\"\/wp-content\/uploads\/replace\/99a6cc0568db85b0cf247897299e3fd1.jpeg\" \/><img decoding=\"async\" alt=\"Xiaomi JIMMY F6\" src=\"\/wp-content\/uploads\/replace\/56de5433df639136a5b28e147786d9a5.jpeg\" \/><img decoding=\"async\" alt=\"Xiaomi JIMMY F6\" src=\"\/wp-content\/uploads\/replace\/9030d144dd47c407429e68c62c20233f.jpeg\" \/><img decoding=\"async\" alt=\"Xiaomi JIMMY F6\" src=\"\/wp-content\/uploads\/replace\/d2f904bd3cdea9f21c3221ce9c6dc37f.jpeg\" \/><img decoding=\"async\" alt=\"Xiaomi JIMMY F6\" src=\"\/wp-content\/uploads\/replace\/f80fd2cb7627b3209e05834de449d5b1.jpeg\" \/><img decoding=\"async\" alt=\"Xiaomi JIMMY F6\" src=\"\/wp-content\/uploads\/replace\/9d9e79d8c85c7de41586d227f4820c88.jpeg\" \/><img decoding=\"async\" alt=\"Xiaomi JIMMY F6\" src=\"\/wp-content\/uploads\/replace\/571ffd09ce14784ae7623a7ae7229ef9.jpeg\" \/><img decoding=\"async\" alt=\"Xiaomi JIMMY F6\" src=\"\/wp-content\/uploads\/replace\/4867030cbabf1da2fceec745fb6d35c9.jpeg\" \/><img decoding=\"async\" alt=\"Xiaomi JIMMY F6\" src=\"\/wp-content\/uploads\/replace\/4245026e2163d710206e2aec34900f6a.jpeg\" \/><img decoding=\"async\" alt=\"Xiaomi JIMMY F6\" src=\"\/wp-content\/uploads\/replace\/7fc3cbd7577008c7c1c13e6b2be1d618.jpeg\" \/><img decoding=\"async\" alt=\"Xiaomi JIMMY F6\" src=\"\/wp-content\/uploads\/replace\/48fa2bd4b703fc783010e1f1a443fcfc.jpeg\" \/><img decoding=\"async\" alt=\"Xiaomi JIMMY F6\" src=\"\/wp-content\/uploads\/replace\/5bcea080b612f58b77d17db06e27e74a.jpeg\" \/><img decoding=\"async\" alt=\"Xiaomi JIMMY F6\" src=\"\/wp-content\/uploads\/replace\/d5bb0732c71aad1f43977a930a06d33c.jpeg\" \/><img decoding=\"async\" alt=\"Xiaomi JIMMY F6\" src=\"\/wp-content\/uploads\/replace\/a76c83998048c7ae253de958381c4033.jpeg\" \/><img decoding=\"async\" alt=\"Xiaomi JIMMY F6\" src=\"\/wp-content\/uploads\/replace\/32e1bcb31ff6954177e4580775887a1f.jpeg\" \/><img decoding=\"async\" alt=\"Xiaomi JIMMY F6\" src=\"\/wp-content\/uploads\/replace\/0bde74d38ae67e3f49bce1a5e72290a9.jpeg\" \/><img decoding=\"async\" alt=\"Xiaomi JIMMY F6\" src=\"\/wp-content\/uploads\/replace\/5050a6fa7e165c3ef65ff6b952c8bbba.jpeg\" \/><img decoding=\"async\" alt=\"Xiaomi JIMMY F6\" src=\"\/wp-content\/uploads\/replace\/80d8ebe135437ef533f16692f34d47ce.jpeg\" \/><img decoding=\"async\" alt=\"Xiaomi JIMMY F6\" src=\"\/wp-content\/uploads\/replace\/01e3b0121c03ac66ffb6b8b7765a1beb.jpeg\" \/><img decoding=\"async\" alt=\"Xiaomi JIMMY F6\" src=\"\/wp-content\/uploads\/replace\/57aaf57779cd664846901534c6ea796b.jpeg\" \/><\/p>","protected":false},"excerpt":{"rendered":"<h2>Destaques:<\/h2>\n<p><strong>Turbo de alta velocidade<\/strong><\/p>\n<p>O secador de cabelo digital turbofan de alta velocidade de 17 folhas produz um poderoso fluxo de ar de at\u00e9 18L\/s, que sopra o cabelo 30% mais r\u00e1pido do que outros secadores de cabelo digitais, garantindo secagem r\u00e1pida dos cabelos e evitando danos excessivos pelo calor.<\/p>\n<p><strong>Tecnologia de controle de calor inteligente PID<\/strong><\/p>\n<p>A tecnologia de controle t\u00e9rmico inteligente PID pode medir a temperatura do ar mais de 50 vezes por segundo, garantindo que a temperatura de sa\u00edda seja de 95 \u00b0 C, evitando a perda de umidade do cabelo e mantendo os cabelos macios e brilhantes.<\/p>\n<p><strong>Fio de aquecimento de camada dupla tipo U<\/strong><\/p>\n<p>Fio de aquecimento inovador de dupla camada em forma de U. Garanta efetivamente que a temperatura de sa\u00edda seja mais uniforme, evite aquecimento irregular ou superaquecimento e proteja o cabelo.<\/p>\n<p><strong>Redu\u00e7\u00e3o de ru\u00eddo<\/strong><\/p>\n<p>O motor turbofan sem escova de 17 folhas e alta velocidade reduz significativamente o ru\u00eddo gerado, deixando apenas o fluxo de ar.<\/p>\n<p><strong>Tecnologia nano ultrass\u00f4nica\u00a0<\/strong><\/p>\n<p>A tecnologia Nanoi absorve a umidade do ar, injeta \u00edons ricos em umidade no cabelo e aumenta a elasticidade e o brilho do cabelo.<\/p>\n<p><strong>V\u00e1rios modos e configura\u00e7\u00f5es<\/strong><\/p>\n<p>Uma variedade de modos e configura\u00e7\u00f5es para satisfazer sua necessidade de modelar diferentes tipos de cabelo.<\/p>","protected":false},"featured_media":22769,"template":"","meta":[],"product_brand":[],"product_cat":[1320,1305],"product_tag":[758],"class_list":{"0":"post-22638","1":"product","2":"type-product","3":"status-publish","4":"has-post-thumbnail","6":"product_cat-personal-care","7":"product_cat-xiaomi-eco","8":"product_tag-xiaomi-jimmy-f6","10":"first","11":"instock","12":"shipping-taxable","13":"product-type-external"},"aioseo_notices":[],"aioseo_head":"\n\t\t<!-- All in One SEO Pro 4.5.9.2 - aioseo.com -->\n\t\t<meta name=\"description\" content=\"Highlights: High-speed turbo The 17-leaf high-speed turbofan digital hair dryer produces a powerful airflow of up to 18L\/s, which blows hair 30% faster than other digital hair dryers, ensuring quick drying of the hair and avoiding excessive heat damage. PID intelligent heat control technology PID intelligent thermal control technology can measure air temperature more than 50 times per second, ensuring that the outlet temperature is 95 \u00b0 C, avoiding loss of hair moisture and keeping hair smooth and shiny. U type double-layer heating wire Innovative U-shaped double layer heating wire. Effectively ensure that the outlet temperature is more uniform, prevent uneven heating or overheating, and protect the hair. Noise Reducing The 17-leaf high-speed turbofan brushless motor significantly reduces the noise generated, leaving only the airflow. Nano ultrasonic technology Nanoi technology absorbs moisture from the air, injects moisture-rich ions into the hair, and enhances the suppleness and luster of the hair. Variety modes and settings A variety of modes and settings to satisfy your need for styling different hair types.\" \/>\n\t\t<meta name=\"robots\" content=\"max-image-preview:large\" \/>\n\t\t<link rel=\"canonical\" href=\"https:\/\/www.rucashk.com\/pt\/produto\/xiaomi-jimmy-f6\/\" \/>\n\t\t<meta name=\"generator\" content=\"All in One SEO Pro (AIOSEO) 4.5.9.2\" \/>\n\t\t<meta property=\"og:locale\" content=\"pt_PT\" \/>\n\t\t<meta property=\"og:site_name\" content=\"Rucas - One-stop AIoT Distribution Worldwide\" \/>\n\t\t<meta property=\"og:type\" content=\"article\" \/>\n\t\t<meta property=\"og:title\" content=\"Xiaomi JIMMY F6 - Rucas - Wholesale and Distribution\" \/>\n\t\t<meta property=\"og:description\" content=\"Highlights: High-speed turbo The 17-leaf high-speed turbofan digital hair dryer produces a powerful airflow of up to 18L\/s, which blows hair 30% faster than other digital hair dryers, ensuring quick drying of the hair and avoiding excessive heat damage. PID intelligent heat control technology PID intelligent thermal control technology can measure air temperature more than 50 times per second, ensuring that the outlet temperature is 95 \u00b0 C, avoiding loss of hair moisture and keeping hair smooth and shiny. U type double-layer heating wire Innovative U-shaped double layer heating wire. Effectively ensure that the outlet temperature is more uniform, prevent uneven heating or overheating, and protect the hair. Noise Reducing The 17-leaf high-speed turbofan brushless motor significantly reduces the noise generated, leaving only the airflow. Nano ultrasonic technology Nanoi technology absorbs moisture from the air, injects moisture-rich ions into the hair, and enhances the suppleness and luster of the hair. Variety modes and settings A variety of modes and settings to satisfy your need for styling different hair types.\" \/>\n\t\t<meta property=\"og:url\" content=\"https:\/\/www.rucashk.com\/pt\/produto\/xiaomi-jimmy-f6\/\" \/>\n\t\t<meta property=\"og:image\" content=\"https:\/\/www.rucashk.com\/wp-content\/uploads\/replace\/503b8e645f128a97ccde2b6290747646.jpeg\" \/>\n\t\t<meta property=\"og:image:secure_url\" content=\"https:\/\/www.rucashk.com\/wp-content\/uploads\/replace\/503b8e645f128a97ccde2b6290747646.jpeg\" \/>\n\t\t<meta property=\"og:image:width\" content=\"1456\" \/>\n\t\t<meta property=\"og:image:height\" content=\"816\" \/>\n\t\t<meta property=\"article:published_time\" content=\"2024-01-09T15:46:20+00:00\" \/>\n\t\t<meta property=\"article:modified_time\" content=\"2024-03-13T08:55:27+00:00\" \/>\n\t\t<meta name=\"twitter:card\" content=\"summary_large_image\" \/>\n\t\t<meta name=\"twitter:title\" content=\"Xiaomi JIMMY F6 - Rucas - Wholesale and Distribution\" \/>\n\t\t<meta name=\"twitter:description\" content=\"Highlights: High-speed turbo The 17-leaf high-speed turbofan digital hair dryer produces a powerful airflow of up to 18L\/s, which blows hair 30% faster than other digital hair dryers, ensuring quick drying of the hair and avoiding excessive heat damage. PID intelligent heat control technology PID intelligent thermal control technology can measure air temperature more than 50 times per second, ensuring that the outlet temperature is 95 \u00b0 C, avoiding loss of hair moisture and keeping hair smooth and shiny. U type double-layer heating wire Innovative U-shaped double layer heating wire. Effectively ensure that the outlet temperature is more uniform, prevent uneven heating or overheating, and protect the hair. Noise Reducing The 17-leaf high-speed turbofan brushless motor significantly reduces the noise generated, leaving only the airflow. Nano ultrasonic technology Nanoi technology absorbs moisture from the air, injects moisture-rich ions into the hair, and enhances the suppleness and luster of the hair. Variety modes and settings A variety of modes and settings to satisfy your need for styling different hair types.\" \/>\n\t\t<meta name=\"twitter:image\" content=\"https:\/\/www.rucashk.com\/wp-content\/uploads\/replace\/503b8e645f128a97ccde2b6290747646.jpeg\" \/>\n\t\t<script type=\"application\/ld+json\" class=\"aioseo-schema\">\n\t\t\t{\"@context\":\"https:\\\/\\\/schema.org\",\"@graph\":[{\"@type\":\"BreadcrumbList\",\"@id\":\"https:\\\/\\\/www.rucashk.com\\\/pt\\\/produto\\\/xiaomi-jimmy-f6\\\/#breadcrumblist\",\"itemListElement\":[{\"@type\":\"ListItem\",\"@id\":\"https:\\\/\\\/www.rucashk.com\\\/pt\\\/#listItem\",\"position\":1,\"name\":\"Home\",\"item\":\"https:\\\/\\\/www.rucashk.com\\\/pt\\\/\",\"nextItem\":\"https:\\\/\\\/www.rucashk.com\\\/pt\\\/produto\\\/xiaomi-jimmy-f6\\\/#listItem\"},{\"@type\":\"ListItem\",\"@id\":\"https:\\\/\\\/www.rucashk.com\\\/pt\\\/produto\\\/xiaomi-jimmy-f6\\\/#listItem\",\"position\":2,\"name\":\"Xiaomi JIMMY F6\",\"previousItem\":\"https:\\\/\\\/www.rucashk.com\\\/pt\\\/#listItem\"}]},{\"@type\":\"Organization\",\"@id\":\"https:\\\/\\\/www.rucashk.com\\\/pt\\\/#organization\",\"name\":\"Rucas\",\"url\":\"https:\\\/\\\/www.rucashk.com\\\/pt\\\/\",\"logo\":{\"@type\":\"ImageObject\",\"url\":\"https:\\\/\\\/www.rucashk.com\\\/wp-content\\\/uploads\\\/2023\\\/12\\\/Rucas_campany_logo.png\",\"@id\":\"https:\\\/\\\/www.rucashk.com\\\/pt\\\/produto\\\/xiaomi-jimmy-f6\\\/#organizationLogo\",\"width\":221,\"height\":65},\"image\":{\"@id\":\"https:\\\/\\\/www.rucashk.com\\\/pt\\\/#organizationLogo\"}},{\"@type\":\"Person\",\"@id\":\"https:\\\/\\\/www.rucashk.com\\\/pt\\\/author\\\/admin\\\/#author\",\"url\":\"https:\\\/\\\/www.rucashk.com\\\/pt\\\/author\\\/admin\\\/\",\"name\":\"admin\",\"image\":{\"@type\":\"ImageObject\",\"@id\":\"https:\\\/\\\/www.rucashk.com\\\/pt\\\/produto\\\/xiaomi-jimmy-f6\\\/#authorImage\",\"url\":\"https:\\\/\\\/secure.gravatar.com\\\/avatar\\\/b7c8925b09a27e72b30232f8ecaadbd5af0f70a38c78096863fe51b64f031c24?s=96&d=mm&r=g\",\"width\":96,\"height\":96,\"caption\":\"admin\"}},{\"@type\":\"WebPage\",\"@id\":\"https:\\\/\\\/www.rucashk.com\\\/pt\\\/produto\\\/xiaomi-jimmy-f6\\\/#webpage\",\"url\":\"https:\\\/\\\/www.rucashk.com\\\/pt\\\/produto\\\/xiaomi-jimmy-f6\\\/\",\"name\":\"Xiaomi JIMMY F6 - Rucas - Wholesale and Distribution\",\"description\":\"Highlights: High-speed turbo The 17-leaf high-speed turbofan digital hair dryer produces a powerful airflow of up to 18L\\\/s, which blows hair 30% faster than other digital hair dryers, ensuring quick drying of the hair and avoiding excessive heat damage. PID intelligent heat control technology PID intelligent thermal control technology can measure air temperature more than 50 times per second, ensuring that the outlet temperature is 95 \\u00b0 C, avoiding loss of hair moisture and keeping hair smooth and shiny. U type double-layer heating wire Innovative U-shaped double layer heating wire. Effectively ensure that the outlet temperature is more uniform, prevent uneven heating or overheating, and protect the hair. Noise Reducing The 17-leaf high-speed turbofan brushless motor significantly reduces the noise generated, leaving only the airflow. Nano ultrasonic technology Nanoi technology absorbs moisture from the air, injects moisture-rich ions into the hair, and enhances the suppleness and luster of the hair. Variety modes and settings A variety of modes and settings to satisfy your need for styling different hair types.\",\"inLanguage\":\"pt-PT\",\"isPartOf\":{\"@id\":\"https:\\\/\\\/www.rucashk.com\\\/pt\\\/#website\"},\"breadcrumb\":{\"@id\":\"https:\\\/\\\/www.rucashk.com\\\/pt\\\/produto\\\/xiaomi-jimmy-f6\\\/#breadcrumblist\"},\"author\":{\"@id\":\"https:\\\/\\\/www.rucashk.com\\\/pt\\\/author\\\/admin\\\/#author\"},\"creator\":{\"@id\":\"https:\\\/\\\/www.rucashk.com\\\/pt\\\/author\\\/admin\\\/#author\"},\"image\":{\"@type\":\"ImageObject\",\"url\":\"https:\\\/\\\/www.rucashk.com\\\/wp-content\\\/uploads\\\/2024\\\/01\\\/4.4_\\u526f\\u672c-4.jpg\",\"@id\":\"https:\\\/\\\/www.rucashk.com\\\/pt\\\/produto\\\/xiaomi-jimmy-f6\\\/#mainImage\",\"width\":800,\"height\":800},\"primaryImageOfPage\":{\"@id\":\"https:\\\/\\\/www.rucashk.com\\\/pt\\\/produto\\\/xiaomi-jimmy-f6\\\/#mainImage\"},\"datePublished\":\"2024-01-09T15:46:20+00:00\",\"dateModified\":\"2024-03-13T08:55:27+00:00\"},{\"@type\":\"WebSite\",\"@id\":\"https:\\\/\\\/www.rucashk.com\\\/pt\\\/#website\",\"url\":\"https:\\\/\\\/www.rucashk.com\\\/pt\\\/\",\"name\":\"Rucas - Wholesale and distribution worldwide\",\"alternateName\":\"Rucas - One-stop AIoT Distribution Worldwide\",\"description\":\"One-stop AIoT Distribution Worldwide\",\"inLanguage\":\"pt-PT\",\"publisher\":{\"@id\":\"https:\\\/\\\/www.rucashk.com\\\/pt\\\/#organization\"}}]}\n\t\t<\/script>\n\t\t<!-- All in One SEO Pro -->\r\n\t\t<title>Xiaomi JIMMY F6 - Rucas - Wholesale and Distribution<\/title>\n\n","aioseo_head_json":{"title":"Xiaomi JIMMY F6 - Rucas - Wholesale and Distribution","description":"Highlights: High-speed turbo The 17-leaf high-speed turbofan digital hair dryer produces a powerful airflow of up to 18L\/s, which blows hair 30% faster than other digital hair dryers, ensuring quick drying of the hair and avoiding excessive heat damage. PID intelligent heat control technology PID intelligent thermal control technology can measure air temperature more than 50 times per second, ensuring that the outlet temperature is 95 \u00b0 C, avoiding loss of hair moisture and keeping hair smooth and shiny. U type double-layer heating wire Innovative U-shaped double layer heating wire. Effectively ensure that the outlet temperature is more uniform, prevent uneven heating or overheating, and protect the hair. Noise Reducing The 17-leaf high-speed turbofan brushless motor significantly reduces the noise generated, leaving only the airflow. Nano ultrasonic technology Nanoi technology absorbs moisture from the air, injects moisture-rich ions into the hair, and enhances the suppleness and luster of the hair. Variety modes and settings A variety of modes and settings to satisfy your need for styling different hair types.","canonical_url":"https:\/\/www.rucashk.com\/pt\/produto\/xiaomi-jimmy-f6\/","robots":"max-image-preview:large","keywords":"","webmasterTools":{"miscellaneous":""},"og:locale":"pt_PT","og:site_name":"Rucas - One-stop AIoT Distribution Worldwide","og:type":"article","og:title":"Xiaomi JIMMY F6 - Rucas - Wholesale and Distribution","og:description":"Highlights: High-speed turbo The 17-leaf high-speed turbofan digital hair dryer produces a powerful airflow of up to 18L\/s, which blows hair 30% faster than other digital hair dryers, ensuring quick drying of the hair and avoiding excessive heat damage. PID intelligent heat control technology PID intelligent thermal control technology can measure air temperature more than 50 times per second, ensuring that the outlet temperature is 95 \u00b0 C, avoiding loss of hair moisture and keeping hair smooth and shiny. U type double-layer heating wire Innovative U-shaped double layer heating wire. Effectively ensure that the outlet temperature is more uniform, prevent uneven heating or overheating, and protect the hair. Noise Reducing The 17-leaf high-speed turbofan brushless motor significantly reduces the noise generated, leaving only the airflow. Nano ultrasonic technology Nanoi technology absorbs moisture from the air, injects moisture-rich ions into the hair, and enhances the suppleness and luster of the hair. Variety modes and settings A variety of modes and settings to satisfy your need for styling different hair types.","og:url":"https:\/\/www.rucashk.com\/pt\/produto\/xiaomi-jimmy-f6\/","og:image":"https:\/\/www.rucashk.com\/wp-content\/uploads\/replace\/503b8e645f128a97ccde2b6290747646.jpeg","og:image:secure_url":"https:\/\/www.rucashk.com\/wp-content\/uploads\/replace\/503b8e645f128a97ccde2b6290747646.jpeg","og:image:width":1456,"og:image:height":816,"article:published_time":"2024-01-09T15:46:20+00:00","article:modified_time":"2024-03-13T08:55:27+00:00","twitter:card":"summary_large_image","twitter:title":"Xiaomi JIMMY F6 - Rucas - Wholesale and Distribution","twitter:description":"Highlights: High-speed turbo The 17-leaf high-speed turbofan digital hair dryer produces a powerful airflow of up to 18L\/s, which blows hair 30% faster than other digital hair dryers, ensuring quick drying of the hair and avoiding excessive heat damage. PID intelligent heat control technology PID intelligent thermal control technology can measure air temperature more than 50 times per second, ensuring that the outlet temperature is 95 \u00b0 C, avoiding loss of hair moisture and keeping hair smooth and shiny. U type double-layer heating wire Innovative U-shaped double layer heating wire. Effectively ensure that the outlet temperature is more uniform, prevent uneven heating or overheating, and protect the hair. Noise Reducing The 17-leaf high-speed turbofan brushless motor significantly reduces the noise generated, leaving only the airflow. Nano ultrasonic technology Nanoi technology absorbs moisture from the air, injects moisture-rich ions into the hair, and enhances the suppleness and luster of the hair. Variety modes and settings A variety of modes and settings to satisfy your need for styling different hair types.","twitter:image":"https:\/\/www.rucashk.com\/wp-content\/uploads\/replace\/503b8e645f128a97ccde2b6290747646.jpeg","schema":{"@context":"https:\/\/schema.org","@graph":[{"@type":"BreadcrumbList","@id":"https:\/\/www.rucashk.com\/pt\/produto\/xiaomi-jimmy-f6\/#breadcrumblist","itemListElement":[{"@type":"ListItem","@id":"https:\/\/www.rucashk.com\/pt\/#listItem","position":1,"name":"Home","item":"https:\/\/www.rucashk.com\/pt\/","nextItem":"https:\/\/www.rucashk.com\/pt\/produto\/xiaomi-jimmy-f6\/#listItem"},{"@type":"ListItem","@id":"https:\/\/www.rucashk.com\/pt\/produto\/xiaomi-jimmy-f6\/#listItem","position":2,"name":"Xiaomi JIMMY F6","previousItem":"https:\/\/www.rucashk.com\/pt\/#listItem"}]},{"@type":"Organization","@id":"https:\/\/www.rucashk.com\/pt\/#organization","name":"Rucas","url":"https:\/\/www.rucashk.com\/pt\/","logo":{"@type":"ImageObject","url":"https:\/\/www.rucashk.com\/wp-content\/uploads\/2023\/12\/Rucas_campany_logo.png","@id":"https:\/\/www.rucashk.com\/pt\/produto\/xiaomi-jimmy-f6\/#organizationLogo","width":221,"height":65},"image":{"@id":"https:\/\/www.rucashk.com\/pt\/#organizationLogo"}},{"@type":"Person","@id":"https:\/\/www.rucashk.com\/pt\/author\/admin\/#author","url":"https:\/\/www.rucashk.com\/pt\/author\/admin\/","name":"admin","image":{"@type":"ImageObject","@id":"https:\/\/www.rucashk.com\/pt\/produto\/xiaomi-jimmy-f6\/#authorImage","url":"https:\/\/secure.gravatar.com\/avatar\/b7c8925b09a27e72b30232f8ecaadbd5af0f70a38c78096863fe51b64f031c24?s=96&d=mm&r=g","width":96,"height":96,"caption":"admin"}},{"@type":"WebPage","@id":"https:\/\/www.rucashk.com\/pt\/produto\/xiaomi-jimmy-f6\/#webpage","url":"https:\/\/www.rucashk.com\/pt\/produto\/xiaomi-jimmy-f6\/","name":"Xiaomi JIMMY F6 - Rucas - Wholesale and Distribution","description":"Highlights: High-speed turbo The 17-leaf high-speed turbofan digital hair dryer produces a powerful airflow of up to 18L\/s, which blows hair 30% faster than other digital hair dryers, ensuring quick drying of the hair and avoiding excessive heat damage. PID intelligent heat control technology PID intelligent thermal control technology can measure air temperature more than 50 times per second, ensuring that the outlet temperature is 95 \u00b0 C, avoiding loss of hair moisture and keeping hair smooth and shiny. U type double-layer heating wire Innovative U-shaped double layer heating wire. Effectively ensure that the outlet temperature is more uniform, prevent uneven heating or overheating, and protect the hair. Noise Reducing The 17-leaf high-speed turbofan brushless motor significantly reduces the noise generated, leaving only the airflow. Nano ultrasonic technology Nanoi technology absorbs moisture from the air, injects moisture-rich ions into the hair, and enhances the suppleness and luster of the hair. Variety modes and settings A variety of modes and settings to satisfy your need for styling different hair types.","inLanguage":"pt-PT","isPartOf":{"@id":"https:\/\/www.rucashk.com\/pt\/#website"},"breadcrumb":{"@id":"https:\/\/www.rucashk.com\/pt\/produto\/xiaomi-jimmy-f6\/#breadcrumblist"},"author":{"@id":"https:\/\/www.rucashk.com\/pt\/author\/admin\/#author"},"creator":{"@id":"https:\/\/www.rucashk.com\/pt\/author\/admin\/#author"},"image":{"@type":"ImageObject","url":"https:\/\/www.rucashk.com\/wp-content\/uploads\/2024\/01\/4.4_\u526f\u672c-4.jpg","@id":"https:\/\/www.rucashk.com\/pt\/produto\/xiaomi-jimmy-f6\/#mainImage","width":800,"height":800},"primaryImageOfPage":{"@id":"https:\/\/www.rucashk.com\/pt\/produto\/xiaomi-jimmy-f6\/#mainImage"},"datePublished":"2024-01-09T15:46:20+00:00","dateModified":"2024-03-13T08:55:27+00:00"},{"@type":"WebSite","@id":"https:\/\/www.rucashk.com\/pt\/#website","url":"https:\/\/www.rucashk.com\/pt\/","name":"Rucas - Wholesale and distribution worldwide","alternateName":"Rucas - One-stop AIoT Distribution Worldwide","description":"One-stop AIoT Distribution Worldwide","inLanguage":"pt-PT","publisher":{"@id":"https:\/\/www.rucashk.com\/pt\/#organization"}}]}},"aioseo_meta_data":{"post_id":"22638","title":null,"description":null,"keywords":null,"keyphrases":null,"primary_term":null,"canonical_url":null,"og_title":null,"og_description":null,"og_object_type":"default","og_image_type":"default","og_image_url":null,"og_image_width":null,"og_image_height":null,"og_image_custom_url":null,"og_image_custom_fields":null,"og_video":null,"og_custom_url":null,"og_article_section":null,"og_article_tags":null,"twitter_use_og":false,"twitter_card":"default","twitter_image_type":"default","twitter_image_url":null,"twitter_image_custom_url":null,"twitter_image_custom_fields":null,"twitter_title":null,"twitter_description":null,"schema":{"blockGraphs":[],"customGraphs":[],"default":{"data":{"Article":[],"Course":[],"Dataset":[],"FAQPage":[],"Movie":[],"Person":[],"Product":[],"Recipe":[],"Service":[],"SoftwareApplication":[],"WebPage":[]},"graphName":"","isEnabled":true},"graphs":[]},"schema_type":"default","schema_type_options":null,"pillar_content":false,"robots_default":true,"robots_noindex":false,"robots_noarchive":false,"robots_nosnippet":false,"robots_nofollow":false,"robots_noimageindex":false,"robots_noodp":false,"robots_notranslate":false,"robots_max_snippet":null,"robots_max_videopreview":null,"robots_max_imagepreview":"large","priority":null,"frequency":null,"local_seo":null,"breadcrumb_settings":null,"limit_modified_date":false,"created":"2024-04-11 01:55:24","updated":"2025-06-22 16:48:10"},"aioseo_breadcrumb":"<div class=\"aioseo-breadcrumbs\"><span class=\"aioseo-breadcrumb\">\n\t<a href=\"https:\/\/www.rucashk.com\/pt\" title=\"Home\">Home<\/a>\n<\/span><span class=\"aioseo-breadcrumb-separator\">&raquo;<\/span><span class=\"aioseo-breadcrumb\">\n\t<a href=\"https:\/\/www.rucashk.com\/pt\/products\/\" title=\"Produtos\">Produtos<\/a>\n<\/span><span class=\"aioseo-breadcrumb-separator\">&raquo;<\/span><span class=\"aioseo-breadcrumb\">\n\t<a href=\"https:\/\/www.rucashk.com\/pt\/categoria-produto\/xiaomi-eco\/\" title=\"Xiaomi Eco\">Xiaomi Eco<\/a>\n<\/span><span class=\"aioseo-breadcrumb-separator\">&raquo;<\/span><span class=\"aioseo-breadcrumb\">\n\t<a href=\"https:\/\/www.rucashk.com\/pt\/categoria-produto\/xiaomi-eco\/personal-care\/\" title=\"Personal Care\">Personal Care<\/a>\n<\/span><span class=\"aioseo-breadcrumb-separator\">&raquo;<\/span><span class=\"aioseo-breadcrumb\">\n\tXiaomi JIMMY F6\n<\/span><\/div>","aioseo_breadcrumb_json":[{"label":"Home","link":"https:\/\/www.rucashk.com\/pt"},{"label":"Produtos","link":"https:\/\/www.rucashk.com\/pt\/products\/"},{"label":"Xiaomi Eco","link":"https:\/\/www.rucashk.com\/pt\/categoria-produto\/xiaomi-eco\/"},{"label":"Personal Care","link":"https:\/\/www.rucashk.com\/pt\/categoria-produto\/xiaomi-eco\/personal-care\/"},{"label":"Xiaomi JIMMY F6","link":"https:\/\/www.rucashk.com\/pt\/produto\/xiaomi-jimmy-f6\/"}],"_links":{"self":[{"href":"https:\/\/www.rucashk.com\/pt\/wp-json\/wp\/v2\/product\/22638","targetHints":{"allow":["GET"]}}],"collection":[{"href":"https:\/\/www.rucashk.com\/pt\/wp-json\/wp\/v2\/product"}],"about":[{"href":"https:\/\/www.rucashk.com\/pt\/wp-json\/wp\/v2\/types\/product"}],"wp:featuredmedia":[{"embeddable":true,"href":"https:\/\/www.rucashk.com\/pt\/wp-json\/wp\/v2\/media\/22769"}],"wp:attachment":[{"href":"https:\/\/www.rucashk.com\/pt\/wp-json\/wp\/v2\/media?parent=22638"}],"wp:term":[{"taxonomy":"product_brand","embeddable":true,"href":"https:\/\/www.rucashk.com\/pt\/wp-json\/wp\/v2\/product_brand?post=22638"},{"taxonomy":"product_cat","embeddable":true,"href":"https:\/\/www.rucashk.com\/pt\/wp-json\/wp\/v2\/product_cat?post=22638"},{"taxonomy":"product_tag","embeddable":true,"href":"https:\/\/www.rucashk.com\/pt\/wp-json\/wp\/v2\/product_tag?post=22638"}],"curies":[{"name":"wp","href":"https:\/\/api.w.org\/{rel}","templated":true}]}}