{"id":22634,"date":"2024-01-09T15:46:19","date_gmt":"2024-01-09T15:46:19","guid":{"rendered":"http:\/\/rucashk.com\/?post_type=product&#038;p=22634"},"modified":"2024-03-13T08:57:39","modified_gmt":"2024-03-13T08:57:39","slug":"olay-regenerist-face-cleansing-device","status":"publish","type":"product","link":"https:\/\/www.rucashk.com\/pt\/produto\/olay-regenerist-face-cleansing-device\/","title":{"rendered":"Dispositivo de limpeza facial Olay Regenerist"},"content":{"rendered":"<p>&nbsp;<\/p>\n<p><img decoding=\"async\" alt=\"Olay Regenerist Face Cleansing Device\" src=\"\/wp-content\/uploads\/replace\/db96f9cfba4574be8ab8e1bbb93d605b.jpeg\" \/><\/p>\n<p><img decoding=\"async\" alt=\"Olay Regenerist Face Cleansing Device\" src=\"\/wp-content\/uploads\/replace\/9304ceef74c12329b349d3fe20a56af9.jpeg\" \/><\/p>\n<h4 class=\"a-spacing-mini\">Escova Esfoliante Facial<\/h4>\n<p class=\"a-size-small\">Nossa escova de limpeza facial projetada por dermatologistas \u00e9 feita para proporcionar uma limpeza superior em maquiagem dif\u00edcil de remover ou apenas para ajud\u00e1-la a acordar. Para usar, umede\u00e7a o rosto, aplique seu limpador Olay favorito, umede\u00e7a a cabe\u00e7a da escova e esfolie suavemente o rosto por 60 segundos para remover as c\u00e9lulas superficiais opacas. Enx\u00e1gue para uma pele macia e renovada.<\/p>\n<p><img decoding=\"async\" alt=\"Olay Regenerist Face Cleansing Device\" src=\"\/wp-content\/uploads\/replace\/bf008e256e42285b66aaf3bb7868e4dd.jpeg\" \/><\/p>\n<h4 class=\"a-spacing-mini\">Emparelhando com seu limpador<\/h4>\n<p class=\"a-size-small\">Nossa escova facial prepara a pele para sua rotina completa de autocuidado: limpar, preparar, tratar e hidratar. Combinado com qualquer limpador Olay, nosso pincel maximiza os benef\u00edcios hidratantes imediatos do seu hidratante Olay e prepara sua pele para absorver melhor os ingredientes que desafiam o envelhecimento.<\/p>\n<p><img decoding=\"async\" alt=\"Olay Regenerist Face Cleansing Device\" src=\"\/wp-content\/uploads\/replace\/68054ada3363ebbe0cc6630f3587004a.jpeg\" \/><\/p>\n<h4 class=\"a-spacing-mini\">Como usar<\/h4>\n<p class=\"a-size-small\">Nossas cerdas macias e suaves, projetadas por dermatologistas, s\u00e3o seguras para uso di\u00e1rio - deixando sua pele instantaneamente limpa e fresca ap\u00f3s apenas um uso e ajudando sua pele a parecer mais saud\u00e1vel e mais jovem ao longo do tempo. Nossa escova para lavar o rosto vem com duas cabe\u00e7as de escova e duas pilhas AA e oferece duas configura\u00e7\u00f5es de velocidade: limpeza profunda di\u00e1ria ou esfolia\u00e7\u00e3o suave. Lembre-se de trocar a cabe\u00e7a da escova a cada tr\u00eas meses para obter melhores resultados.<\/p>\n<p><img decoding=\"async\" alt=\"Olay Regenerist Face Cleansing Device\" src=\"\/wp-content\/uploads\/replace\/33b3c9f1f0eee24ea0cb799f079d2aa5.jpeg\" \/><\/p>\n<h4 class=\"a-spacing-mini\">Rotinas de limpeza personalizadas<\/h4>\n<p class=\"a-size-small\">Se voc\u00ea deseja come\u00e7ar todas as manh\u00e3s com uma limpeza, experimente nossa configura\u00e7\u00e3o di\u00e1ria de limpeza profunda com um limpador leve como o Regenerist Whip Cleanser. Se voc\u00ea est\u00e1 procurando uma limpeza mais profunda e refinadora dos poros, experimente nossa configura\u00e7\u00e3o de esfolia\u00e7\u00e3o suave de alta velocidade com um limpador esfoliante como o Regenerist Detoxifying Pore Scrub.<\/p>","protected":false},"excerpt":{"rendered":"<h2 class=\"default\">Descri\u00e7\u00e3o do produto:<\/h2>\n<div id=\"productDescription\" class=\"a-section a-spacing-small\">\n<p>Voc\u00ea est\u00e1 sentindo ac\u00famulo de maquiagem? Ou uma ter\u00e7a-feira t\u00e3o agitada que voc\u00ea j\u00e1 est\u00e1 sonhando com a sexta-feira? Eleve sua rotina di\u00e1ria de limpeza de cuidados com a pele com nosso dispositivo de limpeza facial Olay Regenerist projetado por dermatologistas. Esta escova facial de 2 velocidades aumenta o poder do seu limpador para uma limpeza mais profunda \u2013 proporcionando uma limpeza superior em maquiagem dif\u00edcil de remover. Basta umedecer o rosto, aplicar seu limpador Regenerist favorito, umedecer a cabe\u00e7a da escova e esfoliar suavemente o rosto por 60 segundos para remover as c\u00e9lulas superficiais opacas. Enx\u00e1gue para obter uma pele macia e renovada, e seu rosto estar\u00e1 preparado para maximizar a efic\u00e1cia hidratante do seu hidratante e absorver melhor os ingredientes anti-envelhecimento, como a Niacinamida Vitamina B3. Portanto, cuide de si mesmo com nossa escova facial resistente \u00e0 \u00e1gua. Substitua a cabe\u00e7a da escova a cada 3 meses ou antes se houver desgaste vis\u00edvel.<\/p>\n<\/div>","protected":false},"featured_media":22746,"template":"","meta":[],"product_brand":[],"product_cat":[1320,1305],"product_tag":[754],"class_list":{"0":"post-22634","1":"product","2":"type-product","3":"status-publish","4":"has-post-thumbnail","6":"product_cat-personal-care","7":"product_cat-xiaomi-eco","8":"product_tag-olay-regenerist-face-cleansing-device","10":"first","11":"instock","12":"shipping-taxable","13":"product-type-external"},"aioseo_notices":[],"aioseo_head":"\n\t\t<!-- All in One SEO Pro 4.5.9.2 - aioseo.com -->\n\t\t<meta name=\"description\" content=\"Product description: Are you feeling makeup buildup? Or a Tuesday so busy you\u2019re already dreaming of Friday? Elevate your daily skin care cleansing routine with our dermatologist-designed Olay Regenerist Face Cleansing Device. This 2-speed facial brush boosts the power of your cleanser for a deeper clean \u2014 delivering superior cleansing on hard-to-remove makeup. Just dampen your face, apply your favorite Regenerist cleanser, moisten the brush head, and gently exfoliate your face for 60 seconds to remove those dulling surface cells. Rinse for soft, refreshed skin, and your face will be primed to maximize the hydrating effectiveness of your moisturizer and better absorb anti-aging ingredients, like Niacinamide Vitamin B3. So treat yourself to self-care with our water-resistant facial brush. Replace brush head every 3 months or sooner if there is visible wear.\" \/>\n\t\t<meta name=\"robots\" content=\"max-image-preview:large\" \/>\n\t\t<link rel=\"canonical\" href=\"https:\/\/www.rucashk.com\/pt\/produto\/olay-regenerist-face-cleansing-device\/\" \/>\n\t\t<meta name=\"generator\" content=\"All in One SEO Pro (AIOSEO) 4.5.9.2\" \/>\n\t\t<meta property=\"og:locale\" content=\"pt_PT\" \/>\n\t\t<meta property=\"og:site_name\" content=\"Rucas - One-stop AIoT Distribution Worldwide\" \/>\n\t\t<meta property=\"og:type\" content=\"article\" \/>\n\t\t<meta property=\"og:title\" content=\"Olay Regenerist Face Cleansing Device - Rucas - Wholesale and Distribution\" \/>\n\t\t<meta property=\"og:description\" content=\"Product description: Are you feeling makeup buildup? Or a Tuesday so busy you\u2019re already dreaming of Friday? Elevate your daily skin care cleansing routine with our dermatologist-designed Olay Regenerist Face Cleansing Device. This 2-speed facial brush boosts the power of your cleanser for a deeper clean \u2014 delivering superior cleansing on hard-to-remove makeup. Just dampen your face, apply your favorite Regenerist cleanser, moisten the brush head, and gently exfoliate your face for 60 seconds to remove those dulling surface cells. Rinse for soft, refreshed skin, and your face will be primed to maximize the hydrating effectiveness of your moisturizer and better absorb anti-aging ingredients, like Niacinamide Vitamin B3. So treat yourself to self-care with our water-resistant facial brush. Replace brush head every 3 months or sooner if there is visible wear.\" \/>\n\t\t<meta property=\"og:url\" content=\"https:\/\/www.rucashk.com\/pt\/produto\/olay-regenerist-face-cleansing-device\/\" \/>\n\t\t<meta property=\"og:image\" content=\"https:\/\/www.rucashk.com\/wp-content\/uploads\/replace\/503b8e645f128a97ccde2b6290747646.jpeg\" \/>\n\t\t<meta property=\"og:image:secure_url\" content=\"https:\/\/www.rucashk.com\/wp-content\/uploads\/replace\/503b8e645f128a97ccde2b6290747646.jpeg\" \/>\n\t\t<meta property=\"og:image:width\" content=\"1456\" \/>\n\t\t<meta property=\"og:image:height\" content=\"816\" \/>\n\t\t<meta property=\"article:published_time\" content=\"2024-01-09T15:46:19+00:00\" \/>\n\t\t<meta property=\"article:modified_time\" content=\"2024-03-13T08:57:39+00:00\" \/>\n\t\t<meta name=\"twitter:card\" content=\"summary_large_image\" \/>\n\t\t<meta name=\"twitter:title\" content=\"Olay Regenerist Face Cleansing Device - Rucas - Wholesale and Distribution\" \/>\n\t\t<meta name=\"twitter:description\" content=\"Product description: Are you feeling makeup buildup? Or a Tuesday so busy you\u2019re already dreaming of Friday? Elevate your daily skin care cleansing routine with our dermatologist-designed Olay Regenerist Face Cleansing Device. This 2-speed facial brush boosts the power of your cleanser for a deeper clean \u2014 delivering superior cleansing on hard-to-remove makeup. Just dampen your face, apply your favorite Regenerist cleanser, moisten the brush head, and gently exfoliate your face for 60 seconds to remove those dulling surface cells. Rinse for soft, refreshed skin, and your face will be primed to maximize the hydrating effectiveness of your moisturizer and better absorb anti-aging ingredients, like Niacinamide Vitamin B3. So treat yourself to self-care with our water-resistant facial brush. Replace brush head every 3 months or sooner if there is visible wear.\" \/>\n\t\t<meta name=\"twitter:image\" content=\"https:\/\/www.rucashk.com\/wp-content\/uploads\/replace\/503b8e645f128a97ccde2b6290747646.jpeg\" \/>\n\t\t<script type=\"application\/ld+json\" class=\"aioseo-schema\">\n\t\t\t{\"@context\":\"https:\\\/\\\/schema.org\",\"@graph\":[{\"@type\":\"BreadcrumbList\",\"@id\":\"https:\\\/\\\/www.rucashk.com\\\/pt\\\/produto\\\/olay-regenerist-face-cleansing-device\\\/#breadcrumblist\",\"itemListElement\":[{\"@type\":\"ListItem\",\"@id\":\"https:\\\/\\\/www.rucashk.com\\\/pt\\\/#listItem\",\"position\":1,\"name\":\"Home\",\"item\":\"https:\\\/\\\/www.rucashk.com\\\/pt\\\/\",\"nextItem\":\"https:\\\/\\\/www.rucashk.com\\\/pt\\\/produto\\\/olay-regenerist-face-cleansing-device\\\/#listItem\"},{\"@type\":\"ListItem\",\"@id\":\"https:\\\/\\\/www.rucashk.com\\\/pt\\\/produto\\\/olay-regenerist-face-cleansing-device\\\/#listItem\",\"position\":2,\"name\":\"Olay Regenerist Face Cleansing Device\",\"previousItem\":\"https:\\\/\\\/www.rucashk.com\\\/pt\\\/#listItem\"}]},{\"@type\":\"Organization\",\"@id\":\"https:\\\/\\\/www.rucashk.com\\\/pt\\\/#organization\",\"name\":\"Rucas\",\"url\":\"https:\\\/\\\/www.rucashk.com\\\/pt\\\/\",\"logo\":{\"@type\":\"ImageObject\",\"url\":\"https:\\\/\\\/www.rucashk.com\\\/wp-content\\\/uploads\\\/2023\\\/12\\\/Rucas_campany_logo.png\",\"@id\":\"https:\\\/\\\/www.rucashk.com\\\/pt\\\/produto\\\/olay-regenerist-face-cleansing-device\\\/#organizationLogo\",\"width\":221,\"height\":65},\"image\":{\"@id\":\"https:\\\/\\\/www.rucashk.com\\\/pt\\\/#organizationLogo\"}},{\"@type\":\"Person\",\"@id\":\"https:\\\/\\\/www.rucashk.com\\\/pt\\\/author\\\/admin\\\/#author\",\"url\":\"https:\\\/\\\/www.rucashk.com\\\/pt\\\/author\\\/admin\\\/\",\"name\":\"admin\",\"image\":{\"@type\":\"ImageObject\",\"@id\":\"https:\\\/\\\/www.rucashk.com\\\/pt\\\/produto\\\/olay-regenerist-face-cleansing-device\\\/#authorImage\",\"url\":\"https:\\\/\\\/secure.gravatar.com\\\/avatar\\\/b7c8925b09a27e72b30232f8ecaadbd5af0f70a38c78096863fe51b64f031c24?s=96&d=mm&r=g\",\"width\":96,\"height\":96,\"caption\":\"admin\"}},{\"@type\":\"WebPage\",\"@id\":\"https:\\\/\\\/www.rucashk.com\\\/pt\\\/produto\\\/olay-regenerist-face-cleansing-device\\\/#webpage\",\"url\":\"https:\\\/\\\/www.rucashk.com\\\/pt\\\/produto\\\/olay-regenerist-face-cleansing-device\\\/\",\"name\":\"Olay Regenerist Face Cleansing Device - Rucas - Wholesale and Distribution\",\"description\":\"Product description: Are you feeling makeup buildup? Or a Tuesday so busy you\\u2019re already dreaming of Friday? Elevate your daily skin care cleansing routine with our dermatologist-designed Olay Regenerist Face Cleansing Device. This 2-speed facial brush boosts the power of your cleanser for a deeper clean \\u2014 delivering superior cleansing on hard-to-remove makeup. Just dampen your face, apply your favorite Regenerist cleanser, moisten the brush head, and gently exfoliate your face for 60 seconds to remove those dulling surface cells. Rinse for soft, refreshed skin, and your face will be primed to maximize the hydrating effectiveness of your moisturizer and better absorb anti-aging ingredients, like Niacinamide Vitamin B3. So treat yourself to self-care with our water-resistant facial brush. Replace brush head every 3 months or sooner if there is visible wear.\",\"inLanguage\":\"pt-PT\",\"isPartOf\":{\"@id\":\"https:\\\/\\\/www.rucashk.com\\\/pt\\\/#website\"},\"breadcrumb\":{\"@id\":\"https:\\\/\\\/www.rucashk.com\\\/pt\\\/produto\\\/olay-regenerist-face-cleansing-device\\\/#breadcrumblist\"},\"author\":{\"@id\":\"https:\\\/\\\/www.rucashk.com\\\/pt\\\/author\\\/admin\\\/#author\"},\"creator\":{\"@id\":\"https:\\\/\\\/www.rucashk.com\\\/pt\\\/author\\\/admin\\\/#author\"},\"image\":{\"@type\":\"ImageObject\",\"url\":\"https:\\\/\\\/www.rucashk.com\\\/wp-content\\\/uploads\\\/2024\\\/01\\\/9-1.jpg\",\"@id\":\"https:\\\/\\\/www.rucashk.com\\\/pt\\\/produto\\\/olay-regenerist-face-cleansing-device\\\/#mainImage\",\"width\":1500,\"height\":1500},\"primaryImageOfPage\":{\"@id\":\"https:\\\/\\\/www.rucashk.com\\\/pt\\\/produto\\\/olay-regenerist-face-cleansing-device\\\/#mainImage\"},\"datePublished\":\"2024-01-09T15:46:19+00:00\",\"dateModified\":\"2024-03-13T08:57:39+00:00\"},{\"@type\":\"WebSite\",\"@id\":\"https:\\\/\\\/www.rucashk.com\\\/pt\\\/#website\",\"url\":\"https:\\\/\\\/www.rucashk.com\\\/pt\\\/\",\"name\":\"Rucas - Wholesale and distribution worldwide\",\"alternateName\":\"Rucas - One-stop AIoT Distribution Worldwide\",\"description\":\"One-stop AIoT Distribution Worldwide\",\"inLanguage\":\"pt-PT\",\"publisher\":{\"@id\":\"https:\\\/\\\/www.rucashk.com\\\/pt\\\/#organization\"}}]}\n\t\t<\/script>\n\t\t<!-- All in One SEO Pro -->\r\n\t\t<title>Olay Regenerist Face Cleansing Device - Rucas - Wholesale and Distribution<\/title>\n\n","aioseo_head_json":{"title":"Olay Regenerist Face Cleansing Device - Rucas - Wholesale and Distribution","description":"Product description: Are you feeling makeup buildup? Or a Tuesday so busy you\u2019re already dreaming of Friday? Elevate your daily skin care cleansing routine with our dermatologist-designed Olay Regenerist Face Cleansing Device. This 2-speed facial brush boosts the power of your cleanser for a deeper clean \u2014 delivering superior cleansing on hard-to-remove makeup. Just dampen your face, apply your favorite Regenerist cleanser, moisten the brush head, and gently exfoliate your face for 60 seconds to remove those dulling surface cells. Rinse for soft, refreshed skin, and your face will be primed to maximize the hydrating effectiveness of your moisturizer and better absorb anti-aging ingredients, like Niacinamide Vitamin B3. So treat yourself to self-care with our water-resistant facial brush. Replace brush head every 3 months or sooner if there is visible wear.","canonical_url":"https:\/\/www.rucashk.com\/pt\/produto\/olay-regenerist-face-cleansing-device\/","robots":"max-image-preview:large","keywords":"","webmasterTools":{"miscellaneous":""},"og:locale":"pt_PT","og:site_name":"Rucas - One-stop AIoT Distribution Worldwide","og:type":"article","og:title":"Olay Regenerist Face Cleansing Device - Rucas - Wholesale and Distribution","og:description":"Product description: Are you feeling makeup buildup? Or a Tuesday so busy you\u2019re already dreaming of Friday? Elevate your daily skin care cleansing routine with our dermatologist-designed Olay Regenerist Face Cleansing Device. This 2-speed facial brush boosts the power of your cleanser for a deeper clean \u2014 delivering superior cleansing on hard-to-remove makeup. Just dampen your face, apply your favorite Regenerist cleanser, moisten the brush head, and gently exfoliate your face for 60 seconds to remove those dulling surface cells. Rinse for soft, refreshed skin, and your face will be primed to maximize the hydrating effectiveness of your moisturizer and better absorb anti-aging ingredients, like Niacinamide Vitamin B3. So treat yourself to self-care with our water-resistant facial brush. Replace brush head every 3 months or sooner if there is visible wear.","og:url":"https:\/\/www.rucashk.com\/pt\/produto\/olay-regenerist-face-cleansing-device\/","og:image":"https:\/\/www.rucashk.com\/wp-content\/uploads\/replace\/503b8e645f128a97ccde2b6290747646.jpeg","og:image:secure_url":"https:\/\/www.rucashk.com\/wp-content\/uploads\/replace\/503b8e645f128a97ccde2b6290747646.jpeg","og:image:width":1456,"og:image:height":816,"article:published_time":"2024-01-09T15:46:19+00:00","article:modified_time":"2024-03-13T08:57:39+00:00","twitter:card":"summary_large_image","twitter:title":"Olay Regenerist Face Cleansing Device - Rucas - Wholesale and Distribution","twitter:description":"Product description: Are you feeling makeup buildup? Or a Tuesday so busy you\u2019re already dreaming of Friday? Elevate your daily skin care cleansing routine with our dermatologist-designed Olay Regenerist Face Cleansing Device. This 2-speed facial brush boosts the power of your cleanser for a deeper clean \u2014 delivering superior cleansing on hard-to-remove makeup. Just dampen your face, apply your favorite Regenerist cleanser, moisten the brush head, and gently exfoliate your face for 60 seconds to remove those dulling surface cells. Rinse for soft, refreshed skin, and your face will be primed to maximize the hydrating effectiveness of your moisturizer and better absorb anti-aging ingredients, like Niacinamide Vitamin B3. So treat yourself to self-care with our water-resistant facial brush. Replace brush head every 3 months or sooner if there is visible wear.","twitter:image":"https:\/\/www.rucashk.com\/wp-content\/uploads\/replace\/503b8e645f128a97ccde2b6290747646.jpeg","schema":{"@context":"https:\/\/schema.org","@graph":[{"@type":"BreadcrumbList","@id":"https:\/\/www.rucashk.com\/pt\/produto\/olay-regenerist-face-cleansing-device\/#breadcrumblist","itemListElement":[{"@type":"ListItem","@id":"https:\/\/www.rucashk.com\/pt\/#listItem","position":1,"name":"Home","item":"https:\/\/www.rucashk.com\/pt\/","nextItem":"https:\/\/www.rucashk.com\/pt\/produto\/olay-regenerist-face-cleansing-device\/#listItem"},{"@type":"ListItem","@id":"https:\/\/www.rucashk.com\/pt\/produto\/olay-regenerist-face-cleansing-device\/#listItem","position":2,"name":"Olay Regenerist Face Cleansing Device","previousItem":"https:\/\/www.rucashk.com\/pt\/#listItem"}]},{"@type":"Organization","@id":"https:\/\/www.rucashk.com\/pt\/#organization","name":"Rucas","url":"https:\/\/www.rucashk.com\/pt\/","logo":{"@type":"ImageObject","url":"https:\/\/www.rucashk.com\/wp-content\/uploads\/2023\/12\/Rucas_campany_logo.png","@id":"https:\/\/www.rucashk.com\/pt\/produto\/olay-regenerist-face-cleansing-device\/#organizationLogo","width":221,"height":65},"image":{"@id":"https:\/\/www.rucashk.com\/pt\/#organizationLogo"}},{"@type":"Person","@id":"https:\/\/www.rucashk.com\/pt\/author\/admin\/#author","url":"https:\/\/www.rucashk.com\/pt\/author\/admin\/","name":"admin","image":{"@type":"ImageObject","@id":"https:\/\/www.rucashk.com\/pt\/produto\/olay-regenerist-face-cleansing-device\/#authorImage","url":"https:\/\/secure.gravatar.com\/avatar\/b7c8925b09a27e72b30232f8ecaadbd5af0f70a38c78096863fe51b64f031c24?s=96&d=mm&r=g","width":96,"height":96,"caption":"admin"}},{"@type":"WebPage","@id":"https:\/\/www.rucashk.com\/pt\/produto\/olay-regenerist-face-cleansing-device\/#webpage","url":"https:\/\/www.rucashk.com\/pt\/produto\/olay-regenerist-face-cleansing-device\/","name":"Olay Regenerist Face Cleansing Device - Rucas - Wholesale and Distribution","description":"Product description: Are you feeling makeup buildup? Or a Tuesday so busy you\u2019re already dreaming of Friday? Elevate your daily skin care cleansing routine with our dermatologist-designed Olay Regenerist Face Cleansing Device. This 2-speed facial brush boosts the power of your cleanser for a deeper clean \u2014 delivering superior cleansing on hard-to-remove makeup. Just dampen your face, apply your favorite Regenerist cleanser, moisten the brush head, and gently exfoliate your face for 60 seconds to remove those dulling surface cells. Rinse for soft, refreshed skin, and your face will be primed to maximize the hydrating effectiveness of your moisturizer and better absorb anti-aging ingredients, like Niacinamide Vitamin B3. So treat yourself to self-care with our water-resistant facial brush. Replace brush head every 3 months or sooner if there is visible wear.","inLanguage":"pt-PT","isPartOf":{"@id":"https:\/\/www.rucashk.com\/pt\/#website"},"breadcrumb":{"@id":"https:\/\/www.rucashk.com\/pt\/produto\/olay-regenerist-face-cleansing-device\/#breadcrumblist"},"author":{"@id":"https:\/\/www.rucashk.com\/pt\/author\/admin\/#author"},"creator":{"@id":"https:\/\/www.rucashk.com\/pt\/author\/admin\/#author"},"image":{"@type":"ImageObject","url":"https:\/\/www.rucashk.com\/wp-content\/uploads\/2024\/01\/9-1.jpg","@id":"https:\/\/www.rucashk.com\/pt\/produto\/olay-regenerist-face-cleansing-device\/#mainImage","width":1500,"height":1500},"primaryImageOfPage":{"@id":"https:\/\/www.rucashk.com\/pt\/produto\/olay-regenerist-face-cleansing-device\/#mainImage"},"datePublished":"2024-01-09T15:46:19+00:00","dateModified":"2024-03-13T08:57:39+00:00"},{"@type":"WebSite","@id":"https:\/\/www.rucashk.com\/pt\/#website","url":"https:\/\/www.rucashk.com\/pt\/","name":"Rucas - Wholesale and distribution worldwide","alternateName":"Rucas - One-stop AIoT Distribution Worldwide","description":"One-stop AIoT Distribution Worldwide","inLanguage":"pt-PT","publisher":{"@id":"https:\/\/www.rucashk.com\/pt\/#organization"}}]}},"aioseo_meta_data":{"post_id":"22634","title":null,"description":null,"keywords":null,"keyphrases":null,"primary_term":null,"canonical_url":null,"og_title":null,"og_description":null,"og_object_type":"default","og_image_type":"default","og_image_url":null,"og_image_width":null,"og_image_height":null,"og_image_custom_url":null,"og_image_custom_fields":null,"og_video":null,"og_custom_url":null,"og_article_section":null,"og_article_tags":null,"twitter_use_og":false,"twitter_card":"default","twitter_image_type":"default","twitter_image_url":null,"twitter_image_custom_url":null,"twitter_image_custom_fields":null,"twitter_title":null,"twitter_description":null,"schema":{"blockGraphs":[],"customGraphs":[],"default":{"data":{"Article":[],"Course":[],"Dataset":[],"FAQPage":[],"Movie":[],"Person":[],"Product":[],"Recipe":[],"Service":[],"SoftwareApplication":[],"WebPage":[]},"graphName":"","isEnabled":true},"graphs":[]},"schema_type":"default","schema_type_options":null,"pillar_content":false,"robots_default":true,"robots_noindex":false,"robots_noarchive":false,"robots_nosnippet":false,"robots_nofollow":false,"robots_noimageindex":false,"robots_noodp":false,"robots_notranslate":false,"robots_max_snippet":null,"robots_max_videopreview":null,"robots_max_imagepreview":"large","priority":null,"frequency":null,"local_seo":null,"breadcrumb_settings":null,"limit_modified_date":false,"created":"2024-04-11 01:55:24","updated":"2025-06-22 16:48:06"},"aioseo_breadcrumb":"<div class=\"aioseo-breadcrumbs\"><span class=\"aioseo-breadcrumb\">\n\t<a href=\"https:\/\/www.rucashk.com\/pt\" title=\"Home\">Home<\/a>\n<\/span><span class=\"aioseo-breadcrumb-separator\">&raquo;<\/span><span class=\"aioseo-breadcrumb\">\n\t<a href=\"https:\/\/www.rucashk.com\/pt\/products\/\" title=\"Produtos\">Produtos<\/a>\n<\/span><span class=\"aioseo-breadcrumb-separator\">&raquo;<\/span><span class=\"aioseo-breadcrumb\">\n\t<a href=\"https:\/\/www.rucashk.com\/pt\/categoria-produto\/xiaomi-eco\/\" title=\"Xiaomi Eco\">Xiaomi Eco<\/a>\n<\/span><span class=\"aioseo-breadcrumb-separator\">&raquo;<\/span><span class=\"aioseo-breadcrumb\">\n\t<a href=\"https:\/\/www.rucashk.com\/pt\/categoria-produto\/xiaomi-eco\/personal-care\/\" title=\"Personal Care\">Personal Care<\/a>\n<\/span><span class=\"aioseo-breadcrumb-separator\">&raquo;<\/span><span class=\"aioseo-breadcrumb\">\n\tOlay Regenerist Face Cleansing Device\n<\/span><\/div>","aioseo_breadcrumb_json":[{"label":"Home","link":"https:\/\/www.rucashk.com\/pt"},{"label":"Produtos","link":"https:\/\/www.rucashk.com\/pt\/products\/"},{"label":"Xiaomi Eco","link":"https:\/\/www.rucashk.com\/pt\/categoria-produto\/xiaomi-eco\/"},{"label":"Personal Care","link":"https:\/\/www.rucashk.com\/pt\/categoria-produto\/xiaomi-eco\/personal-care\/"},{"label":"Olay Regenerist Face Cleansing Device","link":"https:\/\/www.rucashk.com\/pt\/produto\/olay-regenerist-face-cleansing-device\/"}],"_links":{"self":[{"href":"https:\/\/www.rucashk.com\/pt\/wp-json\/wp\/v2\/product\/22634","targetHints":{"allow":["GET"]}}],"collection":[{"href":"https:\/\/www.rucashk.com\/pt\/wp-json\/wp\/v2\/product"}],"about":[{"href":"https:\/\/www.rucashk.com\/pt\/wp-json\/wp\/v2\/types\/product"}],"wp:featuredmedia":[{"embeddable":true,"href":"https:\/\/www.rucashk.com\/pt\/wp-json\/wp\/v2\/media\/22746"}],"wp:attachment":[{"href":"https:\/\/www.rucashk.com\/pt\/wp-json\/wp\/v2\/media?parent=22634"}],"wp:term":[{"taxonomy":"product_brand","embeddable":true,"href":"https:\/\/www.rucashk.com\/pt\/wp-json\/wp\/v2\/product_brand?post=22634"},{"taxonomy":"product_cat","embeddable":true,"href":"https:\/\/www.rucashk.com\/pt\/wp-json\/wp\/v2\/product_cat?post=22634"},{"taxonomy":"product_tag","embeddable":true,"href":"https:\/\/www.rucashk.com\/pt\/wp-json\/wp\/v2\/product_tag?post=22634"}],"curies":[{"name":"wp","href":"https:\/\/api.w.org\/{rel}","templated":true}]}}