{"id":22632,"date":"2024-01-09T15:46:19","date_gmt":"2024-01-09T15:46:19","guid":{"rendered":"http:\/\/rucashk.com\/?post_type=product&#038;p=22632"},"modified":"2024-03-13T08:57:03","modified_gmt":"2024-03-13T08:57:03","slug":"foreo-luna-mini-2-facial-cleansing-devices","status":"publish","type":"product","link":"https:\/\/www.rucashk.com\/pt\/produto\/foreo-luna-mini-2-facial-cleansing-devices\/","title":{"rendered":"Dispositivos de limpeza facial FOREO LUNA Mini 2"},"content":{"rendered":"<p><img decoding=\"async\" alt=\"FOREO LUNA Mini 2 Facial Cleansing Devices\" src=\"\/wp-content\/uploads\/replace\/92bfcb4ac79993371f06a7ec4b6cc1a6.jpeg\" \/><\/p>\n<p><img decoding=\"async\" alt=\"FOREO LUNA Mini 2 Facial Cleansing Devices\" src=\"\/wp-content\/uploads\/replace\/f0c3fc1e38efc6b2a19cedb153c26603.jpeg\" \/><\/p>\n<h3 class=\"a-spacing-mini\">Uma massagem profissional tipo spa em casa<\/h3>\n<p class=\"a-spacing-base\">Quem precisa do spa, quando pode recri\u00e1-lo em casa? LUNA mini 2 \u00e9 um compacto T-Sonic aprimorado <a href=\"https:\/\/www.rucashk.com\/pt\/produto\/inface-facial-cleansing-brush-upgrade-version-mijia-electric-sonic-face-brush\/\" class=\"\" style=\"width: auto !important\" data-wpil-post-to-id=\"9583\">escova de limpeza facial<\/a> com 8 intensidades ajust\u00e1veis e resultados brilhantes e inconfund\u00edveis. Uma maneira f\u00e1cil e ultra-higi\u00eanica de dar ao seu <a href=\"https:\/\/www.rucashk.com\/pt\/produto\/inface-ultrasonic-facial-skin-scrubber-ion-deep-face-cleaning\/\" class=\"\" style=\"width: auto !important\" data-wpil-post-to-id=\"9600\">Enfrente uma limpeza profunda e uma massagem facial relaxante, este aparelho transformar\u00e1 sua pele<\/a> com seu ritual de um minuto. Perfeito para todos os tipos de pele, este sueco <a href=\"https:\/\/www.rucashk.com\/pt\/produto\/inface-facial-brush-ms2000\/\" class=\"\" style=\"width: auto !important\" data-wpil-post-to-id=\"12091\">escova facial<\/a> ajuda a obter uma pele clara, mais lisa e macia.<\/p>\n<p><img decoding=\"async\" alt=\"FOREO LUNA Mini 2 Facial Cleansing Devices\" src=\"\/wp-content\/uploads\/replace\/56173278c197c4a6d4271ff06229f10c.jpeg\" \/><\/p>\n<h3 class=\"a-spacing-mini\">Um pincel para todos os rostos<\/h3>\n<p class=\"a-spacing-base\">Com 3 zonas de limpeza e 8 intensidades ajust\u00e1veis, voc\u00ea ter\u00e1 uma tez fresca e uniforme independentemente do seu tipo de pele. Os pontos de contato finos de silicone na parte frontal cuidam da pele sens\u00edvel e normal, enquanto os pontos de contato mais grossos na parte superior proporcionam uma limpeza precisa na zona T. Na parte traseira, cerdas largas de silicone s\u00e3o especializadas na limpeza de peles mais oleosas.<\/p>\n<p><img decoding=\"async\" alt=\"FOREO LUNA Mini 2 Facial Cleansing Devices\" src=\"\/wp-content\/uploads\/replace\/4c785834f4bb1056e33d9d0da1227de9.jpeg\" \/><\/p>\n<h4 class=\"a-spacing-mini\">1. Aplique limpador<\/h4>\n<p>Umede\u00e7a o rosto e aplique seu limpador favorito. Molhe o LUNA mini 2 e ligue-o.<\/p>\n<p><img decoding=\"async\" alt=\"FOREO LUNA Mini 2 Facial Cleansing Devices\" src=\"\/wp-content\/uploads\/replace\/96d4fb7585b35045de30c54142b157d3.jpeg\" \/><\/p>\n<h4 class=\"a-spacing-mini\">2. Limpar<\/h4>\n<p>Deslize suavemente o LUNA mini 2 em movimentos circulares sobre o rosto por 1 minuto.<\/p>\n<p><img decoding=\"async\" alt=\"FOREO LUNA Mini 2 Facial Cleansing Devices\" src=\"\/wp-content\/uploads\/replace\/3ff2239743cf2973e26c6057e771c19c.jpeg\" \/><\/p>\n<h4 class=\"a-spacing-mini\">3. Enxaguar<\/h4>\n<p>Enx\u00e1gue e seque o rosto. Aplique produtos adicionais para a pele conforme desejado.<\/p>","protected":false},"excerpt":{"rendered":"<h3>Descri\u00e7\u00e3o do produto:<\/h3>\n<p>Take your skin to Spa heaven with LUNA mini 2. The facial cleansing brush from Swedish beauty brand FOREO eliminates blemish-causing impurities while remaining gentle on the skin. GENTLE, YET EFFECTIVE CLEANSE T-Sonic pulsations deliver the unique ability to remove 99.5% of dirt and oil, as well as makeup residue and dead skin cells, and exfoliate without irritating the skin. All it takes is one minute whenever your skin needs a deeper cleanse or relaxing massage to achieve fresh, even-looking skin. SUITS EVERY SKIN TYPE LUNA mini 2 uses the power of T-Sonic pulsations to effectively cleanse deep below the skin&#8217;s surface. With 8 adjustable intensities and 3 zones of varying touchpoint thicknesses, it is suitable for all skin types. HYGIENE FIRST LUNA mini 2 needs no replacement parts and since it is ultra-hygienic and non-porous it resists bacteria buildup for utmost safety and performance.<\/p>","protected":false},"featured_media":22730,"template":"","meta":[],"product_brand":[],"product_cat":[1320,1305],"product_tag":[752],"class_list":{"0":"post-22632","1":"product","2":"type-product","3":"status-publish","4":"has-post-thumbnail","6":"product_cat-personal-care","7":"product_cat-xiaomi-eco","8":"product_tag-foreo-luna-mini-2","10":"first","11":"instock","12":"shipping-taxable","13":"product-type-external"},"aioseo_notices":[],"aioseo_head":"\n\t\t<!-- All in One SEO Pro 4.5.9.2 - aioseo.com -->\n\t\t<meta name=\"description\" content=\"Product Description: Take your skin to Spa heaven with LUNA mini 2. The facial cleansing brush from Swedish beauty brand FOREO eliminates blemish-causing impurities while remaining gentle on the skin. GENTLE, YET EFFECTIVE CLEANSE T-Sonic pulsations deliver the unique ability to remove 99.5% of dirt and oil, as well as makeup residue and dead skin cells, and exfoliate without irritating the skin. All it takes is one minute whenever your skin needs a deeper cleanse or relaxing massage to achieve fresh, even-looking skin. SUITS EVERY SKIN TYPE LUNA mini 2 uses the power of T-Sonic pulsations to effectively cleanse deep below the skin&#039;s surface. With 8 adjustable intensities and 3 zones of varying touchpoint thicknesses, it is suitable for all skin types. HYGIENE FIRST LUNA mini 2 needs no replacement parts and since it is ultra-hygienic and non-porous it resists bacteria buildup for utmost safety and performance.\" \/>\n\t\t<meta name=\"robots\" content=\"max-image-preview:large\" \/>\n\t\t<link rel=\"canonical\" href=\"https:\/\/www.rucashk.com\/pt\/produto\/foreo-luna-mini-2-facial-cleansing-devices\/\" \/>\n\t\t<meta name=\"generator\" content=\"All in One SEO Pro (AIOSEO) 4.5.9.2\" \/>\n\t\t<meta property=\"og:locale\" content=\"pt_PT\" \/>\n\t\t<meta property=\"og:site_name\" content=\"Rucas - One-stop AIoT Distribution Worldwide\" \/>\n\t\t<meta property=\"og:type\" content=\"article\" \/>\n\t\t<meta property=\"og:title\" content=\"FOREO LUNA Mini 2 Facial Cleansing Devices - Rucas - Wholesale and Distribution\" \/>\n\t\t<meta property=\"og:description\" content=\"Product Description: Take your skin to Spa heaven with LUNA mini 2. The facial cleansing brush from Swedish beauty brand FOREO eliminates blemish-causing impurities while remaining gentle on the skin. GENTLE, YET EFFECTIVE CLEANSE T-Sonic pulsations deliver the unique ability to remove 99.5% of dirt and oil, as well as makeup residue and dead skin cells, and exfoliate without irritating the skin. All it takes is one minute whenever your skin needs a deeper cleanse or relaxing massage to achieve fresh, even-looking skin. SUITS EVERY SKIN TYPE LUNA mini 2 uses the power of T-Sonic pulsations to effectively cleanse deep below the skin&#039;s surface. With 8 adjustable intensities and 3 zones of varying touchpoint thicknesses, it is suitable for all skin types. HYGIENE FIRST LUNA mini 2 needs no replacement parts and since it is ultra-hygienic and non-porous it resists bacteria buildup for utmost safety and performance.\" \/>\n\t\t<meta property=\"og:url\" content=\"https:\/\/www.rucashk.com\/pt\/produto\/foreo-luna-mini-2-facial-cleansing-devices\/\" \/>\n\t\t<meta property=\"og:image\" content=\"https:\/\/www.rucashk.com\/wp-content\/uploads\/replace\/503b8e645f128a97ccde2b6290747646.jpeg\" \/>\n\t\t<meta property=\"og:image:secure_url\" content=\"https:\/\/www.rucashk.com\/wp-content\/uploads\/replace\/503b8e645f128a97ccde2b6290747646.jpeg\" \/>\n\t\t<meta property=\"og:image:width\" content=\"1456\" \/>\n\t\t<meta property=\"og:image:height\" content=\"816\" \/>\n\t\t<meta property=\"article:published_time\" content=\"2024-01-09T15:46:19+00:00\" \/>\n\t\t<meta property=\"article:modified_time\" content=\"2024-03-13T08:57:03+00:00\" \/>\n\t\t<meta name=\"twitter:card\" content=\"summary_large_image\" \/>\n\t\t<meta name=\"twitter:title\" content=\"FOREO LUNA Mini 2 Facial Cleansing Devices - Rucas - Wholesale and Distribution\" \/>\n\t\t<meta name=\"twitter:description\" content=\"Product Description: Take your skin to Spa heaven with LUNA mini 2. The facial cleansing brush from Swedish beauty brand FOREO eliminates blemish-causing impurities while remaining gentle on the skin. GENTLE, YET EFFECTIVE CLEANSE T-Sonic pulsations deliver the unique ability to remove 99.5% of dirt and oil, as well as makeup residue and dead skin cells, and exfoliate without irritating the skin. All it takes is one minute whenever your skin needs a deeper cleanse or relaxing massage to achieve fresh, even-looking skin. SUITS EVERY SKIN TYPE LUNA mini 2 uses the power of T-Sonic pulsations to effectively cleanse deep below the skin&#039;s surface. With 8 adjustable intensities and 3 zones of varying touchpoint thicknesses, it is suitable for all skin types. HYGIENE FIRST LUNA mini 2 needs no replacement parts and since it is ultra-hygienic and non-porous it resists bacteria buildup for utmost safety and performance.\" \/>\n\t\t<meta name=\"twitter:image\" content=\"https:\/\/www.rucashk.com\/wp-content\/uploads\/replace\/503b8e645f128a97ccde2b6290747646.jpeg\" \/>\n\t\t<script type=\"application\/ld+json\" class=\"aioseo-schema\">\n\t\t\t{\"@context\":\"https:\\\/\\\/schema.org\",\"@graph\":[{\"@type\":\"BreadcrumbList\",\"@id\":\"https:\\\/\\\/www.rucashk.com\\\/pt\\\/produto\\\/foreo-luna-mini-2-facial-cleansing-devices\\\/#breadcrumblist\",\"itemListElement\":[{\"@type\":\"ListItem\",\"@id\":\"https:\\\/\\\/www.rucashk.com\\\/pt\\\/#listItem\",\"position\":1,\"name\":\"Home\",\"item\":\"https:\\\/\\\/www.rucashk.com\\\/pt\\\/\",\"nextItem\":\"https:\\\/\\\/www.rucashk.com\\\/pt\\\/produto\\\/foreo-luna-mini-2-facial-cleansing-devices\\\/#listItem\"},{\"@type\":\"ListItem\",\"@id\":\"https:\\\/\\\/www.rucashk.com\\\/pt\\\/produto\\\/foreo-luna-mini-2-facial-cleansing-devices\\\/#listItem\",\"position\":2,\"name\":\"FOREO LUNA Mini 2 Facial Cleansing Devices\",\"previousItem\":\"https:\\\/\\\/www.rucashk.com\\\/pt\\\/#listItem\"}]},{\"@type\":\"Organization\",\"@id\":\"https:\\\/\\\/www.rucashk.com\\\/pt\\\/#organization\",\"name\":\"Rucas\",\"url\":\"https:\\\/\\\/www.rucashk.com\\\/pt\\\/\",\"logo\":{\"@type\":\"ImageObject\",\"url\":\"https:\\\/\\\/www.rucashk.com\\\/wp-content\\\/uploads\\\/2023\\\/12\\\/Rucas_campany_logo.png\",\"@id\":\"https:\\\/\\\/www.rucashk.com\\\/pt\\\/produto\\\/foreo-luna-mini-2-facial-cleansing-devices\\\/#organizationLogo\",\"width\":221,\"height\":65},\"image\":{\"@id\":\"https:\\\/\\\/www.rucashk.com\\\/pt\\\/#organizationLogo\"}},{\"@type\":\"Person\",\"@id\":\"https:\\\/\\\/www.rucashk.com\\\/pt\\\/author\\\/admin\\\/#author\",\"url\":\"https:\\\/\\\/www.rucashk.com\\\/pt\\\/author\\\/admin\\\/\",\"name\":\"admin\",\"image\":{\"@type\":\"ImageObject\",\"@id\":\"https:\\\/\\\/www.rucashk.com\\\/pt\\\/produto\\\/foreo-luna-mini-2-facial-cleansing-devices\\\/#authorImage\",\"url\":\"https:\\\/\\\/secure.gravatar.com\\\/avatar\\\/b7c8925b09a27e72b30232f8ecaadbd5af0f70a38c78096863fe51b64f031c24?s=96&d=mm&r=g\",\"width\":96,\"height\":96,\"caption\":\"admin\"}},{\"@type\":\"WebPage\",\"@id\":\"https:\\\/\\\/www.rucashk.com\\\/pt\\\/produto\\\/foreo-luna-mini-2-facial-cleansing-devices\\\/#webpage\",\"url\":\"https:\\\/\\\/www.rucashk.com\\\/pt\\\/produto\\\/foreo-luna-mini-2-facial-cleansing-devices\\\/\",\"name\":\"FOREO LUNA Mini 2 Facial Cleansing Devices - Rucas - Wholesale and Distribution\",\"description\":\"Product Description: Take your skin to Spa heaven with LUNA mini 2. The facial cleansing brush from Swedish beauty brand FOREO eliminates blemish-causing impurities while remaining gentle on the skin. GENTLE, YET EFFECTIVE CLEANSE T-Sonic pulsations deliver the unique ability to remove 99.5% of dirt and oil, as well as makeup residue and dead skin cells, and exfoliate without irritating the skin. All it takes is one minute whenever your skin needs a deeper cleanse or relaxing massage to achieve fresh, even-looking skin. SUITS EVERY SKIN TYPE LUNA mini 2 uses the power of T-Sonic pulsations to effectively cleanse deep below the skin's surface. With 8 adjustable intensities and 3 zones of varying touchpoint thicknesses, it is suitable for all skin types. HYGIENE FIRST LUNA mini 2 needs no replacement parts and since it is ultra-hygienic and non-porous it resists bacteria buildup for utmost safety and performance.\",\"inLanguage\":\"pt-PT\",\"isPartOf\":{\"@id\":\"https:\\\/\\\/www.rucashk.com\\\/pt\\\/#website\"},\"breadcrumb\":{\"@id\":\"https:\\\/\\\/www.rucashk.com\\\/pt\\\/produto\\\/foreo-luna-mini-2-facial-cleansing-devices\\\/#breadcrumblist\"},\"author\":{\"@id\":\"https:\\\/\\\/www.rucashk.com\\\/pt\\\/author\\\/admin\\\/#author\"},\"creator\":{\"@id\":\"https:\\\/\\\/www.rucashk.com\\\/pt\\\/author\\\/admin\\\/#author\"},\"image\":{\"@type\":\"ImageObject\",\"url\":\"https:\\\/\\\/www.rucashk.com\\\/wp-content\\\/uploads\\\/2024\\\/01\\\/7_\\u526f\\u672c.jpg\",\"@id\":\"https:\\\/\\\/www.rucashk.com\\\/pt\\\/produto\\\/foreo-luna-mini-2-facial-cleansing-devices\\\/#mainImage\",\"width\":800,\"height\":800},\"primaryImageOfPage\":{\"@id\":\"https:\\\/\\\/www.rucashk.com\\\/pt\\\/produto\\\/foreo-luna-mini-2-facial-cleansing-devices\\\/#mainImage\"},\"datePublished\":\"2024-01-09T15:46:19+00:00\",\"dateModified\":\"2024-03-13T08:57:03+00:00\"},{\"@type\":\"WebSite\",\"@id\":\"https:\\\/\\\/www.rucashk.com\\\/pt\\\/#website\",\"url\":\"https:\\\/\\\/www.rucashk.com\\\/pt\\\/\",\"name\":\"Rucas - Wholesale and distribution worldwide\",\"alternateName\":\"Rucas - One-stop AIoT Distribution Worldwide\",\"description\":\"One-stop AIoT Distribution Worldwide\",\"inLanguage\":\"pt-PT\",\"publisher\":{\"@id\":\"https:\\\/\\\/www.rucashk.com\\\/pt\\\/#organization\"}}]}\n\t\t<\/script>\n\t\t<!-- All in One SEO Pro -->\r\n\t\t<title>FOREO LUNA Mini 2 Facial Cleansing Devices - Rucas - Wholesale and Distribution<\/title>\n\n","aioseo_head_json":{"title":"FOREO LUNA Mini 2 Facial Cleansing Devices - Rucas - Wholesale and Distribution","description":"Product Description: Take your skin to Spa heaven with LUNA mini 2. The facial cleansing brush from Swedish beauty brand FOREO eliminates blemish-causing impurities while remaining gentle on the skin. GENTLE, YET EFFECTIVE CLEANSE T-Sonic pulsations deliver the unique ability to remove 99.5% of dirt and oil, as well as makeup residue and dead skin cells, and exfoliate without irritating the skin. All it takes is one minute whenever your skin needs a deeper cleanse or relaxing massage to achieve fresh, even-looking skin. SUITS EVERY SKIN TYPE LUNA mini 2 uses the power of T-Sonic pulsations to effectively cleanse deep below the skin's surface. With 8 adjustable intensities and 3 zones of varying touchpoint thicknesses, it is suitable for all skin types. HYGIENE FIRST LUNA mini 2 needs no replacement parts and since it is ultra-hygienic and non-porous it resists bacteria buildup for utmost safety and performance.","canonical_url":"https:\/\/www.rucashk.com\/pt\/produto\/foreo-luna-mini-2-facial-cleansing-devices\/","robots":"max-image-preview:large","keywords":"","webmasterTools":{"miscellaneous":""},"og:locale":"pt_PT","og:site_name":"Rucas - One-stop AIoT Distribution Worldwide","og:type":"article","og:title":"FOREO LUNA Mini 2 Facial Cleansing Devices - Rucas - Wholesale and Distribution","og:description":"Product Description: Take your skin to Spa heaven with LUNA mini 2. The facial cleansing brush from Swedish beauty brand FOREO eliminates blemish-causing impurities while remaining gentle on the skin. GENTLE, YET EFFECTIVE CLEANSE T-Sonic pulsations deliver the unique ability to remove 99.5% of dirt and oil, as well as makeup residue and dead skin cells, and exfoliate without irritating the skin. All it takes is one minute whenever your skin needs a deeper cleanse or relaxing massage to achieve fresh, even-looking skin. SUITS EVERY SKIN TYPE LUNA mini 2 uses the power of T-Sonic pulsations to effectively cleanse deep below the skin's surface. With 8 adjustable intensities and 3 zones of varying touchpoint thicknesses, it is suitable for all skin types. HYGIENE FIRST LUNA mini 2 needs no replacement parts and since it is ultra-hygienic and non-porous it resists bacteria buildup for utmost safety and performance.","og:url":"https:\/\/www.rucashk.com\/pt\/produto\/foreo-luna-mini-2-facial-cleansing-devices\/","og:image":"https:\/\/www.rucashk.com\/wp-content\/uploads\/replace\/503b8e645f128a97ccde2b6290747646.jpeg","og:image:secure_url":"https:\/\/www.rucashk.com\/wp-content\/uploads\/replace\/503b8e645f128a97ccde2b6290747646.jpeg","og:image:width":1456,"og:image:height":816,"article:published_time":"2024-01-09T15:46:19+00:00","article:modified_time":"2024-03-13T08:57:03+00:00","twitter:card":"summary_large_image","twitter:title":"FOREO LUNA Mini 2 Facial Cleansing Devices - Rucas - Wholesale and Distribution","twitter:description":"Product Description: Take your skin to Spa heaven with LUNA mini 2. The facial cleansing brush from Swedish beauty brand FOREO eliminates blemish-causing impurities while remaining gentle on the skin. GENTLE, YET EFFECTIVE CLEANSE T-Sonic pulsations deliver the unique ability to remove 99.5% of dirt and oil, as well as makeup residue and dead skin cells, and exfoliate without irritating the skin. All it takes is one minute whenever your skin needs a deeper cleanse or relaxing massage to achieve fresh, even-looking skin. SUITS EVERY SKIN TYPE LUNA mini 2 uses the power of T-Sonic pulsations to effectively cleanse deep below the skin's surface. With 8 adjustable intensities and 3 zones of varying touchpoint thicknesses, it is suitable for all skin types. HYGIENE FIRST LUNA mini 2 needs no replacement parts and since it is ultra-hygienic and non-porous it resists bacteria buildup for utmost safety and performance.","twitter:image":"https:\/\/www.rucashk.com\/wp-content\/uploads\/replace\/503b8e645f128a97ccde2b6290747646.jpeg","schema":{"@context":"https:\/\/schema.org","@graph":[{"@type":"BreadcrumbList","@id":"https:\/\/www.rucashk.com\/pt\/produto\/foreo-luna-mini-2-facial-cleansing-devices\/#breadcrumblist","itemListElement":[{"@type":"ListItem","@id":"https:\/\/www.rucashk.com\/pt\/#listItem","position":1,"name":"Home","item":"https:\/\/www.rucashk.com\/pt\/","nextItem":"https:\/\/www.rucashk.com\/pt\/produto\/foreo-luna-mini-2-facial-cleansing-devices\/#listItem"},{"@type":"ListItem","@id":"https:\/\/www.rucashk.com\/pt\/produto\/foreo-luna-mini-2-facial-cleansing-devices\/#listItem","position":2,"name":"FOREO LUNA Mini 2 Facial Cleansing Devices","previousItem":"https:\/\/www.rucashk.com\/pt\/#listItem"}]},{"@type":"Organization","@id":"https:\/\/www.rucashk.com\/pt\/#organization","name":"Rucas","url":"https:\/\/www.rucashk.com\/pt\/","logo":{"@type":"ImageObject","url":"https:\/\/www.rucashk.com\/wp-content\/uploads\/2023\/12\/Rucas_campany_logo.png","@id":"https:\/\/www.rucashk.com\/pt\/produto\/foreo-luna-mini-2-facial-cleansing-devices\/#organizationLogo","width":221,"height":65},"image":{"@id":"https:\/\/www.rucashk.com\/pt\/#organizationLogo"}},{"@type":"Person","@id":"https:\/\/www.rucashk.com\/pt\/author\/admin\/#author","url":"https:\/\/www.rucashk.com\/pt\/author\/admin\/","name":"admin","image":{"@type":"ImageObject","@id":"https:\/\/www.rucashk.com\/pt\/produto\/foreo-luna-mini-2-facial-cleansing-devices\/#authorImage","url":"https:\/\/secure.gravatar.com\/avatar\/b7c8925b09a27e72b30232f8ecaadbd5af0f70a38c78096863fe51b64f031c24?s=96&d=mm&r=g","width":96,"height":96,"caption":"admin"}},{"@type":"WebPage","@id":"https:\/\/www.rucashk.com\/pt\/produto\/foreo-luna-mini-2-facial-cleansing-devices\/#webpage","url":"https:\/\/www.rucashk.com\/pt\/produto\/foreo-luna-mini-2-facial-cleansing-devices\/","name":"FOREO LUNA Mini 2 Facial Cleansing Devices - Rucas - Wholesale and Distribution","description":"Product Description: Take your skin to Spa heaven with LUNA mini 2. The facial cleansing brush from Swedish beauty brand FOREO eliminates blemish-causing impurities while remaining gentle on the skin. GENTLE, YET EFFECTIVE CLEANSE T-Sonic pulsations deliver the unique ability to remove 99.5% of dirt and oil, as well as makeup residue and dead skin cells, and exfoliate without irritating the skin. All it takes is one minute whenever your skin needs a deeper cleanse or relaxing massage to achieve fresh, even-looking skin. SUITS EVERY SKIN TYPE LUNA mini 2 uses the power of T-Sonic pulsations to effectively cleanse deep below the skin's surface. With 8 adjustable intensities and 3 zones of varying touchpoint thicknesses, it is suitable for all skin types. HYGIENE FIRST LUNA mini 2 needs no replacement parts and since it is ultra-hygienic and non-porous it resists bacteria buildup for utmost safety and performance.","inLanguage":"pt-PT","isPartOf":{"@id":"https:\/\/www.rucashk.com\/pt\/#website"},"breadcrumb":{"@id":"https:\/\/www.rucashk.com\/pt\/produto\/foreo-luna-mini-2-facial-cleansing-devices\/#breadcrumblist"},"author":{"@id":"https:\/\/www.rucashk.com\/pt\/author\/admin\/#author"},"creator":{"@id":"https:\/\/www.rucashk.com\/pt\/author\/admin\/#author"},"image":{"@type":"ImageObject","url":"https:\/\/www.rucashk.com\/wp-content\/uploads\/2024\/01\/7_\u526f\u672c.jpg","@id":"https:\/\/www.rucashk.com\/pt\/produto\/foreo-luna-mini-2-facial-cleansing-devices\/#mainImage","width":800,"height":800},"primaryImageOfPage":{"@id":"https:\/\/www.rucashk.com\/pt\/produto\/foreo-luna-mini-2-facial-cleansing-devices\/#mainImage"},"datePublished":"2024-01-09T15:46:19+00:00","dateModified":"2024-03-13T08:57:03+00:00"},{"@type":"WebSite","@id":"https:\/\/www.rucashk.com\/pt\/#website","url":"https:\/\/www.rucashk.com\/pt\/","name":"Rucas - Wholesale and distribution worldwide","alternateName":"Rucas - One-stop AIoT Distribution Worldwide","description":"One-stop AIoT Distribution Worldwide","inLanguage":"pt-PT","publisher":{"@id":"https:\/\/www.rucashk.com\/pt\/#organization"}}]}},"aioseo_meta_data":{"post_id":"22632","title":null,"description":null,"keywords":null,"keyphrases":null,"primary_term":null,"canonical_url":null,"og_title":null,"og_description":null,"og_object_type":"default","og_image_type":"default","og_image_url":null,"og_image_width":null,"og_image_height":null,"og_image_custom_url":null,"og_image_custom_fields":null,"og_video":null,"og_custom_url":null,"og_article_section":null,"og_article_tags":null,"twitter_use_og":false,"twitter_card":"default","twitter_image_type":"default","twitter_image_url":null,"twitter_image_custom_url":null,"twitter_image_custom_fields":null,"twitter_title":null,"twitter_description":null,"schema":{"blockGraphs":[],"customGraphs":[],"default":{"data":{"Article":[],"Course":[],"Dataset":[],"FAQPage":[],"Movie":[],"Person":[],"Product":[],"Recipe":[],"Service":[],"SoftwareApplication":[],"WebPage":[]},"graphName":"","isEnabled":true},"graphs":[]},"schema_type":"default","schema_type_options":null,"pillar_content":false,"robots_default":true,"robots_noindex":false,"robots_noarchive":false,"robots_nosnippet":false,"robots_nofollow":false,"robots_noimageindex":false,"robots_noodp":false,"robots_notranslate":false,"robots_max_snippet":null,"robots_max_videopreview":null,"robots_max_imagepreview":"large","priority":null,"frequency":null,"local_seo":null,"breadcrumb_settings":null,"limit_modified_date":false,"created":"2024-04-11 01:55:23","updated":"2025-06-22 16:48:06"},"aioseo_breadcrumb":"<div class=\"aioseo-breadcrumbs\"><span class=\"aioseo-breadcrumb\">\n\t<a href=\"https:\/\/www.rucashk.com\/pt\" title=\"Home\">Home<\/a>\n<\/span><span class=\"aioseo-breadcrumb-separator\">&raquo;<\/span><span class=\"aioseo-breadcrumb\">\n\t<a href=\"https:\/\/www.rucashk.com\/pt\/products\/\" title=\"Produtos\">Produtos<\/a>\n<\/span><span class=\"aioseo-breadcrumb-separator\">&raquo;<\/span><span class=\"aioseo-breadcrumb\">\n\t<a href=\"https:\/\/www.rucashk.com\/pt\/categoria-produto\/xiaomi-eco\/\" title=\"Xiaomi Eco\">Xiaomi Eco<\/a>\n<\/span><span class=\"aioseo-breadcrumb-separator\">&raquo;<\/span><span class=\"aioseo-breadcrumb\">\n\t<a href=\"https:\/\/www.rucashk.com\/pt\/categoria-produto\/xiaomi-eco\/personal-care\/\" title=\"Personal Care\">Personal Care<\/a>\n<\/span><span class=\"aioseo-breadcrumb-separator\">&raquo;<\/span><span class=\"aioseo-breadcrumb\">\n\tFOREO LUNA Mini 2 Facial Cleansing Devices\n<\/span><\/div>","aioseo_breadcrumb_json":[{"label":"Home","link":"https:\/\/www.rucashk.com\/pt"},{"label":"Produtos","link":"https:\/\/www.rucashk.com\/pt\/products\/"},{"label":"Xiaomi Eco","link":"https:\/\/www.rucashk.com\/pt\/categoria-produto\/xiaomi-eco\/"},{"label":"Personal Care","link":"https:\/\/www.rucashk.com\/pt\/categoria-produto\/xiaomi-eco\/personal-care\/"},{"label":"FOREO LUNA Mini 2 Facial Cleansing Devices","link":"https:\/\/www.rucashk.com\/pt\/produto\/foreo-luna-mini-2-facial-cleansing-devices\/"}],"_links":{"self":[{"href":"https:\/\/www.rucashk.com\/pt\/wp-json\/wp\/v2\/product\/22632","targetHints":{"allow":["GET"]}}],"collection":[{"href":"https:\/\/www.rucashk.com\/pt\/wp-json\/wp\/v2\/product"}],"about":[{"href":"https:\/\/www.rucashk.com\/pt\/wp-json\/wp\/v2\/types\/product"}],"wp:featuredmedia":[{"embeddable":true,"href":"https:\/\/www.rucashk.com\/pt\/wp-json\/wp\/v2\/media\/22730"}],"wp:attachment":[{"href":"https:\/\/www.rucashk.com\/pt\/wp-json\/wp\/v2\/media?parent=22632"}],"wp:term":[{"taxonomy":"product_brand","embeddable":true,"href":"https:\/\/www.rucashk.com\/pt\/wp-json\/wp\/v2\/product_brand?post=22632"},{"taxonomy":"product_cat","embeddable":true,"href":"https:\/\/www.rucashk.com\/pt\/wp-json\/wp\/v2\/product_cat?post=22632"},{"taxonomy":"product_tag","embeddable":true,"href":"https:\/\/www.rucashk.com\/pt\/wp-json\/wp\/v2\/product_tag?post=22632"}],"curies":[{"name":"wp","href":"https:\/\/api.w.org\/{rel}","templated":true}]}}