{"id":22595,"date":"2024-01-09T15:45:54","date_gmt":"2024-01-09T15:45:54","guid":{"rendered":"http:\/\/rucashk.com\/?post_type=product&#038;p=22595"},"modified":"2024-03-12T04:22:38","modified_gmt":"2024-03-12T04:22:38","slug":"amazfit-stratos","status":"publish","type":"product","link":"https:\/\/www.rucashk.com\/pt\/produto\/amazfit-stratos\/","title":{"rendered":"Amazfit Stratos"},"content":{"rendered":"<div class=\"self-adaption\"><img fetchpriority=\"high\" decoding=\"async\" class=\"aligncenter\" title=\"20181214100301_76444.jpg\" src=\"\/wp-content\/uploads\/replace\/5055d44e7860c561049496aaf1d4d260.jpeg\" alt=\"Amazfit\u00a0Stratos\" width=\"1000\" height=\"600\" \/><\/div>\n<div class=\"self-adaption\"><img decoding=\"async\" class=\"aligncenter\" title=\"20181214100301_38619.jpg\" src=\"\/wp-content\/uploads\/replace\/67b417736db4e8bf6873384a14fe9970.jpeg\" alt=\"Amazfit\u00a0Stratos\" width=\"1000\" height=\"600\" \/><\/div>\n<div class=\"self-adaption\"><img decoding=\"async\" class=\"aligncenter\" title=\"20181214100301_41287.jpg\" src=\"\/wp-content\/uploads\/replace\/bdc8f28e84fe19946a8dfb60d3e5697b.jpeg\" alt=\"Amazfit\u00a0Stratos\" width=\"1000\" height=\"547\" \/><\/div>\n<div class=\"self-adaption\"><img loading=\"lazy\" decoding=\"async\" class=\"aligncenter\" title=\"20181214100301_24920.jpg\" src=\"\/wp-content\/uploads\/replace\/d5b2ae7bcb28b99bd50b17f161b44469.jpeg\" alt=\"Amazfit\u00a0Stratos\" width=\"1000\" height=\"508\" \/><\/div>\n<div class=\"self-adaption\"><img loading=\"lazy\" decoding=\"async\" class=\"aligncenter\" title=\"20181214100302_38103.jpg\" src=\"\/wp-content\/uploads\/replace\/c28255d1c44bf2c0f99a3747e51202f1.jpeg\" alt=\"Amazfit\u00a0Stratos\" width=\"1000\" height=\"500\" \/><\/div>\n<div class=\"self-adaption\"><img loading=\"lazy\" decoding=\"async\" class=\"aligncenter\" title=\"20181214100302_43331.jpg\" src=\"\/wp-content\/uploads\/replace\/4c0b9c9979a32cfec5eb7a820881e6d5.jpeg\" alt=\"Amazfit\u00a0Stratos\" width=\"1000\" height=\"441\" \/><\/div>\n<div class=\"self-adaption\"><img loading=\"lazy\" decoding=\"async\" class=\"aligncenter\" title=\"20181214100303_99898.jpg\" src=\"\/wp-content\/uploads\/replace\/8729f06d18e8d08a00674d0b3f4e4e86.jpeg\" alt=\"Amazfit\u00a0Stratos\" width=\"1000\" height=\"508\" \/><\/div>\n<div class=\"self-adaption\"><\/div>\n<div>\n<table cellspacing=\"0\" cellpadding=\"0\">\n<tbody>\n<tr>\n<td colspan=\"2\" data-spm-anchor-id=\"a2g0o.detail.1000023.i4.670b6ba0RIUOoR\">Em geral<\/td>\n<\/tr>\n<tr>\n<td>Marca<\/td>\n<td>Amazfit<\/td>\n<\/tr>\n<tr>\n<td>Tela<\/td>\n<td>OLED<\/td>\n<\/tr>\n<tr>\n<td>Vers\u00e3o Bluetooth<\/td>\n<td>Bluetooth 4.2<\/td>\n<\/tr>\n<tr>\n<td>Modo operacional<\/td>\n<td>Aperte o bot\u00e3o<\/td>\n<\/tr>\n<tr>\n<td>BATER<\/td>\n<td>512 MB<\/td>\n<\/tr>\n<tr>\n<td>ROM<\/td>\n<td>4GB<\/td>\n<\/tr>\n<tr>\n<td colspan=\"2\">Fun\u00e7\u00f5es<\/td>\n<\/tr>\n<tr>\n<td>Tipo de alerta<\/td>\n<td>Vibra\u00e7\u00e3o<\/td>\n<\/tr>\n<tr>\n<td>Chamada Bluetooth<\/td>\n<td>Lembrete de chamada telef\u00f4nica, exibi\u00e7\u00e3o do nome do chamador<\/td>\n<\/tr>\n<tr>\n<td>Grupos de alarme<\/td>\n<td>3<\/td>\n<\/tr>\n<tr>\n<td>Rastreador de sa\u00fade<\/td>\n<td>Monitor de frequ\u00eancia card\u00edaca, monitor de sono<\/td>\n<\/tr>\n<tr>\n<td>Tela de bloqueio<\/td>\n<td>1<\/td>\n<\/tr>\n<tr>\n<td>Mensagens<\/td>\n<td>Lembrete de mensagem<\/td>\n<\/tr>\n<tr>\n<td>Notifica\u00e7\u00e3o<\/td>\n<td>Sim<\/td>\n<\/tr>\n<tr>\n<td>Outra fun\u00e7\u00e3o<\/td>\n<td>Bluetooth, alarme, \u00e0 prova d&#039;\u00e1gua, calend\u00e1rio<\/td>\n<\/tr>\n<tr>\n<td>Tipo de notifica\u00e7\u00e3o<\/td>\n<td>Facebook,WhatsApp,Twitter,G-mail,Wechat,Skype,Linha<\/td>\n<\/tr>\n<tr>\n<td colspan=\"2\">C\u00e2mera<\/td>\n<\/tr>\n<tr>\n<td colspan=\"2\">Bateria<\/td>\n<\/tr>\n<tr>\n<td>Capacidade de carga<\/td>\n<td>280mAh<\/td>\n<\/tr>\n<tr>\n<td>O tempo de carga<\/td>\n<td>Cerca de 2 horas<\/td>\n<\/tr>\n<tr>\n<td>Tempo de espera<\/td>\n<td>5 dias<\/td>\n<\/tr>\n<tr>\n<td>Tipo de bateria<\/td>\n<td>Bateria de pol\u00edmero de \u00edon-l\u00edtio<\/td>\n<\/tr>\n<tr>\n<td colspan=\"2\">Discagem e banda<\/td>\n<\/tr>\n<tr>\n<td>Material de banda<\/td>\n<td>Silicone<\/td>\n<\/tr>\n<tr>\n<td>Material da caixa<\/td>\n<td><a href=\"https:\/\/www.rucashk.com\/pt\/39-9rmb-xiaomi-grocery-store-new-life-experience-high-quality-stainless-steel-create-a-xiaomi-ecological-chain-explosive\/\" class=\"\" style=\"width: auto !important\" data-wpil-post-to-id=\"7150\">A\u00e7o inoxid\u00e1vel<\/a><\/td>\n<\/tr>\n<tr>\n<td>Formato do mostrador<\/td>\n<td>Redondo<\/td>\n<\/tr>\n<tr>\n<td>Tamanho do mostrador<\/td>\n<td>3,5 x 3,5 x 1,5 cm<\/td>\n<\/tr>\n<tr>\n<td>Tamanho de banda<\/td>\n<td>23 x 2,2 cm<\/td>\n<\/tr>\n<tr>\n<td colspan=\"2\">Caracter\u00edsticas<\/td>\n<\/tr>\n<tr>\n<td>SO compat\u00edvel<\/td>\n<td>Android,IOS<\/td>\n<\/tr>\n<tr>\n<td>Linguagem<\/td>\n<td>Ingl\u00eas, Chin\u00eas Simplificado, Chin\u00eas Tradicional<\/td>\n<\/tr>\n<tr>\n<td colspan=\"2\">Dimens\u00f5es e peso<\/td>\n<\/tr>\n<tr>\n<td>Peso do Produto<\/td>\n<td>0,0600kg<\/td>\n<\/tr>\n<tr>\n<td>Peso do pacote<\/td>\n<td>0,2810kg<\/td>\n<\/tr>\n<tr>\n<td>Tamanho do produto (C x L x A)<\/td>\n<td>24,50 x 3,50 x 1,50 cm \/ 9,65 x 1,38 x 0,59 polegadas<\/td>\n<\/tr>\n<tr>\n<td>Tamanho do pacote (C x L x A)<\/td>\n<td>12,00 x 12,00 x 10,00 cm \/ 4,72 x 4,72 x 3,94 polegadas<\/td>\n<\/tr>\n<tr>\n<td colspan=\"2\">conte\u00fado do pacote<\/td>\n<\/tr>\n<tr>\n<td>conte\u00fado do pacote<\/td>\n<td>1 x rel\u00f3gio inteligente, 1 x cabo de carregamento, 1 x manual em ingl\u00eas<\/td>\n<\/tr>\n<\/tbody>\n<\/table>\n<\/div>","protected":false},"excerpt":{"rendered":"<p><b>\u25cf Rastreador de sa\u00fade pessoal perfeito:\u00a0<\/b>Monitor de sono, monitor de frequ\u00eancia card\u00edaca<br \/>\n<b>\u25cf Bateria de longa dura\u00e7\u00e3o:<\/b>\u00a0ele consome menos energia e geralmente pode ficar em espera por\u00a0<b>5 dias<\/b><br \/>\n<b>\u25cf 512 MB de RAM e 4 GB de ROM:<\/b>\u00a0oferece espa\u00e7o para armazenar fotos, v\u00eddeos, m\u00fasicas e muito mais<br \/>\n<b>\u25cf Chip Original Xiaomi<\/b>: apresenta baixo consumo detalhado com alto desempenho, flex\u00edvel e r\u00e1pido<br \/>\n<b>\u25cf Sincronismo de dados<\/b>: download APP named &#8220;Amazfit Watch 2.0&#8221; to save and sync the data to achieve your healthy goal<br \/>\n<b>\u25cf<\/b>Levante ou vire as m\u00e3os, ilumine a tela<br \/>\n<b>\u25cf<\/b> Atualiza\u00e7\u00e3o de firmware de suporte<\/p>","protected":false},"featured_media":22683,"template":"","meta":[],"product_brand":[],"product_cat":[1339,1305],"product_tag":[],"class_list":{"0":"post-22595","1":"product","2":"type-product","3":"status-publish","4":"has-post-thumbnail","6":"product_cat-amazfit-smartwatch","7":"product_cat-xiaomi-eco","9":"first","10":"instock","11":"shipping-taxable","12":"product-type-external"},"aioseo_notices":[],"aioseo_head":"\n\t\t<!-- All in One SEO Pro 4.5.9.2 - aioseo.com -->\n\t\t<meta name=\"description\" content=\"\u25cf Perfect Personal Health Tracker: Sleeping Monitor, Heart Rate Monitor \u25cf Ultra-long Battery Life: it consumes less power and can generally standby for 5 days \u25cf 512MB RAM 4GB ROM: provides room to store pictures, videos, music and more \u25cf Original Xiaomi Chip: features low consumption detailed with high performance, flexible and quickly \u25cf Data Synchronism: download APP named &quot;Amazfit Watch 2.0&quot; to save and sync the data to achieve your healthy goal \u25cfLift or turn over your hands, light up the screen \u25cf Support firmware upgrade\" \/>\n\t\t<meta name=\"robots\" content=\"max-image-preview:large\" \/>\n\t\t<link rel=\"canonical\" href=\"https:\/\/www.rucashk.com\/pt\/produto\/amazfit-stratos\/\" \/>\n\t\t<meta name=\"generator\" content=\"All in One SEO Pro (AIOSEO) 4.5.9.2\" \/>\n\t\t<meta property=\"og:locale\" content=\"pt_PT\" \/>\n\t\t<meta property=\"og:site_name\" content=\"Rucas - One-stop AIoT Distribution Worldwide\" \/>\n\t\t<meta property=\"og:type\" content=\"article\" \/>\n\t\t<meta property=\"og:title\" content=\"Amazfit Stratos - Rucas - Wholesale and Distribution\" \/>\n\t\t<meta property=\"og:description\" content=\"\u25cf Perfect Personal Health Tracker: Sleeping Monitor, Heart Rate Monitor \u25cf Ultra-long Battery Life: it consumes less power and can generally standby for 5 days \u25cf 512MB RAM 4GB ROM: provides room to store pictures, videos, music and more \u25cf Original Xiaomi Chip: features low consumption detailed with high performance, flexible and quickly \u25cf Data Synchronism: download APP named &quot;Amazfit Watch 2.0&quot; to save and sync the data to achieve your healthy goal \u25cfLift or turn over your hands, light up the screen \u25cf Support firmware upgrade\" \/>\n\t\t<meta property=\"og:url\" content=\"https:\/\/www.rucashk.com\/pt\/produto\/amazfit-stratos\/\" \/>\n\t\t<meta property=\"og:image\" content=\"https:\/\/www.rucashk.com\/wp-content\/uploads\/replace\/503b8e645f128a97ccde2b6290747646.jpeg\" \/>\n\t\t<meta property=\"og:image:secure_url\" content=\"https:\/\/www.rucashk.com\/wp-content\/uploads\/replace\/503b8e645f128a97ccde2b6290747646.jpeg\" \/>\n\t\t<meta property=\"og:image:width\" content=\"1456\" \/>\n\t\t<meta property=\"og:image:height\" content=\"816\" \/>\n\t\t<meta property=\"article:published_time\" content=\"2024-01-09T15:45:54+00:00\" \/>\n\t\t<meta property=\"article:modified_time\" content=\"2024-03-12T04:22:38+00:00\" \/>\n\t\t<meta name=\"twitter:card\" content=\"summary_large_image\" \/>\n\t\t<meta name=\"twitter:title\" content=\"Amazfit Stratos - Rucas - Wholesale and Distribution\" \/>\n\t\t<meta name=\"twitter:description\" content=\"\u25cf Perfect Personal Health Tracker: Sleeping Monitor, Heart Rate Monitor \u25cf Ultra-long Battery Life: it consumes less power and can generally standby for 5 days \u25cf 512MB RAM 4GB ROM: provides room to store pictures, videos, music and more \u25cf Original Xiaomi Chip: features low consumption detailed with high performance, flexible and quickly \u25cf Data Synchronism: download APP named &quot;Amazfit Watch 2.0&quot; to save and sync the data to achieve your healthy goal \u25cfLift or turn over your hands, light up the screen \u25cf Support firmware upgrade\" \/>\n\t\t<meta name=\"twitter:image\" content=\"https:\/\/www.rucashk.com\/wp-content\/uploads\/replace\/503b8e645f128a97ccde2b6290747646.jpeg\" \/>\n\t\t<script type=\"application\/ld+json\" class=\"aioseo-schema\">\n\t\t\t{\"@context\":\"https:\\\/\\\/schema.org\",\"@graph\":[{\"@type\":\"BreadcrumbList\",\"@id\":\"https:\\\/\\\/www.rucashk.com\\\/pt\\\/produto\\\/amazfit-stratos\\\/#breadcrumblist\",\"itemListElement\":[{\"@type\":\"ListItem\",\"@id\":\"https:\\\/\\\/www.rucashk.com\\\/pt\\\/#listItem\",\"position\":1,\"name\":\"Home\",\"item\":\"https:\\\/\\\/www.rucashk.com\\\/pt\\\/\",\"nextItem\":\"https:\\\/\\\/www.rucashk.com\\\/pt\\\/produto\\\/amazfit-stratos\\\/#listItem\"},{\"@type\":\"ListItem\",\"@id\":\"https:\\\/\\\/www.rucashk.com\\\/pt\\\/produto\\\/amazfit-stratos\\\/#listItem\",\"position\":2,\"name\":\"Amazfit\\u00a0Stratos\",\"previousItem\":\"https:\\\/\\\/www.rucashk.com\\\/pt\\\/#listItem\"}]},{\"@type\":\"Organization\",\"@id\":\"https:\\\/\\\/www.rucashk.com\\\/pt\\\/#organization\",\"name\":\"Rucas\",\"url\":\"https:\\\/\\\/www.rucashk.com\\\/pt\\\/\",\"logo\":{\"@type\":\"ImageObject\",\"url\":\"https:\\\/\\\/www.rucashk.com\\\/wp-content\\\/uploads\\\/2023\\\/12\\\/Rucas_campany_logo.png\",\"@id\":\"https:\\\/\\\/www.rucashk.com\\\/pt\\\/produto\\\/amazfit-stratos\\\/#organizationLogo\",\"width\":221,\"height\":65},\"image\":{\"@id\":\"https:\\\/\\\/www.rucashk.com\\\/pt\\\/#organizationLogo\"}},{\"@type\":\"Person\",\"@id\":\"https:\\\/\\\/www.rucashk.com\\\/pt\\\/author\\\/admin\\\/#author\",\"url\":\"https:\\\/\\\/www.rucashk.com\\\/pt\\\/author\\\/admin\\\/\",\"name\":\"admin\",\"image\":{\"@type\":\"ImageObject\",\"@id\":\"https:\\\/\\\/www.rucashk.com\\\/pt\\\/produto\\\/amazfit-stratos\\\/#authorImage\",\"url\":\"https:\\\/\\\/secure.gravatar.com\\\/avatar\\\/b7c8925b09a27e72b30232f8ecaadbd5af0f70a38c78096863fe51b64f031c24?s=96&d=mm&r=g\",\"width\":96,\"height\":96,\"caption\":\"admin\"}},{\"@type\":\"WebPage\",\"@id\":\"https:\\\/\\\/www.rucashk.com\\\/pt\\\/produto\\\/amazfit-stratos\\\/#webpage\",\"url\":\"https:\\\/\\\/www.rucashk.com\\\/pt\\\/produto\\\/amazfit-stratos\\\/\",\"name\":\"Amazfit Stratos - Rucas - Wholesale and Distribution\",\"description\":\"\\u25cf Perfect Personal Health Tracker: Sleeping Monitor, Heart Rate Monitor \\u25cf Ultra-long Battery Life: it consumes less power and can generally standby for 5 days \\u25cf 512MB RAM 4GB ROM: provides room to store pictures, videos, music and more \\u25cf Original Xiaomi Chip: features low consumption detailed with high performance, flexible and quickly \\u25cf Data Synchronism: download APP named \\\"Amazfit Watch 2.0\\\" to save and sync the data to achieve your healthy goal \\u25cfLift or turn over your hands, light up the screen \\u25cf Support firmware upgrade\",\"inLanguage\":\"pt-PT\",\"isPartOf\":{\"@id\":\"https:\\\/\\\/www.rucashk.com\\\/pt\\\/#website\"},\"breadcrumb\":{\"@id\":\"https:\\\/\\\/www.rucashk.com\\\/pt\\\/produto\\\/amazfit-stratos\\\/#breadcrumblist\"},\"author\":{\"@id\":\"https:\\\/\\\/www.rucashk.com\\\/pt\\\/author\\\/admin\\\/#author\"},\"creator\":{\"@id\":\"https:\\\/\\\/www.rucashk.com\\\/pt\\\/author\\\/admin\\\/#author\"},\"image\":{\"@type\":\"ImageObject\",\"url\":\"https:\\\/\\\/www.rucashk.com\\\/wp-content\\\/uploads\\\/2024\\\/01\\\/amazfit-stratos.jpg\",\"@id\":\"https:\\\/\\\/www.rucashk.com\\\/pt\\\/produto\\\/amazfit-stratos\\\/#mainImage\",\"width\":493,\"height\":488},\"primaryImageOfPage\":{\"@id\":\"https:\\\/\\\/www.rucashk.com\\\/pt\\\/produto\\\/amazfit-stratos\\\/#mainImage\"},\"datePublished\":\"2024-01-09T15:45:54+00:00\",\"dateModified\":\"2024-03-12T04:22:38+00:00\"},{\"@type\":\"WebSite\",\"@id\":\"https:\\\/\\\/www.rucashk.com\\\/pt\\\/#website\",\"url\":\"https:\\\/\\\/www.rucashk.com\\\/pt\\\/\",\"name\":\"Rucas - Wholesale and distribution worldwide\",\"alternateName\":\"Rucas - One-stop AIoT Distribution Worldwide\",\"description\":\"One-stop AIoT Distribution Worldwide\",\"inLanguage\":\"pt-PT\",\"publisher\":{\"@id\":\"https:\\\/\\\/www.rucashk.com\\\/pt\\\/#organization\"}}]}\n\t\t<\/script>\n\t\t<!-- All in One SEO Pro -->\r\n\t\t<title>Amazfit Stratos - Rucas - Wholesale and Distribution<\/title>\n\n","aioseo_head_json":{"title":"Amazfit Stratos - Rucas - Wholesale and Distribution","description":"\u25cf Perfect Personal Health Tracker: Sleeping Monitor, Heart Rate Monitor \u25cf Ultra-long Battery Life: it consumes less power and can generally standby for 5 days \u25cf 512MB RAM 4GB ROM: provides room to store pictures, videos, music and more \u25cf Original Xiaomi Chip: features low consumption detailed with high performance, flexible and quickly \u25cf Data Synchronism: download APP named \"Amazfit Watch 2.0\" to save and sync the data to achieve your healthy goal \u25cfLift or turn over your hands, light up the screen \u25cf Support firmware upgrade","canonical_url":"https:\/\/www.rucashk.com\/pt\/produto\/amazfit-stratos\/","robots":"max-image-preview:large","keywords":"","webmasterTools":{"miscellaneous":""},"og:locale":"pt_PT","og:site_name":"Rucas - One-stop AIoT Distribution Worldwide","og:type":"article","og:title":"Amazfit Stratos - Rucas - Wholesale and Distribution","og:description":"\u25cf Perfect Personal Health Tracker: Sleeping Monitor, Heart Rate Monitor \u25cf Ultra-long Battery Life: it consumes less power and can generally standby for 5 days \u25cf 512MB RAM 4GB ROM: provides room to store pictures, videos, music and more \u25cf Original Xiaomi Chip: features low consumption detailed with high performance, flexible and quickly \u25cf Data Synchronism: download APP named &quot;Amazfit Watch 2.0&quot; to save and sync the data to achieve your healthy goal \u25cfLift or turn over your hands, light up the screen \u25cf Support firmware upgrade","og:url":"https:\/\/www.rucashk.com\/pt\/produto\/amazfit-stratos\/","og:image":"https:\/\/www.rucashk.com\/wp-content\/uploads\/replace\/503b8e645f128a97ccde2b6290747646.jpeg","og:image:secure_url":"https:\/\/www.rucashk.com\/wp-content\/uploads\/replace\/503b8e645f128a97ccde2b6290747646.jpeg","og:image:width":1456,"og:image:height":816,"article:published_time":"2024-01-09T15:45:54+00:00","article:modified_time":"2024-03-12T04:22:38+00:00","twitter:card":"summary_large_image","twitter:title":"Amazfit Stratos - Rucas - Wholesale and Distribution","twitter:description":"\u25cf Perfect Personal Health Tracker: Sleeping Monitor, Heart Rate Monitor \u25cf Ultra-long Battery Life: it consumes less power and can generally standby for 5 days \u25cf 512MB RAM 4GB ROM: provides room to store pictures, videos, music and more \u25cf Original Xiaomi Chip: features low consumption detailed with high performance, flexible and quickly \u25cf Data Synchronism: download APP named &quot;Amazfit Watch 2.0&quot; to save and sync the data to achieve your healthy goal \u25cfLift or turn over your hands, light up the screen \u25cf Support firmware upgrade","twitter:image":"https:\/\/www.rucashk.com\/wp-content\/uploads\/replace\/503b8e645f128a97ccde2b6290747646.jpeg","schema":{"@context":"https:\/\/schema.org","@graph":[{"@type":"BreadcrumbList","@id":"https:\/\/www.rucashk.com\/pt\/produto\/amazfit-stratos\/#breadcrumblist","itemListElement":[{"@type":"ListItem","@id":"https:\/\/www.rucashk.com\/pt\/#listItem","position":1,"name":"Home","item":"https:\/\/www.rucashk.com\/pt\/","nextItem":"https:\/\/www.rucashk.com\/pt\/produto\/amazfit-stratos\/#listItem"},{"@type":"ListItem","@id":"https:\/\/www.rucashk.com\/pt\/produto\/amazfit-stratos\/#listItem","position":2,"name":"Amazfit\u00a0Stratos","previousItem":"https:\/\/www.rucashk.com\/pt\/#listItem"}]},{"@type":"Organization","@id":"https:\/\/www.rucashk.com\/pt\/#organization","name":"Rucas","url":"https:\/\/www.rucashk.com\/pt\/","logo":{"@type":"ImageObject","url":"https:\/\/www.rucashk.com\/wp-content\/uploads\/2023\/12\/Rucas_campany_logo.png","@id":"https:\/\/www.rucashk.com\/pt\/produto\/amazfit-stratos\/#organizationLogo","width":221,"height":65},"image":{"@id":"https:\/\/www.rucashk.com\/pt\/#organizationLogo"}},{"@type":"Person","@id":"https:\/\/www.rucashk.com\/pt\/author\/admin\/#author","url":"https:\/\/www.rucashk.com\/pt\/author\/admin\/","name":"admin","image":{"@type":"ImageObject","@id":"https:\/\/www.rucashk.com\/pt\/produto\/amazfit-stratos\/#authorImage","url":"https:\/\/secure.gravatar.com\/avatar\/b7c8925b09a27e72b30232f8ecaadbd5af0f70a38c78096863fe51b64f031c24?s=96&d=mm&r=g","width":96,"height":96,"caption":"admin"}},{"@type":"WebPage","@id":"https:\/\/www.rucashk.com\/pt\/produto\/amazfit-stratos\/#webpage","url":"https:\/\/www.rucashk.com\/pt\/produto\/amazfit-stratos\/","name":"Amazfit Stratos - Rucas - Wholesale and Distribution","description":"\u25cf Perfect Personal Health Tracker: Sleeping Monitor, Heart Rate Monitor \u25cf Ultra-long Battery Life: it consumes less power and can generally standby for 5 days \u25cf 512MB RAM 4GB ROM: provides room to store pictures, videos, music and more \u25cf Original Xiaomi Chip: features low consumption detailed with high performance, flexible and quickly \u25cf Data Synchronism: download APP named \"Amazfit Watch 2.0\" to save and sync the data to achieve your healthy goal \u25cfLift or turn over your hands, light up the screen \u25cf Support firmware upgrade","inLanguage":"pt-PT","isPartOf":{"@id":"https:\/\/www.rucashk.com\/pt\/#website"},"breadcrumb":{"@id":"https:\/\/www.rucashk.com\/pt\/produto\/amazfit-stratos\/#breadcrumblist"},"author":{"@id":"https:\/\/www.rucashk.com\/pt\/author\/admin\/#author"},"creator":{"@id":"https:\/\/www.rucashk.com\/pt\/author\/admin\/#author"},"image":{"@type":"ImageObject","url":"https:\/\/www.rucashk.com\/wp-content\/uploads\/2024\/01\/amazfit-stratos.jpg","@id":"https:\/\/www.rucashk.com\/pt\/produto\/amazfit-stratos\/#mainImage","width":493,"height":488},"primaryImageOfPage":{"@id":"https:\/\/www.rucashk.com\/pt\/produto\/amazfit-stratos\/#mainImage"},"datePublished":"2024-01-09T15:45:54+00:00","dateModified":"2024-03-12T04:22:38+00:00"},{"@type":"WebSite","@id":"https:\/\/www.rucashk.com\/pt\/#website","url":"https:\/\/www.rucashk.com\/pt\/","name":"Rucas - Wholesale and distribution worldwide","alternateName":"Rucas - One-stop AIoT Distribution Worldwide","description":"One-stop AIoT Distribution Worldwide","inLanguage":"pt-PT","publisher":{"@id":"https:\/\/www.rucashk.com\/pt\/#organization"}}]}},"aioseo_meta_data":{"post_id":"22595","title":null,"description":null,"keywords":null,"keyphrases":null,"primary_term":null,"canonical_url":null,"og_title":null,"og_description":null,"og_object_type":"default","og_image_type":"default","og_image_url":null,"og_image_width":null,"og_image_height":null,"og_image_custom_url":null,"og_image_custom_fields":null,"og_video":null,"og_custom_url":null,"og_article_section":null,"og_article_tags":null,"twitter_use_og":false,"twitter_card":"default","twitter_image_type":"default","twitter_image_url":null,"twitter_image_custom_url":null,"twitter_image_custom_fields":null,"twitter_title":null,"twitter_description":null,"schema":{"blockGraphs":[],"customGraphs":[],"default":{"data":{"Article":[],"Course":[],"Dataset":[],"FAQPage":[],"Movie":[],"Person":[],"Product":[],"Recipe":[],"Service":[],"SoftwareApplication":[],"WebPage":[]},"graphName":"","isEnabled":true},"graphs":[]},"schema_type":"default","schema_type_options":null,"pillar_content":false,"robots_default":true,"robots_noindex":false,"robots_noarchive":false,"robots_nosnippet":false,"robots_nofollow":false,"robots_noimageindex":false,"robots_noodp":false,"robots_notranslate":false,"robots_max_snippet":null,"robots_max_videopreview":null,"robots_max_imagepreview":"large","priority":null,"frequency":null,"local_seo":null,"breadcrumb_settings":null,"limit_modified_date":false,"created":"2024-04-11 01:55:23","updated":"2025-06-22 16:46:55"},"aioseo_breadcrumb":"<div class=\"aioseo-breadcrumbs\"><span class=\"aioseo-breadcrumb\">\n\t<a href=\"https:\/\/www.rucashk.com\/pt\" title=\"Home\">Home<\/a>\n<\/span><span class=\"aioseo-breadcrumb-separator\">&raquo;<\/span><span class=\"aioseo-breadcrumb\">\n\t<a href=\"https:\/\/www.rucashk.com\/pt\/products\/\" title=\"Produtos\">Produtos<\/a>\n<\/span><span class=\"aioseo-breadcrumb-separator\">&raquo;<\/span><span class=\"aioseo-breadcrumb\">\n\t<a href=\"https:\/\/www.rucashk.com\/pt\/categoria-produto\/xiaomi-eco\/\" title=\"Xiaomi Eco\">Xiaomi Eco<\/a>\n<\/span><span class=\"aioseo-breadcrumb-separator\">&raquo;<\/span><span class=\"aioseo-breadcrumb\">\n\t<a href=\"https:\/\/www.rucashk.com\/pt\/categoria-produto\/xiaomi-eco\/amazfit-smartwatch\/\" title=\"Amazfit Smartwatch\">Amazfit Smartwatch<\/a>\n<\/span><span class=\"aioseo-breadcrumb-separator\">&raquo;<\/span><span class=\"aioseo-breadcrumb\">\n\tAmazfit\u00a0Stratos\n<\/span><\/div>","aioseo_breadcrumb_json":[{"label":"Home","link":"https:\/\/www.rucashk.com\/pt"},{"label":"Produtos","link":"https:\/\/www.rucashk.com\/pt\/products\/"},{"label":"Xiaomi Eco","link":"https:\/\/www.rucashk.com\/pt\/categoria-produto\/xiaomi-eco\/"},{"label":"Amazfit Smartwatch","link":"https:\/\/www.rucashk.com\/pt\/categoria-produto\/xiaomi-eco\/amazfit-smartwatch\/"},{"label":"Amazfit\u00a0Stratos","link":"https:\/\/www.rucashk.com\/pt\/produto\/amazfit-stratos\/"}],"_links":{"self":[{"href":"https:\/\/www.rucashk.com\/pt\/wp-json\/wp\/v2\/product\/22595","targetHints":{"allow":["GET"]}}],"collection":[{"href":"https:\/\/www.rucashk.com\/pt\/wp-json\/wp\/v2\/product"}],"about":[{"href":"https:\/\/www.rucashk.com\/pt\/wp-json\/wp\/v2\/types\/product"}],"wp:featuredmedia":[{"embeddable":true,"href":"https:\/\/www.rucashk.com\/pt\/wp-json\/wp\/v2\/media\/22683"}],"wp:attachment":[{"href":"https:\/\/www.rucashk.com\/pt\/wp-json\/wp\/v2\/media?parent=22595"}],"wp:term":[{"taxonomy":"product_brand","embeddable":true,"href":"https:\/\/www.rucashk.com\/pt\/wp-json\/wp\/v2\/product_brand?post=22595"},{"taxonomy":"product_cat","embeddable":true,"href":"https:\/\/www.rucashk.com\/pt\/wp-json\/wp\/v2\/product_cat?post=22595"},{"taxonomy":"product_tag","embeddable":true,"href":"https:\/\/www.rucashk.com\/pt\/wp-json\/wp\/v2\/product_tag?post=22595"}],"curies":[{"name":"wp","href":"https:\/\/api.w.org\/{rel}","templated":true}]}}