{"id":22566,"date":"2024-01-09T15:45:29","date_gmt":"2024-01-09T15:45:29","guid":{"rendered":"http:\/\/rucashk.com\/?post_type=product&#038;p=22566"},"modified":"2024-03-11T07:57:34","modified_gmt":"2024-03-11T07:57:34","slug":"xiaomi-qin-2","status":"publish","type":"product","link":"https:\/\/www.rucashk.com\/pt\/produto\/xiaomi-qin-2\/","title":{"rendered":"Xiaomi QIN2"},"content":{"rendered":"<div id=\"imgBox\">\n<div class=\"single-post-image\" style=\"text-align: center\">\n<h2>Xiaomi QIN2<\/h2>\n<\/div>\n<p><img fetchpriority=\"high\" decoding=\"async\" class=\"lazyloaded alignnone wp-image-81883 size-full\" src=\"\/wp-content\/uploads\/replace\/05be4f3c850b2a855f4f3ede2c0053d4.jpeg\" alt=\"Xiaomi QIN 2\" width=\"1080\" height=\"1132\" data-src=\"\/wp-content\/uploads\/replace\/05be4f3c850b2a855f4f3ede2c0053d4.jpeg\" \/><\/p>\n<p style=\"text-align: center\">Aqui est\u00e1 o design mais simples: quase todo o painel frontal ocupa uma tela com uma propor\u00e7\u00e3o recorde de 22,5: 9. Mas se voc\u00ea acha que Qin acabou sendo uma \u201cp\u00e1\u201d muito longa, apresso-me em garantir o contr\u00e1rio: o a diagonal \u00e9 de apenas 5,05 polegadas com resolu\u00e7\u00e3o de 1440 \u00d7 576 pixels.<\/p>\n<p style=\"text-align: center\">Devido \u00e0 tela estendida, o smartphone acabou sendo muito compacto: 132,6 \u00d7 55,4 \u00d7 8,6 mm. Ou seja, \u00e9 9 mm mais longo que o beb\u00ea iPhone SE e 3 mm mais estreito que ele. Em teoria, isso deveria ter um bom efeito no controle de Qin 2 com m\u00e3os com dedos n\u00e3o muito longos. Ali\u00e1s, pesa apenas 105 gramas.<\/p>\n<p><img decoding=\"async\" class=\"lazyloaded aligncenter wp-image-81881 size-full\" src=\"\/wp-content\/uploads\/replace\/2bf315182e325a109b87e8d9a3630646.jpeg\" alt=\"Xiaomi QIN 2\" width=\"2000\" height=\"1324\" data-src=\"\/wp-content\/uploads\/replace\/2bf315182e325a109b87e8d9a3630646.jpeg\" data-srcset=\"\/wp-content\/uploads\/replace\/2bf315182e325a109b87e8d9a3630646.jpeg 2000w, https:\/\/wylsa.com\/wp-content\/uploads\/2019\/07\/2be6285eab184807b0d8ab50181d615b-300x199.jpg 300w, https:\/\/wylsa.com\/wp-content\/uploads\/2019\/07\/2be6285eab184807b0d8ab50181d615b-768x508.jpg 768w, https:\/\/wylsa.com\/wp-content\/uploads\/2019\/07\/2be6285eab184807b0d8ab50181d615b-1024x678.jpg 1024w\" \/><\/p>\n<p style=\"text-align: center\">Os bot\u00f5es ficam apenas de um lado. Este \u00e9 um controle de volume e bot\u00e3o liga \/ desliga. Se voc\u00ea segurar o \u00faltimo, o assistente de voz ser\u00e1 ativado.<\/p>\n<h2 style=\"text-align: center\">Especifica\u00e7\u00f5es<\/h2>\n<p style=\"text-align: center\">Este \u00e9 um smartphone econ\u00f4mico baseado no programa Android Go, com todos os pr\u00f3s e contras.<\/p>\n<p style=\"text-align: center\">O <a href=\"https:\/\/www.rucashk.com\/pt\/produto\/wiko-view4\/\" class=\"\" style=\"width: auto !important\" data-wpil-post-to-id=\"5633\">smartphone possui processador Spreadtrum SC9832E e 1 GB<\/a> de RAM. Constantes aqui j\u00e1 s\u00e3o 32 GB, mas n\u00e3o h\u00e1 slot para cart\u00e3o de mem\u00f3ria. Embora por que ela est\u00e1 aqui?<\/p>\n<p style=\"text-align: center\">Tudo isso permite trabalhar em modo multitarefa com seis aplicativos em execu\u00e7\u00e3o.<\/p>\n<p><img decoding=\"async\" class=\"lazyloaded aligncenter wp-image-81886 size-full\" src=\"\/wp-content\/uploads\/replace\/bcc788ce5508053efbd995eb7ca49370.jpeg\" alt=\"Xiaomi QIN 2\" width=\"1080\" height=\"992\" data-src=\"\/wp-content\/uploads\/replace\/bcc788ce5508053efbd995eb7ca49370.jpeg\" data-srcset=\"\/wp-content\/uploads\/replace\/bcc788ce5508053efbd995eb7ca49370.jpeg 1080w, https:\/\/wylsa.com\/wp-content\/uploads\/2019\/07\/QIN-2-300x276.jpg 300w, https:\/\/wylsa.com\/wp-content\/uploads\/2019\/07\/QIN-2-768x705.jpg 768w, https:\/\/wylsa.com\/wp-content\/uploads\/2019\/07\/QIN-2-1024x941.jpg 1024w\" \/><\/p>\n<p><img loading=\"lazy\" decoding=\"async\" class=\"lazyloaded aligncenter wp-image-81884 size-full\" src=\"\/wp-content\/uploads\/replace\/789c2af4bbeb26cc254eac6a91412007.jpeg\" alt=\"Xiaomi QIN 2\" width=\"2000\" height=\"1324\" data-src=\"\/wp-content\/uploads\/replace\/789c2af4bbeb26cc254eac6a91412007.jpeg\" data-srcset=\"\/wp-content\/uploads\/replace\/789c2af4bbeb26cc254eac6a91412007.jpeg 2000w, https:\/\/wylsa.com\/wp-content\/uploads\/2019\/07\/d97a0d277cfc4dfb8e345e36c4024bff-300x199.jpg 300w, https:\/\/wylsa.com\/wp-content\/uploads\/2019\/07\/d97a0d277cfc4dfb8e345e36c4024bff-768x508.jpg 768w, https:\/\/wylsa.com\/wp-content\/uploads\/2019\/07\/d97a0d277cfc4dfb8e345e36c4024bff-1024x678.jpg 1024w\" \/><\/p>\n<\/div>\n<div style=\"text-align: center\"><\/div>\n<div><\/div>\n<div>\n<table border=\"1\" cellspacing=\"1\" cellpadding=\"1\">\n<tbody>\n<tr>\n<td colspan=\"1\" rowspan=\"1\">Informa\u00e7\u00e3o b\u00e1sica<\/td>\n<td>Marca: QIN Completo <a href=\"https:\/\/www.rucashk.com\/pt\/how-to-clean-the-greasy-on-the-phone-screen\/\" class=\"\" style=\"width: auto !important\" data-wpil-post-to-id=\"7022\">Tela do telefone<\/a> (<a href=\"https:\/\/www.rucashk.com\/pt\/produto\/amiro-o-series-cosmetic-mirrors-rechargeable\/\" class=\"\" style=\"width: auto !important\" data-wpil-post-to-id=\"5180\">Marca de coopera\u00e7\u00e3o Xiaomi<\/a>)<br \/>\nModelo:\u00a0<strong>Vers\u00e3o global do telefone QIN AI (1 GB + 32 GB)<\/strong><br \/>\nTipo: Telefone Bar<br \/>\nRAM: 1 GB<br \/>\nROM: 32 GB<br \/>\nCPU:\u00a0<strong>Android Go 9.0<\/strong><\/td>\n<\/tr>\n<tr>\n<td>Rede<\/td>\n<td>Tipo de rede: GSM\/WCDMA\/TDD-LTE\/FDD-LTE<br \/>\nFrequ\u00eancia:<br \/>\n2G GSM (2\/3\/5\/8)<br \/>\n3G WCDMA (BANDA 1\/2\/5\/8)<br \/>\n4G FDD (BAND1\/B2\/B3\/B5\/B8)<br \/>\n4G TDD(B34B38B39\/B40\/B41(100M))<br \/>\nBluetooth: Sim 4.2<\/td>\n<\/tr>\n<tr>\n<td>Mostrar<\/td>\n<td>Tamanho da tela: 5,05 polegadas<br \/>\nResolu\u00e7\u00e3o da tela: 576\u00d71440<\/td>\n<\/tr>\n<tr>\n<td>Conectividade<\/td>\n<td>Slot para cart\u00e3o SIM: cart\u00e3o SIM \u00fanico (cart\u00e3o Nano SIM)<br \/>\nEntrada USB: Sim<br \/>\nPalestrante: Suportado<\/td>\n<\/tr>\n<tr>\n<td><strong>l\u00ednguas<\/strong><\/td>\n<td><strong>Multil\u00edngue, consulte a p\u00e1gina espec\u00edfica para obter detalhes. (Ingl\u00eas padr\u00e3o)<\/strong><\/td>\n<\/tr>\n<tr>\n<td>Bateria<\/td>\n<td><strong>2100mAh<\/strong><\/td>\n<\/tr>\n<tr>\n<td colspan=\"1\" rowspan=\"1\">Tempo de espera<\/td>\n<td>10 dias<\/td>\n<\/tr>\n<tr>\n<td colspan=\"1\" rowspan=\"1\">N\u00famero de telefone<\/td>\n<td>3000<\/td>\n<\/tr>\n<tr>\n<td colspan=\"1\" rowspan=\"1\">N\u00famero da mensagem<\/td>\n<td>500 (SMS\/MMS\/E-mail)<\/td>\n<\/tr>\n<tr>\n<td>C\u00e2mera<\/td>\n<td>SIM.(5MP, foco autom\u00e1tico, configura\u00e7\u00f5es de equil\u00edbrio de branco)<\/td>\n<\/tr>\n<tr>\n<td>Fun\u00e7\u00e3o de vibra\u00e7\u00e3o<\/td>\n<td>SIM<\/td>\n<\/tr>\n<tr>\n<td>Fun\u00e7\u00e3o de tradu\u00e7\u00e3o<\/td>\n<td>SIM.Idiomas globais podem ser traduzidos.Mas esse recurso \u00e9 caro e cobrado de acordo com taxas internacionais.(Voz em tempo real,tradu\u00e7\u00e3o de m\u00e9todo de entrada,tradu\u00e7\u00e3o de fotos)<\/td>\n<\/tr>\n<tr>\n<td>WI-FI<\/td>\n<td>SIM<\/td>\n<\/tr>\n<tr>\n<td colspan=\"1\" rowspan=\"1\">Ponto de acesso Wi-Fi<\/td>\n<td>SIM (velocidade m\u00e1xima do hotspot atingida150mbps;<br \/>\nOs pontos quentes podem ser usados por 5 a 10 horas por vez)<\/td>\n<\/tr>\n<tr>\n<td colspan=\"1\" rowspan=\"1\">GPS<\/td>\n<td>SIM<\/td>\n<\/tr>\n<tr>\n<td colspan=\"1\">Interface<\/td>\n<td>Tipo C, suporte OTG<\/td>\n<\/tr>\n<tr>\n<td colspan=\"1\" rowspan=\"1\">VOLTE<\/td>\n<td>SIM<\/td>\n<\/tr>\n<tr>\n<td>infravermelho <a href=\"https:\/\/www.rucashk.com\/pt\/update-your-air-conditioning-xiaomi-releases-a-smart-ai-universal-remote-control\/\" class=\"\" style=\"width: auto !important\" data-wpil-post-to-id=\"9669\">controle remoto<\/a><\/td>\n<td>SIM<\/td>\n<\/tr>\n<tr>\n<td>Assistente de sincroniza\u00e7\u00e3o de contatos\/SMS<\/td>\n<td>SIM<\/td>\n<\/tr>\n<tr>\n<td>Grava\u00e7\u00e3o autom\u00e1tica de chamadas<\/td>\n<td>SIM(Voc\u00ea pode escolher entre grava\u00e7\u00e3o autom\u00e1tica ou grava\u00e7\u00e3o manual no menu de configura\u00e7\u00f5es de chamada.)<\/td>\n<\/tr>\n<tr>\n<td>Toque personalizado<\/td>\n<td>SIM (Perfis \u2013 Modo padr\u00e3o \u2013 Configura\u00e7\u00f5es pessoais \u2013 Toque do chamador \u2013 Selecione em um arquivo)<\/td>\n<\/tr>\n<tr>\n<td colspan=\"1\" rowspan=\"1\">Google<\/td>\n<td>SIM<\/td>\n<\/tr>\n<tr>\n<td colspan=\"1\"><a href=\"https:\/\/www.rucashk.com\/pt\/xiaomi-mi-calculator-application-is-now-available-in-the-play-store\/\" class=\"\" style=\"width: auto !important\" data-wpil-post-to-id=\"7665\">Loja de jogos<\/a><\/td>\n<td>SIM, pode baixar v\u00e1rios softwares sociais<\/td>\n<\/tr>\n<tr>\n<td>Entrada<\/td>\n<td>Escrita \u00e0 m\u00e3o\/teclado<\/td>\n<\/tr>\n<tr>\n<td>Formatos de m\u00eddia<\/td>\n<td>Formato de imagem: BMP, GIF<\/td>\n<\/tr>\n<tr>\n<td>Outras caracter\u00edsticas<\/td>\n<td>\n<div>3G, 4G, GPS, Bluetooth, E-mail,<\/div>\n<div data-spm-anchor-id=\"a2g0o.detail.1000023.i1.70d4736avNRBZe\">Mensagens, calend\u00e1rio, calculadora, rel\u00f3gio, c\u00e2mera, pontos de acesso, etc.<\/div>\n<\/td>\n<\/tr>\n<tr>\n<td>Dimens\u00f5es<\/td>\n<td>Tamanho do produto: 132,6\u00d755,4\u00d78,6 mm<br \/>\nPeso do produto: 105g<\/td>\n<\/tr>\n<tr>\n<td><strong>conte\u00fado do pacote<\/strong><\/td>\n<td>1X <a href=\"https:\/\/www.rucashk.com\/pt\/redmi-redmi-cell-phone-and-jd-com-released-redmi-k30-5g-extreme-edition\/\" class=\"\" style=\"width: auto !important\" data-wpil-post-to-id=\"8380\">Celular<\/a><br \/>\n1x pino sim<br \/>\n1X cabo tipo C<br \/>\n1X capa de telefone TPU<\/td>\n<\/tr>\n<\/tbody>\n<\/table>\n<\/div>","protected":false},"excerpt":{"rendered":"<p>\u2022 Dimensioni: 132,6 mm x 55,4 mm x 8,6 mm, peso 105 g<br \/>\n\u2022 Display: 5,05 &#8220;(22,5: 9), 1440 \u00d7 576 HD, IPS, 2,5D<br \/>\n\u2022 Processore: Spreadtrum a 4 core SC9832E, fino a 1,4 GHz<br \/>\n\u2022 GPU: Mali-T820 MP1<br \/>\n\u2022 Fotocamera: 5 megapixel (principale) con flash, nessuna fotocamera frontale<\/p>\n<p>&nbsp;<\/p>","protected":false},"featured_media":22672,"template":"","meta":[],"product_brand":[],"product_cat":[1295,1296],"product_tag":[],"class_list":{"0":"post-22566","1":"product","2":"type-product","3":"status-publish","4":"has-post-thumbnail","6":"product_cat-mobile-phone","7":"product_cat-xiaomi-mobile-phone","9":"first","10":"instock","11":"shipping-taxable","12":"product-type-external"},"aioseo_notices":[],"aioseo_head":"\n\t\t<!-- All in One SEO Pro 4.5.9.2 - aioseo.com -->\n\t\t<meta name=\"description\" content=\"\u2022 Dimensioni: 132,6 mm x 55,4 mm x 8,6 mm, peso 105 g \u2022 Display: 5,05 &quot;(22,5: 9), 1440 \u00d7 576 HD, IPS, 2,5D \u2022 Processore: Spreadtrum a 4 core SC9832E, fino a 1,4 GHz \u2022 GPU: Mali-T820 MP1 \u2022 Fotocamera: 5 megapixel (principale) con flash, nessuna fotocamera frontale\" \/>\n\t\t<meta name=\"robots\" content=\"max-image-preview:large\" \/>\n\t\t<link rel=\"canonical\" href=\"https:\/\/www.rucashk.com\/pt\/produto\/xiaomi-qin-2\/\" \/>\n\t\t<meta name=\"generator\" content=\"All in One SEO Pro (AIOSEO) 4.5.9.2\" \/>\n\t\t<meta property=\"og:locale\" content=\"pt_PT\" \/>\n\t\t<meta property=\"og:site_name\" content=\"Rucas - One-stop AIoT Distribution Worldwide\" \/>\n\t\t<meta property=\"og:type\" content=\"article\" \/>\n\t\t<meta property=\"og:title\" content=\"Xiaomi QIN 2 - Rucas - Wholesale and Distribution\" \/>\n\t\t<meta property=\"og:description\" content=\"\u2022 Dimensioni: 132,6 mm x 55,4 mm x 8,6 mm, peso 105 g \u2022 Display: 5,05 &quot;(22,5: 9), 1440 \u00d7 576 HD, IPS, 2,5D \u2022 Processore: Spreadtrum a 4 core SC9832E, fino a 1,4 GHz \u2022 GPU: Mali-T820 MP1 \u2022 Fotocamera: 5 megapixel (principale) con flash, nessuna fotocamera frontale\" \/>\n\t\t<meta property=\"og:url\" content=\"https:\/\/www.rucashk.com\/pt\/produto\/xiaomi-qin-2\/\" \/>\n\t\t<meta property=\"og:image\" content=\"https:\/\/www.rucashk.com\/wp-content\/uploads\/replace\/503b8e645f128a97ccde2b6290747646.jpeg\" \/>\n\t\t<meta property=\"og:image:secure_url\" content=\"https:\/\/www.rucashk.com\/wp-content\/uploads\/replace\/503b8e645f128a97ccde2b6290747646.jpeg\" \/>\n\t\t<meta property=\"og:image:width\" content=\"1456\" \/>\n\t\t<meta property=\"og:image:height\" content=\"816\" \/>\n\t\t<meta property=\"article:published_time\" content=\"2024-01-09T15:45:29+00:00\" \/>\n\t\t<meta property=\"article:modified_time\" content=\"2024-03-11T07:57:34+00:00\" \/>\n\t\t<meta name=\"twitter:card\" content=\"summary_large_image\" \/>\n\t\t<meta name=\"twitter:title\" content=\"Xiaomi QIN 2 - Rucas - Wholesale and Distribution\" \/>\n\t\t<meta name=\"twitter:description\" content=\"\u2022 Dimensioni: 132,6 mm x 55,4 mm x 8,6 mm, peso 105 g \u2022 Display: 5,05 &quot;(22,5: 9), 1440 \u00d7 576 HD, IPS, 2,5D \u2022 Processore: Spreadtrum a 4 core SC9832E, fino a 1,4 GHz \u2022 GPU: Mali-T820 MP1 \u2022 Fotocamera: 5 megapixel (principale) con flash, nessuna fotocamera frontale\" \/>\n\t\t<meta name=\"twitter:image\" content=\"https:\/\/www.rucashk.com\/wp-content\/uploads\/replace\/503b8e645f128a97ccde2b6290747646.jpeg\" \/>\n\t\t<script type=\"application\/ld+json\" class=\"aioseo-schema\">\n\t\t\t{\"@context\":\"https:\\\/\\\/schema.org\",\"@graph\":[{\"@type\":\"BreadcrumbList\",\"@id\":\"https:\\\/\\\/www.rucashk.com\\\/pt\\\/produto\\\/xiaomi-qin-2\\\/#breadcrumblist\",\"itemListElement\":[{\"@type\":\"ListItem\",\"@id\":\"https:\\\/\\\/www.rucashk.com\\\/pt\\\/#listItem\",\"position\":1,\"name\":\"Home\",\"item\":\"https:\\\/\\\/www.rucashk.com\\\/pt\\\/\",\"nextItem\":\"https:\\\/\\\/www.rucashk.com\\\/pt\\\/produto\\\/xiaomi-qin-2\\\/#listItem\"},{\"@type\":\"ListItem\",\"@id\":\"https:\\\/\\\/www.rucashk.com\\\/pt\\\/produto\\\/xiaomi-qin-2\\\/#listItem\",\"position\":2,\"name\":\"Xiaomi QIN 2\",\"previousItem\":\"https:\\\/\\\/www.rucashk.com\\\/pt\\\/#listItem\"}]},{\"@type\":\"Organization\",\"@id\":\"https:\\\/\\\/www.rucashk.com\\\/pt\\\/#organization\",\"name\":\"Rucas\",\"url\":\"https:\\\/\\\/www.rucashk.com\\\/pt\\\/\",\"logo\":{\"@type\":\"ImageObject\",\"url\":\"https:\\\/\\\/www.rucashk.com\\\/wp-content\\\/uploads\\\/2023\\\/12\\\/Rucas_campany_logo.png\",\"@id\":\"https:\\\/\\\/www.rucashk.com\\\/pt\\\/produto\\\/xiaomi-qin-2\\\/#organizationLogo\",\"width\":221,\"height\":65},\"image\":{\"@id\":\"https:\\\/\\\/www.rucashk.com\\\/pt\\\/#organizationLogo\"}},{\"@type\":\"Person\",\"@id\":\"https:\\\/\\\/www.rucashk.com\\\/pt\\\/author\\\/admin\\\/#author\",\"url\":\"https:\\\/\\\/www.rucashk.com\\\/pt\\\/author\\\/admin\\\/\",\"name\":\"admin\",\"image\":{\"@type\":\"ImageObject\",\"@id\":\"https:\\\/\\\/www.rucashk.com\\\/pt\\\/produto\\\/xiaomi-qin-2\\\/#authorImage\",\"url\":\"https:\\\/\\\/secure.gravatar.com\\\/avatar\\\/b7c8925b09a27e72b30232f8ecaadbd5af0f70a38c78096863fe51b64f031c24?s=96&d=mm&r=g\",\"width\":96,\"height\":96,\"caption\":\"admin\"}},{\"@type\":\"WebPage\",\"@id\":\"https:\\\/\\\/www.rucashk.com\\\/pt\\\/produto\\\/xiaomi-qin-2\\\/#webpage\",\"url\":\"https:\\\/\\\/www.rucashk.com\\\/pt\\\/produto\\\/xiaomi-qin-2\\\/\",\"name\":\"Xiaomi QIN 2 - Rucas - Wholesale and Distribution\",\"description\":\"\\u2022 Dimensioni: 132,6 mm x 55,4 mm x 8,6 mm, peso 105 g \\u2022 Display: 5,05 \\\"(22,5: 9), 1440 \\u00d7 576 HD, IPS, 2,5D \\u2022 Processore: Spreadtrum a 4 core SC9832E, fino a 1,4 GHz \\u2022 GPU: Mali-T820 MP1 \\u2022 Fotocamera: 5 megapixel (principale) con flash, nessuna fotocamera frontale\",\"inLanguage\":\"pt-PT\",\"isPartOf\":{\"@id\":\"https:\\\/\\\/www.rucashk.com\\\/pt\\\/#website\"},\"breadcrumb\":{\"@id\":\"https:\\\/\\\/www.rucashk.com\\\/pt\\\/produto\\\/xiaomi-qin-2\\\/#breadcrumblist\"},\"author\":{\"@id\":\"https:\\\/\\\/www.rucashk.com\\\/pt\\\/author\\\/admin\\\/#author\"},\"creator\":{\"@id\":\"https:\\\/\\\/www.rucashk.com\\\/pt\\\/author\\\/admin\\\/#author\"},\"image\":{\"@type\":\"ImageObject\",\"url\":\"https:\\\/\\\/www.rucashk.com\\\/wp-content\\\/uploads\\\/2024\\\/01\\\/Xiaomi-QIN-2.jpg\",\"@id\":\"https:\\\/\\\/www.rucashk.com\\\/pt\\\/produto\\\/xiaomi-qin-2\\\/#mainImage\",\"width\":494,\"height\":438},\"primaryImageOfPage\":{\"@id\":\"https:\\\/\\\/www.rucashk.com\\\/pt\\\/produto\\\/xiaomi-qin-2\\\/#mainImage\"},\"datePublished\":\"2024-01-09T15:45:29+00:00\",\"dateModified\":\"2024-03-11T07:57:34+00:00\"},{\"@type\":\"WebSite\",\"@id\":\"https:\\\/\\\/www.rucashk.com\\\/pt\\\/#website\",\"url\":\"https:\\\/\\\/www.rucashk.com\\\/pt\\\/\",\"name\":\"Rucas - Wholesale and distribution worldwide\",\"alternateName\":\"Rucas - One-stop AIoT Distribution Worldwide\",\"description\":\"One-stop AIoT Distribution Worldwide\",\"inLanguage\":\"pt-PT\",\"publisher\":{\"@id\":\"https:\\\/\\\/www.rucashk.com\\\/pt\\\/#organization\"}}]}\n\t\t<\/script>\n\t\t<!-- All in One SEO Pro -->\r\n\t\t<title>Xiaomi QIN 2 - Rucas - Wholesale and Distribution<\/title>\n\n","aioseo_head_json":{"title":"Xiaomi QIN 2 - Rucas - Wholesale and Distribution","description":"\u2022 Dimensioni: 132,6 mm x 55,4 mm x 8,6 mm, peso 105 g \u2022 Display: 5,05 \"(22,5: 9), 1440 \u00d7 576 HD, IPS, 2,5D \u2022 Processore: Spreadtrum a 4 core SC9832E, fino a 1,4 GHz \u2022 GPU: Mali-T820 MP1 \u2022 Fotocamera: 5 megapixel (principale) con flash, nessuna fotocamera frontale","canonical_url":"https:\/\/www.rucashk.com\/pt\/produto\/xiaomi-qin-2\/","robots":"max-image-preview:large","keywords":"","webmasterTools":{"miscellaneous":""},"og:locale":"pt_PT","og:site_name":"Rucas - One-stop AIoT Distribution Worldwide","og:type":"article","og:title":"Xiaomi QIN 2 - Rucas - Wholesale and Distribution","og:description":"\u2022 Dimensioni: 132,6 mm x 55,4 mm x 8,6 mm, peso 105 g \u2022 Display: 5,05 &quot;(22,5: 9), 1440 \u00d7 576 HD, IPS, 2,5D \u2022 Processore: Spreadtrum a 4 core SC9832E, fino a 1,4 GHz \u2022 GPU: Mali-T820 MP1 \u2022 Fotocamera: 5 megapixel (principale) con flash, nessuna fotocamera frontale","og:url":"https:\/\/www.rucashk.com\/pt\/produto\/xiaomi-qin-2\/","og:image":"https:\/\/www.rucashk.com\/wp-content\/uploads\/replace\/503b8e645f128a97ccde2b6290747646.jpeg","og:image:secure_url":"https:\/\/www.rucashk.com\/wp-content\/uploads\/replace\/503b8e645f128a97ccde2b6290747646.jpeg","og:image:width":1456,"og:image:height":816,"article:published_time":"2024-01-09T15:45:29+00:00","article:modified_time":"2024-03-11T07:57:34+00:00","twitter:card":"summary_large_image","twitter:title":"Xiaomi QIN 2 - Rucas - Wholesale and Distribution","twitter:description":"\u2022 Dimensioni: 132,6 mm x 55,4 mm x 8,6 mm, peso 105 g \u2022 Display: 5,05 &quot;(22,5: 9), 1440 \u00d7 576 HD, IPS, 2,5D \u2022 Processore: Spreadtrum a 4 core SC9832E, fino a 1,4 GHz \u2022 GPU: Mali-T820 MP1 \u2022 Fotocamera: 5 megapixel (principale) con flash, nessuna fotocamera frontale","twitter:image":"https:\/\/www.rucashk.com\/wp-content\/uploads\/replace\/503b8e645f128a97ccde2b6290747646.jpeg","schema":{"@context":"https:\/\/schema.org","@graph":[{"@type":"BreadcrumbList","@id":"https:\/\/www.rucashk.com\/pt\/produto\/xiaomi-qin-2\/#breadcrumblist","itemListElement":[{"@type":"ListItem","@id":"https:\/\/www.rucashk.com\/pt\/#listItem","position":1,"name":"Home","item":"https:\/\/www.rucashk.com\/pt\/","nextItem":"https:\/\/www.rucashk.com\/pt\/produto\/xiaomi-qin-2\/#listItem"},{"@type":"ListItem","@id":"https:\/\/www.rucashk.com\/pt\/produto\/xiaomi-qin-2\/#listItem","position":2,"name":"Xiaomi QIN 2","previousItem":"https:\/\/www.rucashk.com\/pt\/#listItem"}]},{"@type":"Organization","@id":"https:\/\/www.rucashk.com\/pt\/#organization","name":"Rucas","url":"https:\/\/www.rucashk.com\/pt\/","logo":{"@type":"ImageObject","url":"https:\/\/www.rucashk.com\/wp-content\/uploads\/2023\/12\/Rucas_campany_logo.png","@id":"https:\/\/www.rucashk.com\/pt\/produto\/xiaomi-qin-2\/#organizationLogo","width":221,"height":65},"image":{"@id":"https:\/\/www.rucashk.com\/pt\/#organizationLogo"}},{"@type":"Person","@id":"https:\/\/www.rucashk.com\/pt\/author\/admin\/#author","url":"https:\/\/www.rucashk.com\/pt\/author\/admin\/","name":"admin","image":{"@type":"ImageObject","@id":"https:\/\/www.rucashk.com\/pt\/produto\/xiaomi-qin-2\/#authorImage","url":"https:\/\/secure.gravatar.com\/avatar\/b7c8925b09a27e72b30232f8ecaadbd5af0f70a38c78096863fe51b64f031c24?s=96&d=mm&r=g","width":96,"height":96,"caption":"admin"}},{"@type":"WebPage","@id":"https:\/\/www.rucashk.com\/pt\/produto\/xiaomi-qin-2\/#webpage","url":"https:\/\/www.rucashk.com\/pt\/produto\/xiaomi-qin-2\/","name":"Xiaomi QIN 2 - Rucas - Wholesale and Distribution","description":"\u2022 Dimensioni: 132,6 mm x 55,4 mm x 8,6 mm, peso 105 g \u2022 Display: 5,05 \"(22,5: 9), 1440 \u00d7 576 HD, IPS, 2,5D \u2022 Processore: Spreadtrum a 4 core SC9832E, fino a 1,4 GHz \u2022 GPU: Mali-T820 MP1 \u2022 Fotocamera: 5 megapixel (principale) con flash, nessuna fotocamera frontale","inLanguage":"pt-PT","isPartOf":{"@id":"https:\/\/www.rucashk.com\/pt\/#website"},"breadcrumb":{"@id":"https:\/\/www.rucashk.com\/pt\/produto\/xiaomi-qin-2\/#breadcrumblist"},"author":{"@id":"https:\/\/www.rucashk.com\/pt\/author\/admin\/#author"},"creator":{"@id":"https:\/\/www.rucashk.com\/pt\/author\/admin\/#author"},"image":{"@type":"ImageObject","url":"https:\/\/www.rucashk.com\/wp-content\/uploads\/2024\/01\/Xiaomi-QIN-2.jpg","@id":"https:\/\/www.rucashk.com\/pt\/produto\/xiaomi-qin-2\/#mainImage","width":494,"height":438},"primaryImageOfPage":{"@id":"https:\/\/www.rucashk.com\/pt\/produto\/xiaomi-qin-2\/#mainImage"},"datePublished":"2024-01-09T15:45:29+00:00","dateModified":"2024-03-11T07:57:34+00:00"},{"@type":"WebSite","@id":"https:\/\/www.rucashk.com\/pt\/#website","url":"https:\/\/www.rucashk.com\/pt\/","name":"Rucas - Wholesale and distribution worldwide","alternateName":"Rucas - One-stop AIoT Distribution Worldwide","description":"One-stop AIoT Distribution Worldwide","inLanguage":"pt-PT","publisher":{"@id":"https:\/\/www.rucashk.com\/pt\/#organization"}}]}},"aioseo_meta_data":{"post_id":"22566","title":null,"description":null,"keywords":null,"keyphrases":null,"primary_term":null,"canonical_url":null,"og_title":null,"og_description":null,"og_object_type":"default","og_image_type":"default","og_image_url":null,"og_image_width":null,"og_image_height":null,"og_image_custom_url":null,"og_image_custom_fields":null,"og_video":null,"og_custom_url":null,"og_article_section":null,"og_article_tags":null,"twitter_use_og":false,"twitter_card":"default","twitter_image_type":"default","twitter_image_url":null,"twitter_image_custom_url":null,"twitter_image_custom_fields":null,"twitter_title":null,"twitter_description":null,"schema":{"blockGraphs":[],"customGraphs":[],"default":{"data":{"Article":[],"Course":[],"Dataset":[],"FAQPage":[],"Movie":[],"Person":[],"Product":[],"Recipe":[],"Service":[],"SoftwareApplication":[],"WebPage":[]},"graphName":"","isEnabled":true},"graphs":[]},"schema_type":"default","schema_type_options":null,"pillar_content":false,"robots_default":true,"robots_noindex":false,"robots_noarchive":false,"robots_nosnippet":false,"robots_nofollow":false,"robots_noimageindex":false,"robots_noodp":false,"robots_notranslate":false,"robots_max_snippet":null,"robots_max_videopreview":null,"robots_max_imagepreview":"large","priority":null,"frequency":null,"local_seo":null,"breadcrumb_settings":null,"limit_modified_date":false,"created":"2024-04-11 01:55:23","updated":"2025-06-22 16:45:57"},"aioseo_breadcrumb":"<div class=\"aioseo-breadcrumbs\"><span class=\"aioseo-breadcrumb\">\n\t<a href=\"https:\/\/www.rucashk.com\/pt\" title=\"Home\">Home<\/a>\n<\/span><span class=\"aioseo-breadcrumb-separator\">&raquo;<\/span><span class=\"aioseo-breadcrumb\">\n\t<a href=\"https:\/\/www.rucashk.com\/pt\/products\/\" title=\"Produtos\">Produtos<\/a>\n<\/span><span class=\"aioseo-breadcrumb-separator\">&raquo;<\/span><span class=\"aioseo-breadcrumb\">\n\t<a href=\"https:\/\/www.rucashk.com\/pt\/categoria-produto\/mobile-phone\/\" title=\"Mobile Phone\">Mobile Phone<\/a>\n<\/span><span class=\"aioseo-breadcrumb-separator\">&raquo;<\/span><span class=\"aioseo-breadcrumb\">\n\t<a href=\"https:\/\/www.rucashk.com\/pt\/categoria-produto\/mobile-phone\/xiaomi-mobile-phone\/\" title=\"Xiaomi\">Xiaomi<\/a>\n<\/span><span class=\"aioseo-breadcrumb-separator\">&raquo;<\/span><span class=\"aioseo-breadcrumb\">\n\tXiaomi QIN 2\n<\/span><\/div>","aioseo_breadcrumb_json":[{"label":"Home","link":"https:\/\/www.rucashk.com\/pt"},{"label":"Produtos","link":"https:\/\/www.rucashk.com\/pt\/products\/"},{"label":"Mobile Phone","link":"https:\/\/www.rucashk.com\/pt\/categoria-produto\/mobile-phone\/"},{"label":"Xiaomi","link":"https:\/\/www.rucashk.com\/pt\/categoria-produto\/mobile-phone\/xiaomi-mobile-phone\/"},{"label":"Xiaomi QIN 2","link":"https:\/\/www.rucashk.com\/pt\/produto\/xiaomi-qin-2\/"}],"_links":{"self":[{"href":"https:\/\/www.rucashk.com\/pt\/wp-json\/wp\/v2\/product\/22566","targetHints":{"allow":["GET"]}}],"collection":[{"href":"https:\/\/www.rucashk.com\/pt\/wp-json\/wp\/v2\/product"}],"about":[{"href":"https:\/\/www.rucashk.com\/pt\/wp-json\/wp\/v2\/types\/product"}],"wp:featuredmedia":[{"embeddable":true,"href":"https:\/\/www.rucashk.com\/pt\/wp-json\/wp\/v2\/media\/22672"}],"wp:attachment":[{"href":"https:\/\/www.rucashk.com\/pt\/wp-json\/wp\/v2\/media?parent=22566"}],"wp:term":[{"taxonomy":"product_brand","embeddable":true,"href":"https:\/\/www.rucashk.com\/pt\/wp-json\/wp\/v2\/product_brand?post=22566"},{"taxonomy":"product_cat","embeddable":true,"href":"https:\/\/www.rucashk.com\/pt\/wp-json\/wp\/v2\/product_cat?post=22566"},{"taxonomy":"product_tag","embeddable":true,"href":"https:\/\/www.rucashk.com\/pt\/wp-json\/wp\/v2\/product_tag?post=22566"}],"curies":[{"name":"wp","href":"https:\/\/api.w.org\/{rel}","templated":true}]}}