{"id":22564,"date":"2024-01-09T15:45:29","date_gmt":"2024-01-09T15:45:29","guid":{"rendered":"http:\/\/rucashk.com\/?post_type=product&#038;p=22564"},"modified":"2024-03-11T07:57:09","modified_gmt":"2024-03-11T07:57:09","slug":"xiaomi-redmi-note5","status":"publish","type":"product","link":"https:\/\/www.rucashk.com\/pt\/produto\/xiaomi-redmi-note5\/","title":{"rendered":"Xiaomi Redmi Note5"},"content":{"rendered":"<h2 style=\"text-align: center\">Xiaomi Redmi Note5<img decoding=\"async\" class=\"product_lazy aligncenter\" style=\"font-size: 16px\" src=\"\/wp-content\/uploads\/replace\/f80db68b89d70f83136c76cdf1fadc85.jpeg\" alt=\"Xiaomi Redmi Note 5 5.99 Inch Smartphone Snapdragon 636 Octa Core 4GB 64GB 5.0MP+12MP Dual Rear Cameras MIUI 9 OS 18:9 Full Screen - Black\" data-original=\"\/\/img.gkbcdn.com\/s3\/d\/201803\/874bbebc-ce8c-43c1-8b29-d2be32c0b651.jpg\" \/><img decoding=\"async\" class=\"product_lazy aligncenter\" style=\"font-size: 16px\" src=\"\/wp-content\/uploads\/replace\/86bd531f15ac29809d43db8c38eacb5f.jpeg\" alt=\"Xiaomi Redmi Note 5 5.99 Inch Smartphone Snapdragon 636 Octa Core 4GB 64GB 5.0MP+12MP Dual Rear Cameras MIUI 9 OS 18:9 Full Screen - Black\" data-original=\"\/\/img.gkbcdn.com\/s3\/d\/201803\/f6a95b76-97a4-4477-8968-5a6348cf84ef.jpg\" \/><img decoding=\"async\" class=\"product_lazy aligncenter\" style=\"font-size: 16px\" src=\"\/wp-content\/uploads\/replace\/36fd7103160bc96afc64ef5e7a33f34e.jpeg\" alt=\"Xiaomi Redmi Note 5 5.99 Inch Smartphone Snapdragon 636 Octa Core 4GB 64GB 5.0MP+12MP Dual Rear Cameras MIUI 9 OS 18:9 Full Screen - Black\" data-original=\"\/\/img.gkbcdn.com\/s3\/d\/201803\/b78f94d2-e3d5-4afd-8a12-363667ce0a26.jpg\" \/><img decoding=\"async\" class=\"product_lazy aligncenter\" style=\"font-size: 16px\" src=\"\/wp-content\/uploads\/replace\/4fb4a70eb9862c4adc68f8a7b233683b.jpeg\" alt=\"Xiaomi Redmi Note 5 5.99 Inch Smartphone Snapdragon 636 Octa Core 4GB 64GB 5.0MP+12MP Dual Rear Cameras MIUI 9 OS 18:9 Full Screen - Black\" data-original=\"\/\/img.gkbcdn.com\/s3\/d\/201803\/e2a4e33b-5d12-47a0-b560-edb04f5c8027.jpg\" \/><img decoding=\"async\" class=\"product_lazy aligncenter\" style=\"font-size: 16px\" src=\"\/wp-content\/uploads\/replace\/420ba1d9fc082e57a9a2f82dbb5b0dd0.jpeg\" alt=\"Xiaomi Redmi Note 5 5.99 Inch Smartphone Snapdragon 636 Octa Core 4GB 64GB 5.0MP+12MP Dual Rear Cameras MIUI 9 OS 18:9 Full Screen - Black\" data-original=\"\/\/img.gkbcdn.com\/s3\/d\/201803\/47ccc225-4d13-43a9-8399-7e171c224979.jpg\" \/><img decoding=\"async\" class=\"product_lazy aligncenter\" style=\"font-size: 16px\" src=\"\/wp-content\/uploads\/replace\/b8d885a08cc33bcdb544e76dd4d71314.jpeg\" alt=\"Xiaomi Redmi Note 5 5.99 Inch Smartphone Snapdragon 636 Octa Core 4GB 64GB 5.0MP+12MP Dual Rear Cameras MIUI 9 OS 18:9 Full Screen - Black\" data-original=\"\/\/img.gkbcdn.com\/s3\/d\/201803\/591966ca-be23-45ec-83c2-e14d702e2e65.jpg\" \/><img decoding=\"async\" class=\"product_lazy aligncenter\" style=\"font-size: 16px\" src=\"\/wp-content\/uploads\/replace\/51e32839cfa63f6cd1cd649c6a6191af.jpeg\" alt=\"Xiaomi Redmi Note 5 5.99 Inch Smartphone Snapdragon 636 Octa Core 4GB 64GB 5.0MP+12MP Dual Rear Cameras MIUI 9 OS 18:9 Full Screen - Black\" data-original=\"\/\/img.gkbcdn.com\/s3\/d\/201803\/78535b38-2bf0-42f6-a671-c1b000813ba1.jpg\" \/><img decoding=\"async\" class=\"product_lazy aligncenter\" style=\"font-size: 16px\" src=\"\/wp-content\/uploads\/replace\/e8197825d42c83f108dbd4a7db8f7bea.jpeg\" alt=\"Xiaomi Redmi Note 5 5.99 Inch Smartphone Snapdragon 636 Octa Core 4GB 64GB 5.0MP+12MP Dual Rear Cameras MIUI 9 OS 18:9 Full Screen - Black\" data-original=\"\/\/img.gkbcdn.com\/s3\/d\/201803\/c7a02282-c2e6-46a2-b4c9-90bb13ca7014.jpg\" \/><\/h2>\n<div id=\"imgBox\">\n<div id=\"imgBox\">\n<h2>Especifica\u00e7\u00e3o<\/h2>\n<table class=\"jbEidtTable\" border=\"1\" cellspacing=\"0\" cellpadding=\"5\">\n<tbody>\n<tr>\n<td>Em geral<\/td>\n<td>Marca: Xiaomi<br \/>\nModelo: Redmi Nota 5<br \/>\nCor preta<\/td>\n<\/tr>\n<tr>\n<td>Sistema<\/td>\n<td>Sistema operacional:Miui 9 Android 8.1 OS<br \/>\nProcessador:Qualcomm <a href=\"https:\/\/www.rucashk.com\/pt\/produto\/mi-mix-3-snapdragon-855-octa-core-5g-smartphone\/\" class=\"\" style=\"width: auto !important\" data-wpil-post-to-id=\"1703\">Snapdragon 636 Octa-N\u00facleo<\/a> 1,8 GHz 64 bits, GPU: Adreno 509<br \/>\nRAM: 4 GB<br \/>\nROM: 64 GB<br \/>\nArmazenamento estendido: 128 GB<\/td>\n<\/tr>\n<tr>\n<td>Mostrar<\/td>\n<td>Tipo de tela: tela capacitiva<br \/>\nTamanho da tela: 5,99 polegadas<br \/>\nResolu\u00e7\u00e3o da tela: tela FHD + (2160 \u00d7 1080 pixels)<\/td>\n<\/tr>\n<tr>\n<td>Rede<\/td>\n<td>Conectividade sem fio: GSM, 3G, 4G, GPS, WiFi, Bluetooth<br \/>\nFrequ\u00eancia:<br \/>\n2G: G\/M B2\/B3\/B5\/B8,<br \/>\n3G: WCDMA B1\/B2\/B5\/B8, TD-SCDMA B34\/B39<br \/>\n4G: FDD-LTE B1\/B3\/B4\/B5\/B7\/B8\/B20, TDD-LTE B38\/B40<br \/>\nBluetooth: Sim, Bluetooth 5.0<br \/>\nWiFi: Sim, 2.4G\/5G, 802.11 a\/b\/g\/n\/ac<br \/>\nGPS: Sim<\/td>\n<\/tr>\n<tr>\n<td>C\u00e2mera<\/td>\n<td>Tipo de c\u00e2mera: C\u00e2meras duplas (uma frontal e duas traseiras)<br \/>\nC\u00e2mera traseira: 12,0 MP + 5,0 MP<br \/>\nC\u00e2mera frontal: 13,0 MP<br \/>\nGrava\u00e7\u00e3o de v\u00eddeo: Sim<\/td>\n<\/tr>\n<tr>\n<td>Conectividade<\/td>\n<td><a href=\"https:\/\/www.rucashk.com\/pt\/produto\/wiko-view4-lite\/\" class=\"\" style=\"width: auto !important\" data-wpil-post-to-id=\"5614\">Slot para cart\u00e3o SIM: cart\u00e3o Nano SIM duplo, duplo<\/a> modo de espera (bandeja SIM h\u00edbrida de 3 op\u00e7\u00f5es: nanoSIM + nanoSIM\/microSD)<br \/>\nSlot para cart\u00e3o TF: Sim<br \/>\nEntrada USB:Micro USB<br \/>\nSa\u00edda de \u00e1udio: Sim (interoperabilidade da boca de carregamento)<br \/>\nMicrofone: Suportado<br \/>\nAlto-falante: Suportado<\/td>\n<\/tr>\n<tr>\n<td>meios de comunica\u00e7\u00e3o<\/td>\n<td>Formato de v\u00eddeo: 3GP, MP4, RMVB<br \/>\nFormato de \u00e1udio: WAV, AMR, MP3<br \/>\nFormato de imagem: GIF, JPEG, BMP, PNG<br \/>\nR\u00e1dio FM: suporte de software<\/td>\n<\/tr>\n<tr>\n<td>Linguagem<\/td>\n<td>Bahasa Indon\u00e9sia, Bahasa Melayu, Deutsch, Ingl\u00eas (\u00cdndia), Ingl\u00eas (Reino Unido), Ingl\u00eas (Estados Unidos), Espanol (Espanhol), Espanol (Am\u00e9rica), Franc\u00eas, Italiano, Magyar, Uzbequist\u00e3o, Polon\u00eas, Portugu\u00eas (Brasil), Romana, Esloveno, Vietnamita, Turco, Tcheco, Russo, Ucraniano, B\u00falgaro, Grego, Hindi, Bengali, Gujarati, Assam\u00eas, Tamil, Telugu, Nepal\u00eas, Tailand\u00eas, \u00c1rabe, Persa, Hebraico, Coreano, Chin\u00eas Tradicional\/Simplificado<\/td>\n<\/tr>\n<tr>\n<td>Sensor<\/td>\n<td>Aceler\u00f4metro<br \/>\nB\u00fassola eletr\u00f4nica<br \/>\nSensor girosc\u00f3pio<br \/>\nSensor de luz ambiente<br \/>\nSensor de proximidade<br \/>\nSensor de efeito Hall<br \/>\n<a href=\"https:\/\/www.rucashk.com\/pt\/produto\/gy-906-mlx90614-mlx90614esf-non-contact-infrared-temperature-sensor-module\/\" class=\"\" style=\"width: auto !important\" data-wpil-post-to-id=\"9545\">Sensor infravermelho<\/a><\/td>\n<\/tr>\n<tr>\n<td>Caracter\u00edsticas adicionais<\/td>\n<td>4G, WIFI, GPS, Bluetooth, detec\u00e7\u00e3o de gestos, Smart Wake, Ebook, e-mail, mensagens, pap\u00e9is de parede, calend\u00e1rio, calculadora, rel\u00f3gio, c\u00e2mera, tethering e hotspot port\u00e1til, smart wake, tela de transmiss\u00e3o, Touch ID, registro de etapas, desbloqueio facial, etc.<\/td>\n<\/tr>\n<tr>\n<td>Bateria<\/td>\n<td>Tipo de bateria: L\u00edtio<br \/>\nCapacidade: 4000mAh (t\u00edpico) \/ 3900mAh (min)<br \/>\nTempo de espera: Cerca de 2 a 3 dias<br \/>\nCarregador: USB, carregador de viagem<\/td>\n<\/tr>\n<tr>\n<td>Dimens\u00e3o e Peso (Produto Principal)<\/td>\n<td>Dimens\u00e3o: 158,6*75,4*8,05mm<br \/>\nPeso: 181g<\/td>\n<\/tr>\n<tr>\n<td>conte\u00fado do pacote<\/td>\n<td>1 \u00d7 telefone<br \/>\n1 \u00d7 bateria embutida<br \/>\n1 \u00d7 Cabo USB<br \/>\n1 \u00d7 pino de eje\u00e7\u00e3o<br \/>\n1 \u00d7 capa ultrafina<br \/>\n1 \u00d7 Manual do usu\u00e1rio<br \/>\n1 \u00d7 UE <a href=\"https:\/\/www.rucashk.com\/pt\/produto\/xiaomi-mi-usb-c-charger-65w-output-rate-socket-power-adapter\/\" class=\"\" style=\"width: auto !important\" data-wpil-post-to-id=\"2611\">Adaptador de energia<\/a> (Um adaptador AC correto ser\u00e1 enviado como seu pa\u00eds de envio)<\/td>\n<\/tr>\n<\/tbody>\n<\/table>\n<\/div>\n<\/div>","protected":false},"excerpt":{"rendered":"<p>&nbsp;<\/p>\n<ul>\n<li>Processador Qualcomm Snapdragon 636 Octa Core 1,8 GHz 64 bits<\/li>\n<li>GPU Adreno 509<\/li>\n<li>RAM 4 GB<\/li>\n<li>ROM 64GB (expans\u00edvel at\u00e9 128GB com cart\u00e3o MicroSD)<\/li>\n<li>5,99&#8243; FHD+ Display IPS (2160\u00d71080 pixels)<\/li>\n<li>C\u00e2mera: 12,0 MP f1.9 + 5,0 MP<\/li>\n<li>C\u00e2mera: 13,0MP<\/li>\n<li>Bluetooth 5.0<\/li>\n<li>WiFi 2.4G\/5G, 802.11a\/b\/g\/n\/ac<\/li>\n<li>GPS<\/li>\n<li>Bateria de 4000mAh (2-3 dias em standby)<\/li>\n<li>MIUI 9 baseado no Android 8.1<\/li>\n<\/ul>","protected":false},"featured_media":22657,"template":"","meta":[],"product_brand":[],"product_cat":[1295,1297],"product_tag":[],"class_list":{"0":"post-22564","1":"product","2":"type-product","3":"status-publish","4":"has-post-thumbnail","6":"product_cat-mobile-phone","7":"product_cat-redmi-mobile-phone","9":"first","10":"instock","11":"shipping-taxable","12":"product-type-external"},"aioseo_notices":[],"aioseo_head":"\n\t\t<!-- All in One SEO Pro 4.5.9.2 - aioseo.com -->\n\t\t<meta name=\"description\" content=\"CPU Qualcomm Snapdragon 636 Octa Core 1.8GHz 64bit GPU Adreno 509 RAM 4GB ROM 64GB (expandible up to 128GB with MicroSD card) 5,99&quot; FHD+ Display IPS (2160\u00d71080 pixels) Camera: 12.0MP f1.9 + 5.0MP Camera: 13.0MP Bluetooth 5.0 WiFi 2.4G\/5G, 802.11 a\/b\/g\/n\/ac GPS 4000mAh battery (2-3 days standby) MIUI 9 based on Android 8.1\" \/>\n\t\t<meta name=\"robots\" content=\"max-image-preview:large\" \/>\n\t\t<link rel=\"canonical\" href=\"https:\/\/www.rucashk.com\/pt\/produto\/xiaomi-redmi-note5\/\" \/>\n\t\t<meta name=\"generator\" content=\"All in One SEO Pro (AIOSEO) 4.5.9.2\" \/>\n\t\t<meta property=\"og:locale\" content=\"pt_PT\" \/>\n\t\t<meta property=\"og:site_name\" content=\"Rucas - One-stop AIoT Distribution Worldwide\" \/>\n\t\t<meta property=\"og:type\" content=\"article\" \/>\n\t\t<meta property=\"og:title\" content=\"Xiaomi Redmi Note5 - Rucas - Wholesale and Distribution\" \/>\n\t\t<meta property=\"og:description\" content=\"CPU Qualcomm Snapdragon 636 Octa Core 1.8GHz 64bit GPU Adreno 509 RAM 4GB ROM 64GB (expandible up to 128GB with MicroSD card) 5,99&quot; FHD+ Display IPS (2160\u00d71080 pixels) Camera: 12.0MP f1.9 + 5.0MP Camera: 13.0MP Bluetooth 5.0 WiFi 2.4G\/5G, 802.11 a\/b\/g\/n\/ac GPS 4000mAh battery (2-3 days standby) MIUI 9 based on Android 8.1\" \/>\n\t\t<meta property=\"og:url\" content=\"https:\/\/www.rucashk.com\/pt\/produto\/xiaomi-redmi-note5\/\" \/>\n\t\t<meta property=\"og:image\" content=\"https:\/\/www.rucashk.com\/wp-content\/uploads\/replace\/503b8e645f128a97ccde2b6290747646.jpeg\" \/>\n\t\t<meta property=\"og:image:secure_url\" content=\"https:\/\/www.rucashk.com\/wp-content\/uploads\/replace\/503b8e645f128a97ccde2b6290747646.jpeg\" \/>\n\t\t<meta property=\"og:image:width\" content=\"1456\" \/>\n\t\t<meta property=\"og:image:height\" content=\"816\" \/>\n\t\t<meta property=\"article:published_time\" content=\"2024-01-09T15:45:29+00:00\" \/>\n\t\t<meta property=\"article:modified_time\" content=\"2024-03-11T07:57:09+00:00\" \/>\n\t\t<meta name=\"twitter:card\" content=\"summary_large_image\" \/>\n\t\t<meta name=\"twitter:title\" content=\"Xiaomi Redmi Note5 - Rucas - Wholesale and Distribution\" \/>\n\t\t<meta name=\"twitter:description\" content=\"CPU Qualcomm Snapdragon 636 Octa Core 1.8GHz 64bit GPU Adreno 509 RAM 4GB ROM 64GB (expandible up to 128GB with MicroSD card) 5,99&quot; FHD+ Display IPS (2160\u00d71080 pixels) Camera: 12.0MP f1.9 + 5.0MP Camera: 13.0MP Bluetooth 5.0 WiFi 2.4G\/5G, 802.11 a\/b\/g\/n\/ac GPS 4000mAh battery (2-3 days standby) MIUI 9 based on Android 8.1\" \/>\n\t\t<meta name=\"twitter:image\" content=\"https:\/\/www.rucashk.com\/wp-content\/uploads\/replace\/503b8e645f128a97ccde2b6290747646.jpeg\" \/>\n\t\t<script type=\"application\/ld+json\" class=\"aioseo-schema\">\n\t\t\t{\"@context\":\"https:\\\/\\\/schema.org\",\"@graph\":[{\"@type\":\"BreadcrumbList\",\"@id\":\"https:\\\/\\\/www.rucashk.com\\\/pt\\\/produto\\\/xiaomi-redmi-note5\\\/#breadcrumblist\",\"itemListElement\":[{\"@type\":\"ListItem\",\"@id\":\"https:\\\/\\\/www.rucashk.com\\\/pt\\\/#listItem\",\"position\":1,\"name\":\"Home\",\"item\":\"https:\\\/\\\/www.rucashk.com\\\/pt\\\/\",\"nextItem\":\"https:\\\/\\\/www.rucashk.com\\\/pt\\\/produto\\\/xiaomi-redmi-note5\\\/#listItem\"},{\"@type\":\"ListItem\",\"@id\":\"https:\\\/\\\/www.rucashk.com\\\/pt\\\/produto\\\/xiaomi-redmi-note5\\\/#listItem\",\"position\":2,\"name\":\"Xiaomi Redmi Note5\",\"previousItem\":\"https:\\\/\\\/www.rucashk.com\\\/pt\\\/#listItem\"}]},{\"@type\":\"Organization\",\"@id\":\"https:\\\/\\\/www.rucashk.com\\\/pt\\\/#organization\",\"name\":\"Rucas\",\"url\":\"https:\\\/\\\/www.rucashk.com\\\/pt\\\/\",\"logo\":{\"@type\":\"ImageObject\",\"url\":\"https:\\\/\\\/www.rucashk.com\\\/wp-content\\\/uploads\\\/2023\\\/12\\\/Rucas_campany_logo.png\",\"@id\":\"https:\\\/\\\/www.rucashk.com\\\/pt\\\/produto\\\/xiaomi-redmi-note5\\\/#organizationLogo\",\"width\":221,\"height\":65},\"image\":{\"@id\":\"https:\\\/\\\/www.rucashk.com\\\/pt\\\/#organizationLogo\"}},{\"@type\":\"Person\",\"@id\":\"https:\\\/\\\/www.rucashk.com\\\/pt\\\/author\\\/admin\\\/#author\",\"url\":\"https:\\\/\\\/www.rucashk.com\\\/pt\\\/author\\\/admin\\\/\",\"name\":\"admin\",\"image\":{\"@type\":\"ImageObject\",\"@id\":\"https:\\\/\\\/www.rucashk.com\\\/pt\\\/produto\\\/xiaomi-redmi-note5\\\/#authorImage\",\"url\":\"https:\\\/\\\/secure.gravatar.com\\\/avatar\\\/b7c8925b09a27e72b30232f8ecaadbd5af0f70a38c78096863fe51b64f031c24?s=96&d=mm&r=g\",\"width\":96,\"height\":96,\"caption\":\"admin\"}},{\"@type\":\"WebPage\",\"@id\":\"https:\\\/\\\/www.rucashk.com\\\/pt\\\/produto\\\/xiaomi-redmi-note5\\\/#webpage\",\"url\":\"https:\\\/\\\/www.rucashk.com\\\/pt\\\/produto\\\/xiaomi-redmi-note5\\\/\",\"name\":\"Xiaomi Redmi Note5 - Rucas - Wholesale and Distribution\",\"description\":\"CPU Qualcomm Snapdragon 636 Octa Core 1.8GHz 64bit GPU Adreno 509 RAM 4GB ROM 64GB (expandible up to 128GB with MicroSD card) 5,99\\\" FHD+ Display IPS (2160\\u00d71080 pixels) Camera: 12.0MP f1.9 + 5.0MP Camera: 13.0MP Bluetooth 5.0 WiFi 2.4G\\\/5G, 802.11 a\\\/b\\\/g\\\/n\\\/ac GPS 4000mAh battery (2-3 days standby) MIUI 9 based on Android 8.1\",\"inLanguage\":\"pt-PT\",\"isPartOf\":{\"@id\":\"https:\\\/\\\/www.rucashk.com\\\/pt\\\/#website\"},\"breadcrumb\":{\"@id\":\"https:\\\/\\\/www.rucashk.com\\\/pt\\\/produto\\\/xiaomi-redmi-note5\\\/#breadcrumblist\"},\"author\":{\"@id\":\"https:\\\/\\\/www.rucashk.com\\\/pt\\\/author\\\/admin\\\/#author\"},\"creator\":{\"@id\":\"https:\\\/\\\/www.rucashk.com\\\/pt\\\/author\\\/admin\\\/#author\"},\"image\":{\"@type\":\"ImageObject\",\"url\":\"https:\\\/\\\/www.rucashk.com\\\/wp-content\\\/uploads\\\/2024\\\/01\\\/Xiaomi-Redmi-Note5.jpg\",\"@id\":\"https:\\\/\\\/www.rucashk.com\\\/pt\\\/produto\\\/xiaomi-redmi-note5\\\/#mainImage\",\"width\":493,\"height\":512},\"primaryImageOfPage\":{\"@id\":\"https:\\\/\\\/www.rucashk.com\\\/pt\\\/produto\\\/xiaomi-redmi-note5\\\/#mainImage\"},\"datePublished\":\"2024-01-09T15:45:29+00:00\",\"dateModified\":\"2024-03-11T07:57:09+00:00\"},{\"@type\":\"WebSite\",\"@id\":\"https:\\\/\\\/www.rucashk.com\\\/pt\\\/#website\",\"url\":\"https:\\\/\\\/www.rucashk.com\\\/pt\\\/\",\"name\":\"Rucas - Wholesale and distribution worldwide\",\"alternateName\":\"Rucas - One-stop AIoT Distribution Worldwide\",\"description\":\"One-stop AIoT Distribution Worldwide\",\"inLanguage\":\"pt-PT\",\"publisher\":{\"@id\":\"https:\\\/\\\/www.rucashk.com\\\/pt\\\/#organization\"}}]}\n\t\t<\/script>\n\t\t<!-- All in One SEO Pro -->\r\n\t\t<title>Xiaomi Redmi Note5 - Rucas - Wholesale and Distribution<\/title>\n\n","aioseo_head_json":{"title":"Xiaomi Redmi Note5 - Rucas - Wholesale and Distribution","description":"CPU Qualcomm Snapdragon 636 Octa Core 1.8GHz 64bit GPU Adreno 509 RAM 4GB ROM 64GB (expandible up to 128GB with MicroSD card) 5,99\" FHD+ Display IPS (2160\u00d71080 pixels) Camera: 12.0MP f1.9 + 5.0MP Camera: 13.0MP Bluetooth 5.0 WiFi 2.4G\/5G, 802.11 a\/b\/g\/n\/ac GPS 4000mAh battery (2-3 days standby) MIUI 9 based on Android 8.1","canonical_url":"https:\/\/www.rucashk.com\/pt\/produto\/xiaomi-redmi-note5\/","robots":"max-image-preview:large","keywords":"","webmasterTools":{"miscellaneous":""},"og:locale":"pt_PT","og:site_name":"Rucas - One-stop AIoT Distribution Worldwide","og:type":"article","og:title":"Xiaomi Redmi Note5 - Rucas - Wholesale and Distribution","og:description":"CPU Qualcomm Snapdragon 636 Octa Core 1.8GHz 64bit GPU Adreno 509 RAM 4GB ROM 64GB (expandible up to 128GB with MicroSD card) 5,99&quot; FHD+ Display IPS (2160\u00d71080 pixels) Camera: 12.0MP f1.9 + 5.0MP Camera: 13.0MP Bluetooth 5.0 WiFi 2.4G\/5G, 802.11 a\/b\/g\/n\/ac GPS 4000mAh battery (2-3 days standby) MIUI 9 based on Android 8.1","og:url":"https:\/\/www.rucashk.com\/pt\/produto\/xiaomi-redmi-note5\/","og:image":"https:\/\/www.rucashk.com\/wp-content\/uploads\/replace\/503b8e645f128a97ccde2b6290747646.jpeg","og:image:secure_url":"https:\/\/www.rucashk.com\/wp-content\/uploads\/replace\/503b8e645f128a97ccde2b6290747646.jpeg","og:image:width":1456,"og:image:height":816,"article:published_time":"2024-01-09T15:45:29+00:00","article:modified_time":"2024-03-11T07:57:09+00:00","twitter:card":"summary_large_image","twitter:title":"Xiaomi Redmi Note5 - Rucas - Wholesale and Distribution","twitter:description":"CPU Qualcomm Snapdragon 636 Octa Core 1.8GHz 64bit GPU Adreno 509 RAM 4GB ROM 64GB (expandible up to 128GB with MicroSD card) 5,99&quot; FHD+ Display IPS (2160\u00d71080 pixels) Camera: 12.0MP f1.9 + 5.0MP Camera: 13.0MP Bluetooth 5.0 WiFi 2.4G\/5G, 802.11 a\/b\/g\/n\/ac GPS 4000mAh battery (2-3 days standby) MIUI 9 based on Android 8.1","twitter:image":"https:\/\/www.rucashk.com\/wp-content\/uploads\/replace\/503b8e645f128a97ccde2b6290747646.jpeg","schema":{"@context":"https:\/\/schema.org","@graph":[{"@type":"BreadcrumbList","@id":"https:\/\/www.rucashk.com\/pt\/produto\/xiaomi-redmi-note5\/#breadcrumblist","itemListElement":[{"@type":"ListItem","@id":"https:\/\/www.rucashk.com\/pt\/#listItem","position":1,"name":"Home","item":"https:\/\/www.rucashk.com\/pt\/","nextItem":"https:\/\/www.rucashk.com\/pt\/produto\/xiaomi-redmi-note5\/#listItem"},{"@type":"ListItem","@id":"https:\/\/www.rucashk.com\/pt\/produto\/xiaomi-redmi-note5\/#listItem","position":2,"name":"Xiaomi Redmi Note5","previousItem":"https:\/\/www.rucashk.com\/pt\/#listItem"}]},{"@type":"Organization","@id":"https:\/\/www.rucashk.com\/pt\/#organization","name":"Rucas","url":"https:\/\/www.rucashk.com\/pt\/","logo":{"@type":"ImageObject","url":"https:\/\/www.rucashk.com\/wp-content\/uploads\/2023\/12\/Rucas_campany_logo.png","@id":"https:\/\/www.rucashk.com\/pt\/produto\/xiaomi-redmi-note5\/#organizationLogo","width":221,"height":65},"image":{"@id":"https:\/\/www.rucashk.com\/pt\/#organizationLogo"}},{"@type":"Person","@id":"https:\/\/www.rucashk.com\/pt\/author\/admin\/#author","url":"https:\/\/www.rucashk.com\/pt\/author\/admin\/","name":"admin","image":{"@type":"ImageObject","@id":"https:\/\/www.rucashk.com\/pt\/produto\/xiaomi-redmi-note5\/#authorImage","url":"https:\/\/secure.gravatar.com\/avatar\/b7c8925b09a27e72b30232f8ecaadbd5af0f70a38c78096863fe51b64f031c24?s=96&d=mm&r=g","width":96,"height":96,"caption":"admin"}},{"@type":"WebPage","@id":"https:\/\/www.rucashk.com\/pt\/produto\/xiaomi-redmi-note5\/#webpage","url":"https:\/\/www.rucashk.com\/pt\/produto\/xiaomi-redmi-note5\/","name":"Xiaomi Redmi Note5 - Rucas - Wholesale and Distribution","description":"CPU Qualcomm Snapdragon 636 Octa Core 1.8GHz 64bit GPU Adreno 509 RAM 4GB ROM 64GB (expandible up to 128GB with MicroSD card) 5,99\" FHD+ Display IPS (2160\u00d71080 pixels) Camera: 12.0MP f1.9 + 5.0MP Camera: 13.0MP Bluetooth 5.0 WiFi 2.4G\/5G, 802.11 a\/b\/g\/n\/ac GPS 4000mAh battery (2-3 days standby) MIUI 9 based on Android 8.1","inLanguage":"pt-PT","isPartOf":{"@id":"https:\/\/www.rucashk.com\/pt\/#website"},"breadcrumb":{"@id":"https:\/\/www.rucashk.com\/pt\/produto\/xiaomi-redmi-note5\/#breadcrumblist"},"author":{"@id":"https:\/\/www.rucashk.com\/pt\/author\/admin\/#author"},"creator":{"@id":"https:\/\/www.rucashk.com\/pt\/author\/admin\/#author"},"image":{"@type":"ImageObject","url":"https:\/\/www.rucashk.com\/wp-content\/uploads\/2024\/01\/Xiaomi-Redmi-Note5.jpg","@id":"https:\/\/www.rucashk.com\/pt\/produto\/xiaomi-redmi-note5\/#mainImage","width":493,"height":512},"primaryImageOfPage":{"@id":"https:\/\/www.rucashk.com\/pt\/produto\/xiaomi-redmi-note5\/#mainImage"},"datePublished":"2024-01-09T15:45:29+00:00","dateModified":"2024-03-11T07:57:09+00:00"},{"@type":"WebSite","@id":"https:\/\/www.rucashk.com\/pt\/#website","url":"https:\/\/www.rucashk.com\/pt\/","name":"Rucas - Wholesale and distribution worldwide","alternateName":"Rucas - One-stop AIoT Distribution Worldwide","description":"One-stop AIoT Distribution Worldwide","inLanguage":"pt-PT","publisher":{"@id":"https:\/\/www.rucashk.com\/pt\/#organization"}}]}},"aioseo_meta_data":{"post_id":"22564","title":null,"description":null,"keywords":null,"keyphrases":null,"primary_term":null,"canonical_url":null,"og_title":null,"og_description":null,"og_object_type":"default","og_image_type":"default","og_image_url":null,"og_image_width":null,"og_image_height":null,"og_image_custom_url":null,"og_image_custom_fields":null,"og_video":null,"og_custom_url":null,"og_article_section":null,"og_article_tags":null,"twitter_use_og":false,"twitter_card":"default","twitter_image_type":"default","twitter_image_url":null,"twitter_image_custom_url":null,"twitter_image_custom_fields":null,"twitter_title":null,"twitter_description":null,"schema":{"blockGraphs":[],"customGraphs":[],"default":{"data":{"Article":[],"Course":[],"Dataset":[],"FAQPage":[],"Movie":[],"Person":[],"Product":[],"Recipe":[],"Service":[],"SoftwareApplication":[],"WebPage":[]},"graphName":"","isEnabled":true},"graphs":[]},"schema_type":"default","schema_type_options":null,"pillar_content":false,"robots_default":true,"robots_noindex":false,"robots_noarchive":false,"robots_nosnippet":false,"robots_nofollow":false,"robots_noimageindex":false,"robots_noodp":false,"robots_notranslate":false,"robots_max_snippet":null,"robots_max_videopreview":null,"robots_max_imagepreview":"large","priority":null,"frequency":null,"local_seo":null,"breadcrumb_settings":null,"limit_modified_date":false,"created":"2024-04-11 01:55:23","updated":"2025-06-22 16:45:57"},"aioseo_breadcrumb":"<div class=\"aioseo-breadcrumbs\"><span class=\"aioseo-breadcrumb\">\n\t<a href=\"https:\/\/www.rucashk.com\/pt\" title=\"Home\">Home<\/a>\n<\/span><span class=\"aioseo-breadcrumb-separator\">&raquo;<\/span><span class=\"aioseo-breadcrumb\">\n\t<a href=\"https:\/\/www.rucashk.com\/pt\/products\/\" title=\"Produtos\">Produtos<\/a>\n<\/span><span class=\"aioseo-breadcrumb-separator\">&raquo;<\/span><span class=\"aioseo-breadcrumb\">\n\t<a href=\"https:\/\/www.rucashk.com\/pt\/categoria-produto\/mobile-phone\/\" title=\"Mobile Phone\">Mobile Phone<\/a>\n<\/span><span class=\"aioseo-breadcrumb-separator\">&raquo;<\/span><span class=\"aioseo-breadcrumb\">\n\t<a href=\"https:\/\/www.rucashk.com\/pt\/categoria-produto\/mobile-phone\/redmi-mobile-phone\/\" title=\"Redmi\">Redmi<\/a>\n<\/span><span class=\"aioseo-breadcrumb-separator\">&raquo;<\/span><span class=\"aioseo-breadcrumb\">\n\tXiaomi Redmi Note5\n<\/span><\/div>","aioseo_breadcrumb_json":[{"label":"Home","link":"https:\/\/www.rucashk.com\/pt"},{"label":"Produtos","link":"https:\/\/www.rucashk.com\/pt\/products\/"},{"label":"Mobile Phone","link":"https:\/\/www.rucashk.com\/pt\/categoria-produto\/mobile-phone\/"},{"label":"Redmi","link":"https:\/\/www.rucashk.com\/pt\/categoria-produto\/mobile-phone\/redmi-mobile-phone\/"},{"label":"Xiaomi Redmi Note5","link":"https:\/\/www.rucashk.com\/pt\/produto\/xiaomi-redmi-note5\/"}],"_links":{"self":[{"href":"https:\/\/www.rucashk.com\/pt\/wp-json\/wp\/v2\/product\/22564","targetHints":{"allow":["GET"]}}],"collection":[{"href":"https:\/\/www.rucashk.com\/pt\/wp-json\/wp\/v2\/product"}],"about":[{"href":"https:\/\/www.rucashk.com\/pt\/wp-json\/wp\/v2\/types\/product"}],"wp:featuredmedia":[{"embeddable":true,"href":"https:\/\/www.rucashk.com\/pt\/wp-json\/wp\/v2\/media\/22657"}],"wp:attachment":[{"href":"https:\/\/www.rucashk.com\/pt\/wp-json\/wp\/v2\/media?parent=22564"}],"wp:term":[{"taxonomy":"product_brand","embeddable":true,"href":"https:\/\/www.rucashk.com\/pt\/wp-json\/wp\/v2\/product_brand?post=22564"},{"taxonomy":"product_cat","embeddable":true,"href":"https:\/\/www.rucashk.com\/pt\/wp-json\/wp\/v2\/product_cat?post=22564"},{"taxonomy":"product_tag","embeddable":true,"href":"https:\/\/www.rucashk.com\/pt\/wp-json\/wp\/v2\/product_tag?post=22564"}],"curies":[{"name":"wp","href":"https:\/\/api.w.org\/{rel}","templated":true}]}}