{"id":22563,"date":"2024-01-09T15:45:29","date_gmt":"2024-01-09T15:45:29","guid":{"rendered":"http:\/\/rucashk.com\/?post_type=product&#038;p=22563"},"modified":"2024-03-13T10:32:33","modified_gmt":"2024-03-13T10:32:33","slug":"redmi-tv-max-98-inch","status":"publish","type":"product","link":"https:\/\/www.rucashk.com\/pt\/produto\/redmi-tv-max-98-inch\/","title":{"rendered":"Redmi TV MAX 98 polegadas"},"content":{"rendered":"<p><img alt=\"Redmi TV MAX 98 inch\" \/><\/p>\n<p><img decoding=\"async\" alt=\"Redmi TV MAX 98 inch\" src=\"\/wp-content\/uploads\/replace\/6c36ca39a9e458e48a8a04a23d5c6105.jpeg\" \/><\/p>\n<p><img decoding=\"async\" alt=\"Redmi TV MAX 98 inch\" src=\"\/wp-content\/uploads\/replace\/f6bc6943b0438f3ed0bd0406c7012634.jpeg\" \/><\/p>\n<p><img decoding=\"async\" alt=\"Redmi TV MAX 98 inch\" src=\"\/wp-content\/uploads\/replace\/4fbb68668e114307f84b454d818a2d0c.jpeg\" \/><\/p>\n<p>Acredito que seja dif\u00edcil para muitas pessoas entender o tamanho de 98 polegadas. Por exemplo, voc\u00ea deve ter visto uma cama de solteiro de 1,2m. O tamanho real da smart TV Redmi MAX de 98 polegadas \u00e9 13,6% maior do que uma cama de solteiro de 1,2 m. Se voc\u00ea ainda n\u00e3o consegue imaginar, podemos sentir seu tamanho atrav\u00e9s da imagem a seguir:<\/p>\n<p><img decoding=\"async\" alt=\"Redmi TV MAX 98 inch\" src=\"\/wp-content\/uploads\/replace\/c81d920a5e6c23f84aa45a41c62abc60.jpeg\" \/><\/p>\n<p><img decoding=\"async\" alt=\"Redmi TV MAX 98 inch\" src=\"\/wp-content\/uploads\/replace\/f633697cebb7904a0e79f55d1e43f39c.jpeg\" \/><\/p>\n<p><img decoding=\"async\" alt=\"Redmi TV MAX 98 inch\" src=\"\/wp-content\/uploads\/replace\/eef64966f9af33af23dd7ddfb76391f2.jpeg\" \/><\/p>\n<h2 style=\"font-weight: 500\"><b><strong>Qualidade de imagem Redmi Smart TV MAX de 98 polegadas<\/strong><\/b><\/h2>\n<p><img decoding=\"async\" alt=\"Redmi TV MAX 98 inch\" src=\"\/wp-content\/uploads\/replace\/f04f3392f035373132b4ba4e09aa4075.jpeg\" \/><\/p>\n<p><img decoding=\"async\" alt=\"Redmi TV MAX 98 inch\" src=\"\/wp-content\/uploads\/replace\/80401df7291fb2b92b83b86f8585c921.jpeg\" \/><\/p>\n<p><img decoding=\"async\" alt=\"Redmi TV MAX 98 inch\" src=\"\/wp-content\/uploads\/replace\/bfcb804430ce37140cdaaabf09414d89.jpeg\" \/><\/p>\n<h2 style=\"font-weight: 500\"><b><strong>Redmi Smart TV MAX de 98 polegadas: suporte para controlar tipos de dispositivos inteligentes<\/strong><\/b><\/h2>\n<p><img decoding=\"async\" alt=\"Redmi TV MAX 98 inch\" src=\"\/wp-content\/uploads\/replace\/64079da187ba29455e641e9a0dd6ef3b.jpeg\" \/><\/p>\n<p><img decoding=\"async\" alt=\"Redmi TV MAX 98 inch\" src=\"\/wp-content\/uploads\/replace\/c691902a653ed8632c133dc52051f465.jpeg\" \/><\/p>\n<h2 style=\"font-weight: 500\"><\/h2>","protected":false},"excerpt":{"rendered":"<p><strong>Caracter\u00edsticas:<\/strong><br \/>\nA Redmi Smart TV Max de 98 polegadas possui uma tela 4K com 85% NTSC, ampla gama de cores e 192 zonas de luz de fundo din\u00e2mica. A Redmi Smart TV Max de 98 polegadas \u00e9 alimentada por um chip personalizado de 12 nm e possui compensa\u00e7\u00e3o de movimento MEMC para anima\u00e7\u00e3o mais suave. A televis\u00e3o vem com 4 GB de RAM e oferece 64 GB de armazenamento. Para resolver os obst\u00e1culos de instala\u00e7\u00e3o desta TV gigante, a empresa tamb\u00e9m anunciou um servi\u00e7o VIP completo de entrega e instala\u00e7\u00e3o para os compradores, juntamente com um servi\u00e7o de atendimento ao cliente individual.<\/p>","protected":false},"featured_media":22653,"template":"","meta":[],"product_brand":[],"product_cat":[1315,1305],"product_tag":[740],"class_list":{"0":"post-22563","1":"product","2":"type-product","3":"status-publish","4":"has-post-thumbnail","6":"product_cat-tv-accessories","7":"product_cat-xiaomi-eco","8":"product_tag-redmi-tv-max-98-inch","10":"first","11":"instock","12":"featured","13":"shipping-taxable","14":"product-type-external"},"aioseo_notices":[],"aioseo_head":"\n\t\t<!-- All in One SEO Pro 4.5.9.2 - aioseo.com -->\n\t\t<meta name=\"description\" content=\"Features: The Redmi Smart TV Max 98-inch features a 4K display with 85 percent NTSC, wide colour gamut and 192 dynamic backlight zones. The Redmi Smart TV Max 98-inch is powered by a customised 12nm chip, and it features MEMC motion compensation for smoother animation. The television packs 4GB of RAM, and offers 64GB of storage. To address the installation hurdles of this giant TV, the company also announced a one-stop VIP delivery and installation service to buyers, along with one-on-one customer care service as well.\" \/>\n\t\t<meta name=\"robots\" content=\"max-image-preview:large\" \/>\n\t\t<link rel=\"canonical\" href=\"https:\/\/www.rucashk.com\/pt\/produto\/redmi-tv-max-98-inch\/\" \/>\n\t\t<meta name=\"generator\" content=\"All in One SEO Pro (AIOSEO) 4.5.9.2\" \/>\n\t\t<meta property=\"og:locale\" content=\"pt_PT\" \/>\n\t\t<meta property=\"og:site_name\" content=\"Rucas - One-stop AIoT Distribution Worldwide\" \/>\n\t\t<meta property=\"og:type\" content=\"article\" \/>\n\t\t<meta property=\"og:title\" content=\"Redmi TV MAX 98 inch - Rucas - Wholesale and Distribution\" \/>\n\t\t<meta property=\"og:description\" content=\"Features: The Redmi Smart TV Max 98-inch features a 4K display with 85 percent NTSC, wide colour gamut and 192 dynamic backlight zones. The Redmi Smart TV Max 98-inch is powered by a customised 12nm chip, and it features MEMC motion compensation for smoother animation. The television packs 4GB of RAM, and offers 64GB of storage. To address the installation hurdles of this giant TV, the company also announced a one-stop VIP delivery and installation service to buyers, along with one-on-one customer care service as well.\" \/>\n\t\t<meta property=\"og:url\" content=\"https:\/\/www.rucashk.com\/pt\/produto\/redmi-tv-max-98-inch\/\" \/>\n\t\t<meta property=\"og:image\" content=\"https:\/\/www.rucashk.com\/wp-content\/uploads\/replace\/503b8e645f128a97ccde2b6290747646.jpeg\" \/>\n\t\t<meta property=\"og:image:secure_url\" content=\"https:\/\/www.rucashk.com\/wp-content\/uploads\/replace\/503b8e645f128a97ccde2b6290747646.jpeg\" \/>\n\t\t<meta property=\"og:image:width\" content=\"1456\" \/>\n\t\t<meta property=\"og:image:height\" content=\"816\" \/>\n\t\t<meta property=\"article:published_time\" content=\"2024-01-09T15:45:29+00:00\" \/>\n\t\t<meta property=\"article:modified_time\" content=\"2024-03-13T10:32:33+00:00\" \/>\n\t\t<meta name=\"twitter:card\" content=\"summary_large_image\" \/>\n\t\t<meta name=\"twitter:title\" content=\"Redmi TV MAX 98 inch - Rucas - Wholesale and Distribution\" \/>\n\t\t<meta name=\"twitter:description\" content=\"Features: The Redmi Smart TV Max 98-inch features a 4K display with 85 percent NTSC, wide colour gamut and 192 dynamic backlight zones. The Redmi Smart TV Max 98-inch is powered by a customised 12nm chip, and it features MEMC motion compensation for smoother animation. The television packs 4GB of RAM, and offers 64GB of storage. To address the installation hurdles of this giant TV, the company also announced a one-stop VIP delivery and installation service to buyers, along with one-on-one customer care service as well.\" \/>\n\t\t<meta name=\"twitter:image\" content=\"https:\/\/www.rucashk.com\/wp-content\/uploads\/replace\/503b8e645f128a97ccde2b6290747646.jpeg\" \/>\n\t\t<script type=\"application\/ld+json\" class=\"aioseo-schema\">\n\t\t\t{\"@context\":\"https:\\\/\\\/schema.org\",\"@graph\":[{\"@type\":\"BreadcrumbList\",\"@id\":\"https:\\\/\\\/www.rucashk.com\\\/pt\\\/produto\\\/redmi-tv-max-98-inch\\\/#breadcrumblist\",\"itemListElement\":[{\"@type\":\"ListItem\",\"@id\":\"https:\\\/\\\/www.rucashk.com\\\/pt\\\/#listItem\",\"position\":1,\"name\":\"Home\",\"item\":\"https:\\\/\\\/www.rucashk.com\\\/pt\\\/\",\"nextItem\":\"https:\\\/\\\/www.rucashk.com\\\/pt\\\/produto\\\/redmi-tv-max-98-inch\\\/#listItem\"},{\"@type\":\"ListItem\",\"@id\":\"https:\\\/\\\/www.rucashk.com\\\/pt\\\/produto\\\/redmi-tv-max-98-inch\\\/#listItem\",\"position\":2,\"name\":\"Redmi TV MAX 98 inch\",\"previousItem\":\"https:\\\/\\\/www.rucashk.com\\\/pt\\\/#listItem\"}]},{\"@type\":\"Organization\",\"@id\":\"https:\\\/\\\/www.rucashk.com\\\/pt\\\/#organization\",\"name\":\"Rucas\",\"url\":\"https:\\\/\\\/www.rucashk.com\\\/pt\\\/\",\"logo\":{\"@type\":\"ImageObject\",\"url\":\"https:\\\/\\\/www.rucashk.com\\\/wp-content\\\/uploads\\\/2023\\\/12\\\/Rucas_campany_logo.png\",\"@id\":\"https:\\\/\\\/www.rucashk.com\\\/pt\\\/produto\\\/redmi-tv-max-98-inch\\\/#organizationLogo\",\"width\":221,\"height\":65},\"image\":{\"@id\":\"https:\\\/\\\/www.rucashk.com\\\/pt\\\/#organizationLogo\"}},{\"@type\":\"Person\",\"@id\":\"https:\\\/\\\/www.rucashk.com\\\/pt\\\/author\\\/admin\\\/#author\",\"url\":\"https:\\\/\\\/www.rucashk.com\\\/pt\\\/author\\\/admin\\\/\",\"name\":\"admin\",\"image\":{\"@type\":\"ImageObject\",\"@id\":\"https:\\\/\\\/www.rucashk.com\\\/pt\\\/produto\\\/redmi-tv-max-98-inch\\\/#authorImage\",\"url\":\"https:\\\/\\\/secure.gravatar.com\\\/avatar\\\/b7c8925b09a27e72b30232f8ecaadbd5af0f70a38c78096863fe51b64f031c24?s=96&d=mm&r=g\",\"width\":96,\"height\":96,\"caption\":\"admin\"}},{\"@type\":\"WebPage\",\"@id\":\"https:\\\/\\\/www.rucashk.com\\\/pt\\\/produto\\\/redmi-tv-max-98-inch\\\/#webpage\",\"url\":\"https:\\\/\\\/www.rucashk.com\\\/pt\\\/produto\\\/redmi-tv-max-98-inch\\\/\",\"name\":\"Redmi TV MAX 98 inch - Rucas - Wholesale and Distribution\",\"description\":\"Features: The Redmi Smart TV Max 98-inch features a 4K display with 85 percent NTSC, wide colour gamut and 192 dynamic backlight zones. The Redmi Smart TV Max 98-inch is powered by a customised 12nm chip, and it features MEMC motion compensation for smoother animation. The television packs 4GB of RAM, and offers 64GB of storage. To address the installation hurdles of this giant TV, the company also announced a one-stop VIP delivery and installation service to buyers, along with one-on-one customer care service as well.\",\"inLanguage\":\"pt-PT\",\"isPartOf\":{\"@id\":\"https:\\\/\\\/www.rucashk.com\\\/pt\\\/#website\"},\"breadcrumb\":{\"@id\":\"https:\\\/\\\/www.rucashk.com\\\/pt\\\/produto\\\/redmi-tv-max-98-inch\\\/#breadcrumblist\"},\"author\":{\"@id\":\"https:\\\/\\\/www.rucashk.com\\\/pt\\\/author\\\/admin\\\/#author\"},\"creator\":{\"@id\":\"https:\\\/\\\/www.rucashk.com\\\/pt\\\/author\\\/admin\\\/#author\"},\"image\":{\"@type\":\"ImageObject\",\"url\":\"https:\\\/\\\/www.rucashk.com\\\/wp-content\\\/uploads\\\/2024\\\/01\\\/2_\\u526f\\u672c-8-1.jpg\",\"@id\":\"https:\\\/\\\/www.rucashk.com\\\/pt\\\/produto\\\/redmi-tv-max-98-inch\\\/#mainImage\",\"width\":800,\"height\":800},\"primaryImageOfPage\":{\"@id\":\"https:\\\/\\\/www.rucashk.com\\\/pt\\\/produto\\\/redmi-tv-max-98-inch\\\/#mainImage\"},\"datePublished\":\"2024-01-09T15:45:29+00:00\",\"dateModified\":\"2024-03-13T10:32:33+00:00\"},{\"@type\":\"WebSite\",\"@id\":\"https:\\\/\\\/www.rucashk.com\\\/pt\\\/#website\",\"url\":\"https:\\\/\\\/www.rucashk.com\\\/pt\\\/\",\"name\":\"Rucas - Wholesale and distribution worldwide\",\"alternateName\":\"Rucas - One-stop AIoT Distribution Worldwide\",\"description\":\"One-stop AIoT Distribution Worldwide\",\"inLanguage\":\"pt-PT\",\"publisher\":{\"@id\":\"https:\\\/\\\/www.rucashk.com\\\/pt\\\/#organization\"}}]}\n\t\t<\/script>\n\t\t<!-- All in One SEO Pro -->\r\n\t\t<title>Redmi TV MAX 98 inch - Rucas - Wholesale and Distribution<\/title>\n\n","aioseo_head_json":{"title":"Redmi TV MAX 98 inch - Rucas - Wholesale and Distribution","description":"Features: The Redmi Smart TV Max 98-inch features a 4K display with 85 percent NTSC, wide colour gamut and 192 dynamic backlight zones. The Redmi Smart TV Max 98-inch is powered by a customised 12nm chip, and it features MEMC motion compensation for smoother animation. The television packs 4GB of RAM, and offers 64GB of storage. To address the installation hurdles of this giant TV, the company also announced a one-stop VIP delivery and installation service to buyers, along with one-on-one customer care service as well.","canonical_url":"https:\/\/www.rucashk.com\/pt\/produto\/redmi-tv-max-98-inch\/","robots":"max-image-preview:large","keywords":"","webmasterTools":{"miscellaneous":""},"og:locale":"pt_PT","og:site_name":"Rucas - One-stop AIoT Distribution Worldwide","og:type":"article","og:title":"Redmi TV MAX 98 inch - Rucas - Wholesale and Distribution","og:description":"Features: The Redmi Smart TV Max 98-inch features a 4K display with 85 percent NTSC, wide colour gamut and 192 dynamic backlight zones. The Redmi Smart TV Max 98-inch is powered by a customised 12nm chip, and it features MEMC motion compensation for smoother animation. The television packs 4GB of RAM, and offers 64GB of storage. To address the installation hurdles of this giant TV, the company also announced a one-stop VIP delivery and installation service to buyers, along with one-on-one customer care service as well.","og:url":"https:\/\/www.rucashk.com\/pt\/produto\/redmi-tv-max-98-inch\/","og:image":"https:\/\/www.rucashk.com\/wp-content\/uploads\/replace\/503b8e645f128a97ccde2b6290747646.jpeg","og:image:secure_url":"https:\/\/www.rucashk.com\/wp-content\/uploads\/replace\/503b8e645f128a97ccde2b6290747646.jpeg","og:image:width":1456,"og:image:height":816,"article:published_time":"2024-01-09T15:45:29+00:00","article:modified_time":"2024-03-13T10:32:33+00:00","twitter:card":"summary_large_image","twitter:title":"Redmi TV MAX 98 inch - Rucas - Wholesale and Distribution","twitter:description":"Features: The Redmi Smart TV Max 98-inch features a 4K display with 85 percent NTSC, wide colour gamut and 192 dynamic backlight zones. The Redmi Smart TV Max 98-inch is powered by a customised 12nm chip, and it features MEMC motion compensation for smoother animation. The television packs 4GB of RAM, and offers 64GB of storage. To address the installation hurdles of this giant TV, the company also announced a one-stop VIP delivery and installation service to buyers, along with one-on-one customer care service as well.","twitter:image":"https:\/\/www.rucashk.com\/wp-content\/uploads\/replace\/503b8e645f128a97ccde2b6290747646.jpeg","schema":{"@context":"https:\/\/schema.org","@graph":[{"@type":"BreadcrumbList","@id":"https:\/\/www.rucashk.com\/pt\/produto\/redmi-tv-max-98-inch\/#breadcrumblist","itemListElement":[{"@type":"ListItem","@id":"https:\/\/www.rucashk.com\/pt\/#listItem","position":1,"name":"Home","item":"https:\/\/www.rucashk.com\/pt\/","nextItem":"https:\/\/www.rucashk.com\/pt\/produto\/redmi-tv-max-98-inch\/#listItem"},{"@type":"ListItem","@id":"https:\/\/www.rucashk.com\/pt\/produto\/redmi-tv-max-98-inch\/#listItem","position":2,"name":"Redmi TV MAX 98 inch","previousItem":"https:\/\/www.rucashk.com\/pt\/#listItem"}]},{"@type":"Organization","@id":"https:\/\/www.rucashk.com\/pt\/#organization","name":"Rucas","url":"https:\/\/www.rucashk.com\/pt\/","logo":{"@type":"ImageObject","url":"https:\/\/www.rucashk.com\/wp-content\/uploads\/2023\/12\/Rucas_campany_logo.png","@id":"https:\/\/www.rucashk.com\/pt\/produto\/redmi-tv-max-98-inch\/#organizationLogo","width":221,"height":65},"image":{"@id":"https:\/\/www.rucashk.com\/pt\/#organizationLogo"}},{"@type":"Person","@id":"https:\/\/www.rucashk.com\/pt\/author\/admin\/#author","url":"https:\/\/www.rucashk.com\/pt\/author\/admin\/","name":"admin","image":{"@type":"ImageObject","@id":"https:\/\/www.rucashk.com\/pt\/produto\/redmi-tv-max-98-inch\/#authorImage","url":"https:\/\/secure.gravatar.com\/avatar\/b7c8925b09a27e72b30232f8ecaadbd5af0f70a38c78096863fe51b64f031c24?s=96&d=mm&r=g","width":96,"height":96,"caption":"admin"}},{"@type":"WebPage","@id":"https:\/\/www.rucashk.com\/pt\/produto\/redmi-tv-max-98-inch\/#webpage","url":"https:\/\/www.rucashk.com\/pt\/produto\/redmi-tv-max-98-inch\/","name":"Redmi TV MAX 98 inch - Rucas - Wholesale and Distribution","description":"Features: The Redmi Smart TV Max 98-inch features a 4K display with 85 percent NTSC, wide colour gamut and 192 dynamic backlight zones. The Redmi Smart TV Max 98-inch is powered by a customised 12nm chip, and it features MEMC motion compensation for smoother animation. The television packs 4GB of RAM, and offers 64GB of storage. To address the installation hurdles of this giant TV, the company also announced a one-stop VIP delivery and installation service to buyers, along with one-on-one customer care service as well.","inLanguage":"pt-PT","isPartOf":{"@id":"https:\/\/www.rucashk.com\/pt\/#website"},"breadcrumb":{"@id":"https:\/\/www.rucashk.com\/pt\/produto\/redmi-tv-max-98-inch\/#breadcrumblist"},"author":{"@id":"https:\/\/www.rucashk.com\/pt\/author\/admin\/#author"},"creator":{"@id":"https:\/\/www.rucashk.com\/pt\/author\/admin\/#author"},"image":{"@type":"ImageObject","url":"https:\/\/www.rucashk.com\/wp-content\/uploads\/2024\/01\/2_\u526f\u672c-8-1.jpg","@id":"https:\/\/www.rucashk.com\/pt\/produto\/redmi-tv-max-98-inch\/#mainImage","width":800,"height":800},"primaryImageOfPage":{"@id":"https:\/\/www.rucashk.com\/pt\/produto\/redmi-tv-max-98-inch\/#mainImage"},"datePublished":"2024-01-09T15:45:29+00:00","dateModified":"2024-03-13T10:32:33+00:00"},{"@type":"WebSite","@id":"https:\/\/www.rucashk.com\/pt\/#website","url":"https:\/\/www.rucashk.com\/pt\/","name":"Rucas - Wholesale and distribution worldwide","alternateName":"Rucas - One-stop AIoT Distribution Worldwide","description":"One-stop AIoT Distribution Worldwide","inLanguage":"pt-PT","publisher":{"@id":"https:\/\/www.rucashk.com\/pt\/#organization"}}]}},"aioseo_meta_data":{"post_id":"22563","title":null,"description":null,"keywords":null,"keyphrases":null,"primary_term":null,"canonical_url":null,"og_title":null,"og_description":null,"og_object_type":"default","og_image_type":"default","og_image_url":null,"og_image_width":null,"og_image_height":null,"og_image_custom_url":null,"og_image_custom_fields":null,"og_video":null,"og_custom_url":null,"og_article_section":null,"og_article_tags":null,"twitter_use_og":false,"twitter_card":"default","twitter_image_type":"default","twitter_image_url":null,"twitter_image_custom_url":null,"twitter_image_custom_fields":null,"twitter_title":null,"twitter_description":null,"schema":{"blockGraphs":[],"customGraphs":[],"default":{"data":{"Article":[],"Course":[],"Dataset":[],"FAQPage":[],"Movie":[],"Person":[],"Product":[],"Recipe":[],"Service":[],"SoftwareApplication":[],"WebPage":[]},"graphName":"","isEnabled":true},"graphs":[]},"schema_type":"default","schema_type_options":null,"pillar_content":false,"robots_default":true,"robots_noindex":false,"robots_noarchive":false,"robots_nosnippet":false,"robots_nofollow":false,"robots_noimageindex":false,"robots_noodp":false,"robots_notranslate":false,"robots_max_snippet":null,"robots_max_videopreview":null,"robots_max_imagepreview":"large","priority":null,"frequency":null,"local_seo":null,"breadcrumb_settings":null,"limit_modified_date":false,"created":"2024-04-11 01:55:23","updated":"2025-06-22 16:45:57"},"aioseo_breadcrumb":"<div class=\"aioseo-breadcrumbs\"><span class=\"aioseo-breadcrumb\">\n\t<a href=\"https:\/\/www.rucashk.com\/pt\" title=\"Home\">Home<\/a>\n<\/span><span class=\"aioseo-breadcrumb-separator\">&raquo;<\/span><span class=\"aioseo-breadcrumb\">\n\t<a href=\"https:\/\/www.rucashk.com\/pt\/products\/\" title=\"Produtos\">Produtos<\/a>\n<\/span><span class=\"aioseo-breadcrumb-separator\">&raquo;<\/span><span class=\"aioseo-breadcrumb\">\n\t<a href=\"https:\/\/www.rucashk.com\/pt\/categoria-produto\/xiaomi-eco\/\" title=\"Xiaomi Eco\">Xiaomi Eco<\/a>\n<\/span><span class=\"aioseo-breadcrumb-separator\">&raquo;<\/span><span class=\"aioseo-breadcrumb\">\n\t<a href=\"https:\/\/www.rucashk.com\/pt\/categoria-produto\/xiaomi-eco\/tv-accessories\/\" title=\"TV Accessories\">TV Accessories<\/a>\n<\/span><span class=\"aioseo-breadcrumb-separator\">&raquo;<\/span><span class=\"aioseo-breadcrumb\">\n\tRedmi TV MAX 98 inch\n<\/span><\/div>","aioseo_breadcrumb_json":[{"label":"Home","link":"https:\/\/www.rucashk.com\/pt"},{"label":"Produtos","link":"https:\/\/www.rucashk.com\/pt\/products\/"},{"label":"Xiaomi Eco","link":"https:\/\/www.rucashk.com\/pt\/categoria-produto\/xiaomi-eco\/"},{"label":"TV Accessories","link":"https:\/\/www.rucashk.com\/pt\/categoria-produto\/xiaomi-eco\/tv-accessories\/"},{"label":"Redmi TV MAX 98 inch","link":"https:\/\/www.rucashk.com\/pt\/produto\/redmi-tv-max-98-inch\/"}],"_links":{"self":[{"href":"https:\/\/www.rucashk.com\/pt\/wp-json\/wp\/v2\/product\/22563","targetHints":{"allow":["GET"]}}],"collection":[{"href":"https:\/\/www.rucashk.com\/pt\/wp-json\/wp\/v2\/product"}],"about":[{"href":"https:\/\/www.rucashk.com\/pt\/wp-json\/wp\/v2\/types\/product"}],"wp:featuredmedia":[{"embeddable":true,"href":"https:\/\/www.rucashk.com\/pt\/wp-json\/wp\/v2\/media\/22653"}],"wp:attachment":[{"href":"https:\/\/www.rucashk.com\/pt\/wp-json\/wp\/v2\/media?parent=22563"}],"wp:term":[{"taxonomy":"product_brand","embeddable":true,"href":"https:\/\/www.rucashk.com\/pt\/wp-json\/wp\/v2\/product_brand?post=22563"},{"taxonomy":"product_cat","embeddable":true,"href":"https:\/\/www.rucashk.com\/pt\/wp-json\/wp\/v2\/product_cat?post=22563"},{"taxonomy":"product_tag","embeddable":true,"href":"https:\/\/www.rucashk.com\/pt\/wp-json\/wp\/v2\/product_tag?post=22563"}],"curies":[{"name":"wp","href":"https:\/\/api.w.org\/{rel}","templated":true}]}}