{"id":22560,"date":"2024-01-09T15:45:29","date_gmt":"2024-01-09T15:45:29","guid":{"rendered":"http:\/\/rucashk.com\/?post_type=product&#038;p=22560"},"modified":"2024-03-13T10:31:08","modified_gmt":"2024-03-13T10:31:08","slug":"xiaomi-mi-band-5-smart-band-wholesale","status":"publish","type":"product","link":"https:\/\/www.rucashk.com\/pt\/produto\/xiaomi-mi-band-5-smart-band-wholesale\/","title":{"rendered":"Xiaomi Mi Band 5 banda inteligente atacado"},"content":{"rendered":"<div><u><img fetchpriority=\"high\" decoding=\"async\" class=\"aligncenter\" src=\"\/wp-content\/uploads\/replace\/6c29b510a2e44cf4009e3e73b96fd4d3.jpeg\" alt=\"Xiaomi Mi Band 5 Smart Band Wholesale\" width=\"1000\" height=\"609\" \/><\/u><\/div>\n<div>\n<div style=\"text-align: center\"><strong>Mais de 1.000 coloca\u00e7\u00f5es de personalidade<\/strong><\/div>\n<div style=\"text-align: center\"><strong>Mostre sua vitalidade e moda em seu pulso<\/strong><\/div>\n<div style=\"text-align: center\">* Mais de 100 mostradores tem\u00e1ticos on-line e pap\u00e9is de parede personalizados, combinados com c\u00e1lculo de combina\u00e7\u00e3o gratuita de 8 pulseiras.<\/div>\n<div style=\"text-align: center\"><img decoding=\"async\" class=\"alignnone\" src=\"\/wp-content\/uploads\/replace\/37fb2c454f781d019827c85667c277cd.jpeg\" alt=\"Xiaomi Mi Band 5 Smart Band Wholesale\" width=\"1000\" height=\"767\" \/><\/div>\n<div style=\"text-align: center\"><strong>Todas as informa\u00e7\u00f5es s\u00e3o exibidas em uma tela<\/strong><\/div>\n<div style=\"text-align: center\">A \u00e1rea de exibi\u00e7\u00e3o foi novamente aumentada em cerca de 20%*, tornando claras as chamadas, mensagens e lembretes<\/div>\n<div style=\"text-align: center\">Vis\u00edvel e pela primeira vez realizado o display din\u00e2mico do mostrador.<\/div>\n<div style=\"text-align: center\">\u00c1rea de exibi\u00e7\u00e3o aproximadamente +20%<\/div>\n<div style=\"text-align: center\"><img decoding=\"async\" class=\"alignnone\" src=\"\/wp-content\/uploads\/replace\/0e4f5cb06646d59d87fa3cbc8358922f.jpeg\" alt=\"Xiaomi Mi Band 5 Smart Band Wholesale\" width=\"1000\" height=\"459\" \/><\/div>\n<div style=\"text-align: center\"><strong>O IP cl\u00e1ssico de desenho animado que voc\u00ea gosta<\/strong><\/div>\n<div style=\"text-align: center\"><strong>Tudo em seu mostrador<\/strong><\/div>\n<div style=\"text-align: center\">O aplicativo de <a class=\"\" style=\"width: auto !important\" href=\"https:\/\/www.rucashk.com\/pt\/produto\/xiaomi-mi-band-4-smart-bracelet\/\" data-wpil-post-to-id=\"1828\">Minha banda<\/a> 5 possui mais de 100 mostradores tem\u00e1ticos integrados, como Bob Esponja, Evangelion, Hatsune Miku, Detetive Conan e muito mais pela primeira vez<\/div>\n<div style=\"text-align: center\">Suporta personaliza\u00e7\u00e3o da fun\u00e7\u00e3o de discagem *, esse mostrador n\u00e3o \u00e9 apenas bonito, mas tamb\u00e9m mais f\u00e1cil de usar.<\/div>\n<div style=\"text-align: center\"><img loading=\"lazy\" decoding=\"async\" class=\"alignnone\" src=\"\/wp-content\/uploads\/replace\/fdaef4c4de7c0359d29ee26b84658037.jpeg\" alt=\"Xiaomi Mi Band 5 Smart Band Wholesale\" width=\"1000\" height=\"502\" \/><\/div>\n<div style=\"text-align: center\"><strong>11 Profissional <a class=\"\" style=\"width: auto !important\" href=\"https:\/\/www.rucashk.com\/pt\/5-sport-modes-are-added-in-mi-bracelet-5-control-phones-to-shoot-pictures\/\" data-wpil-post-to-id=\"9254\">Modos esportivos<\/a><\/strong><\/div>\n<div style=\"text-align: center\"><\/div>\n<div style=\"text-align: center\">Pela primeira vez, <a class=\"\" style=\"width: auto !important\" href=\"https:\/\/www.rucashk.com\/pt\/produto\/xiaomi-mi-band-4-smart-bracelet\/\" data-wpil-post-to-id=\"1828\">Minha banda<\/a> suporta ioga, modelagem e m\u00e1quinas de remo para redu\u00e7\u00e3o de gordura, pular corda, etc., monitorando e analisando com precis\u00e3o cada postura esportiva, frequ\u00eancia card\u00edaca, ritmo e consumo de calorias ajudam voc\u00ea a atingir seus objetivos de perda de peso com efici\u00eancia.<\/div>\n<div style=\"text-align: center\">M\u00e1quina de remo\/ aparelho el\u00edptico\/ Yuga\/ corrida ao ar livre\/ ciclismo\/ nata\u00e7\u00e3o\/ spinning\/ pular corda\/ esteira\/ caminhada r\u00e1pida\/ treinamento gratuito<\/div>\n<div style=\"text-align: center\"><img decoding=\"async\" src=\"\/wp-content\/uploads\/replace\/cd4817cb25a0e89b2e9a935fb6586016.jpeg\" alt=\"7\" \/><\/div>\n<div style=\"text-align: center\"><strong>Entenda cada anomalia e desconforto<\/strong><\/div>\n<div style=\"text-align: center\">O algoritmo e o hardware* foram totalmente atualizados. Ao praticar esportes irregulares, como corrida cross-country, alpinismo e caminhadas, a precis\u00e3o do monitoramento \u00e9 aumentada em at\u00e9 50% e tamb\u00e9m pode vibrar quando sua frequ\u00eancia card\u00edaca est\u00e1 anormal.<\/div>\n<div style=\"text-align: center\"><\/div>\n<div style=\"text-align: center\"><img loading=\"lazy\" decoding=\"async\" class=\"alignnone\" src=\"\/wp-content\/uploads\/replace\/3fded24b71b726a453041868a5db3a9a.jpeg\" alt=\"Xiaomi Mi Band 5 Smart Band Wholesale\" width=\"1000\" height=\"738\" \/><\/div>\n<div style=\"text-align: center\"><\/div>\n<div style=\"text-align: center\"><strong>Segredo mensal, registro e lembrete<\/strong><\/div>\n<div style=\"text-align: center\">O per\u00edodo fisiol\u00f3gico e o per\u00edodo de ovula\u00e7\u00e3o n\u00e3o s\u00f3 podem ser registrados na \u00edntegra, mas tamb\u00e9m lembrados antes de vir. Quanto mais voc\u00ea us\u00e1-lo, melhor entender\u00e1 seu segredinho.<\/div>\n<div style=\"text-align: center\"><\/div>\n<div style=\"text-align: center\"><img loading=\"lazy\" decoding=\"async\" class=\"alignnone\" src=\"\/wp-content\/uploads\/replace\/f220f2bd607ba0bddbf595ee476a377a.jpeg\" alt=\"Xiaomi Mi Band 5 Smart Band Wholesale\" width=\"1000\" height=\"1272\" \/><img loading=\"lazy\" decoding=\"async\" class=\"alignnone\" src=\"\/wp-content\/uploads\/replace\/851b781358b0b87084069df7b6d9e9ca.jpeg\" alt=\"Xiaomi Mi Band 5 Smart Band Wholesale\" width=\"1000\" height=\"459\" \/><\/div>\n<div style=\"text-align: center\"><img loading=\"lazy\" decoding=\"async\" class=\"alignnone\" src=\"\/wp-content\/uploads\/replace\/dd5d849e6672acaf7afe3cb0706cabd4.jpeg\" alt=\"Xiaomi Mi Band 5 Smart Band Wholesale\" width=\"1000\" height=\"398\" \/><\/div>\n<div style=\"text-align: center\"><strong>Uma chave <a class=\"\" style=\"width: auto !important\" href=\"https:\/\/www.rucashk.com\/pt\/update-your-air-conditioning-xiaomi-releases-a-smart-ai-universal-remote-control\/\" data-wpil-post-to-id=\"9669\">Controle remoto<\/a> Tirando fotos<\/strong><\/div>\n<div style=\"text-align: center\">Tire selfies e tire fotos sem pedir ajuda.<\/div>\n<div style=\"text-align: center\"><img decoding=\"async\" src=\"\/wp-content\/uploads\/replace\/aa629bd75f7329e9e161e4122bac71c1.jpeg\" alt=\"QQ\u622a\u56fe20200612171551\" \/><\/div>\n<div style=\"text-align: center\">Mais fun\u00e7\u00f5es<\/div>\n<div style=\"text-align: center\">Controle de m\u00fasica, Encontrar telefone, Silenciar telefone, N\u00e3o perturbe, Desbloquear telefone, Lembrete de chamada, Contagem regressiva, Lembrete de calend\u00e1rio, Lembrete de evento, Lembrete de mensagem\/notifica\u00e7\u00f5es, Lembrete sedent\u00e1rio, Previs\u00e3o do tempo<\/div>\n<div>\u200b<img decoding=\"async\" class=\"aligncenter\" src=\"\/wp-content\/uploads\/replace\/8f627aebb4dc94190b2c4a8b7baf4226.jpeg\" alt=\"shouhuan5-01_20\" \/><img loading=\"lazy\" decoding=\"async\" class=\"aligncenter\" src=\"\/wp-content\/uploads\/replace\/dbf7beaf649f774ec66df7928b08aefe.jpeg\" alt=\"Xiaomi Mi Band 5 Smart Band Wholesale\" width=\"1000\" height=\"509\" \/><img loading=\"lazy\" decoding=\"async\" class=\"aligncenter\" src=\"\/wp-content\/uploads\/replace\/70b0f1ee15d007f10a63d3496124e18e.jpeg\" alt=\"Xiaomi Mi Band 5 Smart Band Wholesale\" width=\"1000\" height=\"509\" \/><img loading=\"lazy\" decoding=\"async\" class=\"aligncenter\" src=\"\/wp-content\/uploads\/replace\/f7aeb0c39ed3077ff8810c9d62dcb15d.jpeg\" alt=\"Xiaomi Mi Band 5 Smart Band Wholesale\" width=\"1000\" height=\"509\" \/><img loading=\"lazy\" decoding=\"async\" class=\"aligncenter\" src=\"\/wp-content\/uploads\/replace\/294e20e3f9c31ada5c3ef6a9d198592a.jpeg\" alt=\"Xiaomi Mi Band 5 Smart Band Wholesale\" width=\"1000\" height=\"509\" \/><\/div>\n<\/div>","protected":false},"excerpt":{"rendered":"<p><strong>Destaques:<\/strong><\/p>\n<p>1. Blood oxygen saturation monitoring function.<br \/>\n2. Support Globe NFC.<br \/>\n3. Amazon Alexa voice\u00a0assistant.<br \/>\n4. More 5 sports modes: yoga, elliptical machine, rowing machine, skipping rope and indoor bicycle.<br \/>\n5. Support mobile phone\u00a0photography.<br \/>\n6. Use a larger 1.2-inch screen.<br \/>\n7. New analog dial.<br \/>\n8. Available on 11st, june.<\/p>","protected":false},"featured_media":22642,"template":"","meta":[],"product_brand":[],"product_cat":[1307,1305],"product_tag":[510],"class_list":{"0":"post-22560","1":"product","2":"type-product","3":"status-publish","4":"has-post-thumbnail","6":"product_cat-mi-band-smartwatch","7":"product_cat-xiaomi-eco","8":"product_tag-mi-band","10":"first","11":"instock","12":"featured","13":"shipping-taxable","14":"product-type-external"},"aioseo_notices":[],"aioseo_head":"\n\t\t<!-- All in One SEO Pro 4.5.9.2 - aioseo.com -->\n\t\t<meta name=\"description\" content=\"Highlights: 1. Blood oxygen saturation monitoring function. 2. Support Globe NFC. 3. Amazon Alexa voice assistant. 4. More 5 sports modes: yoga, elliptical machine, rowing machine, skipping rope and indoor bicycle. 5. Support mobile phone photography. 6. Use a larger 1.2-inch screen. 7. New analog dial. 8. Available on 11st, june.\" \/>\n\t\t<meta name=\"robots\" content=\"max-image-preview:large\" \/>\n\t\t<link rel=\"canonical\" href=\"https:\/\/www.rucashk.com\/pt\/produto\/xiaomi-mi-band-5-smart-band-wholesale\/\" \/>\n\t\t<meta name=\"generator\" content=\"All in One SEO Pro (AIOSEO) 4.5.9.2\" \/>\n\t\t<meta property=\"og:locale\" content=\"pt_PT\" \/>\n\t\t<meta property=\"og:site_name\" content=\"Rucas - One-stop AIoT Distribution Worldwide\" \/>\n\t\t<meta property=\"og:type\" content=\"article\" \/>\n\t\t<meta property=\"og:title\" content=\"Xiaomi Mi Band 5 Smart Band Wholesale - Rucas - Wholesale and Distribution\" \/>\n\t\t<meta property=\"og:description\" content=\"Highlights: 1. Blood oxygen saturation monitoring function. 2. Support Globe NFC. 3. Amazon Alexa voice assistant. 4. More 5 sports modes: yoga, elliptical machine, rowing machine, skipping rope and indoor bicycle. 5. Support mobile phone photography. 6. Use a larger 1.2-inch screen. 7. New analog dial. 8. Available on 11st, june.\" \/>\n\t\t<meta property=\"og:url\" content=\"https:\/\/www.rucashk.com\/pt\/produto\/xiaomi-mi-band-5-smart-band-wholesale\/\" \/>\n\t\t<meta property=\"og:image\" content=\"https:\/\/www.rucashk.com\/wp-content\/uploads\/replace\/503b8e645f128a97ccde2b6290747646.jpeg\" \/>\n\t\t<meta property=\"og:image:secure_url\" content=\"https:\/\/www.rucashk.com\/wp-content\/uploads\/replace\/503b8e645f128a97ccde2b6290747646.jpeg\" \/>\n\t\t<meta property=\"og:image:width\" content=\"1456\" \/>\n\t\t<meta property=\"og:image:height\" content=\"816\" \/>\n\t\t<meta property=\"article:published_time\" content=\"2024-01-09T15:45:29+00:00\" \/>\n\t\t<meta property=\"article:modified_time\" content=\"2024-03-13T10:31:08+00:00\" \/>\n\t\t<meta name=\"twitter:card\" content=\"summary_large_image\" \/>\n\t\t<meta name=\"twitter:title\" content=\"Xiaomi Mi Band 5 Smart Band Wholesale - Rucas - Wholesale and Distribution\" \/>\n\t\t<meta name=\"twitter:description\" content=\"Highlights: 1. Blood oxygen saturation monitoring function. 2. Support Globe NFC. 3. Amazon Alexa voice assistant. 4. More 5 sports modes: yoga, elliptical machine, rowing machine, skipping rope and indoor bicycle. 5. Support mobile phone photography. 6. Use a larger 1.2-inch screen. 7. New analog dial. 8. Available on 11st, june.\" \/>\n\t\t<meta name=\"twitter:image\" content=\"https:\/\/www.rucashk.com\/wp-content\/uploads\/replace\/503b8e645f128a97ccde2b6290747646.jpeg\" \/>\n\t\t<script type=\"application\/ld+json\" class=\"aioseo-schema\">\n\t\t\t{\"@context\":\"https:\\\/\\\/schema.org\",\"@graph\":[{\"@type\":\"BreadcrumbList\",\"@id\":\"https:\\\/\\\/www.rucashk.com\\\/pt\\\/produto\\\/xiaomi-mi-band-5-smart-band-wholesale\\\/#breadcrumblist\",\"itemListElement\":[{\"@type\":\"ListItem\",\"@id\":\"https:\\\/\\\/www.rucashk.com\\\/pt\\\/#listItem\",\"position\":1,\"name\":\"Home\",\"item\":\"https:\\\/\\\/www.rucashk.com\\\/pt\\\/\",\"nextItem\":\"https:\\\/\\\/www.rucashk.com\\\/pt\\\/produto\\\/xiaomi-mi-band-5-smart-band-wholesale\\\/#listItem\"},{\"@type\":\"ListItem\",\"@id\":\"https:\\\/\\\/www.rucashk.com\\\/pt\\\/produto\\\/xiaomi-mi-band-5-smart-band-wholesale\\\/#listItem\",\"position\":2,\"name\":\"Xiaomi Mi Band 5 Smart Band Wholesale\",\"previousItem\":\"https:\\\/\\\/www.rucashk.com\\\/pt\\\/#listItem\"}]},{\"@type\":\"Organization\",\"@id\":\"https:\\\/\\\/www.rucashk.com\\\/pt\\\/#organization\",\"name\":\"Rucas\",\"url\":\"https:\\\/\\\/www.rucashk.com\\\/pt\\\/\",\"logo\":{\"@type\":\"ImageObject\",\"url\":\"https:\\\/\\\/www.rucashk.com\\\/wp-content\\\/uploads\\\/2023\\\/12\\\/Rucas_campany_logo.png\",\"@id\":\"https:\\\/\\\/www.rucashk.com\\\/pt\\\/produto\\\/xiaomi-mi-band-5-smart-band-wholesale\\\/#organizationLogo\",\"width\":221,\"height\":65},\"image\":{\"@id\":\"https:\\\/\\\/www.rucashk.com\\\/pt\\\/#organizationLogo\"}},{\"@type\":\"Person\",\"@id\":\"https:\\\/\\\/www.rucashk.com\\\/pt\\\/author\\\/admin\\\/#author\",\"url\":\"https:\\\/\\\/www.rucashk.com\\\/pt\\\/author\\\/admin\\\/\",\"name\":\"admin\",\"image\":{\"@type\":\"ImageObject\",\"@id\":\"https:\\\/\\\/www.rucashk.com\\\/pt\\\/produto\\\/xiaomi-mi-band-5-smart-band-wholesale\\\/#authorImage\",\"url\":\"https:\\\/\\\/secure.gravatar.com\\\/avatar\\\/b7c8925b09a27e72b30232f8ecaadbd5af0f70a38c78096863fe51b64f031c24?s=96&d=mm&r=g\",\"width\":96,\"height\":96,\"caption\":\"admin\"}},{\"@type\":\"WebPage\",\"@id\":\"https:\\\/\\\/www.rucashk.com\\\/pt\\\/produto\\\/xiaomi-mi-band-5-smart-band-wholesale\\\/#webpage\",\"url\":\"https:\\\/\\\/www.rucashk.com\\\/pt\\\/produto\\\/xiaomi-mi-band-5-smart-band-wholesale\\\/\",\"name\":\"Xiaomi Mi Band 5 Smart Band Wholesale - Rucas - Wholesale and Distribution\",\"description\":\"Highlights: 1. Blood oxygen saturation monitoring function. 2. Support Globe NFC. 3. Amazon Alexa voice assistant. 4. More 5 sports modes: yoga, elliptical machine, rowing machine, skipping rope and indoor bicycle. 5. Support mobile phone photography. 6. Use a larger 1.2-inch screen. 7. New analog dial. 8. Available on 11st, june.\",\"inLanguage\":\"pt-PT\",\"isPartOf\":{\"@id\":\"https:\\\/\\\/www.rucashk.com\\\/pt\\\/#website\"},\"breadcrumb\":{\"@id\":\"https:\\\/\\\/www.rucashk.com\\\/pt\\\/produto\\\/xiaomi-mi-band-5-smart-band-wholesale\\\/#breadcrumblist\"},\"author\":{\"@id\":\"https:\\\/\\\/www.rucashk.com\\\/pt\\\/author\\\/admin\\\/#author\"},\"creator\":{\"@id\":\"https:\\\/\\\/www.rucashk.com\\\/pt\\\/author\\\/admin\\\/#author\"},\"image\":{\"@type\":\"ImageObject\",\"url\":\"https:\\\/\\\/www.rucashk.com\\\/wp-content\\\/uploads\\\/2024\\\/01\\\/xiaomi_mi-band_5_new.jpg\",\"@id\":\"https:\\\/\\\/www.rucashk.com\\\/pt\\\/produto\\\/xiaomi-mi-band-5-smart-band-wholesale\\\/#mainImage\",\"width\":800,\"height\":800},\"primaryImageOfPage\":{\"@id\":\"https:\\\/\\\/www.rucashk.com\\\/pt\\\/produto\\\/xiaomi-mi-band-5-smart-band-wholesale\\\/#mainImage\"},\"datePublished\":\"2024-01-09T15:45:29+00:00\",\"dateModified\":\"2024-03-13T10:31:08+00:00\"},{\"@type\":\"WebSite\",\"@id\":\"https:\\\/\\\/www.rucashk.com\\\/pt\\\/#website\",\"url\":\"https:\\\/\\\/www.rucashk.com\\\/pt\\\/\",\"name\":\"Rucas - Wholesale and distribution worldwide\",\"alternateName\":\"Rucas - One-stop AIoT Distribution Worldwide\",\"description\":\"One-stop AIoT Distribution Worldwide\",\"inLanguage\":\"pt-PT\",\"publisher\":{\"@id\":\"https:\\\/\\\/www.rucashk.com\\\/pt\\\/#organization\"}}]}\n\t\t<\/script>\n\t\t<!-- All in One SEO Pro -->\r\n\t\t<title>Xiaomi Mi Band 5 Smart Band Wholesale - Rucas - Wholesale and Distribution<\/title>\n\n","aioseo_head_json":{"title":"Xiaomi Mi Band 5 Smart Band Wholesale - Rucas - Wholesale and Distribution","description":"Highlights: 1. Blood oxygen saturation monitoring function. 2. Support Globe NFC. 3. Amazon Alexa voice assistant. 4. More 5 sports modes: yoga, elliptical machine, rowing machine, skipping rope and indoor bicycle. 5. Support mobile phone photography. 6. Use a larger 1.2-inch screen. 7. New analog dial. 8. Available on 11st, june.","canonical_url":"https:\/\/www.rucashk.com\/pt\/produto\/xiaomi-mi-band-5-smart-band-wholesale\/","robots":"max-image-preview:large","keywords":"","webmasterTools":{"miscellaneous":""},"og:locale":"pt_PT","og:site_name":"Rucas - One-stop AIoT Distribution Worldwide","og:type":"article","og:title":"Xiaomi Mi Band 5 Smart Band Wholesale - Rucas - Wholesale and Distribution","og:description":"Highlights: 1. Blood oxygen saturation monitoring function. 2. Support Globe NFC. 3. Amazon Alexa voice assistant. 4. More 5 sports modes: yoga, elliptical machine, rowing machine, skipping rope and indoor bicycle. 5. Support mobile phone photography. 6. Use a larger 1.2-inch screen. 7. New analog dial. 8. Available on 11st, june.","og:url":"https:\/\/www.rucashk.com\/pt\/produto\/xiaomi-mi-band-5-smart-band-wholesale\/","og:image":"https:\/\/www.rucashk.com\/wp-content\/uploads\/replace\/503b8e645f128a97ccde2b6290747646.jpeg","og:image:secure_url":"https:\/\/www.rucashk.com\/wp-content\/uploads\/replace\/503b8e645f128a97ccde2b6290747646.jpeg","og:image:width":1456,"og:image:height":816,"article:published_time":"2024-01-09T15:45:29+00:00","article:modified_time":"2024-03-13T10:31:08+00:00","twitter:card":"summary_large_image","twitter:title":"Xiaomi Mi Band 5 Smart Band Wholesale - Rucas - Wholesale and Distribution","twitter:description":"Highlights: 1. Blood oxygen saturation monitoring function. 2. Support Globe NFC. 3. Amazon Alexa voice assistant. 4. More 5 sports modes: yoga, elliptical machine, rowing machine, skipping rope and indoor bicycle. 5. Support mobile phone photography. 6. Use a larger 1.2-inch screen. 7. New analog dial. 8. Available on 11st, june.","twitter:image":"https:\/\/www.rucashk.com\/wp-content\/uploads\/replace\/503b8e645f128a97ccde2b6290747646.jpeg","schema":{"@context":"https:\/\/schema.org","@graph":[{"@type":"BreadcrumbList","@id":"https:\/\/www.rucashk.com\/pt\/produto\/xiaomi-mi-band-5-smart-band-wholesale\/#breadcrumblist","itemListElement":[{"@type":"ListItem","@id":"https:\/\/www.rucashk.com\/pt\/#listItem","position":1,"name":"Home","item":"https:\/\/www.rucashk.com\/pt\/","nextItem":"https:\/\/www.rucashk.com\/pt\/produto\/xiaomi-mi-band-5-smart-band-wholesale\/#listItem"},{"@type":"ListItem","@id":"https:\/\/www.rucashk.com\/pt\/produto\/xiaomi-mi-band-5-smart-band-wholesale\/#listItem","position":2,"name":"Xiaomi Mi Band 5 Smart Band Wholesale","previousItem":"https:\/\/www.rucashk.com\/pt\/#listItem"}]},{"@type":"Organization","@id":"https:\/\/www.rucashk.com\/pt\/#organization","name":"Rucas","url":"https:\/\/www.rucashk.com\/pt\/","logo":{"@type":"ImageObject","url":"https:\/\/www.rucashk.com\/wp-content\/uploads\/2023\/12\/Rucas_campany_logo.png","@id":"https:\/\/www.rucashk.com\/pt\/produto\/xiaomi-mi-band-5-smart-band-wholesale\/#organizationLogo","width":221,"height":65},"image":{"@id":"https:\/\/www.rucashk.com\/pt\/#organizationLogo"}},{"@type":"Person","@id":"https:\/\/www.rucashk.com\/pt\/author\/admin\/#author","url":"https:\/\/www.rucashk.com\/pt\/author\/admin\/","name":"admin","image":{"@type":"ImageObject","@id":"https:\/\/www.rucashk.com\/pt\/produto\/xiaomi-mi-band-5-smart-band-wholesale\/#authorImage","url":"https:\/\/secure.gravatar.com\/avatar\/b7c8925b09a27e72b30232f8ecaadbd5af0f70a38c78096863fe51b64f031c24?s=96&d=mm&r=g","width":96,"height":96,"caption":"admin"}},{"@type":"WebPage","@id":"https:\/\/www.rucashk.com\/pt\/produto\/xiaomi-mi-band-5-smart-band-wholesale\/#webpage","url":"https:\/\/www.rucashk.com\/pt\/produto\/xiaomi-mi-band-5-smart-band-wholesale\/","name":"Xiaomi Mi Band 5 Smart Band Wholesale - Rucas - Wholesale and Distribution","description":"Highlights: 1. Blood oxygen saturation monitoring function. 2. Support Globe NFC. 3. Amazon Alexa voice assistant. 4. More 5 sports modes: yoga, elliptical machine, rowing machine, skipping rope and indoor bicycle. 5. Support mobile phone photography. 6. Use a larger 1.2-inch screen. 7. New analog dial. 8. Available on 11st, june.","inLanguage":"pt-PT","isPartOf":{"@id":"https:\/\/www.rucashk.com\/pt\/#website"},"breadcrumb":{"@id":"https:\/\/www.rucashk.com\/pt\/produto\/xiaomi-mi-band-5-smart-band-wholesale\/#breadcrumblist"},"author":{"@id":"https:\/\/www.rucashk.com\/pt\/author\/admin\/#author"},"creator":{"@id":"https:\/\/www.rucashk.com\/pt\/author\/admin\/#author"},"image":{"@type":"ImageObject","url":"https:\/\/www.rucashk.com\/wp-content\/uploads\/2024\/01\/xiaomi_mi-band_5_new.jpg","@id":"https:\/\/www.rucashk.com\/pt\/produto\/xiaomi-mi-band-5-smart-band-wholesale\/#mainImage","width":800,"height":800},"primaryImageOfPage":{"@id":"https:\/\/www.rucashk.com\/pt\/produto\/xiaomi-mi-band-5-smart-band-wholesale\/#mainImage"},"datePublished":"2024-01-09T15:45:29+00:00","dateModified":"2024-03-13T10:31:08+00:00"},{"@type":"WebSite","@id":"https:\/\/www.rucashk.com\/pt\/#website","url":"https:\/\/www.rucashk.com\/pt\/","name":"Rucas - Wholesale and distribution worldwide","alternateName":"Rucas - One-stop AIoT Distribution Worldwide","description":"One-stop AIoT Distribution Worldwide","inLanguage":"pt-PT","publisher":{"@id":"https:\/\/www.rucashk.com\/pt\/#organization"}}]}},"aioseo_meta_data":{"post_id":"22560","title":null,"description":null,"keywords":null,"keyphrases":null,"primary_term":null,"canonical_url":null,"og_title":null,"og_description":null,"og_object_type":"default","og_image_type":"default","og_image_url":null,"og_image_width":null,"og_image_height":null,"og_image_custom_url":null,"og_image_custom_fields":null,"og_video":null,"og_custom_url":null,"og_article_section":null,"og_article_tags":null,"twitter_use_og":false,"twitter_card":"default","twitter_image_type":"default","twitter_image_url":null,"twitter_image_custom_url":null,"twitter_image_custom_fields":null,"twitter_title":null,"twitter_description":null,"schema":{"blockGraphs":[],"customGraphs":[],"default":{"data":{"Article":[],"Course":[],"Dataset":[],"FAQPage":[],"Movie":[],"Person":[],"Product":[],"Recipe":[],"Service":[],"SoftwareApplication":[],"WebPage":[]},"graphName":"","isEnabled":true},"graphs":[]},"schema_type":"default","schema_type_options":null,"pillar_content":false,"robots_default":true,"robots_noindex":false,"robots_noarchive":false,"robots_nosnippet":false,"robots_nofollow":false,"robots_noimageindex":false,"robots_noodp":false,"robots_notranslate":false,"robots_max_snippet":null,"robots_max_videopreview":null,"robots_max_imagepreview":"large","priority":null,"frequency":null,"local_seo":null,"breadcrumb_settings":null,"limit_modified_date":false,"created":"2024-04-11 01:55:23","updated":"2025-06-22 16:45:56"},"aioseo_breadcrumb":"<div class=\"aioseo-breadcrumbs\"><span class=\"aioseo-breadcrumb\">\n\t<a href=\"https:\/\/www.rucashk.com\/pt\" title=\"Home\">Home<\/a>\n<\/span><span class=\"aioseo-breadcrumb-separator\">&raquo;<\/span><span class=\"aioseo-breadcrumb\">\n\t<a href=\"https:\/\/www.rucashk.com\/pt\/products\/\" title=\"Produtos\">Produtos<\/a>\n<\/span><span class=\"aioseo-breadcrumb-separator\">&raquo;<\/span><span class=\"aioseo-breadcrumb\">\n\t<a href=\"https:\/\/www.rucashk.com\/pt\/categoria-produto\/xiaomi-eco\/\" title=\"Xiaomi Eco\">Xiaomi Eco<\/a>\n<\/span><span class=\"aioseo-breadcrumb-separator\">&raquo;<\/span><span class=\"aioseo-breadcrumb\">\n\t<a href=\"https:\/\/www.rucashk.com\/pt\/categoria-produto\/xiaomi-eco\/mi-band-smartwatch\/\" title=\"Mi Band Smartwatch\">Mi Band Smartwatch<\/a>\n<\/span><span class=\"aioseo-breadcrumb-separator\">&raquo;<\/span><span class=\"aioseo-breadcrumb\">\n\tXiaomi Mi Band 5 Smart Band Wholesale\n<\/span><\/div>","aioseo_breadcrumb_json":[{"label":"Home","link":"https:\/\/www.rucashk.com\/pt"},{"label":"Produtos","link":"https:\/\/www.rucashk.com\/pt\/products\/"},{"label":"Xiaomi Eco","link":"https:\/\/www.rucashk.com\/pt\/categoria-produto\/xiaomi-eco\/"},{"label":"Mi Band Smartwatch","link":"https:\/\/www.rucashk.com\/pt\/categoria-produto\/xiaomi-eco\/mi-band-smartwatch\/"},{"label":"Xiaomi Mi Band 5 Smart Band Wholesale","link":"https:\/\/www.rucashk.com\/pt\/produto\/xiaomi-mi-band-5-smart-band-wholesale\/"}],"_links":{"self":[{"href":"https:\/\/www.rucashk.com\/pt\/wp-json\/wp\/v2\/product\/22560","targetHints":{"allow":["GET"]}}],"collection":[{"href":"https:\/\/www.rucashk.com\/pt\/wp-json\/wp\/v2\/product"}],"about":[{"href":"https:\/\/www.rucashk.com\/pt\/wp-json\/wp\/v2\/types\/product"}],"wp:featuredmedia":[{"embeddable":true,"href":"https:\/\/www.rucashk.com\/pt\/wp-json\/wp\/v2\/media\/22642"}],"wp:attachment":[{"href":"https:\/\/www.rucashk.com\/pt\/wp-json\/wp\/v2\/media?parent=22560"}],"wp:term":[{"taxonomy":"product_brand","embeddable":true,"href":"https:\/\/www.rucashk.com\/pt\/wp-json\/wp\/v2\/product_brand?post=22560"},{"taxonomy":"product_cat","embeddable":true,"href":"https:\/\/www.rucashk.com\/pt\/wp-json\/wp\/v2\/product_cat?post=22560"},{"taxonomy":"product_tag","embeddable":true,"href":"https:\/\/www.rucashk.com\/pt\/wp-json\/wp\/v2\/product_tag?post=22560"}],"curies":[{"name":"wp","href":"https:\/\/api.w.org\/{rel}","templated":true}]}}