{"id":22558,"date":"2024-01-09T15:45:28","date_gmt":"2024-01-09T15:45:28","guid":{"rendered":"http:\/\/rucashk.com\/?post_type=product&#038;p=22558"},"modified":"2024-03-12T04:33:37","modified_gmt":"2024-03-12T04:33:37","slug":"withings-steel-hr-hybrid-smartwatch","status":"publish","type":"product","link":"https:\/\/www.rucashk.com\/pt\/produto\/withings-steel-hr-hybrid-smartwatch\/","title":{"rendered":"Withings Steel HR H\u00edbrido Smartwatch"},"content":{"rendered":"<h2 style=\"text-align: center\">Withings Steel HR H\u00edbrido Smartwatch<img decoding=\"async\" class=\"a-spacing-base\" style=\"font-size: 16px\" src=\"\/wp-content\/uploads\/replace\/1d7b246adf4b4007a82a39900b229bd4.jpeg\" alt=\"Steel HR\" data-src=\"\/wp-content\/uploads\/replace\/1d7b246adf4b4007a82a39900b229bd4.jpeg\" \/><\/h2>\n<div class=\"aplus-v2 desktop celwidget\" data-cel-widget=\"aplus\">\n<div class=\"celwidget aplus-module module-9\" data-cel-widget=\"aplus-module-9\">\n<div class=\"a-expander-collapsed-height a-row a-expander-container a-expander-partial-collapse-container\" data-a-expander-name=\"aplus-module-expander\" data-a-expander-collapsed-height=\"700\">\n<div class=\"a-expander-content a-expander-partial-collapse-content\">\n<div class=\"aplus-module-wrapper\">\n<div class=\"apm-spacing apm-fixed-width\">\n<table class=\"apm-fixed-width apm-eventhirdcol-table\">\n<tbody>\n<tr>\n<th class=\"apm-center\">\n<div class=\"apm-eventhirdcol apm-floatleft\">\n<p><img decoding=\"async\" class=\"a-spacing-mini\" src=\"\/wp-content\/uploads\/replace\/fb10aefb72e38fc80dd79c5919ac5b35.jpeg\" alt=\"STEEL\" data-src=\"\/wp-content\/uploads\/replace\/fb10aefb72e38fc80dd79c5919ac5b35.jpeg\" \/><\/p>\n<\/div>\n<\/th>\n<th class=\"apm-center\">\n<div class=\"apm-eventhirdcol apm-floatleft\">\n<p><img decoding=\"async\" class=\"a-spacing-mini\" src=\"\/wp-content\/uploads\/replace\/f2e247dfbc899fb092fd8fed4d439a37.jpeg\" alt=\"STEEL\" data-src=\"\/wp-content\/uploads\/replace\/f2e247dfbc899fb092fd8fed4d439a37.jpeg\" \/><\/p>\n<\/div>\n<\/th>\n<th class=\"apm-center\">\n<div class=\"apm-eventhirdcol apm-floatleft\">\n<p><img decoding=\"async\" class=\"a-spacing-mini\" src=\"\/wp-content\/uploads\/replace\/62c63e7c634ed819df2c80d495e1ce66.jpeg\" alt=\"STEEL\" data-src=\"\/wp-content\/uploads\/replace\/62c63e7c634ed819df2c80d495e1ce66.jpeg\" \/><\/p>\n<\/div>\n<\/th>\n<\/tr>\n<tr>\n<td class=\"apm-top\">\n<div class=\"apm-eventhirdcol apm-floatleft\">\n<h4 class=\"a-spacing-mini\">GRAVAR A VIDA \u00daTIL DA BATERIA<\/h4>\n<p>Passe mais tempo em movimento e menos tempo carregando com uma bateria recarreg\u00e1vel que dura at\u00e9 25 dias e mais 20 dias no modo de reserva de energia (somente monitoramento de tempo e atividade).<\/p>\n<\/div>\n<\/td>\n<td class=\"apm-top\">\n<div class=\"apm-eventhirdcol apm-floatleft\">\n<h4 class=\"a-spacing-mini\">NOTIFICA\u00c7\u00d5ES INTELIGENTES<\/h4>\n<p>Voc\u00ea pode ficar informado em qualquer lugar com vibra\u00e7\u00e3o e notifica\u00e7\u00f5es do smartphone diretamente na tela digital incorporada. Steel HR oferece suporte a chamadas, mensagens de texto, eventos e todos os aplicativos que voc\u00ea escolher.<\/p>\n<\/div>\n<\/td>\n<td class=\"apm-top\">\n<div class=\"apm-eventhirdcol apm-floatleft\">\n<h4 class=\"a-spacing-mini\">RESISTENTE \u00c0 \u00c1GUA AT\u00c9 50M<\/h4>\n<p>Steel HR \u00e9 um smartwatch h\u00edbrido que pode acompanh\u00e1-lo at\u00e9 a piscina, tomar banho e sobreviver a uma chuva torrencial.<\/p>\n<\/div>\n<\/td>\n<\/tr>\n<\/tbody>\n<\/table>\n<\/div>\n<\/div>\n<\/div>\n<\/div>\n<\/div>\n<div class=\"celwidget aplus-module module-9\" data-cel-widget=\"aplus-module-9\">\n<div class=\"a-expander-collapsed-height a-row a-expander-container a-expander-partial-collapse-container\" data-a-expander-name=\"aplus-module-expander\" data-a-expander-collapsed-height=\"700\">\n<div class=\"a-expander-content a-expander-partial-collapse-content\">\n<div class=\"aplus-module-wrapper\">\n<div class=\"apm-spacing apm-fixed-width\">\n<table class=\"apm-fixed-width apm-eventhirdcol-table\">\n<tbody>\n<tr>\n<th class=\"apm-center\">\n<div class=\"apm-eventhirdcol apm-floatleft\">\n<p><img decoding=\"async\" class=\"a-spacing-mini\" src=\"\/wp-content\/uploads\/replace\/cc3c6f6068e390b0ff2d0654fc0c15fc.jpeg\" alt=\"STEEL\" data-src=\"\/wp-content\/uploads\/replace\/cc3c6f6068e390b0ff2d0654fc0c15fc.jpeg\" \/><\/p>\n<\/div>\n<\/th>\n<th class=\"apm-center\">\n<div class=\"apm-eventhirdcol apm-floatleft\">\n<p><img decoding=\"async\" class=\"a-spacing-mini\" src=\"\/wp-content\/uploads\/replace\/20c34739abf576c365dcf65636728348.jpeg\" alt=\"STEEL\" data-src=\"\/wp-content\/uploads\/replace\/20c34739abf576c365dcf65636728348.jpeg\" \/><\/p>\n<\/div>\n<\/th>\n<th class=\"apm-center\">\n<div class=\"apm-eventhirdcol apm-floatleft\">\n<p><img decoding=\"async\" class=\"a-spacing-mini\" src=\"\/wp-content\/uploads\/replace\/a05e6ea19d22356d0ed1759d1c09fd95.jpeg\" alt=\"STEEL\" data-src=\"\/wp-content\/uploads\/replace\/a05e6ea19d22356d0ed1759d1c09fd95.jpeg\" \/><\/p>\n<\/div>\n<\/th>\n<\/tr>\n<tr>\n<td class=\"apm-top\">\n<div class=\"apm-eventhirdcol apm-floatleft\">\n<h4 class=\"a-spacing-mini\">DADOS NA PONTA DOS DEDOS<\/h4>\n<p>Steel HR sincroniza perfeitamente com o aplicativo gratuito Health Mate via Bluetooth. Veja seu progresso, compartilhe seus dados e muito mais. Funciona com Apple Heath, Google Fit, Strava e mais de 100 aplicativos importantes de sa\u00fade e fitness.<\/p>\n<\/div>\n<\/td>\n<td class=\"apm-top\">\n<div class=\"apm-eventhirdcol apm-floatleft\">\n<h4 class=\"a-spacing-mini\">TRABALHA COM ALEXA<\/h4>\n<p>Os usu\u00e1rios do Withings Health Mate podem adicionar esta habilidade Alexa gratuita para aumentar a motiva\u00e7\u00e3o ou simplesmente verificar o progresso. Basta dizer \u201cAlexa, pergunte ao Withings\u201d para saber mais sobre os marcos e tend\u00eancias de sua atividade.<\/p>\n<\/div>\n<\/td>\n<td class=\"apm-top\">\n<div class=\"apm-eventhirdcol apm-floatleft\">\n<h4 class=\"a-spacing-mini\">PULSEIRAS TROC\u00c1VEIS<\/h4>\n<p>Se voc\u00ea tiver v\u00e1rias pulseiras, \u00e9 f\u00e1cil troc\u00e1-las em segundos para usar o Steel HR do seu jeito.<\/p>\n<\/div>\n<\/td>\n<\/tr>\n<\/tbody>\n<\/table>\n<\/div>\n<\/div>\n<\/div>\n<\/div>\n<\/div>\n<\/div>","protected":false},"excerpt":{"rendered":"<p>1.SMARTPHONE NOTIFICATIONS &#8211; Call, text, event and app notifications from your smartphone right on the watch screen. Plus, you can now ask Alexa about your activity stats when you enable the free Alexa Skill.<\/p>\n<p>2.SLEEP TRACKING &#8211; Wake to a Sleep Score based on light &amp; deep sleep cycles, interruptions, depth &amp; regularity.Water resistant up to 165 feet deep (50 m, 5 ATM)<\/p>\n<p>3.24\/7 TRACKING &#8211; Automatically tracks walk, run, swim, and 30+ activities in workout mode. Connected GPS provides a map of your session with distance, elevation and pace.<\/p>","protected":false},"featured_media":22640,"template":"","meta":[],"product_brand":[],"product_cat":[1339,1305],"product_tag":[],"class_list":{"0":"post-22558","1":"product","2":"type-product","3":"status-publish","4":"has-post-thumbnail","6":"product_cat-amazfit-smartwatch","7":"product_cat-xiaomi-eco","9":"first","10":"instock","11":"shipping-taxable","12":"product-type-external"},"aioseo_notices":[],"aioseo_head":"\n\t\t<!-- All in One SEO Pro 4.5.9.2 - aioseo.com -->\n\t\t<meta name=\"description\" content=\"1.SMARTPHONE NOTIFICATIONS - Call, text, event and app notifications from your smartphone right on the watch screen. Plus, you can now ask Alexa about your activity stats when you enable the free Alexa Skill. 2.SLEEP TRACKING - Wake to a Sleep Score based on light &amp; deep sleep cycles, interruptions, depth &amp; regularity.Water resistant up to 165 feet deep (50 m, 5 ATM) 3.24\/7 TRACKING - Automatically tracks walk, run, swim, and 30+ activities in workout mode. Connected GPS provides a map of your session with distance, elevation and pace.\" \/>\n\t\t<meta name=\"robots\" content=\"max-image-preview:large\" \/>\n\t\t<link rel=\"canonical\" href=\"https:\/\/www.rucashk.com\/pt\/produto\/withings-steel-hr-hybrid-smartwatch\/\" \/>\n\t\t<meta name=\"generator\" content=\"All in One SEO Pro (AIOSEO) 4.5.9.2\" \/>\n\t\t<meta property=\"og:locale\" content=\"pt_PT\" \/>\n\t\t<meta property=\"og:site_name\" content=\"Rucas - One-stop AIoT Distribution Worldwide\" \/>\n\t\t<meta property=\"og:type\" content=\"article\" \/>\n\t\t<meta property=\"og:title\" content=\"Withings Steel HR Hybrid Smartwatch - Rucas - Wholesale and Distribution\" \/>\n\t\t<meta property=\"og:description\" content=\"1.SMARTPHONE NOTIFICATIONS - Call, text, event and app notifications from your smartphone right on the watch screen. Plus, you can now ask Alexa about your activity stats when you enable the free Alexa Skill. 2.SLEEP TRACKING - Wake to a Sleep Score based on light &amp; deep sleep cycles, interruptions, depth &amp; regularity.Water resistant up to 165 feet deep (50 m, 5 ATM) 3.24\/7 TRACKING - Automatically tracks walk, run, swim, and 30+ activities in workout mode. Connected GPS provides a map of your session with distance, elevation and pace.\" \/>\n\t\t<meta property=\"og:url\" content=\"https:\/\/www.rucashk.com\/pt\/produto\/withings-steel-hr-hybrid-smartwatch\/\" \/>\n\t\t<meta property=\"og:image\" content=\"https:\/\/www.rucashk.com\/wp-content\/uploads\/replace\/503b8e645f128a97ccde2b6290747646.jpeg\" \/>\n\t\t<meta property=\"og:image:secure_url\" content=\"https:\/\/www.rucashk.com\/wp-content\/uploads\/replace\/503b8e645f128a97ccde2b6290747646.jpeg\" \/>\n\t\t<meta property=\"og:image:width\" content=\"1456\" \/>\n\t\t<meta property=\"og:image:height\" content=\"816\" \/>\n\t\t<meta property=\"article:published_time\" content=\"2024-01-09T15:45:28+00:00\" \/>\n\t\t<meta property=\"article:modified_time\" content=\"2024-03-12T04:33:37+00:00\" \/>\n\t\t<meta name=\"twitter:card\" content=\"summary_large_image\" \/>\n\t\t<meta name=\"twitter:title\" content=\"Withings Steel HR Hybrid Smartwatch - Rucas - Wholesale and Distribution\" \/>\n\t\t<meta name=\"twitter:description\" content=\"1.SMARTPHONE NOTIFICATIONS - Call, text, event and app notifications from your smartphone right on the watch screen. Plus, you can now ask Alexa about your activity stats when you enable the free Alexa Skill. 2.SLEEP TRACKING - Wake to a Sleep Score based on light &amp; deep sleep cycles, interruptions, depth &amp; regularity.Water resistant up to 165 feet deep (50 m, 5 ATM) 3.24\/7 TRACKING - Automatically tracks walk, run, swim, and 30+ activities in workout mode. Connected GPS provides a map of your session with distance, elevation and pace.\" \/>\n\t\t<meta name=\"twitter:image\" content=\"https:\/\/www.rucashk.com\/wp-content\/uploads\/replace\/503b8e645f128a97ccde2b6290747646.jpeg\" \/>\n\t\t<script type=\"application\/ld+json\" class=\"aioseo-schema\">\n\t\t\t{\"@context\":\"https:\\\/\\\/schema.org\",\"@graph\":[{\"@type\":\"BreadcrumbList\",\"@id\":\"https:\\\/\\\/www.rucashk.com\\\/pt\\\/produto\\\/withings-steel-hr-hybrid-smartwatch\\\/#breadcrumblist\",\"itemListElement\":[{\"@type\":\"ListItem\",\"@id\":\"https:\\\/\\\/www.rucashk.com\\\/pt\\\/#listItem\",\"position\":1,\"name\":\"Home\",\"item\":\"https:\\\/\\\/www.rucashk.com\\\/pt\\\/\",\"nextItem\":\"https:\\\/\\\/www.rucashk.com\\\/pt\\\/produto\\\/withings-steel-hr-hybrid-smartwatch\\\/#listItem\"},{\"@type\":\"ListItem\",\"@id\":\"https:\\\/\\\/www.rucashk.com\\\/pt\\\/produto\\\/withings-steel-hr-hybrid-smartwatch\\\/#listItem\",\"position\":2,\"name\":\"Withings Steel HR Hybrid Smartwatch\",\"previousItem\":\"https:\\\/\\\/www.rucashk.com\\\/pt\\\/#listItem\"}]},{\"@type\":\"Organization\",\"@id\":\"https:\\\/\\\/www.rucashk.com\\\/pt\\\/#organization\",\"name\":\"Rucas\",\"url\":\"https:\\\/\\\/www.rucashk.com\\\/pt\\\/\",\"logo\":{\"@type\":\"ImageObject\",\"url\":\"https:\\\/\\\/www.rucashk.com\\\/wp-content\\\/uploads\\\/2023\\\/12\\\/Rucas_campany_logo.png\",\"@id\":\"https:\\\/\\\/www.rucashk.com\\\/pt\\\/produto\\\/withings-steel-hr-hybrid-smartwatch\\\/#organizationLogo\",\"width\":221,\"height\":65},\"image\":{\"@id\":\"https:\\\/\\\/www.rucashk.com\\\/pt\\\/#organizationLogo\"}},{\"@type\":\"Person\",\"@id\":\"https:\\\/\\\/www.rucashk.com\\\/pt\\\/author\\\/admin\\\/#author\",\"url\":\"https:\\\/\\\/www.rucashk.com\\\/pt\\\/author\\\/admin\\\/\",\"name\":\"admin\",\"image\":{\"@type\":\"ImageObject\",\"@id\":\"https:\\\/\\\/www.rucashk.com\\\/pt\\\/produto\\\/withings-steel-hr-hybrid-smartwatch\\\/#authorImage\",\"url\":\"https:\\\/\\\/secure.gravatar.com\\\/avatar\\\/b7c8925b09a27e72b30232f8ecaadbd5af0f70a38c78096863fe51b64f031c24?s=96&d=mm&r=g\",\"width\":96,\"height\":96,\"caption\":\"admin\"}},{\"@type\":\"WebPage\",\"@id\":\"https:\\\/\\\/www.rucashk.com\\\/pt\\\/produto\\\/withings-steel-hr-hybrid-smartwatch\\\/#webpage\",\"url\":\"https:\\\/\\\/www.rucashk.com\\\/pt\\\/produto\\\/withings-steel-hr-hybrid-smartwatch\\\/\",\"name\":\"Withings Steel HR Hybrid Smartwatch - Rucas - Wholesale and Distribution\",\"description\":\"1.SMARTPHONE NOTIFICATIONS - Call, text, event and app notifications from your smartphone right on the watch screen. Plus, you can now ask Alexa about your activity stats when you enable the free Alexa Skill. 2.SLEEP TRACKING - Wake to a Sleep Score based on light & deep sleep cycles, interruptions, depth & regularity.Water resistant up to 165 feet deep (50 m, 5 ATM) 3.24\\\/7 TRACKING - Automatically tracks walk, run, swim, and 30+ activities in workout mode. Connected GPS provides a map of your session with distance, elevation and pace.\",\"inLanguage\":\"pt-PT\",\"isPartOf\":{\"@id\":\"https:\\\/\\\/www.rucashk.com\\\/pt\\\/#website\"},\"breadcrumb\":{\"@id\":\"https:\\\/\\\/www.rucashk.com\\\/pt\\\/produto\\\/withings-steel-hr-hybrid-smartwatch\\\/#breadcrumblist\"},\"author\":{\"@id\":\"https:\\\/\\\/www.rucashk.com\\\/pt\\\/author\\\/admin\\\/#author\"},\"creator\":{\"@id\":\"https:\\\/\\\/www.rucashk.com\\\/pt\\\/author\\\/admin\\\/#author\"},\"image\":{\"@type\":\"ImageObject\",\"url\":\"https:\\\/\\\/www.rucashk.com\\\/wp-content\\\/uploads\\\/2024\\\/01\\\/Withings-Steel-HR-Hybrid-Smartwatch.jpg\",\"@id\":\"https:\\\/\\\/www.rucashk.com\\\/pt\\\/produto\\\/withings-steel-hr-hybrid-smartwatch\\\/#mainImage\",\"width\":561,\"height\":538},\"primaryImageOfPage\":{\"@id\":\"https:\\\/\\\/www.rucashk.com\\\/pt\\\/produto\\\/withings-steel-hr-hybrid-smartwatch\\\/#mainImage\"},\"datePublished\":\"2024-01-09T15:45:28+00:00\",\"dateModified\":\"2024-03-12T04:33:37+00:00\"},{\"@type\":\"WebSite\",\"@id\":\"https:\\\/\\\/www.rucashk.com\\\/pt\\\/#website\",\"url\":\"https:\\\/\\\/www.rucashk.com\\\/pt\\\/\",\"name\":\"Rucas - Wholesale and distribution worldwide\",\"alternateName\":\"Rucas - One-stop AIoT Distribution Worldwide\",\"description\":\"One-stop AIoT Distribution Worldwide\",\"inLanguage\":\"pt-PT\",\"publisher\":{\"@id\":\"https:\\\/\\\/www.rucashk.com\\\/pt\\\/#organization\"}}]}\n\t\t<\/script>\n\t\t<!-- All in One SEO Pro -->\r\n\t\t<title>Withings Steel HR Hybrid Smartwatch - Rucas - Wholesale and Distribution<\/title>\n\n","aioseo_head_json":{"title":"Withings Steel HR Hybrid Smartwatch - Rucas - Wholesale and Distribution","description":"1.SMARTPHONE NOTIFICATIONS - Call, text, event and app notifications from your smartphone right on the watch screen. Plus, you can now ask Alexa about your activity stats when you enable the free Alexa Skill. 2.SLEEP TRACKING - Wake to a Sleep Score based on light & deep sleep cycles, interruptions, depth & regularity.Water resistant up to 165 feet deep (50 m, 5 ATM) 3.24\/7 TRACKING - Automatically tracks walk, run, swim, and 30+ activities in workout mode. Connected GPS provides a map of your session with distance, elevation and pace.","canonical_url":"https:\/\/www.rucashk.com\/pt\/produto\/withings-steel-hr-hybrid-smartwatch\/","robots":"max-image-preview:large","keywords":"","webmasterTools":{"miscellaneous":""},"og:locale":"pt_PT","og:site_name":"Rucas - One-stop AIoT Distribution Worldwide","og:type":"article","og:title":"Withings Steel HR Hybrid Smartwatch - Rucas - Wholesale and Distribution","og:description":"1.SMARTPHONE NOTIFICATIONS - Call, text, event and app notifications from your smartphone right on the watch screen. Plus, you can now ask Alexa about your activity stats when you enable the free Alexa Skill. 2.SLEEP TRACKING - Wake to a Sleep Score based on light &amp; deep sleep cycles, interruptions, depth &amp; regularity.Water resistant up to 165 feet deep (50 m, 5 ATM) 3.24\/7 TRACKING - Automatically tracks walk, run, swim, and 30+ activities in workout mode. Connected GPS provides a map of your session with distance, elevation and pace.","og:url":"https:\/\/www.rucashk.com\/pt\/produto\/withings-steel-hr-hybrid-smartwatch\/","og:image":"https:\/\/www.rucashk.com\/wp-content\/uploads\/replace\/503b8e645f128a97ccde2b6290747646.jpeg","og:image:secure_url":"https:\/\/www.rucashk.com\/wp-content\/uploads\/replace\/503b8e645f128a97ccde2b6290747646.jpeg","og:image:width":1456,"og:image:height":816,"article:published_time":"2024-01-09T15:45:28+00:00","article:modified_time":"2024-03-12T04:33:37+00:00","twitter:card":"summary_large_image","twitter:title":"Withings Steel HR Hybrid Smartwatch - Rucas - Wholesale and Distribution","twitter:description":"1.SMARTPHONE NOTIFICATIONS - Call, text, event and app notifications from your smartphone right on the watch screen. Plus, you can now ask Alexa about your activity stats when you enable the free Alexa Skill. 2.SLEEP TRACKING - Wake to a Sleep Score based on light &amp; deep sleep cycles, interruptions, depth &amp; regularity.Water resistant up to 165 feet deep (50 m, 5 ATM) 3.24\/7 TRACKING - Automatically tracks walk, run, swim, and 30+ activities in workout mode. Connected GPS provides a map of your session with distance, elevation and pace.","twitter:image":"https:\/\/www.rucashk.com\/wp-content\/uploads\/replace\/503b8e645f128a97ccde2b6290747646.jpeg","schema":{"@context":"https:\/\/schema.org","@graph":[{"@type":"BreadcrumbList","@id":"https:\/\/www.rucashk.com\/pt\/produto\/withings-steel-hr-hybrid-smartwatch\/#breadcrumblist","itemListElement":[{"@type":"ListItem","@id":"https:\/\/www.rucashk.com\/pt\/#listItem","position":1,"name":"Home","item":"https:\/\/www.rucashk.com\/pt\/","nextItem":"https:\/\/www.rucashk.com\/pt\/produto\/withings-steel-hr-hybrid-smartwatch\/#listItem"},{"@type":"ListItem","@id":"https:\/\/www.rucashk.com\/pt\/produto\/withings-steel-hr-hybrid-smartwatch\/#listItem","position":2,"name":"Withings Steel HR Hybrid Smartwatch","previousItem":"https:\/\/www.rucashk.com\/pt\/#listItem"}]},{"@type":"Organization","@id":"https:\/\/www.rucashk.com\/pt\/#organization","name":"Rucas","url":"https:\/\/www.rucashk.com\/pt\/","logo":{"@type":"ImageObject","url":"https:\/\/www.rucashk.com\/wp-content\/uploads\/2023\/12\/Rucas_campany_logo.png","@id":"https:\/\/www.rucashk.com\/pt\/produto\/withings-steel-hr-hybrid-smartwatch\/#organizationLogo","width":221,"height":65},"image":{"@id":"https:\/\/www.rucashk.com\/pt\/#organizationLogo"}},{"@type":"Person","@id":"https:\/\/www.rucashk.com\/pt\/author\/admin\/#author","url":"https:\/\/www.rucashk.com\/pt\/author\/admin\/","name":"admin","image":{"@type":"ImageObject","@id":"https:\/\/www.rucashk.com\/pt\/produto\/withings-steel-hr-hybrid-smartwatch\/#authorImage","url":"https:\/\/secure.gravatar.com\/avatar\/b7c8925b09a27e72b30232f8ecaadbd5af0f70a38c78096863fe51b64f031c24?s=96&d=mm&r=g","width":96,"height":96,"caption":"admin"}},{"@type":"WebPage","@id":"https:\/\/www.rucashk.com\/pt\/produto\/withings-steel-hr-hybrid-smartwatch\/#webpage","url":"https:\/\/www.rucashk.com\/pt\/produto\/withings-steel-hr-hybrid-smartwatch\/","name":"Withings Steel HR Hybrid Smartwatch - Rucas - Wholesale and Distribution","description":"1.SMARTPHONE NOTIFICATIONS - Call, text, event and app notifications from your smartphone right on the watch screen. Plus, you can now ask Alexa about your activity stats when you enable the free Alexa Skill. 2.SLEEP TRACKING - Wake to a Sleep Score based on light & deep sleep cycles, interruptions, depth & regularity.Water resistant up to 165 feet deep (50 m, 5 ATM) 3.24\/7 TRACKING - Automatically tracks walk, run, swim, and 30+ activities in workout mode. Connected GPS provides a map of your session with distance, elevation and pace.","inLanguage":"pt-PT","isPartOf":{"@id":"https:\/\/www.rucashk.com\/pt\/#website"},"breadcrumb":{"@id":"https:\/\/www.rucashk.com\/pt\/produto\/withings-steel-hr-hybrid-smartwatch\/#breadcrumblist"},"author":{"@id":"https:\/\/www.rucashk.com\/pt\/author\/admin\/#author"},"creator":{"@id":"https:\/\/www.rucashk.com\/pt\/author\/admin\/#author"},"image":{"@type":"ImageObject","url":"https:\/\/www.rucashk.com\/wp-content\/uploads\/2024\/01\/Withings-Steel-HR-Hybrid-Smartwatch.jpg","@id":"https:\/\/www.rucashk.com\/pt\/produto\/withings-steel-hr-hybrid-smartwatch\/#mainImage","width":561,"height":538},"primaryImageOfPage":{"@id":"https:\/\/www.rucashk.com\/pt\/produto\/withings-steel-hr-hybrid-smartwatch\/#mainImage"},"datePublished":"2024-01-09T15:45:28+00:00","dateModified":"2024-03-12T04:33:37+00:00"},{"@type":"WebSite","@id":"https:\/\/www.rucashk.com\/pt\/#website","url":"https:\/\/www.rucashk.com\/pt\/","name":"Rucas - Wholesale and distribution worldwide","alternateName":"Rucas - One-stop AIoT Distribution Worldwide","description":"One-stop AIoT Distribution Worldwide","inLanguage":"pt-PT","publisher":{"@id":"https:\/\/www.rucashk.com\/pt\/#organization"}}]}},"aioseo_meta_data":{"post_id":"22558","title":null,"description":null,"keywords":null,"keyphrases":null,"primary_term":null,"canonical_url":null,"og_title":null,"og_description":null,"og_object_type":"default","og_image_type":"default","og_image_url":null,"og_image_width":null,"og_image_height":null,"og_image_custom_url":null,"og_image_custom_fields":null,"og_video":null,"og_custom_url":null,"og_article_section":null,"og_article_tags":null,"twitter_use_og":false,"twitter_card":"default","twitter_image_type":"default","twitter_image_url":null,"twitter_image_custom_url":null,"twitter_image_custom_fields":null,"twitter_title":null,"twitter_description":null,"schema":{"blockGraphs":[],"customGraphs":[],"default":{"data":{"Article":[],"Course":[],"Dataset":[],"FAQPage":[],"Movie":[],"Person":[],"Product":[],"Recipe":[],"Service":[],"SoftwareApplication":[],"WebPage":[]},"graphName":"","isEnabled":true},"graphs":[]},"schema_type":"default","schema_type_options":null,"pillar_content":false,"robots_default":true,"robots_noindex":false,"robots_noarchive":false,"robots_nosnippet":false,"robots_nofollow":false,"robots_noimageindex":false,"robots_noodp":false,"robots_notranslate":false,"robots_max_snippet":null,"robots_max_videopreview":null,"robots_max_imagepreview":"large","priority":null,"frequency":null,"local_seo":null,"breadcrumb_settings":null,"limit_modified_date":false,"created":"2024-04-11 01:55:23","updated":"2025-06-22 16:45:55"},"aioseo_breadcrumb":"<div class=\"aioseo-breadcrumbs\"><span class=\"aioseo-breadcrumb\">\n\t<a href=\"https:\/\/www.rucashk.com\/pt\" title=\"Home\">Home<\/a>\n<\/span><span class=\"aioseo-breadcrumb-separator\">&raquo;<\/span><span class=\"aioseo-breadcrumb\">\n\t<a href=\"https:\/\/www.rucashk.com\/pt\/products\/\" title=\"Produtos\">Produtos<\/a>\n<\/span><span class=\"aioseo-breadcrumb-separator\">&raquo;<\/span><span class=\"aioseo-breadcrumb\">\n\t<a href=\"https:\/\/www.rucashk.com\/pt\/categoria-produto\/xiaomi-eco\/\" title=\"Xiaomi Eco\">Xiaomi Eco<\/a>\n<\/span><span class=\"aioseo-breadcrumb-separator\">&raquo;<\/span><span class=\"aioseo-breadcrumb\">\n\t<a href=\"https:\/\/www.rucashk.com\/pt\/categoria-produto\/xiaomi-eco\/amazfit-smartwatch\/\" title=\"Amazfit Smartwatch\">Amazfit Smartwatch<\/a>\n<\/span><span class=\"aioseo-breadcrumb-separator\">&raquo;<\/span><span class=\"aioseo-breadcrumb\">\n\tWithings Steel HR Hybrid Smartwatch\n<\/span><\/div>","aioseo_breadcrumb_json":[{"label":"Home","link":"https:\/\/www.rucashk.com\/pt"},{"label":"Produtos","link":"https:\/\/www.rucashk.com\/pt\/products\/"},{"label":"Xiaomi Eco","link":"https:\/\/www.rucashk.com\/pt\/categoria-produto\/xiaomi-eco\/"},{"label":"Amazfit Smartwatch","link":"https:\/\/www.rucashk.com\/pt\/categoria-produto\/xiaomi-eco\/amazfit-smartwatch\/"},{"label":"Withings Steel HR Hybrid Smartwatch","link":"https:\/\/www.rucashk.com\/pt\/produto\/withings-steel-hr-hybrid-smartwatch\/"}],"_links":{"self":[{"href":"https:\/\/www.rucashk.com\/pt\/wp-json\/wp\/v2\/product\/22558","targetHints":{"allow":["GET"]}}],"collection":[{"href":"https:\/\/www.rucashk.com\/pt\/wp-json\/wp\/v2\/product"}],"about":[{"href":"https:\/\/www.rucashk.com\/pt\/wp-json\/wp\/v2\/types\/product"}],"wp:featuredmedia":[{"embeddable":true,"href":"https:\/\/www.rucashk.com\/pt\/wp-json\/wp\/v2\/media\/22640"}],"wp:attachment":[{"href":"https:\/\/www.rucashk.com\/pt\/wp-json\/wp\/v2\/media?parent=22558"}],"wp:term":[{"taxonomy":"product_brand","embeddable":true,"href":"https:\/\/www.rucashk.com\/pt\/wp-json\/wp\/v2\/product_brand?post=22558"},{"taxonomy":"product_cat","embeddable":true,"href":"https:\/\/www.rucashk.com\/pt\/wp-json\/wp\/v2\/product_cat?post=22558"},{"taxonomy":"product_tag","embeddable":true,"href":"https:\/\/www.rucashk.com\/pt\/wp-json\/wp\/v2\/product_tag?post=22558"}],"curies":[{"name":"wp","href":"https:\/\/api.w.org\/{rel}","templated":true}]}}