{"id":22525,"date":"2024-01-09T15:45:07","date_gmt":"2024-01-09T15:45:07","guid":{"rendered":"http:\/\/rucashk.com\/?post_type=product&#038;p=22525"},"modified":"2024-03-12T14:19:20","modified_gmt":"2024-03-12T14:19:20","slug":"xiaomi-redmi-4a","status":"publish","type":"product","link":"https:\/\/www.rucashk.com\/pt\/produto\/xiaomi-redmi-4a\/","title":{"rendered":"XiaomiRedmi 4A"},"content":{"rendered":"<div class=\"product_pz\">\n<h1 style=\"text-align: center\"><strong>XiaomiRedmi 4A<\/strong><\/h1>\n<div class=\"product_pz_info product_pz_style2\"><img decoding=\"async\" class=\"js-descLazyload lazy-loaded aligncenter\" title=\"Xiaomi Redmi 4A 5.0 polegadas 4G Smartphone MIUI 8 Snapdragon 425 Quad Core 1.4GHz 2GB RAM 16GB ROM C\u00e2meras 5MP + 13MP Bluetooth 4.1 Girosc\u00f3pio infravermelho - Dourado 2GB RAM 16GB ROM\" src=\"\/wp-content\/uploads\/replace\/7470a36f972bf5dc579649c576f9d97a.jpeg\" alt=\"Xiaomi Redmi 4A 5.0 inch 4G Smartphone MIUI 8 Snapdragon 425 Quad Core 1.4GHz 2GB RAM 16GB ROM 5MP + 13MP Cameras Bluetooth 4.1 Infrared Gyroscope- Golden 2GB RAM 16GB ROM\" data-lazy=\"\/wp-content\/uploads\/replace\/7470a36f972bf5dc579649c576f9d97a.jpeg\" data-was-processed=\"true\" \/><\/div>\n<\/div>\n<div class=\"self-adaption\">\n<p><img decoding=\"async\" class=\"js-descLazyload lazy-loaded aligncenter\" title=\"Xiaomi Redmi 4A 5.0 polegadas 4G Smartphone MIUI 8 Snapdragon 425 Quad Core 1.4GHz 2GB RAM 16GB ROM C\u00e2meras 5MP + 13MP Bluetooth 4.1 Girosc\u00f3pio infravermelho - Dourado 2GB RAM 16GB ROM\" src=\"\/wp-content\/uploads\/replace\/d01b6215a8ab05e77dfdb3e8f9139f16.jpeg\" alt=\"Xiaomi Redmi 4A 5.0 inch 4G Smartphone MIUI 8 Snapdragon 425 Quad Core 1.4GHz 2GB RAM 16GB ROM 5MP + 13MP Cameras Bluetooth 4.1 Infrared Gyroscope- Golden 2GB RAM 16GB ROM\" data-lazy=\"\/wp-content\/uploads\/replace\/d01b6215a8ab05e77dfdb3e8f9139f16.jpeg\" data-was-processed=\"true\" \/><\/p>\n<p><img decoding=\"async\" class=\"js-descLazyload lazy-loaded aligncenter\" title=\"Xiaomi Redmi 4A 5.0 polegadas 4G Smartphone MIUI 8 Snapdragon 425 Quad Core 1.4GHz 2GB RAM 16GB ROM C\u00e2meras 5MP + 13MP Bluetooth 4.1 Girosc\u00f3pio infravermelho - Dourado 2GB RAM 16GB ROM\" src=\"\/wp-content\/uploads\/replace\/156b703b1ba3b1c003cd666800253006.jpeg\" alt=\"Xiaomi Redmi 4A 5.0 inch 4G Smartphone MIUI 8 Snapdragon 425 Quad Core 1.4GHz 2GB RAM 16GB ROM 5MP + 13MP Cameras Bluetooth 4.1 Infrared Gyroscope- Golden 2GB RAM 16GB ROM\" data-lazy=\"\/wp-content\/uploads\/replace\/156b703b1ba3b1c003cd666800253006.jpeg\" data-was-processed=\"true\" \/><\/p>\n<p><img decoding=\"async\" class=\"js-descLazyload lazy-loaded aligncenter\" title=\"Xiaomi Redmi 4A 5.0 polegadas 4G Smartphone MIUI 8 Snapdragon 425 Quad Core 1.4GHz 2GB RAM 16GB ROM C\u00e2meras 5MP + 13MP Bluetooth 4.1 Girosc\u00f3pio infravermelho - Dourado 2GB RAM 16GB ROM\" src=\"\/wp-content\/uploads\/replace\/7b0b1c9703e8a79b091803213933f12a.jpeg\" alt=\"Xiaomi Redmi 4A 5.0 inch 4G Smartphone MIUI 8 Snapdragon 425 Quad Core 1.4GHz 2GB RAM 16GB ROM 5MP + 13MP Cameras Bluetooth 4.1 Infrared Gyroscope- Golden 2GB RAM 16GB ROM\" data-lazy=\"\/wp-content\/uploads\/replace\/7b0b1c9703e8a79b091803213933f12a.jpeg\" data-was-processed=\"true\" \/><\/p>\n<p><img decoding=\"async\" class=\"js-descLazyload lazy-loaded\" title=\"Xiaomi Redmi 4A 5.0 polegadas 4G Smartphone MIUI 8 Snapdragon 425 Quad Core 1.4GHz 2GB RAM 16GB ROM C\u00e2meras 5MP + 13MP Bluetooth 4.1 Girosc\u00f3pio infravermelho - Dourado 2GB RAM 16GB ROM\" src=\"\/wp-content\/uploads\/replace\/1b4547975e7be990b736c47bfdf7a2bb.jpeg\" alt=\"Xiaomi Redmi 4A 5.0 inch 4G Smartphone MIUI 8 Snapdragon 425 Quad Core 1.4GHz 2GB RAM 16GB ROM 5MP + 13MP Cameras Bluetooth 4.1 Infrared Gyroscope- Golden 2GB RAM 16GB ROM\" data-lazy=\"\/wp-content\/uploads\/replace\/1b4547975e7be990b736c47bfdf7a2bb.jpeg\" data-was-processed=\"true\" \/><\/p>\n<p><img decoding=\"async\" class=\"js-descLazyload lazy-loaded aligncenter\" title=\"Xiaomi Redmi 4A 5.0 polegadas 4G Smartphone MIUI 8 Snapdragon 425 Quad Core 1.4GHz 2GB RAM 16GB ROM C\u00e2meras 5MP + 13MP Bluetooth 4.1 Girosc\u00f3pio infravermelho - Dourado 2GB RAM 16GB ROM\" src=\"\/wp-content\/uploads\/replace\/37262eaab8ec946b39ab0b094f5f0713.jpeg\" alt=\"Xiaomi Redmi 4A 5.0 inch 4G Smartphone MIUI 8 Snapdragon 425 Quad Core 1.4GHz 2GB RAM 16GB ROM 5MP + 13MP Cameras Bluetooth 4.1 Infrared Gyroscope- Golden 2GB RAM 16GB ROM\" data-lazy=\"\/wp-content\/uploads\/replace\/37262eaab8ec946b39ab0b094f5f0713.jpeg\" data-was-processed=\"true\" \/><\/p>\n<p><img decoding=\"async\" class=\"js-descLazyload lazy-loaded aligncenter\" title=\"Xiaomi Redmi 4A 5.0 polegadas 4G Smartphone MIUI 8 Snapdragon 425 Quad Core 1.4GHz 2GB RAM 16GB ROM C\u00e2meras 5MP + 13MP Bluetooth 4.1 Girosc\u00f3pio infravermelho - Dourado 2GB RAM 16GB ROM\" src=\"\/wp-content\/uploads\/replace\/30b879ce3ae86b0ec59434dfd35bc740.jpeg\" alt=\"Xiaomi Redmi 4A 5.0 inch 4G Smartphone MIUI 8 Snapdragon 425 Quad Core 1.4GHz 2GB RAM 16GB ROM 5MP + 13MP Cameras Bluetooth 4.1 Infrared Gyroscope- Golden 2GB RAM 16GB ROM\" data-lazy=\"\/wp-content\/uploads\/replace\/30b879ce3ae86b0ec59434dfd35bc740.jpeg\" data-was-processed=\"true\" \/><\/p>\n<h4 class=\"expand_en_name\">Especifica\u00e7\u00e3o<\/h4>\n<div class=\"product_pz_info product_pz_style2\">\n<table>\n<tbody>\n<tr>\n<th>Informa\u00e7\u00e3o b\u00e1sica<\/th>\n<td>Marca: Xiaomi<br \/>\nTipo: <a href=\"https:\/\/www.rucashk.com\/pt\/produto\/xiaomi-mi-a3-4g-smartphone-4gb-ram-128gb-rom\/\" class=\"\" style=\"width: auto !important\" data-wpil-post-to-id=\"2352\">Smartphone 4G<\/a><br \/>\nSO: MIUI 8<br \/>\nProvedor de servi\u00e7os: desbloqueado<br \/>\nIdioma: indon\u00e9sio, malaio, alem\u00e3o, ingl\u00eas, espanhol, franc\u00eas, italiano, h\u00fangaro, uzbeque, polon\u00eas, portugu\u00eas, romeno, esloveno, vietnamita, turco, tcheco, grego, russo, hindi, ucraniano, marata, bengali, punjabi, punjabi, Assam\u00eas, Tamil, Telugu, Kannada, Malayalam, Nepal\u00eas, Odia, Urdu, Tailand\u00eas, Birman\u00eas, \u00c1rabe, Farsi, Hebraico, Coreano, Chin\u00eas Tradicional\/Simplificado<br \/>\n<a href=\"https:\/\/www.rucashk.com\/pt\/produto\/wiko-view4-lite\/\" class=\"\" style=\"width: auto !important\" data-wpil-post-to-id=\"5614\">Slot para cart\u00e3o SIM: Duplo<\/a> SIM, espera dupla<br \/>\nTipo de cart\u00e3o SIM: Cart\u00e3o Micro SIM, Cart\u00e3o Nano SIM<\/td>\n<\/tr>\n<tr>\n<th>Hardware<\/th>\n<td>Processador: Qualcomm Snapdragon 425<br \/>\nN\u00facleos: 1,4 GHz, Quad Core<br \/>\nGPU: Adreno 308<br \/>\nRAM: 2 GB de RAM<br \/>\nROM: 16 GB<br \/>\nMem\u00f3ria Externa: Cart\u00e3o TF de at\u00e9 128GB (n\u00e3o inclu\u00eddo)<\/td>\n<\/tr>\n<tr>\n<th>Rede<\/th>\n<td>Conectividade sem fio: 3G,4G,A-GPS,Bluetooth,GPS,GSM,Wi-Fi<br \/>\nTipo de rede: GSM+CDMA+WCDMA+TD-SCDMA+FDD-LTE+TD-LTE<br \/>\n2G: G\/M B2\/B3\/B5\/B8<br \/>\nCDMA: CDMA 2000\/1X BC0<br \/>\n3G: WCDMA B1\/B2\/B5\/B8<br \/>\nTD-SCDMA: TD-SCDMA B34\/B39<br \/>\n4G: Banda FDD-LTE 1\/3\/7<br \/>\nTDD\/TD-LTE: TD-LTE B38\/B39\/B40\/B41(2555-2655MHz)<\/td>\n<\/tr>\n<tr>\n<th>Mostrar<\/th>\n<td>Tipo de tela: Capacitiva<br \/>\nTamanho da tela: 5,0 polegadas<br \/>\nResolu\u00e7\u00e3o da tela: 1280 x 720 (HD 720)<\/td>\n<\/tr>\n<tr>\n<th>C\u00e2mera<\/th>\n<td><a href=\"https:\/\/www.rucashk.com\/pt\/produto\/xiaomi-pocophone-f1-64gb-6gb-ram-dual-camera\/\" class=\"\" style=\"width: auto !important\" data-wpil-post-to-id=\"11721\">Tipo de c\u00e2mera: Dupla<\/a> c\u00e2meras (uma frontal e outra traseira)<br \/>\nC\u00e2mera traseira: 13.0MP, com luz de flash<br \/>\nC\u00e2mera frontal: 5.0MP<br \/>\nGrava\u00e7\u00e3o de v\u00eddeo: Sim<br \/>\nAbertura: f\/2.2<br \/>\nFoco de toque: Sim<br \/>\nFoco autom\u00e1tico: Sim<br \/>\nLanterna: Sim<br \/>\nFun\u00e7\u00f5es da c\u00e2mera: beleza facial, detec\u00e7\u00e3o de rosto, HDR, foto panor\u00e2mica<\/td>\n<\/tr>\n<tr>\n<th>Formatos de m\u00eddia<\/th>\n<td>Formato de imagem: BMP, GIF, JPEG, PNG<br \/>\nFormato de m\u00fasica: AAC, AMR, FLAC, MP3, OGG, WAV, WMA<br \/>\nFormato de v\u00eddeo: H.264,H.265,MP4,MPEG4,WMA<\/td>\n<\/tr>\n<tr>\n<th>Outras caracter\u00edsticas<\/th>\n<td>Interface de E\/S: 1 x slot para cart\u00e3o micro SIM, 1 x slot para cart\u00e3o Nano SIM, slot micro USB, slot para cart\u00e3o TF\/Micro SD<br \/>\nVers\u00e3o Bluetooth: V4.1<br \/>\nSensor: Aceler\u00f4metro, Sensor de Luz Ambiente, Sensor de Gravidade, Girosc\u00f3pio, Infravermelho, Sensor de Proximidade<br \/>\nOTG: Sim<br \/>\nRecursos adicionais: 3G,4G,Alarme,Bluetooth,Navegador,GPS,Sensor de gravidade,Sensor de luz,MP3,MP4,OTG,Pessoas,Sensor de proximidade,Wi-Fi<\/td>\n<\/tr>\n<tr>\n<th>Bateria<\/th>\n<td>Capacidade da bateria (mAh): 3120mAh \uff08tipo\uff09\/ 3030mAh \uff08min\uff09(Sa\u00edda 5V\/1A)<br \/>\nTipo de bateria: N\u00e3o remov\u00edvel<br \/>\nTens\u00e3o da bateria: 4,4V<\/td>\n<\/tr>\n<tr>\n<th>conte\u00fado do pacote<\/th>\n<td>Celular: 1<br \/>\nAdaptador de energia: 1<br \/>\nCabo USB: 1<br \/>\nAgulha SIM: 1<\/td>\n<\/tr>\n<tr>\n<th>Dimens\u00f5es e peso<\/th>\n<td>Tamanho do produto: 13,95 x 7,04 x 0,85 cm \/ 5,49 x 2,77 x 0,33 polegadas<br \/>\nTamanho do pacote: 15,80 x 9,00 x 5,00 cm \/ 6,22 x 3,54 x 1,97 polegadas<br \/>\nPeso do produto: 0,1310 kg<br \/>\nPeso do pacote: 0,3150 kg<\/td>\n<\/tr>\n<\/tbody>\n<\/table>\n<\/div>\n<\/div>","protected":false},"excerpt":{"rendered":"<p><strong>Processador<\/strong>: Snapdragon 425<\/p>\n<p><strong>BATER<\/strong>: 2 GB<\/p>\n<p><strong>Armazenar<\/strong>: 16 GB<\/p>\n<p><strong>Mostrar<\/strong>: 5,0 polegadas<\/p>\n<p><strong>C\u00e2mera<\/strong>: 13MP, f\/2.2<\/p>\n<p><strong>Bateria<\/strong>:\u00a0Android 6.0.1 (Marshmallow)<\/p>\n<p>The 5.0-inch device weighs 131.5 grams<\/p>","protected":false},"featured_media":22609,"template":"","meta":[],"product_brand":[],"product_cat":[1295,1297],"product_tag":[],"class_list":{"0":"post-22525","1":"product","2":"type-product","3":"status-publish","4":"has-post-thumbnail","6":"product_cat-mobile-phone","7":"product_cat-redmi-mobile-phone","9":"first","10":"instock","11":"shipping-taxable","12":"product-type-external"},"aioseo_notices":[],"aioseo_head":"\n\t\t<!-- All in One SEO Pro 4.5.9.2 - aioseo.com -->\n\t\t<meta name=\"description\" content=\"Processor: Snapdragon 425 RAM: 2GB Storage: 16GB Display: 5.0 inches Camera: 13 MP, f\/2.2 Battery: Android 6.0.1 (Marshmallow) The 5.0-inch device weighs 131.5 grams\" \/>\n\t\t<meta name=\"robots\" content=\"max-image-preview:large\" \/>\n\t\t<link rel=\"canonical\" href=\"https:\/\/www.rucashk.com\/pt\/produto\/xiaomi-redmi-4a\/\" \/>\n\t\t<meta name=\"generator\" content=\"All in One SEO Pro (AIOSEO) 4.5.9.2\" \/>\n\t\t<meta property=\"og:locale\" content=\"pt_PT\" \/>\n\t\t<meta property=\"og:site_name\" content=\"Rucas - One-stop AIoT Distribution Worldwide\" \/>\n\t\t<meta property=\"og:type\" content=\"article\" \/>\n\t\t<meta property=\"og:title\" content=\"Xiaomi Redmi 4A - Rucas - Wholesale and Distribution\" \/>\n\t\t<meta property=\"og:description\" content=\"Processor: Snapdragon 425 RAM: 2GB Storage: 16GB Display: 5.0 inches Camera: 13 MP, f\/2.2 Battery: Android 6.0.1 (Marshmallow) The 5.0-inch device weighs 131.5 grams\" \/>\n\t\t<meta property=\"og:url\" content=\"https:\/\/www.rucashk.com\/pt\/produto\/xiaomi-redmi-4a\/\" \/>\n\t\t<meta property=\"og:image\" content=\"https:\/\/www.rucashk.com\/wp-content\/uploads\/replace\/503b8e645f128a97ccde2b6290747646.jpeg\" \/>\n\t\t<meta property=\"og:image:secure_url\" content=\"https:\/\/www.rucashk.com\/wp-content\/uploads\/replace\/503b8e645f128a97ccde2b6290747646.jpeg\" \/>\n\t\t<meta property=\"og:image:width\" content=\"1456\" \/>\n\t\t<meta property=\"og:image:height\" content=\"816\" \/>\n\t\t<meta property=\"article:published_time\" content=\"2024-01-09T15:45:07+00:00\" \/>\n\t\t<meta property=\"article:modified_time\" content=\"2024-03-12T14:19:20+00:00\" \/>\n\t\t<meta name=\"twitter:card\" content=\"summary_large_image\" \/>\n\t\t<meta name=\"twitter:title\" content=\"Xiaomi Redmi 4A - Rucas - Wholesale and Distribution\" \/>\n\t\t<meta name=\"twitter:description\" content=\"Processor: Snapdragon 425 RAM: 2GB Storage: 16GB Display: 5.0 inches Camera: 13 MP, f\/2.2 Battery: Android 6.0.1 (Marshmallow) The 5.0-inch device weighs 131.5 grams\" \/>\n\t\t<meta name=\"twitter:image\" content=\"https:\/\/www.rucashk.com\/wp-content\/uploads\/replace\/503b8e645f128a97ccde2b6290747646.jpeg\" \/>\n\t\t<script type=\"application\/ld+json\" class=\"aioseo-schema\">\n\t\t\t{\"@context\":\"https:\\\/\\\/schema.org\",\"@graph\":[{\"@type\":\"BreadcrumbList\",\"@id\":\"https:\\\/\\\/www.rucashk.com\\\/pt\\\/produto\\\/xiaomi-redmi-4a\\\/#breadcrumblist\",\"itemListElement\":[{\"@type\":\"ListItem\",\"@id\":\"https:\\\/\\\/www.rucashk.com\\\/pt\\\/#listItem\",\"position\":1,\"name\":\"Home\",\"item\":\"https:\\\/\\\/www.rucashk.com\\\/pt\\\/\",\"nextItem\":\"https:\\\/\\\/www.rucashk.com\\\/pt\\\/produto\\\/xiaomi-redmi-4a\\\/#listItem\"},{\"@type\":\"ListItem\",\"@id\":\"https:\\\/\\\/www.rucashk.com\\\/pt\\\/produto\\\/xiaomi-redmi-4a\\\/#listItem\",\"position\":2,\"name\":\"Xiaomi Redmi 4A\",\"previousItem\":\"https:\\\/\\\/www.rucashk.com\\\/pt\\\/#listItem\"}]},{\"@type\":\"Organization\",\"@id\":\"https:\\\/\\\/www.rucashk.com\\\/pt\\\/#organization\",\"name\":\"Rucas\",\"url\":\"https:\\\/\\\/www.rucashk.com\\\/pt\\\/\",\"logo\":{\"@type\":\"ImageObject\",\"url\":\"https:\\\/\\\/www.rucashk.com\\\/wp-content\\\/uploads\\\/2023\\\/12\\\/Rucas_campany_logo.png\",\"@id\":\"https:\\\/\\\/www.rucashk.com\\\/pt\\\/produto\\\/xiaomi-redmi-4a\\\/#organizationLogo\",\"width\":221,\"height\":65},\"image\":{\"@id\":\"https:\\\/\\\/www.rucashk.com\\\/pt\\\/#organizationLogo\"}},{\"@type\":\"Person\",\"@id\":\"https:\\\/\\\/www.rucashk.com\\\/pt\\\/author\\\/admin\\\/#author\",\"url\":\"https:\\\/\\\/www.rucashk.com\\\/pt\\\/author\\\/admin\\\/\",\"name\":\"admin\",\"image\":{\"@type\":\"ImageObject\",\"@id\":\"https:\\\/\\\/www.rucashk.com\\\/pt\\\/produto\\\/xiaomi-redmi-4a\\\/#authorImage\",\"url\":\"https:\\\/\\\/secure.gravatar.com\\\/avatar\\\/b7c8925b09a27e72b30232f8ecaadbd5af0f70a38c78096863fe51b64f031c24?s=96&d=mm&r=g\",\"width\":96,\"height\":96,\"caption\":\"admin\"}},{\"@type\":\"WebPage\",\"@id\":\"https:\\\/\\\/www.rucashk.com\\\/pt\\\/produto\\\/xiaomi-redmi-4a\\\/#webpage\",\"url\":\"https:\\\/\\\/www.rucashk.com\\\/pt\\\/produto\\\/xiaomi-redmi-4a\\\/\",\"name\":\"Xiaomi Redmi 4A - Rucas - Wholesale and Distribution\",\"description\":\"Processor: Snapdragon 425 RAM: 2GB Storage: 16GB Display: 5.0 inches Camera: 13 MP, f\\\/2.2 Battery: Android 6.0.1 (Marshmallow) The 5.0-inch device weighs 131.5 grams\",\"inLanguage\":\"pt-PT\",\"isPartOf\":{\"@id\":\"https:\\\/\\\/www.rucashk.com\\\/pt\\\/#website\"},\"breadcrumb\":{\"@id\":\"https:\\\/\\\/www.rucashk.com\\\/pt\\\/produto\\\/xiaomi-redmi-4a\\\/#breadcrumblist\"},\"author\":{\"@id\":\"https:\\\/\\\/www.rucashk.com\\\/pt\\\/author\\\/admin\\\/#author\"},\"creator\":{\"@id\":\"https:\\\/\\\/www.rucashk.com\\\/pt\\\/author\\\/admin\\\/#author\"},\"image\":{\"@type\":\"ImageObject\",\"url\":\"https:\\\/\\\/www.rucashk.com\\\/wp-content\\\/uploads\\\/2024\\\/01\\\/xiaomi-redmi-4a.jpg\",\"@id\":\"https:\\\/\\\/www.rucashk.com\\\/pt\\\/produto\\\/xiaomi-redmi-4a\\\/#mainImage\",\"width\":501,\"height\":497},\"primaryImageOfPage\":{\"@id\":\"https:\\\/\\\/www.rucashk.com\\\/pt\\\/produto\\\/xiaomi-redmi-4a\\\/#mainImage\"},\"datePublished\":\"2024-01-09T15:45:07+00:00\",\"dateModified\":\"2024-03-12T14:19:20+00:00\"},{\"@type\":\"WebSite\",\"@id\":\"https:\\\/\\\/www.rucashk.com\\\/pt\\\/#website\",\"url\":\"https:\\\/\\\/www.rucashk.com\\\/pt\\\/\",\"name\":\"Rucas - Wholesale and distribution worldwide\",\"alternateName\":\"Rucas - One-stop AIoT Distribution Worldwide\",\"description\":\"One-stop AIoT Distribution Worldwide\",\"inLanguage\":\"pt-PT\",\"publisher\":{\"@id\":\"https:\\\/\\\/www.rucashk.com\\\/pt\\\/#organization\"}}]}\n\t\t<\/script>\n\t\t<!-- All in One SEO Pro -->\r\n\t\t<title>Xiaomi Redmi 4A - Rucas - Wholesale and Distribution<\/title>\n\n","aioseo_head_json":{"title":"Xiaomi Redmi 4A - Rucas - Wholesale and Distribution","description":"Processor: Snapdragon 425 RAM: 2GB Storage: 16GB Display: 5.0 inches Camera: 13 MP, f\/2.2 Battery: Android 6.0.1 (Marshmallow) The 5.0-inch device weighs 131.5 grams","canonical_url":"https:\/\/www.rucashk.com\/pt\/produto\/xiaomi-redmi-4a\/","robots":"max-image-preview:large","keywords":"","webmasterTools":{"miscellaneous":""},"og:locale":"pt_PT","og:site_name":"Rucas - One-stop AIoT Distribution Worldwide","og:type":"article","og:title":"Xiaomi Redmi 4A - Rucas - Wholesale and Distribution","og:description":"Processor: Snapdragon 425 RAM: 2GB Storage: 16GB Display: 5.0 inches Camera: 13 MP, f\/2.2 Battery: Android 6.0.1 (Marshmallow) The 5.0-inch device weighs 131.5 grams","og:url":"https:\/\/www.rucashk.com\/pt\/produto\/xiaomi-redmi-4a\/","og:image":"https:\/\/www.rucashk.com\/wp-content\/uploads\/replace\/503b8e645f128a97ccde2b6290747646.jpeg","og:image:secure_url":"https:\/\/www.rucashk.com\/wp-content\/uploads\/replace\/503b8e645f128a97ccde2b6290747646.jpeg","og:image:width":1456,"og:image:height":816,"article:published_time":"2024-01-09T15:45:07+00:00","article:modified_time":"2024-03-12T14:19:20+00:00","twitter:card":"summary_large_image","twitter:title":"Xiaomi Redmi 4A - Rucas - Wholesale and Distribution","twitter:description":"Processor: Snapdragon 425 RAM: 2GB Storage: 16GB Display: 5.0 inches Camera: 13 MP, f\/2.2 Battery: Android 6.0.1 (Marshmallow) The 5.0-inch device weighs 131.5 grams","twitter:image":"https:\/\/www.rucashk.com\/wp-content\/uploads\/replace\/503b8e645f128a97ccde2b6290747646.jpeg","schema":{"@context":"https:\/\/schema.org","@graph":[{"@type":"BreadcrumbList","@id":"https:\/\/www.rucashk.com\/pt\/produto\/xiaomi-redmi-4a\/#breadcrumblist","itemListElement":[{"@type":"ListItem","@id":"https:\/\/www.rucashk.com\/pt\/#listItem","position":1,"name":"Home","item":"https:\/\/www.rucashk.com\/pt\/","nextItem":"https:\/\/www.rucashk.com\/pt\/produto\/xiaomi-redmi-4a\/#listItem"},{"@type":"ListItem","@id":"https:\/\/www.rucashk.com\/pt\/produto\/xiaomi-redmi-4a\/#listItem","position":2,"name":"Xiaomi Redmi 4A","previousItem":"https:\/\/www.rucashk.com\/pt\/#listItem"}]},{"@type":"Organization","@id":"https:\/\/www.rucashk.com\/pt\/#organization","name":"Rucas","url":"https:\/\/www.rucashk.com\/pt\/","logo":{"@type":"ImageObject","url":"https:\/\/www.rucashk.com\/wp-content\/uploads\/2023\/12\/Rucas_campany_logo.png","@id":"https:\/\/www.rucashk.com\/pt\/produto\/xiaomi-redmi-4a\/#organizationLogo","width":221,"height":65},"image":{"@id":"https:\/\/www.rucashk.com\/pt\/#organizationLogo"}},{"@type":"Person","@id":"https:\/\/www.rucashk.com\/pt\/author\/admin\/#author","url":"https:\/\/www.rucashk.com\/pt\/author\/admin\/","name":"admin","image":{"@type":"ImageObject","@id":"https:\/\/www.rucashk.com\/pt\/produto\/xiaomi-redmi-4a\/#authorImage","url":"https:\/\/secure.gravatar.com\/avatar\/b7c8925b09a27e72b30232f8ecaadbd5af0f70a38c78096863fe51b64f031c24?s=96&d=mm&r=g","width":96,"height":96,"caption":"admin"}},{"@type":"WebPage","@id":"https:\/\/www.rucashk.com\/pt\/produto\/xiaomi-redmi-4a\/#webpage","url":"https:\/\/www.rucashk.com\/pt\/produto\/xiaomi-redmi-4a\/","name":"Xiaomi Redmi 4A - Rucas - Wholesale and Distribution","description":"Processor: Snapdragon 425 RAM: 2GB Storage: 16GB Display: 5.0 inches Camera: 13 MP, f\/2.2 Battery: Android 6.0.1 (Marshmallow) The 5.0-inch device weighs 131.5 grams","inLanguage":"pt-PT","isPartOf":{"@id":"https:\/\/www.rucashk.com\/pt\/#website"},"breadcrumb":{"@id":"https:\/\/www.rucashk.com\/pt\/produto\/xiaomi-redmi-4a\/#breadcrumblist"},"author":{"@id":"https:\/\/www.rucashk.com\/pt\/author\/admin\/#author"},"creator":{"@id":"https:\/\/www.rucashk.com\/pt\/author\/admin\/#author"},"image":{"@type":"ImageObject","url":"https:\/\/www.rucashk.com\/wp-content\/uploads\/2024\/01\/xiaomi-redmi-4a.jpg","@id":"https:\/\/www.rucashk.com\/pt\/produto\/xiaomi-redmi-4a\/#mainImage","width":501,"height":497},"primaryImageOfPage":{"@id":"https:\/\/www.rucashk.com\/pt\/produto\/xiaomi-redmi-4a\/#mainImage"},"datePublished":"2024-01-09T15:45:07+00:00","dateModified":"2024-03-12T14:19:20+00:00"},{"@type":"WebSite","@id":"https:\/\/www.rucashk.com\/pt\/#website","url":"https:\/\/www.rucashk.com\/pt\/","name":"Rucas - Wholesale and distribution worldwide","alternateName":"Rucas - One-stop AIoT Distribution Worldwide","description":"One-stop AIoT Distribution Worldwide","inLanguage":"pt-PT","publisher":{"@id":"https:\/\/www.rucashk.com\/pt\/#organization"}}]}},"aioseo_meta_data":{"post_id":"22525","title":null,"description":null,"keywords":null,"keyphrases":null,"primary_term":null,"canonical_url":null,"og_title":null,"og_description":null,"og_object_type":"default","og_image_type":"default","og_image_url":null,"og_image_width":null,"og_image_height":null,"og_image_custom_url":null,"og_image_custom_fields":null,"og_video":null,"og_custom_url":null,"og_article_section":null,"og_article_tags":null,"twitter_use_og":false,"twitter_card":"default","twitter_image_type":"default","twitter_image_url":null,"twitter_image_custom_url":null,"twitter_image_custom_fields":null,"twitter_title":null,"twitter_description":null,"schema":{"blockGraphs":[],"customGraphs":[],"default":{"data":{"Article":[],"Course":[],"Dataset":[],"FAQPage":[],"Movie":[],"Person":[],"Product":[],"Recipe":[],"Service":[],"SoftwareApplication":[],"WebPage":[]},"graphName":"","isEnabled":true},"graphs":[]},"schema_type":"default","schema_type_options":null,"pillar_content":false,"robots_default":true,"robots_noindex":false,"robots_noarchive":false,"robots_nosnippet":false,"robots_nofollow":false,"robots_noimageindex":false,"robots_noodp":false,"robots_notranslate":false,"robots_max_snippet":null,"robots_max_videopreview":null,"robots_max_imagepreview":"large","priority":null,"frequency":null,"local_seo":null,"breadcrumb_settings":null,"limit_modified_date":false,"created":"2024-04-11 01:55:23","updated":"2025-06-22 16:45:01"},"aioseo_breadcrumb":"<div class=\"aioseo-breadcrumbs\"><span class=\"aioseo-breadcrumb\">\n\t<a href=\"https:\/\/www.rucashk.com\/pt\" title=\"Home\">Home<\/a>\n<\/span><span class=\"aioseo-breadcrumb-separator\">&raquo;<\/span><span class=\"aioseo-breadcrumb\">\n\t<a href=\"https:\/\/www.rucashk.com\/pt\/products\/\" title=\"Produtos\">Produtos<\/a>\n<\/span><span class=\"aioseo-breadcrumb-separator\">&raquo;<\/span><span class=\"aioseo-breadcrumb\">\n\t<a href=\"https:\/\/www.rucashk.com\/pt\/categoria-produto\/mobile-phone\/\" title=\"Mobile Phone\">Mobile Phone<\/a>\n<\/span><span class=\"aioseo-breadcrumb-separator\">&raquo;<\/span><span class=\"aioseo-breadcrumb\">\n\t<a href=\"https:\/\/www.rucashk.com\/pt\/categoria-produto\/mobile-phone\/redmi-mobile-phone\/\" title=\"Redmi\">Redmi<\/a>\n<\/span><span class=\"aioseo-breadcrumb-separator\">&raquo;<\/span><span class=\"aioseo-breadcrumb\">\n\tXiaomi Redmi 4A\n<\/span><\/div>","aioseo_breadcrumb_json":[{"label":"Home","link":"https:\/\/www.rucashk.com\/pt"},{"label":"Produtos","link":"https:\/\/www.rucashk.com\/pt\/products\/"},{"label":"Mobile Phone","link":"https:\/\/www.rucashk.com\/pt\/categoria-produto\/mobile-phone\/"},{"label":"Redmi","link":"https:\/\/www.rucashk.com\/pt\/categoria-produto\/mobile-phone\/redmi-mobile-phone\/"},{"label":"Xiaomi Redmi 4A","link":"https:\/\/www.rucashk.com\/pt\/produto\/xiaomi-redmi-4a\/"}],"_links":{"self":[{"href":"https:\/\/www.rucashk.com\/pt\/wp-json\/wp\/v2\/product\/22525","targetHints":{"allow":["GET"]}}],"collection":[{"href":"https:\/\/www.rucashk.com\/pt\/wp-json\/wp\/v2\/product"}],"about":[{"href":"https:\/\/www.rucashk.com\/pt\/wp-json\/wp\/v2\/types\/product"}],"wp:featuredmedia":[{"embeddable":true,"href":"https:\/\/www.rucashk.com\/pt\/wp-json\/wp\/v2\/media\/22609"}],"wp:attachment":[{"href":"https:\/\/www.rucashk.com\/pt\/wp-json\/wp\/v2\/media?parent=22525"}],"wp:term":[{"taxonomy":"product_brand","embeddable":true,"href":"https:\/\/www.rucashk.com\/pt\/wp-json\/wp\/v2\/product_brand?post=22525"},{"taxonomy":"product_cat","embeddable":true,"href":"https:\/\/www.rucashk.com\/pt\/wp-json\/wp\/v2\/product_cat?post=22525"},{"taxonomy":"product_tag","embeddable":true,"href":"https:\/\/www.rucashk.com\/pt\/wp-json\/wp\/v2\/product_tag?post=22525"}],"curies":[{"name":"wp","href":"https:\/\/api.w.org\/{rel}","templated":true}]}}