{"id":22519,"date":"2024-01-09T15:45:06","date_gmt":"2024-01-09T15:45:06","guid":{"rendered":"http:\/\/rucashk.com\/?post_type=product&#038;p=22519"},"modified":"2024-03-11T07:58:45","modified_gmt":"2024-03-11T07:58:45","slug":"xiaomi-redmi-k20","status":"publish","type":"product","link":"https:\/\/www.rucashk.com\/pt\/produto\/xiaomi-redmi-k20\/","title":{"rendered":"XiaomiRedmi K20"},"content":{"rendered":"<div class=\"detailmodule_html\">\n<div class=\"detailmodule_html\">\n<div class=\"detail-desc-decorate-richtext\">\n<div>\n<div>\n<div data-spm-anchor-id=\"0.0.0.i3.52f03e5fYuLggn\">\n<h2 style=\"text-align: center\" data-spm-anchor-id=\"a2g0o.detail.1000023.i0.4b0e14e2KgA428\"><strong>XiaomiRedmi K20\u00a0<\/strong><\/h2>\n<div style=\"text-align: center\">Snapdragon 730 Octa N\u00facleo | C\u00e2meras triplas de 48 MP | C\u00e2mera pop-up frontal de 20 MP<\/div>\n<div><img fetchpriority=\"high\" decoding=\"async\" class=\"aligncenter\" src=\"\/wp-content\/uploads\/replace\/919ef029df26aca1fc072f11a29d565f.jpeg\" alt=\"Xiaomi Redmi K20 \" width=\"930\" height=\"500\" \/><\/div>\n<div><img decoding=\"async\" class=\"aligncenter\" src=\"\/wp-content\/uploads\/replace\/16aee0707505c24d97b1f100201d4e19.jpeg\" alt=\"Xiaomi Redmi K20 \" width=\"930\" height=\"398\" \/><\/div>\n<div style=\"text-align: center\">Qualcomm Snapdragon 730, CPU aumentada em 35%, tecnologia de processo de 8 nm, consumo de energia reduzido<\/div>\n<div style=\"text-align: center\">10%; A efici\u00eancia do processamento de IA aumentou 2,6 vezes<\/div>\n<div><img decoding=\"async\" class=\"aligncenter\" src=\"\/wp-content\/uploads\/replace\/e02442b0e0e080f50136d21fc802113f.jpeg\" alt=\"k20-3\" \/><\/div>\n<div style=\"text-align: center\">Jogo Turbo 2.0 | MI Turbo<\/div>\n<div style=\"text-align: center\">Reduzindo a velocidade de opera\u00e7\u00e3o lenta em 25%<\/div>\n<div><img decoding=\"async\" class=\"aligncenter\" src=\"\/wp-content\/uploads\/replace\/e7fec4e031c8dde717bf655ba19da8ab.jpeg\" alt=\"k20-4\" \/><\/div>\n<div style=\"text-align: center\">AMOLED de 6,39 polegadas \u2013 queixo estreito de 3,8 mm, protetor solar 2.0, luz azul baixa VDE<\/div>\n<div><img decoding=\"async\" class=\"aligncenter\" src=\"\/wp-content\/uploads\/replace\/6211bc62de90b89406666c12443c1c66.jpeg\" alt=\"\u672a\u6807\u9898-8\" \/><\/div>\n<div style=\"text-align: center\">4000mAh com carregador de 18W<\/div>\n<div><img decoding=\"async\" class=\"aligncenter\" src=\"\/wp-content\/uploads\/replace\/9f25eac71b7b493420168028a71dfc44.jpeg\" alt=\"k20-6\" \/><\/div>\n<div style=\"text-align: center\">C\u00e2meras IMX 582 de 48 MP + 8 MP + 13 MP<\/div>\n<div><img decoding=\"async\" class=\"aligncenter\" src=\"\/wp-content\/uploads\/replace\/3e876c33681dcf0e8d7454c01cdf2df8.jpeg\" alt=\"k20-7\" \/><\/div>\n<div><img decoding=\"async\" class=\"aligncenter\" src=\"\/wp-content\/uploads\/replace\/573ff041b36e52520c77446aaed53c35.jpeg\" alt=\"Xiaomi Redmi K20 \" width=\"930\" height=\"500\" \/><\/div>\n<div style=\"text-align: center\">Super grande angular | Fotografia super grande angular de 124,8\u00b0<\/div>\n<div><img loading=\"lazy\" decoding=\"async\" class=\"aligncenter\" src=\"\/wp-content\/uploads\/replace\/ca27f619875432b7473649d796edb0c1.jpeg\" alt=\"Xiaomi Redmi K20 \" width=\"930\" height=\"600\" \/><\/div>\n<div style=\"text-align: center\">Cena super noturna | Sensor de 1\/2\u2033 e sensor grande de 1,6 \u03bcm<\/div>\n<div><img loading=\"lazy\" decoding=\"async\" class=\"aligncenter\" src=\"\/wp-content\/uploads\/replace\/384f3d5fe33a5bb45d6f331b83137104.jpeg\" alt=\"Xiaomi Redmi K20 \" width=\"930\" height=\"500\" \/><\/div>\n<div style=\"text-align: center\">C\u00e2meras frontais pop-up de 20 MP AI Smart Beauty<\/div>\n<div><img loading=\"lazy\" decoding=\"async\" class=\"aligncenter\" src=\"\/wp-content\/uploads\/replace\/2f114e92d7bed49f930dd127be1afaef.jpeg\" alt=\"Xiaomi Redmi K20 \" width=\"930\" height=\"500\" \/><\/div>\n<div><img loading=\"lazy\" decoding=\"async\" class=\"aligncenter\" src=\"\/wp-content\/uploads\/replace\/ce6c668db31c0c05320da73bc83aa5ac.jpeg\" alt=\"Xiaomi Redmi K20 \" width=\"930\" height=\"500\" \/><\/div>\n<div style=\"text-align: center\">Impress\u00f5es digitais na tela de 7\u00aa gera\u00e7\u00e3o<\/div>\n<div><img loading=\"lazy\" decoding=\"async\" class=\"aligncenter\" src=\"\/wp-content\/uploads\/replace\/964c80d1615f97d70811f83b14ce18b1.jpeg\" alt=\"Xiaomi Redmi K20 \" width=\"930\" height=\"540\" \/><\/div>\n<div><img decoding=\"async\" class=\"aligncenter\" src=\"\/wp-content\/uploads\/replace\/59dfa9bef1aa0a2861836554d78828cc.jpeg\" alt=\"k20-14\" \/><\/div>\n<div style=\"text-align: center\"><\/div>\n<div style=\"text-align: center\">Qualidade de som HiFi \u2013 chip de \u00e1udio independente Qualcomm WCD9375<\/div>\n<div style=\"text-align: center\">Conector de fone de ouvido de 3,5 mm | Suporte para fone de ouvido digital USB-C<\/div>\n<div><img loading=\"lazy\" decoding=\"async\" class=\"aligncenter\" src=\"\/wp-content\/uploads\/replace\/d89d4f2de052b380a8b67b988dc6ba16.jpeg\" alt=\"Xiaomi Redmi K20 \" width=\"930\" height=\"500\" \/><\/div>\n<div><img loading=\"lazy\" decoding=\"async\" class=\"aligncenter\" src=\"\/wp-content\/uploads\/replace\/7abbc25c1708d38b0b9203bbdbd309e7.jpeg\" alt=\"Xiaomi Redmi K20 \" width=\"930\" height=\"500\" \/><\/div>\n<\/div>\n<\/div>\n<\/div>\n<\/div>\n<\/div>\n<\/div>\n<p><img loading=\"lazy\" decoding=\"async\" class=\"aligncenter\" src=\"\/wp-content\/uploads\/replace\/95373e7965fd436e0eb56dc51a93ecb6.jpeg\" alt=\"Xiaomi Redmi K20 \" width=\"940\" height=\"470\" \/><\/p>\n<div>CPU \u2014\u2014\u2014- Snapdragon 730 Octa Core, Adreno 618<\/div>\n<div>\n<div>\u00a0\u00a0\u00a0Tela \u2014\u2014- Tela AMOLED de 6,39\u2033, 19,5:9 403 PPI, 2340*1080 FHD+<\/div>\n<div>\u00a0\u00a0\u00a0RAM + ROM \u2013 6 GB + 128 GB (n\u00e3o suporta cart\u00e3o TF)<\/div>\n<div>\u00a0\u00a0\u00a0C\u00e2mera \u2014\u2014 C\u00e2mera traseira tripla de 48 MP + 8 MP + 13 MP, c\u00e2mera frontal de 20 MP<\/div>\n<div>\u00a0\u00a0\u00a0Bateria \u2014\u2014 4000mAh (Typ)\/3900mAh (Min), com carregador de 18W<\/div>\n<div>\u00a0\u00a0\u00a0SO \u2014\u2014\u2014\u2013 MIUI 10, vers\u00e3o CN, 2 op\u00e7\u00f5es,<\/div>\n<div>\u00a0 \u00a0 \u00a0 \u00a0 \u00a0 \u00a0 \u00a0 \u00a0 \u00a0 \u00a0 \u00a0 \u00a0 \u00a0(Bootloader desbloqueado para instala\u00e7\u00e3o de ROM Global, Android Pay, Netflix, alguns aplicativos banc\u00e1rios podem n\u00e3o ser suportados.)<\/div>\n<div><\/div>\n<div>\u00a0\u00a0\u00a0Outros \u2014\u2014\u2013 WIFI, Bluetooth 5.0, GPS, OTG, Game Turbo 2.0, HIFI, NFC<\/div>\n<div>\u00a0\u00a0\u00a0Rede \u2014\u2013 Netcom completo, Dual SIM Dual Standby (cart\u00e3o Nano SIM x 2)<\/div>\n<div>\u00a0\u00a0\u00a02G: GSM 850\/900\/1800\/1900 MHz,CDMA 1X:BC0<\/div>\n<div>\u00a0\u00a0\u00a03G: WCDMA 850\/900\/1900\/2100 MHz, TD-SCDMA: B34\/B39, CDMA EVDO: BC0<\/div>\n<\/div>\n<div>\n<p>\u00a0\u00a0\u00a04G: LTE B3\/B1\/B7\/B5\/B8;<\/p>\n<div data-spm-anchor-id=\"a2g0o.detail.1000023.i1.4b0e14e2KgA428\">\u00a0 \u00a0 \u00a0 \u00a0 \u00a0TD LTE B34\/B38\/B39\/B40\/B41<\/div>\n<\/div>\n<p>&nbsp;<\/p>\n<div><\/div>\n<p>&nbsp;<\/p>\n<div><\/div>","protected":false},"excerpt":{"rendered":"<p>Qualcomm\u00ae Snapdragon\u2122 730.<\/p>\n<p>Game Turbo 2.0.<\/p>\n<p>4000mAh high-capacity battery.<\/p>\n<p>48MP AI Triple Rear camera.<\/p>\n<p>In-display fingerprint sensor.<\/p>\n<div class=\"context\">\n<div class=\"h2-color transi-up delay-05 webfont\">Corning\u00ae Gorilla\u00ae Glass 5.<\/div>\n<\/div>","protected":false},"featured_media":22582,"template":"","meta":[],"product_brand":[],"product_cat":[1295,1297],"product_tag":[],"class_list":{"0":"post-22519","1":"product","2":"type-product","3":"status-publish","4":"has-post-thumbnail","6":"product_cat-mobile-phone","7":"product_cat-redmi-mobile-phone","9":"first","10":"instock","11":"shipping-taxable","12":"product-type-external"},"aioseo_notices":[],"aioseo_head":"\n\t\t<!-- All in One SEO Pro 4.5.9.2 - aioseo.com -->\n\t\t<meta name=\"description\" content=\"Qualcomm\u00ae Snapdragon\u2122 730. Game Turbo 2.0. 4000mAh high-capacity battery. 48MP AI Triple Rear camera. In-display fingerprint sensor. Corning\u00ae Gorilla\u00ae Glass 5.\" \/>\n\t\t<meta name=\"robots\" content=\"max-image-preview:large\" \/>\n\t\t<link rel=\"canonical\" href=\"https:\/\/www.rucashk.com\/pt\/produto\/xiaomi-redmi-k20\/\" \/>\n\t\t<meta name=\"generator\" content=\"All in One SEO Pro (AIOSEO) 4.5.9.2\" \/>\n\t\t<meta property=\"og:locale\" content=\"pt_PT\" \/>\n\t\t<meta property=\"og:site_name\" content=\"Rucas - One-stop AIoT Distribution Worldwide\" \/>\n\t\t<meta property=\"og:type\" content=\"article\" \/>\n\t\t<meta property=\"og:title\" content=\"Xiaomi Redmi K20 - Rucas - Wholesale and Distribution\" \/>\n\t\t<meta property=\"og:description\" content=\"Qualcomm\u00ae Snapdragon\u2122 730. Game Turbo 2.0. 4000mAh high-capacity battery. 48MP AI Triple Rear camera. In-display fingerprint sensor. Corning\u00ae Gorilla\u00ae Glass 5.\" \/>\n\t\t<meta property=\"og:url\" content=\"https:\/\/www.rucashk.com\/pt\/produto\/xiaomi-redmi-k20\/\" \/>\n\t\t<meta property=\"og:image\" content=\"https:\/\/www.rucashk.com\/wp-content\/uploads\/replace\/503b8e645f128a97ccde2b6290747646.jpeg\" \/>\n\t\t<meta property=\"og:image:secure_url\" content=\"https:\/\/www.rucashk.com\/wp-content\/uploads\/replace\/503b8e645f128a97ccde2b6290747646.jpeg\" \/>\n\t\t<meta property=\"og:image:width\" content=\"1456\" \/>\n\t\t<meta property=\"og:image:height\" content=\"816\" \/>\n\t\t<meta property=\"article:published_time\" content=\"2024-01-09T15:45:06+00:00\" \/>\n\t\t<meta property=\"article:modified_time\" content=\"2024-03-11T07:58:45+00:00\" \/>\n\t\t<meta name=\"twitter:card\" content=\"summary_large_image\" \/>\n\t\t<meta name=\"twitter:title\" content=\"Xiaomi Redmi K20 - Rucas - Wholesale and Distribution\" \/>\n\t\t<meta name=\"twitter:description\" content=\"Qualcomm\u00ae Snapdragon\u2122 730. Game Turbo 2.0. 4000mAh high-capacity battery. 48MP AI Triple Rear camera. In-display fingerprint sensor. Corning\u00ae Gorilla\u00ae Glass 5.\" \/>\n\t\t<meta name=\"twitter:image\" content=\"https:\/\/www.rucashk.com\/wp-content\/uploads\/replace\/503b8e645f128a97ccde2b6290747646.jpeg\" \/>\n\t\t<script type=\"application\/ld+json\" class=\"aioseo-schema\">\n\t\t\t{\"@context\":\"https:\\\/\\\/schema.org\",\"@graph\":[{\"@type\":\"BreadcrumbList\",\"@id\":\"https:\\\/\\\/www.rucashk.com\\\/pt\\\/produto\\\/xiaomi-redmi-k20\\\/#breadcrumblist\",\"itemListElement\":[{\"@type\":\"ListItem\",\"@id\":\"https:\\\/\\\/www.rucashk.com\\\/pt\\\/#listItem\",\"position\":1,\"name\":\"Home\",\"item\":\"https:\\\/\\\/www.rucashk.com\\\/pt\\\/\",\"nextItem\":\"https:\\\/\\\/www.rucashk.com\\\/pt\\\/produto\\\/xiaomi-redmi-k20\\\/#listItem\"},{\"@type\":\"ListItem\",\"@id\":\"https:\\\/\\\/www.rucashk.com\\\/pt\\\/produto\\\/xiaomi-redmi-k20\\\/#listItem\",\"position\":2,\"name\":\"Xiaomi Redmi K20\",\"previousItem\":\"https:\\\/\\\/www.rucashk.com\\\/pt\\\/#listItem\"}]},{\"@type\":\"Organization\",\"@id\":\"https:\\\/\\\/www.rucashk.com\\\/pt\\\/#organization\",\"name\":\"Rucas\",\"url\":\"https:\\\/\\\/www.rucashk.com\\\/pt\\\/\",\"logo\":{\"@type\":\"ImageObject\",\"url\":\"https:\\\/\\\/www.rucashk.com\\\/wp-content\\\/uploads\\\/2023\\\/12\\\/Rucas_campany_logo.png\",\"@id\":\"https:\\\/\\\/www.rucashk.com\\\/pt\\\/produto\\\/xiaomi-redmi-k20\\\/#organizationLogo\",\"width\":221,\"height\":65},\"image\":{\"@id\":\"https:\\\/\\\/www.rucashk.com\\\/pt\\\/#organizationLogo\"}},{\"@type\":\"Person\",\"@id\":\"https:\\\/\\\/www.rucashk.com\\\/pt\\\/author\\\/admin\\\/#author\",\"url\":\"https:\\\/\\\/www.rucashk.com\\\/pt\\\/author\\\/admin\\\/\",\"name\":\"admin\",\"image\":{\"@type\":\"ImageObject\",\"@id\":\"https:\\\/\\\/www.rucashk.com\\\/pt\\\/produto\\\/xiaomi-redmi-k20\\\/#authorImage\",\"url\":\"https:\\\/\\\/secure.gravatar.com\\\/avatar\\\/b7c8925b09a27e72b30232f8ecaadbd5af0f70a38c78096863fe51b64f031c24?s=96&d=mm&r=g\",\"width\":96,\"height\":96,\"caption\":\"admin\"}},{\"@type\":\"WebPage\",\"@id\":\"https:\\\/\\\/www.rucashk.com\\\/pt\\\/produto\\\/xiaomi-redmi-k20\\\/#webpage\",\"url\":\"https:\\\/\\\/www.rucashk.com\\\/pt\\\/produto\\\/xiaomi-redmi-k20\\\/\",\"name\":\"Xiaomi Redmi K20 - Rucas - Wholesale and Distribution\",\"description\":\"Qualcomm\\u00ae Snapdragon\\u2122 730. Game Turbo 2.0. 4000mAh high-capacity battery. 48MP AI Triple Rear camera. In-display fingerprint sensor. Corning\\u00ae Gorilla\\u00ae Glass 5.\",\"inLanguage\":\"pt-PT\",\"isPartOf\":{\"@id\":\"https:\\\/\\\/www.rucashk.com\\\/pt\\\/#website\"},\"breadcrumb\":{\"@id\":\"https:\\\/\\\/www.rucashk.com\\\/pt\\\/produto\\\/xiaomi-redmi-k20\\\/#breadcrumblist\"},\"author\":{\"@id\":\"https:\\\/\\\/www.rucashk.com\\\/pt\\\/author\\\/admin\\\/#author\"},\"creator\":{\"@id\":\"https:\\\/\\\/www.rucashk.com\\\/pt\\\/author\\\/admin\\\/#author\"},\"image\":{\"@type\":\"ImageObject\",\"url\":\"https:\\\/\\\/www.rucashk.com\\\/wp-content\\\/uploads\\\/2024\\\/01\\\/xiaomi-k20_\\u526f\\u672c-1.png\",\"@id\":\"https:\\\/\\\/www.rucashk.com\\\/pt\\\/produto\\\/xiaomi-redmi-k20\\\/#mainImage\",\"width\":800,\"height\":800},\"primaryImageOfPage\":{\"@id\":\"https:\\\/\\\/www.rucashk.com\\\/pt\\\/produto\\\/xiaomi-redmi-k20\\\/#mainImage\"},\"datePublished\":\"2024-01-09T15:45:06+00:00\",\"dateModified\":\"2024-03-11T07:58:45+00:00\"},{\"@type\":\"WebSite\",\"@id\":\"https:\\\/\\\/www.rucashk.com\\\/pt\\\/#website\",\"url\":\"https:\\\/\\\/www.rucashk.com\\\/pt\\\/\",\"name\":\"Rucas - Wholesale and distribution worldwide\",\"alternateName\":\"Rucas - One-stop AIoT Distribution Worldwide\",\"description\":\"One-stop AIoT Distribution Worldwide\",\"inLanguage\":\"pt-PT\",\"publisher\":{\"@id\":\"https:\\\/\\\/www.rucashk.com\\\/pt\\\/#organization\"}}]}\n\t\t<\/script>\n\t\t<!-- All in One SEO Pro -->\r\n\t\t<title>Xiaomi Redmi K20 - Rucas - Wholesale and Distribution<\/title>\n\n","aioseo_head_json":{"title":"Xiaomi Redmi K20 - Rucas - Wholesale and Distribution","description":"Qualcomm\u00ae Snapdragon\u2122 730. Game Turbo 2.0. 4000mAh high-capacity battery. 48MP AI Triple Rear camera. In-display fingerprint sensor. Corning\u00ae Gorilla\u00ae Glass 5.","canonical_url":"https:\/\/www.rucashk.com\/pt\/produto\/xiaomi-redmi-k20\/","robots":"max-image-preview:large","keywords":"","webmasterTools":{"miscellaneous":""},"og:locale":"pt_PT","og:site_name":"Rucas - One-stop AIoT Distribution Worldwide","og:type":"article","og:title":"Xiaomi Redmi K20 - Rucas - Wholesale and Distribution","og:description":"Qualcomm\u00ae Snapdragon\u2122 730. Game Turbo 2.0. 4000mAh high-capacity battery. 48MP AI Triple Rear camera. In-display fingerprint sensor. Corning\u00ae Gorilla\u00ae Glass 5.","og:url":"https:\/\/www.rucashk.com\/pt\/produto\/xiaomi-redmi-k20\/","og:image":"https:\/\/www.rucashk.com\/wp-content\/uploads\/replace\/503b8e645f128a97ccde2b6290747646.jpeg","og:image:secure_url":"https:\/\/www.rucashk.com\/wp-content\/uploads\/replace\/503b8e645f128a97ccde2b6290747646.jpeg","og:image:width":1456,"og:image:height":816,"article:published_time":"2024-01-09T15:45:06+00:00","article:modified_time":"2024-03-11T07:58:45+00:00","twitter:card":"summary_large_image","twitter:title":"Xiaomi Redmi K20 - Rucas - Wholesale and Distribution","twitter:description":"Qualcomm\u00ae Snapdragon\u2122 730. Game Turbo 2.0. 4000mAh high-capacity battery. 48MP AI Triple Rear camera. In-display fingerprint sensor. Corning\u00ae Gorilla\u00ae Glass 5.","twitter:image":"https:\/\/www.rucashk.com\/wp-content\/uploads\/replace\/503b8e645f128a97ccde2b6290747646.jpeg","schema":{"@context":"https:\/\/schema.org","@graph":[{"@type":"BreadcrumbList","@id":"https:\/\/www.rucashk.com\/pt\/produto\/xiaomi-redmi-k20\/#breadcrumblist","itemListElement":[{"@type":"ListItem","@id":"https:\/\/www.rucashk.com\/pt\/#listItem","position":1,"name":"Home","item":"https:\/\/www.rucashk.com\/pt\/","nextItem":"https:\/\/www.rucashk.com\/pt\/produto\/xiaomi-redmi-k20\/#listItem"},{"@type":"ListItem","@id":"https:\/\/www.rucashk.com\/pt\/produto\/xiaomi-redmi-k20\/#listItem","position":2,"name":"Xiaomi Redmi K20","previousItem":"https:\/\/www.rucashk.com\/pt\/#listItem"}]},{"@type":"Organization","@id":"https:\/\/www.rucashk.com\/pt\/#organization","name":"Rucas","url":"https:\/\/www.rucashk.com\/pt\/","logo":{"@type":"ImageObject","url":"https:\/\/www.rucashk.com\/wp-content\/uploads\/2023\/12\/Rucas_campany_logo.png","@id":"https:\/\/www.rucashk.com\/pt\/produto\/xiaomi-redmi-k20\/#organizationLogo","width":221,"height":65},"image":{"@id":"https:\/\/www.rucashk.com\/pt\/#organizationLogo"}},{"@type":"Person","@id":"https:\/\/www.rucashk.com\/pt\/author\/admin\/#author","url":"https:\/\/www.rucashk.com\/pt\/author\/admin\/","name":"admin","image":{"@type":"ImageObject","@id":"https:\/\/www.rucashk.com\/pt\/produto\/xiaomi-redmi-k20\/#authorImage","url":"https:\/\/secure.gravatar.com\/avatar\/b7c8925b09a27e72b30232f8ecaadbd5af0f70a38c78096863fe51b64f031c24?s=96&d=mm&r=g","width":96,"height":96,"caption":"admin"}},{"@type":"WebPage","@id":"https:\/\/www.rucashk.com\/pt\/produto\/xiaomi-redmi-k20\/#webpage","url":"https:\/\/www.rucashk.com\/pt\/produto\/xiaomi-redmi-k20\/","name":"Xiaomi Redmi K20 - Rucas - Wholesale and Distribution","description":"Qualcomm\u00ae Snapdragon\u2122 730. Game Turbo 2.0. 4000mAh high-capacity battery. 48MP AI Triple Rear camera. In-display fingerprint sensor. Corning\u00ae Gorilla\u00ae Glass 5.","inLanguage":"pt-PT","isPartOf":{"@id":"https:\/\/www.rucashk.com\/pt\/#website"},"breadcrumb":{"@id":"https:\/\/www.rucashk.com\/pt\/produto\/xiaomi-redmi-k20\/#breadcrumblist"},"author":{"@id":"https:\/\/www.rucashk.com\/pt\/author\/admin\/#author"},"creator":{"@id":"https:\/\/www.rucashk.com\/pt\/author\/admin\/#author"},"image":{"@type":"ImageObject","url":"https:\/\/www.rucashk.com\/wp-content\/uploads\/2024\/01\/xiaomi-k20_\u526f\u672c-1.png","@id":"https:\/\/www.rucashk.com\/pt\/produto\/xiaomi-redmi-k20\/#mainImage","width":800,"height":800},"primaryImageOfPage":{"@id":"https:\/\/www.rucashk.com\/pt\/produto\/xiaomi-redmi-k20\/#mainImage"},"datePublished":"2024-01-09T15:45:06+00:00","dateModified":"2024-03-11T07:58:45+00:00"},{"@type":"WebSite","@id":"https:\/\/www.rucashk.com\/pt\/#website","url":"https:\/\/www.rucashk.com\/pt\/","name":"Rucas - Wholesale and distribution worldwide","alternateName":"Rucas - One-stop AIoT Distribution Worldwide","description":"One-stop AIoT Distribution Worldwide","inLanguage":"pt-PT","publisher":{"@id":"https:\/\/www.rucashk.com\/pt\/#organization"}}]}},"aioseo_meta_data":{"post_id":"22519","title":null,"description":null,"keywords":null,"keyphrases":null,"primary_term":null,"canonical_url":null,"og_title":null,"og_description":null,"og_object_type":"default","og_image_type":"default","og_image_url":null,"og_image_width":null,"og_image_height":null,"og_image_custom_url":null,"og_image_custom_fields":null,"og_video":null,"og_custom_url":null,"og_article_section":null,"og_article_tags":null,"twitter_use_og":false,"twitter_card":"default","twitter_image_type":"default","twitter_image_url":null,"twitter_image_custom_url":null,"twitter_image_custom_fields":null,"twitter_title":null,"twitter_description":null,"schema":{"blockGraphs":[],"customGraphs":[],"default":{"data":{"Article":[],"Course":[],"Dataset":[],"FAQPage":[],"Movie":[],"Person":[],"Product":[],"Recipe":[],"Service":[],"SoftwareApplication":[],"WebPage":[]},"graphName":"","isEnabled":true},"graphs":[]},"schema_type":"default","schema_type_options":null,"pillar_content":false,"robots_default":true,"robots_noindex":false,"robots_noarchive":false,"robots_nosnippet":false,"robots_nofollow":false,"robots_noimageindex":false,"robots_noodp":false,"robots_notranslate":false,"robots_max_snippet":null,"robots_max_videopreview":null,"robots_max_imagepreview":"large","priority":null,"frequency":null,"local_seo":null,"breadcrumb_settings":null,"limit_modified_date":false,"created":"2024-04-11 01:55:23","updated":"2025-06-22 16:44:02"},"aioseo_breadcrumb":"<div class=\"aioseo-breadcrumbs\"><span class=\"aioseo-breadcrumb\">\n\t<a href=\"https:\/\/www.rucashk.com\/pt\" title=\"Home\">Home<\/a>\n<\/span><span class=\"aioseo-breadcrumb-separator\">&raquo;<\/span><span class=\"aioseo-breadcrumb\">\n\t<a href=\"https:\/\/www.rucashk.com\/pt\/products\/\" title=\"Produtos\">Produtos<\/a>\n<\/span><span class=\"aioseo-breadcrumb-separator\">&raquo;<\/span><span class=\"aioseo-breadcrumb\">\n\t<a href=\"https:\/\/www.rucashk.com\/pt\/categoria-produto\/mobile-phone\/\" title=\"Mobile Phone\">Mobile Phone<\/a>\n<\/span><span class=\"aioseo-breadcrumb-separator\">&raquo;<\/span><span class=\"aioseo-breadcrumb\">\n\t<a href=\"https:\/\/www.rucashk.com\/pt\/categoria-produto\/mobile-phone\/redmi-mobile-phone\/\" title=\"Redmi\">Redmi<\/a>\n<\/span><span class=\"aioseo-breadcrumb-separator\">&raquo;<\/span><span class=\"aioseo-breadcrumb\">\n\tXiaomi Redmi K20\n<\/span><\/div>","aioseo_breadcrumb_json":[{"label":"Home","link":"https:\/\/www.rucashk.com\/pt"},{"label":"Produtos","link":"https:\/\/www.rucashk.com\/pt\/products\/"},{"label":"Mobile Phone","link":"https:\/\/www.rucashk.com\/pt\/categoria-produto\/mobile-phone\/"},{"label":"Redmi","link":"https:\/\/www.rucashk.com\/pt\/categoria-produto\/mobile-phone\/redmi-mobile-phone\/"},{"label":"Xiaomi Redmi K20","link":"https:\/\/www.rucashk.com\/pt\/produto\/xiaomi-redmi-k20\/"}],"_links":{"self":[{"href":"https:\/\/www.rucashk.com\/pt\/wp-json\/wp\/v2\/product\/22519","targetHints":{"allow":["GET"]}}],"collection":[{"href":"https:\/\/www.rucashk.com\/pt\/wp-json\/wp\/v2\/product"}],"about":[{"href":"https:\/\/www.rucashk.com\/pt\/wp-json\/wp\/v2\/types\/product"}],"wp:featuredmedia":[{"embeddable":true,"href":"https:\/\/www.rucashk.com\/pt\/wp-json\/wp\/v2\/media\/22582"}],"wp:attachment":[{"href":"https:\/\/www.rucashk.com\/pt\/wp-json\/wp\/v2\/media?parent=22519"}],"wp:term":[{"taxonomy":"product_brand","embeddable":true,"href":"https:\/\/www.rucashk.com\/pt\/wp-json\/wp\/v2\/product_brand?post=22519"},{"taxonomy":"product_cat","embeddable":true,"href":"https:\/\/www.rucashk.com\/pt\/wp-json\/wp\/v2\/product_cat?post=22519"},{"taxonomy":"product_tag","embeddable":true,"href":"https:\/\/www.rucashk.com\/pt\/wp-json\/wp\/v2\/product_tag?post=22519"}],"curies":[{"name":"wp","href":"https:\/\/api.w.org\/{rel}","templated":true}]}}