{"id":22484,"date":"2024-01-09T15:44:44","date_gmt":"2024-01-09T15:44:44","guid":{"rendered":"http:\/\/rucashk.com\/?post_type=product&#038;p=22484"},"modified":"2024-01-21T10:40:49","modified_gmt":"2024-01-21T10:40:49","slug":"mi-imi-360-night-version","status":"publish","type":"product","link":"https:\/\/www.rucashk.com\/pt\/produto\/mi-imi-360-night-version\/","title":{"rendered":"Mi Imi 360\u00b0 VERS\u00c3O NOTURNA"},"content":{"rendered":"<p><img decoding=\"async\" src=\"https:\/\/www.rucashk.com\/wp-content\/uploads\/2020\/06\/H0b0ff57f05dd44bc97cc677de48c5614G.jpg\" \/><img decoding=\"async\" src=\"https:\/\/www.rucashk.com\/wp-content\/uploads\/2020\/06\/H86a9bcba334248848e4fb7d435083b63M.jpg\" \/><img decoding=\"async\" src=\"https:\/\/www.rucashk.com\/wp-content\/uploads\/2020\/06\/H36fb79e505564d2489853f18322097214.jpg\" \/><img decoding=\"async\" src=\"https:\/\/www.rucashk.com\/wp-content\/uploads\/2020\/06\/H173f9569284046709e0813e5c1a6b450r.jpg\" \/><img decoding=\"async\" src=\"https:\/\/www.rucashk.com\/wp-content\/uploads\/2020\/06\/Hfd93f2f7c0df4802b99b5b6030120fd2D.jpg\" \/><img decoding=\"async\" src=\"https:\/\/www.rucashk.com\/wp-content\/uploads\/2020\/06\/Hac76774df70a40028fdc702cf83bd482g.jpg\" \/><img decoding=\"async\" src=\"https:\/\/www.rucashk.com\/wp-content\/uploads\/2020\/06\/H57a49f4b941e4ef68c735697336e3953r.jpg\" \/><img decoding=\"async\" src=\"https:\/\/www.rucashk.com\/wp-content\/uploads\/2020\/06\/H793af8ead6e3444986b06c74302d729aZ.jpg\" \/><img decoding=\"async\" src=\"https:\/\/www.rucashk.com\/wp-content\/uploads\/2020\/06\/Heafc9fa1acf045d9b960ea9423ceff044.jpg\" \/><img decoding=\"async\" src=\"https:\/\/www.rucashk.com\/wp-content\/uploads\/2020\/06\/Hd1f056db42654127b2d7fba35995dee2h.jpg\" \/><img decoding=\"async\" src=\"https:\/\/www.rucashk.com\/wp-content\/uploads\/2020\/06\/H7f49a4388fe2410ca964085d1a988145d.jpg\" \/><img \/><img decoding=\"async\" src=\"https:\/\/www.rucashk.com\/wp-content\/uploads\/2020\/06\/Hc5c44ec19b93463f8eab5d3146c0ee031.jpg\" \/><img decoding=\"async\" src=\"https:\/\/www.rucashk.com\/wp-content\/uploads\/2020\/06\/H360487a81a9e45dda1dd3a82f898f63ca.jpg\" \/><\/p>","protected":false},"excerpt":{"rendered":"<p><strong>Especifica\u00e7\u00e3o:<\/strong><br \/>\nBrand: Xiaobai<br \/>\nStyle: Home Security Wifi Camera<br \/>\nFeature: WiFi, Infrared Night Vision, Pan\/Tilt\/Zoom, Motion Detection, Two-way Audio<br \/>\nDist\u00e2ncia de detec\u00e7\u00e3o de movimento: 9m<br \/>\nSistemas operacionais compat\u00edveis: Android, IOS<br \/>\nAPLICATIVO: Mi Home<br \/>\nConex\u00e3o: WiFi sem fio 802.11 b\/g\/n<br \/>\nInterface:MicroUSB<br \/>\nResolu\u00e7\u00e3o: 1080P HD<br \/>\n\u00c2ngulo horizontal de panor\u00e2mica\/inclina\u00e7\u00e3o (graus): 360 graus<br \/>\nPan\/Tilt-Vertical Angle (degree) : 110 degree<br \/>\nLocal-storage: Micro SD card up to 64GB<br \/>\nIdioma: chin\u00eas, ingl\u00eas<br \/>\nMaximum Monitoring Range: 95 degree<br \/>\nFormato de compress\u00e3o de v\u00eddeo: MPEG4<br \/>\nSensor: CMOS<br \/>\nLED infravermelho: 10pcs LEDs 940nm<br \/>\nDist\u00e2ncia infravermelha: 9m<\/p>","protected":false},"featured_media":22575,"template":"","meta":[],"product_brand":[],"product_cat":[1317,1305],"product_tag":[729,420],"class_list":{"0":"post-22484","1":"product","2":"type-product","3":"status-publish","4":"has-post-thumbnail","6":"product_cat-imilab-camera","7":"product_cat-xiaomi-eco","8":"product_tag-night-version","9":"product_tag-xiaomi","11":"first","12":"instock","13":"shipping-taxable","14":"product-type-external"},"aioseo_notices":[],"aioseo_head":"\n\t\t<!-- All in One SEO Pro 4.5.9.2 - aioseo.com -->\n\t\t<meta name=\"description\" content=\"Specification: Brand: Xiaobai Style: Home Security Wifi Camera Feature: WiFi, Infrared Night Vision, Pan\/Tilt\/Zoom, Motion Detection, Two-way Audio Motion Detection Distance: 9m Compatible Operation Systems: Android,IOS APP: Mi Home Connection: Wireless WiFi 802.11 b\/g\/n Interface: Micro USB Resolution: 1080P FHD Pan\/Tilt-Horizontal Angle (degree) : 360 degree Pan\/Tilt-Vertical Angle (degree) : 110 degree Local-storage: Micro SD card up to 64GB Language: Chinese,English Maximum Monitoring Range: 95 degree Video Compression Format: MPEG4 Sensor: CMOS Infrared LED: 10pcs 940nm LEDs Infrared Distance: 9m\" \/>\n\t\t<meta name=\"robots\" content=\"max-image-preview:large\" \/>\n\t\t<link rel=\"canonical\" href=\"https:\/\/www.rucashk.com\/pt\/produto\/mi-imi-360-night-version\/\" \/>\n\t\t<meta name=\"generator\" content=\"All in One SEO Pro (AIOSEO) 4.5.9.2\" \/>\n\t\t<meta property=\"og:locale\" content=\"pt_PT\" \/>\n\t\t<meta property=\"og:site_name\" content=\"Rucas - One-stop AIoT Distribution Worldwide\" \/>\n\t\t<meta property=\"og:type\" content=\"article\" \/>\n\t\t<meta property=\"og:title\" content=\"Mi Imi 360\u00b0 NIGHT VERSION - Rucas - Wholesale and Distribution\" \/>\n\t\t<meta property=\"og:description\" content=\"Specification: Brand: Xiaobai Style: Home Security Wifi Camera Feature: WiFi, Infrared Night Vision, Pan\/Tilt\/Zoom, Motion Detection, Two-way Audio Motion Detection Distance: 9m Compatible Operation Systems: Android,IOS APP: Mi Home Connection: Wireless WiFi 802.11 b\/g\/n Interface: Micro USB Resolution: 1080P FHD Pan\/Tilt-Horizontal Angle (degree) : 360 degree Pan\/Tilt-Vertical Angle (degree) : 110 degree Local-storage: Micro SD card up to 64GB Language: Chinese,English Maximum Monitoring Range: 95 degree Video Compression Format: MPEG4 Sensor: CMOS Infrared LED: 10pcs 940nm LEDs Infrared Distance: 9m\" \/>\n\t\t<meta property=\"og:url\" content=\"https:\/\/www.rucashk.com\/pt\/produto\/mi-imi-360-night-version\/\" \/>\n\t\t<meta property=\"og:image\" content=\"https:\/\/www.rucashk.com\/wp-content\/uploads\/replace\/503b8e645f128a97ccde2b6290747646.jpeg\" \/>\n\t\t<meta property=\"og:image:secure_url\" content=\"https:\/\/www.rucashk.com\/wp-content\/uploads\/replace\/503b8e645f128a97ccde2b6290747646.jpeg\" \/>\n\t\t<meta property=\"og:image:width\" content=\"1456\" \/>\n\t\t<meta property=\"og:image:height\" content=\"816\" \/>\n\t\t<meta property=\"article:published_time\" content=\"2024-01-09T15:44:44+00:00\" \/>\n\t\t<meta property=\"article:modified_time\" content=\"2024-01-21T10:40:49+00:00\" \/>\n\t\t<meta name=\"twitter:card\" content=\"summary_large_image\" \/>\n\t\t<meta name=\"twitter:title\" content=\"Mi Imi 360\u00b0 NIGHT VERSION - Rucas - Wholesale and Distribution\" \/>\n\t\t<meta name=\"twitter:description\" content=\"Specification: Brand: Xiaobai Style: Home Security Wifi Camera Feature: WiFi, Infrared Night Vision, Pan\/Tilt\/Zoom, Motion Detection, Two-way Audio Motion Detection Distance: 9m Compatible Operation Systems: Android,IOS APP: Mi Home Connection: Wireless WiFi 802.11 b\/g\/n Interface: Micro USB Resolution: 1080P FHD Pan\/Tilt-Horizontal Angle (degree) : 360 degree Pan\/Tilt-Vertical Angle (degree) : 110 degree Local-storage: Micro SD card up to 64GB Language: Chinese,English Maximum Monitoring Range: 95 degree Video Compression Format: MPEG4 Sensor: CMOS Infrared LED: 10pcs 940nm LEDs Infrared Distance: 9m\" \/>\n\t\t<meta name=\"twitter:image\" content=\"https:\/\/www.rucashk.com\/wp-content\/uploads\/replace\/503b8e645f128a97ccde2b6290747646.jpeg\" \/>\n\t\t<script type=\"application\/ld+json\" class=\"aioseo-schema\">\n\t\t\t{\"@context\":\"https:\\\/\\\/schema.org\",\"@graph\":[{\"@type\":\"BreadcrumbList\",\"@id\":\"https:\\\/\\\/www.rucashk.com\\\/pt\\\/produto\\\/mi-imi-360-night-version\\\/#breadcrumblist\",\"itemListElement\":[{\"@type\":\"ListItem\",\"@id\":\"https:\\\/\\\/www.rucashk.com\\\/pt\\\/#listItem\",\"position\":1,\"name\":\"Home\",\"item\":\"https:\\\/\\\/www.rucashk.com\\\/pt\\\/\",\"nextItem\":\"https:\\\/\\\/www.rucashk.com\\\/pt\\\/produto\\\/mi-imi-360-night-version\\\/#listItem\"},{\"@type\":\"ListItem\",\"@id\":\"https:\\\/\\\/www.rucashk.com\\\/pt\\\/produto\\\/mi-imi-360-night-version\\\/#listItem\",\"position\":2,\"name\":\"Mi Imi 360\\u00b0 NIGHT VERSION\",\"previousItem\":\"https:\\\/\\\/www.rucashk.com\\\/pt\\\/#listItem\"}]},{\"@type\":\"Organization\",\"@id\":\"https:\\\/\\\/www.rucashk.com\\\/pt\\\/#organization\",\"name\":\"Rucas\",\"url\":\"https:\\\/\\\/www.rucashk.com\\\/pt\\\/\",\"logo\":{\"@type\":\"ImageObject\",\"url\":\"https:\\\/\\\/www.rucashk.com\\\/wp-content\\\/uploads\\\/2023\\\/12\\\/Rucas_campany_logo.png\",\"@id\":\"https:\\\/\\\/www.rucashk.com\\\/pt\\\/produto\\\/mi-imi-360-night-version\\\/#organizationLogo\",\"width\":221,\"height\":65},\"image\":{\"@id\":\"https:\\\/\\\/www.rucashk.com\\\/pt\\\/#organizationLogo\"}},{\"@type\":\"Person\",\"@id\":\"https:\\\/\\\/www.rucashk.com\\\/pt\\\/author\\\/admin\\\/#author\",\"url\":\"https:\\\/\\\/www.rucashk.com\\\/pt\\\/author\\\/admin\\\/\",\"name\":\"admin\",\"image\":{\"@type\":\"ImageObject\",\"@id\":\"https:\\\/\\\/www.rucashk.com\\\/pt\\\/produto\\\/mi-imi-360-night-version\\\/#authorImage\",\"url\":\"https:\\\/\\\/secure.gravatar.com\\\/avatar\\\/b7c8925b09a27e72b30232f8ecaadbd5af0f70a38c78096863fe51b64f031c24?s=96&d=mm&r=g\",\"width\":96,\"height\":96,\"caption\":\"admin\"}},{\"@type\":\"WebPage\",\"@id\":\"https:\\\/\\\/www.rucashk.com\\\/pt\\\/produto\\\/mi-imi-360-night-version\\\/#webpage\",\"url\":\"https:\\\/\\\/www.rucashk.com\\\/pt\\\/produto\\\/mi-imi-360-night-version\\\/\",\"name\":\"Mi Imi 360\\u00b0 NIGHT VERSION - Rucas - Wholesale and Distribution\",\"description\":\"Specification: Brand: Xiaobai Style: Home Security Wifi Camera Feature: WiFi, Infrared Night Vision, Pan\\\/Tilt\\\/Zoom, Motion Detection, Two-way Audio Motion Detection Distance: 9m Compatible Operation Systems: Android,IOS APP: Mi Home Connection: Wireless WiFi 802.11 b\\\/g\\\/n Interface: Micro USB Resolution: 1080P FHD Pan\\\/Tilt-Horizontal Angle (degree) : 360 degree Pan\\\/Tilt-Vertical Angle (degree) : 110 degree Local-storage: Micro SD card up to 64GB Language: Chinese,English Maximum Monitoring Range: 95 degree Video Compression Format: MPEG4 Sensor: CMOS Infrared LED: 10pcs 940nm LEDs Infrared Distance: 9m\",\"inLanguage\":\"pt-PT\",\"isPartOf\":{\"@id\":\"https:\\\/\\\/www.rucashk.com\\\/pt\\\/#website\"},\"breadcrumb\":{\"@id\":\"https:\\\/\\\/www.rucashk.com\\\/pt\\\/produto\\\/mi-imi-360-night-version\\\/#breadcrumblist\"},\"author\":{\"@id\":\"https:\\\/\\\/www.rucashk.com\\\/pt\\\/author\\\/admin\\\/#author\"},\"creator\":{\"@id\":\"https:\\\/\\\/www.rucashk.com\\\/pt\\\/author\\\/admin\\\/#author\"},\"image\":{\"@type\":\"ImageObject\",\"url\":\"https:\\\/\\\/www.rucashk.com\\\/wp-content\\\/uploads\\\/2024\\\/01\\\/3-1.jpg\",\"@id\":\"https:\\\/\\\/www.rucashk.com\\\/pt\\\/produto\\\/mi-imi-360-night-version\\\/#mainImage\",\"width\":800,\"height\":800},\"primaryImageOfPage\":{\"@id\":\"https:\\\/\\\/www.rucashk.com\\\/pt\\\/produto\\\/mi-imi-360-night-version\\\/#mainImage\"},\"datePublished\":\"2024-01-09T15:44:44+00:00\",\"dateModified\":\"2024-01-21T10:40:49+00:00\"},{\"@type\":\"WebSite\",\"@id\":\"https:\\\/\\\/www.rucashk.com\\\/pt\\\/#website\",\"url\":\"https:\\\/\\\/www.rucashk.com\\\/pt\\\/\",\"name\":\"Rucas - Wholesale and distribution worldwide\",\"alternateName\":\"Rucas - One-stop AIoT Distribution Worldwide\",\"description\":\"One-stop AIoT Distribution Worldwide\",\"inLanguage\":\"pt-PT\",\"publisher\":{\"@id\":\"https:\\\/\\\/www.rucashk.com\\\/pt\\\/#organization\"}}]}\n\t\t<\/script>\n\t\t<!-- All in One SEO Pro -->\r\n\t\t<title>Mi Imi 360\u00b0 NIGHT VERSION - Rucas - Wholesale and Distribution<\/title>\n\n","aioseo_head_json":{"title":"Mi Imi 360\u00b0 NIGHT VERSION - Rucas - Wholesale and Distribution","description":"Specification: Brand: Xiaobai Style: Home Security Wifi Camera Feature: WiFi, Infrared Night Vision, Pan\/Tilt\/Zoom, Motion Detection, Two-way Audio Motion Detection Distance: 9m Compatible Operation Systems: Android,IOS APP: Mi Home Connection: Wireless WiFi 802.11 b\/g\/n Interface: Micro USB Resolution: 1080P FHD Pan\/Tilt-Horizontal Angle (degree) : 360 degree Pan\/Tilt-Vertical Angle (degree) : 110 degree Local-storage: Micro SD card up to 64GB Language: Chinese,English Maximum Monitoring Range: 95 degree Video Compression Format: MPEG4 Sensor: CMOS Infrared LED: 10pcs 940nm LEDs Infrared Distance: 9m","canonical_url":"https:\/\/www.rucashk.com\/pt\/produto\/mi-imi-360-night-version\/","robots":"max-image-preview:large","keywords":"","webmasterTools":{"miscellaneous":""},"og:locale":"pt_PT","og:site_name":"Rucas - One-stop AIoT Distribution Worldwide","og:type":"article","og:title":"Mi Imi 360\u00b0 NIGHT VERSION - Rucas - Wholesale and Distribution","og:description":"Specification: Brand: Xiaobai Style: Home Security Wifi Camera Feature: WiFi, Infrared Night Vision, Pan\/Tilt\/Zoom, Motion Detection, Two-way Audio Motion Detection Distance: 9m Compatible Operation Systems: Android,IOS APP: Mi Home Connection: Wireless WiFi 802.11 b\/g\/n Interface: Micro USB Resolution: 1080P FHD Pan\/Tilt-Horizontal Angle (degree) : 360 degree Pan\/Tilt-Vertical Angle (degree) : 110 degree Local-storage: Micro SD card up to 64GB Language: Chinese,English Maximum Monitoring Range: 95 degree Video Compression Format: MPEG4 Sensor: CMOS Infrared LED: 10pcs 940nm LEDs Infrared Distance: 9m","og:url":"https:\/\/www.rucashk.com\/pt\/produto\/mi-imi-360-night-version\/","og:image":"https:\/\/www.rucashk.com\/wp-content\/uploads\/replace\/503b8e645f128a97ccde2b6290747646.jpeg","og:image:secure_url":"https:\/\/www.rucashk.com\/wp-content\/uploads\/replace\/503b8e645f128a97ccde2b6290747646.jpeg","og:image:width":1456,"og:image:height":816,"article:published_time":"2024-01-09T15:44:44+00:00","article:modified_time":"2024-01-21T10:40:49+00:00","twitter:card":"summary_large_image","twitter:title":"Mi Imi 360\u00b0 NIGHT VERSION - Rucas - Wholesale and Distribution","twitter:description":"Specification: Brand: Xiaobai Style: Home Security Wifi Camera Feature: WiFi, Infrared Night Vision, Pan\/Tilt\/Zoom, Motion Detection, Two-way Audio Motion Detection Distance: 9m Compatible Operation Systems: Android,IOS APP: Mi Home Connection: Wireless WiFi 802.11 b\/g\/n Interface: Micro USB Resolution: 1080P FHD Pan\/Tilt-Horizontal Angle (degree) : 360 degree Pan\/Tilt-Vertical Angle (degree) : 110 degree Local-storage: Micro SD card up to 64GB Language: Chinese,English Maximum Monitoring Range: 95 degree Video Compression Format: MPEG4 Sensor: CMOS Infrared LED: 10pcs 940nm LEDs Infrared Distance: 9m","twitter:image":"https:\/\/www.rucashk.com\/wp-content\/uploads\/replace\/503b8e645f128a97ccde2b6290747646.jpeg","schema":{"@context":"https:\/\/schema.org","@graph":[{"@type":"BreadcrumbList","@id":"https:\/\/www.rucashk.com\/pt\/produto\/mi-imi-360-night-version\/#breadcrumblist","itemListElement":[{"@type":"ListItem","@id":"https:\/\/www.rucashk.com\/pt\/#listItem","position":1,"name":"Home","item":"https:\/\/www.rucashk.com\/pt\/","nextItem":"https:\/\/www.rucashk.com\/pt\/produto\/mi-imi-360-night-version\/#listItem"},{"@type":"ListItem","@id":"https:\/\/www.rucashk.com\/pt\/produto\/mi-imi-360-night-version\/#listItem","position":2,"name":"Mi Imi 360\u00b0 NIGHT VERSION","previousItem":"https:\/\/www.rucashk.com\/pt\/#listItem"}]},{"@type":"Organization","@id":"https:\/\/www.rucashk.com\/pt\/#organization","name":"Rucas","url":"https:\/\/www.rucashk.com\/pt\/","logo":{"@type":"ImageObject","url":"https:\/\/www.rucashk.com\/wp-content\/uploads\/2023\/12\/Rucas_campany_logo.png","@id":"https:\/\/www.rucashk.com\/pt\/produto\/mi-imi-360-night-version\/#organizationLogo","width":221,"height":65},"image":{"@id":"https:\/\/www.rucashk.com\/pt\/#organizationLogo"}},{"@type":"Person","@id":"https:\/\/www.rucashk.com\/pt\/author\/admin\/#author","url":"https:\/\/www.rucashk.com\/pt\/author\/admin\/","name":"admin","image":{"@type":"ImageObject","@id":"https:\/\/www.rucashk.com\/pt\/produto\/mi-imi-360-night-version\/#authorImage","url":"https:\/\/secure.gravatar.com\/avatar\/b7c8925b09a27e72b30232f8ecaadbd5af0f70a38c78096863fe51b64f031c24?s=96&d=mm&r=g","width":96,"height":96,"caption":"admin"}},{"@type":"WebPage","@id":"https:\/\/www.rucashk.com\/pt\/produto\/mi-imi-360-night-version\/#webpage","url":"https:\/\/www.rucashk.com\/pt\/produto\/mi-imi-360-night-version\/","name":"Mi Imi 360\u00b0 NIGHT VERSION - Rucas - Wholesale and Distribution","description":"Specification: Brand: Xiaobai Style: Home Security Wifi Camera Feature: WiFi, Infrared Night Vision, Pan\/Tilt\/Zoom, Motion Detection, Two-way Audio Motion Detection Distance: 9m Compatible Operation Systems: Android,IOS APP: Mi Home Connection: Wireless WiFi 802.11 b\/g\/n Interface: Micro USB Resolution: 1080P FHD Pan\/Tilt-Horizontal Angle (degree) : 360 degree Pan\/Tilt-Vertical Angle (degree) : 110 degree Local-storage: Micro SD card up to 64GB Language: Chinese,English Maximum Monitoring Range: 95 degree Video Compression Format: MPEG4 Sensor: CMOS Infrared LED: 10pcs 940nm LEDs Infrared Distance: 9m","inLanguage":"pt-PT","isPartOf":{"@id":"https:\/\/www.rucashk.com\/pt\/#website"},"breadcrumb":{"@id":"https:\/\/www.rucashk.com\/pt\/produto\/mi-imi-360-night-version\/#breadcrumblist"},"author":{"@id":"https:\/\/www.rucashk.com\/pt\/author\/admin\/#author"},"creator":{"@id":"https:\/\/www.rucashk.com\/pt\/author\/admin\/#author"},"image":{"@type":"ImageObject","url":"https:\/\/www.rucashk.com\/wp-content\/uploads\/2024\/01\/3-1.jpg","@id":"https:\/\/www.rucashk.com\/pt\/produto\/mi-imi-360-night-version\/#mainImage","width":800,"height":800},"primaryImageOfPage":{"@id":"https:\/\/www.rucashk.com\/pt\/produto\/mi-imi-360-night-version\/#mainImage"},"datePublished":"2024-01-09T15:44:44+00:00","dateModified":"2024-01-21T10:40:49+00:00"},{"@type":"WebSite","@id":"https:\/\/www.rucashk.com\/pt\/#website","url":"https:\/\/www.rucashk.com\/pt\/","name":"Rucas - Wholesale and distribution worldwide","alternateName":"Rucas - One-stop AIoT Distribution Worldwide","description":"One-stop AIoT Distribution Worldwide","inLanguage":"pt-PT","publisher":{"@id":"https:\/\/www.rucashk.com\/pt\/#organization"}}]}},"aioseo_meta_data":{"post_id":"22484","title":null,"description":null,"keywords":null,"keyphrases":null,"primary_term":null,"canonical_url":null,"og_title":null,"og_description":null,"og_object_type":"default","og_image_type":"default","og_image_url":null,"og_image_width":null,"og_image_height":null,"og_image_custom_url":null,"og_image_custom_fields":null,"og_video":null,"og_custom_url":null,"og_article_section":null,"og_article_tags":null,"twitter_use_og":false,"twitter_card":"default","twitter_image_type":"default","twitter_image_url":null,"twitter_image_custom_url":null,"twitter_image_custom_fields":null,"twitter_title":null,"twitter_description":null,"schema":{"blockGraphs":[],"customGraphs":[],"default":{"data":{"Article":[],"Course":[],"Dataset":[],"FAQPage":[],"Movie":[],"Person":[],"Product":[],"Recipe":[],"Service":[],"SoftwareApplication":[],"WebPage":[]},"graphName":"","isEnabled":true},"graphs":[]},"schema_type":"default","schema_type_options":null,"pillar_content":false,"robots_default":true,"robots_noindex":false,"robots_noarchive":false,"robots_nosnippet":false,"robots_nofollow":false,"robots_noimageindex":false,"robots_noodp":false,"robots_notranslate":false,"robots_max_snippet":null,"robots_max_videopreview":null,"robots_max_imagepreview":"large","priority":null,"frequency":null,"local_seo":null,"breadcrumb_settings":null,"limit_modified_date":false,"created":"2024-04-11 01:55:23","updated":"2025-06-22 16:44:01"},"aioseo_breadcrumb":"<div class=\"aioseo-breadcrumbs\"><span class=\"aioseo-breadcrumb\">\n\t<a href=\"https:\/\/www.rucashk.com\/pt\" title=\"Home\">Home<\/a>\n<\/span><span class=\"aioseo-breadcrumb-separator\">&raquo;<\/span><span class=\"aioseo-breadcrumb\">\n\t<a href=\"https:\/\/www.rucashk.com\/pt\/products\/\" title=\"Produtos\">Produtos<\/a>\n<\/span><span class=\"aioseo-breadcrumb-separator\">&raquo;<\/span><span class=\"aioseo-breadcrumb\">\n\t<a href=\"https:\/\/www.rucashk.com\/pt\/categoria-produto\/xiaomi-eco\/\" title=\"Xiaomi Eco\">Xiaomi Eco<\/a>\n<\/span><span class=\"aioseo-breadcrumb-separator\">&raquo;<\/span><span class=\"aioseo-breadcrumb\">\n\t<a href=\"https:\/\/www.rucashk.com\/pt\/categoria-produto\/xiaomi-eco\/imilab-camera\/\" title=\"Imilab Camera\">Imilab Camera<\/a>\n<\/span><span class=\"aioseo-breadcrumb-separator\">&raquo;<\/span><span class=\"aioseo-breadcrumb\">\n\tMi Imi 360\u00b0 NIGHT VERSION\n<\/span><\/div>","aioseo_breadcrumb_json":[{"label":"Home","link":"https:\/\/www.rucashk.com\/pt"},{"label":"Produtos","link":"https:\/\/www.rucashk.com\/pt\/products\/"},{"label":"Xiaomi Eco","link":"https:\/\/www.rucashk.com\/pt\/categoria-produto\/xiaomi-eco\/"},{"label":"Imilab Camera","link":"https:\/\/www.rucashk.com\/pt\/categoria-produto\/xiaomi-eco\/imilab-camera\/"},{"label":"Mi Imi 360\u00b0 NIGHT VERSION","link":"https:\/\/www.rucashk.com\/pt\/produto\/mi-imi-360-night-version\/"}],"_links":{"self":[{"href":"https:\/\/www.rucashk.com\/pt\/wp-json\/wp\/v2\/product\/22484","targetHints":{"allow":["GET"]}}],"collection":[{"href":"https:\/\/www.rucashk.com\/pt\/wp-json\/wp\/v2\/product"}],"about":[{"href":"https:\/\/www.rucashk.com\/pt\/wp-json\/wp\/v2\/types\/product"}],"wp:featuredmedia":[{"embeddable":true,"href":"https:\/\/www.rucashk.com\/pt\/wp-json\/wp\/v2\/media\/22575"}],"wp:attachment":[{"href":"https:\/\/www.rucashk.com\/pt\/wp-json\/wp\/v2\/media?parent=22484"}],"wp:term":[{"taxonomy":"product_brand","embeddable":true,"href":"https:\/\/www.rucashk.com\/pt\/wp-json\/wp\/v2\/product_brand?post=22484"},{"taxonomy":"product_cat","embeddable":true,"href":"https:\/\/www.rucashk.com\/pt\/wp-json\/wp\/v2\/product_cat?post=22484"},{"taxonomy":"product_tag","embeddable":true,"href":"https:\/\/www.rucashk.com\/pt\/wp-json\/wp\/v2\/product_tag?post=22484"}],"curies":[{"name":"wp","href":"https:\/\/api.w.org\/{rel}","templated":true}]}}