{"id":22483,"date":"2024-01-09T15:44:44","date_gmt":"2024-01-09T15:44:44","guid":{"rendered":"http:\/\/rucashk.com\/?post_type=product&#038;p=22483"},"modified":"2024-03-12T06:56:52","modified_gmt":"2024-03-12T06:56:52","slug":"garmin-vivoactive-4","status":"publish","type":"product","link":"https:\/\/www.rucashk.com\/pt\/produto\/garmin-vivoactive-4\/","title":{"rendered":"Garmin Vivoactive 4"},"content":{"rendered":"<div class=\"product-info-main\">\n<div class=\"product-info-usp-container\">\n<h1 class=\"product-specs\" style=\"text-align: center\"><strong>Garmin Vivoactive 4<\/strong><\/h1>\n<div id=\"expert-advice\" class=\"product-expert-info-image\">\n<div class=\"inner\"><\/div>\n<\/div>\n<\/div>\n<\/div>\n<div class=\"product media\">\n<div class=\"gallery product-images\">\n<div class=\"swiper-container gallery-top swiper-container-initialized swiper-container-horizontal swiper-container-multirow\">\n<div class=\"swiper-container swiper-container-initialized swiper-container-horizontal swiper-container-multirow\">\n<div class=\"wrapper product-images-count-6 product-images-multiple swiper-wrapper\" data-imagecount=\"6\">\n<figure class=\"swiper-slide swiper-slide-active\" data-swiper-column=\"0\" data-swiper-row=\"0\">\n<div class=\"image-wrapper\"><img decoding=\"async\" class=\"aligncenter\" src=\"\/wp-content\/uploads\/replace\/99cda3dd6274c57107be6717d2ed37c7.jpeg\" alt=\"-337646\" \/><\/div>\n<\/figure>\n<figure class=\"swiper-slide swiper-slide-next\" data-swiper-column=\"0\" data-swiper-row=\"1\">\n<div class=\"image-wrapper\"><img decoding=\"async\" class=\"aligncenter\" src=\"\/wp-content\/uploads\/replace\/55df8fed25d66e713c472a3a91034055.jpeg\" alt=\"-337647\" \/><\/div>\n<\/figure>\n<figure class=\"swiper-slide\" data-swiper-column=\"1\" data-swiper-row=\"0\">\n<div class=\"image-wrapper\"><img decoding=\"async\" class=\"aligncenter\" src=\"\/wp-content\/uploads\/replace\/fe0575119de53c5e61374fe1b608e8c5.jpeg\" alt=\"-337648\" \/><\/div>\n<\/figure>\n<figure class=\"swiper-slide\" data-swiper-column=\"1\" data-swiper-row=\"1\">\n<div class=\"image-wrapper\"><img decoding=\"async\" class=\"aligncenter\" src=\"\/wp-content\/uploads\/replace\/f0bf0b4da1a61c4b58cbdf3e6e808d2b.jpeg\" alt=\"-337649\" \/><\/div>\n<div>\n<p><strong>Especifica\u00e7\u00e3o<\/strong>:<\/p>\n<ul>\n<li>Ou\u00e7a m\u00fasica atrav\u00e9s do Spotify e Deezer ou diretamente do seu smartwatch GPS<\/li>\n<li>Baixe at\u00e9 500 m\u00fasicas em seu smartwatch<\/li>\n<li>Receba notifica\u00e7\u00f5es do seu telefone<\/li>\n<li>GPS integrado<\/li>\n<li>O sensor de oximetria de pulso mede a satura\u00e7\u00e3o de oxig\u00eanio no sangue<\/li>\n<li>Garmin Pagar<\/li>\n<li>Detec\u00e7\u00e3o e assist\u00eancia de incidentes<\/li>\n<li><a href=\"https:\/\/www.rucashk.com\/pt\/produto\/xiaomi-smart-watch-gps-45days-long-battery\/\" class=\"\" style=\"width: auto !important\" data-wpil-post-to-id=\"9404\">Vida \u00fatil da bateria: 8 dias no modo smartwatch, 6 horas no GPS<\/a> e modo de m\u00fasica<\/li>\n<li>\u00c0 prova d&#039;\u00e1gua at\u00e9 50 metros<\/li>\n<li>Tamanho: 45,1 x 45,1 x 12,8 mm<\/li>\n<li>Peso: 50 gramas<\/li>\n<li>USB carreg\u00e1vel<\/li>\n<\/ul>\n<\/div>\n<\/figure>\n<p>&nbsp;<\/p>\n<\/div>\n<\/div>\n<\/div>\n<\/div>\n<\/div>","protected":false},"excerpt":{"rendered":"<ul>\n<li><strong>Monitore sua sa\u00fade 24 horas por dia<\/strong>\u00a0com o recurso de oximetria de pulso e Body Energy Monitor Battery \u2122 e monitore sua respira\u00e7\u00e3o, ciclo menstrual, estresse, sono, frequ\u00eancia card\u00edaca, hidrata\u00e7\u00e3o e muito mais.<\/li>\n<li><strong>Baixe facilmente faixas para o seu rel\u00f3gio<\/strong>, incluindo playlists da sua conta Spotify\u00ae, Amazon Music ou Deezer, e emparelhe-o com fones de ouvido (vendidos separadamente) para ouvir sem usar o telefone.<\/li>\n<li>Grave cada maneira como voc\u00ea se move\u00a0<strong>mais de 20 aplicativos de esportes indoor pr\u00e9-instalados<\/strong>\u00a0e recurso GPS para ioga, nata\u00e7\u00e3o, corrida e muito mais.<\/li>\n<li>Execute f\u00e1cil de seguir,\u00a0<strong>treinos divertidos<\/strong>\u00a0diretamente no visor do rel\u00f3gio, incluindo treinamento de for\u00e7a, cardio, ioga e Pilates.<\/li>\n<li>Aproveitar\u00a0<strong>at\u00e9 8 dias de dura\u00e7\u00e3o da bateria<\/strong> no modo inteligente e at\u00e9 6 horas no modo GPS e m\u00fasica.<\/li>\n<\/ul>","protected":false},"featured_media":22574,"template":"","meta":[],"product_brand":[],"product_cat":[1346,1322],"product_tag":[],"class_list":{"0":"post-22483","1":"product","2":"type-product","3":"status-publish","4":"has-post-thumbnail","6":"product_cat-garmin-other-a-brands","7":"product_cat-other-a-brands","9":"first","10":"instock","11":"shipping-taxable","12":"product-type-external"},"aioseo_notices":[],"aioseo_head":"\n\t\t<!-- All in One SEO Pro 4.5.9.2 - aioseo.com -->\n\t\t<meta name=\"description\" content=\"Monitor your health 24 hours a day with the pulse oximetry feature and the Body Energy Monitor Battery\u2122, and track your breathing, menstrual cycle, stress, sleep, heart rate, hydration and more. Easily download tracks to your watch, including playlists from your Spotify\u00ae, Amazon Music or Deezer account, and pair it with headphones (sold separately) for listening without using your phone. Record every way you move with over 20 pre-installed indoor sports apps and GPS feature for yoga, swimming, running and more. Perform easy-to-follow, fun workouts directly on the watch display, including strength training, cardio, yoga and Pilates. Enjoy up to 8 days of battery life in smart mode and up to 6 hours in GPS and music mode.\" \/>\n\t\t<meta name=\"robots\" content=\"max-image-preview:large\" \/>\n\t\t<link rel=\"canonical\" href=\"https:\/\/www.rucashk.com\/pt\/produto\/garmin-vivoactive-4\/\" \/>\n\t\t<meta name=\"generator\" content=\"All in One SEO Pro (AIOSEO) 4.5.9.2\" \/>\n\t\t<meta property=\"og:locale\" content=\"pt_PT\" \/>\n\t\t<meta property=\"og:site_name\" content=\"Rucas - One-stop AIoT Distribution Worldwide\" \/>\n\t\t<meta property=\"og:type\" content=\"article\" \/>\n\t\t<meta property=\"og:title\" content=\"Garmin Vivoactive 4 - Rucas - Wholesale and Distribution\" \/>\n\t\t<meta property=\"og:description\" content=\"Monitor your health 24 hours a day with the pulse oximetry feature and the Body Energy Monitor Battery\u2122, and track your breathing, menstrual cycle, stress, sleep, heart rate, hydration and more. Easily download tracks to your watch, including playlists from your Spotify\u00ae, Amazon Music or Deezer account, and pair it with headphones (sold separately) for listening without using your phone. Record every way you move with over 20 pre-installed indoor sports apps and GPS feature for yoga, swimming, running and more. Perform easy-to-follow, fun workouts directly on the watch display, including strength training, cardio, yoga and Pilates. Enjoy up to 8 days of battery life in smart mode and up to 6 hours in GPS and music mode.\" \/>\n\t\t<meta property=\"og:url\" content=\"https:\/\/www.rucashk.com\/pt\/produto\/garmin-vivoactive-4\/\" \/>\n\t\t<meta property=\"og:image\" content=\"https:\/\/www.rucashk.com\/wp-content\/uploads\/replace\/503b8e645f128a97ccde2b6290747646.jpeg\" \/>\n\t\t<meta property=\"og:image:secure_url\" content=\"https:\/\/www.rucashk.com\/wp-content\/uploads\/replace\/503b8e645f128a97ccde2b6290747646.jpeg\" \/>\n\t\t<meta property=\"og:image:width\" content=\"1456\" \/>\n\t\t<meta property=\"og:image:height\" content=\"816\" \/>\n\t\t<meta property=\"article:published_time\" content=\"2024-01-09T15:44:44+00:00\" \/>\n\t\t<meta property=\"article:modified_time\" content=\"2024-03-12T06:56:52+00:00\" \/>\n\t\t<meta name=\"twitter:card\" content=\"summary_large_image\" \/>\n\t\t<meta name=\"twitter:title\" content=\"Garmin Vivoactive 4 - Rucas - Wholesale and Distribution\" \/>\n\t\t<meta name=\"twitter:description\" content=\"Monitor your health 24 hours a day with the pulse oximetry feature and the Body Energy Monitor Battery\u2122, and track your breathing, menstrual cycle, stress, sleep, heart rate, hydration and more. Easily download tracks to your watch, including playlists from your Spotify\u00ae, Amazon Music or Deezer account, and pair it with headphones (sold separately) for listening without using your phone. Record every way you move with over 20 pre-installed indoor sports apps and GPS feature for yoga, swimming, running and more. Perform easy-to-follow, fun workouts directly on the watch display, including strength training, cardio, yoga and Pilates. Enjoy up to 8 days of battery life in smart mode and up to 6 hours in GPS and music mode.\" \/>\n\t\t<meta name=\"twitter:image\" content=\"https:\/\/www.rucashk.com\/wp-content\/uploads\/replace\/503b8e645f128a97ccde2b6290747646.jpeg\" \/>\n\t\t<script type=\"application\/ld+json\" class=\"aioseo-schema\">\n\t\t\t{\"@context\":\"https:\\\/\\\/schema.org\",\"@graph\":[{\"@type\":\"BreadcrumbList\",\"@id\":\"https:\\\/\\\/www.rucashk.com\\\/pt\\\/produto\\\/garmin-vivoactive-4\\\/#breadcrumblist\",\"itemListElement\":[{\"@type\":\"ListItem\",\"@id\":\"https:\\\/\\\/www.rucashk.com\\\/pt\\\/#listItem\",\"position\":1,\"name\":\"Home\",\"item\":\"https:\\\/\\\/www.rucashk.com\\\/pt\\\/\",\"nextItem\":\"https:\\\/\\\/www.rucashk.com\\\/pt\\\/produto\\\/garmin-vivoactive-4\\\/#listItem\"},{\"@type\":\"ListItem\",\"@id\":\"https:\\\/\\\/www.rucashk.com\\\/pt\\\/produto\\\/garmin-vivoactive-4\\\/#listItem\",\"position\":2,\"name\":\"Garmin\\u00a0Vivoactive 4\",\"previousItem\":\"https:\\\/\\\/www.rucashk.com\\\/pt\\\/#listItem\"}]},{\"@type\":\"Organization\",\"@id\":\"https:\\\/\\\/www.rucashk.com\\\/pt\\\/#organization\",\"name\":\"Rucas\",\"url\":\"https:\\\/\\\/www.rucashk.com\\\/pt\\\/\",\"logo\":{\"@type\":\"ImageObject\",\"url\":\"https:\\\/\\\/www.rucashk.com\\\/wp-content\\\/uploads\\\/2023\\\/12\\\/Rucas_campany_logo.png\",\"@id\":\"https:\\\/\\\/www.rucashk.com\\\/pt\\\/produto\\\/garmin-vivoactive-4\\\/#organizationLogo\",\"width\":221,\"height\":65},\"image\":{\"@id\":\"https:\\\/\\\/www.rucashk.com\\\/pt\\\/#organizationLogo\"}},{\"@type\":\"Person\",\"@id\":\"https:\\\/\\\/www.rucashk.com\\\/pt\\\/author\\\/admin\\\/#author\",\"url\":\"https:\\\/\\\/www.rucashk.com\\\/pt\\\/author\\\/admin\\\/\",\"name\":\"admin\",\"image\":{\"@type\":\"ImageObject\",\"@id\":\"https:\\\/\\\/www.rucashk.com\\\/pt\\\/produto\\\/garmin-vivoactive-4\\\/#authorImage\",\"url\":\"https:\\\/\\\/secure.gravatar.com\\\/avatar\\\/b7c8925b09a27e72b30232f8ecaadbd5af0f70a38c78096863fe51b64f031c24?s=96&d=mm&r=g\",\"width\":96,\"height\":96,\"caption\":\"admin\"}},{\"@type\":\"WebPage\",\"@id\":\"https:\\\/\\\/www.rucashk.com\\\/pt\\\/produto\\\/garmin-vivoactive-4\\\/#webpage\",\"url\":\"https:\\\/\\\/www.rucashk.com\\\/pt\\\/produto\\\/garmin-vivoactive-4\\\/\",\"name\":\"Garmin Vivoactive 4 - Rucas - Wholesale and Distribution\",\"description\":\"Monitor your health 24 hours a day with the pulse oximetry feature and the Body Energy Monitor Battery\\u2122, and track your breathing, menstrual cycle, stress, sleep, heart rate, hydration and more. Easily download tracks to your watch, including playlists from your Spotify\\u00ae, Amazon Music or Deezer account, and pair it with headphones (sold separately) for listening without using your phone. Record every way you move with over 20 pre-installed indoor sports apps and GPS feature for yoga, swimming, running and more. Perform easy-to-follow, fun workouts directly on the watch display, including strength training, cardio, yoga and Pilates. Enjoy up to 8 days of battery life in smart mode and up to 6 hours in GPS and music mode.\",\"inLanguage\":\"pt-PT\",\"isPartOf\":{\"@id\":\"https:\\\/\\\/www.rucashk.com\\\/pt\\\/#website\"},\"breadcrumb\":{\"@id\":\"https:\\\/\\\/www.rucashk.com\\\/pt\\\/produto\\\/garmin-vivoactive-4\\\/#breadcrumblist\"},\"author\":{\"@id\":\"https:\\\/\\\/www.rucashk.com\\\/pt\\\/author\\\/admin\\\/#author\"},\"creator\":{\"@id\":\"https:\\\/\\\/www.rucashk.com\\\/pt\\\/author\\\/admin\\\/#author\"},\"image\":{\"@type\":\"ImageObject\",\"url\":\"https:\\\/\\\/www.rucashk.com\\\/wp-content\\\/uploads\\\/2024\\\/01\\\/garmin-vivoactive-4_\\u526f\\u672c.jpg\",\"@id\":\"https:\\\/\\\/www.rucashk.com\\\/pt\\\/produto\\\/garmin-vivoactive-4\\\/#mainImage\",\"width\":858,\"height\":788},\"primaryImageOfPage\":{\"@id\":\"https:\\\/\\\/www.rucashk.com\\\/pt\\\/produto\\\/garmin-vivoactive-4\\\/#mainImage\"},\"datePublished\":\"2024-01-09T15:44:44+00:00\",\"dateModified\":\"2024-03-12T06:56:52+00:00\"},{\"@type\":\"WebSite\",\"@id\":\"https:\\\/\\\/www.rucashk.com\\\/pt\\\/#website\",\"url\":\"https:\\\/\\\/www.rucashk.com\\\/pt\\\/\",\"name\":\"Rucas - Wholesale and distribution worldwide\",\"alternateName\":\"Rucas - One-stop AIoT Distribution Worldwide\",\"description\":\"One-stop AIoT Distribution Worldwide\",\"inLanguage\":\"pt-PT\",\"publisher\":{\"@id\":\"https:\\\/\\\/www.rucashk.com\\\/pt\\\/#organization\"}}]}\n\t\t<\/script>\n\t\t<!-- All in One SEO Pro -->\r\n\t\t<title>Garmin Vivoactive 4 - Rucas - Wholesale and Distribution<\/title>\n\n","aioseo_head_json":{"title":"Garmin Vivoactive 4 - Rucas - Wholesale and Distribution","description":"Monitor your health 24 hours a day with the pulse oximetry feature and the Body Energy Monitor Battery\u2122, and track your breathing, menstrual cycle, stress, sleep, heart rate, hydration and more. Easily download tracks to your watch, including playlists from your Spotify\u00ae, Amazon Music or Deezer account, and pair it with headphones (sold separately) for listening without using your phone. Record every way you move with over 20 pre-installed indoor sports apps and GPS feature for yoga, swimming, running and more. Perform easy-to-follow, fun workouts directly on the watch display, including strength training, cardio, yoga and Pilates. Enjoy up to 8 days of battery life in smart mode and up to 6 hours in GPS and music mode.","canonical_url":"https:\/\/www.rucashk.com\/pt\/produto\/garmin-vivoactive-4\/","robots":"max-image-preview:large","keywords":"","webmasterTools":{"miscellaneous":""},"og:locale":"pt_PT","og:site_name":"Rucas - One-stop AIoT Distribution Worldwide","og:type":"article","og:title":"Garmin Vivoactive 4 - Rucas - Wholesale and Distribution","og:description":"Monitor your health 24 hours a day with the pulse oximetry feature and the Body Energy Monitor Battery\u2122, and track your breathing, menstrual cycle, stress, sleep, heart rate, hydration and more. Easily download tracks to your watch, including playlists from your Spotify\u00ae, Amazon Music or Deezer account, and pair it with headphones (sold separately) for listening without using your phone. Record every way you move with over 20 pre-installed indoor sports apps and GPS feature for yoga, swimming, running and more. Perform easy-to-follow, fun workouts directly on the watch display, including strength training, cardio, yoga and Pilates. Enjoy up to 8 days of battery life in smart mode and up to 6 hours in GPS and music mode.","og:url":"https:\/\/www.rucashk.com\/pt\/produto\/garmin-vivoactive-4\/","og:image":"https:\/\/www.rucashk.com\/wp-content\/uploads\/replace\/503b8e645f128a97ccde2b6290747646.jpeg","og:image:secure_url":"https:\/\/www.rucashk.com\/wp-content\/uploads\/replace\/503b8e645f128a97ccde2b6290747646.jpeg","og:image:width":1456,"og:image:height":816,"article:published_time":"2024-01-09T15:44:44+00:00","article:modified_time":"2024-03-12T06:56:52+00:00","twitter:card":"summary_large_image","twitter:title":"Garmin Vivoactive 4 - Rucas - Wholesale and Distribution","twitter:description":"Monitor your health 24 hours a day with the pulse oximetry feature and the Body Energy Monitor Battery\u2122, and track your breathing, menstrual cycle, stress, sleep, heart rate, hydration and more. Easily download tracks to your watch, including playlists from your Spotify\u00ae, Amazon Music or Deezer account, and pair it with headphones (sold separately) for listening without using your phone. Record every way you move with over 20 pre-installed indoor sports apps and GPS feature for yoga, swimming, running and more. Perform easy-to-follow, fun workouts directly on the watch display, including strength training, cardio, yoga and Pilates. Enjoy up to 8 days of battery life in smart mode and up to 6 hours in GPS and music mode.","twitter:image":"https:\/\/www.rucashk.com\/wp-content\/uploads\/replace\/503b8e645f128a97ccde2b6290747646.jpeg","schema":{"@context":"https:\/\/schema.org","@graph":[{"@type":"BreadcrumbList","@id":"https:\/\/www.rucashk.com\/pt\/produto\/garmin-vivoactive-4\/#breadcrumblist","itemListElement":[{"@type":"ListItem","@id":"https:\/\/www.rucashk.com\/pt\/#listItem","position":1,"name":"Home","item":"https:\/\/www.rucashk.com\/pt\/","nextItem":"https:\/\/www.rucashk.com\/pt\/produto\/garmin-vivoactive-4\/#listItem"},{"@type":"ListItem","@id":"https:\/\/www.rucashk.com\/pt\/produto\/garmin-vivoactive-4\/#listItem","position":2,"name":"Garmin\u00a0Vivoactive 4","previousItem":"https:\/\/www.rucashk.com\/pt\/#listItem"}]},{"@type":"Organization","@id":"https:\/\/www.rucashk.com\/pt\/#organization","name":"Rucas","url":"https:\/\/www.rucashk.com\/pt\/","logo":{"@type":"ImageObject","url":"https:\/\/www.rucashk.com\/wp-content\/uploads\/2023\/12\/Rucas_campany_logo.png","@id":"https:\/\/www.rucashk.com\/pt\/produto\/garmin-vivoactive-4\/#organizationLogo","width":221,"height":65},"image":{"@id":"https:\/\/www.rucashk.com\/pt\/#organizationLogo"}},{"@type":"Person","@id":"https:\/\/www.rucashk.com\/pt\/author\/admin\/#author","url":"https:\/\/www.rucashk.com\/pt\/author\/admin\/","name":"admin","image":{"@type":"ImageObject","@id":"https:\/\/www.rucashk.com\/pt\/produto\/garmin-vivoactive-4\/#authorImage","url":"https:\/\/secure.gravatar.com\/avatar\/b7c8925b09a27e72b30232f8ecaadbd5af0f70a38c78096863fe51b64f031c24?s=96&d=mm&r=g","width":96,"height":96,"caption":"admin"}},{"@type":"WebPage","@id":"https:\/\/www.rucashk.com\/pt\/produto\/garmin-vivoactive-4\/#webpage","url":"https:\/\/www.rucashk.com\/pt\/produto\/garmin-vivoactive-4\/","name":"Garmin Vivoactive 4 - Rucas - Wholesale and Distribution","description":"Monitor your health 24 hours a day with the pulse oximetry feature and the Body Energy Monitor Battery\u2122, and track your breathing, menstrual cycle, stress, sleep, heart rate, hydration and more. Easily download tracks to your watch, including playlists from your Spotify\u00ae, Amazon Music or Deezer account, and pair it with headphones (sold separately) for listening without using your phone. Record every way you move with over 20 pre-installed indoor sports apps and GPS feature for yoga, swimming, running and more. Perform easy-to-follow, fun workouts directly on the watch display, including strength training, cardio, yoga and Pilates. Enjoy up to 8 days of battery life in smart mode and up to 6 hours in GPS and music mode.","inLanguage":"pt-PT","isPartOf":{"@id":"https:\/\/www.rucashk.com\/pt\/#website"},"breadcrumb":{"@id":"https:\/\/www.rucashk.com\/pt\/produto\/garmin-vivoactive-4\/#breadcrumblist"},"author":{"@id":"https:\/\/www.rucashk.com\/pt\/author\/admin\/#author"},"creator":{"@id":"https:\/\/www.rucashk.com\/pt\/author\/admin\/#author"},"image":{"@type":"ImageObject","url":"https:\/\/www.rucashk.com\/wp-content\/uploads\/2024\/01\/garmin-vivoactive-4_\u526f\u672c.jpg","@id":"https:\/\/www.rucashk.com\/pt\/produto\/garmin-vivoactive-4\/#mainImage","width":858,"height":788},"primaryImageOfPage":{"@id":"https:\/\/www.rucashk.com\/pt\/produto\/garmin-vivoactive-4\/#mainImage"},"datePublished":"2024-01-09T15:44:44+00:00","dateModified":"2024-03-12T06:56:52+00:00"},{"@type":"WebSite","@id":"https:\/\/www.rucashk.com\/pt\/#website","url":"https:\/\/www.rucashk.com\/pt\/","name":"Rucas - Wholesale and distribution worldwide","alternateName":"Rucas - One-stop AIoT Distribution Worldwide","description":"One-stop AIoT Distribution Worldwide","inLanguage":"pt-PT","publisher":{"@id":"https:\/\/www.rucashk.com\/pt\/#organization"}}]}},"aioseo_meta_data":{"post_id":"22483","title":null,"description":null,"keywords":null,"keyphrases":null,"primary_term":null,"canonical_url":null,"og_title":null,"og_description":null,"og_object_type":"default","og_image_type":"default","og_image_url":null,"og_image_width":null,"og_image_height":null,"og_image_custom_url":null,"og_image_custom_fields":null,"og_video":null,"og_custom_url":null,"og_article_section":null,"og_article_tags":null,"twitter_use_og":false,"twitter_card":"default","twitter_image_type":"default","twitter_image_url":null,"twitter_image_custom_url":null,"twitter_image_custom_fields":null,"twitter_title":null,"twitter_description":null,"schema":{"blockGraphs":[],"customGraphs":[],"default":{"data":{"Article":[],"Course":[],"Dataset":[],"FAQPage":[],"Movie":[],"Person":[],"Product":[],"Recipe":[],"Service":[],"SoftwareApplication":[],"WebPage":[]},"graphName":"","isEnabled":true},"graphs":[]},"schema_type":"default","schema_type_options":null,"pillar_content":false,"robots_default":true,"robots_noindex":false,"robots_noarchive":false,"robots_nosnippet":false,"robots_nofollow":false,"robots_noimageindex":false,"robots_noodp":false,"robots_notranslate":false,"robots_max_snippet":null,"robots_max_videopreview":null,"robots_max_imagepreview":"large","priority":null,"frequency":null,"local_seo":null,"breadcrumb_settings":null,"limit_modified_date":false,"created":"2024-04-11 01:55:23","updated":"2025-06-22 16:44:00"},"aioseo_breadcrumb":"<div class=\"aioseo-breadcrumbs\"><span class=\"aioseo-breadcrumb\">\n\t<a href=\"https:\/\/www.rucashk.com\/pt\" title=\"Home\">Home<\/a>\n<\/span><span class=\"aioseo-breadcrumb-separator\">&raquo;<\/span><span class=\"aioseo-breadcrumb\">\n\t<a href=\"https:\/\/www.rucashk.com\/pt\/products\/\" title=\"Produtos\">Produtos<\/a>\n<\/span><span class=\"aioseo-breadcrumb-separator\">&raquo;<\/span><span class=\"aioseo-breadcrumb\">\n\t<a href=\"https:\/\/www.rucashk.com\/pt\/categoria-produto\/other-a-brands\/\" title=\"Other A-Brands\">Other A-Brands<\/a>\n<\/span><span class=\"aioseo-breadcrumb-separator\">&raquo;<\/span><span class=\"aioseo-breadcrumb\">\n\t<a href=\"https:\/\/www.rucashk.com\/pt\/categoria-produto\/other-a-brands\/garmin-other-a-brands\/\" title=\"Garmin\">Garmin<\/a>\n<\/span><span class=\"aioseo-breadcrumb-separator\">&raquo;<\/span><span class=\"aioseo-breadcrumb\">\n\tGarmin\u00a0Vivoactive 4\n<\/span><\/div>","aioseo_breadcrumb_json":[{"label":"Home","link":"https:\/\/www.rucashk.com\/pt"},{"label":"Produtos","link":"https:\/\/www.rucashk.com\/pt\/products\/"},{"label":"Other A-Brands","link":"https:\/\/www.rucashk.com\/pt\/categoria-produto\/other-a-brands\/"},{"label":"Garmin","link":"https:\/\/www.rucashk.com\/pt\/categoria-produto\/other-a-brands\/garmin-other-a-brands\/"},{"label":"Garmin\u00a0Vivoactive 4","link":"https:\/\/www.rucashk.com\/pt\/produto\/garmin-vivoactive-4\/"}],"_links":{"self":[{"href":"https:\/\/www.rucashk.com\/pt\/wp-json\/wp\/v2\/product\/22483","targetHints":{"allow":["GET"]}}],"collection":[{"href":"https:\/\/www.rucashk.com\/pt\/wp-json\/wp\/v2\/product"}],"about":[{"href":"https:\/\/www.rucashk.com\/pt\/wp-json\/wp\/v2\/types\/product"}],"wp:featuredmedia":[{"embeddable":true,"href":"https:\/\/www.rucashk.com\/pt\/wp-json\/wp\/v2\/media\/22574"}],"wp:attachment":[{"href":"https:\/\/www.rucashk.com\/pt\/wp-json\/wp\/v2\/media?parent=22483"}],"wp:term":[{"taxonomy":"product_brand","embeddable":true,"href":"https:\/\/www.rucashk.com\/pt\/wp-json\/wp\/v2\/product_brand?post=22483"},{"taxonomy":"product_cat","embeddable":true,"href":"https:\/\/www.rucashk.com\/pt\/wp-json\/wp\/v2\/product_cat?post=22483"},{"taxonomy":"product_tag","embeddable":true,"href":"https:\/\/www.rucashk.com\/pt\/wp-json\/wp\/v2\/product_tag?post=22483"}],"curies":[{"name":"wp","href":"https:\/\/api.w.org\/{rel}","templated":true}]}}