{"id":22450,"date":"2024-01-09T15:44:20","date_gmt":"2024-01-09T15:44:20","guid":{"rendered":"http:\/\/rucashk.com\/?post_type=product&#038;p=22450"},"modified":"2024-03-11T08:01:08","modified_gmt":"2024-03-11T08:01:08","slug":"xiaomi-redmi-k30","status":"publish","type":"product","link":"https:\/\/www.rucashk.com\/pt\/produto\/xiaomi-redmi-k30\/","title":{"rendered":"XiaomiRedmi K30"},"content":{"rendered":"<div>\n<div class=\"detailmodule_html\">\n<h2 style=\"text-align: center\"><strong>Redmi K30 5G<\/strong><\/h2>\n<p style=\"text-align: center\">Tela fluida de 120 Hz | Tela de visualiza\u00e7\u00e3o completa de 6,67 \u2033 | <a class=\"\" style=\"width: auto !important\" href=\"https:\/\/www.rucashk.com\/pt\/produto\/mi-mix-3-snapdragon-855-octa-core-5g-smartphone\/\" data-wpil-post-to-id=\"1703\">Snapdragon 765G 5G<\/a> | Carregador 4500mAh + 30W<\/p>\n<p style=\"text-align: center\"><img decoding=\"async\" class=\"aligncenter\" src=\"\/wp-content\/uploads\/replace\/3e2e0e8f179e9b21e94976274117e2a5.jpeg\" alt=\"k30xq\" \/><img decoding=\"async\" src=\"\/wp-content\/uploads\/replace\/bee12bb7ab8ddcd4fc18759f045617b2.jpeg\" alt=\"RedmiK305Gxq_02\" \/><\/p>\n<p style=\"text-align: center\"><strong>Snapdragon 765G <a class=\"\" style=\"width: auto !important\" href=\"https:\/\/www.rucashk.com\/pt\/the-new-redmi-5g-will-be-equipped-with-a-2-6ghz-tenguet-820-processor\/\" data-wpil-post-to-id=\"7603\">Processador 5G<\/a><\/strong><\/p>\n<p style=\"text-align: center\"><img decoding=\"async\" src=\"\/wp-content\/uploads\/replace\/34dd03830bf270bd89c795417d317a68.jpeg\" alt=\"RedmiK305Gxq_03\" \/><\/p>\n<p style=\"text-align: center\"><strong>7nm EUV <a class=\"\" style=\"width: auto !important\" href=\"https:\/\/www.rucashk.com\/pt\/5g-aiot-promotes-eco-industry-xiaomi-is-highly-praised\/\" data-wpil-post-to-id=\"6933\">+ 5G integrado<\/a><\/strong><\/p>\n<p style=\"text-align: center\"><img decoding=\"async\" src=\"\/wp-content\/uploads\/replace\/f5065e0d0c8486083fc0a8a93ef3001f.jpeg\" alt=\"RedmiK305Gxq_05\" \/><\/p>\n<p style=\"text-align: center\"><strong>SA e NSA <a class=\"\" style=\"width: auto !important\" href=\"https:\/\/www.rucashk.com\/pt\/produto\/xiaomi-pocophone-f1-64gb-6gb-ram-dual-camera\/\" data-wpil-post-to-id=\"11721\">Modo duplo +<\/a> MultiLink 5G<\/strong><\/p>\n<p style=\"text-align: center\"><img decoding=\"async\" src=\"\/wp-content\/uploads\/replace\/c11249d17d80b912fc775828aa08b843.jpeg\" alt=\"RedmiK305Gxq_07\" \/><\/p>\n<p style=\"text-align: center\"><strong>Tela fluida de 120 Hz<\/strong><\/p>\n<p style=\"text-align: center\"><img decoding=\"async\" src=\"\/wp-content\/uploads\/replace\/1c52e1d5aa2763f866f2f6b181fcee36.jpeg\" alt=\"RedmiK305Gxq_09\" \/><\/p>\n<p style=\"text-align: center\"><strong>Tela de visualiza\u00e7\u00e3o completa 20:9 de 6,67\u2033<\/strong><\/p>\n<p style=\"text-align: center\"><img decoding=\"async\" src=\"\/wp-content\/uploads\/replace\/11407a053e6423f67376b22c0d9a00d0.jpeg\" alt=\"RedmiK305Gxq_11\" \/><\/p>\n<p style=\"text-align: center\"><strong>64 MP <a class=\"\" style=\"width: auto !important\" href=\"https:\/\/www.rucashk.com\/pt\/produto\/xiaomi-redmi-note8-48mp-quad-rear-camera-4000mah-smartphone\/\" data-wpil-post-to-id=\"2367\">C\u00e2mera traseira qu\u00e1drupla + c\u00e2mera frontal de 20 MP<\/a><\/strong><\/p>\n<p style=\"text-align: center\"><img decoding=\"async\" src=\"\/wp-content\/uploads\/replace\/518e8124128eba594e6d5c6b9707efd1.jpeg\" alt=\"RedmiK305Gxq_13\" \/><img fetchpriority=\"high\" decoding=\"async\" src=\"\/wp-content\/uploads\/replace\/5165b6d2fe9c26ff2ce1bbac31c5b1a0.jpeg\" alt=\"Xiaomi Redmi \u00a0K30\" width=\"930\" height=\"560\" \/><img decoding=\"async\" src=\"\/wp-content\/uploads\/replace\/52c6620cf541c9dc6f5aca9fe3453df6.jpeg\" alt=\"Xiaomi Redmi \u00a0K30\" width=\"930\" height=\"489\" \/><\/p>\n<p style=\"text-align: center\"><strong>Corpo de vidro curvo 3D<\/strong><\/p>\n<p style=\"text-align: center\"><img decoding=\"async\" src=\"\/wp-content\/uploads\/replace\/3edc16ad0cde748365d91d21d48ef9d5.jpeg\" alt=\"RedmiK305Gxq_21\" \/><\/p>\n<p style=\"text-align: center\"><strong>Carregamento r\u00e1pido de 30 W + resfriamento por tubo de cobre<\/strong><\/p>\n<p style=\"text-align: center\"><img decoding=\"async\" src=\"\/wp-content\/uploads\/replace\/03d08d4eda7d45bb63230f32a41fa652.jpeg\" alt=\"RedmiK305Gxq_23\" \/><img decoding=\"async\" src=\"\/wp-content\/uploads\/replace\/b484faf04f16590a150338ad2e5ae6c5.jpeg\" alt=\"RedmiK305Gxq_25\" \/><\/p>\n<p style=\"text-align: center\"><strong>NFC multifuncional<\/strong><\/p>\n<p style=\"text-align: center\"><img decoding=\"async\" src=\"\/wp-content\/uploads\/replace\/3a579659181e7de2b812a7bcc1e5d2d6.jpeg\" alt=\"RedmiK305Gxq._27\" \/><\/p>\n<p style=\"text-align: center\"><strong>Mais cores<\/strong><\/p>\n<p><img decoding=\"async\" class=\"aligncenter\" src=\"\/wp-content\/uploads\/replace\/c0595c56435477a5d5208d94205ce1b4.jpeg\" alt=\"Xiaomi Redmi \u00a0K30\" width=\"930\" height=\"600\" \/><\/p>\n<div>CPU ---- <a class=\"\" style=\"width: auto !important\" href=\"https:\/\/www.rucashk.com\/pt\/produto\/xiaomi-mi-9t-pro-6-39-inch-snapdragon-855-octa-core-smartphone\/\" data-wpil-post-to-id=\"2286\">Snapdragon 765G 5G Octa<\/a> N\u00facleo, Adreno 620<\/div>\n<div>\n<div>\u00a0\u00a0\u00a0Tela \u2014\u2014- 6,67 \u2033 2400 \u00d7 1080 FHD + Tela Cheia,<\/div>\n<div>\u00a0\u00a0\u00a0RAM + ROM \u2013 6 GB + 64 GB<\/div>\n<div>\u00a0\u00a0\u00a0C\u00e2mera \u2014\u2014 C\u00e2mera traseira qu\u00e1drupla de 64 MP + 8 MP + 5 MP + 2 MP, c\u00e2mera frontal de 20 MP + 2 MP<\/div>\n<div>\u00a0\u00a0\u00a0Bateria \u2014\u2014 4500mAh (T\u00edpico)<\/div>\n<div>\u00a0\u00a0\u00a0SO \u2014\u2014\u2014\u2013 MIUI 11, duas vers\u00f5es<\/div>\n<div>\u00a0\u00a0\u00a0CN <a class=\"\" style=\"width: auto !important\" href=\"https:\/\/www.rucashk.com\/pt\/xiaomi-pre-sales-driving-recorder2-2k-version-a-brand-supporting-voice-recording\/\" data-wpil-post-to-id=\"9520\">vers\u00e3o China ROM: Suporte apenas<\/a> Ingl\u00eas e chin\u00eas, suporte para atualiza\u00e7\u00e3o NFC e OTA<\/div>\n<p>CN <a class=\"\" style=\"width: auto !important\" href=\"https:\/\/www.rucashk.com\/pt\/lets-take-a-look-at-the-global-version-of-douyin\u3010tiktok\u3011\/\" data-wpil-post-to-id=\"6752\">vers\u00e3o global<\/a> ROM:\u00a0<span data-spm-anchor-id=\"a2g0o.detail.1000023.i0.3e366846XAtlYK\">Multi idioma, com Google Play Store, sem NFC<\/span>\u00a0(Bootloader desbloqueado para instala\u00e7\u00e3o de ROM Global, Android Pay, Netflix, alguns aplicativos banc\u00e1rios podem n\u00e3o ser suportados.)<\/p>\n<div>\u00a0\u00a0\u00a0Outros \u2014\u2014\u2013 WIFI, Bluetooth 5.1, GPS, OTG, Game Turbo 2.0<\/div>\n<div>\u00a0\u00a0\u00a0Rede \u2014\u2013 Netcom completo, <a class=\"\" style=\"width: auto !important\" href=\"https:\/\/www.rucashk.com\/pt\/produto\/wiko-view4-lite\/\" data-wpil-post-to-id=\"5614\">SIM duplo<\/a> Modo de espera duplo (slot para cart\u00e3o Nano SIM x 2)<\/div>\n<div>\u00a0\u00a0\u00a02G: GSM 850\/900\/1800\/1900 MHz,<\/div>\n<div>\u00a0\u00a0\u00a03G: WCDMA 850\/900\/1900\/2100 MHz,<\/div>\n<\/div>\n<div>\n<p>\u00a0\u00a0\u00a04G: LTE B3\/B1\/B7\/B5\/B8;<\/p>\n<div>\u00a0 \u00a0 \u00a0 \u00a0 \u00a0TD LTE B34\/B38\/B39\/B40\/B41<\/div>\n<div data-spm-anchor-id=\"a2g0o.detail.1000023.i0.57057e294soZnt\">\u00a0\u00a0\u00a05G: Sub6G: n41\/n78<\/div>\n<\/div>\n<\/div>\n<\/div>","protected":false},"excerpt":{"rendered":"<p><strong>Processador<\/strong>: Qualcomm SDM730 Snapdragon 730G<\/p>\n<p><strong>BATER<\/strong>: 6 GB, 8 GB<\/p>\n<p><strong>Armazenar<\/strong>: 64 GB, 128 GB, 256 GB<\/p>\n<p><strong>Mostrar<\/strong>: 6,67 polegadas<\/p>\n<p><strong>C\u00e2mera<\/strong>: C\u00e2mera qu\u00e1drupla<\/p>\n<p><strong>Bateria<\/strong>: Bateria de 4500 mAh + Carregamento r\u00e1pido da bateria de 27 W<\/p>","protected":false},"featured_media":22551,"template":"","meta":[],"product_brand":[],"product_cat":[1295,1297],"product_tag":[],"class_list":{"0":"post-22450","1":"product","2":"type-product","3":"status-publish","4":"has-post-thumbnail","6":"product_cat-mobile-phone","7":"product_cat-redmi-mobile-phone","9":"first","10":"instock","11":"shipping-taxable","12":"product-type-external"},"aioseo_notices":[],"aioseo_head":"\n\t\t<!-- All in One SEO Pro 4.5.9.2 - aioseo.com -->\n\t\t<meta name=\"description\" content=\"Processor: Qualcomm SDM730 Snapdragon 730G RAM: 6 GB, 8 GB Storage: 64 GB, 128 GB, 256 GB Display: 6.67 inches Camera: Quad Camera Battery: 4500 mAh battery + Fast battery charging 27W\" \/>\n\t\t<meta name=\"robots\" content=\"max-image-preview:large\" \/>\n\t\t<link rel=\"canonical\" href=\"https:\/\/www.rucashk.com\/pt\/produto\/xiaomi-redmi-k30\/\" \/>\n\t\t<meta name=\"generator\" content=\"All in One SEO Pro (AIOSEO) 4.5.9.2\" \/>\n\t\t<meta property=\"og:locale\" content=\"pt_PT\" \/>\n\t\t<meta property=\"og:site_name\" content=\"Rucas - One-stop AIoT Distribution Worldwide\" \/>\n\t\t<meta property=\"og:type\" content=\"article\" \/>\n\t\t<meta property=\"og:title\" content=\"Xiaomi Redmi K30 - Rucas - Wholesale and Distribution\" \/>\n\t\t<meta property=\"og:description\" content=\"Processor: Qualcomm SDM730 Snapdragon 730G RAM: 6 GB, 8 GB Storage: 64 GB, 128 GB, 256 GB Display: 6.67 inches Camera: Quad Camera Battery: 4500 mAh battery + Fast battery charging 27W\" \/>\n\t\t<meta property=\"og:url\" content=\"https:\/\/www.rucashk.com\/pt\/produto\/xiaomi-redmi-k30\/\" \/>\n\t\t<meta property=\"og:image\" content=\"https:\/\/www.rucashk.com\/wp-content\/uploads\/replace\/503b8e645f128a97ccde2b6290747646.jpeg\" \/>\n\t\t<meta property=\"og:image:secure_url\" content=\"https:\/\/www.rucashk.com\/wp-content\/uploads\/replace\/503b8e645f128a97ccde2b6290747646.jpeg\" \/>\n\t\t<meta property=\"og:image:width\" content=\"1456\" \/>\n\t\t<meta property=\"og:image:height\" content=\"816\" \/>\n\t\t<meta property=\"article:published_time\" content=\"2024-01-09T15:44:20+00:00\" \/>\n\t\t<meta property=\"article:modified_time\" content=\"2024-03-11T08:01:08+00:00\" \/>\n\t\t<meta name=\"twitter:card\" content=\"summary_large_image\" \/>\n\t\t<meta name=\"twitter:title\" content=\"Xiaomi Redmi K30 - Rucas - Wholesale and Distribution\" \/>\n\t\t<meta name=\"twitter:description\" content=\"Processor: Qualcomm SDM730 Snapdragon 730G RAM: 6 GB, 8 GB Storage: 64 GB, 128 GB, 256 GB Display: 6.67 inches Camera: Quad Camera Battery: 4500 mAh battery + Fast battery charging 27W\" \/>\n\t\t<meta name=\"twitter:image\" content=\"https:\/\/www.rucashk.com\/wp-content\/uploads\/replace\/503b8e645f128a97ccde2b6290747646.jpeg\" \/>\n\t\t<script type=\"application\/ld+json\" class=\"aioseo-schema\">\n\t\t\t{\"@context\":\"https:\\\/\\\/schema.org\",\"@graph\":[{\"@type\":\"BreadcrumbList\",\"@id\":\"https:\\\/\\\/www.rucashk.com\\\/pt\\\/produto\\\/xiaomi-redmi-k30\\\/#breadcrumblist\",\"itemListElement\":[{\"@type\":\"ListItem\",\"@id\":\"https:\\\/\\\/www.rucashk.com\\\/pt\\\/#listItem\",\"position\":1,\"name\":\"Home\",\"item\":\"https:\\\/\\\/www.rucashk.com\\\/pt\\\/\",\"nextItem\":\"https:\\\/\\\/www.rucashk.com\\\/pt\\\/produto\\\/xiaomi-redmi-k30\\\/#listItem\"},{\"@type\":\"ListItem\",\"@id\":\"https:\\\/\\\/www.rucashk.com\\\/pt\\\/produto\\\/xiaomi-redmi-k30\\\/#listItem\",\"position\":2,\"name\":\"Xiaomi Redmi \\u00a0K30\",\"previousItem\":\"https:\\\/\\\/www.rucashk.com\\\/pt\\\/#listItem\"}]},{\"@type\":\"Organization\",\"@id\":\"https:\\\/\\\/www.rucashk.com\\\/pt\\\/#organization\",\"name\":\"Rucas\",\"url\":\"https:\\\/\\\/www.rucashk.com\\\/pt\\\/\",\"logo\":{\"@type\":\"ImageObject\",\"url\":\"https:\\\/\\\/www.rucashk.com\\\/wp-content\\\/uploads\\\/2023\\\/12\\\/Rucas_campany_logo.png\",\"@id\":\"https:\\\/\\\/www.rucashk.com\\\/pt\\\/produto\\\/xiaomi-redmi-k30\\\/#organizationLogo\",\"width\":221,\"height\":65},\"image\":{\"@id\":\"https:\\\/\\\/www.rucashk.com\\\/pt\\\/#organizationLogo\"}},{\"@type\":\"Person\",\"@id\":\"https:\\\/\\\/www.rucashk.com\\\/pt\\\/author\\\/admin\\\/#author\",\"url\":\"https:\\\/\\\/www.rucashk.com\\\/pt\\\/author\\\/admin\\\/\",\"name\":\"admin\",\"image\":{\"@type\":\"ImageObject\",\"@id\":\"https:\\\/\\\/www.rucashk.com\\\/pt\\\/produto\\\/xiaomi-redmi-k30\\\/#authorImage\",\"url\":\"https:\\\/\\\/secure.gravatar.com\\\/avatar\\\/b7c8925b09a27e72b30232f8ecaadbd5af0f70a38c78096863fe51b64f031c24?s=96&d=mm&r=g\",\"width\":96,\"height\":96,\"caption\":\"admin\"}},{\"@type\":\"WebPage\",\"@id\":\"https:\\\/\\\/www.rucashk.com\\\/pt\\\/produto\\\/xiaomi-redmi-k30\\\/#webpage\",\"url\":\"https:\\\/\\\/www.rucashk.com\\\/pt\\\/produto\\\/xiaomi-redmi-k30\\\/\",\"name\":\"Xiaomi Redmi K30 - Rucas - Wholesale and Distribution\",\"description\":\"Processor: Qualcomm SDM730 Snapdragon 730G RAM: 6 GB, 8 GB Storage: 64 GB, 128 GB, 256 GB Display: 6.67 inches Camera: Quad Camera Battery: 4500 mAh battery + Fast battery charging 27W\",\"inLanguage\":\"pt-PT\",\"isPartOf\":{\"@id\":\"https:\\\/\\\/www.rucashk.com\\\/pt\\\/#website\"},\"breadcrumb\":{\"@id\":\"https:\\\/\\\/www.rucashk.com\\\/pt\\\/produto\\\/xiaomi-redmi-k30\\\/#breadcrumblist\"},\"author\":{\"@id\":\"https:\\\/\\\/www.rucashk.com\\\/pt\\\/author\\\/admin\\\/#author\"},\"creator\":{\"@id\":\"https:\\\/\\\/www.rucashk.com\\\/pt\\\/author\\\/admin\\\/#author\"},\"image\":{\"@type\":\"ImageObject\",\"url\":\"https:\\\/\\\/www.rucashk.com\\\/wp-content\\\/uploads\\\/2024\\\/01\\\/xiaomi-k30_\\u526f\\u672c.jpg\",\"@id\":\"https:\\\/\\\/www.rucashk.com\\\/pt\\\/produto\\\/xiaomi-redmi-k30\\\/#mainImage\",\"width\":858,\"height\":840},\"primaryImageOfPage\":{\"@id\":\"https:\\\/\\\/www.rucashk.com\\\/pt\\\/produto\\\/xiaomi-redmi-k30\\\/#mainImage\"},\"datePublished\":\"2024-01-09T15:44:20+00:00\",\"dateModified\":\"2024-03-11T08:01:08+00:00\"},{\"@type\":\"WebSite\",\"@id\":\"https:\\\/\\\/www.rucashk.com\\\/pt\\\/#website\",\"url\":\"https:\\\/\\\/www.rucashk.com\\\/pt\\\/\",\"name\":\"Rucas - Wholesale and distribution worldwide\",\"alternateName\":\"Rucas - One-stop AIoT Distribution Worldwide\",\"description\":\"One-stop AIoT Distribution Worldwide\",\"inLanguage\":\"pt-PT\",\"publisher\":{\"@id\":\"https:\\\/\\\/www.rucashk.com\\\/pt\\\/#organization\"}}]}\n\t\t<\/script>\n\t\t<!-- All in One SEO Pro -->\r\n\t\t<title>Xiaomi Redmi K30 - Rucas - Wholesale and Distribution<\/title>\n\n","aioseo_head_json":{"title":"Xiaomi Redmi K30 - Rucas - Wholesale and Distribution","description":"Processor: Qualcomm SDM730 Snapdragon 730G RAM: 6 GB, 8 GB Storage: 64 GB, 128 GB, 256 GB Display: 6.67 inches Camera: Quad Camera Battery: 4500 mAh battery + Fast battery charging 27W","canonical_url":"https:\/\/www.rucashk.com\/pt\/produto\/xiaomi-redmi-k30\/","robots":"max-image-preview:large","keywords":"","webmasterTools":{"miscellaneous":""},"og:locale":"pt_PT","og:site_name":"Rucas - One-stop AIoT Distribution Worldwide","og:type":"article","og:title":"Xiaomi Redmi K30 - Rucas - Wholesale and Distribution","og:description":"Processor: Qualcomm SDM730 Snapdragon 730G RAM: 6 GB, 8 GB Storage: 64 GB, 128 GB, 256 GB Display: 6.67 inches Camera: Quad Camera Battery: 4500 mAh battery + Fast battery charging 27W","og:url":"https:\/\/www.rucashk.com\/pt\/produto\/xiaomi-redmi-k30\/","og:image":"https:\/\/www.rucashk.com\/wp-content\/uploads\/replace\/503b8e645f128a97ccde2b6290747646.jpeg","og:image:secure_url":"https:\/\/www.rucashk.com\/wp-content\/uploads\/replace\/503b8e645f128a97ccde2b6290747646.jpeg","og:image:width":1456,"og:image:height":816,"article:published_time":"2024-01-09T15:44:20+00:00","article:modified_time":"2024-03-11T08:01:08+00:00","twitter:card":"summary_large_image","twitter:title":"Xiaomi Redmi K30 - Rucas - Wholesale and Distribution","twitter:description":"Processor: Qualcomm SDM730 Snapdragon 730G RAM: 6 GB, 8 GB Storage: 64 GB, 128 GB, 256 GB Display: 6.67 inches Camera: Quad Camera Battery: 4500 mAh battery + Fast battery charging 27W","twitter:image":"https:\/\/www.rucashk.com\/wp-content\/uploads\/replace\/503b8e645f128a97ccde2b6290747646.jpeg","schema":{"@context":"https:\/\/schema.org","@graph":[{"@type":"BreadcrumbList","@id":"https:\/\/www.rucashk.com\/pt\/produto\/xiaomi-redmi-k30\/#breadcrumblist","itemListElement":[{"@type":"ListItem","@id":"https:\/\/www.rucashk.com\/pt\/#listItem","position":1,"name":"Home","item":"https:\/\/www.rucashk.com\/pt\/","nextItem":"https:\/\/www.rucashk.com\/pt\/produto\/xiaomi-redmi-k30\/#listItem"},{"@type":"ListItem","@id":"https:\/\/www.rucashk.com\/pt\/produto\/xiaomi-redmi-k30\/#listItem","position":2,"name":"Xiaomi Redmi \u00a0K30","previousItem":"https:\/\/www.rucashk.com\/pt\/#listItem"}]},{"@type":"Organization","@id":"https:\/\/www.rucashk.com\/pt\/#organization","name":"Rucas","url":"https:\/\/www.rucashk.com\/pt\/","logo":{"@type":"ImageObject","url":"https:\/\/www.rucashk.com\/wp-content\/uploads\/2023\/12\/Rucas_campany_logo.png","@id":"https:\/\/www.rucashk.com\/pt\/produto\/xiaomi-redmi-k30\/#organizationLogo","width":221,"height":65},"image":{"@id":"https:\/\/www.rucashk.com\/pt\/#organizationLogo"}},{"@type":"Person","@id":"https:\/\/www.rucashk.com\/pt\/author\/admin\/#author","url":"https:\/\/www.rucashk.com\/pt\/author\/admin\/","name":"admin","image":{"@type":"ImageObject","@id":"https:\/\/www.rucashk.com\/pt\/produto\/xiaomi-redmi-k30\/#authorImage","url":"https:\/\/secure.gravatar.com\/avatar\/b7c8925b09a27e72b30232f8ecaadbd5af0f70a38c78096863fe51b64f031c24?s=96&d=mm&r=g","width":96,"height":96,"caption":"admin"}},{"@type":"WebPage","@id":"https:\/\/www.rucashk.com\/pt\/produto\/xiaomi-redmi-k30\/#webpage","url":"https:\/\/www.rucashk.com\/pt\/produto\/xiaomi-redmi-k30\/","name":"Xiaomi Redmi K30 - Rucas - Wholesale and Distribution","description":"Processor: Qualcomm SDM730 Snapdragon 730G RAM: 6 GB, 8 GB Storage: 64 GB, 128 GB, 256 GB Display: 6.67 inches Camera: Quad Camera Battery: 4500 mAh battery + Fast battery charging 27W","inLanguage":"pt-PT","isPartOf":{"@id":"https:\/\/www.rucashk.com\/pt\/#website"},"breadcrumb":{"@id":"https:\/\/www.rucashk.com\/pt\/produto\/xiaomi-redmi-k30\/#breadcrumblist"},"author":{"@id":"https:\/\/www.rucashk.com\/pt\/author\/admin\/#author"},"creator":{"@id":"https:\/\/www.rucashk.com\/pt\/author\/admin\/#author"},"image":{"@type":"ImageObject","url":"https:\/\/www.rucashk.com\/wp-content\/uploads\/2024\/01\/xiaomi-k30_\u526f\u672c.jpg","@id":"https:\/\/www.rucashk.com\/pt\/produto\/xiaomi-redmi-k30\/#mainImage","width":858,"height":840},"primaryImageOfPage":{"@id":"https:\/\/www.rucashk.com\/pt\/produto\/xiaomi-redmi-k30\/#mainImage"},"datePublished":"2024-01-09T15:44:20+00:00","dateModified":"2024-03-11T08:01:08+00:00"},{"@type":"WebSite","@id":"https:\/\/www.rucashk.com\/pt\/#website","url":"https:\/\/www.rucashk.com\/pt\/","name":"Rucas - Wholesale and distribution worldwide","alternateName":"Rucas - One-stop AIoT Distribution Worldwide","description":"One-stop AIoT Distribution Worldwide","inLanguage":"pt-PT","publisher":{"@id":"https:\/\/www.rucashk.com\/pt\/#organization"}}]}},"aioseo_meta_data":{"post_id":"22450","title":null,"description":null,"keywords":null,"keyphrases":null,"primary_term":null,"canonical_url":null,"og_title":null,"og_description":null,"og_object_type":"default","og_image_type":"default","og_image_url":null,"og_image_width":null,"og_image_height":null,"og_image_custom_url":null,"og_image_custom_fields":null,"og_video":null,"og_custom_url":null,"og_article_section":null,"og_article_tags":null,"twitter_use_og":false,"twitter_card":"default","twitter_image_type":"default","twitter_image_url":null,"twitter_image_custom_url":null,"twitter_image_custom_fields":null,"twitter_title":null,"twitter_description":null,"schema":{"blockGraphs":[],"customGraphs":[],"default":{"data":{"Article":[],"Course":[],"Dataset":[],"FAQPage":[],"Movie":[],"Person":[],"Product":[],"Recipe":[],"Service":[],"SoftwareApplication":[],"WebPage":[]},"graphName":"","isEnabled":true},"graphs":[]},"schema_type":"default","schema_type_options":null,"pillar_content":false,"robots_default":true,"robots_noindex":false,"robots_noarchive":false,"robots_nosnippet":false,"robots_nofollow":false,"robots_noimageindex":false,"robots_noodp":false,"robots_notranslate":false,"robots_max_snippet":null,"robots_max_videopreview":null,"robots_max_imagepreview":"large","priority":null,"frequency":null,"local_seo":null,"breadcrumb_settings":null,"limit_modified_date":false,"created":"2024-04-11 01:55:23","updated":"2025-06-22 16:43:58"},"aioseo_breadcrumb":"<div class=\"aioseo-breadcrumbs\"><span class=\"aioseo-breadcrumb\">\n\t<a href=\"https:\/\/www.rucashk.com\/pt\" title=\"Home\">Home<\/a>\n<\/span><span class=\"aioseo-breadcrumb-separator\">&raquo;<\/span><span class=\"aioseo-breadcrumb\">\n\t<a href=\"https:\/\/www.rucashk.com\/pt\/products\/\" title=\"Produtos\">Produtos<\/a>\n<\/span><span class=\"aioseo-breadcrumb-separator\">&raquo;<\/span><span class=\"aioseo-breadcrumb\">\n\t<a href=\"https:\/\/www.rucashk.com\/pt\/categoria-produto\/mobile-phone\/\" title=\"Mobile Phone\">Mobile Phone<\/a>\n<\/span><span class=\"aioseo-breadcrumb-separator\">&raquo;<\/span><span class=\"aioseo-breadcrumb\">\n\t<a href=\"https:\/\/www.rucashk.com\/pt\/categoria-produto\/mobile-phone\/redmi-mobile-phone\/\" title=\"Redmi\">Redmi<\/a>\n<\/span><span class=\"aioseo-breadcrumb-separator\">&raquo;<\/span><span class=\"aioseo-breadcrumb\">\n\tXiaomi Redmi \u00a0K30\n<\/span><\/div>","aioseo_breadcrumb_json":[{"label":"Home","link":"https:\/\/www.rucashk.com\/pt"},{"label":"Produtos","link":"https:\/\/www.rucashk.com\/pt\/products\/"},{"label":"Mobile Phone","link":"https:\/\/www.rucashk.com\/pt\/categoria-produto\/mobile-phone\/"},{"label":"Redmi","link":"https:\/\/www.rucashk.com\/pt\/categoria-produto\/mobile-phone\/redmi-mobile-phone\/"},{"label":"Xiaomi Redmi \u00a0K30","link":"https:\/\/www.rucashk.com\/pt\/produto\/xiaomi-redmi-k30\/"}],"_links":{"self":[{"href":"https:\/\/www.rucashk.com\/pt\/wp-json\/wp\/v2\/product\/22450","targetHints":{"allow":["GET"]}}],"collection":[{"href":"https:\/\/www.rucashk.com\/pt\/wp-json\/wp\/v2\/product"}],"about":[{"href":"https:\/\/www.rucashk.com\/pt\/wp-json\/wp\/v2\/types\/product"}],"wp:featuredmedia":[{"embeddable":true,"href":"https:\/\/www.rucashk.com\/pt\/wp-json\/wp\/v2\/media\/22551"}],"wp:attachment":[{"href":"https:\/\/www.rucashk.com\/pt\/wp-json\/wp\/v2\/media?parent=22450"}],"wp:term":[{"taxonomy":"product_brand","embeddable":true,"href":"https:\/\/www.rucashk.com\/pt\/wp-json\/wp\/v2\/product_brand?post=22450"},{"taxonomy":"product_cat","embeddable":true,"href":"https:\/\/www.rucashk.com\/pt\/wp-json\/wp\/v2\/product_cat?post=22450"},{"taxonomy":"product_tag","embeddable":true,"href":"https:\/\/www.rucashk.com\/pt\/wp-json\/wp\/v2\/product_tag?post=22450"}],"curies":[{"name":"wp","href":"https:\/\/api.w.org\/{rel}","templated":true}]}}