{"id":22449,"date":"2024-01-09T15:44:20","date_gmt":"2024-01-09T15:44:20","guid":{"rendered":"http:\/\/rucashk.com\/?post_type=product&#038;p=22449"},"modified":"2024-03-11T08:00:41","modified_gmt":"2024-03-11T08:00:41","slug":"xiaomi-pocophone-f1-64gb-6gb-ram-dual-camera","status":"publish","type":"product","link":"https:\/\/www.rucashk.com\/pt\/produto\/xiaomi-pocophone-f1-64gb-6gb-ram-dual-camera\/","title":{"rendered":"Telefone Xiaomi Poco F1 64 GB + 6 GB de RAM C\u00e2mera dupla"},"content":{"rendered":"<h2 style=\"text-align: center\"><strong>Xiaomi Pocophone F1 64 GB + 6 GB de RAM C\u00e2mera Dupla<\/strong><\/h2>\n<div><img decoding=\"async\" class=\"aligncenter\" src=\"\/wp-content\/uploads\/replace\/e4577b64c3c64cfd6ee4b8b716e01cd0.jpeg\" alt=\"1\" \/><\/div>\n<div><img fetchpriority=\"high\" decoding=\"async\" class=\"aligncenter\" src=\"\/wp-content\/uploads\/replace\/749be9a21276148735955bff587be70d.jpeg\" alt=\"3\" width=\"930\" height=\"324\" \/><\/div>\n<div><img decoding=\"async\" class=\"aligncenter\" src=\"\/wp-content\/uploads\/replace\/42271d1a2a34e0ea926351f6f5388ef4.jpeg\" alt=\"4\" width=\"930\" height=\"425\" \/><\/div>\n<div><img decoding=\"async\" class=\"aligncenter\" src=\"\/wp-content\/uploads\/replace\/453dbc1a08e706790593bde3fbc1c82f.jpeg\" alt=\"5\" width=\"930\" height=\"525\" \/><\/div>\n<div><img loading=\"lazy\" decoding=\"async\" class=\"aligncenter\" src=\"\/wp-content\/uploads\/replace\/26fd14c41e1fa5e2a5336180165ed09c.jpeg\" alt=\"6\" width=\"930\" height=\"502\" \/><\/div>\n<div><img loading=\"lazy\" decoding=\"async\" class=\"aligncenter\" src=\"\/wp-content\/uploads\/replace\/7c06594cbd14026ca4bf70469a13097f.jpeg\" alt=\"7\" width=\"930\" height=\"292\" \/><\/div>\n<div><img loading=\"lazy\" decoding=\"async\" class=\"aligncenter\" src=\"\/wp-content\/uploads\/replace\/c2ed50b93936a7ffea9851ff8cf8ba4c.jpeg\" alt=\"8\" width=\"930\" height=\"312\" \/><\/div>\n<div><img loading=\"lazy\" decoding=\"async\" class=\"aligncenter\" src=\"\/wp-content\/uploads\/replace\/a8dfb62add5c043e5daba0e2fd17ac9f.jpeg\" alt=\"9\" width=\"930\" height=\"519\" \/><\/div>\n<div><img loading=\"lazy\" decoding=\"async\" class=\"aligncenter\" src=\"\/wp-content\/uploads\/replace\/a7604f96847e811088a5f509bc5bbc4d.jpeg\" alt=\"11\" width=\"930\" height=\"218\" \/><\/div>\n<div><img loading=\"lazy\" decoding=\"async\" class=\"aligncenter\" src=\"\/wp-content\/uploads\/replace\/585d4d6cd0eb6b435b3c1f3aa1b1ba0d.jpeg\" alt=\"12\" width=\"930\" height=\"601\" \/><\/div>\n<div><img loading=\"lazy\" decoding=\"async\" class=\"aligncenter\" src=\"\/wp-content\/uploads\/replace\/b4b3373be52d4ff7b11e505112a4e733.jpeg\" alt=\"13\" width=\"930\" height=\"440\" \/><\/div>","protected":false},"excerpt":{"rendered":"<p><strong>Caracter\u00edsticas<\/strong><\/p>\n<p><span class=\"a-list-item\">1. Tela de toque capacitiva LCD IPS, 16 milh\u00f5es de cores Tamanho 6,18 polegadas, 96,2 cm2 (propor\u00e7\u00e3o tela-corpo de ~ 82,2%)<\/span><\/p>\n<p><span class=\"a-list-item\">2.Qualcomm SDM845 Snapdragon 845 (10nm)<\/span><\/p>\n<p><span class=\"a-list-item\">3.Reconhecimento facial infravermelho, impress\u00e3o digital (montada na parte traseira), aceler\u00f4metro, girosc\u00f3pio, proximidade, b\u00fassola<\/span><\/p>\n<p><span class=\"a-list-item\">4. Bateria Li-Po 4000 mAh n\u00e3o remov\u00edvel<\/span><\/p>\n<p><span class=\"a-list-item\">5.Modelo internacional compat\u00edvel com a maioria das operadoras GSM, como T-Mobile, AT&amp;T, MetroPCS, etc. N\u00c3O funcionar\u00e1 com operadoras CDMA, como Verizon, Sprint, Boost. A caixa \u00e9 aberta para inserir o adaptador de convers\u00e3o dos EUA.<\/span><\/p>","protected":false},"featured_media":22550,"template":"","meta":[],"product_brand":[],"product_cat":[1295,1298],"product_tag":[],"class_list":{"0":"post-22449","1":"product","2":"type-product","3":"status-publish","4":"has-post-thumbnail","6":"product_cat-mobile-phone","7":"product_cat-poco-mobile-phone","9":"first","10":"instock","11":"shipping-taxable","12":"product-type-external"},"aioseo_notices":[],"aioseo_head":"\n\t\t<!-- All in One SEO Pro 4.5.9.2 - aioseo.com -->\n\t\t<meta name=\"description\" content=\"Features 1.IPS LCD capacitive touchscreen, 16M colors Size 6.18 inches, 96.2 cm2 (~82.2% screen-to-body ratio) 2.Qualcomm SDM845 Snapdragon 845 (10 nm) 3.Infrared face recognition, fingerprint (rear-mounted), accelerometer, gyro, proximity, compass 4.Non-removable Li-Po 4000 mAh battery 5.International Model Compatible with Most GSM Carriers like T-Mobile, AT&amp;T, MetroPCS, etc. Will NOT work with CDMA Carriers Such as Verizon, Sprint, Boost. Box is Opened to insert US conversion Adapter.\" \/>\n\t\t<meta name=\"robots\" content=\"max-image-preview:large\" \/>\n\t\t<link rel=\"canonical\" href=\"https:\/\/www.rucashk.com\/pt\/produto\/xiaomi-pocophone-f1-64gb-6gb-ram-dual-camera\/\" \/>\n\t\t<meta name=\"generator\" content=\"All in One SEO Pro (AIOSEO) 4.5.9.2\" \/>\n\t\t<meta property=\"og:locale\" content=\"pt_PT\" \/>\n\t\t<meta property=\"og:site_name\" content=\"Rucas - One-stop AIoT Distribution Worldwide\" \/>\n\t\t<meta property=\"og:type\" content=\"article\" \/>\n\t\t<meta property=\"og:title\" content=\"Xiaomi Poco phone F1 64GB + 6GB RAM Dual Camera - Rucas - Wholesale and Distribution\" \/>\n\t\t<meta property=\"og:description\" content=\"Features 1.IPS LCD capacitive touchscreen, 16M colors Size 6.18 inches, 96.2 cm2 (~82.2% screen-to-body ratio) 2.Qualcomm SDM845 Snapdragon 845 (10 nm) 3.Infrared face recognition, fingerprint (rear-mounted), accelerometer, gyro, proximity, compass 4.Non-removable Li-Po 4000 mAh battery 5.International Model Compatible with Most GSM Carriers like T-Mobile, AT&amp;T, MetroPCS, etc. Will NOT work with CDMA Carriers Such as Verizon, Sprint, Boost. Box is Opened to insert US conversion Adapter.\" \/>\n\t\t<meta property=\"og:url\" content=\"https:\/\/www.rucashk.com\/pt\/produto\/xiaomi-pocophone-f1-64gb-6gb-ram-dual-camera\/\" \/>\n\t\t<meta property=\"og:image\" content=\"https:\/\/www.rucashk.com\/wp-content\/uploads\/replace\/503b8e645f128a97ccde2b6290747646.jpeg\" \/>\n\t\t<meta property=\"og:image:secure_url\" content=\"https:\/\/www.rucashk.com\/wp-content\/uploads\/replace\/503b8e645f128a97ccde2b6290747646.jpeg\" \/>\n\t\t<meta property=\"og:image:width\" content=\"1456\" \/>\n\t\t<meta property=\"og:image:height\" content=\"816\" \/>\n\t\t<meta property=\"article:published_time\" content=\"2024-01-09T15:44:20+00:00\" \/>\n\t\t<meta property=\"article:modified_time\" content=\"2024-03-11T08:00:41+00:00\" \/>\n\t\t<meta name=\"twitter:card\" content=\"summary_large_image\" \/>\n\t\t<meta name=\"twitter:title\" content=\"Xiaomi Poco phone F1 64GB + 6GB RAM Dual Camera - Rucas - Wholesale and Distribution\" \/>\n\t\t<meta name=\"twitter:description\" content=\"Features 1.IPS LCD capacitive touchscreen, 16M colors Size 6.18 inches, 96.2 cm2 (~82.2% screen-to-body ratio) 2.Qualcomm SDM845 Snapdragon 845 (10 nm) 3.Infrared face recognition, fingerprint (rear-mounted), accelerometer, gyro, proximity, compass 4.Non-removable Li-Po 4000 mAh battery 5.International Model Compatible with Most GSM Carriers like T-Mobile, AT&amp;T, MetroPCS, etc. Will NOT work with CDMA Carriers Such as Verizon, Sprint, Boost. Box is Opened to insert US conversion Adapter.\" \/>\n\t\t<meta name=\"twitter:image\" content=\"https:\/\/www.rucashk.com\/wp-content\/uploads\/replace\/503b8e645f128a97ccde2b6290747646.jpeg\" \/>\n\t\t<script type=\"application\/ld+json\" class=\"aioseo-schema\">\n\t\t\t{\"@context\":\"https:\\\/\\\/schema.org\",\"@graph\":[{\"@type\":\"BreadcrumbList\",\"@id\":\"https:\\\/\\\/www.rucashk.com\\\/pt\\\/produto\\\/xiaomi-pocophone-f1-64gb-6gb-ram-dual-camera\\\/#breadcrumblist\",\"itemListElement\":[{\"@type\":\"ListItem\",\"@id\":\"https:\\\/\\\/www.rucashk.com\\\/pt\\\/#listItem\",\"position\":1,\"name\":\"Home\",\"item\":\"https:\\\/\\\/www.rucashk.com\\\/pt\\\/\",\"nextItem\":\"https:\\\/\\\/www.rucashk.com\\\/pt\\\/produto\\\/xiaomi-pocophone-f1-64gb-6gb-ram-dual-camera\\\/#listItem\"},{\"@type\":\"ListItem\",\"@id\":\"https:\\\/\\\/www.rucashk.com\\\/pt\\\/produto\\\/xiaomi-pocophone-f1-64gb-6gb-ram-dual-camera\\\/#listItem\",\"position\":2,\"name\":\"Xiaomi Poco phone F1 64GB + 6GB RAM  Dual Camera\",\"previousItem\":\"https:\\\/\\\/www.rucashk.com\\\/pt\\\/#listItem\"}]},{\"@type\":\"Organization\",\"@id\":\"https:\\\/\\\/www.rucashk.com\\\/pt\\\/#organization\",\"name\":\"Rucas\",\"url\":\"https:\\\/\\\/www.rucashk.com\\\/pt\\\/\",\"logo\":{\"@type\":\"ImageObject\",\"url\":\"https:\\\/\\\/www.rucashk.com\\\/wp-content\\\/uploads\\\/2023\\\/12\\\/Rucas_campany_logo.png\",\"@id\":\"https:\\\/\\\/www.rucashk.com\\\/pt\\\/produto\\\/xiaomi-pocophone-f1-64gb-6gb-ram-dual-camera\\\/#organizationLogo\",\"width\":221,\"height\":65},\"image\":{\"@id\":\"https:\\\/\\\/www.rucashk.com\\\/pt\\\/#organizationLogo\"}},{\"@type\":\"Person\",\"@id\":\"https:\\\/\\\/www.rucashk.com\\\/pt\\\/author\\\/admin\\\/#author\",\"url\":\"https:\\\/\\\/www.rucashk.com\\\/pt\\\/author\\\/admin\\\/\",\"name\":\"admin\",\"image\":{\"@type\":\"ImageObject\",\"@id\":\"https:\\\/\\\/www.rucashk.com\\\/pt\\\/produto\\\/xiaomi-pocophone-f1-64gb-6gb-ram-dual-camera\\\/#authorImage\",\"url\":\"https:\\\/\\\/secure.gravatar.com\\\/avatar\\\/b7c8925b09a27e72b30232f8ecaadbd5af0f70a38c78096863fe51b64f031c24?s=96&d=mm&r=g\",\"width\":96,\"height\":96,\"caption\":\"admin\"}},{\"@type\":\"WebPage\",\"@id\":\"https:\\\/\\\/www.rucashk.com\\\/pt\\\/produto\\\/xiaomi-pocophone-f1-64gb-6gb-ram-dual-camera\\\/#webpage\",\"url\":\"https:\\\/\\\/www.rucashk.com\\\/pt\\\/produto\\\/xiaomi-pocophone-f1-64gb-6gb-ram-dual-camera\\\/\",\"name\":\"Xiaomi Poco phone F1 64GB + 6GB RAM Dual Camera - Rucas - Wholesale and Distribution\",\"description\":\"Features 1.IPS LCD capacitive touchscreen, 16M colors Size 6.18 inches, 96.2 cm2 (~82.2% screen-to-body ratio) 2.Qualcomm SDM845 Snapdragon 845 (10 nm) 3.Infrared face recognition, fingerprint (rear-mounted), accelerometer, gyro, proximity, compass 4.Non-removable Li-Po 4000 mAh battery 5.International Model Compatible with Most GSM Carriers like T-Mobile, AT&T, MetroPCS, etc. Will NOT work with CDMA Carriers Such as Verizon, Sprint, Boost. Box is Opened to insert US conversion Adapter.\",\"inLanguage\":\"pt-PT\",\"isPartOf\":{\"@id\":\"https:\\\/\\\/www.rucashk.com\\\/pt\\\/#website\"},\"breadcrumb\":{\"@id\":\"https:\\\/\\\/www.rucashk.com\\\/pt\\\/produto\\\/xiaomi-pocophone-f1-64gb-6gb-ram-dual-camera\\\/#breadcrumblist\"},\"author\":{\"@id\":\"https:\\\/\\\/www.rucashk.com\\\/pt\\\/author\\\/admin\\\/#author\"},\"creator\":{\"@id\":\"https:\\\/\\\/www.rucashk.com\\\/pt\\\/author\\\/admin\\\/#author\"},\"image\":{\"@type\":\"ImageObject\",\"url\":\"https:\\\/\\\/www.rucashk.com\\\/wp-content\\\/uploads\\\/2024\\\/01\\\/Xiaomi-Pocophone-F1.jpg\",\"@id\":\"https:\\\/\\\/www.rucashk.com\\\/pt\\\/produto\\\/xiaomi-pocophone-f1-64gb-6gb-ram-dual-camera\\\/#mainImage\",\"width\":652,\"height\":632},\"primaryImageOfPage\":{\"@id\":\"https:\\\/\\\/www.rucashk.com\\\/pt\\\/produto\\\/xiaomi-pocophone-f1-64gb-6gb-ram-dual-camera\\\/#mainImage\"},\"datePublished\":\"2024-01-09T15:44:20+00:00\",\"dateModified\":\"2024-03-11T08:00:41+00:00\"},{\"@type\":\"WebSite\",\"@id\":\"https:\\\/\\\/www.rucashk.com\\\/pt\\\/#website\",\"url\":\"https:\\\/\\\/www.rucashk.com\\\/pt\\\/\",\"name\":\"Rucas - Wholesale and distribution worldwide\",\"alternateName\":\"Rucas - One-stop AIoT Distribution Worldwide\",\"description\":\"One-stop AIoT Distribution Worldwide\",\"inLanguage\":\"pt-PT\",\"publisher\":{\"@id\":\"https:\\\/\\\/www.rucashk.com\\\/pt\\\/#organization\"}}]}\n\t\t<\/script>\n\t\t<!-- All in One SEO Pro -->\r\n\t\t<title>Xiaomi Poco phone F1 64GB + 6GB RAM Dual Camera - Rucas - Wholesale and Distribution<\/title>\n\n","aioseo_head_json":{"title":"Xiaomi Poco phone F1 64GB + 6GB RAM Dual Camera - Rucas - Wholesale and Distribution","description":"Features 1.IPS LCD capacitive touchscreen, 16M colors Size 6.18 inches, 96.2 cm2 (~82.2% screen-to-body ratio) 2.Qualcomm SDM845 Snapdragon 845 (10 nm) 3.Infrared face recognition, fingerprint (rear-mounted), accelerometer, gyro, proximity, compass 4.Non-removable Li-Po 4000 mAh battery 5.International Model Compatible with Most GSM Carriers like T-Mobile, AT&T, MetroPCS, etc. Will NOT work with CDMA Carriers Such as Verizon, Sprint, Boost. Box is Opened to insert US conversion Adapter.","canonical_url":"https:\/\/www.rucashk.com\/pt\/produto\/xiaomi-pocophone-f1-64gb-6gb-ram-dual-camera\/","robots":"max-image-preview:large","keywords":"","webmasterTools":{"miscellaneous":""},"og:locale":"pt_PT","og:site_name":"Rucas - One-stop AIoT Distribution Worldwide","og:type":"article","og:title":"Xiaomi Poco phone F1 64GB + 6GB RAM Dual Camera - Rucas - Wholesale and Distribution","og:description":"Features 1.IPS LCD capacitive touchscreen, 16M colors Size 6.18 inches, 96.2 cm2 (~82.2% screen-to-body ratio) 2.Qualcomm SDM845 Snapdragon 845 (10 nm) 3.Infrared face recognition, fingerprint (rear-mounted), accelerometer, gyro, proximity, compass 4.Non-removable Li-Po 4000 mAh battery 5.International Model Compatible with Most GSM Carriers like T-Mobile, AT&amp;T, MetroPCS, etc. Will NOT work with CDMA Carriers Such as Verizon, Sprint, Boost. Box is Opened to insert US conversion Adapter.","og:url":"https:\/\/www.rucashk.com\/pt\/produto\/xiaomi-pocophone-f1-64gb-6gb-ram-dual-camera\/","og:image":"https:\/\/www.rucashk.com\/wp-content\/uploads\/replace\/503b8e645f128a97ccde2b6290747646.jpeg","og:image:secure_url":"https:\/\/www.rucashk.com\/wp-content\/uploads\/replace\/503b8e645f128a97ccde2b6290747646.jpeg","og:image:width":1456,"og:image:height":816,"article:published_time":"2024-01-09T15:44:20+00:00","article:modified_time":"2024-03-11T08:00:41+00:00","twitter:card":"summary_large_image","twitter:title":"Xiaomi Poco phone F1 64GB + 6GB RAM Dual Camera - Rucas - Wholesale and Distribution","twitter:description":"Features 1.IPS LCD capacitive touchscreen, 16M colors Size 6.18 inches, 96.2 cm2 (~82.2% screen-to-body ratio) 2.Qualcomm SDM845 Snapdragon 845 (10 nm) 3.Infrared face recognition, fingerprint (rear-mounted), accelerometer, gyro, proximity, compass 4.Non-removable Li-Po 4000 mAh battery 5.International Model Compatible with Most GSM Carriers like T-Mobile, AT&amp;T, MetroPCS, etc. Will NOT work with CDMA Carriers Such as Verizon, Sprint, Boost. Box is Opened to insert US conversion Adapter.","twitter:image":"https:\/\/www.rucashk.com\/wp-content\/uploads\/replace\/503b8e645f128a97ccde2b6290747646.jpeg","schema":{"@context":"https:\/\/schema.org","@graph":[{"@type":"BreadcrumbList","@id":"https:\/\/www.rucashk.com\/pt\/produto\/xiaomi-pocophone-f1-64gb-6gb-ram-dual-camera\/#breadcrumblist","itemListElement":[{"@type":"ListItem","@id":"https:\/\/www.rucashk.com\/pt\/#listItem","position":1,"name":"Home","item":"https:\/\/www.rucashk.com\/pt\/","nextItem":"https:\/\/www.rucashk.com\/pt\/produto\/xiaomi-pocophone-f1-64gb-6gb-ram-dual-camera\/#listItem"},{"@type":"ListItem","@id":"https:\/\/www.rucashk.com\/pt\/produto\/xiaomi-pocophone-f1-64gb-6gb-ram-dual-camera\/#listItem","position":2,"name":"Xiaomi Poco phone F1 64GB + 6GB RAM  Dual Camera","previousItem":"https:\/\/www.rucashk.com\/pt\/#listItem"}]},{"@type":"Organization","@id":"https:\/\/www.rucashk.com\/pt\/#organization","name":"Rucas","url":"https:\/\/www.rucashk.com\/pt\/","logo":{"@type":"ImageObject","url":"https:\/\/www.rucashk.com\/wp-content\/uploads\/2023\/12\/Rucas_campany_logo.png","@id":"https:\/\/www.rucashk.com\/pt\/produto\/xiaomi-pocophone-f1-64gb-6gb-ram-dual-camera\/#organizationLogo","width":221,"height":65},"image":{"@id":"https:\/\/www.rucashk.com\/pt\/#organizationLogo"}},{"@type":"Person","@id":"https:\/\/www.rucashk.com\/pt\/author\/admin\/#author","url":"https:\/\/www.rucashk.com\/pt\/author\/admin\/","name":"admin","image":{"@type":"ImageObject","@id":"https:\/\/www.rucashk.com\/pt\/produto\/xiaomi-pocophone-f1-64gb-6gb-ram-dual-camera\/#authorImage","url":"https:\/\/secure.gravatar.com\/avatar\/b7c8925b09a27e72b30232f8ecaadbd5af0f70a38c78096863fe51b64f031c24?s=96&d=mm&r=g","width":96,"height":96,"caption":"admin"}},{"@type":"WebPage","@id":"https:\/\/www.rucashk.com\/pt\/produto\/xiaomi-pocophone-f1-64gb-6gb-ram-dual-camera\/#webpage","url":"https:\/\/www.rucashk.com\/pt\/produto\/xiaomi-pocophone-f1-64gb-6gb-ram-dual-camera\/","name":"Xiaomi Poco phone F1 64GB + 6GB RAM Dual Camera - Rucas - Wholesale and Distribution","description":"Features 1.IPS LCD capacitive touchscreen, 16M colors Size 6.18 inches, 96.2 cm2 (~82.2% screen-to-body ratio) 2.Qualcomm SDM845 Snapdragon 845 (10 nm) 3.Infrared face recognition, fingerprint (rear-mounted), accelerometer, gyro, proximity, compass 4.Non-removable Li-Po 4000 mAh battery 5.International Model Compatible with Most GSM Carriers like T-Mobile, AT&T, MetroPCS, etc. Will NOT work with CDMA Carriers Such as Verizon, Sprint, Boost. Box is Opened to insert US conversion Adapter.","inLanguage":"pt-PT","isPartOf":{"@id":"https:\/\/www.rucashk.com\/pt\/#website"},"breadcrumb":{"@id":"https:\/\/www.rucashk.com\/pt\/produto\/xiaomi-pocophone-f1-64gb-6gb-ram-dual-camera\/#breadcrumblist"},"author":{"@id":"https:\/\/www.rucashk.com\/pt\/author\/admin\/#author"},"creator":{"@id":"https:\/\/www.rucashk.com\/pt\/author\/admin\/#author"},"image":{"@type":"ImageObject","url":"https:\/\/www.rucashk.com\/wp-content\/uploads\/2024\/01\/Xiaomi-Pocophone-F1.jpg","@id":"https:\/\/www.rucashk.com\/pt\/produto\/xiaomi-pocophone-f1-64gb-6gb-ram-dual-camera\/#mainImage","width":652,"height":632},"primaryImageOfPage":{"@id":"https:\/\/www.rucashk.com\/pt\/produto\/xiaomi-pocophone-f1-64gb-6gb-ram-dual-camera\/#mainImage"},"datePublished":"2024-01-09T15:44:20+00:00","dateModified":"2024-03-11T08:00:41+00:00"},{"@type":"WebSite","@id":"https:\/\/www.rucashk.com\/pt\/#website","url":"https:\/\/www.rucashk.com\/pt\/","name":"Rucas - Wholesale and distribution worldwide","alternateName":"Rucas - One-stop AIoT Distribution Worldwide","description":"One-stop AIoT Distribution Worldwide","inLanguage":"pt-PT","publisher":{"@id":"https:\/\/www.rucashk.com\/pt\/#organization"}}]}},"aioseo_meta_data":{"post_id":"22449","title":null,"description":null,"keywords":null,"keyphrases":null,"primary_term":null,"canonical_url":null,"og_title":null,"og_description":null,"og_object_type":"default","og_image_type":"default","og_image_url":null,"og_image_width":null,"og_image_height":null,"og_image_custom_url":null,"og_image_custom_fields":null,"og_video":null,"og_custom_url":null,"og_article_section":null,"og_article_tags":null,"twitter_use_og":false,"twitter_card":"default","twitter_image_type":"default","twitter_image_url":null,"twitter_image_custom_url":null,"twitter_image_custom_fields":null,"twitter_title":null,"twitter_description":null,"schema":{"blockGraphs":[],"customGraphs":[],"default":{"data":{"Article":[],"Course":[],"Dataset":[],"FAQPage":[],"Movie":[],"Person":[],"Product":[],"Recipe":[],"Service":[],"SoftwareApplication":[],"WebPage":[]},"graphName":"","isEnabled":true},"graphs":[]},"schema_type":"default","schema_type_options":null,"pillar_content":false,"robots_default":true,"robots_noindex":false,"robots_noarchive":false,"robots_nosnippet":false,"robots_nofollow":false,"robots_noimageindex":false,"robots_noodp":false,"robots_notranslate":false,"robots_max_snippet":null,"robots_max_videopreview":null,"robots_max_imagepreview":"large","priority":null,"frequency":null,"local_seo":null,"breadcrumb_settings":null,"limit_modified_date":false,"created":"2024-04-11 01:55:23","updated":"2025-06-22 16:42:58"},"aioseo_breadcrumb":"<div class=\"aioseo-breadcrumbs\"><span class=\"aioseo-breadcrumb\">\n\t<a href=\"https:\/\/www.rucashk.com\/pt\" title=\"Home\">Home<\/a>\n<\/span><span class=\"aioseo-breadcrumb-separator\">&raquo;<\/span><span class=\"aioseo-breadcrumb\">\n\t<a href=\"https:\/\/www.rucashk.com\/pt\/products\/\" title=\"Produtos\">Produtos<\/a>\n<\/span><span class=\"aioseo-breadcrumb-separator\">&raquo;<\/span><span class=\"aioseo-breadcrumb\">\n\t<a href=\"https:\/\/www.rucashk.com\/pt\/categoria-produto\/mobile-phone\/\" title=\"Mobile Phone\">Mobile Phone<\/a>\n<\/span><span class=\"aioseo-breadcrumb-separator\">&raquo;<\/span><span class=\"aioseo-breadcrumb\">\n\t<a href=\"https:\/\/www.rucashk.com\/pt\/categoria-produto\/mobile-phone\/poco-mobile-phone\/\" title=\"Poco\">Poco<\/a>\n<\/span><span class=\"aioseo-breadcrumb-separator\">&raquo;<\/span><span class=\"aioseo-breadcrumb\">\n\tXiaomi Poco phone F1 64GB + 6GB RAM  Dual Camera\n<\/span><\/div>","aioseo_breadcrumb_json":[{"label":"Home","link":"https:\/\/www.rucashk.com\/pt"},{"label":"Produtos","link":"https:\/\/www.rucashk.com\/pt\/products\/"},{"label":"Mobile Phone","link":"https:\/\/www.rucashk.com\/pt\/categoria-produto\/mobile-phone\/"},{"label":"Poco","link":"https:\/\/www.rucashk.com\/pt\/categoria-produto\/mobile-phone\/poco-mobile-phone\/"},{"label":"Xiaomi Poco phone F1 64GB + 6GB RAM  Dual Camera","link":"https:\/\/www.rucashk.com\/pt\/produto\/xiaomi-pocophone-f1-64gb-6gb-ram-dual-camera\/"}],"_links":{"self":[{"href":"https:\/\/www.rucashk.com\/pt\/wp-json\/wp\/v2\/product\/22449","targetHints":{"allow":["GET"]}}],"collection":[{"href":"https:\/\/www.rucashk.com\/pt\/wp-json\/wp\/v2\/product"}],"about":[{"href":"https:\/\/www.rucashk.com\/pt\/wp-json\/wp\/v2\/types\/product"}],"wp:featuredmedia":[{"embeddable":true,"href":"https:\/\/www.rucashk.com\/pt\/wp-json\/wp\/v2\/media\/22550"}],"wp:attachment":[{"href":"https:\/\/www.rucashk.com\/pt\/wp-json\/wp\/v2\/media?parent=22449"}],"wp:term":[{"taxonomy":"product_brand","embeddable":true,"href":"https:\/\/www.rucashk.com\/pt\/wp-json\/wp\/v2\/product_brand?post=22449"},{"taxonomy":"product_cat","embeddable":true,"href":"https:\/\/www.rucashk.com\/pt\/wp-json\/wp\/v2\/product_cat?post=22449"},{"taxonomy":"product_tag","embeddable":true,"href":"https:\/\/www.rucashk.com\/pt\/wp-json\/wp\/v2\/product_tag?post=22449"}],"curies":[{"name":"wp","href":"https:\/\/api.w.org\/{rel}","templated":true}]}}