{"id":22426,"date":"2024-01-09T15:43:58","date_gmt":"2024-01-09T15:43:58","guid":{"rendered":"http:\/\/rucashk.com\/?post_type=product&#038;p=22426"},"modified":"2024-03-11T08:02:14","modified_gmt":"2024-03-11T08:02:14","slug":"xiaomi-mi-cc9","status":"publish","type":"product","link":"https:\/\/www.rucashk.com\/pt\/produto\/xiaomi-mi-cc9\/","title":{"rendered":"Xiaomi Mi Cc9"},"content":{"rendered":"<div>\n<div class=\"detailmodule_html\">\n<div class=\"detail-desc-decorate-richtext\">\n<div class=\"detailmodule_html\">\n<div class=\"detail-desc-decorate-richtext\">\n<div class=\"detailmodule_html\">\n<div class=\"detail-desc-decorate-richtext\">\n<div class=\"detailmodule_html\">\n<div class=\"detail-desc-decorate-richtext\">\n<p style=\"text-align: center\"><strong><a class=\"\" style=\"width: auto !important\" href=\"https:\/\/www.rucashk.com\/pt\/produto\/mi-mix-3-snapdragon-855-octa-core-5g-smartphone\/\" data-wpil-post-to-id=\"1703\">Xiaomi Mi<\/a> CC9\u00a0<\/strong><\/p>\n<p><img decoding=\"async\" class=\"aligncenter\" src=\"\/wp-content\/uploads\/replace\/60612b0aae90e29ebdc09651527ed6ce.jpeg\" alt=\"??CC9-????_02\" \/><\/p>\n<div style=\"text-align: center\" data-spm-anchor-id=\"a2g0o.detail.1000023.i2.21252139UUXF2R\">C\u00e2meras traseiras triplas de 48 MP + 8 MP + 2 MP | C\u00e2mera frontal de 32 MP | Snapdragon 710 <a class=\"\" style=\"width: auto !important\" href=\"https:\/\/www.rucashk.com\/pt\/produto\/xiaomi-mi-9t-pro-6-39-inch-snapdragon-855-octa-core-smartphone\/\" data-wpil-post-to-id=\"2286\">N\u00facleo Octa<\/a><\/div>\n<div style=\"text-align: center\">Impress\u00e3o digital na tela de 7\u00aa gera\u00e7\u00e3o | Bateria grande de 4030mAh<\/div>\n<p style=\"text-align: center\"><img decoding=\"async\" src=\"\/wp-content\/uploads\/replace\/688ee1a01e5c78dc0b4b914bcad30f44.jpeg\" alt=\"??CC9-????_04\" \/><\/p>\n<p style=\"text-align: center\">Nova cor de pontua\u00e7\u00e3o rom\u00e2ntica perfeita \u2013 corpo de vidro totalmente curvo 3D<\/p>\n<p style=\"text-align: center\"><img decoding=\"async\" src=\"\/wp-content\/uploads\/replace\/6aee85146381b6db92f6f017f6466ee8.jpeg\" alt=\"??CC9-????_07\" \/><\/p>\n<div style=\"text-align: center\">6.39&#8243;\u00a0 <a class=\"\" style=\"width: auto !important\" href=\"https:\/\/www.rucashk.com\/pt\/produto\/amazfit-verge-lite-amoled-color-screen-smart-watch\/\" data-wpil-post-to-id=\"1877\">Tela AMOLED<\/a> para um campo de vis\u00e3o extra grande<\/div>\n<div style=\"text-align: center\">A certifica\u00e7\u00e3o TUV RUV Eye Care suprime efetivamente a luz azul prejudicial para proteger os olhos.<\/div>\n<div style=\"text-align: center\">Apenas 179g de ader\u00eancia ultraleve<\/div>\n<p style=\"text-align: center\"><img decoding=\"async\" src=\"\/wp-content\/uploads\/replace\/7e4b3c4abafdece77b7257cdaf8a5f76.jpeg\" alt=\"??CC9-????_09\" \/><\/p>\n<div style=\"text-align: center\">6,39\u2033Samsung <a href=\"https:\/\/www.rucashk.com\/pt\/produto\/amazfit-verge-lite-amoled-color-screen-smart-watch\/\" class=\"\" style=\"width: auto !important\" data-wpil-post-to-id=\"1877\">Tela AMOLED<\/a><\/div>\n<div style=\"text-align: center\">Certifica\u00e7\u00e3o de cuidados com os olhos de baixo blu-ray VDE da Alemanha<\/div>\n<p style=\"text-align: center\"><img decoding=\"async\" src=\"\/wp-content\/uploads\/replace\/8e10036697b41c1d7c7a3889d17e3a2c.jpeg\" alt=\"??CC9-????_11\" \/><\/p>\n<div style=\"text-align: center\">Tecnologia de detec\u00e7\u00e3o de luz de s\u00e9tima gera\u00e7\u00e3o<\/div>\n<div style=\"text-align: center\">A taxa de reconhecimento sob baixa temperatura e dedo seco \u00e9 aumentada em 10%, aumentando ainda mais a velocidade de desbloqueio.<\/div>\n<p style=\"text-align: center\"><img decoding=\"async\" src=\"\/wp-content\/uploads\/replace\/32796038c2ff90b7127755a061de9c45.jpeg\" alt=\"??CC9-????_13\" \/><\/p>\n<div style=\"text-align: center\">Ser eu mesmo. Seja CC.<\/div>\n<div style=\"text-align: center\">Selfies emblem\u00e1ticas de 32 MP \u2013 resolu\u00e7\u00e3o ultra-alta, pixels ultra-altos<\/div>\n<p style=\"text-align: center\"><img decoding=\"async\" src=\"\/wp-content\/uploads\/replace\/3c71fa6144d8ddaf195aeb104d921bb8.jpeg\" alt=\"??CC9-????_15\" \/><\/p>\n<div style=\"text-align: center\">Modo Retrato AI<\/div>\n<div style=\"text-align: center\">No mesmo <a class=\"\" style=\"width: auto !important\" href=\"https:\/\/www.rucashk.com\/pt\/highly-recommendation-xiaomi-cc10-supports-an-amazing-120-times-optical-zoom\/\" data-wpil-post-to-id=\"11279\">suporte de tempo<\/a> Beleza de IA, uma variedade de filtros de estilo, f\u00e1cil com um clique para seguir a tend\u00eancia dos autorretratos.<\/div>\n<p style=\"text-align: center\"><img decoding=\"async\" src=\"\/wp-content\/uploads\/replace\/fb6cc148a7914de185889a5db345d7a4.jpeg\" alt=\"??CC9-????_17\" \/><\/p>\n<p style=\"text-align: center\">c\u00e2mera principal de 48MP, <a class=\"\" style=\"width: auto !important\" href=\"https:\/\/www.rucashk.com\/pt\/produto\/mi-box-s\/\" data-wpil-post-to-id=\"4349\">ultra HD<\/a> AI tr\u00eas tiros<\/p>\n<p style=\"text-align: center\"><img decoding=\"async\" src=\"\/wp-content\/uploads\/replace\/53b23254c2633d508262995f9f80735b.jpeg\" alt=\"??CC9-????_19\" \/><img decoding=\"async\" src=\"\/wp-content\/uploads\/replace\/71f556eec0a98dc567d94b68962fab4b.jpeg\" alt=\"??CC9-????_20\" \/><\/p>\n<div style=\"text-align: center\">Cena Super Noturna<\/div>\n<div style=\"text-align: center\">Usando pe\u00e7as de c\u00e2mera mais sens\u00edveis, combina algoritmos avan\u00e7ados, como processador de imagem e redu\u00e7\u00e3o de ru\u00eddo multiquadro.<\/div>\n<p style=\"text-align: center\"><img decoding=\"async\" src=\"\/wp-content\/uploads\/replace\/4433fc805853806f1da076f2cdde89a3.jpeg\" alt=\"??CC9-????_23\" \/><img decoding=\"async\" src=\"\/wp-content\/uploads\/replace\/d0650894d2165165d71ea31fc0bab3ef.jpeg\" alt=\"??CC9-????_26\" \/><\/p>\n<p style=\"text-align: center\">Bateria de longa dura\u00e7\u00e3o de 4030mAh \u2013 Atenda facilmente ao consumo di\u00e1rio de eletricidade<\/p>\n<p style=\"text-align: center\"><img decoding=\"async\" src=\"\/wp-content\/uploads\/replace\/b50a0ebf64010623a1d6ea2d0896a7be.jpeg\" alt=\"??CC9e-????_11\" \/><\/p>\n<p style=\"text-align: center\">Estreia mundial do Snapdragon 710 \u2013 o desempenho da IA melhorou dramaticamente<\/p>\n<p style=\"text-align: center\"><img decoding=\"async\" src=\"\/wp-content\/uploads\/replace\/bb93ed9b517627475adbc62f291df7b2.jpeg\" alt=\"??CC9-????_28\" \/><\/p>\n<p style=\"text-align: center\">Recursos mais interessantes \u2013 Experimente a conveni\u00eancia de uma vida revigorante<\/p>\n<p style=\"text-align: center\">Infravermelho <a class=\"\" style=\"width: auto !important\" href=\"https:\/\/www.rucashk.com\/pt\/update-your-air-conditioning-xiaomi-releases-a-smart-ai-universal-remote-control\/\" data-wpil-post-to-id=\"9669\">Controle remoto<\/a> | NFC multifuncional<\/p>\n<p style=\"text-align: center\">Assistente de voz com IA | Entrada para fone de ouvido de 3,5 mm<\/p>\n<p style=\"text-align: center\">Modo escuro total | Exibi\u00e7\u00e3o AOD<\/p>\n<p style=\"text-align: center\"><img decoding=\"async\" src=\"\/wp-content\/uploads\/replace\/929388e323503bc93da67f13b30ec53a.jpeg\" alt=\"??CC9-????_30\" \/><img decoding=\"async\" src=\"\/wp-content\/uploads\/replace\/a6dc445e67bc4fe3d34f9df558460d57.jpeg\" alt=\"??CC9-????_32\" \/><img decoding=\"async\" src=\"\/wp-content\/uploads\/replace\/766938fc92a5a7c87a09c90d655327ae.jpeg\" alt=\"??CC9-????_34\" \/><\/p>\n<\/div>\n<\/div>\n<\/div>\n<\/div>\n<\/div>\n<\/div>\n<\/div>\n<\/div>\n<\/div>\n<div style=\"text-align: center\">\n<div><\/div>\n<div><img decoding=\"async\" src=\"\/wp-content\/uploads\/replace\/11892523c4efee3d6b7230b93d858f8f.jpeg\" alt=\"micc9xq\" \/><\/div>\n<div><\/div>\n<\/div>\n<p><img decoding=\"async\" class=\"aligncenter\" src=\"\/wp-content\/uploads\/replace\/f84a4cd5fccc8e9b18ca7e43912dcb16.jpeg\" alt=\"micc9xq1\" \/><img decoding=\"async\" class=\"aligncenter\" src=\"\/wp-content\/uploads\/replace\/b2a9011e9b7b6944d278646e28bc4727.jpeg\" alt=\"micc9xq-128g\" \/><\/p>\n<div><\/div>\n<div>\n<h4 class=\"description_headline is_open\">Descri\u00e7\u00e3o do item :<\/h4>\n<\/div>\n<div>Nota: Xiaomi CC 9 6GB 64\/128GB em estoque.<\/div>\n<div><\/div>\n<div>\n<div>\u00a0\u00a0\u00a0CPU ---- <a class=\"\" style=\"width: auto !important\" href=\"https:\/\/www.rucashk.com\/pt\/produto\/xiaomi-9-snapdragon-855-octa-core-smartphone\/\" data-wpil-post-to-id=\"2333\">Snapdragon 710 Octa-N\u00facleo<\/a><\/div>\n<div>\n<div>\u00a0\u00a0\u00a0Tela ---\u00a0<span class=\"STYLE2\">6.39&#8221;\u00a0<\/span>Tela FHD+ 2340\u00d71080 FHD+<\/div>\n<div>\u00a0\u00a0\u00a0RAM+ROM \u2014 <a href=\"https:\/\/www.rucashk.com\/pt\/produto\/xiaomi-pocophone-f1-64gb-6gb-ram-dual-camera\/\" class=\"\" style=\"width: auto !important\" data-wpil-post-to-id=\"11721\">6 GB +<\/a> 64\/128 GB<\/div>\n<div>\u00a0\u00a0\u00a0C\u00e2mera \u2014\u201448 MP <a class=\"\" style=\"width: auto !important\" href=\"https:\/\/www.rucashk.com\/pt\/produto\/xiaomi-mi9t-6-39-inch-48mp-triple-camera-nfc-4000mah-smartphone\/\" data-wpil-post-to-id=\"2309\">C\u00e2mera traseira tripla, c\u00e2mera frontal de 32 MP<\/a><\/div>\n<div>\u00a0\u00a0\u00a0Bateria \u2014\u2014 4030mAh (T\u00edpico), <a class=\"\" style=\"width: auto !important\" href=\"https:\/\/www.rucashk.com\/pt\/produto\/xiaomi-70mai-dual-usb-car-quick-charge-adapter-for-smart-phone\/\" data-wpil-post-to-id=\"2526\">Carga r\u00e1pida<\/a> 3.0<\/div>\n<div>\u00a0\u00a0\u00a0SO \u2014\u2014\u2014\u2013 MIUI, v\u00e1rios idiomas, suporte para Google Play, n\u00e3o suporta atualiza\u00e7\u00e3o OTA<\/div>\n<div>\u00a0 (Bootloader desbloqueado para instala\u00e7\u00e3o de ROM Global, Android Pay, Netflix, alguns aplicativos banc\u00e1rios podem n\u00e3o ser suportados.)<\/div>\n<div>\u00a0\u00a0\u00a0Outros \u2014\u2014\u2013 WIFI, Bluetooth 5.0, GPS, OTG, NFC<\/div>\n<div>\u00a0\u00a0\u00a0Rede - Netcom completo, <a class=\"\" style=\"width: auto !important\" href=\"https:\/\/www.rucashk.com\/pt\/produto\/wiko-view4-lite\/\" data-wpil-post-to-id=\"5614\">SIM duplo<\/a> Espera dupla<\/div>\n<p>2G: GSM 850\/900\/1800\/1900MHz;<\/p>\n<\/div>\n<div>\u00a0\u00a0\u00a03G: WCDMA 850\/900\/1900\/2100 MHz,<br \/>\n4G: LTE B3\/B1\/B5\/B8;<\/p>\n<div data-spm-anchor-id=\"a2g0o.detail.1000023.i2.78b3310fS6gTGr\">\u00a0 \u00a0 \u00a0 \u00a0 \u00a0TD LTE B38\/40<\/div>\n<\/div>\n<\/div>","protected":false},"excerpt":{"rendered":"<p>The phone comes with a 6.39-inch display with a resolution of 1080&#215;2340 pixels at a pixel density of 403 pixels per inch (ppi).<\/p>\n<p>Xiaomi Mi CC9 Meitu Custom Edition is powered by a 2.2GHz octa-core Qualcomm Snapdragon 710 processor.<\/p>\n<p>It comes with 8GB of RAM. The Xiaomi Mi CC9 Meitu Custom Edition runs Android Pie and is powered by a 4030mAh battery.<\/p>\n<p>The Xiaomi Mi CC9 Meitu Custom Edition supports proprietary fast charging.<\/p>","protected":false},"featured_media":22544,"template":"","meta":[],"product_brand":[],"product_cat":[1295,1296],"product_tag":[],"class_list":{"0":"post-22426","1":"product","2":"type-product","3":"status-publish","4":"has-post-thumbnail","6":"product_cat-mobile-phone","7":"product_cat-xiaomi-mobile-phone","9":"first","10":"instock","11":"shipping-taxable","12":"product-type-external"},"aioseo_notices":[],"aioseo_head":"\n\t\t<!-- All in One SEO Pro 4.5.9.2 - aioseo.com -->\n\t\t<meta name=\"description\" content=\"The phone comes with a 6.39-inch display with a resolution of 1080x2340 pixels at a pixel density of 403 pixels per inch (ppi). Xiaomi Mi CC9 Meitu Custom Edition is powered by a 2.2GHz octa-core Qualcomm Snapdragon 710 processor. It comes with 8GB of RAM. The Xiaomi Mi CC9 Meitu Custom Edition runs Android Pie and is powered by a 4030mAh battery. The Xiaomi Mi CC9 Meitu Custom Edition supports proprietary fast charging.\" \/>\n\t\t<meta name=\"robots\" content=\"max-image-preview:large\" \/>\n\t\t<link rel=\"canonical\" href=\"https:\/\/www.rucashk.com\/pt\/produto\/xiaomi-mi-cc9\/\" \/>\n\t\t<meta name=\"generator\" content=\"All in One SEO Pro (AIOSEO) 4.5.9.2\" \/>\n\t\t<meta property=\"og:locale\" content=\"pt_PT\" \/>\n\t\t<meta property=\"og:site_name\" content=\"Rucas - One-stop AIoT Distribution Worldwide\" \/>\n\t\t<meta property=\"og:type\" content=\"article\" \/>\n\t\t<meta property=\"og:title\" content=\"Xiaomi Mi Cc9 - Rucas - Wholesale and Distribution\" \/>\n\t\t<meta property=\"og:description\" content=\"The phone comes with a 6.39-inch display with a resolution of 1080x2340 pixels at a pixel density of 403 pixels per inch (ppi). Xiaomi Mi CC9 Meitu Custom Edition is powered by a 2.2GHz octa-core Qualcomm Snapdragon 710 processor. It comes with 8GB of RAM. The Xiaomi Mi CC9 Meitu Custom Edition runs Android Pie and is powered by a 4030mAh battery. The Xiaomi Mi CC9 Meitu Custom Edition supports proprietary fast charging.\" \/>\n\t\t<meta property=\"og:url\" content=\"https:\/\/www.rucashk.com\/pt\/produto\/xiaomi-mi-cc9\/\" \/>\n\t\t<meta property=\"og:image\" content=\"https:\/\/www.rucashk.com\/wp-content\/uploads\/replace\/503b8e645f128a97ccde2b6290747646.jpeg\" \/>\n\t\t<meta property=\"og:image:secure_url\" content=\"https:\/\/www.rucashk.com\/wp-content\/uploads\/replace\/503b8e645f128a97ccde2b6290747646.jpeg\" \/>\n\t\t<meta property=\"og:image:width\" content=\"1456\" \/>\n\t\t<meta property=\"og:image:height\" content=\"816\" \/>\n\t\t<meta property=\"article:published_time\" content=\"2024-01-09T15:43:58+00:00\" \/>\n\t\t<meta property=\"article:modified_time\" content=\"2024-03-11T08:02:14+00:00\" \/>\n\t\t<meta name=\"twitter:card\" content=\"summary_large_image\" \/>\n\t\t<meta name=\"twitter:title\" content=\"Xiaomi Mi Cc9 - Rucas - Wholesale and Distribution\" \/>\n\t\t<meta name=\"twitter:description\" content=\"The phone comes with a 6.39-inch display with a resolution of 1080x2340 pixels at a pixel density of 403 pixels per inch (ppi). Xiaomi Mi CC9 Meitu Custom Edition is powered by a 2.2GHz octa-core Qualcomm Snapdragon 710 processor. It comes with 8GB of RAM. The Xiaomi Mi CC9 Meitu Custom Edition runs Android Pie and is powered by a 4030mAh battery. The Xiaomi Mi CC9 Meitu Custom Edition supports proprietary fast charging.\" \/>\n\t\t<meta name=\"twitter:image\" content=\"https:\/\/www.rucashk.com\/wp-content\/uploads\/replace\/503b8e645f128a97ccde2b6290747646.jpeg\" \/>\n\t\t<script type=\"application\/ld+json\" class=\"aioseo-schema\">\n\t\t\t{\"@context\":\"https:\\\/\\\/schema.org\",\"@graph\":[{\"@type\":\"BreadcrumbList\",\"@id\":\"https:\\\/\\\/www.rucashk.com\\\/pt\\\/produto\\\/xiaomi-mi-cc9\\\/#breadcrumblist\",\"itemListElement\":[{\"@type\":\"ListItem\",\"@id\":\"https:\\\/\\\/www.rucashk.com\\\/pt\\\/#listItem\",\"position\":1,\"name\":\"Home\",\"item\":\"https:\\\/\\\/www.rucashk.com\\\/pt\\\/\",\"nextItem\":\"https:\\\/\\\/www.rucashk.com\\\/pt\\\/produto\\\/xiaomi-mi-cc9\\\/#listItem\"},{\"@type\":\"ListItem\",\"@id\":\"https:\\\/\\\/www.rucashk.com\\\/pt\\\/produto\\\/xiaomi-mi-cc9\\\/#listItem\",\"position\":2,\"name\":\"Xiaomi\\u00a0 Mi Cc9\",\"previousItem\":\"https:\\\/\\\/www.rucashk.com\\\/pt\\\/#listItem\"}]},{\"@type\":\"Organization\",\"@id\":\"https:\\\/\\\/www.rucashk.com\\\/pt\\\/#organization\",\"name\":\"Rucas\",\"url\":\"https:\\\/\\\/www.rucashk.com\\\/pt\\\/\",\"logo\":{\"@type\":\"ImageObject\",\"url\":\"https:\\\/\\\/www.rucashk.com\\\/wp-content\\\/uploads\\\/2023\\\/12\\\/Rucas_campany_logo.png\",\"@id\":\"https:\\\/\\\/www.rucashk.com\\\/pt\\\/produto\\\/xiaomi-mi-cc9\\\/#organizationLogo\",\"width\":221,\"height\":65},\"image\":{\"@id\":\"https:\\\/\\\/www.rucashk.com\\\/pt\\\/#organizationLogo\"}},{\"@type\":\"Person\",\"@id\":\"https:\\\/\\\/www.rucashk.com\\\/pt\\\/author\\\/admin\\\/#author\",\"url\":\"https:\\\/\\\/www.rucashk.com\\\/pt\\\/author\\\/admin\\\/\",\"name\":\"admin\",\"image\":{\"@type\":\"ImageObject\",\"@id\":\"https:\\\/\\\/www.rucashk.com\\\/pt\\\/produto\\\/xiaomi-mi-cc9\\\/#authorImage\",\"url\":\"https:\\\/\\\/secure.gravatar.com\\\/avatar\\\/b7c8925b09a27e72b30232f8ecaadbd5af0f70a38c78096863fe51b64f031c24?s=96&d=mm&r=g\",\"width\":96,\"height\":96,\"caption\":\"admin\"}},{\"@type\":\"WebPage\",\"@id\":\"https:\\\/\\\/www.rucashk.com\\\/pt\\\/produto\\\/xiaomi-mi-cc9\\\/#webpage\",\"url\":\"https:\\\/\\\/www.rucashk.com\\\/pt\\\/produto\\\/xiaomi-mi-cc9\\\/\",\"name\":\"Xiaomi Mi Cc9 - Rucas - Wholesale and Distribution\",\"description\":\"The phone comes with a 6.39-inch display with a resolution of 1080x2340 pixels at a pixel density of 403 pixels per inch (ppi). Xiaomi Mi CC9 Meitu Custom Edition is powered by a 2.2GHz octa-core Qualcomm Snapdragon 710 processor. It comes with 8GB of RAM. The Xiaomi Mi CC9 Meitu Custom Edition runs Android Pie and is powered by a 4030mAh battery. The Xiaomi Mi CC9 Meitu Custom Edition supports proprietary fast charging.\",\"inLanguage\":\"pt-PT\",\"isPartOf\":{\"@id\":\"https:\\\/\\\/www.rucashk.com\\\/pt\\\/#website\"},\"breadcrumb\":{\"@id\":\"https:\\\/\\\/www.rucashk.com\\\/pt\\\/produto\\\/xiaomi-mi-cc9\\\/#breadcrumblist\"},\"author\":{\"@id\":\"https:\\\/\\\/www.rucashk.com\\\/pt\\\/author\\\/admin\\\/#author\"},\"creator\":{\"@id\":\"https:\\\/\\\/www.rucashk.com\\\/pt\\\/author\\\/admin\\\/#author\"},\"image\":{\"@type\":\"ImageObject\",\"url\":\"https:\\\/\\\/www.rucashk.com\\\/wp-content\\\/uploads\\\/2024\\\/01\\\/0_Global-ROM-Xiaomi-Mi-CC9-CC-.jpg\",\"@id\":\"https:\\\/\\\/www.rucashk.com\\\/pt\\\/produto\\\/xiaomi-mi-cc9\\\/#mainImage\",\"width\":800,\"height\":800},\"primaryImageOfPage\":{\"@id\":\"https:\\\/\\\/www.rucashk.com\\\/pt\\\/produto\\\/xiaomi-mi-cc9\\\/#mainImage\"},\"datePublished\":\"2024-01-09T15:43:58+00:00\",\"dateModified\":\"2024-03-11T08:02:14+00:00\"},{\"@type\":\"WebSite\",\"@id\":\"https:\\\/\\\/www.rucashk.com\\\/pt\\\/#website\",\"url\":\"https:\\\/\\\/www.rucashk.com\\\/pt\\\/\",\"name\":\"Rucas - Wholesale and distribution worldwide\",\"alternateName\":\"Rucas - One-stop AIoT Distribution Worldwide\",\"description\":\"One-stop AIoT Distribution Worldwide\",\"inLanguage\":\"pt-PT\",\"publisher\":{\"@id\":\"https:\\\/\\\/www.rucashk.com\\\/pt\\\/#organization\"}}]}\n\t\t<\/script>\n\t\t<!-- All in One SEO Pro -->\r\n\t\t<title>Xiaomi Mi Cc9 - Rucas - Wholesale and Distribution<\/title>\n\n","aioseo_head_json":{"title":"Xiaomi Mi Cc9 - Rucas - Wholesale and Distribution","description":"The phone comes with a 6.39-inch display with a resolution of 1080x2340 pixels at a pixel density of 403 pixels per inch (ppi). Xiaomi Mi CC9 Meitu Custom Edition is powered by a 2.2GHz octa-core Qualcomm Snapdragon 710 processor. It comes with 8GB of RAM. The Xiaomi Mi CC9 Meitu Custom Edition runs Android Pie and is powered by a 4030mAh battery. The Xiaomi Mi CC9 Meitu Custom Edition supports proprietary fast charging.","canonical_url":"https:\/\/www.rucashk.com\/pt\/produto\/xiaomi-mi-cc9\/","robots":"max-image-preview:large","keywords":"","webmasterTools":{"miscellaneous":""},"og:locale":"pt_PT","og:site_name":"Rucas - One-stop AIoT Distribution Worldwide","og:type":"article","og:title":"Xiaomi Mi Cc9 - Rucas - Wholesale and Distribution","og:description":"The phone comes with a 6.39-inch display with a resolution of 1080x2340 pixels at a pixel density of 403 pixels per inch (ppi). Xiaomi Mi CC9 Meitu Custom Edition is powered by a 2.2GHz octa-core Qualcomm Snapdragon 710 processor. It comes with 8GB of RAM. The Xiaomi Mi CC9 Meitu Custom Edition runs Android Pie and is powered by a 4030mAh battery. The Xiaomi Mi CC9 Meitu Custom Edition supports proprietary fast charging.","og:url":"https:\/\/www.rucashk.com\/pt\/produto\/xiaomi-mi-cc9\/","og:image":"https:\/\/www.rucashk.com\/wp-content\/uploads\/replace\/503b8e645f128a97ccde2b6290747646.jpeg","og:image:secure_url":"https:\/\/www.rucashk.com\/wp-content\/uploads\/replace\/503b8e645f128a97ccde2b6290747646.jpeg","og:image:width":1456,"og:image:height":816,"article:published_time":"2024-01-09T15:43:58+00:00","article:modified_time":"2024-03-11T08:02:14+00:00","twitter:card":"summary_large_image","twitter:title":"Xiaomi Mi Cc9 - Rucas - Wholesale and Distribution","twitter:description":"The phone comes with a 6.39-inch display with a resolution of 1080x2340 pixels at a pixel density of 403 pixels per inch (ppi). Xiaomi Mi CC9 Meitu Custom Edition is powered by a 2.2GHz octa-core Qualcomm Snapdragon 710 processor. It comes with 8GB of RAM. The Xiaomi Mi CC9 Meitu Custom Edition runs Android Pie and is powered by a 4030mAh battery. The Xiaomi Mi CC9 Meitu Custom Edition supports proprietary fast charging.","twitter:image":"https:\/\/www.rucashk.com\/wp-content\/uploads\/replace\/503b8e645f128a97ccde2b6290747646.jpeg","schema":{"@context":"https:\/\/schema.org","@graph":[{"@type":"BreadcrumbList","@id":"https:\/\/www.rucashk.com\/pt\/produto\/xiaomi-mi-cc9\/#breadcrumblist","itemListElement":[{"@type":"ListItem","@id":"https:\/\/www.rucashk.com\/pt\/#listItem","position":1,"name":"Home","item":"https:\/\/www.rucashk.com\/pt\/","nextItem":"https:\/\/www.rucashk.com\/pt\/produto\/xiaomi-mi-cc9\/#listItem"},{"@type":"ListItem","@id":"https:\/\/www.rucashk.com\/pt\/produto\/xiaomi-mi-cc9\/#listItem","position":2,"name":"Xiaomi\u00a0 Mi Cc9","previousItem":"https:\/\/www.rucashk.com\/pt\/#listItem"}]},{"@type":"Organization","@id":"https:\/\/www.rucashk.com\/pt\/#organization","name":"Rucas","url":"https:\/\/www.rucashk.com\/pt\/","logo":{"@type":"ImageObject","url":"https:\/\/www.rucashk.com\/wp-content\/uploads\/2023\/12\/Rucas_campany_logo.png","@id":"https:\/\/www.rucashk.com\/pt\/produto\/xiaomi-mi-cc9\/#organizationLogo","width":221,"height":65},"image":{"@id":"https:\/\/www.rucashk.com\/pt\/#organizationLogo"}},{"@type":"Person","@id":"https:\/\/www.rucashk.com\/pt\/author\/admin\/#author","url":"https:\/\/www.rucashk.com\/pt\/author\/admin\/","name":"admin","image":{"@type":"ImageObject","@id":"https:\/\/www.rucashk.com\/pt\/produto\/xiaomi-mi-cc9\/#authorImage","url":"https:\/\/secure.gravatar.com\/avatar\/b7c8925b09a27e72b30232f8ecaadbd5af0f70a38c78096863fe51b64f031c24?s=96&d=mm&r=g","width":96,"height":96,"caption":"admin"}},{"@type":"WebPage","@id":"https:\/\/www.rucashk.com\/pt\/produto\/xiaomi-mi-cc9\/#webpage","url":"https:\/\/www.rucashk.com\/pt\/produto\/xiaomi-mi-cc9\/","name":"Xiaomi Mi Cc9 - Rucas - Wholesale and Distribution","description":"The phone comes with a 6.39-inch display with a resolution of 1080x2340 pixels at a pixel density of 403 pixels per inch (ppi). Xiaomi Mi CC9 Meitu Custom Edition is powered by a 2.2GHz octa-core Qualcomm Snapdragon 710 processor. It comes with 8GB of RAM. The Xiaomi Mi CC9 Meitu Custom Edition runs Android Pie and is powered by a 4030mAh battery. The Xiaomi Mi CC9 Meitu Custom Edition supports proprietary fast charging.","inLanguage":"pt-PT","isPartOf":{"@id":"https:\/\/www.rucashk.com\/pt\/#website"},"breadcrumb":{"@id":"https:\/\/www.rucashk.com\/pt\/produto\/xiaomi-mi-cc9\/#breadcrumblist"},"author":{"@id":"https:\/\/www.rucashk.com\/pt\/author\/admin\/#author"},"creator":{"@id":"https:\/\/www.rucashk.com\/pt\/author\/admin\/#author"},"image":{"@type":"ImageObject","url":"https:\/\/www.rucashk.com\/wp-content\/uploads\/2024\/01\/0_Global-ROM-Xiaomi-Mi-CC9-CC-.jpg","@id":"https:\/\/www.rucashk.com\/pt\/produto\/xiaomi-mi-cc9\/#mainImage","width":800,"height":800},"primaryImageOfPage":{"@id":"https:\/\/www.rucashk.com\/pt\/produto\/xiaomi-mi-cc9\/#mainImage"},"datePublished":"2024-01-09T15:43:58+00:00","dateModified":"2024-03-11T08:02:14+00:00"},{"@type":"WebSite","@id":"https:\/\/www.rucashk.com\/pt\/#website","url":"https:\/\/www.rucashk.com\/pt\/","name":"Rucas - Wholesale and distribution worldwide","alternateName":"Rucas - One-stop AIoT Distribution Worldwide","description":"One-stop AIoT Distribution Worldwide","inLanguage":"pt-PT","publisher":{"@id":"https:\/\/www.rucashk.com\/pt\/#organization"}}]}},"aioseo_meta_data":{"post_id":"22426","title":null,"description":null,"keywords":null,"keyphrases":null,"primary_term":null,"canonical_url":null,"og_title":null,"og_description":null,"og_object_type":"default","og_image_type":"default","og_image_url":null,"og_image_width":null,"og_image_height":null,"og_image_custom_url":null,"og_image_custom_fields":null,"og_video":null,"og_custom_url":null,"og_article_section":null,"og_article_tags":null,"twitter_use_og":false,"twitter_card":"default","twitter_image_type":"default","twitter_image_url":null,"twitter_image_custom_url":null,"twitter_image_custom_fields":null,"twitter_title":null,"twitter_description":null,"schema":{"blockGraphs":[],"customGraphs":[],"default":{"data":{"Article":[],"Course":[],"Dataset":[],"FAQPage":[],"Movie":[],"Person":[],"Product":[],"Recipe":[],"Service":[],"SoftwareApplication":[],"WebPage":[]},"graphName":"","isEnabled":true},"graphs":[]},"schema_type":"default","schema_type_options":null,"pillar_content":false,"robots_default":true,"robots_noindex":false,"robots_noarchive":false,"robots_nosnippet":false,"robots_nofollow":false,"robots_noimageindex":false,"robots_noodp":false,"robots_notranslate":false,"robots_max_snippet":null,"robots_max_videopreview":null,"robots_max_imagepreview":"large","priority":null,"frequency":null,"local_seo":null,"breadcrumb_settings":null,"limit_modified_date":false,"created":"2024-04-11 01:55:23","updated":"2025-06-22 16:42:56"},"aioseo_breadcrumb":"<div class=\"aioseo-breadcrumbs\"><span class=\"aioseo-breadcrumb\">\n\t<a href=\"https:\/\/www.rucashk.com\/pt\" title=\"Home\">Home<\/a>\n<\/span><span class=\"aioseo-breadcrumb-separator\">&raquo;<\/span><span class=\"aioseo-breadcrumb\">\n\t<a href=\"https:\/\/www.rucashk.com\/pt\/products\/\" title=\"Produtos\">Produtos<\/a>\n<\/span><span class=\"aioseo-breadcrumb-separator\">&raquo;<\/span><span class=\"aioseo-breadcrumb\">\n\t<a href=\"https:\/\/www.rucashk.com\/pt\/categoria-produto\/mobile-phone\/\" title=\"Mobile Phone\">Mobile Phone<\/a>\n<\/span><span class=\"aioseo-breadcrumb-separator\">&raquo;<\/span><span class=\"aioseo-breadcrumb\">\n\t<a href=\"https:\/\/www.rucashk.com\/pt\/categoria-produto\/mobile-phone\/xiaomi-mobile-phone\/\" title=\"Xiaomi\">Xiaomi<\/a>\n<\/span><span class=\"aioseo-breadcrumb-separator\">&raquo;<\/span><span class=\"aioseo-breadcrumb\">\n\tXiaomi\u00a0 Mi Cc9\n<\/span><\/div>","aioseo_breadcrumb_json":[{"label":"Home","link":"https:\/\/www.rucashk.com\/pt"},{"label":"Produtos","link":"https:\/\/www.rucashk.com\/pt\/products\/"},{"label":"Mobile Phone","link":"https:\/\/www.rucashk.com\/pt\/categoria-produto\/mobile-phone\/"},{"label":"Xiaomi","link":"https:\/\/www.rucashk.com\/pt\/categoria-produto\/mobile-phone\/xiaomi-mobile-phone\/"},{"label":"Xiaomi\u00a0 Mi Cc9","link":"https:\/\/www.rucashk.com\/pt\/produto\/xiaomi-mi-cc9\/"}],"_links":{"self":[{"href":"https:\/\/www.rucashk.com\/pt\/wp-json\/wp\/v2\/product\/22426","targetHints":{"allow":["GET"]}}],"collection":[{"href":"https:\/\/www.rucashk.com\/pt\/wp-json\/wp\/v2\/product"}],"about":[{"href":"https:\/\/www.rucashk.com\/pt\/wp-json\/wp\/v2\/types\/product"}],"wp:featuredmedia":[{"embeddable":true,"href":"https:\/\/www.rucashk.com\/pt\/wp-json\/wp\/v2\/media\/22544"}],"wp:attachment":[{"href":"https:\/\/www.rucashk.com\/pt\/wp-json\/wp\/v2\/media?parent=22426"}],"wp:term":[{"taxonomy":"product_brand","embeddable":true,"href":"https:\/\/www.rucashk.com\/pt\/wp-json\/wp\/v2\/product_brand?post=22426"},{"taxonomy":"product_cat","embeddable":true,"href":"https:\/\/www.rucashk.com\/pt\/wp-json\/wp\/v2\/product_cat?post=22426"},{"taxonomy":"product_tag","embeddable":true,"href":"https:\/\/www.rucashk.com\/pt\/wp-json\/wp\/v2\/product_tag?post=22426"}],"curies":[{"name":"wp","href":"https:\/\/api.w.org\/{rel}","templated":true}]}}