{"id":22425,"date":"2024-01-09T15:43:58","date_gmt":"2024-01-09T15:43:58","guid":{"rendered":"http:\/\/rucashk.com\/?post_type=product&#038;p=22425"},"modified":"2024-03-11T08:04:43","modified_gmt":"2024-03-11T08:04:43","slug":"xiaomi-black-shark-2-pro","status":"publish","type":"product","link":"https:\/\/www.rucashk.com\/pt\/produto\/xiaomi-black-shark-2-pro\/","title":{"rendered":"Xiaomi Tubar\u00e3o Negro 2 Pro"},"content":{"rendered":"<div class=\"detailmodule_html\">\n<div class=\"detail-desc-decorate-richtext\">\n<div>\n<h2 style=\"text-align: center\"><strong><a class=\"\" style=\"width: auto !important\" href=\"https:\/\/www.rucashk.com\/pt\/produto\/black-shark-2-pro\/\" data-wpil-post-to-id=\"3425\">Tubar\u00e3o Negro 2 Pr\u00f3<\/a><\/strong><\/h2>\n<div style=\"text-align: center\">Snapdragon 855 Plus | At\u00e9 12 GB + 256 GB | Resfriamento L\u00edquido 3.0+ | Modo rid\u00edculo<\/div>\n<div><img decoding=\"async\" class=\"aligncenter\" src=\"\/wp-content\/uploads\/replace\/7ba0772db111e73e4c478bdf1fb030ec.jpeg\" alt=\"33\" \/><\/div>\n<div style=\"text-align: center\"><strong>Mestre Toque<\/strong><\/div>\n<div><img decoding=\"async\" class=\"aligncenter\" src=\"\/wp-content\/uploads\/replace\/0c2b90effcfbb11ec7f27fb16fbff21b.jpeg\" alt=\"3\" \/><\/div>\n<div style=\"text-align: center\"><strong><a class=\"\" style=\"width: auto !important\" href=\"https:\/\/www.rucashk.com\/pt\/produto\/mi-mix-3-snapdragon-855-octa-core-5g-smartphone\/\" data-wpil-post-to-id=\"1703\">Snapdragon 855 Plus Octa Core<\/a><\/strong><\/div>\n<div style=\"text-align: center\">12 GB de RAM + UFS3.0<\/div>\n<div><img decoding=\"async\" class=\"aligncenter\" src=\"\/wp-content\/uploads\/replace\/de5d787a1636a071311ec1eefbcd2c57.jpeg\" alt=\"65\" \/><\/div>\n<div style=\"text-align: center\"><strong>Sistema de resfriamento l\u00edquido 3.0+<\/strong><\/div>\n<div align=\"center\"><img decoding=\"async\" class=\"aligncenter\" src=\"\/wp-content\/uploads\/replace\/e5c7351e726bccf669c9319b46fa8b18.jpeg\" alt=\"25\" \/><\/div>\n<div align=\"center\">\n<div style=\"text-align: center\"><strong>Taxa de relat\u00f3rio de toque de 240 Hz | Tempo de resposta de 43,5 ms<\/strong><\/div>\n<div style=\"text-align: center\">Em jogos competitivos, uma fra\u00e7\u00e3o de segundo pode mudar tudo. Com uma taxa de transmiss\u00e3o de at\u00e9 240 Hz e tempo de resposta de apenas 43,5 ms, nosso toque de lat\u00eancia ultrabaixa fornece a resposta de entrada mais r\u00e1pida para uma vantagem competitiva s\u00e9ria em jogos de a\u00e7\u00e3o, tiros e RPGs.<\/div>\n<\/div>\n<div align=\"center\"><img decoding=\"async\" class=\"aligncenter\" src=\"\/wp-content\/uploads\/replace\/49773c603126177880d689595991dfbb.jpeg\" alt=\"26\" \/><img decoding=\"async\" class=\"aligncenter\" src=\"\/wp-content\/uploads\/replace\/1c54f161cc67501ebde1a7b30767bff0.jpeg\" alt=\"27\" \/><img decoding=\"async\" class=\"aligncenter\" src=\"\/wp-content\/uploads\/replace\/6126e01c65e590f35d5dac0e5d7e2293.jpeg\" alt=\"28\" \/><\/div>\n<div style=\"text-align: center\" align=\"center\"><strong>Bateria 4000mAh | <a class=\"\" style=\"width: auto !important\" href=\"https:\/\/www.rucashk.com\/pt\/produto\/xiaomi-zmi-power-bank-2-20000mah-27w-charger-qc-3-0-power-supp\/\" data-wpil-post-to-id=\"2701\">Carregamento r\u00e1pido de 27 W<\/a><\/strong><\/div>\n<div style=\"text-align: center\" align=\"center\">IA inteligente <a class=\"\" style=\"width: auto !important\" href=\"https:\/\/www.rucashk.com\/pt\/xiaomi-miui12-power-system-upgrade\/\" data-wpil-post-to-id=\"7634\">Sistema de economia de energia<\/a><\/div>\n<div align=\"center\"><img decoding=\"async\" class=\"aligncenter\" src=\"\/wp-content\/uploads\/replace\/9bb45a04770a72c5c405b9f90071c0a0.jpeg\" alt=\"29\" \/><\/div>\n<div align=\"center\"><strong>C\u00e2mera dupla Sony 48MP AI<\/strong><\/div>\n<div align=\"center\">Modo supernoturno<\/div>\n<div align=\"center\"><img decoding=\"async\" class=\"aligncenter\" src=\"\/wp-content\/uploads\/replace\/ef711c41f5b3ac7c19d4b7c4ea33713e.jpeg\" alt=\"36\" \/><img decoding=\"async\" class=\"aligncenter\" src=\"\/wp-content\/uploads\/replace\/9da2f343fa4062f0b88eb0cbad76550a.jpeg\" alt=\"34\" \/><\/div>\n<div><img decoding=\"async\" class=\"aligncenter\" src=\"\/wp-content\/uploads\/replace\/cf1102f5711beb8b73ba3712764ed733.jpeg\" alt=\"33\" \/><img decoding=\"async\" class=\"aligncenter\" src=\"\/wp-content\/uploads\/replace\/f3926f60fbd735badb6ca4c72daf5046.jpeg\" alt=\"32\" \/><\/div>\n<\/div>\n<\/div>\n<\/div>\n<p><img decoding=\"async\" class=\"aligncenter\" src=\"\/wp-content\/uploads\/replace\/1866498f720a810197f169e747082699.jpeg\" alt=\"canshu2\" \/><\/p>\n<div class=\"detailmodule_dynamic\"><\/div>\n<div class=\"detailmodule_html\">\n<div class=\"detail-desc-decorate-richtext\">\n<div>\n<div style=\"text-align: center\"><span style=\"color: #ff0000;font-family: Tahoma\">Vers\u00e3o global <a class=\"\" style=\"width: auto !important\" href=\"https:\/\/www.rucashk.com\/pt\/produto\/black-shark-2\/\" data-wpil-post-to-id=\"3399\">Tubar\u00e3o Negro<\/a> 2 Pro com carregador original da UE.<\/span><\/div>\n<div><\/div>\n<div><\/div>\n<div>\n<div>\n<div>\n<table border=\"1\" width=\"100%\">\n<tbody>\n<tr>\n<td>\n<div align=\"left\">\n<p class=\"STYLE16\"><span class=\"STYLE17\">\u00a0CPU<\/span>\u00a0&#8212;\u00a0<span class=\"STYLE2\">Snapdragon 855<\/span>\u00a0Mais Octa Core (GPU Adreno 640)<\/p>\n<p class=\"STYLE16\">\n<\/div>\n<\/td>\n<td>\n<div align=\"left\"><span class=\"STYLE16\"><span class=\"STYLE17\">\u00a0RAM + ROM<\/span>\u00a0&#8212;\u00a0<span class=\"STYLE2\">12 GB + 256 GB<\/span><\/span><\/div>\n<\/td>\n<\/tr>\n<tr>\n<td>\n<div align=\"left\">\n<p class=\"STYLE16\"><span class=\"STYLE17\">\u00a0<\/span><\/p>\n<p class=\"STYLE16\"><span class=\"STYLE17\">\u00a0Tela<\/span>\u00a0&#8212;\u00a0<span class=\"STYLE2\">Tela AMOLED de 6,39\u2033, tela cheia 19,5:9<\/span><\/p>\n<p class=\"STYLE16\">\n<\/div>\n<\/td>\n<td>\n<div align=\"left\"><span class=\"STYLE16\"><span class=\"STYLE17\">\u00a0C\u00e2mera<\/span>\u00a0&#8212;\u00a0<span class=\"STYLE1\"><a class=\"\" style=\"width: auto !important\" href=\"https:\/\/www.rucashk.com\/pt\/produto\/xiaomi-mi9t-6-39-inch-48mp-triple-camera-nfc-4000mah-smartphone\/\" data-wpil-post-to-id=\"2309\">C\u00e2mera real dupla de 48 MP + 12 MP,<\/a> C\u00e2mera frontal de 20 MP<\/span><\/span><\/div>\n<\/td>\n<\/tr>\n<tr>\n<td>\n<div align=\"left\">\n<p class=\"STYLE16\"><span class=\"STYLE17\">\u00a0Bateria<\/span>\u00a0&#8212;\u00a0<span class=\"STYLE2\">4000mAh<\/span>\/3900mAh (m\u00ednimo), carregamento r\u00e1pido de 27W, <a class=\"\" style=\"width: auto !important\" href=\"https:\/\/www.rucashk.com\/pt\/produto\/xiaomi-70mai-dual-usb-car-quick-charge-adapter-for-smart-phone\/\" data-wpil-post-to-id=\"2526\">Carga r\u00e1pida<\/a> 4.0<\/p>\n<p class=\"STYLE16\">\n<\/div>\n<\/td>\n<td>\n<div align=\"left\"><span class=\"STYLE16\"><span class=\"STYLE17\">\u00a0SO<\/span>\u00a0&#8212;\u00a0<\/span>\u00a0<span class=\"STYLE4\">JOYUI, vers\u00e3o global, suporte\u00a0<\/span>\u00a0<span class=\"STYLE16\">Atualiza\u00e7\u00e3o OTA<\/span><\/div>\n<\/td>\n<\/tr>\n<tr>\n<td>\n<div align=\"left\">\n<p class=\"STYLE16\"><strong>\u00a0<span class=\"STYLE18\">Slot para cart\u00e3o<\/span><\/strong>\u00a0&#8212;\u00a0<span class=\"STYLE1\">Nano-SIMx1 + Nano-SIMx1<\/span><\/p>\n<p class=\"STYLE16\">\n<\/div>\n<\/td>\n<td>\n<div align=\"left\"><span class=\"STYLE16\"><strong>\u00a0<span class=\"STYLE18\">Outro<\/span><\/strong>\u00a0- Wi-Fi, Bluetooth 5.0, GPS, OTG<\/span><\/div>\n<\/td>\n<\/tr>\n<tr>\n<td colspan=\"2\">\n<p class=\"STYLE16\" align=\"left\"><strong><span class=\"STYLE18\">Rede<\/span><\/strong>\u00a0&#8212;<br \/>\n2G: GSM (banda de frequ\u00eancia B2\/B3\/B5\/B8), CDMA\/EVDO (banda de frequ\u00eancia BC0);<br \/>\n3G: WCDMA (banda de frequ\u00eancia B1\/B2\/B5\/B6\/B8), TD -SCDMA (banda de frequ\u00eancia B34\/B39);<br \/>\n4G:\u00a0<span class=\"STYLE2\">FDD LTE (banda de frequ\u00eancia B1\/B2\/B3\/B4\/B5\/<\/span><span class=\"STYLE2\">B7<\/span><span class=\"STYLE2\">\/B8\/B19\/<\/span><span class=\"STYLE2\">B20\/B28<\/span><span class=\"STYLE2\">)<\/span>; TDD LTE (banda de frequ\u00eancia B34\/B38\/B39\/B40\/B41)<\/p>\n<p class=\"STYLE16\" align=\"left\" data-spm-anchor-id=\"a2g0o.detail.1000023.i4.f3ba640dBfCNO1\">\n<\/td>\n<\/tr>\n<\/tbody>\n<\/table>\n<\/div>\n<\/div>\n<\/div>\n<\/div>\n<\/div>\n<\/div>","protected":false},"excerpt":{"rendered":"<p>1.Xiaomi Black Shark 2 Pro comes in a dimension of the smartphone is 163.6 x 75 x 8.8 mm (6.44 x 2.95 x 0.35 in) and 205 grams with battery.<\/p>\n<p>2.Xiaomi Black Shark 2 Pro sports a curved design with 6.39 inches, 100.2 cm<sup>2<\/sup>\u00a0(~81.7% screen-to-body ratio) and 1080 x 2340 pixels, 19.5:9 ratio (~403 ppi density).<\/p>\n<p>3.The smartphone is pack with 8 GB RAM and 12 GB RAM with 128 GB and 256 GB internal storage.<\/p>","protected":false},"featured_media":22543,"template":"","meta":[],"product_brand":[],"product_cat":[1353,1295],"product_tag":[],"class_list":{"0":"post-22425","1":"product","2":"type-product","3":"status-publish","4":"has-post-thumbnail","6":"product_cat-black-shark-mobile-phone","7":"product_cat-mobile-phone","9":"first","10":"instock","11":"shipping-taxable","12":"product-type-external"},"aioseo_notices":[],"aioseo_head":"\n\t\t<!-- All in One SEO Pro 4.5.9.2 - aioseo.com -->\n\t\t<meta name=\"description\" content=\"1.Xiaomi Black Shark 2 Pro comes in a dimension of the smartphone is 163.6 x 75 x 8.8 mm (6.44 x 2.95 x 0.35 in) and 205 grams with battery. 2.Xiaomi Black Shark 2 Pro sports a curved design with 6.39 inches, 100.2 cm2 (~81.7% screen-to-body ratio) and 1080 x 2340 pixels, 19.5:9 ratio (~403 ppi density). 3.The smartphone is pack with 8 GB RAM and 12 GB RAM with 128 GB and 256 GB internal storage.\" \/>\n\t\t<meta name=\"robots\" content=\"max-image-preview:large\" \/>\n\t\t<link rel=\"canonical\" href=\"https:\/\/www.rucashk.com\/pt\/produto\/xiaomi-black-shark-2-pro\/\" \/>\n\t\t<meta name=\"generator\" content=\"All in One SEO Pro (AIOSEO) 4.5.9.2\" \/>\n\t\t<meta property=\"og:locale\" content=\"pt_PT\" \/>\n\t\t<meta property=\"og:site_name\" content=\"Rucas - One-stop AIoT Distribution Worldwide\" \/>\n\t\t<meta property=\"og:type\" content=\"article\" \/>\n\t\t<meta property=\"og:title\" content=\"Xiaomi Black Shark 2 Pro - Rucas - Wholesale and Distribution\" \/>\n\t\t<meta property=\"og:description\" content=\"1.Xiaomi Black Shark 2 Pro comes in a dimension of the smartphone is 163.6 x 75 x 8.8 mm (6.44 x 2.95 x 0.35 in) and 205 grams with battery. 2.Xiaomi Black Shark 2 Pro sports a curved design with 6.39 inches, 100.2 cm2 (~81.7% screen-to-body ratio) and 1080 x 2340 pixels, 19.5:9 ratio (~403 ppi density). 3.The smartphone is pack with 8 GB RAM and 12 GB RAM with 128 GB and 256 GB internal storage.\" \/>\n\t\t<meta property=\"og:url\" content=\"https:\/\/www.rucashk.com\/pt\/produto\/xiaomi-black-shark-2-pro\/\" \/>\n\t\t<meta property=\"og:image\" content=\"https:\/\/www.rucashk.com\/wp-content\/uploads\/replace\/503b8e645f128a97ccde2b6290747646.jpeg\" \/>\n\t\t<meta property=\"og:image:secure_url\" content=\"https:\/\/www.rucashk.com\/wp-content\/uploads\/replace\/503b8e645f128a97ccde2b6290747646.jpeg\" \/>\n\t\t<meta property=\"og:image:width\" content=\"1456\" \/>\n\t\t<meta property=\"og:image:height\" content=\"816\" \/>\n\t\t<meta property=\"article:published_time\" content=\"2024-01-09T15:43:58+00:00\" \/>\n\t\t<meta property=\"article:modified_time\" content=\"2024-03-11T08:04:43+00:00\" \/>\n\t\t<meta name=\"twitter:card\" content=\"summary_large_image\" \/>\n\t\t<meta name=\"twitter:title\" content=\"Xiaomi Black Shark 2 Pro - Rucas - Wholesale and Distribution\" \/>\n\t\t<meta name=\"twitter:description\" content=\"1.Xiaomi Black Shark 2 Pro comes in a dimension of the smartphone is 163.6 x 75 x 8.8 mm (6.44 x 2.95 x 0.35 in) and 205 grams with battery. 2.Xiaomi Black Shark 2 Pro sports a curved design with 6.39 inches, 100.2 cm2 (~81.7% screen-to-body ratio) and 1080 x 2340 pixels, 19.5:9 ratio (~403 ppi density). 3.The smartphone is pack with 8 GB RAM and 12 GB RAM with 128 GB and 256 GB internal storage.\" \/>\n\t\t<meta name=\"twitter:image\" content=\"https:\/\/www.rucashk.com\/wp-content\/uploads\/replace\/503b8e645f128a97ccde2b6290747646.jpeg\" \/>\n\t\t<script type=\"application\/ld+json\" class=\"aioseo-schema\">\n\t\t\t{\"@context\":\"https:\\\/\\\/schema.org\",\"@graph\":[{\"@type\":\"BreadcrumbList\",\"@id\":\"https:\\\/\\\/www.rucashk.com\\\/pt\\\/produto\\\/xiaomi-black-shark-2-pro\\\/#breadcrumblist\",\"itemListElement\":[{\"@type\":\"ListItem\",\"@id\":\"https:\\\/\\\/www.rucashk.com\\\/pt\\\/#listItem\",\"position\":1,\"name\":\"Home\",\"item\":\"https:\\\/\\\/www.rucashk.com\\\/pt\\\/\",\"nextItem\":\"https:\\\/\\\/www.rucashk.com\\\/pt\\\/produto\\\/xiaomi-black-shark-2-pro\\\/#listItem\"},{\"@type\":\"ListItem\",\"@id\":\"https:\\\/\\\/www.rucashk.com\\\/pt\\\/produto\\\/xiaomi-black-shark-2-pro\\\/#listItem\",\"position\":2,\"name\":\"Xiaomi\\u00a0Black Shark 2 Pro\",\"previousItem\":\"https:\\\/\\\/www.rucashk.com\\\/pt\\\/#listItem\"}]},{\"@type\":\"Organization\",\"@id\":\"https:\\\/\\\/www.rucashk.com\\\/pt\\\/#organization\",\"name\":\"Rucas\",\"url\":\"https:\\\/\\\/www.rucashk.com\\\/pt\\\/\",\"logo\":{\"@type\":\"ImageObject\",\"url\":\"https:\\\/\\\/www.rucashk.com\\\/wp-content\\\/uploads\\\/2023\\\/12\\\/Rucas_campany_logo.png\",\"@id\":\"https:\\\/\\\/www.rucashk.com\\\/pt\\\/produto\\\/xiaomi-black-shark-2-pro\\\/#organizationLogo\",\"width\":221,\"height\":65},\"image\":{\"@id\":\"https:\\\/\\\/www.rucashk.com\\\/pt\\\/#organizationLogo\"}},{\"@type\":\"Person\",\"@id\":\"https:\\\/\\\/www.rucashk.com\\\/pt\\\/author\\\/admin\\\/#author\",\"url\":\"https:\\\/\\\/www.rucashk.com\\\/pt\\\/author\\\/admin\\\/\",\"name\":\"admin\",\"image\":{\"@type\":\"ImageObject\",\"@id\":\"https:\\\/\\\/www.rucashk.com\\\/pt\\\/produto\\\/xiaomi-black-shark-2-pro\\\/#authorImage\",\"url\":\"https:\\\/\\\/secure.gravatar.com\\\/avatar\\\/b7c8925b09a27e72b30232f8ecaadbd5af0f70a38c78096863fe51b64f031c24?s=96&d=mm&r=g\",\"width\":96,\"height\":96,\"caption\":\"admin\"}},{\"@type\":\"WebPage\",\"@id\":\"https:\\\/\\\/www.rucashk.com\\\/pt\\\/produto\\\/xiaomi-black-shark-2-pro\\\/#webpage\",\"url\":\"https:\\\/\\\/www.rucashk.com\\\/pt\\\/produto\\\/xiaomi-black-shark-2-pro\\\/\",\"name\":\"Xiaomi Black Shark 2 Pro - Rucas - Wholesale and Distribution\",\"description\":\"1.Xiaomi Black Shark 2 Pro comes in a dimension of the smartphone is 163.6 x 75 x 8.8 mm (6.44 x 2.95 x 0.35 in) and 205 grams with battery. 2.Xiaomi Black Shark 2 Pro sports a curved design with 6.39 inches, 100.2 cm2 (~81.7% screen-to-body ratio) and 1080 x 2340 pixels, 19.5:9 ratio (~403 ppi density). 3.The smartphone is pack with 8 GB RAM and 12 GB RAM with 128 GB and 256 GB internal storage.\",\"inLanguage\":\"pt-PT\",\"isPartOf\":{\"@id\":\"https:\\\/\\\/www.rucashk.com\\\/pt\\\/#website\"},\"breadcrumb\":{\"@id\":\"https:\\\/\\\/www.rucashk.com\\\/pt\\\/produto\\\/xiaomi-black-shark-2-pro\\\/#breadcrumblist\"},\"author\":{\"@id\":\"https:\\\/\\\/www.rucashk.com\\\/pt\\\/author\\\/admin\\\/#author\"},\"creator\":{\"@id\":\"https:\\\/\\\/www.rucashk.com\\\/pt\\\/author\\\/admin\\\/#author\"},\"image\":{\"@type\":\"ImageObject\",\"url\":\"https:\\\/\\\/www.rucashk.com\\\/wp-content\\\/uploads\\\/2024\\\/01\\\/xiaomi-black-shark-2-pro_\\u526f\\u672c.jpg\",\"@id\":\"https:\\\/\\\/www.rucashk.com\\\/pt\\\/produto\\\/xiaomi-black-shark-2-pro\\\/#mainImage\",\"width\":858,\"height\":668},\"primaryImageOfPage\":{\"@id\":\"https:\\\/\\\/www.rucashk.com\\\/pt\\\/produto\\\/xiaomi-black-shark-2-pro\\\/#mainImage\"},\"datePublished\":\"2024-01-09T15:43:58+00:00\",\"dateModified\":\"2024-03-11T08:04:43+00:00\"},{\"@type\":\"WebSite\",\"@id\":\"https:\\\/\\\/www.rucashk.com\\\/pt\\\/#website\",\"url\":\"https:\\\/\\\/www.rucashk.com\\\/pt\\\/\",\"name\":\"Rucas - Wholesale and distribution worldwide\",\"alternateName\":\"Rucas - One-stop AIoT Distribution Worldwide\",\"description\":\"One-stop AIoT Distribution Worldwide\",\"inLanguage\":\"pt-PT\",\"publisher\":{\"@id\":\"https:\\\/\\\/www.rucashk.com\\\/pt\\\/#organization\"}}]}\n\t\t<\/script>\n\t\t<!-- All in One SEO Pro -->\r\n\t\t<title>Xiaomi Black Shark 2 Pro - Rucas - Wholesale and Distribution<\/title>\n\n","aioseo_head_json":{"title":"Xiaomi Black Shark 2 Pro - Rucas - Wholesale and Distribution","description":"1.Xiaomi Black Shark 2 Pro comes in a dimension of the smartphone is 163.6 x 75 x 8.8 mm (6.44 x 2.95 x 0.35 in) and 205 grams with battery. 2.Xiaomi Black Shark 2 Pro sports a curved design with 6.39 inches, 100.2 cm2 (~81.7% screen-to-body ratio) and 1080 x 2340 pixels, 19.5:9 ratio (~403 ppi density). 3.The smartphone is pack with 8 GB RAM and 12 GB RAM with 128 GB and 256 GB internal storage.","canonical_url":"https:\/\/www.rucashk.com\/pt\/produto\/xiaomi-black-shark-2-pro\/","robots":"max-image-preview:large","keywords":"","webmasterTools":{"miscellaneous":""},"og:locale":"pt_PT","og:site_name":"Rucas - One-stop AIoT Distribution Worldwide","og:type":"article","og:title":"Xiaomi Black Shark 2 Pro - Rucas - Wholesale and Distribution","og:description":"1.Xiaomi Black Shark 2 Pro comes in a dimension of the smartphone is 163.6 x 75 x 8.8 mm (6.44 x 2.95 x 0.35 in) and 205 grams with battery. 2.Xiaomi Black Shark 2 Pro sports a curved design with 6.39 inches, 100.2 cm2 (~81.7% screen-to-body ratio) and 1080 x 2340 pixels, 19.5:9 ratio (~403 ppi density). 3.The smartphone is pack with 8 GB RAM and 12 GB RAM with 128 GB and 256 GB internal storage.","og:url":"https:\/\/www.rucashk.com\/pt\/produto\/xiaomi-black-shark-2-pro\/","og:image":"https:\/\/www.rucashk.com\/wp-content\/uploads\/replace\/503b8e645f128a97ccde2b6290747646.jpeg","og:image:secure_url":"https:\/\/www.rucashk.com\/wp-content\/uploads\/replace\/503b8e645f128a97ccde2b6290747646.jpeg","og:image:width":1456,"og:image:height":816,"article:published_time":"2024-01-09T15:43:58+00:00","article:modified_time":"2024-03-11T08:04:43+00:00","twitter:card":"summary_large_image","twitter:title":"Xiaomi Black Shark 2 Pro - Rucas - Wholesale and Distribution","twitter:description":"1.Xiaomi Black Shark 2 Pro comes in a dimension of the smartphone is 163.6 x 75 x 8.8 mm (6.44 x 2.95 x 0.35 in) and 205 grams with battery. 2.Xiaomi Black Shark 2 Pro sports a curved design with 6.39 inches, 100.2 cm2 (~81.7% screen-to-body ratio) and 1080 x 2340 pixels, 19.5:9 ratio (~403 ppi density). 3.The smartphone is pack with 8 GB RAM and 12 GB RAM with 128 GB and 256 GB internal storage.","twitter:image":"https:\/\/www.rucashk.com\/wp-content\/uploads\/replace\/503b8e645f128a97ccde2b6290747646.jpeg","schema":{"@context":"https:\/\/schema.org","@graph":[{"@type":"BreadcrumbList","@id":"https:\/\/www.rucashk.com\/pt\/produto\/xiaomi-black-shark-2-pro\/#breadcrumblist","itemListElement":[{"@type":"ListItem","@id":"https:\/\/www.rucashk.com\/pt\/#listItem","position":1,"name":"Home","item":"https:\/\/www.rucashk.com\/pt\/","nextItem":"https:\/\/www.rucashk.com\/pt\/produto\/xiaomi-black-shark-2-pro\/#listItem"},{"@type":"ListItem","@id":"https:\/\/www.rucashk.com\/pt\/produto\/xiaomi-black-shark-2-pro\/#listItem","position":2,"name":"Xiaomi\u00a0Black Shark 2 Pro","previousItem":"https:\/\/www.rucashk.com\/pt\/#listItem"}]},{"@type":"Organization","@id":"https:\/\/www.rucashk.com\/pt\/#organization","name":"Rucas","url":"https:\/\/www.rucashk.com\/pt\/","logo":{"@type":"ImageObject","url":"https:\/\/www.rucashk.com\/wp-content\/uploads\/2023\/12\/Rucas_campany_logo.png","@id":"https:\/\/www.rucashk.com\/pt\/produto\/xiaomi-black-shark-2-pro\/#organizationLogo","width":221,"height":65},"image":{"@id":"https:\/\/www.rucashk.com\/pt\/#organizationLogo"}},{"@type":"Person","@id":"https:\/\/www.rucashk.com\/pt\/author\/admin\/#author","url":"https:\/\/www.rucashk.com\/pt\/author\/admin\/","name":"admin","image":{"@type":"ImageObject","@id":"https:\/\/www.rucashk.com\/pt\/produto\/xiaomi-black-shark-2-pro\/#authorImage","url":"https:\/\/secure.gravatar.com\/avatar\/b7c8925b09a27e72b30232f8ecaadbd5af0f70a38c78096863fe51b64f031c24?s=96&d=mm&r=g","width":96,"height":96,"caption":"admin"}},{"@type":"WebPage","@id":"https:\/\/www.rucashk.com\/pt\/produto\/xiaomi-black-shark-2-pro\/#webpage","url":"https:\/\/www.rucashk.com\/pt\/produto\/xiaomi-black-shark-2-pro\/","name":"Xiaomi Black Shark 2 Pro - Rucas - Wholesale and Distribution","description":"1.Xiaomi Black Shark 2 Pro comes in a dimension of the smartphone is 163.6 x 75 x 8.8 mm (6.44 x 2.95 x 0.35 in) and 205 grams with battery. 2.Xiaomi Black Shark 2 Pro sports a curved design with 6.39 inches, 100.2 cm2 (~81.7% screen-to-body ratio) and 1080 x 2340 pixels, 19.5:9 ratio (~403 ppi density). 3.The smartphone is pack with 8 GB RAM and 12 GB RAM with 128 GB and 256 GB internal storage.","inLanguage":"pt-PT","isPartOf":{"@id":"https:\/\/www.rucashk.com\/pt\/#website"},"breadcrumb":{"@id":"https:\/\/www.rucashk.com\/pt\/produto\/xiaomi-black-shark-2-pro\/#breadcrumblist"},"author":{"@id":"https:\/\/www.rucashk.com\/pt\/author\/admin\/#author"},"creator":{"@id":"https:\/\/www.rucashk.com\/pt\/author\/admin\/#author"},"image":{"@type":"ImageObject","url":"https:\/\/www.rucashk.com\/wp-content\/uploads\/2024\/01\/xiaomi-black-shark-2-pro_\u526f\u672c.jpg","@id":"https:\/\/www.rucashk.com\/pt\/produto\/xiaomi-black-shark-2-pro\/#mainImage","width":858,"height":668},"primaryImageOfPage":{"@id":"https:\/\/www.rucashk.com\/pt\/produto\/xiaomi-black-shark-2-pro\/#mainImage"},"datePublished":"2024-01-09T15:43:58+00:00","dateModified":"2024-03-11T08:04:43+00:00"},{"@type":"WebSite","@id":"https:\/\/www.rucashk.com\/pt\/#website","url":"https:\/\/www.rucashk.com\/pt\/","name":"Rucas - Wholesale and distribution worldwide","alternateName":"Rucas - One-stop AIoT Distribution Worldwide","description":"One-stop AIoT Distribution Worldwide","inLanguage":"pt-PT","publisher":{"@id":"https:\/\/www.rucashk.com\/pt\/#organization"}}]}},"aioseo_meta_data":{"post_id":"22425","title":null,"description":null,"keywords":null,"keyphrases":null,"primary_term":null,"canonical_url":null,"og_title":null,"og_description":null,"og_object_type":"default","og_image_type":"default","og_image_url":null,"og_image_width":null,"og_image_height":null,"og_image_custom_url":null,"og_image_custom_fields":null,"og_video":null,"og_custom_url":null,"og_article_section":null,"og_article_tags":null,"twitter_use_og":false,"twitter_card":"default","twitter_image_type":"default","twitter_image_url":null,"twitter_image_custom_url":null,"twitter_image_custom_fields":null,"twitter_title":null,"twitter_description":null,"schema":{"blockGraphs":[],"customGraphs":[],"default":{"data":{"Article":[],"Course":[],"Dataset":[],"FAQPage":[],"Movie":[],"Person":[],"Product":[],"Recipe":[],"Service":[],"SoftwareApplication":[],"WebPage":[]},"graphName":"","isEnabled":true},"graphs":[]},"schema_type":"default","schema_type_options":null,"pillar_content":false,"robots_default":true,"robots_noindex":false,"robots_noarchive":false,"robots_nosnippet":false,"robots_nofollow":false,"robots_noimageindex":false,"robots_noodp":false,"robots_notranslate":false,"robots_max_snippet":null,"robots_max_videopreview":null,"robots_max_imagepreview":"large","priority":null,"frequency":null,"local_seo":null,"breadcrumb_settings":null,"limit_modified_date":false,"created":"2024-04-11 01:55:23","updated":"2025-06-22 16:42:56"},"aioseo_breadcrumb":"<div class=\"aioseo-breadcrumbs\"><span class=\"aioseo-breadcrumb\">\n\t<a href=\"https:\/\/www.rucashk.com\/pt\" title=\"Home\">Home<\/a>\n<\/span><span class=\"aioseo-breadcrumb-separator\">&raquo;<\/span><span class=\"aioseo-breadcrumb\">\n\t<a href=\"https:\/\/www.rucashk.com\/pt\/products\/\" title=\"Produtos\">Produtos<\/a>\n<\/span><span class=\"aioseo-breadcrumb-separator\">&raquo;<\/span><span class=\"aioseo-breadcrumb\">\n\t<a href=\"https:\/\/www.rucashk.com\/pt\/categoria-produto\/mobile-phone\/\" title=\"Mobile Phone\">Mobile Phone<\/a>\n<\/span><span class=\"aioseo-breadcrumb-separator\">&raquo;<\/span><span class=\"aioseo-breadcrumb\">\n\t<a href=\"https:\/\/www.rucashk.com\/pt\/categoria-produto\/mobile-phone\/black-shark-mobile-phone\/\" title=\"Black Shark\">Black Shark<\/a>\n<\/span><span class=\"aioseo-breadcrumb-separator\">&raquo;<\/span><span class=\"aioseo-breadcrumb\">\n\tXiaomi\u00a0Black Shark 2 Pro\n<\/span><\/div>","aioseo_breadcrumb_json":[{"label":"Home","link":"https:\/\/www.rucashk.com\/pt"},{"label":"Produtos","link":"https:\/\/www.rucashk.com\/pt\/products\/"},{"label":"Mobile Phone","link":"https:\/\/www.rucashk.com\/pt\/categoria-produto\/mobile-phone\/"},{"label":"Black Shark","link":"https:\/\/www.rucashk.com\/pt\/categoria-produto\/mobile-phone\/black-shark-mobile-phone\/"},{"label":"Xiaomi\u00a0Black Shark 2 Pro","link":"https:\/\/www.rucashk.com\/pt\/produto\/xiaomi-black-shark-2-pro\/"}],"_links":{"self":[{"href":"https:\/\/www.rucashk.com\/pt\/wp-json\/wp\/v2\/product\/22425","targetHints":{"allow":["GET"]}}],"collection":[{"href":"https:\/\/www.rucashk.com\/pt\/wp-json\/wp\/v2\/product"}],"about":[{"href":"https:\/\/www.rucashk.com\/pt\/wp-json\/wp\/v2\/types\/product"}],"wp:featuredmedia":[{"embeddable":true,"href":"https:\/\/www.rucashk.com\/pt\/wp-json\/wp\/v2\/media\/22543"}],"wp:attachment":[{"href":"https:\/\/www.rucashk.com\/pt\/wp-json\/wp\/v2\/media?parent=22425"}],"wp:term":[{"taxonomy":"product_brand","embeddable":true,"href":"https:\/\/www.rucashk.com\/pt\/wp-json\/wp\/v2\/product_brand?post=22425"},{"taxonomy":"product_cat","embeddable":true,"href":"https:\/\/www.rucashk.com\/pt\/wp-json\/wp\/v2\/product_cat?post=22425"},{"taxonomy":"product_tag","embeddable":true,"href":"https:\/\/www.rucashk.com\/pt\/wp-json\/wp\/v2\/product_tag?post=22425"}],"curies":[{"name":"wp","href":"https:\/\/api.w.org\/{rel}","templated":true}]}}