{"id":22424,"date":"2024-01-09T15:43:58","date_gmt":"2024-01-09T15:43:58","guid":{"rendered":"http:\/\/rucashk.com\/?post_type=product&#038;p=22424"},"modified":"2024-03-11T08:05:29","modified_gmt":"2024-03-11T08:05:29","slug":"xiaomi-black-shark-3","status":"publish","type":"product","link":"https:\/\/www.rucashk.com\/pt\/produto\/xiaomi-black-shark-3\/","title":{"rendered":"Xiaomi Tubar\u00e3o Negro 3"},"content":{"rendered":"<div><\/div>\n<div>\n<div style=\"text-align: center\"><strong><a class=\"\" style=\"width: auto !important\" href=\"https:\/\/www.rucashk.com\/pt\/produto\/black-shark-2\/\" data-wpil-post-to-id=\"3399\">Telefone para jogos Black Shark 3 5G<\/a><\/strong><\/div>\n<div style=\"text-align: center\">Snapdragon 865 | Taxa de intermit\u00eancia de 90 Hz | UFS 3.0 | Modo de bateria dupla de 4720mAh | <a class=\"\" style=\"width: auto !important\" href=\"https:\/\/www.rucashk.com\/pt\/produto\/xiaomi-mi-usb-c-charger-65w-output-rate-socket-power-adapter\/\" data-wpil-post-to-id=\"2611\">Carregador 65W<\/a><\/div>\n<div><\/div>\n<div><img decoding=\"async\" class=\"aligncenter\" src=\"\/wp-content\/uploads\/replace\/8db424a514ff3a60c09127a586b8b1d7.jpeg\" alt=\"1\" \/><img decoding=\"async\" class=\"aligncenter\" src=\"\/wp-content\/uploads\/replace\/5f223c3b805672bf80c6927167dc1531.jpeg\" alt=\"2\" \/><\/div>\n<div>\n<p style=\"text-align: center\" data-spm-anchor-id=\"a2g0o.detail.1000023.i9.30a635b92q658G\"><a class=\"\" style=\"width: auto !important\" href=\"https:\/\/www.rucashk.com\/pt\/produto\/mi-mix-3-snapdragon-855-octa-core-5g-smartphone\/\" data-wpil-post-to-id=\"1703\">Snapdragon 865 Octa-N\u00facleo<\/a><\/p>\n<p style=\"text-align: center\">Instale o novo Adreno 650GPU, melhoria 25% no desempenho geral<\/p>\n<\/div>\n<div><img decoding=\"async\" class=\"aligncenter\" src=\"\/wp-content\/uploads\/replace\/91148b12611bf0087d228d710bed3b69.jpeg\" alt=\"3\" \/><\/div>\n<div>\n<p style=\"text-align: center\"><span data-spm-anchor-id=\"a2g0o.detail.1000023.i10.30a635b92q658G\">Sistema de bateria dupla<\/span><\/p>\n<p style=\"text-align: center\">Uma bateria 2360mHA, sistema de bateria dupla 4720mHA, <a class=\"\" style=\"width: auto !important\" href=\"https:\/\/www.rucashk.com\/pt\/highly-recommendation-xiaomi-cc10-supports-an-amazing-120-times-optical-zoom\/\" data-wpil-post-to-id=\"11279\">suporta carregamento de 65 W, maior tempo de jogo<\/a><\/p>\n<\/div>\n<div><img decoding=\"async\" class=\"aligncenter\" src=\"\/wp-content\/uploads\/replace\/fa5dda32b6a411fcecee77ca65acdb9a.jpeg\" alt=\"4\" \/><\/div>\n<div>\n<p style=\"text-align: center\"><span data-spm-anchor-id=\"a2g0o.detail.1000023.i11.30a635b92q658G\"><a class=\"\" style=\"width: auto !important\" href=\"https:\/\/www.rucashk.com\/pt\/produto\/xiaomi-mi-4a-5ghz-wifi-dual-band-ac-1200m-smart-wireless-router\/\" data-wpil-post-to-id=\"2486\">Rede 5G de modelo duplo e banda dupla<\/a> Wi-Fi6<\/span><\/p>\n<p style=\"text-align: center\">Estrutura a\u00e9rea \u201cX + X\u201d, desempenho da rede melhorado em 2,7 vezes, seu telefone est\u00e1 em um <a class=\"\" style=\"width: auto !important\" href=\"https:\/\/www.rucashk.com\/pt\/explosive-products-of-xiaomi-ecological-chain-super-high-speed-motor-2-times-the-air-pressure-boost-hairline-i-am-saved\/\" data-wpil-post-to-id=\"7147\">rede de alta velocidade em todos os momentos<\/a><\/p>\n<\/div>\n<div><img decoding=\"async\" class=\"aligncenter\" src=\"\/wp-content\/uploads\/replace\/f200d87b3f72bee51b62f7598e989953.jpeg\" alt=\"5\" \/><\/div>\n<div>\n<p style=\"text-align: center\" data-spm-anchor-id=\"a2g0o.detail.1000023.i12.30a635b92q658G\">Tela Amoled de 6,77 \u201de tela de destaque de 500nit \uff08tipo\uff09<\/p>\n<p style=\"text-align: center\">90Hz <a class=\"\" style=\"width: auto !important\" href=\"https:\/\/www.rucashk.com\/pt\/xiaomi-11-render-map-is-exposed-with-no-hole-diggingmatrix-four-shots-120hz-refresh-rate\/\" data-wpil-post-to-id=\"8067\">taxa de atualiza\u00e7\u00e3o<\/a> e coleta de toque de 270 Hz, proporcionam a experi\u00eancia de jogo perfeita<\/p>\n<\/div>\n<div><img decoding=\"async\" class=\"aligncenter\" src=\"\/wp-content\/uploads\/replace\/f1ca74d1f1b18efa08aa493dd3fd8c17.jpeg\" alt=\"6\" \/><\/div>\n<div style=\"text-align: center\">Sistema de resfriamento l\u00edquido \u201dsandu\u00edche\u201d<\/div>\n<div><img decoding=\"async\" class=\"aligncenter\" src=\"\/wp-content\/uploads\/replace\/1cb02a69673b435c325483d8bf44aed5.jpeg\" alt=\"7\" \/><\/div>\n<div style=\"text-align: center\">64 MP + 13 MP + 5 MP IA <a class=\"\" style=\"width: auto !important\" href=\"https:\/\/www.rucashk.com\/pt\/produto\/xiaomi-mi9t-6-39-inch-48mp-triple-camera-nfc-4000mah-smartphone\/\" data-wpil-post-to-id=\"2309\">C\u00e2mera tripla<\/a><\/div>\n<div><img decoding=\"async\" class=\"aligncenter\" src=\"\/wp-content\/uploads\/replace\/ef738bb99c682c9a179d1867a56427ba.jpeg\" alt=\"8\" \/><\/div>\n<div>\n<div class=\"detailmodule_dynamic\"><\/div>\n<div class=\"detailmodule_html\">\n<div class=\"detail-desc-decorate-richtext\">\n<div>\n<div>\n<div>\n<table border=\"1\" width=\"100%\">\n<tbody>\n<tr>\n<td>\n<div align=\"left\">\n<p class=\"STYLE16\"><span class=\"STYLE17\">\u00a0CPU<\/span>\u00a0&#8212;\u00a0<span class=\"STYLE2\">Snapdragon 865<\/span>\u00a0Octa-core (GPU Adreno 650)<\/p>\n<p class=\"STYLE16\">\n<\/div>\n<\/td>\n<td>\n<div align=\"left\"><span class=\"STYLE16\"><span class=\"STYLE17\">\u00a0RAM + ROM<\/span>\u00a0&#8212;\u00a0<span class=\"STYLE2\">12 GB + 128 GB<\/span><\/span><\/div>\n<\/td>\n<\/tr>\n<tr>\n<td>\n<div align=\"left\">\n<p class=\"STYLE16\"><span class=\"STYLE17\">\u00a0<\/span><\/p>\n<p class=\"STYLE16\"><span class=\"STYLE17\">\u00a0Tela<\/span>\u00a0&#8212;\u00a0<span class=\"STYLE2\">Tela AMOLED de 6,67\u2033, tela cheia 20:9<\/span><\/p>\n<p class=\"STYLE16\">\n<\/div>\n<\/td>\n<td>\n<div align=\"left\"><span class=\"STYLE16\"><span class=\"STYLE17\">\u00a0C\u00e2mera<\/span>\u00a0&#8212;\u00a0<span class=\"STYLE1\">C\u00e2mera traseira tripla de 64 MP + 13 MP + 5 MP, c\u00e2mera frontal de 20 MP<\/span><\/span><\/div>\n<\/td>\n<\/tr>\n<tr>\n<td>\n<div align=\"left\">\n<p class=\"STYLE16\"><span class=\"STYLE17\">\u00a0Bateria<\/span>\u00a0&#8212;\u00a0<span class=\"STYLE2\">47200mAh (T\u00edpico)<\/span>, Carregador de 65 W, Suporte para carregamento magn\u00e9tico de 18 W (\u00e9 necess\u00e1rio comprar cabo de carregamento magn\u00e9tico), Carga r\u00e1pida 4.0<\/p>\n<p class=\"STYLE16\">\n<\/div>\n<\/td>\n<td>\n<div align=\"left\"><span class=\"STYLE16\"><span class=\"STYLE17\">\u00a0SO<\/span>\u00a0&#8212;\u00a0<\/span>\u00a0<span class=\"STYLE4\">JOYUI, vers\u00e3o chinesa,<\/span><span class=\"STYLE4\">\u00a0Suporte apenas em ingl\u00eas e chin\u00eas,<\/span><span class=\"STYLE4\">\u00a0Apoiar\u00a0<\/span>\u00a0<span class=\"STYLE16\">Atualiza\u00e7\u00e3o OTA<\/span><\/div>\n<\/td>\n<\/tr>\n<tr>\n<td>\n<div align=\"left\">\n<p class=\"STYLE16\"><strong>\u00a0<span class=\"STYLE18\">Slot para cart\u00e3o<\/span><\/strong>\u00a0&#8212;\u00a0<span class=\"STYLE1\">Nano SIM x 2<\/span><\/p>\n<p class=\"STYLE16\">\n<\/div>\n<\/td>\n<td>\n<div align=\"left\"><span class=\"STYLE16\"><strong>\u00a0<span class=\"STYLE18\">Outro<\/span><\/strong>\u00a0- Wi-Fi, Bluetooth 5.0, GPS, OTG<\/span><\/div>\n<\/td>\n<\/tr>\n<tr>\n<td colspan=\"2\">\n<div class=\"STYLE16\" align=\"left\"><strong><span class=\"STYLE18\">Rede<\/span><\/strong>\u00a0&#8212;<br \/>\n2G: G\/M B2\/3\/5\/8; CDMA\/EVDO(BC0)<br \/>\n3G: WCDMA B1\/2\/4\/5\/8\/9\/19;<\/div>\n<div class=\"STYLE16\" align=\"left\" data-spm-anchor-id=\"a2g0o.detail.1000023.i0.78022ec8iYHEVR\">4G: FDD LTE\u00a0<span class=\"STYLE2\">B1\/3\/<\/span><span class=\"STYLE2\">4<\/span><span class=\"STYLE2\">\/5\/<\/span><span class=\"STYLE2\">7<\/span><span class=\"STYLE2\">\/8\/12\/17\/<\/span><span class=\"STYLE2\">20<\/span><span class=\"STYLE2\">;<\/span>\u00a0TDD LTE B34\/38\/39\/40\/41<br \/>\n5G: NR SA e NSA (N41, N78, N79)<\/div>\n<p class=\"STYLE16\" align=\"left\" data-spm-anchor-id=\"a2g0o.detail.1000023.i2.78022ec8iYHEVR\">\n<\/td>\n<\/tr>\n<\/tbody>\n<\/table>\n<\/div>\n<\/div>\n<\/div>\n<\/div>\n<\/div>\n<\/div>\n<\/div>","protected":false},"excerpt":{"rendered":"<p>1.The 6.67 inches AMOLED screen is equipped with Qualcomm SM8250 Snapdragon 865 Octa-core processor.<\/p>\n<p>2.The internal storage comes with 128 GB and 256 GB that supports Android 10.0 Pie for the smooth functioning of the smartphone.<\/p>\n<p>3.The smartphone is pack with a powerful battery of Non-removable Li-Po 4720 mAh that allows you with Fast battery charging 65W: 100% in 38 min + Fast battery charging 30W (128\/8 model) + Magnetic charging 18W.<\/p>","protected":false},"featured_media":22542,"template":"","meta":[],"product_brand":[],"product_cat":[1353,1295],"product_tag":[],"class_list":{"0":"post-22424","1":"product","2":"type-product","3":"status-publish","4":"has-post-thumbnail","6":"product_cat-black-shark-mobile-phone","7":"product_cat-mobile-phone","9":"first","10":"instock","11":"shipping-taxable","12":"product-type-external"},"aioseo_notices":[],"aioseo_head":"\n\t\t<!-- All in One SEO Pro 4.5.9.2 - aioseo.com -->\n\t\t<meta name=\"description\" content=\"1.The 6.67 inches AMOLED screen is equipped with Qualcomm SM8250 Snapdragon 865 Octa-core processor. 2.The internal storage comes with 128 GB and 256 GB that supports Android 10.0 Pie for the smooth functioning of the smartphone. 3.The smartphone is pack with a powerful battery of Non-removable Li-Po 4720 mAh that allows you with Fast battery charging 65W: 100% in 38 min + Fast battery charging 30W (128\/8 model) + Magnetic charging 18W.\" \/>\n\t\t<meta name=\"robots\" content=\"max-image-preview:large\" \/>\n\t\t<link rel=\"canonical\" href=\"https:\/\/www.rucashk.com\/pt\/produto\/xiaomi-black-shark-3\/\" \/>\n\t\t<meta name=\"generator\" content=\"All in One SEO Pro (AIOSEO) 4.5.9.2\" \/>\n\t\t<meta property=\"og:locale\" content=\"pt_PT\" \/>\n\t\t<meta property=\"og:site_name\" content=\"Rucas - One-stop AIoT Distribution Worldwide\" \/>\n\t\t<meta property=\"og:type\" content=\"article\" \/>\n\t\t<meta property=\"og:title\" content=\"Xiaomi Black Shark 3 - Rucas - Wholesale and Distribution\" \/>\n\t\t<meta property=\"og:description\" content=\"1.The 6.67 inches AMOLED screen is equipped with Qualcomm SM8250 Snapdragon 865 Octa-core processor. 2.The internal storage comes with 128 GB and 256 GB that supports Android 10.0 Pie for the smooth functioning of the smartphone. 3.The smartphone is pack with a powerful battery of Non-removable Li-Po 4720 mAh that allows you with Fast battery charging 65W: 100% in 38 min + Fast battery charging 30W (128\/8 model) + Magnetic charging 18W.\" \/>\n\t\t<meta property=\"og:url\" content=\"https:\/\/www.rucashk.com\/pt\/produto\/xiaomi-black-shark-3\/\" \/>\n\t\t<meta property=\"og:image\" content=\"https:\/\/www.rucashk.com\/wp-content\/uploads\/replace\/503b8e645f128a97ccde2b6290747646.jpeg\" \/>\n\t\t<meta property=\"og:image:secure_url\" content=\"https:\/\/www.rucashk.com\/wp-content\/uploads\/replace\/503b8e645f128a97ccde2b6290747646.jpeg\" \/>\n\t\t<meta property=\"og:image:width\" content=\"1456\" \/>\n\t\t<meta property=\"og:image:height\" content=\"816\" \/>\n\t\t<meta property=\"article:published_time\" content=\"2024-01-09T15:43:58+00:00\" \/>\n\t\t<meta property=\"article:modified_time\" content=\"2024-03-11T08:05:29+00:00\" \/>\n\t\t<meta name=\"twitter:card\" content=\"summary_large_image\" \/>\n\t\t<meta name=\"twitter:title\" content=\"Xiaomi Black Shark 3 - Rucas - Wholesale and Distribution\" \/>\n\t\t<meta name=\"twitter:description\" content=\"1.The 6.67 inches AMOLED screen is equipped with Qualcomm SM8250 Snapdragon 865 Octa-core processor. 2.The internal storage comes with 128 GB and 256 GB that supports Android 10.0 Pie for the smooth functioning of the smartphone. 3.The smartphone is pack with a powerful battery of Non-removable Li-Po 4720 mAh that allows you with Fast battery charging 65W: 100% in 38 min + Fast battery charging 30W (128\/8 model) + Magnetic charging 18W.\" \/>\n\t\t<meta name=\"twitter:image\" content=\"https:\/\/www.rucashk.com\/wp-content\/uploads\/replace\/503b8e645f128a97ccde2b6290747646.jpeg\" \/>\n\t\t<script type=\"application\/ld+json\" class=\"aioseo-schema\">\n\t\t\t{\"@context\":\"https:\\\/\\\/schema.org\",\"@graph\":[{\"@type\":\"BreadcrumbList\",\"@id\":\"https:\\\/\\\/www.rucashk.com\\\/pt\\\/produto\\\/xiaomi-black-shark-3\\\/#breadcrumblist\",\"itemListElement\":[{\"@type\":\"ListItem\",\"@id\":\"https:\\\/\\\/www.rucashk.com\\\/pt\\\/#listItem\",\"position\":1,\"name\":\"Home\",\"item\":\"https:\\\/\\\/www.rucashk.com\\\/pt\\\/\",\"nextItem\":\"https:\\\/\\\/www.rucashk.com\\\/pt\\\/produto\\\/xiaomi-black-shark-3\\\/#listItem\"},{\"@type\":\"ListItem\",\"@id\":\"https:\\\/\\\/www.rucashk.com\\\/pt\\\/produto\\\/xiaomi-black-shark-3\\\/#listItem\",\"position\":2,\"name\":\"Xiaomi\\u00a0Black Shark 3\",\"previousItem\":\"https:\\\/\\\/www.rucashk.com\\\/pt\\\/#listItem\"}]},{\"@type\":\"Organization\",\"@id\":\"https:\\\/\\\/www.rucashk.com\\\/pt\\\/#organization\",\"name\":\"Rucas\",\"url\":\"https:\\\/\\\/www.rucashk.com\\\/pt\\\/\",\"logo\":{\"@type\":\"ImageObject\",\"url\":\"https:\\\/\\\/www.rucashk.com\\\/wp-content\\\/uploads\\\/2023\\\/12\\\/Rucas_campany_logo.png\",\"@id\":\"https:\\\/\\\/www.rucashk.com\\\/pt\\\/produto\\\/xiaomi-black-shark-3\\\/#organizationLogo\",\"width\":221,\"height\":65},\"image\":{\"@id\":\"https:\\\/\\\/www.rucashk.com\\\/pt\\\/#organizationLogo\"}},{\"@type\":\"Person\",\"@id\":\"https:\\\/\\\/www.rucashk.com\\\/pt\\\/author\\\/admin\\\/#author\",\"url\":\"https:\\\/\\\/www.rucashk.com\\\/pt\\\/author\\\/admin\\\/\",\"name\":\"admin\",\"image\":{\"@type\":\"ImageObject\",\"@id\":\"https:\\\/\\\/www.rucashk.com\\\/pt\\\/produto\\\/xiaomi-black-shark-3\\\/#authorImage\",\"url\":\"https:\\\/\\\/secure.gravatar.com\\\/avatar\\\/b7c8925b09a27e72b30232f8ecaadbd5af0f70a38c78096863fe51b64f031c24?s=96&d=mm&r=g\",\"width\":96,\"height\":96,\"caption\":\"admin\"}},{\"@type\":\"WebPage\",\"@id\":\"https:\\\/\\\/www.rucashk.com\\\/pt\\\/produto\\\/xiaomi-black-shark-3\\\/#webpage\",\"url\":\"https:\\\/\\\/www.rucashk.com\\\/pt\\\/produto\\\/xiaomi-black-shark-3\\\/\",\"name\":\"Xiaomi Black Shark 3 - Rucas - Wholesale and Distribution\",\"description\":\"1.The 6.67 inches AMOLED screen is equipped with Qualcomm SM8250 Snapdragon 865 Octa-core processor. 2.The internal storage comes with 128 GB and 256 GB that supports Android 10.0 Pie for the smooth functioning of the smartphone. 3.The smartphone is pack with a powerful battery of Non-removable Li-Po 4720 mAh that allows you with Fast battery charging 65W: 100% in 38 min + Fast battery charging 30W (128\\\/8 model) + Magnetic charging 18W.\",\"inLanguage\":\"pt-PT\",\"isPartOf\":{\"@id\":\"https:\\\/\\\/www.rucashk.com\\\/pt\\\/#website\"},\"breadcrumb\":{\"@id\":\"https:\\\/\\\/www.rucashk.com\\\/pt\\\/produto\\\/xiaomi-black-shark-3\\\/#breadcrumblist\"},\"author\":{\"@id\":\"https:\\\/\\\/www.rucashk.com\\\/pt\\\/author\\\/admin\\\/#author\"},\"creator\":{\"@id\":\"https:\\\/\\\/www.rucashk.com\\\/pt\\\/author\\\/admin\\\/#author\"},\"image\":{\"@type\":\"ImageObject\",\"url\":\"https:\\\/\\\/www.rucashk.com\\\/wp-content\\\/uploads\\\/2024\\\/01\\\/xiaomi-black-shark-3_\\u526f\\u672c.jpg\",\"@id\":\"https:\\\/\\\/www.rucashk.com\\\/pt\\\/produto\\\/xiaomi-black-shark-3\\\/#mainImage\",\"width\":858,\"height\":677},\"primaryImageOfPage\":{\"@id\":\"https:\\\/\\\/www.rucashk.com\\\/pt\\\/produto\\\/xiaomi-black-shark-3\\\/#mainImage\"},\"datePublished\":\"2024-01-09T15:43:58+00:00\",\"dateModified\":\"2024-03-11T08:05:29+00:00\"},{\"@type\":\"WebSite\",\"@id\":\"https:\\\/\\\/www.rucashk.com\\\/pt\\\/#website\",\"url\":\"https:\\\/\\\/www.rucashk.com\\\/pt\\\/\",\"name\":\"Rucas - Wholesale and distribution worldwide\",\"alternateName\":\"Rucas - One-stop AIoT Distribution Worldwide\",\"description\":\"One-stop AIoT Distribution Worldwide\",\"inLanguage\":\"pt-PT\",\"publisher\":{\"@id\":\"https:\\\/\\\/www.rucashk.com\\\/pt\\\/#organization\"}}]}\n\t\t<\/script>\n\t\t<!-- All in One SEO Pro -->\r\n\t\t<title>Xiaomi Black Shark 3 - Rucas - Wholesale and Distribution<\/title>\n\n","aioseo_head_json":{"title":"Xiaomi Black Shark 3 - Rucas - Wholesale and Distribution","description":"1.The 6.67 inches AMOLED screen is equipped with Qualcomm SM8250 Snapdragon 865 Octa-core processor. 2.The internal storage comes with 128 GB and 256 GB that supports Android 10.0 Pie for the smooth functioning of the smartphone. 3.The smartphone is pack with a powerful battery of Non-removable Li-Po 4720 mAh that allows you with Fast battery charging 65W: 100% in 38 min + Fast battery charging 30W (128\/8 model) + Magnetic charging 18W.","canonical_url":"https:\/\/www.rucashk.com\/pt\/produto\/xiaomi-black-shark-3\/","robots":"max-image-preview:large","keywords":"","webmasterTools":{"miscellaneous":""},"og:locale":"pt_PT","og:site_name":"Rucas - One-stop AIoT Distribution Worldwide","og:type":"article","og:title":"Xiaomi Black Shark 3 - Rucas - Wholesale and Distribution","og:description":"1.The 6.67 inches AMOLED screen is equipped with Qualcomm SM8250 Snapdragon 865 Octa-core processor. 2.The internal storage comes with 128 GB and 256 GB that supports Android 10.0 Pie for the smooth functioning of the smartphone. 3.The smartphone is pack with a powerful battery of Non-removable Li-Po 4720 mAh that allows you with Fast battery charging 65W: 100% in 38 min + Fast battery charging 30W (128\/8 model) + Magnetic charging 18W.","og:url":"https:\/\/www.rucashk.com\/pt\/produto\/xiaomi-black-shark-3\/","og:image":"https:\/\/www.rucashk.com\/wp-content\/uploads\/replace\/503b8e645f128a97ccde2b6290747646.jpeg","og:image:secure_url":"https:\/\/www.rucashk.com\/wp-content\/uploads\/replace\/503b8e645f128a97ccde2b6290747646.jpeg","og:image:width":1456,"og:image:height":816,"article:published_time":"2024-01-09T15:43:58+00:00","article:modified_time":"2024-03-11T08:05:29+00:00","twitter:card":"summary_large_image","twitter:title":"Xiaomi Black Shark 3 - Rucas - Wholesale and Distribution","twitter:description":"1.The 6.67 inches AMOLED screen is equipped with Qualcomm SM8250 Snapdragon 865 Octa-core processor. 2.The internal storage comes with 128 GB and 256 GB that supports Android 10.0 Pie for the smooth functioning of the smartphone. 3.The smartphone is pack with a powerful battery of Non-removable Li-Po 4720 mAh that allows you with Fast battery charging 65W: 100% in 38 min + Fast battery charging 30W (128\/8 model) + Magnetic charging 18W.","twitter:image":"https:\/\/www.rucashk.com\/wp-content\/uploads\/replace\/503b8e645f128a97ccde2b6290747646.jpeg","schema":{"@context":"https:\/\/schema.org","@graph":[{"@type":"BreadcrumbList","@id":"https:\/\/www.rucashk.com\/pt\/produto\/xiaomi-black-shark-3\/#breadcrumblist","itemListElement":[{"@type":"ListItem","@id":"https:\/\/www.rucashk.com\/pt\/#listItem","position":1,"name":"Home","item":"https:\/\/www.rucashk.com\/pt\/","nextItem":"https:\/\/www.rucashk.com\/pt\/produto\/xiaomi-black-shark-3\/#listItem"},{"@type":"ListItem","@id":"https:\/\/www.rucashk.com\/pt\/produto\/xiaomi-black-shark-3\/#listItem","position":2,"name":"Xiaomi\u00a0Black Shark 3","previousItem":"https:\/\/www.rucashk.com\/pt\/#listItem"}]},{"@type":"Organization","@id":"https:\/\/www.rucashk.com\/pt\/#organization","name":"Rucas","url":"https:\/\/www.rucashk.com\/pt\/","logo":{"@type":"ImageObject","url":"https:\/\/www.rucashk.com\/wp-content\/uploads\/2023\/12\/Rucas_campany_logo.png","@id":"https:\/\/www.rucashk.com\/pt\/produto\/xiaomi-black-shark-3\/#organizationLogo","width":221,"height":65},"image":{"@id":"https:\/\/www.rucashk.com\/pt\/#organizationLogo"}},{"@type":"Person","@id":"https:\/\/www.rucashk.com\/pt\/author\/admin\/#author","url":"https:\/\/www.rucashk.com\/pt\/author\/admin\/","name":"admin","image":{"@type":"ImageObject","@id":"https:\/\/www.rucashk.com\/pt\/produto\/xiaomi-black-shark-3\/#authorImage","url":"https:\/\/secure.gravatar.com\/avatar\/b7c8925b09a27e72b30232f8ecaadbd5af0f70a38c78096863fe51b64f031c24?s=96&d=mm&r=g","width":96,"height":96,"caption":"admin"}},{"@type":"WebPage","@id":"https:\/\/www.rucashk.com\/pt\/produto\/xiaomi-black-shark-3\/#webpage","url":"https:\/\/www.rucashk.com\/pt\/produto\/xiaomi-black-shark-3\/","name":"Xiaomi Black Shark 3 - Rucas - Wholesale and Distribution","description":"1.The 6.67 inches AMOLED screen is equipped with Qualcomm SM8250 Snapdragon 865 Octa-core processor. 2.The internal storage comes with 128 GB and 256 GB that supports Android 10.0 Pie for the smooth functioning of the smartphone. 3.The smartphone is pack with a powerful battery of Non-removable Li-Po 4720 mAh that allows you with Fast battery charging 65W: 100% in 38 min + Fast battery charging 30W (128\/8 model) + Magnetic charging 18W.","inLanguage":"pt-PT","isPartOf":{"@id":"https:\/\/www.rucashk.com\/pt\/#website"},"breadcrumb":{"@id":"https:\/\/www.rucashk.com\/pt\/produto\/xiaomi-black-shark-3\/#breadcrumblist"},"author":{"@id":"https:\/\/www.rucashk.com\/pt\/author\/admin\/#author"},"creator":{"@id":"https:\/\/www.rucashk.com\/pt\/author\/admin\/#author"},"image":{"@type":"ImageObject","url":"https:\/\/www.rucashk.com\/wp-content\/uploads\/2024\/01\/xiaomi-black-shark-3_\u526f\u672c.jpg","@id":"https:\/\/www.rucashk.com\/pt\/produto\/xiaomi-black-shark-3\/#mainImage","width":858,"height":677},"primaryImageOfPage":{"@id":"https:\/\/www.rucashk.com\/pt\/produto\/xiaomi-black-shark-3\/#mainImage"},"datePublished":"2024-01-09T15:43:58+00:00","dateModified":"2024-03-11T08:05:29+00:00"},{"@type":"WebSite","@id":"https:\/\/www.rucashk.com\/pt\/#website","url":"https:\/\/www.rucashk.com\/pt\/","name":"Rucas - Wholesale and distribution worldwide","alternateName":"Rucas - One-stop AIoT Distribution Worldwide","description":"One-stop AIoT Distribution Worldwide","inLanguage":"pt-PT","publisher":{"@id":"https:\/\/www.rucashk.com\/pt\/#organization"}}]}},"aioseo_meta_data":{"post_id":"22424","title":null,"description":null,"keywords":null,"keyphrases":null,"primary_term":null,"canonical_url":null,"og_title":null,"og_description":null,"og_object_type":"default","og_image_type":"default","og_image_url":null,"og_image_width":null,"og_image_height":null,"og_image_custom_url":null,"og_image_custom_fields":null,"og_video":null,"og_custom_url":null,"og_article_section":null,"og_article_tags":null,"twitter_use_og":false,"twitter_card":"default","twitter_image_type":"default","twitter_image_url":null,"twitter_image_custom_url":null,"twitter_image_custom_fields":null,"twitter_title":null,"twitter_description":null,"schema":{"blockGraphs":[],"customGraphs":[],"default":{"data":{"Article":[],"Course":[],"Dataset":[],"FAQPage":[],"Movie":[],"Person":[],"Product":[],"Recipe":[],"Service":[],"SoftwareApplication":[],"WebPage":[]},"graphName":"","isEnabled":true},"graphs":[]},"schema_type":"default","schema_type_options":null,"pillar_content":false,"robots_default":true,"robots_noindex":false,"robots_noarchive":false,"robots_nosnippet":false,"robots_nofollow":false,"robots_noimageindex":false,"robots_noodp":false,"robots_notranslate":false,"robots_max_snippet":null,"robots_max_videopreview":null,"robots_max_imagepreview":"large","priority":null,"frequency":null,"local_seo":null,"breadcrumb_settings":null,"limit_modified_date":false,"created":"2024-04-11 01:55:23","updated":"2025-06-22 16:42:56"},"aioseo_breadcrumb":"<div class=\"aioseo-breadcrumbs\"><span class=\"aioseo-breadcrumb\">\n\t<a href=\"https:\/\/www.rucashk.com\/pt\" title=\"Home\">Home<\/a>\n<\/span><span class=\"aioseo-breadcrumb-separator\">&raquo;<\/span><span class=\"aioseo-breadcrumb\">\n\t<a href=\"https:\/\/www.rucashk.com\/pt\/products\/\" title=\"Produtos\">Produtos<\/a>\n<\/span><span class=\"aioseo-breadcrumb-separator\">&raquo;<\/span><span class=\"aioseo-breadcrumb\">\n\t<a href=\"https:\/\/www.rucashk.com\/pt\/categoria-produto\/mobile-phone\/\" title=\"Mobile Phone\">Mobile Phone<\/a>\n<\/span><span class=\"aioseo-breadcrumb-separator\">&raquo;<\/span><span class=\"aioseo-breadcrumb\">\n\t<a href=\"https:\/\/www.rucashk.com\/pt\/categoria-produto\/mobile-phone\/black-shark-mobile-phone\/\" title=\"Black Shark\">Black Shark<\/a>\n<\/span><span class=\"aioseo-breadcrumb-separator\">&raquo;<\/span><span class=\"aioseo-breadcrumb\">\n\tXiaomi\u00a0Black Shark 3\n<\/span><\/div>","aioseo_breadcrumb_json":[{"label":"Home","link":"https:\/\/www.rucashk.com\/pt"},{"label":"Produtos","link":"https:\/\/www.rucashk.com\/pt\/products\/"},{"label":"Mobile Phone","link":"https:\/\/www.rucashk.com\/pt\/categoria-produto\/mobile-phone\/"},{"label":"Black Shark","link":"https:\/\/www.rucashk.com\/pt\/categoria-produto\/mobile-phone\/black-shark-mobile-phone\/"},{"label":"Xiaomi\u00a0Black Shark 3","link":"https:\/\/www.rucashk.com\/pt\/produto\/xiaomi-black-shark-3\/"}],"_links":{"self":[{"href":"https:\/\/www.rucashk.com\/pt\/wp-json\/wp\/v2\/product\/22424","targetHints":{"allow":["GET"]}}],"collection":[{"href":"https:\/\/www.rucashk.com\/pt\/wp-json\/wp\/v2\/product"}],"about":[{"href":"https:\/\/www.rucashk.com\/pt\/wp-json\/wp\/v2\/types\/product"}],"wp:featuredmedia":[{"embeddable":true,"href":"https:\/\/www.rucashk.com\/pt\/wp-json\/wp\/v2\/media\/22542"}],"wp:attachment":[{"href":"https:\/\/www.rucashk.com\/pt\/wp-json\/wp\/v2\/media?parent=22424"}],"wp:term":[{"taxonomy":"product_brand","embeddable":true,"href":"https:\/\/www.rucashk.com\/pt\/wp-json\/wp\/v2\/product_brand?post=22424"},{"taxonomy":"product_cat","embeddable":true,"href":"https:\/\/www.rucashk.com\/pt\/wp-json\/wp\/v2\/product_cat?post=22424"},{"taxonomy":"product_tag","embeddable":true,"href":"https:\/\/www.rucashk.com\/pt\/wp-json\/wp\/v2\/product_tag?post=22424"}],"curies":[{"name":"wp","href":"https:\/\/api.w.org\/{rel}","templated":true}]}}