{"id":22423,"date":"2024-01-09T15:43:58","date_gmt":"2024-01-09T15:43:58","guid":{"rendered":"http:\/\/rucashk.com\/?post_type=product&#038;p=22423"},"modified":"2024-03-11T08:05:07","modified_gmt":"2024-03-11T08:05:07","slug":"xiaomi-black-shark-2","status":"publish","type":"product","link":"https:\/\/www.rucashk.com\/pt\/produto\/xiaomi-black-shark-2\/","title":{"rendered":"Xiaomi Tubar\u00e3o Negro 2"},"content":{"rendered":"<div><\/div>\n<div>\n<div style=\"text-align: center\"><strong><a class=\"\" style=\"width: auto !important\" href=\"https:\/\/www.rucashk.com\/pt\/produto\/black-shark-2\/\" data-wpil-post-to-id=\"3399\">Tubar\u00e3o Negro<\/a> doisToque de menor lat\u00eancia do mundo<\/strong><\/div>\n<div style=\"text-align: center\">Snapdragon 855 | At\u00e9 12 GB + 256 GB | Resfriamento L\u00edquido 3.0 | Modo rid\u00edculo<\/div>\n<div><img fetchpriority=\"high\" decoding=\"async\" class=\"aligncenter\" src=\"\/wp-content\/uploads\/replace\/55d4f484dbc3b7b6c3fef2ec53f499cc.jpeg\" alt=\"Xiaomi\u00a0Black Shark 2\" width=\"930\" height=\"500\" \/><\/div>\n<div style=\"text-align: center\"><a class=\"\" style=\"width: auto !important\" href=\"https:\/\/www.rucashk.com\/pt\/produto\/mi-mix-3-snapdragon-855-octa-core-5g-smartphone\/\" data-wpil-post-to-id=\"1703\">Snapdragon 855 Octa-N\u00facleo<\/a> \/ Gesto de jogo Magic Press \/ Tela Trueview \/<\/div>\n<div align=\"center\">L\u00edquido <a class=\"\" style=\"width: auto !important\" href=\"https:\/\/www.rucashk.com\/pt\/baidu-app-makes-knowledge-cool-with-ai\/\" data-wpil-post-to-id=\"7670\">resfriamento para toda a \u00e1rea \/ Design de fio de antena X+2 \/ AI<\/a> jogo turbo<\/div>\n<div><img decoding=\"async\" class=\"aligncenter\" src=\"\/wp-content\/uploads\/replace\/82fc0fdc579e9c233d3b10ae57a1e6a5.jpeg\" alt=\"Xiaomi\u00a0Black Shark 2\" width=\"930\" height=\"586\" \/><\/div>\n<div style=\"text-align: center\"><strong>Mestre Toque<\/strong><\/div>\n<div><img decoding=\"async\" class=\"aligncenter\" src=\"\/wp-content\/uploads\/replace\/90f77715293bb736eeb915acab4681fb.jpeg\" alt=\"Xiaomi\u00a0Black Shark 2\" width=\"930\" height=\"500\" \/><\/div>\n<div style=\"text-align: center\">Toque de menor lat\u00eancia do mundo<\/div>\n<div style=\"text-align: center\" align=\"center\">Em jogos competitivos, uma fra\u00e7\u00e3o de segundo pode mudar tudo. Com uma taxa de transmiss\u00e3o de at\u00e9 240 Hz e tempo de resposta de apenas 43,5 ms, nosso toque de lat\u00eancia ultrabaixa fornece a resposta de entrada mais r\u00e1pida para uma vantagem competitiva s\u00e9ria em jogos de a\u00e7\u00e3o, tiros e RPGs.<\/div>\n<div><img loading=\"lazy\" decoding=\"async\" class=\"aligncenter\" src=\"\/wp-content\/uploads\/replace\/ee47202c351322d314114c83a07ce568.jpeg\" alt=\"Xiaomi\u00a0Black Shark 2\" width=\"930\" height=\"452\" \/><\/div>\n<div style=\"text-align: center\">Tela TrueView<\/div>\n<div style=\"text-align: center\" align=\"center\">Personalizado para jogos, nosso monitor TrueView ultrapanor\u00e2mico produz cores realistas, naturais e incrivelmente precisas. Experimente o jogo da maneira que os desenvolvedores pretendiam, com pretos escuros e brilhos v\u00edvidos.<\/div>\n<div><img loading=\"lazy\" decoding=\"async\" class=\"aligncenter\" src=\"\/wp-content\/uploads\/replace\/f657f5d95ec524f0ffcac4f6b993e44b.jpeg\" alt=\"Xiaomi\u00a0Black Shark 2\" width=\"930\" height=\"550\" \/><\/div>\n<div style=\"text-align: center\">Luz para jogos<\/div>\n<div style=\"text-align: center\" align=\"center\">Produzindo mais de 16,8 milh\u00f5es de cores, o <a class=\"\" style=\"width: auto !important\" href=\"https:\/\/www.rucashk.com\/pt\/produto\/black-shark-2-pro\/\" data-wpil-post-to-id=\"3425\">As tiras RGB duplas do Black Shark 2rsquos sincronizam de forma inteligente com os efeitos do jogo e dan\u00e7am ao som da m\u00fasica, criando um jogo incrivelmente envolvente<\/a> e experi\u00eancia de entretenimento.<\/div>\n<div><img loading=\"lazy\" decoding=\"async\" class=\"aligncenter\" src=\"\/wp-content\/uploads\/replace\/a97661dfd89b83a28f6b7c89ccfad339.jpeg\" alt=\"Xiaomi\u00a0Black Shark 2\" width=\"930\" height=\"280\" \/><\/div>\n<div style=\"text-align: center\" align=\"center\">\u00c1udio Din\u00e2mico<\/div>\n<div style=\"text-align: center\" align=\"center\">At\u00e9 25% maior que o padr\u00e3o <a class=\"\" style=\"width: auto !important\" href=\"https:\/\/www.rucashk.com\/pt\/produto\/xiaomi-70mai-dual-usb-car-quick-charge-adapter-for-smart-phone\/\" data-wpil-post-to-id=\"2526\">alto-falantes para smartphone, o Black Shark 2rsquos dual<\/a> os alto-falantes frontais emitem um som est\u00e9reo potente para jogos envolventes.<\/div>\n<div><img loading=\"lazy\" decoding=\"async\" class=\"aligncenter\" src=\"\/wp-content\/uploads\/replace\/2a94d3099fe8fc621be4b165046528fd.jpeg\" alt=\"Xiaomi\u00a0Black Shark 2\" width=\"930\" height=\"380\" \/><\/div>\n<div style=\"text-align: center\"><a class=\"\" style=\"width: auto !important\" href=\"https:\/\/www.rucashk.com\/pt\/produto\/xiaomi-mi-9t-pro-6-39-inch-snapdragon-855-octa-core-smartphone\/\" data-wpil-post-to-id=\"2286\">Snapdragon 855 Octa-N\u00facleo<\/a><\/div>\n<div align=\"center\">at\u00e9 12 GB 256 GB | GPU Adreno | <a class=\"\" style=\"width: auto !important\" href=\"https:\/\/www.rucashk.com\/pt\/produto\/xiaomi-zmi-power-bank-2-20000mah-27w-charger-qc-3-0-power-supp\/\" data-wpil-post-to-id=\"2701\">Controle de qualidade de 27 W<\/a> 4.0<\/div>\n<div><img loading=\"lazy\" decoding=\"async\" class=\"aligncenter\" src=\"\/wp-content\/uploads\/replace\/fa3222984f3665e33409ae4bb30d928e.jpeg\" alt=\"Xiaomi\u00a0Black Shark 2\" width=\"930\" height=\"450\" \/><\/div>\n<div style=\"text-align: center\">Seis resfriamento l\u00edquido 3.0<\/div>\n<div style=\"text-align: center\" align=\"center\">\u00c1rea da placa de resfriamento l\u00edquido 14555mmsup2, temperaturas do n\u00facleo da CPU reduzidas em 14 \u00b0<\/div>\n<div><img loading=\"lazy\" decoding=\"async\" class=\"aligncenter\" src=\"\/wp-content\/uploads\/replace\/ec71c53390049f2f637a646a6cc76914.jpeg\" alt=\"Xiaomi\u00a0Black Shark 2\" width=\"930\" height=\"450\" \/><\/div>\n<div style=\"text-align: center\" align=\"center\">Efici\u00eancia de resfriamento l\u00edquido da CPU aumentada em 20X, tempo de execu\u00e7\u00e3o da taxa de quadros m\u00e1xima da CPU aumentado em 800%<\/div>\n<div><img loading=\"lazy\" decoding=\"async\" class=\"aligncenter\" src=\"\/wp-content\/uploads\/replace\/ecec4ff4b7d08e7d62486d09c8be500e.jpeg\" alt=\"Xiaomi\u00a0Black Shark 2\" width=\"930\" height=\"450\" \/><\/div>\n<div style=\"text-align: center\"><strong>Projeto de antena de fio X + 2<\/strong><\/div>\n<div><img loading=\"lazy\" decoding=\"async\" class=\"aligncenter\" src=\"\/wp-content\/uploads\/replace\/55c0917fb624532784612e7e6a0bfba6.jpeg\" alt=\"Xiaomi\u00a0Black Shark 2\" width=\"930\" height=\"450\" \/><\/div>\n<div style=\"text-align: center\"><a class=\"\" style=\"width: auto !important\" href=\"https:\/\/www.rucashk.com\/pt\/produto\/xiaomi-mi9t-6-39-inch-48mp-triple-camera-nfc-4000mah-smartphone\/\" data-wpil-post-to-id=\"2309\">C\u00e2mera dupla de 48MP<\/a><\/div>\n<div style=\"text-align: center\">Equipado com c\u00e2mera dupla de 48 MP + suporte para impress\u00f5es digitais na tela<\/div>\n<div><img loading=\"lazy\" decoding=\"async\" class=\"aligncenter\" src=\"\/wp-content\/uploads\/replace\/17cd443929e2cfcdc45e3e5d74075bf5.jpeg\" alt=\"Xiaomi\u00a0Black Shark 2\" width=\"930\" height=\"450\" \/><\/div>\n<div>\n<div class=\"detailmodule_dynamic\"><\/div>\n<div class=\"detailmodule_html\">\n<div class=\"detail-desc-decorate-richtext\">\n<div>Real em estoque agora. Entrega r\u00e1pida<\/div>\n<div>\n<table border=\"1\" width=\"100%\">\n<tbody>\n<tr>\n<td>\n<div align=\"left\">\n<p class=\"STYLE16\"><span class=\"STYLE17\">\u00a0CPU<\/span>\u00a0&#8212;\u00a0<span class=\"STYLE2\">Snapdragon 855<\/span>\u00a0Octa-core (GPU Adreno 640)<\/p>\n<p class=\"STYLE16\">\n<\/div>\n<\/td>\n<td>\n<div align=\"left\"><span class=\"STYLE16\"><span class=\"STYLE17\">\u00a0RAM + ROM<\/span>\u00a0&#8212;\u00a0<span class=\"STYLE2\">8 GB + 256 GB<\/span><\/span><\/div>\n<\/td>\n<\/tr>\n<tr>\n<td>\n<div align=\"left\">\n<p class=\"STYLE16\"><span class=\"STYLE17\">\u00a0<\/span><\/p>\n<p class=\"STYLE16\"><span class=\"STYLE17\">\u00a0Tela<\/span>\u00a0&#8212;\u00a0<span class=\"STYLE2\">Tela AMOLED de 6,39\u2033, tela cheia 19,5:9<\/span><\/p>\n<p class=\"STYLE16\">\n<\/div>\n<\/td>\n<td>\n<div align=\"left\"><span class=\"STYLE16\"><span class=\"STYLE17\">\u00a0C\u00e2mera<\/span>\u00a0&#8212;\u00a0<span class=\"STYLE1\"><a class=\"\" style=\"width: auto !important\" href=\"https:\/\/www.rucashk.com\/pt\/produto\/xiaomi-redmi-note8-48mp-quad-rear-camera-4000mah-smartphone\/\" data-wpil-post-to-id=\"2367\">C\u00e2mera real dupla de 48 MP + 12 MP,<\/a> C\u00e2mera frontal de 20 MP<\/span><\/span><\/div>\n<\/td>\n<\/tr>\n<tr>\n<td>\n<div align=\"left\">\n<p class=\"STYLE16\"><span class=\"STYLE17\">\u00a0Bateria<\/span>\u00a0&#8212;\u00a0<span class=\"STYLE2\">4000mAh<\/span>\/3900mAh (m\u00ednimo), carregamento r\u00e1pido de 27W, <a class=\"\" style=\"width: auto !important\" href=\"https:\/\/www.rucashk.com\/pt\/produto\/xiaomi-mi-car-charger-qc3-0-x2-dual-usb-quick-charge\/\" data-wpil-post-to-id=\"2642\">Carga r\u00e1pida<\/a> 4.0<\/p>\n<p class=\"STYLE16\">\n<\/div>\n<\/td>\n<td>\n<div align=\"left\"><span class=\"STYLE16\"><span class=\"STYLE17\">\u00a0SO<\/span>\u00a0&#8212;\u00a0<\/span>\u00a0<span class=\"STYLE4\">JOYUI, vers\u00e3o chinesa, suporte\u00a0<\/span>\u00a0<span class=\"STYLE16\">Atualiza\u00e7\u00e3o OTA<\/span><\/div>\n<\/td>\n<\/tr>\n<tr>\n<td>\n<div align=\"left\">\n<p class=\"STYLE16\"><strong>\u00a0<span class=\"STYLE18\">Slot para cart\u00e3o<\/span><\/strong>\u00a0&#8212;\u00a0<span class=\"STYLE1\">Nano-SIMx1 + Nano-SIMx1<\/span><\/p>\n<p class=\"STYLE16\">\n<\/div>\n<\/td>\n<td>\n<div align=\"left\"><span class=\"STYLE16\"><strong>\u00a0<span class=\"STYLE18\">Outro<\/span><\/strong>\u00a0- Wi-Fi, Bluetooth 5.0, GPS, OTG<\/span><\/div>\n<\/td>\n<\/tr>\n<tr>\n<td colspan=\"2\">\n<p class=\"STYLE16\" align=\"left\"><strong><span class=\"STYLE18\">Rede<\/span><\/strong>\u00a0&#8212;<br \/>\n2G: GSM 850\/900\/1800\/1900MHz; CDMA\/EVDO(BC0)<br \/>\n3G: WCDMA 850\/900\/1900\/2100 MHz;<br \/>\n4G: FDD LTEB3:1800\/B1:2100\/B7:2600\/<span class=\"STYLE2\">B5:850\/B8:900\/B4:1700\/B20:800 MHz;<\/span>\u00a0<span data-spm-anchor-id=\"a2g0o.detail.1000023.i1.39675305N7BsnK\">TD LTE\u00a0<\/span>B34\/B38\/B39\/B40\/B41<\/p>\n<p class=\"STYLE16\" align=\"left\" data-spm-anchor-id=\"a2g0o.detail.1000023.i4.39675305N7BsnK\">\n<\/td>\n<\/tr>\n<\/tbody>\n<\/table>\n<\/div>\n<\/div>\n<\/div>\n<\/div>\n<\/div>","protected":false},"excerpt":{"rendered":"<p>1.The Xiaomi Black Shark 2 has arrived with a 6.39-inch pressure sensitive Super AMOLED screen.<\/p>\n<p>2.The gaming phone is powered by the latest Snapdragon 855 chipset and comes with up to 12GB RAM.<\/p>\n<p>3.A huge Liquid Cool 3.0 vapor chamber cooling system keeps the high-end processor at a low temperature.<\/p>","protected":false},"featured_media":22541,"template":"","meta":[],"product_brand":[],"product_cat":[1353,1295],"product_tag":[],"class_list":{"0":"post-22423","1":"product","2":"type-product","3":"status-publish","4":"has-post-thumbnail","6":"product_cat-black-shark-mobile-phone","7":"product_cat-mobile-phone","9":"first","10":"instock","11":"shipping-taxable","12":"product-type-external"},"aioseo_notices":[],"aioseo_head":"\n\t\t<!-- All in One SEO Pro 4.5.9.2 - aioseo.com -->\n\t\t<meta name=\"description\" content=\"1.The Xiaomi Black Shark 2 has arrived with a 6.39-inch pressure sensitive Super AMOLED screen. 2.The gaming phone is powered by the latest Snapdragon 855 chipset and comes with up to 12GB RAM. 3.A huge Liquid Cool 3.0 vapor chamber cooling system keeps the high-end processor at a low temperature.\" \/>\n\t\t<meta name=\"robots\" content=\"max-image-preview:large\" \/>\n\t\t<link rel=\"canonical\" href=\"https:\/\/www.rucashk.com\/pt\/produto\/xiaomi-black-shark-2\/\" \/>\n\t\t<meta name=\"generator\" content=\"All in One SEO Pro (AIOSEO) 4.5.9.2\" \/>\n\t\t<meta property=\"og:locale\" content=\"pt_PT\" \/>\n\t\t<meta property=\"og:site_name\" content=\"Rucas - One-stop AIoT Distribution Worldwide\" \/>\n\t\t<meta property=\"og:type\" content=\"article\" \/>\n\t\t<meta property=\"og:title\" content=\"Xiaomi Black Shark 2 - Rucas - Wholesale and Distribution\" \/>\n\t\t<meta property=\"og:description\" content=\"1.The Xiaomi Black Shark 2 has arrived with a 6.39-inch pressure sensitive Super AMOLED screen. 2.The gaming phone is powered by the latest Snapdragon 855 chipset and comes with up to 12GB RAM. 3.A huge Liquid Cool 3.0 vapor chamber cooling system keeps the high-end processor at a low temperature.\" \/>\n\t\t<meta property=\"og:url\" content=\"https:\/\/www.rucashk.com\/pt\/produto\/xiaomi-black-shark-2\/\" \/>\n\t\t<meta property=\"og:image\" content=\"https:\/\/www.rucashk.com\/wp-content\/uploads\/replace\/503b8e645f128a97ccde2b6290747646.jpeg\" \/>\n\t\t<meta property=\"og:image:secure_url\" content=\"https:\/\/www.rucashk.com\/wp-content\/uploads\/replace\/503b8e645f128a97ccde2b6290747646.jpeg\" \/>\n\t\t<meta property=\"og:image:width\" content=\"1456\" \/>\n\t\t<meta property=\"og:image:height\" content=\"816\" \/>\n\t\t<meta property=\"article:published_time\" content=\"2024-01-09T15:43:58+00:00\" \/>\n\t\t<meta property=\"article:modified_time\" content=\"2024-03-11T08:05:07+00:00\" \/>\n\t\t<meta name=\"twitter:card\" content=\"summary_large_image\" \/>\n\t\t<meta name=\"twitter:title\" content=\"Xiaomi Black Shark 2 - Rucas - Wholesale and Distribution\" \/>\n\t\t<meta name=\"twitter:description\" content=\"1.The Xiaomi Black Shark 2 has arrived with a 6.39-inch pressure sensitive Super AMOLED screen. 2.The gaming phone is powered by the latest Snapdragon 855 chipset and comes with up to 12GB RAM. 3.A huge Liquid Cool 3.0 vapor chamber cooling system keeps the high-end processor at a low temperature.\" \/>\n\t\t<meta name=\"twitter:image\" content=\"https:\/\/www.rucashk.com\/wp-content\/uploads\/replace\/503b8e645f128a97ccde2b6290747646.jpeg\" \/>\n\t\t<script type=\"application\/ld+json\" class=\"aioseo-schema\">\n\t\t\t{\"@context\":\"https:\\\/\\\/schema.org\",\"@graph\":[{\"@type\":\"BreadcrumbList\",\"@id\":\"https:\\\/\\\/www.rucashk.com\\\/pt\\\/produto\\\/xiaomi-black-shark-2\\\/#breadcrumblist\",\"itemListElement\":[{\"@type\":\"ListItem\",\"@id\":\"https:\\\/\\\/www.rucashk.com\\\/pt\\\/#listItem\",\"position\":1,\"name\":\"Home\",\"item\":\"https:\\\/\\\/www.rucashk.com\\\/pt\\\/\",\"nextItem\":\"https:\\\/\\\/www.rucashk.com\\\/pt\\\/produto\\\/xiaomi-black-shark-2\\\/#listItem\"},{\"@type\":\"ListItem\",\"@id\":\"https:\\\/\\\/www.rucashk.com\\\/pt\\\/produto\\\/xiaomi-black-shark-2\\\/#listItem\",\"position\":2,\"name\":\"Xiaomi\\u00a0Black Shark 2\",\"previousItem\":\"https:\\\/\\\/www.rucashk.com\\\/pt\\\/#listItem\"}]},{\"@type\":\"Organization\",\"@id\":\"https:\\\/\\\/www.rucashk.com\\\/pt\\\/#organization\",\"name\":\"Rucas\",\"url\":\"https:\\\/\\\/www.rucashk.com\\\/pt\\\/\",\"logo\":{\"@type\":\"ImageObject\",\"url\":\"https:\\\/\\\/www.rucashk.com\\\/wp-content\\\/uploads\\\/2023\\\/12\\\/Rucas_campany_logo.png\",\"@id\":\"https:\\\/\\\/www.rucashk.com\\\/pt\\\/produto\\\/xiaomi-black-shark-2\\\/#organizationLogo\",\"width\":221,\"height\":65},\"image\":{\"@id\":\"https:\\\/\\\/www.rucashk.com\\\/pt\\\/#organizationLogo\"}},{\"@type\":\"Person\",\"@id\":\"https:\\\/\\\/www.rucashk.com\\\/pt\\\/author\\\/admin\\\/#author\",\"url\":\"https:\\\/\\\/www.rucashk.com\\\/pt\\\/author\\\/admin\\\/\",\"name\":\"admin\",\"image\":{\"@type\":\"ImageObject\",\"@id\":\"https:\\\/\\\/www.rucashk.com\\\/pt\\\/produto\\\/xiaomi-black-shark-2\\\/#authorImage\",\"url\":\"https:\\\/\\\/secure.gravatar.com\\\/avatar\\\/b7c8925b09a27e72b30232f8ecaadbd5af0f70a38c78096863fe51b64f031c24?s=96&d=mm&r=g\",\"width\":96,\"height\":96,\"caption\":\"admin\"}},{\"@type\":\"WebPage\",\"@id\":\"https:\\\/\\\/www.rucashk.com\\\/pt\\\/produto\\\/xiaomi-black-shark-2\\\/#webpage\",\"url\":\"https:\\\/\\\/www.rucashk.com\\\/pt\\\/produto\\\/xiaomi-black-shark-2\\\/\",\"name\":\"Xiaomi Black Shark 2 - Rucas - Wholesale and Distribution\",\"description\":\"1.The Xiaomi Black Shark 2 has arrived with a 6.39-inch pressure sensitive Super AMOLED screen. 2.The gaming phone is powered by the latest Snapdragon 855 chipset and comes with up to 12GB RAM. 3.A huge Liquid Cool 3.0 vapor chamber cooling system keeps the high-end processor at a low temperature.\",\"inLanguage\":\"pt-PT\",\"isPartOf\":{\"@id\":\"https:\\\/\\\/www.rucashk.com\\\/pt\\\/#website\"},\"breadcrumb\":{\"@id\":\"https:\\\/\\\/www.rucashk.com\\\/pt\\\/produto\\\/xiaomi-black-shark-2\\\/#breadcrumblist\"},\"author\":{\"@id\":\"https:\\\/\\\/www.rucashk.com\\\/pt\\\/author\\\/admin\\\/#author\"},\"creator\":{\"@id\":\"https:\\\/\\\/www.rucashk.com\\\/pt\\\/author\\\/admin\\\/#author\"},\"image\":{\"@type\":\"ImageObject\",\"url\":\"https:\\\/\\\/www.rucashk.com\\\/wp-content\\\/uploads\\\/2024\\\/01\\\/xiaomi-black-shark-2_\\u526f\\u672c_\\u526f\\u672c.jpg\",\"@id\":\"https:\\\/\\\/www.rucashk.com\\\/pt\\\/produto\\\/xiaomi-black-shark-2\\\/#mainImage\",\"width\":858,\"height\":652},\"primaryImageOfPage\":{\"@id\":\"https:\\\/\\\/www.rucashk.com\\\/pt\\\/produto\\\/xiaomi-black-shark-2\\\/#mainImage\"},\"datePublished\":\"2024-01-09T15:43:58+00:00\",\"dateModified\":\"2024-03-11T08:05:07+00:00\"},{\"@type\":\"WebSite\",\"@id\":\"https:\\\/\\\/www.rucashk.com\\\/pt\\\/#website\",\"url\":\"https:\\\/\\\/www.rucashk.com\\\/pt\\\/\",\"name\":\"Rucas - Wholesale and distribution worldwide\",\"alternateName\":\"Rucas - One-stop AIoT Distribution Worldwide\",\"description\":\"One-stop AIoT Distribution Worldwide\",\"inLanguage\":\"pt-PT\",\"publisher\":{\"@id\":\"https:\\\/\\\/www.rucashk.com\\\/pt\\\/#organization\"}}]}\n\t\t<\/script>\n\t\t<!-- All in One SEO Pro -->\r\n\t\t<title>Xiaomi Black Shark 2 - Rucas - Wholesale and Distribution<\/title>\n\n","aioseo_head_json":{"title":"Xiaomi Black Shark 2 - Rucas - Wholesale and Distribution","description":"1.The Xiaomi Black Shark 2 has arrived with a 6.39-inch pressure sensitive Super AMOLED screen. 2.The gaming phone is powered by the latest Snapdragon 855 chipset and comes with up to 12GB RAM. 3.A huge Liquid Cool 3.0 vapor chamber cooling system keeps the high-end processor at a low temperature.","canonical_url":"https:\/\/www.rucashk.com\/pt\/produto\/xiaomi-black-shark-2\/","robots":"max-image-preview:large","keywords":"","webmasterTools":{"miscellaneous":""},"og:locale":"pt_PT","og:site_name":"Rucas - One-stop AIoT Distribution Worldwide","og:type":"article","og:title":"Xiaomi Black Shark 2 - Rucas - Wholesale and Distribution","og:description":"1.The Xiaomi Black Shark 2 has arrived with a 6.39-inch pressure sensitive Super AMOLED screen. 2.The gaming phone is powered by the latest Snapdragon 855 chipset and comes with up to 12GB RAM. 3.A huge Liquid Cool 3.0 vapor chamber cooling system keeps the high-end processor at a low temperature.","og:url":"https:\/\/www.rucashk.com\/pt\/produto\/xiaomi-black-shark-2\/","og:image":"https:\/\/www.rucashk.com\/wp-content\/uploads\/replace\/503b8e645f128a97ccde2b6290747646.jpeg","og:image:secure_url":"https:\/\/www.rucashk.com\/wp-content\/uploads\/replace\/503b8e645f128a97ccde2b6290747646.jpeg","og:image:width":1456,"og:image:height":816,"article:published_time":"2024-01-09T15:43:58+00:00","article:modified_time":"2024-03-11T08:05:07+00:00","twitter:card":"summary_large_image","twitter:title":"Xiaomi Black Shark 2 - Rucas - Wholesale and Distribution","twitter:description":"1.The Xiaomi Black Shark 2 has arrived with a 6.39-inch pressure sensitive Super AMOLED screen. 2.The gaming phone is powered by the latest Snapdragon 855 chipset and comes with up to 12GB RAM. 3.A huge Liquid Cool 3.0 vapor chamber cooling system keeps the high-end processor at a low temperature.","twitter:image":"https:\/\/www.rucashk.com\/wp-content\/uploads\/replace\/503b8e645f128a97ccde2b6290747646.jpeg","schema":{"@context":"https:\/\/schema.org","@graph":[{"@type":"BreadcrumbList","@id":"https:\/\/www.rucashk.com\/pt\/produto\/xiaomi-black-shark-2\/#breadcrumblist","itemListElement":[{"@type":"ListItem","@id":"https:\/\/www.rucashk.com\/pt\/#listItem","position":1,"name":"Home","item":"https:\/\/www.rucashk.com\/pt\/","nextItem":"https:\/\/www.rucashk.com\/pt\/produto\/xiaomi-black-shark-2\/#listItem"},{"@type":"ListItem","@id":"https:\/\/www.rucashk.com\/pt\/produto\/xiaomi-black-shark-2\/#listItem","position":2,"name":"Xiaomi\u00a0Black Shark 2","previousItem":"https:\/\/www.rucashk.com\/pt\/#listItem"}]},{"@type":"Organization","@id":"https:\/\/www.rucashk.com\/pt\/#organization","name":"Rucas","url":"https:\/\/www.rucashk.com\/pt\/","logo":{"@type":"ImageObject","url":"https:\/\/www.rucashk.com\/wp-content\/uploads\/2023\/12\/Rucas_campany_logo.png","@id":"https:\/\/www.rucashk.com\/pt\/produto\/xiaomi-black-shark-2\/#organizationLogo","width":221,"height":65},"image":{"@id":"https:\/\/www.rucashk.com\/pt\/#organizationLogo"}},{"@type":"Person","@id":"https:\/\/www.rucashk.com\/pt\/author\/admin\/#author","url":"https:\/\/www.rucashk.com\/pt\/author\/admin\/","name":"admin","image":{"@type":"ImageObject","@id":"https:\/\/www.rucashk.com\/pt\/produto\/xiaomi-black-shark-2\/#authorImage","url":"https:\/\/secure.gravatar.com\/avatar\/b7c8925b09a27e72b30232f8ecaadbd5af0f70a38c78096863fe51b64f031c24?s=96&d=mm&r=g","width":96,"height":96,"caption":"admin"}},{"@type":"WebPage","@id":"https:\/\/www.rucashk.com\/pt\/produto\/xiaomi-black-shark-2\/#webpage","url":"https:\/\/www.rucashk.com\/pt\/produto\/xiaomi-black-shark-2\/","name":"Xiaomi Black Shark 2 - Rucas - Wholesale and Distribution","description":"1.The Xiaomi Black Shark 2 has arrived with a 6.39-inch pressure sensitive Super AMOLED screen. 2.The gaming phone is powered by the latest Snapdragon 855 chipset and comes with up to 12GB RAM. 3.A huge Liquid Cool 3.0 vapor chamber cooling system keeps the high-end processor at a low temperature.","inLanguage":"pt-PT","isPartOf":{"@id":"https:\/\/www.rucashk.com\/pt\/#website"},"breadcrumb":{"@id":"https:\/\/www.rucashk.com\/pt\/produto\/xiaomi-black-shark-2\/#breadcrumblist"},"author":{"@id":"https:\/\/www.rucashk.com\/pt\/author\/admin\/#author"},"creator":{"@id":"https:\/\/www.rucashk.com\/pt\/author\/admin\/#author"},"image":{"@type":"ImageObject","url":"https:\/\/www.rucashk.com\/wp-content\/uploads\/2024\/01\/xiaomi-black-shark-2_\u526f\u672c_\u526f\u672c.jpg","@id":"https:\/\/www.rucashk.com\/pt\/produto\/xiaomi-black-shark-2\/#mainImage","width":858,"height":652},"primaryImageOfPage":{"@id":"https:\/\/www.rucashk.com\/pt\/produto\/xiaomi-black-shark-2\/#mainImage"},"datePublished":"2024-01-09T15:43:58+00:00","dateModified":"2024-03-11T08:05:07+00:00"},{"@type":"WebSite","@id":"https:\/\/www.rucashk.com\/pt\/#website","url":"https:\/\/www.rucashk.com\/pt\/","name":"Rucas - Wholesale and distribution worldwide","alternateName":"Rucas - One-stop AIoT Distribution Worldwide","description":"One-stop AIoT Distribution Worldwide","inLanguage":"pt-PT","publisher":{"@id":"https:\/\/www.rucashk.com\/pt\/#organization"}}]}},"aioseo_meta_data":{"post_id":"22423","title":null,"description":null,"keywords":null,"keyphrases":null,"primary_term":null,"canonical_url":null,"og_title":null,"og_description":null,"og_object_type":"default","og_image_type":"default","og_image_url":null,"og_image_width":null,"og_image_height":null,"og_image_custom_url":null,"og_image_custom_fields":null,"og_video":null,"og_custom_url":null,"og_article_section":null,"og_article_tags":null,"twitter_use_og":false,"twitter_card":"default","twitter_image_type":"default","twitter_image_url":null,"twitter_image_custom_url":null,"twitter_image_custom_fields":null,"twitter_title":null,"twitter_description":null,"schema":{"blockGraphs":[],"customGraphs":[],"default":{"data":{"Article":[],"Course":[],"Dataset":[],"FAQPage":[],"Movie":[],"Person":[],"Product":[],"Recipe":[],"Service":[],"SoftwareApplication":[],"WebPage":[]},"graphName":"","isEnabled":true},"graphs":[]},"schema_type":"default","schema_type_options":null,"pillar_content":false,"robots_default":true,"robots_noindex":false,"robots_noarchive":false,"robots_nosnippet":false,"robots_nofollow":false,"robots_noimageindex":false,"robots_noodp":false,"robots_notranslate":false,"robots_max_snippet":null,"robots_max_videopreview":null,"robots_max_imagepreview":"large","priority":null,"frequency":null,"local_seo":null,"breadcrumb_settings":null,"limit_modified_date":false,"created":"2024-04-11 01:55:23","updated":"2025-06-22 16:42:56"},"aioseo_breadcrumb":"<div class=\"aioseo-breadcrumbs\"><span class=\"aioseo-breadcrumb\">\n\t<a href=\"https:\/\/www.rucashk.com\/pt\" title=\"Home\">Home<\/a>\n<\/span><span class=\"aioseo-breadcrumb-separator\">&raquo;<\/span><span class=\"aioseo-breadcrumb\">\n\t<a href=\"https:\/\/www.rucashk.com\/pt\/products\/\" title=\"Produtos\">Produtos<\/a>\n<\/span><span class=\"aioseo-breadcrumb-separator\">&raquo;<\/span><span class=\"aioseo-breadcrumb\">\n\t<a href=\"https:\/\/www.rucashk.com\/pt\/categoria-produto\/mobile-phone\/\" title=\"Mobile Phone\">Mobile Phone<\/a>\n<\/span><span class=\"aioseo-breadcrumb-separator\">&raquo;<\/span><span class=\"aioseo-breadcrumb\">\n\t<a href=\"https:\/\/www.rucashk.com\/pt\/categoria-produto\/mobile-phone\/black-shark-mobile-phone\/\" title=\"Black Shark\">Black Shark<\/a>\n<\/span><span class=\"aioseo-breadcrumb-separator\">&raquo;<\/span><span class=\"aioseo-breadcrumb\">\n\tXiaomi\u00a0Black Shark 2\n<\/span><\/div>","aioseo_breadcrumb_json":[{"label":"Home","link":"https:\/\/www.rucashk.com\/pt"},{"label":"Produtos","link":"https:\/\/www.rucashk.com\/pt\/products\/"},{"label":"Mobile Phone","link":"https:\/\/www.rucashk.com\/pt\/categoria-produto\/mobile-phone\/"},{"label":"Black Shark","link":"https:\/\/www.rucashk.com\/pt\/categoria-produto\/mobile-phone\/black-shark-mobile-phone\/"},{"label":"Xiaomi\u00a0Black Shark 2","link":"https:\/\/www.rucashk.com\/pt\/produto\/xiaomi-black-shark-2\/"}],"_links":{"self":[{"href":"https:\/\/www.rucashk.com\/pt\/wp-json\/wp\/v2\/product\/22423","targetHints":{"allow":["GET"]}}],"collection":[{"href":"https:\/\/www.rucashk.com\/pt\/wp-json\/wp\/v2\/product"}],"about":[{"href":"https:\/\/www.rucashk.com\/pt\/wp-json\/wp\/v2\/types\/product"}],"wp:featuredmedia":[{"embeddable":true,"href":"https:\/\/www.rucashk.com\/pt\/wp-json\/wp\/v2\/media\/22541"}],"wp:attachment":[{"href":"https:\/\/www.rucashk.com\/pt\/wp-json\/wp\/v2\/media?parent=22423"}],"wp:term":[{"taxonomy":"product_brand","embeddable":true,"href":"https:\/\/www.rucashk.com\/pt\/wp-json\/wp\/v2\/product_brand?post=22423"},{"taxonomy":"product_cat","embeddable":true,"href":"https:\/\/www.rucashk.com\/pt\/wp-json\/wp\/v2\/product_cat?post=22423"},{"taxonomy":"product_tag","embeddable":true,"href":"https:\/\/www.rucashk.com\/pt\/wp-json\/wp\/v2\/product_tag?post=22423"}],"curies":[{"name":"wp","href":"https:\/\/api.w.org\/{rel}","templated":true}]}}