{"id":22389,"date":"2024-01-09T15:43:35","date_gmt":"2024-01-09T15:43:35","guid":{"rendered":"http:\/\/rucashk.com\/?post_type=product&#038;p=22389"},"modified":"2024-03-13T11:50:14","modified_gmt":"2024-03-13T11:50:14","slug":"xiaomi-car-air-cleaner-bluetooth-4-1-air-purifier-freshener","status":"publish","type":"product","link":"https:\/\/www.rucashk.com\/pt\/produto\/xiaomi-car-air-cleaner-bluetooth-4-1-air-purifier-freshener\/","title":{"rendered":"Xiaomi Car Air Cleaner Bluetooth 4.1 Ambientador Purificador de Ar"},"content":{"rendered":"<p>&nbsp;<\/p>\n<p><img decoding=\"async\" class=\"product_lazy aligncenter\" src=\"\/wp-content\/uploads\/replace\/fcb187d816dc373edf19ead2ec94ff0e.jpeg\" alt=\"Original Xiaomi Car Air Cleaner Bluetooth 4.1 Air Purifier Freshener Smart Phone Remote Control - Black\" data-original=\"\/\/img.gkbcdn.com\/s3\/d\/201701\/f6a1d2c9-99d5-4314-b194-3346a99806e7.jpg\" \/><img decoding=\"async\" class=\"product_lazy\" src=\"\/wp-content\/uploads\/replace\/2ab31a8a33febe064fb1e6f950eac2b8.jpeg\" alt=\"Original Xiaomi Car Air Cleaner Bluetooth 4.1 Air Purifier Freshener Smart Phone Remote Control - Black\" data-original=\"\/\/img.gkbcdn.com\/s3\/d\/201701\/eff0c235-479a-4c5f-bcd7-257b35c99608.jpg\" \/><img decoding=\"async\" class=\"product_lazy aligncenter\" src=\"\/wp-content\/uploads\/replace\/9feb88808ec90dea87a3f58e3c9f7ef4.jpeg\" alt=\"Original Xiaomi Car Air Cleaner Bluetooth 4.1 Air Purifier Freshener Smart Phone Remote Control - Black\" data-original=\"\/\/img.gkbcdn.com\/s3\/d\/201701\/194c4602-2ed4-4de7-bb1f-1274bcd4a187.jpg\" \/><img decoding=\"async\" class=\"product_lazy aligncenter\" src=\"\/wp-content\/uploads\/replace\/55a231803769f825874710109bc7dc17.jpeg\" alt=\"Original Xiaomi Car Air Cleaner Bluetooth 4.1 Air Purifier Freshener Smart Phone Remote Control - Black\" data-original=\"\/\/img.gkbcdn.com\/s3\/d\/201701\/ec6d8e2d-9881-4dad-8d90-b85ce46a284a.jpg\" \/><img decoding=\"async\" class=\"product_lazy aligncenter\" src=\"\/wp-content\/uploads\/replace\/3214e4551194340b23a88fc55b2e90fc.jpeg\" alt=\"Original Xiaomi Car Air Cleaner Bluetooth 4.1 Air Purifier Freshener Smart Phone Remote Control - Black\" data-original=\"\/\/img.gkbcdn.com\/s3\/d\/201701\/5c709e60-9498-45c9-8c9a-edd4ec40cafe.jpg\" \/><img decoding=\"async\" class=\"product_lazy\" src=\"\/wp-content\/uploads\/replace\/4cb4a8c6656d887e767bc7210f72e2e2.jpeg\" alt=\"Original Xiaomi Car Air Cleaner Bluetooth 4.1 Air Purifier Freshener Smart Phone Remote Control - Black\" data-original=\"\/\/img.gkbcdn.com\/s3\/d\/201701\/7f5389e9-8ba3-41ee-87b0-58b1a8d96bb2.jpg\" \/><img decoding=\"async\" class=\"product_lazy aligncenter\" src=\"\/wp-content\/uploads\/replace\/3a4aad9c9c7d20c53d8db1b37bc6f719.jpeg\" alt=\"Original Xiaomi Car Air Cleaner Bluetooth 4.1 Air Purifier Freshener Smart Phone Remote Control - Black\" data-original=\"\/\/img.gkbcdn.com\/s3\/d\/201701\/8a591d8c-401e-44de-8253-4886827a608c.jpg\" \/><img decoding=\"async\" class=\"product_lazy\" src=\"\/wp-content\/uploads\/replace\/e641baea868f47fd88205a6c0aff4bb6.jpeg\" alt=\"Original Xiaomi Car Air Cleaner Bluetooth 4.1 Air Purifier Freshener Smart Phone Remote Control - Black\" data-original=\"\/\/img.gkbcdn.com\/s3\/d\/201701\/035f7c10-1878-40df-bd6a-b7a91dc8f1a7.jpg\" \/><img decoding=\"async\" class=\"product_lazy aligncenter\" src=\"\/wp-content\/uploads\/replace\/6982bea0e296e34c81c13d9050869ee8.jpeg\" alt=\"Original Xiaomi Car Air Cleaner Bluetooth 4.1 Air Purifier Freshener Smart Phone Remote Control - Black\" data-original=\"\/\/img.gkbcdn.com\/s3\/d\/201701\/0a1ec7dc-45ef-4434-9765-9fdee0734a08.jpg\" \/><img decoding=\"async\" class=\"product_lazy\" src=\"\/wp-content\/uploads\/replace\/4ab60e88616437b0a87455828f8f7b3a.jpeg\" alt=\"Original Xiaomi Car Air Cleaner Bluetooth 4.1 Air Purifier Freshener Smart Phone Remote Control - Black\" data-original=\"\/\/img.gkbcdn.com\/s3\/d\/201701\/dd4594ba-8a8f-4c4e-ade7-6598b3b6343a.jpg\" \/><\/p>\n<h2>Especifica\u00e7\u00e3o<\/h2>\n<table class=\"jbEidtTable\" border=\"1\" cellspacing=\"0\" cellpadding=\"5\">\n<tbody>\n<tr>\n<td>Detalhes do produto<\/td>\n<td>Marca: <a href=\"https:\/\/www.rucashk.com\/pt\/produto\/xiaomi-mijia-electric-scooter-pro-smart-foldable-wholesale\/\" class=\"\" style=\"width: auto !important\" data-wpil-post-to-id=\"3185\">Xiaomi MiJia<\/a><br \/>\nTipo: <a href=\"https:\/\/www.rucashk.com\/pt\/produto\/xiaomi-70mai-air-compressor-car-tyre-inflator\/\" class=\"\" style=\"width: auto !important\" data-wpil-post-to-id=\"2539\">Ar do carro<\/a> Purificador<br \/>\nBluetooth: Suporte V4.1 para <a href=\"https:\/\/www.rucashk.com\/pt\/update-your-air-conditioning-xiaomi-releases-a-smart-ai-universal-remote-control\/\" class=\"\" style=\"width: auto !important\" data-wpil-post-to-id=\"9669\">conex\u00f5es de smartphones, controle remoto<\/a><br \/>\nSensor de part\u00edculas: Amfenol<br \/>\nPot\u00eancia nominal: 6,5w<br \/>\nTens\u00e3o nominal: 12V CC<br \/>\nRu\u00eddo: 42dB(A)<br \/>\nComprimento do cabo: 4,5 m<\/td>\n<\/tr>\n<tr>\n<td>Dimens\u00e3o e Peso<\/td>\n<td>Peso do produto: 1.250 kg<br \/>\nPeso da embalagem: 1.600 kg<br \/>\nTamanho do produto (C x L x A): 38,00 x 11,20 x 11,20 cm \/ 14,96 x 4,41 x 4,41 polegadas<br \/>\nTamanho do pacote (C x L x A): 47,00 x 16,00 x 16,00 cm \/ 18,5 x 6,3 x 6,3 polegadas<\/td>\n<\/tr>\n<tr>\n<td>conte\u00fado do pacote<\/td>\n<td>1 X <a href=\"https:\/\/www.rucashk.com\/pt\/produto\/mi-air-purifier-3h\/\" class=\"\" style=\"width: auto !important\" data-wpil-post-to-id=\"4306\">Purificador de ar Xiaomi MiJia<\/a><br \/>\n1 X elemento de filtro<br \/>\n1 X Quadro<br \/>\n1 x cabo de alimenta\u00e7\u00e3o<br \/>\n1 x almofadas de couro<\/td>\n<\/tr>\n<\/tbody>\n<\/table>","protected":false},"excerpt":{"rendered":"<h2>Destaques<\/h2>\n<p>Adotando ventiladores duplos, a reciclagem do fluxo de ar acelera o processo de limpeza do ar<\/p>\n<p>Pode limpar o ar de um carro em cerca de 3 a 7 minutos<\/p>\n<p>Modo mudo: 60 metros quadrados por hora<\/p>\n<p>Maneira de instala\u00e7\u00e3o exclusiva: prenda no encosto de cabe\u00e7a da cadeira do carro<\/p>\n<p>Controle inteligente de APP: exibe a qualidade do ar interior, lembrete inteligente de substitui\u00e7\u00e3o do filtro, filtre uma chave para comprar<\/p>\n<p>APP MiJia, compat\u00edvel com Android e iOS<\/p>","protected":false},"featured_media":22534,"template":"","meta":[],"product_brand":[],"product_cat":[1291,1288],"product_tag":[],"class_list":{"0":"post-22389","1":"product","2":"type-product","3":"status-publish","4":"has-post-thumbnail","6":"product_cat-car-purifier","7":"product_cat-e-vehicle-accessories","9":"first","10":"instock","11":"shipping-taxable","12":"product-type-simple"},"aioseo_notices":[],"aioseo_head":"\n\t\t<!-- All in One SEO Pro 4.5.9.2 - aioseo.com -->\n\t\t<meta name=\"description\" content=\"Highlights Adopting double fans, recycling airflow accelerate air cleaning process Can clean air of a car about 3 - 7 minutes Mute mode: 60 square meters per hour Unique installation way: bind on the headrest of the car chair APP intelligent control: Display the interior air quality, Intelligent remind filter replacement, Filter a key to buy MiJia APP, support Android and iOS\" \/>\n\t\t<meta name=\"robots\" content=\"max-image-preview:large\" \/>\n\t\t<link rel=\"canonical\" href=\"https:\/\/www.rucashk.com\/pt\/produto\/xiaomi-car-air-cleaner-bluetooth-4-1-air-purifier-freshener\/\" \/>\n\t\t<meta name=\"generator\" content=\"All in One SEO Pro (AIOSEO) 4.5.9.2\" \/>\n\t\t<meta property=\"og:locale\" content=\"pt_PT\" \/>\n\t\t<meta property=\"og:site_name\" content=\"Rucas - One-stop AIoT Distribution Worldwide\" \/>\n\t\t<meta property=\"og:type\" content=\"article\" \/>\n\t\t<meta property=\"og:title\" content=\"Xiaomi Car Air Cleaner Bluetooth 4.1 Air Purifier Freshener - Rucas - Wholesale and Distribution\" \/>\n\t\t<meta property=\"og:description\" content=\"Highlights Adopting double fans, recycling airflow accelerate air cleaning process Can clean air of a car about 3 - 7 minutes Mute mode: 60 square meters per hour Unique installation way: bind on the headrest of the car chair APP intelligent control: Display the interior air quality, Intelligent remind filter replacement, Filter a key to buy MiJia APP, support Android and iOS\" \/>\n\t\t<meta property=\"og:url\" content=\"https:\/\/www.rucashk.com\/pt\/produto\/xiaomi-car-air-cleaner-bluetooth-4-1-air-purifier-freshener\/\" \/>\n\t\t<meta property=\"og:image\" content=\"https:\/\/www.rucashk.com\/wp-content\/uploads\/replace\/503b8e645f128a97ccde2b6290747646.jpeg\" \/>\n\t\t<meta property=\"og:image:secure_url\" content=\"https:\/\/www.rucashk.com\/wp-content\/uploads\/replace\/503b8e645f128a97ccde2b6290747646.jpeg\" \/>\n\t\t<meta property=\"og:image:width\" content=\"1456\" \/>\n\t\t<meta property=\"og:image:height\" content=\"816\" \/>\n\t\t<meta property=\"article:published_time\" content=\"2024-01-09T15:43:35+00:00\" \/>\n\t\t<meta property=\"article:modified_time\" content=\"2024-03-13T11:50:14+00:00\" \/>\n\t\t<meta name=\"twitter:card\" content=\"summary_large_image\" \/>\n\t\t<meta name=\"twitter:title\" content=\"Xiaomi Car Air Cleaner Bluetooth 4.1 Air Purifier Freshener - Rucas - Wholesale and Distribution\" \/>\n\t\t<meta name=\"twitter:description\" content=\"Highlights Adopting double fans, recycling airflow accelerate air cleaning process Can clean air of a car about 3 - 7 minutes Mute mode: 60 square meters per hour Unique installation way: bind on the headrest of the car chair APP intelligent control: Display the interior air quality, Intelligent remind filter replacement, Filter a key to buy MiJia APP, support Android and iOS\" \/>\n\t\t<meta name=\"twitter:image\" content=\"https:\/\/www.rucashk.com\/wp-content\/uploads\/replace\/503b8e645f128a97ccde2b6290747646.jpeg\" \/>\n\t\t<script type=\"application\/ld+json\" class=\"aioseo-schema\">\n\t\t\t{\"@context\":\"https:\\\/\\\/schema.org\",\"@graph\":[{\"@type\":\"BreadcrumbList\",\"@id\":\"https:\\\/\\\/www.rucashk.com\\\/pt\\\/produto\\\/xiaomi-car-air-cleaner-bluetooth-4-1-air-purifier-freshener\\\/#breadcrumblist\",\"itemListElement\":[{\"@type\":\"ListItem\",\"@id\":\"https:\\\/\\\/www.rucashk.com\\\/pt\\\/#listItem\",\"position\":1,\"name\":\"Home\",\"item\":\"https:\\\/\\\/www.rucashk.com\\\/pt\\\/\",\"nextItem\":\"https:\\\/\\\/www.rucashk.com\\\/pt\\\/produto\\\/xiaomi-car-air-cleaner-bluetooth-4-1-air-purifier-freshener\\\/#listItem\"},{\"@type\":\"ListItem\",\"@id\":\"https:\\\/\\\/www.rucashk.com\\\/pt\\\/produto\\\/xiaomi-car-air-cleaner-bluetooth-4-1-air-purifier-freshener\\\/#listItem\",\"position\":2,\"name\":\"Xiaomi Car Air Cleaner Bluetooth 4.1 Air Purifier Freshener\",\"previousItem\":\"https:\\\/\\\/www.rucashk.com\\\/pt\\\/#listItem\"}]},{\"@type\":\"Organization\",\"@id\":\"https:\\\/\\\/www.rucashk.com\\\/pt\\\/#organization\",\"name\":\"Rucas\",\"url\":\"https:\\\/\\\/www.rucashk.com\\\/pt\\\/\",\"logo\":{\"@type\":\"ImageObject\",\"url\":\"https:\\\/\\\/www.rucashk.com\\\/wp-content\\\/uploads\\\/2023\\\/12\\\/Rucas_campany_logo.png\",\"@id\":\"https:\\\/\\\/www.rucashk.com\\\/pt\\\/produto\\\/xiaomi-car-air-cleaner-bluetooth-4-1-air-purifier-freshener\\\/#organizationLogo\",\"width\":221,\"height\":65},\"image\":{\"@id\":\"https:\\\/\\\/www.rucashk.com\\\/pt\\\/#organizationLogo\"}},{\"@type\":\"Person\",\"@id\":\"https:\\\/\\\/www.rucashk.com\\\/pt\\\/author\\\/admin\\\/#author\",\"url\":\"https:\\\/\\\/www.rucashk.com\\\/pt\\\/author\\\/admin\\\/\",\"name\":\"admin\",\"image\":{\"@type\":\"ImageObject\",\"@id\":\"https:\\\/\\\/www.rucashk.com\\\/pt\\\/produto\\\/xiaomi-car-air-cleaner-bluetooth-4-1-air-purifier-freshener\\\/#authorImage\",\"url\":\"https:\\\/\\\/secure.gravatar.com\\\/avatar\\\/b7c8925b09a27e72b30232f8ecaadbd5af0f70a38c78096863fe51b64f031c24?s=96&d=mm&r=g\",\"width\":96,\"height\":96,\"caption\":\"admin\"}},{\"@type\":\"WebPage\",\"@id\":\"https:\\\/\\\/www.rucashk.com\\\/pt\\\/produto\\\/xiaomi-car-air-cleaner-bluetooth-4-1-air-purifier-freshener\\\/#webpage\",\"url\":\"https:\\\/\\\/www.rucashk.com\\\/pt\\\/produto\\\/xiaomi-car-air-cleaner-bluetooth-4-1-air-purifier-freshener\\\/\",\"name\":\"Xiaomi Car Air Cleaner Bluetooth 4.1 Air Purifier Freshener - Rucas - Wholesale and Distribution\",\"description\":\"Highlights Adopting double fans, recycling airflow accelerate air cleaning process Can clean air of a car about 3 - 7 minutes Mute mode: 60 square meters per hour Unique installation way: bind on the headrest of the car chair APP intelligent control: Display the interior air quality, Intelligent remind filter replacement, Filter a key to buy MiJia APP, support Android and iOS\",\"inLanguage\":\"pt-PT\",\"isPartOf\":{\"@id\":\"https:\\\/\\\/www.rucashk.com\\\/pt\\\/#website\"},\"breadcrumb\":{\"@id\":\"https:\\\/\\\/www.rucashk.com\\\/pt\\\/produto\\\/xiaomi-car-air-cleaner-bluetooth-4-1-air-purifier-freshener\\\/#breadcrumblist\"},\"author\":{\"@id\":\"https:\\\/\\\/www.rucashk.com\\\/pt\\\/author\\\/admin\\\/#author\"},\"creator\":{\"@id\":\"https:\\\/\\\/www.rucashk.com\\\/pt\\\/author\\\/admin\\\/#author\"},\"image\":{\"@type\":\"ImageObject\",\"url\":\"https:\\\/\\\/www.rucashk.com\\\/wp-content\\\/uploads\\\/2024\\\/01\\\/4.Xiaomi-Car-Air-Cleaner-Bluetooth-4.1-Air-Purifier-Freshener.jpg\",\"@id\":\"https:\\\/\\\/www.rucashk.com\\\/pt\\\/produto\\\/xiaomi-car-air-cleaner-bluetooth-4-1-air-purifier-freshener\\\/#mainImage\",\"width\":524,\"height\":473},\"primaryImageOfPage\":{\"@id\":\"https:\\\/\\\/www.rucashk.com\\\/pt\\\/produto\\\/xiaomi-car-air-cleaner-bluetooth-4-1-air-purifier-freshener\\\/#mainImage\"},\"datePublished\":\"2024-01-09T15:43:35+00:00\",\"dateModified\":\"2024-03-13T11:50:14+00:00\"},{\"@type\":\"WebSite\",\"@id\":\"https:\\\/\\\/www.rucashk.com\\\/pt\\\/#website\",\"url\":\"https:\\\/\\\/www.rucashk.com\\\/pt\\\/\",\"name\":\"Rucas - Wholesale and distribution worldwide\",\"alternateName\":\"Rucas - One-stop AIoT Distribution Worldwide\",\"description\":\"One-stop AIoT Distribution Worldwide\",\"inLanguage\":\"pt-PT\",\"publisher\":{\"@id\":\"https:\\\/\\\/www.rucashk.com\\\/pt\\\/#organization\"}}]}\n\t\t<\/script>\n\t\t<!-- All in One SEO Pro -->\r\n\t\t<title>Xiaomi Car Air Cleaner Bluetooth 4.1 Air Purifier Freshener - Rucas - Wholesale and Distribution<\/title>\n\n","aioseo_head_json":{"title":"Xiaomi Car Air Cleaner Bluetooth 4.1 Air Purifier Freshener - Rucas - Wholesale and Distribution","description":"Highlights Adopting double fans, recycling airflow accelerate air cleaning process Can clean air of a car about 3 - 7 minutes Mute mode: 60 square meters per hour Unique installation way: bind on the headrest of the car chair APP intelligent control: Display the interior air quality, Intelligent remind filter replacement, Filter a key to buy MiJia APP, support Android and iOS","canonical_url":"https:\/\/www.rucashk.com\/pt\/produto\/xiaomi-car-air-cleaner-bluetooth-4-1-air-purifier-freshener\/","robots":"max-image-preview:large","keywords":"","webmasterTools":{"miscellaneous":""},"og:locale":"pt_PT","og:site_name":"Rucas - One-stop AIoT Distribution Worldwide","og:type":"article","og:title":"Xiaomi Car Air Cleaner Bluetooth 4.1 Air Purifier Freshener - Rucas - Wholesale and Distribution","og:description":"Highlights Adopting double fans, recycling airflow accelerate air cleaning process Can clean air of a car about 3 - 7 minutes Mute mode: 60 square meters per hour Unique installation way: bind on the headrest of the car chair APP intelligent control: Display the interior air quality, Intelligent remind filter replacement, Filter a key to buy MiJia APP, support Android and iOS","og:url":"https:\/\/www.rucashk.com\/pt\/produto\/xiaomi-car-air-cleaner-bluetooth-4-1-air-purifier-freshener\/","og:image":"https:\/\/www.rucashk.com\/wp-content\/uploads\/replace\/503b8e645f128a97ccde2b6290747646.jpeg","og:image:secure_url":"https:\/\/www.rucashk.com\/wp-content\/uploads\/replace\/503b8e645f128a97ccde2b6290747646.jpeg","og:image:width":1456,"og:image:height":816,"article:published_time":"2024-01-09T15:43:35+00:00","article:modified_time":"2024-03-13T11:50:14+00:00","twitter:card":"summary_large_image","twitter:title":"Xiaomi Car Air Cleaner Bluetooth 4.1 Air Purifier Freshener - Rucas - Wholesale and Distribution","twitter:description":"Highlights Adopting double fans, recycling airflow accelerate air cleaning process Can clean air of a car about 3 - 7 minutes Mute mode: 60 square meters per hour Unique installation way: bind on the headrest of the car chair APP intelligent control: Display the interior air quality, Intelligent remind filter replacement, Filter a key to buy MiJia APP, support Android and iOS","twitter:image":"https:\/\/www.rucashk.com\/wp-content\/uploads\/replace\/503b8e645f128a97ccde2b6290747646.jpeg","schema":{"@context":"https:\/\/schema.org","@graph":[{"@type":"BreadcrumbList","@id":"https:\/\/www.rucashk.com\/pt\/produto\/xiaomi-car-air-cleaner-bluetooth-4-1-air-purifier-freshener\/#breadcrumblist","itemListElement":[{"@type":"ListItem","@id":"https:\/\/www.rucashk.com\/pt\/#listItem","position":1,"name":"Home","item":"https:\/\/www.rucashk.com\/pt\/","nextItem":"https:\/\/www.rucashk.com\/pt\/produto\/xiaomi-car-air-cleaner-bluetooth-4-1-air-purifier-freshener\/#listItem"},{"@type":"ListItem","@id":"https:\/\/www.rucashk.com\/pt\/produto\/xiaomi-car-air-cleaner-bluetooth-4-1-air-purifier-freshener\/#listItem","position":2,"name":"Xiaomi Car Air Cleaner Bluetooth 4.1 Air Purifier Freshener","previousItem":"https:\/\/www.rucashk.com\/pt\/#listItem"}]},{"@type":"Organization","@id":"https:\/\/www.rucashk.com\/pt\/#organization","name":"Rucas","url":"https:\/\/www.rucashk.com\/pt\/","logo":{"@type":"ImageObject","url":"https:\/\/www.rucashk.com\/wp-content\/uploads\/2023\/12\/Rucas_campany_logo.png","@id":"https:\/\/www.rucashk.com\/pt\/produto\/xiaomi-car-air-cleaner-bluetooth-4-1-air-purifier-freshener\/#organizationLogo","width":221,"height":65},"image":{"@id":"https:\/\/www.rucashk.com\/pt\/#organizationLogo"}},{"@type":"Person","@id":"https:\/\/www.rucashk.com\/pt\/author\/admin\/#author","url":"https:\/\/www.rucashk.com\/pt\/author\/admin\/","name":"admin","image":{"@type":"ImageObject","@id":"https:\/\/www.rucashk.com\/pt\/produto\/xiaomi-car-air-cleaner-bluetooth-4-1-air-purifier-freshener\/#authorImage","url":"https:\/\/secure.gravatar.com\/avatar\/b7c8925b09a27e72b30232f8ecaadbd5af0f70a38c78096863fe51b64f031c24?s=96&d=mm&r=g","width":96,"height":96,"caption":"admin"}},{"@type":"WebPage","@id":"https:\/\/www.rucashk.com\/pt\/produto\/xiaomi-car-air-cleaner-bluetooth-4-1-air-purifier-freshener\/#webpage","url":"https:\/\/www.rucashk.com\/pt\/produto\/xiaomi-car-air-cleaner-bluetooth-4-1-air-purifier-freshener\/","name":"Xiaomi Car Air Cleaner Bluetooth 4.1 Air Purifier Freshener - Rucas - Wholesale and Distribution","description":"Highlights Adopting double fans, recycling airflow accelerate air cleaning process Can clean air of a car about 3 - 7 minutes Mute mode: 60 square meters per hour Unique installation way: bind on the headrest of the car chair APP intelligent control: Display the interior air quality, Intelligent remind filter replacement, Filter a key to buy MiJia APP, support Android and iOS","inLanguage":"pt-PT","isPartOf":{"@id":"https:\/\/www.rucashk.com\/pt\/#website"},"breadcrumb":{"@id":"https:\/\/www.rucashk.com\/pt\/produto\/xiaomi-car-air-cleaner-bluetooth-4-1-air-purifier-freshener\/#breadcrumblist"},"author":{"@id":"https:\/\/www.rucashk.com\/pt\/author\/admin\/#author"},"creator":{"@id":"https:\/\/www.rucashk.com\/pt\/author\/admin\/#author"},"image":{"@type":"ImageObject","url":"https:\/\/www.rucashk.com\/wp-content\/uploads\/2024\/01\/4.Xiaomi-Car-Air-Cleaner-Bluetooth-4.1-Air-Purifier-Freshener.jpg","@id":"https:\/\/www.rucashk.com\/pt\/produto\/xiaomi-car-air-cleaner-bluetooth-4-1-air-purifier-freshener\/#mainImage","width":524,"height":473},"primaryImageOfPage":{"@id":"https:\/\/www.rucashk.com\/pt\/produto\/xiaomi-car-air-cleaner-bluetooth-4-1-air-purifier-freshener\/#mainImage"},"datePublished":"2024-01-09T15:43:35+00:00","dateModified":"2024-03-13T11:50:14+00:00"},{"@type":"WebSite","@id":"https:\/\/www.rucashk.com\/pt\/#website","url":"https:\/\/www.rucashk.com\/pt\/","name":"Rucas - Wholesale and distribution worldwide","alternateName":"Rucas - One-stop AIoT Distribution Worldwide","description":"One-stop AIoT Distribution Worldwide","inLanguage":"pt-PT","publisher":{"@id":"https:\/\/www.rucashk.com\/pt\/#organization"}}]}},"aioseo_meta_data":{"post_id":"22389","title":null,"description":null,"keywords":null,"keyphrases":null,"primary_term":null,"canonical_url":null,"og_title":null,"og_description":null,"og_object_type":"default","og_image_type":"default","og_image_url":null,"og_image_width":null,"og_image_height":null,"og_image_custom_url":null,"og_image_custom_fields":null,"og_video":null,"og_custom_url":null,"og_article_section":null,"og_article_tags":null,"twitter_use_og":false,"twitter_card":"default","twitter_image_type":"default","twitter_image_url":null,"twitter_image_custom_url":null,"twitter_image_custom_fields":null,"twitter_title":null,"twitter_description":null,"schema":{"blockGraphs":[],"customGraphs":[],"default":{"data":{"Article":[],"Course":[],"Dataset":[],"FAQPage":[],"Movie":[],"Person":[],"Product":[],"Recipe":[],"Service":[],"SoftwareApplication":[],"WebPage":[]},"graphName":"","isEnabled":true},"graphs":[]},"schema_type":"default","schema_type_options":null,"pillar_content":false,"robots_default":true,"robots_noindex":false,"robots_noarchive":false,"robots_nosnippet":false,"robots_nofollow":false,"robots_noimageindex":false,"robots_noodp":false,"robots_notranslate":false,"robots_max_snippet":null,"robots_max_videopreview":null,"robots_max_imagepreview":"large","priority":null,"frequency":null,"local_seo":null,"breadcrumb_settings":null,"limit_modified_date":false,"created":"2024-04-11 01:55:22","updated":"2025-06-22 16:42:04"},"aioseo_breadcrumb":"<div class=\"aioseo-breadcrumbs\"><span class=\"aioseo-breadcrumb\">\n\t<a href=\"https:\/\/www.rucashk.com\/pt\" title=\"Home\">Home<\/a>\n<\/span><span class=\"aioseo-breadcrumb-separator\">&raquo;<\/span><span class=\"aioseo-breadcrumb\">\n\t<a href=\"https:\/\/www.rucashk.com\/pt\/products\/\" title=\"Produtos\">Produtos<\/a>\n<\/span><span class=\"aioseo-breadcrumb-separator\">&raquo;<\/span><span class=\"aioseo-breadcrumb\">\n\t<a href=\"https:\/\/www.rucashk.com\/pt\/categoria-produto\/e-vehicle-accessories\/\" title=\"E-Vehicle Accessories\">E-Vehicle Accessories<\/a>\n<\/span><span class=\"aioseo-breadcrumb-separator\">&raquo;<\/span><span class=\"aioseo-breadcrumb\">\n\t<a href=\"https:\/\/www.rucashk.com\/pt\/categoria-produto\/e-vehicle-accessories\/car-purifier\/\" title=\"Car Purifier\">Car Purifier<\/a>\n<\/span><span class=\"aioseo-breadcrumb-separator\">&raquo;<\/span><span class=\"aioseo-breadcrumb\">\n\tXiaomi Car Air Cleaner Bluetooth 4.1 Air Purifier Freshener\n<\/span><\/div>","aioseo_breadcrumb_json":[{"label":"Home","link":"https:\/\/www.rucashk.com\/pt"},{"label":"Produtos","link":"https:\/\/www.rucashk.com\/pt\/products\/"},{"label":"E-Vehicle Accessories","link":"https:\/\/www.rucashk.com\/pt\/categoria-produto\/e-vehicle-accessories\/"},{"label":"Car Purifier","link":"https:\/\/www.rucashk.com\/pt\/categoria-produto\/e-vehicle-accessories\/car-purifier\/"},{"label":"Xiaomi Car Air Cleaner Bluetooth 4.1 Air Purifier Freshener","link":"https:\/\/www.rucashk.com\/pt\/produto\/xiaomi-car-air-cleaner-bluetooth-4-1-air-purifier-freshener\/"}],"_links":{"self":[{"href":"https:\/\/www.rucashk.com\/pt\/wp-json\/wp\/v2\/product\/22389","targetHints":{"allow":["GET"]}}],"collection":[{"href":"https:\/\/www.rucashk.com\/pt\/wp-json\/wp\/v2\/product"}],"about":[{"href":"https:\/\/www.rucashk.com\/pt\/wp-json\/wp\/v2\/types\/product"}],"wp:featuredmedia":[{"embeddable":true,"href":"https:\/\/www.rucashk.com\/pt\/wp-json\/wp\/v2\/media\/22534"}],"wp:attachment":[{"href":"https:\/\/www.rucashk.com\/pt\/wp-json\/wp\/v2\/media?parent=22389"}],"wp:term":[{"taxonomy":"product_brand","embeddable":true,"href":"https:\/\/www.rucashk.com\/pt\/wp-json\/wp\/v2\/product_brand?post=22389"},{"taxonomy":"product_cat","embeddable":true,"href":"https:\/\/www.rucashk.com\/pt\/wp-json\/wp\/v2\/product_cat?post=22389"},{"taxonomy":"product_tag","embeddable":true,"href":"https:\/\/www.rucashk.com\/pt\/wp-json\/wp\/v2\/product_tag?post=22389"}],"curies":[{"name":"wp","href":"https:\/\/api.w.org\/{rel}","templated":true}]}}